{"id":2465,"date":"2020-11-02T11:42:22","date_gmt":"2020-11-02T11:42:22","guid":{"rendered":"https:\/\/tajkertesz.com\/?post_type=product&#038;p=2465"},"modified":"2022-10-27T08:52:40","modified_gmt":"2022-10-27T08:52:40","slug":"szabadgyokeru-szolo-oltvanyok-ruby-king-seedless-magvatlan-csemege-szolo","status":"publish","type":"product","link":"https:\/\/tajkertesz.com\/en_US\/product\/szabadgyokeru-szolo-oltvanyok-ruby-king-seedless-magvatlan-csemege-szolo\/","title":{"rendered":"Szabadgy\u00f6ker\u0171 sz\u0151l\u0151 oltv\u00e1nyok Ruby King seedless"},"content":{"rendered":"<p>Szabadgy\u00f6ker\u0171 sz\u0151l\u0151 oltv\u00e1nyok Ruby King seedless magvatlan csemege sz\u0151l\u0151<\/p>\n<p>A Szabadgy\u00f6ker\u0171 sz\u0151l\u0151 oltv\u00e1nyok k\u00f6z\u00f6tt a \u00a0Ruby King seedless magvatlan csemege sz\u0151l\u0151 er\u0151s n\u00f6veked\u00e9s\u0171 , b\u0151term\u0151 fajta mely szeptember k\u00f6zep\u00e9n \u00e9rik. F\u00fcrtje nagy \u00e1tlag t\u00f6mege 600-900gr ,\u00a0 mely j\u00f3l sz\u00e1ll\u00edthat\u00f3 \u00e9s t\u00e1rolhat\u00f3, rothad\u00e1sra nem hajlamos. Ellen\u00e1ll\u00f3k\u00e9pess\u00e9ge\u00a0 \u00e1tlagos, talajjal szemben nem ig\u00e9nyes, fagy\u00e9rz\u00e9keny, v\u00e9dett fekv\u00e9sbe telep\u00edts\u00fck. Felhaszn\u00e1l\u00e1sa\u00a0 friss fogyaszt\u00e1sra ,vagy\u00a0 aszalv\u00e1ny k\u00e9sz\u00edt\u00e9s\u00e9re.<\/p>\n<p>&nbsp;<\/p>\n<p><strong>Jelen term\u00e9k\u00fcnk szabadgy\u00f6ker\u0171 kiszerel\u00e9s\u0171 , \u00edgy a n\u00f6v\u00e9nyt nedvesen tart\u00f3 k\u00f6zeggel k\u00fcldj\u00fck , \u00e9s javasoljuk mihamarabbi el\u00fcltet\u00e9s\u00e9t.<\/strong><\/p>\n<p>Az \u00fcltet\u00e9shez haszn\u00e1ljon marhatr\u00e1gy\u00e1t, vagy\u00a0 Agrecol t\u00e1pot.<\/p>\n<p>A telep\u00edt\u00e9shez optim\u00e1lis id\u0151pont is okt\u00f3ber 20. ut\u00e1n kezd\u0151dik, \u00e9s tart eg\u00e9szen addig, am\u00edg a talaj \u00e1t nem fagy, \u00edgy ak\u00e1r -enyhe id\u0151 eset\u00e9n- decemberben is \u00fcltethet.<\/p>\n<p>Teh\u00e1t \u00d6n nem marad le semmir\u0151l, s\u0151t a legjobb id\u0151pontban tudja el\u00fcltetni a nyugalmi \u00e1llapotban l\u00e9v\u0151 gy\u00fcm\u00f6lcsterm\u0151ket, \u00edgy biztos\u00edtva a legjobb ered\u00e9st.<\/p>\n<p style=\"line-height: 18.0pt; background: white; margin: 0cm 0cm 15.0pt 0cm;\"><span style=\"font-family: 'Ubuntu',serif; color: black;\">El\u00e9rhet\u0151 t\u00f6bbf\u00e9le m\u00e9retben \u00e9s \u00e1rban.<\/span><\/p>\n<p style=\"line-height: 18.0pt; background: white; margin: 0cm 0cm 15.0pt 0cm;\"><b><span style=\"font-family: 'Ubuntu',serif; color: black;\">K\u00e9szlet\u00fcnk napi szinten v\u00e1ltozik, ez\u00e9rt k\u00e9rj\u00fck, \u00e9rdekl\u0151dj\u00f6n szem\u00e9lyesen, telefonon vagy email-en.<br \/>\nA v\u00e1ltoztat\u00e1s jog\u00e1t fenntartjuk!\u00a0<\/span><\/b><\/p>\n<p><a href=\"https:\/\/tajkertesz.com\/\">https:\/\/tajkertesz.com\/<\/a><\/p>\n<p><a href=\"https:\/\/hu.wikipedia.org\/wiki\/Sz%C5%91l%C5%91,\">https:\/\/hu.wikipedia.org\/wiki\/Sz%C5%91l%C5%91,<\/a><\/p>\n<h5><span id=\"A_sz\u0151l\u0151n\u00f6v\u00e9ny_r\u00e9szei_(gy\u00f6k\u00e9rzet,_t\u0151ke,_vessz\u0151)\" class=\"mw-headline\" style=\"color: #333333;\">A sz\u0151l\u0151n\u00f6v\u00e9ny r\u00e9szei (gy\u00f6k\u00e9rzet, t\u0151ke, vessz\u0151)<\/span><\/h5>\n<h5><span style=\"color: #333333;\">A sz\u0151l\u0151\u00a0<a style=\"color: #333333;\" title=\"Gy\u00f6k\u00e9r\" href=\"https:\/\/hu.wikipedia.org\/wiki\/Gy%C3%B6k%C3%A9r\">gy\u00f6k\u00e9rzete<\/a>\u00a0m\u00e9lyen hatol a\u00a0<a style=\"color: #333333;\" title=\"Talaj\" href=\"https:\/\/hu.wikipedia.org\/wiki\/Talaj\">talajba<\/a>, ez\u00e9rt a tart\u00f3s sz\u00e1razs\u00e1got is j\u00f3l t\u0171ri. A gy\u00f6k\u00e9rzet nagy r\u00e9sze \u00e1ltal\u00e1ban a forgat\u00e1s m\u00e9lys\u00e9g\u00e9ben helyezkedik el, de egyes gy\u00f6k\u00e9rr\u00e9szek sokkal m\u00e9lyebbre jutnak a talajszerkezet f\u00fcggv\u00e9ny\u00e9ben. Magas talajv\u00edzszint\u0171 (alf\u00f6ldi) sz\u0151l\u0151kben, gyakran csak 1-2 m\u00e9terre l\u00e9v\u0151 talajv\u00edzszintig, k\u00f6t\u00f6tt talajon, vagy m\u00e9lyr\u00e9teg\u0171 homoktalajon \u2013 ha k\u0151pad nem akad\u00e1lyozza \u2013 12-13 m\u00e9terig is lehatol. Oldalir\u00e1ny\u00fa gy\u00f6kerek 6-8 m\u00e9ter t\u00e1vols\u00e1gig is terjedhetnek.<sup id=\"cite_ref-5\" class=\"reference\"><a style=\"color: #333333;\" href=\"https:\/\/hu.wikipedia.org\/wiki\/Sz%C5%91l%C5%91#cite_note-5\">[5]<\/a><\/sup><\/span><\/h5>\n<div class=\"thumbinner\">\n<div class=\"thumbcaption\">\n<div class=\"magnify\"><\/div>\n<p><span style=\"color: #333333;\">Sz\u0151l\u0151levelek<\/span><\/p>\n<\/div>\n<\/div>\n<h5><span style=\"color: #333333;\">A talajb\u00f3l kiemelked\u0151 vaskos, f\u00e1s sz\u00e1rr\u00e9sz a\u00a0<a class=\"new\" style=\"color: #333333;\" title=\"Sz\u0151l\u0151t\u0151ke (a lap nem l\u00e9tezik)\" href=\"https:\/\/hu.wikipedia.org\/w\/index.php?title=Sz%C5%91l%C5%91t%C5%91ke&amp;action=edit&amp;redlink=1\">sz\u0151l\u0151t\u0151ke<\/a>. A t\u0151k\u00e9b\u0151l hajtanak ki a\u00a0<a style=\"color: #333333;\" title=\"Vessz\u0151 (botanika)\" href=\"https:\/\/hu.wikipedia.org\/wiki\/Vessz%C5%91_(botanika)\">vessz\u0151k<\/a>, melyeken\u00a0<a style=\"color: #333333;\" title=\"Lev\u00e9l (botanika)\" href=\"https:\/\/hu.wikipedia.org\/wiki\/Lev%C3%A9l_(botanika)\">lev\u00e9l<\/a>,\u00a0<a style=\"color: #333333;\" title=\"Kacs\" href=\"https:\/\/hu.wikipedia.org\/wiki\/Kacs\">kacs<\/a>,\u00a0<a style=\"color: #333333;\" title=\"Vir\u00e1gzat\" href=\"https:\/\/hu.wikipedia.org\/wiki\/Vir%C3%A1gzat\">vir\u00e1gzat<\/a>, majd\u00a0<a style=\"color: #333333;\" title=\"Term\u00e9s\" href=\"https:\/\/hu.wikipedia.org\/wiki\/Term%C3%A9s\">term\u00e9s<\/a>\u00a0fejl\u0151dik.<\/span><\/h5>\n<h5><span style=\"color: #333333;\">Minden\u00a0<a class=\"new\" style=\"color: #333333;\" title=\"Sz\u0151l\u0151f\u00fcrt (a lap nem l\u00e9tezik)\" href=\"https:\/\/hu.wikipedia.org\/w\/index.php?title=Sz%C5%91l%C5%91f%C3%BCrt&amp;action=edit&amp;redlink=1\">sz\u0151l\u0151f\u00fcrt\u00f6n<\/a>\u00a0t\u00f6bb\u00a0<a class=\"new\" style=\"color: #333333;\" title=\"Sz\u0151l\u0151szem (a lap nem l\u00e9tezik)\" href=\"https:\/\/hu.wikipedia.org\/w\/index.php?title=Sz%C5%91l%C5%91szem&amp;action=edit&amp;redlink=1\">sz\u0151l\u0151szem<\/a>\u00a0tal\u00e1lhat\u00f3. Mindegyik szem egy-egy apr\u00f3, z\u00f6ld sz\u00edn\u0171, illatos\u00a0<a style=\"color: #333333;\" title=\"Vir\u00e1g (botanika)\" href=\"https:\/\/hu.wikipedia.org\/wiki\/Vir%C3%A1g_(botanika)\">vir\u00e1g<\/a>\u00a0term\u0151j\u00e9b\u0151l fejl\u0151dik ki. A sz\u0151l\u0151szem v\u00e9kony, b\u0151rszer\u0171 h\u00e9j\u00e1n bel\u00fcl l\u00e9d\u00fas\u00a0<a class=\"new\" style=\"color: #333333;\" title=\"Gy\u00fcm\u00f6lcsh\u00fas (a lap nem l\u00e9tezik)\" href=\"https:\/\/hu.wikipedia.org\/w\/index.php?title=Gy%C3%BCm%C3%B6lcsh%C3%BAs&amp;action=edit&amp;redlink=1\">gy\u00fcm\u00f6lcsh\u00fas<\/a>\u00a0van. Ebben \u00fclnek a\u00a0<a style=\"color: #333333;\" title=\"Mag\" href=\"https:\/\/hu.wikipedia.org\/wiki\/Mag\">magvak<\/a>. Az ilyen term\u00e9s a\u00a0<a class=\"new\" style=\"color: #333333;\" title=\"Bogy\u00f3term\u00e9s (a lap nem l\u00e9tezik)\" href=\"https:\/\/hu.wikipedia.org\/w\/index.php?title=Bogy%C3%B3term%C3%A9s&amp;action=edit&amp;redlink=1\">bogy\u00f3term\u00e9s<\/a>.<\/span><\/h5>\n<h5><span style=\"color: #333333;\">A friss sz\u0151l\u0151t\u00a0<a style=\"color: #333333;\" title=\"Gy\u00fcm\u00f6lcs\" href=\"https:\/\/hu.wikipedia.org\/wiki\/Gy%C3%BCm%C3%B6lcs\">gy\u00fcm\u00f6lcsk\u00e9nt<\/a>\u00a0fogyasztjuk. Erre a legalkalmasabbak a sz\u00e9p, nagy szem\u0171, ropog\u00f3s h\u00fas\u00fa\u00a0<a class=\"new\" style=\"color: #333333;\" title=\"Csemegesz\u0151l\u0151 (a lap nem l\u00e9tezik)\" href=\"https:\/\/hu.wikipedia.org\/w\/index.php?title=Csemegesz%C5%91l%C5%91&amp;action=edit&amp;redlink=1\">csemegesz\u0151l\u0151k<\/a>. F\u00fcrtjei j\u00f3l b\u00edrj\u00e1k a sz\u00e1ll\u00edt\u00e1st \u00e9s a t\u00e1rol\u00e1st. Ezzel szemben a\u00a0<a style=\"color: #333333;\" title=\"Borterm\u0151 sz\u0151l\u0151\" href=\"https:\/\/hu.wikipedia.org\/wiki\/Borterm%C5%91_sz%C5%91l%C5%91\">borsz\u0151l\u0151k<\/a>\u00a0v\u00e9kony h\u00e9j\u00faak, l\u00e9d\u00fasak \u00e9s sok cukrot tartalmaznak.<\/span><\/h5>\n<h5><span style=\"color: #333333;\">Hazai bor- \u00e9s csemegesz\u0151l\u0151 fajt\u00e1inknak egyik \u0151se a\u00a0<a class=\"new\" style=\"color: #333333;\" title=\"Ligeti sz\u0151l\u0151 (a lap nem l\u00e9tezik)\" href=\"https:\/\/hu.wikipedia.org\/w\/index.php?title=Ligeti_sz%C5%91l%C5%91&amp;action=edit&amp;redlink=1\">ligeti sz\u0151l\u0151<\/a>, mely f\u0151k\u00e9nt\u00a0<a style=\"color: #333333;\" title=\"D\u00e9lkelet-Eur\u00f3pa\" href=\"https:\/\/hu.wikipedia.org\/wiki\/D%C3%A9lkelet-Eur%C3%B3pa\">D\u00e9lkelet-Eur\u00f3p\u00e1b\u00f3l<\/a>\u00a0sz\u00e1rmazik.<\/span><\/h5>\n","protected":false},"excerpt":{"rendered":"<p>A Szabadgy\u00f6ker\u0171 sz\u0151l\u0151 oltv\u00e1nyok k\u00f6z\u00f6tt a \u00a0Ruby King seedless magvatlan csemege sz\u0151l\u0151 er\u0151s n\u00f6veked\u00e9s\u0171 , b\u0151term\u0151 fajta mely szeptember k\u00f6zep\u00e9n \u00e9rik. F\u00fcrtje nagy \u00e1tlag t\u00f6mege 600-900gr ,\u00a0 mely j\u00f3l sz\u00e1ll\u00edthat\u00f3 \u00e9s t\u00e1rolhat\u00f3, rothad\u00e1sra nem hajlamos. Ellen\u00e1ll\u00f3k\u00e9pess\u00e9ge\u00a0 \u00e1tlagos, talajjal szemben nem ig\u00e9nyes, fagy\u00e9rz\u00e9keny, v\u00e9dett fekv\u00e9sbe telep\u00edts\u00fck. Felhaszn\u00e1l\u00e1sa\u00a0 friss fogyaszt\u00e1sra ,vagy\u00a0 aszalv\u00e1ny k\u00e9sz\u00edt\u00e9s\u00e9re.<\/p>","protected":false},"featured_media":2468,"template":"","meta":{"_et_pb_use_builder":"","_et_pb_old_content":"","_et_gb_content_width":""},"product_brand":[],"product_cat":[823],"product_tag":[851,849,844,480,848,850,822,825],"class_list":{"0":"post-2465","1":"product","2":"type-product","3":"status-publish","4":"has-post-thumbnail","6":"product_cat-szolok","7":"product_tag-csemege","8":"product_tag-king","9":"product_tag-magvatlan","10":"product_tag-oltvanyok","11":"product_tag-ruby","12":"product_tag-seedless","13":"product_tag-szabadgyokeru","14":"product_tag-szolo","16":"first","17":"outofstock","18":"shipping-taxable","19":"product-type-simple"},"yoast_head":"<!-- This site is optimized with the Yoast SEO plugin v27.5 - https:\/\/yoast.com\/product\/yoast-seo-wordpress\/ -->\n<title>Szabadgy\u00f6ker\u0171 sz\u0151l\u0151 oltv\u00e1nyok Ruby King seedless - T\u00e1jkert\u00e9sz<\/title>\n<meta name=\"description\" content=\"A Szabadgy\u00f6ker\u0171 sz\u0151l\u0151 oltv\u00e1nyok k\u00f6z\u00f6tt a \u00a0Ruby King seedless magvatlan csemege sz\u0151l\u0151 , b\u0151term\u0151 fajta mely szeptember k\u00f6zep\u00e9n \u00e9rik.\" \/>\n<meta name=\"robots\" content=\"index, follow, max-snippet:-1, max-image-preview:large, max-video-preview:-1\" \/>\n<link rel=\"canonical\" href=\"https:\/\/tajkertesz.com\/en_US\/product\/szabadgyokeru-szolo-oltvanyok-ruby-king-seedless-magvatlan-csemege-szolo\/\" \/>\n<meta property=\"og:locale\" content=\"en_US\" \/>\n<meta property=\"og:type\" content=\"article\" \/>\n<meta property=\"og:title\" content=\"Szabadgy\u00f6ker\u0171 sz\u0151l\u0151 oltv\u00e1nyok Ruby King seedless - T\u00e1jkert\u00e9sz\" \/>\n<meta property=\"og:description\" content=\"A Szabadgy\u00f6ker\u0171 sz\u0151l\u0151 oltv\u00e1nyok k\u00f6z\u00f6tt a \u00a0Ruby King seedless magvatlan csemege sz\u0151l\u0151 , b\u0151term\u0151 fajta mely szeptember k\u00f6zep\u00e9n \u00e9rik.\" \/>\n<meta property=\"og:url\" content=\"https:\/\/tajkertesz.com\/en_US\/product\/szabadgyokeru-szolo-oltvanyok-ruby-king-seedless-magvatlan-csemege-szolo\/\" \/>\n<meta property=\"og:site_name\" content=\"T\u00e1jkert\u00e9sz\" \/>\n<meta property=\"article:publisher\" content=\"https:\/\/www.facebook.com\/Tajkertesz\/\" \/>\n<meta property=\"article:modified_time\" content=\"2022-10-27T08:52:40+00:00\" \/>\n<meta property=\"og:image\" content=\"https:\/\/tajkertesz.com\/wp-content\/uploads\/2020\/11\/ruby-king.jpg\" \/>\n\t<meta property=\"og:image:width\" content=\"740\" \/>\n\t<meta property=\"og:image:height\" content=\"815\" \/>\n\t<meta property=\"og:image:type\" content=\"image\/jpeg\" \/>\n<meta name=\"twitter:card\" content=\"summary_large_image\" \/>\n<meta name=\"twitter:label1\" content=\"Est. reading time\" \/>\n\t<meta name=\"twitter:data1\" content=\"3 minutes\" \/>\n<script type=\"application\/ld+json\" class=\"yoast-schema-graph\">{\"@context\":\"https:\\\/\\\/schema.org\",\"@graph\":[{\"@type\":\"WebPage\",\"@id\":\"https:\\\/\\\/tajkertesz.com\\\/termek\\\/szabadgyokeru-szolo-oltvanyok-ruby-king-seedless-magvatlan-csemege-szolo\\\/\",\"url\":\"https:\\\/\\\/tajkertesz.com\\\/termek\\\/szabadgyokeru-szolo-oltvanyok-ruby-king-seedless-magvatlan-csemege-szolo\\\/\",\"name\":\"Szabadgy\u00f6ker\u0171 sz\u0151l\u0151 oltv\u00e1nyok Ruby King seedless - T\u00e1jkert\u00e9sz\",\"isPartOf\":{\"@id\":\"https:\\\/\\\/tajkertesz.com\\\/#website\"},\"primaryImageOfPage\":{\"@id\":\"https:\\\/\\\/tajkertesz.com\\\/termek\\\/szabadgyokeru-szolo-oltvanyok-ruby-king-seedless-magvatlan-csemege-szolo\\\/#primaryimage\"},\"image\":{\"@id\":\"https:\\\/\\\/tajkertesz.com\\\/termek\\\/szabadgyokeru-szolo-oltvanyok-ruby-king-seedless-magvatlan-csemege-szolo\\\/#primaryimage\"},\"thumbnailUrl\":\"https:\\\/\\\/tajkertesz.com\\\/wp-content\\\/uploads\\\/2020\\\/11\\\/ruby-king.jpg\",\"datePublished\":\"2020-11-02T11:42:22+00:00\",\"dateModified\":\"2022-10-27T08:52:40+00:00\",\"description\":\"A Szabadgy\u00f6ker\u0171 sz\u0151l\u0151 oltv\u00e1nyok k\u00f6z\u00f6tt a \u00a0Ruby King seedless magvatlan csemege sz\u0151l\u0151 , b\u0151term\u0151 fajta mely szeptember k\u00f6zep\u00e9n \u00e9rik.\",\"breadcrumb\":{\"@id\":\"https:\\\/\\\/tajkertesz.com\\\/termek\\\/szabadgyokeru-szolo-oltvanyok-ruby-king-seedless-magvatlan-csemege-szolo\\\/#breadcrumb\"},\"inLanguage\":\"en-US\",\"potentialAction\":[{\"@type\":\"ReadAction\",\"target\":[\"https:\\\/\\\/tajkertesz.com\\\/termek\\\/szabadgyokeru-szolo-oltvanyok-ruby-king-seedless-magvatlan-csemege-szolo\\\/\"]}]},{\"@type\":\"ImageObject\",\"inLanguage\":\"en-US\",\"@id\":\"https:\\\/\\\/tajkertesz.com\\\/termek\\\/szabadgyokeru-szolo-oltvanyok-ruby-king-seedless-magvatlan-csemege-szolo\\\/#primaryimage\",\"url\":\"https:\\\/\\\/tajkertesz.com\\\/wp-content\\\/uploads\\\/2020\\\/11\\\/ruby-king.jpg\",\"contentUrl\":\"https:\\\/\\\/tajkertesz.com\\\/wp-content\\\/uploads\\\/2020\\\/11\\\/ruby-king.jpg\",\"width\":740,\"height\":815},{\"@type\":\"BreadcrumbList\",\"@id\":\"https:\\\/\\\/tajkertesz.com\\\/termek\\\/szabadgyokeru-szolo-oltvanyok-ruby-king-seedless-magvatlan-csemege-szolo\\\/#breadcrumb\",\"itemListElement\":[{\"@type\":\"ListItem\",\"position\":1,\"name\":\"Home\",\"item\":\"https:\\\/\\\/tajkertesz.com\\\/\"},{\"@type\":\"ListItem\",\"position\":2,\"name\":\"Kezd\u0151lap\",\"item\":\"https:\\\/\\\/tajkertesz.com\\\/\"},{\"@type\":\"ListItem\",\"position\":3,\"name\":\"Szabadgy\u00f6ker\u0171 sz\u0151l\u0151 oltv\u00e1nyok Ruby King seedless\"}]},{\"@type\":\"WebSite\",\"@id\":\"https:\\\/\\\/tajkertesz.com\\\/#website\",\"url\":\"https:\\\/\\\/tajkertesz.com\\\/\",\"name\":\"T\u00e1j-Kert\u00e9sz 84 Kft.\",\"description\":\"Kert\u00e9szeti kis- \u00e9s nagykeresked\u00e9s, D\u00edszn\u00f6v\u00e9ny web\u00e1ruh\u00e1z orsz\u00e1gos h\u00e1zhozsz\u00e1ll\u00edt\u00e1ssal!\",\"publisher\":{\"@id\":\"https:\\\/\\\/tajkertesz.com\\\/#organization\"},\"potentialAction\":[{\"@type\":\"SearchAction\",\"target\":{\"@type\":\"EntryPoint\",\"urlTemplate\":\"https:\\\/\\\/tajkertesz.com\\\/?s={search_term_string}\"},\"query-input\":{\"@type\":\"PropertyValueSpecification\",\"valueRequired\":true,\"valueName\":\"search_term_string\"}}],\"inLanguage\":\"en-US\"},{\"@type\":\"Organization\",\"@id\":\"https:\\\/\\\/tajkertesz.com\\\/#organization\",\"name\":\"T\u00e1j-Kert\u00e9sz 84 Kft.\",\"url\":\"https:\\\/\\\/tajkertesz.com\\\/\",\"logo\":{\"@type\":\"ImageObject\",\"inLanguage\":\"en-US\",\"@id\":\"https:\\\/\\\/tajkertesz.com\\\/#\\\/schema\\\/logo\\\/image\\\/\",\"url\":\"https:\\\/\\\/tajkertesz.com\\\/wp-content\\\/uploads\\\/2018\\\/02\\\/logo-2-e1518678052539.png\",\"contentUrl\":\"https:\\\/\\\/tajkertesz.com\\\/wp-content\\\/uploads\\\/2018\\\/02\\\/logo-2-e1518678052539.png\",\"width\":81,\"height\":140,\"caption\":\"T\u00e1j-Kert\u00e9sz 84 Kft.\"},\"image\":{\"@id\":\"https:\\\/\\\/tajkertesz.com\\\/#\\\/schema\\\/logo\\\/image\\\/\"},\"sameAs\":[\"https:\\\/\\\/www.facebook.com\\\/Tajkertesz\\\/\"]}]}<\/script>\n<!-- \/ Yoast SEO plugin. -->","yoast_head_json":{"title":"Szabadgy\u00f6ker\u0171 sz\u0151l\u0151 oltv\u00e1nyok Ruby King seedless - T\u00e1jkert\u00e9sz","description":"A Szabadgy\u00f6ker\u0171 sz\u0151l\u0151 oltv\u00e1nyok k\u00f6z\u00f6tt a \u00a0Ruby King seedless magvatlan csemege sz\u0151l\u0151 , b\u0151term\u0151 fajta mely szeptember k\u00f6zep\u00e9n \u00e9rik.","robots":{"index":"index","follow":"follow","max-snippet":"max-snippet:-1","max-image-preview":"max-image-preview:large","max-video-preview":"max-video-preview:-1"},"canonical":"https:\/\/tajkertesz.com\/en_US\/product\/szabadgyokeru-szolo-oltvanyok-ruby-king-seedless-magvatlan-csemege-szolo\/","og_locale":"en_US","og_type":"article","og_title":"Szabadgy\u00f6ker\u0171 sz\u0151l\u0151 oltv\u00e1nyok Ruby King seedless - T\u00e1jkert\u00e9sz","og_description":"A Szabadgy\u00f6ker\u0171 sz\u0151l\u0151 oltv\u00e1nyok k\u00f6z\u00f6tt a \u00a0Ruby King seedless magvatlan csemege sz\u0151l\u0151 , b\u0151term\u0151 fajta mely szeptember k\u00f6zep\u00e9n \u00e9rik.","og_url":"https:\/\/tajkertesz.com\/en_US\/product\/szabadgyokeru-szolo-oltvanyok-ruby-king-seedless-magvatlan-csemege-szolo\/","og_site_name":"T\u00e1jkert\u00e9sz","article_publisher":"https:\/\/www.facebook.com\/Tajkertesz\/","article_modified_time":"2022-10-27T08:52:40+00:00","og_image":[{"width":740,"height":815,"url":"https:\/\/tajkertesz.com\/wp-content\/uploads\/2020\/11\/ruby-king.jpg","type":"image\/jpeg"}],"twitter_card":"summary_large_image","twitter_misc":{"Est. reading time":"3 minutes"},"schema":{"@context":"https:\/\/schema.org","@graph":[{"@type":"WebPage","@id":"https:\/\/tajkertesz.com\/termek\/szabadgyokeru-szolo-oltvanyok-ruby-king-seedless-magvatlan-csemege-szolo\/","url":"https:\/\/tajkertesz.com\/termek\/szabadgyokeru-szolo-oltvanyok-ruby-king-seedless-magvatlan-csemege-szolo\/","name":"Szabadgy\u00f6ker\u0171 sz\u0151l\u0151 oltv\u00e1nyok Ruby King seedless - T\u00e1jkert\u00e9sz","isPartOf":{"@id":"https:\/\/tajkertesz.com\/#website"},"primaryImageOfPage":{"@id":"https:\/\/tajkertesz.com\/termek\/szabadgyokeru-szolo-oltvanyok-ruby-king-seedless-magvatlan-csemege-szolo\/#primaryimage"},"image":{"@id":"https:\/\/tajkertesz.com\/termek\/szabadgyokeru-szolo-oltvanyok-ruby-king-seedless-magvatlan-csemege-szolo\/#primaryimage"},"thumbnailUrl":"https:\/\/tajkertesz.com\/wp-content\/uploads\/2020\/11\/ruby-king.jpg","datePublished":"2020-11-02T11:42:22+00:00","dateModified":"2022-10-27T08:52:40+00:00","description":"A Szabadgy\u00f6ker\u0171 sz\u0151l\u0151 oltv\u00e1nyok k\u00f6z\u00f6tt a \u00a0Ruby King seedless magvatlan csemege sz\u0151l\u0151 , b\u0151term\u0151 fajta mely szeptember k\u00f6zep\u00e9n \u00e9rik.","breadcrumb":{"@id":"https:\/\/tajkertesz.com\/termek\/szabadgyokeru-szolo-oltvanyok-ruby-king-seedless-magvatlan-csemege-szolo\/#breadcrumb"},"inLanguage":"en-US","potentialAction":[{"@type":"ReadAction","target":["https:\/\/tajkertesz.com\/termek\/szabadgyokeru-szolo-oltvanyok-ruby-king-seedless-magvatlan-csemege-szolo\/"]}]},{"@type":"ImageObject","inLanguage":"en-US","@id":"https:\/\/tajkertesz.com\/termek\/szabadgyokeru-szolo-oltvanyok-ruby-king-seedless-magvatlan-csemege-szolo\/#primaryimage","url":"https:\/\/tajkertesz.com\/wp-content\/uploads\/2020\/11\/ruby-king.jpg","contentUrl":"https:\/\/tajkertesz.com\/wp-content\/uploads\/2020\/11\/ruby-king.jpg","width":740,"height":815},{"@type":"BreadcrumbList","@id":"https:\/\/tajkertesz.com\/termek\/szabadgyokeru-szolo-oltvanyok-ruby-king-seedless-magvatlan-csemege-szolo\/#breadcrumb","itemListElement":[{"@type":"ListItem","position":1,"name":"Home","item":"https:\/\/tajkertesz.com\/"},{"@type":"ListItem","position":2,"name":"Kezd\u0151lap","item":"https:\/\/tajkertesz.com\/"},{"@type":"ListItem","position":3,"name":"Szabadgy\u00f6ker\u0171 sz\u0151l\u0151 oltv\u00e1nyok Ruby King seedless"}]},{"@type":"WebSite","@id":"https:\/\/tajkertesz.com\/#website","url":"https:\/\/tajkertesz.com\/","name":"T\u00e1j-Kert\u00e9sz 84 Kft.","description":"Kert\u00e9szeti kis- \u00e9s nagykeresked\u00e9s, D\u00edszn\u00f6v\u00e9ny web\u00e1ruh\u00e1z orsz\u00e1gos h\u00e1zhozsz\u00e1ll\u00edt\u00e1ssal!","publisher":{"@id":"https:\/\/tajkertesz.com\/#organization"},"potentialAction":[{"@type":"SearchAction","target":{"@type":"EntryPoint","urlTemplate":"https:\/\/tajkertesz.com\/?s={search_term_string}"},"query-input":{"@type":"PropertyValueSpecification","valueRequired":true,"valueName":"search_term_string"}}],"inLanguage":"en-US"},{"@type":"Organization","@id":"https:\/\/tajkertesz.com\/#organization","name":"T\u00e1j-Kert\u00e9sz 84 Kft.","url":"https:\/\/tajkertesz.com\/","logo":{"@type":"ImageObject","inLanguage":"en-US","@id":"https:\/\/tajkertesz.com\/#\/schema\/logo\/image\/","url":"https:\/\/tajkertesz.com\/wp-content\/uploads\/2018\/02\/logo-2-e1518678052539.png","contentUrl":"https:\/\/tajkertesz.com\/wp-content\/uploads\/2018\/02\/logo-2-e1518678052539.png","width":81,"height":140,"caption":"T\u00e1j-Kert\u00e9sz 84 Kft."},"image":{"@id":"https:\/\/tajkertesz.com\/#\/schema\/logo\/image\/"},"sameAs":["https:\/\/www.facebook.com\/Tajkertesz\/"]}]}},"_links":{"self":[{"href":"https:\/\/tajkertesz.com\/en_US\/wp-json\/wp\/v2\/product\/2465","targetHints":{"allow":["GET"]}}],"collection":[{"href":"https:\/\/tajkertesz.com\/en_US\/wp-json\/wp\/v2\/product"}],"about":[{"href":"https:\/\/tajkertesz.com\/en_US\/wp-json\/wp\/v2\/types\/product"}],"wp:featuredmedia":[{"embeddable":true,"href":"https:\/\/tajkertesz.com\/en_US\/wp-json\/wp\/v2\/media\/2468"}],"wp:attachment":[{"href":"https:\/\/tajkertesz.com\/en_US\/wp-json\/wp\/v2\/media?parent=2465"}],"wp:term":[{"taxonomy":"product_brand","embeddable":true,"href":"https:\/\/tajkertesz.com\/en_US\/wp-json\/wp\/v2\/product_brand?post=2465"},{"taxonomy":"product_cat","embeddable":true,"href":"https:\/\/tajkertesz.com\/en_US\/wp-json\/wp\/v2\/product_cat?post=2465"},{"taxonomy":"product_tag","embeddable":true,"href":"https:\/\/tajkertesz.com\/en_US\/wp-json\/wp\/v2\/product_tag?post=2465"}],"curies":[{"name":"wp","href":"https:\/\/api.w.org\/{rel}","templated":true}]}}