{"id":24670,"date":"2025-09-28T06:30:51","date_gmt":"2025-09-28T06:30:51","guid":{"rendered":"https:\/\/tajkertesz.com\/?post_type=product&#038;p=24670"},"modified":"2026-02-23T15:35:08","modified_gmt":"2026-02-23T15:35:08","slug":"nektarin-andosa-stark-redgold","status":"publish","type":"product","link":"https:\/\/tajkertesz.com\/en_US\/product\/nektarin-andosa-stark-redgold\/","title":{"rendered":"Nektarin &#8216;Andosa&#8217; (Stark Redgold)"},"content":{"rendered":"<h1 data-start=\"499\" data-end=\"872\">Nektarin &#8216;Andosa&#8217; (Stark Redgold)<\/h1>\n<p data-start=\"499\" data-end=\"872\">Nektarin &#8216;Andosa&#8217; (Stark Redgold) \u2013 Ez a korai \u00e9r\u00e9s\u0171 nektarinfajta j\u00fanius v\u00e9g\u00e9n\u2013j\u00falius elej\u00e9n hozza els\u0151 term\u00e9seit, \u00edgy az els\u0151k k\u00f6z\u00f6tt \u00e9lvezhetj\u00fck a ny\u00e1ri gy\u00fcm\u00f6lcs\u00f6k zamat\u00e1t. Gy\u00fcm\u00f6lcse k\u00f6z\u00e9pnagy m\u00e9ret\u0171, sima h\u00e9j\u00fa (nem molyhos), \u00e9l\u00e9nkpiros fed\u0151sz\u00edn\u0171. H\u00fasa s\u00e1rga, l\u00e9d\u00fas, \u00e9des-savanyk\u00e1s \u00edz\u0171, <strong data-start=\"777\" data-end=\"790\">magvav\u00e1l\u00f3<\/strong>, azaz a mag k\u00f6nnyen elv\u00e1lik a gy\u00fcm\u00f6lcsh\u00fast\u00f3l \u2013 ez nagy el\u0151ny a feldolgoz\u00e1s sor\u00e1n.<\/p>\n<p data-start=\"874\" data-end=\"1023\">F\u00e1ja k\u00f6z\u00e9per\u0151s n\u00f6veked\u00e9s\u0171, rendszeresen \u00e9s b\u0151ven terem. J\u00f3 alkalmazkod\u00f3k\u00e9pess\u00e9ggel b\u00edr, ez\u00e9rt h\u00e1zikerti \u00e9s kisebb \u00fcltetv\u00e9nyes termeszt\u00e9sre is kiv\u00e1l\u00f3.<\/p>\n<h4 data-start=\"1025\" data-end=\"1047\"><strong data-start=\"1030\" data-end=\"1047\">F\u0151bb el\u0151ny\u00f6k:<\/strong><\/h4>\n<ul data-start=\"1048\" data-end=\"1256\">\n<li data-start=\"1048\" data-end=\"1089\">\n<p data-start=\"1050\" data-end=\"1089\">Korai \u00e9r\u00e9s\u0171: j\u00fanius v\u00e9ge \u2013 j\u00falius eleje<\/p>\n<\/li>\n<li data-start=\"1090\" data-end=\"1121\">\n<p data-start=\"1092\" data-end=\"1121\">Magvav\u00e1l\u00f3, s\u00e1rgah\u00fas\u00fa gy\u00fcm\u00f6lcs<\/p>\n<\/li>\n<li data-start=\"1122\" data-end=\"1166\">\n<p data-start=\"1124\" data-end=\"1166\">Sima h\u00e9j\u00fa, \u00e9l\u00e9nkpiros term\u00e9s \u2013 gyerekbar\u00e1t<\/p>\n<\/li>\n<li data-start=\"1167\" data-end=\"1200\">\n<p data-start=\"1169\" data-end=\"1200\">\u00cdze harmonikusan \u00e9des-savanyk\u00e1s<\/p>\n<\/li>\n<li data-start=\"1201\" data-end=\"1256\">\n<p data-start=\"1203\" data-end=\"1256\">Friss fogyaszt\u00e1sra, komp\u00f3tnak, fagyaszt\u00e1sra is kiv\u00e1l\u00f3<\/p>\n<\/li>\n<\/ul>\n<h4 data-start=\"1258\" data-end=\"1285\"><strong data-start=\"1263\" data-end=\"1285\">\u00dcltet\u00e9si javaslat:<\/strong><\/h4>\n<p data-start=\"1286\" data-end=\"1454\">Napf\u00e9nyes, sz\u00e9lv\u00e9dett helyet ig\u00e9nyel. K\u00f6z\u00e9pk\u00f6t\u00f6tt, j\u00f3 v\u00edzgazd\u00e1lkod\u00e1s\u00fa talajban fejl\u0151dik a legszebben. Metsz\u00e9st ig\u00e9nyel, k\u00fcl\u00f6n\u00f6sen fiatal korban a korona kialak\u00edt\u00e1s\u00e1hoz.<\/p>\n<h4><strong>\ud83d\udd04 K\u00e9szletinform\u00e1ci\u00f3<\/strong><\/h4>\n<p><strong>K\u00e9szlet\u00fcnk napi szinten v\u00e1ltozik, \u00edgy a webshopban szerepl<\/strong><strong>\u0151<\/strong><strong>\u00a0term\u00e9kek el\u00e9rhet<\/strong><strong>\u0151<\/strong><strong>s\u00e9ge nem garant\u00e1lt.<br \/>\n\ud83d\udcde A megrendel\u00e9s el<\/strong><strong>\u0151<\/strong><strong>tt k\u00e9rj\u00fck, \u00e9rdekl<\/strong><strong>\u0151<\/strong><strong>dj\u00f6n szem\u00e9lyesen, telefonon vagy e-mailben!<\/strong><\/p>\n<h4><strong>\u27a1\ufe0f Kapcsolat:<\/strong><\/h4>\n<ul>\n<li><strong>Weboldal:\u00a0<\/strong><a href=\"https:\/\/tajkertesz.com\/\"><strong>tajkertesz.com<\/strong><\/a><\/li>\n<li><strong>Facebook:\u00a0<\/strong><a href=\"https:\/\/www.facebook.com\/tajkertesz\/\"><strong>facebook.com\/tajkertesz<\/strong><\/a><\/li>\n<li><strong>Telefonsz\u00e1m, e-mail: +36\/20-319-3770\u00a0<\/strong><a href=\"mailto:tajkerteszaruda@gmail.com\"><strong>tajkerteszaruda@gmail.com<\/strong><\/a><\/li>\n<\/ul>\n<h4><strong>\ud83d\ude9a Sz\u00e1ll\u00edt\u00e1si inform\u00e1ci\u00f3k<\/strong><\/h4>\n<p><strong>A megrendelt n\u00f6v\u00e9nyek kisz\u00e1ll\u00edt\u00e1sa az al\u00e1bbi felt\u00e9telek mellett t\u00f6rt\u00e9nik:<\/strong><\/p>\n<h4><strong>\ud83d\udce6 Fut\u00e1rszolg\u00e1latos sz\u00e1ll\u00edt\u00e1s<\/strong><\/h4>\n<ul>\n<li><strong>Maxim\u00e1lis m\u00e9ret: 200 cm (hossz\u00fas\u00e1g)<\/strong><\/li>\n<li><strong>Maxim\u00e1lis s\u00faly: 40 kg<\/strong><\/li>\n<li><strong>Az enn\u00e9l kisebb \u00e9s k\u00f6nnyebb csomagokat fut\u00e1rszolg\u00e1lattal k\u00e9zbes\u00edtj\u00fck a lehet<\/strong><strong>\u0151<\/strong><strong>\u00a0legbiztons\u00e1gosabb csomagol\u00e1sban.<\/strong><\/li>\n<\/ul>\n<h4><strong>\ud83d\udefb Szem\u00e9lyes \u00e1tv\u00e9tel<\/strong><\/h4>\n<ul>\n<li><strong>1173 Budapest, Bakancsos utca 7. sz\u00e1m alatt nyitvatart\u00e1si id<\/strong><strong>\u0151<\/strong><strong>ben szem\u00e9lyesen \u00e1tvehet<\/strong><strong>\u0151<\/strong><strong>\u00a0kert\u00e9szeti \u00e1rud\u00e1nkban.<\/strong><\/li>\n<li><strong>K\u00f6lts\u00e9ghat\u00e9kony megold\u00e1s nagyobb, t\u00f6r\u00e9kenyebb vagy t\u00falm\u00e9retes n\u00f6v\u00e9nyek eset\u00e9n.<\/strong><\/li>\n<\/ul>\n<h4><strong>\ud83d\udcde Nagy m\u00e9ret<\/strong><strong>\u0171<\/strong><strong>\u00a0vagy s\u00faly\u00fa n\u00f6v\u00e9nyek eset\u00e9n<\/strong><\/h4>\n<p><strong>Ha a term\u00e9k:<\/strong><\/p>\n<ul>\n<li><strong>meghaladja a 200 cm hossz\u00fas\u00e1got vagy<\/strong><\/li>\n<li><strong>meghaladja a 40 kg s\u00falyt,<\/strong><\/li>\n<\/ul>\n<p><strong>akkor szem\u00e9lyes \u00e1tv\u00e9tellel vagy egyedi, el<\/strong><strong>\u0151<\/strong><strong>re egyeztetett sz\u00e1ll\u00edt\u00e1si felt\u00e9telek mellett t\u00f6rt\u00e9nik.<br \/>\nK\u00e9rj\u00fck, ilyen esetben rendel\u00e9s el<\/strong><strong>\u0151<\/strong><strong>tt vegye fel vel\u00fcnk a kapcsolatot, hogy a lehet<\/strong><strong>\u0151<\/strong><strong>\u00a0legmegfelel<\/strong><strong>\u0151<\/strong><strong>bb sz\u00e1ll\u00edt\u00e1si megold\u00e1st k\u00edn\u00e1lhassuk.<\/strong><\/p>\n<p><strong>\ud83d\udd14 Fontos: A n\u00f6v\u00e9nyeket minden esetben igyeksz\u00fcnk gondosan, egyes\u00e9vel csomagolni, azonban a sz\u00e1ll\u00edt\u00e1s sor\u00e1n kisebb eszt\u00e9tikai s\u00e9r\u00fcl\u00e9sek el<\/strong><strong>\u0151<\/strong><strong>fordulhatnak (pl. lev\u00e9lhull\u00e1s). Ez nem min<\/strong><strong>\u0151<\/strong><strong>s\u00fcl hib\u00e1s teljes\u00edt\u00e9snek.<\/strong><\/p>\n<h4><strong>\ud83d\udcf7 Fontos tudni a k\u00e9pekr<\/strong><strong>\u0151<\/strong><strong>l<\/strong><\/h4>\n<p><strong>A webshopban szerepl<\/strong><strong>\u0151<\/strong><strong>\u00a0k\u00e9pek illusztr\u00e1ci\u00f3k, a n\u00f6v\u00e9nyek term\u00e9szet\u00fckn\u00e9l fogva egyediek, \u00edgy m\u00e9retben, alakban \u00e9s sz\u00ednben minim\u00e1lis elt\u00e9r\u00e9sek el<\/strong><strong>\u0151<\/strong><strong>fordulhatnak a k\u00e9pen l\u00e1that\u00f3 \u00e9s a val\u00f3s p\u00e9ld\u00e1nyok k\u00f6z\u00f6tt.<\/strong><\/p>\n<h4><strong>\ud83e\uddfe \u00c1rak \u00e9s el\u00e1ll\u00e1si jog<\/strong><\/h4>\n<ul>\n<li><strong>Az \u00e1rak egy darab\u00a0n\u00f6v\u00e9nyre vonatkoznak.<\/strong><\/li>\n<li><strong>\u00c9l<\/strong><strong>\u0151<\/strong><strong>\u00a0n\u00f6v\u00e9nyek rendel\u00e9se eset\u00e9n a 14 napos el\u00e1ll\u00e1s joga nem \u00e9rv\u00e9nyes\u00edthet<\/strong><strong>\u0151<\/strong><strong>, mivel azok romland\u00f3, biol\u00f3giailag \u00e9l<\/strong><strong>\u0151<\/strong><strong>\u00a0term\u00e9keknek min<\/strong><strong>\u0151<\/strong><strong>s\u00fclnek.<br \/>\n\ud83d\udd12 (17\/1999. (II. 5.) Korm. rendelet 5. \u00a7 c) pontja alapj\u00e1n)<\/strong><\/li>\n<\/ul>\n<h4><strong>\ud83d\udce6 K\u00e9zbes\u00edt\u00e9s ut\u00e1ni teend<\/strong><strong>\u0151<\/strong><strong>k<\/strong><\/h4>\n<p><strong>A k\u00e9zbes\u00edt\u00e9st k\u00f6vet<\/strong><strong>\u0151<\/strong><strong>en a csomagot azonnal bontsuk ki, \u00e9s a n\u00f6v\u00e9nyt helyezz\u00fck el megfelel<\/strong><strong>\u0151<\/strong><strong>\u00a0k\u00f6rnyezetben.<br \/>\nFontos: ha a n\u00f6v\u00e9ny nem r\u00e9szes\u00fcl megfelel<\/strong><strong>\u0151<\/strong><strong>\u00a0gondoz\u00e1sban \u00e9s ennek k\u00f6vetkezt\u00e9ben k\u00e1rosodik vagy elpusztul, felel<\/strong><strong>\u0151<\/strong><strong>ss\u00e9get nem tudunk v\u00e1llalni.<\/strong><\/p>","protected":false},"excerpt":{"rendered":"<p data-start=\"1490\" data-end=\"1618\">Az &#8216;Andosa&#8217; egy korai \u00e9r\u00e9s\u0171, sima h\u00e9j\u00fa nektarin fajta. K\u00f6z\u00e9pnagy, magvav\u00e1l\u00f3, s\u00e1rgah\u00fas\u00fa gy\u00fcm\u00f6lcsei m\u00e1r j\u00fanius v\u00e9g\u00e9n sz\u00fcretelhet\u0151k.<\/p>\n<p data-start=\"1490\" data-end=\"1618\">M\u00e9rete:150-170 cm magas, 10 literes kont\u00e9nerben.<\/p>\n<p data-start=\"1490\" data-end=\"1618\">","protected":false},"featured_media":24671,"template":"","meta":{"_et_pb_use_builder":"","_et_pb_old_content":"","_et_gb_content_width":""},"product_brand":[],"product_cat":[5295],"product_tag":[6836,1427,6840,6837,6839,5425,6842,6838,6841],"class_list":{"0":"post-24670","1":"product","2":"type-product","3":"status-publish","4":"has-post-thumbnail","6":"product_cat-barack","7":"product_tag-andosa","8":"product_tag-gyumolcsfa","9":"product_tag-konteneres-gyumolcsfa","10":"product_tag-korai-eresu-nektarin","11":"product_tag-magvavalo-fajta","12":"product_tag-nektarin","13":"product_tag-nektarinfa","14":"product_tag-sargahusu-nektarin","15":"product_tag-sima-heju-barack","17":"first","18":"instock","19":"shipping-taxable","20":"purchasable","21":"product-type-simple"},"yoast_head":"<!-- This site is optimized with the Yoast SEO plugin v27.3 - https:\/\/yoast.com\/product\/yoast-seo-wordpress\/ -->\n<title>Nektarin &#039;Andosa&#039; (Stark Redgold) - T\u00e1jkert\u00e9sz<\/title>\n<meta name=\"description\" content=\"Nektarin &#039;Andosa&#039; (Stark Redgold) Korai nektarin fajta. Magvav\u00e1l\u00f3, s\u00e1rgah\u00fas\u00fa, sima h\u00e9j\u00fa gy\u00fcm\u00f6lcs j\u00fanius v\u00e9g\u00e9n! V\u00e1s\u00e1rolj kont\u00e9neres nektarint online!\" \/>\n<meta name=\"robots\" content=\"index, follow, max-snippet:-1, max-image-preview:large, max-video-preview:-1\" \/>\n<link rel=\"canonical\" href=\"https:\/\/tajkertesz.com\/en_US\/product\/nektarin-andosa-stark-redgold\/\" \/>\n<meta property=\"og:locale\" content=\"en_US\" \/>\n<meta property=\"og:type\" content=\"article\" \/>\n<meta property=\"og:title\" content=\"Nektarin &#039;Andosa&#039; (Stark Redgold) - T\u00e1jkert\u00e9sz\" \/>\n<meta property=\"og:description\" content=\"Nektarin &#039;Andosa&#039; (Stark Redgold) Korai nektarin fajta. Magvav\u00e1l\u00f3, s\u00e1rgah\u00fas\u00fa, sima h\u00e9j\u00fa gy\u00fcm\u00f6lcs j\u00fanius v\u00e9g\u00e9n! V\u00e1s\u00e1rolj kont\u00e9neres nektarint online!\" \/>\n<meta property=\"og:url\" content=\"https:\/\/tajkertesz.com\/en_US\/product\/nektarin-andosa-stark-redgold\/\" \/>\n<meta property=\"og:site_name\" content=\"T\u00e1jkert\u00e9sz\" \/>\n<meta property=\"article:publisher\" content=\"https:\/\/www.facebook.com\/Tajkertesz\/\" \/>\n<meta property=\"article:modified_time\" content=\"2026-02-23T15:35:08+00:00\" \/>\n<meta property=\"og:image\" content=\"https:\/\/tajkertesz.com\/wp-content\/uploads\/2025\/09\/Andosa.jpg\" \/>\n\t<meta property=\"og:image:width\" content=\"392\" \/>\n\t<meta property=\"og:image:height\" content=\"480\" \/>\n\t<meta property=\"og:image:type\" content=\"image\/jpeg\" \/>\n<meta name=\"twitter:card\" content=\"summary_large_image\" \/>\n<meta name=\"twitter:label1\" content=\"Est. reading time\" \/>\n\t<meta name=\"twitter:data1\" content=\"3 minutes\" \/>\n<script type=\"application\/ld+json\" class=\"yoast-schema-graph\">{\"@context\":\"https:\\\/\\\/schema.org\",\"@graph\":[{\"@type\":\"WebPage\",\"@id\":\"https:\\\/\\\/tajkertesz.com\\\/termek\\\/nektarin-andosa-stark-redgold\\\/\",\"url\":\"https:\\\/\\\/tajkertesz.com\\\/termek\\\/nektarin-andosa-stark-redgold\\\/\",\"name\":\"Nektarin 'Andosa' (Stark Redgold) - T\u00e1jkert\u00e9sz\",\"isPartOf\":{\"@id\":\"https:\\\/\\\/tajkertesz.com\\\/#website\"},\"primaryImageOfPage\":{\"@id\":\"https:\\\/\\\/tajkertesz.com\\\/termek\\\/nektarin-andosa-stark-redgold\\\/#primaryimage\"},\"image\":{\"@id\":\"https:\\\/\\\/tajkertesz.com\\\/termek\\\/nektarin-andosa-stark-redgold\\\/#primaryimage\"},\"thumbnailUrl\":\"https:\\\/\\\/tajkertesz.com\\\/wp-content\\\/uploads\\\/2025\\\/09\\\/Andosa.jpg\",\"datePublished\":\"2025-09-28T06:30:51+00:00\",\"dateModified\":\"2026-02-23T15:35:08+00:00\",\"description\":\"Nektarin 'Andosa' (Stark Redgold) Korai nektarin fajta. Magvav\u00e1l\u00f3, s\u00e1rgah\u00fas\u00fa, sima h\u00e9j\u00fa gy\u00fcm\u00f6lcs j\u00fanius v\u00e9g\u00e9n! V\u00e1s\u00e1rolj kont\u00e9neres nektarint online!\",\"breadcrumb\":{\"@id\":\"https:\\\/\\\/tajkertesz.com\\\/termek\\\/nektarin-andosa-stark-redgold\\\/#breadcrumb\"},\"inLanguage\":\"en-US\",\"potentialAction\":[{\"@type\":\"ReadAction\",\"target\":[\"https:\\\/\\\/tajkertesz.com\\\/termek\\\/nektarin-andosa-stark-redgold\\\/\"]}]},{\"@type\":\"ImageObject\",\"inLanguage\":\"en-US\",\"@id\":\"https:\\\/\\\/tajkertesz.com\\\/termek\\\/nektarin-andosa-stark-redgold\\\/#primaryimage\",\"url\":\"https:\\\/\\\/tajkertesz.com\\\/wp-content\\\/uploads\\\/2025\\\/09\\\/Andosa.jpg\",\"contentUrl\":\"https:\\\/\\\/tajkertesz.com\\\/wp-content\\\/uploads\\\/2025\\\/09\\\/Andosa.jpg\",\"width\":392,\"height\":480,\"caption\":\"Nektarin 'Andosa' (Stark Redgold)\"},{\"@type\":\"BreadcrumbList\",\"@id\":\"https:\\\/\\\/tajkertesz.com\\\/termek\\\/nektarin-andosa-stark-redgold\\\/#breadcrumb\",\"itemListElement\":[{\"@type\":\"ListItem\",\"position\":1,\"name\":\"Home\",\"item\":\"https:\\\/\\\/tajkertesz.com\\\/\"},{\"@type\":\"ListItem\",\"position\":2,\"name\":\"Kezd\u0151lap\",\"item\":\"https:\\\/\\\/tajkertesz.com\\\/\"},{\"@type\":\"ListItem\",\"position\":3,\"name\":\"Nektarin &#8216;Andosa&#8217; (Stark Redgold)\"}]},{\"@type\":\"WebSite\",\"@id\":\"https:\\\/\\\/tajkertesz.com\\\/#website\",\"url\":\"https:\\\/\\\/tajkertesz.com\\\/\",\"name\":\"T\u00e1j-Kert\u00e9sz 84 Kft.\",\"description\":\"Kert\u00e9szeti kis- \u00e9s nagykeresked\u00e9s, D\u00edszn\u00f6v\u00e9ny web\u00e1ruh\u00e1z orsz\u00e1gos h\u00e1zhozsz\u00e1ll\u00edt\u00e1ssal!\",\"publisher\":{\"@id\":\"https:\\\/\\\/tajkertesz.com\\\/#organization\"},\"potentialAction\":[{\"@type\":\"SearchAction\",\"target\":{\"@type\":\"EntryPoint\",\"urlTemplate\":\"https:\\\/\\\/tajkertesz.com\\\/?s={search_term_string}\"},\"query-input\":{\"@type\":\"PropertyValueSpecification\",\"valueRequired\":true,\"valueName\":\"search_term_string\"}}],\"inLanguage\":\"en-US\"},{\"@type\":\"Organization\",\"@id\":\"https:\\\/\\\/tajkertesz.com\\\/#organization\",\"name\":\"T\u00e1j-Kert\u00e9sz 84 Kft.\",\"url\":\"https:\\\/\\\/tajkertesz.com\\\/\",\"logo\":{\"@type\":\"ImageObject\",\"inLanguage\":\"en-US\",\"@id\":\"https:\\\/\\\/tajkertesz.com\\\/#\\\/schema\\\/logo\\\/image\\\/\",\"url\":\"https:\\\/\\\/tajkertesz.com\\\/wp-content\\\/uploads\\\/2018\\\/02\\\/logo-2-e1518678052539.png\",\"contentUrl\":\"https:\\\/\\\/tajkertesz.com\\\/wp-content\\\/uploads\\\/2018\\\/02\\\/logo-2-e1518678052539.png\",\"width\":81,\"height\":140,\"caption\":\"T\u00e1j-Kert\u00e9sz 84 Kft.\"},\"image\":{\"@id\":\"https:\\\/\\\/tajkertesz.com\\\/#\\\/schema\\\/logo\\\/image\\\/\"},\"sameAs\":[\"https:\\\/\\\/www.facebook.com\\\/Tajkertesz\\\/\"]}]}<\/script>\n<!-- \/ Yoast SEO plugin. -->","yoast_head_json":{"title":"Nektarin 'Andosa' (Stark Redgold) - T\u00e1jkert\u00e9sz","description":"Nektarin 'Andosa' (Stark Redgold) Korai nektarin fajta. Magvav\u00e1l\u00f3, s\u00e1rgah\u00fas\u00fa, sima h\u00e9j\u00fa gy\u00fcm\u00f6lcs j\u00fanius v\u00e9g\u00e9n! V\u00e1s\u00e1rolj kont\u00e9neres nektarint online!","robots":{"index":"index","follow":"follow","max-snippet":"max-snippet:-1","max-image-preview":"max-image-preview:large","max-video-preview":"max-video-preview:-1"},"canonical":"https:\/\/tajkertesz.com\/en_US\/product\/nektarin-andosa-stark-redgold\/","og_locale":"en_US","og_type":"article","og_title":"Nektarin 'Andosa' (Stark Redgold) - T\u00e1jkert\u00e9sz","og_description":"Nektarin 'Andosa' (Stark Redgold) Korai nektarin fajta. Magvav\u00e1l\u00f3, s\u00e1rgah\u00fas\u00fa, sima h\u00e9j\u00fa gy\u00fcm\u00f6lcs j\u00fanius v\u00e9g\u00e9n! V\u00e1s\u00e1rolj kont\u00e9neres nektarint online!","og_url":"https:\/\/tajkertesz.com\/en_US\/product\/nektarin-andosa-stark-redgold\/","og_site_name":"T\u00e1jkert\u00e9sz","article_publisher":"https:\/\/www.facebook.com\/Tajkertesz\/","article_modified_time":"2026-02-23T15:35:08+00:00","og_image":[{"width":392,"height":480,"url":"https:\/\/tajkertesz.com\/wp-content\/uploads\/2025\/09\/Andosa.jpg","type":"image\/jpeg"}],"twitter_card":"summary_large_image","twitter_misc":{"Est. reading time":"3 minutes"},"schema":{"@context":"https:\/\/schema.org","@graph":[{"@type":"WebPage","@id":"https:\/\/tajkertesz.com\/termek\/nektarin-andosa-stark-redgold\/","url":"https:\/\/tajkertesz.com\/termek\/nektarin-andosa-stark-redgold\/","name":"Nektarin 'Andosa' (Stark Redgold) - T\u00e1jkert\u00e9sz","isPartOf":{"@id":"https:\/\/tajkertesz.com\/#website"},"primaryImageOfPage":{"@id":"https:\/\/tajkertesz.com\/termek\/nektarin-andosa-stark-redgold\/#primaryimage"},"image":{"@id":"https:\/\/tajkertesz.com\/termek\/nektarin-andosa-stark-redgold\/#primaryimage"},"thumbnailUrl":"https:\/\/tajkertesz.com\/wp-content\/uploads\/2025\/09\/Andosa.jpg","datePublished":"2025-09-28T06:30:51+00:00","dateModified":"2026-02-23T15:35:08+00:00","description":"Nektarin 'Andosa' (Stark Redgold) Korai nektarin fajta. Magvav\u00e1l\u00f3, s\u00e1rgah\u00fas\u00fa, sima h\u00e9j\u00fa gy\u00fcm\u00f6lcs j\u00fanius v\u00e9g\u00e9n! V\u00e1s\u00e1rolj kont\u00e9neres nektarint online!","breadcrumb":{"@id":"https:\/\/tajkertesz.com\/termek\/nektarin-andosa-stark-redgold\/#breadcrumb"},"inLanguage":"en-US","potentialAction":[{"@type":"ReadAction","target":["https:\/\/tajkertesz.com\/termek\/nektarin-andosa-stark-redgold\/"]}]},{"@type":"ImageObject","inLanguage":"en-US","@id":"https:\/\/tajkertesz.com\/termek\/nektarin-andosa-stark-redgold\/#primaryimage","url":"https:\/\/tajkertesz.com\/wp-content\/uploads\/2025\/09\/Andosa.jpg","contentUrl":"https:\/\/tajkertesz.com\/wp-content\/uploads\/2025\/09\/Andosa.jpg","width":392,"height":480,"caption":"Nektarin 'Andosa' (Stark Redgold)"},{"@type":"BreadcrumbList","@id":"https:\/\/tajkertesz.com\/termek\/nektarin-andosa-stark-redgold\/#breadcrumb","itemListElement":[{"@type":"ListItem","position":1,"name":"Home","item":"https:\/\/tajkertesz.com\/"},{"@type":"ListItem","position":2,"name":"Kezd\u0151lap","item":"https:\/\/tajkertesz.com\/"},{"@type":"ListItem","position":3,"name":"Nektarin &#8216;Andosa&#8217; (Stark Redgold)"}]},{"@type":"WebSite","@id":"https:\/\/tajkertesz.com\/#website","url":"https:\/\/tajkertesz.com\/","name":"T\u00e1j-Kert\u00e9sz 84 Kft.","description":"Kert\u00e9szeti kis- \u00e9s nagykeresked\u00e9s, D\u00edszn\u00f6v\u00e9ny web\u00e1ruh\u00e1z orsz\u00e1gos h\u00e1zhozsz\u00e1ll\u00edt\u00e1ssal!","publisher":{"@id":"https:\/\/tajkertesz.com\/#organization"},"potentialAction":[{"@type":"SearchAction","target":{"@type":"EntryPoint","urlTemplate":"https:\/\/tajkertesz.com\/?s={search_term_string}"},"query-input":{"@type":"PropertyValueSpecification","valueRequired":true,"valueName":"search_term_string"}}],"inLanguage":"en-US"},{"@type":"Organization","@id":"https:\/\/tajkertesz.com\/#organization","name":"T\u00e1j-Kert\u00e9sz 84 Kft.","url":"https:\/\/tajkertesz.com\/","logo":{"@type":"ImageObject","inLanguage":"en-US","@id":"https:\/\/tajkertesz.com\/#\/schema\/logo\/image\/","url":"https:\/\/tajkertesz.com\/wp-content\/uploads\/2018\/02\/logo-2-e1518678052539.png","contentUrl":"https:\/\/tajkertesz.com\/wp-content\/uploads\/2018\/02\/logo-2-e1518678052539.png","width":81,"height":140,"caption":"T\u00e1j-Kert\u00e9sz 84 Kft."},"image":{"@id":"https:\/\/tajkertesz.com\/#\/schema\/logo\/image\/"},"sameAs":["https:\/\/www.facebook.com\/Tajkertesz\/"]}]}},"_links":{"self":[{"href":"https:\/\/tajkertesz.com\/en_US\/wp-json\/wp\/v2\/product\/24670","targetHints":{"allow":["GET"]}}],"collection":[{"href":"https:\/\/tajkertesz.com\/en_US\/wp-json\/wp\/v2\/product"}],"about":[{"href":"https:\/\/tajkertesz.com\/en_US\/wp-json\/wp\/v2\/types\/product"}],"wp:featuredmedia":[{"embeddable":true,"href":"https:\/\/tajkertesz.com\/en_US\/wp-json\/wp\/v2\/media\/24671"}],"wp:attachment":[{"href":"https:\/\/tajkertesz.com\/en_US\/wp-json\/wp\/v2\/media?parent=24670"}],"wp:term":[{"taxonomy":"product_brand","embeddable":true,"href":"https:\/\/tajkertesz.com\/en_US\/wp-json\/wp\/v2\/product_brand?post=24670"},{"taxonomy":"product_cat","embeddable":true,"href":"https:\/\/tajkertesz.com\/en_US\/wp-json\/wp\/v2\/product_cat?post=24670"},{"taxonomy":"product_tag","embeddable":true,"href":"https:\/\/tajkertesz.com\/en_US\/wp-json\/wp\/v2\/product_tag?post=24670"}],"curies":[{"name":"wp","href":"https:\/\/api.w.org\/{rel}","templated":true}]}}