{"id":24672,"date":"2025-09-28T07:03:44","date_gmt":"2025-09-28T07:03:44","guid":{"rendered":"https:\/\/tajkertesz.com\/?post_type=product&#038;p=24672"},"modified":"2026-02-23T15:48:12","modified_gmt":"2026-02-23T15:48:12","slug":"oszibarack-redhaven","status":"publish","type":"product","link":"https:\/\/tajkertesz.com\/en_US\/product\/oszibarack-redhaven\/","title":{"rendered":"\u0150szibarack &#8216;Redhaven&#8217;"},"content":{"rendered":"<h1 data-start=\"851\" data-end=\"1031\">\u0150szibarack &#8216;Redhaven&#8217;<\/h1>\n<p data-start=\"851\" data-end=\"1031\">A &#8216;Redhaven&#8217; az egyik legismertebb \u00e9s legkedveltebb \u0151szibarack fajta, amely kiv\u00e1l\u00f3 tulajdons\u00e1gainak k\u00f6sz\u00f6nhet\u0151en m\u00e9lt\u00e1n n\u00e9pszer\u0171 a h\u00e1zikert-tulajdonosok \u00e9s gy\u00fcm\u00f6lcs\u00f6s\u00f6k k\u00f6r\u00e9ben is.<\/p>\n<h4 data-start=\"1033\" data-end=\"1056\">\ud83c\udf31 F\u0151bb jellemz\u0151k:<\/h4>\n<ul data-start=\"1057\" data-end=\"1499\">\n<li data-start=\"1057\" data-end=\"1083\">\n<p data-start=\"1059\" data-end=\"1083\"><strong data-start=\"1059\" data-end=\"1074\">Fajta neve:<\/strong> Redhaven<\/p>\n<\/li>\n<li data-start=\"1084\" data-end=\"1144\">\n<p data-start=\"1086\" data-end=\"1144\"><strong data-start=\"1086\" data-end=\"1100\">\u00c9r\u00e9si id\u0151:<\/strong> j\u00falius v\u00e9ge \u2013 augusztus eleje (korai \u00e9r\u00e9s\u0171)<\/p>\n<\/li>\n<li data-start=\"1145\" data-end=\"1235\">\n<p data-start=\"1147\" data-end=\"1235\"><strong data-start=\"1147\" data-end=\"1160\">Gy\u00fcm\u00f6lcs:<\/strong> k\u00f6z\u00e9pnagy vagy nagy m\u00e9ret\u0171, s\u00e1rg\u00e1spiros h\u00e9j\u00fa, l\u00e9d\u00fas \u00e9s nagyon \u00edzletes h\u00fas\u00fa<\/p>\n<\/li>\n<li data-start=\"1236\" data-end=\"1306\">\n<p data-start=\"1238\" data-end=\"1306\"><strong data-start=\"1238\" data-end=\"1255\">Felhaszn\u00e1l\u00e1s:<\/strong> friss fogyaszt\u00e1sra, bef\u0151ttnek, lekv\u00e1rnak is kiv\u00e1l\u00f3<\/p>\n<\/li>\n<li data-start=\"1307\" data-end=\"1339\">\n<p data-start=\"1309\" data-end=\"1339\"><strong data-start=\"1309\" data-end=\"1317\">H\u00fas:<\/strong> s\u00e1rga h\u00fas\u00fa, magvav\u00e1l\u00f3<\/p>\n<\/li>\n<li data-start=\"1340\" data-end=\"1393\">\n<p data-start=\"1342\" data-end=\"1393\"><strong data-start=\"1342\" data-end=\"1354\">Porz\u00e1sa:<\/strong> \u00f6nterm\u00e9keny (nem ig\u00e9nyel m\u00e1sik fajt\u00e1t)<\/p>\n<\/li>\n<li data-start=\"1394\" data-end=\"1458\">\n<p data-start=\"1396\" data-end=\"1458\"><strong data-start=\"1396\" data-end=\"1413\">Ellen\u00e1ll\u00f3s\u00e1g:<\/strong> viszonylag ellen\u00e1ll\u00f3 a betegs\u00e9gekkel szemben<\/p>\n<\/li>\n<li data-start=\"1459\" data-end=\"1499\">\n<p data-start=\"1461\" data-end=\"1499\"><strong data-start=\"1461\" data-end=\"1475\">N\u00f6veked\u00e9s:<\/strong> k\u00f6z\u00e9per\u0151s n\u00f6veked\u00e9s\u0171 fa<\/p>\n<\/li>\n<\/ul>\n<h4 data-start=\"1501\" data-end=\"1528\">\ud83c\udf3f Gondoz\u00e1si tan\u00e1csok:<\/h4>\n<p data-start=\"1529\" data-end=\"1737\">A &#8216;Redhaven&#8217; napos, meleg fekv\u00e9s\u0171 helyet kedvel, j\u00f3 v\u00edz\u00e1tereszt\u0151 k\u00e9pess\u00e9g\u0171 talajban fejl\u0151dik a legszebben. Fontos a rendszeres metsz\u00e9s, amely el\u0151seg\u00edti a gy\u00fcm\u00f6lcs\u00f6k j\u00f3 be\u00e9r\u00e9s\u00e9t \u00e9s a fa eg\u00e9szs\u00e9ges n\u00f6veked\u00e9s\u00e9t.<\/p>\n<h4><strong>\ud83d\udd04 K\u00e9szletinform\u00e1ci\u00f3<\/strong><\/h4>\n<p><strong>K\u00e9szlet\u00fcnk napi szinten v\u00e1ltozik, \u00edgy a webshopban szerepl<\/strong><strong>\u0151<\/strong><strong>\u00a0term\u00e9kek el\u00e9rhet<\/strong><strong>\u0151<\/strong><strong>s\u00e9ge nem garant\u00e1lt.<br \/>\n\ud83d\udcde A megrendel\u00e9s el<\/strong><strong>\u0151<\/strong><strong>tt k\u00e9rj\u00fck, \u00e9rdekl<\/strong><strong>\u0151<\/strong><strong>dj\u00f6n szem\u00e9lyesen, telefonon vagy e-mailben!<\/strong><\/p>\n<h4><strong>\u27a1\ufe0f Kapcsolat:<\/strong><\/h4>\n<ul>\n<li><strong>Weboldal:\u00a0<\/strong><a href=\"https:\/\/tajkertesz.com\/\"><strong>tajkertesz.com<\/strong><\/a><\/li>\n<li><strong>Facebook:\u00a0<\/strong><a href=\"https:\/\/www.facebook.com\/tajkertesz\/\"><strong>facebook.com\/tajkertesz<\/strong><\/a><\/li>\n<li><strong>Telefonsz\u00e1m, e-mail: +36\/20-319-3770\u00a0<\/strong><a href=\"mailto:tajkerteszaruda@gmail.com\"><strong>tajkerteszaruda@gmail.com<\/strong><\/a><\/li>\n<\/ul>\n<h4><strong>\ud83d\ude9a Sz\u00e1ll\u00edt\u00e1si inform\u00e1ci\u00f3k<\/strong><\/h4>\n<p><strong>A megrendelt n\u00f6v\u00e9nyek kisz\u00e1ll\u00edt\u00e1sa az al\u00e1bbi felt\u00e9telek mellett t\u00f6rt\u00e9nik:<\/strong><\/p>\n<h4><strong>\ud83d\udce6 Fut\u00e1rszolg\u00e1latos sz\u00e1ll\u00edt\u00e1s<\/strong><\/h4>\n<ul>\n<li><strong>Maxim\u00e1lis m\u00e9ret: 200 cm (hossz\u00fas\u00e1g)<\/strong><\/li>\n<li><strong>Maxim\u00e1lis s\u00faly: 40 kg<\/strong><\/li>\n<li><strong>Az enn\u00e9l kisebb \u00e9s k\u00f6nnyebb csomagokat fut\u00e1rszolg\u00e1lattal k\u00e9zbes\u00edtj\u00fck a lehet<\/strong><strong>\u0151<\/strong><strong>\u00a0legbiztons\u00e1gosabb csomagol\u00e1sban.<\/strong><\/li>\n<\/ul>\n<h4><strong>\ud83d\udefb Szem\u00e9lyes \u00e1tv\u00e9tel<\/strong><\/h4>\n<ul>\n<li><strong>1173 Budapest, Bakancsos utca 7. sz\u00e1m alatt nyitvatart\u00e1si id<\/strong><strong>\u0151<\/strong><strong>ben szem\u00e9lyesen \u00e1tvehet<\/strong><strong>\u0151<\/strong><strong>\u00a0kert\u00e9szeti \u00e1rud\u00e1nkban.<\/strong><\/li>\n<li><strong>K\u00f6lts\u00e9ghat\u00e9kony megold\u00e1s nagyobb, t\u00f6r\u00e9kenyebb vagy t\u00falm\u00e9retes n\u00f6v\u00e9nyek eset\u00e9n.<\/strong><\/li>\n<\/ul>\n<h4><strong>\ud83d\udcde Nagy m\u00e9ret<\/strong><strong>\u0171<\/strong><strong>\u00a0vagy s\u00faly\u00fa n\u00f6v\u00e9nyek eset\u00e9n<\/strong><\/h4>\n<p><strong>Ha a term\u00e9k:<\/strong><\/p>\n<ul>\n<li><strong>meghaladja a 200 cm hossz\u00fas\u00e1got vagy<\/strong><\/li>\n<li><strong>meghaladja a 40 kg s\u00falyt,<\/strong><\/li>\n<\/ul>\n<p><strong>akkor szem\u00e9lyes \u00e1tv\u00e9tellel vagy egyedi, el<\/strong><strong>\u0151<\/strong><strong>re egyeztetett sz\u00e1ll\u00edt\u00e1si felt\u00e9telek mellett t\u00f6rt\u00e9nik.<br \/>\nK\u00e9rj\u00fck, ilyen esetben rendel\u00e9s el<\/strong><strong>\u0151<\/strong><strong>tt vegye fel vel\u00fcnk a kapcsolatot, hogy a lehet<\/strong><strong>\u0151<\/strong><strong>\u00a0legmegfelel<\/strong><strong>\u0151<\/strong><strong>bb sz\u00e1ll\u00edt\u00e1si megold\u00e1st k\u00edn\u00e1lhassuk.<\/strong><\/p>\n<p><strong>\ud83d\udd14 Fontos: A n\u00f6v\u00e9nyeket minden esetben igyeksz\u00fcnk gondosan, egyes\u00e9vel csomagolni, azonban a sz\u00e1ll\u00edt\u00e1s sor\u00e1n kisebb eszt\u00e9tikai s\u00e9r\u00fcl\u00e9sek el<\/strong><strong>\u0151<\/strong><strong>fordulhatnak (pl. lev\u00e9lhull\u00e1s). Ez nem min<\/strong><strong>\u0151<\/strong><strong>s\u00fcl hib\u00e1s teljes\u00edt\u00e9snek.<\/strong><\/p>\n<h4><strong>\ud83d\udcf7 Fontos tudni a k\u00e9pekr<\/strong><strong>\u0151<\/strong><strong>l<\/strong><\/h4>\n<p><strong>A webshopban szerepl<\/strong><strong>\u0151<\/strong><strong>\u00a0k\u00e9pek illusztr\u00e1ci\u00f3k, a n\u00f6v\u00e9nyek term\u00e9szet\u00fckn\u00e9l fogva egyediek, \u00edgy m\u00e9retben, alakban \u00e9s sz\u00ednben minim\u00e1lis elt\u00e9r\u00e9sek el<\/strong><strong>\u0151<\/strong><strong>fordulhatnak a k\u00e9pen l\u00e1that\u00f3 \u00e9s a val\u00f3s p\u00e9ld\u00e1nyok k\u00f6z\u00f6tt.<\/strong><\/p>\n<h4><strong>\ud83e\uddfe \u00c1rak \u00e9s el\u00e1ll\u00e1si jog<\/strong><\/h4>\n<ul>\n<li><strong>Az \u00e1rak egy darab\u00a0n\u00f6v\u00e9nyre vonatkoznak.<\/strong><\/li>\n<li><strong>\u00c9l<\/strong><strong>\u0151<\/strong><strong>\u00a0n\u00f6v\u00e9nyek rendel\u00e9se eset\u00e9n a 14 napos el\u00e1ll\u00e1s joga nem \u00e9rv\u00e9nyes\u00edthet<\/strong><strong>\u0151<\/strong><strong>, mivel azok romland\u00f3, biol\u00f3giailag \u00e9l<\/strong><strong>\u0151<\/strong><strong>\u00a0term\u00e9keknek min<\/strong><strong>\u0151<\/strong><strong>s\u00fclnek.<br \/>\n\ud83d\udd12 (17\/1999. (II. 5.) Korm. rendelet 5. \u00a7 c) pontja alapj\u00e1n)<\/strong><\/li>\n<\/ul>\n<h4><strong>\ud83d\udce6 K\u00e9zbes\u00edt\u00e9s ut\u00e1ni teend<\/strong><strong>\u0151<\/strong><strong>k<\/strong><\/h4>\n<p><strong>A k\u00e9zbes\u00edt\u00e9st k\u00f6vet<\/strong><strong>\u0151<\/strong><strong>en a csomagot azonnal bontsuk ki, \u00e9s a n\u00f6v\u00e9nyt helyezz\u00fck el megfelel<\/strong><strong>\u0151<\/strong><strong>\u00a0k\u00f6rnyezetben.<br \/>\nFontos: ha a n\u00f6v\u00e9ny nem r\u00e9szes\u00fcl megfelel<\/strong><strong>\u0151<\/strong><strong>\u00a0gondoz\u00e1sban \u00e9s ennek k\u00f6vetkezt\u00e9ben k\u00e1rosodik vagy elpusztul, felel<\/strong><strong>\u0151<\/strong><strong>ss\u00e9get nem tudunk v\u00e1llalni.<\/strong><\/p>","protected":false},"excerpt":{"rendered":"<p>A &#8216;Redhaven&#8217; \u0151szibarack az egyik legn\u00e9pszer\u0171bb korai \u00e9r\u00e9s\u0171 fajta, b\u0151term\u0151 \u00e9s k\u00fcl\u00f6n\u00f6sen zamatos gy\u00fcm\u00f6lcs\u00f6kkel. Kertbe \u00e9s gy\u00fcm\u00f6lcs\u00f6sbe is ide\u00e1lis v\u00e1laszt\u00e1s.<\/p>\n<p>150-170 cm magas, 10 literes kont\u00e9nerben.<\/p>","protected":false},"featured_media":24673,"template":"","meta":{"_et_pb_use_builder":"","_et_pb_old_content":"","_et_gb_content_width":""},"product_brand":[],"product_cat":[5295],"product_tag":[6845,1427,6848,6840,6844,6847,5396,6843,6846],"class_list":{"0":"post-24672","1":"product","2":"type-product","3":"status-publish","4":"has-post-thumbnail","6":"product_cat-barack","7":"product_tag-botermo","8":"product_tag-gyumolcsfa","9":"product_tag-hazikert","10":"product_tag-konteneres-gyumolcsfa","11":"product_tag-korai-eresu","12":"product_tag-magvavalo","13":"product_tag-oszibarack","14":"product_tag-redhaven","15":"product_tag-sargahusu","17":"first","18":"instock","19":"shipping-taxable","20":"purchasable","21":"product-type-simple"},"yoast_head":"<!-- This site is optimized with the Yoast SEO plugin v27.3 - https:\/\/yoast.com\/product\/yoast-seo-wordpress\/ -->\n<title>\u0150szibarack &#039;Redhaven&#039; - T\u00e1jkert\u00e9sz<\/title>\n<meta name=\"description\" content=\"Az \u0150szibarack &#039;Redhaven&#039; egy korai \u00e9r\u00e9s\u0171, b\u0151term\u0151 fajta, nagy, zamatos gy\u00fcm\u00f6lcs\u00f6kkel. T\u00f6k\u00e9letes v\u00e1laszt\u00e1s h\u00e1zikertbe vagy gy\u00fcm\u00f6lcs\u00f6sbe. Ismerd meg most!\" \/>\n<meta name=\"robots\" content=\"index, follow, max-snippet:-1, max-image-preview:large, max-video-preview:-1\" \/>\n<link rel=\"canonical\" href=\"https:\/\/tajkertesz.com\/en_US\/product\/oszibarack-redhaven\/\" \/>\n<meta property=\"og:locale\" content=\"en_US\" \/>\n<meta property=\"og:type\" content=\"article\" \/>\n<meta property=\"og:title\" content=\"\u0150szibarack &#039;Redhaven&#039; - T\u00e1jkert\u00e9sz\" \/>\n<meta property=\"og:description\" content=\"Az \u0150szibarack &#039;Redhaven&#039; egy korai \u00e9r\u00e9s\u0171, b\u0151term\u0151 fajta, nagy, zamatos gy\u00fcm\u00f6lcs\u00f6kkel. T\u00f6k\u00e9letes v\u00e1laszt\u00e1s h\u00e1zikertbe vagy gy\u00fcm\u00f6lcs\u00f6sbe. Ismerd meg most!\" \/>\n<meta property=\"og:url\" content=\"https:\/\/tajkertesz.com\/en_US\/product\/oszibarack-redhaven\/\" \/>\n<meta property=\"og:site_name\" content=\"T\u00e1jkert\u00e9sz\" \/>\n<meta property=\"article:publisher\" content=\"https:\/\/www.facebook.com\/Tajkertesz\/\" \/>\n<meta property=\"article:modified_time\" content=\"2026-02-23T15:48:12+00:00\" \/>\n<meta property=\"og:image\" content=\"https:\/\/tajkertesz.com\/wp-content\/uploads\/2025\/09\/pecher-redhaven-500x500-1.png\" \/>\n\t<meta property=\"og:image:width\" content=\"358\" \/>\n\t<meta property=\"og:image:height\" content=\"466\" \/>\n\t<meta property=\"og:image:type\" content=\"image\/png\" \/>\n<meta name=\"twitter:card\" content=\"summary_large_image\" \/>\n<meta name=\"twitter:label1\" content=\"Est. reading time\" \/>\n\t<meta name=\"twitter:data1\" content=\"3 minutes\" \/>\n<script type=\"application\/ld+json\" class=\"yoast-schema-graph\">{\"@context\":\"https:\\\/\\\/schema.org\",\"@graph\":[{\"@type\":\"WebPage\",\"@id\":\"https:\\\/\\\/tajkertesz.com\\\/termek\\\/oszibarack-redhaven\\\/\",\"url\":\"https:\\\/\\\/tajkertesz.com\\\/termek\\\/oszibarack-redhaven\\\/\",\"name\":\"\u0150szibarack 'Redhaven' - T\u00e1jkert\u00e9sz\",\"isPartOf\":{\"@id\":\"https:\\\/\\\/tajkertesz.com\\\/#website\"},\"primaryImageOfPage\":{\"@id\":\"https:\\\/\\\/tajkertesz.com\\\/termek\\\/oszibarack-redhaven\\\/#primaryimage\"},\"image\":{\"@id\":\"https:\\\/\\\/tajkertesz.com\\\/termek\\\/oszibarack-redhaven\\\/#primaryimage\"},\"thumbnailUrl\":\"https:\\\/\\\/tajkertesz.com\\\/wp-content\\\/uploads\\\/2025\\\/09\\\/pecher-redhaven-500x500-1.png\",\"datePublished\":\"2025-09-28T07:03:44+00:00\",\"dateModified\":\"2026-02-23T15:48:12+00:00\",\"description\":\"Az \u0150szibarack 'Redhaven' egy korai \u00e9r\u00e9s\u0171, b\u0151term\u0151 fajta, nagy, zamatos gy\u00fcm\u00f6lcs\u00f6kkel. T\u00f6k\u00e9letes v\u00e1laszt\u00e1s h\u00e1zikertbe vagy gy\u00fcm\u00f6lcs\u00f6sbe. Ismerd meg most!\",\"breadcrumb\":{\"@id\":\"https:\\\/\\\/tajkertesz.com\\\/termek\\\/oszibarack-redhaven\\\/#breadcrumb\"},\"inLanguage\":\"en-US\",\"potentialAction\":[{\"@type\":\"ReadAction\",\"target\":[\"https:\\\/\\\/tajkertesz.com\\\/termek\\\/oszibarack-redhaven\\\/\"]}]},{\"@type\":\"ImageObject\",\"inLanguage\":\"en-US\",\"@id\":\"https:\\\/\\\/tajkertesz.com\\\/termek\\\/oszibarack-redhaven\\\/#primaryimage\",\"url\":\"https:\\\/\\\/tajkertesz.com\\\/wp-content\\\/uploads\\\/2025\\\/09\\\/pecher-redhaven-500x500-1.png\",\"contentUrl\":\"https:\\\/\\\/tajkertesz.com\\\/wp-content\\\/uploads\\\/2025\\\/09\\\/pecher-redhaven-500x500-1.png\",\"width\":358,\"height\":466,\"caption\":\"\u0150szibarack 'Redhaven'\"},{\"@type\":\"BreadcrumbList\",\"@id\":\"https:\\\/\\\/tajkertesz.com\\\/termek\\\/oszibarack-redhaven\\\/#breadcrumb\",\"itemListElement\":[{\"@type\":\"ListItem\",\"position\":1,\"name\":\"Home\",\"item\":\"https:\\\/\\\/tajkertesz.com\\\/\"},{\"@type\":\"ListItem\",\"position\":2,\"name\":\"Kezd\u0151lap\",\"item\":\"https:\\\/\\\/tajkertesz.com\\\/\"},{\"@type\":\"ListItem\",\"position\":3,\"name\":\"\u0150szibarack &#8216;Redhaven&#8217;\"}]},{\"@type\":\"WebSite\",\"@id\":\"https:\\\/\\\/tajkertesz.com\\\/#website\",\"url\":\"https:\\\/\\\/tajkertesz.com\\\/\",\"name\":\"T\u00e1j-Kert\u00e9sz 84 Kft.\",\"description\":\"Kert\u00e9szeti kis- \u00e9s nagykeresked\u00e9s, D\u00edszn\u00f6v\u00e9ny web\u00e1ruh\u00e1z orsz\u00e1gos h\u00e1zhozsz\u00e1ll\u00edt\u00e1ssal!\",\"publisher\":{\"@id\":\"https:\\\/\\\/tajkertesz.com\\\/#organization\"},\"potentialAction\":[{\"@type\":\"SearchAction\",\"target\":{\"@type\":\"EntryPoint\",\"urlTemplate\":\"https:\\\/\\\/tajkertesz.com\\\/?s={search_term_string}\"},\"query-input\":{\"@type\":\"PropertyValueSpecification\",\"valueRequired\":true,\"valueName\":\"search_term_string\"}}],\"inLanguage\":\"en-US\"},{\"@type\":\"Organization\",\"@id\":\"https:\\\/\\\/tajkertesz.com\\\/#organization\",\"name\":\"T\u00e1j-Kert\u00e9sz 84 Kft.\",\"url\":\"https:\\\/\\\/tajkertesz.com\\\/\",\"logo\":{\"@type\":\"ImageObject\",\"inLanguage\":\"en-US\",\"@id\":\"https:\\\/\\\/tajkertesz.com\\\/#\\\/schema\\\/logo\\\/image\\\/\",\"url\":\"https:\\\/\\\/tajkertesz.com\\\/wp-content\\\/uploads\\\/2018\\\/02\\\/logo-2-e1518678052539.png\",\"contentUrl\":\"https:\\\/\\\/tajkertesz.com\\\/wp-content\\\/uploads\\\/2018\\\/02\\\/logo-2-e1518678052539.png\",\"width\":81,\"height\":140,\"caption\":\"T\u00e1j-Kert\u00e9sz 84 Kft.\"},\"image\":{\"@id\":\"https:\\\/\\\/tajkertesz.com\\\/#\\\/schema\\\/logo\\\/image\\\/\"},\"sameAs\":[\"https:\\\/\\\/www.facebook.com\\\/Tajkertesz\\\/\"]}]}<\/script>\n<!-- \/ Yoast SEO plugin. -->","yoast_head_json":{"title":"\u0150szibarack 'Redhaven' - T\u00e1jkert\u00e9sz","description":"Az \u0150szibarack 'Redhaven' egy korai \u00e9r\u00e9s\u0171, b\u0151term\u0151 fajta, nagy, zamatos gy\u00fcm\u00f6lcs\u00f6kkel. T\u00f6k\u00e9letes v\u00e1laszt\u00e1s h\u00e1zikertbe vagy gy\u00fcm\u00f6lcs\u00f6sbe. Ismerd meg most!","robots":{"index":"index","follow":"follow","max-snippet":"max-snippet:-1","max-image-preview":"max-image-preview:large","max-video-preview":"max-video-preview:-1"},"canonical":"https:\/\/tajkertesz.com\/en_US\/product\/oszibarack-redhaven\/","og_locale":"en_US","og_type":"article","og_title":"\u0150szibarack 'Redhaven' - T\u00e1jkert\u00e9sz","og_description":"Az \u0150szibarack 'Redhaven' egy korai \u00e9r\u00e9s\u0171, b\u0151term\u0151 fajta, nagy, zamatos gy\u00fcm\u00f6lcs\u00f6kkel. T\u00f6k\u00e9letes v\u00e1laszt\u00e1s h\u00e1zikertbe vagy gy\u00fcm\u00f6lcs\u00f6sbe. Ismerd meg most!","og_url":"https:\/\/tajkertesz.com\/en_US\/product\/oszibarack-redhaven\/","og_site_name":"T\u00e1jkert\u00e9sz","article_publisher":"https:\/\/www.facebook.com\/Tajkertesz\/","article_modified_time":"2026-02-23T15:48:12+00:00","og_image":[{"width":358,"height":466,"url":"https:\/\/tajkertesz.com\/wp-content\/uploads\/2025\/09\/pecher-redhaven-500x500-1.png","type":"image\/png"}],"twitter_card":"summary_large_image","twitter_misc":{"Est. reading time":"3 minutes"},"schema":{"@context":"https:\/\/schema.org","@graph":[{"@type":"WebPage","@id":"https:\/\/tajkertesz.com\/termek\/oszibarack-redhaven\/","url":"https:\/\/tajkertesz.com\/termek\/oszibarack-redhaven\/","name":"\u0150szibarack 'Redhaven' - T\u00e1jkert\u00e9sz","isPartOf":{"@id":"https:\/\/tajkertesz.com\/#website"},"primaryImageOfPage":{"@id":"https:\/\/tajkertesz.com\/termek\/oszibarack-redhaven\/#primaryimage"},"image":{"@id":"https:\/\/tajkertesz.com\/termek\/oszibarack-redhaven\/#primaryimage"},"thumbnailUrl":"https:\/\/tajkertesz.com\/wp-content\/uploads\/2025\/09\/pecher-redhaven-500x500-1.png","datePublished":"2025-09-28T07:03:44+00:00","dateModified":"2026-02-23T15:48:12+00:00","description":"Az \u0150szibarack 'Redhaven' egy korai \u00e9r\u00e9s\u0171, b\u0151term\u0151 fajta, nagy, zamatos gy\u00fcm\u00f6lcs\u00f6kkel. T\u00f6k\u00e9letes v\u00e1laszt\u00e1s h\u00e1zikertbe vagy gy\u00fcm\u00f6lcs\u00f6sbe. Ismerd meg most!","breadcrumb":{"@id":"https:\/\/tajkertesz.com\/termek\/oszibarack-redhaven\/#breadcrumb"},"inLanguage":"en-US","potentialAction":[{"@type":"ReadAction","target":["https:\/\/tajkertesz.com\/termek\/oszibarack-redhaven\/"]}]},{"@type":"ImageObject","inLanguage":"en-US","@id":"https:\/\/tajkertesz.com\/termek\/oszibarack-redhaven\/#primaryimage","url":"https:\/\/tajkertesz.com\/wp-content\/uploads\/2025\/09\/pecher-redhaven-500x500-1.png","contentUrl":"https:\/\/tajkertesz.com\/wp-content\/uploads\/2025\/09\/pecher-redhaven-500x500-1.png","width":358,"height":466,"caption":"\u0150szibarack 'Redhaven'"},{"@type":"BreadcrumbList","@id":"https:\/\/tajkertesz.com\/termek\/oszibarack-redhaven\/#breadcrumb","itemListElement":[{"@type":"ListItem","position":1,"name":"Home","item":"https:\/\/tajkertesz.com\/"},{"@type":"ListItem","position":2,"name":"Kezd\u0151lap","item":"https:\/\/tajkertesz.com\/"},{"@type":"ListItem","position":3,"name":"\u0150szibarack &#8216;Redhaven&#8217;"}]},{"@type":"WebSite","@id":"https:\/\/tajkertesz.com\/#website","url":"https:\/\/tajkertesz.com\/","name":"T\u00e1j-Kert\u00e9sz 84 Kft.","description":"Kert\u00e9szeti kis- \u00e9s nagykeresked\u00e9s, D\u00edszn\u00f6v\u00e9ny web\u00e1ruh\u00e1z orsz\u00e1gos h\u00e1zhozsz\u00e1ll\u00edt\u00e1ssal!","publisher":{"@id":"https:\/\/tajkertesz.com\/#organization"},"potentialAction":[{"@type":"SearchAction","target":{"@type":"EntryPoint","urlTemplate":"https:\/\/tajkertesz.com\/?s={search_term_string}"},"query-input":{"@type":"PropertyValueSpecification","valueRequired":true,"valueName":"search_term_string"}}],"inLanguage":"en-US"},{"@type":"Organization","@id":"https:\/\/tajkertesz.com\/#organization","name":"T\u00e1j-Kert\u00e9sz 84 Kft.","url":"https:\/\/tajkertesz.com\/","logo":{"@type":"ImageObject","inLanguage":"en-US","@id":"https:\/\/tajkertesz.com\/#\/schema\/logo\/image\/","url":"https:\/\/tajkertesz.com\/wp-content\/uploads\/2018\/02\/logo-2-e1518678052539.png","contentUrl":"https:\/\/tajkertesz.com\/wp-content\/uploads\/2018\/02\/logo-2-e1518678052539.png","width":81,"height":140,"caption":"T\u00e1j-Kert\u00e9sz 84 Kft."},"image":{"@id":"https:\/\/tajkertesz.com\/#\/schema\/logo\/image\/"},"sameAs":["https:\/\/www.facebook.com\/Tajkertesz\/"]}]}},"_links":{"self":[{"href":"https:\/\/tajkertesz.com\/en_US\/wp-json\/wp\/v2\/product\/24672","targetHints":{"allow":["GET"]}}],"collection":[{"href":"https:\/\/tajkertesz.com\/en_US\/wp-json\/wp\/v2\/product"}],"about":[{"href":"https:\/\/tajkertesz.com\/en_US\/wp-json\/wp\/v2\/types\/product"}],"wp:featuredmedia":[{"embeddable":true,"href":"https:\/\/tajkertesz.com\/en_US\/wp-json\/wp\/v2\/media\/24673"}],"wp:attachment":[{"href":"https:\/\/tajkertesz.com\/en_US\/wp-json\/wp\/v2\/media?parent=24672"}],"wp:term":[{"taxonomy":"product_brand","embeddable":true,"href":"https:\/\/tajkertesz.com\/en_US\/wp-json\/wp\/v2\/product_brand?post=24672"},{"taxonomy":"product_cat","embeddable":true,"href":"https:\/\/tajkertesz.com\/en_US\/wp-json\/wp\/v2\/product_cat?post=24672"},{"taxonomy":"product_tag","embeddable":true,"href":"https:\/\/tajkertesz.com\/en_US\/wp-json\/wp\/v2\/product_tag?post=24672"}],"curies":[{"name":"wp","href":"https:\/\/api.w.org\/{rel}","templated":true}]}}