{"id":24716,"date":"2025-09-29T09:05:03","date_gmt":"2025-09-29T09:05:03","guid":{"rendered":"https:\/\/tajkertesz.com\/?post_type=product&#038;p=24716"},"modified":"2026-02-22T11:29:03","modified_gmt":"2026-02-22T11:29:03","slug":"alma-summerred","status":"publish","type":"product","link":"https:\/\/tajkertesz.com\/en_US\/product\/alma-summerred\/","title":{"rendered":"Alma &#8216;Summerred&#8217;"},"content":{"rendered":"<h1 data-start=\"928\" data-end=\"1211\">Alma &#8216;Summerred&#8217;<\/h1>\n<p data-start=\"928\" data-end=\"1211\">Az alma &#8216;Summerred&#8217; \u00a0egy Kanad\u00e1b\u00f3l sz\u00e1rmaz\u00f3, de Magyarorsz\u00e1gon is sikeresen termesztett ny\u00e1ri almafajta. A Summerred alm\u00e1k <strong data-start=\"1064\" data-end=\"1102\">j\u00falius v\u00e9g\u00e9t\u0151l \u2013 augusztus elej\u00e9ig<\/strong> \u00e9rnek, \u00e9s k\u00fcl\u00f6n\u00f6sen n\u00e9pszer\u0171ek <strong data-start=\"1134\" data-end=\"1156\">friss fogyaszt\u00e1sra<\/strong> \u00e9l\u00e9nkpiros h\u00e9juk, finom \u00e1llaguk \u00e9s \u00fcd\u00edt\u0151 \u00edz\u00fck miatt.<\/p>\n<p data-start=\"1216\" data-end=\"1362\">A gy\u00fcm\u00f6lcs h\u00fasa feh\u00e9r, <strong data-start=\"1239\" data-end=\"1259\">enyh\u00e9n savanyk\u00e1s<\/strong>, roppan\u00f3s \u00e9s zamatos, magas nedvess\u00e9gtartalommal. H\u00e9ja sima, f\u00e9nyes, v\u00e9kony, teljes fed\u0151sz\u00edn\u0171 piros.<\/p>\n<p data-start=\"1367\" data-end=\"1529\">A fajta el\u0151nye, hogy <strong data-start=\"1388\" data-end=\"1402\">kor\u00e1n \u00e9rik<\/strong>, \u00edgy m\u00e1r a ny\u00e1r k\u00f6zep\u00e9n el\u00e9rhet\u0151 friss alm\u00e1t k\u00edn\u00e1l. H\u00e1tr\u00e1nya, hogy kev\u00e9sb\u00e9 j\u00f3l t\u00e1rolhat\u00f3, \u00edgy szezon\u00e1lis fogyaszt\u00e1sra ide\u00e1lis.<\/p>\n<p data-start=\"1534\" data-end=\"1554\"><strong data-start=\"1534\" data-end=\"1552\">Alma &#8216;Summerred&#8217;\u00a0 tulajdons\u00e1gai:<\/strong><\/p>\n<ul data-start=\"1557\" data-end=\"1867\">\n<li data-start=\"1557\" data-end=\"1606\">\n<p data-start=\"1559\" data-end=\"1606\">Tudom\u00e1nyos n\u00e9v: <em data-start=\"1575\" data-end=\"1604\">Malus domestica &#8216;Summerred&#8217;<\/em><\/p>\n<\/li>\n<li data-start=\"1609\" data-end=\"1639\">\n<p data-start=\"1611\" data-end=\"1639\">T\u00edpus: Ny\u00e1ri \u00e9tkez\u00e9si alma<\/p>\n<\/li>\n<li data-start=\"1642\" data-end=\"1686\">\n<p data-start=\"1644\" data-end=\"1686\">\u00c9r\u00e9si id\u0151: J\u00falius v\u00e9ge \u2013 augusztus eleje<\/p>\n<\/li>\n<li data-start=\"1689\" data-end=\"1720\">\n<p data-start=\"1691\" data-end=\"1720\">\u00cdz: Enyh\u00e9n savanyk\u00e1s, l\u00e9d\u00fas<\/p>\n<\/li>\n<li data-start=\"1723\" data-end=\"1754\">\n<p data-start=\"1725\" data-end=\"1754\">H\u00e9j: Teljesen piros, f\u00e9nyes<\/p>\n<\/li>\n<li data-start=\"1757\" data-end=\"1801\">\n<p data-start=\"1759\" data-end=\"1801\">T\u00e1rol\u00e1s: R\u00f6vid ideig, h\u0171tve max. 2-3 h\u00e9t<\/p>\n<\/li>\n<\/ul>\n<h4><strong>\ud83d\udd04 K\u00e9szletinform\u00e1ci\u00f3<\/strong><\/h4>\n<p><strong>K\u00e9szlet\u00fcnk napi szinten v\u00e1ltozik, \u00edgy a webshopban szerepl<\/strong><strong>\u0151<\/strong><strong>\u00a0term\u00e9kek el\u00e9rhet<\/strong><strong>\u0151<\/strong><strong>s\u00e9ge nem garant\u00e1lt.<br \/>\n\ud83d\udcde A megrendel\u00e9s el<\/strong><strong>\u0151<\/strong><strong>tt k\u00e9rj\u00fck, \u00e9rdekl<\/strong><strong>\u0151<\/strong><strong>dj\u00f6n szem\u00e9lyesen, telefonon vagy e-mailben!<\/strong><\/p>\n<h4><strong>\u27a1\ufe0f Kapcsolat:<\/strong><\/h4>\n<ul>\n<li><strong>Weboldal:\u00a0<\/strong><a href=\"https:\/\/tajkertesz.com\/\"><strong>tajkertesz.com<\/strong><\/a><\/li>\n<li><strong>Facebook:\u00a0<\/strong><a href=\"https:\/\/www.facebook.com\/tajkertesz\/\"><strong>facebook.com\/tajkertesz<\/strong><\/a><\/li>\n<li><strong>Telefonsz\u00e1m, e-mail: +36\/20-319-3770\u00a0<\/strong><a href=\"mailto:tajkerteszaruda@gmail.com\"><strong>tajkerteszaruda@gmail.com<\/strong><\/a><\/li>\n<\/ul>\n<h4><strong>\ud83d\ude9a Sz\u00e1ll\u00edt\u00e1si inform\u00e1ci\u00f3k<\/strong><\/h4>\n<p><strong>A megrendelt n\u00f6v\u00e9nyek kisz\u00e1ll\u00edt\u00e1sa az al\u00e1bbi felt\u00e9telek mellett t\u00f6rt\u00e9nik:<\/strong><\/p>\n<h4><strong>\ud83d\udce6 Fut\u00e1rszolg\u00e1latos sz\u00e1ll\u00edt\u00e1s<\/strong><\/h4>\n<ul>\n<li><strong>Maxim\u00e1lis m\u00e9ret: 200 cm (hossz\u00fas\u00e1g)<\/strong><\/li>\n<li><strong>Maxim\u00e1lis s\u00faly: 40 kg<\/strong><\/li>\n<li><strong>Az enn\u00e9l kisebb \u00e9s k\u00f6nnyebb csomagokat fut\u00e1rszolg\u00e1lattal k\u00e9zbes\u00edtj\u00fck a lehet<\/strong><strong>\u0151<\/strong><strong>\u00a0legbiztons\u00e1gosabb csomagol\u00e1sban.<\/strong><\/li>\n<\/ul>\n<h4><strong>\ud83d\udefb Szem\u00e9lyes \u00e1tv\u00e9tel<\/strong><\/h4>\n<ul>\n<li><strong>1173 Budapest, Bakancsos utca 7. sz\u00e1m alatt nyitvatart\u00e1si id<\/strong><strong>\u0151<\/strong><strong>ben szem\u00e9lyesen \u00e1tvehet<\/strong><strong>\u0151<\/strong><strong>\u00a0kert\u00e9szeti \u00e1rud\u00e1nkban.<\/strong><\/li>\n<li><strong>K\u00f6lts\u00e9ghat\u00e9kony megold\u00e1s nagyobb, t\u00f6r\u00e9kenyebb vagy t\u00falm\u00e9retes n\u00f6v\u00e9nyek eset\u00e9n.<\/strong><\/li>\n<\/ul>\n<h4><strong>\ud83d\udcde Nagy m\u00e9ret<\/strong><strong>\u0171<\/strong><strong>\u00a0vagy s\u00faly\u00fa n\u00f6v\u00e9nyek eset\u00e9n<\/strong><\/h4>\n<p><strong>Ha a term\u00e9k:<\/strong><\/p>\n<ul>\n<li><strong>meghaladja a 200 cm hossz\u00fas\u00e1got vagy<\/strong><\/li>\n<li><strong>meghaladja a 40 kg s\u00falyt,<\/strong><\/li>\n<\/ul>\n<p><strong>akkor szem\u00e9lyes \u00e1tv\u00e9tellel vagy egyedi, el<\/strong><strong>\u0151<\/strong><strong>re egyeztetett sz\u00e1ll\u00edt\u00e1si felt\u00e9telek mellett t\u00f6rt\u00e9nik.<br \/>\nK\u00e9rj\u00fck, ilyen esetben rendel\u00e9s el<\/strong><strong>\u0151<\/strong><strong>tt vegye fel vel\u00fcnk a kapcsolatot, hogy a lehet<\/strong><strong>\u0151<\/strong><strong>\u00a0legmegfelel<\/strong><strong>\u0151<\/strong><strong>bb sz\u00e1ll\u00edt\u00e1si megold\u00e1st k\u00edn\u00e1lhassuk.<\/strong><\/p>\n<p><strong>\ud83d\udd14 Fontos: A n\u00f6v\u00e9nyeket minden esetben igyeksz\u00fcnk gondosan, egyes\u00e9vel csomagolni, azonban a sz\u00e1ll\u00edt\u00e1s sor\u00e1n kisebb eszt\u00e9tikai s\u00e9r\u00fcl\u00e9sek el<\/strong><strong>\u0151<\/strong><strong>fordulhatnak (pl. lev\u00e9lhull\u00e1s). Ez nem min<\/strong><strong>\u0151<\/strong><strong>s\u00fcl hib\u00e1s teljes\u00edt\u00e9snek.<\/strong><\/p>\n<h4><strong>\ud83d\udcf7 Fontos tudni a k\u00e9pekr<\/strong><strong>\u0151<\/strong><strong>l<\/strong><\/h4>\n<p><strong>A webshopban szerepl<\/strong><strong>\u0151<\/strong><strong>\u00a0k\u00e9pek illusztr\u00e1ci\u00f3k, a n\u00f6v\u00e9nyek term\u00e9szet\u00fckn\u00e9l fogva egyediek, \u00edgy m\u00e9retben, alakban \u00e9s sz\u00ednben minim\u00e1lis elt\u00e9r\u00e9sek el<\/strong><strong>\u0151<\/strong><strong>fordulhatnak a k\u00e9pen l\u00e1that\u00f3 \u00e9s a val\u00f3s p\u00e9ld\u00e1nyok k\u00f6z\u00f6tt.<\/strong><\/p>\n<h4><strong>\ud83e\uddfe \u00c1rak \u00e9s el\u00e1ll\u00e1si jog<\/strong><\/h4>\n<ul>\n<li><strong>Az \u00e1rak egy darab\u00a0n\u00f6v\u00e9nyre vonatkoznak.<\/strong><\/li>\n<li><strong>\u00c9l<\/strong><strong>\u0151<\/strong><strong>\u00a0n\u00f6v\u00e9nyek rendel\u00e9se eset\u00e9n a 14 napos el\u00e1ll\u00e1s joga nem \u00e9rv\u00e9nyes\u00edthet<\/strong><strong>\u0151<\/strong><strong>, mivel azok romland\u00f3, biol\u00f3giailag \u00e9l<\/strong><strong>\u0151<\/strong><strong>\u00a0term\u00e9keknek min<\/strong><strong>\u0151<\/strong><strong>s\u00fclnek.<br \/>\n\ud83d\udd12 (17\/1999. (II. 5.) Korm. rendelet 5. \u00a7 c) pontja alapj\u00e1n)<\/strong><\/li>\n<\/ul>\n<h4><strong>\ud83d\udce6 K\u00e9zbes\u00edt\u00e9s ut\u00e1ni teend<\/strong><strong>\u0151<\/strong><strong>k<\/strong><\/h4>\n<p><strong>A k\u00e9zbes\u00edt\u00e9st k\u00f6vet<\/strong><strong>\u0151<\/strong><strong>en a csomagot azonnal bontsuk ki, \u00e9s a n\u00f6v\u00e9nyt helyezz\u00fck el megfelel<\/strong><strong>\u0151<\/strong><strong>\u00a0k\u00f6rnyezetben.<br \/>\nFontos: ha a n\u00f6v\u00e9ny nem r\u00e9szes\u00fcl megfelel<\/strong><strong>\u0151<\/strong><strong>\u00a0gondoz\u00e1sban \u00e9s ennek k\u00f6vetkezt\u00e9ben k\u00e1rosodik vagy elpusztul, felel<\/strong><strong>\u0151<\/strong><strong>ss\u00e9get nem tudunk v\u00e1llalni.<\/strong><\/p>","protected":false},"excerpt":{"rendered":"<p data-start=\"700\" data-end=\"864\"><strong data-start=\"700\" data-end=\"864\">A Summerred egy korai \u00e9r\u00e9s\u0171, \u00e9l\u00e9nkpiros h\u00e9j\u00fa ny\u00e1ri almafajta. Enyh\u00e9n savanyk\u00e1s, l\u00e9d\u00fas \u00e9s illatos \u2013 ide\u00e1lis friss fogyaszt\u00e1sra, sal\u00e1t\u00e1khoz vagy gy\u00fcm\u00f6lcslevekhez.<\/strong><\/p>\n<p data-start=\"700\" data-end=\"864\">M\u00e9rete: 150-170 cm magas, 5,6 literes kont\u00e9nerben.<\/p>","protected":false},"featured_media":24717,"template":"","meta":{"_et_pb_use_builder":"","_et_pb_old_content":"","_et_gb_content_width":""},"product_brand":[],"product_cat":[5290],"product_tag":[1427,6765,6911,6912,6903,5477,6909,853,4360,6908,6907],"class_list":{"0":"post-24716","1":"product","2":"type-product","3":"status-publish","4":"has-post-thumbnail","6":"product_cat-alma","7":"product_tag-gyumolcsfa","8":"product_tag-gyumolcsfa-hazikertbe","9":"product_tag-korai-eresu-alma","10":"product_tag-ledus-alma","11":"product_tag-magyar-gyumolcs","12":"product_tag-malus-domestica","13":"product_tag-nyari-alma","14":"product_tag-oltvany","15":"product_tag-piros-alma","16":"product_tag-summerred-alma","17":"product_tag-szezonalis-gyumolcs","19":"first","20":"instock","21":"shipping-taxable","22":"purchasable","23":"product-type-simple"},"yoast_head":"<!-- This site is optimized with the Yoast SEO plugin v27.3 - https:\/\/yoast.com\/product\/yoast-seo-wordpress\/ -->\n<title>Alma &#039;Summerred&#039; - T\u00e1jkert\u00e9sz<\/title>\n<meta name=\"description\" content=\"Alma &#039;Summerred&#039; \u2013 korai \u00e9r\u00e9s\u0171, friss magyar ny\u00e1ri alma, \u00e9l\u00e9nkpiros h\u00e9jjal \u00e9s \u00fcd\u00edt\u0151 \u00edzvil\u00e1ggal. Ide\u00e1lis friss fogyaszt\u00e1sra. Rendelje meg online!\" \/>\n<meta name=\"robots\" content=\"index, follow, max-snippet:-1, max-image-preview:large, max-video-preview:-1\" \/>\n<link rel=\"canonical\" href=\"https:\/\/tajkertesz.com\/en_US\/product\/alma-summerred\/\" \/>\n<meta property=\"og:locale\" content=\"en_US\" \/>\n<meta property=\"og:type\" content=\"article\" \/>\n<meta property=\"og:title\" content=\"Alma &#039;Summerred&#039; - T\u00e1jkert\u00e9sz\" \/>\n<meta property=\"og:description\" content=\"Alma &#039;Summerred&#039; \u2013 korai \u00e9r\u00e9s\u0171, friss magyar ny\u00e1ri alma, \u00e9l\u00e9nkpiros h\u00e9jjal \u00e9s \u00fcd\u00edt\u0151 \u00edzvil\u00e1ggal. Ide\u00e1lis friss fogyaszt\u00e1sra. Rendelje meg online!\" \/>\n<meta property=\"og:url\" content=\"https:\/\/tajkertesz.com\/en_US\/product\/alma-summerred\/\" \/>\n<meta property=\"og:site_name\" content=\"T\u00e1jkert\u00e9sz\" \/>\n<meta property=\"article:publisher\" content=\"https:\/\/www.facebook.com\/Tajkertesz\/\" \/>\n<meta property=\"article:modified_time\" content=\"2026-02-22T11:29:03+00:00\" \/>\n<meta property=\"og:image\" content=\"https:\/\/tajkertesz.com\/wp-content\/uploads\/2025\/09\/patio-fruit-tree-malus-domestica-summerred-apple-c67.jpg\" \/>\n\t<meta property=\"og:image:width\" content=\"504\" \/>\n\t<meta property=\"og:image:height\" content=\"492\" \/>\n\t<meta property=\"og:image:type\" content=\"image\/jpeg\" \/>\n<meta name=\"twitter:card\" content=\"summary_large_image\" \/>\n<meta name=\"twitter:label1\" content=\"Est. reading time\" \/>\n\t<meta name=\"twitter:data1\" content=\"3 minutes\" \/>\n<script type=\"application\/ld+json\" class=\"yoast-schema-graph\">{\"@context\":\"https:\\\/\\\/schema.org\",\"@graph\":[{\"@type\":\"WebPage\",\"@id\":\"https:\\\/\\\/tajkertesz.com\\\/termek\\\/alma-summerred\\\/\",\"url\":\"https:\\\/\\\/tajkertesz.com\\\/termek\\\/alma-summerred\\\/\",\"name\":\"Alma 'Summerred' - T\u00e1jkert\u00e9sz\",\"isPartOf\":{\"@id\":\"https:\\\/\\\/tajkertesz.com\\\/#website\"},\"primaryImageOfPage\":{\"@id\":\"https:\\\/\\\/tajkertesz.com\\\/termek\\\/alma-summerred\\\/#primaryimage\"},\"image\":{\"@id\":\"https:\\\/\\\/tajkertesz.com\\\/termek\\\/alma-summerred\\\/#primaryimage\"},\"thumbnailUrl\":\"https:\\\/\\\/tajkertesz.com\\\/wp-content\\\/uploads\\\/2025\\\/09\\\/patio-fruit-tree-malus-domestica-summerred-apple-c67.jpg\",\"datePublished\":\"2025-09-29T09:05:03+00:00\",\"dateModified\":\"2026-02-22T11:29:03+00:00\",\"description\":\"Alma 'Summerred' \u2013 korai \u00e9r\u00e9s\u0171, friss magyar ny\u00e1ri alma, \u00e9l\u00e9nkpiros h\u00e9jjal \u00e9s \u00fcd\u00edt\u0151 \u00edzvil\u00e1ggal. Ide\u00e1lis friss fogyaszt\u00e1sra. Rendelje meg online!\",\"breadcrumb\":{\"@id\":\"https:\\\/\\\/tajkertesz.com\\\/termek\\\/alma-summerred\\\/#breadcrumb\"},\"inLanguage\":\"en-US\",\"potentialAction\":[{\"@type\":\"ReadAction\",\"target\":[\"https:\\\/\\\/tajkertesz.com\\\/termek\\\/alma-summerred\\\/\"]}]},{\"@type\":\"ImageObject\",\"inLanguage\":\"en-US\",\"@id\":\"https:\\\/\\\/tajkertesz.com\\\/termek\\\/alma-summerred\\\/#primaryimage\",\"url\":\"https:\\\/\\\/tajkertesz.com\\\/wp-content\\\/uploads\\\/2025\\\/09\\\/patio-fruit-tree-malus-domestica-summerred-apple-c67.jpg\",\"contentUrl\":\"https:\\\/\\\/tajkertesz.com\\\/wp-content\\\/uploads\\\/2025\\\/09\\\/patio-fruit-tree-malus-domestica-summerred-apple-c67.jpg\",\"width\":504,\"height\":492,\"caption\":\"Alma 'Summerred'\"},{\"@type\":\"BreadcrumbList\",\"@id\":\"https:\\\/\\\/tajkertesz.com\\\/termek\\\/alma-summerred\\\/#breadcrumb\",\"itemListElement\":[{\"@type\":\"ListItem\",\"position\":1,\"name\":\"Home\",\"item\":\"https:\\\/\\\/tajkertesz.com\\\/\"},{\"@type\":\"ListItem\",\"position\":2,\"name\":\"Kezd\u0151lap\",\"item\":\"https:\\\/\\\/tajkertesz.com\\\/\"},{\"@type\":\"ListItem\",\"position\":3,\"name\":\"Alma &#8216;Summerred&#8217;\"}]},{\"@type\":\"WebSite\",\"@id\":\"https:\\\/\\\/tajkertesz.com\\\/#website\",\"url\":\"https:\\\/\\\/tajkertesz.com\\\/\",\"name\":\"T\u00e1j-Kert\u00e9sz 84 Kft.\",\"description\":\"Kert\u00e9szeti kis- \u00e9s nagykeresked\u00e9s, D\u00edszn\u00f6v\u00e9ny web\u00e1ruh\u00e1z orsz\u00e1gos h\u00e1zhozsz\u00e1ll\u00edt\u00e1ssal!\",\"publisher\":{\"@id\":\"https:\\\/\\\/tajkertesz.com\\\/#organization\"},\"potentialAction\":[{\"@type\":\"SearchAction\",\"target\":{\"@type\":\"EntryPoint\",\"urlTemplate\":\"https:\\\/\\\/tajkertesz.com\\\/?s={search_term_string}\"},\"query-input\":{\"@type\":\"PropertyValueSpecification\",\"valueRequired\":true,\"valueName\":\"search_term_string\"}}],\"inLanguage\":\"en-US\"},{\"@type\":\"Organization\",\"@id\":\"https:\\\/\\\/tajkertesz.com\\\/#organization\",\"name\":\"T\u00e1j-Kert\u00e9sz 84 Kft.\",\"url\":\"https:\\\/\\\/tajkertesz.com\\\/\",\"logo\":{\"@type\":\"ImageObject\",\"inLanguage\":\"en-US\",\"@id\":\"https:\\\/\\\/tajkertesz.com\\\/#\\\/schema\\\/logo\\\/image\\\/\",\"url\":\"https:\\\/\\\/tajkertesz.com\\\/wp-content\\\/uploads\\\/2018\\\/02\\\/logo-2-e1518678052539.png\",\"contentUrl\":\"https:\\\/\\\/tajkertesz.com\\\/wp-content\\\/uploads\\\/2018\\\/02\\\/logo-2-e1518678052539.png\",\"width\":81,\"height\":140,\"caption\":\"T\u00e1j-Kert\u00e9sz 84 Kft.\"},\"image\":{\"@id\":\"https:\\\/\\\/tajkertesz.com\\\/#\\\/schema\\\/logo\\\/image\\\/\"},\"sameAs\":[\"https:\\\/\\\/www.facebook.com\\\/Tajkertesz\\\/\"]}]}<\/script>\n<!-- \/ Yoast SEO plugin. -->","yoast_head_json":{"title":"Alma 'Summerred' - T\u00e1jkert\u00e9sz","description":"Alma 'Summerred' \u2013 korai \u00e9r\u00e9s\u0171, friss magyar ny\u00e1ri alma, \u00e9l\u00e9nkpiros h\u00e9jjal \u00e9s \u00fcd\u00edt\u0151 \u00edzvil\u00e1ggal. Ide\u00e1lis friss fogyaszt\u00e1sra. Rendelje meg online!","robots":{"index":"index","follow":"follow","max-snippet":"max-snippet:-1","max-image-preview":"max-image-preview:large","max-video-preview":"max-video-preview:-1"},"canonical":"https:\/\/tajkertesz.com\/en_US\/product\/alma-summerred\/","og_locale":"en_US","og_type":"article","og_title":"Alma 'Summerred' - T\u00e1jkert\u00e9sz","og_description":"Alma 'Summerred' \u2013 korai \u00e9r\u00e9s\u0171, friss magyar ny\u00e1ri alma, \u00e9l\u00e9nkpiros h\u00e9jjal \u00e9s \u00fcd\u00edt\u0151 \u00edzvil\u00e1ggal. Ide\u00e1lis friss fogyaszt\u00e1sra. Rendelje meg online!","og_url":"https:\/\/tajkertesz.com\/en_US\/product\/alma-summerred\/","og_site_name":"T\u00e1jkert\u00e9sz","article_publisher":"https:\/\/www.facebook.com\/Tajkertesz\/","article_modified_time":"2026-02-22T11:29:03+00:00","og_image":[{"width":504,"height":492,"url":"https:\/\/tajkertesz.com\/wp-content\/uploads\/2025\/09\/patio-fruit-tree-malus-domestica-summerred-apple-c67.jpg","type":"image\/jpeg"}],"twitter_card":"summary_large_image","twitter_misc":{"Est. reading time":"3 minutes"},"schema":{"@context":"https:\/\/schema.org","@graph":[{"@type":"WebPage","@id":"https:\/\/tajkertesz.com\/termek\/alma-summerred\/","url":"https:\/\/tajkertesz.com\/termek\/alma-summerred\/","name":"Alma 'Summerred' - T\u00e1jkert\u00e9sz","isPartOf":{"@id":"https:\/\/tajkertesz.com\/#website"},"primaryImageOfPage":{"@id":"https:\/\/tajkertesz.com\/termek\/alma-summerred\/#primaryimage"},"image":{"@id":"https:\/\/tajkertesz.com\/termek\/alma-summerred\/#primaryimage"},"thumbnailUrl":"https:\/\/tajkertesz.com\/wp-content\/uploads\/2025\/09\/patio-fruit-tree-malus-domestica-summerred-apple-c67.jpg","datePublished":"2025-09-29T09:05:03+00:00","dateModified":"2026-02-22T11:29:03+00:00","description":"Alma 'Summerred' \u2013 korai \u00e9r\u00e9s\u0171, friss magyar ny\u00e1ri alma, \u00e9l\u00e9nkpiros h\u00e9jjal \u00e9s \u00fcd\u00edt\u0151 \u00edzvil\u00e1ggal. Ide\u00e1lis friss fogyaszt\u00e1sra. Rendelje meg online!","breadcrumb":{"@id":"https:\/\/tajkertesz.com\/termek\/alma-summerred\/#breadcrumb"},"inLanguage":"en-US","potentialAction":[{"@type":"ReadAction","target":["https:\/\/tajkertesz.com\/termek\/alma-summerred\/"]}]},{"@type":"ImageObject","inLanguage":"en-US","@id":"https:\/\/tajkertesz.com\/termek\/alma-summerred\/#primaryimage","url":"https:\/\/tajkertesz.com\/wp-content\/uploads\/2025\/09\/patio-fruit-tree-malus-domestica-summerred-apple-c67.jpg","contentUrl":"https:\/\/tajkertesz.com\/wp-content\/uploads\/2025\/09\/patio-fruit-tree-malus-domestica-summerred-apple-c67.jpg","width":504,"height":492,"caption":"Alma 'Summerred'"},{"@type":"BreadcrumbList","@id":"https:\/\/tajkertesz.com\/termek\/alma-summerred\/#breadcrumb","itemListElement":[{"@type":"ListItem","position":1,"name":"Home","item":"https:\/\/tajkertesz.com\/"},{"@type":"ListItem","position":2,"name":"Kezd\u0151lap","item":"https:\/\/tajkertesz.com\/"},{"@type":"ListItem","position":3,"name":"Alma &#8216;Summerred&#8217;"}]},{"@type":"WebSite","@id":"https:\/\/tajkertesz.com\/#website","url":"https:\/\/tajkertesz.com\/","name":"T\u00e1j-Kert\u00e9sz 84 Kft.","description":"Kert\u00e9szeti kis- \u00e9s nagykeresked\u00e9s, D\u00edszn\u00f6v\u00e9ny web\u00e1ruh\u00e1z orsz\u00e1gos h\u00e1zhozsz\u00e1ll\u00edt\u00e1ssal!","publisher":{"@id":"https:\/\/tajkertesz.com\/#organization"},"potentialAction":[{"@type":"SearchAction","target":{"@type":"EntryPoint","urlTemplate":"https:\/\/tajkertesz.com\/?s={search_term_string}"},"query-input":{"@type":"PropertyValueSpecification","valueRequired":true,"valueName":"search_term_string"}}],"inLanguage":"en-US"},{"@type":"Organization","@id":"https:\/\/tajkertesz.com\/#organization","name":"T\u00e1j-Kert\u00e9sz 84 Kft.","url":"https:\/\/tajkertesz.com\/","logo":{"@type":"ImageObject","inLanguage":"en-US","@id":"https:\/\/tajkertesz.com\/#\/schema\/logo\/image\/","url":"https:\/\/tajkertesz.com\/wp-content\/uploads\/2018\/02\/logo-2-e1518678052539.png","contentUrl":"https:\/\/tajkertesz.com\/wp-content\/uploads\/2018\/02\/logo-2-e1518678052539.png","width":81,"height":140,"caption":"T\u00e1j-Kert\u00e9sz 84 Kft."},"image":{"@id":"https:\/\/tajkertesz.com\/#\/schema\/logo\/image\/"},"sameAs":["https:\/\/www.facebook.com\/Tajkertesz\/"]}]}},"_links":{"self":[{"href":"https:\/\/tajkertesz.com\/en_US\/wp-json\/wp\/v2\/product\/24716","targetHints":{"allow":["GET"]}}],"collection":[{"href":"https:\/\/tajkertesz.com\/en_US\/wp-json\/wp\/v2\/product"}],"about":[{"href":"https:\/\/tajkertesz.com\/en_US\/wp-json\/wp\/v2\/types\/product"}],"wp:featuredmedia":[{"embeddable":true,"href":"https:\/\/tajkertesz.com\/en_US\/wp-json\/wp\/v2\/media\/24717"}],"wp:attachment":[{"href":"https:\/\/tajkertesz.com\/en_US\/wp-json\/wp\/v2\/media?parent=24716"}],"wp:term":[{"taxonomy":"product_brand","embeddable":true,"href":"https:\/\/tajkertesz.com\/en_US\/wp-json\/wp\/v2\/product_brand?post=24716"},{"taxonomy":"product_cat","embeddable":true,"href":"https:\/\/tajkertesz.com\/en_US\/wp-json\/wp\/v2\/product_cat?post=24716"},{"taxonomy":"product_tag","embeddable":true,"href":"https:\/\/tajkertesz.com\/en_US\/wp-json\/wp\/v2\/product_tag?post=24716"}],"curies":[{"name":"wp","href":"https:\/\/api.w.org\/{rel}","templated":true}]}}