{"id":24737,"date":"2025-09-29T14:14:33","date_gmt":"2025-09-29T14:14:33","guid":{"rendered":"https:\/\/tajkertesz.com\/?post_type=product&#038;p=24737"},"modified":"2026-02-23T15:15:47","modified_gmt":"2026-02-23T15:15:47","slug":"cacanska-lepotica-szilva","status":"publish","type":"product","link":"https:\/\/tajkertesz.com\/en_US\/product\/cacanska-lepotica-szilva\/","title":{"rendered":"&#8216;Cacanska Lepotica&#8217; szilva"},"content":{"rendered":"<h1 class=\"LC20lb DKV0Md\">&#8216;Cacanska Lepotica&#8217; szilva<\/h1>\n<p class=\"LC20lb DKV0Md\"><span style=\"color: #666666; font-size: 14px;\">A &#8216;Cacanska Lepotica&#8217; szilva <\/span><span style=\"color: #666666; font-size: 14px;\">(<\/span><em style=\"color: #666666; font-size: 14px;\" data-start=\"1004\" data-end=\"1042\">Prunus domestica &#8216;\u010ca\u010danska Lepotica&#8217;<\/em><span style=\"color: #666666; font-size: 14px;\">) egy <\/span>szerb nemes\u00edt\u00e9s\u0171<span style=\"color: #666666; font-size: 14px;\">, 1960-as \u00e9vekt\u0151l ismert fajta, amely gyorsan elterjedt eg\u00e9sz Eur\u00f3p\u00e1ban. Magyarorsz\u00e1gon is k\u00f6zkedvelt, f\u0151k\u00e9nt <\/span>korai \u00e9r\u00e9s\u00e9nek<span style=\"color: #666666; font-size: 14px;\">, <\/span>nagy gy\u00fcm\u00f6lcseinek<span style=\"color: #666666; font-size: 14px;\"> \u00e9s <\/span>kellemesen \u00e9des-savanyk\u00e1s \u00edz\u00e9nek<span style=\"color: #666666; font-size: 14px;\"> k\u00f6sz\u00f6nhet\u0151en.<\/span><\/p>\n<p data-start=\"1279\" data-end=\"1481\">Gy\u00fcm\u00f6lcse nagy m\u00e9ret\u0171, toj\u00e1sdad alak\u00fa, s\u00f6t\u00e9tk\u00e9k, hamvas h\u00e9j\u00fa. H\u00fasa s\u00e1rg\u00e1sz\u00f6ld, szil\u00e1rd, magvav\u00e1l\u00f3, \u00edze kiv\u00e1l\u00f3. Friss fogyaszt\u00e1sra aj\u00e1nlott, de lekv\u00e1rnak, komp\u00f3tnak, fagyaszt\u00e1sra is alkalmas.<\/p>\n<p data-start=\"1486\" data-end=\"1665\">A fa k\u00f6z\u00e9per\u0151s n\u00f6veked\u00e9s\u0171, kor\u00e1n term\u0151re fordul, \u00e9s rendszeresen, b\u0151ven terem. Betegs\u00e9gekkel szemben viszonylag ellen\u00e1ll\u00f3, mon\u00edli\u00e1ra kev\u00e9sb\u00e9 \u00e9rz\u00e9keny, mint m\u00e1s fajt\u00e1k.<\/p>\n<p data-start=\"1670\" data-end=\"1751\">Kont\u00e9neres kiszerel\u00e9s\u0171 oltv\u00e1nyk\u00e9nt eg\u00e9sz \u00e9vben \u00fcltethet\u0151, \u00e9s gyorsan megered.<\/p>\n<p data-start=\"1756\" data-end=\"1774\"><strong data-start=\"1756\" data-end=\"1774\">Tulajdons\u00e1gok:<\/strong><\/p>\n<ul data-start=\"1777\" data-end=\"2430\">\n<li data-start=\"1777\" data-end=\"1830\">\n<p data-start=\"1779\" data-end=\"1830\">Kiszerel\u00e9s: kont\u00e9neres (cser\u00e9pben nevelt oltv\u00e1ny)<\/p>\n<\/li>\n<li data-start=\"1833\" data-end=\"1873\">\n<p data-start=\"1835\" data-end=\"1873\">Magass\u00e1g sz\u00e1ll\u00edt\u00e1skor: kb. 60\u2013120 cm<\/p>\n<\/li>\n<li data-start=\"1876\" data-end=\"1907\">\n<p data-start=\"1878\" data-end=\"1907\">Kifejlett magass\u00e1g: 3,5\u20135 m<\/p>\n<\/li>\n<li data-start=\"1910\" data-end=\"1934\">\n<p data-start=\"1912\" data-end=\"1934\">N\u00f6veked\u00e9s: k\u00f6z\u00e9per\u0151s<\/p>\n<\/li>\n<li data-start=\"1937\" data-end=\"1965\">\n<p data-start=\"1939\" data-end=\"1965\">Term\u0151re fordul\u00e1s: 2\u20133 \u00e9v<\/p>\n<\/li>\n<li data-start=\"1968\" data-end=\"1989\">\n<p data-start=\"1970\" data-end=\"1989\">Vir\u00e1gz\u00e1s: \u00e1prilis<\/p>\n<\/li>\n<li data-start=\"1992\" data-end=\"2026\">\n<p data-start=\"1994\" data-end=\"2026\">\u00c9r\u00e9s: <strong data-start=\"2000\" data-end=\"2024\">j\u00falius k\u00f6zepe \u2013 v\u00e9ge<\/strong><\/p>\n<\/li>\n<li data-start=\"2029\" data-end=\"2087\">\n<p data-start=\"2031\" data-end=\"2087\">Gy\u00fcm\u00f6lcs: nagy, s\u00f6t\u00e9tk\u00e9k, hamvas h\u00e9j\u00fa, s\u00e1rg\u00e1sz\u00f6ld h\u00fas\u00fa<\/p>\n<\/li>\n<li data-start=\"2090\" data-end=\"2135\">\n<p data-start=\"2092\" data-end=\"2135\">\u00cdz: harmonikusan \u00e9des-savanyk\u00e1s, friss\u00edt\u0151<\/p>\n<\/li>\n<li data-start=\"2138\" data-end=\"2157\">\n<p data-start=\"2140\" data-end=\"2157\">Magvav\u00e1l\u00f3: igen<\/p>\n<\/li>\n<li data-start=\"2160\" data-end=\"2231\">\n<p data-start=\"2162\" data-end=\"2231\">Porz\u00f3: <strong data-start=\"2169\" data-end=\"2184\">\u00f6nterm\u00e9keny<\/strong>, de m\u00e1s szilvafajt\u00e1kkal egy\u00fctt m\u00e9g b\u0151term\u0151bb<\/p>\n<\/li>\n<li data-start=\"2234\" data-end=\"2296\">\n<p data-start=\"2236\" data-end=\"2296\">Felhaszn\u00e1l\u00e1s: friss fogyaszt\u00e1s, lekv\u00e1r, bef\u0151tt, fagyaszt\u00e1s<\/p>\n<\/li>\n<li data-start=\"2299\" data-end=\"2324\">\n<p data-start=\"2301\" data-end=\"2324\">T\u00e1rolhat\u00f3s\u00e1g: k\u00f6zepes<\/p>\n<\/li>\n<li data-start=\"2327\" data-end=\"2375\">\n<p data-start=\"2329\" data-end=\"2375\">Ellen\u00e1ll\u00f3s\u00e1g: j\u00f3, kev\u00e9sb\u00e9 \u00e9rz\u00e9keny mon\u00edli\u00e1ra<\/p>\n<\/li>\n<li data-start=\"2378\" data-end=\"2430\">\n<p data-start=\"2380\" data-end=\"2430\">Aj\u00e1nlott hely: napos fekv\u00e9s, j\u00f3 v\u00edz\u00e1tereszt\u0151 talaj<\/p>\n<\/li>\n<\/ul>\n<h4><strong>\ud83d\udd04 K\u00e9szletinform\u00e1ci\u00f3<\/strong><\/h4>\n<p><strong>K\u00e9szlet\u00fcnk napi szinten v\u00e1ltozik, \u00edgy a webshopban szerepl<\/strong><strong>\u0151<\/strong><strong>\u00a0term\u00e9kek el\u00e9rhet<\/strong><strong>\u0151<\/strong><strong>s\u00e9ge nem garant\u00e1lt.<br \/>\n\ud83d\udcde A megrendel\u00e9s el<\/strong><strong>\u0151<\/strong><strong>tt k\u00e9rj\u00fck, \u00e9rdekl<\/strong><strong>\u0151<\/strong><strong>dj\u00f6n szem\u00e9lyesen, telefonon vagy e-mailben!<\/strong><\/p>\n<h4><strong>\u27a1\ufe0f Kapcsolat:<\/strong><\/h4>\n<ul>\n<li><strong>Weboldal:\u00a0<\/strong><a href=\"https:\/\/tajkertesz.com\/\"><strong>tajkertesz.com<\/strong><\/a><\/li>\n<li><strong>Facebook:\u00a0<\/strong><a href=\"https:\/\/www.facebook.com\/tajkertesz\/\"><strong>facebook.com\/tajkertesz<\/strong><\/a><\/li>\n<li><strong>Telefonsz\u00e1m, e-mail: +36\/20-319-3770\u00a0<\/strong><a href=\"mailto:tajkerteszaruda@gmail.com\"><strong>tajkerteszaruda@gmail.com<\/strong><\/a><\/li>\n<\/ul>\n<h4><strong>\ud83d\ude9a Sz\u00e1ll\u00edt\u00e1si inform\u00e1ci\u00f3k<\/strong><\/h4>\n<p><strong>A megrendelt n\u00f6v\u00e9nyek kisz\u00e1ll\u00edt\u00e1sa az al\u00e1bbi felt\u00e9telek mellett t\u00f6rt\u00e9nik:<\/strong><\/p>\n<h4><strong>\ud83d\udce6 Fut\u00e1rszolg\u00e1latos sz\u00e1ll\u00edt\u00e1s<\/strong><\/h4>\n<ul>\n<li><strong>Maxim\u00e1lis m\u00e9ret: 200 cm (hossz\u00fas\u00e1g)<\/strong><\/li>\n<li><strong>Maxim\u00e1lis s\u00faly: 40 kg<\/strong><\/li>\n<li><strong>Az enn\u00e9l kisebb \u00e9s k\u00f6nnyebb csomagokat fut\u00e1rszolg\u00e1lattal k\u00e9zbes\u00edtj\u00fck a lehet<\/strong><strong>\u0151<\/strong><strong>\u00a0legbiztons\u00e1gosabb csomagol\u00e1sban.<\/strong><\/li>\n<\/ul>\n<h4><strong>\ud83d\udefb Szem\u00e9lyes \u00e1tv\u00e9tel<\/strong><\/h4>\n<ul>\n<li><strong>1173 Budapest, Bakancsos utca 7. sz\u00e1m alatt nyitvatart\u00e1si id<\/strong><strong>\u0151<\/strong><strong>ben szem\u00e9lyesen \u00e1tvehet<\/strong><strong>\u0151<\/strong><strong>\u00a0kert\u00e9szeti \u00e1rud\u00e1nkban.<\/strong><\/li>\n<li><strong>K\u00f6lts\u00e9ghat\u00e9kony megold\u00e1s nagyobb, t\u00f6r\u00e9kenyebb vagy t\u00falm\u00e9retes n\u00f6v\u00e9nyek eset\u00e9n.<\/strong><\/li>\n<\/ul>\n<h4><strong>\ud83d\udcde Nagy m\u00e9ret<\/strong><strong>\u0171<\/strong><strong>\u00a0vagy s\u00faly\u00fa n\u00f6v\u00e9nyek eset\u00e9n<\/strong><\/h4>\n<p><strong>Ha a term\u00e9k:<\/strong><\/p>\n<ul>\n<li><strong>meghaladja a 200 cm hossz\u00fas\u00e1got vagy<\/strong><\/li>\n<li><strong>meghaladja a 40 kg s\u00falyt,<\/strong><\/li>\n<\/ul>\n<p><strong>akkor szem\u00e9lyes \u00e1tv\u00e9tellel vagy egyedi, el<\/strong><strong>\u0151<\/strong><strong>re egyeztetett sz\u00e1ll\u00edt\u00e1si felt\u00e9telek mellett t\u00f6rt\u00e9nik.<br \/>\nK\u00e9rj\u00fck, ilyen esetben rendel\u00e9s el<\/strong><strong>\u0151<\/strong><strong>tt vegye fel vel\u00fcnk a kapcsolatot, hogy a lehet<\/strong><strong>\u0151<\/strong><strong>\u00a0legmegfelel<\/strong><strong>\u0151<\/strong><strong>bb sz\u00e1ll\u00edt\u00e1si megold\u00e1st k\u00edn\u00e1lhassuk.<\/strong><\/p>\n<p><strong>\ud83d\udd14 Fontos: A n\u00f6v\u00e9nyeket minden esetben igyeksz\u00fcnk gondosan, egyes\u00e9vel csomagolni, azonban a sz\u00e1ll\u00edt\u00e1s sor\u00e1n kisebb eszt\u00e9tikai s\u00e9r\u00fcl\u00e9sek el<\/strong><strong>\u0151<\/strong><strong>fordulhatnak (pl. lev\u00e9lhull\u00e1s). Ez nem min<\/strong><strong>\u0151<\/strong><strong>s\u00fcl hib\u00e1s teljes\u00edt\u00e9snek.<\/strong><\/p>\n<h4><strong>\ud83d\udcf7 Fontos tudni a k\u00e9pekr<\/strong><strong>\u0151<\/strong><strong>l<\/strong><\/h4>\n<p><strong>A webshopban szerepl<\/strong><strong>\u0151<\/strong><strong>\u00a0k\u00e9pek illusztr\u00e1ci\u00f3k, a n\u00f6v\u00e9nyek term\u00e9szet\u00fckn\u00e9l fogva egyediek, \u00edgy m\u00e9retben, alakban \u00e9s sz\u00ednben minim\u00e1lis elt\u00e9r\u00e9sek el<\/strong><strong>\u0151<\/strong><strong>fordulhatnak a k\u00e9pen l\u00e1that\u00f3 \u00e9s a val\u00f3s p\u00e9ld\u00e1nyok k\u00f6z\u00f6tt.<\/strong><\/p>\n<h4><strong>\ud83e\uddfe \u00c1rak \u00e9s el\u00e1ll\u00e1si jog<\/strong><\/h4>\n<ul>\n<li><strong>Az \u00e1rak egy darab\u00a0n\u00f6v\u00e9nyre vonatkoznak.<\/strong><\/li>\n<li><strong>\u00c9l<\/strong><strong>\u0151<\/strong><strong>\u00a0n\u00f6v\u00e9nyek rendel\u00e9se eset\u00e9n a 14 napos el\u00e1ll\u00e1s joga nem \u00e9rv\u00e9nyes\u00edthet<\/strong><strong>\u0151<\/strong><strong>, mivel azok romland\u00f3, biol\u00f3giailag \u00e9l<\/strong><strong>\u0151<\/strong><strong>\u00a0term\u00e9keknek min<\/strong><strong>\u0151<\/strong><strong>s\u00fclnek.<br \/>\n\ud83d\udd12 (17\/1999. (II. 5.) Korm. rendelet 5. \u00a7 c) pontja alapj\u00e1n)<\/strong><\/li>\n<\/ul>\n<h4><strong>\ud83d\udce6 K\u00e9zbes\u00edt\u00e9s ut\u00e1ni teend<\/strong><strong>\u0151<\/strong><strong>k<\/strong><\/h4>\n<p><strong>A k\u00e9zbes\u00edt\u00e9st k\u00f6vet<\/strong><strong>\u0151<\/strong><strong>en a csomagot azonnal bontsuk ki, \u00e9s a n\u00f6v\u00e9nyt helyezz\u00fck el megfelel<\/strong><strong>\u0151<\/strong><strong>\u00a0k\u00f6rnyezetben.<br \/>\nFontos: ha a n\u00f6v\u00e9ny nem r\u00e9szes\u00fcl megfelel<\/strong><strong>\u0151<\/strong><strong>\u00a0gondoz\u00e1sban \u00e9s ennek k\u00f6vetkezt\u00e9ben k\u00e1rosodik vagy elpusztul, felel<\/strong><strong>\u0151<\/strong><strong>ss\u00e9get nem tudunk v\u00e1llalni.<\/strong><\/p>","protected":false},"excerpt":{"rendered":"<p>Korai \u00e9r\u00e9s\u0171, nagy szem\u0171, hamvas szilva. Friss fogyaszt\u00e1sra \u00e9s feldolgoz\u00e1sra is kiv\u00e1l\u00f3. Kont\u00e9neres kiszerel\u00e9s \u2013 eg\u00e9sz \u00e9vben \u00fcltethet\u0151.<\/p>","protected":false},"featured_media":10934,"template":"","meta":{"_et_pb_use_builder":"","_et_pb_old_content":"","_et_gb_content_width":""},"product_brand":[],"product_cat":[5291],"product_tag":[6975,6978,6855,6977,6969,6974,6976,6847,6864],"class_list":{"0":"post-24737","1":"product","2":"type-product","3":"status-publish","4":"has-post-thumbnail","6":"product_cat-szilva","7":"product_tag-botermo-szilva","8":"product_tag-cacanska-lepotica","9":"product_tag-friss-fogyasztasra","10":"product_tag-hamvas-szilva","11":"product_tag-konteneres-szilvafa","12":"product_tag-korai-szilva","13":"product_tag-lekvarnak-alkalmas","14":"product_tag-magvavalo","15":"product_tag-nagy-gyumolcsu-szilva","17":"first","18":"instock","19":"shipping-taxable","20":"purchasable","21":"product-type-simple"},"yoast_head":"<!-- This site is optimized with the Yoast SEO plugin v27.3 - https:\/\/yoast.com\/product\/yoast-seo-wordpress\/ -->\n<title>&#039;Cacanska Lepotica&#039; szilva - T\u00e1jkert\u00e9sz<\/title>\n<meta name=\"description\" content=\"A &#039;Cacanska Lepotica&#039; szilva kont\u00e9neres oltv\u00e1ny \u2013 nagy, hamvas gy\u00fcm\u00f6lcs, friss fogyaszt\u00e1sra \u00e9s feldolgoz\u00e1sra is ide\u00e1lis. Korai \u00e9r\u00e9s\u0171, b\u0151term\u0151 fajta.\" \/>\n<meta name=\"robots\" content=\"index, follow, max-snippet:-1, max-image-preview:large, max-video-preview:-1\" \/>\n<link rel=\"canonical\" href=\"https:\/\/tajkertesz.com\/en_US\/product\/cacanska-lepotica-szilva\/\" \/>\n<meta property=\"og:locale\" content=\"en_US\" \/>\n<meta property=\"og:type\" content=\"article\" \/>\n<meta property=\"og:title\" content=\"&#039;Cacanska Lepotica&#039; szilva - T\u00e1jkert\u00e9sz\" \/>\n<meta property=\"og:description\" content=\"A &#039;Cacanska Lepotica&#039; szilva kont\u00e9neres oltv\u00e1ny \u2013 nagy, hamvas gy\u00fcm\u00f6lcs, friss fogyaszt\u00e1sra \u00e9s feldolgoz\u00e1sra is ide\u00e1lis. Korai \u00e9r\u00e9s\u0171, b\u0151term\u0151 fajta.\" \/>\n<meta property=\"og:url\" content=\"https:\/\/tajkertesz.com\/en_US\/product\/cacanska-lepotica-szilva\/\" \/>\n<meta property=\"og:site_name\" content=\"T\u00e1jkert\u00e9sz\" \/>\n<meta property=\"article:publisher\" content=\"https:\/\/www.facebook.com\/Tajkertesz\/\" \/>\n<meta property=\"article:modified_time\" content=\"2026-02-23T15:15:47+00:00\" \/>\n<meta property=\"og:image\" content=\"https:\/\/tajkertesz.com\/wp-content\/uploads\/2021\/10\/Cacanska_Lepotica.jpg\" \/>\n\t<meta property=\"og:image:width\" content=\"1000\" \/>\n\t<meta property=\"og:image:height\" content=\"655\" \/>\n\t<meta property=\"og:image:type\" content=\"image\/jpeg\" \/>\n<meta name=\"twitter:card\" content=\"summary_large_image\" \/>\n<meta name=\"twitter:label1\" content=\"Est. reading time\" \/>\n\t<meta name=\"twitter:data1\" content=\"3 minutes\" \/>\n<script type=\"application\/ld+json\" class=\"yoast-schema-graph\">{\"@context\":\"https:\\\/\\\/schema.org\",\"@graph\":[{\"@type\":\"WebPage\",\"@id\":\"https:\\\/\\\/tajkertesz.com\\\/termek\\\/cacanska-lepotica-szilva\\\/\",\"url\":\"https:\\\/\\\/tajkertesz.com\\\/termek\\\/cacanska-lepotica-szilva\\\/\",\"name\":\"'Cacanska Lepotica' szilva - T\u00e1jkert\u00e9sz\",\"isPartOf\":{\"@id\":\"https:\\\/\\\/tajkertesz.com\\\/#website\"},\"primaryImageOfPage\":{\"@id\":\"https:\\\/\\\/tajkertesz.com\\\/termek\\\/cacanska-lepotica-szilva\\\/#primaryimage\"},\"image\":{\"@id\":\"https:\\\/\\\/tajkertesz.com\\\/termek\\\/cacanska-lepotica-szilva\\\/#primaryimage\"},\"thumbnailUrl\":\"https:\\\/\\\/tajkertesz.com\\\/wp-content\\\/uploads\\\/2021\\\/10\\\/Cacanska_Lepotica.jpg\",\"datePublished\":\"2025-09-29T14:14:33+00:00\",\"dateModified\":\"2026-02-23T15:15:47+00:00\",\"description\":\"A 'Cacanska Lepotica' szilva kont\u00e9neres oltv\u00e1ny \u2013 nagy, hamvas gy\u00fcm\u00f6lcs, friss fogyaszt\u00e1sra \u00e9s feldolgoz\u00e1sra is ide\u00e1lis. Korai \u00e9r\u00e9s\u0171, b\u0151term\u0151 fajta.\",\"breadcrumb\":{\"@id\":\"https:\\\/\\\/tajkertesz.com\\\/termek\\\/cacanska-lepotica-szilva\\\/#breadcrumb\"},\"inLanguage\":\"en-US\",\"potentialAction\":[{\"@type\":\"ReadAction\",\"target\":[\"https:\\\/\\\/tajkertesz.com\\\/termek\\\/cacanska-lepotica-szilva\\\/\"]}]},{\"@type\":\"ImageObject\",\"inLanguage\":\"en-US\",\"@id\":\"https:\\\/\\\/tajkertesz.com\\\/termek\\\/cacanska-lepotica-szilva\\\/#primaryimage\",\"url\":\"https:\\\/\\\/tajkertesz.com\\\/wp-content\\\/uploads\\\/2021\\\/10\\\/Cacanska_Lepotica.jpg\",\"contentUrl\":\"https:\\\/\\\/tajkertesz.com\\\/wp-content\\\/uploads\\\/2021\\\/10\\\/Cacanska_Lepotica.jpg\",\"width\":1000,\"height\":655,\"caption\":\"\u010ca\u010danska Lepotica szilva \u2013 kont\u00e9neres szilvafa nagy, hamvas, magvav\u00e1l\u00f3 gy\u00fcm\u00f6lccsel\"},{\"@type\":\"BreadcrumbList\",\"@id\":\"https:\\\/\\\/tajkertesz.com\\\/termek\\\/cacanska-lepotica-szilva\\\/#breadcrumb\",\"itemListElement\":[{\"@type\":\"ListItem\",\"position\":1,\"name\":\"Home\",\"item\":\"https:\\\/\\\/tajkertesz.com\\\/\"},{\"@type\":\"ListItem\",\"position\":2,\"name\":\"Kezd\u0151lap\",\"item\":\"https:\\\/\\\/tajkertesz.com\\\/\"},{\"@type\":\"ListItem\",\"position\":3,\"name\":\"&#8216;Cacanska Lepotica&#8217; szilva\"}]},{\"@type\":\"WebSite\",\"@id\":\"https:\\\/\\\/tajkertesz.com\\\/#website\",\"url\":\"https:\\\/\\\/tajkertesz.com\\\/\",\"name\":\"T\u00e1j-Kert\u00e9sz 84 Kft.\",\"description\":\"Kert\u00e9szeti kis- \u00e9s nagykeresked\u00e9s, D\u00edszn\u00f6v\u00e9ny web\u00e1ruh\u00e1z orsz\u00e1gos h\u00e1zhozsz\u00e1ll\u00edt\u00e1ssal!\",\"publisher\":{\"@id\":\"https:\\\/\\\/tajkertesz.com\\\/#organization\"},\"potentialAction\":[{\"@type\":\"SearchAction\",\"target\":{\"@type\":\"EntryPoint\",\"urlTemplate\":\"https:\\\/\\\/tajkertesz.com\\\/?s={search_term_string}\"},\"query-input\":{\"@type\":\"PropertyValueSpecification\",\"valueRequired\":true,\"valueName\":\"search_term_string\"}}],\"inLanguage\":\"en-US\"},{\"@type\":\"Organization\",\"@id\":\"https:\\\/\\\/tajkertesz.com\\\/#organization\",\"name\":\"T\u00e1j-Kert\u00e9sz 84 Kft.\",\"url\":\"https:\\\/\\\/tajkertesz.com\\\/\",\"logo\":{\"@type\":\"ImageObject\",\"inLanguage\":\"en-US\",\"@id\":\"https:\\\/\\\/tajkertesz.com\\\/#\\\/schema\\\/logo\\\/image\\\/\",\"url\":\"https:\\\/\\\/tajkertesz.com\\\/wp-content\\\/uploads\\\/2018\\\/02\\\/logo-2-e1518678052539.png\",\"contentUrl\":\"https:\\\/\\\/tajkertesz.com\\\/wp-content\\\/uploads\\\/2018\\\/02\\\/logo-2-e1518678052539.png\",\"width\":81,\"height\":140,\"caption\":\"T\u00e1j-Kert\u00e9sz 84 Kft.\"},\"image\":{\"@id\":\"https:\\\/\\\/tajkertesz.com\\\/#\\\/schema\\\/logo\\\/image\\\/\"},\"sameAs\":[\"https:\\\/\\\/www.facebook.com\\\/Tajkertesz\\\/\"]}]}<\/script>\n<!-- \/ Yoast SEO plugin. -->","yoast_head_json":{"title":"'Cacanska Lepotica' szilva - T\u00e1jkert\u00e9sz","description":"A 'Cacanska Lepotica' szilva kont\u00e9neres oltv\u00e1ny \u2013 nagy, hamvas gy\u00fcm\u00f6lcs, friss fogyaszt\u00e1sra \u00e9s feldolgoz\u00e1sra is ide\u00e1lis. Korai \u00e9r\u00e9s\u0171, b\u0151term\u0151 fajta.","robots":{"index":"index","follow":"follow","max-snippet":"max-snippet:-1","max-image-preview":"max-image-preview:large","max-video-preview":"max-video-preview:-1"},"canonical":"https:\/\/tajkertesz.com\/en_US\/product\/cacanska-lepotica-szilva\/","og_locale":"en_US","og_type":"article","og_title":"'Cacanska Lepotica' szilva - T\u00e1jkert\u00e9sz","og_description":"A 'Cacanska Lepotica' szilva kont\u00e9neres oltv\u00e1ny \u2013 nagy, hamvas gy\u00fcm\u00f6lcs, friss fogyaszt\u00e1sra \u00e9s feldolgoz\u00e1sra is ide\u00e1lis. Korai \u00e9r\u00e9s\u0171, b\u0151term\u0151 fajta.","og_url":"https:\/\/tajkertesz.com\/en_US\/product\/cacanska-lepotica-szilva\/","og_site_name":"T\u00e1jkert\u00e9sz","article_publisher":"https:\/\/www.facebook.com\/Tajkertesz\/","article_modified_time":"2026-02-23T15:15:47+00:00","og_image":[{"width":1000,"height":655,"url":"https:\/\/tajkertesz.com\/wp-content\/uploads\/2021\/10\/Cacanska_Lepotica.jpg","type":"image\/jpeg"}],"twitter_card":"summary_large_image","twitter_misc":{"Est. reading time":"3 minutes"},"schema":{"@context":"https:\/\/schema.org","@graph":[{"@type":"WebPage","@id":"https:\/\/tajkertesz.com\/termek\/cacanska-lepotica-szilva\/","url":"https:\/\/tajkertesz.com\/termek\/cacanska-lepotica-szilva\/","name":"'Cacanska Lepotica' szilva - T\u00e1jkert\u00e9sz","isPartOf":{"@id":"https:\/\/tajkertesz.com\/#website"},"primaryImageOfPage":{"@id":"https:\/\/tajkertesz.com\/termek\/cacanska-lepotica-szilva\/#primaryimage"},"image":{"@id":"https:\/\/tajkertesz.com\/termek\/cacanska-lepotica-szilva\/#primaryimage"},"thumbnailUrl":"https:\/\/tajkertesz.com\/wp-content\/uploads\/2021\/10\/Cacanska_Lepotica.jpg","datePublished":"2025-09-29T14:14:33+00:00","dateModified":"2026-02-23T15:15:47+00:00","description":"A 'Cacanska Lepotica' szilva kont\u00e9neres oltv\u00e1ny \u2013 nagy, hamvas gy\u00fcm\u00f6lcs, friss fogyaszt\u00e1sra \u00e9s feldolgoz\u00e1sra is ide\u00e1lis. Korai \u00e9r\u00e9s\u0171, b\u0151term\u0151 fajta.","breadcrumb":{"@id":"https:\/\/tajkertesz.com\/termek\/cacanska-lepotica-szilva\/#breadcrumb"},"inLanguage":"en-US","potentialAction":[{"@type":"ReadAction","target":["https:\/\/tajkertesz.com\/termek\/cacanska-lepotica-szilva\/"]}]},{"@type":"ImageObject","inLanguage":"en-US","@id":"https:\/\/tajkertesz.com\/termek\/cacanska-lepotica-szilva\/#primaryimage","url":"https:\/\/tajkertesz.com\/wp-content\/uploads\/2021\/10\/Cacanska_Lepotica.jpg","contentUrl":"https:\/\/tajkertesz.com\/wp-content\/uploads\/2021\/10\/Cacanska_Lepotica.jpg","width":1000,"height":655,"caption":"\u010ca\u010danska Lepotica szilva \u2013 kont\u00e9neres szilvafa nagy, hamvas, magvav\u00e1l\u00f3 gy\u00fcm\u00f6lccsel"},{"@type":"BreadcrumbList","@id":"https:\/\/tajkertesz.com\/termek\/cacanska-lepotica-szilva\/#breadcrumb","itemListElement":[{"@type":"ListItem","position":1,"name":"Home","item":"https:\/\/tajkertesz.com\/"},{"@type":"ListItem","position":2,"name":"Kezd\u0151lap","item":"https:\/\/tajkertesz.com\/"},{"@type":"ListItem","position":3,"name":"&#8216;Cacanska Lepotica&#8217; szilva"}]},{"@type":"WebSite","@id":"https:\/\/tajkertesz.com\/#website","url":"https:\/\/tajkertesz.com\/","name":"T\u00e1j-Kert\u00e9sz 84 Kft.","description":"Kert\u00e9szeti kis- \u00e9s nagykeresked\u00e9s, D\u00edszn\u00f6v\u00e9ny web\u00e1ruh\u00e1z orsz\u00e1gos h\u00e1zhozsz\u00e1ll\u00edt\u00e1ssal!","publisher":{"@id":"https:\/\/tajkertesz.com\/#organization"},"potentialAction":[{"@type":"SearchAction","target":{"@type":"EntryPoint","urlTemplate":"https:\/\/tajkertesz.com\/?s={search_term_string}"},"query-input":{"@type":"PropertyValueSpecification","valueRequired":true,"valueName":"search_term_string"}}],"inLanguage":"en-US"},{"@type":"Organization","@id":"https:\/\/tajkertesz.com\/#organization","name":"T\u00e1j-Kert\u00e9sz 84 Kft.","url":"https:\/\/tajkertesz.com\/","logo":{"@type":"ImageObject","inLanguage":"en-US","@id":"https:\/\/tajkertesz.com\/#\/schema\/logo\/image\/","url":"https:\/\/tajkertesz.com\/wp-content\/uploads\/2018\/02\/logo-2-e1518678052539.png","contentUrl":"https:\/\/tajkertesz.com\/wp-content\/uploads\/2018\/02\/logo-2-e1518678052539.png","width":81,"height":140,"caption":"T\u00e1j-Kert\u00e9sz 84 Kft."},"image":{"@id":"https:\/\/tajkertesz.com\/#\/schema\/logo\/image\/"},"sameAs":["https:\/\/www.facebook.com\/Tajkertesz\/"]}]}},"_links":{"self":[{"href":"https:\/\/tajkertesz.com\/en_US\/wp-json\/wp\/v2\/product\/24737","targetHints":{"allow":["GET"]}}],"collection":[{"href":"https:\/\/tajkertesz.com\/en_US\/wp-json\/wp\/v2\/product"}],"about":[{"href":"https:\/\/tajkertesz.com\/en_US\/wp-json\/wp\/v2\/types\/product"}],"wp:featuredmedia":[{"embeddable":true,"href":"https:\/\/tajkertesz.com\/en_US\/wp-json\/wp\/v2\/media\/10934"}],"wp:attachment":[{"href":"https:\/\/tajkertesz.com\/en_US\/wp-json\/wp\/v2\/media?parent=24737"}],"wp:term":[{"taxonomy":"product_brand","embeddable":true,"href":"https:\/\/tajkertesz.com\/en_US\/wp-json\/wp\/v2\/product_brand?post=24737"},{"taxonomy":"product_cat","embeddable":true,"href":"https:\/\/tajkertesz.com\/en_US\/wp-json\/wp\/v2\/product_cat?post=24737"},{"taxonomy":"product_tag","embeddable":true,"href":"https:\/\/tajkertesz.com\/en_US\/wp-json\/wp\/v2\/product_tag?post=24737"}],"curies":[{"name":"wp","href":"https:\/\/api.w.org\/{rel}","templated":true}]}}