{"id":24747,"date":"2025-09-30T08:49:22","date_gmt":"2025-09-30T08:49:22","guid":{"rendered":"https:\/\/tajkertesz.com\/?post_type=product&#038;p=24747"},"modified":"2026-03-23T09:54:19","modified_gmt":"2026-03-23T09:54:19","slug":"tetenyi-botermo-mandula","status":"publish","type":"product","link":"https:\/\/tajkertesz.com\/en_US\/product\/tetenyi-botermo-mandula\/","title":{"rendered":"&#8216;T\u00e9t\u00e9nyi b\u0151term\u0151&#8217; mandula"},"content":{"rendered":"<h3 class=\"LC20lb DKV0Md\">&#8216;T\u00e9t\u00e9nyi b\u0151term\u0151&#8217; mandula<\/h3>\n<p data-start=\"348\" data-end=\"660\">A &#8216;T\u00e9t\u00e9nyi b\u0151term\u0151&#8217; mandula \u00a0egy kiv\u00e1l\u00f3 magyar nemes\u00edt\u00e9s\u0171, <strong data-start=\"412\" data-end=\"440\">\u00f6nterm\u00e9keny, korai \u00e9r\u00e9s\u0171<\/strong> fajta, amelyet kiemelked\u0151 term\u00e9shozama \u00e9s j\u00f3 fagyt\u0171r\u00e9se miatt el\u0151szeretettel \u00fcltetnek hazai kertekbe. Augusztus elej\u00e9n-k\u00f6zep\u00e9n \u00e9r\u0151 term\u00e9sei nagy m\u00e9ret\u0171ek, v\u00e9kony h\u00e9j\u00faak, <strong data-start=\"611\" data-end=\"631\">k\u00f6nnyen t\u00f6rhet\u0151k<\/strong>, \u00edz\u00fck pedig kellemesen \u00e9des.<\/p>\n<p data-start=\"662\" data-end=\"937\">A fa k\u00f6z\u00e9per\u0151s n\u00f6veked\u00e9s\u0171, j\u00f3 sz\u00e1razs\u00e1gt\u0171r\u00e9ssel rendelkezik, \u00edgy <strong data-start=\"727\" data-end=\"763\">alkalmas napos, melegebb fekv\u00e9s\u0171<\/strong> helyekre. Vir\u00e1gz\u00e1sa k\u00f6z\u00e9pkorai, ez\u00e9rt kev\u00e9sb\u00e9 \u00e9rz\u00e9keny a tavaszi fagyokra. B\u00e1r \u00f6nterm\u00e9keny, porz\u00f3fajt\u00e1val egy\u00fctt telep\u00edtve (pl. T\u00e9t\u00e9nyi kedvelt) m\u00e9g nagyobb hozam \u00e9rhet\u0151 el.<\/p>\n<p data-start=\"939\" data-end=\"1093\">Ide\u00e1lis v\u00e1laszt\u00e1s mindazoknak, akik saj\u00e1t <strong data-start=\"981\" data-end=\"993\">mandul\u00e1t<\/strong> szeretn\u00e9nek fogyasztani \u2013 legyen sz\u00f3 nyers fogyaszt\u00e1sr\u00f3l, s\u00fct\u00e9sr\u0151l vagy h\u00e1zi k\u00e9sz\u00edt\u00e9s\u0171 marcip\u00e1nr\u00f3l.<\/p>\n<h4><strong>\ud83d\udd04 K\u00e9szletinform\u00e1ci\u00f3<\/strong><\/h4>\n<p><strong>K\u00e9szlet\u00fcnk napi szinten v\u00e1ltozik, \u00edgy a webshopban szerepl<\/strong><strong>\u0151<\/strong><strong>\u00a0term\u00e9kek el\u00e9rhet<\/strong><strong>\u0151<\/strong><strong>s\u00e9ge nem garant\u00e1lt.<br \/>\n\ud83d\udcde A megrendel\u00e9s el<\/strong><strong>\u0151<\/strong><strong>tt k\u00e9rj\u00fck, \u00e9rdekl<\/strong><strong>\u0151<\/strong><strong>dj\u00f6n szem\u00e9lyesen, telefonon vagy e-mailben!<\/strong><\/p>\n<h4><strong>\u27a1\ufe0f Kapcsolat:<\/strong><\/h4>\n<ul>\n<li><strong>Weboldal:\u00a0<\/strong><a href=\"https:\/\/tajkertesz.com\/\"><strong>tajkertesz.com<\/strong><\/a><\/li>\n<li><strong>Facebook:\u00a0<\/strong><a href=\"https:\/\/www.facebook.com\/tajkertesz\/\"><strong>facebook.com\/tajkertesz<\/strong><\/a><\/li>\n<li><strong>Telefonsz\u00e1m, e-mail: +36\/20-319-3770\u00a0<\/strong><a href=\"mailto:tajkerteszaruda@gmail.com\"><strong>tajkerteszaruda@gmail.com<\/strong><\/a><\/li>\n<\/ul>\n<h4><strong>\ud83d\ude9a Sz\u00e1ll\u00edt\u00e1si inform\u00e1ci\u00f3k<\/strong><\/h4>\n<p><strong>A megrendelt n\u00f6v\u00e9nyek kisz\u00e1ll\u00edt\u00e1sa az al\u00e1bbi felt\u00e9telek mellett t\u00f6rt\u00e9nik:<\/strong><\/p>\n<h4><strong>\ud83d\udce6 Fut\u00e1rszolg\u00e1latos sz\u00e1ll\u00edt\u00e1s<\/strong><\/h4>\n<ul>\n<li><strong>Maxim\u00e1lis m\u00e9ret: 200 cm (hossz\u00fas\u00e1g)<\/strong><\/li>\n<li><strong>Maxim\u00e1lis s\u00faly: 40 kg<\/strong><\/li>\n<li><strong>Az enn\u00e9l kisebb \u00e9s k\u00f6nnyebb csomagokat fut\u00e1rszolg\u00e1lattal k\u00e9zbes\u00edtj\u00fck a lehet<\/strong><strong>\u0151<\/strong><strong>\u00a0legbiztons\u00e1gosabb csomagol\u00e1sban.<\/strong><\/li>\n<\/ul>\n<h4><strong>\ud83d\udefb Szem\u00e9lyes \u00e1tv\u00e9tel<\/strong><\/h4>\n<ul>\n<li><strong>1173 Budapest, Bakancsos utca 7. sz\u00e1m alatt nyitvatart\u00e1si id<\/strong><strong>\u0151<\/strong><strong>ben szem\u00e9lyesen \u00e1tvehet<\/strong><strong>\u0151<\/strong><strong>\u00a0kert\u00e9szeti \u00e1rud\u00e1nkban.<\/strong><\/li>\n<li><strong>K\u00f6lts\u00e9ghat\u00e9kony megold\u00e1s nagyobb, t\u00f6r\u00e9kenyebb vagy t\u00falm\u00e9retes n\u00f6v\u00e9nyek eset\u00e9n.<\/strong><\/li>\n<\/ul>\n<h4><strong>\ud83d\udcde Nagy m\u00e9ret<\/strong><strong>\u0171<\/strong><strong>\u00a0vagy s\u00faly\u00fa n\u00f6v\u00e9nyek eset\u00e9n<\/strong><\/h4>\n<p><strong>Ha a term\u00e9k:<\/strong><\/p>\n<ul>\n<li><strong>meghaladja a 200 cm hossz\u00fas\u00e1got vagy<\/strong><\/li>\n<li><strong>meghaladja a 40 kg s\u00falyt,<\/strong><\/li>\n<\/ul>\n<p><strong>akkor szem\u00e9lyes \u00e1tv\u00e9tellel vagy egyedi, el<\/strong><strong>\u0151<\/strong><strong>re egyeztetett sz\u00e1ll\u00edt\u00e1si felt\u00e9telek mellett t\u00f6rt\u00e9nik.<br \/>\nK\u00e9rj\u00fck, ilyen esetben rendel\u00e9s el<\/strong><strong>\u0151<\/strong><strong>tt vegye fel vel\u00fcnk a kapcsolatot, hogy a lehet<\/strong><strong>\u0151<\/strong><strong>\u00a0legmegfelel<\/strong><strong>\u0151<\/strong><strong>bb sz\u00e1ll\u00edt\u00e1si megold\u00e1st k\u00edn\u00e1lhassuk.<\/strong><\/p>\n<p><strong>\ud83d\udd14 Fontos: A n\u00f6v\u00e9nyeket minden esetben igyeksz\u00fcnk gondosan, egyes\u00e9vel csomagolni, azonban a sz\u00e1ll\u00edt\u00e1s sor\u00e1n kisebb eszt\u00e9tikai s\u00e9r\u00fcl\u00e9sek el<\/strong><strong>\u0151<\/strong><strong>fordulhatnak (pl. lev\u00e9lhull\u00e1s). Ez nem min<\/strong><strong>\u0151<\/strong><strong>s\u00fcl hib\u00e1s teljes\u00edt\u00e9snek.<\/strong><\/p>\n<h4><strong>\ud83d\udcf7 Fontos tudni a k\u00e9pekr<\/strong><strong>\u0151<\/strong><strong>l<\/strong><\/h4>\n<p><strong>A webshopban szerepl<\/strong><strong>\u0151<\/strong><strong>\u00a0k\u00e9pek illusztr\u00e1ci\u00f3k, a n\u00f6v\u00e9nyek term\u00e9szet\u00fckn\u00e9l fogva egyediek, \u00edgy m\u00e9retben, alakban \u00e9s sz\u00ednben minim\u00e1lis elt\u00e9r\u00e9sek el<\/strong><strong>\u0151<\/strong><strong>fordulhatnak a k\u00e9pen l\u00e1that\u00f3 \u00e9s a val\u00f3s p\u00e9ld\u00e1nyok k\u00f6z\u00f6tt.<\/strong><\/p>\n<h4><strong>\ud83e\uddfe \u00c1rak \u00e9s el\u00e1ll\u00e1si jog<\/strong><\/h4>\n<ul>\n<li><strong>Az \u00e1rak egy darab\u00a0n\u00f6v\u00e9nyre vonatkoznak.<\/strong><\/li>\n<li><strong>\u00c9l<\/strong><strong>\u0151<\/strong><strong>\u00a0n\u00f6v\u00e9nyek rendel\u00e9se eset\u00e9n a 14 napos el\u00e1ll\u00e1s joga nem \u00e9rv\u00e9nyes\u00edthet<\/strong><strong>\u0151<\/strong><strong>, mivel azok romland\u00f3, biol\u00f3giailag \u00e9l<\/strong><strong>\u0151<\/strong><strong>\u00a0term\u00e9keknek min<\/strong><strong>\u0151<\/strong><strong>s\u00fclnek.<br \/>\n\ud83d\udd12 (17\/1999. (II. 5.) Korm. rendelet 5. \u00a7 c) pontja alapj\u00e1n)<\/strong><\/li>\n<\/ul>\n<h4><strong>\ud83d\udce6 K\u00e9zbes\u00edt\u00e9s ut\u00e1ni teend<\/strong><strong>\u0151<\/strong><strong>k<\/strong><\/h4>\n<p><strong>A k\u00e9zbes\u00edt\u00e9st k\u00f6vet<\/strong><strong>\u0151<\/strong><strong>en a csomagot azonnal bontsuk ki, \u00e9s a n\u00f6v\u00e9nyt helyezz\u00fck el megfelel<\/strong><strong>\u0151<\/strong><strong>\u00a0k\u00f6rnyezetben.<br \/>\nFontos: ha a n\u00f6v\u00e9ny nem r\u00e9szes\u00fcl megfelel<\/strong><strong>\u0151<\/strong><strong>\u00a0gondoz\u00e1sban \u00e9s ennek k\u00f6vetkezt\u00e9ben k\u00e1rosodik vagy elpusztul, felel<\/strong><strong>\u0151<\/strong><strong>ss\u00e9get nem tudunk v\u00e1llalni.<\/strong><\/p>\n<p>&nbsp;<\/p>","protected":false},"excerpt":{"rendered":"<p>B\u0151term\u0151, \u00f6nterm\u00e9keny mandulafa, kiv\u00e1l\u00f3 fagyt\u0171r\u00e9ssel \u00e9s korai term\u00e9shozammal. A T\u00e9t\u00e9nyi b\u0151term\u0151 mandula ide\u00e1lis v\u00e1laszt\u00e1s h\u00e1zikertekbe vagy kisebb \u00fcltetv\u00e9nyekbe.<\/p>","protected":false},"featured_media":10995,"template":"","meta":{"_et_pb_use_builder":"","_et_pb_old_content":"","_et_gb_content_width":""},"product_brand":[],"product_cat":[6999],"product_tag":[7004,7005,7006,4564,7001,7000,7007,7003,7002],"class_list":{"0":"post-24747","1":"product","2":"type-product","3":"status-publish","4":"has-post-thumbnail","6":"product_cat-mandula","7":"product_tag-botermo-mandula","8":"product_tag-gyumolcsfa-eladas","9":"product_tag-gyumolcsfa-rendeles","10":"product_tag-kerteszet","11":"product_tag-mandula-csemete","12":"product_tag-mandulafa","13":"product_tag-mandulafa-vasarlas","14":"product_tag-ontermekeny-gyumolcsfa","15":"product_tag-tetenyi-mandula","17":"first","18":"outofstock","19":"shipping-taxable","20":"product-type-simple"},"yoast_head":"<!-- This site is optimized with the Yoast SEO plugin v27.4 - https:\/\/yoast.com\/product\/yoast-seo-wordpress\/ -->\n<title>&#039;T\u00e9t\u00e9nyi b\u0151term\u0151&#039; mandula - T\u00e1jkert\u00e9sz<\/title>\n<meta name=\"description\" content=\"T\u00e9t\u00e9nyi b\u0151term\u0151 mandula facsemete \u2013 \u00f6nterm\u00e9keny, b\u0151term\u0151 fajta kiv\u00e1l\u00f3 fagyt\u0171r\u00e9ssel. Rendeld meg most kert\u00e9szet\u00fcnkb\u0151l, orsz\u00e1gos kisz\u00e1ll\u00edt\u00e1ssal!\" \/>\n<meta name=\"robots\" content=\"index, follow, max-snippet:-1, max-image-preview:large, max-video-preview:-1\" \/>\n<link rel=\"canonical\" href=\"https:\/\/tajkertesz.com\/en_US\/product\/tetenyi-botermo-mandula\/\" \/>\n<meta property=\"og:locale\" content=\"en_US\" \/>\n<meta property=\"og:type\" content=\"article\" \/>\n<meta property=\"og:title\" content=\"&#039;T\u00e9t\u00e9nyi b\u0151term\u0151&#039; mandula - T\u00e1jkert\u00e9sz\" \/>\n<meta property=\"og:description\" content=\"T\u00e9t\u00e9nyi b\u0151term\u0151 mandula facsemete \u2013 \u00f6nterm\u00e9keny, b\u0151term\u0151 fajta kiv\u00e1l\u00f3 fagyt\u0171r\u00e9ssel. Rendeld meg most kert\u00e9szet\u00fcnkb\u0151l, orsz\u00e1gos kisz\u00e1ll\u00edt\u00e1ssal!\" \/>\n<meta property=\"og:url\" content=\"https:\/\/tajkertesz.com\/en_US\/product\/tetenyi-botermo-mandula\/\" \/>\n<meta property=\"og:site_name\" content=\"T\u00e1jkert\u00e9sz\" \/>\n<meta property=\"article:publisher\" content=\"https:\/\/www.facebook.com\/Tajkertesz\/\" \/>\n<meta property=\"article:modified_time\" content=\"2026-03-23T09:54:19+00:00\" \/>\n<meta property=\"og:image\" content=\"https:\/\/tajkertesz.com\/wp-content\/uploads\/2021\/10\/tetenyi-botermo-.jpg\" \/>\n\t<meta property=\"og:image:width\" content=\"600\" \/>\n\t<meta property=\"og:image:height\" content=\"563\" \/>\n\t<meta property=\"og:image:type\" content=\"image\/jpeg\" \/>\n<meta name=\"twitter:card\" content=\"summary_large_image\" \/>\n<meta name=\"twitter:label1\" content=\"Est. reading time\" \/>\n\t<meta name=\"twitter:data1\" content=\"3 minutes\" \/>\n<script type=\"application\/ld+json\" class=\"yoast-schema-graph\">{\"@context\":\"https:\\\/\\\/schema.org\",\"@graph\":[{\"@type\":\"WebPage\",\"@id\":\"https:\\\/\\\/tajkertesz.com\\\/termek\\\/tetenyi-botermo-mandula\\\/\",\"url\":\"https:\\\/\\\/tajkertesz.com\\\/termek\\\/tetenyi-botermo-mandula\\\/\",\"name\":\"'T\u00e9t\u00e9nyi b\u0151term\u0151' mandula - T\u00e1jkert\u00e9sz\",\"isPartOf\":{\"@id\":\"https:\\\/\\\/tajkertesz.com\\\/#website\"},\"primaryImageOfPage\":{\"@id\":\"https:\\\/\\\/tajkertesz.com\\\/termek\\\/tetenyi-botermo-mandula\\\/#primaryimage\"},\"image\":{\"@id\":\"https:\\\/\\\/tajkertesz.com\\\/termek\\\/tetenyi-botermo-mandula\\\/#primaryimage\"},\"thumbnailUrl\":\"https:\\\/\\\/tajkertesz.com\\\/wp-content\\\/uploads\\\/2021\\\/10\\\/tetenyi-botermo-.jpg\",\"datePublished\":\"2025-09-30T08:49:22+00:00\",\"dateModified\":\"2026-03-23T09:54:19+00:00\",\"description\":\"T\u00e9t\u00e9nyi b\u0151term\u0151 mandula facsemete \u2013 \u00f6nterm\u00e9keny, b\u0151term\u0151 fajta kiv\u00e1l\u00f3 fagyt\u0171r\u00e9ssel. Rendeld meg most kert\u00e9szet\u00fcnkb\u0151l, orsz\u00e1gos kisz\u00e1ll\u00edt\u00e1ssal!\",\"breadcrumb\":{\"@id\":\"https:\\\/\\\/tajkertesz.com\\\/termek\\\/tetenyi-botermo-mandula\\\/#breadcrumb\"},\"inLanguage\":\"en-US\",\"potentialAction\":[{\"@type\":\"ReadAction\",\"target\":[\"https:\\\/\\\/tajkertesz.com\\\/termek\\\/tetenyi-botermo-mandula\\\/\"]}]},{\"@type\":\"ImageObject\",\"inLanguage\":\"en-US\",\"@id\":\"https:\\\/\\\/tajkertesz.com\\\/termek\\\/tetenyi-botermo-mandula\\\/#primaryimage\",\"url\":\"https:\\\/\\\/tajkertesz.com\\\/wp-content\\\/uploads\\\/2021\\\/10\\\/tetenyi-botermo-.jpg\",\"contentUrl\":\"https:\\\/\\\/tajkertesz.com\\\/wp-content\\\/uploads\\\/2021\\\/10\\\/tetenyi-botermo-.jpg\",\"width\":600,\"height\":563,\"caption\":\"'T\u00e9t\u00e9nyi b\u0151term\u0151' mandula\"},{\"@type\":\"BreadcrumbList\",\"@id\":\"https:\\\/\\\/tajkertesz.com\\\/termek\\\/tetenyi-botermo-mandula\\\/#breadcrumb\",\"itemListElement\":[{\"@type\":\"ListItem\",\"position\":1,\"name\":\"Home\",\"item\":\"https:\\\/\\\/tajkertesz.com\\\/\"},{\"@type\":\"ListItem\",\"position\":2,\"name\":\"Kezd\u0151lap\",\"item\":\"https:\\\/\\\/tajkertesz.com\\\/\"},{\"@type\":\"ListItem\",\"position\":3,\"name\":\"&#8216;T\u00e9t\u00e9nyi b\u0151term\u0151&#8217; mandula\"}]},{\"@type\":\"WebSite\",\"@id\":\"https:\\\/\\\/tajkertesz.com\\\/#website\",\"url\":\"https:\\\/\\\/tajkertesz.com\\\/\",\"name\":\"T\u00e1j-Kert\u00e9sz 84 Kft.\",\"description\":\"Kert\u00e9szeti kis- \u00e9s nagykeresked\u00e9s, D\u00edszn\u00f6v\u00e9ny web\u00e1ruh\u00e1z orsz\u00e1gos h\u00e1zhozsz\u00e1ll\u00edt\u00e1ssal!\",\"publisher\":{\"@id\":\"https:\\\/\\\/tajkertesz.com\\\/#organization\"},\"potentialAction\":[{\"@type\":\"SearchAction\",\"target\":{\"@type\":\"EntryPoint\",\"urlTemplate\":\"https:\\\/\\\/tajkertesz.com\\\/?s={search_term_string}\"},\"query-input\":{\"@type\":\"PropertyValueSpecification\",\"valueRequired\":true,\"valueName\":\"search_term_string\"}}],\"inLanguage\":\"en-US\"},{\"@type\":\"Organization\",\"@id\":\"https:\\\/\\\/tajkertesz.com\\\/#organization\",\"name\":\"T\u00e1j-Kert\u00e9sz 84 Kft.\",\"url\":\"https:\\\/\\\/tajkertesz.com\\\/\",\"logo\":{\"@type\":\"ImageObject\",\"inLanguage\":\"en-US\",\"@id\":\"https:\\\/\\\/tajkertesz.com\\\/#\\\/schema\\\/logo\\\/image\\\/\",\"url\":\"https:\\\/\\\/tajkertesz.com\\\/wp-content\\\/uploads\\\/2018\\\/02\\\/logo-2-e1518678052539.png\",\"contentUrl\":\"https:\\\/\\\/tajkertesz.com\\\/wp-content\\\/uploads\\\/2018\\\/02\\\/logo-2-e1518678052539.png\",\"width\":81,\"height\":140,\"caption\":\"T\u00e1j-Kert\u00e9sz 84 Kft.\"},\"image\":{\"@id\":\"https:\\\/\\\/tajkertesz.com\\\/#\\\/schema\\\/logo\\\/image\\\/\"},\"sameAs\":[\"https:\\\/\\\/www.facebook.com\\\/Tajkertesz\\\/\"]}]}<\/script>\n<!-- \/ Yoast SEO plugin. -->","yoast_head_json":{"title":"'T\u00e9t\u00e9nyi b\u0151term\u0151' mandula - T\u00e1jkert\u00e9sz","description":"T\u00e9t\u00e9nyi b\u0151term\u0151 mandula facsemete \u2013 \u00f6nterm\u00e9keny, b\u0151term\u0151 fajta kiv\u00e1l\u00f3 fagyt\u0171r\u00e9ssel. Rendeld meg most kert\u00e9szet\u00fcnkb\u0151l, orsz\u00e1gos kisz\u00e1ll\u00edt\u00e1ssal!","robots":{"index":"index","follow":"follow","max-snippet":"max-snippet:-1","max-image-preview":"max-image-preview:large","max-video-preview":"max-video-preview:-1"},"canonical":"https:\/\/tajkertesz.com\/en_US\/product\/tetenyi-botermo-mandula\/","og_locale":"en_US","og_type":"article","og_title":"'T\u00e9t\u00e9nyi b\u0151term\u0151' mandula - T\u00e1jkert\u00e9sz","og_description":"T\u00e9t\u00e9nyi b\u0151term\u0151 mandula facsemete \u2013 \u00f6nterm\u00e9keny, b\u0151term\u0151 fajta kiv\u00e1l\u00f3 fagyt\u0171r\u00e9ssel. Rendeld meg most kert\u00e9szet\u00fcnkb\u0151l, orsz\u00e1gos kisz\u00e1ll\u00edt\u00e1ssal!","og_url":"https:\/\/tajkertesz.com\/en_US\/product\/tetenyi-botermo-mandula\/","og_site_name":"T\u00e1jkert\u00e9sz","article_publisher":"https:\/\/www.facebook.com\/Tajkertesz\/","article_modified_time":"2026-03-23T09:54:19+00:00","og_image":[{"width":600,"height":563,"url":"https:\/\/tajkertesz.com\/wp-content\/uploads\/2021\/10\/tetenyi-botermo-.jpg","type":"image\/jpeg"}],"twitter_card":"summary_large_image","twitter_misc":{"Est. reading time":"3 minutes"},"schema":{"@context":"https:\/\/schema.org","@graph":[{"@type":"WebPage","@id":"https:\/\/tajkertesz.com\/termek\/tetenyi-botermo-mandula\/","url":"https:\/\/tajkertesz.com\/termek\/tetenyi-botermo-mandula\/","name":"'T\u00e9t\u00e9nyi b\u0151term\u0151' mandula - T\u00e1jkert\u00e9sz","isPartOf":{"@id":"https:\/\/tajkertesz.com\/#website"},"primaryImageOfPage":{"@id":"https:\/\/tajkertesz.com\/termek\/tetenyi-botermo-mandula\/#primaryimage"},"image":{"@id":"https:\/\/tajkertesz.com\/termek\/tetenyi-botermo-mandula\/#primaryimage"},"thumbnailUrl":"https:\/\/tajkertesz.com\/wp-content\/uploads\/2021\/10\/tetenyi-botermo-.jpg","datePublished":"2025-09-30T08:49:22+00:00","dateModified":"2026-03-23T09:54:19+00:00","description":"T\u00e9t\u00e9nyi b\u0151term\u0151 mandula facsemete \u2013 \u00f6nterm\u00e9keny, b\u0151term\u0151 fajta kiv\u00e1l\u00f3 fagyt\u0171r\u00e9ssel. Rendeld meg most kert\u00e9szet\u00fcnkb\u0151l, orsz\u00e1gos kisz\u00e1ll\u00edt\u00e1ssal!","breadcrumb":{"@id":"https:\/\/tajkertesz.com\/termek\/tetenyi-botermo-mandula\/#breadcrumb"},"inLanguage":"en-US","potentialAction":[{"@type":"ReadAction","target":["https:\/\/tajkertesz.com\/termek\/tetenyi-botermo-mandula\/"]}]},{"@type":"ImageObject","inLanguage":"en-US","@id":"https:\/\/tajkertesz.com\/termek\/tetenyi-botermo-mandula\/#primaryimage","url":"https:\/\/tajkertesz.com\/wp-content\/uploads\/2021\/10\/tetenyi-botermo-.jpg","contentUrl":"https:\/\/tajkertesz.com\/wp-content\/uploads\/2021\/10\/tetenyi-botermo-.jpg","width":600,"height":563,"caption":"'T\u00e9t\u00e9nyi b\u0151term\u0151' mandula"},{"@type":"BreadcrumbList","@id":"https:\/\/tajkertesz.com\/termek\/tetenyi-botermo-mandula\/#breadcrumb","itemListElement":[{"@type":"ListItem","position":1,"name":"Home","item":"https:\/\/tajkertesz.com\/"},{"@type":"ListItem","position":2,"name":"Kezd\u0151lap","item":"https:\/\/tajkertesz.com\/"},{"@type":"ListItem","position":3,"name":"&#8216;T\u00e9t\u00e9nyi b\u0151term\u0151&#8217; mandula"}]},{"@type":"WebSite","@id":"https:\/\/tajkertesz.com\/#website","url":"https:\/\/tajkertesz.com\/","name":"T\u00e1j-Kert\u00e9sz 84 Kft.","description":"Kert\u00e9szeti kis- \u00e9s nagykeresked\u00e9s, D\u00edszn\u00f6v\u00e9ny web\u00e1ruh\u00e1z orsz\u00e1gos h\u00e1zhozsz\u00e1ll\u00edt\u00e1ssal!","publisher":{"@id":"https:\/\/tajkertesz.com\/#organization"},"potentialAction":[{"@type":"SearchAction","target":{"@type":"EntryPoint","urlTemplate":"https:\/\/tajkertesz.com\/?s={search_term_string}"},"query-input":{"@type":"PropertyValueSpecification","valueRequired":true,"valueName":"search_term_string"}}],"inLanguage":"en-US"},{"@type":"Organization","@id":"https:\/\/tajkertesz.com\/#organization","name":"T\u00e1j-Kert\u00e9sz 84 Kft.","url":"https:\/\/tajkertesz.com\/","logo":{"@type":"ImageObject","inLanguage":"en-US","@id":"https:\/\/tajkertesz.com\/#\/schema\/logo\/image\/","url":"https:\/\/tajkertesz.com\/wp-content\/uploads\/2018\/02\/logo-2-e1518678052539.png","contentUrl":"https:\/\/tajkertesz.com\/wp-content\/uploads\/2018\/02\/logo-2-e1518678052539.png","width":81,"height":140,"caption":"T\u00e1j-Kert\u00e9sz 84 Kft."},"image":{"@id":"https:\/\/tajkertesz.com\/#\/schema\/logo\/image\/"},"sameAs":["https:\/\/www.facebook.com\/Tajkertesz\/"]}]}},"_links":{"self":[{"href":"https:\/\/tajkertesz.com\/en_US\/wp-json\/wp\/v2\/product\/24747","targetHints":{"allow":["GET"]}}],"collection":[{"href":"https:\/\/tajkertesz.com\/en_US\/wp-json\/wp\/v2\/product"}],"about":[{"href":"https:\/\/tajkertesz.com\/en_US\/wp-json\/wp\/v2\/types\/product"}],"wp:featuredmedia":[{"embeddable":true,"href":"https:\/\/tajkertesz.com\/en_US\/wp-json\/wp\/v2\/media\/10995"}],"wp:attachment":[{"href":"https:\/\/tajkertesz.com\/en_US\/wp-json\/wp\/v2\/media?parent=24747"}],"wp:term":[{"taxonomy":"product_brand","embeddable":true,"href":"https:\/\/tajkertesz.com\/en_US\/wp-json\/wp\/v2\/product_brand?post=24747"},{"taxonomy":"product_cat","embeddable":true,"href":"https:\/\/tajkertesz.com\/en_US\/wp-json\/wp\/v2\/product_cat?post=24747"},{"taxonomy":"product_tag","embeddable":true,"href":"https:\/\/tajkertesz.com\/en_US\/wp-json\/wp\/v2\/product_tag?post=24747"}],"curies":[{"name":"wp","href":"https:\/\/api.w.org\/{rel}","templated":true}]}}