{"id":2475,"date":"2020-11-02T14:06:08","date_gmt":"2020-11-02T14:06:08","guid":{"rendered":"https:\/\/tajkertesz.com\/?post_type=product&#038;p=2475"},"modified":"2026-02-21T14:47:26","modified_gmt":"2026-02-21T14:47:26","slug":"szabadgyokeru-szolo-oltvanyok-olaszrizling-feher-borszolo","status":"publish","type":"product","link":"https:\/\/tajkertesz.com\/en_US\/product\/szabadgyokeru-szolo-oltvanyok-olaszrizling-feher-borszolo\/","title":{"rendered":"Szabadgy\u00f6ker\u0171 sz\u0151l\u0151 oltv\u00e1nyok Olaszrizling feh\u00e9r borsz\u0151l\u0151"},"content":{"rendered":"<p>Szabadgy\u00f6ker\u0171 sz\u0151l\u0151 oltv\u00e1nyok Olaszrizling feh\u00e9r borsz\u0151l\u0151<\/p>\n<p>A Szabadgy\u00f6ker\u0171 sz\u0151l\u0151 oltv\u00e1nyok k\u00f6z\u00f6tt az Olaszrizling feh\u00e9r borsz\u0151l\u0151 k\u00e9s\u0151i \u00e9r\u00e9s\u0171, b\u0151ven term\u0151, kiv\u00e1l\u00f3 min\u0151s\u00e9g\u0171, meleg fekv\u00e9st ig\u00e9nyl\u0151 fajta.<\/p>\n<p>Haz\u00e1nkban szinte minden borvid\u00e9ken megtal\u00e1lhat\u00f3, a legszebb olaszrizlingek azonban a Szent Gy\u00f6rgy-hegyen \u00e9s Csopakon teremnek.<\/p>\n<p>F\u00fcrtje k\u00f6z\u00e9pnagy (90-140g \u00e1tlagt\u00f6meg\u0171), hengeres, t\u00f6m\u00f6tt, sz\u00e1rnyas (gyakran mell\u00e9kf\u00fcrt\u00f6t visel). Bogy\u00f3ja kicsi, s\u00e1rga, g\u00f6mb\u00f6ly\u0171, alig hamvas, v\u00e9kony h\u00e9j\u00fa.<\/p>\n<p>H\u00fasa puha, leves, semleges \u00edz\u0171. Megh\u00e1l\u00e1lja a k\u00e9s\u0151i sz\u00fcretet.<\/p>\n<p>&nbsp;<\/p>\n<p><strong>Jelen term\u00e9k\u00fcnk szabadgy\u00f6ker\u0171 kiszerel\u00e9s\u0171 , \u00edgy a n\u00f6v\u00e9nyt nedvesen tart\u00f3 k\u00f6zeggel k\u00fcldj\u00fck , \u00e9s javasoljuk mihamarabbi el\u00fcltet\u00e9s\u00e9t.<\/strong><\/p>\n<p>Az \u00fcltet\u00e9shez haszn\u00e1ljon marhatr\u00e1gy\u00e1t, vagy\u00a0 Agrecol t\u00e1pot.<\/p>\n<p>A telep\u00edt\u00e9shez optim\u00e1lis id\u0151pont is okt\u00f3ber 20. ut\u00e1n kezd\u0151dik, \u00e9s tart eg\u00e9szen addig, am\u00edg a talaj \u00e1t nem fagy, \u00edgy ak\u00e1r -enyhe id\u0151 eset\u00e9n- decemberben is \u00fcltethet.<\/p>\n<p>Teh\u00e1t \u00d6n nem marad le semmir\u0151l, s\u0151t a legjobb id\u0151pontban tudja el\u00fcltetni a nyugalmi \u00e1llapotban l\u00e9v\u0151 gy\u00fcm\u00f6lcsterm\u0151ket, \u00edgy biztos\u00edtva a legjobb ered\u00e9st.<\/p>\n<p style=\"line-height: 18.0pt; background: white; margin: 0cm 0cm 15.0pt 0cm;\"><span style=\"font-family: 'Ubuntu',serif; color: black;\">El\u00e9rhet\u0151 t\u00f6bbf\u00e9le m\u00e9retben \u00e9s \u00e1rban.<\/span><\/p>\n<p style=\"line-height: 18.0pt; background: white; margin: 0cm 0cm 15.0pt 0cm;\"><b><span style=\"font-family: 'Ubuntu',serif; color: black;\">K\u00e9szlet\u00fcnk napi szinten v\u00e1ltozik, ez\u00e9rt k\u00e9rj\u00fck, \u00e9rdekl\u0151dj\u00f6n szem\u00e9lyesen, telefonon vagy email-en.<br \/>\nA v\u00e1ltoztat\u00e1s jog\u00e1t fenntartjuk!\u00a0<\/span><\/b><\/p>\n<p><a href=\"https:\/\/tajkertesz.com\/\">https:\/\/tajkertesz.com\/<\/a><\/p>\n<p><a href=\"https:\/\/hu.wikipedia.org\/wiki\/Olaszrizling\">https:\/\/hu.wikipedia.org\/wiki\/Olaszrizling<\/a><\/p>\n<h6><span id=\"Jellemz\u0151i\" class=\"mw-headline\" style=\"color: #333333;\">Jellemz\u0151i<\/span><\/h6>\n<h6><span style=\"color: #333333;\">K\u00f6zepes, vagy gyenge t\u0151k\u00e9j\u0171, s\u0171r\u0171, v\u00e9kony vessz\u0151j\u0171. F\u00fcrtje kicsi\u2013k\u00f6z\u00e9pnagy (\u00e1tlagos t\u00f6mege 90\u2013140\u00a0g), t\u00f6m\u00f6tt, hengeres \u00e9s gyakran van rajta mell\u00e9kf\u00fcrt. Bogy\u00f3ja kicsi, s\u00e1rga, g\u00f6mb\u00f6ly\u0171, alig hamvas, v\u00e9kony h\u00e9j\u00fa. H\u00fasa puha, leves, semleges \u00edz\u0171. Bor\u00e1nak \u00edze gyakran a keser\u0171 mandul\u00e1\u00e9ra eml\u00e9keztet. Enyhe rezeda illat\u00fa, savai szel\u00eddek, de ennek m\u00e9rt\u00e9ke a termel\u0151helyt\u0151l f\u00fcgg. Az \u00c9szak-Dun\u00e1nt\u00falon p\u00e9ld\u00e1ul\u00a0<a style=\"color: #333333;\" title=\"Csopak\" href=\"https:\/\/hu.wikipedia.org\/wiki\/Csopak\">Csopakon<\/a>\u00a0a legl\u00e1gyabb, Badacsony \u00e9s\u00a0<a style=\"color: #333333;\" title=\"Balatonederics\" href=\"https:\/\/hu.wikipedia.org\/wiki\/Balatonederics\">Balatonederics<\/a>\u00a0fel\u00e9 a savas jelleg er\u0151s\u00f6dik \u00e9s\u00a0<a style=\"color: #333333;\" title=\"Soml\u00f3\" href=\"https:\/\/hu.wikipedia.org\/wiki\/Soml%C3%B3\">Soml\u00f3n<\/a>\u00a0a leger\u0151sebb. Egy helyen bel\u00fcl a hegyek \u00e9szaki r\u00e9sz\u00e9n savasabb, d\u00e9len l\u00e1gyabb.<sup id=\"cite_ref-1\" class=\"reference\"><\/sup><\/span><\/h6>\n<h6><span style=\"color: #333333;\">Okt\u00f3ber els\u0151 fel\u00e9ben sz\u00fcretelhet\u0151. K\u00e9s\u0151n \u00e9r\u0151, ez\u00e9rt szereti a melegebb helyeket, a d\u00e9li lejt\u0151ket. B\u0151ven term\u0151, kiv\u00e1l\u00f3 min\u0151s\u00e9g\u0171 fajta. Term\u00e9se majdnem \u00e1lland\u00f3 min\u0151s\u00e9g\u0171, de a rothad\u00e1s, a lisztharmat n\u00e9ha el\u00e9ri. T\u00fal\u00e9rett sz\u0151l\u0151j\u00e9b\u0151l k\u00fcl\u00f6nleges, min\u0151s\u00e9g\u0171 borokat k\u00e9sz\u00edtenek.<\/span><\/h6>\n<h6><span style=\"color: #333333;\">Egyedi jellemz\u0151je a nagy\u00a0<a style=\"color: #333333;\" title=\"Magn\u00e9zium\" href=\"https:\/\/hu.wikipedia.org\/wiki\/Magn%C3%A9zium\">magn\u00e9ziumig\u00e9ny<\/a>; ennek hi\u00e1ny\u00e1ban hi\u00e1nybetegs\u00e9ge alakulhat ki. A felvett magn\u00e9zium jelent\u0151s r\u00e9sze a term\u00e9sbe \u00e9s onnan a borba ker\u00fcl, ez\u00e9rt bora izomg\u00f6rcs\u00f6k stb. ellen gy\u00f3gyhat\u00e1s\u00fa. Magyarorsz\u00e1gon a\u00a0<a style=\"color: #333333;\" title=\"Badacsonyi borvid\u00e9k\" href=\"https:\/\/hu.wikipedia.org\/wiki\/Badacsonyi_borvid%C3%A9k\">badacsonyi borvid\u00e9k<\/a>\u00a0bazalton termesztett olaszrizlingjeinek bor\u00e1ban van a legt\u00f6bb magn\u00e9zium.<\/span><\/h6>\n<p>&nbsp;<\/p>","protected":false},"excerpt":{"rendered":"<p>A Szabadgy\u00f6ker\u0171 sz\u0151l\u0151 oltv\u00e1nyok k\u00f6z\u00f6tt az Olaszrizling feh\u00e9r borsz\u0151l\u0151 k\u00e9s\u0151i \u00e9r\u00e9s\u0171, b\u0151ven term\u0151, kiv\u00e1l\u00f3 min\u0151s\u00e9g\u0171, meleg fekv\u00e9st ig\u00e9nyl\u0151 fajta.<\/p>\n<p>Haz\u00e1nkban szinte minden borvid\u00e9ken megtal\u00e1lhat\u00f3, a legszebb olaszrizlingek azonban a Szent Gy\u00f6rgy-hegyen \u00e9s Csopakon teremnek.<\/p>\n<p>F\u00fcrtje k\u00f6z\u00e9pnagy (90-140g \u00e1tlagt\u00f6meg\u0171), hengeres, t\u00f6m\u00f6tt, sz\u00e1rnyas (gyakran mell\u00e9kf\u00fcrt\u00f6t visel). Bogy\u00f3ja kicsi, s\u00e1rga, g\u00f6mb\u00f6ly\u0171, alig hamvas, v\u00e9kony h\u00e9j\u00fa.<\/p>\n<p>H\u00fasa puha, leves, semleges \u00edz\u0171. Megh\u00e1l\u00e1lja a k\u00e9s\u0151i sz\u00fcretet.<\/p>","protected":false},"featured_media":2476,"template":"","meta":{"_et_pb_use_builder":"","_et_pb_old_content":"","_et_gb_content_width":""},"product_brand":[],"product_cat":[823],"product_tag":[858,857,480,822,825],"class_list":{"0":"post-2475","1":"product","2":"type-product","3":"status-publish","4":"has-post-thumbnail","6":"product_cat-szolok","7":"product_tag-feher-borszolo","8":"product_tag-olaszrizling","9":"product_tag-oltvanyok","10":"product_tag-szabadgyokeru","11":"product_tag-szolo","13":"first","14":"instock","15":"shipping-taxable","16":"purchasable","17":"product-type-simple"},"yoast_head":"<!-- This site is optimized with the Yoast SEO plugin v27.3 - https:\/\/yoast.com\/product\/yoast-seo-wordpress\/ -->\n<title>Szabadgy\u00f6ker\u0171 sz\u0151l\u0151 oltv\u00e1nyok Olaszrizling feh\u00e9r borsz\u0151l\u0151 - T\u00e1jkert\u00e9sz<\/title>\n<meta name=\"description\" content=\"A Szabadgy\u00f6ker\u0171 sz\u0151l\u0151 oltv\u00e1nyok k\u00f6z\u00f6tt az Olaszrizling feh\u00e9r borsz\u0151l\u0151 k\u00e9s\u0151i \u00e9r\u00e9s\u0171, b\u0151ven term\u0151, kiv\u00e1l\u00f3 min\u0151s\u00e9g\u0171, meleg fekv\u00e9st ig\u00e9nyl\u0151 fajta.\" \/>\n<meta name=\"robots\" content=\"index, follow, max-snippet:-1, max-image-preview:large, max-video-preview:-1\" \/>\n<link rel=\"canonical\" href=\"https:\/\/tajkertesz.com\/en_US\/product\/szabadgyokeru-szolo-oltvanyok-olaszrizling-feher-borszolo\/\" \/>\n<meta property=\"og:locale\" content=\"en_US\" \/>\n<meta property=\"og:type\" content=\"article\" \/>\n<meta property=\"og:title\" content=\"Szabadgy\u00f6ker\u0171 sz\u0151l\u0151 oltv\u00e1nyok Olaszrizling feh\u00e9r borsz\u0151l\u0151 - T\u00e1jkert\u00e9sz\" \/>\n<meta property=\"og:description\" content=\"A Szabadgy\u00f6ker\u0171 sz\u0151l\u0151 oltv\u00e1nyok k\u00f6z\u00f6tt az Olaszrizling feh\u00e9r borsz\u0151l\u0151 k\u00e9s\u0151i \u00e9r\u00e9s\u0171, b\u0151ven term\u0151, kiv\u00e1l\u00f3 min\u0151s\u00e9g\u0171, meleg fekv\u00e9st ig\u00e9nyl\u0151 fajta.\" \/>\n<meta property=\"og:url\" content=\"https:\/\/tajkertesz.com\/en_US\/product\/szabadgyokeru-szolo-oltvanyok-olaszrizling-feher-borszolo\/\" \/>\n<meta property=\"og:site_name\" content=\"T\u00e1jkert\u00e9sz\" \/>\n<meta property=\"article:publisher\" content=\"https:\/\/www.facebook.com\/Tajkertesz\/\" \/>\n<meta property=\"article:modified_time\" content=\"2026-02-21T14:47:26+00:00\" \/>\n<meta property=\"og:image\" content=\"https:\/\/tajkertesz.com\/wp-content\/uploads\/2020\/11\/Olaszrizling.png\" \/>\n\t<meta property=\"og:image:width\" content=\"209\" \/>\n\t<meta property=\"og:image:height\" content=\"258\" \/>\n\t<meta property=\"og:image:type\" content=\"image\/png\" \/>\n<meta name=\"twitter:card\" content=\"summary_large_image\" \/>\n<meta name=\"twitter:label1\" content=\"Est. reading time\" \/>\n\t<meta name=\"twitter:data1\" content=\"2 minutes\" \/>\n<script type=\"application\/ld+json\" class=\"yoast-schema-graph\">{\"@context\":\"https:\\\/\\\/schema.org\",\"@graph\":[{\"@type\":\"WebPage\",\"@id\":\"https:\\\/\\\/tajkertesz.com\\\/termek\\\/szabadgyokeru-szolo-oltvanyok-olaszrizling-feher-borszolo\\\/\",\"url\":\"https:\\\/\\\/tajkertesz.com\\\/termek\\\/szabadgyokeru-szolo-oltvanyok-olaszrizling-feher-borszolo\\\/\",\"name\":\"Szabadgy\u00f6ker\u0171 sz\u0151l\u0151 oltv\u00e1nyok Olaszrizling feh\u00e9r borsz\u0151l\u0151 - T\u00e1jkert\u00e9sz\",\"isPartOf\":{\"@id\":\"https:\\\/\\\/tajkertesz.com\\\/#website\"},\"primaryImageOfPage\":{\"@id\":\"https:\\\/\\\/tajkertesz.com\\\/termek\\\/szabadgyokeru-szolo-oltvanyok-olaszrizling-feher-borszolo\\\/#primaryimage\"},\"image\":{\"@id\":\"https:\\\/\\\/tajkertesz.com\\\/termek\\\/szabadgyokeru-szolo-oltvanyok-olaszrizling-feher-borszolo\\\/#primaryimage\"},\"thumbnailUrl\":\"https:\\\/\\\/tajkertesz.com\\\/wp-content\\\/uploads\\\/2020\\\/11\\\/Olaszrizling.png\",\"datePublished\":\"2020-11-02T14:06:08+00:00\",\"dateModified\":\"2026-02-21T14:47:26+00:00\",\"description\":\"A Szabadgy\u00f6ker\u0171 sz\u0151l\u0151 oltv\u00e1nyok k\u00f6z\u00f6tt az Olaszrizling feh\u00e9r borsz\u0151l\u0151 k\u00e9s\u0151i \u00e9r\u00e9s\u0171, b\u0151ven term\u0151, kiv\u00e1l\u00f3 min\u0151s\u00e9g\u0171, meleg fekv\u00e9st ig\u00e9nyl\u0151 fajta.\",\"breadcrumb\":{\"@id\":\"https:\\\/\\\/tajkertesz.com\\\/termek\\\/szabadgyokeru-szolo-oltvanyok-olaszrizling-feher-borszolo\\\/#breadcrumb\"},\"inLanguage\":\"en-US\",\"potentialAction\":[{\"@type\":\"ReadAction\",\"target\":[\"https:\\\/\\\/tajkertesz.com\\\/termek\\\/szabadgyokeru-szolo-oltvanyok-olaszrizling-feher-borszolo\\\/\"]}]},{\"@type\":\"ImageObject\",\"inLanguage\":\"en-US\",\"@id\":\"https:\\\/\\\/tajkertesz.com\\\/termek\\\/szabadgyokeru-szolo-oltvanyok-olaszrizling-feher-borszolo\\\/#primaryimage\",\"url\":\"https:\\\/\\\/tajkertesz.com\\\/wp-content\\\/uploads\\\/2020\\\/11\\\/Olaszrizling.png\",\"contentUrl\":\"https:\\\/\\\/tajkertesz.com\\\/wp-content\\\/uploads\\\/2020\\\/11\\\/Olaszrizling.png\",\"width\":209,\"height\":258},{\"@type\":\"BreadcrumbList\",\"@id\":\"https:\\\/\\\/tajkertesz.com\\\/termek\\\/szabadgyokeru-szolo-oltvanyok-olaszrizling-feher-borszolo\\\/#breadcrumb\",\"itemListElement\":[{\"@type\":\"ListItem\",\"position\":1,\"name\":\"Home\",\"item\":\"https:\\\/\\\/tajkertesz.com\\\/\"},{\"@type\":\"ListItem\",\"position\":2,\"name\":\"Kezd\u0151lap\",\"item\":\"https:\\\/\\\/tajkertesz.com\\\/\"},{\"@type\":\"ListItem\",\"position\":3,\"name\":\"Szabadgy\u00f6ker\u0171 sz\u0151l\u0151 oltv\u00e1nyok Olaszrizling feh\u00e9r borsz\u0151l\u0151\"}]},{\"@type\":\"WebSite\",\"@id\":\"https:\\\/\\\/tajkertesz.com\\\/#website\",\"url\":\"https:\\\/\\\/tajkertesz.com\\\/\",\"name\":\"T\u00e1j-Kert\u00e9sz 84 Kft.\",\"description\":\"Kert\u00e9szeti kis- \u00e9s nagykeresked\u00e9s, D\u00edszn\u00f6v\u00e9ny web\u00e1ruh\u00e1z orsz\u00e1gos h\u00e1zhozsz\u00e1ll\u00edt\u00e1ssal!\",\"publisher\":{\"@id\":\"https:\\\/\\\/tajkertesz.com\\\/#organization\"},\"potentialAction\":[{\"@type\":\"SearchAction\",\"target\":{\"@type\":\"EntryPoint\",\"urlTemplate\":\"https:\\\/\\\/tajkertesz.com\\\/?s={search_term_string}\"},\"query-input\":{\"@type\":\"PropertyValueSpecification\",\"valueRequired\":true,\"valueName\":\"search_term_string\"}}],\"inLanguage\":\"en-US\"},{\"@type\":\"Organization\",\"@id\":\"https:\\\/\\\/tajkertesz.com\\\/#organization\",\"name\":\"T\u00e1j-Kert\u00e9sz 84 Kft.\",\"url\":\"https:\\\/\\\/tajkertesz.com\\\/\",\"logo\":{\"@type\":\"ImageObject\",\"inLanguage\":\"en-US\",\"@id\":\"https:\\\/\\\/tajkertesz.com\\\/#\\\/schema\\\/logo\\\/image\\\/\",\"url\":\"https:\\\/\\\/tajkertesz.com\\\/wp-content\\\/uploads\\\/2018\\\/02\\\/logo-2-e1518678052539.png\",\"contentUrl\":\"https:\\\/\\\/tajkertesz.com\\\/wp-content\\\/uploads\\\/2018\\\/02\\\/logo-2-e1518678052539.png\",\"width\":81,\"height\":140,\"caption\":\"T\u00e1j-Kert\u00e9sz 84 Kft.\"},\"image\":{\"@id\":\"https:\\\/\\\/tajkertesz.com\\\/#\\\/schema\\\/logo\\\/image\\\/\"},\"sameAs\":[\"https:\\\/\\\/www.facebook.com\\\/Tajkertesz\\\/\"]}]}<\/script>\n<!-- \/ Yoast SEO plugin. -->","yoast_head_json":{"title":"Szabadgy\u00f6ker\u0171 sz\u0151l\u0151 oltv\u00e1nyok Olaszrizling feh\u00e9r borsz\u0151l\u0151 - T\u00e1jkert\u00e9sz","description":"A Szabadgy\u00f6ker\u0171 sz\u0151l\u0151 oltv\u00e1nyok k\u00f6z\u00f6tt az Olaszrizling feh\u00e9r borsz\u0151l\u0151 k\u00e9s\u0151i \u00e9r\u00e9s\u0171, b\u0151ven term\u0151, kiv\u00e1l\u00f3 min\u0151s\u00e9g\u0171, meleg fekv\u00e9st ig\u00e9nyl\u0151 fajta.","robots":{"index":"index","follow":"follow","max-snippet":"max-snippet:-1","max-image-preview":"max-image-preview:large","max-video-preview":"max-video-preview:-1"},"canonical":"https:\/\/tajkertesz.com\/en_US\/product\/szabadgyokeru-szolo-oltvanyok-olaszrizling-feher-borszolo\/","og_locale":"en_US","og_type":"article","og_title":"Szabadgy\u00f6ker\u0171 sz\u0151l\u0151 oltv\u00e1nyok Olaszrizling feh\u00e9r borsz\u0151l\u0151 - T\u00e1jkert\u00e9sz","og_description":"A Szabadgy\u00f6ker\u0171 sz\u0151l\u0151 oltv\u00e1nyok k\u00f6z\u00f6tt az Olaszrizling feh\u00e9r borsz\u0151l\u0151 k\u00e9s\u0151i \u00e9r\u00e9s\u0171, b\u0151ven term\u0151, kiv\u00e1l\u00f3 min\u0151s\u00e9g\u0171, meleg fekv\u00e9st ig\u00e9nyl\u0151 fajta.","og_url":"https:\/\/tajkertesz.com\/en_US\/product\/szabadgyokeru-szolo-oltvanyok-olaszrizling-feher-borszolo\/","og_site_name":"T\u00e1jkert\u00e9sz","article_publisher":"https:\/\/www.facebook.com\/Tajkertesz\/","article_modified_time":"2026-02-21T14:47:26+00:00","og_image":[{"width":209,"height":258,"url":"https:\/\/tajkertesz.com\/wp-content\/uploads\/2020\/11\/Olaszrizling.png","type":"image\/png"}],"twitter_card":"summary_large_image","twitter_misc":{"Est. reading time":"2 minutes"},"schema":{"@context":"https:\/\/schema.org","@graph":[{"@type":"WebPage","@id":"https:\/\/tajkertesz.com\/termek\/szabadgyokeru-szolo-oltvanyok-olaszrizling-feher-borszolo\/","url":"https:\/\/tajkertesz.com\/termek\/szabadgyokeru-szolo-oltvanyok-olaszrizling-feher-borszolo\/","name":"Szabadgy\u00f6ker\u0171 sz\u0151l\u0151 oltv\u00e1nyok Olaszrizling feh\u00e9r borsz\u0151l\u0151 - T\u00e1jkert\u00e9sz","isPartOf":{"@id":"https:\/\/tajkertesz.com\/#website"},"primaryImageOfPage":{"@id":"https:\/\/tajkertesz.com\/termek\/szabadgyokeru-szolo-oltvanyok-olaszrizling-feher-borszolo\/#primaryimage"},"image":{"@id":"https:\/\/tajkertesz.com\/termek\/szabadgyokeru-szolo-oltvanyok-olaszrizling-feher-borszolo\/#primaryimage"},"thumbnailUrl":"https:\/\/tajkertesz.com\/wp-content\/uploads\/2020\/11\/Olaszrizling.png","datePublished":"2020-11-02T14:06:08+00:00","dateModified":"2026-02-21T14:47:26+00:00","description":"A Szabadgy\u00f6ker\u0171 sz\u0151l\u0151 oltv\u00e1nyok k\u00f6z\u00f6tt az Olaszrizling feh\u00e9r borsz\u0151l\u0151 k\u00e9s\u0151i \u00e9r\u00e9s\u0171, b\u0151ven term\u0151, kiv\u00e1l\u00f3 min\u0151s\u00e9g\u0171, meleg fekv\u00e9st ig\u00e9nyl\u0151 fajta.","breadcrumb":{"@id":"https:\/\/tajkertesz.com\/termek\/szabadgyokeru-szolo-oltvanyok-olaszrizling-feher-borszolo\/#breadcrumb"},"inLanguage":"en-US","potentialAction":[{"@type":"ReadAction","target":["https:\/\/tajkertesz.com\/termek\/szabadgyokeru-szolo-oltvanyok-olaszrizling-feher-borszolo\/"]}]},{"@type":"ImageObject","inLanguage":"en-US","@id":"https:\/\/tajkertesz.com\/termek\/szabadgyokeru-szolo-oltvanyok-olaszrizling-feher-borszolo\/#primaryimage","url":"https:\/\/tajkertesz.com\/wp-content\/uploads\/2020\/11\/Olaszrizling.png","contentUrl":"https:\/\/tajkertesz.com\/wp-content\/uploads\/2020\/11\/Olaszrizling.png","width":209,"height":258},{"@type":"BreadcrumbList","@id":"https:\/\/tajkertesz.com\/termek\/szabadgyokeru-szolo-oltvanyok-olaszrizling-feher-borszolo\/#breadcrumb","itemListElement":[{"@type":"ListItem","position":1,"name":"Home","item":"https:\/\/tajkertesz.com\/"},{"@type":"ListItem","position":2,"name":"Kezd\u0151lap","item":"https:\/\/tajkertesz.com\/"},{"@type":"ListItem","position":3,"name":"Szabadgy\u00f6ker\u0171 sz\u0151l\u0151 oltv\u00e1nyok Olaszrizling feh\u00e9r borsz\u0151l\u0151"}]},{"@type":"WebSite","@id":"https:\/\/tajkertesz.com\/#website","url":"https:\/\/tajkertesz.com\/","name":"T\u00e1j-Kert\u00e9sz 84 Kft.","description":"Kert\u00e9szeti kis- \u00e9s nagykeresked\u00e9s, D\u00edszn\u00f6v\u00e9ny web\u00e1ruh\u00e1z orsz\u00e1gos h\u00e1zhozsz\u00e1ll\u00edt\u00e1ssal!","publisher":{"@id":"https:\/\/tajkertesz.com\/#organization"},"potentialAction":[{"@type":"SearchAction","target":{"@type":"EntryPoint","urlTemplate":"https:\/\/tajkertesz.com\/?s={search_term_string}"},"query-input":{"@type":"PropertyValueSpecification","valueRequired":true,"valueName":"search_term_string"}}],"inLanguage":"en-US"},{"@type":"Organization","@id":"https:\/\/tajkertesz.com\/#organization","name":"T\u00e1j-Kert\u00e9sz 84 Kft.","url":"https:\/\/tajkertesz.com\/","logo":{"@type":"ImageObject","inLanguage":"en-US","@id":"https:\/\/tajkertesz.com\/#\/schema\/logo\/image\/","url":"https:\/\/tajkertesz.com\/wp-content\/uploads\/2018\/02\/logo-2-e1518678052539.png","contentUrl":"https:\/\/tajkertesz.com\/wp-content\/uploads\/2018\/02\/logo-2-e1518678052539.png","width":81,"height":140,"caption":"T\u00e1j-Kert\u00e9sz 84 Kft."},"image":{"@id":"https:\/\/tajkertesz.com\/#\/schema\/logo\/image\/"},"sameAs":["https:\/\/www.facebook.com\/Tajkertesz\/"]}]}},"_links":{"self":[{"href":"https:\/\/tajkertesz.com\/en_US\/wp-json\/wp\/v2\/product\/2475","targetHints":{"allow":["GET"]}}],"collection":[{"href":"https:\/\/tajkertesz.com\/en_US\/wp-json\/wp\/v2\/product"}],"about":[{"href":"https:\/\/tajkertesz.com\/en_US\/wp-json\/wp\/v2\/types\/product"}],"wp:featuredmedia":[{"embeddable":true,"href":"https:\/\/tajkertesz.com\/en_US\/wp-json\/wp\/v2\/media\/2476"}],"wp:attachment":[{"href":"https:\/\/tajkertesz.com\/en_US\/wp-json\/wp\/v2\/media?parent=2475"}],"wp:term":[{"taxonomy":"product_brand","embeddable":true,"href":"https:\/\/tajkertesz.com\/en_US\/wp-json\/wp\/v2\/product_brand?post=2475"},{"taxonomy":"product_cat","embeddable":true,"href":"https:\/\/tajkertesz.com\/en_US\/wp-json\/wp\/v2\/product_cat?post=2475"},{"taxonomy":"product_tag","embeddable":true,"href":"https:\/\/tajkertesz.com\/en_US\/wp-json\/wp\/v2\/product_tag?post=2475"}],"curies":[{"name":"wp","href":"https:\/\/api.w.org\/{rel}","templated":true}]}}