{"id":24762,"date":"2025-09-30T11:10:44","date_gmt":"2025-09-30T11:10:44","guid":{"rendered":"https:\/\/tajkertesz.com\/?post_type=product&#038;p=24762"},"modified":"2026-05-04T10:41:44","modified_gmt":"2026-05-04T10:41:44","slug":"szentesi-rozsa-naspolya","status":"publish","type":"product","link":"https:\/\/tajkertesz.com\/en_US\/product\/szentesi-rozsa-naspolya\/","title":{"rendered":"&#8216;Szentesi r\u00f3zsa&#8217; naspolya"},"content":{"rendered":"<h3 class=\"LC20lb DKV0Md\">&#8216;Szentesi r\u00f3zsa&#8217; naspolya szabadgy\u00f6keres<\/h3>\n<p data-start=\"799\" data-end=\"1101\">A <strong data-start=\"801\" data-end=\"830\">&#8216;Szentesi r\u00f3zsa&#8217; naspolya<\/strong> egy kiv\u00e9telesen sz\u00e9p megjelen\u00e9s\u0171, <strong data-start=\"865\" data-end=\"887\">nagym\u00e9ret\u0171 term\u00e9s\u0171<\/strong> fajta, amely <strong data-start=\"901\" data-end=\"922\">magyar nemes\u00edt\u00e9s\u0171<\/strong>, \u00e9s ide\u00e1lis v\u00e1laszt\u00e1s d\u00edszkertbe vagy h\u00e1zi gy\u00fcm\u00f6lcs\u00f6sbe is. Term\u00e9se l\u00e1tv\u00e1nyos, kiss\u00e9 lap\u00edtott, enyh\u00e9n bord\u00e1zott, barn\u00e1s h\u00e9j\u00fa \u00e9s <strong data-start=\"1051\" data-end=\"1069\">nagyon \u00edzletes<\/strong>, k\u00fcl\u00f6n\u00f6sen, ha megcs\u00edpte a d\u00e9r.<\/p>\n<p data-start=\"1103\" data-end=\"1256\">A fa <strong data-start=\"1108\" data-end=\"1131\">alacsony n\u00f6veked\u00e9s\u0171<\/strong>, viszonylag kis helyen is elf\u00e9r, lombja \u0151sszel narancsos-bord\u00f3s sz\u00ednekben pomp\u00e1zik, \u00edgy <strong data-start=\"1220\" data-end=\"1255\">d\u00edszfak\u00e9nt is rendk\u00edv\u00fcl mutat\u00f3s<\/strong>.<\/p>\n<hr data-start=\"1258\" data-end=\"1261\" \/>\n<h3 data-start=\"1263\" data-end=\"1285\">\ud83c\udf33 F\u0151bb jellemz\u0151k:<\/h3>\n<ul data-start=\"1287\" data-end=\"1759\">\n<li data-start=\"1287\" data-end=\"1319\">\n<p data-start=\"1289\" data-end=\"1319\"><strong data-start=\"1289\" data-end=\"1304\">Fajta neve:<\/strong> Szentesi r\u00f3zsa<\/p>\n<\/li>\n<li data-start=\"1320\" data-end=\"1353\">\n<p data-start=\"1322\" data-end=\"1353\"><strong data-start=\"1322\" data-end=\"1336\">Sz\u00e1rmaz\u00e1s:<\/strong> Magyar nemes\u00edt\u00e9s<\/p>\n<\/li>\n<li data-start=\"1354\" data-end=\"1406\">\n<p data-start=\"1356\" data-end=\"1406\"><strong data-start=\"1356\" data-end=\"1367\">Term\u00e9s:<\/strong> Nagy m\u00e9ret\u0171, kiss\u00e9 lap\u00edtott, puha h\u00fas\u00fa<\/p>\n<\/li>\n<li data-start=\"1407\" data-end=\"1460\">\n<p data-start=\"1409\" data-end=\"1460\"><strong data-start=\"1409\" data-end=\"1416\">\u00cdz:<\/strong> \u00c9des-savanyk\u00e1s, harmonikus, fanyar arom\u00e1val<\/p>\n<\/li>\n<li data-start=\"1461\" data-end=\"1536\">\n<p data-start=\"1463\" data-end=\"1536\"><strong data-start=\"1463\" data-end=\"1477\">\u00c9r\u00e9si id\u0151:<\/strong> Okt\u00f3ber v\u00e9ge \u2013 november eleje, d\u00e9rcs\u00edp\u00e9s ut\u00e1n fogyaszthat\u00f3<\/p>\n<\/li>\n<li data-start=\"1537\" data-end=\"1572\">\n<p data-start=\"1539\" data-end=\"1572\"><strong data-start=\"1539\" data-end=\"1560\">Porz\u00f3 sz\u00fcks\u00e9glet:<\/strong> \u00d6nterm\u00e9keny<\/p>\n<\/li>\n<li data-start=\"1573\" data-end=\"1612\">\n<p data-start=\"1575\" data-end=\"1612\"><strong data-start=\"1575\" data-end=\"1589\">Fagyt\u0171r\u00e9s:<\/strong> Kiv\u00e1l\u00f3 \u2013 t\u00e9l\u00e1ll\u00f3 fajta<\/p>\n<\/li>\n<li data-start=\"1613\" data-end=\"1655\">\n<p data-start=\"1615\" data-end=\"1655\"><strong data-start=\"1615\" data-end=\"1629\">N\u00f6veked\u00e9s:<\/strong> Lass\u00fa, szab\u00e1lyos koron\u00e1j\u00fa<\/p>\n<\/li>\n<li data-start=\"1656\" data-end=\"1722\">\n<p data-start=\"1658\" data-end=\"1722\"><strong data-start=\"1658\" data-end=\"1675\">Felhaszn\u00e1l\u00e1s:<\/strong> Friss fogyaszt\u00e1s, lekv\u00e1r, p\u00fcr\u00e9, sz\u00f3sz, aszal\u00e1s<\/p>\n<\/li>\n<li data-start=\"1723\" data-end=\"1759\">\n<p data-start=\"1725\" data-end=\"1759\"><strong data-start=\"1725\" data-end=\"1749\">Aj\u00e1nlott t\u0151t\u00e1vols\u00e1g:<\/strong> 3\u20134 m\u00e9ter<\/p>\n<\/li>\n<\/ul>\n<h4><strong>\ud83d\udd04 K\u00e9szletinform\u00e1ci\u00f3<\/strong><\/h4>\n<p><strong>K\u00e9szlet\u00fcnk napi szinten v\u00e1ltozik, \u00edgy a webshopban szerepl<\/strong><strong>\u0151<\/strong><strong>\u00a0term\u00e9kek el\u00e9rhet<\/strong><strong>\u0151<\/strong><strong>s\u00e9ge nem garant\u00e1lt.<br \/>\n\ud83d\udcde A megrendel\u00e9s el<\/strong><strong>\u0151<\/strong><strong>tt k\u00e9rj\u00fck, \u00e9rdekl<\/strong><strong>\u0151<\/strong><strong>dj\u00f6n szem\u00e9lyesen, telefonon vagy e-mailben!<\/strong><\/p>\n<h4><strong>\u27a1\ufe0f Kapcsolat:<\/strong><\/h4>\n<ul>\n<li><strong>Weboldal:\u00a0<\/strong><a href=\"https:\/\/tajkertesz.com\/\"><strong>tajkertesz.com<\/strong><\/a><\/li>\n<li><strong>Facebook:\u00a0<\/strong><a href=\"https:\/\/www.facebook.com\/tajkertesz\/\"><strong>facebook.com\/tajkertesz<\/strong><\/a><\/li>\n<li><strong>Telefonsz\u00e1m, e-mail: +36\/20-319-3770\u00a0<\/strong><a href=\"mailto:tajkerteszaruda@gmail.com\"><strong>tajkerteszaruda@gmail.com<\/strong><\/a><\/li>\n<\/ul>\n<h4><strong>\ud83d\ude9a Sz\u00e1ll\u00edt\u00e1si inform\u00e1ci\u00f3k<\/strong><\/h4>\n<p><strong>A megrendelt n\u00f6v\u00e9nyek kisz\u00e1ll\u00edt\u00e1sa az al\u00e1bbi felt\u00e9telek mellett t\u00f6rt\u00e9nik:<\/strong><\/p>\n<h4><strong>\ud83d\udce6 Fut\u00e1rszolg\u00e1latos sz\u00e1ll\u00edt\u00e1s<\/strong><\/h4>\n<ul>\n<li><strong>Maxim\u00e1lis m\u00e9ret: 200 cm (hossz\u00fas\u00e1g)<\/strong><\/li>\n<li><strong>Maxim\u00e1lis s\u00faly: 40 kg<\/strong><\/li>\n<li><strong>Az enn\u00e9l kisebb \u00e9s k\u00f6nnyebb csomagokat fut\u00e1rszolg\u00e1lattal k\u00e9zbes\u00edtj\u00fck a lehet<\/strong><strong>\u0151<\/strong><strong>\u00a0legbiztons\u00e1gosabb csomagol\u00e1sban.<\/strong><\/li>\n<\/ul>\n<h4><strong>\ud83d\udefb Szem\u00e9lyes \u00e1tv\u00e9tel<\/strong><\/h4>\n<ul>\n<li><strong>1173 Budapest, Bakancsos utca 7. sz\u00e1m alatt nyitvatart\u00e1si id<\/strong><strong>\u0151<\/strong><strong>ben szem\u00e9lyesen \u00e1tvehet<\/strong><strong>\u0151<\/strong><strong>\u00a0kert\u00e9szeti \u00e1rud\u00e1nkban.<\/strong><\/li>\n<li><strong>K\u00f6lts\u00e9ghat\u00e9kony megold\u00e1s nagyobb, t\u00f6r\u00e9kenyebb vagy t\u00falm\u00e9retes n\u00f6v\u00e9nyek eset\u00e9n.<\/strong><\/li>\n<\/ul>\n<h4><strong>\ud83d\udcde Nagy m\u00e9ret<\/strong><strong>\u0171<\/strong><strong>\u00a0vagy s\u00faly\u00fa n\u00f6v\u00e9nyek eset\u00e9n<\/strong><\/h4>\n<p><strong>Ha a term\u00e9k:<\/strong><\/p>\n<ul>\n<li><strong>meghaladja a 200 cm hossz\u00fas\u00e1got vagy<\/strong><\/li>\n<li><strong>meghaladja a 40 kg s\u00falyt,<\/strong><\/li>\n<\/ul>\n<p><strong>akkor szem\u00e9lyes \u00e1tv\u00e9tellel vagy egyedi, el<\/strong><strong>\u0151<\/strong><strong>re egyeztetett sz\u00e1ll\u00edt\u00e1si felt\u00e9telek mellett t\u00f6rt\u00e9nik.<br \/>\nK\u00e9rj\u00fck, ilyen esetben rendel\u00e9s el<\/strong><strong>\u0151<\/strong><strong>tt vegye fel vel\u00fcnk a kapcsolatot, hogy a lehet<\/strong><strong>\u0151<\/strong><strong>\u00a0legmegfelel<\/strong><strong>\u0151<\/strong><strong>bb sz\u00e1ll\u00edt\u00e1si megold\u00e1st k\u00edn\u00e1lhassuk.<\/strong><\/p>\n<p><strong>\ud83d\udd14 Fontos: A n\u00f6v\u00e9nyeket minden esetben igyeksz\u00fcnk gondosan, egyes\u00e9vel csomagolni, azonban a sz\u00e1ll\u00edt\u00e1s sor\u00e1n kisebb eszt\u00e9tikai s\u00e9r\u00fcl\u00e9sek el<\/strong><strong>\u0151<\/strong><strong>fordulhatnak (pl. lev\u00e9lhull\u00e1s). Ez nem min<\/strong><strong>\u0151<\/strong><strong>s\u00fcl hib\u00e1s teljes\u00edt\u00e9snek.<\/strong><\/p>\n<h4><strong>\ud83d\udcf7 Fontos tudni a k\u00e9pekr<\/strong><strong>\u0151<\/strong><strong>l<\/strong><\/h4>\n<p><strong>A webshopban szerepl<\/strong><strong>\u0151<\/strong><strong>\u00a0k\u00e9pek illusztr\u00e1ci\u00f3k, a n\u00f6v\u00e9nyek term\u00e9szet\u00fckn\u00e9l fogva egyediek, \u00edgy m\u00e9retben, alakban \u00e9s sz\u00ednben minim\u00e1lis elt\u00e9r\u00e9sek el<\/strong><strong>\u0151<\/strong><strong>fordulhatnak a k\u00e9pen l\u00e1that\u00f3 \u00e9s a val\u00f3s p\u00e9ld\u00e1nyok k\u00f6z\u00f6tt.<\/strong><\/p>\n<h4><strong>\ud83e\uddfe \u00c1rak \u00e9s el\u00e1ll\u00e1si jog<\/strong><\/h4>\n<ul>\n<li><strong>Az \u00e1rak egy darab\u00a0n\u00f6v\u00e9nyre vonatkoznak.<\/strong><\/li>\n<li><strong>\u00c9l<\/strong><strong>\u0151<\/strong><strong>\u00a0n\u00f6v\u00e9nyek rendel\u00e9se eset\u00e9n a 14 napos el\u00e1ll\u00e1s joga nem \u00e9rv\u00e9nyes\u00edthet<\/strong><strong>\u0151<\/strong><strong>, mivel azok romland\u00f3, biol\u00f3giailag \u00e9l<\/strong><strong>\u0151<\/strong><strong>\u00a0term\u00e9keknek min<\/strong><strong>\u0151<\/strong><strong>s\u00fclnek.<br \/>\n\ud83d\udd12 (17\/1999. (II. 5.) Korm. rendelet 5. \u00a7 c) pontja alapj\u00e1n)<\/strong><\/li>\n<\/ul>\n<h4><strong>\ud83d\udce6 K\u00e9zbes\u00edt\u00e9s ut\u00e1ni teend<\/strong><strong>\u0151<\/strong><strong>k<\/strong><\/h4>\n<p><strong>A k\u00e9zbes\u00edt\u00e9st k\u00f6vet<\/strong><strong>\u0151<\/strong><strong>en a csomagot azonnal bontsuk ki, \u00e9s a n\u00f6v\u00e9nyt helyezz\u00fck el megfelel<\/strong><strong>\u0151<\/strong><strong>\u00a0k\u00f6rnyezetben.<br \/>\nFontos: ha a n\u00f6v\u00e9ny nem r\u00e9szes\u00fcl megfelel<\/strong><strong>\u0151<\/strong><strong>\u00a0gondoz\u00e1sban \u00e9s ennek k\u00f6vetkezt\u00e9ben k\u00e1rosodik vagy elpusztul, felel<\/strong><strong>\u0151<\/strong><strong>ss\u00e9get nem tudunk v\u00e1llalni.<\/strong><\/p>","protected":false},"excerpt":{"rendered":"<p data-start=\"539\" data-end=\"691\"><strong data-start=\"539\" data-end=\"691\">K\u00fcl\u00f6nleges magyar naspolya fajta, l\u00e1tv\u00e1nyos megjelen\u00e9ssel \u00e9s nagy m\u00e9ret\u0171, \u00edzletes term\u00e9ssel. Kertbe, h\u00e1zikertbe, ak\u00e1r d\u00edszf\u00e1nak is kiv\u00e1l\u00f3 v\u00e1laszt\u00e1s.<\/strong><\/p>\n<p data-start=\"539\" data-end=\"691\">M\u00e9rete: 150\/180 cm magas, 5,6 literes kont\u00e9nerben.<\/p>","protected":false},"featured_media":11001,"template":"","meta":{"_et_pb_use_builder":"","_et_pb_old_content":"","_et_gb_content_width":""},"product_brand":[],"product_cat":[5293],"product_tag":[33,7037,7041,4420,7035,7039,7036,7038,7040,7034],"class_list":{"0":"post-24762","1":"product","2":"type-product","3":"status-publish","4":"has-post-thumbnail","6":"product_cat-naspolya","7":"product_tag-diszfa","8":"product_tag-gyumolcsfa-kulonlegesseg","9":"product_tag-magyar-gyumolcsfajta","10":"product_tag-naspolya","11":"product_tag-naspolya-csemete","12":"product_tag-naspolya-elado","13":"product_tag-naspolya-fa","14":"product_tag-naspolya-vasarlas","15":"product_tag-oszi-gyumolcsfa","16":"product_tag-szentesi-rozsa","18":"first","19":"instock","20":"shipping-taxable","21":"purchasable","22":"product-type-simple"},"yoast_head":"<!-- This site is optimized with the Yoast SEO plugin v27.5 - https:\/\/yoast.com\/product\/yoast-seo-wordpress\/ -->\n<title>&#039;Szentesi r\u00f3zsa&#039; naspolya - T\u00e1jkert\u00e9sz<\/title>\n<meta name=\"description\" content=\"&#039;Szentesi r\u00f3zsa&#039; naspolya \u2013 k\u00fcl\u00f6nleges, nagym\u00e9ret\u0171 term\u00e9s\u0171 fajta d\u00edsz\u00edt\u0151 \u00e9rt\u00e9kkel. \u00d6nterm\u00e9keny, t\u00e9l\u00e1ll\u00f3 gy\u00fcm\u00f6lcsfa, most rendelhet\u0151 kert\u00e9szet\u00fcnkb\u0151l.\" \/>\n<meta name=\"robots\" content=\"index, follow, max-snippet:-1, max-image-preview:large, max-video-preview:-1\" \/>\n<link rel=\"canonical\" href=\"https:\/\/tajkertesz.com\/en_US\/product\/szentesi-rozsa-naspolya\/\" \/>\n<meta property=\"og:locale\" content=\"en_US\" \/>\n<meta property=\"og:type\" content=\"article\" \/>\n<meta property=\"og:title\" content=\"&#039;Szentesi r\u00f3zsa&#039; naspolya - T\u00e1jkert\u00e9sz\" \/>\n<meta property=\"og:description\" content=\"&#039;Szentesi r\u00f3zsa&#039; naspolya \u2013 k\u00fcl\u00f6nleges, nagym\u00e9ret\u0171 term\u00e9s\u0171 fajta d\u00edsz\u00edt\u0151 \u00e9rt\u00e9kkel. \u00d6nterm\u00e9keny, t\u00e9l\u00e1ll\u00f3 gy\u00fcm\u00f6lcsfa, most rendelhet\u0151 kert\u00e9szet\u00fcnkb\u0151l.\" \/>\n<meta property=\"og:url\" content=\"https:\/\/tajkertesz.com\/en_US\/product\/szentesi-rozsa-naspolya\/\" \/>\n<meta property=\"og:site_name\" content=\"T\u00e1jkert\u00e9sz\" \/>\n<meta property=\"article:publisher\" content=\"https:\/\/www.facebook.com\/Tajkertesz\/\" \/>\n<meta property=\"article:modified_time\" content=\"2026-05-04T10:41:44+00:00\" \/>\n<meta property=\"og:image\" content=\"https:\/\/tajkertesz.com\/wp-content\/uploads\/2021\/10\/Szentesi_Rozsa_naspolya.jpg\" \/>\n\t<meta property=\"og:image:width\" content=\"671\" \/>\n\t<meta property=\"og:image:height\" content=\"1000\" \/>\n\t<meta property=\"og:image:type\" content=\"image\/jpeg\" \/>\n<meta name=\"twitter:card\" content=\"summary_large_image\" \/>\n<meta name=\"twitter:label1\" content=\"Est. reading time\" \/>\n\t<meta name=\"twitter:data1\" content=\"3 minutes\" \/>\n<script type=\"application\/ld+json\" class=\"yoast-schema-graph\">{\"@context\":\"https:\\\/\\\/schema.org\",\"@graph\":[{\"@type\":\"WebPage\",\"@id\":\"https:\\\/\\\/tajkertesz.com\\\/termek\\\/szentesi-rozsa-naspolya\\\/\",\"url\":\"https:\\\/\\\/tajkertesz.com\\\/termek\\\/szentesi-rozsa-naspolya\\\/\",\"name\":\"'Szentesi r\u00f3zsa' naspolya - T\u00e1jkert\u00e9sz\",\"isPartOf\":{\"@id\":\"https:\\\/\\\/tajkertesz.com\\\/#website\"},\"primaryImageOfPage\":{\"@id\":\"https:\\\/\\\/tajkertesz.com\\\/termek\\\/szentesi-rozsa-naspolya\\\/#primaryimage\"},\"image\":{\"@id\":\"https:\\\/\\\/tajkertesz.com\\\/termek\\\/szentesi-rozsa-naspolya\\\/#primaryimage\"},\"thumbnailUrl\":\"https:\\\/\\\/tajkertesz.com\\\/wp-content\\\/uploads\\\/2021\\\/10\\\/Szentesi_Rozsa_naspolya.jpg\",\"datePublished\":\"2025-09-30T11:10:44+00:00\",\"dateModified\":\"2026-05-04T10:41:44+00:00\",\"description\":\"'Szentesi r\u00f3zsa' naspolya \u2013 k\u00fcl\u00f6nleges, nagym\u00e9ret\u0171 term\u00e9s\u0171 fajta d\u00edsz\u00edt\u0151 \u00e9rt\u00e9kkel. \u00d6nterm\u00e9keny, t\u00e9l\u00e1ll\u00f3 gy\u00fcm\u00f6lcsfa, most rendelhet\u0151 kert\u00e9szet\u00fcnkb\u0151l.\",\"breadcrumb\":{\"@id\":\"https:\\\/\\\/tajkertesz.com\\\/termek\\\/szentesi-rozsa-naspolya\\\/#breadcrumb\"},\"inLanguage\":\"en-US\",\"potentialAction\":[{\"@type\":\"ReadAction\",\"target\":[\"https:\\\/\\\/tajkertesz.com\\\/termek\\\/szentesi-rozsa-naspolya\\\/\"]}]},{\"@type\":\"ImageObject\",\"inLanguage\":\"en-US\",\"@id\":\"https:\\\/\\\/tajkertesz.com\\\/termek\\\/szentesi-rozsa-naspolya\\\/#primaryimage\",\"url\":\"https:\\\/\\\/tajkertesz.com\\\/wp-content\\\/uploads\\\/2021\\\/10\\\/Szentesi_Rozsa_naspolya.jpg\",\"contentUrl\":\"https:\\\/\\\/tajkertesz.com\\\/wp-content\\\/uploads\\\/2021\\\/10\\\/Szentesi_Rozsa_naspolya.jpg\",\"width\":671,\"height\":1000,\"caption\":\"'Szentesi r\u00f3zsa' naspolya\"},{\"@type\":\"BreadcrumbList\",\"@id\":\"https:\\\/\\\/tajkertesz.com\\\/termek\\\/szentesi-rozsa-naspolya\\\/#breadcrumb\",\"itemListElement\":[{\"@type\":\"ListItem\",\"position\":1,\"name\":\"Home\",\"item\":\"https:\\\/\\\/tajkertesz.com\\\/\"},{\"@type\":\"ListItem\",\"position\":2,\"name\":\"Kezd\u0151lap\",\"item\":\"https:\\\/\\\/tajkertesz.com\\\/\"},{\"@type\":\"ListItem\",\"position\":3,\"name\":\"&#8216;Szentesi r\u00f3zsa&#8217; naspolya\"}]},{\"@type\":\"WebSite\",\"@id\":\"https:\\\/\\\/tajkertesz.com\\\/#website\",\"url\":\"https:\\\/\\\/tajkertesz.com\\\/\",\"name\":\"T\u00e1j-Kert\u00e9sz 84 Kft.\",\"description\":\"Kert\u00e9szeti kis- \u00e9s nagykeresked\u00e9s, D\u00edszn\u00f6v\u00e9ny web\u00e1ruh\u00e1z orsz\u00e1gos h\u00e1zhozsz\u00e1ll\u00edt\u00e1ssal!\",\"publisher\":{\"@id\":\"https:\\\/\\\/tajkertesz.com\\\/#organization\"},\"potentialAction\":[{\"@type\":\"SearchAction\",\"target\":{\"@type\":\"EntryPoint\",\"urlTemplate\":\"https:\\\/\\\/tajkertesz.com\\\/?s={search_term_string}\"},\"query-input\":{\"@type\":\"PropertyValueSpecification\",\"valueRequired\":true,\"valueName\":\"search_term_string\"}}],\"inLanguage\":\"en-US\"},{\"@type\":\"Organization\",\"@id\":\"https:\\\/\\\/tajkertesz.com\\\/#organization\",\"name\":\"T\u00e1j-Kert\u00e9sz 84 Kft.\",\"url\":\"https:\\\/\\\/tajkertesz.com\\\/\",\"logo\":{\"@type\":\"ImageObject\",\"inLanguage\":\"en-US\",\"@id\":\"https:\\\/\\\/tajkertesz.com\\\/#\\\/schema\\\/logo\\\/image\\\/\",\"url\":\"https:\\\/\\\/tajkertesz.com\\\/wp-content\\\/uploads\\\/2018\\\/02\\\/logo-2-e1518678052539.png\",\"contentUrl\":\"https:\\\/\\\/tajkertesz.com\\\/wp-content\\\/uploads\\\/2018\\\/02\\\/logo-2-e1518678052539.png\",\"width\":81,\"height\":140,\"caption\":\"T\u00e1j-Kert\u00e9sz 84 Kft.\"},\"image\":{\"@id\":\"https:\\\/\\\/tajkertesz.com\\\/#\\\/schema\\\/logo\\\/image\\\/\"},\"sameAs\":[\"https:\\\/\\\/www.facebook.com\\\/Tajkertesz\\\/\"]}]}<\/script>\n<!-- \/ Yoast SEO plugin. -->","yoast_head_json":{"title":"'Szentesi r\u00f3zsa' naspolya - T\u00e1jkert\u00e9sz","description":"'Szentesi r\u00f3zsa' naspolya \u2013 k\u00fcl\u00f6nleges, nagym\u00e9ret\u0171 term\u00e9s\u0171 fajta d\u00edsz\u00edt\u0151 \u00e9rt\u00e9kkel. \u00d6nterm\u00e9keny, t\u00e9l\u00e1ll\u00f3 gy\u00fcm\u00f6lcsfa, most rendelhet\u0151 kert\u00e9szet\u00fcnkb\u0151l.","robots":{"index":"index","follow":"follow","max-snippet":"max-snippet:-1","max-image-preview":"max-image-preview:large","max-video-preview":"max-video-preview:-1"},"canonical":"https:\/\/tajkertesz.com\/en_US\/product\/szentesi-rozsa-naspolya\/","og_locale":"en_US","og_type":"article","og_title":"'Szentesi r\u00f3zsa' naspolya - T\u00e1jkert\u00e9sz","og_description":"'Szentesi r\u00f3zsa' naspolya \u2013 k\u00fcl\u00f6nleges, nagym\u00e9ret\u0171 term\u00e9s\u0171 fajta d\u00edsz\u00edt\u0151 \u00e9rt\u00e9kkel. \u00d6nterm\u00e9keny, t\u00e9l\u00e1ll\u00f3 gy\u00fcm\u00f6lcsfa, most rendelhet\u0151 kert\u00e9szet\u00fcnkb\u0151l.","og_url":"https:\/\/tajkertesz.com\/en_US\/product\/szentesi-rozsa-naspolya\/","og_site_name":"T\u00e1jkert\u00e9sz","article_publisher":"https:\/\/www.facebook.com\/Tajkertesz\/","article_modified_time":"2026-05-04T10:41:44+00:00","og_image":[{"width":671,"height":1000,"url":"https:\/\/tajkertesz.com\/wp-content\/uploads\/2021\/10\/Szentesi_Rozsa_naspolya.jpg","type":"image\/jpeg"}],"twitter_card":"summary_large_image","twitter_misc":{"Est. reading time":"3 minutes"},"schema":{"@context":"https:\/\/schema.org","@graph":[{"@type":"WebPage","@id":"https:\/\/tajkertesz.com\/termek\/szentesi-rozsa-naspolya\/","url":"https:\/\/tajkertesz.com\/termek\/szentesi-rozsa-naspolya\/","name":"'Szentesi r\u00f3zsa' naspolya - T\u00e1jkert\u00e9sz","isPartOf":{"@id":"https:\/\/tajkertesz.com\/#website"},"primaryImageOfPage":{"@id":"https:\/\/tajkertesz.com\/termek\/szentesi-rozsa-naspolya\/#primaryimage"},"image":{"@id":"https:\/\/tajkertesz.com\/termek\/szentesi-rozsa-naspolya\/#primaryimage"},"thumbnailUrl":"https:\/\/tajkertesz.com\/wp-content\/uploads\/2021\/10\/Szentesi_Rozsa_naspolya.jpg","datePublished":"2025-09-30T11:10:44+00:00","dateModified":"2026-05-04T10:41:44+00:00","description":"'Szentesi r\u00f3zsa' naspolya \u2013 k\u00fcl\u00f6nleges, nagym\u00e9ret\u0171 term\u00e9s\u0171 fajta d\u00edsz\u00edt\u0151 \u00e9rt\u00e9kkel. \u00d6nterm\u00e9keny, t\u00e9l\u00e1ll\u00f3 gy\u00fcm\u00f6lcsfa, most rendelhet\u0151 kert\u00e9szet\u00fcnkb\u0151l.","breadcrumb":{"@id":"https:\/\/tajkertesz.com\/termek\/szentesi-rozsa-naspolya\/#breadcrumb"},"inLanguage":"en-US","potentialAction":[{"@type":"ReadAction","target":["https:\/\/tajkertesz.com\/termek\/szentesi-rozsa-naspolya\/"]}]},{"@type":"ImageObject","inLanguage":"en-US","@id":"https:\/\/tajkertesz.com\/termek\/szentesi-rozsa-naspolya\/#primaryimage","url":"https:\/\/tajkertesz.com\/wp-content\/uploads\/2021\/10\/Szentesi_Rozsa_naspolya.jpg","contentUrl":"https:\/\/tajkertesz.com\/wp-content\/uploads\/2021\/10\/Szentesi_Rozsa_naspolya.jpg","width":671,"height":1000,"caption":"'Szentesi r\u00f3zsa' naspolya"},{"@type":"BreadcrumbList","@id":"https:\/\/tajkertesz.com\/termek\/szentesi-rozsa-naspolya\/#breadcrumb","itemListElement":[{"@type":"ListItem","position":1,"name":"Home","item":"https:\/\/tajkertesz.com\/"},{"@type":"ListItem","position":2,"name":"Kezd\u0151lap","item":"https:\/\/tajkertesz.com\/"},{"@type":"ListItem","position":3,"name":"&#8216;Szentesi r\u00f3zsa&#8217; naspolya"}]},{"@type":"WebSite","@id":"https:\/\/tajkertesz.com\/#website","url":"https:\/\/tajkertesz.com\/","name":"T\u00e1j-Kert\u00e9sz 84 Kft.","description":"Kert\u00e9szeti kis- \u00e9s nagykeresked\u00e9s, D\u00edszn\u00f6v\u00e9ny web\u00e1ruh\u00e1z orsz\u00e1gos h\u00e1zhozsz\u00e1ll\u00edt\u00e1ssal!","publisher":{"@id":"https:\/\/tajkertesz.com\/#organization"},"potentialAction":[{"@type":"SearchAction","target":{"@type":"EntryPoint","urlTemplate":"https:\/\/tajkertesz.com\/?s={search_term_string}"},"query-input":{"@type":"PropertyValueSpecification","valueRequired":true,"valueName":"search_term_string"}}],"inLanguage":"en-US"},{"@type":"Organization","@id":"https:\/\/tajkertesz.com\/#organization","name":"T\u00e1j-Kert\u00e9sz 84 Kft.","url":"https:\/\/tajkertesz.com\/","logo":{"@type":"ImageObject","inLanguage":"en-US","@id":"https:\/\/tajkertesz.com\/#\/schema\/logo\/image\/","url":"https:\/\/tajkertesz.com\/wp-content\/uploads\/2018\/02\/logo-2-e1518678052539.png","contentUrl":"https:\/\/tajkertesz.com\/wp-content\/uploads\/2018\/02\/logo-2-e1518678052539.png","width":81,"height":140,"caption":"T\u00e1j-Kert\u00e9sz 84 Kft."},"image":{"@id":"https:\/\/tajkertesz.com\/#\/schema\/logo\/image\/"},"sameAs":["https:\/\/www.facebook.com\/Tajkertesz\/"]}]}},"_links":{"self":[{"href":"https:\/\/tajkertesz.com\/en_US\/wp-json\/wp\/v2\/product\/24762","targetHints":{"allow":["GET"]}}],"collection":[{"href":"https:\/\/tajkertesz.com\/en_US\/wp-json\/wp\/v2\/product"}],"about":[{"href":"https:\/\/tajkertesz.com\/en_US\/wp-json\/wp\/v2\/types\/product"}],"wp:featuredmedia":[{"embeddable":true,"href":"https:\/\/tajkertesz.com\/en_US\/wp-json\/wp\/v2\/media\/11001"}],"wp:attachment":[{"href":"https:\/\/tajkertesz.com\/en_US\/wp-json\/wp\/v2\/media?parent=24762"}],"wp:term":[{"taxonomy":"product_brand","embeddable":true,"href":"https:\/\/tajkertesz.com\/en_US\/wp-json\/wp\/v2\/product_brand?post=24762"},{"taxonomy":"product_cat","embeddable":true,"href":"https:\/\/tajkertesz.com\/en_US\/wp-json\/wp\/v2\/product_cat?post=24762"},{"taxonomy":"product_tag","embeddable":true,"href":"https:\/\/tajkertesz.com\/en_US\/wp-json\/wp\/v2\/product_tag?post=24762"}],"curies":[{"name":"wp","href":"https:\/\/api.w.org\/{rel}","templated":true}]}}