{"id":2479,"date":"2020-11-02T14:56:53","date_gmt":"2020-11-02T14:56:53","guid":{"rendered":"https:\/\/tajkertesz.com\/?post_type=product&#038;p=2479"},"modified":"2024-05-28T14:11:46","modified_gmt":"2024-05-28T14:11:46","slug":"konteneres-szolo-oltvanyok-kekfrankos-vorosbor-szolo","status":"publish","type":"product","link":"https:\/\/tajkertesz.com\/en_US\/product\/konteneres-szolo-oltvanyok-kekfrankos-vorosbor-szolo\/","title":{"rendered":"Kont\u00e9neres sz\u0151l\u0151 oltv\u00e1nyok K\u00e9kfrankos v\u00f6r\u00f6sbor sz\u0151l\u0151"},"content":{"rendered":"<p>Kont\u00e9neres sz\u0151l\u0151 oltv\u00e1nyok K\u00e9kfrankos v\u00f6r\u00f6sbor sz\u0151l\u0151<\/p>\n<p>A Kont\u00e9neres sz\u0151l\u0151 oltv\u00e1nyok k\u00f6z\u00f6tt a K\u00e9kfrankos \u00a0v\u00f6r\u00f6sbor sz\u0151l\u0151 termeszt\u00e9s\u00e9hez Magyarorsz\u00e1g adotts\u00e1gai egyed\u00fcl\u00e1ll\u00f3ak.<\/p>\n<p>T\u0151k\u00e9je kifejezetten er\u0151s n\u00f6veked\u00e9s\u0171 ,\u00e9r\u00e9si ideje szeptember v\u00e9ge &#8211; okt\u00f3ber eleje .<\/p>\n<p>F\u00fcrtjei k\u00f6zepesen nagyok, k\u00f6zepesen t\u00f6m\u00f6ttek, kb. 150 g t\u00f6meg\u0171ek .<\/p>\n<p>Bogy\u00f3i kicsik, g\u00f6mb\u00f6ly\u0171ek, s\u00f6t\u00e9tk\u00e9kek, kiss\u00e9 hamvasak ,vastag h\u00e9j\u00faak, l\u00e9d\u00fasak\u00a0kellemes \u00edz\u0171ek .<\/p>\n<p>Rothad\u00e1sra nem \u00e9rz\u00e9keny\u00a0f\u00fcrtjei sok\u00e1ig a t\u0151k\u00e9n tarthat\u00f3k \u00e9s emelett\u00a0\u00a0a fagyt\u0171r\u0151 k\u00e9pess\u00e9ge is j\u00f3.<\/p>\n<p>&nbsp;<\/p>\n<p><strong>Jelen term\u00e9k\u00fcnk 3 literes cser\u00e9pben 60\/ 80 cm magas.<\/strong><\/p>\n<p>Az \u00fcltet\u00e9shez haszn\u00e1ljon marhatr\u00e1gy\u00e1t, vagy\u00a0 Agrecol t\u00e1pot.<\/p>\n<p style=\"line-height: 18.0pt; background: white; margin: 0cm 0cm 15.0pt 0cm;\"><span style=\"font-family: 'Ubuntu',serif; color: black;\">El\u00e9rhet\u0151 t\u00f6bbf\u00e9le m\u00e9retben \u00e9s \u00e1rban.<\/span><\/p>\n<p style=\"line-height: 18.0pt; background: white; margin: 0cm 0cm 15.0pt 0cm;\"><b><span style=\"font-family: 'Ubuntu',serif; color: black;\">K\u00e9szlet\u00fcnk napi szinten v\u00e1ltozik, ez\u00e9rt k\u00e9rj\u00fck, \u00e9rdekl\u0151dj\u00f6n szem\u00e9lyesen, telefonon vagy email-en.<br \/>\nA v\u00e1ltoztat\u00e1s jog\u00e1t fenntartjuk!\u00a0<\/span><\/b><\/p>\n<p><a href=\"https:\/\/tajkertesz.com\/\">https:\/\/tajkertesz.com\/<\/a><\/p>\n<p><a href=\"https:\/\/hu.wikipedia.org\/wiki\/K%C3%A9kfrankos\">https:\/\/hu.wikipedia.org\/wiki\/K%C3%A9kfrankos<\/a><\/p>\n<h6><span id=\"Le\u00edr\u00e1sa\" class=\"mw-headline\" style=\"color: #333333;\">Le\u00edr\u00e1sa<\/span><\/h6>\n<h6><span style=\"color: #333333;\">T\u0151k\u00e9je gyors n\u00f6v\u00e9s\u0171. F\u00fcrtje k\u00f6zepes nagys\u00e1g\u00fa, k\u00f6zepesen t\u00f6m\u00f6tt, r\u00f6vid nyel\u0171. Bogy\u00f3i k\u00f6zepesek, vastag h\u00e9j\u00faak, kiss\u00e9 hamvasak. J\u00f3l term\u0151 fajta, szeptemberben sz\u00fcretelhet\u0151 \u00e9s a leszed\u00e9s\u00e9vel nem kell sietni, mert nehezen rothad.<\/span><\/h6>\n<h6><span style=\"color: #333333;\">A k\u00e9kfrankos \u00e1ltal\u00e1nos\u00a0<a style=\"color: #333333;\" title=\"K\u00f6z\u00e9p-Eur\u00f3pa\" href=\"https:\/\/hu.wikipedia.org\/wiki\/K%C3%B6z%C3%A9p-Eur%C3%B3pa\">K\u00f6z\u00e9p-Eur\u00f3p\u00e1ban<\/a>, bele\u00e9rtve\u00a0<a style=\"color: #333333;\" title=\"Ausztria\" href=\"https:\/\/hu.wikipedia.org\/wiki\/Ausztria\">Ausztri\u00e1t<\/a>\u00a0\u00e9s\u00a0<a style=\"color: #333333;\" title=\"N\u00e9metorsz\u00e1g\" href=\"https:\/\/hu.wikipedia.org\/wiki\/N%C3%A9metorsz%C3%A1g\">N\u00e9metorsz\u00e1got<\/a>\u00a0is. Magyarorsz\u00e1g sz\u00e1mos borvid\u00e9k\u00e9n termesztik, t\u00f6bbek k\u00f6zt\u00a0<a style=\"color: #333333;\" title=\"Soproni borvid\u00e9k\" href=\"https:\/\/hu.wikipedia.org\/wiki\/Soproni_borvid%C3%A9k\">Sopronban<\/a>,\u00a0<a style=\"color: #333333;\" title=\"Vill\u00e1nyi borvid\u00e9k\" href=\"https:\/\/hu.wikipedia.org\/wiki\/Vill%C3%A1nyi_borvid%C3%A9k\">Vill\u00e1nyban<\/a>,\u00a0<a style=\"color: #333333;\" title=\"Haj\u00f3s\u2013Bajai borvid\u00e9k\" href=\"https:\/\/hu.wikipedia.org\/wiki\/Haj%C3%B3s%E2%80%93Bajai_borvid%C3%A9k\">Haj\u00f3son<\/a>,\u00a0<a style=\"color: #333333;\" title=\"Szeksz\u00e1rdi borvid\u00e9k\" href=\"https:\/\/hu.wikipedia.org\/wiki\/Szeksz%C3%A1rdi_borvid%C3%A9k\">Szeksz\u00e1rdon<\/a>\u00a0\u00e9s\u00a0<a style=\"color: #333333;\" title=\"Egri borvid\u00e9k\" href=\"https:\/\/hu.wikipedia.org\/wiki\/Egri_borvid%C3%A9k\">Egerben<\/a>. Az \u00f6t borvid\u00e9k k\u00e9kfrankos borai elt\u00e9r\u0151 jelleg\u0171ek.<\/span><\/h6>\n<h6><span style=\"color: #333333;\">A k\u00e9kfrankos az\u00a0<a style=\"color: #333333;\" title=\"1990-es \u00e9vek\" href=\"https:\/\/hu.wikipedia.org\/wiki\/1990-es_%C3%A9vek\">1990-es \u00e9vekben<\/a> itthon m\u00e9g len\u00e9zett sz\u0151l\u0151fajta volt, amit sokan sz\u00edvesen lecser\u00e9ltek volna divatosabb fajt\u00e1kra, az ut\u00f3bbi \u00e9vekben azonban n\u00e9pszer\u0171s\u00e9ge egyre emelkedett. S\u0151t, most m\u00e1r vannak bor\u00e1szok, akik arra h\u00edvj\u00e1k fel a figyelmet, hogy a k\u00e9kfrankos termeszt\u00e9s\u00e9hez Magyarorsz\u00e1g adotts\u00e1gai egyed\u00fcl\u00e1ll\u00f3ak.A k\u00e9kfrankost nem csak \u00f6n\u00e1ll\u00f3an palackozz\u00e1k, f\u0151 alkot\u00f3ja az\u00a0<a style=\"color: #333333;\" title=\"Egri bikav\u00e9r\" href=\"https:\/\/hu.wikipedia.org\/wiki\/Egri_bikav%C3%A9r\">egri<\/a>\u00a0\u00e9s a\u00a0<a style=\"color: #333333;\" title=\"Szeksz\u00e1rdi bikav\u00e9r\" href=\"https:\/\/hu.wikipedia.org\/wiki\/Szeksz%C3%A1rdi_bikav%C3%A9r\">szeksz\u00e1rdi bikav\u00e9rnek<\/a>\u00a0is.<\/span><\/h6>\n<h6><span style=\"color: #333333;\">A Monarchi\u00e1ban a\u00a0<a style=\"color: #333333;\" title=\"19. sz\u00e1zad\" href=\"https:\/\/hu.wikipedia.org\/wiki\/19._sz%C3%A1zad\">19. sz\u00e1zadban<\/a>\u00a0terjedt el, eredete vitatott. Tartja mag\u00e1t az a n\u00e9zet is, hogy a\u00a0<a style=\"color: #333333;\" title=\"Kaszpi-tenger\" href=\"https:\/\/hu.wikipedia.org\/wiki\/Kaszpi-tenger\">Kaszpi-tenger<\/a>\u00a0vid\u00e9k\u00e9r\u0151l sz\u00e1rmazik \u00e9s m\u00e9g a honfoglal\u00f3 magyarok hozt\u00e1k magukkal.<\/span><\/h6>\n<h6><span style=\"color: #333333;\">DNS vizsg\u00e1latok szerint a k\u00e9kfrankos a\u00a0<a style=\"color: #333333;\" title=\"Hunsz\u0151l\u0151\" href=\"https:\/\/hu.wikipedia.org\/wiki\/Hunsz%C5%91l%C5%91\">hunsz\u0151l\u0151<\/a> (Gouais blanc) \u00e9s a Blaue Zimmettraube keresztez\u00e9s\u00e9vel j\u00f6tt l\u00e9tre Als\u00f3-St\u00e1jerorsz\u00e1gban.<\/span><\/h6>","protected":false},"excerpt":{"rendered":"<p>A Kont\u00e9neres sz\u0151l\u0151 oltv\u00e1nyok k\u00f6z\u00f6tt a K\u00e9kfrankos \u00a0v\u00f6r\u00f6sbor sz\u0151l\u0151 termeszt\u00e9s\u00e9hez Magyarorsz\u00e1g adotts\u00e1gai egyed\u00fcl\u00e1ll\u00f3ak.<\/p>\n<p>T\u0151k\u00e9je kifejezetten er\u0151s n\u00f6veked\u00e9s\u0171 ,\u00e9r\u00e9si ideje szeptember v\u00e9ge &#8211; okt\u00f3ber eleje .<\/p>\n<p>F\u00fcrtjei k\u00f6zepesen nagyok, k\u00f6zepesen t\u00f6m\u00f6ttek, kb. 150 g t\u00f6meg\u0171ek .<\/p>\n<p>Bogy\u00f3i kicsik, g\u00f6mb\u00f6ly\u0171ek, s\u00f6t\u00e9tk\u00e9kek, kiss\u00e9 hamvasak ,vastag h\u00e9j\u00faak, l\u00e9d\u00fasak\u00a0kellemes \u00edz\u0171ek .<\/p>\n<p>Rothad\u00e1sra nem \u00e9rz\u00e9keny\u00a0f\u00fcrtjei sok\u00e1ig a t\u0151k\u00e9n tarthat\u00f3k \u00e9s emelett\u00a0\u00a0a fagyt\u0171r\u0151 k\u00e9pess\u00e9ge is j\u00f3.<\/p>","protected":false},"featured_media":2481,"template":"","meta":{"_et_pb_use_builder":"","_et_pb_old_content":"","_et_gb_content_width":""},"product_brand":[],"product_cat":[823],"product_tag":[861,825,862],"class_list":{"0":"post-2479","1":"product","2":"type-product","3":"status-publish","4":"has-post-thumbnail","6":"product_cat-szolok","7":"product_tag-kekfrankos","8":"product_tag-szolo","9":"product_tag-vorosbor","11":"first","12":"instock","13":"shipping-taxable","14":"purchasable","15":"product-type-simple"},"yoast_head":"<!-- This site is optimized with the Yoast SEO plugin v27.5 - https:\/\/yoast.com\/product\/yoast-seo-wordpress\/ -->\n<title>Kont\u00e9neres sz\u0151l\u0151 oltv\u00e1nyok K\u00e9kfrankos v\u00f6r\u00f6sbor sz\u0151l\u0151 - T\u00e1jkert\u00e9sz<\/title>\n<meta name=\"description\" content=\"A kont\u00e9neres sz\u0151l\u0151 oltv\u00e1nyok k\u00f6z\u00f6tt a K\u00e9kfrankos v\u00f6r\u00f6sbor termeszt\u00e9s\u00e9hez Magyarorsz\u00e1g adotts\u00e1gai egyed\u00fcl\u00e1ll\u00f3ak.\" \/>\n<meta name=\"robots\" content=\"index, follow, max-snippet:-1, max-image-preview:large, max-video-preview:-1\" \/>\n<link rel=\"canonical\" href=\"https:\/\/tajkertesz.com\/en_US\/product\/konteneres-szolo-oltvanyok-kekfrankos-vorosbor-szolo\/\" \/>\n<meta property=\"og:locale\" content=\"en_US\" \/>\n<meta property=\"og:type\" content=\"article\" \/>\n<meta property=\"og:title\" content=\"Kont\u00e9neres sz\u0151l\u0151 oltv\u00e1nyok K\u00e9kfrankos v\u00f6r\u00f6sbor sz\u0151l\u0151 - T\u00e1jkert\u00e9sz\" \/>\n<meta property=\"og:description\" content=\"A kont\u00e9neres sz\u0151l\u0151 oltv\u00e1nyok k\u00f6z\u00f6tt a K\u00e9kfrankos v\u00f6r\u00f6sbor termeszt\u00e9s\u00e9hez Magyarorsz\u00e1g adotts\u00e1gai egyed\u00fcl\u00e1ll\u00f3ak.\" \/>\n<meta property=\"og:url\" content=\"https:\/\/tajkertesz.com\/en_US\/product\/konteneres-szolo-oltvanyok-kekfrankos-vorosbor-szolo\/\" \/>\n<meta property=\"og:site_name\" content=\"T\u00e1jkert\u00e9sz\" \/>\n<meta property=\"article:publisher\" content=\"https:\/\/www.facebook.com\/Tajkertesz\/\" \/>\n<meta property=\"article:modified_time\" content=\"2024-05-28T14:11:46+00:00\" \/>\n<meta property=\"og:image\" content=\"https:\/\/tajkertesz.com\/wp-content\/uploads\/2020\/11\/Kekfrankos.jpg2_.jpg\" \/>\n\t<meta property=\"og:image:width\" content=\"206\" \/>\n\t<meta property=\"og:image:height\" content=\"244\" \/>\n\t<meta property=\"og:image:type\" content=\"image\/jpeg\" \/>\n<meta name=\"twitter:card\" content=\"summary_large_image\" \/>\n<meta name=\"twitter:label1\" content=\"Est. reading time\" \/>\n\t<meta name=\"twitter:data1\" content=\"2 minutes\" \/>\n<script type=\"application\/ld+json\" class=\"yoast-schema-graph\">{\"@context\":\"https:\\\/\\\/schema.org\",\"@graph\":[{\"@type\":\"WebPage\",\"@id\":\"https:\\\/\\\/tajkertesz.com\\\/termek\\\/konteneres-szolo-oltvanyok-kekfrankos-vorosbor-szolo\\\/\",\"url\":\"https:\\\/\\\/tajkertesz.com\\\/termek\\\/konteneres-szolo-oltvanyok-kekfrankos-vorosbor-szolo\\\/\",\"name\":\"Kont\u00e9neres sz\u0151l\u0151 oltv\u00e1nyok K\u00e9kfrankos v\u00f6r\u00f6sbor sz\u0151l\u0151 - T\u00e1jkert\u00e9sz\",\"isPartOf\":{\"@id\":\"https:\\\/\\\/tajkertesz.com\\\/#website\"},\"primaryImageOfPage\":{\"@id\":\"https:\\\/\\\/tajkertesz.com\\\/termek\\\/konteneres-szolo-oltvanyok-kekfrankos-vorosbor-szolo\\\/#primaryimage\"},\"image\":{\"@id\":\"https:\\\/\\\/tajkertesz.com\\\/termek\\\/konteneres-szolo-oltvanyok-kekfrankos-vorosbor-szolo\\\/#primaryimage\"},\"thumbnailUrl\":\"https:\\\/\\\/tajkertesz.com\\\/wp-content\\\/uploads\\\/2020\\\/11\\\/Kekfrankos.jpg2_.jpg\",\"datePublished\":\"2020-11-02T14:56:53+00:00\",\"dateModified\":\"2024-05-28T14:11:46+00:00\",\"description\":\"A kont\u00e9neres sz\u0151l\u0151 oltv\u00e1nyok k\u00f6z\u00f6tt a K\u00e9kfrankos v\u00f6r\u00f6sbor termeszt\u00e9s\u00e9hez Magyarorsz\u00e1g adotts\u00e1gai egyed\u00fcl\u00e1ll\u00f3ak.\",\"breadcrumb\":{\"@id\":\"https:\\\/\\\/tajkertesz.com\\\/termek\\\/konteneres-szolo-oltvanyok-kekfrankos-vorosbor-szolo\\\/#breadcrumb\"},\"inLanguage\":\"en-US\",\"potentialAction\":[{\"@type\":\"ReadAction\",\"target\":[\"https:\\\/\\\/tajkertesz.com\\\/termek\\\/konteneres-szolo-oltvanyok-kekfrankos-vorosbor-szolo\\\/\"]}]},{\"@type\":\"ImageObject\",\"inLanguage\":\"en-US\",\"@id\":\"https:\\\/\\\/tajkertesz.com\\\/termek\\\/konteneres-szolo-oltvanyok-kekfrankos-vorosbor-szolo\\\/#primaryimage\",\"url\":\"https:\\\/\\\/tajkertesz.com\\\/wp-content\\\/uploads\\\/2020\\\/11\\\/Kekfrankos.jpg2_.jpg\",\"contentUrl\":\"https:\\\/\\\/tajkertesz.com\\\/wp-content\\\/uploads\\\/2020\\\/11\\\/Kekfrankos.jpg2_.jpg\",\"width\":206,\"height\":244},{\"@type\":\"BreadcrumbList\",\"@id\":\"https:\\\/\\\/tajkertesz.com\\\/termek\\\/konteneres-szolo-oltvanyok-kekfrankos-vorosbor-szolo\\\/#breadcrumb\",\"itemListElement\":[{\"@type\":\"ListItem\",\"position\":1,\"name\":\"Home\",\"item\":\"https:\\\/\\\/tajkertesz.com\\\/\"},{\"@type\":\"ListItem\",\"position\":2,\"name\":\"Kezd\u0151lap\",\"item\":\"https:\\\/\\\/tajkertesz.com\\\/\"},{\"@type\":\"ListItem\",\"position\":3,\"name\":\"Kont\u00e9neres sz\u0151l\u0151 oltv\u00e1nyok K\u00e9kfrankos v\u00f6r\u00f6sbor sz\u0151l\u0151\"}]},{\"@type\":\"WebSite\",\"@id\":\"https:\\\/\\\/tajkertesz.com\\\/#website\",\"url\":\"https:\\\/\\\/tajkertesz.com\\\/\",\"name\":\"T\u00e1j-Kert\u00e9sz 84 Kft.\",\"description\":\"Kert\u00e9szeti kis- \u00e9s nagykeresked\u00e9s, D\u00edszn\u00f6v\u00e9ny web\u00e1ruh\u00e1z orsz\u00e1gos h\u00e1zhozsz\u00e1ll\u00edt\u00e1ssal!\",\"publisher\":{\"@id\":\"https:\\\/\\\/tajkertesz.com\\\/#organization\"},\"potentialAction\":[{\"@type\":\"SearchAction\",\"target\":{\"@type\":\"EntryPoint\",\"urlTemplate\":\"https:\\\/\\\/tajkertesz.com\\\/?s={search_term_string}\"},\"query-input\":{\"@type\":\"PropertyValueSpecification\",\"valueRequired\":true,\"valueName\":\"search_term_string\"}}],\"inLanguage\":\"en-US\"},{\"@type\":\"Organization\",\"@id\":\"https:\\\/\\\/tajkertesz.com\\\/#organization\",\"name\":\"T\u00e1j-Kert\u00e9sz 84 Kft.\",\"url\":\"https:\\\/\\\/tajkertesz.com\\\/\",\"logo\":{\"@type\":\"ImageObject\",\"inLanguage\":\"en-US\",\"@id\":\"https:\\\/\\\/tajkertesz.com\\\/#\\\/schema\\\/logo\\\/image\\\/\",\"url\":\"https:\\\/\\\/tajkertesz.com\\\/wp-content\\\/uploads\\\/2018\\\/02\\\/logo-2-e1518678052539.png\",\"contentUrl\":\"https:\\\/\\\/tajkertesz.com\\\/wp-content\\\/uploads\\\/2018\\\/02\\\/logo-2-e1518678052539.png\",\"width\":81,\"height\":140,\"caption\":\"T\u00e1j-Kert\u00e9sz 84 Kft.\"},\"image\":{\"@id\":\"https:\\\/\\\/tajkertesz.com\\\/#\\\/schema\\\/logo\\\/image\\\/\"},\"sameAs\":[\"https:\\\/\\\/www.facebook.com\\\/Tajkertesz\\\/\"]}]}<\/script>\n<!-- \/ Yoast SEO plugin. -->","yoast_head_json":{"title":"Kont\u00e9neres sz\u0151l\u0151 oltv\u00e1nyok K\u00e9kfrankos v\u00f6r\u00f6sbor sz\u0151l\u0151 - T\u00e1jkert\u00e9sz","description":"A kont\u00e9neres sz\u0151l\u0151 oltv\u00e1nyok k\u00f6z\u00f6tt a K\u00e9kfrankos v\u00f6r\u00f6sbor termeszt\u00e9s\u00e9hez Magyarorsz\u00e1g adotts\u00e1gai egyed\u00fcl\u00e1ll\u00f3ak.","robots":{"index":"index","follow":"follow","max-snippet":"max-snippet:-1","max-image-preview":"max-image-preview:large","max-video-preview":"max-video-preview:-1"},"canonical":"https:\/\/tajkertesz.com\/en_US\/product\/konteneres-szolo-oltvanyok-kekfrankos-vorosbor-szolo\/","og_locale":"en_US","og_type":"article","og_title":"Kont\u00e9neres sz\u0151l\u0151 oltv\u00e1nyok K\u00e9kfrankos v\u00f6r\u00f6sbor sz\u0151l\u0151 - T\u00e1jkert\u00e9sz","og_description":"A kont\u00e9neres sz\u0151l\u0151 oltv\u00e1nyok k\u00f6z\u00f6tt a K\u00e9kfrankos v\u00f6r\u00f6sbor termeszt\u00e9s\u00e9hez Magyarorsz\u00e1g adotts\u00e1gai egyed\u00fcl\u00e1ll\u00f3ak.","og_url":"https:\/\/tajkertesz.com\/en_US\/product\/konteneres-szolo-oltvanyok-kekfrankos-vorosbor-szolo\/","og_site_name":"T\u00e1jkert\u00e9sz","article_publisher":"https:\/\/www.facebook.com\/Tajkertesz\/","article_modified_time":"2024-05-28T14:11:46+00:00","og_image":[{"width":206,"height":244,"url":"https:\/\/tajkertesz.com\/wp-content\/uploads\/2020\/11\/Kekfrankos.jpg2_.jpg","type":"image\/jpeg"}],"twitter_card":"summary_large_image","twitter_misc":{"Est. reading time":"2 minutes"},"schema":{"@context":"https:\/\/schema.org","@graph":[{"@type":"WebPage","@id":"https:\/\/tajkertesz.com\/termek\/konteneres-szolo-oltvanyok-kekfrankos-vorosbor-szolo\/","url":"https:\/\/tajkertesz.com\/termek\/konteneres-szolo-oltvanyok-kekfrankos-vorosbor-szolo\/","name":"Kont\u00e9neres sz\u0151l\u0151 oltv\u00e1nyok K\u00e9kfrankos v\u00f6r\u00f6sbor sz\u0151l\u0151 - T\u00e1jkert\u00e9sz","isPartOf":{"@id":"https:\/\/tajkertesz.com\/#website"},"primaryImageOfPage":{"@id":"https:\/\/tajkertesz.com\/termek\/konteneres-szolo-oltvanyok-kekfrankos-vorosbor-szolo\/#primaryimage"},"image":{"@id":"https:\/\/tajkertesz.com\/termek\/konteneres-szolo-oltvanyok-kekfrankos-vorosbor-szolo\/#primaryimage"},"thumbnailUrl":"https:\/\/tajkertesz.com\/wp-content\/uploads\/2020\/11\/Kekfrankos.jpg2_.jpg","datePublished":"2020-11-02T14:56:53+00:00","dateModified":"2024-05-28T14:11:46+00:00","description":"A kont\u00e9neres sz\u0151l\u0151 oltv\u00e1nyok k\u00f6z\u00f6tt a K\u00e9kfrankos v\u00f6r\u00f6sbor termeszt\u00e9s\u00e9hez Magyarorsz\u00e1g adotts\u00e1gai egyed\u00fcl\u00e1ll\u00f3ak.","breadcrumb":{"@id":"https:\/\/tajkertesz.com\/termek\/konteneres-szolo-oltvanyok-kekfrankos-vorosbor-szolo\/#breadcrumb"},"inLanguage":"en-US","potentialAction":[{"@type":"ReadAction","target":["https:\/\/tajkertesz.com\/termek\/konteneres-szolo-oltvanyok-kekfrankos-vorosbor-szolo\/"]}]},{"@type":"ImageObject","inLanguage":"en-US","@id":"https:\/\/tajkertesz.com\/termek\/konteneres-szolo-oltvanyok-kekfrankos-vorosbor-szolo\/#primaryimage","url":"https:\/\/tajkertesz.com\/wp-content\/uploads\/2020\/11\/Kekfrankos.jpg2_.jpg","contentUrl":"https:\/\/tajkertesz.com\/wp-content\/uploads\/2020\/11\/Kekfrankos.jpg2_.jpg","width":206,"height":244},{"@type":"BreadcrumbList","@id":"https:\/\/tajkertesz.com\/termek\/konteneres-szolo-oltvanyok-kekfrankos-vorosbor-szolo\/#breadcrumb","itemListElement":[{"@type":"ListItem","position":1,"name":"Home","item":"https:\/\/tajkertesz.com\/"},{"@type":"ListItem","position":2,"name":"Kezd\u0151lap","item":"https:\/\/tajkertesz.com\/"},{"@type":"ListItem","position":3,"name":"Kont\u00e9neres sz\u0151l\u0151 oltv\u00e1nyok K\u00e9kfrankos v\u00f6r\u00f6sbor sz\u0151l\u0151"}]},{"@type":"WebSite","@id":"https:\/\/tajkertesz.com\/#website","url":"https:\/\/tajkertesz.com\/","name":"T\u00e1j-Kert\u00e9sz 84 Kft.","description":"Kert\u00e9szeti kis- \u00e9s nagykeresked\u00e9s, D\u00edszn\u00f6v\u00e9ny web\u00e1ruh\u00e1z orsz\u00e1gos h\u00e1zhozsz\u00e1ll\u00edt\u00e1ssal!","publisher":{"@id":"https:\/\/tajkertesz.com\/#organization"},"potentialAction":[{"@type":"SearchAction","target":{"@type":"EntryPoint","urlTemplate":"https:\/\/tajkertesz.com\/?s={search_term_string}"},"query-input":{"@type":"PropertyValueSpecification","valueRequired":true,"valueName":"search_term_string"}}],"inLanguage":"en-US"},{"@type":"Organization","@id":"https:\/\/tajkertesz.com\/#organization","name":"T\u00e1j-Kert\u00e9sz 84 Kft.","url":"https:\/\/tajkertesz.com\/","logo":{"@type":"ImageObject","inLanguage":"en-US","@id":"https:\/\/tajkertesz.com\/#\/schema\/logo\/image\/","url":"https:\/\/tajkertesz.com\/wp-content\/uploads\/2018\/02\/logo-2-e1518678052539.png","contentUrl":"https:\/\/tajkertesz.com\/wp-content\/uploads\/2018\/02\/logo-2-e1518678052539.png","width":81,"height":140,"caption":"T\u00e1j-Kert\u00e9sz 84 Kft."},"image":{"@id":"https:\/\/tajkertesz.com\/#\/schema\/logo\/image\/"},"sameAs":["https:\/\/www.facebook.com\/Tajkertesz\/"]}]}},"_links":{"self":[{"href":"https:\/\/tajkertesz.com\/en_US\/wp-json\/wp\/v2\/product\/2479","targetHints":{"allow":["GET"]}}],"collection":[{"href":"https:\/\/tajkertesz.com\/en_US\/wp-json\/wp\/v2\/product"}],"about":[{"href":"https:\/\/tajkertesz.com\/en_US\/wp-json\/wp\/v2\/types\/product"}],"wp:featuredmedia":[{"embeddable":true,"href":"https:\/\/tajkertesz.com\/en_US\/wp-json\/wp\/v2\/media\/2481"}],"wp:attachment":[{"href":"https:\/\/tajkertesz.com\/en_US\/wp-json\/wp\/v2\/media?parent=2479"}],"wp:term":[{"taxonomy":"product_brand","embeddable":true,"href":"https:\/\/tajkertesz.com\/en_US\/wp-json\/wp\/v2\/product_brand?post=2479"},{"taxonomy":"product_cat","embeddable":true,"href":"https:\/\/tajkertesz.com\/en_US\/wp-json\/wp\/v2\/product_cat?post=2479"},{"taxonomy":"product_tag","embeddable":true,"href":"https:\/\/tajkertesz.com\/en_US\/wp-json\/wp\/v2\/product_tag?post=2479"}],"curies":[{"name":"wp","href":"https:\/\/api.w.org\/{rel}","templated":true}]}}