{"id":24791,"date":"2025-10-06T10:12:04","date_gmt":"2025-10-06T10:12:04","guid":{"rendered":"https:\/\/tajkertesz.com\/?post_type=product&#038;p=24791"},"modified":"2026-02-21T14:08:21","modified_gmt":"2026-02-21T14:08:21","slug":"sambucus-nigra-haschberg-bodza","status":"publish","type":"product","link":"https:\/\/tajkertesz.com\/en_US\/product\/sambucus-nigra-haschberg-bodza\/","title":{"rendered":"Sambucus nigra &#8216;Haschberg &#8211; Bodza"},"content":{"rendered":"<h1>Sambucus nigra &#8216;Haschberg &#8211; Bodza<\/h1>\n<p data-start=\"849\" data-end=\"1165\">A <strong data-start=\"851\" data-end=\"881\">Sambucus nigra &#8216;Haschberg&#8217; &#8211; Bodza <\/strong>egy nemes\u00edtett osztr\u00e1k fajta, amelyet els\u0151sorban <strong data-start=\"967\" data-end=\"999\">gy\u00fcm\u00f6lcs\u00e9nek feldolgoz\u00e1s\u00e1\u00e9rt<\/strong> termeszt\u00fcnk. J\u00f3val <strong data-start=\"1019\" data-end=\"1041\">nagyobb hozamot ad<\/strong>, mint a vadbodza, mik\u00f6zben megtartotta annak legt\u00f6bb kedvez\u0151 tulajdons\u00e1g\u00e1t: ellen\u00e1ll\u00f3, gyorsan n\u0151, kev\u00e9s gondoz\u00e1st ig\u00e9nyel.<\/p>\n<p data-start=\"1167\" data-end=\"1411\">A n\u00f6v\u00e9ny illatos, kr\u00e9msz\u00edn\u0171 vir\u00e1gai <strong data-start=\"1203\" data-end=\"1216\">j\u00faniusban<\/strong> ny\u00edlnak, melyekb\u0151l sz\u00f6rp \u00e9s tea is k\u00e9sz\u00edthet\u0151. <strong data-start=\"1264\" data-end=\"1293\">S\u00f6t\u00e9t, lila-fekete bogy\u00f3i<\/strong> augusztus\u2013szeptemberben \u00e9rnek, kiv\u00e1l\u00f3 alapanyagai lekv\u00e1rnak, sz\u00f6rpnek, gy\u00fcm\u00f6lcsl\u00e9nek vagy ak\u00e1r bodzabor k\u00e9sz\u00edt\u00e9s\u00e9hez.<\/p>\n<p data-start=\"1413\" data-end=\"1435\">\ud83d\udd39 <strong data-start=\"1416\" data-end=\"1435\">F\u0151bb jellemz\u0151k:<\/strong><\/p>\n<ul data-start=\"1436\" data-end=\"1882\">\n<li data-start=\"1436\" data-end=\"1474\">\n<p data-start=\"1438\" data-end=\"1474\"><strong data-start=\"1438\" data-end=\"1456\">N\u00f6v\u00e9ny t\u00edpusa:<\/strong> Lombhullat\u00f3 bokor<\/p>\n<\/li>\n<li data-start=\"1475\" data-end=\"1514\">\n<p data-start=\"1477\" data-end=\"1514\"><strong data-start=\"1477\" data-end=\"1487\">Fajta:<\/strong> Sambucus nigra &#8216;Haschberg&#8217;<\/p>\n<\/li>\n<li data-start=\"1515\" data-end=\"1572\">\n<p data-start=\"1517\" data-end=\"1572\"><strong data-start=\"1517\" data-end=\"1534\">Felhaszn\u00e1l\u00e1s:<\/strong> Sz\u00f6rp, lekv\u00e1r, gy\u00fcm\u00f6lcsl\u00e9, vir\u00e1gsz\u00f6rp<\/p>\n<\/li>\n<li data-start=\"1573\" data-end=\"1595\">\n<p data-start=\"1575\" data-end=\"1595\"><strong data-start=\"1575\" data-end=\"1588\">Vir\u00e1gz\u00e1s:<\/strong> J\u00fanius<\/p>\n<\/li>\n<li data-start=\"1596\" data-end=\"1634\">\n<p data-start=\"1598\" data-end=\"1634\"><strong data-start=\"1598\" data-end=\"1613\">Term\u00e9s\u00e9r\u00e9s:<\/strong> Augusztus\u2013szeptember<\/p>\n<\/li>\n<li data-start=\"1635\" data-end=\"1673\">\n<p data-start=\"1637\" data-end=\"1673\"><strong data-start=\"1637\" data-end=\"1647\">Vir\u00e1g:<\/strong> Kr\u00e9msz\u00edn\u0171, er\u0151sen illatos<\/p>\n<\/li>\n<li data-start=\"1674\" data-end=\"1719\">\n<p data-start=\"1676\" data-end=\"1719\"><strong data-start=\"1676\" data-end=\"1687\">Term\u00e9s:<\/strong> Nagy, l\u00e9d\u00fas, fekete-lila bogy\u00f3k<\/p>\n<\/li>\n<li data-start=\"1720\" data-end=\"1764\">\n<p data-start=\"1722\" data-end=\"1764\"><strong data-start=\"1722\" data-end=\"1736\">F\u00e9nyig\u00e9ny:<\/strong> Napos vagy f\u00e9l\u00e1rny\u00e9kos hely<\/p>\n<\/li>\n<li data-start=\"1765\" data-end=\"1830\">\n<p data-start=\"1767\" data-end=\"1830\"><strong data-start=\"1767\" data-end=\"1782\">Talajig\u00e9ny:<\/strong> K\u00f6zepes t\u00e1panyagig\u00e9ny, j\u00f3 v\u00edzell\u00e1totts\u00e1g\u00fa talaj<\/p>\n<\/li>\n<li data-start=\"1831\" data-end=\"1882\">\n<p data-start=\"1833\" data-end=\"1882\"><strong data-start=\"1833\" data-end=\"1848\">T\u00e9l\u00e1ll\u00f3s\u00e1g:<\/strong> Teljesen t\u00e9l\u00e1ll\u00f3 (ak\u00e1r -25 \u00b0C-ig)<\/p>\n<\/li>\n<\/ul>\n<p data-start=\"1884\" data-end=\"1899\">\ud83d\udd38 <strong data-start=\"1887\" data-end=\"1899\">El\u0151ny\u00f6k:<\/strong><\/p>\n<ul data-start=\"1900\" data-end=\"2065\">\n<li data-start=\"1900\" data-end=\"1950\">\n<p data-start=\"1902\" data-end=\"1950\">Nagyobb \u00e9s b\u0151s\u00e9gesebb term\u00e9s, mint a vadbodz\u00e1n\u00e1l<\/p>\n<\/li>\n<li data-start=\"1951\" data-end=\"2000\">\n<p data-start=\"1953\" data-end=\"2000\">Gyors n\u00f6veked\u00e9s\u0171, 3\u20135 m\u00e9teres bokorr\u00e1 fejl\u0151dhet<\/p>\n<\/li>\n<li data-start=\"2001\" data-end=\"2037\">\n<p data-start=\"2003\" data-end=\"2037\">Hasznos\u00edthat\u00f3 vir\u00e1ga \u00e9s term\u00e9se is<\/p>\n<\/li>\n<li data-start=\"2038\" data-end=\"2065\">\n<p data-start=\"2040\" data-end=\"2065\">M\u00e9h- \u00e9s mad\u00e1rbar\u00e1t n\u00f6v\u00e9ny<\/p>\n<\/li>\n<\/ul>\n<p data-start=\"2067\" data-end=\"2194\">\u26a0\ufe0f <strong data-start=\"2070\" data-end=\"2081\">Fontos:<\/strong> A bodza \u00e9retlen bogy\u00f3ja, levele \u00e9s k\u00e9rge nyersen <strong data-start=\"2131\" data-end=\"2149\">enyh\u00e9n m\u00e9rgez\u0151<\/strong> lehet \u2013 mindig h\u0151kezelve fogyaszd a term\u00e9st!<\/p>\n<h4><strong>\ud83d\udd04 K\u00e9szletinform\u00e1ci\u00f3<\/strong><\/h4>\n<p><strong>K\u00e9szlet\u00fcnk napi szinten v\u00e1ltozik, \u00edgy a webshopban szerepl<\/strong><strong>\u0151<\/strong><strong>\u00a0term\u00e9kek el\u00e9rhet<\/strong><strong>\u0151<\/strong><strong>s\u00e9ge nem garant\u00e1lt.<br \/>\n\ud83d\udcde A megrendel\u00e9s el<\/strong><strong>\u0151<\/strong><strong>tt k\u00e9rj\u00fck, \u00e9rdekl<\/strong><strong>\u0151<\/strong><strong>dj\u00f6n szem\u00e9lyesen, telefonon vagy e-mailben!<\/strong><\/p>\n<h4><strong>\u27a1\ufe0f Kapcsolat:<\/strong><\/h4>\n<ul>\n<li><strong>Weboldal:\u00a0<\/strong><a href=\"https:\/\/tajkertesz.com\/\"><strong>tajkertesz.com<\/strong><\/a><\/li>\n<li><strong>Facebook:\u00a0<\/strong><a href=\"https:\/\/www.facebook.com\/tajkertesz\/\"><strong>facebook.com\/tajkertesz<\/strong><\/a><\/li>\n<li><strong>Telefonsz\u00e1m, e-mail: +36\/20-319-3770\u00a0<\/strong><a href=\"mailto:tajkerteszaruda@gmail.com\"><strong>tajkerteszaruda@gmail.com<\/strong><\/a><\/li>\n<\/ul>\n<h4><strong>\ud83d\ude9a Sz\u00e1ll\u00edt\u00e1si inform\u00e1ci\u00f3k<\/strong><\/h4>\n<p><strong>A megrendelt n\u00f6v\u00e9nyek kisz\u00e1ll\u00edt\u00e1sa az al\u00e1bbi felt\u00e9telek mellett t\u00f6rt\u00e9nik:<\/strong><\/p>\n<h4><strong>\ud83d\udce6 Fut\u00e1rszolg\u00e1latos sz\u00e1ll\u00edt\u00e1s<\/strong><\/h4>\n<ul>\n<li><strong>Maxim\u00e1lis m\u00e9ret: 200 cm (hossz\u00fas\u00e1g)<\/strong><\/li>\n<li><strong>Maxim\u00e1lis s\u00faly: 40 kg<\/strong><\/li>\n<li><strong>Az enn\u00e9l kisebb \u00e9s k\u00f6nnyebb csomagokat fut\u00e1rszolg\u00e1lattal k\u00e9zbes\u00edtj\u00fck a lehet<\/strong><strong>\u0151<\/strong><strong>\u00a0legbiztons\u00e1gosabb csomagol\u00e1sban.<\/strong><\/li>\n<\/ul>\n<h4><strong>\ud83d\udefb Szem\u00e9lyes \u00e1tv\u00e9tel<\/strong><\/h4>\n<ul>\n<li><strong>1173 Budapest, Bakancsos utca 7. sz\u00e1m alatt nyitvatart\u00e1si id<\/strong><strong>\u0151<\/strong><strong>ben szem\u00e9lyesen \u00e1tvehet<\/strong><strong>\u0151<\/strong><strong>\u00a0kert\u00e9szeti \u00e1rud\u00e1nkban.<\/strong><\/li>\n<li><strong>K\u00f6lts\u00e9ghat\u00e9kony megold\u00e1s nagyobb, t\u00f6r\u00e9kenyebb vagy t\u00falm\u00e9retes n\u00f6v\u00e9nyek eset\u00e9n.<\/strong><\/li>\n<\/ul>\n<h4><strong>\ud83d\udcde Nagy m\u00e9ret<\/strong><strong>\u0171<\/strong><strong>\u00a0vagy s\u00faly\u00fa n\u00f6v\u00e9nyek eset\u00e9n<\/strong><\/h4>\n<p><strong>Ha a term\u00e9k:<\/strong><\/p>\n<ul>\n<li><strong>meghaladja a 200 cm hossz\u00fas\u00e1got vagy<\/strong><\/li>\n<li><strong>meghaladja a 40 kg s\u00falyt,<\/strong><\/li>\n<\/ul>\n<p><strong>akkor szem\u00e9lyes \u00e1tv\u00e9tellel vagy egyedi, el<\/strong><strong>\u0151<\/strong><strong>re egyeztetett sz\u00e1ll\u00edt\u00e1si felt\u00e9telek mellett t\u00f6rt\u00e9nik.<br \/>\nK\u00e9rj\u00fck, ilyen esetben rendel\u00e9s el<\/strong><strong>\u0151<\/strong><strong>tt vegye fel vel\u00fcnk a kapcsolatot, hogy a lehet<\/strong><strong>\u0151<\/strong><strong>\u00a0legmegfelel<\/strong><strong>\u0151<\/strong><strong>bb sz\u00e1ll\u00edt\u00e1si megold\u00e1st k\u00edn\u00e1lhassuk.<\/strong><\/p>\n<p><strong>\ud83d\udd14 Fontos: A n\u00f6v\u00e9nyeket minden esetben igyeksz\u00fcnk gondosan, egyes\u00e9vel csomagolni, azonban a sz\u00e1ll\u00edt\u00e1s sor\u00e1n kisebb eszt\u00e9tikai s\u00e9r\u00fcl\u00e9sek el<\/strong><strong>\u0151<\/strong><strong>fordulhatnak (pl. lev\u00e9lhull\u00e1s). Ez nem min<\/strong><strong>\u0151<\/strong><strong>s\u00fcl hib\u00e1s teljes\u00edt\u00e9snek.<\/strong><\/p>\n<h4><strong>\ud83d\udcf7 Fontos tudni a k\u00e9pekr<\/strong><strong>\u0151<\/strong><strong>l<\/strong><\/h4>\n<p><strong>A webshopban szerepl<\/strong><strong>\u0151<\/strong><strong>\u00a0k\u00e9pek illusztr\u00e1ci\u00f3k, a n\u00f6v\u00e9nyek term\u00e9szet\u00fckn\u00e9l fogva egyediek, \u00edgy m\u00e9retben, alakban \u00e9s sz\u00ednben minim\u00e1lis elt\u00e9r\u00e9sek el<\/strong><strong>\u0151<\/strong><strong>fordulhatnak a k\u00e9pen l\u00e1that\u00f3 \u00e9s a val\u00f3s p\u00e9ld\u00e1nyok k\u00f6z\u00f6tt.<\/strong><\/p>\n<h4><strong>\ud83e\uddfe \u00c1rak \u00e9s el\u00e1ll\u00e1si jog<\/strong><\/h4>\n<ul>\n<li><strong>Az \u00e1rak egy darab\u00a0n\u00f6v\u00e9nyre vonatkoznak.<\/strong><\/li>\n<li><strong>\u00c9l<\/strong><strong>\u0151<\/strong><strong>\u00a0n\u00f6v\u00e9nyek rendel\u00e9se eset\u00e9n a 14 napos el\u00e1ll\u00e1s joga nem \u00e9rv\u00e9nyes\u00edthet<\/strong><strong>\u0151<\/strong><strong>, mivel azok romland\u00f3, biol\u00f3giailag \u00e9l<\/strong><strong>\u0151<\/strong><strong>\u00a0term\u00e9keknek min<\/strong><strong>\u0151<\/strong><strong>s\u00fclnek.<br \/>\n\ud83d\udd12 (17\/1999. (II. 5.) Korm. rendelet 5. \u00a7 c) pontja alapj\u00e1n)<\/strong><\/li>\n<\/ul>\n<h4><strong>\ud83d\udce6 K\u00e9zbes\u00edt\u00e9s ut\u00e1ni teend<\/strong><strong>\u0151<\/strong><strong>k<\/strong><\/h4>\n<p><strong>A k\u00e9zbes\u00edt\u00e9st k\u00f6vet<\/strong><strong>\u0151<\/strong><strong>en a csomagot azonnal bontsuk ki, \u00e9s a n\u00f6v\u00e9nyt helyezz\u00fck el megfelel<\/strong><strong>\u0151<\/strong><strong>\u00a0k\u00f6rnyezetben.<br \/>\nFontos: ha a n\u00f6v\u00e9ny nem r\u00e9szes\u00fcl megfelel<\/strong><strong>\u0151<\/strong><strong>\u00a0gondoz\u00e1sban \u00e9s ennek k\u00f6vetkezt\u00e9ben k\u00e1rosodik vagy elpusztul, felel<\/strong><strong>\u0151<\/strong><strong>ss\u00e9get nem tudunk v\u00e1llalni.<\/strong><\/p>","protected":false},"excerpt":{"rendered":"<p>A Haschberg fajta a fekete bodza (Sambucus nigra) nagy term\u00e9shozam\u00fa, nemes\u00edtett v\u00e1ltozata. Gazdag vir\u00e1gz\u00e1s\u00fa, bogy\u00f3i sz\u00f6rp, lekv\u00e1r \u00e9s gy\u00fcm\u00f6lcsl\u00e9 k\u00e9sz\u00edt\u00e9s\u00e9re is kiv\u00e1l\u00f3ak. Ellen\u00e1ll\u00f3, ig\u00e9nytelen \u00e9s rendk\u00edv\u00fcl hasznos n\u00f6v\u00e9ny.<\/p>\n<p>M\u00e9rete: 40-50 cm magas, 2 literes kont\u00e9nerben.<\/p>","protected":false},"featured_media":24792,"template":"","meta":{"_et_pb_use_builder":"","_et_pb_old_content":"","_et_gb_content_width":""},"product_brand":[],"product_cat":[29],"product_tag":[7097,7099,7095,1465,7100,7094,7101,6110,5009,7098,7096],"class_list":{"0":"post-24791","1":"product","2":"type-product","3":"status-publish","4":"has-post-thumbnail","6":"product_cat-gyumolcsfak-gyumolcstermo-novenyek","7":"product_tag-bodza-palanta","8":"product_tag-bodza-vasarlas","9":"product_tag-fekete-bodza","10":"product_tag-gyogynoveny","11":"product_tag-gyumolcstermo-bokor","12":"product_tag-haschberg-bodza","13":"product_tag-lekvar-keszites","14":"product_tag-mehbarat-noveny","15":"product_tag-sambucus-nigra","16":"product_tag-szorp-alapanyag","17":"product_tag-termo-bodza","19":"first","20":"instock","21":"shipping-taxable","22":"purchasable","23":"product-type-simple"},"yoast_head":"<!-- This site is optimized with the Yoast SEO plugin v27.3 - https:\/\/yoast.com\/product\/yoast-seo-wordpress\/ -->\n<title>Sambucus nigra &#039;Haschberg - Bodza - T\u00e1jkert\u00e9sz<\/title>\n<meta name=\"description\" content=\"Sambucus nigra &#039;Haschberg - Bodza b\u0151term\u0151 fajta amely ide\u00e1lis sz\u00f6rp, lekv\u00e1r \u00e9s gy\u00fcm\u00f6lcsl\u00e9 k\u00e9sz\u00edt\u00e9s\u00e9hez. Gyors n\u00f6veked\u00e9s\u0171, ellen\u00e1ll\u00f3, gy\u00fcm\u00f6lcsterm\u0151 bokor.\" \/>\n<meta name=\"robots\" content=\"index, follow, max-snippet:-1, max-image-preview:large, max-video-preview:-1\" \/>\n<link rel=\"canonical\" href=\"https:\/\/tajkertesz.com\/en_US\/product\/sambucus-nigra-haschberg-bodza\/\" \/>\n<meta property=\"og:locale\" content=\"en_US\" \/>\n<meta property=\"og:type\" content=\"article\" \/>\n<meta property=\"og:title\" content=\"Sambucus nigra &#039;Haschberg - Bodza - T\u00e1jkert\u00e9sz\" \/>\n<meta property=\"og:description\" content=\"Sambucus nigra &#039;Haschberg - Bodza b\u0151term\u0151 fajta amely ide\u00e1lis sz\u00f6rp, lekv\u00e1r \u00e9s gy\u00fcm\u00f6lcsl\u00e9 k\u00e9sz\u00edt\u00e9s\u00e9hez. Gyors n\u00f6veked\u00e9s\u0171, ellen\u00e1ll\u00f3, gy\u00fcm\u00f6lcsterm\u0151 bokor.\" \/>\n<meta property=\"og:url\" content=\"https:\/\/tajkertesz.com\/en_US\/product\/sambucus-nigra-haschberg-bodza\/\" \/>\n<meta property=\"og:site_name\" content=\"T\u00e1jkert\u00e9sz\" \/>\n<meta property=\"article:publisher\" content=\"https:\/\/www.facebook.com\/Tajkertesz\/\" \/>\n<meta property=\"article:modified_time\" content=\"2026-02-21T14:08:21+00:00\" \/>\n<meta property=\"og:image\" content=\"https:\/\/tajkertesz.com\/wp-content\/uploads\/2025\/10\/GaiasWorld_B-elder-1609129_1920__88121.1603567003-270x270-1.jpg\" \/>\n\t<meta property=\"og:image:width\" content=\"270\" \/>\n\t<meta property=\"og:image:height\" content=\"270\" \/>\n\t<meta property=\"og:image:type\" content=\"image\/jpeg\" \/>\n<meta name=\"twitter:card\" content=\"summary_large_image\" \/>\n<meta name=\"twitter:label1\" content=\"Est. reading time\" \/>\n\t<meta name=\"twitter:data1\" content=\"3 minutes\" \/>\n<script type=\"application\/ld+json\" class=\"yoast-schema-graph\">{\"@context\":\"https:\\\/\\\/schema.org\",\"@graph\":[{\"@type\":\"WebPage\",\"@id\":\"https:\\\/\\\/tajkertesz.com\\\/termek\\\/sambucus-nigra-haschberg-bodza\\\/\",\"url\":\"https:\\\/\\\/tajkertesz.com\\\/termek\\\/sambucus-nigra-haschberg-bodza\\\/\",\"name\":\"Sambucus nigra 'Haschberg - Bodza - T\u00e1jkert\u00e9sz\",\"isPartOf\":{\"@id\":\"https:\\\/\\\/tajkertesz.com\\\/#website\"},\"primaryImageOfPage\":{\"@id\":\"https:\\\/\\\/tajkertesz.com\\\/termek\\\/sambucus-nigra-haschberg-bodza\\\/#primaryimage\"},\"image\":{\"@id\":\"https:\\\/\\\/tajkertesz.com\\\/termek\\\/sambucus-nigra-haschberg-bodza\\\/#primaryimage\"},\"thumbnailUrl\":\"https:\\\/\\\/tajkertesz.com\\\/wp-content\\\/uploads\\\/2025\\\/10\\\/GaiasWorld_B-elder-1609129_1920__88121.1603567003-270x270-1.jpg\",\"datePublished\":\"2025-10-06T10:12:04+00:00\",\"dateModified\":\"2026-02-21T14:08:21+00:00\",\"description\":\"Sambucus nigra 'Haschberg - Bodza b\u0151term\u0151 fajta amely ide\u00e1lis sz\u00f6rp, lekv\u00e1r \u00e9s gy\u00fcm\u00f6lcsl\u00e9 k\u00e9sz\u00edt\u00e9s\u00e9hez. Gyors n\u00f6veked\u00e9s\u0171, ellen\u00e1ll\u00f3, gy\u00fcm\u00f6lcsterm\u0151 bokor.\",\"breadcrumb\":{\"@id\":\"https:\\\/\\\/tajkertesz.com\\\/termek\\\/sambucus-nigra-haschberg-bodza\\\/#breadcrumb\"},\"inLanguage\":\"en-US\",\"potentialAction\":[{\"@type\":\"ReadAction\",\"target\":[\"https:\\\/\\\/tajkertesz.com\\\/termek\\\/sambucus-nigra-haschberg-bodza\\\/\"]}]},{\"@type\":\"ImageObject\",\"inLanguage\":\"en-US\",\"@id\":\"https:\\\/\\\/tajkertesz.com\\\/termek\\\/sambucus-nigra-haschberg-bodza\\\/#primaryimage\",\"url\":\"https:\\\/\\\/tajkertesz.com\\\/wp-content\\\/uploads\\\/2025\\\/10\\\/GaiasWorld_B-elder-1609129_1920__88121.1603567003-270x270-1.jpg\",\"contentUrl\":\"https:\\\/\\\/tajkertesz.com\\\/wp-content\\\/uploads\\\/2025\\\/10\\\/GaiasWorld_B-elder-1609129_1920__88121.1603567003-270x270-1.jpg\",\"width\":270,\"height\":270,\"caption\":\"Sambucus nigra 'Haschberg - Bodza\"},{\"@type\":\"BreadcrumbList\",\"@id\":\"https:\\\/\\\/tajkertesz.com\\\/termek\\\/sambucus-nigra-haschberg-bodza\\\/#breadcrumb\",\"itemListElement\":[{\"@type\":\"ListItem\",\"position\":1,\"name\":\"Home\",\"item\":\"https:\\\/\\\/tajkertesz.com\\\/\"},{\"@type\":\"ListItem\",\"position\":2,\"name\":\"Kezd\u0151lap\",\"item\":\"https:\\\/\\\/tajkertesz.com\\\/\"},{\"@type\":\"ListItem\",\"position\":3,\"name\":\"Sambucus nigra &#8216;Haschberg &#8211; Bodza\"}]},{\"@type\":\"WebSite\",\"@id\":\"https:\\\/\\\/tajkertesz.com\\\/#website\",\"url\":\"https:\\\/\\\/tajkertesz.com\\\/\",\"name\":\"T\u00e1j-Kert\u00e9sz 84 Kft.\",\"description\":\"Kert\u00e9szeti kis- \u00e9s nagykeresked\u00e9s, D\u00edszn\u00f6v\u00e9ny web\u00e1ruh\u00e1z orsz\u00e1gos h\u00e1zhozsz\u00e1ll\u00edt\u00e1ssal!\",\"publisher\":{\"@id\":\"https:\\\/\\\/tajkertesz.com\\\/#organization\"},\"potentialAction\":[{\"@type\":\"SearchAction\",\"target\":{\"@type\":\"EntryPoint\",\"urlTemplate\":\"https:\\\/\\\/tajkertesz.com\\\/?s={search_term_string}\"},\"query-input\":{\"@type\":\"PropertyValueSpecification\",\"valueRequired\":true,\"valueName\":\"search_term_string\"}}],\"inLanguage\":\"en-US\"},{\"@type\":\"Organization\",\"@id\":\"https:\\\/\\\/tajkertesz.com\\\/#organization\",\"name\":\"T\u00e1j-Kert\u00e9sz 84 Kft.\",\"url\":\"https:\\\/\\\/tajkertesz.com\\\/\",\"logo\":{\"@type\":\"ImageObject\",\"inLanguage\":\"en-US\",\"@id\":\"https:\\\/\\\/tajkertesz.com\\\/#\\\/schema\\\/logo\\\/image\\\/\",\"url\":\"https:\\\/\\\/tajkertesz.com\\\/wp-content\\\/uploads\\\/2018\\\/02\\\/logo-2-e1518678052539.png\",\"contentUrl\":\"https:\\\/\\\/tajkertesz.com\\\/wp-content\\\/uploads\\\/2018\\\/02\\\/logo-2-e1518678052539.png\",\"width\":81,\"height\":140,\"caption\":\"T\u00e1j-Kert\u00e9sz 84 Kft.\"},\"image\":{\"@id\":\"https:\\\/\\\/tajkertesz.com\\\/#\\\/schema\\\/logo\\\/image\\\/\"},\"sameAs\":[\"https:\\\/\\\/www.facebook.com\\\/Tajkertesz\\\/\"]}]}<\/script>\n<!-- \/ Yoast SEO plugin. -->","yoast_head_json":{"title":"Sambucus nigra 'Haschberg - Bodza - T\u00e1jkert\u00e9sz","description":"Sambucus nigra 'Haschberg - Bodza b\u0151term\u0151 fajta amely ide\u00e1lis sz\u00f6rp, lekv\u00e1r \u00e9s gy\u00fcm\u00f6lcsl\u00e9 k\u00e9sz\u00edt\u00e9s\u00e9hez. Gyors n\u00f6veked\u00e9s\u0171, ellen\u00e1ll\u00f3, gy\u00fcm\u00f6lcsterm\u0151 bokor.","robots":{"index":"index","follow":"follow","max-snippet":"max-snippet:-1","max-image-preview":"max-image-preview:large","max-video-preview":"max-video-preview:-1"},"canonical":"https:\/\/tajkertesz.com\/en_US\/product\/sambucus-nigra-haschberg-bodza\/","og_locale":"en_US","og_type":"article","og_title":"Sambucus nigra 'Haschberg - Bodza - T\u00e1jkert\u00e9sz","og_description":"Sambucus nigra 'Haschberg - Bodza b\u0151term\u0151 fajta amely ide\u00e1lis sz\u00f6rp, lekv\u00e1r \u00e9s gy\u00fcm\u00f6lcsl\u00e9 k\u00e9sz\u00edt\u00e9s\u00e9hez. Gyors n\u00f6veked\u00e9s\u0171, ellen\u00e1ll\u00f3, gy\u00fcm\u00f6lcsterm\u0151 bokor.","og_url":"https:\/\/tajkertesz.com\/en_US\/product\/sambucus-nigra-haschberg-bodza\/","og_site_name":"T\u00e1jkert\u00e9sz","article_publisher":"https:\/\/www.facebook.com\/Tajkertesz\/","article_modified_time":"2026-02-21T14:08:21+00:00","og_image":[{"width":270,"height":270,"url":"https:\/\/tajkertesz.com\/wp-content\/uploads\/2025\/10\/GaiasWorld_B-elder-1609129_1920__88121.1603567003-270x270-1.jpg","type":"image\/jpeg"}],"twitter_card":"summary_large_image","twitter_misc":{"Est. reading time":"3 minutes"},"schema":{"@context":"https:\/\/schema.org","@graph":[{"@type":"WebPage","@id":"https:\/\/tajkertesz.com\/termek\/sambucus-nigra-haschberg-bodza\/","url":"https:\/\/tajkertesz.com\/termek\/sambucus-nigra-haschberg-bodza\/","name":"Sambucus nigra 'Haschberg - Bodza - T\u00e1jkert\u00e9sz","isPartOf":{"@id":"https:\/\/tajkertesz.com\/#website"},"primaryImageOfPage":{"@id":"https:\/\/tajkertesz.com\/termek\/sambucus-nigra-haschberg-bodza\/#primaryimage"},"image":{"@id":"https:\/\/tajkertesz.com\/termek\/sambucus-nigra-haschberg-bodza\/#primaryimage"},"thumbnailUrl":"https:\/\/tajkertesz.com\/wp-content\/uploads\/2025\/10\/GaiasWorld_B-elder-1609129_1920__88121.1603567003-270x270-1.jpg","datePublished":"2025-10-06T10:12:04+00:00","dateModified":"2026-02-21T14:08:21+00:00","description":"Sambucus nigra 'Haschberg - Bodza b\u0151term\u0151 fajta amely ide\u00e1lis sz\u00f6rp, lekv\u00e1r \u00e9s gy\u00fcm\u00f6lcsl\u00e9 k\u00e9sz\u00edt\u00e9s\u00e9hez. Gyors n\u00f6veked\u00e9s\u0171, ellen\u00e1ll\u00f3, gy\u00fcm\u00f6lcsterm\u0151 bokor.","breadcrumb":{"@id":"https:\/\/tajkertesz.com\/termek\/sambucus-nigra-haschberg-bodza\/#breadcrumb"},"inLanguage":"en-US","potentialAction":[{"@type":"ReadAction","target":["https:\/\/tajkertesz.com\/termek\/sambucus-nigra-haschberg-bodza\/"]}]},{"@type":"ImageObject","inLanguage":"en-US","@id":"https:\/\/tajkertesz.com\/termek\/sambucus-nigra-haschberg-bodza\/#primaryimage","url":"https:\/\/tajkertesz.com\/wp-content\/uploads\/2025\/10\/GaiasWorld_B-elder-1609129_1920__88121.1603567003-270x270-1.jpg","contentUrl":"https:\/\/tajkertesz.com\/wp-content\/uploads\/2025\/10\/GaiasWorld_B-elder-1609129_1920__88121.1603567003-270x270-1.jpg","width":270,"height":270,"caption":"Sambucus nigra 'Haschberg - Bodza"},{"@type":"BreadcrumbList","@id":"https:\/\/tajkertesz.com\/termek\/sambucus-nigra-haschberg-bodza\/#breadcrumb","itemListElement":[{"@type":"ListItem","position":1,"name":"Home","item":"https:\/\/tajkertesz.com\/"},{"@type":"ListItem","position":2,"name":"Kezd\u0151lap","item":"https:\/\/tajkertesz.com\/"},{"@type":"ListItem","position":3,"name":"Sambucus nigra &#8216;Haschberg &#8211; Bodza"}]},{"@type":"WebSite","@id":"https:\/\/tajkertesz.com\/#website","url":"https:\/\/tajkertesz.com\/","name":"T\u00e1j-Kert\u00e9sz 84 Kft.","description":"Kert\u00e9szeti kis- \u00e9s nagykeresked\u00e9s, D\u00edszn\u00f6v\u00e9ny web\u00e1ruh\u00e1z orsz\u00e1gos h\u00e1zhozsz\u00e1ll\u00edt\u00e1ssal!","publisher":{"@id":"https:\/\/tajkertesz.com\/#organization"},"potentialAction":[{"@type":"SearchAction","target":{"@type":"EntryPoint","urlTemplate":"https:\/\/tajkertesz.com\/?s={search_term_string}"},"query-input":{"@type":"PropertyValueSpecification","valueRequired":true,"valueName":"search_term_string"}}],"inLanguage":"en-US"},{"@type":"Organization","@id":"https:\/\/tajkertesz.com\/#organization","name":"T\u00e1j-Kert\u00e9sz 84 Kft.","url":"https:\/\/tajkertesz.com\/","logo":{"@type":"ImageObject","inLanguage":"en-US","@id":"https:\/\/tajkertesz.com\/#\/schema\/logo\/image\/","url":"https:\/\/tajkertesz.com\/wp-content\/uploads\/2018\/02\/logo-2-e1518678052539.png","contentUrl":"https:\/\/tajkertesz.com\/wp-content\/uploads\/2018\/02\/logo-2-e1518678052539.png","width":81,"height":140,"caption":"T\u00e1j-Kert\u00e9sz 84 Kft."},"image":{"@id":"https:\/\/tajkertesz.com\/#\/schema\/logo\/image\/"},"sameAs":["https:\/\/www.facebook.com\/Tajkertesz\/"]}]}},"_links":{"self":[{"href":"https:\/\/tajkertesz.com\/en_US\/wp-json\/wp\/v2\/product\/24791","targetHints":{"allow":["GET"]}}],"collection":[{"href":"https:\/\/tajkertesz.com\/en_US\/wp-json\/wp\/v2\/product"}],"about":[{"href":"https:\/\/tajkertesz.com\/en_US\/wp-json\/wp\/v2\/types\/product"}],"wp:featuredmedia":[{"embeddable":true,"href":"https:\/\/tajkertesz.com\/en_US\/wp-json\/wp\/v2\/media\/24792"}],"wp:attachment":[{"href":"https:\/\/tajkertesz.com\/en_US\/wp-json\/wp\/v2\/media?parent=24791"}],"wp:term":[{"taxonomy":"product_brand","embeddable":true,"href":"https:\/\/tajkertesz.com\/en_US\/wp-json\/wp\/v2\/product_brand?post=24791"},{"taxonomy":"product_cat","embeddable":true,"href":"https:\/\/tajkertesz.com\/en_US\/wp-json\/wp\/v2\/product_cat?post=24791"},{"taxonomy":"product_tag","embeddable":true,"href":"https:\/\/tajkertesz.com\/en_US\/wp-json\/wp\/v2\/product_tag?post=24791"}],"curies":[{"name":"wp","href":"https:\/\/api.w.org\/{rel}","templated":true}]}}