{"id":24804,"date":"2025-10-07T10:33:11","date_gmt":"2025-10-07T10:33:11","guid":{"rendered":"https:\/\/tajkertesz.com\/?post_type=product&#038;p=24804"},"modified":"2025-10-07T10:33:13","modified_gmt":"2025-10-07T10:33:13","slug":"acer-rubrum-voros-juhar","status":"publish","type":"product","link":"https:\/\/tajkertesz.com\/en_US\/product\/acer-rubrum-voros-juhar\/","title":{"rendered":"Acer rubrum &#8211; V\u00f6r\u00f6s juhar"},"content":{"rendered":"<h1 data-start=\"630\" data-end=\"860\">Acer rubrum &#8211; V\u00f6r\u00f6s juhar<\/h1>\n<p data-start=\"630\" data-end=\"860\">Az <strong data-start=\"633\" data-end=\"648\">Acer rubrum<\/strong>, vagyis a <strong data-start=\"659\" data-end=\"674\">v\u00f6r\u00f6s juhar<\/strong> \u00c9szak-Amerik\u00e1ban \u0151shonos, k\u00f6zepes\u2013nagy termet\u0171, <strong data-start=\"723\" data-end=\"762\">gyors n\u00f6veked\u00e9s\u0171 lombhullat\u00f3 d\u00edszfa<\/strong>, amely l\u00e1tv\u00e1nyos, \u00e9l\u00e9nk <strong data-start=\"787\" data-end=\"808\">\u0151szi lombsz\u00edn\u00e9vel<\/strong> teszi k\u00fcl\u00f6nlegess\u00e9 a kerteket, utc\u00e1kat \u00e9s parkokat.<\/p>\n<p data-start=\"862\" data-end=\"1028\">Rendk\u00edv\u00fcl <strong data-start=\"872\" data-end=\"897\">alkalmazkod\u00f3k\u00e9pes faj<\/strong>, j\u00f3l b\u00edrja a v\u00e1rosi k\u00f6rnyezetet, \u00e9s t\u00f6bbf\u00e9le talajt\u00edpuson is meg\u00e9l \u2013 k\u00fcl\u00f6n\u00f6sen j\u00f3l fejl\u0151dik <strong data-start=\"990\" data-end=\"1027\">enyh\u00e9n savas, nedvesebb talajokon<\/strong>.<\/p>\n<h4 data-start=\"1030\" data-end=\"1052\">\u2b50 F\u0151bb jellemz\u0151k:<\/h4>\n<ul data-start=\"1053\" data-end=\"1581\">\n<li data-start=\"1053\" data-end=\"1080\">\n<p data-start=\"1055\" data-end=\"1080\"><strong data-start=\"1055\" data-end=\"1068\">Magass\u00e1g:<\/strong> 10\u201320 m\u00e9ter<\/p>\n<\/li>\n<li data-start=\"1081\" data-end=\"1108\">\n<p data-start=\"1083\" data-end=\"1108\"><strong data-start=\"1083\" data-end=\"1097\">Sz\u00e9less\u00e9g:<\/strong> 8\u201315 m\u00e9ter<\/p>\n<\/li>\n<li data-start=\"1109\" data-end=\"1197\">\n<p data-start=\"1111\" data-end=\"1197\"><strong data-start=\"1111\" data-end=\"1132\">N\u00f6veked\u00e9si forma:<\/strong> fiatalon piramis alak\u00fa, k\u00e9s\u0151bb szab\u00e1lytalanabb, sz\u00e9lesebb korona<\/p>\n<\/li>\n<li data-start=\"1198\" data-end=\"1292\">\n<p data-start=\"1200\" data-end=\"1292\"><strong data-start=\"1200\" data-end=\"1209\">Lomb:<\/strong> h\u00e1rom- vagy \u00f6tkar\u00e9j\u00fa levelek, ny\u00e1ron z\u00f6ldek, \u0151sszel \u00e9l\u00e9nkpiros, narancs vagy s\u00e1rga<\/p>\n<\/li>\n<li data-start=\"1293\" data-end=\"1359\">\n<p data-start=\"1295\" data-end=\"1359\"><strong data-start=\"1295\" data-end=\"1308\">Vir\u00e1gz\u00e1s:<\/strong> kora tavasszal, lombfakad\u00e1s el\u0151tt; v\u00f6r\u00f6ses vir\u00e1gok<\/p>\n<\/li>\n<li data-start=\"1360\" data-end=\"1405\">\n<p data-start=\"1362\" data-end=\"1405\"><strong data-start=\"1362\" data-end=\"1373\">Term\u00e9s:<\/strong> sz\u00e1rnyas ikerlepend\u00e9k (samaras)<\/p>\n<\/li>\n<li data-start=\"1406\" data-end=\"1452\">\n<p data-start=\"1408\" data-end=\"1452\"><strong data-start=\"1408\" data-end=\"1422\">F\u00e9nyig\u00e9ny:<\/strong> napos vagy f\u00e9l\u00e1rny\u00e9kos fekv\u00e9s<\/p>\n<\/li>\n<li data-start=\"1453\" data-end=\"1529\">\n<p data-start=\"1455\" data-end=\"1529\"><strong data-start=\"1455\" data-end=\"1470\">Talajig\u00e9ny:<\/strong> enyh\u00e9n savas, j\u00f3 v\u00edzelvezet\u00e9s\u0171, de nedvesebb talajt kedvel<\/p>\n<\/li>\n<li data-start=\"1530\" data-end=\"1581\">\n<p data-start=\"1532\" data-end=\"1581\"><strong data-start=\"1532\" data-end=\"1547\">T\u00e9l\u00e1ll\u00f3s\u00e1g:<\/strong> kiv\u00e1l\u00f3 (Z\u00f3na 3\u20139, ak\u00e1r \u201335 \u00b0C-ig)<\/p>\n<\/li>\n<\/ul>\n<h4 data-start=\"1583\" data-end=\"1599\">\ud83c\udf3f El\u0151ny\u00f6k:<\/h4>\n<ul data-start=\"1600\" data-end=\"1774\">\n<li data-start=\"1600\" data-end=\"1653\">\n<p data-start=\"1602\" data-end=\"1653\">L\u00e1tv\u00e1nyos \u0151szi lombsz\u00edn \u2013 piros, narancs vagy s\u00e1rga<\/p>\n<\/li>\n<li data-start=\"1654\" data-end=\"1688\">\n<p data-start=\"1656\" data-end=\"1688\">Gyors n\u00f6veked\u00e9s\u0171, mutat\u00f3s d\u00edszfa<\/p>\n<\/li>\n<li data-start=\"1689\" data-end=\"1715\">\n<p data-start=\"1691\" data-end=\"1715\">V\u00e1rost\u0171r\u0151, ellen\u00e1ll\u00f3 faj<\/p>\n<\/li>\n<li data-start=\"1716\" data-end=\"1774\">\n<p data-start=\"1718\" data-end=\"1774\">Alkalmas parkf\u00e1nak, utcai sorf\u00e1nak, vagy szoliterk\u00e9nt is<\/p>\n<\/li>\n<\/ul>\n<h4 data-start=\"1776\" data-end=\"1805\">\ud83c\udfe1 Alkalmaz\u00e1si javaslat:<\/h4>\n<ul data-start=\"1806\" data-end=\"1966\">\n<li data-start=\"1806\" data-end=\"1843\">\n<p data-start=\"1808\" data-end=\"1843\">El\u0151kertek, utcafrontok be\u00fcltet\u00e9s\u00e9re<\/p>\n<\/li>\n<li data-start=\"1844\" data-end=\"1885\">\n<p data-start=\"1846\" data-end=\"1885\">Parkok, ligetek, s\u00e9t\u00e1nyok \u00e1rny\u00e9kol\u00e1s\u00e1ra<\/p>\n<\/li>\n<li data-start=\"1886\" data-end=\"1922\">\n<p data-start=\"1888\" data-end=\"1922\">Szoliterk\u00e9nt nagyobb gyepfel\u00fcleten<\/p>\n<\/li>\n<li data-start=\"1923\" data-end=\"1966\">\n<p data-start=\"1925\" data-end=\"1966\">\u0150szi sz\u00ednfoltk\u00e9nt m\u00e1s z\u00f6ld n\u00f6v\u00e9nyek mell\u00e9<\/p>\n<\/li>\n<\/ul>\n<h4><strong>\ud83d\udd04 K\u00e9szletinform\u00e1ci\u00f3<\/strong><\/h4>\n<p><strong>K\u00e9szlet\u00fcnk napi szinten v\u00e1ltozik, \u00edgy a webshopban szerepl<\/strong><strong>\u0151<\/strong><strong>\u00a0term\u00e9kek el\u00e9rhet<\/strong><strong>\u0151<\/strong><strong>s\u00e9ge nem garant\u00e1lt.<br \/>\n\ud83d\udcde A megrendel\u00e9s el<\/strong><strong>\u0151<\/strong><strong>tt k\u00e9rj\u00fck, \u00e9rdekl<\/strong><strong>\u0151<\/strong><strong>dj\u00f6n szem\u00e9lyesen, telefonon vagy e-mailben!<\/strong><\/p>\n<h4><strong>\u27a1\ufe0f Kapcsolat:<\/strong><\/h4>\n<ul>\n<li><strong>Weboldal:\u00a0<\/strong><a href=\"https:\/\/tajkertesz.com\/\"><strong>tajkertesz.com<\/strong><\/a><\/li>\n<li><strong>Facebook:\u00a0<\/strong><a href=\"https:\/\/www.facebook.com\/tajkertesz\/\"><strong>facebook.com\/tajkertesz<\/strong><\/a><\/li>\n<li><strong>Telefonsz\u00e1m, e-mail: +36\/20-319-3770\u00a0<\/strong><a href=\"mailto:tajkerteszaruda@gmail.com\"><strong>tajkerteszaruda@gmail.com<\/strong><\/a><\/li>\n<\/ul>\n<h4><strong>\ud83d\ude9a Sz\u00e1ll\u00edt\u00e1si inform\u00e1ci\u00f3k<\/strong><\/h4>\n<p><strong>A megrendelt n\u00f6v\u00e9nyek kisz\u00e1ll\u00edt\u00e1sa az al\u00e1bbi felt\u00e9telek mellett t\u00f6rt\u00e9nik:<\/strong><\/p>\n<h4><strong>\ud83d\udce6 Fut\u00e1rszolg\u00e1latos sz\u00e1ll\u00edt\u00e1s<\/strong><\/h4>\n<ul>\n<li><strong>Maxim\u00e1lis m\u00e9ret: 200 cm (hossz\u00fas\u00e1g)<\/strong><\/li>\n<li><strong>Maxim\u00e1lis s\u00faly: 40 kg<\/strong><\/li>\n<li><strong>Az enn\u00e9l kisebb \u00e9s k\u00f6nnyebb csomagokat fut\u00e1rszolg\u00e1lattal k\u00e9zbes\u00edtj\u00fck a lehet<\/strong><strong>\u0151<\/strong><strong>\u00a0legbiztons\u00e1gosabb csomagol\u00e1sban.<\/strong><\/li>\n<\/ul>\n<h4><strong>\ud83d\udefb Szem\u00e9lyes \u00e1tv\u00e9tel<\/strong><\/h4>\n<ul>\n<li><strong>1173 Budapest, Bakancsos utca 7. sz\u00e1m alatt nyitvatart\u00e1si id<\/strong><strong>\u0151<\/strong><strong>ben szem\u00e9lyesen \u00e1tvehet<\/strong><strong>\u0151<\/strong><strong>\u00a0kert\u00e9szeti \u00e1rud\u00e1nkban.<\/strong><\/li>\n<li><strong>K\u00f6lts\u00e9ghat\u00e9kony megold\u00e1s nagyobb, t\u00f6r\u00e9kenyebb vagy t\u00falm\u00e9retes n\u00f6v\u00e9nyek eset\u00e9n.<\/strong><\/li>\n<\/ul>\n<h4><strong>\ud83d\udcde Nagy m\u00e9ret<\/strong><strong>\u0171<\/strong><strong>\u00a0vagy s\u00faly\u00fa n\u00f6v\u00e9nyek eset\u00e9n<\/strong><\/h4>\n<p><strong>Ha a term\u00e9k:<\/strong><\/p>\n<ul>\n<li><strong>meghaladja a 200 cm hossz\u00fas\u00e1got vagy<\/strong><\/li>\n<li><strong>meghaladja a 40 kg s\u00falyt,<\/strong><\/li>\n<\/ul>\n<p><strong>akkor szem\u00e9lyes \u00e1tv\u00e9tellel vagy egyedi, el<\/strong><strong>\u0151<\/strong><strong>re egyeztetett sz\u00e1ll\u00edt\u00e1si felt\u00e9telek mellett t\u00f6rt\u00e9nik.<br \/>\nK\u00e9rj\u00fck, ilyen esetben rendel\u00e9s el<\/strong><strong>\u0151<\/strong><strong>tt vegye fel vel\u00fcnk a kapcsolatot, hogy a lehet<\/strong><strong>\u0151<\/strong><strong>\u00a0legmegfelel<\/strong><strong>\u0151<\/strong><strong>bb sz\u00e1ll\u00edt\u00e1si megold\u00e1st k\u00edn\u00e1lhassuk.<\/strong><\/p>\n<p><strong>\ud83d\udd14 Fontos: A n\u00f6v\u00e9nyeket minden esetben igyeksz\u00fcnk gondosan, egyes\u00e9vel csomagolni, azonban a sz\u00e1ll\u00edt\u00e1s sor\u00e1n kisebb eszt\u00e9tikai s\u00e9r\u00fcl\u00e9sek el<\/strong><strong>\u0151<\/strong><strong>fordulhatnak (pl. lev\u00e9lhull\u00e1s). Ez nem min<\/strong><strong>\u0151<\/strong><strong>s\u00fcl hib\u00e1s teljes\u00edt\u00e9snek.<\/strong><\/p>\n<h4><strong>\ud83d\udcf7 Fontos tudni a k\u00e9pekr<\/strong><strong>\u0151<\/strong><strong>l<\/strong><\/h4>\n<p><strong>A webshopban szerepl<\/strong><strong>\u0151<\/strong><strong>\u00a0k\u00e9pek illusztr\u00e1ci\u00f3k, a n\u00f6v\u00e9nyek term\u00e9szet\u00fckn\u00e9l fogva egyediek, \u00edgy m\u00e9retben, alakban \u00e9s sz\u00ednben minim\u00e1lis elt\u00e9r\u00e9sek el<\/strong><strong>\u0151<\/strong><strong>fordulhatnak a k\u00e9pen l\u00e1that\u00f3 \u00e9s a val\u00f3s p\u00e9ld\u00e1nyok k\u00f6z\u00f6tt.<\/strong><\/p>\n<h4><strong>\ud83e\uddfe \u00c1rak \u00e9s el\u00e1ll\u00e1si jog<\/strong><\/h4>\n<ul>\n<li><strong>Az \u00e1rak egy darab\u00a0n\u00f6v\u00e9nyre vonatkoznak.<\/strong><\/li>\n<li><strong>\u00c9l<\/strong><strong>\u0151<\/strong><strong>\u00a0n\u00f6v\u00e9nyek rendel\u00e9se eset\u00e9n a 14 napos el\u00e1ll\u00e1s joga nem \u00e9rv\u00e9nyes\u00edthet<\/strong><strong>\u0151<\/strong><strong>, mivel azok romland\u00f3, biol\u00f3giailag \u00e9l<\/strong><strong>\u0151<\/strong><strong>\u00a0term\u00e9keknek min<\/strong><strong>\u0151<\/strong><strong>s\u00fclnek.<br \/>\n\ud83d\udd12 (17\/1999. (II. 5.) Korm. rendelet 5. \u00a7 c) pontja alapj\u00e1n)<\/strong><\/li>\n<\/ul>\n<h4><strong>\ud83d\udce6 K\u00e9zbes\u00edt\u00e9s ut\u00e1ni teend<\/strong><strong>\u0151<\/strong><strong>k<\/strong><\/h4>\n<p><strong>A k\u00e9zbes\u00edt\u00e9st k\u00f6vet<\/strong><strong>\u0151<\/strong><strong>en a csomagot azonnal bontsuk ki, \u00e9s a n\u00f6v\u00e9nyt helyezz\u00fck el megfelel<\/strong><strong>\u0151<\/strong><strong>\u00a0k\u00f6rnyezetben.<br \/>\nFontos: ha a n\u00f6v\u00e9ny nem r\u00e9szes\u00fcl megfelel<\/strong><strong>\u0151<\/strong><strong>\u00a0gondoz\u00e1sban \u00e9s ennek k\u00f6vetkezt\u00e9ben k\u00e1rosodik vagy elpusztul, felel<\/strong><strong>\u0151<\/strong><strong>ss\u00e9get nem tudunk v\u00e1llalni.<\/strong><\/p>","protected":false},"excerpt":{"rendered":"<p>Gyors n\u00f6veked\u00e9s\u0171, mutat\u00f3s lombhullat\u00f3 d\u00edszfa. \u0150sszel \u00e9l\u00e9nkpirosra vagy narancsra sz\u00ednez\u0151d\u0151 leveleivel k\u00fcl\u00f6nleges hangulatot teremt a kertben.<\/p>\n<p>M\u00e9ret: 150\/170 cm magas, 3 literes kont\u00e9nerben.<\/p>","protected":false},"featured_media":24808,"template":"","meta":{"_et_pb_use_builder":"","_et_pb_old_content":"","_et_gb_content_width":""},"product_brand":[],"product_cat":[28],"product_tag":[7122,33,6202,7124,5837,6586,4194,34,7123,194],"class_list":{"0":"post-24804","1":"product","2":"type-product","3":"status-publish","4":"has-post-thumbnail","6":"product_cat-diszfak","7":"product_tag-acer-rubrum","8":"product_tag-diszfa","9":"product_tag-gyors-novekedesu-fa","10":"product_tag-juharfa","11":"product_tag-lombhullato-fa","12":"product_tag-oszi-lombszin","13":"product_tag-parkfa","14":"product_tag-sorfa","15":"product_tag-varosi-diszfa","16":"product_tag-voros-juhar","18":"first","19":"instock","20":"shipping-taxable","21":"purchasable","22":"product-type-simple"},"yoast_head":"<!-- This site is optimized with the Yoast SEO plugin v27.3 - https:\/\/yoast.com\/product\/yoast-seo-wordpress\/ -->\n<title>Acer rubrum - V\u00f6r\u00f6s juhar - T\u00e1jkert\u00e9sz<\/title>\n<meta name=\"description\" content=\"Acer rubrum - V\u00f6r\u00f6s juhar gyors n\u00f6veked\u00e9s\u0171, \u0151szi lombsz\u00edn\u0171 d\u00edszfa. Ide\u00e1lis utcafrontokra, parkokba vagy szoliterk\u00e9nt a kertbe. V\u00e1rost\u0171r\u0151 \u00e9s dekorat\u00edv.\" \/>\n<meta name=\"robots\" content=\"index, follow, max-snippet:-1, max-image-preview:large, max-video-preview:-1\" \/>\n<link rel=\"canonical\" href=\"https:\/\/tajkertesz.com\/en_US\/product\/acer-rubrum-voros-juhar\/\" \/>\n<meta property=\"og:locale\" content=\"en_US\" \/>\n<meta property=\"og:type\" content=\"article\" \/>\n<meta property=\"og:title\" content=\"Acer rubrum - V\u00f6r\u00f6s juhar - T\u00e1jkert\u00e9sz\" \/>\n<meta property=\"og:description\" content=\"Acer rubrum - V\u00f6r\u00f6s juhar gyors n\u00f6veked\u00e9s\u0171, \u0151szi lombsz\u00edn\u0171 d\u00edszfa. Ide\u00e1lis utcafrontokra, parkokba vagy szoliterk\u00e9nt a kertbe. V\u00e1rost\u0171r\u0151 \u00e9s dekorat\u00edv.\" \/>\n<meta property=\"og:url\" content=\"https:\/\/tajkertesz.com\/en_US\/product\/acer-rubrum-voros-juhar\/\" \/>\n<meta property=\"og:site_name\" content=\"T\u00e1jkert\u00e9sz\" \/>\n<meta property=\"article:publisher\" content=\"https:\/\/www.facebook.com\/Tajkertesz\/\" \/>\n<meta property=\"article:modified_time\" content=\"2025-10-07T10:33:13+00:00\" \/>\n<meta property=\"og:image\" content=\"https:\/\/tajkertesz.com\/wp-content\/uploads\/2025\/10\/acer-rubrum-red-maple-tree-field-standard-super-semi-mature-field-grown-autumn-colour-1-scaled-1.jpg\" \/>\n\t<meta property=\"og:image:width\" content=\"1549\" \/>\n\t<meta property=\"og:image:height\" content=\"2425\" \/>\n\t<meta property=\"og:image:type\" content=\"image\/jpeg\" \/>\n<meta name=\"twitter:card\" content=\"summary_large_image\" \/>\n<meta name=\"twitter:label1\" content=\"Est. reading time\" \/>\n\t<meta name=\"twitter:data1\" content=\"3 minutes\" \/>\n<script type=\"application\/ld+json\" class=\"yoast-schema-graph\">{\"@context\":\"https:\\\/\\\/schema.org\",\"@graph\":[{\"@type\":\"WebPage\",\"@id\":\"https:\\\/\\\/tajkertesz.com\\\/termek\\\/acer-rubrum-voros-juhar\\\/\",\"url\":\"https:\\\/\\\/tajkertesz.com\\\/termek\\\/acer-rubrum-voros-juhar\\\/\",\"name\":\"Acer rubrum - V\u00f6r\u00f6s juhar - T\u00e1jkert\u00e9sz\",\"isPartOf\":{\"@id\":\"https:\\\/\\\/tajkertesz.com\\\/#website\"},\"primaryImageOfPage\":{\"@id\":\"https:\\\/\\\/tajkertesz.com\\\/termek\\\/acer-rubrum-voros-juhar\\\/#primaryimage\"},\"image\":{\"@id\":\"https:\\\/\\\/tajkertesz.com\\\/termek\\\/acer-rubrum-voros-juhar\\\/#primaryimage\"},\"thumbnailUrl\":\"https:\\\/\\\/tajkertesz.com\\\/wp-content\\\/uploads\\\/2025\\\/10\\\/acer-rubrum-red-maple-tree-field-standard-super-semi-mature-field-grown-autumn-colour-1-scaled-1.jpg\",\"datePublished\":\"2025-10-07T10:33:11+00:00\",\"dateModified\":\"2025-10-07T10:33:13+00:00\",\"description\":\"Acer rubrum - V\u00f6r\u00f6s juhar gyors n\u00f6veked\u00e9s\u0171, \u0151szi lombsz\u00edn\u0171 d\u00edszfa. Ide\u00e1lis utcafrontokra, parkokba vagy szoliterk\u00e9nt a kertbe. V\u00e1rost\u0171r\u0151 \u00e9s dekorat\u00edv.\",\"breadcrumb\":{\"@id\":\"https:\\\/\\\/tajkertesz.com\\\/termek\\\/acer-rubrum-voros-juhar\\\/#breadcrumb\"},\"inLanguage\":\"en-US\",\"potentialAction\":[{\"@type\":\"ReadAction\",\"target\":[\"https:\\\/\\\/tajkertesz.com\\\/termek\\\/acer-rubrum-voros-juhar\\\/\"]}]},{\"@type\":\"ImageObject\",\"inLanguage\":\"en-US\",\"@id\":\"https:\\\/\\\/tajkertesz.com\\\/termek\\\/acer-rubrum-voros-juhar\\\/#primaryimage\",\"url\":\"https:\\\/\\\/tajkertesz.com\\\/wp-content\\\/uploads\\\/2025\\\/10\\\/acer-rubrum-red-maple-tree-field-standard-super-semi-mature-field-grown-autumn-colour-1-scaled-1.jpg\",\"contentUrl\":\"https:\\\/\\\/tajkertesz.com\\\/wp-content\\\/uploads\\\/2025\\\/10\\\/acer-rubrum-red-maple-tree-field-standard-super-semi-mature-field-grown-autumn-colour-1-scaled-1.jpg\",\"width\":1549,\"height\":2425,\"caption\":\"Acer rubrum - V\u00f6r\u00f6s juhar\"},{\"@type\":\"BreadcrumbList\",\"@id\":\"https:\\\/\\\/tajkertesz.com\\\/termek\\\/acer-rubrum-voros-juhar\\\/#breadcrumb\",\"itemListElement\":[{\"@type\":\"ListItem\",\"position\":1,\"name\":\"Home\",\"item\":\"https:\\\/\\\/tajkertesz.com\\\/\"},{\"@type\":\"ListItem\",\"position\":2,\"name\":\"Kezd\u0151lap\",\"item\":\"https:\\\/\\\/tajkertesz.com\\\/\"},{\"@type\":\"ListItem\",\"position\":3,\"name\":\"Acer rubrum &#8211; V\u00f6r\u00f6s juhar\"}]},{\"@type\":\"WebSite\",\"@id\":\"https:\\\/\\\/tajkertesz.com\\\/#website\",\"url\":\"https:\\\/\\\/tajkertesz.com\\\/\",\"name\":\"T\u00e1j-Kert\u00e9sz 84 Kft.\",\"description\":\"Kert\u00e9szeti kis- \u00e9s nagykeresked\u00e9s, D\u00edszn\u00f6v\u00e9ny web\u00e1ruh\u00e1z orsz\u00e1gos h\u00e1zhozsz\u00e1ll\u00edt\u00e1ssal!\",\"publisher\":{\"@id\":\"https:\\\/\\\/tajkertesz.com\\\/#organization\"},\"potentialAction\":[{\"@type\":\"SearchAction\",\"target\":{\"@type\":\"EntryPoint\",\"urlTemplate\":\"https:\\\/\\\/tajkertesz.com\\\/?s={search_term_string}\"},\"query-input\":{\"@type\":\"PropertyValueSpecification\",\"valueRequired\":true,\"valueName\":\"search_term_string\"}}],\"inLanguage\":\"en-US\"},{\"@type\":\"Organization\",\"@id\":\"https:\\\/\\\/tajkertesz.com\\\/#organization\",\"name\":\"T\u00e1j-Kert\u00e9sz 84 Kft.\",\"url\":\"https:\\\/\\\/tajkertesz.com\\\/\",\"logo\":{\"@type\":\"ImageObject\",\"inLanguage\":\"en-US\",\"@id\":\"https:\\\/\\\/tajkertesz.com\\\/#\\\/schema\\\/logo\\\/image\\\/\",\"url\":\"https:\\\/\\\/tajkertesz.com\\\/wp-content\\\/uploads\\\/2018\\\/02\\\/logo-2-e1518678052539.png\",\"contentUrl\":\"https:\\\/\\\/tajkertesz.com\\\/wp-content\\\/uploads\\\/2018\\\/02\\\/logo-2-e1518678052539.png\",\"width\":81,\"height\":140,\"caption\":\"T\u00e1j-Kert\u00e9sz 84 Kft.\"},\"image\":{\"@id\":\"https:\\\/\\\/tajkertesz.com\\\/#\\\/schema\\\/logo\\\/image\\\/\"},\"sameAs\":[\"https:\\\/\\\/www.facebook.com\\\/Tajkertesz\\\/\"]}]}<\/script>\n<!-- \/ Yoast SEO plugin. -->","yoast_head_json":{"title":"Acer rubrum - V\u00f6r\u00f6s juhar - T\u00e1jkert\u00e9sz","description":"Acer rubrum - V\u00f6r\u00f6s juhar gyors n\u00f6veked\u00e9s\u0171, \u0151szi lombsz\u00edn\u0171 d\u00edszfa. Ide\u00e1lis utcafrontokra, parkokba vagy szoliterk\u00e9nt a kertbe. V\u00e1rost\u0171r\u0151 \u00e9s dekorat\u00edv.","robots":{"index":"index","follow":"follow","max-snippet":"max-snippet:-1","max-image-preview":"max-image-preview:large","max-video-preview":"max-video-preview:-1"},"canonical":"https:\/\/tajkertesz.com\/en_US\/product\/acer-rubrum-voros-juhar\/","og_locale":"en_US","og_type":"article","og_title":"Acer rubrum - V\u00f6r\u00f6s juhar - T\u00e1jkert\u00e9sz","og_description":"Acer rubrum - V\u00f6r\u00f6s juhar gyors n\u00f6veked\u00e9s\u0171, \u0151szi lombsz\u00edn\u0171 d\u00edszfa. Ide\u00e1lis utcafrontokra, parkokba vagy szoliterk\u00e9nt a kertbe. V\u00e1rost\u0171r\u0151 \u00e9s dekorat\u00edv.","og_url":"https:\/\/tajkertesz.com\/en_US\/product\/acer-rubrum-voros-juhar\/","og_site_name":"T\u00e1jkert\u00e9sz","article_publisher":"https:\/\/www.facebook.com\/Tajkertesz\/","article_modified_time":"2025-10-07T10:33:13+00:00","og_image":[{"width":1549,"height":2425,"url":"https:\/\/tajkertesz.com\/wp-content\/uploads\/2025\/10\/acer-rubrum-red-maple-tree-field-standard-super-semi-mature-field-grown-autumn-colour-1-scaled-1.jpg","type":"image\/jpeg"}],"twitter_card":"summary_large_image","twitter_misc":{"Est. reading time":"3 minutes"},"schema":{"@context":"https:\/\/schema.org","@graph":[{"@type":"WebPage","@id":"https:\/\/tajkertesz.com\/termek\/acer-rubrum-voros-juhar\/","url":"https:\/\/tajkertesz.com\/termek\/acer-rubrum-voros-juhar\/","name":"Acer rubrum - V\u00f6r\u00f6s juhar - T\u00e1jkert\u00e9sz","isPartOf":{"@id":"https:\/\/tajkertesz.com\/#website"},"primaryImageOfPage":{"@id":"https:\/\/tajkertesz.com\/termek\/acer-rubrum-voros-juhar\/#primaryimage"},"image":{"@id":"https:\/\/tajkertesz.com\/termek\/acer-rubrum-voros-juhar\/#primaryimage"},"thumbnailUrl":"https:\/\/tajkertesz.com\/wp-content\/uploads\/2025\/10\/acer-rubrum-red-maple-tree-field-standard-super-semi-mature-field-grown-autumn-colour-1-scaled-1.jpg","datePublished":"2025-10-07T10:33:11+00:00","dateModified":"2025-10-07T10:33:13+00:00","description":"Acer rubrum - V\u00f6r\u00f6s juhar gyors n\u00f6veked\u00e9s\u0171, \u0151szi lombsz\u00edn\u0171 d\u00edszfa. Ide\u00e1lis utcafrontokra, parkokba vagy szoliterk\u00e9nt a kertbe. V\u00e1rost\u0171r\u0151 \u00e9s dekorat\u00edv.","breadcrumb":{"@id":"https:\/\/tajkertesz.com\/termek\/acer-rubrum-voros-juhar\/#breadcrumb"},"inLanguage":"en-US","potentialAction":[{"@type":"ReadAction","target":["https:\/\/tajkertesz.com\/termek\/acer-rubrum-voros-juhar\/"]}]},{"@type":"ImageObject","inLanguage":"en-US","@id":"https:\/\/tajkertesz.com\/termek\/acer-rubrum-voros-juhar\/#primaryimage","url":"https:\/\/tajkertesz.com\/wp-content\/uploads\/2025\/10\/acer-rubrum-red-maple-tree-field-standard-super-semi-mature-field-grown-autumn-colour-1-scaled-1.jpg","contentUrl":"https:\/\/tajkertesz.com\/wp-content\/uploads\/2025\/10\/acer-rubrum-red-maple-tree-field-standard-super-semi-mature-field-grown-autumn-colour-1-scaled-1.jpg","width":1549,"height":2425,"caption":"Acer rubrum - V\u00f6r\u00f6s juhar"},{"@type":"BreadcrumbList","@id":"https:\/\/tajkertesz.com\/termek\/acer-rubrum-voros-juhar\/#breadcrumb","itemListElement":[{"@type":"ListItem","position":1,"name":"Home","item":"https:\/\/tajkertesz.com\/"},{"@type":"ListItem","position":2,"name":"Kezd\u0151lap","item":"https:\/\/tajkertesz.com\/"},{"@type":"ListItem","position":3,"name":"Acer rubrum &#8211; V\u00f6r\u00f6s juhar"}]},{"@type":"WebSite","@id":"https:\/\/tajkertesz.com\/#website","url":"https:\/\/tajkertesz.com\/","name":"T\u00e1j-Kert\u00e9sz 84 Kft.","description":"Kert\u00e9szeti kis- \u00e9s nagykeresked\u00e9s, D\u00edszn\u00f6v\u00e9ny web\u00e1ruh\u00e1z orsz\u00e1gos h\u00e1zhozsz\u00e1ll\u00edt\u00e1ssal!","publisher":{"@id":"https:\/\/tajkertesz.com\/#organization"},"potentialAction":[{"@type":"SearchAction","target":{"@type":"EntryPoint","urlTemplate":"https:\/\/tajkertesz.com\/?s={search_term_string}"},"query-input":{"@type":"PropertyValueSpecification","valueRequired":true,"valueName":"search_term_string"}}],"inLanguage":"en-US"},{"@type":"Organization","@id":"https:\/\/tajkertesz.com\/#organization","name":"T\u00e1j-Kert\u00e9sz 84 Kft.","url":"https:\/\/tajkertesz.com\/","logo":{"@type":"ImageObject","inLanguage":"en-US","@id":"https:\/\/tajkertesz.com\/#\/schema\/logo\/image\/","url":"https:\/\/tajkertesz.com\/wp-content\/uploads\/2018\/02\/logo-2-e1518678052539.png","contentUrl":"https:\/\/tajkertesz.com\/wp-content\/uploads\/2018\/02\/logo-2-e1518678052539.png","width":81,"height":140,"caption":"T\u00e1j-Kert\u00e9sz 84 Kft."},"image":{"@id":"https:\/\/tajkertesz.com\/#\/schema\/logo\/image\/"},"sameAs":["https:\/\/www.facebook.com\/Tajkertesz\/"]}]}},"_links":{"self":[{"href":"https:\/\/tajkertesz.com\/en_US\/wp-json\/wp\/v2\/product\/24804","targetHints":{"allow":["GET"]}}],"collection":[{"href":"https:\/\/tajkertesz.com\/en_US\/wp-json\/wp\/v2\/product"}],"about":[{"href":"https:\/\/tajkertesz.com\/en_US\/wp-json\/wp\/v2\/types\/product"}],"wp:featuredmedia":[{"embeddable":true,"href":"https:\/\/tajkertesz.com\/en_US\/wp-json\/wp\/v2\/media\/24808"}],"wp:attachment":[{"href":"https:\/\/tajkertesz.com\/en_US\/wp-json\/wp\/v2\/media?parent=24804"}],"wp:term":[{"taxonomy":"product_brand","embeddable":true,"href":"https:\/\/tajkertesz.com\/en_US\/wp-json\/wp\/v2\/product_brand?post=24804"},{"taxonomy":"product_cat","embeddable":true,"href":"https:\/\/tajkertesz.com\/en_US\/wp-json\/wp\/v2\/product_cat?post=24804"},{"taxonomy":"product_tag","embeddable":true,"href":"https:\/\/tajkertesz.com\/en_US\/wp-json\/wp\/v2\/product_tag?post=24804"}],"curies":[{"name":"wp","href":"https:\/\/api.w.org\/{rel}","templated":true}]}}