{"id":24821,"date":"2025-10-07T14:00:09","date_gmt":"2025-10-07T14:00:09","guid":{"rendered":"https:\/\/tajkertesz.com\/?post_type=product&#038;p=24821"},"modified":"2026-02-24T11:04:59","modified_gmt":"2026-02-24T11:04:59","slug":"cupressocyparis-leylandii-gold-rider-aranysarga-leylandi-ciprus","status":"publish","type":"product","link":"https:\/\/tajkertesz.com\/en_US\/product\/cupressocyparis-leylandii-gold-rider-aranysarga-leylandi-ciprus\/","title":{"rendered":"Cupressocyparis leylandii  \u2018Gold Rider&#8217; &#8211; Aranys\u00e1rga leylandi ciprus"},"content":{"rendered":"<h1>Cupressocyparis leylandii \u2018Gold Rider&#8217; &#8211; Aranys\u00e1rga leylandi ciprus<\/h1>\n<p data-start=\"840\" data-end=\"1125\">A Cupressocyparis leylandii \u2018Gold Rider&#8217; &#8211; Aranys\u00e1rga leylandi ciprus egy k\u00fcl\u00f6nlegesen dekorat\u00edv, gyors n\u00f6veked\u00e9s\u0171, oszlopos \u00f6r\u00f6kz\u00f6ld, amely \u00e9l\u00e9nk <strong data-start=\"952\" data-end=\"978\">aranys\u00e1rga hajt\u00e1saival<\/strong> eg\u00e9sz \u00e9vben d\u00edsz\u00edti a kertet. Kiv\u00e1l\u00f3an alkalmas <strong data-start=\"1027\" data-end=\"1077\">s\u0171r\u0171, takar\u00f3 s\u00f6v\u00e9nynek, zaj- \u00e9s porv\u00e9d\u0151 s\u00e1vnak<\/strong>, de ak\u00e1r <strong data-start=\"1087\" data-end=\"1124\">szoliterk\u00e9nt is meg\u00e1llja a hely\u00e9t<\/strong>.<\/p>\n<p data-start=\"1127\" data-end=\"1354\">Lombja puha tapint\u00e1s\u00fa, aranys\u00e1rga \u00e1rnyalat\u00fa, amely t\u00e9len is meg\u0151rzi sz\u00edn\u00e9t, b\u00e1r enyh\u00e9n z\u00f6ldesebb\u00e9 v\u00e1lhat. Rendszeres metsz\u00e9ssel j\u00f3l form\u00e1zhat\u00f3, gyorsan z\u00e1r\u00f3d\u00f3, <strong data-start=\"1287\" data-end=\"1336\">2\u20133 \u00e9v alatt teljes takar\u00e1st biztos\u00edt\u00f3 s\u00f6v\u00e9ny<\/strong> nevelhet\u0151 bel\u0151le.<\/p>\n<h4 data-start=\"1356\" data-end=\"1378\">\u2b50 F\u0151bb jellemz\u0151k:<\/h4>\n<ul data-start=\"1379\" data-end=\"1708\">\n<li data-start=\"1379\" data-end=\"1433\">\n<p data-start=\"1381\" data-end=\"1433\"><strong data-start=\"1381\" data-end=\"1400\">V\u00e9gs\u0151 magass\u00e1g:<\/strong> 5\u20138 m (metsz\u00e9ssel szab\u00e1lyozhat\u00f3)<\/p>\n<\/li>\n<li data-start=\"1434\" data-end=\"1479\">\n<p data-start=\"1436\" data-end=\"1479\"><strong data-start=\"1436\" data-end=\"1450\">Sz\u00e9less\u00e9g:<\/strong> 1,5\u20133 m (metsz\u00e9st\u0151l f\u00fcgg\u0151en)<\/p>\n<\/li>\n<li data-start=\"1480\" data-end=\"1523\">\n<p data-start=\"1482\" data-end=\"1523\"><strong data-start=\"1482\" data-end=\"1502\">N\u00f6veked\u00e9si \u00fctem:<\/strong> gyors (\u00e9vi 50\u201380 cm)<\/p>\n<\/li>\n<li data-start=\"1524\" data-end=\"1578\">\n<p data-start=\"1526\" data-end=\"1578\"><strong data-start=\"1526\" data-end=\"1535\">Lomb:<\/strong> s\u00e1rg\u00e1sz\u00f6ld\u2013aranys\u00e1rga, pikkelylevel\u0171, puha<\/p>\n<\/li>\n<li data-start=\"1579\" data-end=\"1616\">\n<p data-start=\"1581\" data-end=\"1616\"><strong data-start=\"1581\" data-end=\"1595\">F\u00e9nyig\u00e9ny:<\/strong> napos fekv\u00e9st kedvel<\/p>\n<\/li>\n<li data-start=\"1617\" data-end=\"1676\">\n<p data-start=\"1619\" data-end=\"1676\"><strong data-start=\"1619\" data-end=\"1634\">Talajig\u00e9ny:<\/strong> j\u00f3 v\u00edz\u00e1tereszt\u0151, k\u00f6z\u00e9pk\u00f6t\u00f6tt, t\u00e1panyagd\u00fas<\/p>\n<\/li>\n<li data-start=\"1677\" data-end=\"1708\">\n<p data-start=\"1679\" data-end=\"1708\"><strong data-start=\"1679\" data-end=\"1694\">T\u00e9l\u00e1ll\u00f3s\u00e1g:<\/strong> j\u00f3 (z\u00f3na 6\u20137)<\/p>\n<\/li>\n<\/ul>\n<h4 data-start=\"1710\" data-end=\"1726\">\ud83c\udf3f El\u0151ny\u00f6k:<\/h4>\n<ul data-start=\"1727\" data-end=\"1897\">\n<li data-start=\"1727\" data-end=\"1763\">\n<p data-start=\"1729\" data-end=\"1763\">Eg\u00e9sz \u00e9vben sz\u00ednes, \u00e9l\u00e9nk lombozat<\/p>\n<\/li>\n<li data-start=\"1764\" data-end=\"1804\">\n<p data-start=\"1766\" data-end=\"1804\">Gyors n\u00f6veked\u00e9s \u2013 hamar takar\u00e1st ny\u00fajt<\/p>\n<\/li>\n<li data-start=\"1805\" data-end=\"1839\">\n<p data-start=\"1807\" data-end=\"1839\">J\u00f3l b\u00edrja a metsz\u00e9st, alak\u00edthat\u00f3<\/p>\n<\/li>\n<li data-start=\"1840\" data-end=\"1897\">\n<p data-start=\"1842\" data-end=\"1897\">Ide\u00e1lis sz\u00ednes s\u00f6v\u00e9nyekhez, vegyes \u00f6r\u00f6kz\u00f6ld csoportokba<\/p>\n<\/li>\n<\/ul>\n<p>&nbsp;<\/p>\n<h4><strong>\ud83d\udd04 K\u00e9szletinform\u00e1ci\u00f3<\/strong><\/h4>\n<p><strong>K\u00e9szlet\u00fcnk napi szinten v\u00e1ltozik, \u00edgy a webshopban szerepl<\/strong><strong>\u0151<\/strong><strong>\u00a0term\u00e9kek el\u00e9rhet<\/strong><strong>\u0151<\/strong><strong>s\u00e9ge nem garant\u00e1lt.<br \/>\n\ud83d\udcde A megrendel\u00e9s el<\/strong><strong>\u0151<\/strong><strong>tt k\u00e9rj\u00fck, \u00e9rdekl<\/strong><strong>\u0151<\/strong><strong>dj\u00f6n szem\u00e9lyesen, telefonon vagy e-mailben!<\/strong><\/p>\n<h4><strong>\u27a1\ufe0f Kapcsolat:<\/strong><\/h4>\n<ul>\n<li><strong>Weboldal:\u00a0<\/strong><a href=\"https:\/\/tajkertesz.com\/\"><strong>tajkertesz.com<\/strong><\/a><\/li>\n<li><strong>Facebook:\u00a0<\/strong><a href=\"https:\/\/www.facebook.com\/tajkertesz\/\"><strong>facebook.com\/tajkertesz<\/strong><\/a><\/li>\n<li><strong>Telefonsz\u00e1m, e-mail: +36\/20-319-3770\u00a0<\/strong><a href=\"mailto:tajkerteszaruda@gmail.com\"><strong>tajkerteszaruda@gmail.com<\/strong><\/a><\/li>\n<\/ul>\n<h4><strong>\ud83d\ude9a Sz\u00e1ll\u00edt\u00e1si inform\u00e1ci\u00f3k<\/strong><\/h4>\n<p><strong>A megrendelt n\u00f6v\u00e9nyek kisz\u00e1ll\u00edt\u00e1sa az al\u00e1bbi felt\u00e9telek mellett t\u00f6rt\u00e9nik:<\/strong><\/p>\n<h4><strong>\ud83d\udce6 Fut\u00e1rszolg\u00e1latos sz\u00e1ll\u00edt\u00e1s<\/strong><\/h4>\n<ul>\n<li><strong>Maxim\u00e1lis m\u00e9ret: 200 cm (hossz\u00fas\u00e1g)<\/strong><\/li>\n<li><strong>Maxim\u00e1lis s\u00faly: 40 kg<\/strong><\/li>\n<li><strong>Az enn\u00e9l kisebb \u00e9s k\u00f6nnyebb csomagokat fut\u00e1rszolg\u00e1lattal k\u00e9zbes\u00edtj\u00fck a lehet<\/strong><strong>\u0151<\/strong><strong>\u00a0legbiztons\u00e1gosabb csomagol\u00e1sban.<\/strong><\/li>\n<\/ul>\n<h4><strong>\ud83d\udefb Szem\u00e9lyes \u00e1tv\u00e9tel<\/strong><\/h4>\n<ul>\n<li><strong>1173 Budapest, Bakancsos utca 7. sz\u00e1m alatt nyitvatart\u00e1si id<\/strong><strong>\u0151<\/strong><strong>ben szem\u00e9lyesen \u00e1tvehet<\/strong><strong>\u0151<\/strong><strong>\u00a0kert\u00e9szeti \u00e1rud\u00e1nkban.<\/strong><\/li>\n<li><strong>K\u00f6lts\u00e9ghat\u00e9kony megold\u00e1s nagyobb, t\u00f6r\u00e9kenyebb vagy t\u00falm\u00e9retes n\u00f6v\u00e9nyek eset\u00e9n.<\/strong><\/li>\n<\/ul>\n<h4><strong>\ud83d\udcde Nagy m\u00e9ret<\/strong><strong>\u0171<\/strong><strong>\u00a0vagy s\u00faly\u00fa n\u00f6v\u00e9nyek eset\u00e9n<\/strong><\/h4>\n<p><strong>Ha a term\u00e9k:<\/strong><\/p>\n<ul>\n<li><strong>meghaladja a 200 cm hossz\u00fas\u00e1got vagy<\/strong><\/li>\n<li><strong>meghaladja a 40 kg s\u00falyt,<\/strong><\/li>\n<\/ul>\n<p><strong>akkor szem\u00e9lyes \u00e1tv\u00e9tellel vagy egyedi, el<\/strong><strong>\u0151<\/strong><strong>re egyeztetett sz\u00e1ll\u00edt\u00e1si felt\u00e9telek mellett t\u00f6rt\u00e9nik.<br \/>\nK\u00e9rj\u00fck, ilyen esetben rendel\u00e9s el<\/strong><strong>\u0151<\/strong><strong>tt vegye fel vel\u00fcnk a kapcsolatot, hogy a lehet<\/strong><strong>\u0151<\/strong><strong>\u00a0legmegfelel<\/strong><strong>\u0151<\/strong><strong>bb sz\u00e1ll\u00edt\u00e1si megold\u00e1st k\u00edn\u00e1lhassuk.<\/strong><\/p>\n<p><strong>\ud83d\udd14 Fontos: A n\u00f6v\u00e9nyeket minden esetben igyeksz\u00fcnk gondosan, egyes\u00e9vel csomagolni, azonban a sz\u00e1ll\u00edt\u00e1s sor\u00e1n kisebb eszt\u00e9tikai s\u00e9r\u00fcl\u00e9sek el<\/strong><strong>\u0151<\/strong><strong>fordulhatnak (pl. lev\u00e9lhull\u00e1s). Ez nem min<\/strong><strong>\u0151<\/strong><strong>s\u00fcl hib\u00e1s teljes\u00edt\u00e9snek.<\/strong><\/p>\n<h4><strong>\ud83d\udcf7 Fontos tudni a k\u00e9pekr<\/strong><strong>\u0151<\/strong><strong>l<\/strong><\/h4>\n<p><strong>A webshopban szerepl<\/strong><strong>\u0151<\/strong><strong>\u00a0k\u00e9pek illusztr\u00e1ci\u00f3k, a n\u00f6v\u00e9nyek term\u00e9szet\u00fckn\u00e9l fogva egyediek, \u00edgy m\u00e9retben, alakban \u00e9s sz\u00ednben minim\u00e1lis elt\u00e9r\u00e9sek el<\/strong><strong>\u0151<\/strong><strong>fordulhatnak a k\u00e9pen l\u00e1that\u00f3 \u00e9s a val\u00f3s p\u00e9ld\u00e1nyok k\u00f6z\u00f6tt.<\/strong><\/p>\n<h4><strong>\ud83e\uddfe \u00c1rak \u00e9s el\u00e1ll\u00e1si jog<\/strong><\/h4>\n<ul>\n<li><strong>Az \u00e1rak egy darab\u00a0n\u00f6v\u00e9nyre vonatkoznak.<\/strong><\/li>\n<li><strong>\u00c9l<\/strong><strong>\u0151<\/strong><strong>\u00a0n\u00f6v\u00e9nyek rendel\u00e9se eset\u00e9n a 14 napos el\u00e1ll\u00e1s joga nem \u00e9rv\u00e9nyes\u00edthet<\/strong><strong>\u0151<\/strong><strong>, mivel azok romland\u00f3, biol\u00f3giailag \u00e9l<\/strong><strong>\u0151<\/strong><strong>\u00a0term\u00e9keknek min<\/strong><strong>\u0151<\/strong><strong>s\u00fclnek.<br \/>\n\ud83d\udd12 (17\/1999. (II. 5.) Korm. rendelet 5. \u00a7 c) pontja alapj\u00e1n)<\/strong><\/li>\n<\/ul>\n<h4><strong>\ud83d\udce6 K\u00e9zbes\u00edt\u00e9s ut\u00e1ni teend<\/strong><strong>\u0151<\/strong><strong>k<\/strong><\/h4>\n<p><strong>A k\u00e9zbes\u00edt\u00e9st k\u00f6vet<\/strong><strong>\u0151<\/strong><strong>en a csomagot azonnal bontsuk ki, \u00e9s a n\u00f6v\u00e9nyt helyezz\u00fck el megfelel<\/strong><strong>\u0151<\/strong><strong>\u00a0k\u00f6rnyezetben.<br \/>\nFontos: ha a n\u00f6v\u00e9ny nem r\u00e9szes\u00fcl megfelel<\/strong><strong>\u0151<\/strong><strong>\u00a0gondoz\u00e1sban \u00e9s ennek k\u00f6vetkezt\u00e9ben k\u00e1rosodik vagy elpusztul, felel<\/strong><strong>\u0151<\/strong><strong>ss\u00e9get nem tudunk v\u00e1llalni.<\/strong><\/p>\n<p>&nbsp;<\/p>","protected":false},"excerpt":{"rendered":"<p>Gyors n\u00f6veked\u00e9s\u0171, oszlopos \u00f6r\u00f6kz\u00f6ld aranys\u00e1rga lombbal. Kiv\u00e1l\u00f3 s\u00f6v\u00e9nynek, t\u00e9relv\u00e1laszt\u00f3nak vagy szoliterk\u00e9nt. Metszhet\u0151, eg\u00e9sz \u00e9vben d\u00edsz\u00edt.<\/p>\n<p>M\u00e9rete: 30\/40 cm magas, 2 literes kont\u00e9nerben.<\/p>\n<p>&nbsp;<\/p>\n<div id=\"bodyContent\" class=\"mw-body-content\">\n<div id=\"mw-content-text\" class=\"mw-content-ltr\" dir=\"ltr\" lang=\"hu\">\n<div id=\"bodyContent\" class=\"mw-body-content\">\n<div id=\"mw-content-text\" class=\"mw-content-ltr\" dir=\"ltr\" lang=\"hu\">\n<p><b>K\u00e9szlet\u00fcnk napi szinten v\u00e1ltozik, ez\u00e9rt k\u00e9rj\u00fck, \u00e9rdekl\u0151dj\u00f6n szem\u00e9lyesen, telefonon vagy email-en.<\/b><\/p>\n<p>Term\u00e9keinket szem\u00e9lyesen is \u00e1tveheti a h\u00e9t minden napj\u00e1n nyitvatart\u00e1si id\u0151ben!<\/p>\n<p>Kisz\u00e1ll\u00edt\u00e1s: 200 cm \u00e9s 40 kg-ig a sz\u00e1ll\u00edt\u00e1s fut\u00e1rszolg\u00e1lattal t\u00f6rt\u00e9nik.<\/p>\n<\/div>\n<\/div>\n<\/div>\n<\/div>\n<p><b>A v\u00e1ltoztat\u00e1s jog\u00e1t fenntartjuk!\u00a0<\/b><\/p>","protected":false},"featured_media":16917,"template":"","meta":{"_et_pb_use_builder":"","_et_pb_old_content":"","_et_gb_content_width":""},"product_brand":[],"product_cat":[5166],"product_tag":[7145,6455,7146,760,5941,7147,5943],"class_list":{"0":"post-24821","1":"product","2":"type-product","3":"status-publish","4":"has-post-thumbnail","6":"product_cat-leylandii-ciprus","7":"product_tag-aranysarga-leylandi","8":"product_tag-gold-rider","9":"product_tag-gyors-novekedesu-ciprus","10":"product_tag-leylandi-ciprus","11":"product_tag-orokzold-soveny","12":"product_tag-takaro-noveny","13":"product_tag-terelvalaszto-noveny","15":"first","16":"instock","17":"shipping-taxable","18":"purchasable","19":"product-type-simple"},"yoast_head":"<!-- This site is optimized with the Yoast SEO plugin v27.4 - https:\/\/yoast.com\/product\/yoast-seo-wordpress\/ -->\n<title>Cupressocyparis leylandii \u2018Gold Rider&#039; - Aranys\u00e1rga leylandi ciprus - T\u00e1jkert\u00e9sz<\/title>\n<meta name=\"description\" content=\"Cupressocyparis leylandii \u2018Gold Rider&#039; - Aranys\u00e1rga leylandi ciprus gyors n\u00f6veked\u00e9s\u0171 \u00f6r\u00f6kz\u00f6ld s\u00f6v\u00e9nyn\u00f6v\u00e9ny. Ssz\u00ednes lombozat\u00fa d\u00edszn\u00f6v\u00e9ny eg\u00e9sz \u00e9vre.\" \/>\n<meta name=\"robots\" content=\"index, follow, max-snippet:-1, max-image-preview:large, max-video-preview:-1\" \/>\n<link rel=\"canonical\" href=\"https:\/\/tajkertesz.com\/en_US\/product\/cupressocyparis-leylandii-gold-rider-aranysarga-leylandi-ciprus\/\" \/>\n<meta property=\"og:locale\" content=\"en_US\" \/>\n<meta property=\"og:type\" content=\"article\" \/>\n<meta property=\"og:title\" content=\"https:\/\/www.facebook.com\/tajkertesz\" \/>\n<meta property=\"og:description\" content=\"Ny\u00edr\u00e1s\u00e1t kora tavasszal m\u00e1rciusban v\u00e9gezz\u00fck. A s\u00f6v\u00e9ny ny\u00edr\u00e1sa v\u00e9gezhet\u0151 ny\u00e1r k\u00f6zep\u00e9n is a hajt\u00e1sn\u00f6veked\u00e9s le\u00e1ll\u00e1sakor, de ekkor a napf\u00e9nyre ker\u00fcl\u0151 levelei meg\u00e9ghetnek, ami eszt\u00e9tikai szempontb\u00f3l nem el\u0151ny\u00f6s. A n\u00f6v\u00e9nyeken semmif\u00e9le k\u00e1rtev\u0151 vagy k\u00f3rokoz\u00f3 k\u00e1ros\u00edt\u00e1s\u00e1t nem \u00e9szlelt\u00e9k eddig!\" \/>\n<meta property=\"og:url\" content=\"https:\/\/tajkertesz.com\/en_US\/product\/cupressocyparis-leylandii-gold-rider-aranysarga-leylandi-ciprus\/\" \/>\n<meta property=\"og:site_name\" content=\"T\u00e1jkert\u00e9sz\" \/>\n<meta property=\"article:publisher\" content=\"https:\/\/www.facebook.com\/Tajkertesz\/\" \/>\n<meta property=\"article:modified_time\" content=\"2026-02-24T11:04:59+00:00\" \/>\n<meta property=\"og:image\" content=\"https:\/\/tajkertesz.com\/wp-content\/uploads\/2023\/09\/20230914_140528-1-scaled.jpg\" \/>\n\t<meta property=\"og:image:width\" content=\"1154\" \/>\n\t<meta property=\"og:image:height\" content=\"2560\" \/>\n\t<meta property=\"og:image:type\" content=\"image\/jpeg\" \/>\n<meta name=\"twitter:card\" content=\"summary_large_image\" \/>\n<meta name=\"twitter:label1\" content=\"Est. reading time\" \/>\n\t<meta name=\"twitter:data1\" content=\"3 minutes\" \/>\n<script type=\"application\/ld+json\" class=\"yoast-schema-graph\">{\"@context\":\"https:\\\/\\\/schema.org\",\"@graph\":[{\"@type\":\"WebPage\",\"@id\":\"https:\\\/\\\/tajkertesz.com\\\/termek\\\/cupressocyparis-leylandii-gold-rider-aranysarga-leylandi-ciprus\\\/\",\"url\":\"https:\\\/\\\/tajkertesz.com\\\/termek\\\/cupressocyparis-leylandii-gold-rider-aranysarga-leylandi-ciprus\\\/\",\"name\":\"Cupressocyparis leylandii \u2018Gold Rider' - Aranys\u00e1rga leylandi ciprus - T\u00e1jkert\u00e9sz\",\"isPartOf\":{\"@id\":\"https:\\\/\\\/tajkertesz.com\\\/#website\"},\"primaryImageOfPage\":{\"@id\":\"https:\\\/\\\/tajkertesz.com\\\/termek\\\/cupressocyparis-leylandii-gold-rider-aranysarga-leylandi-ciprus\\\/#primaryimage\"},\"image\":{\"@id\":\"https:\\\/\\\/tajkertesz.com\\\/termek\\\/cupressocyparis-leylandii-gold-rider-aranysarga-leylandi-ciprus\\\/#primaryimage\"},\"thumbnailUrl\":\"https:\\\/\\\/tajkertesz.com\\\/wp-content\\\/uploads\\\/2023\\\/09\\\/20230914_140528-1-scaled.jpg\",\"datePublished\":\"2025-10-07T14:00:09+00:00\",\"dateModified\":\"2026-02-24T11:04:59+00:00\",\"description\":\"Cupressocyparis leylandii \u2018Gold Rider' - Aranys\u00e1rga leylandi ciprus gyors n\u00f6veked\u00e9s\u0171 \u00f6r\u00f6kz\u00f6ld s\u00f6v\u00e9nyn\u00f6v\u00e9ny. Ssz\u00ednes lombozat\u00fa d\u00edszn\u00f6v\u00e9ny eg\u00e9sz \u00e9vre.\",\"breadcrumb\":{\"@id\":\"https:\\\/\\\/tajkertesz.com\\\/termek\\\/cupressocyparis-leylandii-gold-rider-aranysarga-leylandi-ciprus\\\/#breadcrumb\"},\"inLanguage\":\"en-US\",\"potentialAction\":[{\"@type\":\"ReadAction\",\"target\":[\"https:\\\/\\\/tajkertesz.com\\\/termek\\\/cupressocyparis-leylandii-gold-rider-aranysarga-leylandi-ciprus\\\/\"]}]},{\"@type\":\"ImageObject\",\"inLanguage\":\"en-US\",\"@id\":\"https:\\\/\\\/tajkertesz.com\\\/termek\\\/cupressocyparis-leylandii-gold-rider-aranysarga-leylandi-ciprus\\\/#primaryimage\",\"url\":\"https:\\\/\\\/tajkertesz.com\\\/wp-content\\\/uploads\\\/2023\\\/09\\\/20230914_140528-1-scaled.jpg\",\"contentUrl\":\"https:\\\/\\\/tajkertesz.com\\\/wp-content\\\/uploads\\\/2023\\\/09\\\/20230914_140528-1-scaled.jpg\",\"width\":1154,\"height\":2560,\"caption\":\"Cupressocyparis leylandii 'Gold Rider' \u2013 aranys\u00e1rga s\u00f6v\u00e9ny ciprus kertben\"},{\"@type\":\"BreadcrumbList\",\"@id\":\"https:\\\/\\\/tajkertesz.com\\\/termek\\\/cupressocyparis-leylandii-gold-rider-aranysarga-leylandi-ciprus\\\/#breadcrumb\",\"itemListElement\":[{\"@type\":\"ListItem\",\"position\":1,\"name\":\"Home\",\"item\":\"https:\\\/\\\/tajkertesz.com\\\/\"},{\"@type\":\"ListItem\",\"position\":2,\"name\":\"Kezd\u0151lap\",\"item\":\"https:\\\/\\\/tajkertesz.com\\\/\"},{\"@type\":\"ListItem\",\"position\":3,\"name\":\"Cupressocyparis leylandii \u2018Gold Rider&#8217; &#8211; Aranys\u00e1rga leylandi ciprus\"}]},{\"@type\":\"WebSite\",\"@id\":\"https:\\\/\\\/tajkertesz.com\\\/#website\",\"url\":\"https:\\\/\\\/tajkertesz.com\\\/\",\"name\":\"T\u00e1j-Kert\u00e9sz 84 Kft.\",\"description\":\"Kert\u00e9szeti kis- \u00e9s nagykeresked\u00e9s, D\u00edszn\u00f6v\u00e9ny web\u00e1ruh\u00e1z orsz\u00e1gos h\u00e1zhozsz\u00e1ll\u00edt\u00e1ssal!\",\"publisher\":{\"@id\":\"https:\\\/\\\/tajkertesz.com\\\/#organization\"},\"potentialAction\":[{\"@type\":\"SearchAction\",\"target\":{\"@type\":\"EntryPoint\",\"urlTemplate\":\"https:\\\/\\\/tajkertesz.com\\\/?s={search_term_string}\"},\"query-input\":{\"@type\":\"PropertyValueSpecification\",\"valueRequired\":true,\"valueName\":\"search_term_string\"}}],\"inLanguage\":\"en-US\"},{\"@type\":\"Organization\",\"@id\":\"https:\\\/\\\/tajkertesz.com\\\/#organization\",\"name\":\"T\u00e1j-Kert\u00e9sz 84 Kft.\",\"url\":\"https:\\\/\\\/tajkertesz.com\\\/\",\"logo\":{\"@type\":\"ImageObject\",\"inLanguage\":\"en-US\",\"@id\":\"https:\\\/\\\/tajkertesz.com\\\/#\\\/schema\\\/logo\\\/image\\\/\",\"url\":\"https:\\\/\\\/tajkertesz.com\\\/wp-content\\\/uploads\\\/2018\\\/02\\\/logo-2-e1518678052539.png\",\"contentUrl\":\"https:\\\/\\\/tajkertesz.com\\\/wp-content\\\/uploads\\\/2018\\\/02\\\/logo-2-e1518678052539.png\",\"width\":81,\"height\":140,\"caption\":\"T\u00e1j-Kert\u00e9sz 84 Kft.\"},\"image\":{\"@id\":\"https:\\\/\\\/tajkertesz.com\\\/#\\\/schema\\\/logo\\\/image\\\/\"},\"sameAs\":[\"https:\\\/\\\/www.facebook.com\\\/Tajkertesz\\\/\"]}]}<\/script>\n<!-- \/ Yoast SEO plugin. -->","yoast_head_json":{"title":"Cupressocyparis leylandii \u2018Gold Rider' - Aranys\u00e1rga leylandi ciprus - T\u00e1jkert\u00e9sz","description":"Cupressocyparis leylandii \u2018Gold Rider' - Aranys\u00e1rga leylandi ciprus gyors n\u00f6veked\u00e9s\u0171 \u00f6r\u00f6kz\u00f6ld s\u00f6v\u00e9nyn\u00f6v\u00e9ny. Ssz\u00ednes lombozat\u00fa d\u00edszn\u00f6v\u00e9ny eg\u00e9sz \u00e9vre.","robots":{"index":"index","follow":"follow","max-snippet":"max-snippet:-1","max-image-preview":"max-image-preview:large","max-video-preview":"max-video-preview:-1"},"canonical":"https:\/\/tajkertesz.com\/en_US\/product\/cupressocyparis-leylandii-gold-rider-aranysarga-leylandi-ciprus\/","og_locale":"en_US","og_type":"article","og_title":"https:\/\/www.facebook.com\/tajkertesz","og_description":"Ny\u00edr\u00e1s\u00e1t kora tavasszal m\u00e1rciusban v\u00e9gezz\u00fck. A s\u00f6v\u00e9ny ny\u00edr\u00e1sa v\u00e9gezhet\u0151 ny\u00e1r k\u00f6zep\u00e9n is a hajt\u00e1sn\u00f6veked\u00e9s le\u00e1ll\u00e1sakor, de ekkor a napf\u00e9nyre ker\u00fcl\u0151 levelei meg\u00e9ghetnek, ami eszt\u00e9tikai szempontb\u00f3l nem el\u0151ny\u00f6s. A n\u00f6v\u00e9nyeken semmif\u00e9le k\u00e1rtev\u0151 vagy k\u00f3rokoz\u00f3 k\u00e1ros\u00edt\u00e1s\u00e1t nem \u00e9szlelt\u00e9k eddig!","og_url":"https:\/\/tajkertesz.com\/en_US\/product\/cupressocyparis-leylandii-gold-rider-aranysarga-leylandi-ciprus\/","og_site_name":"T\u00e1jkert\u00e9sz","article_publisher":"https:\/\/www.facebook.com\/Tajkertesz\/","article_modified_time":"2026-02-24T11:04:59+00:00","og_image":[{"width":1154,"height":2560,"url":"https:\/\/tajkertesz.com\/wp-content\/uploads\/2023\/09\/20230914_140528-1-scaled.jpg","type":"image\/jpeg"}],"twitter_card":"summary_large_image","twitter_misc":{"Est. reading time":"3 minutes"},"schema":{"@context":"https:\/\/schema.org","@graph":[{"@type":"WebPage","@id":"https:\/\/tajkertesz.com\/termek\/cupressocyparis-leylandii-gold-rider-aranysarga-leylandi-ciprus\/","url":"https:\/\/tajkertesz.com\/termek\/cupressocyparis-leylandii-gold-rider-aranysarga-leylandi-ciprus\/","name":"Cupressocyparis leylandii \u2018Gold Rider' - Aranys\u00e1rga leylandi ciprus - T\u00e1jkert\u00e9sz","isPartOf":{"@id":"https:\/\/tajkertesz.com\/#website"},"primaryImageOfPage":{"@id":"https:\/\/tajkertesz.com\/termek\/cupressocyparis-leylandii-gold-rider-aranysarga-leylandi-ciprus\/#primaryimage"},"image":{"@id":"https:\/\/tajkertesz.com\/termek\/cupressocyparis-leylandii-gold-rider-aranysarga-leylandi-ciprus\/#primaryimage"},"thumbnailUrl":"https:\/\/tajkertesz.com\/wp-content\/uploads\/2023\/09\/20230914_140528-1-scaled.jpg","datePublished":"2025-10-07T14:00:09+00:00","dateModified":"2026-02-24T11:04:59+00:00","description":"Cupressocyparis leylandii \u2018Gold Rider' - Aranys\u00e1rga leylandi ciprus gyors n\u00f6veked\u00e9s\u0171 \u00f6r\u00f6kz\u00f6ld s\u00f6v\u00e9nyn\u00f6v\u00e9ny. Ssz\u00ednes lombozat\u00fa d\u00edszn\u00f6v\u00e9ny eg\u00e9sz \u00e9vre.","breadcrumb":{"@id":"https:\/\/tajkertesz.com\/termek\/cupressocyparis-leylandii-gold-rider-aranysarga-leylandi-ciprus\/#breadcrumb"},"inLanguage":"en-US","potentialAction":[{"@type":"ReadAction","target":["https:\/\/tajkertesz.com\/termek\/cupressocyparis-leylandii-gold-rider-aranysarga-leylandi-ciprus\/"]}]},{"@type":"ImageObject","inLanguage":"en-US","@id":"https:\/\/tajkertesz.com\/termek\/cupressocyparis-leylandii-gold-rider-aranysarga-leylandi-ciprus\/#primaryimage","url":"https:\/\/tajkertesz.com\/wp-content\/uploads\/2023\/09\/20230914_140528-1-scaled.jpg","contentUrl":"https:\/\/tajkertesz.com\/wp-content\/uploads\/2023\/09\/20230914_140528-1-scaled.jpg","width":1154,"height":2560,"caption":"Cupressocyparis leylandii 'Gold Rider' \u2013 aranys\u00e1rga s\u00f6v\u00e9ny ciprus kertben"},{"@type":"BreadcrumbList","@id":"https:\/\/tajkertesz.com\/termek\/cupressocyparis-leylandii-gold-rider-aranysarga-leylandi-ciprus\/#breadcrumb","itemListElement":[{"@type":"ListItem","position":1,"name":"Home","item":"https:\/\/tajkertesz.com\/"},{"@type":"ListItem","position":2,"name":"Kezd\u0151lap","item":"https:\/\/tajkertesz.com\/"},{"@type":"ListItem","position":3,"name":"Cupressocyparis leylandii \u2018Gold Rider&#8217; &#8211; Aranys\u00e1rga leylandi ciprus"}]},{"@type":"WebSite","@id":"https:\/\/tajkertesz.com\/#website","url":"https:\/\/tajkertesz.com\/","name":"T\u00e1j-Kert\u00e9sz 84 Kft.","description":"Kert\u00e9szeti kis- \u00e9s nagykeresked\u00e9s, D\u00edszn\u00f6v\u00e9ny web\u00e1ruh\u00e1z orsz\u00e1gos h\u00e1zhozsz\u00e1ll\u00edt\u00e1ssal!","publisher":{"@id":"https:\/\/tajkertesz.com\/#organization"},"potentialAction":[{"@type":"SearchAction","target":{"@type":"EntryPoint","urlTemplate":"https:\/\/tajkertesz.com\/?s={search_term_string}"},"query-input":{"@type":"PropertyValueSpecification","valueRequired":true,"valueName":"search_term_string"}}],"inLanguage":"en-US"},{"@type":"Organization","@id":"https:\/\/tajkertesz.com\/#organization","name":"T\u00e1j-Kert\u00e9sz 84 Kft.","url":"https:\/\/tajkertesz.com\/","logo":{"@type":"ImageObject","inLanguage":"en-US","@id":"https:\/\/tajkertesz.com\/#\/schema\/logo\/image\/","url":"https:\/\/tajkertesz.com\/wp-content\/uploads\/2018\/02\/logo-2-e1518678052539.png","contentUrl":"https:\/\/tajkertesz.com\/wp-content\/uploads\/2018\/02\/logo-2-e1518678052539.png","width":81,"height":140,"caption":"T\u00e1j-Kert\u00e9sz 84 Kft."},"image":{"@id":"https:\/\/tajkertesz.com\/#\/schema\/logo\/image\/"},"sameAs":["https:\/\/www.facebook.com\/Tajkertesz\/"]}]}},"_links":{"self":[{"href":"https:\/\/tajkertesz.com\/en_US\/wp-json\/wp\/v2\/product\/24821","targetHints":{"allow":["GET"]}}],"collection":[{"href":"https:\/\/tajkertesz.com\/en_US\/wp-json\/wp\/v2\/product"}],"about":[{"href":"https:\/\/tajkertesz.com\/en_US\/wp-json\/wp\/v2\/types\/product"}],"wp:featuredmedia":[{"embeddable":true,"href":"https:\/\/tajkertesz.com\/en_US\/wp-json\/wp\/v2\/media\/16917"}],"wp:attachment":[{"href":"https:\/\/tajkertesz.com\/en_US\/wp-json\/wp\/v2\/media?parent=24821"}],"wp:term":[{"taxonomy":"product_brand","embeddable":true,"href":"https:\/\/tajkertesz.com\/en_US\/wp-json\/wp\/v2\/product_brand?post=24821"},{"taxonomy":"product_cat","embeddable":true,"href":"https:\/\/tajkertesz.com\/en_US\/wp-json\/wp\/v2\/product_cat?post=24821"},{"taxonomy":"product_tag","embeddable":true,"href":"https:\/\/tajkertesz.com\/en_US\/wp-json\/wp\/v2\/product_tag?post=24821"}],"curies":[{"name":"wp","href":"https:\/\/api.w.org\/{rel}","templated":true}]}}