{"id":24863,"date":"2025-10-10T14:16:37","date_gmt":"2025-10-10T14:16:37","guid":{"rendered":"https:\/\/tajkertesz.com\/?post_type=product&#038;p=24863"},"modified":"2026-02-27T14:21:08","modified_gmt":"2026-02-27T14:21:08","slug":"carya-illinoinensis-pekandio-2","status":"publish","type":"product","link":"https:\/\/tajkertesz.com\/en_US\/product\/carya-illinoinensis-pekandio-2\/","title":{"rendered":"Carya illinoinensis &#8216;Desirable&#8217; &#8211; Pek\u00e1ndi\u00f3"},"content":{"rendered":"<h1 data-start=\"962\" data-end=\"1252\">Carya illinoinensis &#8216;Desirable&#8217; &#8211; Pek\u00e1ndi\u00f3<\/h1>\n<p data-start=\"710\" data-end=\"954\">A <strong data-start=\"712\" data-end=\"747\">Carya illinoinensis \u2018Desirable\u2019<\/strong> az egyik legismertebb \u00e9s leg\u00e9rt\u00e9kesebb <strong data-start=\"787\" data-end=\"805\">pek\u00e1ndi\u00f3 fajta<\/strong>, amely nagy m\u00e9ret\u0171, kiv\u00e1l\u00f3 \u00edz\u0171, v\u00e9kony h\u00e9j\u00fa term\u00e9seir\u0151l h\u00edres. Er\u0151teljes n\u00f6veked\u00e9s\u0171, hossz\u00fa \u00e9let\u0171 di\u00f3fa, amely megfelel\u0151 k\u00f6r\u00fclm\u00e9nyek k\u00f6z\u00f6tt b\u0151term\u0151.<\/p>\n<p data-start=\"956\" data-end=\"1266\">Fontos tudni, hogy a <strong data-start=\"977\" data-end=\"1030\">\u2018Desirable\u2019 pek\u00e1ndi\u00f3 nem megb\u00edzhat\u00f3an \u00f6nterm\u00e9keny<\/strong>. A fajta <strong data-start=\"1040\" data-end=\"1065\">II. t\u00edpus\u00fa (protog\u00edn)<\/strong> vir\u00e1gz\u00e1s\u00fa, ami azt jelenti, hogy a n\u0151vir\u00e1gok el\u0151bb v\u00e1lnak term\u00e9kenny\u00e9, mint ahogy a saj\u00e1t h\u00edmvir\u00e1gai vir\u00e1gport sz\u00f3rn\u00e1nak. Emiatt <strong data-start=\"1195\" data-end=\"1232\">porz\u00f3p\u00e1r \u00fcltet\u00e9se er\u0151sen aj\u00e1nlott<\/strong>, k\u00fcl\u00f6n\u00f6sen kiskerti k\u00f6rnyezetben.<\/p>\n<p data-start=\"1268\" data-end=\"1463\">Megfelel\u0151 <strong data-start=\"1278\" data-end=\"1306\">I. t\u00edpus\u00fa (protandrikus)<\/strong> porz\u00f3fajta jelenl\u00e9t\u00e9ben a \u2018Desirable\u2019 rendszeres \u00e9s magas term\u00e9shozamot biztos\u00edt. A beporz\u00e1st f\u0151k\u00e9nt a sz\u00e9l v\u00e9gzi, ez\u00e9rt fontos a f\u00e1k megfelel\u0151 elhelyez\u00e9se.<\/p>\n<h2 data-start=\"962\" data-end=\"1252\">Carya illinoinensis &#8216;Desirable&#8217; el\u0151nyei:<\/h2>\n<ul data-start=\"1478\" data-end=\"1665\">\n<li data-start=\"1478\" data-end=\"1515\">\n<p data-start=\"1480\" data-end=\"1515\">Nagy m\u00e9ret\u0171, v\u00e9kony h\u00e9j\u00fa pek\u00e1ndi\u00f3<\/p>\n<\/li>\n<li data-start=\"1516\" data-end=\"1556\">\n<p data-start=\"1518\" data-end=\"1556\">Kiv\u00e1l\u00f3 \u00edz \u00e9s magas beltartalmi \u00e9rt\u00e9k<\/p>\n<\/li>\n<li data-start=\"1557\" data-end=\"1598\">\n<p data-start=\"1559\" data-end=\"1598\">Hossz\u00fa \u00e9let\u0171, er\u0151teljes n\u00f6veked\u00e9s\u0171 fa<\/p>\n<\/li>\n<li data-start=\"1599\" data-end=\"1634\">\n<p data-start=\"1601\" data-end=\"1634\">Piack\u00e9pes, j\u00f3l t\u00e1rolhat\u00f3 term\u00e9s<\/p>\n<\/li>\n<li data-start=\"1635\" data-end=\"1665\">\n<p data-start=\"1637\" data-end=\"1665\">Megfelel\u0151 porz\u00f3val b\u0151term\u0151<\/p>\n<\/li>\n<\/ul>\n<hr data-start=\"1667\" data-end=\"1670\" \/>\n<h4 data-start=\"1672\" data-end=\"1718\">\ud83d\udd39 Beporz\u00e1si inform\u00e1ci\u00f3<\/h4>\n<p data-start=\"1720\" data-end=\"1823\">\u26a0\ufe0f <strong data-start=\"1723\" data-end=\"1765\">Porz\u00f3p\u00e1r sz\u00fcks\u00e9ges a biztos term\u00e9shez!<\/strong><br data-start=\"1765\" data-end=\"1768\" \/>Aj\u00e1nlott <strong data-start=\"1777\" data-end=\"1802\">I. t\u00edpus\u00fa porz\u00f3fajt\u00e1k<\/strong> a \u2018Desirable\u2019 mell\u00e9:<\/p>\n<ul data-start=\"1824\" data-end=\"1879\">\n<li data-start=\"1824\" data-end=\"1836\">\n<p data-start=\"1826\" data-end=\"1836\">\u2018Stuart\u2019<\/p>\n<\/li>\n<li data-start=\"1837\" data-end=\"1850\">\n<p data-start=\"1839\" data-end=\"1850\">\u2018Western\u2019<\/p>\n<\/li>\n<li data-start=\"1851\" data-end=\"1863\">\n<p data-start=\"1853\" data-end=\"1863\">\u2018Pawnee\u2019<\/p>\n<\/li>\n<li data-start=\"1864\" data-end=\"1879\">\n<p data-start=\"1866\" data-end=\"1879\">\u2018Cape Fear\u2019<\/p>\n<\/li>\n<\/ul>\n<p data-start=\"1881\" data-end=\"1997\">\u27a1\ufe0f 1 porz\u00f3fa kb. <strong data-start=\"1898\" data-end=\"1916\">10\u201315 term\u0151f\u00e1t<\/strong> k\u00e9pes beporozni<br data-start=\"1932\" data-end=\"1935\" \/>\u27a1\ufe0f Kiskertben legal\u00e1bb <strong data-start=\"1958\" data-end=\"1979\">2 k\u00fcl\u00f6nb\u00f6z\u0151 fajta<\/strong> \u00fcltet\u00e9se javasolt<\/p>\n<h4 data-start=\"1953\" data-end=\"1983\"><\/h4>\n<p data-start=\"1984\" data-end=\"2128\">Ez a fajta k\u00fcl\u00f6n\u00f6sen fagyt\u0171r\u0151, \u00e9s -20\u00b0C k\u00f6r\u00fcli h\u0151m\u00e9rs\u00e9kletekig is j\u00f3l b\u00edrja a hideget. Ezek a \u00a0f\u00e1k gyorsan term\u0151re fordulnak, \u00e9s nagy mennyis\u00e9get teremnek.\u00a0 A di\u00f3k sz\u00fcretel\u00e9se \u0151sszel t\u00f6rt\u00e9nik (szept-okt) amikor a h\u00e9j k\u00f6nnyen lev\u00e1lik a term\u00e9sr\u0151l. Jellemz\u0151en 2-3 db-os f\u00fcrt\u00f6kben \u00e9rik, akkor szedhet\u0151, amikor a k\u00fcls\u0151 burka kezd felny\u00edlni.<\/p>\n<p data-start=\"2167\" data-end=\"2387\">Nagym\u00e9ret\u0171, hossz\u00fak\u00e1s alak\u00fa, h\u00e9ja v\u00e9kony, sima, k\u00f6nnyen t\u00f6rhet\u0151. Di\u00f3bele kb. 2,5-3,8 cm hossz\u00fa, a h\u00e9jat j\u00f3l kit\u00f6lti (51-60%), kiv\u00e1l\u00f3 min\u0151s\u00e9g\u0171, \u00e9des, gazdag di\u00f3s, vajas \u00edz\u0171.<\/p>\n<p>Felhaszn\u00e1lhat\u00f3 a k\u00f6z\u00f6ns\u00e9ges di\u00f3hoz hasonl\u00f3 m\u00f3dokon, \u00edgy friss fogyaszt\u00e1sra, s\u00fctem\u00e9nyek elk\u00e9sz\u00edt\u00e9s\u00e9re.<\/p>\n<h4><strong>\ud83d\udd04 K\u00e9szletinform\u00e1ci\u00f3<\/strong><\/h4>\n<p><strong>K\u00e9szlet\u00fcnk napi szinten v\u00e1ltozik, \u00edgy a webshopban szerepl<\/strong><strong>\u0151<\/strong><strong> term\u00e9kek el\u00e9rhet<\/strong><strong>\u0151<\/strong><strong>s\u00e9ge nem garant\u00e1lt.<br \/>\n\ud83d\udcde A megrendel\u00e9s el<\/strong><strong>\u0151<\/strong><strong>tt k\u00e9rj\u00fck, \u00e9rdekl<\/strong><strong>\u0151<\/strong><strong>dj\u00f6n szem\u00e9lyesen, telefonon vagy e-mailben!<\/strong><\/p>\n<h4><strong>\u27a1\ufe0f Kapcsolat:<\/strong><\/h4>\n<ul>\n<li><strong>Weboldal: <\/strong><a href=\"https:\/\/tajkertesz.com\"><strong>tajkertesz.com<\/strong><\/a><\/li>\n<li><strong>Facebook: <\/strong><a href=\"https:\/\/www.facebook.com\/tajkertesz\/\"><strong>facebook.com\/tajkertesz<\/strong><\/a><\/li>\n<li><strong>Telefonsz\u00e1m, e-mail: +36\/20-319-3770 <\/strong><a href=\"mailto:tajkerteszaruda@gmail.com\"><strong>tajkerteszaruda@gmail.com<\/strong><\/a><\/li>\n<\/ul>\n<h4><strong>\ud83d\ude9a Sz\u00e1ll\u00edt\u00e1si inform\u00e1ci\u00f3k<\/strong><\/h4>\n<p><strong>A megrendelt n\u00f6v\u00e9nyek kisz\u00e1ll\u00edt\u00e1sa az al\u00e1bbi felt\u00e9telek mellett t\u00f6rt\u00e9nik:<\/strong><\/p>\n<h4><strong>\ud83d\udce6 Fut\u00e1rszolg\u00e1latos sz\u00e1ll\u00edt\u00e1s<\/strong><\/h4>\n<ul>\n<li><strong>Maxim\u00e1lis m\u00e9ret: 200 cm (hossz\u00fas\u00e1g)<\/strong><\/li>\n<li><strong>Maxim\u00e1lis s\u00faly: 40 kg<\/strong><\/li>\n<li><strong>Az enn\u00e9l kisebb \u00e9s k\u00f6nnyebb csomagokat fut\u00e1rszolg\u00e1lattal k\u00e9zbes\u00edtj\u00fck a lehet<\/strong><strong>\u0151<\/strong><strong> legbiztons\u00e1gosabb csomagol\u00e1sban.<\/strong><\/li>\n<\/ul>\n<h4><strong>\ud83d\udefb Szem\u00e9lyes \u00e1tv\u00e9tel<\/strong><\/h4>\n<ul>\n<li><strong>1173 Budapest, Bakancsos utca 7. sz\u00e1m alatt nyitvatart\u00e1si id<\/strong><strong>\u0151<\/strong><strong>ben szem\u00e9lyesen \u00e1tvehet<\/strong><strong>\u0151<\/strong><strong> kert\u00e9szeti \u00e1rud\u00e1nkban.<\/strong><\/li>\n<li><strong>K\u00f6lts\u00e9ghat\u00e9kony megold\u00e1s nagyobb, t\u00f6r\u00e9kenyebb vagy t\u00falm\u00e9retes n\u00f6v\u00e9nyek eset\u00e9n.<\/strong><\/li>\n<\/ul>\n<h4><strong>\ud83d\udcde Nagy m\u00e9ret<\/strong><strong>\u0171<\/strong><strong> vagy s\u00faly\u00fa n\u00f6v\u00e9nyek eset\u00e9n<\/strong><\/h4>\n<p><strong>Ha a term\u00e9k:<\/strong><\/p>\n<ul>\n<li><strong>meghaladja a 200 cm hossz\u00fas\u00e1got vagy<\/strong><\/li>\n<li><strong>meghaladja a 40 kg s\u00falyt,<\/strong><\/li>\n<\/ul>\n<p><strong>akkor szem\u00e9lyes \u00e1tv\u00e9tellel vagy egyedi, el<\/strong><strong>\u0151<\/strong><strong>re egyeztetett sz\u00e1ll\u00edt\u00e1si felt\u00e9telek mellett t\u00f6rt\u00e9nik.<br \/>\nK\u00e9rj\u00fck, ilyen esetben rendel\u00e9s el<\/strong><strong>\u0151<\/strong><strong>tt vegye fel vel\u00fcnk a kapcsolatot, hogy a lehet<\/strong><strong>\u0151<\/strong><strong> legmegfelel<\/strong><strong>\u0151<\/strong><strong>bb sz\u00e1ll\u00edt\u00e1si megold\u00e1st k\u00edn\u00e1lhassuk.<\/strong><\/p>\n<p><strong>\ud83d\udd14 Fontos: A n\u00f6v\u00e9nyeket minden esetben igyeksz\u00fcnk gondosan, egyes\u00e9vel csomagolni, azonban a sz\u00e1ll\u00edt\u00e1s sor\u00e1n kisebb eszt\u00e9tikai s\u00e9r\u00fcl\u00e9sek el<\/strong><strong>\u0151<\/strong><strong>fordulhatnak (pl. lev\u00e9lhull\u00e1s). Ez nem min<\/strong><strong>\u0151<\/strong><strong>s\u00fcl hib\u00e1s teljes\u00edt\u00e9snek.<\/strong><\/p>\n<h4><strong>\ud83d\udcf7 Fontos tudni a k\u00e9pekr<\/strong><strong>\u0151<\/strong><strong>l<\/strong><\/h4>\n<p><strong>A webshopban szerepl<\/strong><strong>\u0151<\/strong><strong> k\u00e9pek illusztr\u00e1ci\u00f3k, a n\u00f6v\u00e9nyek term\u00e9szet\u00fckn\u00e9l fogva egyediek, \u00edgy m\u00e9retben, alakban \u00e9s sz\u00ednben minim\u00e1lis elt\u00e9r\u00e9sek el<\/strong><strong>\u0151<\/strong><strong>fordulhatnak a k\u00e9pen l\u00e1that\u00f3 \u00e9s a val\u00f3s p\u00e9ld\u00e1nyok k\u00f6z\u00f6tt.<\/strong><\/p>\n<h4><strong>\ud83e\uddfe \u00c1rak \u00e9s el\u00e1ll\u00e1si jog<\/strong><\/h4>\n<ul>\n<li><strong>Az \u00e1rak egy darab\u00a0n\u00f6v\u00e9nyre vonatkoznak.<\/strong><\/li>\n<li><strong>\u00c9l<\/strong><strong>\u0151<\/strong><strong> n\u00f6v\u00e9nyek rendel\u00e9se eset\u00e9n a 14 napos el\u00e1ll\u00e1s joga nem \u00e9rv\u00e9nyes\u00edthet<\/strong><strong>\u0151<\/strong><strong>, mivel azok romland\u00f3, biol\u00f3giailag \u00e9l<\/strong><strong>\u0151<\/strong><strong> term\u00e9keknek min<\/strong><strong>\u0151<\/strong><strong>s\u00fclnek.<br \/>\n\ud83d\udd12 (17\/1999. (II. 5.) Korm. rendelet 5. \u00a7 c) pontja alapj\u00e1n)<\/strong><\/li>\n<\/ul>\n<h4><strong>\ud83d\udce6 K\u00e9zbes\u00edt\u00e9s ut\u00e1ni teend<\/strong><strong>\u0151<\/strong><strong>k<\/strong><\/h4>\n<p><strong>A k\u00e9zbes\u00edt\u00e9st k\u00f6vet<\/strong><strong>\u0151<\/strong><strong>en a csomagot azonnal bontsuk ki, \u00e9s a n\u00f6v\u00e9nyt helyezz\u00fck el megfelel<\/strong><strong>\u0151<\/strong><strong> k\u00f6rnyezetben.<br \/>\nFontos: ha a n\u00f6v\u00e9ny nem r\u00e9szes\u00fcl megfelel<\/strong><strong>\u0151<\/strong><strong> gondoz\u00e1sban \u00e9s ennek k\u00f6vetkezt\u00e9ben k\u00e1rosodik vagy elpusztul, felel<\/strong><strong>\u0151<\/strong><strong>ss\u00e9get nem tudunk v\u00e1llalni.<\/strong><\/p>\n<p><strong>\u00a0<\/strong><\/p>","protected":false},"excerpt":{"rendered":"<p>A <strong data-start=\"422\" data-end=\"457\">Carya illinoinensis \u2018Desirable\u2019<\/strong> kiv\u00e1l\u00f3 min\u0151s\u00e9g\u0171 term\u00e9st ad\u00f3 pek\u00e1ndi\u00f3 fajta. Nagy m\u00e9ret\u0171, v\u00e9kony h\u00e9j\u00fa di\u00f3kat nevel, azonban <strong data-start=\"549\" data-end=\"581\">nem megb\u00edzhat\u00f3an \u00f6nterm\u00e9keny<\/strong>, ez\u00e9rt <strong data-start=\"589\" data-end=\"632\">megfelel\u0151 porz\u00f3fajta \u00fcltet\u00e9se sz\u00fcks\u00e9ges<\/strong> a biztos term\u00e9shozamhoz.<\/p>\n<p>M\u00e9rete: 125-150 cm magas, 5.6 literes kont\u00e9nerben.<\/p>","protected":false},"featured_media":24855,"template":"","meta":{"_et_pb_use_builder":"","_et_pb_old_content":"","_et_gb_content_width":""},"product_brand":[],"product_cat":[29,5357],"product_tag":[7155,7159,5137,7026,7154,7158,7157,7156,4354,7153,7024],"class_list":{"0":"post-24863","1":"product","2":"type-product","3":"status-publish","4":"has-post-thumbnail","6":"product_cat-gyumolcsfak-gyumolcstermo-novenyek","7":"product_cat-mediterran-gyumolcsuk","8":"product_tag-carya","9":"product_tag-desirable","10":"product_tag-diofa","11":"product_tag-diofa-csemete","12":"product_tag-fagyturo-fa","13":"product_tag-fak-es-csemetek","14":"product_tag-hozamu-diofa","15":"product_tag-illionensis","16":"product_tag-ontermekeny","17":"product_tag-pecan","18":"product_tag-pekandio","20":"first","21":"instock","22":"shipping-taxable","23":"purchasable","24":"product-type-simple"},"yoast_head":"<!-- This site is optimized with the Yoast SEO plugin v27.5 - https:\/\/yoast.com\/product\/yoast-seo-wordpress\/ -->\n<title>Carya illinoinensis &#039;Desirable&#039; - Pek\u00e1ndi\u00f3 - T\u00e1jkert\u00e9sz<\/title>\n<meta name=\"description\" content=\"A Carya illinoinensis &#039;Desirable&#039; - Pek\u00e1ndi\u00f3 csemete fagyt\u0171r\u0151, gyorsan n\u00f6vekv\u0151 fa, ami \u00edzletes term\u00e9s\u0171. \u00dcltet\u00e9s, gondoz\u00e1s \u00e9s tippek a sikeres termeszt\u00e9shez.\" \/>\n<meta name=\"robots\" content=\"index, follow, max-snippet:-1, max-image-preview:large, max-video-preview:-1\" \/>\n<link rel=\"canonical\" href=\"https:\/\/tajkertesz.com\/en_US\/product\/carya-illinoinensis-pekandio-2\/\" \/>\n<meta property=\"og:locale\" content=\"en_US\" \/>\n<meta property=\"og:type\" content=\"article\" \/>\n<meta property=\"og:title\" content=\"Carya illinoinensis &#039;Desirable&#039; - Pek\u00e1ndi\u00f3 - T\u00e1jkert\u00e9sz\" \/>\n<meta property=\"og:description\" content=\"A Carya illinoinensis &#039;Desirable&#039; - Pek\u00e1ndi\u00f3 csemete fagyt\u0171r\u0151, gyorsan n\u00f6vekv\u0151 fa, ami \u00edzletes term\u00e9s\u0171. \u00dcltet\u00e9s, gondoz\u00e1s \u00e9s tippek a sikeres termeszt\u00e9shez.\" \/>\n<meta property=\"og:url\" content=\"https:\/\/tajkertesz.com\/en_US\/product\/carya-illinoinensis-pekandio-2\/\" \/>\n<meta property=\"og:site_name\" content=\"T\u00e1jkert\u00e9sz\" \/>\n<meta property=\"article:publisher\" content=\"https:\/\/www.facebook.com\/Tajkertesz\/\" \/>\n<meta property=\"article:modified_time\" content=\"2026-02-27T14:21:08+00:00\" \/>\n<meta property=\"og:image\" content=\"https:\/\/tajkertesz.com\/wp-content\/uploads\/2025\/10\/image5-rotated-e1770377784626.jpeg\" \/>\n\t<meta property=\"og:image:width\" content=\"685\" \/>\n\t<meta property=\"og:image:height\" content=\"1683\" \/>\n\t<meta property=\"og:image:type\" content=\"image\/jpeg\" \/>\n<meta name=\"twitter:card\" content=\"summary_large_image\" \/>\n<meta name=\"twitter:label1\" content=\"Est. reading time\" \/>\n\t<meta name=\"twitter:data1\" content=\"4 minutes\" \/>\n<script type=\"application\/ld+json\" class=\"yoast-schema-graph\">{\"@context\":\"https:\\\/\\\/schema.org\",\"@graph\":[{\"@type\":\"WebPage\",\"@id\":\"https:\\\/\\\/tajkertesz.com\\\/termek\\\/carya-illinoinensis-pekandio-2\\\/\",\"url\":\"https:\\\/\\\/tajkertesz.com\\\/termek\\\/carya-illinoinensis-pekandio-2\\\/\",\"name\":\"Carya illinoinensis 'Desirable' - Pek\u00e1ndi\u00f3 - T\u00e1jkert\u00e9sz\",\"isPartOf\":{\"@id\":\"https:\\\/\\\/tajkertesz.com\\\/#website\"},\"primaryImageOfPage\":{\"@id\":\"https:\\\/\\\/tajkertesz.com\\\/termek\\\/carya-illinoinensis-pekandio-2\\\/#primaryimage\"},\"image\":{\"@id\":\"https:\\\/\\\/tajkertesz.com\\\/termek\\\/carya-illinoinensis-pekandio-2\\\/#primaryimage\"},\"thumbnailUrl\":\"https:\\\/\\\/tajkertesz.com\\\/wp-content\\\/uploads\\\/2025\\\/10\\\/image5-rotated-e1770377784626.jpeg\",\"datePublished\":\"2025-10-10T14:16:37+00:00\",\"dateModified\":\"2026-02-27T14:21:08+00:00\",\"description\":\"A Carya illinoinensis 'Desirable' - Pek\u00e1ndi\u00f3 csemete fagyt\u0171r\u0151, gyorsan n\u00f6vekv\u0151 fa, ami \u00edzletes term\u00e9s\u0171. \u00dcltet\u00e9s, gondoz\u00e1s \u00e9s tippek a sikeres termeszt\u00e9shez.\",\"breadcrumb\":{\"@id\":\"https:\\\/\\\/tajkertesz.com\\\/termek\\\/carya-illinoinensis-pekandio-2\\\/#breadcrumb\"},\"inLanguage\":\"en-US\",\"potentialAction\":[{\"@type\":\"ReadAction\",\"target\":[\"https:\\\/\\\/tajkertesz.com\\\/termek\\\/carya-illinoinensis-pekandio-2\\\/\"]}]},{\"@type\":\"ImageObject\",\"inLanguage\":\"en-US\",\"@id\":\"https:\\\/\\\/tajkertesz.com\\\/termek\\\/carya-illinoinensis-pekandio-2\\\/#primaryimage\",\"url\":\"https:\\\/\\\/tajkertesz.com\\\/wp-content\\\/uploads\\\/2025\\\/10\\\/image5-rotated-e1770377784626.jpeg\",\"contentUrl\":\"https:\\\/\\\/tajkertesz.com\\\/wp-content\\\/uploads\\\/2025\\\/10\\\/image5-rotated-e1770377784626.jpeg\",\"width\":685,\"height\":1683,\"caption\":\"Carya illinoiensis `Mohawk` - Pek\u00e1ndi\u00f3 oltv\u00e1ny\"},{\"@type\":\"BreadcrumbList\",\"@id\":\"https:\\\/\\\/tajkertesz.com\\\/termek\\\/carya-illinoinensis-pekandio-2\\\/#breadcrumb\",\"itemListElement\":[{\"@type\":\"ListItem\",\"position\":1,\"name\":\"Home\",\"item\":\"https:\\\/\\\/tajkertesz.com\\\/\"},{\"@type\":\"ListItem\",\"position\":2,\"name\":\"Kezd\u0151lap\",\"item\":\"https:\\\/\\\/tajkertesz.com\\\/\"},{\"@type\":\"ListItem\",\"position\":3,\"name\":\"Carya illinoinensis &#8216;Desirable&#8217; &#8211; Pek\u00e1ndi\u00f3\"}]},{\"@type\":\"WebSite\",\"@id\":\"https:\\\/\\\/tajkertesz.com\\\/#website\",\"url\":\"https:\\\/\\\/tajkertesz.com\\\/\",\"name\":\"T\u00e1j-Kert\u00e9sz 84 Kft.\",\"description\":\"Kert\u00e9szeti kis- \u00e9s nagykeresked\u00e9s, D\u00edszn\u00f6v\u00e9ny web\u00e1ruh\u00e1z orsz\u00e1gos h\u00e1zhozsz\u00e1ll\u00edt\u00e1ssal!\",\"publisher\":{\"@id\":\"https:\\\/\\\/tajkertesz.com\\\/#organization\"},\"potentialAction\":[{\"@type\":\"SearchAction\",\"target\":{\"@type\":\"EntryPoint\",\"urlTemplate\":\"https:\\\/\\\/tajkertesz.com\\\/?s={search_term_string}\"},\"query-input\":{\"@type\":\"PropertyValueSpecification\",\"valueRequired\":true,\"valueName\":\"search_term_string\"}}],\"inLanguage\":\"en-US\"},{\"@type\":\"Organization\",\"@id\":\"https:\\\/\\\/tajkertesz.com\\\/#organization\",\"name\":\"T\u00e1j-Kert\u00e9sz 84 Kft.\",\"url\":\"https:\\\/\\\/tajkertesz.com\\\/\",\"logo\":{\"@type\":\"ImageObject\",\"inLanguage\":\"en-US\",\"@id\":\"https:\\\/\\\/tajkertesz.com\\\/#\\\/schema\\\/logo\\\/image\\\/\",\"url\":\"https:\\\/\\\/tajkertesz.com\\\/wp-content\\\/uploads\\\/2018\\\/02\\\/logo-2-e1518678052539.png\",\"contentUrl\":\"https:\\\/\\\/tajkertesz.com\\\/wp-content\\\/uploads\\\/2018\\\/02\\\/logo-2-e1518678052539.png\",\"width\":81,\"height\":140,\"caption\":\"T\u00e1j-Kert\u00e9sz 84 Kft.\"},\"image\":{\"@id\":\"https:\\\/\\\/tajkertesz.com\\\/#\\\/schema\\\/logo\\\/image\\\/\"},\"sameAs\":[\"https:\\\/\\\/www.facebook.com\\\/Tajkertesz\\\/\"]}]}<\/script>\n<!-- \/ Yoast SEO plugin. -->","yoast_head_json":{"title":"Carya illinoinensis 'Desirable' - Pek\u00e1ndi\u00f3 - T\u00e1jkert\u00e9sz","description":"A Carya illinoinensis 'Desirable' - Pek\u00e1ndi\u00f3 csemete fagyt\u0171r\u0151, gyorsan n\u00f6vekv\u0151 fa, ami \u00edzletes term\u00e9s\u0171. \u00dcltet\u00e9s, gondoz\u00e1s \u00e9s tippek a sikeres termeszt\u00e9shez.","robots":{"index":"index","follow":"follow","max-snippet":"max-snippet:-1","max-image-preview":"max-image-preview:large","max-video-preview":"max-video-preview:-1"},"canonical":"https:\/\/tajkertesz.com\/en_US\/product\/carya-illinoinensis-pekandio-2\/","og_locale":"en_US","og_type":"article","og_title":"Carya illinoinensis 'Desirable' - Pek\u00e1ndi\u00f3 - T\u00e1jkert\u00e9sz","og_description":"A Carya illinoinensis 'Desirable' - Pek\u00e1ndi\u00f3 csemete fagyt\u0171r\u0151, gyorsan n\u00f6vekv\u0151 fa, ami \u00edzletes term\u00e9s\u0171. \u00dcltet\u00e9s, gondoz\u00e1s \u00e9s tippek a sikeres termeszt\u00e9shez.","og_url":"https:\/\/tajkertesz.com\/en_US\/product\/carya-illinoinensis-pekandio-2\/","og_site_name":"T\u00e1jkert\u00e9sz","article_publisher":"https:\/\/www.facebook.com\/Tajkertesz\/","article_modified_time":"2026-02-27T14:21:08+00:00","og_image":[{"width":685,"height":1683,"url":"https:\/\/tajkertesz.com\/wp-content\/uploads\/2025\/10\/image5-rotated-e1770377784626.jpeg","type":"image\/jpeg"}],"twitter_card":"summary_large_image","twitter_misc":{"Est. reading time":"4 minutes"},"schema":{"@context":"https:\/\/schema.org","@graph":[{"@type":"WebPage","@id":"https:\/\/tajkertesz.com\/termek\/carya-illinoinensis-pekandio-2\/","url":"https:\/\/tajkertesz.com\/termek\/carya-illinoinensis-pekandio-2\/","name":"Carya illinoinensis 'Desirable' - Pek\u00e1ndi\u00f3 - T\u00e1jkert\u00e9sz","isPartOf":{"@id":"https:\/\/tajkertesz.com\/#website"},"primaryImageOfPage":{"@id":"https:\/\/tajkertesz.com\/termek\/carya-illinoinensis-pekandio-2\/#primaryimage"},"image":{"@id":"https:\/\/tajkertesz.com\/termek\/carya-illinoinensis-pekandio-2\/#primaryimage"},"thumbnailUrl":"https:\/\/tajkertesz.com\/wp-content\/uploads\/2025\/10\/image5-rotated-e1770377784626.jpeg","datePublished":"2025-10-10T14:16:37+00:00","dateModified":"2026-02-27T14:21:08+00:00","description":"A Carya illinoinensis 'Desirable' - Pek\u00e1ndi\u00f3 csemete fagyt\u0171r\u0151, gyorsan n\u00f6vekv\u0151 fa, ami \u00edzletes term\u00e9s\u0171. \u00dcltet\u00e9s, gondoz\u00e1s \u00e9s tippek a sikeres termeszt\u00e9shez.","breadcrumb":{"@id":"https:\/\/tajkertesz.com\/termek\/carya-illinoinensis-pekandio-2\/#breadcrumb"},"inLanguage":"en-US","potentialAction":[{"@type":"ReadAction","target":["https:\/\/tajkertesz.com\/termek\/carya-illinoinensis-pekandio-2\/"]}]},{"@type":"ImageObject","inLanguage":"en-US","@id":"https:\/\/tajkertesz.com\/termek\/carya-illinoinensis-pekandio-2\/#primaryimage","url":"https:\/\/tajkertesz.com\/wp-content\/uploads\/2025\/10\/image5-rotated-e1770377784626.jpeg","contentUrl":"https:\/\/tajkertesz.com\/wp-content\/uploads\/2025\/10\/image5-rotated-e1770377784626.jpeg","width":685,"height":1683,"caption":"Carya illinoiensis `Mohawk` - Pek\u00e1ndi\u00f3 oltv\u00e1ny"},{"@type":"BreadcrumbList","@id":"https:\/\/tajkertesz.com\/termek\/carya-illinoinensis-pekandio-2\/#breadcrumb","itemListElement":[{"@type":"ListItem","position":1,"name":"Home","item":"https:\/\/tajkertesz.com\/"},{"@type":"ListItem","position":2,"name":"Kezd\u0151lap","item":"https:\/\/tajkertesz.com\/"},{"@type":"ListItem","position":3,"name":"Carya illinoinensis &#8216;Desirable&#8217; &#8211; Pek\u00e1ndi\u00f3"}]},{"@type":"WebSite","@id":"https:\/\/tajkertesz.com\/#website","url":"https:\/\/tajkertesz.com\/","name":"T\u00e1j-Kert\u00e9sz 84 Kft.","description":"Kert\u00e9szeti kis- \u00e9s nagykeresked\u00e9s, D\u00edszn\u00f6v\u00e9ny web\u00e1ruh\u00e1z orsz\u00e1gos h\u00e1zhozsz\u00e1ll\u00edt\u00e1ssal!","publisher":{"@id":"https:\/\/tajkertesz.com\/#organization"},"potentialAction":[{"@type":"SearchAction","target":{"@type":"EntryPoint","urlTemplate":"https:\/\/tajkertesz.com\/?s={search_term_string}"},"query-input":{"@type":"PropertyValueSpecification","valueRequired":true,"valueName":"search_term_string"}}],"inLanguage":"en-US"},{"@type":"Organization","@id":"https:\/\/tajkertesz.com\/#organization","name":"T\u00e1j-Kert\u00e9sz 84 Kft.","url":"https:\/\/tajkertesz.com\/","logo":{"@type":"ImageObject","inLanguage":"en-US","@id":"https:\/\/tajkertesz.com\/#\/schema\/logo\/image\/","url":"https:\/\/tajkertesz.com\/wp-content\/uploads\/2018\/02\/logo-2-e1518678052539.png","contentUrl":"https:\/\/tajkertesz.com\/wp-content\/uploads\/2018\/02\/logo-2-e1518678052539.png","width":81,"height":140,"caption":"T\u00e1j-Kert\u00e9sz 84 Kft."},"image":{"@id":"https:\/\/tajkertesz.com\/#\/schema\/logo\/image\/"},"sameAs":["https:\/\/www.facebook.com\/Tajkertesz\/"]}]}},"_links":{"self":[{"href":"https:\/\/tajkertesz.com\/en_US\/wp-json\/wp\/v2\/product\/24863","targetHints":{"allow":["GET"]}}],"collection":[{"href":"https:\/\/tajkertesz.com\/en_US\/wp-json\/wp\/v2\/product"}],"about":[{"href":"https:\/\/tajkertesz.com\/en_US\/wp-json\/wp\/v2\/types\/product"}],"wp:featuredmedia":[{"embeddable":true,"href":"https:\/\/tajkertesz.com\/en_US\/wp-json\/wp\/v2\/media\/24855"}],"wp:attachment":[{"href":"https:\/\/tajkertesz.com\/en_US\/wp-json\/wp\/v2\/media?parent=24863"}],"wp:term":[{"taxonomy":"product_brand","embeddable":true,"href":"https:\/\/tajkertesz.com\/en_US\/wp-json\/wp\/v2\/product_brand?post=24863"},{"taxonomy":"product_cat","embeddable":true,"href":"https:\/\/tajkertesz.com\/en_US\/wp-json\/wp\/v2\/product_cat?post=24863"},{"taxonomy":"product_tag","embeddable":true,"href":"https:\/\/tajkertesz.com\/en_US\/wp-json\/wp\/v2\/product_tag?post=24863"}],"curies":[{"name":"wp","href":"https:\/\/api.w.org\/{rel}","templated":true}]}}