{"id":24913,"date":"2025-10-14T14:58:31","date_gmt":"2025-10-14T14:58:31","guid":{"rendered":"https:\/\/tajkertesz.com\/?post_type=product&#038;p=24913"},"modified":"2026-02-23T13:19:10","modified_gmt":"2026-02-23T13:19:10","slug":"prunus-cerasus-jachim-oszlopos-meggyfa","status":"publish","type":"product","link":"https:\/\/tajkertesz.com\/en_US\/product\/prunus-cerasus-jachim-oszlopos-meggyfa\/","title":{"rendered":"Prunus cerasus \u2018Jachim\u2019 \u2013 Oszlopos meggyfa"},"content":{"rendered":"<h1>Prunus cerasus \u2018Jachim\u2019 \u2013 Oszlopos meggyfa<\/h1>\n<p>Prunus cerasus \u2018Jachim\u2019 \u2013 Oszlopos meggyfa<\/p>\n<p data-start=\"658\" data-end=\"829\">egy modern, N\u00e9metorsz\u00e1gban nemes\u00edtett oszlopos meggyfajta \u2013 sz\u00e1rmaz\u00e1sa a <em data-start=\"761\" data-end=\"778\">K\u00f6r\u00f6ser \u00d7 Safir<\/em> keresztez\u00e9s.<\/p>\n<p data-start=\"831\" data-end=\"1055\">Ez a fajta k\u00fcl\u00f6n\u00f6sen alkalmas olyan kertekbe, ahol helysz\u0171ke van, mert sz\u0171k, oszlopos habitussal n\u0151. A fa k\u00f6zepes er\u00e9ly\u0171, a Mahalebka alanyon nevelt, ami viszonylag gyors term\u0151re fordul.<\/p>\n<p data-start=\"1057\" data-end=\"1076\"><strong data-start=\"1057\" data-end=\"1076\">F\u0151bb jellemz\u0151k:<\/strong><\/p>\n<ul data-start=\"1077\" data-end=\"1875\">\n<li data-start=\"1077\" data-end=\"1209\">\n<p data-start=\"1079\" data-end=\"1209\"><strong data-start=\"1079\" data-end=\"1092\">Gy\u00fcm\u00f6lcs:<\/strong> K\u00f6zepes m\u00e9ret (kb. <strong data-start=\"1112\" data-end=\"1121\">5\u20116 g<\/strong>), s\u00f6t\u00e9tbord\u00f3 sz\u00edn\u0171 h\u00e9jjal, lap\u00edtott g\u00f6mb alak\u00fa.<\/p>\n<\/li>\n<li data-start=\"1210\" data-end=\"1322\">\n<p data-start=\"1212\" data-end=\"1322\"><strong data-start=\"1212\" data-end=\"1225\">H\u00fas \/ \u00cdz:<\/strong> Intenz\u00edv bord\u00f3 h\u00fas, l\u00e9d\u00fas, harmonikus \u00e9des\u2011savanyk\u00e1s \u00edz.<\/p>\n<\/li>\n<li data-start=\"1323\" data-end=\"1414\">\n<p data-start=\"1325\" data-end=\"1414\"><strong data-start=\"1325\" data-end=\"1339\">\u00c9r\u00e9si id\u0151:<\/strong> J\u00falius k\u00f6zep\u00e9t\u0151l\/ m\u00e1sodik fel\u00e9t\u0151l.<\/p>\n<\/li>\n<li data-start=\"1415\" data-end=\"1532\">\n<p data-start=\"1417\" data-end=\"1532\"><strong data-start=\"1417\" data-end=\"1438\">Term\u0151re fordul\u00e1s:<\/strong> Kor\u00e1n term\u0151re t\u00e9r, rendszeres, b\u0151s\u00e9ges hozamra k\u00e9pes.<\/p>\n<\/li>\n<li data-start=\"1533\" data-end=\"1668\">\n<p data-start=\"1535\" data-end=\"1668\"><strong data-start=\"1535\" data-end=\"1546\">Porz\u00e1s:<\/strong> \u00d6nbeporz\u00f3 (\u00f6nterm\u00e9keny), teh\u00e1t m\u00e1s f\u00e1val val\u00f3 k\u00f6zels\u00e9g nem felt\u00e9tlen\u00fcl sz\u00fcks\u00e9ges.<\/p>\n<\/li>\n<li data-start=\"1669\" data-end=\"1875\">\n<p data-start=\"1671\" data-end=\"1875\"><strong data-start=\"1671\" data-end=\"1695\">N\u00f6veked\u00e9s \/ Habitus:<\/strong> Oszlopos, keskeny koron\u00e1val. Kifejezetten alkalmas kis kertekbe, kont\u00e9nerekbe, vagy balkonra. Metsz\u00e9se kev\u00e9s, f\u0151k\u00e9nt formafenntart\u00e1s miatt.<\/p>\n<\/li>\n<\/ul>\n<h4><strong>\ud83d\udd04 K\u00e9szletinform\u00e1ci\u00f3<\/strong><\/h4>\n<p><strong>K\u00e9szlet\u00fcnk napi szinten v\u00e1ltozik, \u00edgy a webshopban szerepl<\/strong><strong>\u0151<\/strong><strong>\u00a0term\u00e9kek el\u00e9rhet<\/strong><strong>\u0151<\/strong><strong>s\u00e9ge nem garant\u00e1lt.<br \/>\n\ud83d\udcde A megrendel\u00e9s el<\/strong><strong>\u0151<\/strong><strong>tt k\u00e9rj\u00fck, \u00e9rdekl<\/strong><strong>\u0151<\/strong><strong>dj\u00f6n szem\u00e9lyesen, telefonon vagy e-mailben!<\/strong><\/p>\n<h4><strong>\u27a1\ufe0f Kapcsolat:<\/strong><\/h4>\n<ul>\n<li><strong>Weboldal:\u00a0<\/strong><a href=\"https:\/\/tajkertesz.com\/\"><strong>tajkertesz.com<\/strong><\/a><\/li>\n<li><strong>Facebook:\u00a0<\/strong><a href=\"https:\/\/www.facebook.com\/tajkertesz\/\"><strong>facebook.com\/tajkertesz<\/strong><\/a><\/li>\n<li><strong>Telefonsz\u00e1m, e-mail: +36\/20-319-3770\u00a0<\/strong><a href=\"mailto:tajkerteszaruda@gmail.com\"><strong>tajkerteszaruda@gmail.com<\/strong><\/a><\/li>\n<\/ul>\n<h4><strong>\ud83d\ude9a Sz\u00e1ll\u00edt\u00e1si inform\u00e1ci\u00f3k<\/strong><\/h4>\n<p><strong>A megrendelt n\u00f6v\u00e9nyek kisz\u00e1ll\u00edt\u00e1sa az al\u00e1bbi felt\u00e9telek mellett t\u00f6rt\u00e9nik:<\/strong><\/p>\n<h4><strong>\ud83d\udce6 Fut\u00e1rszolg\u00e1latos sz\u00e1ll\u00edt\u00e1s<\/strong><\/h4>\n<ul>\n<li><strong>Maxim\u00e1lis m\u00e9ret: 200 cm (hossz\u00fas\u00e1g)<\/strong><\/li>\n<li><strong>Maxim\u00e1lis s\u00faly: 40 kg<\/strong><\/li>\n<li><strong>Az enn\u00e9l kisebb \u00e9s k\u00f6nnyebb csomagokat fut\u00e1rszolg\u00e1lattal k\u00e9zbes\u00edtj\u00fck a lehet<\/strong><strong>\u0151<\/strong><strong>\u00a0legbiztons\u00e1gosabb csomagol\u00e1sban.<\/strong><\/li>\n<\/ul>\n<h4><strong>\ud83d\udefb Szem\u00e9lyes \u00e1tv\u00e9tel<\/strong><\/h4>\n<ul>\n<li><strong>1173 Budapest, Bakancsos utca 7. sz\u00e1m alatt nyitvatart\u00e1si id<\/strong><strong>\u0151<\/strong><strong>ben szem\u00e9lyesen \u00e1tvehet<\/strong><strong>\u0151<\/strong><strong>\u00a0kert\u00e9szeti \u00e1rud\u00e1nkban.<\/strong><\/li>\n<li><strong>K\u00f6lts\u00e9ghat\u00e9kony megold\u00e1s nagyobb, t\u00f6r\u00e9kenyebb vagy t\u00falm\u00e9retes n\u00f6v\u00e9nyek eset\u00e9n.<\/strong><\/li>\n<\/ul>\n<h4><strong>\ud83d\udcde Nagy m\u00e9ret<\/strong><strong>\u0171<\/strong><strong>\u00a0vagy s\u00faly\u00fa n\u00f6v\u00e9nyek eset\u00e9n<\/strong><\/h4>\n<p><strong>Ha a term\u00e9k:<\/strong><\/p>\n<ul>\n<li><strong>meghaladja a 200 cm hossz\u00fas\u00e1got vagy<\/strong><\/li>\n<li><strong>meghaladja a 40 kg s\u00falyt,<\/strong><\/li>\n<\/ul>\n<p><strong>akkor szem\u00e9lyes \u00e1tv\u00e9tellel vagy egyedi, el<\/strong><strong>\u0151<\/strong><strong>re egyeztetett sz\u00e1ll\u00edt\u00e1si felt\u00e9telek mellett t\u00f6rt\u00e9nik.<br \/>\nK\u00e9rj\u00fck, ilyen esetben rendel\u00e9s el<\/strong><strong>\u0151<\/strong><strong>tt vegye fel vel\u00fcnk a kapcsolatot, hogy a lehet<\/strong><strong>\u0151<\/strong><strong>\u00a0legmegfelel<\/strong><strong>\u0151<\/strong><strong>bb sz\u00e1ll\u00edt\u00e1si megold\u00e1st k\u00edn\u00e1lhassuk.<\/strong><\/p>\n<p><strong>\ud83d\udd14 Fontos: A n\u00f6v\u00e9nyeket minden esetben igyeksz\u00fcnk gondosan, egyes\u00e9vel csomagolni, azonban a sz\u00e1ll\u00edt\u00e1s sor\u00e1n kisebb eszt\u00e9tikai s\u00e9r\u00fcl\u00e9sek el<\/strong><strong>\u0151<\/strong><strong>fordulhatnak (pl. lev\u00e9lhull\u00e1s). Ez nem min<\/strong><strong>\u0151<\/strong><strong>s\u00fcl hib\u00e1s teljes\u00edt\u00e9snek.<\/strong><\/p>\n<h4><strong>\ud83d\udcf7 Fontos tudni a k\u00e9pekr<\/strong><strong>\u0151<\/strong><strong>l<\/strong><\/h4>\n<p><strong>A webshopban szerepl<\/strong><strong>\u0151<\/strong><strong>\u00a0k\u00e9pek illusztr\u00e1ci\u00f3k, a n\u00f6v\u00e9nyek term\u00e9szet\u00fckn\u00e9l fogva egyediek, \u00edgy m\u00e9retben, alakban \u00e9s sz\u00ednben minim\u00e1lis elt\u00e9r\u00e9sek el<\/strong><strong>\u0151<\/strong><strong>fordulhatnak a k\u00e9pen l\u00e1that\u00f3 \u00e9s a val\u00f3s p\u00e9ld\u00e1nyok k\u00f6z\u00f6tt.<\/strong><\/p>\n<h4><strong>\ud83e\uddfe \u00c1rak \u00e9s el\u00e1ll\u00e1si jog<\/strong><\/h4>\n<ul>\n<li><strong>Az \u00e1rak egy darab\u00a0n\u00f6v\u00e9nyre vonatkoznak.<\/strong><\/li>\n<li><strong>\u00c9l<\/strong><strong>\u0151<\/strong><strong>\u00a0n\u00f6v\u00e9nyek rendel\u00e9se eset\u00e9n a 14 napos el\u00e1ll\u00e1s joga nem \u00e9rv\u00e9nyes\u00edthet<\/strong><strong>\u0151<\/strong><strong>, mivel azok romland\u00f3, biol\u00f3giailag \u00e9l<\/strong><strong>\u0151<\/strong><strong>\u00a0term\u00e9keknek min<\/strong><strong>\u0151<\/strong><strong>s\u00fclnek.<br \/>\n\ud83d\udd12 (17\/1999. (II. 5.) Korm. rendelet 5. \u00a7 c) pontja alapj\u00e1n)<\/strong><\/li>\n<\/ul>\n<h4><strong>\ud83d\udce6 K\u00e9zbes\u00edt\u00e9s ut\u00e1ni teend<\/strong><strong>\u0151<\/strong><strong>k<\/strong><\/h4>\n<p><strong>A k\u00e9zbes\u00edt\u00e9st k\u00f6vet<\/strong><strong>\u0151<\/strong><strong>en a csomagot azonnal bontsuk ki, \u00e9s a n\u00f6v\u00e9nyt helyezz\u00fck el megfelel<\/strong><strong>\u0151<\/strong><strong>\u00a0k\u00f6rnyezetben.<br \/>\nFontos: ha a n\u00f6v\u00e9ny nem r\u00e9szes\u00fcl megfelel<\/strong><strong>\u0151<\/strong><strong>\u00a0gondoz\u00e1sban \u00e9s ennek k\u00f6vetkezt\u00e9ben k\u00e1rosodik vagy elpusztul, felel<\/strong><strong>\u0151<\/strong><strong>ss\u00e9get nem tudunk v\u00e1llalni.<\/strong><\/p>","protected":false},"excerpt":{"rendered":"<p data-start=\"407\" data-end=\"608\">Kompakt, oszlopos n\u00f6veked\u00e9s\u0171 <strong data-start=\"436\" data-end=\"456\">\u2018Jachim\u2019 meggyfa<\/strong>, \u00f6nterm\u00e9keny, b\u0151term\u0151 \u00e9s apr\u00f3bb helyeken is j\u00f3l tarthat\u00f3. K\u00f6z\u00e9pnagy, s\u00f6t\u00e9tbord\u00f3 gy\u00fcm\u00f6lcsei \u00e9des-savanyk\u00e1k, ide\u00e1lis friss fogyaszt\u00e1sra \u00e9s feldolgoz\u00e1sra.<\/p>\n<p data-start=\"407\" data-end=\"608\">M\u00e9rete: 90-100 cm magas, 5 literes kont\u00e9nerben.<\/p>","protected":false},"featured_media":24914,"template":"","meta":{"_et_pb_use_builder":"","_et_pb_old_content":"","_et_gb_content_width":""},"product_brand":[],"product_cat":[5297],"product_tag":[7193,6840,7217,4350,6755,7213,7214,7216,7215],"class_list":{"0":"post-24913","1":"product","2":"type-product","3":"status-publish","4":"has-post-thumbnail","6":"product_cat-meggy","7":"product_tag-balkon-gyumolcsfa","8":"product_tag-konteneres-gyumolcsfa","9":"product_tag-kozeperesu-meggyfa","10":"product_tag-meggy","11":"product_tag-ontermekeny-meggy","12":"product_tag-oszlopos-meggy","13":"product_tag-prunus-cerasus-jachim","14":"product_tag-sotetbordo-meggy","15":"product_tag-sour-cherry","17":"first","18":"outofstock","19":"shipping-taxable","20":"product-type-simple"},"yoast_head":"<!-- This site is optimized with the Yoast SEO plugin v27.5 - https:\/\/yoast.com\/product\/yoast-seo-wordpress\/ -->\n<title>Prunus cerasus \u2018Jachim\u2019 \u2013 Oszlopos meggyfa - T\u00e1jkert\u00e9sz<\/title>\n<meta name=\"description\" content=\"Prunus cerasus \u2018Jachim\u2019 \u2013 Oszlopos meggyfa \u00f6nterm\u00e9keny, s\u00f6t\u00e9tbord\u00f3 gy\u00fcm\u00f6lcs\u00f6kkel. Kisebb kertekbe, kont\u00e9nerekbe is ide\u00e1lis.\" \/>\n<meta name=\"robots\" content=\"index, follow, max-snippet:-1, max-image-preview:large, max-video-preview:-1\" \/>\n<link rel=\"canonical\" href=\"https:\/\/tajkertesz.com\/en_US\/product\/prunus-cerasus-jachim-oszlopos-meggyfa\/\" \/>\n<meta property=\"og:locale\" content=\"en_US\" \/>\n<meta property=\"og:type\" content=\"article\" \/>\n<meta property=\"og:title\" content=\"Prunus cerasus \u2018Jachim\u2019 \u2013 Oszlopos meggyfa - T\u00e1jkert\u00e9sz\" \/>\n<meta property=\"og:description\" content=\"Prunus cerasus \u2018Jachim\u2019 \u2013 Oszlopos meggyfa \u00f6nterm\u00e9keny, s\u00f6t\u00e9tbord\u00f3 gy\u00fcm\u00f6lcs\u00f6kkel. Kisebb kertekbe, kont\u00e9nerekbe is ide\u00e1lis.\" \/>\n<meta property=\"og:url\" content=\"https:\/\/tajkertesz.com\/en_US\/product\/prunus-cerasus-jachim-oszlopos-meggyfa\/\" \/>\n<meta property=\"og:site_name\" content=\"T\u00e1jkert\u00e9sz\" \/>\n<meta property=\"article:publisher\" content=\"https:\/\/www.facebook.com\/Tajkertesz\/\" \/>\n<meta property=\"article:modified_time\" content=\"2026-02-23T13:19:10+00:00\" \/>\n<meta property=\"og:image\" content=\"https:\/\/tajkertesz.com\/wp-content\/uploads\/2025\/10\/GS501930-r2-718x750-proportionalsmallest.jpg\" \/>\n\t<meta property=\"og:image:width\" content=\"518\" \/>\n\t<meta property=\"og:image:height\" content=\"693\" \/>\n\t<meta property=\"og:image:type\" content=\"image\/jpeg\" \/>\n<meta name=\"twitter:card\" content=\"summary_large_image\" \/>\n<meta name=\"twitter:label1\" content=\"Est. reading time\" \/>\n\t<meta name=\"twitter:data1\" content=\"3 minutes\" \/>\n<script type=\"application\/ld+json\" class=\"yoast-schema-graph\">{\"@context\":\"https:\\\/\\\/schema.org\",\"@graph\":[{\"@type\":\"WebPage\",\"@id\":\"https:\\\/\\\/tajkertesz.com\\\/termek\\\/prunus-cerasus-jachim-oszlopos-meggyfa\\\/\",\"url\":\"https:\\\/\\\/tajkertesz.com\\\/termek\\\/prunus-cerasus-jachim-oszlopos-meggyfa\\\/\",\"name\":\"Prunus cerasus \u2018Jachim\u2019 \u2013 Oszlopos meggyfa - T\u00e1jkert\u00e9sz\",\"isPartOf\":{\"@id\":\"https:\\\/\\\/tajkertesz.com\\\/#website\"},\"primaryImageOfPage\":{\"@id\":\"https:\\\/\\\/tajkertesz.com\\\/termek\\\/prunus-cerasus-jachim-oszlopos-meggyfa\\\/#primaryimage\"},\"image\":{\"@id\":\"https:\\\/\\\/tajkertesz.com\\\/termek\\\/prunus-cerasus-jachim-oszlopos-meggyfa\\\/#primaryimage\"},\"thumbnailUrl\":\"https:\\\/\\\/tajkertesz.com\\\/wp-content\\\/uploads\\\/2025\\\/10\\\/GS501930-r2-718x750-proportionalsmallest.jpg\",\"datePublished\":\"2025-10-14T14:58:31+00:00\",\"dateModified\":\"2026-02-23T13:19:10+00:00\",\"description\":\"Prunus cerasus \u2018Jachim\u2019 \u2013 Oszlopos meggyfa \u00f6nterm\u00e9keny, s\u00f6t\u00e9tbord\u00f3 gy\u00fcm\u00f6lcs\u00f6kkel. Kisebb kertekbe, kont\u00e9nerekbe is ide\u00e1lis.\",\"breadcrumb\":{\"@id\":\"https:\\\/\\\/tajkertesz.com\\\/termek\\\/prunus-cerasus-jachim-oszlopos-meggyfa\\\/#breadcrumb\"},\"inLanguage\":\"en-US\",\"potentialAction\":[{\"@type\":\"ReadAction\",\"target\":[\"https:\\\/\\\/tajkertesz.com\\\/termek\\\/prunus-cerasus-jachim-oszlopos-meggyfa\\\/\"]}]},{\"@type\":\"ImageObject\",\"inLanguage\":\"en-US\",\"@id\":\"https:\\\/\\\/tajkertesz.com\\\/termek\\\/prunus-cerasus-jachim-oszlopos-meggyfa\\\/#primaryimage\",\"url\":\"https:\\\/\\\/tajkertesz.com\\\/wp-content\\\/uploads\\\/2025\\\/10\\\/GS501930-r2-718x750-proportionalsmallest.jpg\",\"contentUrl\":\"https:\\\/\\\/tajkertesz.com\\\/wp-content\\\/uploads\\\/2025\\\/10\\\/GS501930-r2-718x750-proportionalsmallest.jpg\",\"width\":518,\"height\":693,\"caption\":\"Prunus cerasus \u2018Jachim\u2019 \u2013 Oszlopos meggyfa\"},{\"@type\":\"BreadcrumbList\",\"@id\":\"https:\\\/\\\/tajkertesz.com\\\/termek\\\/prunus-cerasus-jachim-oszlopos-meggyfa\\\/#breadcrumb\",\"itemListElement\":[{\"@type\":\"ListItem\",\"position\":1,\"name\":\"Home\",\"item\":\"https:\\\/\\\/tajkertesz.com\\\/\"},{\"@type\":\"ListItem\",\"position\":2,\"name\":\"Kezd\u0151lap\",\"item\":\"https:\\\/\\\/tajkertesz.com\\\/\"},{\"@type\":\"ListItem\",\"position\":3,\"name\":\"Prunus cerasus \u2018Jachim\u2019 \u2013 Oszlopos meggyfa\"}]},{\"@type\":\"WebSite\",\"@id\":\"https:\\\/\\\/tajkertesz.com\\\/#website\",\"url\":\"https:\\\/\\\/tajkertesz.com\\\/\",\"name\":\"T\u00e1j-Kert\u00e9sz 84 Kft.\",\"description\":\"Kert\u00e9szeti kis- \u00e9s nagykeresked\u00e9s, D\u00edszn\u00f6v\u00e9ny web\u00e1ruh\u00e1z orsz\u00e1gos h\u00e1zhozsz\u00e1ll\u00edt\u00e1ssal!\",\"publisher\":{\"@id\":\"https:\\\/\\\/tajkertesz.com\\\/#organization\"},\"potentialAction\":[{\"@type\":\"SearchAction\",\"target\":{\"@type\":\"EntryPoint\",\"urlTemplate\":\"https:\\\/\\\/tajkertesz.com\\\/?s={search_term_string}\"},\"query-input\":{\"@type\":\"PropertyValueSpecification\",\"valueRequired\":true,\"valueName\":\"search_term_string\"}}],\"inLanguage\":\"en-US\"},{\"@type\":\"Organization\",\"@id\":\"https:\\\/\\\/tajkertesz.com\\\/#organization\",\"name\":\"T\u00e1j-Kert\u00e9sz 84 Kft.\",\"url\":\"https:\\\/\\\/tajkertesz.com\\\/\",\"logo\":{\"@type\":\"ImageObject\",\"inLanguage\":\"en-US\",\"@id\":\"https:\\\/\\\/tajkertesz.com\\\/#\\\/schema\\\/logo\\\/image\\\/\",\"url\":\"https:\\\/\\\/tajkertesz.com\\\/wp-content\\\/uploads\\\/2018\\\/02\\\/logo-2-e1518678052539.png\",\"contentUrl\":\"https:\\\/\\\/tajkertesz.com\\\/wp-content\\\/uploads\\\/2018\\\/02\\\/logo-2-e1518678052539.png\",\"width\":81,\"height\":140,\"caption\":\"T\u00e1j-Kert\u00e9sz 84 Kft.\"},\"image\":{\"@id\":\"https:\\\/\\\/tajkertesz.com\\\/#\\\/schema\\\/logo\\\/image\\\/\"},\"sameAs\":[\"https:\\\/\\\/www.facebook.com\\\/Tajkertesz\\\/\"]}]}<\/script>\n<!-- \/ Yoast SEO plugin. -->","yoast_head_json":{"title":"Prunus cerasus \u2018Jachim\u2019 \u2013 Oszlopos meggyfa - T\u00e1jkert\u00e9sz","description":"Prunus cerasus \u2018Jachim\u2019 \u2013 Oszlopos meggyfa \u00f6nterm\u00e9keny, s\u00f6t\u00e9tbord\u00f3 gy\u00fcm\u00f6lcs\u00f6kkel. Kisebb kertekbe, kont\u00e9nerekbe is ide\u00e1lis.","robots":{"index":"index","follow":"follow","max-snippet":"max-snippet:-1","max-image-preview":"max-image-preview:large","max-video-preview":"max-video-preview:-1"},"canonical":"https:\/\/tajkertesz.com\/en_US\/product\/prunus-cerasus-jachim-oszlopos-meggyfa\/","og_locale":"en_US","og_type":"article","og_title":"Prunus cerasus \u2018Jachim\u2019 \u2013 Oszlopos meggyfa - T\u00e1jkert\u00e9sz","og_description":"Prunus cerasus \u2018Jachim\u2019 \u2013 Oszlopos meggyfa \u00f6nterm\u00e9keny, s\u00f6t\u00e9tbord\u00f3 gy\u00fcm\u00f6lcs\u00f6kkel. Kisebb kertekbe, kont\u00e9nerekbe is ide\u00e1lis.","og_url":"https:\/\/tajkertesz.com\/en_US\/product\/prunus-cerasus-jachim-oszlopos-meggyfa\/","og_site_name":"T\u00e1jkert\u00e9sz","article_publisher":"https:\/\/www.facebook.com\/Tajkertesz\/","article_modified_time":"2026-02-23T13:19:10+00:00","og_image":[{"width":518,"height":693,"url":"https:\/\/tajkertesz.com\/wp-content\/uploads\/2025\/10\/GS501930-r2-718x750-proportionalsmallest.jpg","type":"image\/jpeg"}],"twitter_card":"summary_large_image","twitter_misc":{"Est. reading time":"3 minutes"},"schema":{"@context":"https:\/\/schema.org","@graph":[{"@type":"WebPage","@id":"https:\/\/tajkertesz.com\/termek\/prunus-cerasus-jachim-oszlopos-meggyfa\/","url":"https:\/\/tajkertesz.com\/termek\/prunus-cerasus-jachim-oszlopos-meggyfa\/","name":"Prunus cerasus \u2018Jachim\u2019 \u2013 Oszlopos meggyfa - T\u00e1jkert\u00e9sz","isPartOf":{"@id":"https:\/\/tajkertesz.com\/#website"},"primaryImageOfPage":{"@id":"https:\/\/tajkertesz.com\/termek\/prunus-cerasus-jachim-oszlopos-meggyfa\/#primaryimage"},"image":{"@id":"https:\/\/tajkertesz.com\/termek\/prunus-cerasus-jachim-oszlopos-meggyfa\/#primaryimage"},"thumbnailUrl":"https:\/\/tajkertesz.com\/wp-content\/uploads\/2025\/10\/GS501930-r2-718x750-proportionalsmallest.jpg","datePublished":"2025-10-14T14:58:31+00:00","dateModified":"2026-02-23T13:19:10+00:00","description":"Prunus cerasus \u2018Jachim\u2019 \u2013 Oszlopos meggyfa \u00f6nterm\u00e9keny, s\u00f6t\u00e9tbord\u00f3 gy\u00fcm\u00f6lcs\u00f6kkel. Kisebb kertekbe, kont\u00e9nerekbe is ide\u00e1lis.","breadcrumb":{"@id":"https:\/\/tajkertesz.com\/termek\/prunus-cerasus-jachim-oszlopos-meggyfa\/#breadcrumb"},"inLanguage":"en-US","potentialAction":[{"@type":"ReadAction","target":["https:\/\/tajkertesz.com\/termek\/prunus-cerasus-jachim-oszlopos-meggyfa\/"]}]},{"@type":"ImageObject","inLanguage":"en-US","@id":"https:\/\/tajkertesz.com\/termek\/prunus-cerasus-jachim-oszlopos-meggyfa\/#primaryimage","url":"https:\/\/tajkertesz.com\/wp-content\/uploads\/2025\/10\/GS501930-r2-718x750-proportionalsmallest.jpg","contentUrl":"https:\/\/tajkertesz.com\/wp-content\/uploads\/2025\/10\/GS501930-r2-718x750-proportionalsmallest.jpg","width":518,"height":693,"caption":"Prunus cerasus \u2018Jachim\u2019 \u2013 Oszlopos meggyfa"},{"@type":"BreadcrumbList","@id":"https:\/\/tajkertesz.com\/termek\/prunus-cerasus-jachim-oszlopos-meggyfa\/#breadcrumb","itemListElement":[{"@type":"ListItem","position":1,"name":"Home","item":"https:\/\/tajkertesz.com\/"},{"@type":"ListItem","position":2,"name":"Kezd\u0151lap","item":"https:\/\/tajkertesz.com\/"},{"@type":"ListItem","position":3,"name":"Prunus cerasus \u2018Jachim\u2019 \u2013 Oszlopos meggyfa"}]},{"@type":"WebSite","@id":"https:\/\/tajkertesz.com\/#website","url":"https:\/\/tajkertesz.com\/","name":"T\u00e1j-Kert\u00e9sz 84 Kft.","description":"Kert\u00e9szeti kis- \u00e9s nagykeresked\u00e9s, D\u00edszn\u00f6v\u00e9ny web\u00e1ruh\u00e1z orsz\u00e1gos h\u00e1zhozsz\u00e1ll\u00edt\u00e1ssal!","publisher":{"@id":"https:\/\/tajkertesz.com\/#organization"},"potentialAction":[{"@type":"SearchAction","target":{"@type":"EntryPoint","urlTemplate":"https:\/\/tajkertesz.com\/?s={search_term_string}"},"query-input":{"@type":"PropertyValueSpecification","valueRequired":true,"valueName":"search_term_string"}}],"inLanguage":"en-US"},{"@type":"Organization","@id":"https:\/\/tajkertesz.com\/#organization","name":"T\u00e1j-Kert\u00e9sz 84 Kft.","url":"https:\/\/tajkertesz.com\/","logo":{"@type":"ImageObject","inLanguage":"en-US","@id":"https:\/\/tajkertesz.com\/#\/schema\/logo\/image\/","url":"https:\/\/tajkertesz.com\/wp-content\/uploads\/2018\/02\/logo-2-e1518678052539.png","contentUrl":"https:\/\/tajkertesz.com\/wp-content\/uploads\/2018\/02\/logo-2-e1518678052539.png","width":81,"height":140,"caption":"T\u00e1j-Kert\u00e9sz 84 Kft."},"image":{"@id":"https:\/\/tajkertesz.com\/#\/schema\/logo\/image\/"},"sameAs":["https:\/\/www.facebook.com\/Tajkertesz\/"]}]}},"_links":{"self":[{"href":"https:\/\/tajkertesz.com\/en_US\/wp-json\/wp\/v2\/product\/24913","targetHints":{"allow":["GET"]}}],"collection":[{"href":"https:\/\/tajkertesz.com\/en_US\/wp-json\/wp\/v2\/product"}],"about":[{"href":"https:\/\/tajkertesz.com\/en_US\/wp-json\/wp\/v2\/types\/product"}],"wp:featuredmedia":[{"embeddable":true,"href":"https:\/\/tajkertesz.com\/en_US\/wp-json\/wp\/v2\/media\/24914"}],"wp:attachment":[{"href":"https:\/\/tajkertesz.com\/en_US\/wp-json\/wp\/v2\/media?parent=24913"}],"wp:term":[{"taxonomy":"product_brand","embeddable":true,"href":"https:\/\/tajkertesz.com\/en_US\/wp-json\/wp\/v2\/product_brand?post=24913"},{"taxonomy":"product_cat","embeddable":true,"href":"https:\/\/tajkertesz.com\/en_US\/wp-json\/wp\/v2\/product_cat?post=24913"},{"taxonomy":"product_tag","embeddable":true,"href":"https:\/\/tajkertesz.com\/en_US\/wp-json\/wp\/v2\/product_tag?post=24913"}],"curies":[{"name":"wp","href":"https:\/\/api.w.org\/{rel}","templated":true}]}}