{"id":24982,"date":"2025-10-21T13:30:41","date_gmt":"2025-10-21T13:30:41","guid":{"rendered":"https:\/\/tajkertesz.com\/?post_type=product&#038;p=24982"},"modified":"2025-10-21T13:30:43","modified_gmt":"2025-10-21T13:30:43","slug":"kompresszor-csatlakozo-ontozorendszerre-1-2","status":"publish","type":"product","link":"https:\/\/tajkertesz.com\/en_US\/product\/kompresszor-csatlakozo-ontozorendszerre-1-2\/","title":{"rendered":"Kompresszor csatlakoz\u00f3 \u00f6nt\u00f6z\u0151rendszerre 1\/2&#8243;"},"content":{"rendered":"<h1>Kompresszor csatlakoz\u00f3 \u00f6nt\u00f6z\u0151rendszerre 1\/2&#8243;<\/h1>\n<p>Kompresszor csatlakoz\u00f3 \u00f6nt\u00f6z\u0151rendszerre 1\/2&#8243;<\/p>\n<div class=\"Y3BBE\" data-sfc-cp=\"\" data-hveid=\"CAMQAA\" data-processed=\"true\" data-complete=\"true\"><strong class=\"Yjhzub\" data-complete=\"true\" data-processed=\"true\">1\/2 h\u00fcvelykes kompresszor csatlakoz\u00f3k \u00f6nt\u00f6z\u0151rendszerhez<\/strong><button class=\"rBl3me\" tabindex=\"0\" data-amic=\"true\" data-icl-uuid=\"0f8d8f94-d503-416a-a213-4bef3b8308ee\" aria-label=\"Kapcsol\u00f3d\u00f3 linkek megjelen\u00edt\u00e9se\" data-wiz-attrbind=\"disabled=R8ICff_e_C5gNJc;class=R8ICff_e_UpSNec;\" data-ved=\"2ahUKEwjjlY6msLWQAxWFhf0HHUuXOd8Qye0OegQIAxAB\"><\/button><\/div>\n<p><strong class=\"Yjhzub\" data-complete=\"true\">R\u00e9z csatlakoz\u00f3k<\/strong>: A r\u00e9z csatlakoz\u00f3k tart\u00f3sak \u00e9s korr\u00f3zi\u00f3\u00e1ll\u00f3ak.<\/p>\n<p><strong class=\"Yjhzub\" data-complete=\"true\">Kompresszor gyorscsatlakoz\u00f3k k\u00fcls\u0151 menettel<\/strong><span class=\"T286Pc\" data-sfc-cp=\"\" data-complete=\"true\">: Ezekkel a csatlakoz\u00f3kkal gyorsan \u00e9s egyszer\u0171en lehet csatlakoztatni a kompresszor t\u00f6ml\u0151j\u00e9t a rendszerhez.<\/span><\/p>\n<div class=\"Y3BBE\" data-sfc-cp=\"\" data-hveid=\"CAsQAA\" data-processed=\"true\" data-complete=\"true\"><strong class=\"Yjhzub\" data-complete=\"true\" data-processed=\"true\">Fontos tan\u00e1csok t\u00e9lies\u00edt\u00e9shez<\/strong><button class=\"rBl3me\" tabindex=\"0\" data-amic=\"true\" data-icl-uuid=\"63ef45d3-7fab-471f-9cd0-a21047d7a7e8\" aria-label=\"Kapcsol\u00f3d\u00f3 linkek megjelen\u00edt\u00e9se\" data-wiz-attrbind=\"disabled=R8ICff_2g_C5gNJc;class=R8ICff_2g_UpSNec;\" data-ved=\"2ahUKEwjjlY6msLWQAxWFhf0HHUuXOd8Qye0OegQICxAB\"><\/button><\/div>\n<ul class=\"KsbFXc U6u95\" data-processed=\"true\" data-complete=\"true\">\n<li data-hveid=\"CA0QAA\" data-complete=\"true\" data-sae=\"\"><span class=\"T286Pc\" data-sfc-cp=\"\" data-complete=\"true\"><strong class=\"Yjhzub\" data-complete=\"true\">Nyom\u00e1sbe\u00e1ll\u00edt\u00e1s<\/strong>: \u00c1ll\u00edtsa be a kompresszor nyom\u00e1s\u00e1t a cs\u00f6vek anyag\u00e1hoz. Polietil\u00e9n cs\u00f6vek eset\u00e9n 60-80 PSI, PVC cs\u00f6vekn\u00e9l pedig 50 PSI k\u00f6r\u00fcli nyom\u00e1s javasolt.<\/span><\/li>\n<li data-hveid=\"CA0QAQ\" data-complete=\"true\" data-sae=\"\"><span class=\"T286Pc\" data-sfc-cp=\"\" data-complete=\"true\"><strong class=\"Yjhzub\" data-complete=\"true\">Z\u00f3n\u00e1nk\u00e9nti v\u00edztelen\u00edt\u00e9s<\/strong>: A rendszert z\u00f3n\u00e1nk\u00e9nt v\u00edztelen\u00edtse, kezdve a kompresszor csatlakoz\u00e1st\u00f3l legt\u00e1volabbi z\u00f3n\u00e1val.<\/span><\/li>\n<li data-hveid=\"CA0QAg\" data-sae=\"\" data-complete=\"true\"><span class=\"T286Pc\" data-sfc-cp=\"\" data-complete=\"true\"><strong class=\"Yjhzub\" data-complete=\"true\">T\u00falf\u00faj\u00e1s elker\u00fcl\u00e9se<\/strong>: Ne f\u00fajassa t\u00fal sok\u00e1ig a sz\u00e1raz cs\u00f6veket, mivel a s\u00farl\u00f3d\u00e1s \u00e9s a h\u0151 k\u00e1ros\u00edthatja a rendszert.<\/span><\/li>\n<li data-hveid=\"CA0QAw\" data-complete=\"true\" data-processed=\"true\" data-sae=\"\"><span class=\"T286Pc\" data-sfc-cp=\"\" data-complete=\"true\"><strong class=\"Yjhzub\" data-complete=\"true\">Szem\u00e9lyi v\u00e9delem<\/strong>: Mindig viseljen megfelel\u0151 v\u00e9d\u0151felszerel\u00e9st (pl. v\u00e9d\u0151szem\u00fcveget) a kif\u00fav\u00e1s sor\u00e1n.<\/span><span class=\"uJ19be notranslate\" data-wiz-uids=\"R8ICff_3r,R8ICff_3s\" data-complete=\"true\"><span class=\"vKEkVd\" data-animation-atomic=\"\" data-sae=\"\">\u00a0<\/span><\/span><\/li>\n<\/ul>\n<div class=\"Y3BBE\" data-sfc-cp=\"\" data-hveid=\"CAEIAxAA\" data-complete=\"true\" data-processed=\"true\">Az \u00f6nt\u00f6z\u0151rendszert m\u00e9g az\u00a0<strong class=\"Yjhzub\" data-complete=\"true\" data-processed=\"true\">els\u0151 kem\u00e9nyebb fagyok be\u00e1llta el\u0151tt<\/strong>\u00a0kell t\u00e9lies\u00edteni. A pontos id\u0151z\u00edt\u00e9s nagym\u00e9rt\u00e9kben f\u00fcgg az adott f\u00f6ldrajzi elhelyezked\u00e9st\u0151l \u00e9s az \u00e9ves id\u0151j\u00e1r\u00e1st\u00f3l.<span class=\"uJ19be notranslate\" data-wiz-uids=\"QbFnae_e,QbFnae_f\" data-complete=\"true\" data-processed=\"true\"><span class=\"vKEkVd\" data-animation-atomic=\"\" data-sae=\"\">\u00a0<button class=\"rBl3me\" tabindex=\"0\" data-amic=\"true\" data-icl-uuid=\"10ccfcf0-b076-43f0-8a48-eaaf5842fbb8\" aria-label=\"Kapcsol\u00f3d\u00f3 linkek megjelen\u00edt\u00e9se\" data-wiz-attrbind=\"disabled=QbFnae_e_C5gNJc;class=QbFnae_e_UpSNec;\" data-ved=\"2ahUKEwi5vpfpsLWQAxWvR_4FHWPNEBYQye0OegYIAQgDEAE\"><\/button><\/span><\/span><\/div>\n<div class=\"Y3BBE\" data-sfc-cp=\"\" data-hveid=\"CAEIBBAA\" data-processed=\"true\" data-complete=\"true\"><strong class=\"Yjhzub\" data-complete=\"true\" data-processed=\"true\">A legfontosabb szempontok az id\u0151z\u00edt\u00e9shez:<\/strong><button class=\"rBl3me\" tabindex=\"0\" data-amic=\"true\" data-icl-uuid=\"f249cf74-bb33-4ece-b396-63df5040d912\" aria-label=\"Kapcsol\u00f3d\u00f3 linkek megjelen\u00edt\u00e9se\" data-wiz-attrbind=\"disabled=QbFnae_l_C5gNJc;class=QbFnae_l_UpSNec;\" data-ved=\"2ahUKEwi5vpfpsLWQAxWvR_4FHWPNEBYQye0OegYIAQgEEAE\"><\/button><\/div>\n<ul class=\"KsbFXc U6u95\" data-complete=\"true\" data-processed=\"true\">\n<li data-hveid=\"CAEIBRAA\" data-complete=\"true\" data-sae=\"\"><span class=\"T286Pc\" data-sfc-cp=\"\" data-complete=\"true\"><strong class=\"Yjhzub\" data-complete=\"true\">Az els\u0151 fagyok el\u0151tt<\/strong>: Magyarorsz\u00e1gon ez jellemz\u0151en\u00a0<strong class=\"Yjhzub\" data-complete=\"true\">okt\u00f3ber v\u00e9g\u00e9re, november elej\u00e9re<\/strong>\u00a0tehet\u0151, de mindig \u00e9rdemes figyelemmel k\u00eds\u00e9rni a helyi id\u0151j\u00e1r\u00e1s-el\u0151rejelz\u00e9st.<\/span><\/li>\n<li data-hveid=\"CAEIBRAB\" data-complete=\"true\" data-sae=\"\"><span class=\"T286Pc\" data-sfc-cp=\"\" data-complete=\"true\"><strong class=\"Yjhzub\" data-complete=\"true\">A szezon v\u00e9ge<\/strong>: Amikor a n\u00f6v\u00e9nyek n\u00f6veked\u00e9se lelassul, a f\u0171ny\u00edr\u00e1s ritkul, \u00e9s az \u00f6nt\u00f6z\u00e9sre m\u00e1r nincs sz\u00fcks\u00e9g, az is egy jel, hogy \u00e9rdemes elkezdeni a t\u00e9lies\u00edt\u00e9st.<\/span><\/li>\n<li data-hveid=\"CAEIBRAC\" data-complete=\"true\" data-sae=\"\"><span class=\"T286Pc\" data-sfc-cp=\"\" data-complete=\"true\"><strong class=\"Yjhzub\" data-complete=\"true\">A talaj fagy\u00e1sa<\/strong>: Mivel a talaj lassabban h\u0171l le, mint a leveg\u0151, az teljesen f\u00f6ld alatt fut\u00f3 rendszerek eset\u00e9n egy kicsit k\u00e9s\u0151bb is elv\u00e9gezhet\u0151 a folyamat, de a l\u00e9nyeg, hogy a talaj fagy\u00e1sa el\u0151tt mindenk\u00e9ppen megt\u00f6rt\u00e9njen.<\/span><\/li>\n<li data-hveid=\"CAEIBRAD\" data-complete=\"true\" data-sae=\"\"><span class=\"T286Pc\" data-sfc-cp=\"\" data-complete=\"true\"><strong class=\"Yjhzub\" data-complete=\"true\">F\u00f6ld feletti alkatr\u00e9szek<\/strong>: Ha a rendszernek vannak f\u00f6ld feletti r\u00e9szei (p\u00e9ld\u00e1ul visszafoly\u00e1sg\u00e1tl\u00f3 szelep), akkor \u00e9rdemes a t\u00e9lies\u00edt\u00e9st hamarabb elv\u00e9gezni, mivel ezek a r\u00e9szek jobban ki vannak t\u00e9ve a fagynak.<\/span><span class=\"uJ19be notranslate\" data-wiz-uids=\"QbFnae_11,QbFnae_12\" data-complete=\"true\"><span class=\"vKEkVd\" data-animation-atomic=\"\" data-sae=\"\">\u00a0<button class=\"rBl3me\" tabindex=\"0\" data-amic=\"true\" data-icl-uuid=\"bcaaa3a6-bee0-4a36-95c6-f4745fcb0b30\" aria-label=\"Kapcsol\u00f3d\u00f3 linkek megjelen\u00edt\u00e9se\" data-wiz-attrbind=\"disabled=QbFnae_11_C5gNJc;class=QbFnae_11_UpSNec;\" data-ved=\"2ahUKEwi5vpfpsLWQAxWvR_4FHWPNEBYQye0OegYIAQgFEAQ\"><\/button><\/span><\/span><\/li>\n<\/ul>\n<div class=\"Y3BBE\" data-sfc-cp=\"\" data-hveid=\"CAEIBxAA\" data-complete=\"true\" data-processed=\"true\">A t\u00e9lies\u00edt\u00e9s elmulaszt\u00e1sa komoly k\u00e1rokat okozhat, mivel a cs\u00f6vekben, sz\u00f3r\u00f3fejekben \u00e9s szelepekben megfagy\u00f3 v\u00edz sz\u00e9trepesztheti azokat, ami k\u00f6lts\u00e9ges jav\u00edt\u00e1shoz vezet.<\/div>\n<div data-sfc-cp=\"\" data-hveid=\"CAEIBxAA\" data-complete=\"true\" data-processed=\"true\"><\/div>\n<div data-sfc-cp=\"\" data-hveid=\"CAEIBxAA\" data-complete=\"true\" data-processed=\"true\"><span style=\"color: #000000;\"><strong>K\u00e9szlet\u00fcnk napi szinten v\u00e1ltozik ez\u00e9rt k\u00e9rj\u00fck \u00e9<span style=\"font-family: Ubuntu, sans-serif;\">rdekl\u0151dni telefonon vagy email-en.<\/span><\/strong><\/span><\/div>\n<div data-sfc-cp=\"\" data-hveid=\"CAEIBxAA\" data-complete=\"true\" data-processed=\"true\">\n<p style=\"line-height: 18.0pt; background: white; margin: 0cm 0cm 15.0pt 0cm;\"><b><span style=\"font-family: 'Ubuntu',sans-serif; color: black;\">A v\u00e1ltoztat\u00e1s jog\u00e1t fenntartjuk!\u00a0<\/span><\/b><\/p>\n<p><a href=\"https:\/\/tajkertesz.com\/\">https:\/\/tajkertesz.com\/<\/a><\/p>\n<p><a href=\"https:\/\/www.facebook.com\/tajkertesz\/\">https:\/\/www.facebook.com\/tajkertesz\/<\/a><\/p>\n<p>Kisz\u00e1ll\u00edt\u00e1s: 200cm-ig \u00e9s 40 kg-ig a sz\u00e1ll\u00edt\u00e1s fut\u00e1rszolg\u00e1lattal t\u00f6rt\u00e9nik.<\/p>\n<p>Szem\u00e9lyes \u00e1tv\u00e9tel nyitvatart\u00e1si id\u0151ben<b><span style=\"font-family: 'Ubuntu',sans-serif; color: black;\">\u00a0<\/span><\/b>a 17. ker\u00fclet Bakancsos utca 7. sz\u00e1m alatti Kert\u00e9szeti \u00e1rud\u00e1nkban.<\/p>\n<p><b><u>Kert\u00e9p\u00edt\u0151k \u00e9s viszontelad\u00f3k regisztr\u00e1l\u00e1s ut\u00e1n egyedi kedvezm\u00e9nnyel v\u00e1s\u00e1rolhatnak kert\u00e9szeti kis-\u00e9s nagykeresked\u00e9s\u00fcnkben.<\/u><\/b><\/p>\n<\/div>","protected":false},"excerpt":{"rendered":"<div class=\"Y3BBE\" data-sfc-cp=\"\" data-hveid=\"CAMQAA\" data-processed=\"true\" data-complete=\"true\"><strong class=\"Yjhzub\" data-complete=\"true\" data-processed=\"true\">1\/2 h\u00fcvelykes kompresszor csatlakoz\u00f3k \u00f6nt\u00f6z\u0151rendszerhez<\/strong><button class=\"rBl3me\" tabindex=\"0\" data-amic=\"true\" data-icl-uuid=\"0f8d8f94-d503-416a-a213-4bef3b8308ee\" aria-label=\"Kapcsol\u00f3d\u00f3 linkek megjelen\u00edt\u00e9se\" data-wiz-attrbind=\"disabled=R8ICff_e_C5gNJc;class=R8ICff_e_UpSNec;\" data-ved=\"2ahUKEwjjlY6msLWQAxWFhf0HHUuXOd8Qye0OegQIAxAB\"><\/button><\/div>\n<div class=\"Y3BBE\" data-sfc-cp=\"\" data-hveid=\"CAQQAA\" data-complete=\"true\" data-processed=\"true\">Az 1\/2 h\u00fcvelykes kompresszor csatlakoz\u00f3kat leggyakrabban az \u00f6nt\u00f6z\u0151rendszerek t\u00e9lies\u00edt\u00e9s\u00e9re haszn\u00e1lj\u00e1k, amikor a kompresszorral kif\u00fajj\u00e1k a cs\u00f6vekb\u0151l a vizet. A csatlakoz\u00f3 egyik fele az \u00f6nt\u00f6z\u0151rendszerhez, a m\u00e1sik a kompresszor leveg\u0151t\u00f6ml\u0151j\u00e9hez illeszkedik.<span class=\"uJ19be notranslate\" data-wiz-uids=\"R8ICff_h,R8ICff_i\" data-complete=\"true\" data-processed=\"true\"><span class=\"vKEkVd\" data-animation-atomic=\"\" data-sae=\"\">\u00a0<\/span><\/span><\/div>\n<div data-sfc-cp=\"\" data-hveid=\"CAQQAA\" data-complete=\"true\" data-processed=\"true\"><\/div>\n<p><strong class=\"Yjhzub\" data-complete=\"true\">R\u00e9z csatlakoz\u00f3k<\/strong>: A r\u00e9z csatlakoz\u00f3k tart\u00f3sak \u00e9s korr\u00f3zi\u00f3\u00e1ll\u00f3ak.<\/p>","protected":false},"featured_media":24983,"template":"","meta":{"_et_pb_use_builder":"","_et_pb_old_content":"","_et_gb_content_width":""},"product_brand":[],"product_cat":[4234],"product_tag":[7288,7287,7289,7290],"class_list":{"0":"post-24982","1":"product","2":"type-product","3":"status-publish","4":"has-post-thumbnail","6":"product_cat-egyeb-szerelvenyek","7":"product_tag-gyorscsatlakozo","8":"product_tag-kompresszor","9":"product_tag-teliesites","10":"product_tag-viztelenites","12":"first","13":"instock","14":"shipping-taxable","15":"purchasable","16":"product-type-simple"},"yoast_head":"<!-- This site is optimized with the Yoast SEO plugin v27.5 - https:\/\/yoast.com\/product\/yoast-seo-wordpress\/ -->\n<title>Kompresszor csatlakoz\u00f3 \u00f6nt\u00f6z\u0151rendszerre 1\/2&quot; - T\u00e1jkert\u00e9sz<\/title>\n<meta name=\"description\" content=\"Kompresszor csatlakoz\u00f3 \u00f6nt\u00f6z\u0151rendszerre 1\/2&quot; A r\u00e9z csatlakoz\u00f3k tart\u00f3sak \u00e9s korr\u00f3zi\u00f3\u00e1ll\u00f3ak.Kompresszor csatlakoz\u00f3 amely 1\/2&quot;-os k\u00fcls\u0151 menettel rendelkezik.\" \/>\n<meta name=\"robots\" content=\"index, follow, max-snippet:-1, max-image-preview:large, max-video-preview:-1\" \/>\n<link rel=\"canonical\" href=\"https:\/\/tajkertesz.com\/en_US\/product\/kompresszor-csatlakozo-ontozorendszerre-1-2\/\" \/>\n<meta property=\"og:locale\" content=\"en_US\" \/>\n<meta property=\"og:type\" content=\"article\" \/>\n<meta property=\"og:title\" content=\"Kompresszor csatlakoz\u00f3 \u00f6nt\u00f6z\u0151rendszerre 1\/2&quot; - T\u00e1jkert\u00e9sz\" \/>\n<meta property=\"og:description\" content=\"Kompresszor csatlakoz\u00f3 \u00f6nt\u00f6z\u0151rendszerre 1\/2&quot; A r\u00e9z csatlakoz\u00f3k tart\u00f3sak \u00e9s korr\u00f3zi\u00f3\u00e1ll\u00f3ak.Kompresszor csatlakoz\u00f3 amely 1\/2&quot;-os k\u00fcls\u0151 menettel rendelkezik.\" \/>\n<meta property=\"og:url\" content=\"https:\/\/tajkertesz.com\/en_US\/product\/kompresszor-csatlakozo-ontozorendszerre-1-2\/\" \/>\n<meta property=\"og:site_name\" content=\"T\u00e1jkert\u00e9sz\" \/>\n<meta property=\"article:publisher\" content=\"https:\/\/www.facebook.com\/Tajkertesz\/\" \/>\n<meta property=\"article:modified_time\" content=\"2025-10-21T13:30:43+00:00\" \/>\n<meta property=\"og:image\" content=\"https:\/\/tajkertesz.com\/wp-content\/uploads\/2025\/10\/20251021_151358-scaled.jpg\" \/>\n\t<meta property=\"og:image:width\" content=\"2560\" \/>\n\t<meta property=\"og:image:height\" content=\"1153\" \/>\n\t<meta property=\"og:image:type\" content=\"image\/jpeg\" \/>\n<meta name=\"twitter:card\" content=\"summary_large_image\" \/>\n<meta name=\"twitter:label1\" content=\"Est. reading time\" \/>\n\t<meta name=\"twitter:data1\" content=\"2 minutes\" \/>\n<script type=\"application\/ld+json\" class=\"yoast-schema-graph\">{\"@context\":\"https:\\\/\\\/schema.org\",\"@graph\":[{\"@type\":\"WebPage\",\"@id\":\"https:\\\/\\\/tajkertesz.com\\\/termek\\\/kompresszor-csatlakozo-ontozorendszerre-1-2\\\/\",\"url\":\"https:\\\/\\\/tajkertesz.com\\\/termek\\\/kompresszor-csatlakozo-ontozorendszerre-1-2\\\/\",\"name\":\"Kompresszor csatlakoz\u00f3 \u00f6nt\u00f6z\u0151rendszerre 1\\\/2\\\" - T\u00e1jkert\u00e9sz\",\"isPartOf\":{\"@id\":\"https:\\\/\\\/tajkertesz.com\\\/#website\"},\"primaryImageOfPage\":{\"@id\":\"https:\\\/\\\/tajkertesz.com\\\/termek\\\/kompresszor-csatlakozo-ontozorendszerre-1-2\\\/#primaryimage\"},\"image\":{\"@id\":\"https:\\\/\\\/tajkertesz.com\\\/termek\\\/kompresszor-csatlakozo-ontozorendszerre-1-2\\\/#primaryimage\"},\"thumbnailUrl\":\"https:\\\/\\\/tajkertesz.com\\\/wp-content\\\/uploads\\\/2025\\\/10\\\/20251021_151358-scaled.jpg\",\"datePublished\":\"2025-10-21T13:30:41+00:00\",\"dateModified\":\"2025-10-21T13:30:43+00:00\",\"description\":\"Kompresszor csatlakoz\u00f3 \u00f6nt\u00f6z\u0151rendszerre 1\\\/2\\\" A r\u00e9z csatlakoz\u00f3k tart\u00f3sak \u00e9s korr\u00f3zi\u00f3\u00e1ll\u00f3ak.Kompresszor csatlakoz\u00f3 amely 1\\\/2\\\"-os k\u00fcls\u0151 menettel rendelkezik.\",\"breadcrumb\":{\"@id\":\"https:\\\/\\\/tajkertesz.com\\\/termek\\\/kompresszor-csatlakozo-ontozorendszerre-1-2\\\/#breadcrumb\"},\"inLanguage\":\"en-US\",\"potentialAction\":[{\"@type\":\"ReadAction\",\"target\":[\"https:\\\/\\\/tajkertesz.com\\\/termek\\\/kompresszor-csatlakozo-ontozorendszerre-1-2\\\/\"]}]},{\"@type\":\"ImageObject\",\"inLanguage\":\"en-US\",\"@id\":\"https:\\\/\\\/tajkertesz.com\\\/termek\\\/kompresszor-csatlakozo-ontozorendszerre-1-2\\\/#primaryimage\",\"url\":\"https:\\\/\\\/tajkertesz.com\\\/wp-content\\\/uploads\\\/2025\\\/10\\\/20251021_151358-scaled.jpg\",\"contentUrl\":\"https:\\\/\\\/tajkertesz.com\\\/wp-content\\\/uploads\\\/2025\\\/10\\\/20251021_151358-scaled.jpg\",\"width\":2560,\"height\":1153,\"caption\":\"Kompresszor csatlakoz\u00f3 \u00f6nt\u00f6z\u0151rendszerre 1\\\/2\\\"\"},{\"@type\":\"BreadcrumbList\",\"@id\":\"https:\\\/\\\/tajkertesz.com\\\/termek\\\/kompresszor-csatlakozo-ontozorendszerre-1-2\\\/#breadcrumb\",\"itemListElement\":[{\"@type\":\"ListItem\",\"position\":1,\"name\":\"Home\",\"item\":\"https:\\\/\\\/tajkertesz.com\\\/\"},{\"@type\":\"ListItem\",\"position\":2,\"name\":\"Kezd\u0151lap\",\"item\":\"https:\\\/\\\/tajkertesz.com\\\/\"},{\"@type\":\"ListItem\",\"position\":3,\"name\":\"Kompresszor csatlakoz\u00f3 \u00f6nt\u00f6z\u0151rendszerre 1\\\/2&#8243;\"}]},{\"@type\":\"WebSite\",\"@id\":\"https:\\\/\\\/tajkertesz.com\\\/#website\",\"url\":\"https:\\\/\\\/tajkertesz.com\\\/\",\"name\":\"T\u00e1j-Kert\u00e9sz 84 Kft.\",\"description\":\"Kert\u00e9szeti kis- \u00e9s nagykeresked\u00e9s, D\u00edszn\u00f6v\u00e9ny web\u00e1ruh\u00e1z orsz\u00e1gos h\u00e1zhozsz\u00e1ll\u00edt\u00e1ssal!\",\"publisher\":{\"@id\":\"https:\\\/\\\/tajkertesz.com\\\/#organization\"},\"potentialAction\":[{\"@type\":\"SearchAction\",\"target\":{\"@type\":\"EntryPoint\",\"urlTemplate\":\"https:\\\/\\\/tajkertesz.com\\\/?s={search_term_string}\"},\"query-input\":{\"@type\":\"PropertyValueSpecification\",\"valueRequired\":true,\"valueName\":\"search_term_string\"}}],\"inLanguage\":\"en-US\"},{\"@type\":\"Organization\",\"@id\":\"https:\\\/\\\/tajkertesz.com\\\/#organization\",\"name\":\"T\u00e1j-Kert\u00e9sz 84 Kft.\",\"url\":\"https:\\\/\\\/tajkertesz.com\\\/\",\"logo\":{\"@type\":\"ImageObject\",\"inLanguage\":\"en-US\",\"@id\":\"https:\\\/\\\/tajkertesz.com\\\/#\\\/schema\\\/logo\\\/image\\\/\",\"url\":\"https:\\\/\\\/tajkertesz.com\\\/wp-content\\\/uploads\\\/2018\\\/02\\\/logo-2-e1518678052539.png\",\"contentUrl\":\"https:\\\/\\\/tajkertesz.com\\\/wp-content\\\/uploads\\\/2018\\\/02\\\/logo-2-e1518678052539.png\",\"width\":81,\"height\":140,\"caption\":\"T\u00e1j-Kert\u00e9sz 84 Kft.\"},\"image\":{\"@id\":\"https:\\\/\\\/tajkertesz.com\\\/#\\\/schema\\\/logo\\\/image\\\/\"},\"sameAs\":[\"https:\\\/\\\/www.facebook.com\\\/Tajkertesz\\\/\"]}]}<\/script>\n<!-- \/ Yoast SEO plugin. -->","yoast_head_json":{"title":"Kompresszor csatlakoz\u00f3 \u00f6nt\u00f6z\u0151rendszerre 1\/2\" - T\u00e1jkert\u00e9sz","description":"Kompresszor csatlakoz\u00f3 \u00f6nt\u00f6z\u0151rendszerre 1\/2\" A r\u00e9z csatlakoz\u00f3k tart\u00f3sak \u00e9s korr\u00f3zi\u00f3\u00e1ll\u00f3ak.Kompresszor csatlakoz\u00f3 amely 1\/2\"-os k\u00fcls\u0151 menettel rendelkezik.","robots":{"index":"index","follow":"follow","max-snippet":"max-snippet:-1","max-image-preview":"max-image-preview:large","max-video-preview":"max-video-preview:-1"},"canonical":"https:\/\/tajkertesz.com\/en_US\/product\/kompresszor-csatlakozo-ontozorendszerre-1-2\/","og_locale":"en_US","og_type":"article","og_title":"Kompresszor csatlakoz\u00f3 \u00f6nt\u00f6z\u0151rendszerre 1\/2\" - T\u00e1jkert\u00e9sz","og_description":"Kompresszor csatlakoz\u00f3 \u00f6nt\u00f6z\u0151rendszerre 1\/2\" A r\u00e9z csatlakoz\u00f3k tart\u00f3sak \u00e9s korr\u00f3zi\u00f3\u00e1ll\u00f3ak.Kompresszor csatlakoz\u00f3 amely 1\/2\"-os k\u00fcls\u0151 menettel rendelkezik.","og_url":"https:\/\/tajkertesz.com\/en_US\/product\/kompresszor-csatlakozo-ontozorendszerre-1-2\/","og_site_name":"T\u00e1jkert\u00e9sz","article_publisher":"https:\/\/www.facebook.com\/Tajkertesz\/","article_modified_time":"2025-10-21T13:30:43+00:00","og_image":[{"width":2560,"height":1153,"url":"https:\/\/tajkertesz.com\/wp-content\/uploads\/2025\/10\/20251021_151358-scaled.jpg","type":"image\/jpeg"}],"twitter_card":"summary_large_image","twitter_misc":{"Est. reading time":"2 minutes"},"schema":{"@context":"https:\/\/schema.org","@graph":[{"@type":"WebPage","@id":"https:\/\/tajkertesz.com\/termek\/kompresszor-csatlakozo-ontozorendszerre-1-2\/","url":"https:\/\/tajkertesz.com\/termek\/kompresszor-csatlakozo-ontozorendszerre-1-2\/","name":"Kompresszor csatlakoz\u00f3 \u00f6nt\u00f6z\u0151rendszerre 1\/2\" - T\u00e1jkert\u00e9sz","isPartOf":{"@id":"https:\/\/tajkertesz.com\/#website"},"primaryImageOfPage":{"@id":"https:\/\/tajkertesz.com\/termek\/kompresszor-csatlakozo-ontozorendszerre-1-2\/#primaryimage"},"image":{"@id":"https:\/\/tajkertesz.com\/termek\/kompresszor-csatlakozo-ontozorendszerre-1-2\/#primaryimage"},"thumbnailUrl":"https:\/\/tajkertesz.com\/wp-content\/uploads\/2025\/10\/20251021_151358-scaled.jpg","datePublished":"2025-10-21T13:30:41+00:00","dateModified":"2025-10-21T13:30:43+00:00","description":"Kompresszor csatlakoz\u00f3 \u00f6nt\u00f6z\u0151rendszerre 1\/2\" A r\u00e9z csatlakoz\u00f3k tart\u00f3sak \u00e9s korr\u00f3zi\u00f3\u00e1ll\u00f3ak.Kompresszor csatlakoz\u00f3 amely 1\/2\"-os k\u00fcls\u0151 menettel rendelkezik.","breadcrumb":{"@id":"https:\/\/tajkertesz.com\/termek\/kompresszor-csatlakozo-ontozorendszerre-1-2\/#breadcrumb"},"inLanguage":"en-US","potentialAction":[{"@type":"ReadAction","target":["https:\/\/tajkertesz.com\/termek\/kompresszor-csatlakozo-ontozorendszerre-1-2\/"]}]},{"@type":"ImageObject","inLanguage":"en-US","@id":"https:\/\/tajkertesz.com\/termek\/kompresszor-csatlakozo-ontozorendszerre-1-2\/#primaryimage","url":"https:\/\/tajkertesz.com\/wp-content\/uploads\/2025\/10\/20251021_151358-scaled.jpg","contentUrl":"https:\/\/tajkertesz.com\/wp-content\/uploads\/2025\/10\/20251021_151358-scaled.jpg","width":2560,"height":1153,"caption":"Kompresszor csatlakoz\u00f3 \u00f6nt\u00f6z\u0151rendszerre 1\/2\""},{"@type":"BreadcrumbList","@id":"https:\/\/tajkertesz.com\/termek\/kompresszor-csatlakozo-ontozorendszerre-1-2\/#breadcrumb","itemListElement":[{"@type":"ListItem","position":1,"name":"Home","item":"https:\/\/tajkertesz.com\/"},{"@type":"ListItem","position":2,"name":"Kezd\u0151lap","item":"https:\/\/tajkertesz.com\/"},{"@type":"ListItem","position":3,"name":"Kompresszor csatlakoz\u00f3 \u00f6nt\u00f6z\u0151rendszerre 1\/2&#8243;"}]},{"@type":"WebSite","@id":"https:\/\/tajkertesz.com\/#website","url":"https:\/\/tajkertesz.com\/","name":"T\u00e1j-Kert\u00e9sz 84 Kft.","description":"Kert\u00e9szeti kis- \u00e9s nagykeresked\u00e9s, D\u00edszn\u00f6v\u00e9ny web\u00e1ruh\u00e1z orsz\u00e1gos h\u00e1zhozsz\u00e1ll\u00edt\u00e1ssal!","publisher":{"@id":"https:\/\/tajkertesz.com\/#organization"},"potentialAction":[{"@type":"SearchAction","target":{"@type":"EntryPoint","urlTemplate":"https:\/\/tajkertesz.com\/?s={search_term_string}"},"query-input":{"@type":"PropertyValueSpecification","valueRequired":true,"valueName":"search_term_string"}}],"inLanguage":"en-US"},{"@type":"Organization","@id":"https:\/\/tajkertesz.com\/#organization","name":"T\u00e1j-Kert\u00e9sz 84 Kft.","url":"https:\/\/tajkertesz.com\/","logo":{"@type":"ImageObject","inLanguage":"en-US","@id":"https:\/\/tajkertesz.com\/#\/schema\/logo\/image\/","url":"https:\/\/tajkertesz.com\/wp-content\/uploads\/2018\/02\/logo-2-e1518678052539.png","contentUrl":"https:\/\/tajkertesz.com\/wp-content\/uploads\/2018\/02\/logo-2-e1518678052539.png","width":81,"height":140,"caption":"T\u00e1j-Kert\u00e9sz 84 Kft."},"image":{"@id":"https:\/\/tajkertesz.com\/#\/schema\/logo\/image\/"},"sameAs":["https:\/\/www.facebook.com\/Tajkertesz\/"]}]}},"_links":{"self":[{"href":"https:\/\/tajkertesz.com\/en_US\/wp-json\/wp\/v2\/product\/24982","targetHints":{"allow":["GET"]}}],"collection":[{"href":"https:\/\/tajkertesz.com\/en_US\/wp-json\/wp\/v2\/product"}],"about":[{"href":"https:\/\/tajkertesz.com\/en_US\/wp-json\/wp\/v2\/types\/product"}],"wp:featuredmedia":[{"embeddable":true,"href":"https:\/\/tajkertesz.com\/en_US\/wp-json\/wp\/v2\/media\/24983"}],"wp:attachment":[{"href":"https:\/\/tajkertesz.com\/en_US\/wp-json\/wp\/v2\/media?parent=24982"}],"wp:term":[{"taxonomy":"product_brand","embeddable":true,"href":"https:\/\/tajkertesz.com\/en_US\/wp-json\/wp\/v2\/product_brand?post=24982"},{"taxonomy":"product_cat","embeddable":true,"href":"https:\/\/tajkertesz.com\/en_US\/wp-json\/wp\/v2\/product_cat?post=24982"},{"taxonomy":"product_tag","embeddable":true,"href":"https:\/\/tajkertesz.com\/en_US\/wp-json\/wp\/v2\/product_tag?post=24982"}],"curies":[{"name":"wp","href":"https:\/\/api.w.org\/{rel}","templated":true}]}}