{"id":25048,"date":"2025-10-24T07:16:32","date_gmt":"2025-10-24T07:16:32","guid":{"rendered":"https:\/\/tajkertesz.com\/?post_type=product&#038;p=25048"},"modified":"2026-02-24T10:01:13","modified_gmt":"2026-02-24T10:01:13","slug":"cedrus-libani-libanoni-cedrus","status":"publish","type":"product","link":"https:\/\/tajkertesz.com\/en_US\/product\/cedrus-libani-libanoni-cedrus\/","title":{"rendered":"Cedrus libani &#8211; Libanoni c\u00e9drus"},"content":{"rendered":"<h1 data-start=\"922\" data-end=\"1223\"><strong data-start=\"924\" data-end=\"941\">Cedrus libani<\/strong><span data-start=\"924\" data-end=\"941\"> &#8211; <\/span><strong data-start=\"953\" data-end=\"972\">Libanoni c\u00e9drus<\/strong><\/h1>\n<p data-start=\"922\" data-end=\"1223\">A <strong data-start=\"924\" data-end=\"941\">Cedrus libani<\/strong><span data-start=\"924\" data-end=\"941\"> &#8211; <\/span><strong data-start=\"953\" data-end=\"972\">Libanoni c\u00e9drus<\/strong>\u00a0az egyik legnemesebb t\u0171level\u0171 d\u00edszfa. Sz\u00e1rmaz\u00e1si helye a K\u00f6zel-Kelet magashegys\u00e9gei, ahol ak\u00e1r t\u00f6bb ezer \u00e9vig is \u00e9lhet. Haz\u00e1nkban kedvelt <strong data-start=\"1112\" data-end=\"1143\">park- \u00e9s kertd\u00edsz\u00edt\u0151 n\u00f6v\u00e9ny<\/strong>, amely megfelel\u0151 k\u00f6r\u00fclm\u00e9nyek k\u00f6z\u00f6tt ak\u00e1r 20\u201330 m\u00e9teres magass\u00e1got is el\u00e9rhet.<\/p>\n<h4 data-start=\"1225\" data-end=\"1247\">\ud83c\udf3f F\u0151bb jellemz\u0151k:<\/h4>\n<ul data-start=\"1248\" data-end=\"1602\">\n<li data-start=\"1248\" data-end=\"1278\">\n<p data-start=\"1250\" data-end=\"1278\"><strong data-start=\"1250\" data-end=\"1260\">T\u00edpus:<\/strong> \u00d6r\u00f6kz\u00f6ld d\u00edszfa<\/p>\n<\/li>\n<li data-start=\"1279\" data-end=\"1318\">\n<p data-start=\"1281\" data-end=\"1318\"><strong data-start=\"1281\" data-end=\"1300\">V\u00e9gs\u0151 magass\u00e1g:<\/strong> kb. 15\u201330 m\u00e9ter<\/p>\n<\/li>\n<li data-start=\"1319\" data-end=\"1403\">\n<p data-start=\"1321\" data-end=\"1403\"><strong data-start=\"1321\" data-end=\"1342\">N\u00f6veked\u00e9si forma:<\/strong> fiatalon k\u00fapos, id\u0151sebb korban sz\u00e9tter\u00fcl\u0151, lap\u00edtott korona<\/p>\n<\/li>\n<li data-start=\"1404\" data-end=\"1458\">\n<p data-start=\"1406\" data-end=\"1458\"><strong data-start=\"1406\" data-end=\"1420\">T\u0171levelek:<\/strong> s\u00f6t\u00e9tz\u00f6ld, t\u00f6m\u00f6tt hajt\u00e1srendszerben<\/p>\n<\/li>\n<li data-start=\"1459\" data-end=\"1520\">\n<p data-start=\"1461\" data-end=\"1520\"><strong data-start=\"1461\" data-end=\"1476\">Talajig\u00e9ny:<\/strong> j\u00f3 v\u00edz\u00e1tereszt\u0151, t\u00e1panyagban gazdag talaj<\/p>\n<\/li>\n<li data-start=\"1521\" data-end=\"1561\">\n<p data-start=\"1523\" data-end=\"1561\"><strong data-start=\"1523\" data-end=\"1537\">F\u00e9nyig\u00e9ny:<\/strong> napos fekv\u00e9st kedveli<\/p>\n<\/li>\n<li data-start=\"1562\" data-end=\"1602\">\n<p data-start=\"1564\" data-end=\"1602\"><strong data-start=\"1564\" data-end=\"1578\">Fagyt\u0171r\u00e9s:<\/strong> j\u00f3, -20 \u00b0C-ig t\u00e9l\u00e1ll\u00f3<\/p>\n<\/li>\n<\/ul>\n<h4 data-start=\"1604\" data-end=\"1642\">\ud83c\udf38 \u00dcltet\u00e9si \u00e9s gondoz\u00e1si tan\u00e1csok:<\/h4>\n<ul data-start=\"1643\" data-end=\"1859\">\n<li data-start=\"1643\" data-end=\"1700\">\n<p data-start=\"1645\" data-end=\"1700\">Tavasszal vagy \u0151sszel \u00fcltess\u00fck, napos, v\u00e9dett helyre.<\/p>\n<\/li>\n<li data-start=\"1701\" data-end=\"1781\">\n<p data-start=\"1703\" data-end=\"1781\">A fiatal n\u00f6v\u00e9nyek \u00f6nt\u00f6z\u00e9st ig\u00e9nyelnek, de a kifejlett p\u00e9ld\u00e1ny sz\u00e1razs\u00e1gt\u0171r\u0151.<\/p>\n<\/li>\n<li data-start=\"1782\" data-end=\"1859\">\n<p data-start=\"1784\" data-end=\"1859\">Alacsony karbantart\u00e1si ig\u00e9ny\u0171, de a gy\u00f6k\u00e9rz\u00f3n\u00e1t \u00e9rdemes mulccsal takarni.<\/p>\n<\/li>\n<\/ul>\n<p>&nbsp;<\/p>\n<div class=\"woocommerce-tabs wc-tabs-wrapper\">\n<div id=\"tab-description\" class=\"woocommerce-Tabs-panel woocommerce-Tabs-panel--description panel entry-content wc-tab\" role=\"tabpanel\" aria-labelledby=\"tab-title-description\">\n<h4><strong>\ud83d\udd04 K\u00e9szletinform\u00e1ci\u00f3<\/strong><\/h4>\n<p><strong>K\u00e9szlet\u00fcnk napi szinten v\u00e1ltozik, \u00edgy a webshopban szerepl<\/strong><strong>\u0151<\/strong><strong>\u00a0term\u00e9kek el\u00e9rhet<\/strong><strong>\u0151<\/strong><strong>s\u00e9ge nem garant\u00e1lt.<br \/>\n\ud83d\udcde A megrendel\u00e9s el<\/strong><strong>\u0151<\/strong><strong>tt k\u00e9rj\u00fck, \u00e9rdekl<\/strong><strong>\u0151<\/strong><strong>dj\u00f6n szem\u00e9lyesen, telefonon vagy e-mailben!<\/strong><\/p>\n<h4><strong>\u27a1\ufe0f Kapcsolat:<\/strong><\/h4>\n<ul>\n<li><strong>Weboldal:\u00a0<\/strong><a href=\"https:\/\/tajkertesz.com\/\"><strong>tajkertesz.com<\/strong><\/a><\/li>\n<li><strong>Facebook:\u00a0<\/strong><a href=\"https:\/\/www.facebook.com\/tajkertesz\/\"><strong>facebook.com\/tajkertesz<\/strong><\/a><\/li>\n<li><strong>Telefonsz\u00e1m, e-mail: +36\/20-319-3770\u00a0<\/strong><a href=\"mailto:tajkerteszaruda@gmail.com\"><strong>tajkerteszaruda@gmail.com<\/strong><\/a><\/li>\n<\/ul>\n<h4><strong>\ud83d\ude9a Sz\u00e1ll\u00edt\u00e1si inform\u00e1ci\u00f3k<\/strong><\/h4>\n<p><strong>A megrendelt n\u00f6v\u00e9nyek kisz\u00e1ll\u00edt\u00e1sa az al\u00e1bbi felt\u00e9telek mellett t\u00f6rt\u00e9nik:<\/strong><\/p>\n<h4><strong>\ud83d\udce6 Fut\u00e1rszolg\u00e1latos sz\u00e1ll\u00edt\u00e1s<\/strong><\/h4>\n<ul>\n<li><strong>Maxim\u00e1lis m\u00e9ret: 200 cm (hossz\u00fas\u00e1g)<\/strong><\/li>\n<li><strong>Maxim\u00e1lis s\u00faly: 40 kg<\/strong><\/li>\n<li><strong>Az enn\u00e9l kisebb \u00e9s k\u00f6nnyebb csomagokat fut\u00e1rszolg\u00e1lattal k\u00e9zbes\u00edtj\u00fck a lehet<\/strong><strong>\u0151<\/strong><strong>\u00a0legbiztons\u00e1gosabb csomagol\u00e1sban.<\/strong><\/li>\n<\/ul>\n<h4><strong>\ud83d\udefb Szem\u00e9lyes \u00e1tv\u00e9tel<\/strong><\/h4>\n<ul>\n<li><strong>1173 Budapest, Bakancsos utca 7. sz\u00e1m alatt nyitvatart\u00e1si id<\/strong><strong>\u0151<\/strong><strong>ben szem\u00e9lyesen \u00e1tvehet<\/strong><strong>\u0151<\/strong><strong>\u00a0kert\u00e9szeti \u00e1rud\u00e1nkban.<\/strong><\/li>\n<li><strong>K\u00f6lts\u00e9ghat\u00e9kony megold\u00e1s nagyobb, t\u00f6r\u00e9kenyebb vagy t\u00falm\u00e9retes n\u00f6v\u00e9nyek eset\u00e9n.<\/strong><\/li>\n<\/ul>\n<h4><strong>\ud83d\udcde Nagy m\u00e9ret<\/strong><strong>\u0171<\/strong><strong>\u00a0vagy s\u00faly\u00fa n\u00f6v\u00e9nyek eset\u00e9n<\/strong><\/h4>\n<p><strong>Ha a term\u00e9k:<\/strong><\/p>\n<ul>\n<li><strong>meghaladja a 200 cm hossz\u00fas\u00e1got vagy<\/strong><\/li>\n<li><strong>meghaladja a 40 kg s\u00falyt,<\/strong><\/li>\n<\/ul>\n<p><strong>akkor szem\u00e9lyes \u00e1tv\u00e9tellel vagy egyedi, el<\/strong><strong>\u0151<\/strong><strong>re egyeztetett sz\u00e1ll\u00edt\u00e1si felt\u00e9telek mellett t\u00f6rt\u00e9nik.<br \/>\nK\u00e9rj\u00fck, ilyen esetben rendel\u00e9s el<\/strong><strong>\u0151<\/strong><strong>tt vegye fel vel\u00fcnk a kapcsolatot, hogy a lehet<\/strong><strong>\u0151<\/strong><strong>\u00a0legmegfelel<\/strong><strong>\u0151<\/strong><strong>bb sz\u00e1ll\u00edt\u00e1si megold\u00e1st k\u00edn\u00e1lhassuk.<\/strong><\/p>\n<p><strong>\ud83d\udd14 Fontos: A n\u00f6v\u00e9nyeket minden esetben igyeksz\u00fcnk gondosan, egyes\u00e9vel csomagolni, azonban a sz\u00e1ll\u00edt\u00e1s sor\u00e1n kisebb eszt\u00e9tikai s\u00e9r\u00fcl\u00e9sek el<\/strong><strong>\u0151<\/strong><strong>fordulhatnak (pl. lev\u00e9lhull\u00e1s). Ez nem min<\/strong><strong>\u0151<\/strong><strong>s\u00fcl hib\u00e1s teljes\u00edt\u00e9snek.<\/strong><\/p>\n<h4><strong>\ud83d\udcf7 Fontos tudni a k\u00e9pekr<\/strong><strong>\u0151<\/strong><strong>l<\/strong><\/h4>\n<p><strong>A webshopban szerepl<\/strong><strong>\u0151<\/strong><strong>\u00a0k\u00e9pek illusztr\u00e1ci\u00f3k, a n\u00f6v\u00e9nyek term\u00e9szet\u00fckn\u00e9l fogva egyediek, \u00edgy m\u00e9retben, alakban \u00e9s sz\u00ednben minim\u00e1lis elt\u00e9r\u00e9sek el<\/strong><strong>\u0151<\/strong><strong>fordulhatnak a k\u00e9pen l\u00e1that\u00f3 \u00e9s a val\u00f3s p\u00e9ld\u00e1nyok k\u00f6z\u00f6tt.<\/strong><\/p>\n<h4><strong>\ud83e\uddfe \u00c1rak \u00e9s el\u00e1ll\u00e1si jog<\/strong><\/h4>\n<ul>\n<li><strong>Az \u00e1rak egy darab\u00a0n\u00f6v\u00e9nyre vonatkoznak.<\/strong><\/li>\n<li><strong>\u00c9l<\/strong><strong>\u0151<\/strong><strong>\u00a0n\u00f6v\u00e9nyek rendel\u00e9se eset\u00e9n a 14 napos el\u00e1ll\u00e1s joga nem \u00e9rv\u00e9nyes\u00edthet<\/strong><strong>\u0151<\/strong><strong>, mivel azok romland\u00f3, biol\u00f3giailag \u00e9l<\/strong><strong>\u0151<\/strong><strong>\u00a0term\u00e9keknek min<\/strong><strong>\u0151<\/strong><strong>s\u00fclnek.<br \/>\n\ud83d\udd12 (17\/1999. (II. 5.) Korm. rendelet 5. \u00a7 c) pontja alapj\u00e1n)<\/strong><\/li>\n<\/ul>\n<h4><strong>\ud83d\udce6 K\u00e9zbes\u00edt\u00e9s ut\u00e1ni teend<\/strong><strong>\u0151<\/strong><strong>k<\/strong><\/h4>\n<p><strong>A k\u00e9zbes\u00edt\u00e9st k\u00f6vet<\/strong><strong>\u0151<\/strong><strong>en a csomagot azonnal bontsuk ki, \u00e9s a n\u00f6v\u00e9nyt helyezz\u00fck el megfelel<\/strong><strong>\u0151<\/strong><strong>\u00a0k\u00f6rnyezetben.<br \/>\nFontos: ha a n\u00f6v\u00e9ny nem r\u00e9szes\u00fcl megfelel<\/strong><strong>\u0151<\/strong><strong>\u00a0gondoz\u00e1sban \u00e9s ennek k\u00f6vetkezt\u00e9ben k\u00e1rosodik vagy elpusztul, felel<\/strong><strong>\u0151<\/strong><strong>ss\u00e9get nem tudunk v\u00e1llalni.<\/strong><\/p>\n<p><strong>\u00a0<\/strong><\/p>\n<\/div>\n<\/div>","protected":false},"excerpt":{"rendered":"<p>A <strong data-start=\"622\" data-end=\"657\">Libanoni c\u00e9drus (Cedrus libani)<\/strong> egy impoz\u00e1ns, lassan n\u00f6v\u0151 \u00f6r\u00f6kz\u00f6ld d\u00edszfa, amely m\u00e9lt\u00f3s\u00e1gteljes megjelen\u00e9s\u00e9vel b\u00e1rmely kert \u00e9kess\u00e9ge lehet. J\u00f3l t\u0171ri a hideget, hossz\u00fa \u00e9let\u0171, \u00e9s k\u00fcl\u00f6nleges t\u0171levelei miatt kedvelt parkfa.<\/p>\n<p>M\u00e9tere: 100\/120 cm magas, 5 literes kont\u00e9nerben.<\/p>","protected":false},"featured_media":25050,"template":"","meta":{"_et_pb_use_builder":"","_et_pb_old_content":"","_et_gb_content_width":""},"product_brand":[],"product_cat":[26],"product_tag":[7331,33,7330,7333,7332,6525,24,4194,5879,5771],"class_list":{"0":"post-25048","1":"product","2":"type-product","3":"status-publish","4":"has-post-thumbnail","6":"product_cat-orokzold-novenyek","7":"product_tag-cedrus-libani","8":"product_tag-diszfa","9":"product_tag-fenyofele","10":"product_tag-kert-disznoveny","11":"product_tag-libanoni-cedrus","12":"product_tag-mediterran-hangulat","13":"product_tag-orokzold","14":"product_tag-parkfa","15":"product_tag-telallo-noveny","16":"product_tag-tulevelu","18":"first","19":"instock","20":"shipping-taxable","21":"purchasable","22":"product-type-simple"},"yoast_head":"<!-- This site is optimized with the Yoast SEO plugin v27.5 - https:\/\/yoast.com\/product\/yoast-seo-wordpress\/ -->\n<title>Cedrus libani - Libanoni c\u00e9drus - T\u00e1jkert\u00e9sz<\/title>\n<meta name=\"description\" content=\"Cedrus libani - Libanoni c\u00e9drus t\u00e9l\u00e1ll\u00f3, \u00f6r\u00f6kz\u00f6ld d\u00edszfa, amely eleg\u00e1ns megjelen\u00e9st ad a kertednek. Rendeld meg online, h\u00e1zhoz sz\u00e1ll\u00edt\u00e1ssal!\" \/>\n<meta name=\"robots\" content=\"index, follow, max-snippet:-1, max-image-preview:large, max-video-preview:-1\" \/>\n<link rel=\"canonical\" href=\"https:\/\/tajkertesz.com\/en_US\/product\/cedrus-libani-libanoni-cedrus\/\" \/>\n<meta property=\"og:locale\" content=\"en_US\" \/>\n<meta property=\"og:type\" content=\"article\" \/>\n<meta property=\"og:title\" content=\"Cedrus libani - Libanoni c\u00e9drus - T\u00e1jkert\u00e9sz\" \/>\n<meta property=\"og:description\" content=\"Cedrus libani - Libanoni c\u00e9drus t\u00e9l\u00e1ll\u00f3, \u00f6r\u00f6kz\u00f6ld d\u00edszfa, amely eleg\u00e1ns megjelen\u00e9st ad a kertednek. Rendeld meg online, h\u00e1zhoz sz\u00e1ll\u00edt\u00e1ssal!\" \/>\n<meta property=\"og:url\" content=\"https:\/\/tajkertesz.com\/en_US\/product\/cedrus-libani-libanoni-cedrus\/\" \/>\n<meta property=\"og:site_name\" content=\"T\u00e1jkert\u00e9sz\" \/>\n<meta property=\"article:publisher\" content=\"https:\/\/www.facebook.com\/Tajkertesz\/\" \/>\n<meta property=\"article:modified_time\" content=\"2026-02-24T10:01:13+00:00\" \/>\n<meta property=\"og:image\" content=\"https:\/\/tajkertesz.com\/wp-content\/uploads\/2025\/10\/Cedrus_libani-1.jpg\" \/>\n\t<meta property=\"og:image:width\" content=\"2094\" \/>\n\t<meta property=\"og:image:height\" content=\"1626\" \/>\n\t<meta property=\"og:image:type\" content=\"image\/jpeg\" \/>\n<meta name=\"twitter:card\" content=\"summary_large_image\" \/>\n<meta name=\"twitter:label1\" content=\"Est. reading time\" \/>\n\t<meta name=\"twitter:data1\" content=\"3 minutes\" \/>\n<script type=\"application\/ld+json\" class=\"yoast-schema-graph\">{\"@context\":\"https:\\\/\\\/schema.org\",\"@graph\":[{\"@type\":\"WebPage\",\"@id\":\"https:\\\/\\\/tajkertesz.com\\\/termek\\\/cedrus-libani-libanoni-cedrus\\\/\",\"url\":\"https:\\\/\\\/tajkertesz.com\\\/termek\\\/cedrus-libani-libanoni-cedrus\\\/\",\"name\":\"Cedrus libani - Libanoni c\u00e9drus - T\u00e1jkert\u00e9sz\",\"isPartOf\":{\"@id\":\"https:\\\/\\\/tajkertesz.com\\\/#website\"},\"primaryImageOfPage\":{\"@id\":\"https:\\\/\\\/tajkertesz.com\\\/termek\\\/cedrus-libani-libanoni-cedrus\\\/#primaryimage\"},\"image\":{\"@id\":\"https:\\\/\\\/tajkertesz.com\\\/termek\\\/cedrus-libani-libanoni-cedrus\\\/#primaryimage\"},\"thumbnailUrl\":\"https:\\\/\\\/tajkertesz.com\\\/wp-content\\\/uploads\\\/2025\\\/10\\\/Cedrus_libani-1.jpg\",\"datePublished\":\"2025-10-24T07:16:32+00:00\",\"dateModified\":\"2026-02-24T10:01:13+00:00\",\"description\":\"Cedrus libani - Libanoni c\u00e9drus t\u00e9l\u00e1ll\u00f3, \u00f6r\u00f6kz\u00f6ld d\u00edszfa, amely eleg\u00e1ns megjelen\u00e9st ad a kertednek. Rendeld meg online, h\u00e1zhoz sz\u00e1ll\u00edt\u00e1ssal!\",\"breadcrumb\":{\"@id\":\"https:\\\/\\\/tajkertesz.com\\\/termek\\\/cedrus-libani-libanoni-cedrus\\\/#breadcrumb\"},\"inLanguage\":\"en-US\",\"potentialAction\":[{\"@type\":\"ReadAction\",\"target\":[\"https:\\\/\\\/tajkertesz.com\\\/termek\\\/cedrus-libani-libanoni-cedrus\\\/\"]}]},{\"@type\":\"ImageObject\",\"inLanguage\":\"en-US\",\"@id\":\"https:\\\/\\\/tajkertesz.com\\\/termek\\\/cedrus-libani-libanoni-cedrus\\\/#primaryimage\",\"url\":\"https:\\\/\\\/tajkertesz.com\\\/wp-content\\\/uploads\\\/2025\\\/10\\\/Cedrus_libani-1.jpg\",\"contentUrl\":\"https:\\\/\\\/tajkertesz.com\\\/wp-content\\\/uploads\\\/2025\\\/10\\\/Cedrus_libani-1.jpg\",\"width\":2094,\"height\":1626,\"caption\":\"Cedrus libani - Libanoni c\u00e9drus\"},{\"@type\":\"BreadcrumbList\",\"@id\":\"https:\\\/\\\/tajkertesz.com\\\/termek\\\/cedrus-libani-libanoni-cedrus\\\/#breadcrumb\",\"itemListElement\":[{\"@type\":\"ListItem\",\"position\":1,\"name\":\"Home\",\"item\":\"https:\\\/\\\/tajkertesz.com\\\/\"},{\"@type\":\"ListItem\",\"position\":2,\"name\":\"Kezd\u0151lap\",\"item\":\"https:\\\/\\\/tajkertesz.com\\\/\"},{\"@type\":\"ListItem\",\"position\":3,\"name\":\"Cedrus libani &#8211; Libanoni c\u00e9drus\"}]},{\"@type\":\"WebSite\",\"@id\":\"https:\\\/\\\/tajkertesz.com\\\/#website\",\"url\":\"https:\\\/\\\/tajkertesz.com\\\/\",\"name\":\"T\u00e1j-Kert\u00e9sz 84 Kft.\",\"description\":\"Kert\u00e9szeti kis- \u00e9s nagykeresked\u00e9s, D\u00edszn\u00f6v\u00e9ny web\u00e1ruh\u00e1z orsz\u00e1gos h\u00e1zhozsz\u00e1ll\u00edt\u00e1ssal!\",\"publisher\":{\"@id\":\"https:\\\/\\\/tajkertesz.com\\\/#organization\"},\"potentialAction\":[{\"@type\":\"SearchAction\",\"target\":{\"@type\":\"EntryPoint\",\"urlTemplate\":\"https:\\\/\\\/tajkertesz.com\\\/?s={search_term_string}\"},\"query-input\":{\"@type\":\"PropertyValueSpecification\",\"valueRequired\":true,\"valueName\":\"search_term_string\"}}],\"inLanguage\":\"en-US\"},{\"@type\":\"Organization\",\"@id\":\"https:\\\/\\\/tajkertesz.com\\\/#organization\",\"name\":\"T\u00e1j-Kert\u00e9sz 84 Kft.\",\"url\":\"https:\\\/\\\/tajkertesz.com\\\/\",\"logo\":{\"@type\":\"ImageObject\",\"inLanguage\":\"en-US\",\"@id\":\"https:\\\/\\\/tajkertesz.com\\\/#\\\/schema\\\/logo\\\/image\\\/\",\"url\":\"https:\\\/\\\/tajkertesz.com\\\/wp-content\\\/uploads\\\/2018\\\/02\\\/logo-2-e1518678052539.png\",\"contentUrl\":\"https:\\\/\\\/tajkertesz.com\\\/wp-content\\\/uploads\\\/2018\\\/02\\\/logo-2-e1518678052539.png\",\"width\":81,\"height\":140,\"caption\":\"T\u00e1j-Kert\u00e9sz 84 Kft.\"},\"image\":{\"@id\":\"https:\\\/\\\/tajkertesz.com\\\/#\\\/schema\\\/logo\\\/image\\\/\"},\"sameAs\":[\"https:\\\/\\\/www.facebook.com\\\/Tajkertesz\\\/\"]}]}<\/script>\n<!-- \/ Yoast SEO plugin. -->","yoast_head_json":{"title":"Cedrus libani - Libanoni c\u00e9drus - T\u00e1jkert\u00e9sz","description":"Cedrus libani - Libanoni c\u00e9drus t\u00e9l\u00e1ll\u00f3, \u00f6r\u00f6kz\u00f6ld d\u00edszfa, amely eleg\u00e1ns megjelen\u00e9st ad a kertednek. Rendeld meg online, h\u00e1zhoz sz\u00e1ll\u00edt\u00e1ssal!","robots":{"index":"index","follow":"follow","max-snippet":"max-snippet:-1","max-image-preview":"max-image-preview:large","max-video-preview":"max-video-preview:-1"},"canonical":"https:\/\/tajkertesz.com\/en_US\/product\/cedrus-libani-libanoni-cedrus\/","og_locale":"en_US","og_type":"article","og_title":"Cedrus libani - Libanoni c\u00e9drus - T\u00e1jkert\u00e9sz","og_description":"Cedrus libani - Libanoni c\u00e9drus t\u00e9l\u00e1ll\u00f3, \u00f6r\u00f6kz\u00f6ld d\u00edszfa, amely eleg\u00e1ns megjelen\u00e9st ad a kertednek. Rendeld meg online, h\u00e1zhoz sz\u00e1ll\u00edt\u00e1ssal!","og_url":"https:\/\/tajkertesz.com\/en_US\/product\/cedrus-libani-libanoni-cedrus\/","og_site_name":"T\u00e1jkert\u00e9sz","article_publisher":"https:\/\/www.facebook.com\/Tajkertesz\/","article_modified_time":"2026-02-24T10:01:13+00:00","og_image":[{"width":2094,"height":1626,"url":"https:\/\/tajkertesz.com\/wp-content\/uploads\/2025\/10\/Cedrus_libani-1.jpg","type":"image\/jpeg"}],"twitter_card":"summary_large_image","twitter_misc":{"Est. reading time":"3 minutes"},"schema":{"@context":"https:\/\/schema.org","@graph":[{"@type":"WebPage","@id":"https:\/\/tajkertesz.com\/termek\/cedrus-libani-libanoni-cedrus\/","url":"https:\/\/tajkertesz.com\/termek\/cedrus-libani-libanoni-cedrus\/","name":"Cedrus libani - Libanoni c\u00e9drus - T\u00e1jkert\u00e9sz","isPartOf":{"@id":"https:\/\/tajkertesz.com\/#website"},"primaryImageOfPage":{"@id":"https:\/\/tajkertesz.com\/termek\/cedrus-libani-libanoni-cedrus\/#primaryimage"},"image":{"@id":"https:\/\/tajkertesz.com\/termek\/cedrus-libani-libanoni-cedrus\/#primaryimage"},"thumbnailUrl":"https:\/\/tajkertesz.com\/wp-content\/uploads\/2025\/10\/Cedrus_libani-1.jpg","datePublished":"2025-10-24T07:16:32+00:00","dateModified":"2026-02-24T10:01:13+00:00","description":"Cedrus libani - Libanoni c\u00e9drus t\u00e9l\u00e1ll\u00f3, \u00f6r\u00f6kz\u00f6ld d\u00edszfa, amely eleg\u00e1ns megjelen\u00e9st ad a kertednek. Rendeld meg online, h\u00e1zhoz sz\u00e1ll\u00edt\u00e1ssal!","breadcrumb":{"@id":"https:\/\/tajkertesz.com\/termek\/cedrus-libani-libanoni-cedrus\/#breadcrumb"},"inLanguage":"en-US","potentialAction":[{"@type":"ReadAction","target":["https:\/\/tajkertesz.com\/termek\/cedrus-libani-libanoni-cedrus\/"]}]},{"@type":"ImageObject","inLanguage":"en-US","@id":"https:\/\/tajkertesz.com\/termek\/cedrus-libani-libanoni-cedrus\/#primaryimage","url":"https:\/\/tajkertesz.com\/wp-content\/uploads\/2025\/10\/Cedrus_libani-1.jpg","contentUrl":"https:\/\/tajkertesz.com\/wp-content\/uploads\/2025\/10\/Cedrus_libani-1.jpg","width":2094,"height":1626,"caption":"Cedrus libani - Libanoni c\u00e9drus"},{"@type":"BreadcrumbList","@id":"https:\/\/tajkertesz.com\/termek\/cedrus-libani-libanoni-cedrus\/#breadcrumb","itemListElement":[{"@type":"ListItem","position":1,"name":"Home","item":"https:\/\/tajkertesz.com\/"},{"@type":"ListItem","position":2,"name":"Kezd\u0151lap","item":"https:\/\/tajkertesz.com\/"},{"@type":"ListItem","position":3,"name":"Cedrus libani &#8211; Libanoni c\u00e9drus"}]},{"@type":"WebSite","@id":"https:\/\/tajkertesz.com\/#website","url":"https:\/\/tajkertesz.com\/","name":"T\u00e1j-Kert\u00e9sz 84 Kft.","description":"Kert\u00e9szeti kis- \u00e9s nagykeresked\u00e9s, D\u00edszn\u00f6v\u00e9ny web\u00e1ruh\u00e1z orsz\u00e1gos h\u00e1zhozsz\u00e1ll\u00edt\u00e1ssal!","publisher":{"@id":"https:\/\/tajkertesz.com\/#organization"},"potentialAction":[{"@type":"SearchAction","target":{"@type":"EntryPoint","urlTemplate":"https:\/\/tajkertesz.com\/?s={search_term_string}"},"query-input":{"@type":"PropertyValueSpecification","valueRequired":true,"valueName":"search_term_string"}}],"inLanguage":"en-US"},{"@type":"Organization","@id":"https:\/\/tajkertesz.com\/#organization","name":"T\u00e1j-Kert\u00e9sz 84 Kft.","url":"https:\/\/tajkertesz.com\/","logo":{"@type":"ImageObject","inLanguage":"en-US","@id":"https:\/\/tajkertesz.com\/#\/schema\/logo\/image\/","url":"https:\/\/tajkertesz.com\/wp-content\/uploads\/2018\/02\/logo-2-e1518678052539.png","contentUrl":"https:\/\/tajkertesz.com\/wp-content\/uploads\/2018\/02\/logo-2-e1518678052539.png","width":81,"height":140,"caption":"T\u00e1j-Kert\u00e9sz 84 Kft."},"image":{"@id":"https:\/\/tajkertesz.com\/#\/schema\/logo\/image\/"},"sameAs":["https:\/\/www.facebook.com\/Tajkertesz\/"]}]}},"_links":{"self":[{"href":"https:\/\/tajkertesz.com\/en_US\/wp-json\/wp\/v2\/product\/25048","targetHints":{"allow":["GET"]}}],"collection":[{"href":"https:\/\/tajkertesz.com\/en_US\/wp-json\/wp\/v2\/product"}],"about":[{"href":"https:\/\/tajkertesz.com\/en_US\/wp-json\/wp\/v2\/types\/product"}],"wp:featuredmedia":[{"embeddable":true,"href":"https:\/\/tajkertesz.com\/en_US\/wp-json\/wp\/v2\/media\/25050"}],"wp:attachment":[{"href":"https:\/\/tajkertesz.com\/en_US\/wp-json\/wp\/v2\/media?parent=25048"}],"wp:term":[{"taxonomy":"product_brand","embeddable":true,"href":"https:\/\/tajkertesz.com\/en_US\/wp-json\/wp\/v2\/product_brand?post=25048"},{"taxonomy":"product_cat","embeddable":true,"href":"https:\/\/tajkertesz.com\/en_US\/wp-json\/wp\/v2\/product_cat?post=25048"},{"taxonomy":"product_tag","embeddable":true,"href":"https:\/\/tajkertesz.com\/en_US\/wp-json\/wp\/v2\/product_tag?post=25048"}],"curies":[{"name":"wp","href":"https:\/\/api.w.org\/{rel}","templated":true}]}}