{"id":25059,"date":"2025-10-24T10:49:37","date_gmt":"2025-10-24T10:49:37","guid":{"rendered":"https:\/\/tajkertesz.com\/?post_type=product&#038;p=25059"},"modified":"2026-02-24T10:00:25","modified_gmt":"2026-02-24T10:00:25","slug":"cedrus-deodara-aurea-arany-himalajai-cedrus","status":"publish","type":"product","link":"https:\/\/tajkertesz.com\/en_US\/product\/cedrus-deodara-aurea-arany-himalajai-cedrus\/","title":{"rendered":"Cedrus deodara \u2018Aurea\u2019 \u2013 Arany himal\u00e1jai c\u00e9drus"},"content":{"rendered":"<h1>Cedrus deodara \u2018Aurea\u2019 \u2013 Arany himal\u00e1jai c\u00e9drus<\/h1>\n<p data-start=\"789\" data-end=\"1087\">A <strong data-start=\"791\" data-end=\"817\">Cedrus deodara \u2018Aurea\u2019<\/strong> az egyik legszebb aranylomb\u00fa c\u00e9drus fajta.<br data-start=\"860\" data-end=\"863\" \/>A Himal\u00e1ja vid\u00e9k\u00e9r\u0151l sz\u00e1rmaz\u00f3 <strong data-start=\"893\" data-end=\"911\">Cedrus deodara<\/strong> egyik v\u00e1ltozata, amelyet k\u00fcl\u00f6nleges <strong data-start=\"948\" data-end=\"972\">aranys\u00e1rga lombsz\u00edne<\/strong> \u00e9s <strong data-start=\"976\" data-end=\"1003\">l\u00e1gyan lehajl\u00f3 hajt\u00e1sai<\/strong> miatt nemcsak botanikus kertekben, hanem mag\u00e1nkertekben is el\u0151szeretettel \u00fcltetnek.<\/p>\n<p data-start=\"1089\" data-end=\"1273\">Fiatalon k\u00fapos alak\u00fa, id\u0151sebb kor\u00e1ban sz\u00e9lesed\u0151 koron\u00e1t fejleszt.<br data-start=\"1154\" data-end=\"1157\" \/>T\u0171levelei aranys\u00e1rg\u00e1k, k\u00fcl\u00f6n\u00f6sen napos helyen ragyognak, t\u00e9len pedig m\u00e9lyebb, z\u00f6ldes-arany \u00e1rnyalatot vesznek fel.<\/p>\n<h4 data-start=\"1275\" data-end=\"1297\">\ud83c\udf3f F\u0151bb jellemz\u0151k:<\/h4>\n<ul data-start=\"1298\" data-end=\"1757\">\n<li data-start=\"1298\" data-end=\"1328\">\n<p data-start=\"1300\" data-end=\"1328\"><strong data-start=\"1300\" data-end=\"1310\">T\u00edpus:<\/strong> \u00d6r\u00f6kz\u00f6ld d\u00edszfa<\/p>\n<\/li>\n<li data-start=\"1329\" data-end=\"1363\">\n<p data-start=\"1331\" data-end=\"1363\"><strong data-start=\"1331\" data-end=\"1350\">V\u00e9gs\u0151 magass\u00e1g:<\/strong> 6\u201310 m\u00e9ter<\/p>\n<\/li>\n<li data-start=\"1364\" data-end=\"1439\">\n<p data-start=\"1366\" data-end=\"1439\"><strong data-start=\"1366\" data-end=\"1382\">Koronaforma:<\/strong> fiatalon k\u00fapos, k\u00e9s\u0151bb sz\u00e9tter\u00fcl\u0151, lecs\u00fcng\u0151 \u00e1grendszer<\/p>\n<\/li>\n<li data-start=\"1440\" data-end=\"1495\">\n<p data-start=\"1442\" data-end=\"1495\"><strong data-start=\"1442\" data-end=\"1455\">Lombsz\u00edn:<\/strong> aranys\u00e1rga, napf\u00e9ny hat\u00e1s\u00e1ra intenz\u00edv<\/p>\n<\/li>\n<li data-start=\"1496\" data-end=\"1587\">\n<p data-start=\"1498\" data-end=\"1587\"><strong data-start=\"1498\" data-end=\"1513\">Talajig\u00e9ny:<\/strong> j\u00f3 v\u00edz\u00e1tereszt\u0151, t\u00e1panyagban gazdag, semleges vagy enyh\u00e9n savany\u00fa talaj<\/p>\n<\/li>\n<li data-start=\"1588\" data-end=\"1651\">\n<p data-start=\"1590\" data-end=\"1651\"><strong data-start=\"1590\" data-end=\"1604\">F\u00e9nyig\u00e9ny:<\/strong> napos fekv\u00e9s (\u00e1rny\u00e9kban vesz\u00edt lombsz\u00edn\u00e9b\u0151l)<\/p>\n<\/li>\n<li data-start=\"1652\" data-end=\"1724\">\n<p data-start=\"1654\" data-end=\"1724\"><strong data-start=\"1654\" data-end=\"1668\">Fagyt\u0171r\u00e9s:<\/strong> j\u00f3, -20 \u00b0C-ig t\u00e9l\u00e1ll\u00f3, fiatal korban takar\u00e1s aj\u00e1nlott<\/p>\n<\/li>\n<li data-start=\"1725\" data-end=\"1757\">\n<p data-start=\"1727\" data-end=\"1757\"><strong data-start=\"1727\" data-end=\"1747\">N\u00f6veked\u00e9si \u00fctem:<\/strong> k\u00f6zepes<\/p>\n<\/li>\n<\/ul>\n<h4 data-start=\"1759\" data-end=\"1797\">\ud83c\udf38 \u00dcltet\u00e9si \u00e9s gondoz\u00e1si tan\u00e1csok:<\/h4>\n<ul data-start=\"1798\" data-end=\"2131\">\n<li data-start=\"1798\" data-end=\"1870\">\n<p data-start=\"1800\" data-end=\"1870\"><strong data-start=\"1800\" data-end=\"1824\">Napos, v\u00e9dett helyre<\/strong> \u00fcltess\u00fck, hogy meg\u0151rizze aranylomb\u00fa sz\u00edn\u00e9t.<\/p>\n<\/li>\n<li data-start=\"1871\" data-end=\"1937\">\n<p data-start=\"1873\" data-end=\"1937\">A fiatal p\u00e9ld\u00e1nyokat rendszeresen \u00f6nt\u00f6zz\u00fck, am\u00edg meger\u0151s\u00f6dnek.<\/p>\n<\/li>\n<li data-start=\"1938\" data-end=\"2030\">\n<p data-start=\"1940\" data-end=\"2030\">A talajtakar\u00e1st (mulcsoz\u00e1st) \u00e9rdemes alkalmazni, hogy v\u00e9dj\u00fck a gy\u00f6k\u00e9rz\u00f3n\u00e1t a fagy ellen.<\/p>\n<\/li>\n<li data-start=\"2031\" data-end=\"2131\">\n<p data-start=\"2033\" data-end=\"2131\">Kiv\u00e1l\u00f3an mutat <strong data-start=\"2048\" data-end=\"2064\">szoliterk\u00e9nt<\/strong>, de nagyobb kertekben m\u00e1s \u00f6r\u00f6kz\u00f6ldekkel kombin\u00e1lva is dekorat\u00edv.<\/p>\n<\/li>\n<\/ul>\n<h4><strong>\ud83d\udd04 K\u00e9szletinform\u00e1ci\u00f3<\/strong><\/h4>\n<p><strong>K\u00e9szlet\u00fcnk napi szinten v\u00e1ltozik, \u00edgy a webshopban szerepl<\/strong><strong>\u0151<\/strong><strong>\u00a0term\u00e9kek el\u00e9rhet<\/strong><strong>\u0151<\/strong><strong>s\u00e9ge nem garant\u00e1lt.<br \/>\n\ud83d\udcde A megrendel\u00e9s el<\/strong><strong>\u0151<\/strong><strong>tt k\u00e9rj\u00fck, \u00e9rdekl<\/strong><strong>\u0151<\/strong><strong>dj\u00f6n szem\u00e9lyesen, telefonon vagy e-mailben!<\/strong><\/p>\n<h4><strong>\u27a1\ufe0f Kapcsolat:<\/strong><\/h4>\n<ul>\n<li><strong>Weboldal:\u00a0<\/strong><a href=\"https:\/\/tajkertesz.com\/\"><strong>tajkertesz.com<\/strong><\/a><\/li>\n<li><strong>Facebook:\u00a0<\/strong><a href=\"https:\/\/www.facebook.com\/tajkertesz\/\"><strong>facebook.com\/tajkertesz<\/strong><\/a><\/li>\n<li><strong>Telefonsz\u00e1m, e-mail: +36\/20-319-3770\u00a0<\/strong><a href=\"mailto:tajkerteszaruda@gmail.com\"><strong>tajkerteszaruda@gmail.com<\/strong><\/a><\/li>\n<\/ul>\n<h4><strong>\ud83d\ude9a Sz\u00e1ll\u00edt\u00e1si inform\u00e1ci\u00f3k<\/strong><\/h4>\n<p><strong>A megrendelt n\u00f6v\u00e9nyek kisz\u00e1ll\u00edt\u00e1sa az al\u00e1bbi felt\u00e9telek mellett t\u00f6rt\u00e9nik:<\/strong><\/p>\n<h4><strong>\ud83d\udce6 Fut\u00e1rszolg\u00e1latos sz\u00e1ll\u00edt\u00e1s<\/strong><\/h4>\n<ul>\n<li><strong>Maxim\u00e1lis m\u00e9ret: 200 cm (hossz\u00fas\u00e1g)<\/strong><\/li>\n<li><strong>Maxim\u00e1lis s\u00faly: 40 kg<\/strong><\/li>\n<li><strong>Az enn\u00e9l kisebb \u00e9s k\u00f6nnyebb csomagokat fut\u00e1rszolg\u00e1lattal k\u00e9zbes\u00edtj\u00fck a lehet<\/strong><strong>\u0151<\/strong><strong>\u00a0legbiztons\u00e1gosabb csomagol\u00e1sban.<\/strong><\/li>\n<\/ul>\n<h4><strong>\ud83d\udefb Szem\u00e9lyes \u00e1tv\u00e9tel<\/strong><\/h4>\n<ul>\n<li><strong>1173 Budapest, Bakancsos utca 7. sz\u00e1m alatt nyitvatart\u00e1si id<\/strong><strong>\u0151<\/strong><strong>ben szem\u00e9lyesen \u00e1tvehet<\/strong><strong>\u0151<\/strong><strong>\u00a0kert\u00e9szeti \u00e1rud\u00e1nkban.<\/strong><\/li>\n<li><strong>K\u00f6lts\u00e9ghat\u00e9kony megold\u00e1s nagyobb, t\u00f6r\u00e9kenyebb vagy t\u00falm\u00e9retes n\u00f6v\u00e9nyek eset\u00e9n.<\/strong><\/li>\n<\/ul>\n<h4><strong>\ud83d\udcde Nagy m\u00e9ret<\/strong><strong>\u0171<\/strong><strong>\u00a0vagy s\u00faly\u00fa n\u00f6v\u00e9nyek eset\u00e9n<\/strong><\/h4>\n<p><strong>Ha a term\u00e9k:<\/strong><\/p>\n<ul>\n<li><strong>meghaladja a 200 cm hossz\u00fas\u00e1got vagy<\/strong><\/li>\n<li><strong>meghaladja a 40 kg s\u00falyt,<\/strong><\/li>\n<\/ul>\n<p><strong>akkor szem\u00e9lyes \u00e1tv\u00e9tellel vagy egyedi, el<\/strong><strong>\u0151<\/strong><strong>re egyeztetett sz\u00e1ll\u00edt\u00e1si felt\u00e9telek mellett t\u00f6rt\u00e9nik.<br \/>\nK\u00e9rj\u00fck, ilyen esetben rendel\u00e9s el<\/strong><strong>\u0151<\/strong><strong>tt vegye fel vel\u00fcnk a kapcsolatot, hogy a lehet<\/strong><strong>\u0151<\/strong><strong>\u00a0legmegfelel<\/strong><strong>\u0151<\/strong><strong>bb sz\u00e1ll\u00edt\u00e1si megold\u00e1st k\u00edn\u00e1lhassuk.<\/strong><\/p>\n<p><strong>\ud83d\udd14 Fontos: A n\u00f6v\u00e9nyeket minden esetben igyeksz\u00fcnk gondosan, egyes\u00e9vel csomagolni, azonban a sz\u00e1ll\u00edt\u00e1s sor\u00e1n kisebb eszt\u00e9tikai s\u00e9r\u00fcl\u00e9sek el<\/strong><strong>\u0151<\/strong><strong>fordulhatnak (pl. lev\u00e9lhull\u00e1s). Ez nem min<\/strong><strong>\u0151<\/strong><strong>s\u00fcl hib\u00e1s teljes\u00edt\u00e9snek.<\/strong><\/p>\n<h4><strong>\ud83d\udcf7 Fontos tudni a k\u00e9pekr<\/strong><strong>\u0151<\/strong><strong>l<\/strong><\/h4>\n<p><strong>A webshopban szerepl<\/strong><strong>\u0151<\/strong><strong>\u00a0k\u00e9pek illusztr\u00e1ci\u00f3k, a n\u00f6v\u00e9nyek term\u00e9szet\u00fckn\u00e9l fogva egyediek, \u00edgy m\u00e9retben, alakban \u00e9s sz\u00ednben minim\u00e1lis elt\u00e9r\u00e9sek el<\/strong><strong>\u0151<\/strong><strong>fordulhatnak a k\u00e9pen l\u00e1that\u00f3 \u00e9s a val\u00f3s p\u00e9ld\u00e1nyok k\u00f6z\u00f6tt.<\/strong><\/p>\n<h4><strong>\ud83e\uddfe \u00c1rak \u00e9s el\u00e1ll\u00e1si jog<\/strong><\/h4>\n<ul>\n<li><strong>Az \u00e1rak egy darab\u00a0n\u00f6v\u00e9nyre vonatkoznak.<\/strong><\/li>\n<li><strong>\u00c9l<\/strong><strong>\u0151<\/strong><strong>\u00a0n\u00f6v\u00e9nyek rendel\u00e9se eset\u00e9n a 14 napos el\u00e1ll\u00e1s joga nem \u00e9rv\u00e9nyes\u00edthet<\/strong><strong>\u0151<\/strong><strong>, mivel azok romland\u00f3, biol\u00f3giailag \u00e9l<\/strong><strong>\u0151<\/strong><strong>\u00a0term\u00e9keknek min<\/strong><strong>\u0151<\/strong><strong>s\u00fclnek.<br \/>\n\ud83d\udd12 (17\/1999. (II. 5.) Korm. rendelet 5. \u00a7 c) pontja alapj\u00e1n)<\/strong><\/li>\n<\/ul>\n<h4><strong>\ud83d\udce6 K\u00e9zbes\u00edt\u00e9s ut\u00e1ni teend<\/strong><strong>\u0151<\/strong><strong>k<\/strong><\/h4>\n<p><strong>A k\u00e9zbes\u00edt\u00e9st k\u00f6vet<\/strong><strong>\u0151<\/strong><strong>en a csomagot azonnal bontsuk ki, \u00e9s a n\u00f6v\u00e9nyt helyezz\u00fck el megfelel<\/strong><strong>\u0151<\/strong><strong>\u00a0k\u00f6rnyezetben.<br \/>\nFontos: ha a n\u00f6v\u00e9ny nem r\u00e9szes\u00fcl megfelel<\/strong><strong>\u0151<\/strong><strong>\u00a0gondoz\u00e1sban \u00e9s ennek k\u00f6vetkezt\u00e9ben k\u00e1rosodik vagy elpusztul, felel<\/strong><strong>\u0151<\/strong><strong>ss\u00e9get nem tudunk v\u00e1llalni.<\/strong><\/p>\n<p><strong>\u00a0<\/strong><\/p>","protected":false},"excerpt":{"rendered":"<p data-start=\"501\" data-end=\"715\">A <strong data-start=\"503\" data-end=\"529\">Cedrus deodara \u2018Aurea\u2019<\/strong>, vagyis arany himal\u00e1jai c\u00e9drus, egy l\u00e1tv\u00e1nyos, aranylomb\u00fa \u00f6r\u00f6kz\u00f6ld d\u00edszfa. Kecses, lecs\u00fcng\u0151 \u00e1grendszer\u00e9vel \u00e9s naps\u00fct\u00e9sben ragyog\u00f3 lombsz\u00edn\u00e9vel k\u00fcl\u00f6nleges hangulatot ad minden kertnek.<\/p>\n<p data-start=\"501\" data-end=\"715\">M\u00e9rete: 120\/140 cm magas, 5 literes kont\u00e9nerben.<\/p>","protected":false},"featured_media":25062,"template":"","meta":{"_et_pb_use_builder":"","_et_pb_old_content":"","_et_gb_content_width":""},"product_brand":[],"product_cat":[26],"product_tag":[7335,7340,7336,4251,7322,33,7337,24,5945,5879,5771],"class_list":{"0":"post-25059","1":"product","2":"type-product","3":"status-publish","4":"has-post-thumbnail","6":"product_cat-orokzold-novenyek","7":"product_tag-arany-cedrus","8":"product_tag-arany-himalajai-cedrus","9":"product_tag-aranylombu","10":"product_tag-aurea","11":"product_tag-cedrus-deodara","12":"product_tag-diszfa","13":"product_tag-kulonleges-disznoveny","14":"product_tag-orokzold","15":"product_tag-szoliter-noveny","16":"product_tag-telallo-noveny","17":"product_tag-tulevelu","19":"first","20":"instock","21":"shipping-taxable","22":"purchasable","23":"product-type-simple"},"yoast_head":"<!-- This site is optimized with the Yoast SEO plugin v27.5 - https:\/\/yoast.com\/product\/yoast-seo-wordpress\/ -->\n<title>Cedrus deodara \u2018Aurea\u2019 \u2013 Arany himal\u00e1jai c\u00e9drus - T\u00e1jkert\u00e9sz<\/title>\n<meta name=\"description\" content=\"Cedrus deodara \u2018Aurea\u2019 \u2013 Arany himal\u00e1jai c\u00e9drus \u00f6r\u00f6kz\u00f6ld d\u00edszfa, amely eleganci\u00e1t \u00e9s egyedi hangulatot k\u00f6lcs\u00f6n\u00f6z kertednek. Rendeld meg online!\" \/>\n<meta name=\"robots\" content=\"index, follow, max-snippet:-1, max-image-preview:large, max-video-preview:-1\" \/>\n<link rel=\"canonical\" href=\"https:\/\/tajkertesz.com\/en_US\/product\/cedrus-deodara-aurea-arany-himalajai-cedrus\/\" \/>\n<meta property=\"og:locale\" content=\"en_US\" \/>\n<meta property=\"og:type\" content=\"article\" \/>\n<meta property=\"og:title\" content=\"Cedrus deodara \u2018Aurea\u2019 \u2013 Arany himal\u00e1jai c\u00e9drus - T\u00e1jkert\u00e9sz\" \/>\n<meta property=\"og:description\" content=\"Cedrus deodara \u2018Aurea\u2019 \u2013 Arany himal\u00e1jai c\u00e9drus \u00f6r\u00f6kz\u00f6ld d\u00edszfa, amely eleganci\u00e1t \u00e9s egyedi hangulatot k\u00f6lcs\u00f6n\u00f6z kertednek. Rendeld meg online!\" \/>\n<meta property=\"og:url\" content=\"https:\/\/tajkertesz.com\/en_US\/product\/cedrus-deodara-aurea-arany-himalajai-cedrus\/\" \/>\n<meta property=\"og:site_name\" content=\"T\u00e1jkert\u00e9sz\" \/>\n<meta property=\"article:publisher\" content=\"https:\/\/www.facebook.com\/Tajkertesz\/\" \/>\n<meta property=\"article:modified_time\" content=\"2026-02-24T10:00:25+00:00\" \/>\n<meta property=\"og:image\" content=\"https:\/\/tajkertesz.com\/wp-content\/uploads\/2025\/10\/ceder-himalajsky-aurea-01-rotated.jpg\" \/>\n\t<meta property=\"og:image:width\" content=\"600\" \/>\n\t<meta property=\"og:image:height\" content=\"600\" \/>\n\t<meta property=\"og:image:type\" content=\"image\/jpeg\" \/>\n<meta name=\"twitter:card\" content=\"summary_large_image\" \/>\n<meta name=\"twitter:label1\" content=\"Est. reading time\" \/>\n\t<meta name=\"twitter:data1\" content=\"3 minutes\" \/>\n<script type=\"application\/ld+json\" class=\"yoast-schema-graph\">{\"@context\":\"https:\\\/\\\/schema.org\",\"@graph\":[{\"@type\":\"WebPage\",\"@id\":\"https:\\\/\\\/tajkertesz.com\\\/termek\\\/cedrus-deodara-aurea-arany-himalajai-cedrus\\\/\",\"url\":\"https:\\\/\\\/tajkertesz.com\\\/termek\\\/cedrus-deodara-aurea-arany-himalajai-cedrus\\\/\",\"name\":\"Cedrus deodara \u2018Aurea\u2019 \u2013 Arany himal\u00e1jai c\u00e9drus - T\u00e1jkert\u00e9sz\",\"isPartOf\":{\"@id\":\"https:\\\/\\\/tajkertesz.com\\\/#website\"},\"primaryImageOfPage\":{\"@id\":\"https:\\\/\\\/tajkertesz.com\\\/termek\\\/cedrus-deodara-aurea-arany-himalajai-cedrus\\\/#primaryimage\"},\"image\":{\"@id\":\"https:\\\/\\\/tajkertesz.com\\\/termek\\\/cedrus-deodara-aurea-arany-himalajai-cedrus\\\/#primaryimage\"},\"thumbnailUrl\":\"https:\\\/\\\/tajkertesz.com\\\/wp-content\\\/uploads\\\/2025\\\/10\\\/ceder-himalajsky-aurea-01-rotated.jpg\",\"datePublished\":\"2025-10-24T10:49:37+00:00\",\"dateModified\":\"2026-02-24T10:00:25+00:00\",\"description\":\"Cedrus deodara \u2018Aurea\u2019 \u2013 Arany himal\u00e1jai c\u00e9drus \u00f6r\u00f6kz\u00f6ld d\u00edszfa, amely eleganci\u00e1t \u00e9s egyedi hangulatot k\u00f6lcs\u00f6n\u00f6z kertednek. Rendeld meg online!\",\"breadcrumb\":{\"@id\":\"https:\\\/\\\/tajkertesz.com\\\/termek\\\/cedrus-deodara-aurea-arany-himalajai-cedrus\\\/#breadcrumb\"},\"inLanguage\":\"en-US\",\"potentialAction\":[{\"@type\":\"ReadAction\",\"target\":[\"https:\\\/\\\/tajkertesz.com\\\/termek\\\/cedrus-deodara-aurea-arany-himalajai-cedrus\\\/\"]}]},{\"@type\":\"ImageObject\",\"inLanguage\":\"en-US\",\"@id\":\"https:\\\/\\\/tajkertesz.com\\\/termek\\\/cedrus-deodara-aurea-arany-himalajai-cedrus\\\/#primaryimage\",\"url\":\"https:\\\/\\\/tajkertesz.com\\\/wp-content\\\/uploads\\\/2025\\\/10\\\/ceder-himalajsky-aurea-01-rotated.jpg\",\"contentUrl\":\"https:\\\/\\\/tajkertesz.com\\\/wp-content\\\/uploads\\\/2025\\\/10\\\/ceder-himalajsky-aurea-01-rotated.jpg\",\"width\":600,\"height\":600,\"caption\":\"Cedrus deodara \u2018Aurea\u2019 \u2013 Arany himal\u00e1jai c\u00e9drus\"},{\"@type\":\"BreadcrumbList\",\"@id\":\"https:\\\/\\\/tajkertesz.com\\\/termek\\\/cedrus-deodara-aurea-arany-himalajai-cedrus\\\/#breadcrumb\",\"itemListElement\":[{\"@type\":\"ListItem\",\"position\":1,\"name\":\"Home\",\"item\":\"https:\\\/\\\/tajkertesz.com\\\/\"},{\"@type\":\"ListItem\",\"position\":2,\"name\":\"Kezd\u0151lap\",\"item\":\"https:\\\/\\\/tajkertesz.com\\\/\"},{\"@type\":\"ListItem\",\"position\":3,\"name\":\"Cedrus deodara \u2018Aurea\u2019 \u2013 Arany himal\u00e1jai c\u00e9drus\"}]},{\"@type\":\"WebSite\",\"@id\":\"https:\\\/\\\/tajkertesz.com\\\/#website\",\"url\":\"https:\\\/\\\/tajkertesz.com\\\/\",\"name\":\"T\u00e1j-Kert\u00e9sz 84 Kft.\",\"description\":\"Kert\u00e9szeti kis- \u00e9s nagykeresked\u00e9s, D\u00edszn\u00f6v\u00e9ny web\u00e1ruh\u00e1z orsz\u00e1gos h\u00e1zhozsz\u00e1ll\u00edt\u00e1ssal!\",\"publisher\":{\"@id\":\"https:\\\/\\\/tajkertesz.com\\\/#organization\"},\"potentialAction\":[{\"@type\":\"SearchAction\",\"target\":{\"@type\":\"EntryPoint\",\"urlTemplate\":\"https:\\\/\\\/tajkertesz.com\\\/?s={search_term_string}\"},\"query-input\":{\"@type\":\"PropertyValueSpecification\",\"valueRequired\":true,\"valueName\":\"search_term_string\"}}],\"inLanguage\":\"en-US\"},{\"@type\":\"Organization\",\"@id\":\"https:\\\/\\\/tajkertesz.com\\\/#organization\",\"name\":\"T\u00e1j-Kert\u00e9sz 84 Kft.\",\"url\":\"https:\\\/\\\/tajkertesz.com\\\/\",\"logo\":{\"@type\":\"ImageObject\",\"inLanguage\":\"en-US\",\"@id\":\"https:\\\/\\\/tajkertesz.com\\\/#\\\/schema\\\/logo\\\/image\\\/\",\"url\":\"https:\\\/\\\/tajkertesz.com\\\/wp-content\\\/uploads\\\/2018\\\/02\\\/logo-2-e1518678052539.png\",\"contentUrl\":\"https:\\\/\\\/tajkertesz.com\\\/wp-content\\\/uploads\\\/2018\\\/02\\\/logo-2-e1518678052539.png\",\"width\":81,\"height\":140,\"caption\":\"T\u00e1j-Kert\u00e9sz 84 Kft.\"},\"image\":{\"@id\":\"https:\\\/\\\/tajkertesz.com\\\/#\\\/schema\\\/logo\\\/image\\\/\"},\"sameAs\":[\"https:\\\/\\\/www.facebook.com\\\/Tajkertesz\\\/\"]}]}<\/script>\n<!-- \/ Yoast SEO plugin. -->","yoast_head_json":{"title":"Cedrus deodara \u2018Aurea\u2019 \u2013 Arany himal\u00e1jai c\u00e9drus - T\u00e1jkert\u00e9sz","description":"Cedrus deodara \u2018Aurea\u2019 \u2013 Arany himal\u00e1jai c\u00e9drus \u00f6r\u00f6kz\u00f6ld d\u00edszfa, amely eleganci\u00e1t \u00e9s egyedi hangulatot k\u00f6lcs\u00f6n\u00f6z kertednek. Rendeld meg online!","robots":{"index":"index","follow":"follow","max-snippet":"max-snippet:-1","max-image-preview":"max-image-preview:large","max-video-preview":"max-video-preview:-1"},"canonical":"https:\/\/tajkertesz.com\/en_US\/product\/cedrus-deodara-aurea-arany-himalajai-cedrus\/","og_locale":"en_US","og_type":"article","og_title":"Cedrus deodara \u2018Aurea\u2019 \u2013 Arany himal\u00e1jai c\u00e9drus - T\u00e1jkert\u00e9sz","og_description":"Cedrus deodara \u2018Aurea\u2019 \u2013 Arany himal\u00e1jai c\u00e9drus \u00f6r\u00f6kz\u00f6ld d\u00edszfa, amely eleganci\u00e1t \u00e9s egyedi hangulatot k\u00f6lcs\u00f6n\u00f6z kertednek. Rendeld meg online!","og_url":"https:\/\/tajkertesz.com\/en_US\/product\/cedrus-deodara-aurea-arany-himalajai-cedrus\/","og_site_name":"T\u00e1jkert\u00e9sz","article_publisher":"https:\/\/www.facebook.com\/Tajkertesz\/","article_modified_time":"2026-02-24T10:00:25+00:00","og_image":[{"width":600,"height":600,"url":"https:\/\/tajkertesz.com\/wp-content\/uploads\/2025\/10\/ceder-himalajsky-aurea-01-rotated.jpg","type":"image\/jpeg"}],"twitter_card":"summary_large_image","twitter_misc":{"Est. reading time":"3 minutes"},"schema":{"@context":"https:\/\/schema.org","@graph":[{"@type":"WebPage","@id":"https:\/\/tajkertesz.com\/termek\/cedrus-deodara-aurea-arany-himalajai-cedrus\/","url":"https:\/\/tajkertesz.com\/termek\/cedrus-deodara-aurea-arany-himalajai-cedrus\/","name":"Cedrus deodara \u2018Aurea\u2019 \u2013 Arany himal\u00e1jai c\u00e9drus - T\u00e1jkert\u00e9sz","isPartOf":{"@id":"https:\/\/tajkertesz.com\/#website"},"primaryImageOfPage":{"@id":"https:\/\/tajkertesz.com\/termek\/cedrus-deodara-aurea-arany-himalajai-cedrus\/#primaryimage"},"image":{"@id":"https:\/\/tajkertesz.com\/termek\/cedrus-deodara-aurea-arany-himalajai-cedrus\/#primaryimage"},"thumbnailUrl":"https:\/\/tajkertesz.com\/wp-content\/uploads\/2025\/10\/ceder-himalajsky-aurea-01-rotated.jpg","datePublished":"2025-10-24T10:49:37+00:00","dateModified":"2026-02-24T10:00:25+00:00","description":"Cedrus deodara \u2018Aurea\u2019 \u2013 Arany himal\u00e1jai c\u00e9drus \u00f6r\u00f6kz\u00f6ld d\u00edszfa, amely eleganci\u00e1t \u00e9s egyedi hangulatot k\u00f6lcs\u00f6n\u00f6z kertednek. Rendeld meg online!","breadcrumb":{"@id":"https:\/\/tajkertesz.com\/termek\/cedrus-deodara-aurea-arany-himalajai-cedrus\/#breadcrumb"},"inLanguage":"en-US","potentialAction":[{"@type":"ReadAction","target":["https:\/\/tajkertesz.com\/termek\/cedrus-deodara-aurea-arany-himalajai-cedrus\/"]}]},{"@type":"ImageObject","inLanguage":"en-US","@id":"https:\/\/tajkertesz.com\/termek\/cedrus-deodara-aurea-arany-himalajai-cedrus\/#primaryimage","url":"https:\/\/tajkertesz.com\/wp-content\/uploads\/2025\/10\/ceder-himalajsky-aurea-01-rotated.jpg","contentUrl":"https:\/\/tajkertesz.com\/wp-content\/uploads\/2025\/10\/ceder-himalajsky-aurea-01-rotated.jpg","width":600,"height":600,"caption":"Cedrus deodara \u2018Aurea\u2019 \u2013 Arany himal\u00e1jai c\u00e9drus"},{"@type":"BreadcrumbList","@id":"https:\/\/tajkertesz.com\/termek\/cedrus-deodara-aurea-arany-himalajai-cedrus\/#breadcrumb","itemListElement":[{"@type":"ListItem","position":1,"name":"Home","item":"https:\/\/tajkertesz.com\/"},{"@type":"ListItem","position":2,"name":"Kezd\u0151lap","item":"https:\/\/tajkertesz.com\/"},{"@type":"ListItem","position":3,"name":"Cedrus deodara \u2018Aurea\u2019 \u2013 Arany himal\u00e1jai c\u00e9drus"}]},{"@type":"WebSite","@id":"https:\/\/tajkertesz.com\/#website","url":"https:\/\/tajkertesz.com\/","name":"T\u00e1j-Kert\u00e9sz 84 Kft.","description":"Kert\u00e9szeti kis- \u00e9s nagykeresked\u00e9s, D\u00edszn\u00f6v\u00e9ny web\u00e1ruh\u00e1z orsz\u00e1gos h\u00e1zhozsz\u00e1ll\u00edt\u00e1ssal!","publisher":{"@id":"https:\/\/tajkertesz.com\/#organization"},"potentialAction":[{"@type":"SearchAction","target":{"@type":"EntryPoint","urlTemplate":"https:\/\/tajkertesz.com\/?s={search_term_string}"},"query-input":{"@type":"PropertyValueSpecification","valueRequired":true,"valueName":"search_term_string"}}],"inLanguage":"en-US"},{"@type":"Organization","@id":"https:\/\/tajkertesz.com\/#organization","name":"T\u00e1j-Kert\u00e9sz 84 Kft.","url":"https:\/\/tajkertesz.com\/","logo":{"@type":"ImageObject","inLanguage":"en-US","@id":"https:\/\/tajkertesz.com\/#\/schema\/logo\/image\/","url":"https:\/\/tajkertesz.com\/wp-content\/uploads\/2018\/02\/logo-2-e1518678052539.png","contentUrl":"https:\/\/tajkertesz.com\/wp-content\/uploads\/2018\/02\/logo-2-e1518678052539.png","width":81,"height":140,"caption":"T\u00e1j-Kert\u00e9sz 84 Kft."},"image":{"@id":"https:\/\/tajkertesz.com\/#\/schema\/logo\/image\/"},"sameAs":["https:\/\/www.facebook.com\/Tajkertesz\/"]}]}},"_links":{"self":[{"href":"https:\/\/tajkertesz.com\/en_US\/wp-json\/wp\/v2\/product\/25059","targetHints":{"allow":["GET"]}}],"collection":[{"href":"https:\/\/tajkertesz.com\/en_US\/wp-json\/wp\/v2\/product"}],"about":[{"href":"https:\/\/tajkertesz.com\/en_US\/wp-json\/wp\/v2\/types\/product"}],"wp:featuredmedia":[{"embeddable":true,"href":"https:\/\/tajkertesz.com\/en_US\/wp-json\/wp\/v2\/media\/25062"}],"wp:attachment":[{"href":"https:\/\/tajkertesz.com\/en_US\/wp-json\/wp\/v2\/media?parent=25059"}],"wp:term":[{"taxonomy":"product_brand","embeddable":true,"href":"https:\/\/tajkertesz.com\/en_US\/wp-json\/wp\/v2\/product_brand?post=25059"},{"taxonomy":"product_cat","embeddable":true,"href":"https:\/\/tajkertesz.com\/en_US\/wp-json\/wp\/v2\/product_cat?post=25059"},{"taxonomy":"product_tag","embeddable":true,"href":"https:\/\/tajkertesz.com\/en_US\/wp-json\/wp\/v2\/product_tag?post=25059"}],"curies":[{"name":"wp","href":"https:\/\/api.w.org\/{rel}","templated":true}]}}