{"id":25123,"date":"2025-10-31T09:46:09","date_gmt":"2025-10-31T09:46:09","guid":{"rendered":"https:\/\/tajkertesz.com\/?post_type=product&#038;p=25123"},"modified":"2026-02-21T14:11:52","modified_gmt":"2026-02-21T14:11:52","slug":"vaccinium-corymbosum-darrow-kek-afonya","status":"publish","type":"product","link":"https:\/\/tajkertesz.com\/en_US\/product\/vaccinium-corymbosum-darrow-kek-afonya\/","title":{"rendered":"Vaccinium corymbosum &#8216;Darrow&#8217; &#8211; K\u00e9k \u00e1fonya"},"content":{"rendered":"<h1>Vaccinium corymbosum &#8216;Darrow&#8217; &#8211; K\u00e9k \u00e1fonya<\/h1>\n<p data-start=\"920\" data-end=\"1099\">A <strong data-start=\"922\" data-end=\"955\">Vaccinium corymbosum \u2018Darrow\u2019<\/strong> egy <strong data-start=\"960\" data-end=\"1014\">k\u00f6z\u00e9pk\u00e9s\u0151i \u00e9r\u00e9s\u0171, nagy gy\u00fcm\u00f6lcs\u0171 magasbokr\u00fa \u00e1fonya<\/strong>, amelyet a <strong data-start=\"1026\" data-end=\"1051\">kimagasl\u00f3 term\u00e9sm\u00e9ret<\/strong> \u00e9s <strong data-start=\"1055\" data-end=\"1078\">desszertmin\u0151s\u00e9g\u0171 \u00edz<\/strong> tesz k\u00fcl\u00f6nlegess\u00e9.<\/p>\n<h2 data-start=\"1105\" data-end=\"1126\"><strong data-start=\"1105\" data-end=\"1124\">Vaccinium corymbosum &#8216;Darrow&#8217; &#8211; K\u00e9k \u00e1fonya jellemz\u0151i:<\/strong><\/h2>\n<ul data-start=\"1129\" data-end=\"1491\">\n<li data-start=\"1129\" data-end=\"1158\">\n<p data-start=\"1131\" data-end=\"1158\"><strong data-start=\"1131\" data-end=\"1144\">Magass\u00e1g:<\/strong> 1,5\u20132 m\u00e9ter<\/p>\n<\/li>\n<li data-start=\"1161\" data-end=\"1231\">\n<p data-start=\"1163\" data-end=\"1231\"><strong data-start=\"1163\" data-end=\"1174\">Term\u00e9s:<\/strong> extra nagy, k\u00e9kesfekete, \u00e9des-savanyk\u00e1s, arom\u00e1s bogy\u00f3k<\/p>\n<\/li>\n<li data-start=\"1234\" data-end=\"1283\">\n<p data-start=\"1236\" data-end=\"1283\"><strong data-start=\"1236\" data-end=\"1250\">\u00c9r\u00e9si id\u0151:<\/strong> j\u00falius v\u00e9ge \u2013 augusztus k\u00f6zepe<\/p>\n<\/li>\n<li data-start=\"1286\" data-end=\"1324\">\n<p data-start=\"1288\" data-end=\"1324\"><strong data-start=\"1288\" data-end=\"1304\">Term\u00e9shozam:<\/strong> magas, megb\u00edzhat\u00f3<\/p>\n<\/li>\n<li data-start=\"1327\" data-end=\"1401\">\n<p data-start=\"1329\" data-end=\"1401\"><strong data-start=\"1329\" data-end=\"1344\">Talajig\u00e9ny:<\/strong> savany\u00fa (pH 4,5\u20135,5), j\u00f3 v\u00edz\u00e1tereszt\u0151 szerkezet\u0171 talaj<\/p>\n<\/li>\n<li data-start=\"1404\" data-end=\"1442\">\n<p data-start=\"1406\" data-end=\"1442\"><strong data-start=\"1406\" data-end=\"1420\">F\u00e9nyig\u00e9ny:<\/strong> napos, meleg fekv\u00e9s<\/p>\n<\/li>\n<li data-start=\"1445\" data-end=\"1488\">\n<p data-start=\"1447\" data-end=\"1488\"><strong data-start=\"1447\" data-end=\"1462\">T\u00e9l\u00e1ll\u00f3s\u00e1g:<\/strong> kiv\u00e1l\u00f3, hidegt\u0171r\u0151 fajta<\/p>\n<\/li>\n<\/ul>\n<p data-start=\"1494\" data-end=\"1770\"><strong data-start=\"1494\" data-end=\"1518\">\u00a0K\u00e9k \u00e1fonya gondoz\u00e1s \u00e9s \u00fcltet\u00e9s:<\/strong><br data-start=\"1518\" data-end=\"1521\" \/>A \u2018Darrow\u2019 \u00e1fonya <strong data-start=\"1541\" data-end=\"1561\">savany\u00fa talajban<\/strong>, t\u0151zeggel \u00e9s feny\u0151mulccsal gazdag\u00edtva fejl\u0151dik legszebben. Fontos a <strong data-start=\"1630\" data-end=\"1652\">rendszeres \u00f6nt\u00f6z\u00e9s<\/strong> \u00e9s a <strong data-start=\"1658\" data-end=\"1676\">t\u00e1panyagp\u00f3tl\u00e1s<\/strong> savany\u00fa talajra val\u00f3 m\u0171tr\u00e1gy\u00e1val. A metsz\u00e9s serkenti az \u00faj hajt\u00e1sokat \u00e9s a nagyobb term\u00e9st.<\/p>\n<p data-start=\"1776\" data-end=\"1887\"><strong data-start=\"1776\" data-end=\"1793\">Felhaszn\u00e1l\u00e1s:<\/strong> friss fogyaszt\u00e1sra, lekv\u00e1rnak, s\u00fctem\u00e9nybe, fagyaszt\u00e1sra \u2013 <strong data-start=\"1852\" data-end=\"1884\">igazi pr\u00e9mium desszert\u00e1fonya<\/strong>.<\/p>\n<h4><strong>\ud83d\udd04 K\u00e9szletinform\u00e1ci\u00f3<\/strong><\/h4>\n<p><strong>K\u00e9szlet\u00fcnk napi szinten v\u00e1ltozik, \u00edgy a webshopban szerepl<\/strong><strong>\u0151<\/strong><strong>\u00a0term\u00e9kek el\u00e9rhet<\/strong><strong>\u0151<\/strong><strong>s\u00e9ge nem garant\u00e1lt.<br \/>\n\ud83d\udcde A megrendel\u00e9s el<\/strong><strong>\u0151<\/strong><strong>tt k\u00e9rj\u00fck, \u00e9rdekl<\/strong><strong>\u0151<\/strong><strong>dj\u00f6n szem\u00e9lyesen, telefonon vagy e-mailben!<\/strong><\/p>\n<h4><strong>\u27a1\ufe0f Kapcsolat:<\/strong><\/h4>\n<ul>\n<li><strong>Weboldal:\u00a0<\/strong><a href=\"https:\/\/tajkertesz.com\/\"><strong>tajkertesz.com<\/strong><\/a><\/li>\n<li><strong>Facebook:\u00a0<\/strong><a href=\"https:\/\/www.facebook.com\/tajkertesz\/\"><strong>facebook.com\/tajkertesz<\/strong><\/a><\/li>\n<li><strong>Telefonsz\u00e1m, e-mail: +36\/20-319-3770\u00a0<\/strong><a href=\"mailto:tajkerteszaruda@gmail.com\"><strong>tajkerteszaruda@gmail.com<\/strong><\/a><\/li>\n<\/ul>\n<h4><strong>\ud83d\ude9a Sz\u00e1ll\u00edt\u00e1si inform\u00e1ci\u00f3k<\/strong><\/h4>\n<p><strong>A megrendelt n\u00f6v\u00e9nyek kisz\u00e1ll\u00edt\u00e1sa az al\u00e1bbi felt\u00e9telek mellett t\u00f6rt\u00e9nik:<\/strong><\/p>\n<h4><strong>\ud83d\udce6 Fut\u00e1rszolg\u00e1latos sz\u00e1ll\u00edt\u00e1s<\/strong><\/h4>\n<ul>\n<li><strong>Maxim\u00e1lis m\u00e9ret: 200 cm (hossz\u00fas\u00e1g)<\/strong><\/li>\n<li><strong>Maxim\u00e1lis s\u00faly: 40 kg<\/strong><\/li>\n<li><strong>Az enn\u00e9l kisebb \u00e9s k\u00f6nnyebb csomagokat fut\u00e1rszolg\u00e1lattal k\u00e9zbes\u00edtj\u00fck a lehet<\/strong><strong>\u0151<\/strong><strong>\u00a0legbiztons\u00e1gosabb csomagol\u00e1sban.<\/strong><\/li>\n<\/ul>\n<h4><strong>\ud83d\udefb Szem\u00e9lyes \u00e1tv\u00e9tel<\/strong><\/h4>\n<ul>\n<li><strong>1173 Budapest, Bakancsos utca 7. sz\u00e1m alatt nyitvatart\u00e1si id<\/strong><strong>\u0151<\/strong><strong>ben szem\u00e9lyesen \u00e1tvehet<\/strong><strong>\u0151<\/strong><strong>\u00a0kert\u00e9szeti \u00e1rud\u00e1nkban.<\/strong><\/li>\n<li><strong>K\u00f6lts\u00e9ghat\u00e9kony megold\u00e1s nagyobb, t\u00f6r\u00e9kenyebb vagy t\u00falm\u00e9retes n\u00f6v\u00e9nyek eset\u00e9n.<\/strong><\/li>\n<\/ul>\n<h4><strong>\ud83d\udcde Nagy m\u00e9ret<\/strong><strong>\u0171<\/strong><strong>\u00a0vagy s\u00faly\u00fa n\u00f6v\u00e9nyek eset\u00e9n<\/strong><\/h4>\n<p><strong>Ha a term\u00e9k:<\/strong><\/p>\n<ul>\n<li><strong>meghaladja a 200 cm hossz\u00fas\u00e1got vagy<\/strong><\/li>\n<li><strong>meghaladja a 40 kg s\u00falyt,<\/strong><\/li>\n<\/ul>\n<p><strong>akkor szem\u00e9lyes \u00e1tv\u00e9tellel vagy egyedi, el<\/strong><strong>\u0151<\/strong><strong>re egyeztetett sz\u00e1ll\u00edt\u00e1si felt\u00e9telek mellett t\u00f6rt\u00e9nik.<br \/>\nK\u00e9rj\u00fck, ilyen esetben rendel\u00e9s el<\/strong><strong>\u0151<\/strong><strong>tt vegye fel vel\u00fcnk a kapcsolatot, hogy a lehet<\/strong><strong>\u0151<\/strong><strong>\u00a0legmegfelel<\/strong><strong>\u0151<\/strong><strong>bb sz\u00e1ll\u00edt\u00e1si megold\u00e1st k\u00edn\u00e1lhassuk.<\/strong><\/p>\n<p><strong>\ud83d\udd14 Fontos: A n\u00f6v\u00e9nyeket minden esetben igyeksz\u00fcnk gondosan, egyes\u00e9vel csomagolni, azonban a sz\u00e1ll\u00edt\u00e1s sor\u00e1n kisebb eszt\u00e9tikai s\u00e9r\u00fcl\u00e9sek el<\/strong><strong>\u0151<\/strong><strong>fordulhatnak (pl. lev\u00e9lhull\u00e1s). Ez nem min<\/strong><strong>\u0151<\/strong><strong>s\u00fcl hib\u00e1s teljes\u00edt\u00e9snek.<\/strong><\/p>\n<h4><strong>\ud83d\udcf7 Fontos tudni a k\u00e9pekr<\/strong><strong>\u0151<\/strong><strong>l<\/strong><\/h4>\n<p><strong>A webshopban szerepl<\/strong><strong>\u0151<\/strong><strong>\u00a0k\u00e9pek illusztr\u00e1ci\u00f3k, a n\u00f6v\u00e9nyek term\u00e9szet\u00fckn\u00e9l fogva egyediek, \u00edgy m\u00e9retben, alakban \u00e9s sz\u00ednben minim\u00e1lis elt\u00e9r\u00e9sek el<\/strong><strong>\u0151<\/strong><strong>fordulhatnak a k\u00e9pen l\u00e1that\u00f3 \u00e9s a val\u00f3s p\u00e9ld\u00e1nyok k\u00f6z\u00f6tt.<\/strong><\/p>\n<h4><strong>\ud83e\uddfe \u00c1rak \u00e9s el\u00e1ll\u00e1si jog<\/strong><\/h4>\n<ul>\n<li><strong>Az \u00e1rak egy darab\u00a0n\u00f6v\u00e9nyre vonatkoznak.<\/strong><\/li>\n<li><strong>\u00c9l<\/strong><strong>\u0151<\/strong><strong>\u00a0n\u00f6v\u00e9nyek rendel\u00e9se eset\u00e9n a 14 napos el\u00e1ll\u00e1s joga nem \u00e9rv\u00e9nyes\u00edthet<\/strong><strong>\u0151<\/strong><strong>, mivel azok romland\u00f3, biol\u00f3giailag \u00e9l<\/strong><strong>\u0151<\/strong><strong>\u00a0term\u00e9keknek min<\/strong><strong>\u0151<\/strong><strong>s\u00fclnek.<br \/>\n\ud83d\udd12 (17\/1999. (II. 5.) Korm. rendelet 5. \u00a7 c) pontja alapj\u00e1n)<\/strong><\/li>\n<\/ul>\n<h4><strong>\ud83d\udce6 K\u00e9zbes\u00edt\u00e9s ut\u00e1ni teend<\/strong><strong>\u0151<\/strong><strong>k<\/strong><\/h4>\n<p><strong>A k\u00e9zbes\u00edt\u00e9st k\u00f6vet<\/strong><strong>\u0151<\/strong><strong>en a csomagot azonnal bontsuk ki, \u00e9s a n\u00f6v\u00e9nyt helyezz\u00fck el megfelel<\/strong><strong>\u0151<\/strong><strong>\u00a0k\u00f6rnyezetben.<br \/>\nFontos: ha a n\u00f6v\u00e9ny nem r\u00e9szes\u00fcl megfelel<\/strong><strong>\u0151<\/strong><strong>\u00a0gondoz\u00e1sban \u00e9s ennek k\u00f6vetkezt\u00e9ben k\u00e1rosodik vagy elpusztul, felel<\/strong><strong>\u0151<\/strong><strong>ss\u00e9get nem tudunk v\u00e1llalni.<\/strong><\/p>","protected":false},"excerpt":{"rendered":"<p>A \u2018Darrow\u2019 magasbokr\u00fa \u00e1fonya k\u00fcl\u00f6nlegesen <strong data-start=\"679\" data-end=\"697\">nagy bogy\u00f3ir\u00f3l<\/strong> \u00e9s <strong data-start=\"701\" data-end=\"718\">kiv\u00e1l\u00f3 \u00edz\u00e9r\u0151l<\/strong> ismert fajta. J\u00falius v\u00e9g\u00e9t\u0151l augusztusig \u00e9rik, b\u0151term\u0151 \u00e9s er\u0151s n\u00f6veked\u00e9s\u0171. Savany\u00fa talajban, napos helyen \u00e9rzi mag\u00e1t a legjobban, \u00e9s hossz\u00fa \u00e9veken \u00e1t gazdagon terem.<\/p>\n<p>M\u00e9rete: 30\/40 cm magas, 2 literes kont\u00e9nerben.<\/p>","protected":false},"featured_media":25124,"template":"","meta":{"_et_pb_use_builder":"","_et_pb_old_content":"","_et_gb_content_width":""},"product_brand":[],"product_cat":[7058],"product_tag":[1435,7366,7417,7061,7363,7418,6519,5378],"class_list":{"0":"post-25123","1":"product","2":"type-product","3":"status-publish","4":"has-post-thumbnail","6":"product_cat-afonya","7":"product_tag-afonya","8":"product_tag-botermo-afonya","9":"product_tag-darrow","10":"product_tag-gyumolcstermo-noveny","11":"product_tag-magasbokru-afonya","12":"product_tag-nagy-gyumolcsu-afonya","13":"product_tag-savanyu-talajt-kedvelo-noveny","14":"product_tag-vaccinium-corymbosum","16":"first","17":"instock","18":"shipping-taxable","19":"purchasable","20":"product-type-simple"},"yoast_head":"<!-- This site is optimized with the Yoast SEO plugin v27.5 - https:\/\/yoast.com\/product\/yoast-seo-wordpress\/ -->\n<title>Vaccinium corymbosum &#039;Darrow&#039; - K\u00e9k \u00e1fonya - T\u00e1jkert\u00e9sz<\/title>\n<meta name=\"description\" content=\"Vaccinium corymbosum &#039;Darrow&#039; - K\u00e9k \u00e1fonya \u2013 nagy gy\u00fcm\u00f6lcs\u0171, \u00e9des \u00edz\u0171 fajta, b\u0151term\u0151 \u00e9s t\u00e9l\u00e1ll\u00f3. Min\u0151s\u00e9gi Vaccinium corymbosum pal\u00e1nta gyors sz\u00e1ll\u00edt\u00e1ssal.\" \/>\n<meta name=\"robots\" content=\"index, follow, max-snippet:-1, max-image-preview:large, max-video-preview:-1\" \/>\n<link rel=\"canonical\" href=\"https:\/\/tajkertesz.com\/en_US\/product\/vaccinium-corymbosum-darrow-kek-afonya\/\" \/>\n<meta property=\"og:locale\" content=\"en_US\" \/>\n<meta property=\"og:type\" content=\"article\" \/>\n<meta property=\"og:title\" content=\"Vaccinium corymbosum &#039;Darrow&#039; - K\u00e9k \u00e1fonya - T\u00e1jkert\u00e9sz\" \/>\n<meta property=\"og:description\" content=\"Vaccinium corymbosum &#039;Darrow&#039; - K\u00e9k \u00e1fonya \u2013 nagy gy\u00fcm\u00f6lcs\u0171, \u00e9des \u00edz\u0171 fajta, b\u0151term\u0151 \u00e9s t\u00e9l\u00e1ll\u00f3. Min\u0151s\u00e9gi Vaccinium corymbosum pal\u00e1nta gyors sz\u00e1ll\u00edt\u00e1ssal.\" \/>\n<meta property=\"og:url\" content=\"https:\/\/tajkertesz.com\/en_US\/product\/vaccinium-corymbosum-darrow-kek-afonya\/\" \/>\n<meta property=\"og:site_name\" content=\"T\u00e1jkert\u00e9sz\" \/>\n<meta property=\"article:publisher\" content=\"https:\/\/www.facebook.com\/Tajkertesz\/\" \/>\n<meta property=\"article:modified_time\" content=\"2026-02-21T14:11:52+00:00\" \/>\n<meta property=\"og:image\" content=\"https:\/\/tajkertesz.com\/wp-content\/uploads\/2025\/10\/2b0a92b4a7494f136747255e066c909c.jpg\" \/>\n\t<meta property=\"og:image:width\" content=\"485\" \/>\n\t<meta property=\"og:image:height\" content=\"414\" \/>\n\t<meta property=\"og:image:type\" content=\"image\/jpeg\" \/>\n<meta name=\"twitter:card\" content=\"summary_large_image\" \/>\n<meta name=\"twitter:label1\" content=\"Est. reading time\" \/>\n\t<meta name=\"twitter:data1\" content=\"3 minutes\" \/>\n<script type=\"application\/ld+json\" class=\"yoast-schema-graph\">{\"@context\":\"https:\\\/\\\/schema.org\",\"@graph\":[{\"@type\":\"WebPage\",\"@id\":\"https:\\\/\\\/tajkertesz.com\\\/termek\\\/vaccinium-corymbosum-darrow-kek-afonya\\\/\",\"url\":\"https:\\\/\\\/tajkertesz.com\\\/termek\\\/vaccinium-corymbosum-darrow-kek-afonya\\\/\",\"name\":\"Vaccinium corymbosum 'Darrow' - K\u00e9k \u00e1fonya - T\u00e1jkert\u00e9sz\",\"isPartOf\":{\"@id\":\"https:\\\/\\\/tajkertesz.com\\\/#website\"},\"primaryImageOfPage\":{\"@id\":\"https:\\\/\\\/tajkertesz.com\\\/termek\\\/vaccinium-corymbosum-darrow-kek-afonya\\\/#primaryimage\"},\"image\":{\"@id\":\"https:\\\/\\\/tajkertesz.com\\\/termek\\\/vaccinium-corymbosum-darrow-kek-afonya\\\/#primaryimage\"},\"thumbnailUrl\":\"https:\\\/\\\/tajkertesz.com\\\/wp-content\\\/uploads\\\/2025\\\/10\\\/2b0a92b4a7494f136747255e066c909c.jpg\",\"datePublished\":\"2025-10-31T09:46:09+00:00\",\"dateModified\":\"2026-02-21T14:11:52+00:00\",\"description\":\"Vaccinium corymbosum 'Darrow' - K\u00e9k \u00e1fonya \u2013 nagy gy\u00fcm\u00f6lcs\u0171, \u00e9des \u00edz\u0171 fajta, b\u0151term\u0151 \u00e9s t\u00e9l\u00e1ll\u00f3. Min\u0151s\u00e9gi Vaccinium corymbosum pal\u00e1nta gyors sz\u00e1ll\u00edt\u00e1ssal.\",\"breadcrumb\":{\"@id\":\"https:\\\/\\\/tajkertesz.com\\\/termek\\\/vaccinium-corymbosum-darrow-kek-afonya\\\/#breadcrumb\"},\"inLanguage\":\"en-US\",\"potentialAction\":[{\"@type\":\"ReadAction\",\"target\":[\"https:\\\/\\\/tajkertesz.com\\\/termek\\\/vaccinium-corymbosum-darrow-kek-afonya\\\/\"]}]},{\"@type\":\"ImageObject\",\"inLanguage\":\"en-US\",\"@id\":\"https:\\\/\\\/tajkertesz.com\\\/termek\\\/vaccinium-corymbosum-darrow-kek-afonya\\\/#primaryimage\",\"url\":\"https:\\\/\\\/tajkertesz.com\\\/wp-content\\\/uploads\\\/2025\\\/10\\\/2b0a92b4a7494f136747255e066c909c.jpg\",\"contentUrl\":\"https:\\\/\\\/tajkertesz.com\\\/wp-content\\\/uploads\\\/2025\\\/10\\\/2b0a92b4a7494f136747255e066c909c.jpg\",\"width\":485,\"height\":414,\"caption\":\"Vaccinium corymbosum 'Darrow' - K\u00e9k \u00e1fonya\"},{\"@type\":\"BreadcrumbList\",\"@id\":\"https:\\\/\\\/tajkertesz.com\\\/termek\\\/vaccinium-corymbosum-darrow-kek-afonya\\\/#breadcrumb\",\"itemListElement\":[{\"@type\":\"ListItem\",\"position\":1,\"name\":\"Home\",\"item\":\"https:\\\/\\\/tajkertesz.com\\\/\"},{\"@type\":\"ListItem\",\"position\":2,\"name\":\"Kezd\u0151lap\",\"item\":\"https:\\\/\\\/tajkertesz.com\\\/\"},{\"@type\":\"ListItem\",\"position\":3,\"name\":\"Vaccinium corymbosum &#8216;Darrow&#8217; &#8211; K\u00e9k \u00e1fonya\"}]},{\"@type\":\"WebSite\",\"@id\":\"https:\\\/\\\/tajkertesz.com\\\/#website\",\"url\":\"https:\\\/\\\/tajkertesz.com\\\/\",\"name\":\"T\u00e1j-Kert\u00e9sz 84 Kft.\",\"description\":\"Kert\u00e9szeti kis- \u00e9s nagykeresked\u00e9s, D\u00edszn\u00f6v\u00e9ny web\u00e1ruh\u00e1z orsz\u00e1gos h\u00e1zhozsz\u00e1ll\u00edt\u00e1ssal!\",\"publisher\":{\"@id\":\"https:\\\/\\\/tajkertesz.com\\\/#organization\"},\"potentialAction\":[{\"@type\":\"SearchAction\",\"target\":{\"@type\":\"EntryPoint\",\"urlTemplate\":\"https:\\\/\\\/tajkertesz.com\\\/?s={search_term_string}\"},\"query-input\":{\"@type\":\"PropertyValueSpecification\",\"valueRequired\":true,\"valueName\":\"search_term_string\"}}],\"inLanguage\":\"en-US\"},{\"@type\":\"Organization\",\"@id\":\"https:\\\/\\\/tajkertesz.com\\\/#organization\",\"name\":\"T\u00e1j-Kert\u00e9sz 84 Kft.\",\"url\":\"https:\\\/\\\/tajkertesz.com\\\/\",\"logo\":{\"@type\":\"ImageObject\",\"inLanguage\":\"en-US\",\"@id\":\"https:\\\/\\\/tajkertesz.com\\\/#\\\/schema\\\/logo\\\/image\\\/\",\"url\":\"https:\\\/\\\/tajkertesz.com\\\/wp-content\\\/uploads\\\/2018\\\/02\\\/logo-2-e1518678052539.png\",\"contentUrl\":\"https:\\\/\\\/tajkertesz.com\\\/wp-content\\\/uploads\\\/2018\\\/02\\\/logo-2-e1518678052539.png\",\"width\":81,\"height\":140,\"caption\":\"T\u00e1j-Kert\u00e9sz 84 Kft.\"},\"image\":{\"@id\":\"https:\\\/\\\/tajkertesz.com\\\/#\\\/schema\\\/logo\\\/image\\\/\"},\"sameAs\":[\"https:\\\/\\\/www.facebook.com\\\/Tajkertesz\\\/\"]}]}<\/script>\n<!-- \/ Yoast SEO plugin. -->","yoast_head_json":{"title":"Vaccinium corymbosum 'Darrow' - K\u00e9k \u00e1fonya - T\u00e1jkert\u00e9sz","description":"Vaccinium corymbosum 'Darrow' - K\u00e9k \u00e1fonya \u2013 nagy gy\u00fcm\u00f6lcs\u0171, \u00e9des \u00edz\u0171 fajta, b\u0151term\u0151 \u00e9s t\u00e9l\u00e1ll\u00f3. Min\u0151s\u00e9gi Vaccinium corymbosum pal\u00e1nta gyors sz\u00e1ll\u00edt\u00e1ssal.","robots":{"index":"index","follow":"follow","max-snippet":"max-snippet:-1","max-image-preview":"max-image-preview:large","max-video-preview":"max-video-preview:-1"},"canonical":"https:\/\/tajkertesz.com\/en_US\/product\/vaccinium-corymbosum-darrow-kek-afonya\/","og_locale":"en_US","og_type":"article","og_title":"Vaccinium corymbosum 'Darrow' - K\u00e9k \u00e1fonya - T\u00e1jkert\u00e9sz","og_description":"Vaccinium corymbosum 'Darrow' - K\u00e9k \u00e1fonya \u2013 nagy gy\u00fcm\u00f6lcs\u0171, \u00e9des \u00edz\u0171 fajta, b\u0151term\u0151 \u00e9s t\u00e9l\u00e1ll\u00f3. Min\u0151s\u00e9gi Vaccinium corymbosum pal\u00e1nta gyors sz\u00e1ll\u00edt\u00e1ssal.","og_url":"https:\/\/tajkertesz.com\/en_US\/product\/vaccinium-corymbosum-darrow-kek-afonya\/","og_site_name":"T\u00e1jkert\u00e9sz","article_publisher":"https:\/\/www.facebook.com\/Tajkertesz\/","article_modified_time":"2026-02-21T14:11:52+00:00","og_image":[{"width":485,"height":414,"url":"https:\/\/tajkertesz.com\/wp-content\/uploads\/2025\/10\/2b0a92b4a7494f136747255e066c909c.jpg","type":"image\/jpeg"}],"twitter_card":"summary_large_image","twitter_misc":{"Est. reading time":"3 minutes"},"schema":{"@context":"https:\/\/schema.org","@graph":[{"@type":"WebPage","@id":"https:\/\/tajkertesz.com\/termek\/vaccinium-corymbosum-darrow-kek-afonya\/","url":"https:\/\/tajkertesz.com\/termek\/vaccinium-corymbosum-darrow-kek-afonya\/","name":"Vaccinium corymbosum 'Darrow' - K\u00e9k \u00e1fonya - T\u00e1jkert\u00e9sz","isPartOf":{"@id":"https:\/\/tajkertesz.com\/#website"},"primaryImageOfPage":{"@id":"https:\/\/tajkertesz.com\/termek\/vaccinium-corymbosum-darrow-kek-afonya\/#primaryimage"},"image":{"@id":"https:\/\/tajkertesz.com\/termek\/vaccinium-corymbosum-darrow-kek-afonya\/#primaryimage"},"thumbnailUrl":"https:\/\/tajkertesz.com\/wp-content\/uploads\/2025\/10\/2b0a92b4a7494f136747255e066c909c.jpg","datePublished":"2025-10-31T09:46:09+00:00","dateModified":"2026-02-21T14:11:52+00:00","description":"Vaccinium corymbosum 'Darrow' - K\u00e9k \u00e1fonya \u2013 nagy gy\u00fcm\u00f6lcs\u0171, \u00e9des \u00edz\u0171 fajta, b\u0151term\u0151 \u00e9s t\u00e9l\u00e1ll\u00f3. Min\u0151s\u00e9gi Vaccinium corymbosum pal\u00e1nta gyors sz\u00e1ll\u00edt\u00e1ssal.","breadcrumb":{"@id":"https:\/\/tajkertesz.com\/termek\/vaccinium-corymbosum-darrow-kek-afonya\/#breadcrumb"},"inLanguage":"en-US","potentialAction":[{"@type":"ReadAction","target":["https:\/\/tajkertesz.com\/termek\/vaccinium-corymbosum-darrow-kek-afonya\/"]}]},{"@type":"ImageObject","inLanguage":"en-US","@id":"https:\/\/tajkertesz.com\/termek\/vaccinium-corymbosum-darrow-kek-afonya\/#primaryimage","url":"https:\/\/tajkertesz.com\/wp-content\/uploads\/2025\/10\/2b0a92b4a7494f136747255e066c909c.jpg","contentUrl":"https:\/\/tajkertesz.com\/wp-content\/uploads\/2025\/10\/2b0a92b4a7494f136747255e066c909c.jpg","width":485,"height":414,"caption":"Vaccinium corymbosum 'Darrow' - K\u00e9k \u00e1fonya"},{"@type":"BreadcrumbList","@id":"https:\/\/tajkertesz.com\/termek\/vaccinium-corymbosum-darrow-kek-afonya\/#breadcrumb","itemListElement":[{"@type":"ListItem","position":1,"name":"Home","item":"https:\/\/tajkertesz.com\/"},{"@type":"ListItem","position":2,"name":"Kezd\u0151lap","item":"https:\/\/tajkertesz.com\/"},{"@type":"ListItem","position":3,"name":"Vaccinium corymbosum &#8216;Darrow&#8217; &#8211; K\u00e9k \u00e1fonya"}]},{"@type":"WebSite","@id":"https:\/\/tajkertesz.com\/#website","url":"https:\/\/tajkertesz.com\/","name":"T\u00e1j-Kert\u00e9sz 84 Kft.","description":"Kert\u00e9szeti kis- \u00e9s nagykeresked\u00e9s, D\u00edszn\u00f6v\u00e9ny web\u00e1ruh\u00e1z orsz\u00e1gos h\u00e1zhozsz\u00e1ll\u00edt\u00e1ssal!","publisher":{"@id":"https:\/\/tajkertesz.com\/#organization"},"potentialAction":[{"@type":"SearchAction","target":{"@type":"EntryPoint","urlTemplate":"https:\/\/tajkertesz.com\/?s={search_term_string}"},"query-input":{"@type":"PropertyValueSpecification","valueRequired":true,"valueName":"search_term_string"}}],"inLanguage":"en-US"},{"@type":"Organization","@id":"https:\/\/tajkertesz.com\/#organization","name":"T\u00e1j-Kert\u00e9sz 84 Kft.","url":"https:\/\/tajkertesz.com\/","logo":{"@type":"ImageObject","inLanguage":"en-US","@id":"https:\/\/tajkertesz.com\/#\/schema\/logo\/image\/","url":"https:\/\/tajkertesz.com\/wp-content\/uploads\/2018\/02\/logo-2-e1518678052539.png","contentUrl":"https:\/\/tajkertesz.com\/wp-content\/uploads\/2018\/02\/logo-2-e1518678052539.png","width":81,"height":140,"caption":"T\u00e1j-Kert\u00e9sz 84 Kft."},"image":{"@id":"https:\/\/tajkertesz.com\/#\/schema\/logo\/image\/"},"sameAs":["https:\/\/www.facebook.com\/Tajkertesz\/"]}]}},"_links":{"self":[{"href":"https:\/\/tajkertesz.com\/en_US\/wp-json\/wp\/v2\/product\/25123","targetHints":{"allow":["GET"]}}],"collection":[{"href":"https:\/\/tajkertesz.com\/en_US\/wp-json\/wp\/v2\/product"}],"about":[{"href":"https:\/\/tajkertesz.com\/en_US\/wp-json\/wp\/v2\/types\/product"}],"wp:featuredmedia":[{"embeddable":true,"href":"https:\/\/tajkertesz.com\/en_US\/wp-json\/wp\/v2\/media\/25124"}],"wp:attachment":[{"href":"https:\/\/tajkertesz.com\/en_US\/wp-json\/wp\/v2\/media?parent=25123"}],"wp:term":[{"taxonomy":"product_brand","embeddable":true,"href":"https:\/\/tajkertesz.com\/en_US\/wp-json\/wp\/v2\/product_brand?post=25123"},{"taxonomy":"product_cat","embeddable":true,"href":"https:\/\/tajkertesz.com\/en_US\/wp-json\/wp\/v2\/product_cat?post=25123"},{"taxonomy":"product_tag","embeddable":true,"href":"https:\/\/tajkertesz.com\/en_US\/wp-json\/wp\/v2\/product_tag?post=25123"}],"curies":[{"name":"wp","href":"https:\/\/api.w.org\/{rel}","templated":true}]}}