{"id":25136,"date":"2025-10-31T13:58:43","date_gmt":"2025-10-31T13:58:43","guid":{"rendered":"https:\/\/tajkertesz.com\/?post_type=product&#038;p=25136"},"modified":"2026-02-21T13:57:39","modified_gmt":"2026-02-21T13:57:39","slug":"rubus-fruticosus-loch-ness-tusketlen-szeder","status":"publish","type":"product","link":"https:\/\/tajkertesz.com\/en_US\/product\/rubus-fruticosus-loch-ness-tusketlen-szeder\/","title":{"rendered":"Rubus fruticosus \u2019Loch Ness\u2019 &#8211; T\u00fcsk\u00e9tlen szeder"},"content":{"rendered":"<h1>Rubus fruticosus \u2019Loch Ness\u2019 &#8211; T\u00fcsk\u00e9tlen szeder<\/h1>\n<p data-start=\"1030\" data-end=\"1213\">A Rubus fruticosus \u2019Loch Ness\u2019 &#8211; T\u00fcsk\u00e9tlen szeder\u00a0az egyik <strong data-start=\"1074\" data-end=\"1116\">legmegb\u00edzhat\u00f3bb, t\u00fcsk\u00e9tlen szederfajta<\/strong>, amelyet <strong data-start=\"1126\" data-end=\"1182\">b\u0151s\u00e9ges term\u00e9shozama, j\u00f3 \u00edze \u00e9s k\u00f6nny\u0171 kezelhet\u0151s\u00e9ge<\/strong> miatt kedvelnek vil\u00e1gszerte.<\/p>\n<h2>Rubus fruticosus \u2019Loch Ness\u2019 jellemz\u0151i:<\/h2>\n<ul data-start=\"1243\" data-end=\"1766\">\n<li data-start=\"1243\" data-end=\"1327\">\n<p data-start=\"1245\" data-end=\"1327\"><strong data-start=\"1245\" data-end=\"1259\">N\u00f6veked\u00e9s:<\/strong> er\u0151teljes, f\u00e9lig fel\u00e1ll\u00f3 hajt\u00e1s\u00fa, 2\u20133 m hossz\u00fa vessz\u0151ket fejleszt<\/p>\n<\/li>\n<li data-start=\"1330\" data-end=\"1387\">\n<p data-start=\"1332\" data-end=\"1387\"><strong data-start=\"1332\" data-end=\"1343\">Term\u00e9s:<\/strong> nagy, f\u00e9nyes fekete bogy\u00f3k, 5\u20138 g s\u00faly\u00faak<\/p>\n<\/li>\n<li data-start=\"1390\" data-end=\"1450\">\n<p data-start=\"1392\" data-end=\"1450\"><strong data-start=\"1392\" data-end=\"1406\">\u00c9r\u00e9si id\u0151:<\/strong> j\u00falius v\u00e9g\u00e9t\u0151l szeptemberig, elny\u00fajtottan<\/p>\n<\/li>\n<li data-start=\"1453\" data-end=\"1506\">\n<p data-start=\"1455\" data-end=\"1506\"><strong data-start=\"1455\" data-end=\"1462\">\u00cdz:<\/strong> kellemesen \u00e9des, enyh\u00e9n savanyk\u00e1s, arom\u00e1s<\/p>\n<\/li>\n<li data-start=\"1509\" data-end=\"1560\">\n<p data-start=\"1511\" data-end=\"1560\"><strong data-start=\"1511\" data-end=\"1528\">T\u00fcsk\u00e9tlens\u00e9g:<\/strong> teljesen t\u00fcskementes hajt\u00e1sok<\/p>\n<\/li>\n<li data-start=\"1563\" data-end=\"1619\">\n<p data-start=\"1565\" data-end=\"1619\"><strong data-start=\"1565\" data-end=\"1581\">Term\u00e9shozam:<\/strong> magas, ak\u00e1r 10\u201315 kg\/bokor is lehet<\/p>\n<\/li>\n<li data-start=\"1622\" data-end=\"1653\">\n<p data-start=\"1624\" data-end=\"1653\"><strong data-start=\"1624\" data-end=\"1638\">F\u00e9nyig\u00e9ny:<\/strong> napos fekv\u00e9s<\/p>\n<\/li>\n<li data-start=\"1656\" data-end=\"1720\">\n<p data-start=\"1658\" data-end=\"1720\"><strong data-start=\"1658\" data-end=\"1673\">Talajig\u00e9ny:<\/strong> j\u00f3 v\u00edz\u00e1tereszt\u0151, humuszos, k\u00f6z\u00e9pk\u00f6t\u00f6tt talaj<\/p>\n<\/li>\n<li data-start=\"1723\" data-end=\"1763\">\n<p data-start=\"1725\" data-end=\"1763\"><strong data-start=\"1725\" data-end=\"1740\">T\u00e9l\u00e1ll\u00f3s\u00e1g:<\/strong> j\u00f3 fagyt\u0171r\u0151 k\u00e9pess\u00e9g<\/p>\n<\/li>\n<\/ul>\n<p data-start=\"1769\" data-end=\"2037\"><strong data-start=\"1769\" data-end=\"1782\">Gondoz\u00e1s:<\/strong><br data-start=\"1782\" data-end=\"1785\" \/>A szeder <strong data-start=\"1796\" data-end=\"1823\">k\u00e9t\u00e9ves vessz\u0151k\u00f6n terem<\/strong>, ez\u00e9rt a term\u00e9s ut\u00e1n el\u00f6regedett hajt\u00e1sokat vissza kell v\u00e1gni. Aj\u00e1nlott <strong data-start=\"1896\" data-end=\"1922\">t\u00e1mrendszerre futtatni<\/strong>, \u00edgy a gy\u00fcm\u00f6lcs\u00f6k k\u00f6nnyen hozz\u00e1f\u00e9rhet\u0151k. A rendszeres \u00f6nt\u00f6z\u00e9s \u00e9s t\u00e1panyagp\u00f3tl\u00e1s biztos\u00edtja a nagy term\u00e9shozamot.<\/p>\n<p data-start=\"2043\" data-end=\"2152\"><strong data-start=\"2043\" data-end=\"2060\">Felhaszn\u00e1l\u00e1s:<\/strong> friss fogyaszt\u00e1sra, <strong data-start=\"2081\" data-end=\"2116\">lekv\u00e1rnak, sz\u00f6rpnek, s\u00fctem\u00e9nybe<\/strong> \u00e9s <strong data-start=\"2120\" data-end=\"2136\">fagyaszt\u00e1sra<\/strong> is t\u00f6k\u00e9letes.<\/p>\n<p data-start=\"2158\" data-end=\"2301\">A <strong data-start=\"2160\" data-end=\"2182\">\u2018Loch Ness\u2019 szeder<\/strong> az egyik <strong data-start=\"2192\" data-end=\"2239\">legjobb v\u00e1laszt\u00e1s h\u00e1zikertbe \u00e9s \u00fcltetv\u00e9nybe<\/strong> \u2013 t\u00fcsk\u00e9tlen, nagy gy\u00fcm\u00f6lcs\u0171, ellen\u00e1ll\u00f3 \u00e9s hossz\u00fa \u00e9let\u0171 fajta.<\/p>\n<h4><strong>\ud83d\udd04 K\u00e9szletinform\u00e1ci\u00f3<\/strong><\/h4>\n<p><strong>K\u00e9szlet\u00fcnk napi szinten v\u00e1ltozik, \u00edgy a webshopban szerepl<\/strong><strong>\u0151<\/strong><strong>\u00a0term\u00e9kek el\u00e9rhet<\/strong><strong>\u0151<\/strong><strong>s\u00e9ge nem garant\u00e1lt.<br \/>\n\ud83d\udcde A megrendel\u00e9s el<\/strong><strong>\u0151<\/strong><strong>tt k\u00e9rj\u00fck, \u00e9rdekl<\/strong><strong>\u0151<\/strong><strong>dj\u00f6n szem\u00e9lyesen, telefonon vagy e-mailben!<\/strong><\/p>\n<h4><strong>\u27a1\ufe0f Kapcsolat:<\/strong><\/h4>\n<ul>\n<li><strong>Weboldal:\u00a0<\/strong><a href=\"https:\/\/tajkertesz.com\/\"><strong>tajkertesz.com<\/strong><\/a><\/li>\n<li><strong>Facebook:\u00a0<\/strong><a href=\"https:\/\/www.facebook.com\/tajkertesz\/\"><strong>facebook.com\/tajkertesz<\/strong><\/a><\/li>\n<li><strong>Telefonsz\u00e1m, e-mail: +36\/20-319-3770\u00a0<\/strong><a href=\"mailto:tajkerteszaruda@gmail.com\"><strong>tajkerteszaruda@gmail.com<\/strong><\/a><\/li>\n<\/ul>\n<h4><strong>\ud83d\ude9a Sz\u00e1ll\u00edt\u00e1si inform\u00e1ci\u00f3k<\/strong><\/h4>\n<p><strong>A megrendelt n\u00f6v\u00e9nyek kisz\u00e1ll\u00edt\u00e1sa az al\u00e1bbi felt\u00e9telek mellett t\u00f6rt\u00e9nik:<\/strong><\/p>\n<h4><strong>\ud83d\udce6 Fut\u00e1rszolg\u00e1latos sz\u00e1ll\u00edt\u00e1s<\/strong><\/h4>\n<ul>\n<li><strong>Maxim\u00e1lis m\u00e9ret: 200 cm (hossz\u00fas\u00e1g)<\/strong><\/li>\n<li><strong>Maxim\u00e1lis s\u00faly: 40 kg<\/strong><\/li>\n<li><strong>Az enn\u00e9l kisebb \u00e9s k\u00f6nnyebb csomagokat fut\u00e1rszolg\u00e1lattal k\u00e9zbes\u00edtj\u00fck a lehet<\/strong><strong>\u0151<\/strong><strong>\u00a0legbiztons\u00e1gosabb csomagol\u00e1sban.<\/strong><\/li>\n<\/ul>\n<h4><strong>\ud83d\udefb Szem\u00e9lyes \u00e1tv\u00e9tel<\/strong><\/h4>\n<ul>\n<li><strong>1173 Budapest, Bakancsos utca 7. sz\u00e1m alatt nyitvatart\u00e1si id<\/strong><strong>\u0151<\/strong><strong>ben szem\u00e9lyesen \u00e1tvehet<\/strong><strong>\u0151<\/strong><strong>\u00a0kert\u00e9szeti \u00e1rud\u00e1nkban.<\/strong><\/li>\n<li><strong>K\u00f6lts\u00e9ghat\u00e9kony megold\u00e1s nagyobb, t\u00f6r\u00e9kenyebb vagy t\u00falm\u00e9retes n\u00f6v\u00e9nyek eset\u00e9n.<\/strong><\/li>\n<\/ul>\n<h4><strong>\ud83d\udcde Nagy m\u00e9ret<\/strong><strong>\u0171<\/strong><strong>\u00a0vagy s\u00faly\u00fa n\u00f6v\u00e9nyek eset\u00e9n<\/strong><\/h4>\n<p><strong>Ha a term\u00e9k:<\/strong><\/p>\n<ul>\n<li><strong>meghaladja a 200 cm hossz\u00fas\u00e1got vagy<\/strong><\/li>\n<li><strong>meghaladja a 40 kg s\u00falyt,<\/strong><\/li>\n<\/ul>\n<p><strong>akkor szem\u00e9lyes \u00e1tv\u00e9tellel vagy egyedi, el<\/strong><strong>\u0151<\/strong><strong>re egyeztetett sz\u00e1ll\u00edt\u00e1si felt\u00e9telek mellett t\u00f6rt\u00e9nik.<br \/>\nK\u00e9rj\u00fck, ilyen esetben rendel\u00e9s el<\/strong><strong>\u0151<\/strong><strong>tt vegye fel vel\u00fcnk a kapcsolatot, hogy a lehet<\/strong><strong>\u0151<\/strong><strong>\u00a0legmegfelel<\/strong><strong>\u0151<\/strong><strong>bb sz\u00e1ll\u00edt\u00e1si megold\u00e1st k\u00edn\u00e1lhassuk.<\/strong><\/p>\n<p><strong>\ud83d\udd14 Fontos: A n\u00f6v\u00e9nyeket minden esetben igyeksz\u00fcnk gondosan, egyes\u00e9vel csomagolni, azonban a sz\u00e1ll\u00edt\u00e1s sor\u00e1n kisebb eszt\u00e9tikai s\u00e9r\u00fcl\u00e9sek el<\/strong><strong>\u0151<\/strong><strong>fordulhatnak (pl. lev\u00e9lhull\u00e1s). Ez nem min<\/strong><strong>\u0151<\/strong><strong>s\u00fcl hib\u00e1s teljes\u00edt\u00e9snek.<\/strong><\/p>\n<h4><strong>\ud83d\udcf7 Fontos tudni a k\u00e9pekr<\/strong><strong>\u0151<\/strong><strong>l<\/strong><\/h4>\n<p><strong>A webshopban szerepl<\/strong><strong>\u0151<\/strong><strong>\u00a0k\u00e9pek illusztr\u00e1ci\u00f3k, a n\u00f6v\u00e9nyek term\u00e9szet\u00fckn\u00e9l fogva egyediek, \u00edgy m\u00e9retben, alakban \u00e9s sz\u00ednben minim\u00e1lis elt\u00e9r\u00e9sek el<\/strong><strong>\u0151<\/strong><strong>fordulhatnak a k\u00e9pen l\u00e1that\u00f3 \u00e9s a val\u00f3s p\u00e9ld\u00e1nyok k\u00f6z\u00f6tt.<\/strong><\/p>\n<h4><strong>\ud83e\uddfe \u00c1rak \u00e9s el\u00e1ll\u00e1si jog<\/strong><\/h4>\n<ul>\n<li><strong>Az \u00e1rak egy darab\u00a0n\u00f6v\u00e9nyre vonatkoznak.<\/strong><\/li>\n<li><strong>\u00c9l<\/strong><strong>\u0151<\/strong><strong>\u00a0n\u00f6v\u00e9nyek rendel\u00e9se eset\u00e9n a 14 napos el\u00e1ll\u00e1s joga nem \u00e9rv\u00e9nyes\u00edthet<\/strong><strong>\u0151<\/strong><strong>, mivel azok romland\u00f3, biol\u00f3giailag \u00e9l<\/strong><strong>\u0151<\/strong><strong>\u00a0term\u00e9keknek min<\/strong><strong>\u0151<\/strong><strong>s\u00fclnek.<br \/>\n\ud83d\udd12 (17\/1999. (II. 5.) Korm. rendelet 5. \u00a7 c) pontja alapj\u00e1n)<\/strong><\/li>\n<\/ul>\n<h4><strong>\ud83d\udce6 K\u00e9zbes\u00edt\u00e9s ut\u00e1ni teend<\/strong><strong>\u0151<\/strong><strong>k<\/strong><\/h4>\n<p><strong>A k\u00e9zbes\u00edt\u00e9st k\u00f6vet<\/strong><strong>\u0151<\/strong><strong>en a csomagot azonnal bontsuk ki, \u00e9s a n\u00f6v\u00e9nyt helyezz\u00fck el megfelel<\/strong><strong>\u0151<\/strong><strong>\u00a0k\u00f6rnyezetben.<br \/>\nFontos: ha a n\u00f6v\u00e9ny nem r\u00e9szes\u00fcl megfelel<\/strong><strong>\u0151<\/strong><strong>\u00a0gondoz\u00e1sban \u00e9s ennek k\u00f6vetkezt\u00e9ben k\u00e1rosodik vagy elpusztul, felel<\/strong><strong>\u0151<\/strong><strong>ss\u00e9get nem tudunk v\u00e1llalni.<\/strong><\/p>","protected":false},"excerpt":{"rendered":"<p>A <strong data-start=\"737\" data-end=\"759\">\u2018Loch Ness\u2019 szeder<\/strong> egy <strong data-start=\"764\" data-end=\"808\">t\u00fcsk\u00e9tlen, nagy gy\u00fcm\u00f6lcs\u0171, b\u0151term\u0151 fajta<\/strong>, amely <strong data-start=\"816\" data-end=\"847\">j\u00falius v\u00e9g\u00e9t\u0151l szeptemberig<\/strong> \u00e9rleli f\u00e9nyes fekete, \u00e9des-savanyk\u00e1s term\u00e9seit. Er\u0151s n\u00f6veked\u00e9s\u0171, betegs\u00e9gekkel szemben ellen\u00e1ll\u00f3, h\u00e1zikerti \u00e9s \u00fczemi termeszt\u00e9sre egyar\u00e1nt kiv\u00e1l\u00f3.<\/p>\n<p>M\u00e9rete: 60\/80 cm magas, 2 literes kont\u00e9nerben.<\/p>","protected":false},"featured_media":25137,"template":"","meta":{"_et_pb_use_builder":"","_et_pb_old_content":"","_et_gb_content_width":""},"product_brand":[],"product_cat":[5327],"product_tag":[7450,7453,7061,7448,7451,742,746,7452,7449],"class_list":{"0":"post-25136","1":"product","2":"type-product","3":"status-publish","4":"has-post-thumbnail","6":"product_cat-gyumolcstermok","7":"product_tag-botermo-szeder","8":"product_tag-fagyturo-szeder","9":"product_tag-gyumolcstermo-noveny","10":"product_tag-loch-ness","11":"product_tag-nagy-gyumolcsu-szeder","12":"product_tag-rubus-fruticosus","13":"product_tag-szeder","14":"product_tag-szeder-palanta","15":"product_tag-tusketlen-szeder","17":"first","18":"instock","19":"shipping-taxable","20":"purchasable","21":"product-type-simple"},"yoast_head":"<!-- This site is optimized with the Yoast SEO plugin v27.4 - https:\/\/yoast.com\/product\/yoast-seo-wordpress\/ -->\n<title>Rubus fruticosus \u2019Loch Ness\u2019 - T\u00fcsk\u00e9tlen szeder - T\u00e1jkert\u00e9sz<\/title>\n<meta name=\"description\" content=\"Rubus fruticosus \u2019Loch Ness\u2019 - T\u00fcsk\u00e9tlen szeder egy nagy gy\u00fcm\u00f6lcs\u0171, b\u0151term\u0151 fajta. \u00c9des, arom\u00e1s szeder h\u00e1zikertbe \u00e9s \u00fcltetv\u00e9nybe. Gyors sz\u00e1ll\u00edt\u00e1s!\" \/>\n<meta name=\"robots\" content=\"index, follow, max-snippet:-1, max-image-preview:large, max-video-preview:-1\" \/>\n<link rel=\"canonical\" href=\"https:\/\/tajkertesz.com\/en_US\/product\/rubus-fruticosus-loch-ness-tusketlen-szeder\/\" \/>\n<meta property=\"og:locale\" content=\"en_US\" \/>\n<meta property=\"og:type\" content=\"article\" \/>\n<meta property=\"og:title\" content=\"Rubus fruticosus \u2019Loch Ness\u2019 - T\u00fcsk\u00e9tlen szeder - T\u00e1jkert\u00e9sz\" \/>\n<meta property=\"og:description\" content=\"Rubus fruticosus \u2019Loch Ness\u2019 - T\u00fcsk\u00e9tlen szeder egy nagy gy\u00fcm\u00f6lcs\u0171, b\u0151term\u0151 fajta. \u00c9des, arom\u00e1s szeder h\u00e1zikertbe \u00e9s \u00fcltetv\u00e9nybe. Gyors sz\u00e1ll\u00edt\u00e1s!\" \/>\n<meta property=\"og:url\" content=\"https:\/\/tajkertesz.com\/en_US\/product\/rubus-fruticosus-loch-ness-tusketlen-szeder\/\" \/>\n<meta property=\"og:site_name\" content=\"T\u00e1jkert\u00e9sz\" \/>\n<meta property=\"article:publisher\" content=\"https:\/\/www.facebook.com\/Tajkertesz\/\" \/>\n<meta property=\"article:modified_time\" content=\"2026-02-21T13:57:39+00:00\" \/>\n<meta property=\"og:image\" content=\"https:\/\/tajkertesz.com\/wp-content\/uploads\/2025\/10\/NARBA-berry-facts-picking-blackberries-fully-ripe-agriberry-farm-rotated.jpg\" \/>\n\t<meta property=\"og:image:width\" content=\"700\" \/>\n\t<meta property=\"og:image:height\" content=\"1000\" \/>\n\t<meta property=\"og:image:type\" content=\"image\/jpeg\" \/>\n<meta name=\"twitter:card\" content=\"summary_large_image\" \/>\n<meta name=\"twitter:label1\" content=\"Est. reading time\" \/>\n\t<meta name=\"twitter:data1\" content=\"3 minutes\" \/>\n<script type=\"application\/ld+json\" class=\"yoast-schema-graph\">{\"@context\":\"https:\\\/\\\/schema.org\",\"@graph\":[{\"@type\":\"WebPage\",\"@id\":\"https:\\\/\\\/tajkertesz.com\\\/termek\\\/rubus-fruticosus-loch-ness-tusketlen-szeder\\\/\",\"url\":\"https:\\\/\\\/tajkertesz.com\\\/termek\\\/rubus-fruticosus-loch-ness-tusketlen-szeder\\\/\",\"name\":\"Rubus fruticosus \u2019Loch Ness\u2019 - T\u00fcsk\u00e9tlen szeder - T\u00e1jkert\u00e9sz\",\"isPartOf\":{\"@id\":\"https:\\\/\\\/tajkertesz.com\\\/#website\"},\"primaryImageOfPage\":{\"@id\":\"https:\\\/\\\/tajkertesz.com\\\/termek\\\/rubus-fruticosus-loch-ness-tusketlen-szeder\\\/#primaryimage\"},\"image\":{\"@id\":\"https:\\\/\\\/tajkertesz.com\\\/termek\\\/rubus-fruticosus-loch-ness-tusketlen-szeder\\\/#primaryimage\"},\"thumbnailUrl\":\"https:\\\/\\\/tajkertesz.com\\\/wp-content\\\/uploads\\\/2025\\\/10\\\/NARBA-berry-facts-picking-blackberries-fully-ripe-agriberry-farm-rotated.jpg\",\"datePublished\":\"2025-10-31T13:58:43+00:00\",\"dateModified\":\"2026-02-21T13:57:39+00:00\",\"description\":\"Rubus fruticosus \u2019Loch Ness\u2019 - T\u00fcsk\u00e9tlen szeder egy nagy gy\u00fcm\u00f6lcs\u0171, b\u0151term\u0151 fajta. \u00c9des, arom\u00e1s szeder h\u00e1zikertbe \u00e9s \u00fcltetv\u00e9nybe. Gyors sz\u00e1ll\u00edt\u00e1s!\",\"breadcrumb\":{\"@id\":\"https:\\\/\\\/tajkertesz.com\\\/termek\\\/rubus-fruticosus-loch-ness-tusketlen-szeder\\\/#breadcrumb\"},\"inLanguage\":\"en-US\",\"potentialAction\":[{\"@type\":\"ReadAction\",\"target\":[\"https:\\\/\\\/tajkertesz.com\\\/termek\\\/rubus-fruticosus-loch-ness-tusketlen-szeder\\\/\"]}]},{\"@type\":\"ImageObject\",\"inLanguage\":\"en-US\",\"@id\":\"https:\\\/\\\/tajkertesz.com\\\/termek\\\/rubus-fruticosus-loch-ness-tusketlen-szeder\\\/#primaryimage\",\"url\":\"https:\\\/\\\/tajkertesz.com\\\/wp-content\\\/uploads\\\/2025\\\/10\\\/NARBA-berry-facts-picking-blackberries-fully-ripe-agriberry-farm-rotated.jpg\",\"contentUrl\":\"https:\\\/\\\/tajkertesz.com\\\/wp-content\\\/uploads\\\/2025\\\/10\\\/NARBA-berry-facts-picking-blackberries-fully-ripe-agriberry-farm-rotated.jpg\",\"width\":700,\"height\":1000,\"caption\":\"Rubus fruticosus \u2019Loch Ness\u2019 - T\u00fcsk\u00e9tlen szeder\"},{\"@type\":\"BreadcrumbList\",\"@id\":\"https:\\\/\\\/tajkertesz.com\\\/termek\\\/rubus-fruticosus-loch-ness-tusketlen-szeder\\\/#breadcrumb\",\"itemListElement\":[{\"@type\":\"ListItem\",\"position\":1,\"name\":\"Home\",\"item\":\"https:\\\/\\\/tajkertesz.com\\\/\"},{\"@type\":\"ListItem\",\"position\":2,\"name\":\"Kezd\u0151lap\",\"item\":\"https:\\\/\\\/tajkertesz.com\\\/\"},{\"@type\":\"ListItem\",\"position\":3,\"name\":\"Rubus fruticosus \u2019Loch Ness\u2019 &#8211; T\u00fcsk\u00e9tlen szeder\"}]},{\"@type\":\"WebSite\",\"@id\":\"https:\\\/\\\/tajkertesz.com\\\/#website\",\"url\":\"https:\\\/\\\/tajkertesz.com\\\/\",\"name\":\"T\u00e1j-Kert\u00e9sz 84 Kft.\",\"description\":\"Kert\u00e9szeti kis- \u00e9s nagykeresked\u00e9s, D\u00edszn\u00f6v\u00e9ny web\u00e1ruh\u00e1z orsz\u00e1gos h\u00e1zhozsz\u00e1ll\u00edt\u00e1ssal!\",\"publisher\":{\"@id\":\"https:\\\/\\\/tajkertesz.com\\\/#organization\"},\"potentialAction\":[{\"@type\":\"SearchAction\",\"target\":{\"@type\":\"EntryPoint\",\"urlTemplate\":\"https:\\\/\\\/tajkertesz.com\\\/?s={search_term_string}\"},\"query-input\":{\"@type\":\"PropertyValueSpecification\",\"valueRequired\":true,\"valueName\":\"search_term_string\"}}],\"inLanguage\":\"en-US\"},{\"@type\":\"Organization\",\"@id\":\"https:\\\/\\\/tajkertesz.com\\\/#organization\",\"name\":\"T\u00e1j-Kert\u00e9sz 84 Kft.\",\"url\":\"https:\\\/\\\/tajkertesz.com\\\/\",\"logo\":{\"@type\":\"ImageObject\",\"inLanguage\":\"en-US\",\"@id\":\"https:\\\/\\\/tajkertesz.com\\\/#\\\/schema\\\/logo\\\/image\\\/\",\"url\":\"https:\\\/\\\/tajkertesz.com\\\/wp-content\\\/uploads\\\/2018\\\/02\\\/logo-2-e1518678052539.png\",\"contentUrl\":\"https:\\\/\\\/tajkertesz.com\\\/wp-content\\\/uploads\\\/2018\\\/02\\\/logo-2-e1518678052539.png\",\"width\":81,\"height\":140,\"caption\":\"T\u00e1j-Kert\u00e9sz 84 Kft.\"},\"image\":{\"@id\":\"https:\\\/\\\/tajkertesz.com\\\/#\\\/schema\\\/logo\\\/image\\\/\"},\"sameAs\":[\"https:\\\/\\\/www.facebook.com\\\/Tajkertesz\\\/\"]}]}<\/script>\n<!-- \/ Yoast SEO plugin. -->","yoast_head_json":{"title":"Rubus fruticosus \u2019Loch Ness\u2019 - T\u00fcsk\u00e9tlen szeder - T\u00e1jkert\u00e9sz","description":"Rubus fruticosus \u2019Loch Ness\u2019 - T\u00fcsk\u00e9tlen szeder egy nagy gy\u00fcm\u00f6lcs\u0171, b\u0151term\u0151 fajta. \u00c9des, arom\u00e1s szeder h\u00e1zikertbe \u00e9s \u00fcltetv\u00e9nybe. Gyors sz\u00e1ll\u00edt\u00e1s!","robots":{"index":"index","follow":"follow","max-snippet":"max-snippet:-1","max-image-preview":"max-image-preview:large","max-video-preview":"max-video-preview:-1"},"canonical":"https:\/\/tajkertesz.com\/en_US\/product\/rubus-fruticosus-loch-ness-tusketlen-szeder\/","og_locale":"en_US","og_type":"article","og_title":"Rubus fruticosus \u2019Loch Ness\u2019 - T\u00fcsk\u00e9tlen szeder - T\u00e1jkert\u00e9sz","og_description":"Rubus fruticosus \u2019Loch Ness\u2019 - T\u00fcsk\u00e9tlen szeder egy nagy gy\u00fcm\u00f6lcs\u0171, b\u0151term\u0151 fajta. \u00c9des, arom\u00e1s szeder h\u00e1zikertbe \u00e9s \u00fcltetv\u00e9nybe. Gyors sz\u00e1ll\u00edt\u00e1s!","og_url":"https:\/\/tajkertesz.com\/en_US\/product\/rubus-fruticosus-loch-ness-tusketlen-szeder\/","og_site_name":"T\u00e1jkert\u00e9sz","article_publisher":"https:\/\/www.facebook.com\/Tajkertesz\/","article_modified_time":"2026-02-21T13:57:39+00:00","og_image":[{"width":700,"height":1000,"url":"https:\/\/tajkertesz.com\/wp-content\/uploads\/2025\/10\/NARBA-berry-facts-picking-blackberries-fully-ripe-agriberry-farm-rotated.jpg","type":"image\/jpeg"}],"twitter_card":"summary_large_image","twitter_misc":{"Est. reading time":"3 minutes"},"schema":{"@context":"https:\/\/schema.org","@graph":[{"@type":"WebPage","@id":"https:\/\/tajkertesz.com\/termek\/rubus-fruticosus-loch-ness-tusketlen-szeder\/","url":"https:\/\/tajkertesz.com\/termek\/rubus-fruticosus-loch-ness-tusketlen-szeder\/","name":"Rubus fruticosus \u2019Loch Ness\u2019 - T\u00fcsk\u00e9tlen szeder - T\u00e1jkert\u00e9sz","isPartOf":{"@id":"https:\/\/tajkertesz.com\/#website"},"primaryImageOfPage":{"@id":"https:\/\/tajkertesz.com\/termek\/rubus-fruticosus-loch-ness-tusketlen-szeder\/#primaryimage"},"image":{"@id":"https:\/\/tajkertesz.com\/termek\/rubus-fruticosus-loch-ness-tusketlen-szeder\/#primaryimage"},"thumbnailUrl":"https:\/\/tajkertesz.com\/wp-content\/uploads\/2025\/10\/NARBA-berry-facts-picking-blackberries-fully-ripe-agriberry-farm-rotated.jpg","datePublished":"2025-10-31T13:58:43+00:00","dateModified":"2026-02-21T13:57:39+00:00","description":"Rubus fruticosus \u2019Loch Ness\u2019 - T\u00fcsk\u00e9tlen szeder egy nagy gy\u00fcm\u00f6lcs\u0171, b\u0151term\u0151 fajta. \u00c9des, arom\u00e1s szeder h\u00e1zikertbe \u00e9s \u00fcltetv\u00e9nybe. Gyors sz\u00e1ll\u00edt\u00e1s!","breadcrumb":{"@id":"https:\/\/tajkertesz.com\/termek\/rubus-fruticosus-loch-ness-tusketlen-szeder\/#breadcrumb"},"inLanguage":"en-US","potentialAction":[{"@type":"ReadAction","target":["https:\/\/tajkertesz.com\/termek\/rubus-fruticosus-loch-ness-tusketlen-szeder\/"]}]},{"@type":"ImageObject","inLanguage":"en-US","@id":"https:\/\/tajkertesz.com\/termek\/rubus-fruticosus-loch-ness-tusketlen-szeder\/#primaryimage","url":"https:\/\/tajkertesz.com\/wp-content\/uploads\/2025\/10\/NARBA-berry-facts-picking-blackberries-fully-ripe-agriberry-farm-rotated.jpg","contentUrl":"https:\/\/tajkertesz.com\/wp-content\/uploads\/2025\/10\/NARBA-berry-facts-picking-blackberries-fully-ripe-agriberry-farm-rotated.jpg","width":700,"height":1000,"caption":"Rubus fruticosus \u2019Loch Ness\u2019 - T\u00fcsk\u00e9tlen szeder"},{"@type":"BreadcrumbList","@id":"https:\/\/tajkertesz.com\/termek\/rubus-fruticosus-loch-ness-tusketlen-szeder\/#breadcrumb","itemListElement":[{"@type":"ListItem","position":1,"name":"Home","item":"https:\/\/tajkertesz.com\/"},{"@type":"ListItem","position":2,"name":"Kezd\u0151lap","item":"https:\/\/tajkertesz.com\/"},{"@type":"ListItem","position":3,"name":"Rubus fruticosus \u2019Loch Ness\u2019 &#8211; T\u00fcsk\u00e9tlen szeder"}]},{"@type":"WebSite","@id":"https:\/\/tajkertesz.com\/#website","url":"https:\/\/tajkertesz.com\/","name":"T\u00e1j-Kert\u00e9sz 84 Kft.","description":"Kert\u00e9szeti kis- \u00e9s nagykeresked\u00e9s, D\u00edszn\u00f6v\u00e9ny web\u00e1ruh\u00e1z orsz\u00e1gos h\u00e1zhozsz\u00e1ll\u00edt\u00e1ssal!","publisher":{"@id":"https:\/\/tajkertesz.com\/#organization"},"potentialAction":[{"@type":"SearchAction","target":{"@type":"EntryPoint","urlTemplate":"https:\/\/tajkertesz.com\/?s={search_term_string}"},"query-input":{"@type":"PropertyValueSpecification","valueRequired":true,"valueName":"search_term_string"}}],"inLanguage":"en-US"},{"@type":"Organization","@id":"https:\/\/tajkertesz.com\/#organization","name":"T\u00e1j-Kert\u00e9sz 84 Kft.","url":"https:\/\/tajkertesz.com\/","logo":{"@type":"ImageObject","inLanguage":"en-US","@id":"https:\/\/tajkertesz.com\/#\/schema\/logo\/image\/","url":"https:\/\/tajkertesz.com\/wp-content\/uploads\/2018\/02\/logo-2-e1518678052539.png","contentUrl":"https:\/\/tajkertesz.com\/wp-content\/uploads\/2018\/02\/logo-2-e1518678052539.png","width":81,"height":140,"caption":"T\u00e1j-Kert\u00e9sz 84 Kft."},"image":{"@id":"https:\/\/tajkertesz.com\/#\/schema\/logo\/image\/"},"sameAs":["https:\/\/www.facebook.com\/Tajkertesz\/"]}]}},"_links":{"self":[{"href":"https:\/\/tajkertesz.com\/en_US\/wp-json\/wp\/v2\/product\/25136","targetHints":{"allow":["GET"]}}],"collection":[{"href":"https:\/\/tajkertesz.com\/en_US\/wp-json\/wp\/v2\/product"}],"about":[{"href":"https:\/\/tajkertesz.com\/en_US\/wp-json\/wp\/v2\/types\/product"}],"wp:featuredmedia":[{"embeddable":true,"href":"https:\/\/tajkertesz.com\/en_US\/wp-json\/wp\/v2\/media\/25137"}],"wp:attachment":[{"href":"https:\/\/tajkertesz.com\/en_US\/wp-json\/wp\/v2\/media?parent=25136"}],"wp:term":[{"taxonomy":"product_brand","embeddable":true,"href":"https:\/\/tajkertesz.com\/en_US\/wp-json\/wp\/v2\/product_brand?post=25136"},{"taxonomy":"product_cat","embeddable":true,"href":"https:\/\/tajkertesz.com\/en_US\/wp-json\/wp\/v2\/product_cat?post=25136"},{"taxonomy":"product_tag","embeddable":true,"href":"https:\/\/tajkertesz.com\/en_US\/wp-json\/wp\/v2\/product_tag?post=25136"}],"curies":[{"name":"wp","href":"https:\/\/api.w.org\/{rel}","templated":true}]}}