{"id":25161,"date":"2025-11-04T15:51:36","date_gmt":"2025-11-04T15:51:36","guid":{"rendered":"https:\/\/tajkertesz.com\/?post_type=product&#038;p=25161"},"modified":"2026-02-25T10:20:30","modified_gmt":"2026-02-25T10:20:30","slug":"pinus-mugo-varella-tupamacsos-havasi-torpefenyo","status":"publish","type":"product","link":"https:\/\/tajkertesz.com\/en_US\/product\/pinus-mugo-varella-tupamacsos-havasi-torpefenyo\/","title":{"rendered":"Pinus mugo &#8216;Varella&#8217; &#8211; T\u0171pamacsos havasi t\u00f6rpefeny\u0151"},"content":{"rendered":"<h1>Pinus mugo &#8216;Varella&#8217; &#8211; T\u0171pamacsos havasi t\u00f6rpefeny\u0151<\/h1>\n<p data-start=\"568\" data-end=\"837\">A <strong data-start=\"570\" data-end=\"594\">Pinus mugo &#8216;Varella&#8217;<\/strong> egy <strong data-start=\"599\" data-end=\"665\">k\u00fcl\u00f6nleges, kompakt n\u00f6veked\u00e9s\u0171, g\u00f6mb form\u00e1j\u00fa havasi t\u00f6rpefeny\u0151<\/strong>, amely eg\u00e9sz \u00e9vben dekorat\u00edv marad. T\u0171levelei s\u00f6t\u00e9tz\u00f6ldek, s\u0171r\u0171n \u00e1llnak, friss hajt\u00e1sai vil\u00e1gosabb z\u00f6ld \u00e1rnyalat\u00faak, \u00edgy a n\u00f6v\u00e9ny mindig \u00fcde, v\u00e1ltozatos megjelen\u00e9st ny\u00fajt.<\/p>\n<p data-start=\"839\" data-end=\"1063\">Lassan n\u00f6vekszik, metsz\u00e9st nem ig\u00e9nyel, term\u00e9szetesen szab\u00e1lyos, <strong data-start=\"904\" data-end=\"931\">p\u00e1rna- vagy g\u00f6mbform\u00e1j\u00fa<\/strong> bokorr\u00e1 fejl\u0151dik. Kiv\u00e1l\u00f3an alkalmas <strong data-start=\"968\" data-end=\"1020\">sziklakertekbe, el\u0151kertekbe, ed\u00e9nyes ki\u00fcltet\u00e9sre<\/strong>, illetve <strong data-start=\"1030\" data-end=\"1057\">alacsony d\u00edszs\u00f6v\u00e9nyk\u00e9nt<\/strong> is.<\/p>\n<p data-start=\"1065\" data-end=\"1186\">A <strong data-start=\"1067\" data-end=\"1089\">t\u00e9l\u00e1ll\u00f3s\u00e1ga kiv\u00e1l\u00f3<\/strong>, j\u00f3l t\u0171ri a sz\u00e1razs\u00e1got \u00e9s a v\u00e1rosi k\u00f6rnyezetet is, ez\u00e9rt k\u00f6nnyen tarthat\u00f3, hossz\u00fa \u00e9let\u0171 n\u00f6v\u00e9ny.<\/p>\n<p data-start=\"1188\" data-end=\"1207\"><strong data-start=\"1188\" data-end=\"1207\">F\u0151bb jellemz\u0151k:<\/strong><\/p>\n<ul data-start=\"1208\" data-end=\"1575\">\n<li data-start=\"1208\" data-end=\"1253\">\n<p data-start=\"1210\" data-end=\"1253\">\ud83c\udf32 <strong data-start=\"1213\" data-end=\"1231\">N\u00f6v\u00e9ny t\u00edpusa:<\/strong> \u00f6r\u00f6kz\u00f6ld t\u00f6rpefeny\u0151<\/p>\n<\/li>\n<li data-start=\"1254\" data-end=\"1293\">\n<p data-start=\"1256\" data-end=\"1293\">\ud83c\udf3f <strong data-start=\"1259\" data-end=\"1273\">N\u00f6veked\u00e9s:<\/strong> lass\u00fa, g\u00f6mb alak\u00fa<\/p>\n<\/li>\n<li data-start=\"1294\" data-end=\"1328\">\n<p data-start=\"1296\" data-end=\"1328\">\ud83c\udf1e <strong data-start=\"1299\" data-end=\"1313\">F\u00e9nyig\u00e9ny:<\/strong> napos fekv\u00e9s<\/p>\n<\/li>\n<li data-start=\"1329\" data-end=\"1373\">\n<p data-start=\"1331\" data-end=\"1373\">\ud83d\udca7 <strong data-start=\"1334\" data-end=\"1347\">V\u00edzig\u00e9ny:<\/strong> alacsony, sz\u00e1razs\u00e1gt\u0171r\u0151<\/p>\n<\/li>\n<li data-start=\"1374\" data-end=\"1413\">\n<p data-start=\"1376\" data-end=\"1413\">\u2744\ufe0f <strong data-start=\"1379\" data-end=\"1394\">T\u00e9l\u00e1ll\u00f3s\u00e1g:<\/strong> kiv\u00e1l\u00f3, fagyt\u0171r\u0151<\/p>\n<\/li>\n<li data-start=\"1414\" data-end=\"1497\">\n<p data-start=\"1416\" data-end=\"1497\">\ud83c\udf31 <strong data-start=\"1419\" data-end=\"1436\">Felhaszn\u00e1l\u00e1s:<\/strong> sziklakertekbe, \u00e1gy\u00e1sokba, el\u0151kertekbe, ed\u00e9nyes n\u00f6v\u00e9nyk\u00e9nt<\/p>\n<\/li>\n<li data-start=\"1498\" data-end=\"1575\">\n<p data-start=\"1500\" data-end=\"1575\">\u2728 <strong data-start=\"1502\" data-end=\"1520\">K\u00fcl\u00f6nlegess\u00e9g:<\/strong> term\u00e9szetes, szab\u00e1lyos g\u00f6mbforma, eg\u00e9sz \u00e9vben d\u00edsz\u00edt<\/p>\n<\/li>\n<\/ul>\n<p data-start=\"1577\" data-end=\"1798\"><strong data-start=\"1577\" data-end=\"1597\">\u00dcltet\u00e9si tan\u00e1cs:<\/strong><br data-start=\"1597\" data-end=\"1600\" \/>A Pinus mugo &#8216;Varella&#8217; <strong data-start=\"1623\" data-end=\"1658\">napos, j\u00f3 v\u00edz\u00e1tereszt\u0151 talajban<\/strong> fejl\u0151dik legszebben. Ne \u00fcltesd pang\u00f3 vizes helyre! Kiv\u00e1l\u00f3 v\u00e1laszt\u00e1s, ha <strong data-start=\"1731\" data-end=\"1780\">alacsony karbantart\u00e1s\u00fa, de mutat\u00f3s \u00f6r\u00f6kz\u00f6ldet<\/strong> keresel a kertbe.<\/p>\n<h4><strong>\ud83d\udd04 K\u00e9szletinform\u00e1ci\u00f3<\/strong><\/h4>\n<p><strong>K\u00e9szlet\u00fcnk napi szinten v\u00e1ltozik, \u00edgy a webshopban szerepl<\/strong><strong>\u0151<\/strong><strong>\u00a0term\u00e9kek el\u00e9rhet<\/strong><strong>\u0151<\/strong><strong>s\u00e9ge nem garant\u00e1lt.<br \/>\n\ud83d\udcde A megrendel\u00e9s el<\/strong><strong>\u0151<\/strong><strong>tt k\u00e9rj\u00fck, \u00e9rdekl<\/strong><strong>\u0151<\/strong><strong>dj\u00f6n szem\u00e9lyesen, telefonon vagy e-mailben!<\/strong><\/p>\n<h4><strong>\u27a1\ufe0f Kapcsolat:<\/strong><\/h4>\n<ul>\n<li><strong>Weboldal:\u00a0<\/strong><a href=\"https:\/\/tajkertesz.com\/\"><strong>tajkertesz.com<\/strong><\/a><\/li>\n<li><strong>Facebook:\u00a0<\/strong><a href=\"https:\/\/www.facebook.com\/tajkertesz\/\"><strong>facebook.com\/tajkertesz<\/strong><\/a><\/li>\n<li><strong>Telefonsz\u00e1m, e-mail: +36\/20-319-3770\u00a0<\/strong><a href=\"mailto:tajkerteszaruda@gmail.com\"><strong>tajkerteszaruda@gmail.com<\/strong><\/a><\/li>\n<\/ul>\n<h4><strong>\ud83d\ude9a Sz\u00e1ll\u00edt\u00e1si inform\u00e1ci\u00f3k<\/strong><\/h4>\n<p><strong>A megrendelt n\u00f6v\u00e9nyek kisz\u00e1ll\u00edt\u00e1sa az al\u00e1bbi felt\u00e9telek mellett t\u00f6rt\u00e9nik:<\/strong><\/p>\n<h4><strong>\ud83d\udce6 Fut\u00e1rszolg\u00e1latos sz\u00e1ll\u00edt\u00e1s<\/strong><\/h4>\n<ul>\n<li><strong>Maxim\u00e1lis m\u00e9ret: 200 cm (hossz\u00fas\u00e1g)<\/strong><\/li>\n<li><strong>Maxim\u00e1lis s\u00faly: 40 kg<\/strong><\/li>\n<li><strong>Az enn\u00e9l kisebb \u00e9s k\u00f6nnyebb csomagokat fut\u00e1rszolg\u00e1lattal k\u00e9zbes\u00edtj\u00fck a lehet<\/strong><strong>\u0151<\/strong><strong>\u00a0legbiztons\u00e1gosabb csomagol\u00e1sban.<\/strong><\/li>\n<\/ul>\n<h4><strong>\ud83d\udefb Szem\u00e9lyes \u00e1tv\u00e9tel<\/strong><\/h4>\n<ul>\n<li><strong>1173 Budapest, Bakancsos utca 7. sz\u00e1m alatt nyitvatart\u00e1si id<\/strong><strong>\u0151<\/strong><strong>ben szem\u00e9lyesen \u00e1tvehet<\/strong><strong>\u0151<\/strong><strong>\u00a0kert\u00e9szeti \u00e1rud\u00e1nkban.<\/strong><\/li>\n<li><strong>K\u00f6lts\u00e9ghat\u00e9kony megold\u00e1s nagyobb, t\u00f6r\u00e9kenyebb vagy t\u00falm\u00e9retes n\u00f6v\u00e9nyek eset\u00e9n.<\/strong><\/li>\n<\/ul>\n<h4><strong>\ud83d\udcde Nagy m\u00e9ret<\/strong><strong>\u0171<\/strong><strong>\u00a0vagy s\u00faly\u00fa n\u00f6v\u00e9nyek eset\u00e9n<\/strong><\/h4>\n<p><strong>Ha a term\u00e9k:<\/strong><\/p>\n<ul>\n<li><strong>meghaladja a 200 cm hossz\u00fas\u00e1got vagy<\/strong><\/li>\n<li><strong>meghaladja a 40 kg s\u00falyt,<\/strong><\/li>\n<\/ul>\n<p><strong>akkor szem\u00e9lyes \u00e1tv\u00e9tellel vagy egyedi, el<\/strong><strong>\u0151<\/strong><strong>re egyeztetett sz\u00e1ll\u00edt\u00e1si felt\u00e9telek mellett t\u00f6rt\u00e9nik.<br \/>\nK\u00e9rj\u00fck, ilyen esetben rendel\u00e9s el<\/strong><strong>\u0151<\/strong><strong>tt vegye fel vel\u00fcnk a kapcsolatot, hogy a lehet<\/strong><strong>\u0151<\/strong><strong>\u00a0legmegfelel<\/strong><strong>\u0151<\/strong><strong>bb sz\u00e1ll\u00edt\u00e1si megold\u00e1st k\u00edn\u00e1lhassuk.<\/strong><\/p>\n<p><strong>\ud83d\udd14 Fontos: A n\u00f6v\u00e9nyeket minden esetben igyeksz\u00fcnk gondosan, egyes\u00e9vel csomagolni, azonban a sz\u00e1ll\u00edt\u00e1s sor\u00e1n kisebb eszt\u00e9tikai s\u00e9r\u00fcl\u00e9sek el<\/strong><strong>\u0151<\/strong><strong>fordulhatnak (pl. lev\u00e9lhull\u00e1s). Ez nem min<\/strong><strong>\u0151<\/strong><strong>s\u00fcl hib\u00e1s teljes\u00edt\u00e9snek.<\/strong><\/p>\n<h4><strong>\ud83d\udcf7 Fontos tudni a k\u00e9pekr<\/strong><strong>\u0151<\/strong><strong>l<\/strong><\/h4>\n<p><strong>A webshopban szerepl<\/strong><strong>\u0151<\/strong><strong>\u00a0k\u00e9pek illusztr\u00e1ci\u00f3k, a n\u00f6v\u00e9nyek term\u00e9szet\u00fckn\u00e9l fogva egyediek, \u00edgy m\u00e9retben, alakban \u00e9s sz\u00ednben minim\u00e1lis elt\u00e9r\u00e9sek el<\/strong><strong>\u0151<\/strong><strong>fordulhatnak a k\u00e9pen l\u00e1that\u00f3 \u00e9s a val\u00f3s p\u00e9ld\u00e1nyok k\u00f6z\u00f6tt.<\/strong><\/p>\n<h4><strong>\ud83e\uddfe \u00c1rak \u00e9s el\u00e1ll\u00e1si jog<\/strong><\/h4>\n<ul>\n<li><strong>Az \u00e1rak egy darab\u00a0n\u00f6v\u00e9nyre vonatkoznak.<\/strong><\/li>\n<li><strong>\u00c9l<\/strong><strong>\u0151<\/strong><strong>\u00a0n\u00f6v\u00e9nyek rendel\u00e9se eset\u00e9n a 14 napos el\u00e1ll\u00e1s joga nem \u00e9rv\u00e9nyes\u00edthet<\/strong><strong>\u0151<\/strong><strong>, mivel azok romland\u00f3, biol\u00f3giailag \u00e9l<\/strong><strong>\u0151<\/strong><strong>\u00a0term\u00e9keknek min<\/strong><strong>\u0151<\/strong><strong>s\u00fclnek.<br \/>\n\ud83d\udd12 (17\/1999. (II. 5.) Korm. rendelet 5. \u00a7 c) pontja alapj\u00e1n)<\/strong><\/li>\n<\/ul>\n<h4><strong>\ud83d\udce6 K\u00e9zbes\u00edt\u00e9s ut\u00e1ni teend<\/strong><strong>\u0151<\/strong><strong>k<\/strong><\/h4>\n<p><strong>A k\u00e9zbes\u00edt\u00e9st k\u00f6vet<\/strong><strong>\u0151<\/strong><strong>en a csomagot azonnal bontsuk ki, \u00e9s a n\u00f6v\u00e9nyt helyezz\u00fck el megfelel<\/strong><strong>\u0151<\/strong><strong>\u00a0k\u00f6rnyezetben.<br \/>\nFontos: ha a n\u00f6v\u00e9ny nem r\u00e9szes\u00fcl megfelel<\/strong><strong>\u0151<\/strong><strong>\u00a0gondoz\u00e1sban \u00e9s ennek k\u00f6vetkezt\u00e9ben k\u00e1rosodik vagy elpusztul, felel<\/strong><strong>\u0151<\/strong><strong>ss\u00e9get nem tudunk v\u00e1llalni.<\/strong><\/p>","protected":false},"excerpt":{"rendered":"<p data-start=\"1831\" data-end=\"2047\">A <strong data-start=\"1833\" data-end=\"1857\">Pinus mugo &#8216;Varella&#8217;<\/strong> egy <strong data-start=\"1862\" data-end=\"1903\">kompakt, g\u00f6mb alak\u00fa havasi t\u00f6rpefeny\u0151<\/strong>, amely eg\u00e9sz \u00e9vben dekorat\u00edv. <strong data-start=\"1934\" data-end=\"1984\">T\u00e9l\u00e1ll\u00f3, sz\u00e1razs\u00e1gt\u0171r\u0151 \u00e9s metsz\u00e9st nem ig\u00e9nyel<\/strong>, t\u00f6k\u00e9letes v\u00e1laszt\u00e1s <strong data-start=\"2006\" data-end=\"2046\">sziklakertekbe vagy d\u00e9zs\u00e1s \u00fcltet\u00e9sre<\/strong>.<\/p>\n<p data-start=\"1831\" data-end=\"2047\">M\u00e9rete: 30\/40 cm magas, 5 literes kont\u00e9nerben.<\/p>","protected":false},"featured_media":25162,"template":"","meta":{"_et_pb_use_builder":"","_et_pb_old_content":"","_et_gb_content_width":""},"product_brand":[],"product_cat":[4078,26],"product_tag":[7462,7464,5328,6523,5306,6495,5879,7461,5771,7463],"class_list":{"0":"post-25161","1":"product","2":"type-product","3":"status-publish","4":"has-post-thumbnail","6":"product_cat-egyeb-fenyofekek","7":"product_cat-orokzold-novenyek","8":"product_tag-fenyo-disznoveny","9":"product_tag-gomb-alaku-fenyo","10":"product_tag-havasi-torpefenyo","11":"product_tag-orokzold-disznoveny","12":"product_tag-pinus-mugo","13":"product_tag-sziklakertekbe","14":"product_tag-telallo-noveny","15":"product_tag-torpefenyo-elado","16":"product_tag-tulevelu","17":"product_tag-varella","19":"first","20":"instock","21":"shipping-taxable","22":"purchasable","23":"product-type-simple"},"yoast_head":"<!-- This site is optimized with the Yoast SEO plugin v27.5 - https:\/\/yoast.com\/product\/yoast-seo-wordpress\/ -->\n<title>Pinus mugo &#039;Varella&#039; - T\u0171pamacsos havasi t\u00f6rpefeny\u0151 - T\u00e1jkert\u00e9sz<\/title>\n<meta name=\"description\" content=\"Pinus mugo &#039;Varella&#039; - T\u0171pamacsos havasi t\u00f6rpefeny\u0151 g\u00f6mb\u00f6ly\u0171 havasi t\u00f6rpefeny\u0151. T\u00e9l\u00e1ll\u00f3, kompakt \u00f6r\u00f6kz\u00f6ld, amely eg\u00e9sz \u00e9vben d\u00edsz\u00edt.\" \/>\n<meta name=\"robots\" content=\"index, follow, max-snippet:-1, max-image-preview:large, max-video-preview:-1\" \/>\n<link rel=\"canonical\" href=\"https:\/\/tajkertesz.com\/en_US\/product\/pinus-mugo-varella-tupamacsos-havasi-torpefenyo\/\" \/>\n<meta property=\"og:locale\" content=\"en_US\" \/>\n<meta property=\"og:type\" content=\"article\" \/>\n<meta property=\"og:title\" content=\"Pinus mugo &#039;Varella&#039; - T\u0171pamacsos havasi t\u00f6rpefeny\u0151 - T\u00e1jkert\u00e9sz\" \/>\n<meta property=\"og:description\" content=\"Pinus mugo &#039;Varella&#039; - T\u0171pamacsos havasi t\u00f6rpefeny\u0151 g\u00f6mb\u00f6ly\u0171 havasi t\u00f6rpefeny\u0151. T\u00e9l\u00e1ll\u00f3, kompakt \u00f6r\u00f6kz\u00f6ld, amely eg\u00e9sz \u00e9vben d\u00edsz\u00edt.\" \/>\n<meta property=\"og:url\" content=\"https:\/\/tajkertesz.com\/en_US\/product\/pinus-mugo-varella-tupamacsos-havasi-torpefenyo\/\" \/>\n<meta property=\"og:site_name\" content=\"T\u00e1jkert\u00e9sz\" \/>\n<meta property=\"article:publisher\" content=\"https:\/\/www.facebook.com\/Tajkertesz\/\" \/>\n<meta property=\"article:modified_time\" content=\"2026-02-25T10:20:30+00:00\" \/>\n<meta property=\"og:image\" content=\"https:\/\/tajkertesz.com\/wp-content\/uploads\/2025\/11\/20250926_134610-scaled.jpg\" \/>\n\t<meta property=\"og:image:width\" content=\"1954\" \/>\n\t<meta property=\"og:image:height\" content=\"2560\" \/>\n\t<meta property=\"og:image:type\" content=\"image\/jpeg\" \/>\n<meta name=\"twitter:card\" content=\"summary_large_image\" \/>\n<meta name=\"twitter:label1\" content=\"Est. reading time\" \/>\n\t<meta name=\"twitter:data1\" content=\"3 minutes\" \/>\n<script type=\"application\/ld+json\" class=\"yoast-schema-graph\">{\"@context\":\"https:\\\/\\\/schema.org\",\"@graph\":[{\"@type\":\"WebPage\",\"@id\":\"https:\\\/\\\/tajkertesz.com\\\/termek\\\/pinus-mugo-varella-tupamacsos-havasi-torpefenyo\\\/\",\"url\":\"https:\\\/\\\/tajkertesz.com\\\/termek\\\/pinus-mugo-varella-tupamacsos-havasi-torpefenyo\\\/\",\"name\":\"Pinus mugo 'Varella' - T\u0171pamacsos havasi t\u00f6rpefeny\u0151 - T\u00e1jkert\u00e9sz\",\"isPartOf\":{\"@id\":\"https:\\\/\\\/tajkertesz.com\\\/#website\"},\"primaryImageOfPage\":{\"@id\":\"https:\\\/\\\/tajkertesz.com\\\/termek\\\/pinus-mugo-varella-tupamacsos-havasi-torpefenyo\\\/#primaryimage\"},\"image\":{\"@id\":\"https:\\\/\\\/tajkertesz.com\\\/termek\\\/pinus-mugo-varella-tupamacsos-havasi-torpefenyo\\\/#primaryimage\"},\"thumbnailUrl\":\"https:\\\/\\\/tajkertesz.com\\\/wp-content\\\/uploads\\\/2025\\\/11\\\/20250926_134610-scaled.jpg\",\"datePublished\":\"2025-11-04T15:51:36+00:00\",\"dateModified\":\"2026-02-25T10:20:30+00:00\",\"description\":\"Pinus mugo 'Varella' - T\u0171pamacsos havasi t\u00f6rpefeny\u0151 g\u00f6mb\u00f6ly\u0171 havasi t\u00f6rpefeny\u0151. T\u00e9l\u00e1ll\u00f3, kompakt \u00f6r\u00f6kz\u00f6ld, amely eg\u00e9sz \u00e9vben d\u00edsz\u00edt.\",\"breadcrumb\":{\"@id\":\"https:\\\/\\\/tajkertesz.com\\\/termek\\\/pinus-mugo-varella-tupamacsos-havasi-torpefenyo\\\/#breadcrumb\"},\"inLanguage\":\"en-US\",\"potentialAction\":[{\"@type\":\"ReadAction\",\"target\":[\"https:\\\/\\\/tajkertesz.com\\\/termek\\\/pinus-mugo-varella-tupamacsos-havasi-torpefenyo\\\/\"]}]},{\"@type\":\"ImageObject\",\"inLanguage\":\"en-US\",\"@id\":\"https:\\\/\\\/tajkertesz.com\\\/termek\\\/pinus-mugo-varella-tupamacsos-havasi-torpefenyo\\\/#primaryimage\",\"url\":\"https:\\\/\\\/tajkertesz.com\\\/wp-content\\\/uploads\\\/2025\\\/11\\\/20250926_134610-scaled.jpg\",\"contentUrl\":\"https:\\\/\\\/tajkertesz.com\\\/wp-content\\\/uploads\\\/2025\\\/11\\\/20250926_134610-scaled.jpg\",\"width\":1954,\"height\":2560,\"caption\":\"Pinus mugo 'Varella' - T\u0171pamacsos havasi t\u00f6rpefeny\u0151\"},{\"@type\":\"BreadcrumbList\",\"@id\":\"https:\\\/\\\/tajkertesz.com\\\/termek\\\/pinus-mugo-varella-tupamacsos-havasi-torpefenyo\\\/#breadcrumb\",\"itemListElement\":[{\"@type\":\"ListItem\",\"position\":1,\"name\":\"Home\",\"item\":\"https:\\\/\\\/tajkertesz.com\\\/\"},{\"@type\":\"ListItem\",\"position\":2,\"name\":\"Kezd\u0151lap\",\"item\":\"https:\\\/\\\/tajkertesz.com\\\/\"},{\"@type\":\"ListItem\",\"position\":3,\"name\":\"Pinus mugo &#8216;Varella&#8217; &#8211; T\u0171pamacsos havasi t\u00f6rpefeny\u0151\"}]},{\"@type\":\"WebSite\",\"@id\":\"https:\\\/\\\/tajkertesz.com\\\/#website\",\"url\":\"https:\\\/\\\/tajkertesz.com\\\/\",\"name\":\"T\u00e1j-Kert\u00e9sz 84 Kft.\",\"description\":\"Kert\u00e9szeti kis- \u00e9s nagykeresked\u00e9s, D\u00edszn\u00f6v\u00e9ny web\u00e1ruh\u00e1z orsz\u00e1gos h\u00e1zhozsz\u00e1ll\u00edt\u00e1ssal!\",\"publisher\":{\"@id\":\"https:\\\/\\\/tajkertesz.com\\\/#organization\"},\"potentialAction\":[{\"@type\":\"SearchAction\",\"target\":{\"@type\":\"EntryPoint\",\"urlTemplate\":\"https:\\\/\\\/tajkertesz.com\\\/?s={search_term_string}\"},\"query-input\":{\"@type\":\"PropertyValueSpecification\",\"valueRequired\":true,\"valueName\":\"search_term_string\"}}],\"inLanguage\":\"en-US\"},{\"@type\":\"Organization\",\"@id\":\"https:\\\/\\\/tajkertesz.com\\\/#organization\",\"name\":\"T\u00e1j-Kert\u00e9sz 84 Kft.\",\"url\":\"https:\\\/\\\/tajkertesz.com\\\/\",\"logo\":{\"@type\":\"ImageObject\",\"inLanguage\":\"en-US\",\"@id\":\"https:\\\/\\\/tajkertesz.com\\\/#\\\/schema\\\/logo\\\/image\\\/\",\"url\":\"https:\\\/\\\/tajkertesz.com\\\/wp-content\\\/uploads\\\/2018\\\/02\\\/logo-2-e1518678052539.png\",\"contentUrl\":\"https:\\\/\\\/tajkertesz.com\\\/wp-content\\\/uploads\\\/2018\\\/02\\\/logo-2-e1518678052539.png\",\"width\":81,\"height\":140,\"caption\":\"T\u00e1j-Kert\u00e9sz 84 Kft.\"},\"image\":{\"@id\":\"https:\\\/\\\/tajkertesz.com\\\/#\\\/schema\\\/logo\\\/image\\\/\"},\"sameAs\":[\"https:\\\/\\\/www.facebook.com\\\/Tajkertesz\\\/\"]}]}<\/script>\n<!-- \/ Yoast SEO plugin. -->","yoast_head_json":{"title":"Pinus mugo 'Varella' - T\u0171pamacsos havasi t\u00f6rpefeny\u0151 - T\u00e1jkert\u00e9sz","description":"Pinus mugo 'Varella' - T\u0171pamacsos havasi t\u00f6rpefeny\u0151 g\u00f6mb\u00f6ly\u0171 havasi t\u00f6rpefeny\u0151. T\u00e9l\u00e1ll\u00f3, kompakt \u00f6r\u00f6kz\u00f6ld, amely eg\u00e9sz \u00e9vben d\u00edsz\u00edt.","robots":{"index":"index","follow":"follow","max-snippet":"max-snippet:-1","max-image-preview":"max-image-preview:large","max-video-preview":"max-video-preview:-1"},"canonical":"https:\/\/tajkertesz.com\/en_US\/product\/pinus-mugo-varella-tupamacsos-havasi-torpefenyo\/","og_locale":"en_US","og_type":"article","og_title":"Pinus mugo 'Varella' - T\u0171pamacsos havasi t\u00f6rpefeny\u0151 - T\u00e1jkert\u00e9sz","og_description":"Pinus mugo 'Varella' - T\u0171pamacsos havasi t\u00f6rpefeny\u0151 g\u00f6mb\u00f6ly\u0171 havasi t\u00f6rpefeny\u0151. T\u00e9l\u00e1ll\u00f3, kompakt \u00f6r\u00f6kz\u00f6ld, amely eg\u00e9sz \u00e9vben d\u00edsz\u00edt.","og_url":"https:\/\/tajkertesz.com\/en_US\/product\/pinus-mugo-varella-tupamacsos-havasi-torpefenyo\/","og_site_name":"T\u00e1jkert\u00e9sz","article_publisher":"https:\/\/www.facebook.com\/Tajkertesz\/","article_modified_time":"2026-02-25T10:20:30+00:00","og_image":[{"width":1954,"height":2560,"url":"https:\/\/tajkertesz.com\/wp-content\/uploads\/2025\/11\/20250926_134610-scaled.jpg","type":"image\/jpeg"}],"twitter_card":"summary_large_image","twitter_misc":{"Est. reading time":"3 minutes"},"schema":{"@context":"https:\/\/schema.org","@graph":[{"@type":"WebPage","@id":"https:\/\/tajkertesz.com\/termek\/pinus-mugo-varella-tupamacsos-havasi-torpefenyo\/","url":"https:\/\/tajkertesz.com\/termek\/pinus-mugo-varella-tupamacsos-havasi-torpefenyo\/","name":"Pinus mugo 'Varella' - T\u0171pamacsos havasi t\u00f6rpefeny\u0151 - T\u00e1jkert\u00e9sz","isPartOf":{"@id":"https:\/\/tajkertesz.com\/#website"},"primaryImageOfPage":{"@id":"https:\/\/tajkertesz.com\/termek\/pinus-mugo-varella-tupamacsos-havasi-torpefenyo\/#primaryimage"},"image":{"@id":"https:\/\/tajkertesz.com\/termek\/pinus-mugo-varella-tupamacsos-havasi-torpefenyo\/#primaryimage"},"thumbnailUrl":"https:\/\/tajkertesz.com\/wp-content\/uploads\/2025\/11\/20250926_134610-scaled.jpg","datePublished":"2025-11-04T15:51:36+00:00","dateModified":"2026-02-25T10:20:30+00:00","description":"Pinus mugo 'Varella' - T\u0171pamacsos havasi t\u00f6rpefeny\u0151 g\u00f6mb\u00f6ly\u0171 havasi t\u00f6rpefeny\u0151. T\u00e9l\u00e1ll\u00f3, kompakt \u00f6r\u00f6kz\u00f6ld, amely eg\u00e9sz \u00e9vben d\u00edsz\u00edt.","breadcrumb":{"@id":"https:\/\/tajkertesz.com\/termek\/pinus-mugo-varella-tupamacsos-havasi-torpefenyo\/#breadcrumb"},"inLanguage":"en-US","potentialAction":[{"@type":"ReadAction","target":["https:\/\/tajkertesz.com\/termek\/pinus-mugo-varella-tupamacsos-havasi-torpefenyo\/"]}]},{"@type":"ImageObject","inLanguage":"en-US","@id":"https:\/\/tajkertesz.com\/termek\/pinus-mugo-varella-tupamacsos-havasi-torpefenyo\/#primaryimage","url":"https:\/\/tajkertesz.com\/wp-content\/uploads\/2025\/11\/20250926_134610-scaled.jpg","contentUrl":"https:\/\/tajkertesz.com\/wp-content\/uploads\/2025\/11\/20250926_134610-scaled.jpg","width":1954,"height":2560,"caption":"Pinus mugo 'Varella' - T\u0171pamacsos havasi t\u00f6rpefeny\u0151"},{"@type":"BreadcrumbList","@id":"https:\/\/tajkertesz.com\/termek\/pinus-mugo-varella-tupamacsos-havasi-torpefenyo\/#breadcrumb","itemListElement":[{"@type":"ListItem","position":1,"name":"Home","item":"https:\/\/tajkertesz.com\/"},{"@type":"ListItem","position":2,"name":"Kezd\u0151lap","item":"https:\/\/tajkertesz.com\/"},{"@type":"ListItem","position":3,"name":"Pinus mugo &#8216;Varella&#8217; &#8211; T\u0171pamacsos havasi t\u00f6rpefeny\u0151"}]},{"@type":"WebSite","@id":"https:\/\/tajkertesz.com\/#website","url":"https:\/\/tajkertesz.com\/","name":"T\u00e1j-Kert\u00e9sz 84 Kft.","description":"Kert\u00e9szeti kis- \u00e9s nagykeresked\u00e9s, D\u00edszn\u00f6v\u00e9ny web\u00e1ruh\u00e1z orsz\u00e1gos h\u00e1zhozsz\u00e1ll\u00edt\u00e1ssal!","publisher":{"@id":"https:\/\/tajkertesz.com\/#organization"},"potentialAction":[{"@type":"SearchAction","target":{"@type":"EntryPoint","urlTemplate":"https:\/\/tajkertesz.com\/?s={search_term_string}"},"query-input":{"@type":"PropertyValueSpecification","valueRequired":true,"valueName":"search_term_string"}}],"inLanguage":"en-US"},{"@type":"Organization","@id":"https:\/\/tajkertesz.com\/#organization","name":"T\u00e1j-Kert\u00e9sz 84 Kft.","url":"https:\/\/tajkertesz.com\/","logo":{"@type":"ImageObject","inLanguage":"en-US","@id":"https:\/\/tajkertesz.com\/#\/schema\/logo\/image\/","url":"https:\/\/tajkertesz.com\/wp-content\/uploads\/2018\/02\/logo-2-e1518678052539.png","contentUrl":"https:\/\/tajkertesz.com\/wp-content\/uploads\/2018\/02\/logo-2-e1518678052539.png","width":81,"height":140,"caption":"T\u00e1j-Kert\u00e9sz 84 Kft."},"image":{"@id":"https:\/\/tajkertesz.com\/#\/schema\/logo\/image\/"},"sameAs":["https:\/\/www.facebook.com\/Tajkertesz\/"]}]}},"_links":{"self":[{"href":"https:\/\/tajkertesz.com\/en_US\/wp-json\/wp\/v2\/product\/25161","targetHints":{"allow":["GET"]}}],"collection":[{"href":"https:\/\/tajkertesz.com\/en_US\/wp-json\/wp\/v2\/product"}],"about":[{"href":"https:\/\/tajkertesz.com\/en_US\/wp-json\/wp\/v2\/types\/product"}],"wp:featuredmedia":[{"embeddable":true,"href":"https:\/\/tajkertesz.com\/en_US\/wp-json\/wp\/v2\/media\/25162"}],"wp:attachment":[{"href":"https:\/\/tajkertesz.com\/en_US\/wp-json\/wp\/v2\/media?parent=25161"}],"wp:term":[{"taxonomy":"product_brand","embeddable":true,"href":"https:\/\/tajkertesz.com\/en_US\/wp-json\/wp\/v2\/product_brand?post=25161"},{"taxonomy":"product_cat","embeddable":true,"href":"https:\/\/tajkertesz.com\/en_US\/wp-json\/wp\/v2\/product_cat?post=25161"},{"taxonomy":"product_tag","embeddable":true,"href":"https:\/\/tajkertesz.com\/en_US\/wp-json\/wp\/v2\/product_tag?post=25161"}],"curies":[{"name":"wp","href":"https:\/\/api.w.org\/{rel}","templated":true}]}}