{"id":25194,"date":"2025-11-05T15:10:41","date_gmt":"2025-11-05T15:10:41","guid":{"rendered":"https:\/\/tajkertesz.com\/?post_type=product&#038;p=25194"},"modified":"2026-02-24T09:09:22","modified_gmt":"2026-02-24T09:09:22","slug":"abies-pinsapo-glauca-andaluziai-jegenyefenyo","status":"publish","type":"product","link":"https:\/\/tajkertesz.com\/en_US\/product\/abies-pinsapo-glauca-andaluziai-jegenyefenyo\/","title":{"rendered":"Abies pinsapo &#8216;Glauca&#8217; &#8211; Andal\u00faziai jegenyefeny\u0151"},"content":{"rendered":"<h1>Abies pinsapo &#8216;Glauca&#8217; &#8211; Andal\u00faziai jegenyefeny\u0151<\/h1>\n<p data-start=\"765\" data-end=\"1094\">Az <strong data-start=\"768\" data-end=\"794\">Abies pinsapo \u2018Glauca\u2019<\/strong>, magyar nev\u00e9n <strong data-start=\"809\" data-end=\"836\">andal\u00faziai jegenyefeny\u0151<\/strong>, egy k\u00fcl\u00f6nleges, lass\u00fa n\u00f6veked\u00e9s\u0171, s\u0171r\u0171 \u00e1grendszer\u0171 \u00f6r\u00f6kz\u00f6ld feny\u0151, mely Spanyolorsz\u00e1g hegyvid\u00e9keir\u0151l sz\u00e1rmazik. A \u2018Glauca\u2019 v\u00e1ltozat k\u00fcl\u00f6n\u00f6sen dekorat\u00edv, <strong data-start=\"991\" data-end=\"1025\">k\u00e9kesz\u00f6ld\u2013ez\u00fcst\u00f6s t\u0171leveleivel<\/strong> \u00e9s szab\u00e1lyos k\u00fapos alakj\u00e1val eleg\u00e1ns, harmonikus megjelen\u00e9s\u0171 d\u00edszfa.<\/p>\n<p data-start=\"1096\" data-end=\"1470\"><strong data-start=\"1096\" data-end=\"1114\">Tulajdons\u00e1gai:<\/strong><br data-start=\"1114\" data-end=\"1117\" \/>A fajta <strong data-start=\"1125\" data-end=\"1145\">lass\u00fa n\u00f6veked\u00e9s\u0171<\/strong>, 10 \u00e9ves kor\u00e1ban kb. 1,5\u20132 m\u00e9ter magas, kifejlett kor\u00e1ban 6\u20138 m\u00e9tert is el\u00e9rhet, ha megfelel\u0151 k\u00f6r\u00fclm\u00e9nyek k\u00f6z\u00f6tt fejl\u0151dik. Form\u00e1ja fiatalon szab\u00e1lyos, k\u00fapos, k\u00e9s\u0151bb sz\u00e9lesed\u0151, de mindig z\u00e1rt, s\u0171r\u0171 habitus\u00fa marad. T\u0171levelei vastagok, s\u0171r\u0171n \u00e1llnak az \u00e1gakon, sz\u00edn\u00fck leny\u0171g\u00f6z\u0151 <strong data-start=\"1420\" data-end=\"1441\">ez\u00fcst\u00f6s\u2013k\u00e9kesz\u00f6ld<\/strong>, amely eg\u00e9sz \u00e9vben d\u00edsz\u00edt.<\/p>\n<p data-start=\"1472\" data-end=\"1893\"><strong data-start=\"1472\" data-end=\"1496\">\u00dcltet\u00e9s \u00e9s gondoz\u00e1s:<\/strong><br data-start=\"1496\" data-end=\"1499\" \/>A <strong data-start=\"1501\" data-end=\"1527\">Abies pinsapo \u2018Glauca\u2019<\/strong> napos vagy f\u00e9l\u00e1rny\u00e9kos fekv\u00e9st kedvel, humuszban gazdag, j\u00f3 v\u00edz\u00e1tereszt\u0151 talajban fejl\u0151dik a legszebben. A pang\u00f3 vizet ker\u00fclni kell. Fiatal korban rendszeres \u00f6nt\u00f6z\u00e9st ig\u00e9nyel, k\u00e9s\u0151bb j\u00f3l t\u0171ri a sz\u00e1razabb id\u0151szakokat. T\u00e1panyag-ut\u00e1np\u00f3tl\u00e1s tavasszal javasolt, lass\u00fa leboml\u00e1s\u00fa \u00f6r\u00f6kz\u00f6ld t\u00e1p seg\u00edts\u00e9g\u00e9vel. Metsz\u00e9st nem ig\u00e9nyel, term\u00e9szetes form\u00e1ja \u00f6nmag\u00e1ban is mutat\u00f3s.<\/p>\n<p data-start=\"1895\" data-end=\"2200\"><strong data-start=\"1895\" data-end=\"1922\">Felhaszn\u00e1l\u00e1si javaslat:<\/strong><br data-start=\"1922\" data-end=\"1925\" \/>A \u2018Glauca\u2019 fajta kiv\u00e1l\u00f3 <strong data-start=\"1949\" data-end=\"1965\">szoliterk\u00e9nt<\/strong> p\u00e1zsiton, el\u0151kertekben vagy parkokban. K\u00e9kes lombsz\u00edne miatt remek\u00fcl kombin\u00e1lhat\u00f3 z\u00f6ld, arany \u00e9s bord\u00f3 lomb\u00fa n\u00f6v\u00e9nyekkel. Alakja miatt modern, klasszikus \u00e9s mediterr\u00e1n kertekben is j\u00f3l mutat. D\u00e9zs\u00e1s nevel\u00e9sre fiatal korban alkalmas.<\/p>\n<h4><strong>\ud83d\udd04 K\u00e9szletinform\u00e1ci\u00f3<\/strong><\/h4>\n<p><strong>K\u00e9szlet\u00fcnk napi szinten v\u00e1ltozik, \u00edgy a webshopban szerepl<\/strong><strong>\u0151<\/strong><strong>\u00a0term\u00e9kek el\u00e9rhet<\/strong><strong>\u0151<\/strong><strong>s\u00e9ge nem garant\u00e1lt.<br \/>\n\ud83d\udcde A megrendel\u00e9s el<\/strong><strong>\u0151<\/strong><strong>tt k\u00e9rj\u00fck, \u00e9rdekl<\/strong><strong>\u0151<\/strong><strong>dj\u00f6n szem\u00e9lyesen, telefonon vagy e-mailben!<\/strong><\/p>\n<h4><strong>\u27a1\ufe0f Kapcsolat:<\/strong><\/h4>\n<ul>\n<li><strong>Weboldal:\u00a0<\/strong><a href=\"https:\/\/tajkertesz.com\/\"><strong>tajkertesz.com<\/strong><\/a><\/li>\n<li><strong>Facebook:\u00a0<\/strong><a href=\"https:\/\/www.facebook.com\/tajkertesz\/\"><strong>facebook.com\/tajkertesz<\/strong><\/a><\/li>\n<li><strong>Telefonsz\u00e1m, e-mail: +36\/20-319-3770\u00a0<\/strong><a href=\"mailto:tajkerteszaruda@gmail.com\"><strong>tajkerteszaruda@gmail.com<\/strong><\/a><\/li>\n<\/ul>\n<h4><strong>\ud83d\ude9a Sz\u00e1ll\u00edt\u00e1si inform\u00e1ci\u00f3k<\/strong><\/h4>\n<p><strong>A megrendelt n\u00f6v\u00e9nyek kisz\u00e1ll\u00edt\u00e1sa az al\u00e1bbi felt\u00e9telek mellett t\u00f6rt\u00e9nik:<\/strong><\/p>\n<h4><strong>\ud83d\udce6 Fut\u00e1rszolg\u00e1latos sz\u00e1ll\u00edt\u00e1s<\/strong><\/h4>\n<ul>\n<li><strong>Maxim\u00e1lis m\u00e9ret: 200 cm (hossz\u00fas\u00e1g)<\/strong><\/li>\n<li><strong>Maxim\u00e1lis s\u00faly: 40 kg<\/strong><\/li>\n<li><strong>Az enn\u00e9l kisebb \u00e9s k\u00f6nnyebb csomagokat fut\u00e1rszolg\u00e1lattal k\u00e9zbes\u00edtj\u00fck a lehet<\/strong><strong>\u0151<\/strong><strong>\u00a0legbiztons\u00e1gosabb csomagol\u00e1sban.<\/strong><\/li>\n<\/ul>\n<h4><strong>\ud83d\udefb Szem\u00e9lyes \u00e1tv\u00e9tel<\/strong><\/h4>\n<ul>\n<li><strong>1173 Budapest, Bakancsos utca 7. sz\u00e1m alatt nyitvatart\u00e1si id<\/strong><strong>\u0151<\/strong><strong>ben szem\u00e9lyesen \u00e1tvehet<\/strong><strong>\u0151<\/strong><strong>\u00a0kert\u00e9szeti \u00e1rud\u00e1nkban.<\/strong><\/li>\n<li><strong>K\u00f6lts\u00e9ghat\u00e9kony megold\u00e1s nagyobb, t\u00f6r\u00e9kenyebb vagy t\u00falm\u00e9retes n\u00f6v\u00e9nyek eset\u00e9n.<\/strong><\/li>\n<\/ul>\n<h4><strong>\ud83d\udcde Nagy m\u00e9ret<\/strong><strong>\u0171<\/strong><strong>\u00a0vagy s\u00faly\u00fa n\u00f6v\u00e9nyek eset\u00e9n<\/strong><\/h4>\n<p><strong>Ha a term\u00e9k:<\/strong><\/p>\n<ul>\n<li><strong>meghaladja a 200 cm hossz\u00fas\u00e1got vagy<\/strong><\/li>\n<li><strong>meghaladja a 40 kg s\u00falyt,<\/strong><\/li>\n<\/ul>\n<p><strong>akkor szem\u00e9lyes \u00e1tv\u00e9tellel vagy egyedi, el<\/strong><strong>\u0151<\/strong><strong>re egyeztetett sz\u00e1ll\u00edt\u00e1si felt\u00e9telek mellett t\u00f6rt\u00e9nik.<br \/>\nK\u00e9rj\u00fck, ilyen esetben rendel\u00e9s el<\/strong><strong>\u0151<\/strong><strong>tt vegye fel vel\u00fcnk a kapcsolatot, hogy a lehet<\/strong><strong>\u0151<\/strong><strong>\u00a0legmegfelel<\/strong><strong>\u0151<\/strong><strong>bb sz\u00e1ll\u00edt\u00e1si megold\u00e1st k\u00edn\u00e1lhassuk.<\/strong><\/p>\n<p><strong>\ud83d\udd14 Fontos: A n\u00f6v\u00e9nyeket minden esetben igyeksz\u00fcnk gondosan, egyes\u00e9vel csomagolni, azonban a sz\u00e1ll\u00edt\u00e1s sor\u00e1n kisebb eszt\u00e9tikai s\u00e9r\u00fcl\u00e9sek el<\/strong><strong>\u0151<\/strong><strong>fordulhatnak (pl. lev\u00e9lhull\u00e1s). Ez nem min<\/strong><strong>\u0151<\/strong><strong>s\u00fcl hib\u00e1s teljes\u00edt\u00e9snek.<\/strong><\/p>\n<h4><strong>\ud83d\udcf7 Fontos tudni a k\u00e9pekr<\/strong><strong>\u0151<\/strong><strong>l<\/strong><\/h4>\n<p><strong>A webshopban szerepl<\/strong><strong>\u0151<\/strong><strong>\u00a0k\u00e9pek illusztr\u00e1ci\u00f3k, a n\u00f6v\u00e9nyek term\u00e9szet\u00fckn\u00e9l fogva egyediek, \u00edgy m\u00e9retben, alakban \u00e9s sz\u00ednben minim\u00e1lis elt\u00e9r\u00e9sek el<\/strong><strong>\u0151<\/strong><strong>fordulhatnak a k\u00e9pen l\u00e1that\u00f3 \u00e9s a val\u00f3s p\u00e9ld\u00e1nyok k\u00f6z\u00f6tt.<\/strong><\/p>\n<h4><strong>\ud83e\uddfe \u00c1rak \u00e9s el\u00e1ll\u00e1si jog<\/strong><\/h4>\n<ul>\n<li><strong>Az \u00e1rak egy darab\u00a0n\u00f6v\u00e9nyre vonatkoznak.<\/strong><\/li>\n<li><strong>\u00c9l<\/strong><strong>\u0151<\/strong><strong>\u00a0n\u00f6v\u00e9nyek rendel\u00e9se eset\u00e9n a 14 napos el\u00e1ll\u00e1s joga nem \u00e9rv\u00e9nyes\u00edthet<\/strong><strong>\u0151<\/strong><strong>, mivel azok romland\u00f3, biol\u00f3giailag \u00e9l<\/strong><strong>\u0151<\/strong><strong>\u00a0term\u00e9keknek min<\/strong><strong>\u0151<\/strong><strong>s\u00fclnek.<br \/>\n\ud83d\udd12 (17\/1999. (II. 5.) Korm. rendelet 5. \u00a7 c) pontja alapj\u00e1n)<\/strong><\/li>\n<\/ul>\n<h4><strong>\ud83d\udce6 K\u00e9zbes\u00edt\u00e9s ut\u00e1ni teend<\/strong><strong>\u0151<\/strong><strong>k<\/strong><\/h4>\n<p><strong>A k\u00e9zbes\u00edt\u00e9st k\u00f6vet<\/strong><strong>\u0151<\/strong><strong>en a csomagot azonnal bontsuk ki, \u00e9s a n\u00f6v\u00e9nyt helyezz\u00fck el megfelel<\/strong><strong>\u0151<\/strong><strong>\u00a0k\u00f6rnyezetben.<br \/>\nFontos: ha a n\u00f6v\u00e9ny nem r\u00e9szes\u00fcl megfelel<\/strong><strong>\u0151<\/strong><strong>\u00a0gondoz\u00e1sban \u00e9s ennek k\u00f6vetkezt\u00e9ben k\u00e1rosodik vagy elpusztul, felel<\/strong><strong>\u0151<\/strong><strong>ss\u00e9get nem tudunk v\u00e1llalni.<\/strong><\/p>","protected":false},"excerpt":{"rendered":"<p>Az Abies pinsapo \u2018Glauca\u2019 eleg\u00e1ns, k\u00fapos habitus\u00fa, k\u00e9kes-ez\u00fcst t\u0171level\u0171 jegenyefeny\u0151. Dekorat\u00edv, lass\u00fa n\u00f6veked\u00e9s\u0171, t\u00e9l\u00e1ll\u00f3 \u00f6r\u00f6kz\u00f6ld, amely szoliterk\u00e9nt \u00e9s d\u00edszkertekben is p\u00e1ratlan l\u00e1tv\u00e1nyt ny\u00fajt.<\/p>\n<p>M\u00e9rete: 20\/40 cm magas 3 literes kont\u00e9nerben.<\/p>","protected":false},"featured_media":25195,"template":"","meta":{"_et_pb_use_builder":"","_et_pb_old_content":"","_et_gb_content_width":""},"product_brand":[],"product_cat":[4078,26],"product_tag":[7490,7491,33,5507,7492,6598,24,6453,5945,6081],"class_list":{"0":"post-25194","1":"product","2":"type-product","3":"status-publish","4":"has-post-thumbnail","6":"product_cat-egyeb-fenyofekek","7":"product_cat-orokzold-novenyek","8":"product_tag-abies-pinsapo-glauca","9":"product_tag-andaluziai-jegenyefenyo","10":"product_tag-diszfa","11":"product_tag-jegenyefenyo","12":"product_tag-kekes-tulevelu-fenyo","13":"product_tag-lassu-novekedesu","14":"product_tag-orokzold","15":"product_tag-orokzold-fenyo","16":"product_tag-szoliter-noveny","17":"product_tag-telallo","19":"first","20":"instock","21":"shipping-taxable","22":"purchasable","23":"product-type-simple"},"yoast_head":"<!-- This site is optimized with the Yoast SEO plugin v27.5 - https:\/\/yoast.com\/product\/yoast-seo-wordpress\/ -->\n<title>Abies pinsapo &#039;Glauca&#039; - Andal\u00faziai jegenyefeny\u0151 - T\u00e1jkert\u00e9sz<\/title>\n<meta name=\"description\" content=\"Abies pinsapo &#039;Glauca&#039; - Andal\u00faziai jegenyefeny\u0151 lass\u00fa n\u00f6veked\u00e9s\u0171, k\u00e9kes-ez\u00fcst t\u0171level\u0171 \u00f6r\u00f6kz\u00f6ld. T\u00e9l\u00e1ll\u00f3 feny\u0151, szoliterk\u00e9nt \u00e9s d\u00edszkertekbe is ide\u00e1lis.\" \/>\n<meta name=\"robots\" content=\"index, follow, max-snippet:-1, max-image-preview:large, max-video-preview:-1\" \/>\n<link rel=\"canonical\" href=\"https:\/\/tajkertesz.com\/en_US\/product\/abies-pinsapo-glauca-andaluziai-jegenyefenyo\/\" \/>\n<meta property=\"og:locale\" content=\"en_US\" \/>\n<meta property=\"og:type\" content=\"article\" \/>\n<meta property=\"og:title\" content=\"Abies pinsapo &#039;Glauca&#039; - Andal\u00faziai jegenyefeny\u0151 - T\u00e1jkert\u00e9sz\" \/>\n<meta property=\"og:description\" content=\"Abies pinsapo &#039;Glauca&#039; - Andal\u00faziai jegenyefeny\u0151 lass\u00fa n\u00f6veked\u00e9s\u0171, k\u00e9kes-ez\u00fcst t\u0171level\u0171 \u00f6r\u00f6kz\u00f6ld. T\u00e9l\u00e1ll\u00f3 feny\u0151, szoliterk\u00e9nt \u00e9s d\u00edszkertekbe is ide\u00e1lis.\" \/>\n<meta property=\"og:url\" content=\"https:\/\/tajkertesz.com\/en_US\/product\/abies-pinsapo-glauca-andaluziai-jegenyefenyo\/\" \/>\n<meta property=\"og:site_name\" content=\"T\u00e1jkert\u00e9sz\" \/>\n<meta property=\"article:publisher\" content=\"https:\/\/www.facebook.com\/Tajkertesz\/\" \/>\n<meta property=\"article:modified_time\" content=\"2026-02-24T09:09:22+00:00\" \/>\n<meta property=\"og:image\" content=\"https:\/\/tajkertesz.com\/wp-content\/uploads\/2025\/11\/20250926_135420-scaled.jpg\" \/>\n\t<meta property=\"og:image:width\" content=\"1902\" \/>\n\t<meta property=\"og:image:height\" content=\"2560\" \/>\n\t<meta property=\"og:image:type\" content=\"image\/jpeg\" \/>\n<meta name=\"twitter:card\" content=\"summary_large_image\" \/>\n<meta name=\"twitter:label1\" content=\"Est. reading time\" \/>\n\t<meta name=\"twitter:data1\" content=\"3 minutes\" \/>\n<script type=\"application\/ld+json\" class=\"yoast-schema-graph\">{\"@context\":\"https:\\\/\\\/schema.org\",\"@graph\":[{\"@type\":\"WebPage\",\"@id\":\"https:\\\/\\\/tajkertesz.com\\\/termek\\\/abies-pinsapo-glauca-andaluziai-jegenyefenyo\\\/\",\"url\":\"https:\\\/\\\/tajkertesz.com\\\/termek\\\/abies-pinsapo-glauca-andaluziai-jegenyefenyo\\\/\",\"name\":\"Abies pinsapo 'Glauca' - Andal\u00faziai jegenyefeny\u0151 - T\u00e1jkert\u00e9sz\",\"isPartOf\":{\"@id\":\"https:\\\/\\\/tajkertesz.com\\\/#website\"},\"primaryImageOfPage\":{\"@id\":\"https:\\\/\\\/tajkertesz.com\\\/termek\\\/abies-pinsapo-glauca-andaluziai-jegenyefenyo\\\/#primaryimage\"},\"image\":{\"@id\":\"https:\\\/\\\/tajkertesz.com\\\/termek\\\/abies-pinsapo-glauca-andaluziai-jegenyefenyo\\\/#primaryimage\"},\"thumbnailUrl\":\"https:\\\/\\\/tajkertesz.com\\\/wp-content\\\/uploads\\\/2025\\\/11\\\/20250926_135420-scaled.jpg\",\"datePublished\":\"2025-11-05T15:10:41+00:00\",\"dateModified\":\"2026-02-24T09:09:22+00:00\",\"description\":\"Abies pinsapo 'Glauca' - Andal\u00faziai jegenyefeny\u0151 lass\u00fa n\u00f6veked\u00e9s\u0171, k\u00e9kes-ez\u00fcst t\u0171level\u0171 \u00f6r\u00f6kz\u00f6ld. T\u00e9l\u00e1ll\u00f3 feny\u0151, szoliterk\u00e9nt \u00e9s d\u00edszkertekbe is ide\u00e1lis.\",\"breadcrumb\":{\"@id\":\"https:\\\/\\\/tajkertesz.com\\\/termek\\\/abies-pinsapo-glauca-andaluziai-jegenyefenyo\\\/#breadcrumb\"},\"inLanguage\":\"en-US\",\"potentialAction\":[{\"@type\":\"ReadAction\",\"target\":[\"https:\\\/\\\/tajkertesz.com\\\/termek\\\/abies-pinsapo-glauca-andaluziai-jegenyefenyo\\\/\"]}]},{\"@type\":\"ImageObject\",\"inLanguage\":\"en-US\",\"@id\":\"https:\\\/\\\/tajkertesz.com\\\/termek\\\/abies-pinsapo-glauca-andaluziai-jegenyefenyo\\\/#primaryimage\",\"url\":\"https:\\\/\\\/tajkertesz.com\\\/wp-content\\\/uploads\\\/2025\\\/11\\\/20250926_135420-scaled.jpg\",\"contentUrl\":\"https:\\\/\\\/tajkertesz.com\\\/wp-content\\\/uploads\\\/2025\\\/11\\\/20250926_135420-scaled.jpg\",\"width\":1902,\"height\":2560,\"caption\":\"Abies pinsapo \u2018Glauca\u2019 \u2013 Andal\u00faziai jegenyefeny\u0151, k\u00e9kes-ez\u00fcst t\u0171level\u0171, t\u00e9l\u00e1ll\u00f3 d\u00edszfeny\u0151\"},{\"@type\":\"BreadcrumbList\",\"@id\":\"https:\\\/\\\/tajkertesz.com\\\/termek\\\/abies-pinsapo-glauca-andaluziai-jegenyefenyo\\\/#breadcrumb\",\"itemListElement\":[{\"@type\":\"ListItem\",\"position\":1,\"name\":\"Home\",\"item\":\"https:\\\/\\\/tajkertesz.com\\\/\"},{\"@type\":\"ListItem\",\"position\":2,\"name\":\"Kezd\u0151lap\",\"item\":\"https:\\\/\\\/tajkertesz.com\\\/\"},{\"@type\":\"ListItem\",\"position\":3,\"name\":\"Abies pinsapo &#8216;Glauca&#8217; &#8211; Andal\u00faziai jegenyefeny\u0151\"}]},{\"@type\":\"WebSite\",\"@id\":\"https:\\\/\\\/tajkertesz.com\\\/#website\",\"url\":\"https:\\\/\\\/tajkertesz.com\\\/\",\"name\":\"T\u00e1j-Kert\u00e9sz 84 Kft.\",\"description\":\"Kert\u00e9szeti kis- \u00e9s nagykeresked\u00e9s, D\u00edszn\u00f6v\u00e9ny web\u00e1ruh\u00e1z orsz\u00e1gos h\u00e1zhozsz\u00e1ll\u00edt\u00e1ssal!\",\"publisher\":{\"@id\":\"https:\\\/\\\/tajkertesz.com\\\/#organization\"},\"potentialAction\":[{\"@type\":\"SearchAction\",\"target\":{\"@type\":\"EntryPoint\",\"urlTemplate\":\"https:\\\/\\\/tajkertesz.com\\\/?s={search_term_string}\"},\"query-input\":{\"@type\":\"PropertyValueSpecification\",\"valueRequired\":true,\"valueName\":\"search_term_string\"}}],\"inLanguage\":\"en-US\"},{\"@type\":\"Organization\",\"@id\":\"https:\\\/\\\/tajkertesz.com\\\/#organization\",\"name\":\"T\u00e1j-Kert\u00e9sz 84 Kft.\",\"url\":\"https:\\\/\\\/tajkertesz.com\\\/\",\"logo\":{\"@type\":\"ImageObject\",\"inLanguage\":\"en-US\",\"@id\":\"https:\\\/\\\/tajkertesz.com\\\/#\\\/schema\\\/logo\\\/image\\\/\",\"url\":\"https:\\\/\\\/tajkertesz.com\\\/wp-content\\\/uploads\\\/2018\\\/02\\\/logo-2-e1518678052539.png\",\"contentUrl\":\"https:\\\/\\\/tajkertesz.com\\\/wp-content\\\/uploads\\\/2018\\\/02\\\/logo-2-e1518678052539.png\",\"width\":81,\"height\":140,\"caption\":\"T\u00e1j-Kert\u00e9sz 84 Kft.\"},\"image\":{\"@id\":\"https:\\\/\\\/tajkertesz.com\\\/#\\\/schema\\\/logo\\\/image\\\/\"},\"sameAs\":[\"https:\\\/\\\/www.facebook.com\\\/Tajkertesz\\\/\"]}]}<\/script>\n<!-- \/ Yoast SEO plugin. -->","yoast_head_json":{"title":"Abies pinsapo 'Glauca' - Andal\u00faziai jegenyefeny\u0151 - T\u00e1jkert\u00e9sz","description":"Abies pinsapo 'Glauca' - Andal\u00faziai jegenyefeny\u0151 lass\u00fa n\u00f6veked\u00e9s\u0171, k\u00e9kes-ez\u00fcst t\u0171level\u0171 \u00f6r\u00f6kz\u00f6ld. T\u00e9l\u00e1ll\u00f3 feny\u0151, szoliterk\u00e9nt \u00e9s d\u00edszkertekbe is ide\u00e1lis.","robots":{"index":"index","follow":"follow","max-snippet":"max-snippet:-1","max-image-preview":"max-image-preview:large","max-video-preview":"max-video-preview:-1"},"canonical":"https:\/\/tajkertesz.com\/en_US\/product\/abies-pinsapo-glauca-andaluziai-jegenyefenyo\/","og_locale":"en_US","og_type":"article","og_title":"Abies pinsapo 'Glauca' - Andal\u00faziai jegenyefeny\u0151 - T\u00e1jkert\u00e9sz","og_description":"Abies pinsapo 'Glauca' - Andal\u00faziai jegenyefeny\u0151 lass\u00fa n\u00f6veked\u00e9s\u0171, k\u00e9kes-ez\u00fcst t\u0171level\u0171 \u00f6r\u00f6kz\u00f6ld. T\u00e9l\u00e1ll\u00f3 feny\u0151, szoliterk\u00e9nt \u00e9s d\u00edszkertekbe is ide\u00e1lis.","og_url":"https:\/\/tajkertesz.com\/en_US\/product\/abies-pinsapo-glauca-andaluziai-jegenyefenyo\/","og_site_name":"T\u00e1jkert\u00e9sz","article_publisher":"https:\/\/www.facebook.com\/Tajkertesz\/","article_modified_time":"2026-02-24T09:09:22+00:00","og_image":[{"width":1902,"height":2560,"url":"https:\/\/tajkertesz.com\/wp-content\/uploads\/2025\/11\/20250926_135420-scaled.jpg","type":"image\/jpeg"}],"twitter_card":"summary_large_image","twitter_misc":{"Est. reading time":"3 minutes"},"schema":{"@context":"https:\/\/schema.org","@graph":[{"@type":"WebPage","@id":"https:\/\/tajkertesz.com\/termek\/abies-pinsapo-glauca-andaluziai-jegenyefenyo\/","url":"https:\/\/tajkertesz.com\/termek\/abies-pinsapo-glauca-andaluziai-jegenyefenyo\/","name":"Abies pinsapo 'Glauca' - Andal\u00faziai jegenyefeny\u0151 - T\u00e1jkert\u00e9sz","isPartOf":{"@id":"https:\/\/tajkertesz.com\/#website"},"primaryImageOfPage":{"@id":"https:\/\/tajkertesz.com\/termek\/abies-pinsapo-glauca-andaluziai-jegenyefenyo\/#primaryimage"},"image":{"@id":"https:\/\/tajkertesz.com\/termek\/abies-pinsapo-glauca-andaluziai-jegenyefenyo\/#primaryimage"},"thumbnailUrl":"https:\/\/tajkertesz.com\/wp-content\/uploads\/2025\/11\/20250926_135420-scaled.jpg","datePublished":"2025-11-05T15:10:41+00:00","dateModified":"2026-02-24T09:09:22+00:00","description":"Abies pinsapo 'Glauca' - Andal\u00faziai jegenyefeny\u0151 lass\u00fa n\u00f6veked\u00e9s\u0171, k\u00e9kes-ez\u00fcst t\u0171level\u0171 \u00f6r\u00f6kz\u00f6ld. T\u00e9l\u00e1ll\u00f3 feny\u0151, szoliterk\u00e9nt \u00e9s d\u00edszkertekbe is ide\u00e1lis.","breadcrumb":{"@id":"https:\/\/tajkertesz.com\/termek\/abies-pinsapo-glauca-andaluziai-jegenyefenyo\/#breadcrumb"},"inLanguage":"en-US","potentialAction":[{"@type":"ReadAction","target":["https:\/\/tajkertesz.com\/termek\/abies-pinsapo-glauca-andaluziai-jegenyefenyo\/"]}]},{"@type":"ImageObject","inLanguage":"en-US","@id":"https:\/\/tajkertesz.com\/termek\/abies-pinsapo-glauca-andaluziai-jegenyefenyo\/#primaryimage","url":"https:\/\/tajkertesz.com\/wp-content\/uploads\/2025\/11\/20250926_135420-scaled.jpg","contentUrl":"https:\/\/tajkertesz.com\/wp-content\/uploads\/2025\/11\/20250926_135420-scaled.jpg","width":1902,"height":2560,"caption":"Abies pinsapo \u2018Glauca\u2019 \u2013 Andal\u00faziai jegenyefeny\u0151, k\u00e9kes-ez\u00fcst t\u0171level\u0171, t\u00e9l\u00e1ll\u00f3 d\u00edszfeny\u0151"},{"@type":"BreadcrumbList","@id":"https:\/\/tajkertesz.com\/termek\/abies-pinsapo-glauca-andaluziai-jegenyefenyo\/#breadcrumb","itemListElement":[{"@type":"ListItem","position":1,"name":"Home","item":"https:\/\/tajkertesz.com\/"},{"@type":"ListItem","position":2,"name":"Kezd\u0151lap","item":"https:\/\/tajkertesz.com\/"},{"@type":"ListItem","position":3,"name":"Abies pinsapo &#8216;Glauca&#8217; &#8211; Andal\u00faziai jegenyefeny\u0151"}]},{"@type":"WebSite","@id":"https:\/\/tajkertesz.com\/#website","url":"https:\/\/tajkertesz.com\/","name":"T\u00e1j-Kert\u00e9sz 84 Kft.","description":"Kert\u00e9szeti kis- \u00e9s nagykeresked\u00e9s, D\u00edszn\u00f6v\u00e9ny web\u00e1ruh\u00e1z orsz\u00e1gos h\u00e1zhozsz\u00e1ll\u00edt\u00e1ssal!","publisher":{"@id":"https:\/\/tajkertesz.com\/#organization"},"potentialAction":[{"@type":"SearchAction","target":{"@type":"EntryPoint","urlTemplate":"https:\/\/tajkertesz.com\/?s={search_term_string}"},"query-input":{"@type":"PropertyValueSpecification","valueRequired":true,"valueName":"search_term_string"}}],"inLanguage":"en-US"},{"@type":"Organization","@id":"https:\/\/tajkertesz.com\/#organization","name":"T\u00e1j-Kert\u00e9sz 84 Kft.","url":"https:\/\/tajkertesz.com\/","logo":{"@type":"ImageObject","inLanguage":"en-US","@id":"https:\/\/tajkertesz.com\/#\/schema\/logo\/image\/","url":"https:\/\/tajkertesz.com\/wp-content\/uploads\/2018\/02\/logo-2-e1518678052539.png","contentUrl":"https:\/\/tajkertesz.com\/wp-content\/uploads\/2018\/02\/logo-2-e1518678052539.png","width":81,"height":140,"caption":"T\u00e1j-Kert\u00e9sz 84 Kft."},"image":{"@id":"https:\/\/tajkertesz.com\/#\/schema\/logo\/image\/"},"sameAs":["https:\/\/www.facebook.com\/Tajkertesz\/"]}]}},"_links":{"self":[{"href":"https:\/\/tajkertesz.com\/en_US\/wp-json\/wp\/v2\/product\/25194","targetHints":{"allow":["GET"]}}],"collection":[{"href":"https:\/\/tajkertesz.com\/en_US\/wp-json\/wp\/v2\/product"}],"about":[{"href":"https:\/\/tajkertesz.com\/en_US\/wp-json\/wp\/v2\/types\/product"}],"wp:featuredmedia":[{"embeddable":true,"href":"https:\/\/tajkertesz.com\/en_US\/wp-json\/wp\/v2\/media\/25195"}],"wp:attachment":[{"href":"https:\/\/tajkertesz.com\/en_US\/wp-json\/wp\/v2\/media?parent=25194"}],"wp:term":[{"taxonomy":"product_brand","embeddable":true,"href":"https:\/\/tajkertesz.com\/en_US\/wp-json\/wp\/v2\/product_brand?post=25194"},{"taxonomy":"product_cat","embeddable":true,"href":"https:\/\/tajkertesz.com\/en_US\/wp-json\/wp\/v2\/product_cat?post=25194"},{"taxonomy":"product_tag","embeddable":true,"href":"https:\/\/tajkertesz.com\/en_US\/wp-json\/wp\/v2\/product_tag?post=25194"}],"curies":[{"name":"wp","href":"https:\/\/api.w.org\/{rel}","templated":true}]}}