{"id":25306,"date":"2025-11-17T13:23:35","date_gmt":"2025-11-17T13:23:35","guid":{"rendered":"https:\/\/tajkertesz.com\/?post_type=product&#038;p=25306"},"modified":"2026-01-14T12:34:28","modified_gmt":"2026-01-14T12:34:28","slug":"classic-fenyo-es-orokzold-tapoldat-3l","status":"publish","type":"product","link":"https:\/\/tajkertesz.com\/en_US\/product\/classic-fenyo-es-orokzold-tapoldat-3l\/","title":{"rendered":"Classic Feny\u0151 \u00e9s \u00d6r\u00f6kz\u00f6ld t\u00e1poldat 3l"},"content":{"rendered":"<h1>Classic Feny\u0151 \u00e9s \u00d6r\u00f6kz\u00f6ld t\u00e1poldat 3l<\/h1>\n<p>Classic Feny\u0151 \u00e9s \u00d6r\u00f6kz\u00f6ld t\u00e1poldat 3l:<\/p>\n<p>\u00d6r\u00f6kz\u00f6ldek, feny\u0151k, d\u00edszf\u00e1k \u00e9s cserj\u00e9k t\u00e1poldatoz\u00e1s\u00e1ra.<\/p>\n<p>A &#8222;Classis \u00f6r\u00f6kz\u00f6ld t\u00e1poldat&#8221; (m\u00e1s n\u00e9ven &#8222;Classic feny\u0151- \u00e9s \u00f6r\u00f6kz\u00f6ld t\u00e1poldat&#8221;) a tuj\u00e1k, feny\u0151k, bor\u00f3k\u00e1k, rododendronok \u00e9s egy\u00e9b \u00f6r\u00f6kz\u00f6ld n\u00f6v\u00e9nyek speci\u00e1lis t\u00e1poldata, amely seg\u00edt meg\u0151rizni a friss z\u00f6ld sz\u00ednt, er\u0151s\u00edti a gy\u00f6kereket, megakad\u00e1lyozza a t\u0171lev\u00e9lbarnul\u00e1st \u00e9s a felkopaszod\u00e1st, savany\u00edtja a talajt, \u00e9s d\u00fas, eg\u00e9szs\u00e9ges lombozatot eredm\u00e9nyez. A haszn\u00e1lata m\u00e1rciust\u00f3l okt\u00f3berig javasolt, adagol\u00e1sa fajt\u00e1t\u00f3l \u00e9s m\u00e9rett\u0151l f\u00fcgg, \u00e1ltal\u00e1ban 10 liter v\u00edzhez p\u00e1r kupak koncentr\u00e1tum sz\u00fcks\u00e9ges, amit a n\u00f6v\u00e9ny t\u00f6v\u00e9hez kell ki\u00f6nteni.<\/p>\n<h4><strong>\ud83d\udd04 K\u00e9szletinform\u00e1ci\u00f3<\/strong><\/h4>\n<p><strong>K\u00e9szlet\u00fcnk napi szinten v\u00e1ltozik, \u00edgy a webshopban szerepl<\/strong><strong>\u0151<\/strong><strong>\u00a0term\u00e9kek el\u00e9rhet<\/strong><strong>\u0151<\/strong><strong>s\u00e9ge nem garant\u00e1lt.<br \/>\n\ud83d\udcde A megrendel\u00e9s el<\/strong><strong>\u0151<\/strong><strong>tt k\u00e9rj\u00fck, \u00e9rdekl<\/strong><strong>\u0151<\/strong><strong>dj\u00f6n szem\u00e9lyesen, telefonon vagy e-mailben!<\/strong><\/p>\n<h4><strong>\u27a1\ufe0f Kapcsolat:<\/strong><\/h4>\n<ul>\n<li><strong>Weboldal:\u00a0<\/strong><a href=\"https:\/\/tajkertesz.com\/\"><strong>tajkertesz.com<\/strong><\/a><\/li>\n<li><strong>Facebook:\u00a0<\/strong><a href=\"https:\/\/www.facebook.com\/tajkertesz\/\"><strong>facebook.com\/tajkertesz<\/strong><\/a><\/li>\n<li><strong>Telefonsz\u00e1m, e-mail: +36\/20-319-3770\u00a0<\/strong><a href=\"mailto:tajkerteszaruda@gmail.com\"><strong>tajkerteszaruda@gmail.com<\/strong><\/a><\/li>\n<\/ul>\n<h4><strong>\ud83d\ude9a Sz\u00e1ll\u00edt\u00e1si inform\u00e1ci\u00f3k<\/strong><\/h4>\n<p><strong>A megrendelt n\u00f6v\u00e9nyek kisz\u00e1ll\u00edt\u00e1sa az al\u00e1bbi felt\u00e9telek mellett t\u00f6rt\u00e9nik:<\/strong><\/p>\n<h4><strong>\ud83d\udce6 Fut\u00e1rszolg\u00e1latos sz\u00e1ll\u00edt\u00e1s<\/strong><\/h4>\n<ul>\n<li><strong>Maxim\u00e1lis m\u00e9ret: 200 cm (hossz\u00fas\u00e1g)<\/strong><\/li>\n<li><strong>Maxim\u00e1lis s\u00faly: 40 kg<\/strong><\/li>\n<li><strong>Az enn\u00e9l kisebb \u00e9s k\u00f6nnyebb csomagokat fut\u00e1rszolg\u00e1lattal k\u00e9zbes\u00edtj\u00fck a lehet<\/strong><strong>\u0151<\/strong><strong>\u00a0legbiztons\u00e1gosabb csomagol\u00e1sban.<\/strong><\/li>\n<\/ul>\n<h4><strong>\ud83d\udefb Szem\u00e9lyes \u00e1tv\u00e9tel<\/strong><\/h4>\n<ul>\n<li><strong>1173 Budapest, Bakancsos utca 7. sz\u00e1m alatt nyitvatart\u00e1si id<\/strong><strong>\u0151<\/strong><strong>ben szem\u00e9lyesen \u00e1tvehet<\/strong><strong>\u0151<\/strong><strong>\u00a0kert\u00e9szeti \u00e1rud\u00e1nkban.<\/strong><\/li>\n<li><strong>K\u00f6lts\u00e9ghat\u00e9kony megold\u00e1s nagyobb, t\u00f6r\u00e9kenyebb vagy t\u00falm\u00e9retes n\u00f6v\u00e9nyek eset\u00e9n.<\/strong><\/li>\n<\/ul>\n<h4><strong>\ud83d\udcde Nagy m\u00e9ret<\/strong><strong>\u0171<\/strong><strong>\u00a0vagy s\u00faly\u00fa n\u00f6v\u00e9nyek eset\u00e9n<\/strong><\/h4>\n<p><strong>Ha a term\u00e9k:<\/strong><\/p>\n<ul>\n<li><strong>meghaladja a 200 cm hossz\u00fas\u00e1got vagy<\/strong><\/li>\n<li><strong>meghaladja a 40 kg s\u00falyt,<\/strong><\/li>\n<\/ul>\n<p><strong>akkor szem\u00e9lyes \u00e1tv\u00e9tellel vagy egyedi, el<\/strong><strong>\u0151<\/strong><strong>re egyeztetett sz\u00e1ll\u00edt\u00e1si felt\u00e9telek mellett t\u00f6rt\u00e9nik.<br \/>\nK\u00e9rj\u00fck, ilyen esetben rendel\u00e9s el<\/strong><strong>\u0151<\/strong><strong>tt vegye fel vel\u00fcnk a kapcsolatot, hogy a lehet<\/strong><strong>\u0151<\/strong><strong>\u00a0legmegfelel<\/strong><strong>\u0151<\/strong><strong>bb sz\u00e1ll\u00edt\u00e1si megold\u00e1st k\u00edn\u00e1lhassuk.<\/strong><\/p>\n<p><strong>\ud83d\udd14 Fontos: A n\u00f6v\u00e9nyeket minden esetben igyeksz\u00fcnk gondosan, egyes\u00e9vel csomagolni, azonban a sz\u00e1ll\u00edt\u00e1s sor\u00e1n kisebb eszt\u00e9tikai s\u00e9r\u00fcl\u00e9sek el<\/strong><strong>\u0151<\/strong><strong>fordulhatnak (pl. lev\u00e9lhull\u00e1s). Ez nem min<\/strong><strong>\u0151<\/strong><strong>s\u00fcl hib\u00e1s teljes\u00edt\u00e9snek.<\/strong><\/p>\n<h4><strong>\ud83d\udcf7 Fontos tudni a k\u00e9pekr<\/strong><strong>\u0151<\/strong><strong>l<\/strong><\/h4>\n<p><strong>A webshopban szerepl<\/strong><strong>\u0151<\/strong><strong>\u00a0k\u00e9pek illusztr\u00e1ci\u00f3k, a n\u00f6v\u00e9nyek term\u00e9szet\u00fckn\u00e9l fogva egyediek, \u00edgy m\u00e9retben, alakban \u00e9s sz\u00ednben minim\u00e1lis elt\u00e9r\u00e9sek el<\/strong><strong>\u0151<\/strong><strong>fordulhatnak a k\u00e9pen l\u00e1that\u00f3 \u00e9s a val\u00f3s p\u00e9ld\u00e1nyok k\u00f6z\u00f6tt.<\/strong><\/p>\n<h4><strong>\ud83e\uddfe \u00c1rak \u00e9s el\u00e1ll\u00e1si jog<\/strong><\/h4>\n<ul>\n<li><strong>Az \u00e1rak egy darab\u00a0n\u00f6v\u00e9nyre vonatkoznak.<\/strong><\/li>\n<li><strong>\u00c9l<\/strong><strong>\u0151<\/strong><strong>\u00a0n\u00f6v\u00e9nyek rendel\u00e9se eset\u00e9n a 14 napos el\u00e1ll\u00e1s joga nem \u00e9rv\u00e9nyes\u00edthet<\/strong><strong>\u0151<\/strong><strong>, mivel azok romland\u00f3, biol\u00f3giailag \u00e9l<\/strong><strong>\u0151<\/strong><strong>\u00a0term\u00e9keknek min<\/strong><strong>\u0151<\/strong><strong>s\u00fclnek.<br \/>\n\ud83d\udd12 (17\/1999. (II. 5.) Korm. rendelet 5. \u00a7 c) pontja alapj\u00e1n)<\/strong><\/li>\n<\/ul>\n<h4><strong>\ud83d\udce6 K\u00e9zbes\u00edt\u00e9s ut\u00e1ni teend<\/strong><strong>\u0151<\/strong><strong>k<\/strong><\/h4>\n<p><strong>A k\u00e9zbes\u00edt\u00e9st k\u00f6vet<\/strong><strong>\u0151<\/strong><strong>en a csomagot azonnal bontsuk ki, \u00e9s a n\u00f6v\u00e9nyt helyezz\u00fck el megfelel<\/strong><strong>\u0151<\/strong><strong>\u00a0k\u00f6rnyezetben.<br \/>\nFontos: ha a n\u00f6v\u00e9ny nem r\u00e9szes\u00fcl megfelel<\/strong><strong>\u0151<\/strong><strong>\u00a0gondoz\u00e1sban \u00e9s ennek k\u00f6vetkezt\u00e9ben k\u00e1rosodik vagy elpusztul, felel<\/strong><strong>\u0151<\/strong><strong>ss\u00e9get nem tudunk v\u00e1llalni.<\/strong><\/p>","protected":false},"excerpt":{"rendered":"<div class=\"otQkpb\" role=\"heading\" aria-level=\"3\" data-animation-nesting=\"\" data-sfc-cp=\"\" data-processed=\"true\">F\u0151bb jellemz\u0151k \u00e9s el\u0151ny\u00f6k<button class=\"rBl3me\" tabindex=\"0\" data-amic=\"true\" data-icl-uuid=\"5aa53423-964b-41e3-951c-d8124109762d\" aria-label=\"Kapcsol\u00f3d\u00f3 linkek megjelen\u00edt\u00e9se\" data-wiz-attrbind=\"disabled=EV8Qjb_l\/C5gNJc;aria-label=EV8Qjb_l\/bOjMyf;class=EV8Qjb_l\/UpSNec\" data-ved=\"2ahUKEwij6qzsg4uSAxWd87sIHXZyI2IQye0OegQIAhAA\" data-processed=\"true\"><\/button><\/div>\n<ul class=\"KsbFXc U6u95\" data-processed=\"true\">\n<li data-hveid=\"CAMQAA\" data-processed=\"true\"><span class=\"T286Pc\" data-sfc-cp=\"\" data-processed=\"true\"><strong class=\"Yjhzub\" data-processed=\"true\">Speci\u00e1lis \u00f6sszet\u00e9tel:<\/strong>\u00a0Kifejezetten \u00f6r\u00f6kz\u00f6ldek ig\u00e9nyeire szabva, magn\u00e9ziummal \u00e9s mikroelemekkel.<\/span><\/li>\n<li data-hveid=\"CAMQAQ\" data-processed=\"true\"><span class=\"T286Pc\" data-sfc-cp=\"\" data-processed=\"true\"><strong class=\"Yjhzub\" data-processed=\"true\">Sz\u00edn- \u00e9s n\u00f6veked\u00e9sfokoz\u00f3:<\/strong>\u00a0El\u0151seg\u00edti az \u00e9l\u00e9nk z\u00f6ld sz\u00ednt, d\u00fas lombozatot (t\u00fals\u00falyban l\u00e9v\u0151 nitrog\u00e9n), \u00e9s er\u0151s\u00edti a gy\u00f6k\u00e9rzetet.<\/span><\/li>\n<li data-hveid=\"CAMQAg\" data-processed=\"true\"><span class=\"T286Pc\" data-sfc-cp=\"\" data-processed=\"true\"><strong class=\"Yjhzub\" data-processed=\"true\">V\u00e9delem:<\/strong>\u00a0Megel\u0151zi a t\u00e1panyaghi\u00e1ny okozta t\u0171lev\u00e9lbarnul\u00e1st, felkopaszod\u00e1st.<\/span><\/li>\n<li data-hveid=\"CAMQAw\" data-processed=\"true\"><span class=\"T286Pc\" data-sfc-cp=\"\" data-processed=\"true\"><strong class=\"Yjhzub\" data-processed=\"true\">Talajjav\u00edt\u00f3:<\/strong>\u00a0Keser\u0171s\u00f3 tartalma savany\u00edtja a talajt, ami a t\u0171level\u0171eknek kedvez.<\/span><span class=\"uJ19be notranslate\" data-wiz-uids=\"EV8Qjb_12,EV8Qjb_13\" data-processed=\"true\"><span class=\"vKEkVd\" data-animation-atomic=\"\" data-wiz-attrbind=\"class=EV8Qjb_11\/TKHnVd\" data-processed=\"true\">\u00a0<button class=\"rBl3me\" tabindex=\"0\" data-amic=\"true\" data-icl-uuid=\"97255bb4-197a-4072-bd43-4a8ebd027bf6\" aria-label=\"Kapcsol\u00f3d\u00f3 linkek megjelen\u00edt\u00e9se\" data-wiz-attrbind=\"disabled=EV8Qjb_11\/C5gNJc;aria-label=EV8Qjb_11\/bOjMyf;class=EV8Qjb_11\/UpSNec\" data-ved=\"2ahUKEwij6qzsg4uSAxWd87sIHXZyI2IQye0OegQIAxAE\" data-processed=\"true\"><\/button><\/span><\/span><\/li>\n<\/ul>\n<div class=\"Fsg96\" data-sfc-cp=\"\" data-processed=\"true\"><\/div>\n<div class=\"otQkpb\" role=\"heading\" aria-level=\"3\" data-animation-nesting=\"\" data-sfc-cp=\"\" data-processed=\"true\">Alkalmaz\u00e1s<button class=\"rBl3me\" tabindex=\"0\" data-amic=\"true\" data-icl-uuid=\"16d6e6b7-5ecd-4aea-b58d-658d63f2c007\" aria-label=\"Kapcsol\u00f3d\u00f3 linkek megjelen\u00edt\u00e9se\" data-wiz-attrbind=\"disabled=EV8Qjb_1a\/C5gNJc;aria-label=EV8Qjb_1a\/bOjMyf;class=EV8Qjb_1a\/UpSNec\" data-ved=\"2ahUKEwij6qzsg4uSAxWd87sIHXZyI2IQye0OegQIBBAA\" data-processed=\"true\"><\/button><\/div>\n<ul class=\"KsbFXc U6u95\" data-processed=\"true\">\n<li data-hveid=\"CAUQAA\" data-processed=\"true\"><span class=\"T286Pc\" data-sfc-cp=\"\" data-processed=\"true\"><strong class=\"Yjhzub\" data-processed=\"true\">Mikor:<\/strong>\u00a0M\u00e1rciust\u00f3l okt\u00f3berig, m\u00e1rciust\u00f3l j\u00faliusig havonta egyszer (vagy ak\u00e1r t\u00f6bbsz\u00f6r, ha kisebb adagokban).<\/span><\/li>\n<li data-hveid=\"CAUQAQ\" data-processed=\"true\"><span class=\"T286Pc\" data-sfc-cp=\"\" data-processed=\"true\"><strong class=\"Yjhzub\" data-processed=\"true\">Hogyan (\u00c1ltal\u00e1nos adagol\u00e1s):<\/strong>\u00a010 liter v\u00edzhez 4 kupaknyi (kb. 100-120 ml) koncentr\u00e1tumot kell feloldani.<\/span><\/li>\n<li data-hveid=\"CAUQAg\" data-processed=\"true\"><span class=\"T286Pc\" data-sfc-cp=\"\" data-processed=\"true\"><strong class=\"Yjhzub\" data-processed=\"true\">Kijuttat\u00e1s:<\/strong>\u00a0A megfelel\u0151 mennyis\u00e9g\u0171 oldatot a n\u00f6v\u00e9ny t\u00f6v\u00e9hez kell \u00f6nt\u00f6zni, a lombkorona \u00e1ltal lefedett talajter\u00fcletre.<\/span><span class=\"uJ19be notranslate\" data-wiz-uids=\"EV8Qjb_1o,EV8Qjb_1p\" data-processed=\"true\"><span class=\"vKEkVd\" data-animation-atomic=\"\" data-wiz-attrbind=\"class=EV8Qjb_1n\/TKHnVd\" data-processed=\"true\">\u00a0<\/span><\/span><\/li>\n<\/ul>","protected":false},"featured_media":25898,"template":"","meta":{"_et_pb_use_builder":"","_et_pb_old_content":"","_et_gb_content_width":""},"product_brand":[7498],"product_cat":[1845],"product_tag":[1148,1447,24,7499,4104,1450],"class_list":{"0":"post-25306","1":"product","2":"type-product","3":"status-publish","4":"has-post-thumbnail","6":"product_brand-classic","7":"product_cat-egyeb-tapoldatok-mutragyak","8":"product_tag-classic","9":"product_tag-fenyo","10":"product_tag-orokzold","11":"product_tag-orokzold-mutragya","12":"product_tag-tapanyag","13":"product_tag-tapoldat","15":"first","16":"instock","17":"shipping-taxable","18":"purchasable","19":"product-type-simple"},"yoast_head":"<!-- This site is optimized with the Yoast SEO plugin v27.4 - https:\/\/yoast.com\/product\/yoast-seo-wordpress\/ -->\n<title>Classic Feny\u0151 \u00e9s \u00d6r\u00f6kz\u00f6ld t\u00e1poldat 3l - T\u00e1jkert\u00e9sz<\/title>\n<meta name=\"description\" content=\"Classic Feny\u0151 \u00e9s \u00d6r\u00f6kz\u00f6ld t\u00e1poldat 3l. tuj\u00e1k, feny\u0151k, bor\u00f3k\u00e1k, rododendronok \u00e9s egy\u00e9b \u00f6r\u00f6kz\u00f6ld n\u00f6v\u00e9nyek speci\u00e1lis t\u00e1poldata,\" \/>\n<meta name=\"robots\" content=\"index, follow, max-snippet:-1, max-image-preview:large, max-video-preview:-1\" \/>\n<link rel=\"canonical\" href=\"https:\/\/tajkertesz.com\/en_US\/product\/classic-fenyo-es-orokzold-tapoldat-3l\/\" \/>\n<meta property=\"og:locale\" content=\"en_US\" \/>\n<meta property=\"og:type\" content=\"article\" \/>\n<meta property=\"og:title\" content=\"Classic Feny\u0151 \u00e9s \u00d6r\u00f6kz\u00f6ld t\u00e1poldat 3l - T\u00e1jkert\u00e9sz\" \/>\n<meta property=\"og:description\" content=\"Classic Feny\u0151 \u00e9s \u00d6r\u00f6kz\u00f6ld t\u00e1poldat 3l. tuj\u00e1k, feny\u0151k, bor\u00f3k\u00e1k, rododendronok \u00e9s egy\u00e9b \u00f6r\u00f6kz\u00f6ld n\u00f6v\u00e9nyek speci\u00e1lis t\u00e1poldata,\" \/>\n<meta property=\"og:url\" content=\"https:\/\/tajkertesz.com\/en_US\/product\/classic-fenyo-es-orokzold-tapoldat-3l\/\" \/>\n<meta property=\"og:site_name\" content=\"T\u00e1jkert\u00e9sz\" \/>\n<meta property=\"article:publisher\" content=\"https:\/\/www.facebook.com\/Tajkertesz\/\" \/>\n<meta property=\"article:modified_time\" content=\"2026-01-14T12:34:28+00:00\" \/>\n<meta property=\"og:image\" content=\"https:\/\/tajkertesz.com\/wp-content\/uploads\/2025\/11\/Classic_orokzold_es_fenyo_tapoldat_3L.png.webp\" \/>\n\t<meta property=\"og:image:width\" content=\"500\" \/>\n\t<meta property=\"og:image:height\" content=\"500\" \/>\n\t<meta property=\"og:image:type\" content=\"image\/webp\" \/>\n<meta name=\"twitter:card\" content=\"summary_large_image\" \/>\n<meta name=\"twitter:label1\" content=\"Est. reading time\" \/>\n\t<meta name=\"twitter:data1\" content=\"3 minutes\" \/>\n<script type=\"application\/ld+json\" class=\"yoast-schema-graph\">{\"@context\":\"https:\\\/\\\/schema.org\",\"@graph\":[{\"@type\":\"WebPage\",\"@id\":\"https:\\\/\\\/tajkertesz.com\\\/termek\\\/classic-fenyo-es-orokzold-tapoldat-3l\\\/\",\"url\":\"https:\\\/\\\/tajkertesz.com\\\/termek\\\/classic-fenyo-es-orokzold-tapoldat-3l\\\/\",\"name\":\"Classic Feny\u0151 \u00e9s \u00d6r\u00f6kz\u00f6ld t\u00e1poldat 3l - T\u00e1jkert\u00e9sz\",\"isPartOf\":{\"@id\":\"https:\\\/\\\/tajkertesz.com\\\/#website\"},\"primaryImageOfPage\":{\"@id\":\"https:\\\/\\\/tajkertesz.com\\\/termek\\\/classic-fenyo-es-orokzold-tapoldat-3l\\\/#primaryimage\"},\"image\":{\"@id\":\"https:\\\/\\\/tajkertesz.com\\\/termek\\\/classic-fenyo-es-orokzold-tapoldat-3l\\\/#primaryimage\"},\"thumbnailUrl\":\"https:\\\/\\\/tajkertesz.com\\\/wp-content\\\/uploads\\\/2025\\\/11\\\/Classic_orokzold_es_fenyo_tapoldat_3L.png.webp\",\"datePublished\":\"2025-11-17T13:23:35+00:00\",\"dateModified\":\"2026-01-14T12:34:28+00:00\",\"description\":\"Classic Feny\u0151 \u00e9s \u00d6r\u00f6kz\u00f6ld t\u00e1poldat 3l. tuj\u00e1k, feny\u0151k, bor\u00f3k\u00e1k, rododendronok \u00e9s egy\u00e9b \u00f6r\u00f6kz\u00f6ld n\u00f6v\u00e9nyek speci\u00e1lis t\u00e1poldata,\",\"breadcrumb\":{\"@id\":\"https:\\\/\\\/tajkertesz.com\\\/termek\\\/classic-fenyo-es-orokzold-tapoldat-3l\\\/#breadcrumb\"},\"inLanguage\":\"en-US\",\"potentialAction\":[{\"@type\":\"ReadAction\",\"target\":[\"https:\\\/\\\/tajkertesz.com\\\/termek\\\/classic-fenyo-es-orokzold-tapoldat-3l\\\/\"]}]},{\"@type\":\"ImageObject\",\"inLanguage\":\"en-US\",\"@id\":\"https:\\\/\\\/tajkertesz.com\\\/termek\\\/classic-fenyo-es-orokzold-tapoldat-3l\\\/#primaryimage\",\"url\":\"https:\\\/\\\/tajkertesz.com\\\/wp-content\\\/uploads\\\/2025\\\/11\\\/Classic_orokzold_es_fenyo_tapoldat_3L.png.webp\",\"contentUrl\":\"https:\\\/\\\/tajkertesz.com\\\/wp-content\\\/uploads\\\/2025\\\/11\\\/Classic_orokzold_es_fenyo_tapoldat_3L.png.webp\",\"width\":500,\"height\":500,\"caption\":\"Classic Feny\u0151 \u00e9s \u00d6r\u00f6kz\u00f6ld t\u00e1poldat 3l\"},{\"@type\":\"BreadcrumbList\",\"@id\":\"https:\\\/\\\/tajkertesz.com\\\/termek\\\/classic-fenyo-es-orokzold-tapoldat-3l\\\/#breadcrumb\",\"itemListElement\":[{\"@type\":\"ListItem\",\"position\":1,\"name\":\"Home\",\"item\":\"https:\\\/\\\/tajkertesz.com\\\/\"},{\"@type\":\"ListItem\",\"position\":2,\"name\":\"Kezd\u0151lap\",\"item\":\"https:\\\/\\\/tajkertesz.com\\\/\"},{\"@type\":\"ListItem\",\"position\":3,\"name\":\"Classic Feny\u0151 \u00e9s \u00d6r\u00f6kz\u00f6ld t\u00e1poldat 3l\"}]},{\"@type\":\"WebSite\",\"@id\":\"https:\\\/\\\/tajkertesz.com\\\/#website\",\"url\":\"https:\\\/\\\/tajkertesz.com\\\/\",\"name\":\"T\u00e1j-Kert\u00e9sz 84 Kft.\",\"description\":\"Kert\u00e9szeti kis- \u00e9s nagykeresked\u00e9s, D\u00edszn\u00f6v\u00e9ny web\u00e1ruh\u00e1z orsz\u00e1gos h\u00e1zhozsz\u00e1ll\u00edt\u00e1ssal!\",\"publisher\":{\"@id\":\"https:\\\/\\\/tajkertesz.com\\\/#organization\"},\"potentialAction\":[{\"@type\":\"SearchAction\",\"target\":{\"@type\":\"EntryPoint\",\"urlTemplate\":\"https:\\\/\\\/tajkertesz.com\\\/?s={search_term_string}\"},\"query-input\":{\"@type\":\"PropertyValueSpecification\",\"valueRequired\":true,\"valueName\":\"search_term_string\"}}],\"inLanguage\":\"en-US\"},{\"@type\":\"Organization\",\"@id\":\"https:\\\/\\\/tajkertesz.com\\\/#organization\",\"name\":\"T\u00e1j-Kert\u00e9sz 84 Kft.\",\"url\":\"https:\\\/\\\/tajkertesz.com\\\/\",\"logo\":{\"@type\":\"ImageObject\",\"inLanguage\":\"en-US\",\"@id\":\"https:\\\/\\\/tajkertesz.com\\\/#\\\/schema\\\/logo\\\/image\\\/\",\"url\":\"https:\\\/\\\/tajkertesz.com\\\/wp-content\\\/uploads\\\/2018\\\/02\\\/logo-2-e1518678052539.png\",\"contentUrl\":\"https:\\\/\\\/tajkertesz.com\\\/wp-content\\\/uploads\\\/2018\\\/02\\\/logo-2-e1518678052539.png\",\"width\":81,\"height\":140,\"caption\":\"T\u00e1j-Kert\u00e9sz 84 Kft.\"},\"image\":{\"@id\":\"https:\\\/\\\/tajkertesz.com\\\/#\\\/schema\\\/logo\\\/image\\\/\"},\"sameAs\":[\"https:\\\/\\\/www.facebook.com\\\/Tajkertesz\\\/\"]}]}<\/script>\n<!-- \/ Yoast SEO plugin. -->","yoast_head_json":{"title":"Classic Feny\u0151 \u00e9s \u00d6r\u00f6kz\u00f6ld t\u00e1poldat 3l - T\u00e1jkert\u00e9sz","description":"Classic Feny\u0151 \u00e9s \u00d6r\u00f6kz\u00f6ld t\u00e1poldat 3l. tuj\u00e1k, feny\u0151k, bor\u00f3k\u00e1k, rododendronok \u00e9s egy\u00e9b \u00f6r\u00f6kz\u00f6ld n\u00f6v\u00e9nyek speci\u00e1lis t\u00e1poldata,","robots":{"index":"index","follow":"follow","max-snippet":"max-snippet:-1","max-image-preview":"max-image-preview:large","max-video-preview":"max-video-preview:-1"},"canonical":"https:\/\/tajkertesz.com\/en_US\/product\/classic-fenyo-es-orokzold-tapoldat-3l\/","og_locale":"en_US","og_type":"article","og_title":"Classic Feny\u0151 \u00e9s \u00d6r\u00f6kz\u00f6ld t\u00e1poldat 3l - T\u00e1jkert\u00e9sz","og_description":"Classic Feny\u0151 \u00e9s \u00d6r\u00f6kz\u00f6ld t\u00e1poldat 3l. tuj\u00e1k, feny\u0151k, bor\u00f3k\u00e1k, rododendronok \u00e9s egy\u00e9b \u00f6r\u00f6kz\u00f6ld n\u00f6v\u00e9nyek speci\u00e1lis t\u00e1poldata,","og_url":"https:\/\/tajkertesz.com\/en_US\/product\/classic-fenyo-es-orokzold-tapoldat-3l\/","og_site_name":"T\u00e1jkert\u00e9sz","article_publisher":"https:\/\/www.facebook.com\/Tajkertesz\/","article_modified_time":"2026-01-14T12:34:28+00:00","og_image":[{"width":500,"height":500,"url":"https:\/\/tajkertesz.com\/wp-content\/uploads\/2025\/11\/Classic_orokzold_es_fenyo_tapoldat_3L.png.webp","type":"image\/webp"}],"twitter_card":"summary_large_image","twitter_misc":{"Est. reading time":"3 minutes"},"schema":{"@context":"https:\/\/schema.org","@graph":[{"@type":"WebPage","@id":"https:\/\/tajkertesz.com\/termek\/classic-fenyo-es-orokzold-tapoldat-3l\/","url":"https:\/\/tajkertesz.com\/termek\/classic-fenyo-es-orokzold-tapoldat-3l\/","name":"Classic Feny\u0151 \u00e9s \u00d6r\u00f6kz\u00f6ld t\u00e1poldat 3l - T\u00e1jkert\u00e9sz","isPartOf":{"@id":"https:\/\/tajkertesz.com\/#website"},"primaryImageOfPage":{"@id":"https:\/\/tajkertesz.com\/termek\/classic-fenyo-es-orokzold-tapoldat-3l\/#primaryimage"},"image":{"@id":"https:\/\/tajkertesz.com\/termek\/classic-fenyo-es-orokzold-tapoldat-3l\/#primaryimage"},"thumbnailUrl":"https:\/\/tajkertesz.com\/wp-content\/uploads\/2025\/11\/Classic_orokzold_es_fenyo_tapoldat_3L.png.webp","datePublished":"2025-11-17T13:23:35+00:00","dateModified":"2026-01-14T12:34:28+00:00","description":"Classic Feny\u0151 \u00e9s \u00d6r\u00f6kz\u00f6ld t\u00e1poldat 3l. tuj\u00e1k, feny\u0151k, bor\u00f3k\u00e1k, rododendronok \u00e9s egy\u00e9b \u00f6r\u00f6kz\u00f6ld n\u00f6v\u00e9nyek speci\u00e1lis t\u00e1poldata,","breadcrumb":{"@id":"https:\/\/tajkertesz.com\/termek\/classic-fenyo-es-orokzold-tapoldat-3l\/#breadcrumb"},"inLanguage":"en-US","potentialAction":[{"@type":"ReadAction","target":["https:\/\/tajkertesz.com\/termek\/classic-fenyo-es-orokzold-tapoldat-3l\/"]}]},{"@type":"ImageObject","inLanguage":"en-US","@id":"https:\/\/tajkertesz.com\/termek\/classic-fenyo-es-orokzold-tapoldat-3l\/#primaryimage","url":"https:\/\/tajkertesz.com\/wp-content\/uploads\/2025\/11\/Classic_orokzold_es_fenyo_tapoldat_3L.png.webp","contentUrl":"https:\/\/tajkertesz.com\/wp-content\/uploads\/2025\/11\/Classic_orokzold_es_fenyo_tapoldat_3L.png.webp","width":500,"height":500,"caption":"Classic Feny\u0151 \u00e9s \u00d6r\u00f6kz\u00f6ld t\u00e1poldat 3l"},{"@type":"BreadcrumbList","@id":"https:\/\/tajkertesz.com\/termek\/classic-fenyo-es-orokzold-tapoldat-3l\/#breadcrumb","itemListElement":[{"@type":"ListItem","position":1,"name":"Home","item":"https:\/\/tajkertesz.com\/"},{"@type":"ListItem","position":2,"name":"Kezd\u0151lap","item":"https:\/\/tajkertesz.com\/"},{"@type":"ListItem","position":3,"name":"Classic Feny\u0151 \u00e9s \u00d6r\u00f6kz\u00f6ld t\u00e1poldat 3l"}]},{"@type":"WebSite","@id":"https:\/\/tajkertesz.com\/#website","url":"https:\/\/tajkertesz.com\/","name":"T\u00e1j-Kert\u00e9sz 84 Kft.","description":"Kert\u00e9szeti kis- \u00e9s nagykeresked\u00e9s, D\u00edszn\u00f6v\u00e9ny web\u00e1ruh\u00e1z orsz\u00e1gos h\u00e1zhozsz\u00e1ll\u00edt\u00e1ssal!","publisher":{"@id":"https:\/\/tajkertesz.com\/#organization"},"potentialAction":[{"@type":"SearchAction","target":{"@type":"EntryPoint","urlTemplate":"https:\/\/tajkertesz.com\/?s={search_term_string}"},"query-input":{"@type":"PropertyValueSpecification","valueRequired":true,"valueName":"search_term_string"}}],"inLanguage":"en-US"},{"@type":"Organization","@id":"https:\/\/tajkertesz.com\/#organization","name":"T\u00e1j-Kert\u00e9sz 84 Kft.","url":"https:\/\/tajkertesz.com\/","logo":{"@type":"ImageObject","inLanguage":"en-US","@id":"https:\/\/tajkertesz.com\/#\/schema\/logo\/image\/","url":"https:\/\/tajkertesz.com\/wp-content\/uploads\/2018\/02\/logo-2-e1518678052539.png","contentUrl":"https:\/\/tajkertesz.com\/wp-content\/uploads\/2018\/02\/logo-2-e1518678052539.png","width":81,"height":140,"caption":"T\u00e1j-Kert\u00e9sz 84 Kft."},"image":{"@id":"https:\/\/tajkertesz.com\/#\/schema\/logo\/image\/"},"sameAs":["https:\/\/www.facebook.com\/Tajkertesz\/"]}]}},"_links":{"self":[{"href":"https:\/\/tajkertesz.com\/en_US\/wp-json\/wp\/v2\/product\/25306","targetHints":{"allow":["GET"]}}],"collection":[{"href":"https:\/\/tajkertesz.com\/en_US\/wp-json\/wp\/v2\/product"}],"about":[{"href":"https:\/\/tajkertesz.com\/en_US\/wp-json\/wp\/v2\/types\/product"}],"wp:featuredmedia":[{"embeddable":true,"href":"https:\/\/tajkertesz.com\/en_US\/wp-json\/wp\/v2\/media\/25898"}],"wp:attachment":[{"href":"https:\/\/tajkertesz.com\/en_US\/wp-json\/wp\/v2\/media?parent=25306"}],"wp:term":[{"taxonomy":"product_brand","embeddable":true,"href":"https:\/\/tajkertesz.com\/en_US\/wp-json\/wp\/v2\/product_brand?post=25306"},{"taxonomy":"product_cat","embeddable":true,"href":"https:\/\/tajkertesz.com\/en_US\/wp-json\/wp\/v2\/product_cat?post=25306"},{"taxonomy":"product_tag","embeddable":true,"href":"https:\/\/tajkertesz.com\/en_US\/wp-json\/wp\/v2\/product_tag?post=25306"}],"curies":[{"name":"wp","href":"https:\/\/api.w.org\/{rel}","templated":true}]}}