{"id":2533,"date":"2020-11-05T09:06:17","date_gmt":"2020-11-05T09:06:17","guid":{"rendered":"https:\/\/tajkertesz.com\/?post_type=product&#038;p=2533"},"modified":"2026-02-22T10:23:47","modified_gmt":"2026-02-22T10:23:47","slug":"diospyros-kaki-choccolatino-datolyaszilva","status":"publish","type":"product","link":"https:\/\/tajkertesz.com\/en_US\/product\/diospyros-kaki-choccolatino-datolyaszilva\/","title":{"rendered":"Diospyros kaki &#8216;Choccolatino&#8217; , Datolyaszilva"},"content":{"rendered":"<p>Diospyros kaki &#8216;Choccolatino&#8217; , Datolyaszilva<br \/>\nLegfeljebb 15 m magas, lombhullat\u00f3, g\u00f6mb\u00f6ly\u0171, laza koron\u00e1j\u00fa, egy- vagy k\u00e9tlaki fa. Levelei sz\u00f3rt \u00e1ll\u00e1s\u00faak, b\u0151rszer\u0171ek. A lev\u00e9l sz\u00edne f\u00e9nyes s\u00f6t\u00e9tz\u00f6ld, fon\u00e1kj\u00e1n ez\u00fcst\u00f6s barna, lombhull\u00e1s el\u0151tt s\u00e1rg\u00e1ra vagy narancsv\u00f6r\u00f6sre sz\u00ednez\u0151dik. 2-3 cm-es vir\u00e1gai egyes\u00e9vel, ny\u00e1r elej\u00e9n ny\u00edlnak. \u00dcde, t\u00e1panyagban gazdag talajt ig\u00e9nyel.<\/p>\n<p>Kisebb gy\u00fcm\u00f6lcs\u00f6t terem, csersavat nem tartalmaz, \u00edgy k\u00f6zvetlen\u00fcl a f\u00e1r\u00f3l is fogyaszthat\u00f3 , nem kell ut\u00f3\u00e9rlelni, nagyon \u00e9des. Sz\u00edne s\u00e1rg\u00e1s narancss\u00e1rga, \u00e9retten kiss\u00e9 bronzos. A f\u00e1ja is kisebb n\u00f6veked\u00e9s\u0171 mint a Tiponak. B\u0151s\u00e9ges h\u00edm vir\u00e1gok; \u00e1tlagos n\u0151i vir\u00e1gok sz\u00e1ma, korai \u00e9r\u00e9s\u0171.<\/p>\n<h4><strong><span style=\"color: #333333;\">Egy\u00e9b nevei:\u00a0<i>sharonfruit, hurma, k\u00e1k\u00f3, persimon, kakiszilva<\/i>.<\/span><\/strong><\/h4>\n<p>Jelen term\u00e9k\u00fcnk 30literes kont\u00e9nerben kaphat\u00f3\u00a0 \u00e9s kb:200\/250 magas, 6\/8 t\u00f6rzsk\u00f6rm\u00e9ret.<\/p>\n<p style=\"line-height: 18.0pt; background: white; margin: 0cm 0cm 15.0pt 0cm;\">\n<p style=\"line-height: 18.0pt; background: white; margin: 0cm 0cm 15.0pt 0cm;\"><b><span style=\"font-family: 'Ubuntu',serif; color: black;\">K\u00e9szlet\u00fcnk napi szinten v\u00e1ltozik, ez\u00e9rt k\u00e9rj\u00fck, \u00e9rdekl\u0151dj\u00f6n szem\u00e9lyesen, telefonon vagy email-en.<br \/>\nA v\u00e1ltoztat\u00e1s jog\u00e1t fenntartjuk!\u00a0<\/span><\/b><\/p>\n<p><a href=\"https:\/\/tajkertesz.com\/\">https:\/\/tajkertesz.com\/<\/a><\/p>\n<p><a href=\"https:\/\/hu.wikipedia.org\/wiki\/Datolyaszilva\">https:\/\/hu.wikipedia.org\/wiki\/Datolyaszilva<\/a><\/p>\n<h6><span style=\"color: #333333;\">Term\u00e9se cs\u00fcng\u0151, sz\u00e9les-g\u00f6mb\u00f6lyded bogy\u00f3, kb. 8 cm nagys\u00e1g\u00fa, mindk\u00e9t v\u00e9g\u00e9n bem\u00e9lyedt \u00e9s gyakran enyh\u00e9n n\u00e9gysz\u00f6glet\u0171. A megnagyobbodott, sz\u00e9les, 4 cimp\u00e1j\u00fa cs\u00e9szelevelei megmaradnak a term\u00e9s alapi r\u00e9sz\u00e9n. A term\u00e9sh\u00e9j v\u00e9kony, sima, f\u00e9nyes, meg\u00e9rve s\u00e1rga, narancssz\u00edn\u0171 vagy v\u00f6r\u00f6s. A l\u00e9d\u00fas, kezdetben szil\u00e1rd, \u00e9retten l\u00e1gy, s\u00e1rga, narancssz\u00edn\u0171 vagy v\u00f6r\u00f6sesbarna term\u00e9sh\u00fas a teljes \u00e9retts\u00e9g el\u0151tt nyersen \u00e9lvezhetetlen, keser\u0171, er\u0151sen csersavas \u00e9s \u00f6sszeh\u00faz\u00f3 hat\u00e1s\u00fa. \u00c9rett, l\u00e1gy \u00e1llapotban a csersav m\u00e1r r\u00e9szben vagy teljesen elt\u0171nik; a bogy\u00f3 \u00e9des \u00edz\u0171v\u00e9 \u00e9s zamatoss\u00e1 v\u00e1lik. Sok fajt\u00e1ja steril (magn\u00e9lk\u00fcli), a term\u00e9keny bogy\u00f3ban 4-8 hossz\u00fa, toj\u00e1s alak\u00fa, egyik oldal\u00e1n lap\u00edtott, 2 cm-es barna mag van.<\/span><\/h6>","protected":false},"excerpt":{"rendered":"<p>Legfeljebb 15 m magas, lombhullat\u00f3, g\u00f6mb\u00f6ly\u0171, laza koron\u00e1j\u00fa, egy- vagy k\u00e9tlaki fa. Levelei sz\u00f3rt \u00e1ll\u00e1s\u00faak, b\u0151rszer\u0171ek. A lev\u00e9l sz\u00edne f\u00e9nyes s\u00f6t\u00e9tz\u00f6ld, fon\u00e1kj\u00e1n ez\u00fcst\u00f6s barna, lombhull\u00e1s el\u0151tt s\u00e1rg\u00e1ra vagy narancsv\u00f6r\u00f6sre sz\u00ednez\u0151dik. 2-3 cm-es vir\u00e1gai egyes\u00e9vel, ny\u00e1r elej\u00e9n ny\u00edlnak. \u00dcde, t\u00e1panyagban gazdag talajt ig\u00e9nyel.<\/p>","protected":false},"featured_media":2534,"template":"","meta":{"_et_pb_use_builder":"","_et_pb_old_content":"","_et_gb_content_width":""},"product_brand":[],"product_cat":[29],"product_tag":[898,894,896,897,3999],"class_list":{"0":"post-2533","1":"product","2":"type-product","3":"status-publish","4":"has-post-thumbnail","6":"product_cat-gyumolcsfak-gyumolcstermo-novenyek","7":"product_tag-choccolatino","8":"product_tag-datolyaszilva","9":"product_tag-diospyros","10":"product_tag-kaki","11":"product_tag-kaki-szilva","13":"first","14":"instock","15":"shipping-taxable","16":"purchasable","17":"product-type-simple"},"yoast_head":"<!-- This site is optimized with the Yoast SEO plugin v27.3 - https:\/\/yoast.com\/product\/yoast-seo-wordpress\/ -->\n<title>Diospyros kaki &#039;Choccolatino&#039; , Datolyaszilva - T\u00e1jkert\u00e9sz<\/title>\n<meta name=\"description\" content=\"A Diospyros kaki , Choccolatino , Datolyaszilva a Tipo fajt\u00e1n\u00e1l kisebb gy\u00fcm\u00f6lcs\u00f6t terem. Sz\u00edne s\u00e1rg\u00e1s narancss\u00e1rga, \u00e9retten kiss\u00e9 bronzos.\" \/>\n<meta name=\"robots\" content=\"index, follow, max-snippet:-1, max-image-preview:large, max-video-preview:-1\" \/>\n<link rel=\"canonical\" href=\"https:\/\/tajkertesz.com\/en_US\/product\/diospyros-kaki-choccolatino-datolyaszilva\/\" \/>\n<meta property=\"og:locale\" content=\"en_US\" \/>\n<meta property=\"og:type\" content=\"article\" \/>\n<meta property=\"og:title\" content=\"Diospyros kaki &#039;Choccolatino&#039; , Datolyaszilva - T\u00e1jkert\u00e9sz\" \/>\n<meta property=\"og:description\" content=\"A Diospyros kaki , Choccolatino , Datolyaszilva a Tipo fajt\u00e1n\u00e1l kisebb gy\u00fcm\u00f6lcs\u00f6t terem. Sz\u00edne s\u00e1rg\u00e1s narancss\u00e1rga, \u00e9retten kiss\u00e9 bronzos.\" \/>\n<meta property=\"og:url\" content=\"https:\/\/tajkertesz.com\/en_US\/product\/diospyros-kaki-choccolatino-datolyaszilva\/\" \/>\n<meta property=\"og:site_name\" content=\"T\u00e1jkert\u00e9sz\" \/>\n<meta property=\"article:publisher\" content=\"https:\/\/www.facebook.com\/Tajkertesz\/\" \/>\n<meta property=\"article:modified_time\" content=\"2026-02-22T10:23:47+00:00\" \/>\n<meta property=\"og:image\" content=\"https:\/\/tajkertesz.com\/wp-content\/uploads\/2020\/11\/DiospyroskakiCioccolatino.jpg\" \/>\n\t<meta property=\"og:image:width\" content=\"220\" \/>\n\t<meta property=\"og:image:height\" content=\"220\" \/>\n\t<meta property=\"og:image:type\" content=\"image\/jpeg\" \/>\n<meta name=\"twitter:card\" content=\"summary_large_image\" \/>\n<meta name=\"twitter:label1\" content=\"Est. reading time\" \/>\n\t<meta name=\"twitter:data1\" content=\"2 minutes\" \/>\n<script type=\"application\/ld+json\" class=\"yoast-schema-graph\">{\"@context\":\"https:\\\/\\\/schema.org\",\"@graph\":[{\"@type\":\"WebPage\",\"@id\":\"https:\\\/\\\/tajkertesz.com\\\/termek\\\/diospyros-kaki-choccolatino-datolyaszilva\\\/\",\"url\":\"https:\\\/\\\/tajkertesz.com\\\/termek\\\/diospyros-kaki-choccolatino-datolyaszilva\\\/\",\"name\":\"Diospyros kaki 'Choccolatino' , Datolyaszilva - T\u00e1jkert\u00e9sz\",\"isPartOf\":{\"@id\":\"https:\\\/\\\/tajkertesz.com\\\/#website\"},\"primaryImageOfPage\":{\"@id\":\"https:\\\/\\\/tajkertesz.com\\\/termek\\\/diospyros-kaki-choccolatino-datolyaszilva\\\/#primaryimage\"},\"image\":{\"@id\":\"https:\\\/\\\/tajkertesz.com\\\/termek\\\/diospyros-kaki-choccolatino-datolyaszilva\\\/#primaryimage\"},\"thumbnailUrl\":\"https:\\\/\\\/tajkertesz.com\\\/wp-content\\\/uploads\\\/2020\\\/11\\\/DiospyroskakiCioccolatino.jpg\",\"datePublished\":\"2020-11-05T09:06:17+00:00\",\"dateModified\":\"2026-02-22T10:23:47+00:00\",\"description\":\"A Diospyros kaki , Choccolatino , Datolyaszilva a Tipo fajt\u00e1n\u00e1l kisebb gy\u00fcm\u00f6lcs\u00f6t terem. Sz\u00edne s\u00e1rg\u00e1s narancss\u00e1rga, \u00e9retten kiss\u00e9 bronzos.\",\"breadcrumb\":{\"@id\":\"https:\\\/\\\/tajkertesz.com\\\/termek\\\/diospyros-kaki-choccolatino-datolyaszilva\\\/#breadcrumb\"},\"inLanguage\":\"en-US\",\"potentialAction\":[{\"@type\":\"ReadAction\",\"target\":[\"https:\\\/\\\/tajkertesz.com\\\/termek\\\/diospyros-kaki-choccolatino-datolyaszilva\\\/\"]}]},{\"@type\":\"ImageObject\",\"inLanguage\":\"en-US\",\"@id\":\"https:\\\/\\\/tajkertesz.com\\\/termek\\\/diospyros-kaki-choccolatino-datolyaszilva\\\/#primaryimage\",\"url\":\"https:\\\/\\\/tajkertesz.com\\\/wp-content\\\/uploads\\\/2020\\\/11\\\/DiospyroskakiCioccolatino.jpg\",\"contentUrl\":\"https:\\\/\\\/tajkertesz.com\\\/wp-content\\\/uploads\\\/2020\\\/11\\\/DiospyroskakiCioccolatino.jpg\",\"width\":220,\"height\":220,\"caption\":\"Diospyros kaki 'Choccolatino' - Datolyaszilva\"},{\"@type\":\"BreadcrumbList\",\"@id\":\"https:\\\/\\\/tajkertesz.com\\\/termek\\\/diospyros-kaki-choccolatino-datolyaszilva\\\/#breadcrumb\",\"itemListElement\":[{\"@type\":\"ListItem\",\"position\":1,\"name\":\"Home\",\"item\":\"https:\\\/\\\/tajkertesz.com\\\/\"},{\"@type\":\"ListItem\",\"position\":2,\"name\":\"Kezd\u0151lap\",\"item\":\"https:\\\/\\\/tajkertesz.com\\\/\"},{\"@type\":\"ListItem\",\"position\":3,\"name\":\"Diospyros kaki &#8216;Choccolatino&#8217; , Datolyaszilva\"}]},{\"@type\":\"WebSite\",\"@id\":\"https:\\\/\\\/tajkertesz.com\\\/#website\",\"url\":\"https:\\\/\\\/tajkertesz.com\\\/\",\"name\":\"T\u00e1j-Kert\u00e9sz 84 Kft.\",\"description\":\"Kert\u00e9szeti kis- \u00e9s nagykeresked\u00e9s, D\u00edszn\u00f6v\u00e9ny web\u00e1ruh\u00e1z orsz\u00e1gos h\u00e1zhozsz\u00e1ll\u00edt\u00e1ssal!\",\"publisher\":{\"@id\":\"https:\\\/\\\/tajkertesz.com\\\/#organization\"},\"potentialAction\":[{\"@type\":\"SearchAction\",\"target\":{\"@type\":\"EntryPoint\",\"urlTemplate\":\"https:\\\/\\\/tajkertesz.com\\\/?s={search_term_string}\"},\"query-input\":{\"@type\":\"PropertyValueSpecification\",\"valueRequired\":true,\"valueName\":\"search_term_string\"}}],\"inLanguage\":\"en-US\"},{\"@type\":\"Organization\",\"@id\":\"https:\\\/\\\/tajkertesz.com\\\/#organization\",\"name\":\"T\u00e1j-Kert\u00e9sz 84 Kft.\",\"url\":\"https:\\\/\\\/tajkertesz.com\\\/\",\"logo\":{\"@type\":\"ImageObject\",\"inLanguage\":\"en-US\",\"@id\":\"https:\\\/\\\/tajkertesz.com\\\/#\\\/schema\\\/logo\\\/image\\\/\",\"url\":\"https:\\\/\\\/tajkertesz.com\\\/wp-content\\\/uploads\\\/2018\\\/02\\\/logo-2-e1518678052539.png\",\"contentUrl\":\"https:\\\/\\\/tajkertesz.com\\\/wp-content\\\/uploads\\\/2018\\\/02\\\/logo-2-e1518678052539.png\",\"width\":81,\"height\":140,\"caption\":\"T\u00e1j-Kert\u00e9sz 84 Kft.\"},\"image\":{\"@id\":\"https:\\\/\\\/tajkertesz.com\\\/#\\\/schema\\\/logo\\\/image\\\/\"},\"sameAs\":[\"https:\\\/\\\/www.facebook.com\\\/Tajkertesz\\\/\"]}]}<\/script>\n<!-- \/ Yoast SEO plugin. -->","yoast_head_json":{"title":"Diospyros kaki 'Choccolatino' , Datolyaszilva - T\u00e1jkert\u00e9sz","description":"A Diospyros kaki , Choccolatino , Datolyaszilva a Tipo fajt\u00e1n\u00e1l kisebb gy\u00fcm\u00f6lcs\u00f6t terem. Sz\u00edne s\u00e1rg\u00e1s narancss\u00e1rga, \u00e9retten kiss\u00e9 bronzos.","robots":{"index":"index","follow":"follow","max-snippet":"max-snippet:-1","max-image-preview":"max-image-preview:large","max-video-preview":"max-video-preview:-1"},"canonical":"https:\/\/tajkertesz.com\/en_US\/product\/diospyros-kaki-choccolatino-datolyaszilva\/","og_locale":"en_US","og_type":"article","og_title":"Diospyros kaki 'Choccolatino' , Datolyaszilva - T\u00e1jkert\u00e9sz","og_description":"A Diospyros kaki , Choccolatino , Datolyaszilva a Tipo fajt\u00e1n\u00e1l kisebb gy\u00fcm\u00f6lcs\u00f6t terem. Sz\u00edne s\u00e1rg\u00e1s narancss\u00e1rga, \u00e9retten kiss\u00e9 bronzos.","og_url":"https:\/\/tajkertesz.com\/en_US\/product\/diospyros-kaki-choccolatino-datolyaszilva\/","og_site_name":"T\u00e1jkert\u00e9sz","article_publisher":"https:\/\/www.facebook.com\/Tajkertesz\/","article_modified_time":"2026-02-22T10:23:47+00:00","og_image":[{"width":220,"height":220,"url":"https:\/\/tajkertesz.com\/wp-content\/uploads\/2020\/11\/DiospyroskakiCioccolatino.jpg","type":"image\/jpeg"}],"twitter_card":"summary_large_image","twitter_misc":{"Est. reading time":"2 minutes"},"schema":{"@context":"https:\/\/schema.org","@graph":[{"@type":"WebPage","@id":"https:\/\/tajkertesz.com\/termek\/diospyros-kaki-choccolatino-datolyaszilva\/","url":"https:\/\/tajkertesz.com\/termek\/diospyros-kaki-choccolatino-datolyaszilva\/","name":"Diospyros kaki 'Choccolatino' , Datolyaszilva - T\u00e1jkert\u00e9sz","isPartOf":{"@id":"https:\/\/tajkertesz.com\/#website"},"primaryImageOfPage":{"@id":"https:\/\/tajkertesz.com\/termek\/diospyros-kaki-choccolatino-datolyaszilva\/#primaryimage"},"image":{"@id":"https:\/\/tajkertesz.com\/termek\/diospyros-kaki-choccolatino-datolyaszilva\/#primaryimage"},"thumbnailUrl":"https:\/\/tajkertesz.com\/wp-content\/uploads\/2020\/11\/DiospyroskakiCioccolatino.jpg","datePublished":"2020-11-05T09:06:17+00:00","dateModified":"2026-02-22T10:23:47+00:00","description":"A Diospyros kaki , Choccolatino , Datolyaszilva a Tipo fajt\u00e1n\u00e1l kisebb gy\u00fcm\u00f6lcs\u00f6t terem. Sz\u00edne s\u00e1rg\u00e1s narancss\u00e1rga, \u00e9retten kiss\u00e9 bronzos.","breadcrumb":{"@id":"https:\/\/tajkertesz.com\/termek\/diospyros-kaki-choccolatino-datolyaszilva\/#breadcrumb"},"inLanguage":"en-US","potentialAction":[{"@type":"ReadAction","target":["https:\/\/tajkertesz.com\/termek\/diospyros-kaki-choccolatino-datolyaszilva\/"]}]},{"@type":"ImageObject","inLanguage":"en-US","@id":"https:\/\/tajkertesz.com\/termek\/diospyros-kaki-choccolatino-datolyaszilva\/#primaryimage","url":"https:\/\/tajkertesz.com\/wp-content\/uploads\/2020\/11\/DiospyroskakiCioccolatino.jpg","contentUrl":"https:\/\/tajkertesz.com\/wp-content\/uploads\/2020\/11\/DiospyroskakiCioccolatino.jpg","width":220,"height":220,"caption":"Diospyros kaki 'Choccolatino' - Datolyaszilva"},{"@type":"BreadcrumbList","@id":"https:\/\/tajkertesz.com\/termek\/diospyros-kaki-choccolatino-datolyaszilva\/#breadcrumb","itemListElement":[{"@type":"ListItem","position":1,"name":"Home","item":"https:\/\/tajkertesz.com\/"},{"@type":"ListItem","position":2,"name":"Kezd\u0151lap","item":"https:\/\/tajkertesz.com\/"},{"@type":"ListItem","position":3,"name":"Diospyros kaki &#8216;Choccolatino&#8217; , Datolyaszilva"}]},{"@type":"WebSite","@id":"https:\/\/tajkertesz.com\/#website","url":"https:\/\/tajkertesz.com\/","name":"T\u00e1j-Kert\u00e9sz 84 Kft.","description":"Kert\u00e9szeti kis- \u00e9s nagykeresked\u00e9s, D\u00edszn\u00f6v\u00e9ny web\u00e1ruh\u00e1z orsz\u00e1gos h\u00e1zhozsz\u00e1ll\u00edt\u00e1ssal!","publisher":{"@id":"https:\/\/tajkertesz.com\/#organization"},"potentialAction":[{"@type":"SearchAction","target":{"@type":"EntryPoint","urlTemplate":"https:\/\/tajkertesz.com\/?s={search_term_string}"},"query-input":{"@type":"PropertyValueSpecification","valueRequired":true,"valueName":"search_term_string"}}],"inLanguage":"en-US"},{"@type":"Organization","@id":"https:\/\/tajkertesz.com\/#organization","name":"T\u00e1j-Kert\u00e9sz 84 Kft.","url":"https:\/\/tajkertesz.com\/","logo":{"@type":"ImageObject","inLanguage":"en-US","@id":"https:\/\/tajkertesz.com\/#\/schema\/logo\/image\/","url":"https:\/\/tajkertesz.com\/wp-content\/uploads\/2018\/02\/logo-2-e1518678052539.png","contentUrl":"https:\/\/tajkertesz.com\/wp-content\/uploads\/2018\/02\/logo-2-e1518678052539.png","width":81,"height":140,"caption":"T\u00e1j-Kert\u00e9sz 84 Kft."},"image":{"@id":"https:\/\/tajkertesz.com\/#\/schema\/logo\/image\/"},"sameAs":["https:\/\/www.facebook.com\/Tajkertesz\/"]}]}},"_links":{"self":[{"href":"https:\/\/tajkertesz.com\/en_US\/wp-json\/wp\/v2\/product\/2533","targetHints":{"allow":["GET"]}}],"collection":[{"href":"https:\/\/tajkertesz.com\/en_US\/wp-json\/wp\/v2\/product"}],"about":[{"href":"https:\/\/tajkertesz.com\/en_US\/wp-json\/wp\/v2\/types\/product"}],"wp:featuredmedia":[{"embeddable":true,"href":"https:\/\/tajkertesz.com\/en_US\/wp-json\/wp\/v2\/media\/2534"}],"wp:attachment":[{"href":"https:\/\/tajkertesz.com\/en_US\/wp-json\/wp\/v2\/media?parent=2533"}],"wp:term":[{"taxonomy":"product_brand","embeddable":true,"href":"https:\/\/tajkertesz.com\/en_US\/wp-json\/wp\/v2\/product_brand?post=2533"},{"taxonomy":"product_cat","embeddable":true,"href":"https:\/\/tajkertesz.com\/en_US\/wp-json\/wp\/v2\/product_cat?post=2533"},{"taxonomy":"product_tag","embeddable":true,"href":"https:\/\/tajkertesz.com\/en_US\/wp-json\/wp\/v2\/product_tag?post=2533"}],"curies":[{"name":"wp","href":"https:\/\/api.w.org\/{rel}","templated":true}]}}