{"id":25355,"date":"2025-11-22T14:07:29","date_gmt":"2025-11-22T14:07:29","guid":{"rendered":"https:\/\/tajkertesz.com\/?post_type=product&#038;p=25355"},"modified":"2025-11-22T14:07:35","modified_gmt":"2025-11-22T14:07:35","slug":"viburnum-burkwoodii-tavaszi-bangita","status":"publish","type":"product","link":"https:\/\/tajkertesz.com\/en_US\/product\/viburnum-burkwoodii-tavaszi-bangita\/","title":{"rendered":"Viburnum burkwoodii &#8211; Tavaszi bangita"},"content":{"rendered":"<h1>Viburnum burkwoodii &#8211; Tavaszi bangita<\/h1>\n<p>A Viburnum burkwoodii &#8211; Tavaszi bangita<\/p>\n<p data-start=\"601\" data-end=\"913\">egy k\u00f6zepes m\u00e9ret\u0171, f\u00e9l\u00f6r\u00f6kz\u00f6ld cserje, amely k\u00fcl\u00f6n\u00f6sen kedvelt intenz\u00edv illat\u00fa, feh\u00e9r vir\u00e1gai miatt. Tavasszal ny\u00edl\u00f3, t\u00f6m\u00f6tt, g\u00f6mb alak\u00fa vir\u00e1gzat\u00e1t \u0151sszel piros term\u00e9sek k\u00f6vetik. A n\u00f6v\u00e9ny ig\u00e9nytelen, j\u00f3l t\u0171ri a hideget, \u00e9s mind szoliterk\u00e9nt, mind csoportosan \u00fcltetve rendk\u00edv\u00fcl mutat\u00f3s.<\/p>\n<h4 data-start=\"915\" data-end=\"936\"><strong data-start=\"919\" data-end=\"936\">Tulajdons\u00e1gok<\/strong><\/h4>\n<ul data-start=\"937\" data-end=\"1284\">\n<li data-start=\"937\" data-end=\"981\">\n<p data-start=\"939\" data-end=\"981\"><strong data-start=\"939\" data-end=\"949\">M\u00e9ret:<\/strong> 1,5\u20132,5 m magas, 1\u20132 m sz\u00e9les<\/p>\n<\/li>\n<li data-start=\"982\" data-end=\"1022\">\n<p data-start=\"984\" data-end=\"1022\"><strong data-start=\"984\" data-end=\"997\">Vir\u00e1gz\u00e1s:<\/strong> Tavasz (\u00e1prilis\u2013m\u00e1jus)<\/p>\n<\/li>\n<li data-start=\"1023\" data-end=\"1069\">\n<p data-start=\"1025\" data-end=\"1069\"><strong data-start=\"1025\" data-end=\"1039\">F\u00e9nyig\u00e9ny:<\/strong> Napos vagy f\u00e9l\u00e1rny\u00e9kos hely<\/p>\n<\/li>\n<li data-start=\"1070\" data-end=\"1140\">\n<p data-start=\"1072\" data-end=\"1140\"><strong data-start=\"1072\" data-end=\"1082\">Talaj:<\/strong> J\u00f3 v\u00edzelvezet\u00e9s\u0171, k\u00f6z\u00e9pk\u00f6t\u00f6tt, t\u00e1panyagban gazdag talaj<\/p>\n<\/li>\n<li data-start=\"1141\" data-end=\"1209\">\n<p data-start=\"1143\" data-end=\"1209\"><strong data-start=\"1143\" data-end=\"1156\">Gondoz\u00e1s:<\/strong> M\u00e9rs\u00e9kelt v\u00edzig\u00e9ny; sz\u00fcks\u00e9g eset\u00e9n alak\u00edt\u00f3 metsz\u00e9s<\/p>\n<\/li>\n<li data-start=\"1210\" data-end=\"1284\">\n<p data-start=\"1212\" data-end=\"1284\"><strong data-start=\"1212\" data-end=\"1227\">Hidegt\u0171r\u00e9s:<\/strong> Kiv\u00e1l\u00f3; t\u00e9len lev\u00e9lzete r\u00e9szben megmarad (f\u00e9l\u00f6r\u00f6kz\u00f6ld)<\/p>\n<\/li>\n<\/ul>\n<h4><strong>\ud83d\udd04 K\u00e9szletinform\u00e1ci\u00f3<\/strong><\/h4>\n<p><strong>K\u00e9szlet\u00fcnk napi szinten v\u00e1ltozik, \u00edgy a webshopban szerepl<\/strong><strong>\u0151<\/strong><strong>\u00a0term\u00e9kek el\u00e9rhet<\/strong><strong>\u0151<\/strong><strong>s\u00e9ge nem garant\u00e1lt.<br \/>\n\ud83d\udcde A megrendel\u00e9s el<\/strong><strong>\u0151<\/strong><strong>tt k\u00e9rj\u00fck, \u00e9rdekl<\/strong><strong>\u0151<\/strong><strong>dj\u00f6n szem\u00e9lyesen, telefonon vagy e-mailben!<\/strong><\/p>\n<h4><strong>\u27a1\ufe0f Kapcsolat:<\/strong><\/h4>\n<ul>\n<li><strong>Weboldal:\u00a0<\/strong><a href=\"https:\/\/tajkertesz.com\/\"><strong>tajkertesz.com<\/strong><\/a><\/li>\n<li><strong>Facebook:\u00a0<\/strong><a href=\"https:\/\/www.facebook.com\/tajkertesz\/\"><strong>facebook.com\/tajkertesz<\/strong><\/a><\/li>\n<li><strong>Telefonsz\u00e1m, e-mail: +36\/20-319-3770\u00a0<\/strong><a href=\"mailto:tajkerteszaruda@gmail.com\"><strong>tajkerteszaruda@gmail.com<\/strong><\/a><\/li>\n<\/ul>\n<h4><strong>\ud83d\ude9a Sz\u00e1ll\u00edt\u00e1si inform\u00e1ci\u00f3k<\/strong><\/h4>\n<p><strong>A megrendelt n\u00f6v\u00e9nyek kisz\u00e1ll\u00edt\u00e1sa az al\u00e1bbi felt\u00e9telek mellett t\u00f6rt\u00e9nik:<\/strong><\/p>\n<h4><strong>\ud83d\udce6 Fut\u00e1rszolg\u00e1latos sz\u00e1ll\u00edt\u00e1s<\/strong><\/h4>\n<ul>\n<li><strong>Maxim\u00e1lis m\u00e9ret: 200 cm (hossz\u00fas\u00e1g)<\/strong><\/li>\n<li><strong>Maxim\u00e1lis s\u00faly: 40 kg<\/strong><\/li>\n<li><strong>Az enn\u00e9l kisebb \u00e9s k\u00f6nnyebb csomagokat fut\u00e1rszolg\u00e1lattal k\u00e9zbes\u00edtj\u00fck a lehet<\/strong><strong>\u0151<\/strong><strong>\u00a0legbiztons\u00e1gosabb csomagol\u00e1sban.<\/strong><\/li>\n<\/ul>\n<h4><strong>\ud83d\udefb Szem\u00e9lyes \u00e1tv\u00e9tel<\/strong><\/h4>\n<ul>\n<li><strong>1173 Budapest, Bakancsos utca 7. sz\u00e1m alatt nyitvatart\u00e1si id<\/strong><strong>\u0151<\/strong><strong>ben szem\u00e9lyesen \u00e1tvehet<\/strong><strong>\u0151<\/strong><strong>\u00a0kert\u00e9szeti \u00e1rud\u00e1nkban.<\/strong><\/li>\n<li><strong>K\u00f6lts\u00e9ghat\u00e9kony megold\u00e1s nagyobb, t\u00f6r\u00e9kenyebb vagy t\u00falm\u00e9retes n\u00f6v\u00e9nyek eset\u00e9n.<\/strong><\/li>\n<\/ul>\n<h4><strong>\ud83d\udcde Nagy m\u00e9ret<\/strong><strong>\u0171<\/strong><strong>\u00a0vagy s\u00faly\u00fa n\u00f6v\u00e9nyek eset\u00e9n<\/strong><\/h4>\n<p><strong>Ha a term\u00e9k:<\/strong><\/p>\n<ul>\n<li><strong>meghaladja a 200 cm hossz\u00fas\u00e1got vagy<\/strong><\/li>\n<li><strong>meghaladja a 40 kg s\u00falyt,<\/strong><\/li>\n<\/ul>\n<p><strong>akkor szem\u00e9lyes \u00e1tv\u00e9tellel vagy egyedi, el<\/strong><strong>\u0151<\/strong><strong>re egyeztetett sz\u00e1ll\u00edt\u00e1si felt\u00e9telek mellett t\u00f6rt\u00e9nik.<br \/>\nK\u00e9rj\u00fck, ilyen esetben rendel\u00e9s el<\/strong><strong>\u0151<\/strong><strong>tt vegye fel vel\u00fcnk a kapcsolatot, hogy a lehet<\/strong><strong>\u0151<\/strong><strong>\u00a0legmegfelel<\/strong><strong>\u0151<\/strong><strong>bb sz\u00e1ll\u00edt\u00e1si megold\u00e1st k\u00edn\u00e1lhassuk.<\/strong><\/p>\n<p><strong>\ud83d\udd14 Fontos: A n\u00f6v\u00e9nyeket minden esetben igyeksz\u00fcnk gondosan, egyes\u00e9vel csomagolni, azonban a sz\u00e1ll\u00edt\u00e1s sor\u00e1n kisebb eszt\u00e9tikai s\u00e9r\u00fcl\u00e9sek el<\/strong><strong>\u0151<\/strong><strong>fordulhatnak (pl. lev\u00e9lhull\u00e1s). Ez nem min<\/strong><strong>\u0151<\/strong><strong>s\u00fcl hib\u00e1s teljes\u00edt\u00e9snek.<\/strong><\/p>\n<h4><strong>\ud83d\udcf7 Fontos tudni a k\u00e9pekr<\/strong><strong>\u0151<\/strong><strong>l<\/strong><\/h4>\n<p><strong>A webshopban szerepl<\/strong><strong>\u0151<\/strong><strong>\u00a0k\u00e9pek illusztr\u00e1ci\u00f3k, a n\u00f6v\u00e9nyek term\u00e9szet\u00fckn\u00e9l fogva egyediek, \u00edgy m\u00e9retben, alakban \u00e9s sz\u00ednben minim\u00e1lis elt\u00e9r\u00e9sek el<\/strong><strong>\u0151<\/strong><strong>fordulhatnak a k\u00e9pen l\u00e1that\u00f3 \u00e9s a val\u00f3s p\u00e9ld\u00e1nyok k\u00f6z\u00f6tt.<\/strong><\/p>\n<h4><strong>\ud83e\uddfe \u00c1rak \u00e9s el\u00e1ll\u00e1si jog<\/strong><\/h4>\n<ul>\n<li><strong>Az \u00e1rak egy darab\u00a0n\u00f6v\u00e9nyre vonatkoznak.<\/strong><\/li>\n<li><strong>\u00c9l<\/strong><strong>\u0151<\/strong><strong>\u00a0n\u00f6v\u00e9nyek rendel\u00e9se eset\u00e9n a 14 napos el\u00e1ll\u00e1s joga nem \u00e9rv\u00e9nyes\u00edthet<\/strong><strong>\u0151<\/strong><strong>, mivel azok romland\u00f3, biol\u00f3giailag \u00e9l<\/strong><strong>\u0151<\/strong><strong>\u00a0term\u00e9keknek min<\/strong><strong>\u0151<\/strong><strong>s\u00fclnek.<br \/>\n\ud83d\udd12 (17\/1999. (II. 5.) Korm. rendelet 5. \u00a7 c) pontja alapj\u00e1n)<\/strong><\/li>\n<\/ul>\n<h4><strong>\ud83d\udce6 K\u00e9zbes\u00edt\u00e9s ut\u00e1ni teend<\/strong><strong>\u0151<\/strong><strong>k<\/strong><\/h4>\n<p><strong>A k\u00e9zbes\u00edt\u00e9st k\u00f6vet<\/strong><strong>\u0151<\/strong><strong>en a csomagot azonnal bontsuk ki, \u00e9s a n\u00f6v\u00e9nyt helyezz\u00fck el megfelel<\/strong><strong>\u0151<\/strong><strong>\u00a0k\u00f6rnyezetben.<br \/>\nFontos: ha a n\u00f6v\u00e9ny nem r\u00e9szes\u00fcl megfelel<\/strong><strong>\u0151<\/strong><strong>\u00a0gondoz\u00e1sban \u00e9s ennek k\u00f6vetkezt\u00e9ben k\u00e1rosodik vagy elpusztul, felel<\/strong><strong>\u0151<\/strong><strong>ss\u00e9get nem tudunk v\u00e1llalni.<\/strong><\/p>","protected":false},"excerpt":{"rendered":"<p>A Viburnum burkwoodii, vagyis Burkwood bangita, egy illatos, f\u00e9l\u00f6r\u00f6kz\u00f6ld d\u00edszcserje, amely tavasszal feh\u00e9r, g\u00f6mb alak\u00fa vir\u00e1gzatot hoz. Er\u0151teljes n\u00f6veked\u00e9s\u0171, ellen\u00e1ll\u00f3 \u00e9s ig\u00e9nytelen, \u00edgy b\u00e1rmely kert eleg\u00e1ns d\u00edsze lehet.<\/p>\n<p>M\u00e9rete40\/60 cm magas, 3 literes kont\u00e9nerben.<\/p>","protected":false},"featured_media":25356,"template":"","meta":{"_et_pb_use_builder":"","_et_pb_old_content":"","_et_gb_content_width":""},"product_brand":[],"product_cat":[27],"product_tag":[7542,5849,7544,3614,7543,6537,7536,7538,7537,5945,5890,7541,5867],"class_list":{"0":"post-25355","1":"product","2":"type-product","3":"status-publish","4":"has-post-thumbnail","6":"product_cat-cserjek","7":"product_tag-burkwood-bangita","8":"product_tag-diszcserje","9":"product_tag-ellenallo-cserje","10":"product_tag-feher-virag","11":"product_tag-felorokzold-cserje","12":"product_tag-illatos-cserje","13":"product_tag-kert-noveny","14":"product_tag-konnyen-gondozhato","15":"product_tag-sovenycserje","16":"product_tag-szoliter-noveny","17":"product_tag-tavaszi-viragzas","18":"product_tag-viburnum-burkwoodii","19":"product_tag-viragzo-cserje","21":"first","22":"instock","23":"shipping-taxable","24":"purchasable","25":"product-type-simple"},"yoast_head":"<!-- This site is optimized with the Yoast SEO plugin v27.3 - https:\/\/yoast.com\/product\/yoast-seo-wordpress\/ -->\n<title>Viburnum burkwoodii - Tavaszi bangita - T\u00e1jkert\u00e9sz<\/title>\n<meta name=\"description\" content=\"Viburnum burkwoodii - Tavaszi bangita egy illatos, f\u00e9l\u00f6r\u00f6kz\u00f6ld d\u00edszcserje feh\u00e9r, g\u00f6mb alak\u00fa vir\u00e1gokkal. Ide\u00e1lis s\u00f6v\u00e9nynek vagy szoliter n\u00f6v\u00e9nyk\u00e9nt a kertbe.\" \/>\n<meta name=\"robots\" content=\"index, follow, max-snippet:-1, max-image-preview:large, max-video-preview:-1\" \/>\n<link rel=\"canonical\" href=\"https:\/\/tajkertesz.com\/en_US\/product\/viburnum-burkwoodii-tavaszi-bangita\/\" \/>\n<meta property=\"og:locale\" content=\"en_US\" \/>\n<meta property=\"og:type\" content=\"article\" \/>\n<meta property=\"og:title\" content=\"Viburnum burkwoodii - Tavaszi bangita - T\u00e1jkert\u00e9sz\" \/>\n<meta property=\"og:description\" content=\"Viburnum burkwoodii - Tavaszi bangita egy illatos, f\u00e9l\u00f6r\u00f6kz\u00f6ld d\u00edszcserje feh\u00e9r, g\u00f6mb alak\u00fa vir\u00e1gokkal. Ide\u00e1lis s\u00f6v\u00e9nynek vagy szoliter n\u00f6v\u00e9nyk\u00e9nt a kertbe.\" \/>\n<meta property=\"og:url\" content=\"https:\/\/tajkertesz.com\/en_US\/product\/viburnum-burkwoodii-tavaszi-bangita\/\" \/>\n<meta property=\"og:site_name\" content=\"T\u00e1jkert\u00e9sz\" \/>\n<meta property=\"article:publisher\" content=\"https:\/\/www.facebook.com\/Tajkertesz\/\" \/>\n<meta property=\"article:modified_time\" content=\"2025-11-22T14:07:35+00:00\" \/>\n<meta property=\"og:image\" content=\"https:\/\/tajkertesz.com\/wp-content\/uploads\/2025\/11\/R.jpg\" \/>\n\t<meta property=\"og:image:width\" content=\"668\" \/>\n\t<meta property=\"og:image:height\" content=\"599\" \/>\n\t<meta property=\"og:image:type\" content=\"image\/jpeg\" \/>\n<meta name=\"twitter:card\" content=\"summary_large_image\" \/>\n<meta name=\"twitter:label1\" content=\"Est. reading time\" \/>\n\t<meta name=\"twitter:data1\" content=\"3 minutes\" \/>\n<script type=\"application\/ld+json\" class=\"yoast-schema-graph\">{\"@context\":\"https:\\\/\\\/schema.org\",\"@graph\":[{\"@type\":\"WebPage\",\"@id\":\"https:\\\/\\\/tajkertesz.com\\\/termek\\\/viburnum-burkwoodii-tavaszi-bangita\\\/\",\"url\":\"https:\\\/\\\/tajkertesz.com\\\/termek\\\/viburnum-burkwoodii-tavaszi-bangita\\\/\",\"name\":\"Viburnum burkwoodii - Tavaszi bangita - T\u00e1jkert\u00e9sz\",\"isPartOf\":{\"@id\":\"https:\\\/\\\/tajkertesz.com\\\/#website\"},\"primaryImageOfPage\":{\"@id\":\"https:\\\/\\\/tajkertesz.com\\\/termek\\\/viburnum-burkwoodii-tavaszi-bangita\\\/#primaryimage\"},\"image\":{\"@id\":\"https:\\\/\\\/tajkertesz.com\\\/termek\\\/viburnum-burkwoodii-tavaszi-bangita\\\/#primaryimage\"},\"thumbnailUrl\":\"https:\\\/\\\/tajkertesz.com\\\/wp-content\\\/uploads\\\/2025\\\/11\\\/R.jpg\",\"datePublished\":\"2025-11-22T14:07:29+00:00\",\"dateModified\":\"2025-11-22T14:07:35+00:00\",\"description\":\"Viburnum burkwoodii - Tavaszi bangita egy illatos, f\u00e9l\u00f6r\u00f6kz\u00f6ld d\u00edszcserje feh\u00e9r, g\u00f6mb alak\u00fa vir\u00e1gokkal. Ide\u00e1lis s\u00f6v\u00e9nynek vagy szoliter n\u00f6v\u00e9nyk\u00e9nt a kertbe.\",\"breadcrumb\":{\"@id\":\"https:\\\/\\\/tajkertesz.com\\\/termek\\\/viburnum-burkwoodii-tavaszi-bangita\\\/#breadcrumb\"},\"inLanguage\":\"en-US\",\"potentialAction\":[{\"@type\":\"ReadAction\",\"target\":[\"https:\\\/\\\/tajkertesz.com\\\/termek\\\/viburnum-burkwoodii-tavaszi-bangita\\\/\"]}]},{\"@type\":\"ImageObject\",\"inLanguage\":\"en-US\",\"@id\":\"https:\\\/\\\/tajkertesz.com\\\/termek\\\/viburnum-burkwoodii-tavaszi-bangita\\\/#primaryimage\",\"url\":\"https:\\\/\\\/tajkertesz.com\\\/wp-content\\\/uploads\\\/2025\\\/11\\\/R.jpg\",\"contentUrl\":\"https:\\\/\\\/tajkertesz.com\\\/wp-content\\\/uploads\\\/2025\\\/11\\\/R.jpg\",\"width\":668,\"height\":599,\"caption\":\"Viburnum burkwoodii - Tavaszi bangita\"},{\"@type\":\"BreadcrumbList\",\"@id\":\"https:\\\/\\\/tajkertesz.com\\\/termek\\\/viburnum-burkwoodii-tavaszi-bangita\\\/#breadcrumb\",\"itemListElement\":[{\"@type\":\"ListItem\",\"position\":1,\"name\":\"Home\",\"item\":\"https:\\\/\\\/tajkertesz.com\\\/\"},{\"@type\":\"ListItem\",\"position\":2,\"name\":\"Kezd\u0151lap\",\"item\":\"https:\\\/\\\/tajkertesz.com\\\/\"},{\"@type\":\"ListItem\",\"position\":3,\"name\":\"Viburnum burkwoodii &#8211; Tavaszi bangita\"}]},{\"@type\":\"WebSite\",\"@id\":\"https:\\\/\\\/tajkertesz.com\\\/#website\",\"url\":\"https:\\\/\\\/tajkertesz.com\\\/\",\"name\":\"T\u00e1j-Kert\u00e9sz 84 Kft.\",\"description\":\"Kert\u00e9szeti kis- \u00e9s nagykeresked\u00e9s, D\u00edszn\u00f6v\u00e9ny web\u00e1ruh\u00e1z orsz\u00e1gos h\u00e1zhozsz\u00e1ll\u00edt\u00e1ssal!\",\"publisher\":{\"@id\":\"https:\\\/\\\/tajkertesz.com\\\/#organization\"},\"potentialAction\":[{\"@type\":\"SearchAction\",\"target\":{\"@type\":\"EntryPoint\",\"urlTemplate\":\"https:\\\/\\\/tajkertesz.com\\\/?s={search_term_string}\"},\"query-input\":{\"@type\":\"PropertyValueSpecification\",\"valueRequired\":true,\"valueName\":\"search_term_string\"}}],\"inLanguage\":\"en-US\"},{\"@type\":\"Organization\",\"@id\":\"https:\\\/\\\/tajkertesz.com\\\/#organization\",\"name\":\"T\u00e1j-Kert\u00e9sz 84 Kft.\",\"url\":\"https:\\\/\\\/tajkertesz.com\\\/\",\"logo\":{\"@type\":\"ImageObject\",\"inLanguage\":\"en-US\",\"@id\":\"https:\\\/\\\/tajkertesz.com\\\/#\\\/schema\\\/logo\\\/image\\\/\",\"url\":\"https:\\\/\\\/tajkertesz.com\\\/wp-content\\\/uploads\\\/2018\\\/02\\\/logo-2-e1518678052539.png\",\"contentUrl\":\"https:\\\/\\\/tajkertesz.com\\\/wp-content\\\/uploads\\\/2018\\\/02\\\/logo-2-e1518678052539.png\",\"width\":81,\"height\":140,\"caption\":\"T\u00e1j-Kert\u00e9sz 84 Kft.\"},\"image\":{\"@id\":\"https:\\\/\\\/tajkertesz.com\\\/#\\\/schema\\\/logo\\\/image\\\/\"},\"sameAs\":[\"https:\\\/\\\/www.facebook.com\\\/Tajkertesz\\\/\"]}]}<\/script>\n<!-- \/ Yoast SEO plugin. -->","yoast_head_json":{"title":"Viburnum burkwoodii - Tavaszi bangita - T\u00e1jkert\u00e9sz","description":"Viburnum burkwoodii - Tavaszi bangita egy illatos, f\u00e9l\u00f6r\u00f6kz\u00f6ld d\u00edszcserje feh\u00e9r, g\u00f6mb alak\u00fa vir\u00e1gokkal. Ide\u00e1lis s\u00f6v\u00e9nynek vagy szoliter n\u00f6v\u00e9nyk\u00e9nt a kertbe.","robots":{"index":"index","follow":"follow","max-snippet":"max-snippet:-1","max-image-preview":"max-image-preview:large","max-video-preview":"max-video-preview:-1"},"canonical":"https:\/\/tajkertesz.com\/en_US\/product\/viburnum-burkwoodii-tavaszi-bangita\/","og_locale":"en_US","og_type":"article","og_title":"Viburnum burkwoodii - Tavaszi bangita - T\u00e1jkert\u00e9sz","og_description":"Viburnum burkwoodii - Tavaszi bangita egy illatos, f\u00e9l\u00f6r\u00f6kz\u00f6ld d\u00edszcserje feh\u00e9r, g\u00f6mb alak\u00fa vir\u00e1gokkal. Ide\u00e1lis s\u00f6v\u00e9nynek vagy szoliter n\u00f6v\u00e9nyk\u00e9nt a kertbe.","og_url":"https:\/\/tajkertesz.com\/en_US\/product\/viburnum-burkwoodii-tavaszi-bangita\/","og_site_name":"T\u00e1jkert\u00e9sz","article_publisher":"https:\/\/www.facebook.com\/Tajkertesz\/","article_modified_time":"2025-11-22T14:07:35+00:00","og_image":[{"width":668,"height":599,"url":"https:\/\/tajkertesz.com\/wp-content\/uploads\/2025\/11\/R.jpg","type":"image\/jpeg"}],"twitter_card":"summary_large_image","twitter_misc":{"Est. reading time":"3 minutes"},"schema":{"@context":"https:\/\/schema.org","@graph":[{"@type":"WebPage","@id":"https:\/\/tajkertesz.com\/termek\/viburnum-burkwoodii-tavaszi-bangita\/","url":"https:\/\/tajkertesz.com\/termek\/viburnum-burkwoodii-tavaszi-bangita\/","name":"Viburnum burkwoodii - Tavaszi bangita - T\u00e1jkert\u00e9sz","isPartOf":{"@id":"https:\/\/tajkertesz.com\/#website"},"primaryImageOfPage":{"@id":"https:\/\/tajkertesz.com\/termek\/viburnum-burkwoodii-tavaszi-bangita\/#primaryimage"},"image":{"@id":"https:\/\/tajkertesz.com\/termek\/viburnum-burkwoodii-tavaszi-bangita\/#primaryimage"},"thumbnailUrl":"https:\/\/tajkertesz.com\/wp-content\/uploads\/2025\/11\/R.jpg","datePublished":"2025-11-22T14:07:29+00:00","dateModified":"2025-11-22T14:07:35+00:00","description":"Viburnum burkwoodii - Tavaszi bangita egy illatos, f\u00e9l\u00f6r\u00f6kz\u00f6ld d\u00edszcserje feh\u00e9r, g\u00f6mb alak\u00fa vir\u00e1gokkal. Ide\u00e1lis s\u00f6v\u00e9nynek vagy szoliter n\u00f6v\u00e9nyk\u00e9nt a kertbe.","breadcrumb":{"@id":"https:\/\/tajkertesz.com\/termek\/viburnum-burkwoodii-tavaszi-bangita\/#breadcrumb"},"inLanguage":"en-US","potentialAction":[{"@type":"ReadAction","target":["https:\/\/tajkertesz.com\/termek\/viburnum-burkwoodii-tavaszi-bangita\/"]}]},{"@type":"ImageObject","inLanguage":"en-US","@id":"https:\/\/tajkertesz.com\/termek\/viburnum-burkwoodii-tavaszi-bangita\/#primaryimage","url":"https:\/\/tajkertesz.com\/wp-content\/uploads\/2025\/11\/R.jpg","contentUrl":"https:\/\/tajkertesz.com\/wp-content\/uploads\/2025\/11\/R.jpg","width":668,"height":599,"caption":"Viburnum burkwoodii - Tavaszi bangita"},{"@type":"BreadcrumbList","@id":"https:\/\/tajkertesz.com\/termek\/viburnum-burkwoodii-tavaszi-bangita\/#breadcrumb","itemListElement":[{"@type":"ListItem","position":1,"name":"Home","item":"https:\/\/tajkertesz.com\/"},{"@type":"ListItem","position":2,"name":"Kezd\u0151lap","item":"https:\/\/tajkertesz.com\/"},{"@type":"ListItem","position":3,"name":"Viburnum burkwoodii &#8211; Tavaszi bangita"}]},{"@type":"WebSite","@id":"https:\/\/tajkertesz.com\/#website","url":"https:\/\/tajkertesz.com\/","name":"T\u00e1j-Kert\u00e9sz 84 Kft.","description":"Kert\u00e9szeti kis- \u00e9s nagykeresked\u00e9s, D\u00edszn\u00f6v\u00e9ny web\u00e1ruh\u00e1z orsz\u00e1gos h\u00e1zhozsz\u00e1ll\u00edt\u00e1ssal!","publisher":{"@id":"https:\/\/tajkertesz.com\/#organization"},"potentialAction":[{"@type":"SearchAction","target":{"@type":"EntryPoint","urlTemplate":"https:\/\/tajkertesz.com\/?s={search_term_string}"},"query-input":{"@type":"PropertyValueSpecification","valueRequired":true,"valueName":"search_term_string"}}],"inLanguage":"en-US"},{"@type":"Organization","@id":"https:\/\/tajkertesz.com\/#organization","name":"T\u00e1j-Kert\u00e9sz 84 Kft.","url":"https:\/\/tajkertesz.com\/","logo":{"@type":"ImageObject","inLanguage":"en-US","@id":"https:\/\/tajkertesz.com\/#\/schema\/logo\/image\/","url":"https:\/\/tajkertesz.com\/wp-content\/uploads\/2018\/02\/logo-2-e1518678052539.png","contentUrl":"https:\/\/tajkertesz.com\/wp-content\/uploads\/2018\/02\/logo-2-e1518678052539.png","width":81,"height":140,"caption":"T\u00e1j-Kert\u00e9sz 84 Kft."},"image":{"@id":"https:\/\/tajkertesz.com\/#\/schema\/logo\/image\/"},"sameAs":["https:\/\/www.facebook.com\/Tajkertesz\/"]}]}},"_links":{"self":[{"href":"https:\/\/tajkertesz.com\/en_US\/wp-json\/wp\/v2\/product\/25355","targetHints":{"allow":["GET"]}}],"collection":[{"href":"https:\/\/tajkertesz.com\/en_US\/wp-json\/wp\/v2\/product"}],"about":[{"href":"https:\/\/tajkertesz.com\/en_US\/wp-json\/wp\/v2\/types\/product"}],"wp:featuredmedia":[{"embeddable":true,"href":"https:\/\/tajkertesz.com\/en_US\/wp-json\/wp\/v2\/media\/25356"}],"wp:attachment":[{"href":"https:\/\/tajkertesz.com\/en_US\/wp-json\/wp\/v2\/media?parent=25355"}],"wp:term":[{"taxonomy":"product_brand","embeddable":true,"href":"https:\/\/tajkertesz.com\/en_US\/wp-json\/wp\/v2\/product_brand?post=25355"},{"taxonomy":"product_cat","embeddable":true,"href":"https:\/\/tajkertesz.com\/en_US\/wp-json\/wp\/v2\/product_cat?post=25355"},{"taxonomy":"product_tag","embeddable":true,"href":"https:\/\/tajkertesz.com\/en_US\/wp-json\/wp\/v2\/product_tag?post=25355"}],"curies":[{"name":"wp","href":"https:\/\/api.w.org\/{rel}","templated":true}]}}