{"id":25413,"date":"2025-11-28T08:20:05","date_gmt":"2025-11-28T08:20:05","guid":{"rendered":"https:\/\/tajkertesz.com\/?post_type=product&#038;p=25413"},"modified":"2025-12-01T08:01:45","modified_gmt":"2025-12-01T08:01:45","slug":"acer-rubrum-summerred-voros-juhar","status":"publish","type":"product","link":"https:\/\/tajkertesz.com\/en_US\/product\/acer-rubrum-summerred-voros-juhar\/","title":{"rendered":"Acer rubrum &#8216;Summerred&#8217; &#8211; V\u00f6r\u00f6s juhar"},"content":{"rendered":"<h1>Acer rubrum &#8216;Summerred&#8217; &#8211; V\u00f6r\u00f6s juhar<\/h1>\n<p data-start=\"750\" data-end=\"1157\">Az Acer rubrum &#8216;Summerred&#8217; &#8211; V\u00f6r\u00f6s juhar egy felt\u0171n\u0151 megjelen\u00e9s\u0171 d\u00edszfa, amely tavasszal a friss hajt\u00e1sai bord\u00f3 sz\u00edn\u0171ek, majd z\u00f6ldd\u00e9 sz\u00ednez\u0151dnek.\u00a0 A fajta k\u00fcl\u00f6nlegess\u00e9ge az intenz\u00edv <strong data-start=\"932\" data-end=\"957\">bord\u00f3-piros lev\u00e9l sz\u00ednez\u0151d\u00e9de \u0151sszel<\/strong>.<\/p>\n<h4 data-start=\"1159\" data-end=\"1178\">\u2b50 <strong data-start=\"1165\" data-end=\"1178\">Jellemz\u0151k<\/strong><\/h4>\n<ul data-start=\"1179\" data-end=\"1555\">\n<li data-start=\"1179\" data-end=\"1256\">\n<p data-start=\"1181\" data-end=\"1256\"><strong data-start=\"1181\" data-end=\"1194\">Magass\u00e1g:<\/strong> 8\u201312 m (id\u0151vel nagyobb is lehet kedvez\u0151 k\u00f6r\u00fclm\u00e9nyek k\u00f6z\u00f6tt)<\/p>\n<\/li>\n<li data-start=\"1257\" data-end=\"1314\">\n<p data-start=\"1259\" data-end=\"1314\"><strong data-start=\"1259\" data-end=\"1275\">Koronaforma:<\/strong> sz\u00e9les, ov\u00e1lis vagy enyh\u00e9n k\u00fap alak\u00fa<\/p>\n<\/li>\n<li data-start=\"1315\" data-end=\"1382\">\n<p data-start=\"1317\" data-end=\"1382\"><strong data-start=\"1317\" data-end=\"1327\">Lev\u00e9l:<\/strong> tavasszal bord\u00f3, ny\u00e1ron z\u00f6ld, \u0151sszel \u00e9l\u00e9nk skarl\u00e1tv\u00f6r\u00f6s<\/p>\n<\/li>\n<li data-start=\"1383\" data-end=\"1407\">\n<p data-start=\"1385\" data-end=\"1407\"><strong data-start=\"1385\" data-end=\"1399\">N\u00f6veked\u00e9s:<\/strong> gyors<\/p>\n<\/li>\n<li data-start=\"1408\" data-end=\"1454\">\n<p data-start=\"1410\" data-end=\"1454\"><strong data-start=\"1410\" data-end=\"1424\">F\u00e9nyig\u00e9ny:<\/strong> napos vagy f\u00e9l\u00e1rny\u00e9kos hely<\/p>\n<\/li>\n<li data-start=\"1455\" data-end=\"1518\">\n<p data-start=\"1457\" data-end=\"1518\"><strong data-start=\"1457\" data-end=\"1472\">Talajig\u00e9ny:<\/strong> enyh\u00e9n savany\u00fa, j\u00f3 v\u00edzelvezet\u00e9s\u0171, \u00fcde talaj<\/p>\n<\/li>\n<li data-start=\"1519\" data-end=\"1555\">\n<p data-start=\"1521\" data-end=\"1555\"><strong data-start=\"1521\" data-end=\"1536\">T\u00e9l\u00e1ll\u00f3s\u00e1g:<\/strong> kiv\u00e1l\u00f3, -25\u00b0C-ig<\/p>\n<\/li>\n<\/ul>\n<h4 data-start=\"1557\" data-end=\"1580\">\ud83c\udf31 <strong data-start=\"1564\" data-end=\"1580\">Felhaszn\u00e1l\u00e1s<\/strong><\/h4>\n<ul data-start=\"1581\" data-end=\"1722\">\n<li data-start=\"1581\" data-end=\"1614\">\n<p data-start=\"1583\" data-end=\"1614\">d\u00edszfa csal\u00e1di h\u00e1zak kertj\u00e9be<\/p>\n<\/li>\n<li data-start=\"1615\" data-end=\"1667\">\n<p data-start=\"1617\" data-end=\"1667\">modern, minimalista kert\u00e9p\u00edt\u00e9sben f\u00f3kuszpontk\u00e9nt<\/p>\n<\/li>\n<li data-start=\"1668\" data-end=\"1697\">\n<p data-start=\"1670\" data-end=\"1697\">utcafronti vagy el\u0151kertbe<\/p>\n<\/li>\n<li data-start=\"1698\" data-end=\"1722\">\n<p data-start=\"1700\" data-end=\"1722\">parkokba, k\u00f6zterekre<\/p>\n<\/li>\n<\/ul>\n<h4 data-start=\"1724\" data-end=\"1744\">\ud83c\udf27\ufe0f <strong data-start=\"1732\" data-end=\"1744\">Gondoz\u00e1s<\/strong><\/h4>\n<p data-start=\"1745\" data-end=\"1904\">Az Acer rubrum kedveli a rendszeres \u00f6nt\u00f6z\u00e9st, f\u0151leg fiatal kor\u00e1ban. T\u00e1panyagban gazdag talajban fejl\u0151dik a legszebben, metsz\u00e9st csak alak\u00edt\u00e1s c\u00e9lj\u00e1b\u00f3l ig\u00e9nyel.<\/p>\n<h4><strong>\ud83d\udd04 K\u00e9szletinform\u00e1ci\u00f3<\/strong><\/h4>\n<p><strong>K\u00e9szlet\u00fcnk napi szinten v\u00e1ltozik, \u00edgy a webshopban szerepl<\/strong><strong>\u0151<\/strong><strong>\u00a0term\u00e9kek el\u00e9rhet<\/strong><strong>\u0151<\/strong><strong>s\u00e9ge nem garant\u00e1lt.<br \/>\n\ud83d\udcde A megrendel\u00e9s el<\/strong><strong>\u0151<\/strong><strong>tt k\u00e9rj\u00fck, \u00e9rdekl<\/strong><strong>\u0151<\/strong><strong>dj\u00f6n szem\u00e9lyesen, telefonon vagy e-mailben!<\/strong><\/p>\n<h4><strong>\u27a1\ufe0f Kapcsolat:<\/strong><\/h4>\n<ul>\n<li><strong>Weboldal:\u00a0<\/strong><a href=\"https:\/\/tajkertesz.com\/\"><strong>tajkertesz.com<\/strong><\/a><\/li>\n<li><strong>Facebook:\u00a0<\/strong><a href=\"https:\/\/www.facebook.com\/tajkertesz\/\"><strong>facebook.com\/tajkertesz<\/strong><\/a><\/li>\n<li><strong>Telefonsz\u00e1m, e-mail: +36\/20-319-3770\u00a0<\/strong><a href=\"mailto:tajkerteszaruda@gmail.com\"><strong>tajkerteszaruda@gmail.com<\/strong><\/a><\/li>\n<\/ul>\n<h4><strong>\ud83d\ude9a Sz\u00e1ll\u00edt\u00e1si inform\u00e1ci\u00f3k<\/strong><\/h4>\n<p><strong>A megrendelt n\u00f6v\u00e9nyek kisz\u00e1ll\u00edt\u00e1sa az al\u00e1bbi felt\u00e9telek mellett t\u00f6rt\u00e9nik:<\/strong><\/p>\n<h4><strong>\ud83d\udce6 Fut\u00e1rszolg\u00e1latos sz\u00e1ll\u00edt\u00e1s<\/strong><\/h4>\n<ul>\n<li><strong>Maxim\u00e1lis m\u00e9ret: 200 cm (hossz\u00fas\u00e1g)<\/strong><\/li>\n<li><strong>Maxim\u00e1lis s\u00faly: 40 kg<\/strong><\/li>\n<li><strong>Az enn\u00e9l kisebb \u00e9s k\u00f6nnyebb csomagokat fut\u00e1rszolg\u00e1lattal k\u00e9zbes\u00edtj\u00fck a lehet<\/strong><strong>\u0151<\/strong><strong>\u00a0legbiztons\u00e1gosabb csomagol\u00e1sban.<\/strong><\/li>\n<\/ul>\n<h4><strong>\ud83d\udefb Szem\u00e9lyes \u00e1tv\u00e9tel<\/strong><\/h4>\n<ul>\n<li><strong>1173 Budapest, Bakancsos utca 7. sz\u00e1m alatt nyitvatart\u00e1si id<\/strong><strong>\u0151<\/strong><strong>ben szem\u00e9lyesen \u00e1tvehet<\/strong><strong>\u0151<\/strong><strong>\u00a0kert\u00e9szeti \u00e1rud\u00e1nkban.<\/strong><\/li>\n<li><strong>K\u00f6lts\u00e9ghat\u00e9kony megold\u00e1s nagyobb, t\u00f6r\u00e9kenyebb vagy t\u00falm\u00e9retes n\u00f6v\u00e9nyek eset\u00e9n.<\/strong><\/li>\n<\/ul>\n<h4><strong>\ud83d\udcde Nagy m\u00e9ret<\/strong><strong>\u0171<\/strong><strong>\u00a0vagy s\u00faly\u00fa n\u00f6v\u00e9nyek eset\u00e9n<\/strong><\/h4>\n<p><strong>Ha a term\u00e9k:<\/strong><\/p>\n<ul>\n<li><strong>meghaladja a 200 cm hossz\u00fas\u00e1got vagy<\/strong><\/li>\n<li><strong>meghaladja a 40 kg s\u00falyt,<\/strong><\/li>\n<\/ul>\n<p><strong>akkor szem\u00e9lyes \u00e1tv\u00e9tellel vagy egyedi, el<\/strong><strong>\u0151<\/strong><strong>re egyeztetett sz\u00e1ll\u00edt\u00e1si felt\u00e9telek mellett t\u00f6rt\u00e9nik.<br \/>\nK\u00e9rj\u00fck, ilyen esetben rendel\u00e9s el<\/strong><strong>\u0151<\/strong><strong>tt vegye fel vel\u00fcnk a kapcsolatot, hogy a lehet<\/strong><strong>\u0151<\/strong><strong>\u00a0legmegfelel<\/strong><strong>\u0151<\/strong><strong>bb sz\u00e1ll\u00edt\u00e1si megold\u00e1st k\u00edn\u00e1lhassuk.<\/strong><\/p>\n<p><strong>\ud83d\udd14 Fontos: A n\u00f6v\u00e9nyeket minden esetben igyeksz\u00fcnk gondosan, egyes\u00e9vel csomagolni, azonban a sz\u00e1ll\u00edt\u00e1s sor\u00e1n kisebb eszt\u00e9tikai s\u00e9r\u00fcl\u00e9sek el<\/strong><strong>\u0151<\/strong><strong>fordulhatnak (pl. lev\u00e9lhull\u00e1s). Ez nem min<\/strong><strong>\u0151<\/strong><strong>s\u00fcl hib\u00e1s teljes\u00edt\u00e9snek.<\/strong><\/p>\n<h4><strong>\ud83d\udcf7 Fontos tudni a k\u00e9pekr<\/strong><strong>\u0151<\/strong><strong>l<\/strong><\/h4>\n<p><strong>A webshopban szerepl<\/strong><strong>\u0151<\/strong><strong>\u00a0k\u00e9pek illusztr\u00e1ci\u00f3k, a n\u00f6v\u00e9nyek term\u00e9szet\u00fckn\u00e9l fogva egyediek, \u00edgy m\u00e9retben, alakban \u00e9s sz\u00ednben minim\u00e1lis elt\u00e9r\u00e9sek el<\/strong><strong>\u0151<\/strong><strong>fordulhatnak a k\u00e9pen l\u00e1that\u00f3 \u00e9s a val\u00f3s p\u00e9ld\u00e1nyok k\u00f6z\u00f6tt.<\/strong><\/p>\n<h4><strong>\ud83e\uddfe \u00c1rak \u00e9s el\u00e1ll\u00e1si jog<\/strong><\/h4>\n<ul>\n<li><strong>Az \u00e1rak egy darab\u00a0n\u00f6v\u00e9nyre vonatkoznak.<\/strong><\/li>\n<li><strong>\u00c9l<\/strong><strong>\u0151<\/strong><strong>\u00a0n\u00f6v\u00e9nyek rendel\u00e9se eset\u00e9n a 14 napos el\u00e1ll\u00e1s joga nem \u00e9rv\u00e9nyes\u00edthet<\/strong><strong>\u0151<\/strong><strong>, mivel azok romland\u00f3, biol\u00f3giailag \u00e9l<\/strong><strong>\u0151<\/strong><strong>\u00a0term\u00e9keknek min<\/strong><strong>\u0151<\/strong><strong>s\u00fclnek.<br \/>\n\ud83d\udd12 (17\/1999. (II. 5.) Korm. rendelet 5. \u00a7 c) pontja alapj\u00e1n)<\/strong><\/li>\n<\/ul>\n<h4><strong>\ud83d\udce6 K\u00e9zbes\u00edt\u00e9s ut\u00e1ni teend<\/strong><strong>\u0151<\/strong><strong>k<\/strong><\/h4>\n<p><strong>A k\u00e9zbes\u00edt\u00e9st k\u00f6vet<\/strong><strong>\u0151<\/strong><strong>en a csomagot azonnal bontsuk ki, \u00e9s a n\u00f6v\u00e9nyt helyezz\u00fck el megfelel<\/strong><strong>\u0151<\/strong><strong>\u00a0k\u00f6rnyezetben.<br \/>\nFontos: ha a n\u00f6v\u00e9ny nem r\u00e9szes\u00fcl megfelel<\/strong><strong>\u0151<\/strong><strong>\u00a0gondoz\u00e1sban \u00e9s ennek k\u00f6vetkezt\u00e9ben k\u00e1rosodik vagy elpusztul, felel<\/strong><strong>\u0151<\/strong><strong>ss\u00e9get nem tudunk v\u00e1llalni.<\/strong><\/p>","protected":false},"excerpt":{"rendered":"<p>Az <strong data-start=\"466\" data-end=\"494\">Acer rubrum \u2018Summerred\u2019<\/strong> egy k\u00fcl\u00f6nleges, gyors n\u00f6veked\u00e9s\u0171 v\u00f6r\u00f6s juhar, amely eg\u00e9sz ny\u00e1ron \u00e9l\u00e9nkpiros lombozat\u00e1val d\u00edsz\u00edti a kertet. Kiv\u00e1l\u00f3 v\u00e1laszt\u00e1s el\u0151kertekbe, parkokba \u00e9s modern kertekbe, ahol l\u00e1tv\u00e1nyos sz\u00ednfoltra van sz\u00fcks\u00e9g.<\/p>\n<p>M\u00e9rete: 80-100 cm magas, 3 literes kont\u00e9nerben.<\/p>","protected":false},"featured_media":25414,"template":"","meta":{"_et_pb_use_builder":"","_et_pb_old_content":"","_et_gb_content_width":""},"product_brand":[],"product_cat":[28],"product_tag":[7122,33,4564,5837,7578,7577,194],"class_list":{"0":"post-25413","1":"product","2":"type-product","3":"status-publish","4":"has-post-thumbnail","6":"product_cat-diszfak","7":"product_tag-acer-rubrum","8":"product_tag-diszfa","9":"product_tag-kerteszet","10":"product_tag-lombhullato-fa","11":"product_tag-piros-levelu-noveny","12":"product_tag-summer-red","13":"product_tag-voros-juhar","15":"first","16":"instock","17":"shipping-taxable","18":"purchasable","19":"product-type-simple"},"yoast_head":"<!-- This site is optimized with the Yoast SEO plugin v27.5 - https:\/\/yoast.com\/product\/yoast-seo-wordpress\/ -->\n<title>Acer rubrum &#039;Summerred&#039; - V\u00f6r\u00f6s juhar - T\u00e1jkert\u00e9sz<\/title>\n<meta name=\"description\" content=\"Acer rubrum &#039;Summerred&#039; - V\u00f6r\u00f6s juhar \u2013 eg\u00e9sz ny\u00e1ron piros lomb\u00fa d\u00edszfa. Gyors n\u00f6veked\u00e9s\u0171, l\u00e1tv\u00e1nyos d\u00edszfa kertekbe \u00e9s parkokba. V\u00e1s\u00e1rolja meg online!\" \/>\n<meta name=\"robots\" content=\"index, follow, max-snippet:-1, max-image-preview:large, max-video-preview:-1\" \/>\n<link rel=\"canonical\" href=\"https:\/\/tajkertesz.com\/en_US\/product\/acer-rubrum-summerred-voros-juhar\/\" \/>\n<meta property=\"og:locale\" content=\"en_US\" \/>\n<meta property=\"og:type\" content=\"article\" \/>\n<meta property=\"og:title\" content=\"Acer rubrum &#039;Summerred&#039; - V\u00f6r\u00f6s juhar - T\u00e1jkert\u00e9sz\" \/>\n<meta property=\"og:description\" content=\"Acer rubrum &#039;Summerred&#039; - V\u00f6r\u00f6s juhar \u2013 eg\u00e9sz ny\u00e1ron piros lomb\u00fa d\u00edszfa. Gyors n\u00f6veked\u00e9s\u0171, l\u00e1tv\u00e1nyos d\u00edszfa kertekbe \u00e9s parkokba. V\u00e1s\u00e1rolja meg online!\" \/>\n<meta property=\"og:url\" content=\"https:\/\/tajkertesz.com\/en_US\/product\/acer-rubrum-summerred-voros-juhar\/\" \/>\n<meta property=\"og:site_name\" content=\"T\u00e1jkert\u00e9sz\" \/>\n<meta property=\"article:publisher\" content=\"https:\/\/www.facebook.com\/Tajkertesz\/\" \/>\n<meta property=\"article:modified_time\" content=\"2025-12-01T08:01:45+00:00\" \/>\n<meta property=\"og:image\" content=\"https:\/\/tajkertesz.com\/wp-content\/uploads\/2025\/11\/Acer-rubrum-Summer-Red-.jpg\" \/>\n\t<meta property=\"og:image:width\" content=\"1819\" \/>\n\t<meta property=\"og:image:height\" content=\"1995\" \/>\n\t<meta property=\"og:image:type\" content=\"image\/jpeg\" \/>\n<meta name=\"twitter:card\" content=\"summary_large_image\" \/>\n<meta name=\"twitter:label1\" content=\"Est. reading time\" \/>\n\t<meta name=\"twitter:data1\" content=\"3 minutes\" \/>\n<script type=\"application\/ld+json\" class=\"yoast-schema-graph\">{\"@context\":\"https:\\\/\\\/schema.org\",\"@graph\":[{\"@type\":\"WebPage\",\"@id\":\"https:\\\/\\\/tajkertesz.com\\\/termek\\\/acer-rubrum-summerred-voros-juhar\\\/\",\"url\":\"https:\\\/\\\/tajkertesz.com\\\/termek\\\/acer-rubrum-summerred-voros-juhar\\\/\",\"name\":\"Acer rubrum 'Summerred' - V\u00f6r\u00f6s juhar - T\u00e1jkert\u00e9sz\",\"isPartOf\":{\"@id\":\"https:\\\/\\\/tajkertesz.com\\\/#website\"},\"primaryImageOfPage\":{\"@id\":\"https:\\\/\\\/tajkertesz.com\\\/termek\\\/acer-rubrum-summerred-voros-juhar\\\/#primaryimage\"},\"image\":{\"@id\":\"https:\\\/\\\/tajkertesz.com\\\/termek\\\/acer-rubrum-summerred-voros-juhar\\\/#primaryimage\"},\"thumbnailUrl\":\"https:\\\/\\\/tajkertesz.com\\\/wp-content\\\/uploads\\\/2025\\\/11\\\/Acer-rubrum-Summer-Red-.jpg\",\"datePublished\":\"2025-11-28T08:20:05+00:00\",\"dateModified\":\"2025-12-01T08:01:45+00:00\",\"description\":\"Acer rubrum 'Summerred' - V\u00f6r\u00f6s juhar \u2013 eg\u00e9sz ny\u00e1ron piros lomb\u00fa d\u00edszfa. Gyors n\u00f6veked\u00e9s\u0171, l\u00e1tv\u00e1nyos d\u00edszfa kertekbe \u00e9s parkokba. V\u00e1s\u00e1rolja meg online!\",\"breadcrumb\":{\"@id\":\"https:\\\/\\\/tajkertesz.com\\\/termek\\\/acer-rubrum-summerred-voros-juhar\\\/#breadcrumb\"},\"inLanguage\":\"en-US\",\"potentialAction\":[{\"@type\":\"ReadAction\",\"target\":[\"https:\\\/\\\/tajkertesz.com\\\/termek\\\/acer-rubrum-summerred-voros-juhar\\\/\"]}]},{\"@type\":\"ImageObject\",\"inLanguage\":\"en-US\",\"@id\":\"https:\\\/\\\/tajkertesz.com\\\/termek\\\/acer-rubrum-summerred-voros-juhar\\\/#primaryimage\",\"url\":\"https:\\\/\\\/tajkertesz.com\\\/wp-content\\\/uploads\\\/2025\\\/11\\\/Acer-rubrum-Summer-Red-.jpg\",\"contentUrl\":\"https:\\\/\\\/tajkertesz.com\\\/wp-content\\\/uploads\\\/2025\\\/11\\\/Acer-rubrum-Summer-Red-.jpg\",\"width\":1819,\"height\":1995,\"caption\":\"Acer rubrum 'Summerred' - V\u00f6r\u00f6s juhar\"},{\"@type\":\"BreadcrumbList\",\"@id\":\"https:\\\/\\\/tajkertesz.com\\\/termek\\\/acer-rubrum-summerred-voros-juhar\\\/#breadcrumb\",\"itemListElement\":[{\"@type\":\"ListItem\",\"position\":1,\"name\":\"Home\",\"item\":\"https:\\\/\\\/tajkertesz.com\\\/\"},{\"@type\":\"ListItem\",\"position\":2,\"name\":\"Kezd\u0151lap\",\"item\":\"https:\\\/\\\/tajkertesz.com\\\/\"},{\"@type\":\"ListItem\",\"position\":3,\"name\":\"Acer rubrum &#8216;Summerred&#8217; &#8211; V\u00f6r\u00f6s juhar\"}]},{\"@type\":\"WebSite\",\"@id\":\"https:\\\/\\\/tajkertesz.com\\\/#website\",\"url\":\"https:\\\/\\\/tajkertesz.com\\\/\",\"name\":\"T\u00e1j-Kert\u00e9sz 84 Kft.\",\"description\":\"Kert\u00e9szeti kis- \u00e9s nagykeresked\u00e9s, D\u00edszn\u00f6v\u00e9ny web\u00e1ruh\u00e1z orsz\u00e1gos h\u00e1zhozsz\u00e1ll\u00edt\u00e1ssal!\",\"publisher\":{\"@id\":\"https:\\\/\\\/tajkertesz.com\\\/#organization\"},\"potentialAction\":[{\"@type\":\"SearchAction\",\"target\":{\"@type\":\"EntryPoint\",\"urlTemplate\":\"https:\\\/\\\/tajkertesz.com\\\/?s={search_term_string}\"},\"query-input\":{\"@type\":\"PropertyValueSpecification\",\"valueRequired\":true,\"valueName\":\"search_term_string\"}}],\"inLanguage\":\"en-US\"},{\"@type\":\"Organization\",\"@id\":\"https:\\\/\\\/tajkertesz.com\\\/#organization\",\"name\":\"T\u00e1j-Kert\u00e9sz 84 Kft.\",\"url\":\"https:\\\/\\\/tajkertesz.com\\\/\",\"logo\":{\"@type\":\"ImageObject\",\"inLanguage\":\"en-US\",\"@id\":\"https:\\\/\\\/tajkertesz.com\\\/#\\\/schema\\\/logo\\\/image\\\/\",\"url\":\"https:\\\/\\\/tajkertesz.com\\\/wp-content\\\/uploads\\\/2018\\\/02\\\/logo-2-e1518678052539.png\",\"contentUrl\":\"https:\\\/\\\/tajkertesz.com\\\/wp-content\\\/uploads\\\/2018\\\/02\\\/logo-2-e1518678052539.png\",\"width\":81,\"height\":140,\"caption\":\"T\u00e1j-Kert\u00e9sz 84 Kft.\"},\"image\":{\"@id\":\"https:\\\/\\\/tajkertesz.com\\\/#\\\/schema\\\/logo\\\/image\\\/\"},\"sameAs\":[\"https:\\\/\\\/www.facebook.com\\\/Tajkertesz\\\/\"]}]}<\/script>\n<!-- \/ Yoast SEO plugin. -->","yoast_head_json":{"title":"Acer rubrum 'Summerred' - V\u00f6r\u00f6s juhar - T\u00e1jkert\u00e9sz","description":"Acer rubrum 'Summerred' - V\u00f6r\u00f6s juhar \u2013 eg\u00e9sz ny\u00e1ron piros lomb\u00fa d\u00edszfa. Gyors n\u00f6veked\u00e9s\u0171, l\u00e1tv\u00e1nyos d\u00edszfa kertekbe \u00e9s parkokba. V\u00e1s\u00e1rolja meg online!","robots":{"index":"index","follow":"follow","max-snippet":"max-snippet:-1","max-image-preview":"max-image-preview:large","max-video-preview":"max-video-preview:-1"},"canonical":"https:\/\/tajkertesz.com\/en_US\/product\/acer-rubrum-summerred-voros-juhar\/","og_locale":"en_US","og_type":"article","og_title":"Acer rubrum 'Summerred' - V\u00f6r\u00f6s juhar - T\u00e1jkert\u00e9sz","og_description":"Acer rubrum 'Summerred' - V\u00f6r\u00f6s juhar \u2013 eg\u00e9sz ny\u00e1ron piros lomb\u00fa d\u00edszfa. Gyors n\u00f6veked\u00e9s\u0171, l\u00e1tv\u00e1nyos d\u00edszfa kertekbe \u00e9s parkokba. V\u00e1s\u00e1rolja meg online!","og_url":"https:\/\/tajkertesz.com\/en_US\/product\/acer-rubrum-summerred-voros-juhar\/","og_site_name":"T\u00e1jkert\u00e9sz","article_publisher":"https:\/\/www.facebook.com\/Tajkertesz\/","article_modified_time":"2025-12-01T08:01:45+00:00","og_image":[{"width":1819,"height":1995,"url":"https:\/\/tajkertesz.com\/wp-content\/uploads\/2025\/11\/Acer-rubrum-Summer-Red-.jpg","type":"image\/jpeg"}],"twitter_card":"summary_large_image","twitter_misc":{"Est. reading time":"3 minutes"},"schema":{"@context":"https:\/\/schema.org","@graph":[{"@type":"WebPage","@id":"https:\/\/tajkertesz.com\/termek\/acer-rubrum-summerred-voros-juhar\/","url":"https:\/\/tajkertesz.com\/termek\/acer-rubrum-summerred-voros-juhar\/","name":"Acer rubrum 'Summerred' - V\u00f6r\u00f6s juhar - T\u00e1jkert\u00e9sz","isPartOf":{"@id":"https:\/\/tajkertesz.com\/#website"},"primaryImageOfPage":{"@id":"https:\/\/tajkertesz.com\/termek\/acer-rubrum-summerred-voros-juhar\/#primaryimage"},"image":{"@id":"https:\/\/tajkertesz.com\/termek\/acer-rubrum-summerred-voros-juhar\/#primaryimage"},"thumbnailUrl":"https:\/\/tajkertesz.com\/wp-content\/uploads\/2025\/11\/Acer-rubrum-Summer-Red-.jpg","datePublished":"2025-11-28T08:20:05+00:00","dateModified":"2025-12-01T08:01:45+00:00","description":"Acer rubrum 'Summerred' - V\u00f6r\u00f6s juhar \u2013 eg\u00e9sz ny\u00e1ron piros lomb\u00fa d\u00edszfa. Gyors n\u00f6veked\u00e9s\u0171, l\u00e1tv\u00e1nyos d\u00edszfa kertekbe \u00e9s parkokba. V\u00e1s\u00e1rolja meg online!","breadcrumb":{"@id":"https:\/\/tajkertesz.com\/termek\/acer-rubrum-summerred-voros-juhar\/#breadcrumb"},"inLanguage":"en-US","potentialAction":[{"@type":"ReadAction","target":["https:\/\/tajkertesz.com\/termek\/acer-rubrum-summerred-voros-juhar\/"]}]},{"@type":"ImageObject","inLanguage":"en-US","@id":"https:\/\/tajkertesz.com\/termek\/acer-rubrum-summerred-voros-juhar\/#primaryimage","url":"https:\/\/tajkertesz.com\/wp-content\/uploads\/2025\/11\/Acer-rubrum-Summer-Red-.jpg","contentUrl":"https:\/\/tajkertesz.com\/wp-content\/uploads\/2025\/11\/Acer-rubrum-Summer-Red-.jpg","width":1819,"height":1995,"caption":"Acer rubrum 'Summerred' - V\u00f6r\u00f6s juhar"},{"@type":"BreadcrumbList","@id":"https:\/\/tajkertesz.com\/termek\/acer-rubrum-summerred-voros-juhar\/#breadcrumb","itemListElement":[{"@type":"ListItem","position":1,"name":"Home","item":"https:\/\/tajkertesz.com\/"},{"@type":"ListItem","position":2,"name":"Kezd\u0151lap","item":"https:\/\/tajkertesz.com\/"},{"@type":"ListItem","position":3,"name":"Acer rubrum &#8216;Summerred&#8217; &#8211; V\u00f6r\u00f6s juhar"}]},{"@type":"WebSite","@id":"https:\/\/tajkertesz.com\/#website","url":"https:\/\/tajkertesz.com\/","name":"T\u00e1j-Kert\u00e9sz 84 Kft.","description":"Kert\u00e9szeti kis- \u00e9s nagykeresked\u00e9s, D\u00edszn\u00f6v\u00e9ny web\u00e1ruh\u00e1z orsz\u00e1gos h\u00e1zhozsz\u00e1ll\u00edt\u00e1ssal!","publisher":{"@id":"https:\/\/tajkertesz.com\/#organization"},"potentialAction":[{"@type":"SearchAction","target":{"@type":"EntryPoint","urlTemplate":"https:\/\/tajkertesz.com\/?s={search_term_string}"},"query-input":{"@type":"PropertyValueSpecification","valueRequired":true,"valueName":"search_term_string"}}],"inLanguage":"en-US"},{"@type":"Organization","@id":"https:\/\/tajkertesz.com\/#organization","name":"T\u00e1j-Kert\u00e9sz 84 Kft.","url":"https:\/\/tajkertesz.com\/","logo":{"@type":"ImageObject","inLanguage":"en-US","@id":"https:\/\/tajkertesz.com\/#\/schema\/logo\/image\/","url":"https:\/\/tajkertesz.com\/wp-content\/uploads\/2018\/02\/logo-2-e1518678052539.png","contentUrl":"https:\/\/tajkertesz.com\/wp-content\/uploads\/2018\/02\/logo-2-e1518678052539.png","width":81,"height":140,"caption":"T\u00e1j-Kert\u00e9sz 84 Kft."},"image":{"@id":"https:\/\/tajkertesz.com\/#\/schema\/logo\/image\/"},"sameAs":["https:\/\/www.facebook.com\/Tajkertesz\/"]}]}},"_links":{"self":[{"href":"https:\/\/tajkertesz.com\/en_US\/wp-json\/wp\/v2\/product\/25413","targetHints":{"allow":["GET"]}}],"collection":[{"href":"https:\/\/tajkertesz.com\/en_US\/wp-json\/wp\/v2\/product"}],"about":[{"href":"https:\/\/tajkertesz.com\/en_US\/wp-json\/wp\/v2\/types\/product"}],"wp:featuredmedia":[{"embeddable":true,"href":"https:\/\/tajkertesz.com\/en_US\/wp-json\/wp\/v2\/media\/25414"}],"wp:attachment":[{"href":"https:\/\/tajkertesz.com\/en_US\/wp-json\/wp\/v2\/media?parent=25413"}],"wp:term":[{"taxonomy":"product_brand","embeddable":true,"href":"https:\/\/tajkertesz.com\/en_US\/wp-json\/wp\/v2\/product_brand?post=25413"},{"taxonomy":"product_cat","embeddable":true,"href":"https:\/\/tajkertesz.com\/en_US\/wp-json\/wp\/v2\/product_cat?post=25413"},{"taxonomy":"product_tag","embeddable":true,"href":"https:\/\/tajkertesz.com\/en_US\/wp-json\/wp\/v2\/product_tag?post=25413"}],"curies":[{"name":"wp","href":"https:\/\/api.w.org\/{rel}","templated":true}]}}