{"id":25428,"date":"2025-11-29T10:29:51","date_gmt":"2025-11-29T10:29:51","guid":{"rendered":"https:\/\/tajkertesz.com\/?post_type=product&#038;p=25428"},"modified":"2025-11-29T10:29:58","modified_gmt":"2025-11-29T10:29:58","slug":"betula-utilis-jacquemontii-himalajai-nyir","status":"publish","type":"product","link":"https:\/\/tajkertesz.com\/en_US\/product\/betula-utilis-jacquemontii-himalajai-nyir\/","title":{"rendered":"Betula utilis &#8216;Jacquemontii&#8217; &#8211; Himal\u00e1jai ny\u00edr"},"content":{"rendered":"<h1>Betula utilis &#8216;Jacquemontii&#8217; &#8211; Himal\u00e1jai ny\u00edr<\/h1>\n<p data-start=\"564\" data-end=\"831\">A Betula utilis &#8216;Jacquemontii&#8217; &#8211; Himal\u00e1jai ny\u00edr k\u00fcl\u00f6n\u00f6sen n\u00e9pszer\u0171 a kert\u00e9p\u00edt\u0151k k\u00f6r\u00e9ben ragyog\u00f3, h\u00f3feh\u00e9r t\u00f6rzse \u00e9s finom, l\u00e9gies lombozata miatt. Egyike a legdekorat\u00edvabb ny\u00edrfajt\u00e1knak, amely szoliterk\u00e9nt \u00e9s \u00fcltetett csoportban is l\u00e1tv\u00e1nyos megjelen\u00e9st biztos\u00edt.<\/p>\n<h4 data-start=\"833\" data-end=\"855\"><strong data-start=\"837\" data-end=\"855\">F\u0151bb jellemz\u0151k<\/strong><\/h4>\n<ul data-start=\"856\" data-end=\"1268\">\n<li data-start=\"856\" data-end=\"902\">\n<p data-start=\"858\" data-end=\"902\"><strong data-start=\"858\" data-end=\"871\">Latinn\u00e9v:<\/strong> Betula utilis &#8216;Jacquemontii&#8217;<\/p>\n<\/li>\n<li data-start=\"903\" data-end=\"955\">\n<p data-start=\"905\" data-end=\"955\"><strong data-start=\"905\" data-end=\"920\">Magyar n\u00e9v:<\/strong> Himal\u00e1jai ny\u00edr \/ Jacquemont ny\u00edr<\/p>\n<\/li>\n<li data-start=\"956\" data-end=\"981\">\n<p data-start=\"958\" data-end=\"981\"><strong data-start=\"958\" data-end=\"971\">Magass\u00e1g:<\/strong> 12\u201315 m<\/p>\n<\/li>\n<li data-start=\"982\" data-end=\"1027\">\n<p data-start=\"984\" data-end=\"1027\"><strong data-start=\"984\" data-end=\"998\">N\u00f6veked\u00e9s:<\/strong> gyors, oszloposabb habitus<\/p>\n<\/li>\n<li data-start=\"1028\" data-end=\"1089\">\n<p data-start=\"1030\" data-end=\"1089\"><strong data-start=\"1030\" data-end=\"1040\">K\u00e9rge:<\/strong> az egyik <em data-start=\"1050\" data-end=\"1064\">legf\u00e9nyesebb<\/em>, <strong data-start=\"1066\" data-end=\"1077\">h\u00f3feh\u00e9r<\/strong> ny\u00edrk\u00e9reg<\/p>\n<\/li>\n<li data-start=\"1090\" data-end=\"1133\">\n<p data-start=\"1092\" data-end=\"1133\"><strong data-start=\"1092\" data-end=\"1101\">Lomb:<\/strong> friss z\u00f6ld, \u0151sszel aranys\u00e1rga<\/p>\n<\/li>\n<li data-start=\"1134\" data-end=\"1170\">\n<p data-start=\"1136\" data-end=\"1170\"><strong data-start=\"1136\" data-end=\"1150\">F\u00e9nyig\u00e9ny:<\/strong> napos\u2013f\u00e9l\u00e1rny\u00e9kos<\/p>\n<\/li>\n<li data-start=\"1171\" data-end=\"1208\">\n<p data-start=\"1173\" data-end=\"1208\"><strong data-start=\"1173\" data-end=\"1183\">Talaj:<\/strong> j\u00f3 v\u00edz\u00e1tereszt\u00e9s\u0171, \u00fcde<\/p>\n<\/li>\n<li data-start=\"1209\" data-end=\"1245\">\n<p data-start=\"1211\" data-end=\"1245\"><strong data-start=\"1211\" data-end=\"1225\">Fagyt\u0171r\u00e9s:<\/strong> kiv\u00e1l\u00f3, \u201325 \u00b0C-ig<\/p>\n<\/li>\n<li data-start=\"1246\" data-end=\"1268\">\n<p data-start=\"1248\" data-end=\"1268\"><strong data-start=\"1248\" data-end=\"1263\">V\u00e1rost\u0171r\u00e9s:<\/strong> j\u00f3<\/p>\n<\/li>\n<\/ul>\n<h4><strong>\ud83d\udd04 K\u00e9szletinform\u00e1ci\u00f3<\/strong><\/h4>\n<p><strong>K\u00e9szlet\u00fcnk napi szinten v\u00e1ltozik, \u00edgy a webshopban szerepl<\/strong><strong>\u0151<\/strong><strong>\u00a0term\u00e9kek el\u00e9rhet<\/strong><strong>\u0151<\/strong><strong>s\u00e9ge nem garant\u00e1lt.<br \/>\n\ud83d\udcde A megrendel\u00e9s el<\/strong><strong>\u0151<\/strong><strong>tt k\u00e9rj\u00fck, \u00e9rdekl<\/strong><strong>\u0151<\/strong><strong>dj\u00f6n szem\u00e9lyesen, telefonon vagy e-mailben!<\/strong><\/p>\n<h4><strong>\u27a1\ufe0f Kapcsolat:<\/strong><\/h4>\n<ul>\n<li><strong>Weboldal:\u00a0<\/strong><a href=\"https:\/\/tajkertesz.com\/\"><strong>tajkertesz.com<\/strong><\/a><\/li>\n<li><strong>Facebook:\u00a0<\/strong><a href=\"https:\/\/www.facebook.com\/tajkertesz\/\"><strong>facebook.com\/tajkertesz<\/strong><\/a><\/li>\n<li><strong>Telefonsz\u00e1m, e-mail: +36\/20-319-3770\u00a0<\/strong><a href=\"mailto:tajkerteszaruda@gmail.com\"><strong>tajkerteszaruda@gmail.com<\/strong><\/a><\/li>\n<\/ul>\n<h4><strong>\ud83d\ude9a Sz\u00e1ll\u00edt\u00e1si inform\u00e1ci\u00f3k<\/strong><\/h4>\n<p><strong>A megrendelt n\u00f6v\u00e9nyek kisz\u00e1ll\u00edt\u00e1sa az al\u00e1bbi felt\u00e9telek mellett t\u00f6rt\u00e9nik:<\/strong><\/p>\n<h4><strong>\ud83d\udce6 Fut\u00e1rszolg\u00e1latos sz\u00e1ll\u00edt\u00e1s<\/strong><\/h4>\n<ul>\n<li><strong>Maxim\u00e1lis m\u00e9ret: 200 cm (hossz\u00fas\u00e1g)<\/strong><\/li>\n<li><strong>Maxim\u00e1lis s\u00faly: 40 kg<\/strong><\/li>\n<li><strong>Az enn\u00e9l kisebb \u00e9s k\u00f6nnyebb csomagokat fut\u00e1rszolg\u00e1lattal k\u00e9zbes\u00edtj\u00fck a lehet<\/strong><strong>\u0151<\/strong><strong>\u00a0legbiztons\u00e1gosabb csomagol\u00e1sban.<\/strong><\/li>\n<\/ul>\n<h4><strong>\ud83d\udefb Szem\u00e9lyes \u00e1tv\u00e9tel<\/strong><\/h4>\n<ul>\n<li><strong>1173 Budapest, Bakancsos utca 7. sz\u00e1m alatt nyitvatart\u00e1si id<\/strong><strong>\u0151<\/strong><strong>ben szem\u00e9lyesen \u00e1tvehet<\/strong><strong>\u0151<\/strong><strong>\u00a0kert\u00e9szeti \u00e1rud\u00e1nkban.<\/strong><\/li>\n<li><strong>K\u00f6lts\u00e9ghat\u00e9kony megold\u00e1s nagyobb, t\u00f6r\u00e9kenyebb vagy t\u00falm\u00e9retes n\u00f6v\u00e9nyek eset\u00e9n.<\/strong><\/li>\n<\/ul>\n<h4><strong>\ud83d\udcde Nagy m\u00e9ret<\/strong><strong>\u0171<\/strong><strong>\u00a0vagy s\u00faly\u00fa n\u00f6v\u00e9nyek eset\u00e9n<\/strong><\/h4>\n<p><strong>Ha a term\u00e9k:<\/strong><\/p>\n<ul>\n<li><strong>meghaladja a 200 cm hossz\u00fas\u00e1got vagy<\/strong><\/li>\n<li><strong>meghaladja a 40 kg s\u00falyt,<\/strong><\/li>\n<\/ul>\n<p><strong>akkor szem\u00e9lyes \u00e1tv\u00e9tellel vagy egyedi, el<\/strong><strong>\u0151<\/strong><strong>re egyeztetett sz\u00e1ll\u00edt\u00e1si felt\u00e9telek mellett t\u00f6rt\u00e9nik.<br \/>\nK\u00e9rj\u00fck, ilyen esetben rendel\u00e9s el<\/strong><strong>\u0151<\/strong><strong>tt vegye fel vel\u00fcnk a kapcsolatot, hogy a lehet<\/strong><strong>\u0151<\/strong><strong>\u00a0legmegfelel<\/strong><strong>\u0151<\/strong><strong>bb sz\u00e1ll\u00edt\u00e1si megold\u00e1st k\u00edn\u00e1lhassuk.<\/strong><\/p>\n<p><strong>\ud83d\udd14 Fontos: A n\u00f6v\u00e9nyeket minden esetben igyeksz\u00fcnk gondosan, egyes\u00e9vel csomagolni, azonban a sz\u00e1ll\u00edt\u00e1s sor\u00e1n kisebb eszt\u00e9tikai s\u00e9r\u00fcl\u00e9sek el<\/strong><strong>\u0151<\/strong><strong>fordulhatnak (pl. lev\u00e9lhull\u00e1s). Ez nem min<\/strong><strong>\u0151<\/strong><strong>s\u00fcl hib\u00e1s teljes\u00edt\u00e9snek.<\/strong><\/p>\n<h4><strong>\ud83d\udcf7 Fontos tudni a k\u00e9pekr<\/strong><strong>\u0151<\/strong><strong>l<\/strong><\/h4>\n<p><strong>A webshopban szerepl<\/strong><strong>\u0151<\/strong><strong>\u00a0k\u00e9pek illusztr\u00e1ci\u00f3k, a n\u00f6v\u00e9nyek term\u00e9szet\u00fckn\u00e9l fogva egyediek, \u00edgy m\u00e9retben, alakban \u00e9s sz\u00ednben minim\u00e1lis elt\u00e9r\u00e9sek el<\/strong><strong>\u0151<\/strong><strong>fordulhatnak a k\u00e9pen l\u00e1that\u00f3 \u00e9s a val\u00f3s p\u00e9ld\u00e1nyok k\u00f6z\u00f6tt.<\/strong><\/p>\n<h4><strong>\ud83e\uddfe \u00c1rak \u00e9s el\u00e1ll\u00e1si jog<\/strong><\/h4>\n<ul>\n<li><strong>Az \u00e1rak egy darab\u00a0n\u00f6v\u00e9nyre vonatkoznak.<\/strong><\/li>\n<li><strong>\u00c9l<\/strong><strong>\u0151<\/strong><strong>\u00a0n\u00f6v\u00e9nyek rendel\u00e9se eset\u00e9n a 14 napos el\u00e1ll\u00e1s joga nem \u00e9rv\u00e9nyes\u00edthet<\/strong><strong>\u0151<\/strong><strong>, mivel azok romland\u00f3, biol\u00f3giailag \u00e9l<\/strong><strong>\u0151<\/strong><strong>\u00a0term\u00e9keknek min<\/strong><strong>\u0151<\/strong><strong>s\u00fclnek.<br \/>\n\ud83d\udd12 (17\/1999. (II. 5.) Korm. rendelet 5. \u00a7 c) pontja alapj\u00e1n)<\/strong><\/li>\n<\/ul>\n<h4><strong>\ud83d\udce6 K\u00e9zbes\u00edt\u00e9s ut\u00e1ni teend<\/strong><strong>\u0151<\/strong><strong>k<\/strong><\/h4>\n<p><strong>A k\u00e9zbes\u00edt\u00e9st k\u00f6vet<\/strong><strong>\u0151<\/strong><strong>en a csomagot azonnal bontsuk ki, \u00e9s a n\u00f6v\u00e9nyt helyezz\u00fck el megfelel<\/strong><strong>\u0151<\/strong><strong>\u00a0k\u00f6rnyezetben.<br \/>\nFontos: ha a n\u00f6v\u00e9ny nem r\u00e9szes\u00fcl megfelel<\/strong><strong>\u0151<\/strong><strong>\u00a0gondoz\u00e1sban \u00e9s ennek k\u00f6vetkezt\u00e9ben k\u00e1rosodik vagy elpusztul, felel<\/strong><strong>\u0151<\/strong><strong>ss\u00e9get nem tudunk v\u00e1llalni.<\/strong><\/p>","protected":false},"excerpt":{"rendered":"<p data-start=\"319\" data-end=\"516\">A <em data-start=\"321\" data-end=\"351\">Betula utilis \u2018Jacquemontii\u2019<\/em> az egyik legfeh\u00e9rebb k\u00e9rg\u0171 d\u00edszfa, k\u00fcl\u00f6nleges l\u00e1tv\u00e1nyt ny\u00fajt minden \u00e9vszakban. Gyors n\u00f6veked\u00e9s\u0171, rendk\u00edv\u00fcl t\u00e9l\u00e1ll\u00f3, modern \u00e9s klasszikus kertekbe egyar\u00e1nt aj\u00e1nlott.<\/p>\n<p data-start=\"319\" data-end=\"516\">M\u00e9rete: 200\/220 cm magas, 5 literes kont\u00e9nerben.<\/p>","protected":false},"featured_media":25429,"template":"","meta":{"_et_pb_use_builder":"","_et_pb_old_content":"","_et_gb_content_width":""},"product_brand":[],"product_cat":[28],"product_tag":[4056,7585,33,54,7588,6202,7587,7590,7589,4564,5837],"class_list":{"0":"post-25428","1":"product","2":"type-product","3":"status-publish","4":"has-post-thumbnail","6":"product_cat-diszfak","7":"product_tag-betula","8":"product_tag-betula-utilis","9":"product_tag-diszfa","10":"product_tag-disznoveny","11":"product_tag-feher-kergu-nyir","12":"product_tag-gyors-novekedesu-fa","13":"product_tag-himalajai-nyir","14":"product_tag-jacquemont-nyir","15":"product_tag-jacquemontii","16":"product_tag-kerteszet","17":"product_tag-lombhullato-fa","19":"first","20":"instock","21":"shipping-taxable","22":"purchasable","23":"product-type-simple"},"yoast_head":"<!-- This site is optimized with the Yoast SEO plugin v27.4 - https:\/\/yoast.com\/product\/yoast-seo-wordpress\/ -->\n<title>Betula utilis &#039;Jacquemontii&#039; - Himal\u00e1jai ny\u00edr - T\u00e1jkert\u00e9sz<\/title>\n<meta name=\"description\" content=\"Betula utilis var. jacquemontii - Himal\u00e1jai ny\u00edr a legfeh\u00e9rebb k\u00e9rg\u0171 himal\u00e1jai ny\u00edr. Gyors n\u00f6veked\u00e9s\u0171, t\u00e9l\u00e1ll\u00f3, l\u00e1tv\u00e1nyos d\u00edszfa modern kertekbe.\" \/>\n<meta name=\"robots\" content=\"index, follow, max-snippet:-1, max-image-preview:large, max-video-preview:-1\" \/>\n<link rel=\"canonical\" href=\"https:\/\/tajkertesz.com\/en_US\/product\/betula-utilis-jacquemontii-himalajai-nyir\/\" \/>\n<meta property=\"og:locale\" content=\"en_US\" \/>\n<meta property=\"og:type\" content=\"article\" \/>\n<meta property=\"og:title\" content=\"Betula utilis &#039;Jacquemontii&#039; - Himal\u00e1jai ny\u00edr - T\u00e1jkert\u00e9sz\" \/>\n<meta property=\"og:description\" content=\"Betula utilis var. jacquemontii - Himal\u00e1jai ny\u00edr a legfeh\u00e9rebb k\u00e9rg\u0171 himal\u00e1jai ny\u00edr. Gyors n\u00f6veked\u00e9s\u0171, t\u00e9l\u00e1ll\u00f3, l\u00e1tv\u00e1nyos d\u00edszfa modern kertekbe.\" \/>\n<meta property=\"og:url\" content=\"https:\/\/tajkertesz.com\/en_US\/product\/betula-utilis-jacquemontii-himalajai-nyir\/\" \/>\n<meta property=\"og:site_name\" content=\"T\u00e1jkert\u00e9sz\" \/>\n<meta property=\"article:publisher\" content=\"https:\/\/www.facebook.com\/Tajkertesz\/\" \/>\n<meta property=\"article:modified_time\" content=\"2025-11-29T10:29:58+00:00\" \/>\n<meta property=\"og:image\" content=\"https:\/\/tajkertesz.com\/wp-content\/uploads\/2025\/11\/betula_utilis_doorenbos_-_bildnr_198818-1-rotated.jpg\" \/>\n\t<meta property=\"og:image:width\" content=\"328\" \/>\n\t<meta property=\"og:image:height\" content=\"536\" \/>\n\t<meta property=\"og:image:type\" content=\"image\/jpeg\" \/>\n<meta name=\"twitter:card\" content=\"summary_large_image\" \/>\n<meta name=\"twitter:label1\" content=\"Est. reading time\" \/>\n\t<meta name=\"twitter:data1\" content=\"3 minutes\" \/>\n<script type=\"application\/ld+json\" class=\"yoast-schema-graph\">{\"@context\":\"https:\\\/\\\/schema.org\",\"@graph\":[{\"@type\":\"WebPage\",\"@id\":\"https:\\\/\\\/tajkertesz.com\\\/termek\\\/betula-utilis-jacquemontii-himalajai-nyir\\\/\",\"url\":\"https:\\\/\\\/tajkertesz.com\\\/termek\\\/betula-utilis-jacquemontii-himalajai-nyir\\\/\",\"name\":\"Betula utilis 'Jacquemontii' - Himal\u00e1jai ny\u00edr - T\u00e1jkert\u00e9sz\",\"isPartOf\":{\"@id\":\"https:\\\/\\\/tajkertesz.com\\\/#website\"},\"primaryImageOfPage\":{\"@id\":\"https:\\\/\\\/tajkertesz.com\\\/termek\\\/betula-utilis-jacquemontii-himalajai-nyir\\\/#primaryimage\"},\"image\":{\"@id\":\"https:\\\/\\\/tajkertesz.com\\\/termek\\\/betula-utilis-jacquemontii-himalajai-nyir\\\/#primaryimage\"},\"thumbnailUrl\":\"https:\\\/\\\/tajkertesz.com\\\/wp-content\\\/uploads\\\/2025\\\/11\\\/betula_utilis_doorenbos_-_bildnr_198818-1-rotated.jpg\",\"datePublished\":\"2025-11-29T10:29:51+00:00\",\"dateModified\":\"2025-11-29T10:29:58+00:00\",\"description\":\"Betula utilis var. jacquemontii - Himal\u00e1jai ny\u00edr a legfeh\u00e9rebb k\u00e9rg\u0171 himal\u00e1jai ny\u00edr. Gyors n\u00f6veked\u00e9s\u0171, t\u00e9l\u00e1ll\u00f3, l\u00e1tv\u00e1nyos d\u00edszfa modern kertekbe.\",\"breadcrumb\":{\"@id\":\"https:\\\/\\\/tajkertesz.com\\\/termek\\\/betula-utilis-jacquemontii-himalajai-nyir\\\/#breadcrumb\"},\"inLanguage\":\"en-US\",\"potentialAction\":[{\"@type\":\"ReadAction\",\"target\":[\"https:\\\/\\\/tajkertesz.com\\\/termek\\\/betula-utilis-jacquemontii-himalajai-nyir\\\/\"]}]},{\"@type\":\"ImageObject\",\"inLanguage\":\"en-US\",\"@id\":\"https:\\\/\\\/tajkertesz.com\\\/termek\\\/betula-utilis-jacquemontii-himalajai-nyir\\\/#primaryimage\",\"url\":\"https:\\\/\\\/tajkertesz.com\\\/wp-content\\\/uploads\\\/2025\\\/11\\\/betula_utilis_doorenbos_-_bildnr_198818-1-rotated.jpg\",\"contentUrl\":\"https:\\\/\\\/tajkertesz.com\\\/wp-content\\\/uploads\\\/2025\\\/11\\\/betula_utilis_doorenbos_-_bildnr_198818-1-rotated.jpg\",\"width\":328,\"height\":536,\"caption\":\"Betula utilis var. jacquemontii - Himal\u00e1jai ny\u00edr\"},{\"@type\":\"BreadcrumbList\",\"@id\":\"https:\\\/\\\/tajkertesz.com\\\/termek\\\/betula-utilis-jacquemontii-himalajai-nyir\\\/#breadcrumb\",\"itemListElement\":[{\"@type\":\"ListItem\",\"position\":1,\"name\":\"Home\",\"item\":\"https:\\\/\\\/tajkertesz.com\\\/\"},{\"@type\":\"ListItem\",\"position\":2,\"name\":\"Kezd\u0151lap\",\"item\":\"https:\\\/\\\/tajkertesz.com\\\/\"},{\"@type\":\"ListItem\",\"position\":3,\"name\":\"Betula utilis &#8216;Jacquemontii&#8217; &#8211; Himal\u00e1jai ny\u00edr\"}]},{\"@type\":\"WebSite\",\"@id\":\"https:\\\/\\\/tajkertesz.com\\\/#website\",\"url\":\"https:\\\/\\\/tajkertesz.com\\\/\",\"name\":\"T\u00e1j-Kert\u00e9sz 84 Kft.\",\"description\":\"Kert\u00e9szeti kis- \u00e9s nagykeresked\u00e9s, D\u00edszn\u00f6v\u00e9ny web\u00e1ruh\u00e1z orsz\u00e1gos h\u00e1zhozsz\u00e1ll\u00edt\u00e1ssal!\",\"publisher\":{\"@id\":\"https:\\\/\\\/tajkertesz.com\\\/#organization\"},\"potentialAction\":[{\"@type\":\"SearchAction\",\"target\":{\"@type\":\"EntryPoint\",\"urlTemplate\":\"https:\\\/\\\/tajkertesz.com\\\/?s={search_term_string}\"},\"query-input\":{\"@type\":\"PropertyValueSpecification\",\"valueRequired\":true,\"valueName\":\"search_term_string\"}}],\"inLanguage\":\"en-US\"},{\"@type\":\"Organization\",\"@id\":\"https:\\\/\\\/tajkertesz.com\\\/#organization\",\"name\":\"T\u00e1j-Kert\u00e9sz 84 Kft.\",\"url\":\"https:\\\/\\\/tajkertesz.com\\\/\",\"logo\":{\"@type\":\"ImageObject\",\"inLanguage\":\"en-US\",\"@id\":\"https:\\\/\\\/tajkertesz.com\\\/#\\\/schema\\\/logo\\\/image\\\/\",\"url\":\"https:\\\/\\\/tajkertesz.com\\\/wp-content\\\/uploads\\\/2018\\\/02\\\/logo-2-e1518678052539.png\",\"contentUrl\":\"https:\\\/\\\/tajkertesz.com\\\/wp-content\\\/uploads\\\/2018\\\/02\\\/logo-2-e1518678052539.png\",\"width\":81,\"height\":140,\"caption\":\"T\u00e1j-Kert\u00e9sz 84 Kft.\"},\"image\":{\"@id\":\"https:\\\/\\\/tajkertesz.com\\\/#\\\/schema\\\/logo\\\/image\\\/\"},\"sameAs\":[\"https:\\\/\\\/www.facebook.com\\\/Tajkertesz\\\/\"]}]}<\/script>\n<!-- \/ Yoast SEO plugin. -->","yoast_head_json":{"title":"Betula utilis 'Jacquemontii' - Himal\u00e1jai ny\u00edr - T\u00e1jkert\u00e9sz","description":"Betula utilis var. jacquemontii - Himal\u00e1jai ny\u00edr a legfeh\u00e9rebb k\u00e9rg\u0171 himal\u00e1jai ny\u00edr. Gyors n\u00f6veked\u00e9s\u0171, t\u00e9l\u00e1ll\u00f3, l\u00e1tv\u00e1nyos d\u00edszfa modern kertekbe.","robots":{"index":"index","follow":"follow","max-snippet":"max-snippet:-1","max-image-preview":"max-image-preview:large","max-video-preview":"max-video-preview:-1"},"canonical":"https:\/\/tajkertesz.com\/en_US\/product\/betula-utilis-jacquemontii-himalajai-nyir\/","og_locale":"en_US","og_type":"article","og_title":"Betula utilis 'Jacquemontii' - Himal\u00e1jai ny\u00edr - T\u00e1jkert\u00e9sz","og_description":"Betula utilis var. jacquemontii - Himal\u00e1jai ny\u00edr a legfeh\u00e9rebb k\u00e9rg\u0171 himal\u00e1jai ny\u00edr. Gyors n\u00f6veked\u00e9s\u0171, t\u00e9l\u00e1ll\u00f3, l\u00e1tv\u00e1nyos d\u00edszfa modern kertekbe.","og_url":"https:\/\/tajkertesz.com\/en_US\/product\/betula-utilis-jacquemontii-himalajai-nyir\/","og_site_name":"T\u00e1jkert\u00e9sz","article_publisher":"https:\/\/www.facebook.com\/Tajkertesz\/","article_modified_time":"2025-11-29T10:29:58+00:00","og_image":[{"width":328,"height":536,"url":"https:\/\/tajkertesz.com\/wp-content\/uploads\/2025\/11\/betula_utilis_doorenbos_-_bildnr_198818-1-rotated.jpg","type":"image\/jpeg"}],"twitter_card":"summary_large_image","twitter_misc":{"Est. reading time":"3 minutes"},"schema":{"@context":"https:\/\/schema.org","@graph":[{"@type":"WebPage","@id":"https:\/\/tajkertesz.com\/termek\/betula-utilis-jacquemontii-himalajai-nyir\/","url":"https:\/\/tajkertesz.com\/termek\/betula-utilis-jacquemontii-himalajai-nyir\/","name":"Betula utilis 'Jacquemontii' - Himal\u00e1jai ny\u00edr - T\u00e1jkert\u00e9sz","isPartOf":{"@id":"https:\/\/tajkertesz.com\/#website"},"primaryImageOfPage":{"@id":"https:\/\/tajkertesz.com\/termek\/betula-utilis-jacquemontii-himalajai-nyir\/#primaryimage"},"image":{"@id":"https:\/\/tajkertesz.com\/termek\/betula-utilis-jacquemontii-himalajai-nyir\/#primaryimage"},"thumbnailUrl":"https:\/\/tajkertesz.com\/wp-content\/uploads\/2025\/11\/betula_utilis_doorenbos_-_bildnr_198818-1-rotated.jpg","datePublished":"2025-11-29T10:29:51+00:00","dateModified":"2025-11-29T10:29:58+00:00","description":"Betula utilis var. jacquemontii - Himal\u00e1jai ny\u00edr a legfeh\u00e9rebb k\u00e9rg\u0171 himal\u00e1jai ny\u00edr. Gyors n\u00f6veked\u00e9s\u0171, t\u00e9l\u00e1ll\u00f3, l\u00e1tv\u00e1nyos d\u00edszfa modern kertekbe.","breadcrumb":{"@id":"https:\/\/tajkertesz.com\/termek\/betula-utilis-jacquemontii-himalajai-nyir\/#breadcrumb"},"inLanguage":"en-US","potentialAction":[{"@type":"ReadAction","target":["https:\/\/tajkertesz.com\/termek\/betula-utilis-jacquemontii-himalajai-nyir\/"]}]},{"@type":"ImageObject","inLanguage":"en-US","@id":"https:\/\/tajkertesz.com\/termek\/betula-utilis-jacquemontii-himalajai-nyir\/#primaryimage","url":"https:\/\/tajkertesz.com\/wp-content\/uploads\/2025\/11\/betula_utilis_doorenbos_-_bildnr_198818-1-rotated.jpg","contentUrl":"https:\/\/tajkertesz.com\/wp-content\/uploads\/2025\/11\/betula_utilis_doorenbos_-_bildnr_198818-1-rotated.jpg","width":328,"height":536,"caption":"Betula utilis var. jacquemontii - Himal\u00e1jai ny\u00edr"},{"@type":"BreadcrumbList","@id":"https:\/\/tajkertesz.com\/termek\/betula-utilis-jacquemontii-himalajai-nyir\/#breadcrumb","itemListElement":[{"@type":"ListItem","position":1,"name":"Home","item":"https:\/\/tajkertesz.com\/"},{"@type":"ListItem","position":2,"name":"Kezd\u0151lap","item":"https:\/\/tajkertesz.com\/"},{"@type":"ListItem","position":3,"name":"Betula utilis &#8216;Jacquemontii&#8217; &#8211; Himal\u00e1jai ny\u00edr"}]},{"@type":"WebSite","@id":"https:\/\/tajkertesz.com\/#website","url":"https:\/\/tajkertesz.com\/","name":"T\u00e1j-Kert\u00e9sz 84 Kft.","description":"Kert\u00e9szeti kis- \u00e9s nagykeresked\u00e9s, D\u00edszn\u00f6v\u00e9ny web\u00e1ruh\u00e1z orsz\u00e1gos h\u00e1zhozsz\u00e1ll\u00edt\u00e1ssal!","publisher":{"@id":"https:\/\/tajkertesz.com\/#organization"},"potentialAction":[{"@type":"SearchAction","target":{"@type":"EntryPoint","urlTemplate":"https:\/\/tajkertesz.com\/?s={search_term_string}"},"query-input":{"@type":"PropertyValueSpecification","valueRequired":true,"valueName":"search_term_string"}}],"inLanguage":"en-US"},{"@type":"Organization","@id":"https:\/\/tajkertesz.com\/#organization","name":"T\u00e1j-Kert\u00e9sz 84 Kft.","url":"https:\/\/tajkertesz.com\/","logo":{"@type":"ImageObject","inLanguage":"en-US","@id":"https:\/\/tajkertesz.com\/#\/schema\/logo\/image\/","url":"https:\/\/tajkertesz.com\/wp-content\/uploads\/2018\/02\/logo-2-e1518678052539.png","contentUrl":"https:\/\/tajkertesz.com\/wp-content\/uploads\/2018\/02\/logo-2-e1518678052539.png","width":81,"height":140,"caption":"T\u00e1j-Kert\u00e9sz 84 Kft."},"image":{"@id":"https:\/\/tajkertesz.com\/#\/schema\/logo\/image\/"},"sameAs":["https:\/\/www.facebook.com\/Tajkertesz\/"]}]}},"_links":{"self":[{"href":"https:\/\/tajkertesz.com\/en_US\/wp-json\/wp\/v2\/product\/25428","targetHints":{"allow":["GET"]}}],"collection":[{"href":"https:\/\/tajkertesz.com\/en_US\/wp-json\/wp\/v2\/product"}],"about":[{"href":"https:\/\/tajkertesz.com\/en_US\/wp-json\/wp\/v2\/types\/product"}],"wp:featuredmedia":[{"embeddable":true,"href":"https:\/\/tajkertesz.com\/en_US\/wp-json\/wp\/v2\/media\/25429"}],"wp:attachment":[{"href":"https:\/\/tajkertesz.com\/en_US\/wp-json\/wp\/v2\/media?parent=25428"}],"wp:term":[{"taxonomy":"product_brand","embeddable":true,"href":"https:\/\/tajkertesz.com\/en_US\/wp-json\/wp\/v2\/product_brand?post=25428"},{"taxonomy":"product_cat","embeddable":true,"href":"https:\/\/tajkertesz.com\/en_US\/wp-json\/wp\/v2\/product_cat?post=25428"},{"taxonomy":"product_tag","embeddable":true,"href":"https:\/\/tajkertesz.com\/en_US\/wp-json\/wp\/v2\/product_tag?post=25428"}],"curies":[{"name":"wp","href":"https:\/\/api.w.org\/{rel}","templated":true}]}}