{"id":25434,"date":"2025-11-29T13:10:50","date_gmt":"2025-11-29T13:10:50","guid":{"rendered":"https:\/\/tajkertesz.com\/?post_type=product&#038;p=25434"},"modified":"2026-03-15T07:23:36","modified_gmt":"2026-03-15T07:23:36","slug":"erica-darleyensis-orokzold-hanga","status":"publish","type":"product","link":"https:\/\/tajkertesz.com\/en_US\/product\/erica-darleyensis-orokzold-hanga\/","title":{"rendered":"Erica darleyensis &#8211; \u00d6r\u00f6kz\u00f6ld hanga"},"content":{"rendered":"<h1>Erica darleyensis &#8211; \u00d6r\u00f6kz\u00f6ld hanga<\/h1>\n<p data-start=\"650\" data-end=\"900\">Az Erica darleyensis &#8211; \u00d6r\u00f6kz\u00f6ld hanga a hangaf\u00e9l\u00e9k egyik legkedveltebb fajt\u00e1ja, mivel eg\u00e9sz \u00e9vben megtartja \u00fcde z\u00f6ld vagy bronzos lombozat\u00e1t, \u00e9s m\u00e1r a t\u00e9l v\u00e9g\u00e9n, kora tavasszal megjelennek apr\u00f3, cs\u00f6ves vir\u00e1gai. K\u00f6nnyen tarthat\u00f3, gyorsan terjed\u0151, h\u00e1l\u00e1s d\u00edszcserje.<\/p>\n<h4 data-start=\"902\" data-end=\"924\"><strong data-start=\"906\" data-end=\"924\">F\u0151bb jellemz\u0151k<\/strong><\/h4>\n<ul data-start=\"925\" data-end=\"1412\">\n<li data-start=\"925\" data-end=\"960\">\n<p data-start=\"927\" data-end=\"960\"><strong data-start=\"927\" data-end=\"940\">Latinn\u00e9v:<\/strong> Erica darleyensis<\/p>\n<\/li>\n<li data-start=\"961\" data-end=\"995\">\n<p data-start=\"963\" data-end=\"995\"><strong data-start=\"963\" data-end=\"978\">Magyar n\u00e9v:<\/strong> \u00d6r\u00f6kz\u00f6ld hanga<\/p>\n<\/li>\n<li data-start=\"996\" data-end=\"1022\">\n<p data-start=\"998\" data-end=\"1022\"><strong data-start=\"998\" data-end=\"1011\">Magass\u00e1g:<\/strong> 20\u201340 cm<\/p>\n<\/li>\n<li data-start=\"1023\" data-end=\"1060\">\n<p data-start=\"1025\" data-end=\"1060\"><strong data-start=\"1025\" data-end=\"1038\">Habitusa:<\/strong> p\u00e1rnaszer\u0171, terjed\u0151<\/p>\n<\/li>\n<li data-start=\"1061\" data-end=\"1098\">\n<p data-start=\"1063\" data-end=\"1098\"><strong data-start=\"1063\" data-end=\"1076\">Vir\u00e1gz\u00e1s:<\/strong> janu\u00e1rt\u00f3l \u00e1prilisig<\/p>\n<\/li>\n<li data-start=\"1099\" data-end=\"1161\">\n<p data-start=\"1101\" data-end=\"1161\"><strong data-start=\"1101\" data-end=\"1115\">Vir\u00e1gsz\u00edn:<\/strong> r\u00f3zsasz\u00edn, feh\u00e9r vagy lil\u00e1s (fajt\u00e1t\u00f3l f\u00fcgg)<\/p>\n<\/li>\n<li data-start=\"1162\" data-end=\"1222\">\n<p data-start=\"1164\" data-end=\"1222\"><strong data-start=\"1164\" data-end=\"1173\">Lomb:<\/strong> eg\u00e9sz \u00e9vben d\u00edsz\u00edt\u0151, t\u0171szer\u0171, \u00f6r\u00f6kz\u00f6ld levelek<\/p>\n<\/li>\n<li data-start=\"1223\" data-end=\"1259\">\n<p data-start=\"1225\" data-end=\"1259\"><strong data-start=\"1225\" data-end=\"1239\">F\u00e9nyig\u00e9ny:<\/strong> napos\u2013f\u00e9l\u00e1rny\u00e9kos<\/p>\n<\/li>\n<li data-start=\"1260\" data-end=\"1307\">\n<p data-start=\"1262\" data-end=\"1307\"><strong data-start=\"1262\" data-end=\"1272\">Talaj:<\/strong> savany\u00fa, laza, j\u00f3 v\u00edz\u00e1tereszt\u00e9s\u0171<\/p>\n<\/li>\n<li data-start=\"1308\" data-end=\"1333\">\n<p data-start=\"1310\" data-end=\"1333\"><strong data-start=\"1310\" data-end=\"1324\">Fagyt\u0171r\u00e9s:<\/strong> kiv\u00e1l\u00f3<\/p>\n<\/li>\n<li data-start=\"1334\" data-end=\"1412\">\n<p data-start=\"1336\" data-end=\"1412\"><strong data-start=\"1336\" data-end=\"1353\">Felhaszn\u00e1l\u00e1s:<\/strong> sziklakertek, s\u00edrd\u00edsz\u00edt\u00e9s, talajtakar\u00e1s, ed\u00e9nyes \u00fcltet\u00e9s<\/p>\n<\/li>\n<\/ul>\n<h4 data-start=\"1414\" data-end=\"1455\"><strong data-start=\"1418\" data-end=\"1455\">Mi\u00e9rt aj\u00e1nlott az \u00f6r\u00f6kz\u00f6ld hanga?<\/strong><\/h4>\n<ul data-start=\"1456\" data-end=\"1688\">\n<li data-start=\"1456\" data-end=\"1518\">\n<p data-start=\"1458\" data-end=\"1518\"><em data-start=\"1458\" data-end=\"1481\">Nagyon korai vir\u00e1gz\u00e1s<\/em>, amikor a legt\u00f6bb n\u00f6v\u00e9ny m\u00e9g pihen<\/p>\n<\/li>\n<li data-start=\"1519\" data-end=\"1550\">\n<p data-start=\"1521\" data-end=\"1550\">Minim\u00e1lis gondoz\u00e1st ig\u00e9nyel<\/p>\n<\/li>\n<li data-start=\"1551\" data-end=\"1594\">\n<p data-start=\"1553\" data-end=\"1594\">Eg\u00e9sz \u00e9vben sz\u00ednes megjelen\u00e9s a kertben<\/p>\n<\/li>\n<li data-start=\"1595\" data-end=\"1629\">\n<p data-start=\"1597\" data-end=\"1629\">Kiv\u00e1l\u00f3 talajtakar\u00f3, j\u00f3l terjed<\/p>\n<\/li>\n<li data-start=\"1630\" data-end=\"1688\">\n<p data-start=\"1632\" data-end=\"1688\">J\u00f3 sz\u00e1razs\u00e1gt\u0171r\u00e9s, v\u00e1rosi k\u00f6rnyezetben is j\u00f3l boldogul<\/p>\n<\/li>\n<\/ul>\n<h4 data-start=\"1690\" data-end=\"1716\"><strong data-start=\"1694\" data-end=\"1716\">Gondoz\u00e1si tan\u00e1csok<\/strong><\/h4>\n<ul data-start=\"1717\" data-end=\"1891\">\n<li data-start=\"1717\" data-end=\"1761\">\n<p data-start=\"1719\" data-end=\"1761\">\u00dcltet\u00e9s ut\u00e1n rendszeres \u00f6nt\u00f6z\u00e9s aj\u00e1nlott<\/p>\n<\/li>\n<li data-start=\"1762\" data-end=\"1836\">\n<p data-start=\"1764\" data-end=\"1836\">Vir\u00e1gz\u00e1s ut\u00e1n enyh\u00e9n vissza lehet metszeni a t\u00f6m\u00f6ttebb forma \u00e9rdek\u00e9ben<\/p>\n<\/li>\n<li data-start=\"1837\" data-end=\"1891\">\n<p data-start=\"1839\" data-end=\"1891\">Savany\u00fa kerti talaj vagy rododendron-f\u00f6ld aj\u00e1nlott<\/p>\n<\/li>\n<\/ul>\n<h4><strong>\ud83d\udd04 K\u00e9szletinform\u00e1ci\u00f3<\/strong><\/h4>\n<p><strong>K\u00e9szlet\u00fcnk napi szinten v\u00e1ltozik, \u00edgy a webshopban szerepl<\/strong><strong>\u0151<\/strong><strong>\u00a0term\u00e9kek el\u00e9rhet<\/strong><strong>\u0151<\/strong><strong>s\u00e9ge nem garant\u00e1lt.<br \/>\n\ud83d\udcde A megrendel\u00e9s el<\/strong><strong>\u0151<\/strong><strong>tt k\u00e9rj\u00fck, \u00e9rdekl<\/strong><strong>\u0151<\/strong><strong>dj\u00f6n szem\u00e9lyesen, telefonon vagy e-mailben!<\/strong><\/p>\n<h4><strong>\u27a1\ufe0f Kapcsolat:<\/strong><\/h4>\n<ul>\n<li><strong>Weboldal:\u00a0<\/strong><a href=\"https:\/\/tajkertesz.com\/\"><strong>tajkertesz.com<\/strong><\/a><\/li>\n<li><strong>Facebook:\u00a0<\/strong><a href=\"https:\/\/www.facebook.com\/tajkertesz\/\"><strong>facebook.com\/tajkertesz<\/strong><\/a><\/li>\n<li><strong>Telefonsz\u00e1m, e-mail: +36\/20-319-3770\u00a0<\/strong><a href=\"mailto:tajkerteszaruda@gmail.com\"><strong>tajkerteszaruda@gmail.com<\/strong><\/a><\/li>\n<\/ul>\n<h4><strong>\ud83d\ude9a Sz\u00e1ll\u00edt\u00e1si inform\u00e1ci\u00f3k<\/strong><\/h4>\n<p><strong>A megrendelt n\u00f6v\u00e9nyek kisz\u00e1ll\u00edt\u00e1sa az al\u00e1bbi felt\u00e9telek mellett t\u00f6rt\u00e9nik:<\/strong><\/p>\n<h4><strong>\ud83d\udce6 Fut\u00e1rszolg\u00e1latos sz\u00e1ll\u00edt\u00e1s<\/strong><\/h4>\n<ul>\n<li><strong>Maxim\u00e1lis m\u00e9ret: 200 cm (hossz\u00fas\u00e1g)<\/strong><\/li>\n<li><strong>Maxim\u00e1lis s\u00faly: 40 kg<\/strong><\/li>\n<li><strong>Az enn\u00e9l kisebb \u00e9s k\u00f6nnyebb csomagokat fut\u00e1rszolg\u00e1lattal k\u00e9zbes\u00edtj\u00fck a lehet<\/strong><strong>\u0151<\/strong><strong>\u00a0legbiztons\u00e1gosabb csomagol\u00e1sban.<\/strong><\/li>\n<\/ul>\n<h4><strong>\ud83d\udefb Szem\u00e9lyes \u00e1tv\u00e9tel<\/strong><\/h4>\n<ul>\n<li><strong>1173 Budapest, Bakancsos utca 7. sz\u00e1m alatt nyitvatart\u00e1si id<\/strong><strong>\u0151<\/strong><strong>ben szem\u00e9lyesen \u00e1tvehet<\/strong><strong>\u0151<\/strong><strong>\u00a0kert\u00e9szeti \u00e1rud\u00e1nkban.<\/strong><\/li>\n<li><strong>K\u00f6lts\u00e9ghat\u00e9kony megold\u00e1s nagyobb, t\u00f6r\u00e9kenyebb vagy t\u00falm\u00e9retes n\u00f6v\u00e9nyek eset\u00e9n.<\/strong><\/li>\n<\/ul>\n<h4><strong>\ud83d\udcde Nagy m\u00e9ret<\/strong><strong>\u0171<\/strong><strong>\u00a0vagy s\u00faly\u00fa n\u00f6v\u00e9nyek eset\u00e9n<\/strong><\/h4>\n<p><strong>Ha a term\u00e9k:<\/strong><\/p>\n<ul>\n<li><strong>meghaladja a 200 cm hossz\u00fas\u00e1got vagy<\/strong><\/li>\n<li><strong>meghaladja a 40 kg s\u00falyt,<\/strong><\/li>\n<\/ul>\n<p><strong>akkor szem\u00e9lyes \u00e1tv\u00e9tellel vagy egyedi, el<\/strong><strong>\u0151<\/strong><strong>re egyeztetett sz\u00e1ll\u00edt\u00e1si felt\u00e9telek mellett t\u00f6rt\u00e9nik.<br \/>\nK\u00e9rj\u00fck, ilyen esetben rendel\u00e9s el<\/strong><strong>\u0151<\/strong><strong>tt vegye fel vel\u00fcnk a kapcsolatot, hogy a lehet<\/strong><strong>\u0151<\/strong><strong>\u00a0legmegfelel<\/strong><strong>\u0151<\/strong><strong>bb sz\u00e1ll\u00edt\u00e1si megold\u00e1st k\u00edn\u00e1lhassuk.<\/strong><\/p>\n<p><strong>\ud83d\udd14 Fontos: A n\u00f6v\u00e9nyeket minden esetben igyeksz\u00fcnk gondosan, egyes\u00e9vel csomagolni, azonban a sz\u00e1ll\u00edt\u00e1s sor\u00e1n kisebb eszt\u00e9tikai s\u00e9r\u00fcl\u00e9sek el<\/strong><strong>\u0151<\/strong><strong>fordulhatnak (pl. lev\u00e9lhull\u00e1s). Ez nem min<\/strong><strong>\u0151<\/strong><strong>s\u00fcl hib\u00e1s teljes\u00edt\u00e9snek.<\/strong><\/p>\n<h4><strong>\ud83d\udcf7 Fontos tudni a k\u00e9pekr<\/strong><strong>\u0151<\/strong><strong>l<\/strong><\/h4>\n<p><strong>A webshopban szerepl<\/strong><strong>\u0151<\/strong><strong>\u00a0k\u00e9pek illusztr\u00e1ci\u00f3k, a n\u00f6v\u00e9nyek term\u00e9szet\u00fckn\u00e9l fogva egyediek, \u00edgy m\u00e9retben, alakban \u00e9s sz\u00ednben minim\u00e1lis elt\u00e9r\u00e9sek el<\/strong><strong>\u0151<\/strong><strong>fordulhatnak a k\u00e9pen l\u00e1that\u00f3 \u00e9s a val\u00f3s p\u00e9ld\u00e1nyok k\u00f6z\u00f6tt.<\/strong><\/p>\n<h4><strong>\ud83e\uddfe \u00c1rak \u00e9s el\u00e1ll\u00e1si jog<\/strong><\/h4>\n<ul>\n<li><strong>Az \u00e1rak egy darab\u00a0n\u00f6v\u00e9nyre vonatkoznak.<\/strong><\/li>\n<li><strong>\u00c9l<\/strong><strong>\u0151<\/strong><strong>\u00a0n\u00f6v\u00e9nyek rendel\u00e9se eset\u00e9n a 14 napos el\u00e1ll\u00e1s joga nem \u00e9rv\u00e9nyes\u00edthet<\/strong><strong>\u0151<\/strong><strong>, mivel azok romland\u00f3, biol\u00f3giailag \u00e9l<\/strong><strong>\u0151<\/strong><strong>\u00a0term\u00e9keknek min<\/strong><strong>\u0151<\/strong><strong>s\u00fclnek.<br \/>\n\ud83d\udd12 (17\/1999. (II. 5.) Korm. rendelet 5. \u00a7 c) pontja alapj\u00e1n)<\/strong><\/li>\n<\/ul>\n<h4><strong>\ud83d\udce6 K\u00e9zbes\u00edt\u00e9s ut\u00e1ni teend<\/strong><strong>\u0151<\/strong><strong>k<\/strong><\/h4>\n<p><strong>A k\u00e9zbes\u00edt\u00e9st k\u00f6vet<\/strong><strong>\u0151<\/strong><strong>en a csomagot azonnal bontsuk ki, \u00e9s a n\u00f6v\u00e9nyt helyezz\u00fck el megfelel<\/strong><strong>\u0151<\/strong><strong>\u00a0k\u00f6rnyezetben.<br \/>\nFontos: ha a n\u00f6v\u00e9ny nem r\u00e9szes\u00fcl megfelel<\/strong><strong>\u0151<\/strong><strong>\u00a0gondoz\u00e1sban \u00e9s ennek k\u00f6vetkezt\u00e9ben k\u00e1rosodik vagy elpusztul, felel<\/strong><strong>\u0151<\/strong><strong>ss\u00e9get nem tudunk v\u00e1llalni.<\/strong><\/p>\n<p data-start=\"1499\" data-end=\"1561\">","protected":false},"excerpt":{"rendered":"<p>Az <strong data-start=\"336\" data-end=\"357\">Erica darleyensis<\/strong>, vagy <strong data-start=\"364\" data-end=\"382\">\u00f6r\u00f6kz\u00f6ld hanga<\/strong>, egy alacsony, t\u00e9l\u00e1ll\u00f3, eg\u00e9sz \u00e9vben dekorat\u00edv talajtakar\u00f3 cserje, amely m\u00e1r kora tavasszal b\u0151s\u00e9ges vir\u00e1gz\u00e1ssal d\u00edsz\u00edt. Kiv\u00e1l\u00f3 v\u00e1laszt\u00e1s \u00e1gy\u00e1sok, sziklakertek, s\u00edrok \u00e9s ed\u00e9nyes \u00fcltet\u00e9sek sz\u00e1m\u00e1ra.<\/p>\n<p>M\u00e9rete: 20\/25 cm magas, 12 cm-es cser\u00e9pben.<\/p>","protected":false},"featured_media":25435,"template":"","meta":{"_et_pb_use_builder":"","_et_pb_old_content":"","_et_gb_content_width":""},"product_brand":[],"product_cat":[27,26],"product_tag":[5849,7598,6212,7600,7540,7599,6519,7602,5893,7601],"class_list":{"0":"post-25434","1":"product","2":"type-product","3":"status-publish","4":"has-post-thumbnail","6":"product_cat-cserjek","7":"product_cat-orokzold-novenyek","8":"product_tag-diszcserje","9":"product_tag-erica-darleyensis","10":"product_tag-hanga","11":"product_tag-hangacserje","12":"product_tag-korai-viragzas","13":"product_tag-orokzold-hanga","14":"product_tag-savanyu-talajt-kedvelo-noveny","15":"product_tag-sziklakertek-novenye","16":"product_tag-talajtakaro-noveny","17":"product_tag-telallo-hanga","19":"first","20":"instock","21":"shipping-taxable","22":"purchasable","23":"product-type-simple"},"yoast_head":"<!-- This site is optimized with the Yoast SEO plugin v27.5 - https:\/\/yoast.com\/product\/yoast-seo-wordpress\/ -->\n<title>Erica darleyensis - \u00d6r\u00f6kz\u00f6ld hanga - T\u00e1jkert\u00e9sz<\/title>\n<meta name=\"description\" content=\"Erica darleyensis - \u00d6r\u00f6kz\u00f6ld hanga \u2013 kor\u00e1n vir\u00e1gz\u00f3, \u00f6r\u00f6kz\u00f6ld hanga. T\u00e9l\u00e1ll\u00f3, k\u00f6nnyen gondozhat\u00f3 talajtakar\u00f3 cserje sziklakertekbe, s\u00edrokra \u00e9s \u00e1gy\u00e1sokba.\" \/>\n<meta name=\"robots\" content=\"index, follow, max-snippet:-1, max-image-preview:large, max-video-preview:-1\" \/>\n<link rel=\"canonical\" href=\"https:\/\/tajkertesz.com\/en_US\/product\/erica-darleyensis-orokzold-hanga\/\" \/>\n<meta property=\"og:locale\" content=\"en_US\" \/>\n<meta property=\"og:type\" content=\"article\" \/>\n<meta property=\"og:title\" content=\"Erica darleyensis - \u00d6r\u00f6kz\u00f6ld hanga - T\u00e1jkert\u00e9sz\" \/>\n<meta property=\"og:description\" content=\"Erica darleyensis - \u00d6r\u00f6kz\u00f6ld hanga \u2013 kor\u00e1n vir\u00e1gz\u00f3, \u00f6r\u00f6kz\u00f6ld hanga. T\u00e9l\u00e1ll\u00f3, k\u00f6nnyen gondozhat\u00f3 talajtakar\u00f3 cserje sziklakertekbe, s\u00edrokra \u00e9s \u00e1gy\u00e1sokba.\" \/>\n<meta property=\"og:url\" content=\"https:\/\/tajkertesz.com\/en_US\/product\/erica-darleyensis-orokzold-hanga\/\" \/>\n<meta property=\"og:site_name\" content=\"T\u00e1jkert\u00e9sz\" \/>\n<meta property=\"article:publisher\" content=\"https:\/\/www.facebook.com\/Tajkertesz\/\" \/>\n<meta property=\"article:modified_time\" content=\"2026-03-15T07:23:36+00:00\" \/>\n<meta property=\"og:image\" content=\"https:\/\/tajkertesz.com\/wp-content\/uploads\/2025\/11\/20251129_081121-1-scaled.jpg\" \/>\n\t<meta property=\"og:image:width\" content=\"1920\" \/>\n\t<meta property=\"og:image:height\" content=\"2156\" \/>\n\t<meta property=\"og:image:type\" content=\"image\/jpeg\" \/>\n<meta name=\"twitter:card\" content=\"summary_large_image\" \/>\n<meta name=\"twitter:label1\" content=\"Est. reading time\" \/>\n\t<meta name=\"twitter:data1\" content=\"3 minutes\" \/>\n<script type=\"application\/ld+json\" class=\"yoast-schema-graph\">{\"@context\":\"https:\\\/\\\/schema.org\",\"@graph\":[{\"@type\":\"WebPage\",\"@id\":\"https:\\\/\\\/tajkertesz.com\\\/termek\\\/erica-darleyensis-orokzold-hanga\\\/\",\"url\":\"https:\\\/\\\/tajkertesz.com\\\/termek\\\/erica-darleyensis-orokzold-hanga\\\/\",\"name\":\"Erica darleyensis - \u00d6r\u00f6kz\u00f6ld hanga - T\u00e1jkert\u00e9sz\",\"isPartOf\":{\"@id\":\"https:\\\/\\\/tajkertesz.com\\\/#website\"},\"primaryImageOfPage\":{\"@id\":\"https:\\\/\\\/tajkertesz.com\\\/termek\\\/erica-darleyensis-orokzold-hanga\\\/#primaryimage\"},\"image\":{\"@id\":\"https:\\\/\\\/tajkertesz.com\\\/termek\\\/erica-darleyensis-orokzold-hanga\\\/#primaryimage\"},\"thumbnailUrl\":\"https:\\\/\\\/tajkertesz.com\\\/wp-content\\\/uploads\\\/2025\\\/11\\\/20251129_081121-1-scaled.jpg\",\"datePublished\":\"2025-11-29T13:10:50+00:00\",\"dateModified\":\"2026-03-15T07:23:36+00:00\",\"description\":\"Erica darleyensis - \u00d6r\u00f6kz\u00f6ld hanga \u2013 kor\u00e1n vir\u00e1gz\u00f3, \u00f6r\u00f6kz\u00f6ld hanga. T\u00e9l\u00e1ll\u00f3, k\u00f6nnyen gondozhat\u00f3 talajtakar\u00f3 cserje sziklakertekbe, s\u00edrokra \u00e9s \u00e1gy\u00e1sokba.\",\"breadcrumb\":{\"@id\":\"https:\\\/\\\/tajkertesz.com\\\/termek\\\/erica-darleyensis-orokzold-hanga\\\/#breadcrumb\"},\"inLanguage\":\"en-US\",\"potentialAction\":[{\"@type\":\"ReadAction\",\"target\":[\"https:\\\/\\\/tajkertesz.com\\\/termek\\\/erica-darleyensis-orokzold-hanga\\\/\"]}]},{\"@type\":\"ImageObject\",\"inLanguage\":\"en-US\",\"@id\":\"https:\\\/\\\/tajkertesz.com\\\/termek\\\/erica-darleyensis-orokzold-hanga\\\/#primaryimage\",\"url\":\"https:\\\/\\\/tajkertesz.com\\\/wp-content\\\/uploads\\\/2025\\\/11\\\/20251129_081121-1-scaled.jpg\",\"contentUrl\":\"https:\\\/\\\/tajkertesz.com\\\/wp-content\\\/uploads\\\/2025\\\/11\\\/20251129_081121-1-scaled.jpg\",\"width\":1920,\"height\":2156,\"caption\":\"Erica darleyensis - \u00d6r\u00f6kz\u00f6ld hanga\"},{\"@type\":\"BreadcrumbList\",\"@id\":\"https:\\\/\\\/tajkertesz.com\\\/termek\\\/erica-darleyensis-orokzold-hanga\\\/#breadcrumb\",\"itemListElement\":[{\"@type\":\"ListItem\",\"position\":1,\"name\":\"Home\",\"item\":\"https:\\\/\\\/tajkertesz.com\\\/\"},{\"@type\":\"ListItem\",\"position\":2,\"name\":\"Kezd\u0151lap\",\"item\":\"https:\\\/\\\/tajkertesz.com\\\/\"},{\"@type\":\"ListItem\",\"position\":3,\"name\":\"Erica darleyensis &#8211; \u00d6r\u00f6kz\u00f6ld hanga\"}]},{\"@type\":\"WebSite\",\"@id\":\"https:\\\/\\\/tajkertesz.com\\\/#website\",\"url\":\"https:\\\/\\\/tajkertesz.com\\\/\",\"name\":\"T\u00e1j-Kert\u00e9sz 84 Kft.\",\"description\":\"Kert\u00e9szeti kis- \u00e9s nagykeresked\u00e9s, D\u00edszn\u00f6v\u00e9ny web\u00e1ruh\u00e1z orsz\u00e1gos h\u00e1zhozsz\u00e1ll\u00edt\u00e1ssal!\",\"publisher\":{\"@id\":\"https:\\\/\\\/tajkertesz.com\\\/#organization\"},\"potentialAction\":[{\"@type\":\"SearchAction\",\"target\":{\"@type\":\"EntryPoint\",\"urlTemplate\":\"https:\\\/\\\/tajkertesz.com\\\/?s={search_term_string}\"},\"query-input\":{\"@type\":\"PropertyValueSpecification\",\"valueRequired\":true,\"valueName\":\"search_term_string\"}}],\"inLanguage\":\"en-US\"},{\"@type\":\"Organization\",\"@id\":\"https:\\\/\\\/tajkertesz.com\\\/#organization\",\"name\":\"T\u00e1j-Kert\u00e9sz 84 Kft.\",\"url\":\"https:\\\/\\\/tajkertesz.com\\\/\",\"logo\":{\"@type\":\"ImageObject\",\"inLanguage\":\"en-US\",\"@id\":\"https:\\\/\\\/tajkertesz.com\\\/#\\\/schema\\\/logo\\\/image\\\/\",\"url\":\"https:\\\/\\\/tajkertesz.com\\\/wp-content\\\/uploads\\\/2018\\\/02\\\/logo-2-e1518678052539.png\",\"contentUrl\":\"https:\\\/\\\/tajkertesz.com\\\/wp-content\\\/uploads\\\/2018\\\/02\\\/logo-2-e1518678052539.png\",\"width\":81,\"height\":140,\"caption\":\"T\u00e1j-Kert\u00e9sz 84 Kft.\"},\"image\":{\"@id\":\"https:\\\/\\\/tajkertesz.com\\\/#\\\/schema\\\/logo\\\/image\\\/\"},\"sameAs\":[\"https:\\\/\\\/www.facebook.com\\\/Tajkertesz\\\/\"]}]}<\/script>\n<!-- \/ Yoast SEO plugin. -->","yoast_head_json":{"title":"Erica darleyensis - \u00d6r\u00f6kz\u00f6ld hanga - T\u00e1jkert\u00e9sz","description":"Erica darleyensis - \u00d6r\u00f6kz\u00f6ld hanga \u2013 kor\u00e1n vir\u00e1gz\u00f3, \u00f6r\u00f6kz\u00f6ld hanga. T\u00e9l\u00e1ll\u00f3, k\u00f6nnyen gondozhat\u00f3 talajtakar\u00f3 cserje sziklakertekbe, s\u00edrokra \u00e9s \u00e1gy\u00e1sokba.","robots":{"index":"index","follow":"follow","max-snippet":"max-snippet:-1","max-image-preview":"max-image-preview:large","max-video-preview":"max-video-preview:-1"},"canonical":"https:\/\/tajkertesz.com\/en_US\/product\/erica-darleyensis-orokzold-hanga\/","og_locale":"en_US","og_type":"article","og_title":"Erica darleyensis - \u00d6r\u00f6kz\u00f6ld hanga - T\u00e1jkert\u00e9sz","og_description":"Erica darleyensis - \u00d6r\u00f6kz\u00f6ld hanga \u2013 kor\u00e1n vir\u00e1gz\u00f3, \u00f6r\u00f6kz\u00f6ld hanga. T\u00e9l\u00e1ll\u00f3, k\u00f6nnyen gondozhat\u00f3 talajtakar\u00f3 cserje sziklakertekbe, s\u00edrokra \u00e9s \u00e1gy\u00e1sokba.","og_url":"https:\/\/tajkertesz.com\/en_US\/product\/erica-darleyensis-orokzold-hanga\/","og_site_name":"T\u00e1jkert\u00e9sz","article_publisher":"https:\/\/www.facebook.com\/Tajkertesz\/","article_modified_time":"2026-03-15T07:23:36+00:00","og_image":[{"width":1920,"height":2156,"url":"https:\/\/tajkertesz.com\/wp-content\/uploads\/2025\/11\/20251129_081121-1-scaled.jpg","type":"image\/jpeg"}],"twitter_card":"summary_large_image","twitter_misc":{"Est. reading time":"3 minutes"},"schema":{"@context":"https:\/\/schema.org","@graph":[{"@type":"WebPage","@id":"https:\/\/tajkertesz.com\/termek\/erica-darleyensis-orokzold-hanga\/","url":"https:\/\/tajkertesz.com\/termek\/erica-darleyensis-orokzold-hanga\/","name":"Erica darleyensis - \u00d6r\u00f6kz\u00f6ld hanga - T\u00e1jkert\u00e9sz","isPartOf":{"@id":"https:\/\/tajkertesz.com\/#website"},"primaryImageOfPage":{"@id":"https:\/\/tajkertesz.com\/termek\/erica-darleyensis-orokzold-hanga\/#primaryimage"},"image":{"@id":"https:\/\/tajkertesz.com\/termek\/erica-darleyensis-orokzold-hanga\/#primaryimage"},"thumbnailUrl":"https:\/\/tajkertesz.com\/wp-content\/uploads\/2025\/11\/20251129_081121-1-scaled.jpg","datePublished":"2025-11-29T13:10:50+00:00","dateModified":"2026-03-15T07:23:36+00:00","description":"Erica darleyensis - \u00d6r\u00f6kz\u00f6ld hanga \u2013 kor\u00e1n vir\u00e1gz\u00f3, \u00f6r\u00f6kz\u00f6ld hanga. T\u00e9l\u00e1ll\u00f3, k\u00f6nnyen gondozhat\u00f3 talajtakar\u00f3 cserje sziklakertekbe, s\u00edrokra \u00e9s \u00e1gy\u00e1sokba.","breadcrumb":{"@id":"https:\/\/tajkertesz.com\/termek\/erica-darleyensis-orokzold-hanga\/#breadcrumb"},"inLanguage":"en-US","potentialAction":[{"@type":"ReadAction","target":["https:\/\/tajkertesz.com\/termek\/erica-darleyensis-orokzold-hanga\/"]}]},{"@type":"ImageObject","inLanguage":"en-US","@id":"https:\/\/tajkertesz.com\/termek\/erica-darleyensis-orokzold-hanga\/#primaryimage","url":"https:\/\/tajkertesz.com\/wp-content\/uploads\/2025\/11\/20251129_081121-1-scaled.jpg","contentUrl":"https:\/\/tajkertesz.com\/wp-content\/uploads\/2025\/11\/20251129_081121-1-scaled.jpg","width":1920,"height":2156,"caption":"Erica darleyensis - \u00d6r\u00f6kz\u00f6ld hanga"},{"@type":"BreadcrumbList","@id":"https:\/\/tajkertesz.com\/termek\/erica-darleyensis-orokzold-hanga\/#breadcrumb","itemListElement":[{"@type":"ListItem","position":1,"name":"Home","item":"https:\/\/tajkertesz.com\/"},{"@type":"ListItem","position":2,"name":"Kezd\u0151lap","item":"https:\/\/tajkertesz.com\/"},{"@type":"ListItem","position":3,"name":"Erica darleyensis &#8211; \u00d6r\u00f6kz\u00f6ld hanga"}]},{"@type":"WebSite","@id":"https:\/\/tajkertesz.com\/#website","url":"https:\/\/tajkertesz.com\/","name":"T\u00e1j-Kert\u00e9sz 84 Kft.","description":"Kert\u00e9szeti kis- \u00e9s nagykeresked\u00e9s, D\u00edszn\u00f6v\u00e9ny web\u00e1ruh\u00e1z orsz\u00e1gos h\u00e1zhozsz\u00e1ll\u00edt\u00e1ssal!","publisher":{"@id":"https:\/\/tajkertesz.com\/#organization"},"potentialAction":[{"@type":"SearchAction","target":{"@type":"EntryPoint","urlTemplate":"https:\/\/tajkertesz.com\/?s={search_term_string}"},"query-input":{"@type":"PropertyValueSpecification","valueRequired":true,"valueName":"search_term_string"}}],"inLanguage":"en-US"},{"@type":"Organization","@id":"https:\/\/tajkertesz.com\/#organization","name":"T\u00e1j-Kert\u00e9sz 84 Kft.","url":"https:\/\/tajkertesz.com\/","logo":{"@type":"ImageObject","inLanguage":"en-US","@id":"https:\/\/tajkertesz.com\/#\/schema\/logo\/image\/","url":"https:\/\/tajkertesz.com\/wp-content\/uploads\/2018\/02\/logo-2-e1518678052539.png","contentUrl":"https:\/\/tajkertesz.com\/wp-content\/uploads\/2018\/02\/logo-2-e1518678052539.png","width":81,"height":140,"caption":"T\u00e1j-Kert\u00e9sz 84 Kft."},"image":{"@id":"https:\/\/tajkertesz.com\/#\/schema\/logo\/image\/"},"sameAs":["https:\/\/www.facebook.com\/Tajkertesz\/"]}]}},"_links":{"self":[{"href":"https:\/\/tajkertesz.com\/en_US\/wp-json\/wp\/v2\/product\/25434","targetHints":{"allow":["GET"]}}],"collection":[{"href":"https:\/\/tajkertesz.com\/en_US\/wp-json\/wp\/v2\/product"}],"about":[{"href":"https:\/\/tajkertesz.com\/en_US\/wp-json\/wp\/v2\/types\/product"}],"wp:featuredmedia":[{"embeddable":true,"href":"https:\/\/tajkertesz.com\/en_US\/wp-json\/wp\/v2\/media\/25435"}],"wp:attachment":[{"href":"https:\/\/tajkertesz.com\/en_US\/wp-json\/wp\/v2\/media?parent=25434"}],"wp:term":[{"taxonomy":"product_brand","embeddable":true,"href":"https:\/\/tajkertesz.com\/en_US\/wp-json\/wp\/v2\/product_brand?post=25434"},{"taxonomy":"product_cat","embeddable":true,"href":"https:\/\/tajkertesz.com\/en_US\/wp-json\/wp\/v2\/product_cat?post=25434"},{"taxonomy":"product_tag","embeddable":true,"href":"https:\/\/tajkertesz.com\/en_US\/wp-json\/wp\/v2\/product_tag?post=25434"}],"curies":[{"name":"wp","href":"https:\/\/api.w.org\/{rel}","templated":true}]}}