{"id":25459,"date":"2025-11-30T10:54:28","date_gmt":"2025-11-30T10:54:28","guid":{"rendered":"https:\/\/tajkertesz.com\/?post_type=product&#038;p=25459"},"modified":"2026-02-25T09:41:46","modified_gmt":"2026-02-25T09:41:46","slug":"havas-lucfenyo-ho-spray-vel-fujva","status":"publish","type":"product","link":"https:\/\/tajkertesz.com\/en_US\/product\/havas-lucfenyo-ho-spray-vel-fujva\/","title":{"rendered":"Havas lucfeny\u0151 h\u00f3 spray-vel f\u00fajva"},"content":{"rendered":"<h1 data-start=\"241\" data-end=\"545\">Havas lucfeny\u0151 h\u00f3 spray-vel f\u00fajva<\/h1>\n<p data-start=\"241\" data-end=\"545\">Dobd fel otthonod \u00fcnnepi hangulat\u00e1t ezzel az eleg\u00e1ns, term\u00e9szetes sz\u00e9ps\u00e9g\u0171 havas lucfeny\u0151 h\u00f3 spray-vel f\u00fajva, amely egy val\u00f3di, \u00e9l\u0151 <strong data-start=\"368\" data-end=\"398\">Picea glauca &#8216;Super Green&#8217;<\/strong> feny\u0151. A n\u00f6v\u00e9ny finom <strong data-start=\"421\" data-end=\"437\">h\u00f3 spray-vel<\/strong> lett lef\u00fajva, \u00edgy gy\u00f6ny\u00f6r\u0171, havas hat\u00e1s\u00fa megjelen\u00e9st kapott, amely t\u00f6k\u00e9letesen id\u00e9zi a t\u00e9li t\u00e1j hangulat\u00e1t.<\/p>\n<p data-start=\"547\" data-end=\"833\">A <strong data-start=\"549\" data-end=\"579\">Picea glauca &#8216;Super Green&#8217;<\/strong> kompakt, k\u00fap form\u00e1j\u00fa n\u00f6veked\u00e9s\u00e9vel ide\u00e1lis v\u00e1laszt\u00e1s belt\u00e9ri \u00e9s fedett k\u00fclt\u00e9ri \u00fcnnepi dekor\u00e1ci\u00f3hoz is. A m\u0171h\u00f3val kialak\u00edtott h\u00f3lepel l\u00e1gy, term\u00e9szetes hat\u00e1st kelt, mik\u00f6zben az \u00e9l\u0151 feny\u0151 friss illata \u00e9s strukt\u00far\u00e1ja egyed\u00fcl\u00e1ll\u00f3 hangulatot teremt.<\/p>\n<p data-start=\"835\" data-end=\"1054\">Kit\u0171n\u0151en mutat kar\u00e1csonyi asztald\u00edszk\u00e9nt, kom\u00f3don, ablakp\u00e1rk\u00e1nyon vagy ak\u00e1r irodai dekor\u00e1ci\u00f3k\u00e9nt. Letisztult form\u00e1ja harmonikusan illik a skandin\u00e1v, minimalista, term\u00e9szetk\u00f6zeli vagy klasszikus kar\u00e1csonyi st\u00edlusokba is.<\/p>\n<p data-start=\"1056\" data-end=\"1338\">Az \u00e9l\u0151 feny\u0151 hossz\u00fa ideig meg\u0151rzi sz\u00e9ps\u00e9g\u00e9t megfelel\u0151 gondoz\u00e1s mellett, \u00edgy ak\u00e1r az \u00fcnnepek ut\u00e1n is tov\u00e1bb d\u00edsz\u00edtheti otthonodat. Ha egy olyan kar\u00e1csonyi dekor\u00e1ci\u00f3t keresel, amely egyszerre <strong data-start=\"1246\" data-end=\"1280\">term\u00e9szetes, mutat\u00f3s \u00e9s tart\u00f3s<\/strong>, akkor ez a havas lucfeny\u0151 t\u00f6k\u00e9letes v\u00e1laszt\u00e1s sz\u00e1modra.<\/p>\n<h4><strong>\ud83d\udd04 K\u00e9szletinform\u00e1ci\u00f3<\/strong><\/h4>\n<p><strong>K\u00e9szlet\u00fcnk napi szinten v\u00e1ltozik, \u00edgy a webshopban szerepl<\/strong><strong>\u0151<\/strong><strong>\u00a0term\u00e9kek el\u00e9rhet<\/strong><strong>\u0151<\/strong><strong>s\u00e9ge nem garant\u00e1lt.<br \/>\n\ud83d\udcde A megrendel\u00e9s el<\/strong><strong>\u0151<\/strong><strong>tt k\u00e9rj\u00fck, \u00e9rdekl<\/strong><strong>\u0151<\/strong><strong>dj\u00f6n szem\u00e9lyesen, telefonon vagy e-mailben!<\/strong><\/p>\n<h4><strong>\u27a1\ufe0f Kapcsolat:<\/strong><\/h4>\n<ul>\n<li><strong>Weboldal:\u00a0<\/strong><a href=\"https:\/\/tajkertesz.com\/\"><strong>tajkertesz.com<\/strong><\/a><\/li>\n<li><strong>Facebook:\u00a0<\/strong><a href=\"https:\/\/www.facebook.com\/tajkertesz\/\"><strong>facebook.com\/tajkertesz<\/strong><\/a><\/li>\n<li><strong>Telefonsz\u00e1m, e-mail: +36\/20-319-3770\u00a0<\/strong><a href=\"mailto:tajkerteszaruda@gmail.com\"><strong>tajkerteszaruda@gmail.com<\/strong><\/a><\/li>\n<\/ul>\n<h4><strong>\ud83d\ude9a Sz\u00e1ll\u00edt\u00e1si inform\u00e1ci\u00f3k<\/strong><\/h4>\n<p><strong>A megrendelt n\u00f6v\u00e9nyek kisz\u00e1ll\u00edt\u00e1sa az al\u00e1bbi felt\u00e9telek mellett t\u00f6rt\u00e9nik:<\/strong><\/p>\n<h4><strong>\ud83d\udce6 Fut\u00e1rszolg\u00e1latos sz\u00e1ll\u00edt\u00e1s<\/strong><\/h4>\n<ul>\n<li><strong>Maxim\u00e1lis m\u00e9ret: 200 cm (hossz\u00fas\u00e1g)<\/strong><\/li>\n<li><strong>Maxim\u00e1lis s\u00faly: 40 kg<\/strong><\/li>\n<li><strong>Az enn\u00e9l kisebb \u00e9s k\u00f6nnyebb csomagokat fut\u00e1rszolg\u00e1lattal k\u00e9zbes\u00edtj\u00fck a lehet<\/strong><strong>\u0151<\/strong><strong>\u00a0legbiztons\u00e1gosabb csomagol\u00e1sban.<\/strong><\/li>\n<\/ul>\n<h4><strong>\ud83d\udefb Szem\u00e9lyes \u00e1tv\u00e9tel<\/strong><\/h4>\n<ul>\n<li><strong>1173 Budapest, Bakancsos utca 7. sz\u00e1m alatt nyitvatart\u00e1si id<\/strong><strong>\u0151<\/strong><strong>ben szem\u00e9lyesen \u00e1tvehet<\/strong><strong>\u0151<\/strong><strong>\u00a0kert\u00e9szeti \u00e1rud\u00e1nkban.<\/strong><\/li>\n<li><strong>K\u00f6lts\u00e9ghat\u00e9kony megold\u00e1s nagyobb, t\u00f6r\u00e9kenyebb vagy t\u00falm\u00e9retes n\u00f6v\u00e9nyek eset\u00e9n.<\/strong><\/li>\n<\/ul>\n<h4><strong>\ud83d\udcde Nagy m\u00e9ret<\/strong><strong>\u0171<\/strong><strong>\u00a0vagy s\u00faly\u00fa n\u00f6v\u00e9nyek eset\u00e9n<\/strong><\/h4>\n<p><strong>Ha a term\u00e9k:<\/strong><\/p>\n<ul>\n<li><strong>meghaladja a 200 cm hossz\u00fas\u00e1got vagy<\/strong><\/li>\n<li><strong>meghaladja a 40 kg s\u00falyt,<\/strong><\/li>\n<\/ul>\n<p><strong>akkor szem\u00e9lyes \u00e1tv\u00e9tellel vagy egyedi, el<\/strong><strong>\u0151<\/strong><strong>re egyeztetett sz\u00e1ll\u00edt\u00e1si felt\u00e9telek mellett t\u00f6rt\u00e9nik.<br \/>\nK\u00e9rj\u00fck, ilyen esetben rendel\u00e9s el<\/strong><strong>\u0151<\/strong><strong>tt vegye fel vel\u00fcnk a kapcsolatot, hogy a lehet<\/strong><strong>\u0151<\/strong><strong>\u00a0legmegfelel<\/strong><strong>\u0151<\/strong><strong>bb sz\u00e1ll\u00edt\u00e1si megold\u00e1st k\u00edn\u00e1lhassuk.<\/strong><\/p>\n<p><strong>\ud83d\udd14 Fontos: A n\u00f6v\u00e9nyeket minden esetben igyeksz\u00fcnk gondosan, egyes\u00e9vel csomagolni, azonban a sz\u00e1ll\u00edt\u00e1s sor\u00e1n kisebb eszt\u00e9tikai s\u00e9r\u00fcl\u00e9sek el<\/strong><strong>\u0151<\/strong><strong>fordulhatnak (pl. lev\u00e9lhull\u00e1s). Ez nem min<\/strong><strong>\u0151<\/strong><strong>s\u00fcl hib\u00e1s teljes\u00edt\u00e9snek.<\/strong><\/p>\n<h4><strong>\ud83d\udcf7 Fontos tudni a k\u00e9pekr<\/strong><strong>\u0151<\/strong><strong>l<\/strong><\/h4>\n<p><strong>A webshopban szerepl<\/strong><strong>\u0151<\/strong><strong>\u00a0k\u00e9pek illusztr\u00e1ci\u00f3k, a n\u00f6v\u00e9nyek term\u00e9szet\u00fckn\u00e9l fogva egyediek, \u00edgy m\u00e9retben, alakban \u00e9s sz\u00ednben minim\u00e1lis elt\u00e9r\u00e9sek el<\/strong><strong>\u0151<\/strong><strong>fordulhatnak a k\u00e9pen l\u00e1that\u00f3 \u00e9s a val\u00f3s p\u00e9ld\u00e1nyok k\u00f6z\u00f6tt.<\/strong><\/p>\n<h4><strong>\ud83e\uddfe \u00c1rak \u00e9s el\u00e1ll\u00e1si jog<\/strong><\/h4>\n<ul>\n<li><strong>Az \u00e1rak egy darab\u00a0n\u00f6v\u00e9nyre vonatkoznak.<\/strong><\/li>\n<li><strong>\u00c9l<\/strong><strong>\u0151<\/strong><strong>\u00a0n\u00f6v\u00e9nyek rendel\u00e9se eset\u00e9n a 14 napos el\u00e1ll\u00e1s joga nem \u00e9rv\u00e9nyes\u00edthet<\/strong><strong>\u0151<\/strong><strong>, mivel azok romland\u00f3, biol\u00f3giailag \u00e9l<\/strong><strong>\u0151<\/strong><strong>\u00a0term\u00e9keknek min<\/strong><strong>\u0151<\/strong><strong>s\u00fclnek.<br \/>\n\ud83d\udd12 (17\/1999. (II. 5.) Korm. rendelet 5. \u00a7 c) pontja alapj\u00e1n)<\/strong><\/li>\n<\/ul>\n<h4><strong>\ud83d\udce6 K\u00e9zbes\u00edt\u00e9s ut\u00e1ni teend<\/strong><strong>\u0151<\/strong><strong>k<\/strong><\/h4>\n<p><strong>A k\u00e9zbes\u00edt\u00e9st k\u00f6vet<\/strong><strong>\u0151<\/strong><strong>en a csomagot azonnal bontsuk ki, \u00e9s a n\u00f6v\u00e9nyt helyezz\u00fck el megfelel<\/strong><strong>\u0151<\/strong><strong>\u00a0k\u00f6rnyezetben.<br \/>\nFontos: ha a n\u00f6v\u00e9ny nem r\u00e9szes\u00fcl megfelel<\/strong><strong>\u0151<\/strong><strong>\u00a0gondoz\u00e1sban \u00e9s ennek k\u00f6vetkezt\u00e9ben k\u00e1rosodik vagy elpusztul, felel<\/strong><strong>\u0151<\/strong><strong>ss\u00e9get nem tudunk v\u00e1llalni.<\/strong><\/p>","protected":false},"excerpt":{"rendered":"<p>\u00c9l\u0151 <strong data-start=\"1375\" data-end=\"1405\">Picea glauca &#8216;Super Green&#8217;<\/strong> lucfeny\u0151, m\u0171h\u00f3val lef\u00fajva a term\u00e9szetes havas hat\u00e1s\u00e9rt. St\u00edlusos, val\u00f3di kar\u00e1csonyi dekor\u00e1ci\u00f3 b\u00e1rmely t\u00e9rbe.<\/p>","protected":false},"featured_media":25461,"template":"","meta":{"_et_pb_use_builder":"","_et_pb_old_content":"","_et_gb_content_width":""},"product_brand":[],"product_cat":[4028],"product_tag":[1447,7611,7614,7617,1123,7613,713,6398,7612,7610,7616],"class_list":{"0":"post-25459","1":"product","2":"type-product","3":"status-publish","4":"has-post-thumbnail","6":"product_cat-lucfenyo","7":"product_tag-fenyo","8":"product_tag-havas-elo-fenyo","9":"product_tag-havas-karacsonyi-fenyo","10":"product_tag-ho-spray","11":"product_tag-karacsonyi-asztaldisz","12":"product_tag-karacsonyi-elo-dekoracio","13":"product_tag-luc","14":"product_tag-lucfenyo","15":"product_tag-muhos-fenyo","16":"product_tag-picea-glauca-super-green","17":"product_tag-teli-dekor-elo-noveny","19":"first","20":"instock","21":"shipping-taxable","22":"purchasable","23":"product-type-simple"},"yoast_head":"<!-- This site is optimized with the Yoast SEO plugin v27.5 - https:\/\/yoast.com\/product\/yoast-seo-wordpress\/ -->\n<title>Havas lucfeny\u0151 h\u00f3 spray-vel f\u00fajva - T\u00e1jkert\u00e9sz<\/title>\n<meta name=\"description\" content=\"Havas lucfeny\u0151 h\u00f3 spray-vel f\u00fajva term\u00e9szetes, havas kar\u00e1csonyi dekor\u00e1ci\u00f3 otthonra \u00e9s irod\u00e1ba. \u00c9l\u0151 Picea glauca &#039;Super Green&#039;.\" \/>\n<meta name=\"robots\" content=\"index, follow, max-snippet:-1, max-image-preview:large, max-video-preview:-1\" \/>\n<link rel=\"canonical\" href=\"https:\/\/tajkertesz.com\/en_US\/product\/havas-lucfenyo-ho-spray-vel-fujva\/\" \/>\n<meta property=\"og:locale\" content=\"en_US\" \/>\n<meta property=\"og:type\" content=\"article\" \/>\n<meta property=\"og:title\" content=\"Havas lucfeny\u0151 h\u00f3 spray-vel f\u00fajva - T\u00e1jkert\u00e9sz\" \/>\n<meta property=\"og:description\" content=\"Havas lucfeny\u0151 h\u00f3 spray-vel f\u00fajva term\u00e9szetes, havas kar\u00e1csonyi dekor\u00e1ci\u00f3 otthonra \u00e9s irod\u00e1ba. \u00c9l\u0151 Picea glauca &#039;Super Green&#039;.\" \/>\n<meta property=\"og:url\" content=\"https:\/\/tajkertesz.com\/en_US\/product\/havas-lucfenyo-ho-spray-vel-fujva\/\" \/>\n<meta property=\"og:site_name\" content=\"T\u00e1jkert\u00e9sz\" \/>\n<meta property=\"article:publisher\" content=\"https:\/\/www.facebook.com\/Tajkertesz\/\" \/>\n<meta property=\"article:modified_time\" content=\"2026-02-25T09:41:46+00:00\" \/>\n<meta property=\"og:image\" content=\"https:\/\/tajkertesz.com\/wp-content\/uploads\/2025\/11\/20251129_081404-1-scaled.jpg\" \/>\n\t<meta property=\"og:image:width\" content=\"1543\" \/>\n\t<meta property=\"og:image:height\" content=\"2560\" \/>\n\t<meta property=\"og:image:type\" content=\"image\/jpeg\" \/>\n<meta name=\"twitter:card\" content=\"summary_large_image\" \/>\n<meta name=\"twitter:label1\" content=\"Est. reading time\" \/>\n\t<meta name=\"twitter:data1\" content=\"3 minutes\" \/>\n<script type=\"application\/ld+json\" class=\"yoast-schema-graph\">{\"@context\":\"https:\\\/\\\/schema.org\",\"@graph\":[{\"@type\":\"WebPage\",\"@id\":\"https:\\\/\\\/tajkertesz.com\\\/termek\\\/havas-lucfenyo-ho-spray-vel-fujva\\\/\",\"url\":\"https:\\\/\\\/tajkertesz.com\\\/termek\\\/havas-lucfenyo-ho-spray-vel-fujva\\\/\",\"name\":\"Havas lucfeny\u0151 h\u00f3 spray-vel f\u00fajva - T\u00e1jkert\u00e9sz\",\"isPartOf\":{\"@id\":\"https:\\\/\\\/tajkertesz.com\\\/#website\"},\"primaryImageOfPage\":{\"@id\":\"https:\\\/\\\/tajkertesz.com\\\/termek\\\/havas-lucfenyo-ho-spray-vel-fujva\\\/#primaryimage\"},\"image\":{\"@id\":\"https:\\\/\\\/tajkertesz.com\\\/termek\\\/havas-lucfenyo-ho-spray-vel-fujva\\\/#primaryimage\"},\"thumbnailUrl\":\"https:\\\/\\\/tajkertesz.com\\\/wp-content\\\/uploads\\\/2025\\\/11\\\/20251129_081404-1-scaled.jpg\",\"datePublished\":\"2025-11-30T10:54:28+00:00\",\"dateModified\":\"2026-02-25T09:41:46+00:00\",\"description\":\"Havas lucfeny\u0151 h\u00f3 spray-vel f\u00fajva term\u00e9szetes, havas kar\u00e1csonyi dekor\u00e1ci\u00f3 otthonra \u00e9s irod\u00e1ba. \u00c9l\u0151 Picea glauca 'Super Green'.\",\"breadcrumb\":{\"@id\":\"https:\\\/\\\/tajkertesz.com\\\/termek\\\/havas-lucfenyo-ho-spray-vel-fujva\\\/#breadcrumb\"},\"inLanguage\":\"en-US\",\"potentialAction\":[{\"@type\":\"ReadAction\",\"target\":[\"https:\\\/\\\/tajkertesz.com\\\/termek\\\/havas-lucfenyo-ho-spray-vel-fujva\\\/\"]}]},{\"@type\":\"ImageObject\",\"inLanguage\":\"en-US\",\"@id\":\"https:\\\/\\\/tajkertesz.com\\\/termek\\\/havas-lucfenyo-ho-spray-vel-fujva\\\/#primaryimage\",\"url\":\"https:\\\/\\\/tajkertesz.com\\\/wp-content\\\/uploads\\\/2025\\\/11\\\/20251129_081404-1-scaled.jpg\",\"contentUrl\":\"https:\\\/\\\/tajkertesz.com\\\/wp-content\\\/uploads\\\/2025\\\/11\\\/20251129_081404-1-scaled.jpg\",\"width\":1543,\"height\":2560,\"caption\":\"\u00c9l\u0151 Picea glauca 'Super Green' lucfeny\u0151 m\u0171h\u00f3val lef\u00fajva.\"},{\"@type\":\"BreadcrumbList\",\"@id\":\"https:\\\/\\\/tajkertesz.com\\\/termek\\\/havas-lucfenyo-ho-spray-vel-fujva\\\/#breadcrumb\",\"itemListElement\":[{\"@type\":\"ListItem\",\"position\":1,\"name\":\"Home\",\"item\":\"https:\\\/\\\/tajkertesz.com\\\/\"},{\"@type\":\"ListItem\",\"position\":2,\"name\":\"Kezd\u0151lap\",\"item\":\"https:\\\/\\\/tajkertesz.com\\\/\"},{\"@type\":\"ListItem\",\"position\":3,\"name\":\"Havas lucfeny\u0151 h\u00f3 spray-vel f\u00fajva\"}]},{\"@type\":\"WebSite\",\"@id\":\"https:\\\/\\\/tajkertesz.com\\\/#website\",\"url\":\"https:\\\/\\\/tajkertesz.com\\\/\",\"name\":\"T\u00e1j-Kert\u00e9sz 84 Kft.\",\"description\":\"Kert\u00e9szeti kis- \u00e9s nagykeresked\u00e9s, D\u00edszn\u00f6v\u00e9ny web\u00e1ruh\u00e1z orsz\u00e1gos h\u00e1zhozsz\u00e1ll\u00edt\u00e1ssal!\",\"publisher\":{\"@id\":\"https:\\\/\\\/tajkertesz.com\\\/#organization\"},\"potentialAction\":[{\"@type\":\"SearchAction\",\"target\":{\"@type\":\"EntryPoint\",\"urlTemplate\":\"https:\\\/\\\/tajkertesz.com\\\/?s={search_term_string}\"},\"query-input\":{\"@type\":\"PropertyValueSpecification\",\"valueRequired\":true,\"valueName\":\"search_term_string\"}}],\"inLanguage\":\"en-US\"},{\"@type\":\"Organization\",\"@id\":\"https:\\\/\\\/tajkertesz.com\\\/#organization\",\"name\":\"T\u00e1j-Kert\u00e9sz 84 Kft.\",\"url\":\"https:\\\/\\\/tajkertesz.com\\\/\",\"logo\":{\"@type\":\"ImageObject\",\"inLanguage\":\"en-US\",\"@id\":\"https:\\\/\\\/tajkertesz.com\\\/#\\\/schema\\\/logo\\\/image\\\/\",\"url\":\"https:\\\/\\\/tajkertesz.com\\\/wp-content\\\/uploads\\\/2018\\\/02\\\/logo-2-e1518678052539.png\",\"contentUrl\":\"https:\\\/\\\/tajkertesz.com\\\/wp-content\\\/uploads\\\/2018\\\/02\\\/logo-2-e1518678052539.png\",\"width\":81,\"height\":140,\"caption\":\"T\u00e1j-Kert\u00e9sz 84 Kft.\"},\"image\":{\"@id\":\"https:\\\/\\\/tajkertesz.com\\\/#\\\/schema\\\/logo\\\/image\\\/\"},\"sameAs\":[\"https:\\\/\\\/www.facebook.com\\\/Tajkertesz\\\/\"]}]}<\/script>\n<!-- \/ Yoast SEO plugin. -->","yoast_head_json":{"title":"Havas lucfeny\u0151 h\u00f3 spray-vel f\u00fajva - T\u00e1jkert\u00e9sz","description":"Havas lucfeny\u0151 h\u00f3 spray-vel f\u00fajva term\u00e9szetes, havas kar\u00e1csonyi dekor\u00e1ci\u00f3 otthonra \u00e9s irod\u00e1ba. \u00c9l\u0151 Picea glauca 'Super Green'.","robots":{"index":"index","follow":"follow","max-snippet":"max-snippet:-1","max-image-preview":"max-image-preview:large","max-video-preview":"max-video-preview:-1"},"canonical":"https:\/\/tajkertesz.com\/en_US\/product\/havas-lucfenyo-ho-spray-vel-fujva\/","og_locale":"en_US","og_type":"article","og_title":"Havas lucfeny\u0151 h\u00f3 spray-vel f\u00fajva - T\u00e1jkert\u00e9sz","og_description":"Havas lucfeny\u0151 h\u00f3 spray-vel f\u00fajva term\u00e9szetes, havas kar\u00e1csonyi dekor\u00e1ci\u00f3 otthonra \u00e9s irod\u00e1ba. \u00c9l\u0151 Picea glauca 'Super Green'.","og_url":"https:\/\/tajkertesz.com\/en_US\/product\/havas-lucfenyo-ho-spray-vel-fujva\/","og_site_name":"T\u00e1jkert\u00e9sz","article_publisher":"https:\/\/www.facebook.com\/Tajkertesz\/","article_modified_time":"2026-02-25T09:41:46+00:00","og_image":[{"width":1543,"height":2560,"url":"https:\/\/tajkertesz.com\/wp-content\/uploads\/2025\/11\/20251129_081404-1-scaled.jpg","type":"image\/jpeg"}],"twitter_card":"summary_large_image","twitter_misc":{"Est. reading time":"3 minutes"},"schema":{"@context":"https:\/\/schema.org","@graph":[{"@type":"WebPage","@id":"https:\/\/tajkertesz.com\/termek\/havas-lucfenyo-ho-spray-vel-fujva\/","url":"https:\/\/tajkertesz.com\/termek\/havas-lucfenyo-ho-spray-vel-fujva\/","name":"Havas lucfeny\u0151 h\u00f3 spray-vel f\u00fajva - T\u00e1jkert\u00e9sz","isPartOf":{"@id":"https:\/\/tajkertesz.com\/#website"},"primaryImageOfPage":{"@id":"https:\/\/tajkertesz.com\/termek\/havas-lucfenyo-ho-spray-vel-fujva\/#primaryimage"},"image":{"@id":"https:\/\/tajkertesz.com\/termek\/havas-lucfenyo-ho-spray-vel-fujva\/#primaryimage"},"thumbnailUrl":"https:\/\/tajkertesz.com\/wp-content\/uploads\/2025\/11\/20251129_081404-1-scaled.jpg","datePublished":"2025-11-30T10:54:28+00:00","dateModified":"2026-02-25T09:41:46+00:00","description":"Havas lucfeny\u0151 h\u00f3 spray-vel f\u00fajva term\u00e9szetes, havas kar\u00e1csonyi dekor\u00e1ci\u00f3 otthonra \u00e9s irod\u00e1ba. \u00c9l\u0151 Picea glauca 'Super Green'.","breadcrumb":{"@id":"https:\/\/tajkertesz.com\/termek\/havas-lucfenyo-ho-spray-vel-fujva\/#breadcrumb"},"inLanguage":"en-US","potentialAction":[{"@type":"ReadAction","target":["https:\/\/tajkertesz.com\/termek\/havas-lucfenyo-ho-spray-vel-fujva\/"]}]},{"@type":"ImageObject","inLanguage":"en-US","@id":"https:\/\/tajkertesz.com\/termek\/havas-lucfenyo-ho-spray-vel-fujva\/#primaryimage","url":"https:\/\/tajkertesz.com\/wp-content\/uploads\/2025\/11\/20251129_081404-1-scaled.jpg","contentUrl":"https:\/\/tajkertesz.com\/wp-content\/uploads\/2025\/11\/20251129_081404-1-scaled.jpg","width":1543,"height":2560,"caption":"\u00c9l\u0151 Picea glauca 'Super Green' lucfeny\u0151 m\u0171h\u00f3val lef\u00fajva."},{"@type":"BreadcrumbList","@id":"https:\/\/tajkertesz.com\/termek\/havas-lucfenyo-ho-spray-vel-fujva\/#breadcrumb","itemListElement":[{"@type":"ListItem","position":1,"name":"Home","item":"https:\/\/tajkertesz.com\/"},{"@type":"ListItem","position":2,"name":"Kezd\u0151lap","item":"https:\/\/tajkertesz.com\/"},{"@type":"ListItem","position":3,"name":"Havas lucfeny\u0151 h\u00f3 spray-vel f\u00fajva"}]},{"@type":"WebSite","@id":"https:\/\/tajkertesz.com\/#website","url":"https:\/\/tajkertesz.com\/","name":"T\u00e1j-Kert\u00e9sz 84 Kft.","description":"Kert\u00e9szeti kis- \u00e9s nagykeresked\u00e9s, D\u00edszn\u00f6v\u00e9ny web\u00e1ruh\u00e1z orsz\u00e1gos h\u00e1zhozsz\u00e1ll\u00edt\u00e1ssal!","publisher":{"@id":"https:\/\/tajkertesz.com\/#organization"},"potentialAction":[{"@type":"SearchAction","target":{"@type":"EntryPoint","urlTemplate":"https:\/\/tajkertesz.com\/?s={search_term_string}"},"query-input":{"@type":"PropertyValueSpecification","valueRequired":true,"valueName":"search_term_string"}}],"inLanguage":"en-US"},{"@type":"Organization","@id":"https:\/\/tajkertesz.com\/#organization","name":"T\u00e1j-Kert\u00e9sz 84 Kft.","url":"https:\/\/tajkertesz.com\/","logo":{"@type":"ImageObject","inLanguage":"en-US","@id":"https:\/\/tajkertesz.com\/#\/schema\/logo\/image\/","url":"https:\/\/tajkertesz.com\/wp-content\/uploads\/2018\/02\/logo-2-e1518678052539.png","contentUrl":"https:\/\/tajkertesz.com\/wp-content\/uploads\/2018\/02\/logo-2-e1518678052539.png","width":81,"height":140,"caption":"T\u00e1j-Kert\u00e9sz 84 Kft."},"image":{"@id":"https:\/\/tajkertesz.com\/#\/schema\/logo\/image\/"},"sameAs":["https:\/\/www.facebook.com\/Tajkertesz\/"]}]}},"_links":{"self":[{"href":"https:\/\/tajkertesz.com\/en_US\/wp-json\/wp\/v2\/product\/25459","targetHints":{"allow":["GET"]}}],"collection":[{"href":"https:\/\/tajkertesz.com\/en_US\/wp-json\/wp\/v2\/product"}],"about":[{"href":"https:\/\/tajkertesz.com\/en_US\/wp-json\/wp\/v2\/types\/product"}],"wp:featuredmedia":[{"embeddable":true,"href":"https:\/\/tajkertesz.com\/en_US\/wp-json\/wp\/v2\/media\/25461"}],"wp:attachment":[{"href":"https:\/\/tajkertesz.com\/en_US\/wp-json\/wp\/v2\/media?parent=25459"}],"wp:term":[{"taxonomy":"product_brand","embeddable":true,"href":"https:\/\/tajkertesz.com\/en_US\/wp-json\/wp\/v2\/product_brand?post=25459"},{"taxonomy":"product_cat","embeddable":true,"href":"https:\/\/tajkertesz.com\/en_US\/wp-json\/wp\/v2\/product_cat?post=25459"},{"taxonomy":"product_tag","embeddable":true,"href":"https:\/\/tajkertesz.com\/en_US\/wp-json\/wp\/v2\/product_tag?post=25459"}],"curies":[{"name":"wp","href":"https:\/\/api.w.org\/{rel}","templated":true}]}}