{"id":25462,"date":"2025-11-30T11:46:44","date_gmt":"2025-11-30T11:46:44","guid":{"rendered":"https:\/\/tajkertesz.com\/?post_type=product&#038;p=25462"},"modified":"2026-02-25T09:41:32","modified_gmt":"2026-02-25T09:41:32","slug":"picea-glauca-super-green-lucfenyo","status":"publish","type":"product","link":"https:\/\/tajkertesz.com\/en_US\/product\/picea-glauca-super-green-lucfenyo\/","title":{"rendered":"Picea glauca &#8216;Super Green&#8217; &#8211; Lucfeny\u0151"},"content":{"rendered":"<h1>Picea glauca &#8216;Super Green&#8217; &#8211; Lucfeny\u0151<\/h1>\n<p data-start=\"216\" data-end=\"595\">A Picea glauca &#8216;Super Green&#8217; &#8211; Lucfeny\u0151 egy rendk\u00edv\u00fcl mutat\u00f3s \u00f6r\u00f6kz\u00f6ld, amely t\u00f6m\u00f6r, szab\u00e1lyos k\u00fap alakj\u00e1val \u00e9s friss, \u00e9l\u00e9nk z\u00f6ld t\u0171leveleivel azonnal mag\u00e1ra vonzza a figyelmet. Kompakt m\u00e9rete \u00e9s lass\u00fa n\u00f6veked\u00e9se miatt ide\u00e1lis v\u00e1laszt\u00e1s otthoni, irodai vagy teraszos dekor\u00e1ci\u00f3hoz, k\u00fcl\u00f6n\u00f6sen az \u00fcnnepi id\u0151szakban \u2013 ugyanakkor eg\u00e9sz \u00e9vben d\u00edsz\u00edtheti k\u00f6rnyezetedet.<\/p>\n<p data-start=\"597\" data-end=\"861\">A fajta k\u00fcl\u00f6nlegess\u00e9ge, hogy t\u0171levelei s\u0171r\u0171n n\u0151nek, sz\u00edne \u00fcde \u00e9s tiszta z\u00f6ld, szerkezete pedig messzir\u0151l is rendezett, harmonikus. A <strong data-start=\"730\" data-end=\"745\">Super Green<\/strong> egy term\u00e9szetesen eszt\u00e9tikus n\u00f6v\u00e9ny, mely m\u0171h\u00f3 vagy fest\u00e9s n\u00e9lk\u00fcl is t\u00f6k\u00e9letes d\u00edsz, friss, eleg\u00e1ns megjelen\u00e9s\u00e9vel.<\/p>\n<p data-start=\"863\" data-end=\"1046\">Belt\u00e9rben r\u00f6vid ideig tarthat\u00f3, k\u00fclt\u00e9ren pedig hossz\u00fa \u00e9let\u0171, fagyt\u0171r\u0151 fajta, \u00edgy az \u00fcnnepek ut\u00e1n ak\u00e1r kertbe vagy nagyobb cser\u00e9pbe \u00fcltethet\u0151. Minim\u00e1lis gondoz\u00e1ssal sok \u00e9vig \u00f6r\u00f6m\u00f6t ad.<\/p>\n<p data-start=\"1048\" data-end=\"1231\">T\u00f6k\u00e9letes v\u00e1laszt\u00e1s azoknak, akik a term\u00e9szetes, letisztult dekor\u00e1ci\u00f3kat kedvelik, \u00e9s \u00e9l\u0151 n\u00f6v\u00e9nyt szeretn\u00e9nek a kar\u00e1csonyi vagy t\u00e9li hangulat megteremt\u00e9s\u00e9hez \u2013 kompromisszumok n\u00e9lk\u00fcl.<\/p>\n<h4><strong>\ud83d\udd04 K\u00e9szletinform\u00e1ci\u00f3<\/strong><\/h4>\n<p><strong>K\u00e9szlet\u00fcnk napi szinten v\u00e1ltozik, \u00edgy a webshopban szerepl<\/strong><strong>\u0151<\/strong><strong>\u00a0term\u00e9kek el\u00e9rhet<\/strong><strong>\u0151<\/strong><strong>s\u00e9ge nem garant\u00e1lt.<br \/>\n\ud83d\udcde A megrendel\u00e9s el<\/strong><strong>\u0151<\/strong><strong>tt k\u00e9rj\u00fck, \u00e9rdekl<\/strong><strong>\u0151<\/strong><strong>dj\u00f6n szem\u00e9lyesen, telefonon vagy e-mailben!<\/strong><\/p>\n<h4><strong>\u27a1\ufe0f Kapcsolat:<\/strong><\/h4>\n<ul>\n<li><strong>Weboldal:\u00a0<\/strong><a href=\"https:\/\/tajkertesz.com\/\"><strong>tajkertesz.com<\/strong><\/a><\/li>\n<li><strong>Facebook:\u00a0<\/strong><a href=\"https:\/\/www.facebook.com\/tajkertesz\/\"><strong>facebook.com\/tajkertesz<\/strong><\/a><\/li>\n<li><strong>Telefonsz\u00e1m, e-mail: +36\/20-319-3770\u00a0<\/strong><a href=\"mailto:tajkerteszaruda@gmail.com\"><strong>tajkerteszaruda@gmail.com<\/strong><\/a><\/li>\n<\/ul>\n<h4><strong>\ud83d\ude9a Sz\u00e1ll\u00edt\u00e1si inform\u00e1ci\u00f3k<\/strong><\/h4>\n<p><strong>A megrendelt n\u00f6v\u00e9nyek kisz\u00e1ll\u00edt\u00e1sa az al\u00e1bbi felt\u00e9telek mellett t\u00f6rt\u00e9nik:<\/strong><\/p>\n<h4><strong>\ud83d\udce6 Fut\u00e1rszolg\u00e1latos sz\u00e1ll\u00edt\u00e1s<\/strong><\/h4>\n<ul>\n<li><strong>Maxim\u00e1lis m\u00e9ret: 200 cm (hossz\u00fas\u00e1g)<\/strong><\/li>\n<li><strong>Maxim\u00e1lis s\u00faly: 40 kg<\/strong><\/li>\n<li><strong>Az enn\u00e9l kisebb \u00e9s k\u00f6nnyebb csomagokat fut\u00e1rszolg\u00e1lattal k\u00e9zbes\u00edtj\u00fck a lehet<\/strong><strong>\u0151<\/strong><strong>\u00a0legbiztons\u00e1gosabb csomagol\u00e1sban.<\/strong><\/li>\n<\/ul>\n<h4><strong>\ud83d\udefb Szem\u00e9lyes \u00e1tv\u00e9tel<\/strong><\/h4>\n<ul>\n<li><strong>1173 Budapest, Bakancsos utca 7. sz\u00e1m alatt nyitvatart\u00e1si id<\/strong><strong>\u0151<\/strong><strong>ben szem\u00e9lyesen \u00e1tvehet<\/strong><strong>\u0151<\/strong><strong>\u00a0kert\u00e9szeti \u00e1rud\u00e1nkban.<\/strong><\/li>\n<li><strong>K\u00f6lts\u00e9ghat\u00e9kony megold\u00e1s nagyobb, t\u00f6r\u00e9kenyebb vagy t\u00falm\u00e9retes n\u00f6v\u00e9nyek eset\u00e9n.<\/strong><\/li>\n<\/ul>\n<h4><strong>\ud83d\udcde Nagy m\u00e9ret<\/strong><strong>\u0171<\/strong><strong>\u00a0vagy s\u00faly\u00fa n\u00f6v\u00e9nyek eset\u00e9n<\/strong><\/h4>\n<p><strong>Ha a term\u00e9k:<\/strong><\/p>\n<ul>\n<li><strong>meghaladja a 200 cm hossz\u00fas\u00e1got vagy<\/strong><\/li>\n<li><strong>meghaladja a 40 kg s\u00falyt,<\/strong><\/li>\n<\/ul>\n<p><strong>akkor szem\u00e9lyes \u00e1tv\u00e9tellel vagy egyedi, el<\/strong><strong>\u0151<\/strong><strong>re egyeztetett sz\u00e1ll\u00edt\u00e1si felt\u00e9telek mellett t\u00f6rt\u00e9nik.<br \/>\nK\u00e9rj\u00fck, ilyen esetben rendel\u00e9s el<\/strong><strong>\u0151<\/strong><strong>tt vegye fel vel\u00fcnk a kapcsolatot, hogy a lehet<\/strong><strong>\u0151<\/strong><strong>\u00a0legmegfelel<\/strong><strong>\u0151<\/strong><strong>bb sz\u00e1ll\u00edt\u00e1si megold\u00e1st k\u00edn\u00e1lhassuk.<\/strong><\/p>\n<p><strong>\ud83d\udd14 Fontos: A n\u00f6v\u00e9nyeket minden esetben igyeksz\u00fcnk gondosan, egyes\u00e9vel csomagolni, azonban a sz\u00e1ll\u00edt\u00e1s sor\u00e1n kisebb eszt\u00e9tikai s\u00e9r\u00fcl\u00e9sek el<\/strong><strong>\u0151<\/strong><strong>fordulhatnak (pl. lev\u00e9lhull\u00e1s). Ez nem min<\/strong><strong>\u0151<\/strong><strong>s\u00fcl hib\u00e1s teljes\u00edt\u00e9snek.<\/strong><\/p>\n<h4><strong>\ud83d\udcf7 Fontos tudni a k\u00e9pekr<\/strong><strong>\u0151<\/strong><strong>l<\/strong><\/h4>\n<p><strong>A webshopban szerepl<\/strong><strong>\u0151<\/strong><strong>\u00a0k\u00e9pek illusztr\u00e1ci\u00f3k, a n\u00f6v\u00e9nyek term\u00e9szet\u00fckn\u00e9l fogva egyediek, \u00edgy m\u00e9retben, alakban \u00e9s sz\u00ednben minim\u00e1lis elt\u00e9r\u00e9sek el<\/strong><strong>\u0151<\/strong><strong>fordulhatnak a k\u00e9pen l\u00e1that\u00f3 \u00e9s a val\u00f3s p\u00e9ld\u00e1nyok k\u00f6z\u00f6tt.<\/strong><\/p>\n<h4><strong>\ud83e\uddfe \u00c1rak \u00e9s el\u00e1ll\u00e1si jog<\/strong><\/h4>\n<ul>\n<li><strong>Az \u00e1rak egy darab\u00a0n\u00f6v\u00e9nyre vonatkoznak.<\/strong><\/li>\n<li><strong>\u00c9l<\/strong><strong>\u0151<\/strong><strong>\u00a0n\u00f6v\u00e9nyek rendel\u00e9se eset\u00e9n a 14 napos el\u00e1ll\u00e1s joga nem \u00e9rv\u00e9nyes\u00edthet<\/strong><strong>\u0151<\/strong><strong>, mivel azok romland\u00f3, biol\u00f3giailag \u00e9l<\/strong><strong>\u0151<\/strong><strong>\u00a0term\u00e9keknek min<\/strong><strong>\u0151<\/strong><strong>s\u00fclnek.<br \/>\n\ud83d\udd12 (17\/1999. (II. 5.) Korm. rendelet 5. \u00a7 c) pontja alapj\u00e1n)<\/strong><\/li>\n<\/ul>\n<h4><strong>\ud83d\udce6 K\u00e9zbes\u00edt\u00e9s ut\u00e1ni teend<\/strong><strong>\u0151<\/strong><strong>k<\/strong><\/h4>\n<p><strong>A k\u00e9zbes\u00edt\u00e9st k\u00f6vet<\/strong><strong>\u0151<\/strong><strong>en a csomagot azonnal bontsuk ki, \u00e9s a n\u00f6v\u00e9nyt helyezz\u00fck el megfelel<\/strong><strong>\u0151<\/strong><strong>\u00a0k\u00f6rnyezetben.<br \/>\nFontos: ha a n\u00f6v\u00e9ny nem r\u00e9szes\u00fcl megfelel<\/strong><strong>\u0151<\/strong><strong>\u00a0gondoz\u00e1sban \u00e9s ennek k\u00f6vetkezt\u00e9ben k\u00e1rosodik vagy elpusztul, felel<\/strong><strong>\u0151<\/strong><strong>ss\u00e9get nem tudunk v\u00e1llalni.<\/strong><\/p>\n<p><strong>\u00a0<\/strong><\/p>","protected":false},"excerpt":{"rendered":"<p>Kompakt, \u00e9l\u0151 <strong data-start=\"1277\" data-end=\"1307\">Picea glauca &#8216;Super Green&#8217;<\/strong> l\u00facfeny\u0151 term\u00e9szetes, s\u0171r\u0171 lombozattal \u00e9s \u00fcde z\u00f6ld t\u0171levelekkel. Belt\u00e9ri \u00e9s k\u00fclt\u00e9ri dekor\u00e1ci\u00f3hoz egyar\u00e1nt ide\u00e1lis.<\/p>\n<p>M\u00e9rete: 80\/100 cm magas, 7,5 literes kont\u00e9nerben.<\/p>","protected":false},"featured_media":25463,"template":"","meta":{"_et_pb_use_builder":"","_et_pb_old_content":"","_et_gb_content_width":""},"product_brand":[],"product_cat":[4028,26],"product_tag":[7619,7623,7622,713,6398,7618,7610,7621,7624,7620],"class_list":{"0":"post-25462","1":"product","2":"type-product","3":"status-publish","4":"has-post-thumbnail","6":"product_cat-lucfenyo","7":"product_cat-orokzold-novenyek","8":"product_tag-elo-karacsonyi-dekoracio","9":"product_tag-kis-fenyofa","10":"product_tag-kulteri-fenyo","11":"product_tag-luc","12":"product_tag-lucfenyo","13":"product_tag-mini-elo-fenyo","14":"product_tag-picea-glauca-super-green","15":"product_tag-termeszetes-karacsonyi-dekor","16":"product_tag-tulevelu-noveny","17":"product_tag-unnepi-elo-fenyo","19":"first","20":"instock","21":"shipping-taxable","22":"purchasable","23":"product-type-simple"},"yoast_head":"<!-- This site is optimized with the Yoast SEO plugin v27.5 - https:\/\/yoast.com\/product\/yoast-seo-wordpress\/ -->\n<title>Picea glauca &#039;Super Green&#039; - Lucfeny\u0151 - T\u00e1jkert\u00e9sz<\/title>\n<meta name=\"description\" content=\"Picea glauca &#039;Super Green&#039; - L\u00facfeny\u0151 \u00fcde z\u00f6ld t\u0171levelekkel. Term\u00e9szetes, tart\u00f3s dekor\u00e1ci\u00f3 otthonra, teraszra vagy kertbe.\" \/>\n<meta name=\"robots\" content=\"index, follow, max-snippet:-1, max-image-preview:large, max-video-preview:-1\" \/>\n<link rel=\"canonical\" href=\"https:\/\/tajkertesz.com\/en_US\/product\/picea-glauca-super-green-lucfenyo\/\" \/>\n<meta property=\"og:locale\" content=\"en_US\" \/>\n<meta property=\"og:type\" content=\"article\" \/>\n<meta property=\"og:title\" content=\"Picea glauca &#039;Super Green&#039; - Lucfeny\u0151 - T\u00e1jkert\u00e9sz\" \/>\n<meta property=\"og:description\" content=\"Picea glauca &#039;Super Green&#039; - L\u00facfeny\u0151 \u00fcde z\u00f6ld t\u0171levelekkel. Term\u00e9szetes, tart\u00f3s dekor\u00e1ci\u00f3 otthonra, teraszra vagy kertbe.\" \/>\n<meta property=\"og:url\" content=\"https:\/\/tajkertesz.com\/en_US\/product\/picea-glauca-super-green-lucfenyo\/\" \/>\n<meta property=\"og:site_name\" content=\"T\u00e1jkert\u00e9sz\" \/>\n<meta property=\"article:publisher\" content=\"https:\/\/www.facebook.com\/Tajkertesz\/\" \/>\n<meta property=\"article:modified_time\" content=\"2026-02-25T09:41:32+00:00\" \/>\n<meta property=\"og:image\" content=\"https:\/\/tajkertesz.com\/wp-content\/uploads\/2025\/11\/20251129_081504-1-scaled.jpg\" \/>\n\t<meta property=\"og:image:width\" content=\"1647\" \/>\n\t<meta property=\"og:image:height\" content=\"2560\" \/>\n\t<meta property=\"og:image:type\" content=\"image\/jpeg\" \/>\n<meta name=\"twitter:card\" content=\"summary_large_image\" \/>\n<meta name=\"twitter:label1\" content=\"Est. reading time\" \/>\n\t<meta name=\"twitter:data1\" content=\"3 minutes\" \/>\n<script type=\"application\/ld+json\" class=\"yoast-schema-graph\">{\"@context\":\"https:\\\/\\\/schema.org\",\"@graph\":[{\"@type\":\"WebPage\",\"@id\":\"https:\\\/\\\/tajkertesz.com\\\/termek\\\/picea-glauca-super-green-lucfenyo\\\/\",\"url\":\"https:\\\/\\\/tajkertesz.com\\\/termek\\\/picea-glauca-super-green-lucfenyo\\\/\",\"name\":\"Picea glauca 'Super Green' - Lucfeny\u0151 - T\u00e1jkert\u00e9sz\",\"isPartOf\":{\"@id\":\"https:\\\/\\\/tajkertesz.com\\\/#website\"},\"primaryImageOfPage\":{\"@id\":\"https:\\\/\\\/tajkertesz.com\\\/termek\\\/picea-glauca-super-green-lucfenyo\\\/#primaryimage\"},\"image\":{\"@id\":\"https:\\\/\\\/tajkertesz.com\\\/termek\\\/picea-glauca-super-green-lucfenyo\\\/#primaryimage\"},\"thumbnailUrl\":\"https:\\\/\\\/tajkertesz.com\\\/wp-content\\\/uploads\\\/2025\\\/11\\\/20251129_081504-1-scaled.jpg\",\"datePublished\":\"2025-11-30T11:46:44+00:00\",\"dateModified\":\"2026-02-25T09:41:32+00:00\",\"description\":\"Picea glauca 'Super Green' - L\u00facfeny\u0151 \u00fcde z\u00f6ld t\u0171levelekkel. Term\u00e9szetes, tart\u00f3s dekor\u00e1ci\u00f3 otthonra, teraszra vagy kertbe.\",\"breadcrumb\":{\"@id\":\"https:\\\/\\\/tajkertesz.com\\\/termek\\\/picea-glauca-super-green-lucfenyo\\\/#breadcrumb\"},\"inLanguage\":\"en-US\",\"potentialAction\":[{\"@type\":\"ReadAction\",\"target\":[\"https:\\\/\\\/tajkertesz.com\\\/termek\\\/picea-glauca-super-green-lucfenyo\\\/\"]}]},{\"@type\":\"ImageObject\",\"inLanguage\":\"en-US\",\"@id\":\"https:\\\/\\\/tajkertesz.com\\\/termek\\\/picea-glauca-super-green-lucfenyo\\\/#primaryimage\",\"url\":\"https:\\\/\\\/tajkertesz.com\\\/wp-content\\\/uploads\\\/2025\\\/11\\\/20251129_081504-1-scaled.jpg\",\"contentUrl\":\"https:\\\/\\\/tajkertesz.com\\\/wp-content\\\/uploads\\\/2025\\\/11\\\/20251129_081504-1-scaled.jpg\",\"width\":1647,\"height\":2560,\"caption\":\"Picea glauca 'Super Green' - L\u00facfeny\u0151\"},{\"@type\":\"BreadcrumbList\",\"@id\":\"https:\\\/\\\/tajkertesz.com\\\/termek\\\/picea-glauca-super-green-lucfenyo\\\/#breadcrumb\",\"itemListElement\":[{\"@type\":\"ListItem\",\"position\":1,\"name\":\"Home\",\"item\":\"https:\\\/\\\/tajkertesz.com\\\/\"},{\"@type\":\"ListItem\",\"position\":2,\"name\":\"Kezd\u0151lap\",\"item\":\"https:\\\/\\\/tajkertesz.com\\\/\"},{\"@type\":\"ListItem\",\"position\":3,\"name\":\"Picea glauca &#8216;Super Green&#8217; &#8211; Lucfeny\u0151\"}]},{\"@type\":\"WebSite\",\"@id\":\"https:\\\/\\\/tajkertesz.com\\\/#website\",\"url\":\"https:\\\/\\\/tajkertesz.com\\\/\",\"name\":\"T\u00e1j-Kert\u00e9sz 84 Kft.\",\"description\":\"Kert\u00e9szeti kis- \u00e9s nagykeresked\u00e9s, D\u00edszn\u00f6v\u00e9ny web\u00e1ruh\u00e1z orsz\u00e1gos h\u00e1zhozsz\u00e1ll\u00edt\u00e1ssal!\",\"publisher\":{\"@id\":\"https:\\\/\\\/tajkertesz.com\\\/#organization\"},\"potentialAction\":[{\"@type\":\"SearchAction\",\"target\":{\"@type\":\"EntryPoint\",\"urlTemplate\":\"https:\\\/\\\/tajkertesz.com\\\/?s={search_term_string}\"},\"query-input\":{\"@type\":\"PropertyValueSpecification\",\"valueRequired\":true,\"valueName\":\"search_term_string\"}}],\"inLanguage\":\"en-US\"},{\"@type\":\"Organization\",\"@id\":\"https:\\\/\\\/tajkertesz.com\\\/#organization\",\"name\":\"T\u00e1j-Kert\u00e9sz 84 Kft.\",\"url\":\"https:\\\/\\\/tajkertesz.com\\\/\",\"logo\":{\"@type\":\"ImageObject\",\"inLanguage\":\"en-US\",\"@id\":\"https:\\\/\\\/tajkertesz.com\\\/#\\\/schema\\\/logo\\\/image\\\/\",\"url\":\"https:\\\/\\\/tajkertesz.com\\\/wp-content\\\/uploads\\\/2018\\\/02\\\/logo-2-e1518678052539.png\",\"contentUrl\":\"https:\\\/\\\/tajkertesz.com\\\/wp-content\\\/uploads\\\/2018\\\/02\\\/logo-2-e1518678052539.png\",\"width\":81,\"height\":140,\"caption\":\"T\u00e1j-Kert\u00e9sz 84 Kft.\"},\"image\":{\"@id\":\"https:\\\/\\\/tajkertesz.com\\\/#\\\/schema\\\/logo\\\/image\\\/\"},\"sameAs\":[\"https:\\\/\\\/www.facebook.com\\\/Tajkertesz\\\/\"]}]}<\/script>\n<!-- \/ Yoast SEO plugin. -->","yoast_head_json":{"title":"Picea glauca 'Super Green' - Lucfeny\u0151 - T\u00e1jkert\u00e9sz","description":"Picea glauca 'Super Green' - L\u00facfeny\u0151 \u00fcde z\u00f6ld t\u0171levelekkel. Term\u00e9szetes, tart\u00f3s dekor\u00e1ci\u00f3 otthonra, teraszra vagy kertbe.","robots":{"index":"index","follow":"follow","max-snippet":"max-snippet:-1","max-image-preview":"max-image-preview:large","max-video-preview":"max-video-preview:-1"},"canonical":"https:\/\/tajkertesz.com\/en_US\/product\/picea-glauca-super-green-lucfenyo\/","og_locale":"en_US","og_type":"article","og_title":"Picea glauca 'Super Green' - Lucfeny\u0151 - T\u00e1jkert\u00e9sz","og_description":"Picea glauca 'Super Green' - L\u00facfeny\u0151 \u00fcde z\u00f6ld t\u0171levelekkel. Term\u00e9szetes, tart\u00f3s dekor\u00e1ci\u00f3 otthonra, teraszra vagy kertbe.","og_url":"https:\/\/tajkertesz.com\/en_US\/product\/picea-glauca-super-green-lucfenyo\/","og_site_name":"T\u00e1jkert\u00e9sz","article_publisher":"https:\/\/www.facebook.com\/Tajkertesz\/","article_modified_time":"2026-02-25T09:41:32+00:00","og_image":[{"width":1647,"height":2560,"url":"https:\/\/tajkertesz.com\/wp-content\/uploads\/2025\/11\/20251129_081504-1-scaled.jpg","type":"image\/jpeg"}],"twitter_card":"summary_large_image","twitter_misc":{"Est. reading time":"3 minutes"},"schema":{"@context":"https:\/\/schema.org","@graph":[{"@type":"WebPage","@id":"https:\/\/tajkertesz.com\/termek\/picea-glauca-super-green-lucfenyo\/","url":"https:\/\/tajkertesz.com\/termek\/picea-glauca-super-green-lucfenyo\/","name":"Picea glauca 'Super Green' - Lucfeny\u0151 - T\u00e1jkert\u00e9sz","isPartOf":{"@id":"https:\/\/tajkertesz.com\/#website"},"primaryImageOfPage":{"@id":"https:\/\/tajkertesz.com\/termek\/picea-glauca-super-green-lucfenyo\/#primaryimage"},"image":{"@id":"https:\/\/tajkertesz.com\/termek\/picea-glauca-super-green-lucfenyo\/#primaryimage"},"thumbnailUrl":"https:\/\/tajkertesz.com\/wp-content\/uploads\/2025\/11\/20251129_081504-1-scaled.jpg","datePublished":"2025-11-30T11:46:44+00:00","dateModified":"2026-02-25T09:41:32+00:00","description":"Picea glauca 'Super Green' - L\u00facfeny\u0151 \u00fcde z\u00f6ld t\u0171levelekkel. Term\u00e9szetes, tart\u00f3s dekor\u00e1ci\u00f3 otthonra, teraszra vagy kertbe.","breadcrumb":{"@id":"https:\/\/tajkertesz.com\/termek\/picea-glauca-super-green-lucfenyo\/#breadcrumb"},"inLanguage":"en-US","potentialAction":[{"@type":"ReadAction","target":["https:\/\/tajkertesz.com\/termek\/picea-glauca-super-green-lucfenyo\/"]}]},{"@type":"ImageObject","inLanguage":"en-US","@id":"https:\/\/tajkertesz.com\/termek\/picea-glauca-super-green-lucfenyo\/#primaryimage","url":"https:\/\/tajkertesz.com\/wp-content\/uploads\/2025\/11\/20251129_081504-1-scaled.jpg","contentUrl":"https:\/\/tajkertesz.com\/wp-content\/uploads\/2025\/11\/20251129_081504-1-scaled.jpg","width":1647,"height":2560,"caption":"Picea glauca 'Super Green' - L\u00facfeny\u0151"},{"@type":"BreadcrumbList","@id":"https:\/\/tajkertesz.com\/termek\/picea-glauca-super-green-lucfenyo\/#breadcrumb","itemListElement":[{"@type":"ListItem","position":1,"name":"Home","item":"https:\/\/tajkertesz.com\/"},{"@type":"ListItem","position":2,"name":"Kezd\u0151lap","item":"https:\/\/tajkertesz.com\/"},{"@type":"ListItem","position":3,"name":"Picea glauca &#8216;Super Green&#8217; &#8211; Lucfeny\u0151"}]},{"@type":"WebSite","@id":"https:\/\/tajkertesz.com\/#website","url":"https:\/\/tajkertesz.com\/","name":"T\u00e1j-Kert\u00e9sz 84 Kft.","description":"Kert\u00e9szeti kis- \u00e9s nagykeresked\u00e9s, D\u00edszn\u00f6v\u00e9ny web\u00e1ruh\u00e1z orsz\u00e1gos h\u00e1zhozsz\u00e1ll\u00edt\u00e1ssal!","publisher":{"@id":"https:\/\/tajkertesz.com\/#organization"},"potentialAction":[{"@type":"SearchAction","target":{"@type":"EntryPoint","urlTemplate":"https:\/\/tajkertesz.com\/?s={search_term_string}"},"query-input":{"@type":"PropertyValueSpecification","valueRequired":true,"valueName":"search_term_string"}}],"inLanguage":"en-US"},{"@type":"Organization","@id":"https:\/\/tajkertesz.com\/#organization","name":"T\u00e1j-Kert\u00e9sz 84 Kft.","url":"https:\/\/tajkertesz.com\/","logo":{"@type":"ImageObject","inLanguage":"en-US","@id":"https:\/\/tajkertesz.com\/#\/schema\/logo\/image\/","url":"https:\/\/tajkertesz.com\/wp-content\/uploads\/2018\/02\/logo-2-e1518678052539.png","contentUrl":"https:\/\/tajkertesz.com\/wp-content\/uploads\/2018\/02\/logo-2-e1518678052539.png","width":81,"height":140,"caption":"T\u00e1j-Kert\u00e9sz 84 Kft."},"image":{"@id":"https:\/\/tajkertesz.com\/#\/schema\/logo\/image\/"},"sameAs":["https:\/\/www.facebook.com\/Tajkertesz\/"]}]}},"_links":{"self":[{"href":"https:\/\/tajkertesz.com\/en_US\/wp-json\/wp\/v2\/product\/25462","targetHints":{"allow":["GET"]}}],"collection":[{"href":"https:\/\/tajkertesz.com\/en_US\/wp-json\/wp\/v2\/product"}],"about":[{"href":"https:\/\/tajkertesz.com\/en_US\/wp-json\/wp\/v2\/types\/product"}],"wp:featuredmedia":[{"embeddable":true,"href":"https:\/\/tajkertesz.com\/en_US\/wp-json\/wp\/v2\/media\/25463"}],"wp:attachment":[{"href":"https:\/\/tajkertesz.com\/en_US\/wp-json\/wp\/v2\/media?parent=25462"}],"wp:term":[{"taxonomy":"product_brand","embeddable":true,"href":"https:\/\/tajkertesz.com\/en_US\/wp-json\/wp\/v2\/product_brand?post=25462"},{"taxonomy":"product_cat","embeddable":true,"href":"https:\/\/tajkertesz.com\/en_US\/wp-json\/wp\/v2\/product_cat?post=25462"},{"taxonomy":"product_tag","embeddable":true,"href":"https:\/\/tajkertesz.com\/en_US\/wp-json\/wp\/v2\/product_tag?post=25462"}],"curies":[{"name":"wp","href":"https:\/\/api.w.org\/{rel}","templated":true}]}}