{"id":25472,"date":"2025-12-01T09:06:10","date_gmt":"2025-12-01T09:06:10","guid":{"rendered":"https:\/\/tajkertesz.com\/?post_type=product&#038;p=25472"},"modified":"2025-12-08T15:34:23","modified_gmt":"2025-12-08T15:34:23","slug":"mohu-zoldhulladek-gyujto-zsak-10db","status":"publish","type":"product","link":"https:\/\/tajkertesz.com\/en_US\/product\/mohu-zoldhulladek-gyujto-zsak-10db\/","title":{"rendered":"MOHU z\u00f6ldhullad\u00e9k-gy\u0171jt\u0151 zs\u00e1k 10db."},"content":{"rendered":"<h1>MOHU z\u00f6ldhullad\u00e9k-gy\u0171jt\u0151 zs\u00e1k 10db.<\/h1>\n<p>MOHU z\u00f6ldhullad\u00e9k-gy\u0171jt\u0151 zs\u00e1k 10db.<\/p>\n<p>A\u00a0<strong class=\"Yjhzub\" data-complete=\"true\" data-processed=\"true\">MOHU z\u00f6ldhullad\u00e9kos zs\u00e1kok<\/strong>\u00a0a kerti z\u00f6ldhullad\u00e9k (p\u00e9ld\u00e1ul falev\u00e9l, f\u0171kasz\u00e1l\u00e9k, v\u00e9kony gallyak) gy\u0171jt\u00e9s\u00e9re szolg\u00e1lnak, \u00e9s a\u00a0<strong class=\"Yjhzub\" data-complete=\"true\" data-processed=\"true\">term\u00e9k \u00e1ra tartalmazza az elsz\u00e1ll\u00edt\u00e1s d\u00edj\u00e1t<\/strong>\u00a0is. Kiz\u00e1r\u00f3lag a MOHU vagy szerz\u0151d\u00f6tt partnerei \u00e1ltal biztos\u00edtott, egyedi felirattal ell\u00e1tott zs\u00e1kokat sz\u00e1ll\u00edtj\u00e1k el.<span class=\"uJ19be notranslate\" data-wiz-uids=\"vMTinb_e,vMTinb_f,vMTinb_g\" data-complete=\"true\" data-processed=\"true\"><span class=\"vKEkVd\" data-animation-atomic=\"\" data-complete=\"true\" data-sae=\"\">\u00a0<\/span><\/span><\/p>\n<div class=\"otQkpb\" role=\"heading\" aria-level=\"3\" data-animation-nesting=\"\" data-sfc-cp=\"\" data-processed=\"true\" data-sae=\"\" data-complete=\"true\">Fontos tudnival\u00f3k<button class=\"rBl3me\" tabindex=\"0\" data-amic=\"true\" data-icl-uuid=\"d7e303d9-52fd-4a78-b003-17ddb37c4317\" aria-label=\"Kapcsol\u00f3d\u00f3 linkek megjelen\u00edt\u00e9se\" data-wiz-attrbind=\"disabled=vMTinb_1i_C5gNJc;class=vMTinb_1i_UpSNec;\" data-ved=\"2ahUKEwjS-MKmg5yRAxV6g_0HHbtBGboQye0OegQIBhAA\"><\/button><\/div>\n<ul class=\"KsbFXc U6u95\" data-complete=\"true\" data-processed=\"true\">\n<li data-hveid=\"CAcQAA\" data-complete=\"true\" data-sae=\"\"><span class=\"T286Pc\" data-sfc-cp=\"\" data-complete=\"true\"><strong class=\"Yjhzub\" data-complete=\"true\">M\u00e9rete:<\/strong>\u00a0A zs\u00e1k \u0171rtartalma jellemz\u0151en 120 literes, \u00e9s egy tekercsen \u00e1ltal\u00e1ban 10 darab tal\u00e1lhat\u00f3.<\/span><\/li>\n<li data-hveid=\"CAcQAQ\" data-complete=\"true\" data-sae=\"\"><span class=\"T286Pc\" data-sfc-cp=\"\" data-complete=\"true\"><strong class=\"Yjhzub\" data-complete=\"true\">Tartalma:<\/strong>\u00a0Kiz\u00e1r\u00f3lag n\u00f6v\u00e9nyi eredet\u0171 z\u00f6ldhullad\u00e9k (lomb, f\u0171, nyesed\u00e9k) helyezhet\u0151 bele. Fontos, hogy ne ker\u00fclj\u00f6n a zs\u00e1kba feny\u0151f\u00e9le vagy di\u00f3fa levele\/gallya, mivel ezek nehez\u00edtik a komposzt\u00e1l\u00e1st.<\/span><\/li>\n<li data-hveid=\"CAcQAg\" data-complete=\"true\" data-sae=\"\"><span class=\"T286Pc\" data-sfc-cp=\"\" data-complete=\"true\"><strong class=\"Yjhzub\" data-complete=\"true\">Kihelyez\u00e9s:<\/strong>\u00a0A zs\u00e1kot a meghirdetett gy\u0171jt\u00e9si napon kell kihelyezni az ingatlan el\u00e9. A gy\u0171jt\u00e9si rendr\u0151l a lak\u00f3helye szerinti Ter\u00fcleti Szolg\u00e1ltat\u00f3n\u00e1l vagy a\u00a0<span data-sfc-cp=\"\" data-complete=\"true\"><a class=\"H23r4e\" href=\"https:\/\/mohu.hu\/hu\/zoldhulladek-elszallitas\" target=\"_blank\" rel=\"noopener\">MOHU hivatalos oldal\u00e1n<\/a><\/span>\u00a0t\u00e1j\u00e9koz\u00f3dhat.<\/span><\/li>\n<li data-hveid=\"CAcQBA\" data-complete=\"true\" data-sae=\"\"><span class=\"T286Pc\" data-sfc-cp=\"\" data-complete=\"true\"><strong class=\"Yjhzub\" data-complete=\"true\">Alternat\u00edv lehet\u0151s\u00e9g:<\/strong>\u00a0A fa\u00e1gakat (legfeljebb 10 cm \u00e1tm\u00e9r\u0151ig \u00e9s 1 m\u00e9teres darabokra v\u00e1gva) a zs\u00e1k mell\u00e9, \u00f6sszek\u00f6t\u00f6zve is ki lehet tenni elsz\u00e1ll\u00edt\u00e1sra.<\/span><span class=\"uJ19be notranslate\" data-wiz-uids=\"vMTinb_1z,vMTinb_20,vMTinb_21\" data-complete=\"true\"><span class=\"vKEkVd\" data-animation-atomic=\"\" data-complete=\"true\" data-sae=\"\">\u00a0<button class=\"rBl3me IWyTpf pjvauc\" tabindex=\"0\" data-amic=\"true\" data-icl-uuid=\"eb0c325b-6708-4301-87b7-bedc67f8adf2\" aria-label=\"Kapcsol\u00f3d\u00f3 linkek megjelen\u00edt\u00e9se\" data-wiz-attrbind=\"disabled=vMTinb_1z_C5gNJc;class=vMTinb_1z_UpSNec;\" data-ved=\"2ahUKEwjS-MKmg5yRAxV6g_0HHbtBGboQye0OegQIBxAG\" data-complete=\"true\"><\/button><\/span><\/span>\n<div class=\"Fwa2Od\" data-animation-skip=\"\" data-signal-inputs=\"scS1X=udAs2b\/TVP8Qe\" data-complete=\"true\"><img decoding=\"async\" id=\"img-GVktaZKILPqG9u8Pu4Pl0As_3\" class=\"lXbsme\" src=\"data:image\/png;base64,iVBORw0KGgoAAAANSUhEUgAAAIAAAACACAMAAAD04JH5AAAAOVBMVEVHcEzW3yPW3yPW3yPX3yLW4CPW3yPQ2CLW3yPW3yPX4CMAAACyuR0lJwbAyB9GSQtmaxCBhxWZnxlSDYf\/AAAACnRSTlMAMIKBE5i8\/NhKMkg7sAAACG9JREFUeJy1W4eWqyAQjW4UTez\/\/7FrA6bcQcxuOOeVoNMrCI\/HB+NZtG1Z1U3j3OvlXNPUVdm2xfMTXPeJtyvlla4ebuWj\/S4TK\/EGkaaj+RoTBnWgjKb+Ag9FCahDSxw8lMW\/km9rTtX\/kXN0um6\/Qj6tBq6Sf2KhbQhqqXQcDtESf2fhqaV3gLKci4b4oztWKXEdmlc6qf7AAtM+xQ9kVYTDxOd2qBg2ZO4LnXjDVB+RL7T41NSm3hGjzQdZoQV48Ei5QmD2thkqhhg7OZDVzo03zVDZCIFRrsS\/zcHTyvso0iUTZlg02fEo6ZsRZitcvOlucXC4vze9NDeOPBR\/euQFA9I\/IK5pWPog8zk6eILwN6hjS4Rn1Gv8KxkcKPlZ7ZeNAPR4rIrTD67oVxQg28kuntK3LqKxEgA47vAEC1Tba5McwPzLcZ1\/OGfXqiJ4Elm5IO+hjsNmDc0r5\/H\/2MHYaAyw\/0E8EO1csWk6YqVgES5MJUnWiX8MN2gBu7YTMs\/AzQFi9fiN3aARcLYjY8oU5iKRwXxkGUAoIdMCGEfwrVLTfyLO08mfPdHGSrKrVQAWXyniKFiTNhAPauSBQhKYEBSRVPq3mNiG9EOjBusseIOMZYP9d6MVYPGKKds2RwBO6VeooI5gMnsCwolgSzLNHta2AnDyMHACZkDgIohWKeDOgLnvXo4gKtir4NClxjBIGmlqbrjA96JVsdxA+rc9+r4fp7lL6IKx0s3TuIIkEL6n9bWfkASbKwb8MHigrLhuzkC0MxAqwuGCUw5cP3bcCEJ8t4w5aFZRtre9Gx5lqMuDfE9cC0z3ueTf792lKmqBTBWso58V4dMlczEcFgg28Emgy\/GCAxxUgxU+W\/z3eMZUSyxwiwOPgKk\/G\/rde\/BK1KF8GUaVAZZs8oT9vSI9mRrXAFb8juuQsweSGA069nqYCdZ8Ep3Y7X2JKITCDuPSDc5teW3iDybqBkr+DWwb3SyYWLjq2ofqBZkVeMjxIFvIEy5\/P1MX6Vhs9Dx5VLQQOYlqlHnPUXmIIzL5OfmdBcr4xB7VZxYIbA2EwgxKDcUV2GNWU1xLsZYo7Z4JCkZmki\/K4SIHnhJl+kixehAdsQByRfDBfXqwVBVHJNcplkz6TAdMspYHQXxtinxulX2IP73CT0lY\/qW4t36AgEXUI82j7dEL+LYyKjM40jCvOWBtB6JHHOrsOyUalX+YTjA\/EXH31EtKFoWLRhXxR7iVp9G7Oq2hUX4HwATyU56KtYNBmyFZsxgmBLw6BuIA0WuYWfoTLPrKSEjWdEUSX\/EKEAlWBwahRLybl2VlrJ7EQfPwacABB5c9iiqCJLr62LUqsFNbYaILr64MEG46iUw1GEIFNAOQR6qmdmKevOseSJ5Tm4OqZjw50AxAAkD3dpOQh7zsqAYWAaAx9awbJR4yRqWCzqB3AP+J5PGKS4yZvQB7DJpGCX89dQ7QliMGDqJMA3kMoAhkvpHPwK6BhAlMXe6DeCh3jUwTHKOheSDfCR2ub06ahoMF1ZBUGPPAC4ShiqeoatID9LIDsMBQGDY0Fd9JRDoDkHopwc4XegGxjdoXoz0SVCoWmSgCGg7gINgpTjAaSZprMSoJfFYxEk04WqOwHiUUo4CLFqOSNSS6HNO6uoD3WItHephJg0WvmYi2WrZFPYCGpJt3cUhDwmysejDv0HsD3Y9xHaCbyYMB1pRGxllLtg5as4gDEgeQPbQAi1xTo61NKftMSJpSs72k9FkKfg3L3Fm7RgSKYt4W6GSLkDmd1WBT+h2F3ZWOfJLT78Oq8twsrIwXMQcs0aMSoNJSEm2lFqfppVlnrg5JZCzSDI4hZU\/bc3lOdplo\/hfLPL7M5CWIysgZF\/tWXKhn3KBwANOGbF7X2fuu4yRSfEgV218Df9bP+5pkXdbLVf0cgI6O8KHX56qawg0KGqe8N4hQkwabuHlKvlPtDA7QYK7kcrd25M5OG7bp+G7fDfq3tucmUoW24bdK1feyyw0v3p5n7c2+uf7D\/gixAc22SZmClztJP7nhrddVfqv2Kb4ZX0gl4pwtT23rhRQZoePnyxLs\/LsJikNSg1sX7uO88N7IABu5+Ae1sF1\/fLBQDA6zcu6RZKbT9VSSlZG\/k9c1yrHP+LUkfv4eFr9xuX2wWFheVG4SI6ObAxMrHAFzlAb9ahU+W+rhhnPI58kcs0HtH3oUWKTEvtvV\/LlV1cmQiwa9e3wx+MdbHYmpsWcfUTNwHyCA6A\/x7bbRr11ww33gkv6JMahXnuPAny6dQkA+FJEY6TvwQloUdYiijpt1GggiJkYQSS68TuAEPvX5\/jzAkMN9mAlF2Gxg7QHOcMhDVBbvZOpsXib60IlXOZR3AXCEA1YEjkHP77E4aSin\/sMHPkmE\/PAqLlcdXCYAgMk4zVUZdMkcc6+dg2kQbyLDCWzIAPtAZ0lzE5zhPFQg7wD2mcJCYoLoTfPk5tHEyVLiBggbSAdS4cAAkt3kIetKYXNY4OuUjZLX9vvmkUoLdYonI3cd05cHrHE2uHBto3aAqctDrfJYseFpiXhTIcDo3ztY7CRGWzykL\/LrRJd3uLvQx7q4G96Qmf\/OveeQc7g7L\/\/yibvH653ZYFAqRvfwYo+OBHjnuo1YLjohO0zSF9x+eMVC07iaZT4bH92+adPy6mcM7BMgCj64a6SDgds0HZacu0+u+TwyT9rnOOJnF528EswihLWgef3TlTvki9AGtkHKv92326\/7XfgjTMjnf\/963e\/hr9xZA\/UFce4fLjzuLIi1MzACVMK\/3zpNtD5g6h\/Jb6P4ubjyzLNz8\/O\/13638SyquKucykZfvXyNrj9zPpry+\/fP+eV3knC\/fvk9MFG07Q+\/\/v\/z6fX\/Xxf9CKZAsoC5AAAAAElFTkSuQmCC\" alt=\"MOHU Budapest\" data-deferred=\"3\" data-csiid=\"GVktaZHIKN_h7_UPs5CPsA8_13\" data-atf=\"5\" data-imglogged=\"true\" data-aatf=\"4\" data-imgprocessed=\"true\" data-iml=\"1764579614275\" \/><span class=\"wJwe6c\"><span class=\"iFMVXd\">MOHU Budapest<\/span><span class=\"IjM6od\">\u00a0+4<\/span><\/span><\/div>\n<\/li>\n<\/ul>\n<h4><strong>\ud83d\udd04 K\u00e9szletinform\u00e1ci\u00f3<\/strong><\/h4>\n<p><strong>K\u00e9szlet\u00fcnk napi szinten v\u00e1ltozik, \u00edgy a webshopban szerepl<\/strong><strong>\u0151<\/strong><strong>\u00a0term\u00e9kek el\u00e9rhet<\/strong><strong>\u0151<\/strong><strong>s\u00e9ge nem garant\u00e1lt.<br \/>\n\ud83d\udcde A megrendel\u00e9s el<\/strong><strong>\u0151<\/strong><strong>tt k\u00e9rj\u00fck, \u00e9rdekl<\/strong><strong>\u0151<\/strong><strong>dj\u00f6n szem\u00e9lyesen, telefonon vagy e-mailben!<\/strong><\/p>\n<h4><strong>\u27a1\ufe0f Kapcsolat:<\/strong><\/h4>\n<ul>\n<li><strong>Weboldal:\u00a0<\/strong><a href=\"https:\/\/tajkertesz.com\/\"><strong>tajkertesz.com<\/strong><\/a><\/li>\n<li><strong>Facebook:\u00a0<\/strong><a href=\"https:\/\/www.facebook.com\/tajkertesz\/\"><strong>facebook.com\/tajkertesz<\/strong><\/a><\/li>\n<li><strong>Telefonsz\u00e1m, e-mail: +36\/20-319-3770\u00a0<\/strong><a href=\"mailto:tajkerteszaruda@gmail.com\"><strong>tajkerteszaruda@gmail.com<\/strong><\/a><\/li>\n<\/ul>\n<h4><strong>\ud83d\ude9a Sz\u00e1ll\u00edt\u00e1si inform\u00e1ci\u00f3k<\/strong><\/h4>\n<p><strong>A megrendelt n\u00f6v\u00e9nyek kisz\u00e1ll\u00edt\u00e1sa az al\u00e1bbi felt\u00e9telek mellett t\u00f6rt\u00e9nik:<\/strong><\/p>\n<h4><strong>\ud83d\udce6 Fut\u00e1rszolg\u00e1latos sz\u00e1ll\u00edt\u00e1s<\/strong><\/h4>\n<ul>\n<li><strong>Maxim\u00e1lis m\u00e9ret: 200 cm (hossz\u00fas\u00e1g)<\/strong><\/li>\n<li><strong>Maxim\u00e1lis s\u00faly: 40 kg<\/strong><\/li>\n<li><strong>Az enn\u00e9l kisebb \u00e9s k\u00f6nnyebb csomagokat fut\u00e1rszolg\u00e1lattal k\u00e9zbes\u00edtj\u00fck a lehet<\/strong><strong>\u0151<\/strong><strong>\u00a0legbiztons\u00e1gosabb csomagol\u00e1sban.<\/strong><\/li>\n<\/ul>\n<h4><strong>\ud83d\udefb Szem\u00e9lyes \u00e1tv\u00e9tel<\/strong><\/h4>\n<ul>\n<li><strong>1173 Budapest, Bakancsos utca 7. sz\u00e1m alatt nyitvatart\u00e1si id<\/strong><strong>\u0151<\/strong><strong>ben szem\u00e9lyesen \u00e1tvehet<\/strong><strong>\u0151<\/strong><strong>\u00a0kert\u00e9szeti \u00e1rud\u00e1nkban.<\/strong><\/li>\n<li><strong>K\u00f6lts\u00e9ghat\u00e9kony megold\u00e1s nagyobb, t\u00f6r\u00e9kenyebb vagy t\u00falm\u00e9retes n\u00f6v\u00e9nyek eset\u00e9n.<\/strong><\/li>\n<\/ul>\n<h4><strong>\ud83d\udcde Nagy m\u00e9ret<\/strong><strong>\u0171<\/strong><strong>\u00a0vagy s\u00faly\u00fa n\u00f6v\u00e9nyek eset\u00e9n<\/strong><\/h4>\n<p><strong>Ha a term\u00e9k:<\/strong><\/p>\n<ul>\n<li><strong>meghaladja a 200 cm hossz\u00fas\u00e1got vagy<\/strong><\/li>\n<li><strong>meghaladja a 40 kg s\u00falyt,<\/strong><\/li>\n<\/ul>\n<p><strong>akkor szem\u00e9lyes \u00e1tv\u00e9tellel vagy egyedi, el<\/strong><strong>\u0151<\/strong><strong>re egyeztetett sz\u00e1ll\u00edt\u00e1si felt\u00e9telek mellett t\u00f6rt\u00e9nik.<br \/>\nK\u00e9rj\u00fck, ilyen esetben rendel\u00e9s el<\/strong><strong>\u0151<\/strong><strong>tt vegye fel vel\u00fcnk a kapcsolatot, hogy a lehet<\/strong><strong>\u0151<\/strong><strong>\u00a0legmegfelel<\/strong><strong>\u0151<\/strong><strong>bb sz\u00e1ll\u00edt\u00e1si megold\u00e1st k\u00edn\u00e1lhassuk.<\/strong><\/p>\n<p><strong>\ud83d\udd14 Fontos: A n\u00f6v\u00e9nyeket minden esetben igyeksz\u00fcnk gondosan, egyes\u00e9vel csomagolni, azonban a sz\u00e1ll\u00edt\u00e1s sor\u00e1n kisebb eszt\u00e9tikai s\u00e9r\u00fcl\u00e9sek el<\/strong><strong>\u0151<\/strong><strong>fordulhatnak (pl. lev\u00e9lhull\u00e1s). Ez nem min<\/strong><strong>\u0151<\/strong><strong>s\u00fcl hib\u00e1s teljes\u00edt\u00e9snek.<\/strong><\/p>\n<h4><strong>\ud83d\udcf7 Fontos tudni a k\u00e9pekr<\/strong><strong>\u0151<\/strong><strong>l<\/strong><\/h4>\n<p><strong>A webshopban szerepl<\/strong><strong>\u0151<\/strong><strong>\u00a0k\u00e9pek illusztr\u00e1ci\u00f3k, a n\u00f6v\u00e9nyek term\u00e9szet\u00fckn\u00e9l fogva egyediek, \u00edgy m\u00e9retben, alakban \u00e9s sz\u00ednben minim\u00e1lis elt\u00e9r\u00e9sek el<\/strong><strong>\u0151<\/strong><strong>fordulhatnak a k\u00e9pen l\u00e1that\u00f3 \u00e9s a val\u00f3s p\u00e9ld\u00e1nyok k\u00f6z\u00f6tt.<\/strong><\/p>\n<h4><strong>\ud83e\uddfe \u00c1rak \u00e9s el\u00e1ll\u00e1si jog<\/strong><\/h4>\n<ul>\n<li><strong>Az \u00e1rak egy darab\u00a0n\u00f6v\u00e9nyre vonatkoznak.<\/strong><\/li>\n<li><strong>\u00c9l<\/strong><strong>\u0151<\/strong><strong>\u00a0n\u00f6v\u00e9nyek rendel\u00e9se eset\u00e9n a 14 napos el\u00e1ll\u00e1s joga nem \u00e9rv\u00e9nyes\u00edthet<\/strong><strong>\u0151<\/strong><strong>, mivel azok romland\u00f3, biol\u00f3giailag \u00e9l<\/strong><strong>\u0151<\/strong><strong>\u00a0term\u00e9keknek min<\/strong><strong>\u0151<\/strong><strong>s\u00fclnek.<br \/>\n\ud83d\udd12 (17\/1999. (II. 5.) Korm. rendelet 5. \u00a7 c) pontja alapj\u00e1n)<\/strong><\/li>\n<\/ul>\n<h4><strong>\ud83d\udce6 K\u00e9zbes\u00edt\u00e9s ut\u00e1ni teend<\/strong><strong>\u0151<\/strong><strong>k<\/strong><\/h4>\n<p><strong>A k\u00e9zbes\u00edt\u00e9st k\u00f6vet<\/strong><strong>\u0151<\/strong><strong>en a csomagot azonnal bontsuk ki, \u00e9s a n\u00f6v\u00e9nyt helyezz\u00fck el megfelel<\/strong><strong>\u0151<\/strong><strong>\u00a0k\u00f6rnyezetben.<br \/>\nFontos: ha a n\u00f6v\u00e9ny nem r\u00e9szes\u00fcl megfelel<\/strong><strong>\u0151<\/strong><strong>\u00a0gondoz\u00e1sban \u00e9s ennek k\u00f6vetkezt\u00e9ben k\u00e1rosodik vagy elpusztul, felel<\/strong><strong>\u0151<\/strong><strong>ss\u00e9get nem tudunk v\u00e1llalni.<\/strong><\/p>","protected":false},"excerpt":{"rendered":"<p>A\u00a0<strong class=\"Yjhzub\" data-complete=\"true\" data-processed=\"true\">MOHU z\u00f6ldhullad\u00e9kos zs\u00e1kok<\/strong>\u00a0a kerti z\u00f6ldhullad\u00e9k (p\u00e9ld\u00e1ul falev\u00e9l, f\u0171kasz\u00e1l\u00e9k, v\u00e9kony gallyak) gy\u0171jt\u00e9s\u00e9re szolg\u00e1lnak, \u00e9s a\u00a0<strong class=\"Yjhzub\" data-complete=\"true\" data-processed=\"true\">term\u00e9k \u00e1ra tartalmazza az elsz\u00e1ll\u00edt\u00e1s d\u00edj\u00e1t<\/strong>\u00a0is. Kiz\u00e1r\u00f3lag a MOHU vagy szerz\u0151d\u00f6tt partnerei \u00e1ltal biztos\u00edtott, egyedi felirattal ell\u00e1tott zs\u00e1kokat sz\u00e1ll\u00edtj\u00e1k el.<span class=\"uJ19be notranslate\" data-wiz-uids=\"vMTinb_e,vMTinb_f,vMTinb_g\" data-complete=\"true\" data-processed=\"true\"><span class=\"vKEkVd\" data-animation-atomic=\"\" data-complete=\"true\" data-sae=\"\">\u00a0<\/span><\/span><\/p>","protected":false},"featured_media":25473,"template":"","meta":{"_et_pb_use_builder":"","_et_pb_old_content":"","_et_gb_content_width":""},"product_brand":[],"product_cat":[1539],"product_tag":[7625,7632,7628,7627,7631,7633,920],"class_list":{"0":"post-25472","1":"product","2":"type-product","3":"status-publish","4":"has-post-thumbnail","6":"product_cat-kellekek","7":"product_tag-falevel","8":"product_tag-hulladekgyujto-zsak","9":"product_tag-lomb","10":"product_tag-mohu","11":"product_tag-zoldhulladek-zsak","12":"product_tag-zoldhulladekos-zsak","13":"product_tag-zsak","15":"first","16":"instock","17":"shipping-taxable","18":"purchasable","19":"product-type-simple"},"yoast_head":"<!-- This site is optimized with the Yoast SEO plugin v27.5 - https:\/\/yoast.com\/product\/yoast-seo-wordpress\/ -->\n<title>MOHU z\u00f6ldhullad\u00e9k-gy\u0171jt\u0151 zs\u00e1k 10db. - T\u00e1jkert\u00e9sz<\/title>\n<meta name=\"description\" content=\"MOHU z\u00f6ldhullad\u00e9k-gy\u0171jt\u0151 zs\u00e1k 10db. A\u00a0MOHU z\u00f6ldhullad\u00e9kos zs\u00e1kok\u00a0a kerti z\u00f6ldhullad\u00e9k (p\u00e9ld\u00e1ul falev\u00e9l, f\u0171kasz\u00e1l\u00e9k, v\u00e9kony gallyak) gy\u0171jt\u00e9s\u00e9re szolg\u00e1lnak,\" \/>\n<meta name=\"robots\" content=\"index, follow, max-snippet:-1, max-image-preview:large, max-video-preview:-1\" \/>\n<link rel=\"canonical\" href=\"https:\/\/tajkertesz.com\/en_US\/product\/mohu-zoldhulladek-gyujto-zsak-10db\/\" \/>\n<meta property=\"og:locale\" content=\"en_US\" \/>\n<meta property=\"og:type\" content=\"article\" \/>\n<meta property=\"og:title\" content=\"MOHU z\u00f6ldhullad\u00e9k-gy\u0171jt\u0151 zs\u00e1k 10db. - T\u00e1jkert\u00e9sz\" \/>\n<meta property=\"og:description\" content=\"MOHU z\u00f6ldhullad\u00e9k-gy\u0171jt\u0151 zs\u00e1k 10db. A\u00a0MOHU z\u00f6ldhullad\u00e9kos zs\u00e1kok\u00a0a kerti z\u00f6ldhullad\u00e9k (p\u00e9ld\u00e1ul falev\u00e9l, f\u0171kasz\u00e1l\u00e9k, v\u00e9kony gallyak) gy\u0171jt\u00e9s\u00e9re szolg\u00e1lnak,\" \/>\n<meta property=\"og:url\" content=\"https:\/\/tajkertesz.com\/en_US\/product\/mohu-zoldhulladek-gyujto-zsak-10db\/\" \/>\n<meta property=\"og:site_name\" content=\"T\u00e1jkert\u00e9sz\" \/>\n<meta property=\"article:publisher\" content=\"https:\/\/www.facebook.com\/Tajkertesz\/\" \/>\n<meta property=\"article:modified_time\" content=\"2025-12-08T15:34:23+00:00\" \/>\n<meta property=\"og:image\" content=\"https:\/\/tajkertesz.com\/wp-content\/uploads\/2025\/12\/20251201_094922-1-scaled.jpg\" \/>\n\t<meta property=\"og:image:width\" content=\"1442\" \/>\n\t<meta property=\"og:image:height\" content=\"2560\" \/>\n\t<meta property=\"og:image:type\" content=\"image\/jpeg\" \/>\n<meta name=\"twitter:card\" content=\"summary_large_image\" \/>\n<meta name=\"twitter:label1\" content=\"Est. reading time\" \/>\n\t<meta name=\"twitter:data1\" content=\"3 minutes\" \/>\n<script type=\"application\/ld+json\" class=\"yoast-schema-graph\">{\"@context\":\"https:\\\/\\\/schema.org\",\"@graph\":[{\"@type\":\"WebPage\",\"@id\":\"https:\\\/\\\/tajkertesz.com\\\/termek\\\/mohu-zoldhulladek-gyujto-zsak-10db\\\/\",\"url\":\"https:\\\/\\\/tajkertesz.com\\\/termek\\\/mohu-zoldhulladek-gyujto-zsak-10db\\\/\",\"name\":\"MOHU z\u00f6ldhullad\u00e9k-gy\u0171jt\u0151 zs\u00e1k 10db. - T\u00e1jkert\u00e9sz\",\"isPartOf\":{\"@id\":\"https:\\\/\\\/tajkertesz.com\\\/#website\"},\"primaryImageOfPage\":{\"@id\":\"https:\\\/\\\/tajkertesz.com\\\/termek\\\/mohu-zoldhulladek-gyujto-zsak-10db\\\/#primaryimage\"},\"image\":{\"@id\":\"https:\\\/\\\/tajkertesz.com\\\/termek\\\/mohu-zoldhulladek-gyujto-zsak-10db\\\/#primaryimage\"},\"thumbnailUrl\":\"https:\\\/\\\/tajkertesz.com\\\/wp-content\\\/uploads\\\/2025\\\/12\\\/20251201_094922-1-scaled.jpg\",\"datePublished\":\"2025-12-01T09:06:10+00:00\",\"dateModified\":\"2025-12-08T15:34:23+00:00\",\"description\":\"MOHU z\u00f6ldhullad\u00e9k-gy\u0171jt\u0151 zs\u00e1k 10db. A\u00a0MOHU z\u00f6ldhullad\u00e9kos zs\u00e1kok\u00a0a kerti z\u00f6ldhullad\u00e9k (p\u00e9ld\u00e1ul falev\u00e9l, f\u0171kasz\u00e1l\u00e9k, v\u00e9kony gallyak) gy\u0171jt\u00e9s\u00e9re szolg\u00e1lnak,\",\"breadcrumb\":{\"@id\":\"https:\\\/\\\/tajkertesz.com\\\/termek\\\/mohu-zoldhulladek-gyujto-zsak-10db\\\/#breadcrumb\"},\"inLanguage\":\"en-US\",\"potentialAction\":[{\"@type\":\"ReadAction\",\"target\":[\"https:\\\/\\\/tajkertesz.com\\\/termek\\\/mohu-zoldhulladek-gyujto-zsak-10db\\\/\"]}]},{\"@type\":\"ImageObject\",\"inLanguage\":\"en-US\",\"@id\":\"https:\\\/\\\/tajkertesz.com\\\/termek\\\/mohu-zoldhulladek-gyujto-zsak-10db\\\/#primaryimage\",\"url\":\"https:\\\/\\\/tajkertesz.com\\\/wp-content\\\/uploads\\\/2025\\\/12\\\/20251201_094922-1-scaled.jpg\",\"contentUrl\":\"https:\\\/\\\/tajkertesz.com\\\/wp-content\\\/uploads\\\/2025\\\/12\\\/20251201_094922-1-scaled.jpg\",\"width\":1442,\"height\":2560,\"caption\":\"MOHU z\u00f6ldhullad\u00e9k-gy\u0171jt\u0151 zs\u00e1k 10db.\"},{\"@type\":\"BreadcrumbList\",\"@id\":\"https:\\\/\\\/tajkertesz.com\\\/termek\\\/mohu-zoldhulladek-gyujto-zsak-10db\\\/#breadcrumb\",\"itemListElement\":[{\"@type\":\"ListItem\",\"position\":1,\"name\":\"Home\",\"item\":\"https:\\\/\\\/tajkertesz.com\\\/\"},{\"@type\":\"ListItem\",\"position\":2,\"name\":\"Kezd\u0151lap\",\"item\":\"https:\\\/\\\/tajkertesz.com\\\/\"},{\"@type\":\"ListItem\",\"position\":3,\"name\":\"MOHU z\u00f6ldhullad\u00e9k-gy\u0171jt\u0151 zs\u00e1k 10db.\"}]},{\"@type\":\"WebSite\",\"@id\":\"https:\\\/\\\/tajkertesz.com\\\/#website\",\"url\":\"https:\\\/\\\/tajkertesz.com\\\/\",\"name\":\"T\u00e1j-Kert\u00e9sz 84 Kft.\",\"description\":\"Kert\u00e9szeti kis- \u00e9s nagykeresked\u00e9s, D\u00edszn\u00f6v\u00e9ny web\u00e1ruh\u00e1z orsz\u00e1gos h\u00e1zhozsz\u00e1ll\u00edt\u00e1ssal!\",\"publisher\":{\"@id\":\"https:\\\/\\\/tajkertesz.com\\\/#organization\"},\"potentialAction\":[{\"@type\":\"SearchAction\",\"target\":{\"@type\":\"EntryPoint\",\"urlTemplate\":\"https:\\\/\\\/tajkertesz.com\\\/?s={search_term_string}\"},\"query-input\":{\"@type\":\"PropertyValueSpecification\",\"valueRequired\":true,\"valueName\":\"search_term_string\"}}],\"inLanguage\":\"en-US\"},{\"@type\":\"Organization\",\"@id\":\"https:\\\/\\\/tajkertesz.com\\\/#organization\",\"name\":\"T\u00e1j-Kert\u00e9sz 84 Kft.\",\"url\":\"https:\\\/\\\/tajkertesz.com\\\/\",\"logo\":{\"@type\":\"ImageObject\",\"inLanguage\":\"en-US\",\"@id\":\"https:\\\/\\\/tajkertesz.com\\\/#\\\/schema\\\/logo\\\/image\\\/\",\"url\":\"https:\\\/\\\/tajkertesz.com\\\/wp-content\\\/uploads\\\/2018\\\/02\\\/logo-2-e1518678052539.png\",\"contentUrl\":\"https:\\\/\\\/tajkertesz.com\\\/wp-content\\\/uploads\\\/2018\\\/02\\\/logo-2-e1518678052539.png\",\"width\":81,\"height\":140,\"caption\":\"T\u00e1j-Kert\u00e9sz 84 Kft.\"},\"image\":{\"@id\":\"https:\\\/\\\/tajkertesz.com\\\/#\\\/schema\\\/logo\\\/image\\\/\"},\"sameAs\":[\"https:\\\/\\\/www.facebook.com\\\/Tajkertesz\\\/\"]}]}<\/script>\n<!-- \/ Yoast SEO plugin. -->","yoast_head_json":{"title":"MOHU z\u00f6ldhullad\u00e9k-gy\u0171jt\u0151 zs\u00e1k 10db. - T\u00e1jkert\u00e9sz","description":"MOHU z\u00f6ldhullad\u00e9k-gy\u0171jt\u0151 zs\u00e1k 10db. A\u00a0MOHU z\u00f6ldhullad\u00e9kos zs\u00e1kok\u00a0a kerti z\u00f6ldhullad\u00e9k (p\u00e9ld\u00e1ul falev\u00e9l, f\u0171kasz\u00e1l\u00e9k, v\u00e9kony gallyak) gy\u0171jt\u00e9s\u00e9re szolg\u00e1lnak,","robots":{"index":"index","follow":"follow","max-snippet":"max-snippet:-1","max-image-preview":"max-image-preview:large","max-video-preview":"max-video-preview:-1"},"canonical":"https:\/\/tajkertesz.com\/en_US\/product\/mohu-zoldhulladek-gyujto-zsak-10db\/","og_locale":"en_US","og_type":"article","og_title":"MOHU z\u00f6ldhullad\u00e9k-gy\u0171jt\u0151 zs\u00e1k 10db. - T\u00e1jkert\u00e9sz","og_description":"MOHU z\u00f6ldhullad\u00e9k-gy\u0171jt\u0151 zs\u00e1k 10db. A\u00a0MOHU z\u00f6ldhullad\u00e9kos zs\u00e1kok\u00a0a kerti z\u00f6ldhullad\u00e9k (p\u00e9ld\u00e1ul falev\u00e9l, f\u0171kasz\u00e1l\u00e9k, v\u00e9kony gallyak) gy\u0171jt\u00e9s\u00e9re szolg\u00e1lnak,","og_url":"https:\/\/tajkertesz.com\/en_US\/product\/mohu-zoldhulladek-gyujto-zsak-10db\/","og_site_name":"T\u00e1jkert\u00e9sz","article_publisher":"https:\/\/www.facebook.com\/Tajkertesz\/","article_modified_time":"2025-12-08T15:34:23+00:00","og_image":[{"width":1442,"height":2560,"url":"https:\/\/tajkertesz.com\/wp-content\/uploads\/2025\/12\/20251201_094922-1-scaled.jpg","type":"image\/jpeg"}],"twitter_card":"summary_large_image","twitter_misc":{"Est. reading time":"3 minutes"},"schema":{"@context":"https:\/\/schema.org","@graph":[{"@type":"WebPage","@id":"https:\/\/tajkertesz.com\/termek\/mohu-zoldhulladek-gyujto-zsak-10db\/","url":"https:\/\/tajkertesz.com\/termek\/mohu-zoldhulladek-gyujto-zsak-10db\/","name":"MOHU z\u00f6ldhullad\u00e9k-gy\u0171jt\u0151 zs\u00e1k 10db. - T\u00e1jkert\u00e9sz","isPartOf":{"@id":"https:\/\/tajkertesz.com\/#website"},"primaryImageOfPage":{"@id":"https:\/\/tajkertesz.com\/termek\/mohu-zoldhulladek-gyujto-zsak-10db\/#primaryimage"},"image":{"@id":"https:\/\/tajkertesz.com\/termek\/mohu-zoldhulladek-gyujto-zsak-10db\/#primaryimage"},"thumbnailUrl":"https:\/\/tajkertesz.com\/wp-content\/uploads\/2025\/12\/20251201_094922-1-scaled.jpg","datePublished":"2025-12-01T09:06:10+00:00","dateModified":"2025-12-08T15:34:23+00:00","description":"MOHU z\u00f6ldhullad\u00e9k-gy\u0171jt\u0151 zs\u00e1k 10db. A\u00a0MOHU z\u00f6ldhullad\u00e9kos zs\u00e1kok\u00a0a kerti z\u00f6ldhullad\u00e9k (p\u00e9ld\u00e1ul falev\u00e9l, f\u0171kasz\u00e1l\u00e9k, v\u00e9kony gallyak) gy\u0171jt\u00e9s\u00e9re szolg\u00e1lnak,","breadcrumb":{"@id":"https:\/\/tajkertesz.com\/termek\/mohu-zoldhulladek-gyujto-zsak-10db\/#breadcrumb"},"inLanguage":"en-US","potentialAction":[{"@type":"ReadAction","target":["https:\/\/tajkertesz.com\/termek\/mohu-zoldhulladek-gyujto-zsak-10db\/"]}]},{"@type":"ImageObject","inLanguage":"en-US","@id":"https:\/\/tajkertesz.com\/termek\/mohu-zoldhulladek-gyujto-zsak-10db\/#primaryimage","url":"https:\/\/tajkertesz.com\/wp-content\/uploads\/2025\/12\/20251201_094922-1-scaled.jpg","contentUrl":"https:\/\/tajkertesz.com\/wp-content\/uploads\/2025\/12\/20251201_094922-1-scaled.jpg","width":1442,"height":2560,"caption":"MOHU z\u00f6ldhullad\u00e9k-gy\u0171jt\u0151 zs\u00e1k 10db."},{"@type":"BreadcrumbList","@id":"https:\/\/tajkertesz.com\/termek\/mohu-zoldhulladek-gyujto-zsak-10db\/#breadcrumb","itemListElement":[{"@type":"ListItem","position":1,"name":"Home","item":"https:\/\/tajkertesz.com\/"},{"@type":"ListItem","position":2,"name":"Kezd\u0151lap","item":"https:\/\/tajkertesz.com\/"},{"@type":"ListItem","position":3,"name":"MOHU z\u00f6ldhullad\u00e9k-gy\u0171jt\u0151 zs\u00e1k 10db."}]},{"@type":"WebSite","@id":"https:\/\/tajkertesz.com\/#website","url":"https:\/\/tajkertesz.com\/","name":"T\u00e1j-Kert\u00e9sz 84 Kft.","description":"Kert\u00e9szeti kis- \u00e9s nagykeresked\u00e9s, D\u00edszn\u00f6v\u00e9ny web\u00e1ruh\u00e1z orsz\u00e1gos h\u00e1zhozsz\u00e1ll\u00edt\u00e1ssal!","publisher":{"@id":"https:\/\/tajkertesz.com\/#organization"},"potentialAction":[{"@type":"SearchAction","target":{"@type":"EntryPoint","urlTemplate":"https:\/\/tajkertesz.com\/?s={search_term_string}"},"query-input":{"@type":"PropertyValueSpecification","valueRequired":true,"valueName":"search_term_string"}}],"inLanguage":"en-US"},{"@type":"Organization","@id":"https:\/\/tajkertesz.com\/#organization","name":"T\u00e1j-Kert\u00e9sz 84 Kft.","url":"https:\/\/tajkertesz.com\/","logo":{"@type":"ImageObject","inLanguage":"en-US","@id":"https:\/\/tajkertesz.com\/#\/schema\/logo\/image\/","url":"https:\/\/tajkertesz.com\/wp-content\/uploads\/2018\/02\/logo-2-e1518678052539.png","contentUrl":"https:\/\/tajkertesz.com\/wp-content\/uploads\/2018\/02\/logo-2-e1518678052539.png","width":81,"height":140,"caption":"T\u00e1j-Kert\u00e9sz 84 Kft."},"image":{"@id":"https:\/\/tajkertesz.com\/#\/schema\/logo\/image\/"},"sameAs":["https:\/\/www.facebook.com\/Tajkertesz\/"]}]}},"_links":{"self":[{"href":"https:\/\/tajkertesz.com\/en_US\/wp-json\/wp\/v2\/product\/25472","targetHints":{"allow":["GET"]}}],"collection":[{"href":"https:\/\/tajkertesz.com\/en_US\/wp-json\/wp\/v2\/product"}],"about":[{"href":"https:\/\/tajkertesz.com\/en_US\/wp-json\/wp\/v2\/types\/product"}],"wp:featuredmedia":[{"embeddable":true,"href":"https:\/\/tajkertesz.com\/en_US\/wp-json\/wp\/v2\/media\/25473"}],"wp:attachment":[{"href":"https:\/\/tajkertesz.com\/en_US\/wp-json\/wp\/v2\/media?parent=25472"}],"wp:term":[{"taxonomy":"product_brand","embeddable":true,"href":"https:\/\/tajkertesz.com\/en_US\/wp-json\/wp\/v2\/product_brand?post=25472"},{"taxonomy":"product_cat","embeddable":true,"href":"https:\/\/tajkertesz.com\/en_US\/wp-json\/wp\/v2\/product_cat?post=25472"},{"taxonomy":"product_tag","embeddable":true,"href":"https:\/\/tajkertesz.com\/en_US\/wp-json\/wp\/v2\/product_tag?post=25472"}],"curies":[{"name":"wp","href":"https:\/\/api.w.org\/{rel}","templated":true}]}}