{"id":25570,"date":"2025-12-09T09:42:54","date_gmt":"2025-12-09T09:42:54","guid":{"rendered":"https:\/\/tajkertesz.com\/?post_type=product&#038;p=25570"},"modified":"2026-02-21T12:41:15","modified_gmt":"2026-02-21T12:41:15","slug":"acca-sellowiana-feijoa-sellowiana-mirtuszdio-2","status":"publish","type":"product","link":"https:\/\/tajkertesz.com\/en_US\/product\/acca-sellowiana-feijoa-sellowiana-mirtuszdio-2\/","title":{"rendered":"Acca sellowiana (Feijoa sellowiana) \u2013 Mirtuszdi\u00f3"},"content":{"rendered":"<h1>Acca sellowiana (Feijoa sellowiana) \u2013 Mirtuszdi\u00f3<\/h1>\n<p data-start=\"473\" data-end=\"826\">Az Acca sellowiana (Feijoa sellowiana) \u2013 Mirtuszdi\u00f3\u00a0egy rendk\u00edv\u00fcl \u00edzletes gy\u00fcm\u00f6lcs\u00f6t term\u0151, <strong data-start=\"565\" data-end=\"595\">r\u00e9szben fagy\u00e1ll\u00f3 egzotikus<\/strong> n\u00f6v\u00e9ny, amely d\u00edszn\u00f6v\u00e9nyk\u00e9nt \u00e9s gy\u00fcm\u00f6lcsterm\u0151 cserjek\u00e9nt is kiemelked\u0151 \u00e9rt\u00e9ket k\u00e9pvisel. K\u00f6zepes n\u00f6veked\u00e9s\u0171, ez\u00fcst\u00f6s-z\u00f6ld levelekkel, \u00e9s l\u00e1tv\u00e1nyos piros-feh\u00e9r vir\u00e1gokkal d\u00edsz\u00edt, amelyek nemcsak sz\u00e9pek, de <strong data-start=\"801\" data-end=\"822\">ehet\u0151ek \u00e9s \u00e9desek<\/strong> is.<\/p>\n<h2 data-start=\"473\" data-end=\"826\">Acca sellowiana (Feijoa sellowiana) jellemz\u0151i<\/h2>\n<p data-start=\"828\" data-end=\"1179\">Gy\u00fcm\u00f6lcse toj\u00e1s form\u00e1j\u00fa, z\u00f6ld h\u00e9j\u00fa, bel\u00fcl illatos \u00e9s kr\u00e9mes. \u00cdzvil\u00e1ga egyed\u00fcl\u00e1ll\u00f3: <strong data-start=\"911\" data-end=\"937\">anan\u00e1sz, eper \u00e9s menta<\/strong> arom\u00e1j\u00e1t \u00f6tv\u00f6zi. Magas <strong data-start=\"961\" data-end=\"974\">C-vitamin<\/strong>, antioxid\u00e1ns \u00e9s rosttartalma miatt az egyik legeg\u00e9szs\u00e9gesebb egzotikus gy\u00fcm\u00f6lcs. A n\u00f6v\u00e9ny j\u00f3l t\u0171ri a sz\u00e1razs\u00e1got \u00e9s a m\u00e9rs\u00e9kelt hideget, \u00edgy Magyarorsz\u00e1gon v\u00e9dett, napos helyre \u00fcltetve kiv\u00e1l\u00f3an nevelhet\u0151.<\/p>\n<p data-start=\"1181\" data-end=\"1198\"><strong data-start=\"1181\" data-end=\"1198\">F\u0151bb el\u0151ny\u00f6k:<\/strong><\/p>\n<ul data-start=\"1199\" data-end=\"1519\">\n<li data-start=\"1199\" data-end=\"1255\">\n<p data-start=\"1201\" data-end=\"1255\">\ud83e\udd5d Rendk\u00edv\u00fcl <strong data-start=\"1214\" data-end=\"1253\">\u00edzletes, illatos egzotikus gy\u00fcm\u00f6lcs<\/strong><\/p>\n<\/li>\n<li data-start=\"1256\" data-end=\"1319\">\n<p data-start=\"1258\" data-end=\"1319\">\u2744\ufe0f <strong data-start=\"1261\" data-end=\"1288\">Fagy\u00e1ll\u00f3 \u201310 \u00b0C k\u00f6r\u00fclig<\/strong>, megfelel\u0151 helyen teleltetve<\/p>\n<\/li>\n<li data-start=\"1320\" data-end=\"1367\">\n<p data-start=\"1322\" data-end=\"1367\">\ud83c\udf3a L\u00e1tv\u00e1nyos, <strong data-start=\"1336\" data-end=\"1356\">ehet\u0151 vir\u00e1gokkal<\/strong> vir\u00e1gzik<\/p>\n<\/li>\n<li data-start=\"1368\" data-end=\"1411\">\n<p data-start=\"1370\" data-end=\"1411\">\ud83c\udf31 K\u00f6nnyen nevelhet\u0151, ig\u00e9nytelen n\u00f6v\u00e9ny<\/p>\n<\/li>\n<li data-start=\"1412\" data-end=\"1461\">\n<p data-start=\"1414\" data-end=\"1461\">\u2600\ufe0f Meleg, napos fekv\u00e9sben b\u0151s\u00e9ges term\u00e9st hoz<\/p>\n<\/li>\n<li data-start=\"1462\" data-end=\"1519\">\n<p data-start=\"1464\" data-end=\"1519\">\ud83e\uddc3 Kiv\u00e1l\u00f3 friss fogyaszt\u00e1sra, lekv\u00e1rnak, smoothie-nak<\/p>\n<\/li>\n<\/ul>\n<p data-start=\"1521\" data-end=\"1698\"><strong data-start=\"1521\" data-end=\"1539\">\u00dcltet\u00e9si hely:<\/strong> napos, meleg, sz\u00e9lv\u00e9dett fekv\u00e9s.<br data-start=\"1572\" data-end=\"1575\" \/><strong data-start=\"1575\" data-end=\"1585\">Talaj:<\/strong> laza, j\u00f3 v\u00edz\u00e1tereszt\u0151.<br data-start=\"1608\" data-end=\"1611\" \/><strong data-start=\"1611\" data-end=\"1622\">Porz\u00e1s:<\/strong> r\u00e9szben \u00f6nterm\u00e9keny, de k\u00e9t p\u00e9ld\u00e1nyn\u00e1l j\u00f3val nagyobb term\u00e9shozam \u00e9rhet\u0151 el.<\/p>\n<h4><strong>\ud83d\udd04 K\u00e9szletinform\u00e1ci\u00f3<\/strong><\/h4>\n<p><strong>K\u00e9szlet\u00fcnk napi szinten v\u00e1ltozik, \u00edgy a webshopban szerepl<\/strong><strong>\u0151<\/strong><strong>\u00a0term\u00e9kek el\u00e9rhet<\/strong><strong>\u0151<\/strong><strong>s\u00e9ge nem garant\u00e1lt.<br \/>\n\ud83d\udcde A megrendel\u00e9s el<\/strong><strong>\u0151<\/strong><strong>tt k\u00e9rj\u00fck, \u00e9rdekl<\/strong><strong>\u0151<\/strong><strong>dj\u00f6n szem\u00e9lyesen, telefonon vagy e-mailben!<\/strong><\/p>\n<h4><strong>\u27a1\ufe0f Kapcsolat:<\/strong><\/h4>\n<ul>\n<li><strong>Weboldal:\u00a0<\/strong><a href=\"https:\/\/tajkertesz.com\/\"><strong>tajkertesz.com<\/strong><\/a><\/li>\n<li><strong>Facebook:\u00a0<\/strong><a href=\"https:\/\/www.facebook.com\/tajkertesz\/\"><strong>facebook.com\/tajkertesz<\/strong><\/a><\/li>\n<li><strong>Telefonsz\u00e1m, e-mail: +36\/20-319-3770\u00a0<\/strong><a href=\"mailto:tajkerteszaruda@gmail.com\"><strong>tajkerteszaruda@gmail.com<\/strong><\/a><\/li>\n<\/ul>\n<h4><strong>\ud83d\ude9a Sz\u00e1ll\u00edt\u00e1si inform\u00e1ci\u00f3k<\/strong><\/h4>\n<p><strong>A megrendelt n\u00f6v\u00e9nyek kisz\u00e1ll\u00edt\u00e1sa az al\u00e1bbi felt\u00e9telek mellett t\u00f6rt\u00e9nik:<\/strong><\/p>\n<h4><strong>\ud83d\udce6 Fut\u00e1rszolg\u00e1latos sz\u00e1ll\u00edt\u00e1s<\/strong><\/h4>\n<ul>\n<li><strong>Maxim\u00e1lis m\u00e9ret: 200 cm (hossz\u00fas\u00e1g)<\/strong><\/li>\n<li><strong>Maxim\u00e1lis s\u00faly: 40 kg<\/strong><\/li>\n<li><strong>Az enn\u00e9l kisebb \u00e9s k\u00f6nnyebb csomagokat fut\u00e1rszolg\u00e1lattal k\u00e9zbes\u00edtj\u00fck a lehet<\/strong><strong>\u0151<\/strong><strong>\u00a0legbiztons\u00e1gosabb csomagol\u00e1sban.<\/strong><\/li>\n<\/ul>\n<h4><strong>\ud83d\udefb Szem\u00e9lyes \u00e1tv\u00e9tel<\/strong><\/h4>\n<ul>\n<li><strong>1173 Budapest, Bakancsos utca 7. sz\u00e1m alatt nyitvatart\u00e1si id<\/strong><strong>\u0151<\/strong><strong>ben szem\u00e9lyesen \u00e1tvehet<\/strong><strong>\u0151<\/strong><strong>\u00a0kert\u00e9szeti \u00e1rud\u00e1nkban.<\/strong><\/li>\n<li><strong>K\u00f6lts\u00e9ghat\u00e9kony megold\u00e1s nagyobb, t\u00f6r\u00e9kenyebb vagy t\u00falm\u00e9retes n\u00f6v\u00e9nyek eset\u00e9n.<\/strong><\/li>\n<\/ul>\n<h4><strong>\ud83d\udcde Nagy m\u00e9ret<\/strong><strong>\u0171<\/strong><strong>\u00a0vagy s\u00faly\u00fa n\u00f6v\u00e9nyek eset\u00e9n<\/strong><\/h4>\n<p><strong>Ha a term\u00e9k:<\/strong><\/p>\n<ul>\n<li><strong>meghaladja a 200 cm hossz\u00fas\u00e1got vagy<\/strong><\/li>\n<li><strong>meghaladja a 40 kg s\u00falyt,<\/strong><\/li>\n<\/ul>\n<p><strong>akkor szem\u00e9lyes \u00e1tv\u00e9tellel vagy egyedi, el<\/strong><strong>\u0151<\/strong><strong>re egyeztetett sz\u00e1ll\u00edt\u00e1si felt\u00e9telek mellett t\u00f6rt\u00e9nik.<br \/>\nK\u00e9rj\u00fck, ilyen esetben rendel\u00e9s el<\/strong><strong>\u0151<\/strong><strong>tt vegye fel vel\u00fcnk a kapcsolatot, hogy a lehet<\/strong><strong>\u0151<\/strong><strong>\u00a0legmegfelel<\/strong><strong>\u0151<\/strong><strong>bb sz\u00e1ll\u00edt\u00e1si megold\u00e1st k\u00edn\u00e1lhassuk.<\/strong><\/p>\n<p><strong>\ud83d\udd14 Fontos: A n\u00f6v\u00e9nyeket minden esetben igyeksz\u00fcnk gondosan, egyes\u00e9vel csomagolni, azonban a sz\u00e1ll\u00edt\u00e1s sor\u00e1n kisebb eszt\u00e9tikai s\u00e9r\u00fcl\u00e9sek el<\/strong><strong>\u0151<\/strong><strong>fordulhatnak (pl. lev\u00e9lhull\u00e1s). Ez nem min<\/strong><strong>\u0151<\/strong><strong>s\u00fcl hib\u00e1s teljes\u00edt\u00e9snek.<\/strong><\/p>\n<h4><strong>\ud83d\udcf7 Fontos tudni a k\u00e9pekr<\/strong><strong>\u0151<\/strong><strong>l<\/strong><\/h4>\n<p><strong>A webshopban szerepl<\/strong><strong>\u0151<\/strong><strong>\u00a0k\u00e9pek illusztr\u00e1ci\u00f3k, a n\u00f6v\u00e9nyek term\u00e9szet\u00fckn\u00e9l fogva egyediek, \u00edgy m\u00e9retben, alakban \u00e9s sz\u00ednben minim\u00e1lis elt\u00e9r\u00e9sek el<\/strong><strong>\u0151<\/strong><strong>fordulhatnak a k\u00e9pen l\u00e1that\u00f3 \u00e9s a val\u00f3s p\u00e9ld\u00e1nyok k\u00f6z\u00f6tt.<\/strong><\/p>\n<h4><strong>\ud83e\uddfe \u00c1rak \u00e9s el\u00e1ll\u00e1si jog<\/strong><\/h4>\n<ul>\n<li><strong>Az \u00e1rak egy darab\u00a0n\u00f6v\u00e9nyre vonatkoznak.<\/strong><\/li>\n<li><strong>\u00c9l<\/strong><strong>\u0151<\/strong><strong>\u00a0n\u00f6v\u00e9nyek rendel\u00e9se eset\u00e9n a 14 napos el\u00e1ll\u00e1s joga nem \u00e9rv\u00e9nyes\u00edthet<\/strong><strong>\u0151<\/strong><strong>, mivel azok romland\u00f3, biol\u00f3giailag \u00e9l<\/strong><strong>\u0151<\/strong><strong>\u00a0term\u00e9keknek min<\/strong><strong>\u0151<\/strong><strong>s\u00fclnek.<br \/>\n\ud83d\udd12 (17\/1999. (II. 5.) Korm. rendelet 5. \u00a7 c) pontja alapj\u00e1n)<\/strong><\/li>\n<\/ul>\n<h4><strong>\ud83d\udce6 K\u00e9zbes\u00edt\u00e9s ut\u00e1ni teend<\/strong><strong>\u0151<\/strong><strong>k<\/strong><\/h4>\n<p><strong>A k\u00e9zbes\u00edt\u00e9st k\u00f6vet<\/strong><strong>\u0151<\/strong><strong>en a csomagot azonnal bontsuk ki, \u00e9s a n\u00f6v\u00e9nyt helyezz\u00fck el megfelel<\/strong><strong>\u0151<\/strong><strong>\u00a0k\u00f6rnyezetben.<br \/>\nFontos: ha a n\u00f6v\u00e9ny nem r\u00e9szes\u00fcl megfelel<\/strong><strong>\u0151<\/strong><strong>\u00a0gondoz\u00e1sban \u00e9s ennek k\u00f6vetkezt\u00e9ben k\u00e1rosodik vagy elpusztul, felel<\/strong><strong>\u0151<\/strong><strong>ss\u00e9get nem tudunk v\u00e1llalni.<\/strong><\/p>\n<p><strong>\u00a0<\/strong><\/p>","protected":false},"excerpt":{"rendered":"<p>Fagy\u00e1ll\u00f3, illatos gy\u00fcm\u00f6lcs\u00f6t \u00e9rlel\u0151 egzotikus n\u00f6v\u00e9ny. Anan\u00e1sz\u2013eper \u00edz\u0171 term\u00e9se \u00e9s dekorat\u00edv vir\u00e1gai miatt d\u00edszkertbe \u00e9s konyhakertbe is ide\u00e1lis.<\/p>\n<p>M\u00e9rete: 150\/175cm magas, 10 literes kont\u00e9nerben.<\/p>\n<h4><strong>\ud83d\udd04 K\u00e9szletinform\u00e1ci\u00f3<\/strong><\/h4>\n<p><strong>K\u00e9szlet\u00fcnk napi szinten v\u00e1ltozik, \u00edgy a webshopban szerepl<\/strong><strong>\u0151<\/strong><strong>\u00a0term\u00e9kek el\u00e9rhet<\/strong><strong>\u0151<\/strong><strong>s\u00e9ge nem garant\u00e1lt.<br \/>\n\ud83d\udcde A megrendel\u00e9s el<\/strong><strong>\u0151<\/strong><strong>tt k\u00e9rj\u00fck, \u00e9rdekl<\/strong><strong>\u0151<\/strong><strong>dj\u00f6n szem\u00e9lyesen, telefonon vagy e-mailben!<\/strong><\/p>\n<h4><strong>\u27a1\ufe0f Kapcsolat:<\/strong><\/h4>\n<ul>\n<li><strong>Weboldal:\u00a0<\/strong><a href=\"https:\/\/tajkertesz.com\/\"><strong>tajkertesz.com<\/strong><\/a><\/li>\n<li><strong>Facebook:\u00a0<\/strong><a href=\"https:\/\/www.facebook.com\/tajkertesz\/\"><strong>facebook.com\/tajkertesz<\/strong><\/a><\/li>\n<li><strong>Telefonsz\u00e1m, e-mail: +36\/20-319-3770\u00a0<\/strong><a href=\"mailto:tajkerteszaruda@gmail.com\"><strong>tajkerteszaruda@gmail.com<\/strong><\/a><\/li>\n<\/ul>\n<p>&nbsp;<\/p>","protected":false},"featured_media":25569,"template":"","meta":{"_et_pb_use_builder":"","_et_pb_old_content":"","_et_gb_content_width":""},"product_brand":[],"product_cat":[29],"product_tag":[7642,7060,7644,7645,7643,7085,4564,7301,5104,7646],"class_list":{"0":"post-25570","1":"product","2":"type-product","3":"status-publish","4":"has-post-thumbnail","6":"product_cat-gyumolcsfak-gyumolcstermo-novenyek","7":"product_tag-acca-sellowiana","8":"product_tag-egzotikus-gyumolcs","9":"product_tag-fagyallo-gyumolcs","10":"product_tag-feijoa","11":"product_tag-feijoa-sellowiana","12":"product_tag-gyumolcstermo-cserje","13":"product_tag-kerteszet","14":"product_tag-kulonleges-gyumolcs","15":"product_tag-mediterran-noveny","16":"product_tag-mirtuszdio","18":"first","19":"instock","20":"shipping-taxable","21":"purchasable","22":"product-type-simple"},"yoast_head":"<!-- This site is optimized with the Yoast SEO plugin v27.3 - https:\/\/yoast.com\/product\/yoast-seo-wordpress\/ -->\n<title>Acca sellowiana (Feijoa sellowiana) \u2013 Mirtuszdi\u00f3 - T\u00e1jkert\u00e9sz<\/title>\n<meta name=\"description\" content=\"Acca sellowiana (Feijoa sellowiana) \u2013 Mirtuszdi\u00f3 agy\u00e1ll\u00f3 egzotikus n\u00f6v\u00e9ny, amely k\u00fcl\u00f6nleges, illatos, anan\u00e1sz \u00edz\u0171 gy\u00fcm\u00f6lcs\u00f6t hoz.\" \/>\n<meta name=\"robots\" content=\"index, follow, max-snippet:-1, max-image-preview:large, max-video-preview:-1\" \/>\n<link rel=\"canonical\" href=\"https:\/\/tajkertesz.com\/en_US\/product\/acca-sellowiana-feijoa-sellowiana-mirtuszdio-2\/\" \/>\n<meta property=\"og:locale\" content=\"en_US\" \/>\n<meta property=\"og:type\" content=\"article\" \/>\n<meta property=\"og:title\" content=\"Acca sellowiana (Feijoa sellowiana) \u2013 Mirtuszdi\u00f3 - T\u00e1jkert\u00e9sz\" \/>\n<meta property=\"og:description\" content=\"Acca sellowiana (Feijoa sellowiana) \u2013 Mirtuszdi\u00f3 agy\u00e1ll\u00f3 egzotikus n\u00f6v\u00e9ny, amely k\u00fcl\u00f6nleges, illatos, anan\u00e1sz \u00edz\u0171 gy\u00fcm\u00f6lcs\u00f6t hoz.\" \/>\n<meta property=\"og:url\" content=\"https:\/\/tajkertesz.com\/en_US\/product\/acca-sellowiana-feijoa-sellowiana-mirtuszdio-2\/\" \/>\n<meta property=\"og:site_name\" content=\"T\u00e1jkert\u00e9sz\" \/>\n<meta property=\"article:publisher\" content=\"https:\/\/www.facebook.com\/Tajkertesz\/\" \/>\n<meta property=\"article:modified_time\" content=\"2026-02-21T12:41:15+00:00\" \/>\n<meta property=\"og:image\" content=\"https:\/\/tajkertesz.com\/wp-content\/uploads\/2025\/12\/70877.jpg\" \/>\n\t<meta property=\"og:image:width\" content=\"1000\" \/>\n\t<meta property=\"og:image:height\" content=\"1000\" \/>\n\t<meta property=\"og:image:type\" content=\"image\/jpeg\" \/>\n<meta name=\"twitter:card\" content=\"summary_large_image\" \/>\n<meta name=\"twitter:label1\" content=\"Est. reading time\" \/>\n\t<meta name=\"twitter:data1\" content=\"3 minutes\" \/>\n<script type=\"application\/ld+json\" class=\"yoast-schema-graph\">{\"@context\":\"https:\\\/\\\/schema.org\",\"@graph\":[{\"@type\":\"WebPage\",\"@id\":\"https:\\\/\\\/tajkertesz.com\\\/termek\\\/acca-sellowiana-feijoa-sellowiana-mirtuszdio-2\\\/\",\"url\":\"https:\\\/\\\/tajkertesz.com\\\/termek\\\/acca-sellowiana-feijoa-sellowiana-mirtuszdio-2\\\/\",\"name\":\"Acca sellowiana (Feijoa sellowiana) \u2013 Mirtuszdi\u00f3 - T\u00e1jkert\u00e9sz\",\"isPartOf\":{\"@id\":\"https:\\\/\\\/tajkertesz.com\\\/#website\"},\"primaryImageOfPage\":{\"@id\":\"https:\\\/\\\/tajkertesz.com\\\/termek\\\/acca-sellowiana-feijoa-sellowiana-mirtuszdio-2\\\/#primaryimage\"},\"image\":{\"@id\":\"https:\\\/\\\/tajkertesz.com\\\/termek\\\/acca-sellowiana-feijoa-sellowiana-mirtuszdio-2\\\/#primaryimage\"},\"thumbnailUrl\":\"https:\\\/\\\/tajkertesz.com\\\/wp-content\\\/uploads\\\/2025\\\/12\\\/70877.jpg\",\"datePublished\":\"2025-12-09T09:42:54+00:00\",\"dateModified\":\"2026-02-21T12:41:15+00:00\",\"description\":\"Acca sellowiana (Feijoa sellowiana) \u2013 Mirtuszdi\u00f3 agy\u00e1ll\u00f3 egzotikus n\u00f6v\u00e9ny, amely k\u00fcl\u00f6nleges, illatos, anan\u00e1sz \u00edz\u0171 gy\u00fcm\u00f6lcs\u00f6t hoz.\",\"breadcrumb\":{\"@id\":\"https:\\\/\\\/tajkertesz.com\\\/termek\\\/acca-sellowiana-feijoa-sellowiana-mirtuszdio-2\\\/#breadcrumb\"},\"inLanguage\":\"en-US\",\"potentialAction\":[{\"@type\":\"ReadAction\",\"target\":[\"https:\\\/\\\/tajkertesz.com\\\/termek\\\/acca-sellowiana-feijoa-sellowiana-mirtuszdio-2\\\/\"]}]},{\"@type\":\"ImageObject\",\"inLanguage\":\"en-US\",\"@id\":\"https:\\\/\\\/tajkertesz.com\\\/termek\\\/acca-sellowiana-feijoa-sellowiana-mirtuszdio-2\\\/#primaryimage\",\"url\":\"https:\\\/\\\/tajkertesz.com\\\/wp-content\\\/uploads\\\/2025\\\/12\\\/70877.jpg\",\"contentUrl\":\"https:\\\/\\\/tajkertesz.com\\\/wp-content\\\/uploads\\\/2025\\\/12\\\/70877.jpg\",\"width\":1000,\"height\":1000,\"caption\":\"Acca sellowiana (Feijoa sellowiana) \u2013 Mirtuszdi\u00f3\"},{\"@type\":\"BreadcrumbList\",\"@id\":\"https:\\\/\\\/tajkertesz.com\\\/termek\\\/acca-sellowiana-feijoa-sellowiana-mirtuszdio-2\\\/#breadcrumb\",\"itemListElement\":[{\"@type\":\"ListItem\",\"position\":1,\"name\":\"Home\",\"item\":\"https:\\\/\\\/tajkertesz.com\\\/\"},{\"@type\":\"ListItem\",\"position\":2,\"name\":\"Kezd\u0151lap\",\"item\":\"https:\\\/\\\/tajkertesz.com\\\/\"},{\"@type\":\"ListItem\",\"position\":3,\"name\":\"Acca sellowiana (Feijoa sellowiana) \u2013 Mirtuszdi\u00f3\"}]},{\"@type\":\"WebSite\",\"@id\":\"https:\\\/\\\/tajkertesz.com\\\/#website\",\"url\":\"https:\\\/\\\/tajkertesz.com\\\/\",\"name\":\"T\u00e1j-Kert\u00e9sz 84 Kft.\",\"description\":\"Kert\u00e9szeti kis- \u00e9s nagykeresked\u00e9s, D\u00edszn\u00f6v\u00e9ny web\u00e1ruh\u00e1z orsz\u00e1gos h\u00e1zhozsz\u00e1ll\u00edt\u00e1ssal!\",\"publisher\":{\"@id\":\"https:\\\/\\\/tajkertesz.com\\\/#organization\"},\"potentialAction\":[{\"@type\":\"SearchAction\",\"target\":{\"@type\":\"EntryPoint\",\"urlTemplate\":\"https:\\\/\\\/tajkertesz.com\\\/?s={search_term_string}\"},\"query-input\":{\"@type\":\"PropertyValueSpecification\",\"valueRequired\":true,\"valueName\":\"search_term_string\"}}],\"inLanguage\":\"en-US\"},{\"@type\":\"Organization\",\"@id\":\"https:\\\/\\\/tajkertesz.com\\\/#organization\",\"name\":\"T\u00e1j-Kert\u00e9sz 84 Kft.\",\"url\":\"https:\\\/\\\/tajkertesz.com\\\/\",\"logo\":{\"@type\":\"ImageObject\",\"inLanguage\":\"en-US\",\"@id\":\"https:\\\/\\\/tajkertesz.com\\\/#\\\/schema\\\/logo\\\/image\\\/\",\"url\":\"https:\\\/\\\/tajkertesz.com\\\/wp-content\\\/uploads\\\/2018\\\/02\\\/logo-2-e1518678052539.png\",\"contentUrl\":\"https:\\\/\\\/tajkertesz.com\\\/wp-content\\\/uploads\\\/2018\\\/02\\\/logo-2-e1518678052539.png\",\"width\":81,\"height\":140,\"caption\":\"T\u00e1j-Kert\u00e9sz 84 Kft.\"},\"image\":{\"@id\":\"https:\\\/\\\/tajkertesz.com\\\/#\\\/schema\\\/logo\\\/image\\\/\"},\"sameAs\":[\"https:\\\/\\\/www.facebook.com\\\/Tajkertesz\\\/\"]}]}<\/script>\n<!-- \/ Yoast SEO plugin. -->","yoast_head_json":{"title":"Acca sellowiana (Feijoa sellowiana) \u2013 Mirtuszdi\u00f3 - T\u00e1jkert\u00e9sz","description":"Acca sellowiana (Feijoa sellowiana) \u2013 Mirtuszdi\u00f3 agy\u00e1ll\u00f3 egzotikus n\u00f6v\u00e9ny, amely k\u00fcl\u00f6nleges, illatos, anan\u00e1sz \u00edz\u0171 gy\u00fcm\u00f6lcs\u00f6t hoz.","robots":{"index":"index","follow":"follow","max-snippet":"max-snippet:-1","max-image-preview":"max-image-preview:large","max-video-preview":"max-video-preview:-1"},"canonical":"https:\/\/tajkertesz.com\/en_US\/product\/acca-sellowiana-feijoa-sellowiana-mirtuszdio-2\/","og_locale":"en_US","og_type":"article","og_title":"Acca sellowiana (Feijoa sellowiana) \u2013 Mirtuszdi\u00f3 - T\u00e1jkert\u00e9sz","og_description":"Acca sellowiana (Feijoa sellowiana) \u2013 Mirtuszdi\u00f3 agy\u00e1ll\u00f3 egzotikus n\u00f6v\u00e9ny, amely k\u00fcl\u00f6nleges, illatos, anan\u00e1sz \u00edz\u0171 gy\u00fcm\u00f6lcs\u00f6t hoz.","og_url":"https:\/\/tajkertesz.com\/en_US\/product\/acca-sellowiana-feijoa-sellowiana-mirtuszdio-2\/","og_site_name":"T\u00e1jkert\u00e9sz","article_publisher":"https:\/\/www.facebook.com\/Tajkertesz\/","article_modified_time":"2026-02-21T12:41:15+00:00","og_image":[{"width":1000,"height":1000,"url":"https:\/\/tajkertesz.com\/wp-content\/uploads\/2025\/12\/70877.jpg","type":"image\/jpeg"}],"twitter_card":"summary_large_image","twitter_misc":{"Est. reading time":"3 minutes"},"schema":{"@context":"https:\/\/schema.org","@graph":[{"@type":"WebPage","@id":"https:\/\/tajkertesz.com\/termek\/acca-sellowiana-feijoa-sellowiana-mirtuszdio-2\/","url":"https:\/\/tajkertesz.com\/termek\/acca-sellowiana-feijoa-sellowiana-mirtuszdio-2\/","name":"Acca sellowiana (Feijoa sellowiana) \u2013 Mirtuszdi\u00f3 - T\u00e1jkert\u00e9sz","isPartOf":{"@id":"https:\/\/tajkertesz.com\/#website"},"primaryImageOfPage":{"@id":"https:\/\/tajkertesz.com\/termek\/acca-sellowiana-feijoa-sellowiana-mirtuszdio-2\/#primaryimage"},"image":{"@id":"https:\/\/tajkertesz.com\/termek\/acca-sellowiana-feijoa-sellowiana-mirtuszdio-2\/#primaryimage"},"thumbnailUrl":"https:\/\/tajkertesz.com\/wp-content\/uploads\/2025\/12\/70877.jpg","datePublished":"2025-12-09T09:42:54+00:00","dateModified":"2026-02-21T12:41:15+00:00","description":"Acca sellowiana (Feijoa sellowiana) \u2013 Mirtuszdi\u00f3 agy\u00e1ll\u00f3 egzotikus n\u00f6v\u00e9ny, amely k\u00fcl\u00f6nleges, illatos, anan\u00e1sz \u00edz\u0171 gy\u00fcm\u00f6lcs\u00f6t hoz.","breadcrumb":{"@id":"https:\/\/tajkertesz.com\/termek\/acca-sellowiana-feijoa-sellowiana-mirtuszdio-2\/#breadcrumb"},"inLanguage":"en-US","potentialAction":[{"@type":"ReadAction","target":["https:\/\/tajkertesz.com\/termek\/acca-sellowiana-feijoa-sellowiana-mirtuszdio-2\/"]}]},{"@type":"ImageObject","inLanguage":"en-US","@id":"https:\/\/tajkertesz.com\/termek\/acca-sellowiana-feijoa-sellowiana-mirtuszdio-2\/#primaryimage","url":"https:\/\/tajkertesz.com\/wp-content\/uploads\/2025\/12\/70877.jpg","contentUrl":"https:\/\/tajkertesz.com\/wp-content\/uploads\/2025\/12\/70877.jpg","width":1000,"height":1000,"caption":"Acca sellowiana (Feijoa sellowiana) \u2013 Mirtuszdi\u00f3"},{"@type":"BreadcrumbList","@id":"https:\/\/tajkertesz.com\/termek\/acca-sellowiana-feijoa-sellowiana-mirtuszdio-2\/#breadcrumb","itemListElement":[{"@type":"ListItem","position":1,"name":"Home","item":"https:\/\/tajkertesz.com\/"},{"@type":"ListItem","position":2,"name":"Kezd\u0151lap","item":"https:\/\/tajkertesz.com\/"},{"@type":"ListItem","position":3,"name":"Acca sellowiana (Feijoa sellowiana) \u2013 Mirtuszdi\u00f3"}]},{"@type":"WebSite","@id":"https:\/\/tajkertesz.com\/#website","url":"https:\/\/tajkertesz.com\/","name":"T\u00e1j-Kert\u00e9sz 84 Kft.","description":"Kert\u00e9szeti kis- \u00e9s nagykeresked\u00e9s, D\u00edszn\u00f6v\u00e9ny web\u00e1ruh\u00e1z orsz\u00e1gos h\u00e1zhozsz\u00e1ll\u00edt\u00e1ssal!","publisher":{"@id":"https:\/\/tajkertesz.com\/#organization"},"potentialAction":[{"@type":"SearchAction","target":{"@type":"EntryPoint","urlTemplate":"https:\/\/tajkertesz.com\/?s={search_term_string}"},"query-input":{"@type":"PropertyValueSpecification","valueRequired":true,"valueName":"search_term_string"}}],"inLanguage":"en-US"},{"@type":"Organization","@id":"https:\/\/tajkertesz.com\/#organization","name":"T\u00e1j-Kert\u00e9sz 84 Kft.","url":"https:\/\/tajkertesz.com\/","logo":{"@type":"ImageObject","inLanguage":"en-US","@id":"https:\/\/tajkertesz.com\/#\/schema\/logo\/image\/","url":"https:\/\/tajkertesz.com\/wp-content\/uploads\/2018\/02\/logo-2-e1518678052539.png","contentUrl":"https:\/\/tajkertesz.com\/wp-content\/uploads\/2018\/02\/logo-2-e1518678052539.png","width":81,"height":140,"caption":"T\u00e1j-Kert\u00e9sz 84 Kft."},"image":{"@id":"https:\/\/tajkertesz.com\/#\/schema\/logo\/image\/"},"sameAs":["https:\/\/www.facebook.com\/Tajkertesz\/"]}]}},"_links":{"self":[{"href":"https:\/\/tajkertesz.com\/en_US\/wp-json\/wp\/v2\/product\/25570","targetHints":{"allow":["GET"]}}],"collection":[{"href":"https:\/\/tajkertesz.com\/en_US\/wp-json\/wp\/v2\/product"}],"about":[{"href":"https:\/\/tajkertesz.com\/en_US\/wp-json\/wp\/v2\/types\/product"}],"wp:featuredmedia":[{"embeddable":true,"href":"https:\/\/tajkertesz.com\/en_US\/wp-json\/wp\/v2\/media\/25569"}],"wp:attachment":[{"href":"https:\/\/tajkertesz.com\/en_US\/wp-json\/wp\/v2\/media?parent=25570"}],"wp:term":[{"taxonomy":"product_brand","embeddable":true,"href":"https:\/\/tajkertesz.com\/en_US\/wp-json\/wp\/v2\/product_brand?post=25570"},{"taxonomy":"product_cat","embeddable":true,"href":"https:\/\/tajkertesz.com\/en_US\/wp-json\/wp\/v2\/product_cat?post=25570"},{"taxonomy":"product_tag","embeddable":true,"href":"https:\/\/tajkertesz.com\/en_US\/wp-json\/wp\/v2\/product_tag?post=25570"}],"curies":[{"name":"wp","href":"https:\/\/api.w.org\/{rel}","templated":true}]}}