{"id":25575,"date":"2025-12-09T12:32:42","date_gmt":"2025-12-09T12:32:42","guid":{"rendered":"https:\/\/tajkertesz.com\/?post_type=product&#038;p=25575"},"modified":"2026-02-21T13:09:47","modified_gmt":"2026-02-21T13:09:47","slug":"punica-granatum-dente-di-cavallo-granatalma","status":"publish","type":"product","link":"https:\/\/tajkertesz.com\/en_US\/product\/punica-granatum-dente-di-cavallo-granatalma\/","title":{"rendered":"Punica granatum \u2018Dente di Cavallo\u2019 &#8211; Gr\u00e1n\u00e1talma"},"content":{"rendered":"<h1>Punica granatum \u2018Dente di Cavallo\u2019 &#8211; Gr\u00e1n\u00e1talma<\/h1>\n<p data-start=\"421\" data-end=\"731\">A Punica granatum \u2018Dente di Cavallo\u2019 &#8211; Gr\u00e1n\u00e1talma egy hagyom\u00e1nyos, nagy becsben tartott <strong data-start=\"500\" data-end=\"526\">olasz gr\u00e1n\u00e1talma fajta<\/strong>, amely k\u00fcl\u00f6n\u00f6sen nagy, \u00e9des, l\u00e9d\u00fas gy\u00fcm\u00f6lcseir\u0151l ismert. A fajta nev\u00e9t a jellegzetes, \u201el\u00f3fog\u201d alak\u00fa magk\u00f6penyr\u0151l kapta, amely vastag, h\u00fasos, roppan\u00f3s szerkezetet \u00e9s kiemelked\u0151en gazdag \u00edzvil\u00e1got biztos\u00edt.<\/p>\n<h2 data-start=\"421\" data-end=\"731\">Punica granatum \u2018Dente di Cavallo\u2019 &#8211; Gr\u00e1n\u00e1talma jellemz\u0151i:<\/h2>\n<p data-start=\"733\" data-end=\"1031\">A \u2018Dente di Cavallo\u2019 az egyik <strong data-start=\"763\" data-end=\"792\">legnagyobb gy\u00fcm\u00f6lcsm\u00e9ret\u0171<\/strong> gr\u00e1n\u00e1talmafajta, amely kiv\u00e1l\u00f3 term\u0151k\u00e9pess\u00e9get mutat. Gy\u00fcm\u00f6lcse m\u00e9lypiros, \u00e9des, arom\u00e1s, kev\u00e9sb\u00e9 savas \u2013 \u00edgy friss fogyaszt\u00e1sra \u00e9s pr\u00e9sel\u00e9sre is ide\u00e1lis. A n\u00f6v\u00e9ny mutat\u00f3s, narancsv\u00f6r\u00f6s vir\u00e1gokat hoz, amelyek eg\u00e9sz ny\u00e1ron d\u00edsz\u00edtik a kertet.<\/p>\n<p data-start=\"1033\" data-end=\"1162\">A fajta j\u00f3l alkalmazkodik a meleg, napos kl\u00edm\u00e1hoz, \u00e9s d\u00e9zs\u00e1ban is k\u00f6nnyen tarthat\u00f3. V\u00e9dett helyen m\u00e9rs\u00e9kelt fagyokat is \u00e1tv\u00e9szel.<\/p>\n<p data-start=\"1164\" data-end=\"1181\"><strong data-start=\"1164\" data-end=\"1181\">F\u0151bb el\u0151ny\u00f6k:<\/strong><\/p>\n<ul data-start=\"1182\" data-end=\"1513\">\n<li data-start=\"1182\" data-end=\"1229\">\n<p data-start=\"1184\" data-end=\"1229\">\ud83c\udf4e <strong data-start=\"1187\" data-end=\"1227\">Nagyon nagy m\u00e9ret\u0171, l\u00e9d\u00fas gy\u00fcm\u00f6lcs\u00f6k<\/strong><\/p>\n<\/li>\n<li data-start=\"1230\" data-end=\"1271\">\n<p data-start=\"1232\" data-end=\"1271\">\u2764\ufe0f <strong data-start=\"1235\" data-end=\"1269\">\u00c9des, arom\u00e1s, kev\u00e9sb\u00e9 savas \u00edz<\/strong><\/p>\n<\/li>\n<li data-start=\"1272\" data-end=\"1325\">\n<p data-start=\"1274\" data-end=\"1325\">\ud83c\udf77 Kifejezetten j\u00f3 pr\u00e9sel\u00e9sre, friss fogyaszt\u00e1sra<\/p>\n<\/li>\n<li data-start=\"1326\" data-end=\"1363\">\n<p data-start=\"1328\" data-end=\"1363\">\ud83c\udf1e Meleg- \u00e9s napf\u00e9nykedvel\u0151 fajta<\/p>\n<\/li>\n<li data-start=\"1364\" data-end=\"1402\">\n<p data-start=\"1366\" data-end=\"1402\">\ud83e\udeb4 D\u00e9zs\u00e1ban is sikeresen nevelhet\u0151<\/p>\n<\/li>\n<li data-start=\"1403\" data-end=\"1447\">\n<p data-start=\"1405\" data-end=\"1447\">\ud83c\udf3a L\u00e1tv\u00e1nyos, \u00e9l\u00e9nkpiros vir\u00e1gz\u00e1s ny\u00e1ron<\/p>\n<\/li>\n<li data-start=\"1448\" data-end=\"1513\">\n<p data-start=\"1450\" data-end=\"1513\">\u2744\ufe0f M\u00e9rs\u00e9kelt fagyt\u0171r\u00e9s (<strong data-start=\"1474\" data-end=\"1490\">\u201310 \u00b0C k\u00f6r\u00fcl<\/strong>, v\u00e9dett hely aj\u00e1nlott)<\/p>\n<\/li>\n<\/ul>\n<p data-start=\"1515\" data-end=\"1723\"><strong data-start=\"1515\" data-end=\"1544\">Ide\u00e1lis termeszt\u00e9si hely:<\/strong> t\u0171z\u0151 nap vagy nagyon vil\u00e1gos hely, meleg, sz\u00e9lv\u00e9dett fekv\u00e9s.<br data-start=\"1605\" data-end=\"1608\" \/><strong data-start=\"1608\" data-end=\"1618\">Talaj:<\/strong> j\u00f3 v\u00edz\u00e1tereszt\u0151, t\u00e1panyagban gazdag talaj.<br data-start=\"1661\" data-end=\"1664\" \/><strong data-start=\"1664\" data-end=\"1678\">\u00c9r\u00e9si id\u0151:<\/strong> okt\u00f3ber\u2013november (meleg fekv\u00e9sben kor\u00e1bban).<\/p>\n<p data-start=\"1725\" data-end=\"1892\">A <strong data-start=\"1727\" data-end=\"1747\">Dente di Cavallo<\/strong> az egyik legnemesebb gr\u00e1n\u00e1talmafajta, amely k\u00fcl\u00f6n\u00f6sen azok sz\u00e1m\u00e1ra ide\u00e1lis, akik nagy, \u00e9des, min\u0151s\u00e9gi gy\u00fcm\u00f6lcs\u00f6t szeretn\u00e9nek termeszteni otthon.<\/p>\n<h4><strong>\ud83d\udd04 K\u00e9szletinform\u00e1ci\u00f3<\/strong><\/h4>\n<p><strong>K\u00e9szlet\u00fcnk napi szinten v\u00e1ltozik, \u00edgy a webshopban szerepl<\/strong><strong>\u0151<\/strong><strong>\u00a0term\u00e9kek el\u00e9rhet<\/strong><strong>\u0151<\/strong><strong>s\u00e9ge nem garant\u00e1lt.<br \/>\n\ud83d\udcde A megrendel\u00e9s el<\/strong><strong>\u0151<\/strong><strong>tt k\u00e9rj\u00fck, \u00e9rdekl<\/strong><strong>\u0151<\/strong><strong>dj\u00f6n szem\u00e9lyesen, telefonon vagy e-mailben!<\/strong><\/p>\n<h4><strong>\u27a1\ufe0f Kapcsolat:<\/strong><\/h4>\n<ul>\n<li><strong>Weboldal:\u00a0<\/strong><a href=\"https:\/\/tajkertesz.com\/\"><strong>tajkertesz.com<\/strong><\/a><\/li>\n<li><strong>Facebook:\u00a0<\/strong><a href=\"https:\/\/www.facebook.com\/tajkertesz\/\"><strong>facebook.com\/tajkertesz<\/strong><\/a><\/li>\n<li><strong>Telefonsz\u00e1m, e-mail: +36\/20-319-3770\u00a0<\/strong><a href=\"mailto:tajkerteszaruda@gmail.com\"><strong>tajkerteszaruda@gmail.com<\/strong><\/a><\/li>\n<\/ul>\n<h4><strong>\ud83d\ude9a Sz\u00e1ll\u00edt\u00e1si inform\u00e1ci\u00f3k<\/strong><\/h4>\n<p><strong>A megrendelt n\u00f6v\u00e9nyek kisz\u00e1ll\u00edt\u00e1sa az al\u00e1bbi felt\u00e9telek mellett t\u00f6rt\u00e9nik:<\/strong><\/p>\n<h4><strong>\ud83d\udce6 Fut\u00e1rszolg\u00e1latos sz\u00e1ll\u00edt\u00e1s<\/strong><\/h4>\n<ul>\n<li><strong>Maxim\u00e1lis m\u00e9ret: 200 cm (hossz\u00fas\u00e1g)<\/strong><\/li>\n<li><strong>Maxim\u00e1lis s\u00faly: 40 kg<\/strong><\/li>\n<li><strong>Az enn\u00e9l kisebb \u00e9s k\u00f6nnyebb csomagokat fut\u00e1rszolg\u00e1lattal k\u00e9zbes\u00edtj\u00fck a lehet<\/strong><strong>\u0151<\/strong><strong>\u00a0legbiztons\u00e1gosabb csomagol\u00e1sban.<\/strong><\/li>\n<\/ul>\n<h4><strong>\ud83d\udefb Szem\u00e9lyes \u00e1tv\u00e9tel<\/strong><\/h4>\n<ul>\n<li><strong>1173 Budapest, Bakancsos utca 7. sz\u00e1m alatt nyitvatart\u00e1si id<\/strong><strong>\u0151<\/strong><strong>ben szem\u00e9lyesen \u00e1tvehet<\/strong><strong>\u0151<\/strong><strong>\u00a0kert\u00e9szeti \u00e1rud\u00e1nkban.<\/strong><\/li>\n<li><strong>K\u00f6lts\u00e9ghat\u00e9kony megold\u00e1s nagyobb, t\u00f6r\u00e9kenyebb vagy t\u00falm\u00e9retes n\u00f6v\u00e9nyek eset\u00e9n.<\/strong><\/li>\n<\/ul>\n<h4><strong>\ud83d\udcde Nagy m\u00e9ret<\/strong><strong>\u0171<\/strong><strong>\u00a0vagy s\u00faly\u00fa n\u00f6v\u00e9nyek eset\u00e9n<\/strong><\/h4>\n<p><strong>Ha a term\u00e9k:<\/strong><\/p>\n<ul>\n<li><strong>meghaladja a 200 cm hossz\u00fas\u00e1got vagy<\/strong><\/li>\n<li><strong>meghaladja a 40 kg s\u00falyt,<\/strong><\/li>\n<\/ul>\n<p><strong>akkor szem\u00e9lyes \u00e1tv\u00e9tellel vagy egyedi, el<\/strong><strong>\u0151<\/strong><strong>re egyeztetett sz\u00e1ll\u00edt\u00e1si felt\u00e9telek mellett t\u00f6rt\u00e9nik.<br \/>\nK\u00e9rj\u00fck, ilyen esetben rendel\u00e9s el<\/strong><strong>\u0151<\/strong><strong>tt vegye fel vel\u00fcnk a kapcsolatot, hogy a lehet<\/strong><strong>\u0151<\/strong><strong>\u00a0legmegfelel<\/strong><strong>\u0151<\/strong><strong>bb sz\u00e1ll\u00edt\u00e1si megold\u00e1st k\u00edn\u00e1lhassuk.<\/strong><\/p>\n<p><strong>\ud83d\udd14 Fontos: A n\u00f6v\u00e9nyeket minden esetben igyeksz\u00fcnk gondosan, egyes\u00e9vel csomagolni, azonban a sz\u00e1ll\u00edt\u00e1s sor\u00e1n kisebb eszt\u00e9tikai s\u00e9r\u00fcl\u00e9sek el<\/strong><strong>\u0151<\/strong><strong>fordulhatnak (pl. lev\u00e9lhull\u00e1s). Ez nem min<\/strong><strong>\u0151<\/strong><strong>s\u00fcl hib\u00e1s teljes\u00edt\u00e9snek.<\/strong><\/p>\n<h4><strong>\ud83d\udcf7 Fontos tudni a k\u00e9pekr<\/strong><strong>\u0151<\/strong><strong>l<\/strong><\/h4>\n<p><strong>A webshopban szerepl<\/strong><strong>\u0151<\/strong><strong>\u00a0k\u00e9pek illusztr\u00e1ci\u00f3k, a n\u00f6v\u00e9nyek term\u00e9szet\u00fckn\u00e9l fogva egyediek, \u00edgy m\u00e9retben, alakban \u00e9s sz\u00ednben minim\u00e1lis elt\u00e9r\u00e9sek el<\/strong><strong>\u0151<\/strong><strong>fordulhatnak a k\u00e9pen l\u00e1that\u00f3 \u00e9s a val\u00f3s p\u00e9ld\u00e1nyok k\u00f6z\u00f6tt.<\/strong><\/p>\n<h4><strong>\ud83e\uddfe \u00c1rak \u00e9s el\u00e1ll\u00e1si jog<\/strong><\/h4>\n<ul>\n<li><strong>Az \u00e1rak egy darab\u00a0n\u00f6v\u00e9nyre vonatkoznak.<\/strong><\/li>\n<li><strong>\u00c9l<\/strong><strong>\u0151<\/strong><strong>\u00a0n\u00f6v\u00e9nyek rendel\u00e9se eset\u00e9n a 14 napos el\u00e1ll\u00e1s joga nem \u00e9rv\u00e9nyes\u00edthet<\/strong><strong>\u0151<\/strong><strong>, mivel azok romland\u00f3, biol\u00f3giailag \u00e9l<\/strong><strong>\u0151<\/strong><strong>\u00a0term\u00e9keknek min<\/strong><strong>\u0151<\/strong><strong>s\u00fclnek.<br \/>\n\ud83d\udd12 (17\/1999. (II. 5.) Korm. rendelet 5. \u00a7 c) pontja alapj\u00e1n)<\/strong><\/li>\n<\/ul>\n<h4><strong>\ud83d\udce6 K\u00e9zbes\u00edt\u00e9s ut\u00e1ni teend<\/strong><strong>\u0151<\/strong><strong>k<\/strong><\/h4>\n<p><strong>A k\u00e9zbes\u00edt\u00e9st k\u00f6vet<\/strong><strong>\u0151<\/strong><strong>en a csomagot azonnal bontsuk ki, \u00e9s a n\u00f6v\u00e9nyt helyezz\u00fck el megfelel<\/strong><strong>\u0151<\/strong><strong>\u00a0k\u00f6rnyezetben.<br \/>\nFontos: ha a n\u00f6v\u00e9ny nem r\u00e9szes\u00fcl megfelel<\/strong><strong>\u0151<\/strong><strong>\u00a0gondoz\u00e1sban \u00e9s ennek k\u00f6vetkezt\u00e9ben k\u00e1rosodik vagy elpusztul, felel<\/strong><strong>\u0151<\/strong><strong>ss\u00e9get nem tudunk v\u00e1llalni.<\/strong><\/p>\n<p><strong>\u00a0<\/strong><\/p>","protected":false},"excerpt":{"rendered":"<p>Nagy, l\u00e9d\u00fas \u00e9s \u00e9des gy\u00fcm\u00f6lcs\u0171 olasz gr\u00e1n\u00e1talma fajta. Kiv\u00e1l\u00f3 friss fogyaszt\u00e1sra \u00e9s pr\u00e9sel\u00e9sre. Melegkedvel\u0151, d\u00e9zs\u00e1ban is k\u00f6nnyen tarthat\u00f3.<\/p>\n<p>M\u00e9rete: 150\/175 cm magas, 18 literes kont\u00e9nerben.<\/p>\n<h4><strong>\ud83d\udd04 K\u00e9szletinform\u00e1ci\u00f3<\/strong><\/h4>\n<p><strong>K\u00e9szlet\u00fcnk napi szinten v\u00e1ltozik, \u00edgy a webshopban szerepl<\/strong><strong>\u0151<\/strong><strong>\u00a0term\u00e9kek el\u00e9rhet<\/strong><strong>\u0151<\/strong><strong>s\u00e9ge nem garant\u00e1lt.<br \/>\n\ud83d\udcde A megrendel\u00e9s el<\/strong><strong>\u0151<\/strong><strong>tt k\u00e9rj\u00fck, \u00e9rdekl<\/strong><strong>\u0151<\/strong><strong>dj\u00f6n szem\u00e9lyesen, telefonon vagy e-mailben!<\/strong><\/p>\n<h4><strong>\u27a1\ufe0f Kapcsolat:<\/strong><\/h4>\n<ul>\n<li><strong>Weboldal:\u00a0<\/strong><a href=\"https:\/\/tajkertesz.com\/\"><strong>tajkertesz.com<\/strong><\/a><\/li>\n<li><strong>Facebook:\u00a0<\/strong><a href=\"https:\/\/www.facebook.com\/tajkertesz\/\"><strong>facebook.com\/tajkertesz<\/strong><\/a><\/li>\n<li><strong>Telefonsz\u00e1m, e-mail: +36\/20-319-3770\u00a0<\/strong><a href=\"mailto:tajkerteszaruda@gmail.com\"><strong>tajkerteszaruda@gmail.com<\/strong><\/a><\/li>\n<\/ul>","protected":false},"featured_media":25576,"template":"","meta":{"_et_pb_use_builder":"","_et_pb_old_content":"","_et_gb_content_width":""},"product_brand":[],"product_cat":[5327,5357],"product_tag":[7651,7639,7033,5288,7085,4564,5104,6980,7652,5286],"class_list":{"0":"post-25575","1":"product","2":"type-product","3":"status-publish","4":"has-post-thumbnail","6":"product_cat-gyumolcstermok","7":"product_cat-mediterran-gyumolcsuk","8":"product_tag-dente-di-cavallo","9":"product_tag-edes-gyumolcs","10":"product_tag-egzotikus-gyumolcsfa","11":"product_tag-granatalma","12":"product_tag-gyumolcstermo-cserje","13":"product_tag-kerteszet","14":"product_tag-mediterran-noveny","15":"product_tag-nagy-gyumolcsu-fajta","16":"product_tag-olasz-granatalma","17":"product_tag-punica-granatum","19":"first","20":"instock","21":"shipping-taxable","22":"purchasable","23":"product-type-simple"},"yoast_head":"<!-- This site is optimized with the Yoast SEO plugin v27.5 - https:\/\/yoast.com\/product\/yoast-seo-wordpress\/ -->\n<title>Punica granatum \u2018Dente di Cavallo\u2019 - Gr\u00e1n\u00e1talma - T\u00e1jkert\u00e9sz<\/title>\n<meta name=\"description\" content=\"Punica granatum \u2018Dente di Cavallo\u2019 - Gr\u00e1n\u00e1talma egy nagy gy\u00fcm\u00f6lcs\u0171 gr\u00e1n\u00e1talma fajta. B\u0151term\u0151, dekorat\u00edv, d\u00e9zs\u00e1ban \u00e9s kertben is k\u00f6nnyen nevelhet\u0151\" \/>\n<meta name=\"robots\" content=\"index, follow, max-snippet:-1, max-image-preview:large, max-video-preview:-1\" \/>\n<link rel=\"canonical\" href=\"https:\/\/tajkertesz.com\/en_US\/product\/punica-granatum-dente-di-cavallo-granatalma\/\" \/>\n<meta property=\"og:locale\" content=\"en_US\" \/>\n<meta property=\"og:type\" content=\"article\" \/>\n<meta property=\"og:title\" content=\"Punica granatum \u2018Dente di Cavallo\u2019 - Gr\u00e1n\u00e1talma - T\u00e1jkert\u00e9sz\" \/>\n<meta property=\"og:description\" content=\"Punica granatum \u2018Dente di Cavallo\u2019 - Gr\u00e1n\u00e1talma egy nagy gy\u00fcm\u00f6lcs\u0171 gr\u00e1n\u00e1talma fajta. B\u0151term\u0151, dekorat\u00edv, d\u00e9zs\u00e1ban \u00e9s kertben is k\u00f6nnyen nevelhet\u0151\" \/>\n<meta property=\"og:url\" content=\"https:\/\/tajkertesz.com\/en_US\/product\/punica-granatum-dente-di-cavallo-granatalma\/\" \/>\n<meta property=\"og:site_name\" content=\"T\u00e1jkert\u00e9sz\" \/>\n<meta property=\"article:publisher\" content=\"https:\/\/www.facebook.com\/Tajkertesz\/\" \/>\n<meta property=\"article:modified_time\" content=\"2026-02-21T13:09:47+00:00\" \/>\n<meta property=\"og:image\" content=\"https:\/\/tajkertesz.com\/wp-content\/uploads\/2025\/12\/Punica-granatum-265x265-1.jpg\" \/>\n\t<meta property=\"og:image:width\" content=\"265\" \/>\n\t<meta property=\"og:image:height\" content=\"265\" \/>\n\t<meta property=\"og:image:type\" content=\"image\/jpeg\" \/>\n<meta name=\"twitter:card\" content=\"summary_large_image\" \/>\n<meta name=\"twitter:label1\" content=\"Est. reading time\" \/>\n\t<meta name=\"twitter:data1\" content=\"4 minutes\" \/>\n<script type=\"application\/ld+json\" class=\"yoast-schema-graph\">{\"@context\":\"https:\\\/\\\/schema.org\",\"@graph\":[{\"@type\":\"WebPage\",\"@id\":\"https:\\\/\\\/tajkertesz.com\\\/termek\\\/punica-granatum-dente-di-cavallo-granatalma\\\/\",\"url\":\"https:\\\/\\\/tajkertesz.com\\\/termek\\\/punica-granatum-dente-di-cavallo-granatalma\\\/\",\"name\":\"Punica granatum \u2018Dente di Cavallo\u2019 - Gr\u00e1n\u00e1talma - T\u00e1jkert\u00e9sz\",\"isPartOf\":{\"@id\":\"https:\\\/\\\/tajkertesz.com\\\/#website\"},\"primaryImageOfPage\":{\"@id\":\"https:\\\/\\\/tajkertesz.com\\\/termek\\\/punica-granatum-dente-di-cavallo-granatalma\\\/#primaryimage\"},\"image\":{\"@id\":\"https:\\\/\\\/tajkertesz.com\\\/termek\\\/punica-granatum-dente-di-cavallo-granatalma\\\/#primaryimage\"},\"thumbnailUrl\":\"https:\\\/\\\/tajkertesz.com\\\/wp-content\\\/uploads\\\/2025\\\/12\\\/Punica-granatum-265x265-1.jpg\",\"datePublished\":\"2025-12-09T12:32:42+00:00\",\"dateModified\":\"2026-02-21T13:09:47+00:00\",\"description\":\"Punica granatum \u2018Dente di Cavallo\u2019 - Gr\u00e1n\u00e1talma egy nagy gy\u00fcm\u00f6lcs\u0171 gr\u00e1n\u00e1talma fajta. B\u0151term\u0151, dekorat\u00edv, d\u00e9zs\u00e1ban \u00e9s kertben is k\u00f6nnyen nevelhet\u0151\",\"breadcrumb\":{\"@id\":\"https:\\\/\\\/tajkertesz.com\\\/termek\\\/punica-granatum-dente-di-cavallo-granatalma\\\/#breadcrumb\"},\"inLanguage\":\"en-US\",\"potentialAction\":[{\"@type\":\"ReadAction\",\"target\":[\"https:\\\/\\\/tajkertesz.com\\\/termek\\\/punica-granatum-dente-di-cavallo-granatalma\\\/\"]}]},{\"@type\":\"ImageObject\",\"inLanguage\":\"en-US\",\"@id\":\"https:\\\/\\\/tajkertesz.com\\\/termek\\\/punica-granatum-dente-di-cavallo-granatalma\\\/#primaryimage\",\"url\":\"https:\\\/\\\/tajkertesz.com\\\/wp-content\\\/uploads\\\/2025\\\/12\\\/Punica-granatum-265x265-1.jpg\",\"contentUrl\":\"https:\\\/\\\/tajkertesz.com\\\/wp-content\\\/uploads\\\/2025\\\/12\\\/Punica-granatum-265x265-1.jpg\",\"width\":265,\"height\":265,\"caption\":\"Punica granatum \u2018Dente di Cavallo\u2019 - Gr\u00e1n\u00e1talma\"},{\"@type\":\"BreadcrumbList\",\"@id\":\"https:\\\/\\\/tajkertesz.com\\\/termek\\\/punica-granatum-dente-di-cavallo-granatalma\\\/#breadcrumb\",\"itemListElement\":[{\"@type\":\"ListItem\",\"position\":1,\"name\":\"Home\",\"item\":\"https:\\\/\\\/tajkertesz.com\\\/\"},{\"@type\":\"ListItem\",\"position\":2,\"name\":\"Kezd\u0151lap\",\"item\":\"https:\\\/\\\/tajkertesz.com\\\/\"},{\"@type\":\"ListItem\",\"position\":3,\"name\":\"Punica granatum \u2018Dente di Cavallo\u2019 &#8211; Gr\u00e1n\u00e1talma\"}]},{\"@type\":\"WebSite\",\"@id\":\"https:\\\/\\\/tajkertesz.com\\\/#website\",\"url\":\"https:\\\/\\\/tajkertesz.com\\\/\",\"name\":\"T\u00e1j-Kert\u00e9sz 84 Kft.\",\"description\":\"Kert\u00e9szeti kis- \u00e9s nagykeresked\u00e9s, D\u00edszn\u00f6v\u00e9ny web\u00e1ruh\u00e1z orsz\u00e1gos h\u00e1zhozsz\u00e1ll\u00edt\u00e1ssal!\",\"publisher\":{\"@id\":\"https:\\\/\\\/tajkertesz.com\\\/#organization\"},\"potentialAction\":[{\"@type\":\"SearchAction\",\"target\":{\"@type\":\"EntryPoint\",\"urlTemplate\":\"https:\\\/\\\/tajkertesz.com\\\/?s={search_term_string}\"},\"query-input\":{\"@type\":\"PropertyValueSpecification\",\"valueRequired\":true,\"valueName\":\"search_term_string\"}}],\"inLanguage\":\"en-US\"},{\"@type\":\"Organization\",\"@id\":\"https:\\\/\\\/tajkertesz.com\\\/#organization\",\"name\":\"T\u00e1j-Kert\u00e9sz 84 Kft.\",\"url\":\"https:\\\/\\\/tajkertesz.com\\\/\",\"logo\":{\"@type\":\"ImageObject\",\"inLanguage\":\"en-US\",\"@id\":\"https:\\\/\\\/tajkertesz.com\\\/#\\\/schema\\\/logo\\\/image\\\/\",\"url\":\"https:\\\/\\\/tajkertesz.com\\\/wp-content\\\/uploads\\\/2018\\\/02\\\/logo-2-e1518678052539.png\",\"contentUrl\":\"https:\\\/\\\/tajkertesz.com\\\/wp-content\\\/uploads\\\/2018\\\/02\\\/logo-2-e1518678052539.png\",\"width\":81,\"height\":140,\"caption\":\"T\u00e1j-Kert\u00e9sz 84 Kft.\"},\"image\":{\"@id\":\"https:\\\/\\\/tajkertesz.com\\\/#\\\/schema\\\/logo\\\/image\\\/\"},\"sameAs\":[\"https:\\\/\\\/www.facebook.com\\\/Tajkertesz\\\/\"]}]}<\/script>\n<!-- \/ Yoast SEO plugin. -->","yoast_head_json":{"title":"Punica granatum \u2018Dente di Cavallo\u2019 - Gr\u00e1n\u00e1talma - T\u00e1jkert\u00e9sz","description":"Punica granatum \u2018Dente di Cavallo\u2019 - Gr\u00e1n\u00e1talma egy nagy gy\u00fcm\u00f6lcs\u0171 gr\u00e1n\u00e1talma fajta. B\u0151term\u0151, dekorat\u00edv, d\u00e9zs\u00e1ban \u00e9s kertben is k\u00f6nnyen nevelhet\u0151","robots":{"index":"index","follow":"follow","max-snippet":"max-snippet:-1","max-image-preview":"max-image-preview:large","max-video-preview":"max-video-preview:-1"},"canonical":"https:\/\/tajkertesz.com\/en_US\/product\/punica-granatum-dente-di-cavallo-granatalma\/","og_locale":"en_US","og_type":"article","og_title":"Punica granatum \u2018Dente di Cavallo\u2019 - Gr\u00e1n\u00e1talma - T\u00e1jkert\u00e9sz","og_description":"Punica granatum \u2018Dente di Cavallo\u2019 - Gr\u00e1n\u00e1talma egy nagy gy\u00fcm\u00f6lcs\u0171 gr\u00e1n\u00e1talma fajta. B\u0151term\u0151, dekorat\u00edv, d\u00e9zs\u00e1ban \u00e9s kertben is k\u00f6nnyen nevelhet\u0151","og_url":"https:\/\/tajkertesz.com\/en_US\/product\/punica-granatum-dente-di-cavallo-granatalma\/","og_site_name":"T\u00e1jkert\u00e9sz","article_publisher":"https:\/\/www.facebook.com\/Tajkertesz\/","article_modified_time":"2026-02-21T13:09:47+00:00","og_image":[{"width":265,"height":265,"url":"https:\/\/tajkertesz.com\/wp-content\/uploads\/2025\/12\/Punica-granatum-265x265-1.jpg","type":"image\/jpeg"}],"twitter_card":"summary_large_image","twitter_misc":{"Est. reading time":"4 minutes"},"schema":{"@context":"https:\/\/schema.org","@graph":[{"@type":"WebPage","@id":"https:\/\/tajkertesz.com\/termek\/punica-granatum-dente-di-cavallo-granatalma\/","url":"https:\/\/tajkertesz.com\/termek\/punica-granatum-dente-di-cavallo-granatalma\/","name":"Punica granatum \u2018Dente di Cavallo\u2019 - Gr\u00e1n\u00e1talma - T\u00e1jkert\u00e9sz","isPartOf":{"@id":"https:\/\/tajkertesz.com\/#website"},"primaryImageOfPage":{"@id":"https:\/\/tajkertesz.com\/termek\/punica-granatum-dente-di-cavallo-granatalma\/#primaryimage"},"image":{"@id":"https:\/\/tajkertesz.com\/termek\/punica-granatum-dente-di-cavallo-granatalma\/#primaryimage"},"thumbnailUrl":"https:\/\/tajkertesz.com\/wp-content\/uploads\/2025\/12\/Punica-granatum-265x265-1.jpg","datePublished":"2025-12-09T12:32:42+00:00","dateModified":"2026-02-21T13:09:47+00:00","description":"Punica granatum \u2018Dente di Cavallo\u2019 - Gr\u00e1n\u00e1talma egy nagy gy\u00fcm\u00f6lcs\u0171 gr\u00e1n\u00e1talma fajta. B\u0151term\u0151, dekorat\u00edv, d\u00e9zs\u00e1ban \u00e9s kertben is k\u00f6nnyen nevelhet\u0151","breadcrumb":{"@id":"https:\/\/tajkertesz.com\/termek\/punica-granatum-dente-di-cavallo-granatalma\/#breadcrumb"},"inLanguage":"en-US","potentialAction":[{"@type":"ReadAction","target":["https:\/\/tajkertesz.com\/termek\/punica-granatum-dente-di-cavallo-granatalma\/"]}]},{"@type":"ImageObject","inLanguage":"en-US","@id":"https:\/\/tajkertesz.com\/termek\/punica-granatum-dente-di-cavallo-granatalma\/#primaryimage","url":"https:\/\/tajkertesz.com\/wp-content\/uploads\/2025\/12\/Punica-granatum-265x265-1.jpg","contentUrl":"https:\/\/tajkertesz.com\/wp-content\/uploads\/2025\/12\/Punica-granatum-265x265-1.jpg","width":265,"height":265,"caption":"Punica granatum \u2018Dente di Cavallo\u2019 - Gr\u00e1n\u00e1talma"},{"@type":"BreadcrumbList","@id":"https:\/\/tajkertesz.com\/termek\/punica-granatum-dente-di-cavallo-granatalma\/#breadcrumb","itemListElement":[{"@type":"ListItem","position":1,"name":"Home","item":"https:\/\/tajkertesz.com\/"},{"@type":"ListItem","position":2,"name":"Kezd\u0151lap","item":"https:\/\/tajkertesz.com\/"},{"@type":"ListItem","position":3,"name":"Punica granatum \u2018Dente di Cavallo\u2019 &#8211; Gr\u00e1n\u00e1talma"}]},{"@type":"WebSite","@id":"https:\/\/tajkertesz.com\/#website","url":"https:\/\/tajkertesz.com\/","name":"T\u00e1j-Kert\u00e9sz 84 Kft.","description":"Kert\u00e9szeti kis- \u00e9s nagykeresked\u00e9s, D\u00edszn\u00f6v\u00e9ny web\u00e1ruh\u00e1z orsz\u00e1gos h\u00e1zhozsz\u00e1ll\u00edt\u00e1ssal!","publisher":{"@id":"https:\/\/tajkertesz.com\/#organization"},"potentialAction":[{"@type":"SearchAction","target":{"@type":"EntryPoint","urlTemplate":"https:\/\/tajkertesz.com\/?s={search_term_string}"},"query-input":{"@type":"PropertyValueSpecification","valueRequired":true,"valueName":"search_term_string"}}],"inLanguage":"en-US"},{"@type":"Organization","@id":"https:\/\/tajkertesz.com\/#organization","name":"T\u00e1j-Kert\u00e9sz 84 Kft.","url":"https:\/\/tajkertesz.com\/","logo":{"@type":"ImageObject","inLanguage":"en-US","@id":"https:\/\/tajkertesz.com\/#\/schema\/logo\/image\/","url":"https:\/\/tajkertesz.com\/wp-content\/uploads\/2018\/02\/logo-2-e1518678052539.png","contentUrl":"https:\/\/tajkertesz.com\/wp-content\/uploads\/2018\/02\/logo-2-e1518678052539.png","width":81,"height":140,"caption":"T\u00e1j-Kert\u00e9sz 84 Kft."},"image":{"@id":"https:\/\/tajkertesz.com\/#\/schema\/logo\/image\/"},"sameAs":["https:\/\/www.facebook.com\/Tajkertesz\/"]}]}},"_links":{"self":[{"href":"https:\/\/tajkertesz.com\/en_US\/wp-json\/wp\/v2\/product\/25575","targetHints":{"allow":["GET"]}}],"collection":[{"href":"https:\/\/tajkertesz.com\/en_US\/wp-json\/wp\/v2\/product"}],"about":[{"href":"https:\/\/tajkertesz.com\/en_US\/wp-json\/wp\/v2\/types\/product"}],"wp:featuredmedia":[{"embeddable":true,"href":"https:\/\/tajkertesz.com\/en_US\/wp-json\/wp\/v2\/media\/25576"}],"wp:attachment":[{"href":"https:\/\/tajkertesz.com\/en_US\/wp-json\/wp\/v2\/media?parent=25575"}],"wp:term":[{"taxonomy":"product_brand","embeddable":true,"href":"https:\/\/tajkertesz.com\/en_US\/wp-json\/wp\/v2\/product_brand?post=25575"},{"taxonomy":"product_cat","embeddable":true,"href":"https:\/\/tajkertesz.com\/en_US\/wp-json\/wp\/v2\/product_cat?post=25575"},{"taxonomy":"product_tag","embeddable":true,"href":"https:\/\/tajkertesz.com\/en_US\/wp-json\/wp\/v2\/product_tag?post=25575"}],"curies":[{"name":"wp","href":"https:\/\/api.w.org\/{rel}","templated":true}]}}