{"id":25638,"date":"2025-12-12T09:06:05","date_gmt":"2025-12-12T09:06:05","guid":{"rendered":"https:\/\/tajkertesz.com\/?post_type=product&#038;p=25638"},"modified":"2026-01-29T14:58:04","modified_gmt":"2026-01-29T14:58:04","slug":"ardisia-crenata-csipkes-csucsvirag","status":"publish","type":"product","link":"https:\/\/tajkertesz.com\/en_US\/product\/ardisia-crenata-csipkes-csucsvirag\/","title":{"rendered":"Ardisia crenata \/ Csipk\u00e9s cs\u00facsvir\u00e1g"},"content":{"rendered":"<h1>Ardisia crenata \/ Csipk\u00e9s cs\u00facsvir\u00e1g<\/h1>\n<p>Ardisia crenata \/ Csipk\u00e9s cs\u00facsvir\u00e1g<\/p>\n<h2>\ud83c\udf3f F\u0151bb jellemz\u0151k<\/h2>\n<ul>\n<li><strong>Sz\u00e1rmaz\u00e1s:<\/strong> D\u00e9lkelet-\u00c1zsi\u00e1ban \u0151shonos (Jap\u00e1n, K\u00edna, Korea, Tajvan), tr\u00f3pusi \u00e9s szubtr\u00f3pusi erd\u0151kben fordul el\u0151.<\/li>\n<li class=\"ps-2\"><strong>Megjelen\u00e9s:<\/strong> Bokros n\u00f6veked\u00e9s\u0171, 30\u201350 cm magas \u00f6r\u00f6kz\u00f6ld cserje.\n<ul>\n<li>Levelei hossz\u00fak\u00e1sak, b\u0151rnem\u0171ek, f\u00e9nyes s\u00f6t\u00e9tz\u00f6ldek.<\/li>\n<li>Vir\u00e1gai apr\u00f3k, feh\u00e9rek vagy r\u00f3zsasz\u00ednesek, ny\u00e1ron ny\u00edlnak.<\/li>\n<li>Term\u00e9sei bors\u00f3 nagys\u00e1g\u00fa, \u00e9l\u00e9nkpiros bogy\u00f3k, amelyek ak\u00e1r f\u00e9l \u00e9vig is d\u00edsz\u00edtenek.<\/li>\n<\/ul>\n<\/li>\n<li class=\"ps-2\"><strong>Dekorat\u00edv \u00e9rt\u00e9k:<\/strong> A piros bogy\u00f3k \u00e9s a buja lombozat miatt kedvelt kar\u00e1csonyi d\u00edszn\u00f6v\u00e9nyk\u00e9nt is.<\/li>\n<\/ul>\n<div><\/div>\n<h2>\ud83c\udf31 Gondoz\u00e1si ig\u00e9nyek<\/h2>\n<ul>\n<li><strong>F\u00e9ny:<\/strong> Vil\u00e1gos helyet ig\u00e9nyel, de nem szereti a k\u00f6zvetlen t\u0171z\u0151 napot.<\/li>\n<li class=\"ps-2\"><strong>H\u0151m\u00e9rs\u00e9klet:<\/strong> Meleg, fagymentes k\u00f6rnyezetben fejl\u0151dik j\u00f3l. T\u00e9len is vil\u00e1gos, egyenletesen meleg helyet k\u00edv\u00e1n.<\/li>\n<li class=\"ps-2\"><strong>\u00d6nt\u00f6z\u00e9s:<\/strong> M\u00e9rs\u00e9kelt \u00f6nt\u00f6z\u00e9st ig\u00e9nyel; f\u00f6ldje legyen nyirkos, de ne pangjon benne a v\u00edz.<\/li>\n<li class=\"ps-2\"><strong>P\u00e1ratartalom:<\/strong> Magas p\u00e1ratartalom mellett \u00e9rzi j\u00f3l mag\u00e1t, ez\u00e9rt szoban\u00f6v\u00e9nyk\u00e9nt p\u00e1r\u00e1s\u00edt\u00e1st ig\u00e9nyel.<\/li>\n<li class=\"ps-2\"><strong>T\u00e1panyag:<\/strong> N\u00f6veked\u00e9si id\u0151szakban rendszeres t\u00e1poldatoz\u00e1s aj\u00e1nlott.<\/li>\n<li class=\"ps-2\"><strong>Metsz\u00e9s:<\/strong> Tavasszal \u00e9s ny\u00e1ron enyhe metsz\u00e9s seg\u00edti a bokrosod\u00e1st \u00e9s a term\u00e9shozamot.<\/li>\n<\/ul>\n<div class=\"relative pb-6 w-full after:border-b after:border-stroke-300 after:w-full after:absolute after:mt-3\"><\/div>\n<h2>\u26a0\ufe0f \u00c9rdekess\u00e9gek \u00e9s kock\u00e1zatok<\/h2>\n<ul>\n<li><strong>Hagyom\u00e1nyos felhaszn\u00e1l\u00e1s:<\/strong> A k\u00ednai gy\u00f3gy\u00e1szatban leveleit \u00e9s gy\u00f6ker\u00e9t l\u00e1z- \u00e9s gyullad\u00e1scs\u00f6kkent\u00e9sre haszn\u00e1lt\u00e1k.<\/li>\n<li class=\"ps-2\"><strong>M\u00e9rgez\u0151s\u00e9g:<\/strong> A bogy\u00f3k <strong>m\u00e9rgez\u0151ek lehetnek<\/strong> emberekre \u00e9s h\u00e1zi\u00e1llatokra, ez\u00e9rt nem aj\u00e1nlott fogyasztani.<\/li>\n<li><strong>Ritkas\u00e1g:<\/strong> B\u00e1r dekorat\u00edv, viszonylag ritk\u00e1n kaphat\u00f3, mert kev\u00e9s helyen termesztik \u00e9s \u00e1rus\u00edtj\u00e1k<\/li>\n<\/ul>\n<p>&nbsp;<\/p>\n<p><strong>Ha a term\u00e9k:<\/strong><\/p>\n<ul>\n<li><strong>meghaladja a 200 cm hossz\u00fas\u00e1got vagy<\/strong><\/li>\n<li><strong>meghaladja a 40 kg s\u00falyt,<\/strong><\/li>\n<\/ul>\n<p><strong>akkor szem\u00e9lyes \u00e1tv\u00e9tellel vagy egyedi, el<\/strong><strong>\u0151<\/strong><strong>re egyeztetett sz\u00e1ll\u00edt\u00e1si felt\u00e9telek mellett t\u00f6rt\u00e9nik.<br \/>\nK\u00e9rj\u00fck, ilyen esetben rendel\u00e9s el<\/strong><strong>\u0151<\/strong><strong>tt vegye fel vel\u00fcnk a kapcsolatot, hogy a lehet<\/strong><strong>\u0151<\/strong><strong> legmegfelel<\/strong><strong>\u0151<\/strong><strong>bb sz\u00e1ll\u00edt\u00e1si megold\u00e1st k\u00edn\u00e1lhassuk.<\/strong><\/p>\n<p><strong>\ud83d\udd14 Fontos: A n\u00f6v\u00e9nyeket minden esetben igyeksz\u00fcnk gondosan, egyes\u00e9vel csomagolni, azonban a sz\u00e1ll\u00edt\u00e1s sor\u00e1n kisebb eszt\u00e9tikai s\u00e9r\u00fcl\u00e9sek el<\/strong><strong>\u0151<\/strong><strong>fordulhatnak (pl. lev\u00e9lhull\u00e1s). Ez nem min<\/strong><strong>\u0151<\/strong><strong>s\u00fcl hib\u00e1s teljes\u00edt\u00e9snek.<\/strong><\/p>\n<p><strong>\ud83d\udcf7 Fontos tudni a k\u00e9pekr<\/strong><strong>\u0151<\/strong><strong>l<\/strong><\/p>\n<p><strong>A webshopban szerepl<\/strong><strong>\u0151<\/strong><strong> k\u00e9pek illusztr\u00e1ci\u00f3k, a n\u00f6v\u00e9nyek term\u00e9szet\u00fckn\u00e9l fogva egyediek, \u00edgy m\u00e9retben, alakban \u00e9s sz\u00ednben minim\u00e1lis elt\u00e9r\u00e9sek el<\/strong><strong>\u0151<\/strong><strong>fordulhatnak a k\u00e9pen l\u00e1that\u00f3 \u00e9s a val\u00f3s p\u00e9ld\u00e1nyok k\u00f6z\u00f6tt.<\/strong><\/p>\n<p><strong>\ud83e\uddfe \u00c1rak \u00e9s el\u00e1ll\u00e1si jog<\/strong><\/p>\n<ul>\n<li><strong>Az \u00e1rak egy darab\u00a0n\u00f6v\u00e9nyre vonatkoznak.<\/strong><\/li>\n<li><strong>\u00c9l<\/strong><strong>\u0151<\/strong><strong> n\u00f6v\u00e9nyek rendel\u00e9se eset\u00e9n a 14 napos el\u00e1ll\u00e1s joga nem \u00e9rv\u00e9nyes\u00edthet<\/strong><strong>\u0151<\/strong><strong>, mivel azok romland\u00f3, biol\u00f3giailag \u00e9l<\/strong><strong>\u0151<\/strong><strong> term\u00e9keknek min<\/strong><strong>\u0151<\/strong><strong>s\u00fclnek.<br \/>\n\ud83d\udd12 (17\/1999. (II. 5.) Korm. rendelet 5. \u00a7 c) pontja alapj\u00e1n)<\/strong><\/li>\n<\/ul>\n<p><strong>\ud83d\udce6 K\u00e9zbes\u00edt\u00e9s ut\u00e1ni teend<\/strong><strong>\u0151<\/strong><strong>k<\/strong><\/p>\n<p><strong>A k\u00e9zbes\u00edt\u00e9st k\u00f6vet<\/strong><strong>\u0151<\/strong><strong>en a csomagot azonnal bontsuk ki, \u00e9s a n\u00f6v\u00e9nyt helyezz\u00fck el megfelel<\/strong><strong>\u0151<\/strong><strong> k\u00f6rnyezetben.<br \/>\nFontos: ha a n\u00f6v\u00e9ny nem r\u00e9szes\u00fcl megfelel<\/strong><strong>\u0151<\/strong><strong> gondoz\u00e1sban \u00e9s ennek k\u00f6vetkezt\u00e9ben k\u00e1rosodik vagy elpusztul, felel<\/strong><strong>\u0151<\/strong><strong>ss\u00e9get nem tudunk v\u00e1llalni.<\/strong><\/p>","protected":false},"excerpt":{"rendered":"<p><strong>Az <\/strong><em><strong>Ardisia crenata<\/strong><\/em><strong> egy \u00f6r\u00f6kz\u00f6ld, d\u00edszn\u00f6v\u00e9nyk\u00e9nt tartott cserje, amelyet legink\u00e1bb \u00e9l\u00e9nkpiros bogy\u00f3i \u00e9s f\u00e9nyes z\u00f6ld levelei miatt kedvelnek.<\/strong> Gyakran \u201ecsipk\u00e9s cs\u00facsvir\u00e1g\u201d vagy \u201ekapulincserje\u201d n\u00e9ven is ismert, \u00e9s f\u0151k\u00e9nt szoban\u00f6v\u00e9nyk\u00e9nt tartj\u00e1k, de fagymentes k\u00f6rnyezetben k\u00fclt\u00e9ren is nevelhet\u0151.<\/p>\n<p><strong>K\u00e9szlet\u00fcnk napi szinten v\u00e1ltozik, \u00edgy a webshopban szerepl<\/strong><strong>\u0151<\/strong><strong> term\u00e9kek el\u00e9rhet<\/strong><strong>\u0151<\/strong><strong>s\u00e9ge nem garant\u00e1lt.<br \/>\n\ud83d\udcde A megrendel\u00e9s el<\/strong><strong>\u0151<\/strong><strong>tt k\u00e9rj\u00fck, \u00e9rdekl<\/strong><strong>\u0151<\/strong><strong>dj\u00f6n szem\u00e9lyesen, telefonon vagy e-mailben!<\/strong><\/p>\n<p><strong>\u27a1\ufe0f Kapcsolat:<\/strong><\/p>\n<ul>\n<li><strong>Weboldal: <\/strong><a href=\"https:\/\/tajkertesz.com\"><strong>tajkertesz.com<\/strong><\/a><\/li>\n<li><strong>Facebook: <\/strong><a href=\"https:\/\/www.facebook.com\/tajkertesz\/\"><strong>facebook.com\/tajkertesz<\/strong><\/a><\/li>\n<li><strong>Telefonsz\u00e1m, e-mail: +36\/20-319-3770 <\/strong><a href=\"mailto:info@tajkertesz.hu\"><strong>info@tajkertesz.hu<\/strong><\/a><\/li>\n<\/ul>\n<p><strong>\ud83d\ude9a Sz\u00e1ll\u00edt\u00e1si inform\u00e1ci\u00f3k<\/strong><\/p>\n<p><strong>A megrendelt n\u00f6v\u00e9nyek kisz\u00e1ll\u00edt\u00e1sa az al\u00e1bbi felt\u00e9telek mellett t\u00f6rt\u00e9nik:<\/strong><\/p>\n<p><strong>\ud83d\udce6 Fut\u00e1rszolg\u00e1latos sz\u00e1ll\u00edt\u00e1s<\/strong><\/p>\n<ul>\n<li><strong>Maxim\u00e1lis m\u00e9ret: 200 cm (hossz\u00fas\u00e1g)<\/strong><\/li>\n<li><strong>Maxim\u00e1lis s\u00faly: 40 kg<\/strong><\/li>\n<li><strong>Az enn\u00e9l kisebb \u00e9s k\u00f6nnyebb csomagokat fut\u00e1rszolg\u00e1lattal k\u00e9zbes\u00edtj\u00fck a lehet<\/strong><strong>\u0151<\/strong><strong> legbiztons\u00e1gosabb csomagol\u00e1sban.<\/strong><\/li>\n<\/ul>\n<p><strong>\ud83d\udefb Szem\u00e9lyes \u00e1tv\u00e9tel<\/strong><\/p>\n<ul>\n<li><strong>1173 Budapest, Bakancsos utca 7. sz\u00e1m alatt nyitvatart\u00e1si id<\/strong><strong>\u0151<\/strong><strong>ben szem\u00e9lyesen \u00e1tvehet<\/strong><strong>\u0151<\/strong><strong> kert\u00e9szeti \u00e1rud\u00e1nkban.<\/strong><\/li>\n<li><strong>K\u00f6lts\u00e9ghat\u00e9kony megold\u00e1s nagyobb, t\u00f6r\u00e9kenyebb vagy t\u00falm\u00e9retes n\u00f6v\u00e9nyek eset\u00e9n.<\/strong><\/li>\n<\/ul>\n<p><strong>\ud83d\udcde Nagy m\u00e9ret<\/strong><strong>\u0171<\/strong><strong> vagy s\u00faly\u00fa n\u00f6v\u00e9nyek eset\u00e9n<\/strong><\/p>","protected":false},"featured_media":25640,"template":"","meta":{"_et_pb_use_builder":"","_et_pb_old_content":"","_et_gb_content_width":""},"product_brand":[],"product_cat":[2523],"product_tag":[7688,4417],"class_list":{"0":"post-25638","1":"product","2":"type-product","3":"status-publish","4":"has-post-thumbnail","6":"product_cat-szobanovenyek","7":"product_tag-ardisia","8":"product_tag-szobanoveny","10":"first","11":"outofstock","12":"shipping-taxable","13":"product-type-simple"},"yoast_head":"<!-- This site is optimized with the Yoast SEO plugin v27.5 - https:\/\/yoast.com\/product\/yoast-seo-wordpress\/ -->\n<title>Ardisia crenata \/ Csipk\u00e9s cs\u00facsvir\u00e1g - T\u00e1jkert\u00e9sz<\/title>\n<meta name=\"description\" content=\"Ardisia crenata \/ Csipk\u00e9s cs\u00facsvir\u00e1g. \u00d6r\u00f6kz\u00f6ld, d\u00edszn\u00f6v\u00e9nyk\u00e9nt tartott cserje, amelyet legink\u00e1bb \u00e9l\u00e9nkpiros bogy\u00f3i \u00e9s f\u00e9nyes z\u00f6ld levelei miatt kedvelnek.\" \/>\n<meta name=\"robots\" content=\"index, follow, max-snippet:-1, max-image-preview:large, max-video-preview:-1\" \/>\n<link rel=\"canonical\" href=\"https:\/\/tajkertesz.com\/en_US\/product\/ardisia-crenata-csipkes-csucsvirag\/\" \/>\n<meta property=\"og:locale\" content=\"en_US\" \/>\n<meta property=\"og:type\" content=\"article\" \/>\n<meta property=\"og:title\" content=\"Ardisia crenata \/ Csipk\u00e9s cs\u00facsvir\u00e1g - T\u00e1jkert\u00e9sz\" \/>\n<meta property=\"og:description\" content=\"Ardisia crenata \/ Csipk\u00e9s cs\u00facsvir\u00e1g. \u00d6r\u00f6kz\u00f6ld, d\u00edszn\u00f6v\u00e9nyk\u00e9nt tartott cserje, amelyet legink\u00e1bb \u00e9l\u00e9nkpiros bogy\u00f3i \u00e9s f\u00e9nyes z\u00f6ld levelei miatt kedvelnek.\" \/>\n<meta property=\"og:url\" content=\"https:\/\/tajkertesz.com\/en_US\/product\/ardisia-crenata-csipkes-csucsvirag\/\" \/>\n<meta property=\"og:site_name\" content=\"T\u00e1jkert\u00e9sz\" \/>\n<meta property=\"article:publisher\" content=\"https:\/\/www.facebook.com\/Tajkertesz\/\" \/>\n<meta property=\"article:modified_time\" content=\"2026-01-29T14:58:04+00:00\" \/>\n<meta property=\"og:image\" content=\"https:\/\/tajkertesz.com\/wp-content\/uploads\/2025\/12\/d6329b79-ace4-49af-9808-e98cf2decb2c-scaled.jpg\" \/>\n\t<meta property=\"og:image:width\" content=\"1920\" \/>\n\t<meta property=\"og:image:height\" content=\"1920\" \/>\n\t<meta property=\"og:image:type\" content=\"image\/jpeg\" \/>\n<meta name=\"twitter:card\" content=\"summary_large_image\" \/>\n<meta name=\"twitter:label1\" content=\"Est. reading time\" \/>\n\t<meta name=\"twitter:data1\" content=\"3 minutes\" \/>\n<script type=\"application\/ld+json\" class=\"yoast-schema-graph\">{\"@context\":\"https:\\\/\\\/schema.org\",\"@graph\":[{\"@type\":\"WebPage\",\"@id\":\"https:\\\/\\\/tajkertesz.com\\\/termek\\\/ardisia-crenata-csipkes-csucsvirag\\\/\",\"url\":\"https:\\\/\\\/tajkertesz.com\\\/termek\\\/ardisia-crenata-csipkes-csucsvirag\\\/\",\"name\":\"Ardisia crenata \\\/ Csipk\u00e9s cs\u00facsvir\u00e1g - T\u00e1jkert\u00e9sz\",\"isPartOf\":{\"@id\":\"https:\\\/\\\/tajkertesz.com\\\/#website\"},\"primaryImageOfPage\":{\"@id\":\"https:\\\/\\\/tajkertesz.com\\\/termek\\\/ardisia-crenata-csipkes-csucsvirag\\\/#primaryimage\"},\"image\":{\"@id\":\"https:\\\/\\\/tajkertesz.com\\\/termek\\\/ardisia-crenata-csipkes-csucsvirag\\\/#primaryimage\"},\"thumbnailUrl\":\"https:\\\/\\\/tajkertesz.com\\\/wp-content\\\/uploads\\\/2025\\\/12\\\/d6329b79-ace4-49af-9808-e98cf2decb2c-scaled.jpg\",\"datePublished\":\"2025-12-12T09:06:05+00:00\",\"dateModified\":\"2026-01-29T14:58:04+00:00\",\"description\":\"Ardisia crenata \\\/ Csipk\u00e9s cs\u00facsvir\u00e1g. \u00d6r\u00f6kz\u00f6ld, d\u00edszn\u00f6v\u00e9nyk\u00e9nt tartott cserje, amelyet legink\u00e1bb \u00e9l\u00e9nkpiros bogy\u00f3i \u00e9s f\u00e9nyes z\u00f6ld levelei miatt kedvelnek.\",\"breadcrumb\":{\"@id\":\"https:\\\/\\\/tajkertesz.com\\\/termek\\\/ardisia-crenata-csipkes-csucsvirag\\\/#breadcrumb\"},\"inLanguage\":\"en-US\",\"potentialAction\":[{\"@type\":\"ReadAction\",\"target\":[\"https:\\\/\\\/tajkertesz.com\\\/termek\\\/ardisia-crenata-csipkes-csucsvirag\\\/\"]}]},{\"@type\":\"ImageObject\",\"inLanguage\":\"en-US\",\"@id\":\"https:\\\/\\\/tajkertesz.com\\\/termek\\\/ardisia-crenata-csipkes-csucsvirag\\\/#primaryimage\",\"url\":\"https:\\\/\\\/tajkertesz.com\\\/wp-content\\\/uploads\\\/2025\\\/12\\\/d6329b79-ace4-49af-9808-e98cf2decb2c-scaled.jpg\",\"contentUrl\":\"https:\\\/\\\/tajkertesz.com\\\/wp-content\\\/uploads\\\/2025\\\/12\\\/d6329b79-ace4-49af-9808-e98cf2decb2c-scaled.jpg\",\"width\":1920,\"height\":1920,\"caption\":\"Ardisia crenata \\\/ Csipk\u00e9s cs\u00facsvir\u00e1g\"},{\"@type\":\"BreadcrumbList\",\"@id\":\"https:\\\/\\\/tajkertesz.com\\\/termek\\\/ardisia-crenata-csipkes-csucsvirag\\\/#breadcrumb\",\"itemListElement\":[{\"@type\":\"ListItem\",\"position\":1,\"name\":\"Home\",\"item\":\"https:\\\/\\\/tajkertesz.com\\\/\"},{\"@type\":\"ListItem\",\"position\":2,\"name\":\"Kezd\u0151lap\",\"item\":\"https:\\\/\\\/tajkertesz.com\\\/\"},{\"@type\":\"ListItem\",\"position\":3,\"name\":\"Ardisia crenata \\\/ Csipk\u00e9s cs\u00facsvir\u00e1g\"}]},{\"@type\":\"WebSite\",\"@id\":\"https:\\\/\\\/tajkertesz.com\\\/#website\",\"url\":\"https:\\\/\\\/tajkertesz.com\\\/\",\"name\":\"T\u00e1j-Kert\u00e9sz 84 Kft.\",\"description\":\"Kert\u00e9szeti kis- \u00e9s nagykeresked\u00e9s, D\u00edszn\u00f6v\u00e9ny web\u00e1ruh\u00e1z orsz\u00e1gos h\u00e1zhozsz\u00e1ll\u00edt\u00e1ssal!\",\"publisher\":{\"@id\":\"https:\\\/\\\/tajkertesz.com\\\/#organization\"},\"potentialAction\":[{\"@type\":\"SearchAction\",\"target\":{\"@type\":\"EntryPoint\",\"urlTemplate\":\"https:\\\/\\\/tajkertesz.com\\\/?s={search_term_string}\"},\"query-input\":{\"@type\":\"PropertyValueSpecification\",\"valueRequired\":true,\"valueName\":\"search_term_string\"}}],\"inLanguage\":\"en-US\"},{\"@type\":\"Organization\",\"@id\":\"https:\\\/\\\/tajkertesz.com\\\/#organization\",\"name\":\"T\u00e1j-Kert\u00e9sz 84 Kft.\",\"url\":\"https:\\\/\\\/tajkertesz.com\\\/\",\"logo\":{\"@type\":\"ImageObject\",\"inLanguage\":\"en-US\",\"@id\":\"https:\\\/\\\/tajkertesz.com\\\/#\\\/schema\\\/logo\\\/image\\\/\",\"url\":\"https:\\\/\\\/tajkertesz.com\\\/wp-content\\\/uploads\\\/2018\\\/02\\\/logo-2-e1518678052539.png\",\"contentUrl\":\"https:\\\/\\\/tajkertesz.com\\\/wp-content\\\/uploads\\\/2018\\\/02\\\/logo-2-e1518678052539.png\",\"width\":81,\"height\":140,\"caption\":\"T\u00e1j-Kert\u00e9sz 84 Kft.\"},\"image\":{\"@id\":\"https:\\\/\\\/tajkertesz.com\\\/#\\\/schema\\\/logo\\\/image\\\/\"},\"sameAs\":[\"https:\\\/\\\/www.facebook.com\\\/Tajkertesz\\\/\"]}]}<\/script>\n<!-- \/ Yoast SEO plugin. -->","yoast_head_json":{"title":"Ardisia crenata \/ Csipk\u00e9s cs\u00facsvir\u00e1g - T\u00e1jkert\u00e9sz","description":"Ardisia crenata \/ Csipk\u00e9s cs\u00facsvir\u00e1g. \u00d6r\u00f6kz\u00f6ld, d\u00edszn\u00f6v\u00e9nyk\u00e9nt tartott cserje, amelyet legink\u00e1bb \u00e9l\u00e9nkpiros bogy\u00f3i \u00e9s f\u00e9nyes z\u00f6ld levelei miatt kedvelnek.","robots":{"index":"index","follow":"follow","max-snippet":"max-snippet:-1","max-image-preview":"max-image-preview:large","max-video-preview":"max-video-preview:-1"},"canonical":"https:\/\/tajkertesz.com\/en_US\/product\/ardisia-crenata-csipkes-csucsvirag\/","og_locale":"en_US","og_type":"article","og_title":"Ardisia crenata \/ Csipk\u00e9s cs\u00facsvir\u00e1g - T\u00e1jkert\u00e9sz","og_description":"Ardisia crenata \/ Csipk\u00e9s cs\u00facsvir\u00e1g. \u00d6r\u00f6kz\u00f6ld, d\u00edszn\u00f6v\u00e9nyk\u00e9nt tartott cserje, amelyet legink\u00e1bb \u00e9l\u00e9nkpiros bogy\u00f3i \u00e9s f\u00e9nyes z\u00f6ld levelei miatt kedvelnek.","og_url":"https:\/\/tajkertesz.com\/en_US\/product\/ardisia-crenata-csipkes-csucsvirag\/","og_site_name":"T\u00e1jkert\u00e9sz","article_publisher":"https:\/\/www.facebook.com\/Tajkertesz\/","article_modified_time":"2026-01-29T14:58:04+00:00","og_image":[{"width":1920,"height":1920,"url":"https:\/\/tajkertesz.com\/wp-content\/uploads\/2025\/12\/d6329b79-ace4-49af-9808-e98cf2decb2c-scaled.jpg","type":"image\/jpeg"}],"twitter_card":"summary_large_image","twitter_misc":{"Est. reading time":"3 minutes"},"schema":{"@context":"https:\/\/schema.org","@graph":[{"@type":"WebPage","@id":"https:\/\/tajkertesz.com\/termek\/ardisia-crenata-csipkes-csucsvirag\/","url":"https:\/\/tajkertesz.com\/termek\/ardisia-crenata-csipkes-csucsvirag\/","name":"Ardisia crenata \/ Csipk\u00e9s cs\u00facsvir\u00e1g - T\u00e1jkert\u00e9sz","isPartOf":{"@id":"https:\/\/tajkertesz.com\/#website"},"primaryImageOfPage":{"@id":"https:\/\/tajkertesz.com\/termek\/ardisia-crenata-csipkes-csucsvirag\/#primaryimage"},"image":{"@id":"https:\/\/tajkertesz.com\/termek\/ardisia-crenata-csipkes-csucsvirag\/#primaryimage"},"thumbnailUrl":"https:\/\/tajkertesz.com\/wp-content\/uploads\/2025\/12\/d6329b79-ace4-49af-9808-e98cf2decb2c-scaled.jpg","datePublished":"2025-12-12T09:06:05+00:00","dateModified":"2026-01-29T14:58:04+00:00","description":"Ardisia crenata \/ Csipk\u00e9s cs\u00facsvir\u00e1g. \u00d6r\u00f6kz\u00f6ld, d\u00edszn\u00f6v\u00e9nyk\u00e9nt tartott cserje, amelyet legink\u00e1bb \u00e9l\u00e9nkpiros bogy\u00f3i \u00e9s f\u00e9nyes z\u00f6ld levelei miatt kedvelnek.","breadcrumb":{"@id":"https:\/\/tajkertesz.com\/termek\/ardisia-crenata-csipkes-csucsvirag\/#breadcrumb"},"inLanguage":"en-US","potentialAction":[{"@type":"ReadAction","target":["https:\/\/tajkertesz.com\/termek\/ardisia-crenata-csipkes-csucsvirag\/"]}]},{"@type":"ImageObject","inLanguage":"en-US","@id":"https:\/\/tajkertesz.com\/termek\/ardisia-crenata-csipkes-csucsvirag\/#primaryimage","url":"https:\/\/tajkertesz.com\/wp-content\/uploads\/2025\/12\/d6329b79-ace4-49af-9808-e98cf2decb2c-scaled.jpg","contentUrl":"https:\/\/tajkertesz.com\/wp-content\/uploads\/2025\/12\/d6329b79-ace4-49af-9808-e98cf2decb2c-scaled.jpg","width":1920,"height":1920,"caption":"Ardisia crenata \/ Csipk\u00e9s cs\u00facsvir\u00e1g"},{"@type":"BreadcrumbList","@id":"https:\/\/tajkertesz.com\/termek\/ardisia-crenata-csipkes-csucsvirag\/#breadcrumb","itemListElement":[{"@type":"ListItem","position":1,"name":"Home","item":"https:\/\/tajkertesz.com\/"},{"@type":"ListItem","position":2,"name":"Kezd\u0151lap","item":"https:\/\/tajkertesz.com\/"},{"@type":"ListItem","position":3,"name":"Ardisia crenata \/ Csipk\u00e9s cs\u00facsvir\u00e1g"}]},{"@type":"WebSite","@id":"https:\/\/tajkertesz.com\/#website","url":"https:\/\/tajkertesz.com\/","name":"T\u00e1j-Kert\u00e9sz 84 Kft.","description":"Kert\u00e9szeti kis- \u00e9s nagykeresked\u00e9s, D\u00edszn\u00f6v\u00e9ny web\u00e1ruh\u00e1z orsz\u00e1gos h\u00e1zhozsz\u00e1ll\u00edt\u00e1ssal!","publisher":{"@id":"https:\/\/tajkertesz.com\/#organization"},"potentialAction":[{"@type":"SearchAction","target":{"@type":"EntryPoint","urlTemplate":"https:\/\/tajkertesz.com\/?s={search_term_string}"},"query-input":{"@type":"PropertyValueSpecification","valueRequired":true,"valueName":"search_term_string"}}],"inLanguage":"en-US"},{"@type":"Organization","@id":"https:\/\/tajkertesz.com\/#organization","name":"T\u00e1j-Kert\u00e9sz 84 Kft.","url":"https:\/\/tajkertesz.com\/","logo":{"@type":"ImageObject","inLanguage":"en-US","@id":"https:\/\/tajkertesz.com\/#\/schema\/logo\/image\/","url":"https:\/\/tajkertesz.com\/wp-content\/uploads\/2018\/02\/logo-2-e1518678052539.png","contentUrl":"https:\/\/tajkertesz.com\/wp-content\/uploads\/2018\/02\/logo-2-e1518678052539.png","width":81,"height":140,"caption":"T\u00e1j-Kert\u00e9sz 84 Kft."},"image":{"@id":"https:\/\/tajkertesz.com\/#\/schema\/logo\/image\/"},"sameAs":["https:\/\/www.facebook.com\/Tajkertesz\/"]}]}},"_links":{"self":[{"href":"https:\/\/tajkertesz.com\/en_US\/wp-json\/wp\/v2\/product\/25638","targetHints":{"allow":["GET"]}}],"collection":[{"href":"https:\/\/tajkertesz.com\/en_US\/wp-json\/wp\/v2\/product"}],"about":[{"href":"https:\/\/tajkertesz.com\/en_US\/wp-json\/wp\/v2\/types\/product"}],"wp:featuredmedia":[{"embeddable":true,"href":"https:\/\/tajkertesz.com\/en_US\/wp-json\/wp\/v2\/media\/25640"}],"wp:attachment":[{"href":"https:\/\/tajkertesz.com\/en_US\/wp-json\/wp\/v2\/media?parent=25638"}],"wp:term":[{"taxonomy":"product_brand","embeddable":true,"href":"https:\/\/tajkertesz.com\/en_US\/wp-json\/wp\/v2\/product_brand?post=25638"},{"taxonomy":"product_cat","embeddable":true,"href":"https:\/\/tajkertesz.com\/en_US\/wp-json\/wp\/v2\/product_cat?post=25638"},{"taxonomy":"product_tag","embeddable":true,"href":"https:\/\/tajkertesz.com\/en_US\/wp-json\/wp\/v2\/product_tag?post=25638"}],"curies":[{"name":"wp","href":"https:\/\/api.w.org\/{rel}","templated":true}]}}