{"id":25648,"date":"2025-12-12T10:18:09","date_gmt":"2025-12-12T10:18:09","guid":{"rendered":"https:\/\/tajkertesz.com\/?post_type=product&#038;p=25648"},"modified":"2025-12-12T10:27:17","modified_gmt":"2025-12-12T10:27:17","slug":"mezei-zsurlo-kivonat-20-ml","status":"publish","type":"product","link":"https:\/\/tajkertesz.com\/en_US\/product\/mezei-zsurlo-kivonat-20-ml\/","title":{"rendered":"Mezei zsurl\u00f3 kivonat 20 ml"},"content":{"rendered":"<h1>Mezei zsurl\u00f3 kivonat 20 ml<\/h1>\n<p>Mezei zsurl\u00f3 kivonat 20 ml:<\/p>\n<p>A zsurl\u00f3 kivonat egy term\u00e9szetes alap\u00fa term\u00e9k, amely a\u00a0<strong><em>mezei zsurl\u00f3<\/em><\/strong>\u00a0<em>(Equisetum arvense)<\/em>\u00a0kivonat\u00e1t tartalmazza, mely jav\u00edtja a n\u00f6v\u00e9nyek fotoszint\u00e9zis\u00e9t, \u00e9s ezzel seg\u00edts\u00e9get ny\u00fajt a n\u00f6veked\u00e9si \u00e9s termel\u00e9si folyamatok dinamik\u00e1j\u00e1ban. A kezelt n\u00f6v\u00e9nyeknek javul a v\u00edzgazd\u00e1lkod\u00e1sa, fejlettebb gy\u00f6k\u00e9rzettel rendelkeznek, aminek k\u00f6sz\u00f6nhet\u0151en hat\u00e9konyabban \u00e9rt\u00e9kes\u00edtik a t\u00e1panyagokat. A Zsurl\u00f3 kivonat hat\u00e1ssal van a n\u00f6v\u00e9nyi feh\u00e9rj\u00e9k termel\u00e9s\u00e9re is, ezzel jav\u00edtja a n\u00f6v\u00e9nyek ellen\u00e1ll\u00f3 k\u00e9pess\u00e9g\u00e9t, a betegs\u00e9gekkel, sz\u00e1razs\u00e1ggal, h\u0151s\u00e9ggel \u00e9s az id\u0151j\u00e1r\u00e1s viszontags\u00e1gaival szemben. A term\u00e9k \u00f6kol\u00f3giai termel\u00e9sben is enged\u00e9lyezett.<\/p>\n<p>Mezei zsurl\u00f3 szil\u00edciummal er\u0151s\u00edti meg a n\u00f6v\u00e9ny sejtfal\u00e1t \u00edgy ellen\u00e1l\u00f3s\u00e1got biztos\u00edt a biotikus \u00e9s abiotikus stresszel szemben. A kivonat el\u0151seg\u00edti a n\u00f6veked\u00e9st, emeli a hozamot, a n\u00f6v\u00e9nyek \u00e9s a gy\u00f6k\u00e9rzet min\u0151s\u00e9g\u00e9t b\u00e1rmilyen talajt\u00edpusban.<\/p>\n<p><strong>\u00d6sszet\u00e9tel:<\/strong><\/p>\n<p>Mezei zsurl\u00f3 kivonata 10-15%<\/p>\n<p><strong>BIOGAZD\u00c1LKOD\u00c1SBAN ENGED\u00c9LYEZETT<\/strong><\/p>\n<p><strong>Adagol\u00e1s:<\/strong><\/p>\n<p>Sz\u0151l\u0151, gy\u00fcm\u00f6lcs 2 liter\/ha<\/p>\n<p>Z\u00f6lds\u00e9g 1 liter \/ha<\/p>\n<p><strong>H\u00e1zikerti felhaszn\u00e1l\u00e1s: 10-20 ml\/10 liter<\/strong><\/p>\n<p><strong>Felhaszn\u00e1l\u00e1si javaslat:<\/strong><\/p>\n<p>A legjobb eredm\u00e9nyek akkor \u00e9rhet\u0151ek el, ha az aj\u00e1nlott d\u00f3zisokkal kezel\u00fcnk, \u00e9s a permet a levelek mindk\u00e9t oldal\u00e1t \u00e9ri. A k\u00e9sz\u00edtm\u00e9nyt keverje el kis mennyis\u00e9g\u0171 v\u00edzben, \u00e9s \u00f6ntse a v\u00edzzel legal\u00e1bb f\u00e9lig megt\u00f6lt\u00f6tt permetez\u0151be. Keverje el, \u00e9s a megadott mennyis\u00e9gre t\u00f6ltse fel v\u00edzzel. Egy id\u00e9ny alatt kb 6 liter k\u00e9sz\u00edtm\u00e9nyt haszn\u00e1ljon fel hekt\u00e1ronk\u00e9nt. Ne l\u00e9pje t\u00fal a 10 liter\/ha mennyis\u00e9get. Aj\u00e1nlott pH \u00e9rt\u00e9k: 5-6 k\u00f6z\u00f6tt. Kever\u00e9si pr\u00f3ba minden k\u00e9sz\u00edtm\u00e9nnyel aj\u00e1nlott.<\/p>\n<p><strong>T\u00e1rol\u00e1s:<\/strong><\/p>\n<p>Eredeti, z\u00e1rt csomagol\u00e1sban. Tiszta, sz\u00e1raz, j\u00f3l szell\u0151ztetett helys\u00e9gben +5-30 \u00b0C k\u00f6z\u00f6tt. Fagyt\u00f3l, f\u00e9nyt\u0151l v\u00e9dett helyen. \u00c9lelmiszerekt\u0151l, italokt\u00f3l \u00e9s \u00e1llati takarm\u00e1nyt\u00f3l elk\u00fcl\u00f6n\u00edtve tartand\u00f3.<\/p>\n<p>Gy\u00e1rt\u00e1st\u00f3l sz\u00e1m\u00edtott 3 \u00e9vig felhaszn\u00e1lhat\u00f3.<\/p>\n<p>Haszn\u00e1latakor v\u00e9d\u0151felszerel\u00e9s visel\u00e9se k\u00f6telez\u0151. A term\u00e9k haszn\u00e1lata k\u00f6zben tilos enni, inni vagy doh\u00e1nyozni.<\/p>\n<h4><strong>\ud83d\udd04 K\u00e9szletinform\u00e1ci\u00f3<\/strong><\/h4>\n<p><strong>K\u00e9szlet\u00fcnk napi szinten v\u00e1ltozik, \u00edgy a webshopban szerepl<\/strong><strong>\u0151<\/strong><strong>\u00a0term\u00e9kek el\u00e9rhet<\/strong><strong>\u0151<\/strong><strong>s\u00e9ge nem garant\u00e1lt.<br \/>\n\ud83d\udcde A megrendel\u00e9s el<\/strong><strong>\u0151<\/strong><strong>tt k\u00e9rj\u00fck, \u00e9rdekl<\/strong><strong>\u0151<\/strong><strong>dj\u00f6n szem\u00e9lyesen, telefonon vagy e-mailben!<\/strong><\/p>\n<h4><strong>\u27a1\ufe0f Kapcsolat:<\/strong><\/h4>\n<ul>\n<li><strong>Weboldal:\u00a0<\/strong><a href=\"https:\/\/tajkertesz.com\/\"><strong>tajkertesz.com<\/strong><\/a><\/li>\n<li><strong>Facebook:\u00a0<\/strong><a href=\"https:\/\/www.facebook.com\/tajkertesz\/\"><strong>facebook.com\/tajkertesz<\/strong><\/a><\/li>\n<li><strong>Telefonsz\u00e1m, e-mail: +36\/20-319-3770\u00a0<\/strong><a href=\"mailto:tajkerteszaruda@gmail.com\"><strong>tajkerteszaruda@gmail.com<\/strong><\/a><\/li>\n<\/ul>\n<h4><strong>\ud83d\ude9a Sz\u00e1ll\u00edt\u00e1si inform\u00e1ci\u00f3k<\/strong><\/h4>\n<p><strong>A megrendelt n\u00f6v\u00e9nyek kisz\u00e1ll\u00edt\u00e1sa az al\u00e1bbi felt\u00e9telek mellett t\u00f6rt\u00e9nik:<\/strong><\/p>\n<h4><strong>\ud83d\udce6 Fut\u00e1rszolg\u00e1latos sz\u00e1ll\u00edt\u00e1s<\/strong><\/h4>\n<ul>\n<li><strong>Maxim\u00e1lis m\u00e9ret: 200 cm (hossz\u00fas\u00e1g)<\/strong><\/li>\n<li><strong>Maxim\u00e1lis s\u00faly: 40 kg<\/strong><\/li>\n<li><strong>Az enn\u00e9l kisebb \u00e9s k\u00f6nnyebb csomagokat fut\u00e1rszolg\u00e1lattal k\u00e9zbes\u00edtj\u00fck a lehet<\/strong><strong>\u0151<\/strong><strong>\u00a0legbiztons\u00e1gosabb csomagol\u00e1sban.<\/strong><\/li>\n<\/ul>\n<h4><strong>\ud83d\udefb Szem\u00e9lyes \u00e1tv\u00e9tel<\/strong><\/h4>\n<ul>\n<li><strong>1173 Budapest, Bakancsos utca 7. sz\u00e1m alatt nyitvatart\u00e1si id<\/strong><strong>\u0151<\/strong><strong>ben szem\u00e9lyesen \u00e1tvehet<\/strong><strong>\u0151<\/strong><strong>\u00a0kert\u00e9szeti \u00e1rud\u00e1nkban.<\/strong><\/li>\n<li><strong>K\u00f6lts\u00e9ghat\u00e9kony megold\u00e1s nagyobb, t\u00f6r\u00e9kenyebb vagy t\u00falm\u00e9retes n\u00f6v\u00e9nyek eset\u00e9n.<\/strong><\/li>\n<\/ul>\n<h4><strong>\ud83d\udcde Nagy m\u00e9ret<\/strong><strong>\u0171<\/strong><strong>\u00a0vagy s\u00faly\u00fa n\u00f6v\u00e9nyek eset\u00e9n<\/strong><\/h4>\n<p><strong>Ha a term\u00e9k:<\/strong><\/p>\n<ul>\n<li><strong>meghaladja a 200 cm hossz\u00fas\u00e1got vagy<\/strong><\/li>\n<li><strong>meghaladja a 40 kg s\u00falyt,<\/strong><\/li>\n<\/ul>\n<p><strong>akkor szem\u00e9lyes \u00e1tv\u00e9tellel vagy egyedi, el<\/strong><strong>\u0151<\/strong><strong>re egyeztetett sz\u00e1ll\u00edt\u00e1si felt\u00e9telek mellett t\u00f6rt\u00e9nik.<br \/>\nK\u00e9rj\u00fck, ilyen esetben rendel\u00e9s el<\/strong><strong>\u0151<\/strong><strong>tt vegye fel vel\u00fcnk a kapcsolatot, hogy a lehet<\/strong><strong>\u0151<\/strong><strong>\u00a0legmegfelel<\/strong><strong>\u0151<\/strong><strong>bb sz\u00e1ll\u00edt\u00e1si megold\u00e1st k\u00edn\u00e1lhassuk.<\/strong><\/p>\n<p><strong>\ud83d\udd14 Fontos: A n\u00f6v\u00e9nyeket minden esetben igyeksz\u00fcnk gondosan, egyes\u00e9vel csomagolni, azonban a sz\u00e1ll\u00edt\u00e1s sor\u00e1n kisebb eszt\u00e9tikai s\u00e9r\u00fcl\u00e9sek el<\/strong><strong>\u0151<\/strong><strong>fordulhatnak (pl. lev\u00e9lhull\u00e1s). Ez nem min<\/strong><strong>\u0151<\/strong><strong>s\u00fcl hib\u00e1s teljes\u00edt\u00e9snek.<\/strong><\/p>\n<h4><strong>\ud83d\udcf7 Fontos tudni a k\u00e9pekr<\/strong><strong>\u0151<\/strong><strong>l<\/strong><\/h4>\n<p><strong>A webshopban szerepl<\/strong><strong>\u0151<\/strong><strong>\u00a0k\u00e9pek illusztr\u00e1ci\u00f3k, a n\u00f6v\u00e9nyek term\u00e9szet\u00fckn\u00e9l fogva egyediek, \u00edgy m\u00e9retben, alakban \u00e9s sz\u00ednben minim\u00e1lis elt\u00e9r\u00e9sek el<\/strong><strong>\u0151<\/strong><strong>fordulhatnak a k\u00e9pen l\u00e1that\u00f3 \u00e9s a val\u00f3s p\u00e9ld\u00e1nyok k\u00f6z\u00f6tt.<\/strong><\/p>\n<h4><strong>\ud83e\uddfe \u00c1rak \u00e9s el\u00e1ll\u00e1si jog<\/strong><\/h4>\n<ul>\n<li><strong>Az \u00e1rak egy darab\u00a0n\u00f6v\u00e9nyre vonatkoznak.<\/strong><\/li>\n<li><strong>\u00c9l<\/strong><strong>\u0151<\/strong><strong>\u00a0n\u00f6v\u00e9nyek rendel\u00e9se eset\u00e9n a 14 napos el\u00e1ll\u00e1s joga nem \u00e9rv\u00e9nyes\u00edthet<\/strong><strong>\u0151<\/strong><strong>, mivel azok romland\u00f3, biol\u00f3giailag \u00e9l<\/strong><strong>\u0151<\/strong><strong>\u00a0term\u00e9keknek min<\/strong><strong>\u0151<\/strong><strong>s\u00fclnek.<br \/>\n\ud83d\udd12 (17\/1999. (II. 5.) Korm. rendelet 5. \u00a7 c) pontja alapj\u00e1n)<\/strong><\/li>\n<\/ul>\n<h4><strong>\ud83d\udce6 K\u00e9zbes\u00edt\u00e9s ut\u00e1ni teend<\/strong><strong>\u0151<\/strong><strong>k<\/strong><\/h4>\n<p><strong>A k\u00e9zbes\u00edt\u00e9st k\u00f6vet<\/strong><strong>\u0151<\/strong><strong>en a csomagot azonnal bontsuk ki, \u00e9s a n\u00f6v\u00e9nyt helyezz\u00fck el megfelel<\/strong><strong>\u0151<\/strong><strong>\u00a0k\u00f6rnyezetben.<br \/>\nFontos: ha a n\u00f6v\u00e9ny nem r\u00e9szes\u00fcl megfelel<\/strong><strong>\u0151<\/strong><strong>\u00a0gondoz\u00e1sban \u00e9s ennek k\u00f6vetkezt\u00e9ben k\u00e1rosodik vagy elpusztul, felel<\/strong><strong>\u0151<\/strong><strong>ss\u00e9get nem tudunk v\u00e1llalni.<\/strong><\/p>","protected":false},"excerpt":{"rendered":"<p>Mezei zsurl\u00f3 kivonat 20 ml Mezei zsurl\u00f3 kivonat 20 ml: A zsurl\u00f3 kivonat egy term\u00e9szetes alap\u00fa term\u00e9k, amely a\u00a0mezei zsurl\u00f3\u00a0(Equisetum arvense)\u00a0kivonat\u00e1t tartalmazza, mely jav\u00edtja a n\u00f6v\u00e9nyek fotoszint\u00e9zis\u00e9t, \u00e9s ezzel seg\u00edts\u00e9get ny\u00fajt a n\u00f6veked\u00e9si \u00e9s termel\u00e9si folyamatok dinamik\u00e1j\u00e1ban. A kezelt n\u00f6v\u00e9nyeknek javul a v\u00edzgazd\u00e1lkod\u00e1sa, fejlettebb gy\u00f6k\u00e9rzettel rendelkeznek, aminek k\u00f6sz\u00f6nhet\u0151en hat\u00e9konyabban \u00e9rt\u00e9kes\u00edtik a t\u00e1panyagokat. A Zsurl\u00f3 kivonat [&hellip;]<\/p>\n","protected":false},"featured_media":25651,"template":"","meta":{"_et_pb_use_builder":"","_et_pb_old_content":"","_et_gb_content_width":""},"product_brand":[],"product_cat":[4204,3389],"product_tag":[1486,7178,7696,4796],"class_list":{"0":"post-25648","1":"product","2":"type-product","3":"status-publish","4":"has-post-thumbnail","6":"product_cat-biologiai-novenyvedelem","7":"product_cat-novenyvedo-szerek","8":"product_tag-bio","9":"product_tag-bio-kerteszet","10":"product_tag-mezei-zsurlo","11":"product_tag-novenykondicionalo","13":"first","14":"instock","15":"shipping-taxable","16":"purchasable","17":"product-type-simple"},"yoast_head":"<!-- This site is optimized with the Yoast SEO plugin v27.5 - https:\/\/yoast.com\/product\/yoast-seo-wordpress\/ -->\n<title>Mezei zsurl\u00f3 kivonat 20 ml - T\u00e1jkert\u00e9sz<\/title>\n<meta name=\"robots\" content=\"index, follow, max-snippet:-1, max-image-preview:large, max-video-preview:-1\" \/>\n<link rel=\"canonical\" href=\"https:\/\/tajkertesz.com\/en_US\/product\/mezei-zsurlo-kivonat-20-ml\/\" \/>\n<meta property=\"og:locale\" content=\"en_US\" \/>\n<meta property=\"og:type\" content=\"article\" \/>\n<meta property=\"og:title\" content=\"Mezei zsurl\u00f3 kivonat 20 ml - T\u00e1jkert\u00e9sz\" \/>\n<meta property=\"og:description\" content=\"Mezei zsurl\u00f3 kivonat 20 ml Mezei zsurl\u00f3 kivonat 20 ml: A zsurl\u00f3 kivonat egy term\u00e9szetes alap\u00fa term\u00e9k, amely a\u00a0mezei zsurl\u00f3\u00a0(Equisetum arvense)\u00a0kivonat\u00e1t tartalmazza, mely jav\u00edtja a n\u00f6v\u00e9nyek fotoszint\u00e9zis\u00e9t, \u00e9s ezzel seg\u00edts\u00e9get ny\u00fajt a n\u00f6veked\u00e9si \u00e9s termel\u00e9si folyamatok dinamik\u00e1j\u00e1ban. A kezelt n\u00f6v\u00e9nyeknek javul a v\u00edzgazd\u00e1lkod\u00e1sa, fejlettebb gy\u00f6k\u00e9rzettel rendelkeznek, aminek k\u00f6sz\u00f6nhet\u0151en hat\u00e9konyabban \u00e9rt\u00e9kes\u00edtik a t\u00e1panyagokat. A Zsurl\u00f3 kivonat [&hellip;]\" \/>\n<meta property=\"og:url\" content=\"https:\/\/tajkertesz.com\/en_US\/product\/mezei-zsurlo-kivonat-20-ml\/\" \/>\n<meta property=\"og:site_name\" content=\"T\u00e1jkert\u00e9sz\" \/>\n<meta property=\"article:publisher\" content=\"https:\/\/www.facebook.com\/Tajkertesz\/\" \/>\n<meta property=\"article:modified_time\" content=\"2025-12-12T10:27:17+00:00\" \/>\n<meta property=\"og:image\" content=\"https:\/\/tajkertesz.com\/wp-content\/uploads\/2025\/12\/zsurlohorti.webp\" \/>\n\t<meta property=\"og:image:width\" content=\"600\" \/>\n\t<meta property=\"og:image:height\" content=\"600\" \/>\n\t<meta property=\"og:image:type\" content=\"image\/webp\" \/>\n<meta name=\"twitter:card\" content=\"summary_large_image\" \/>\n<meta name=\"twitter:label1\" content=\"Est. reading time\" \/>\n\t<meta name=\"twitter:data1\" content=\"4 minutes\" \/>\n<script type=\"application\/ld+json\" class=\"yoast-schema-graph\">{\"@context\":\"https:\\\/\\\/schema.org\",\"@graph\":[{\"@type\":\"WebPage\",\"@id\":\"https:\\\/\\\/tajkertesz.com\\\/termek\\\/mezei-zsurlo-kivonat-20-ml\\\/\",\"url\":\"https:\\\/\\\/tajkertesz.com\\\/termek\\\/mezei-zsurlo-kivonat-20-ml\\\/\",\"name\":\"Mezei zsurl\u00f3 kivonat 20 ml - T\u00e1jkert\u00e9sz\",\"isPartOf\":{\"@id\":\"https:\\\/\\\/tajkertesz.com\\\/#website\"},\"primaryImageOfPage\":{\"@id\":\"https:\\\/\\\/tajkertesz.com\\\/termek\\\/mezei-zsurlo-kivonat-20-ml\\\/#primaryimage\"},\"image\":{\"@id\":\"https:\\\/\\\/tajkertesz.com\\\/termek\\\/mezei-zsurlo-kivonat-20-ml\\\/#primaryimage\"},\"thumbnailUrl\":\"https:\\\/\\\/tajkertesz.com\\\/wp-content\\\/uploads\\\/2025\\\/12\\\/zsurlohorti.webp\",\"datePublished\":\"2025-12-12T10:18:09+00:00\",\"dateModified\":\"2025-12-12T10:27:17+00:00\",\"breadcrumb\":{\"@id\":\"https:\\\/\\\/tajkertesz.com\\\/termek\\\/mezei-zsurlo-kivonat-20-ml\\\/#breadcrumb\"},\"inLanguage\":\"en-US\",\"potentialAction\":[{\"@type\":\"ReadAction\",\"target\":[\"https:\\\/\\\/tajkertesz.com\\\/termek\\\/mezei-zsurlo-kivonat-20-ml\\\/\"]}]},{\"@type\":\"ImageObject\",\"inLanguage\":\"en-US\",\"@id\":\"https:\\\/\\\/tajkertesz.com\\\/termek\\\/mezei-zsurlo-kivonat-20-ml\\\/#primaryimage\",\"url\":\"https:\\\/\\\/tajkertesz.com\\\/wp-content\\\/uploads\\\/2025\\\/12\\\/zsurlohorti.webp\",\"contentUrl\":\"https:\\\/\\\/tajkertesz.com\\\/wp-content\\\/uploads\\\/2025\\\/12\\\/zsurlohorti.webp\",\"width\":600,\"height\":600},{\"@type\":\"BreadcrumbList\",\"@id\":\"https:\\\/\\\/tajkertesz.com\\\/termek\\\/mezei-zsurlo-kivonat-20-ml\\\/#breadcrumb\",\"itemListElement\":[{\"@type\":\"ListItem\",\"position\":1,\"name\":\"Home\",\"item\":\"https:\\\/\\\/tajkertesz.com\\\/\"},{\"@type\":\"ListItem\",\"position\":2,\"name\":\"Kezd\u0151lap\",\"item\":\"https:\\\/\\\/tajkertesz.com\\\/\"},{\"@type\":\"ListItem\",\"position\":3,\"name\":\"Mezei zsurl\u00f3 kivonat 20 ml\"}]},{\"@type\":\"WebSite\",\"@id\":\"https:\\\/\\\/tajkertesz.com\\\/#website\",\"url\":\"https:\\\/\\\/tajkertesz.com\\\/\",\"name\":\"T\u00e1j-Kert\u00e9sz 84 Kft.\",\"description\":\"Kert\u00e9szeti kis- \u00e9s nagykeresked\u00e9s, D\u00edszn\u00f6v\u00e9ny web\u00e1ruh\u00e1z orsz\u00e1gos h\u00e1zhozsz\u00e1ll\u00edt\u00e1ssal!\",\"publisher\":{\"@id\":\"https:\\\/\\\/tajkertesz.com\\\/#organization\"},\"potentialAction\":[{\"@type\":\"SearchAction\",\"target\":{\"@type\":\"EntryPoint\",\"urlTemplate\":\"https:\\\/\\\/tajkertesz.com\\\/?s={search_term_string}\"},\"query-input\":{\"@type\":\"PropertyValueSpecification\",\"valueRequired\":true,\"valueName\":\"search_term_string\"}}],\"inLanguage\":\"en-US\"},{\"@type\":\"Organization\",\"@id\":\"https:\\\/\\\/tajkertesz.com\\\/#organization\",\"name\":\"T\u00e1j-Kert\u00e9sz 84 Kft.\",\"url\":\"https:\\\/\\\/tajkertesz.com\\\/\",\"logo\":{\"@type\":\"ImageObject\",\"inLanguage\":\"en-US\",\"@id\":\"https:\\\/\\\/tajkertesz.com\\\/#\\\/schema\\\/logo\\\/image\\\/\",\"url\":\"https:\\\/\\\/tajkertesz.com\\\/wp-content\\\/uploads\\\/2018\\\/02\\\/logo-2-e1518678052539.png\",\"contentUrl\":\"https:\\\/\\\/tajkertesz.com\\\/wp-content\\\/uploads\\\/2018\\\/02\\\/logo-2-e1518678052539.png\",\"width\":81,\"height\":140,\"caption\":\"T\u00e1j-Kert\u00e9sz 84 Kft.\"},\"image\":{\"@id\":\"https:\\\/\\\/tajkertesz.com\\\/#\\\/schema\\\/logo\\\/image\\\/\"},\"sameAs\":[\"https:\\\/\\\/www.facebook.com\\\/Tajkertesz\\\/\"]}]}<\/script>\n<!-- \/ Yoast SEO plugin. -->","yoast_head_json":{"title":"Mezei zsurl\u00f3 kivonat 20 ml - T\u00e1jkert\u00e9sz","robots":{"index":"index","follow":"follow","max-snippet":"max-snippet:-1","max-image-preview":"max-image-preview:large","max-video-preview":"max-video-preview:-1"},"canonical":"https:\/\/tajkertesz.com\/en_US\/product\/mezei-zsurlo-kivonat-20-ml\/","og_locale":"en_US","og_type":"article","og_title":"Mezei zsurl\u00f3 kivonat 20 ml - T\u00e1jkert\u00e9sz","og_description":"Mezei zsurl\u00f3 kivonat 20 ml Mezei zsurl\u00f3 kivonat 20 ml: A zsurl\u00f3 kivonat egy term\u00e9szetes alap\u00fa term\u00e9k, amely a\u00a0mezei zsurl\u00f3\u00a0(Equisetum arvense)\u00a0kivonat\u00e1t tartalmazza, mely jav\u00edtja a n\u00f6v\u00e9nyek fotoszint\u00e9zis\u00e9t, \u00e9s ezzel seg\u00edts\u00e9get ny\u00fajt a n\u00f6veked\u00e9si \u00e9s termel\u00e9si folyamatok dinamik\u00e1j\u00e1ban. A kezelt n\u00f6v\u00e9nyeknek javul a v\u00edzgazd\u00e1lkod\u00e1sa, fejlettebb gy\u00f6k\u00e9rzettel rendelkeznek, aminek k\u00f6sz\u00f6nhet\u0151en hat\u00e9konyabban \u00e9rt\u00e9kes\u00edtik a t\u00e1panyagokat. A Zsurl\u00f3 kivonat [&hellip;]","og_url":"https:\/\/tajkertesz.com\/en_US\/product\/mezei-zsurlo-kivonat-20-ml\/","og_site_name":"T\u00e1jkert\u00e9sz","article_publisher":"https:\/\/www.facebook.com\/Tajkertesz\/","article_modified_time":"2025-12-12T10:27:17+00:00","og_image":[{"width":600,"height":600,"url":"https:\/\/tajkertesz.com\/wp-content\/uploads\/2025\/12\/zsurlohorti.webp","type":"image\/webp"}],"twitter_card":"summary_large_image","twitter_misc":{"Est. reading time":"4 minutes"},"schema":{"@context":"https:\/\/schema.org","@graph":[{"@type":"WebPage","@id":"https:\/\/tajkertesz.com\/termek\/mezei-zsurlo-kivonat-20-ml\/","url":"https:\/\/tajkertesz.com\/termek\/mezei-zsurlo-kivonat-20-ml\/","name":"Mezei zsurl\u00f3 kivonat 20 ml - T\u00e1jkert\u00e9sz","isPartOf":{"@id":"https:\/\/tajkertesz.com\/#website"},"primaryImageOfPage":{"@id":"https:\/\/tajkertesz.com\/termek\/mezei-zsurlo-kivonat-20-ml\/#primaryimage"},"image":{"@id":"https:\/\/tajkertesz.com\/termek\/mezei-zsurlo-kivonat-20-ml\/#primaryimage"},"thumbnailUrl":"https:\/\/tajkertesz.com\/wp-content\/uploads\/2025\/12\/zsurlohorti.webp","datePublished":"2025-12-12T10:18:09+00:00","dateModified":"2025-12-12T10:27:17+00:00","breadcrumb":{"@id":"https:\/\/tajkertesz.com\/termek\/mezei-zsurlo-kivonat-20-ml\/#breadcrumb"},"inLanguage":"en-US","potentialAction":[{"@type":"ReadAction","target":["https:\/\/tajkertesz.com\/termek\/mezei-zsurlo-kivonat-20-ml\/"]}]},{"@type":"ImageObject","inLanguage":"en-US","@id":"https:\/\/tajkertesz.com\/termek\/mezei-zsurlo-kivonat-20-ml\/#primaryimage","url":"https:\/\/tajkertesz.com\/wp-content\/uploads\/2025\/12\/zsurlohorti.webp","contentUrl":"https:\/\/tajkertesz.com\/wp-content\/uploads\/2025\/12\/zsurlohorti.webp","width":600,"height":600},{"@type":"BreadcrumbList","@id":"https:\/\/tajkertesz.com\/termek\/mezei-zsurlo-kivonat-20-ml\/#breadcrumb","itemListElement":[{"@type":"ListItem","position":1,"name":"Home","item":"https:\/\/tajkertesz.com\/"},{"@type":"ListItem","position":2,"name":"Kezd\u0151lap","item":"https:\/\/tajkertesz.com\/"},{"@type":"ListItem","position":3,"name":"Mezei zsurl\u00f3 kivonat 20 ml"}]},{"@type":"WebSite","@id":"https:\/\/tajkertesz.com\/#website","url":"https:\/\/tajkertesz.com\/","name":"T\u00e1j-Kert\u00e9sz 84 Kft.","description":"Kert\u00e9szeti kis- \u00e9s nagykeresked\u00e9s, D\u00edszn\u00f6v\u00e9ny web\u00e1ruh\u00e1z orsz\u00e1gos h\u00e1zhozsz\u00e1ll\u00edt\u00e1ssal!","publisher":{"@id":"https:\/\/tajkertesz.com\/#organization"},"potentialAction":[{"@type":"SearchAction","target":{"@type":"EntryPoint","urlTemplate":"https:\/\/tajkertesz.com\/?s={search_term_string}"},"query-input":{"@type":"PropertyValueSpecification","valueRequired":true,"valueName":"search_term_string"}}],"inLanguage":"en-US"},{"@type":"Organization","@id":"https:\/\/tajkertesz.com\/#organization","name":"T\u00e1j-Kert\u00e9sz 84 Kft.","url":"https:\/\/tajkertesz.com\/","logo":{"@type":"ImageObject","inLanguage":"en-US","@id":"https:\/\/tajkertesz.com\/#\/schema\/logo\/image\/","url":"https:\/\/tajkertesz.com\/wp-content\/uploads\/2018\/02\/logo-2-e1518678052539.png","contentUrl":"https:\/\/tajkertesz.com\/wp-content\/uploads\/2018\/02\/logo-2-e1518678052539.png","width":81,"height":140,"caption":"T\u00e1j-Kert\u00e9sz 84 Kft."},"image":{"@id":"https:\/\/tajkertesz.com\/#\/schema\/logo\/image\/"},"sameAs":["https:\/\/www.facebook.com\/Tajkertesz\/"]}]}},"_links":{"self":[{"href":"https:\/\/tajkertesz.com\/en_US\/wp-json\/wp\/v2\/product\/25648","targetHints":{"allow":["GET"]}}],"collection":[{"href":"https:\/\/tajkertesz.com\/en_US\/wp-json\/wp\/v2\/product"}],"about":[{"href":"https:\/\/tajkertesz.com\/en_US\/wp-json\/wp\/v2\/types\/product"}],"wp:featuredmedia":[{"embeddable":true,"href":"https:\/\/tajkertesz.com\/en_US\/wp-json\/wp\/v2\/media\/25651"}],"wp:attachment":[{"href":"https:\/\/tajkertesz.com\/en_US\/wp-json\/wp\/v2\/media?parent=25648"}],"wp:term":[{"taxonomy":"product_brand","embeddable":true,"href":"https:\/\/tajkertesz.com\/en_US\/wp-json\/wp\/v2\/product_brand?post=25648"},{"taxonomy":"product_cat","embeddable":true,"href":"https:\/\/tajkertesz.com\/en_US\/wp-json\/wp\/v2\/product_cat?post=25648"},{"taxonomy":"product_tag","embeddable":true,"href":"https:\/\/tajkertesz.com\/en_US\/wp-json\/wp\/v2\/product_tag?post=25648"}],"curies":[{"name":"wp","href":"https:\/\/api.w.org\/{rel}","templated":true}]}}