{"id":25649,"date":"2025-12-12T10:03:52","date_gmt":"2025-12-12T10:03:52","guid":{"rendered":"https:\/\/tajkertesz.com\/?post_type=product&#038;p=25649"},"modified":"2026-02-21T09:57:30","modified_gmt":"2026-02-21T09:57:30","slug":"actinidia-chinensis-tomuri-porzos-kivi","status":"publish","type":"product","link":"https:\/\/tajkertesz.com\/en_US\/product\/actinidia-chinensis-tomuri-porzos-kivi\/","title":{"rendered":"Actinidia chinensis &#8216;Tomuri&#8217; \u2013 Porz\u00f3s kivi"},"content":{"rendered":"<h1 data-start=\"549\" data-end=\"922\">Actinidia chinensis &#8216;Tomuri&#8217; \u2013 Porz\u00f3s kivi<\/h1>\n<p data-start=\"549\" data-end=\"922\">Az Actinidia chinensis &#8216;Tomuri&#8217; \u2013 Porz\u00f3s kivi a leggyakrabban haszn\u00e1lt<strong data-start=\"610\" data-end=\"634\">\u00a0porz\u00f3 fajta<\/strong>, amely biztos\u00edtja a n\u0151ivar\u00fa Actinidia chinensis fajt\u00e1k megfelel\u0151 beporz\u00e1s\u00e1t. En\u00e9lk\u00fcl a n\u0151ivar\u00fa n\u00f6v\u00e9nyek term\u00e9sk\u00e9pz\u00e9se jelent\u0151sen cs\u00f6kken vagy elmarad. A &#8216;Tomuri&#8217; er\u0151s n\u00f6veked\u00e9s\u0171, k\u00f6nnyen nevelhet\u0151, d\u00fas lomb\u00fa k\u00fasz\u00f3n\u00f6v\u00e9ny, amely pergol\u00e1ra, falra, t\u00e1mrendszerre futtatva mutat a legszebben.<\/p>\n<p data-start=\"924\" data-end=\"1034\">Megb\u00edzhat\u00f3 porz\u00f3k\u00e9pess\u00e9ge \u00e9s hossz\u00fa vir\u00e1gz\u00e1si ideje miatt hobbikertbe \u00e9s nagyobb \u00fcltetv\u00e9nybe egyar\u00e1nt ide\u00e1lis.<\/p>\n<h3 data-start=\"1036\" data-end=\"1061\">\ud83c\udf31 Actinidia chinensis &#8216;Tomuri&#8217; <strong data-start=\"1043\" data-end=\"1061\">jellemz\u0151i<\/strong><\/h3>\n<ul data-start=\"1062\" data-end=\"1460\">\n<li data-start=\"1062\" data-end=\"1110\">\n<p data-start=\"1064\" data-end=\"1110\"><strong data-start=\"1064\" data-end=\"1082\">N\u00f6v\u00e9ny t\u00edpusa:<\/strong> h\u00edmivar\u00fa kivi porz\u00f3 fajta<\/p>\n<\/li>\n<li data-start=\"1111\" data-end=\"1183\">\n<p data-start=\"1113\" data-end=\"1183\"><strong data-start=\"1113\" data-end=\"1127\">Megporz\u00e1s:<\/strong> n\u0151ivar\u00fa Actinidia chinensis fajt\u00e1khoz (pl. &#8216;Hayward&#8217;)<\/p>\n<\/li>\n<li data-start=\"1184\" data-end=\"1219\">\n<p data-start=\"1186\" data-end=\"1219\"><strong data-start=\"1186\" data-end=\"1200\">N\u00f6veked\u00e9s:<\/strong> er\u0151teljes, gyors<\/p>\n<\/li>\n<li data-start=\"1220\" data-end=\"1270\">\n<p data-start=\"1222\" data-end=\"1270\"><strong data-start=\"1222\" data-end=\"1235\">Magass\u00e1g:<\/strong> ak\u00e1r 3\u20135 m\u00e9ter is lehet futtatva<\/p>\n<\/li>\n<li data-start=\"1271\" data-end=\"1301\">\n<p data-start=\"1273\" data-end=\"1301\"><strong data-start=\"1273\" data-end=\"1286\">Vir\u00e1gz\u00e1s:<\/strong> m\u00e1jus\u2013j\u00fanius<\/p>\n<\/li>\n<li data-start=\"1302\" data-end=\"1348\">\n<p data-start=\"1304\" data-end=\"1348\"><strong data-start=\"1304\" data-end=\"1318\">F\u00e9nyig\u00e9ny:<\/strong> napos vagy f\u00e9l\u00e1rny\u00e9kos hely<\/p>\n<\/li>\n<li data-start=\"1349\" data-end=\"1399\">\n<p data-start=\"1351\" data-end=\"1399\"><strong data-start=\"1351\" data-end=\"1361\">Talaj:<\/strong> j\u00f3 v\u00edz\u00e1tereszt\u0151, t\u00e1panyagban gazdag<\/p>\n<\/li>\n<li data-start=\"1400\" data-end=\"1460\">\n<p data-start=\"1402\" data-end=\"1460\"><strong data-start=\"1402\" data-end=\"1417\">T\u00e9l\u00e1ll\u00f3s\u00e1g:<\/strong> j\u00f3, fiatal korban enyhe v\u00e9delem aj\u00e1nlott<\/p>\n<\/li>\n<\/ul>\n<h3 data-start=\"1462\" data-end=\"1503\">\ud83c\udf3c <strong data-start=\"1469\" data-end=\"1503\">Mi\u00e9rt fontos a porz\u00f3s kivi?<\/strong><\/h3>\n<ul data-start=\"1504\" data-end=\"1724\">\n<li data-start=\"1504\" data-end=\"1573\">\n<p data-start=\"1506\" data-end=\"1573\">A n\u0151ivar\u00fa Actinidia chinensis kivi fajt\u00e1k \u00f6nmagukban nem teremnek<\/p>\n<\/li>\n<li data-start=\"1574\" data-end=\"1611\">\n<p data-start=\"1576\" data-end=\"1611\">A &#8216;Tomuri&#8217; b\u0151s\u00e9ges pollent termel<\/p>\n<\/li>\n<li data-start=\"1612\" data-end=\"1680\">\n<p data-start=\"1614\" data-end=\"1680\">Egy h\u00edm n\u00f6v\u00e9ny \u00e1ltal\u00e1ban 6\u20137 n\u0151ivar\u00fa n\u00f6v\u00e9ny beporz\u00e1s\u00e1ra elegend\u0151<\/p>\n<\/li>\n<li data-start=\"1681\" data-end=\"1724\">\n<p data-start=\"1683\" data-end=\"1724\">Megb\u00edzhat\u00f3 \u00e9s stabil porz\u00f3 m\u00e1r \u00e9vek \u00f3ta<\/p>\n<\/li>\n<\/ul>\n<h4 data-start=\"1726\" data-end=\"1756\">\ud83c\udf3f <strong data-start=\"1733\" data-end=\"1756\">\u00dcltet\u00e9s \u00e9s gondoz\u00e1s<\/strong><\/h4>\n<ul data-start=\"1757\" data-end=\"2032\">\n<li data-start=\"1757\" data-end=\"1828\">\n<p data-start=\"1759\" data-end=\"1828\"><strong data-start=\"1759\" data-end=\"1773\">T\u00e1maszt\u00e9k:<\/strong> elengedhetetlen (pergola, r\u00e1cs, huzalos t\u00e1mrendszer)<\/p>\n<\/li>\n<li data-start=\"1829\" data-end=\"1886\">\n<p data-start=\"1831\" data-end=\"1886\"><strong data-start=\"1831\" data-end=\"1843\">\u00d6nt\u00f6z\u00e9s:<\/strong> k\u00f6zepes\u2013magas v\u00edzig\u00e9ny, k\u00fcl\u00f6n\u00f6sen ny\u00e1ron<\/p>\n<\/li>\n<li data-start=\"1887\" data-end=\"1958\">\n<p data-start=\"1889\" data-end=\"1958\"><strong data-start=\"1889\" data-end=\"1902\">T\u00e1panyag:<\/strong> tavasszal \u00e9s ny\u00e1r elej\u00e9n gy\u00fcm\u00f6lcsf\u00e1knak val\u00f3 t\u00e1panyag<\/p>\n<\/li>\n<li data-start=\"1959\" data-end=\"2032\">\n<p data-start=\"1961\" data-end=\"2032\"><strong data-start=\"1961\" data-end=\"1973\">Metsz\u00e9s:<\/strong> ny\u00e1ri \u00e9s t\u00e9li metsz\u00e9s sz\u00fcks\u00e9ges a rendezett n\u00f6veked\u00e9shez<\/p>\n<\/li>\n<\/ul>\n<h4 data-start=\"2034\" data-end=\"2057\">\ud83c\udfe1 <strong data-start=\"2041\" data-end=\"2057\">Felhaszn\u00e1l\u00e1s<\/strong><\/h4>\n<ul data-start=\"2058\" data-end=\"2188\">\n<li data-start=\"2058\" data-end=\"2096\">\n<p data-start=\"2060\" data-end=\"2096\">N\u0151ivar\u00fa kivi fajt\u00e1k mell\u00e9 porz\u00f3nak<\/p>\n<\/li>\n<li data-start=\"2097\" data-end=\"2122\">\n<p data-start=\"2099\" data-end=\"2122\">Pergola befuttat\u00e1s\u00e1ra<\/p>\n<\/li>\n<li data-start=\"2123\" data-end=\"2159\">\n<p data-start=\"2125\" data-end=\"2159\">Kerti t\u00e1mrendszer mell\u00e9 futtatva<\/p>\n<\/li>\n<li data-start=\"2160\" data-end=\"2188\">\n<p data-start=\"2162\" data-end=\"2188\">Term\u0151kerti telep\u00edt\u00e9sekbe<\/p>\n<\/li>\n<li data-start=\"2160\" data-end=\"2188\">\n<h4><strong>\ud83d\udd04 K\u00e9szletinform\u00e1ci\u00f3<\/strong><\/h4>\n<p><strong>K\u00e9szlet\u00fcnk napi szinten v\u00e1ltozik, \u00edgy a webshopban szerepl<\/strong><strong>\u0151<\/strong><strong>\u00a0term\u00e9kek el\u00e9rhet<\/strong><strong>\u0151<\/strong><strong>s\u00e9ge nem garant\u00e1lt.<br \/>\n\ud83d\udcde A megrendel\u00e9s el<\/strong><strong>\u0151<\/strong><strong>tt k\u00e9rj\u00fck, \u00e9rdekl<\/strong><strong>\u0151<\/strong><strong>dj\u00f6n szem\u00e9lyesen, telefonon vagy e-mailben!<\/strong><\/p>\n<h4><strong>\u27a1\ufe0f Kapcsolat:<\/strong><\/h4>\n<ul>\n<li><strong>Weboldal:\u00a0<\/strong><a href=\"https:\/\/tajkertesz.com\/\"><strong>tajkertesz.com<\/strong><\/a><\/li>\n<li><strong>Facebook:\u00a0<\/strong><a href=\"https:\/\/www.facebook.com\/tajkertesz\/\"><strong>facebook.com\/tajkertesz<\/strong><\/a><\/li>\n<li><strong>Telefonsz\u00e1m, e-mail: +36\/20-319-3770\u00a0<\/strong><a href=\"mailto:tajkerteszaruda@gmail.com\"><strong>tajkerteszaruda@gmail.com<\/strong><\/a><\/li>\n<\/ul>\n<h4><strong>\ud83d\ude9a Sz\u00e1ll\u00edt\u00e1si inform\u00e1ci\u00f3k<\/strong><\/h4>\n<p><strong>A megrendelt n\u00f6v\u00e9nyek kisz\u00e1ll\u00edt\u00e1sa az al\u00e1bbi felt\u00e9telek mellett t\u00f6rt\u00e9nik:<\/strong><\/p>\n<h4><strong>\ud83d\udce6 Fut\u00e1rszolg\u00e1latos sz\u00e1ll\u00edt\u00e1s<\/strong><\/h4>\n<ul>\n<li><strong>Maxim\u00e1lis m\u00e9ret: 200 cm (hossz\u00fas\u00e1g)<\/strong><\/li>\n<li><strong>Maxim\u00e1lis s\u00faly: 40 kg<\/strong><\/li>\n<li><strong>Az enn\u00e9l kisebb \u00e9s k\u00f6nnyebb csomagokat fut\u00e1rszolg\u00e1lattal k\u00e9zbes\u00edtj\u00fck a lehet<\/strong><strong>\u0151<\/strong><strong>\u00a0legbiztons\u00e1gosabb csomagol\u00e1sban.<\/strong><\/li>\n<\/ul>\n<h4><strong>\ud83d\udefb Szem\u00e9lyes \u00e1tv\u00e9tel<\/strong><\/h4>\n<ul>\n<li><strong>1173 Budapest, Bakancsos utca 7. sz\u00e1m alatt nyitvatart\u00e1si id<\/strong><strong>\u0151<\/strong><strong>ben szem\u00e9lyesen \u00e1tvehet<\/strong><strong>\u0151<\/strong><strong>\u00a0kert\u00e9szeti \u00e1rud\u00e1nkban.<\/strong><\/li>\n<li><strong>K\u00f6lts\u00e9ghat\u00e9kony megold\u00e1s nagyobb, t\u00f6r\u00e9kenyebb vagy t\u00falm\u00e9retes n\u00f6v\u00e9nyek eset\u00e9n.<\/strong><\/li>\n<\/ul>\n<h4><strong>\ud83d\udcde Nagy m\u00e9ret<\/strong><strong>\u0171<\/strong><strong>\u00a0vagy s\u00faly\u00fa n\u00f6v\u00e9nyek eset\u00e9n<\/strong><\/h4>\n<p><strong>Ha a term\u00e9k:<\/strong><\/p>\n<ul>\n<li><strong>meghaladja a 200 cm hossz\u00fas\u00e1got vagy<\/strong><\/li>\n<li><strong>meghaladja a 40 kg s\u00falyt,<\/strong><\/li>\n<\/ul>\n<p><strong>akkor szem\u00e9lyes \u00e1tv\u00e9tellel vagy egyedi, el<\/strong><strong>\u0151<\/strong><strong>re egyeztetett sz\u00e1ll\u00edt\u00e1si felt\u00e9telek mellett t\u00f6rt\u00e9nik.<br \/>\nK\u00e9rj\u00fck, ilyen esetben rendel\u00e9s el<\/strong><strong>\u0151<\/strong><strong>tt vegye fel vel\u00fcnk a kapcsolatot, hogy a lehet<\/strong><strong>\u0151<\/strong><strong>\u00a0legmegfelel<\/strong><strong>\u0151<\/strong><strong>bb sz\u00e1ll\u00edt\u00e1si megold\u00e1st k\u00edn\u00e1lhassuk.<\/strong><\/p>\n<p><strong>\ud83d\udd14 Fontos: A n\u00f6v\u00e9nyeket minden esetben igyeksz\u00fcnk gondosan, egyes\u00e9vel csomagolni, azonban a sz\u00e1ll\u00edt\u00e1s sor\u00e1n kisebb eszt\u00e9tikai s\u00e9r\u00fcl\u00e9sek el<\/strong><strong>\u0151<\/strong><strong>fordulhatnak (pl. lev\u00e9lhull\u00e1s). Ez nem min<\/strong><strong>\u0151<\/strong><strong>s\u00fcl hib\u00e1s teljes\u00edt\u00e9snek.<\/strong><\/p>\n<h4><strong>\ud83d\udcf7 Fontos tudni a k\u00e9pekr<\/strong><strong>\u0151<\/strong><strong>l<\/strong><\/h4>\n<p><strong>A webshopban szerepl<\/strong><strong>\u0151<\/strong><strong>\u00a0k\u00e9pek illusztr\u00e1ci\u00f3k, a n\u00f6v\u00e9nyek term\u00e9szet\u00fckn\u00e9l fogva egyediek, \u00edgy m\u00e9retben, alakban \u00e9s sz\u00ednben minim\u00e1lis elt\u00e9r\u00e9sek el<\/strong><strong>\u0151<\/strong><strong>fordulhatnak a k\u00e9pen l\u00e1that\u00f3 \u00e9s a val\u00f3s p\u00e9ld\u00e1nyok k\u00f6z\u00f6tt.<\/strong><\/p>\n<h4><strong>\ud83e\uddfe \u00c1rak \u00e9s el\u00e1ll\u00e1si jog<\/strong><\/h4>\n<ul>\n<li><strong>Az \u00e1rak egy darab\u00a0n\u00f6v\u00e9nyre vonatkoznak.<\/strong><\/li>\n<li><strong>\u00c9l<\/strong><strong>\u0151<\/strong><strong>\u00a0n\u00f6v\u00e9nyek rendel\u00e9se eset\u00e9n a 14 napos el\u00e1ll\u00e1s joga nem \u00e9rv\u00e9nyes\u00edthet<\/strong><strong>\u0151<\/strong><strong>, mivel azok romland\u00f3, biol\u00f3giailag \u00e9l<\/strong><strong>\u0151<\/strong><strong>\u00a0term\u00e9keknek min<\/strong><strong>\u0151<\/strong><strong>s\u00fclnek.<br \/>\n\ud83d\udd12 (17\/1999. (II. 5.) Korm. rendelet 5. \u00a7 c) pontja alapj\u00e1n)<\/strong><\/li>\n<\/ul>\n<h4><strong>\ud83d\udce6 K\u00e9zbes\u00edt\u00e9s ut\u00e1ni teend<\/strong><strong>\u0151<\/strong><strong>k<\/strong><\/h4>\n<p><strong>A k\u00e9zbes\u00edt\u00e9st k\u00f6vet<\/strong><strong>\u0151<\/strong><strong>en a csomagot azonnal bontsuk ki, \u00e9s a n\u00f6v\u00e9nyt helyezz\u00fck el megfelel<\/strong><strong>\u0151<\/strong><strong>\u00a0k\u00f6rnyezetben.<br \/>\nFontos: ha a n\u00f6v\u00e9ny nem r\u00e9szes\u00fcl megfelel<\/strong><strong>\u0151<\/strong><strong>\u00a0gondoz\u00e1sban \u00e9s ennek k\u00f6vetkezt\u00e9ben k\u00e1rosodik vagy elpusztul, felel<\/strong><strong>\u0151<\/strong><strong>ss\u00e9get nem tudunk v\u00e1llalni.<\/strong><\/li>\n<\/ul>","protected":false},"excerpt":{"rendered":"<p>Az Actinidia chinensis &#8216;Tomuri&#8217; egy er\u0151teljes n\u00f6veked\u00e9s\u0171, h\u00edmivar\u00fa kivi porz\u00f3 fajta, amely n\u00e9lk\u00fcl\u00f6zhetetlen a term\u0151 n\u0151ivar\u00fa kivi fajt\u00e1k (pl. &#8216;Hayward&#8217;) sikeres beporz\u00e1s\u00e1hoz. Eg\u00e9szs\u00e9ges, gyors n\u00f6veked\u00e9s\u0171 k\u00fasz\u00f3n\u00f6v\u00e9ny, r\u00e1csra vagy pergol\u00e1ra futtatva ide\u00e1lis.<\/p>\n<p>M\u00e9rete: 60680 cm magas, 4 literes kont\u00e9nerben.<\/p>","protected":false},"featured_media":25650,"template":"","meta":{"_et_pb_use_builder":"","_et_pb_old_content":"","_et_gb_content_width":""},"product_brand":[],"product_cat":[7074],"product_tag":[7690,7061,7692,7695,7693,7076,7691,7694,5748,7530],"class_list":{"0":"post-25649","1":"product","2":"type-product","3":"status-publish","4":"has-post-thumbnail","6":"product_cat-kivi","7":"product_tag-actinidia-chinensis-tomuri","8":"product_tag-gyumolcstermo-noveny","9":"product_tag-him-kivi","10":"product_tag-kinai-kivi-porzo","11":"product_tag-kivi-beporzo-fajta","12":"product_tag-kivi-noveny","13":"product_tag-kivi-porzo","14":"product_tag-kivi-termesztes","15":"product_tag-kuszonoveny","16":"product_tag-pergolara-futo-noveny","18":"first","19":"instock","20":"shipping-taxable","21":"purchasable","22":"product-type-simple"},"yoast_head":"<!-- This site is optimized with the Yoast SEO plugin v27.4 - https:\/\/yoast.com\/product\/yoast-seo-wordpress\/ -->\n<title>Actinidia chinensis &#039;Tomuri&#039; \u2013 Porz\u00f3s kivi - T\u00e1jkert\u00e9sz<\/title>\n<meta name=\"description\" content=\"Actinidia chinensis &#039;Tomuri&#039; \u2013 Porz\u00f3s kivi , amely n\u00e9lk\u00fcl\u00f6zhetetlen a n\u0151ivar\u00fa kivi fajt\u00e1k beporz\u00e1s\u00e1hoz. Er\u0151teljes, gyors n\u00f6veked\u00e9s\u0171 k\u00fasz\u00f3n\u00f6v\u00e9ny.\" \/>\n<meta name=\"robots\" content=\"index, follow, max-snippet:-1, max-image-preview:large, max-video-preview:-1\" \/>\n<link rel=\"canonical\" href=\"https:\/\/tajkertesz.com\/en_US\/product\/actinidia-chinensis-tomuri-porzos-kivi\/\" \/>\n<meta property=\"og:locale\" content=\"en_US\" \/>\n<meta property=\"og:type\" content=\"article\" \/>\n<meta property=\"og:title\" content=\"Actinidia chinensis &#039;Tomuri&#039; \u2013 Porz\u00f3s kivi - T\u00e1jkert\u00e9sz\" \/>\n<meta property=\"og:description\" content=\"Actinidia chinensis &#039;Tomuri&#039; \u2013 Porz\u00f3s kivi , amely n\u00e9lk\u00fcl\u00f6zhetetlen a n\u0151ivar\u00fa kivi fajt\u00e1k beporz\u00e1s\u00e1hoz. Er\u0151teljes, gyors n\u00f6veked\u00e9s\u0171 k\u00fasz\u00f3n\u00f6v\u00e9ny.\" \/>\n<meta property=\"og:url\" content=\"https:\/\/tajkertesz.com\/en_US\/product\/actinidia-chinensis-tomuri-porzos-kivi\/\" \/>\n<meta property=\"og:site_name\" content=\"T\u00e1jkert\u00e9sz\" \/>\n<meta property=\"article:publisher\" content=\"https:\/\/www.facebook.com\/Tajkertesz\/\" \/>\n<meta property=\"article:modified_time\" content=\"2026-02-21T09:57:30+00:00\" \/>\n<meta property=\"og:image\" content=\"https:\/\/tajkertesz.com\/wp-content\/uploads\/2025\/12\/Actinidia.jpg\" \/>\n\t<meta property=\"og:image:width\" content=\"1863\" \/>\n\t<meta property=\"og:image:height\" content=\"2560\" \/>\n\t<meta property=\"og:image:type\" content=\"image\/jpeg\" \/>\n<meta name=\"twitter:card\" content=\"summary_large_image\" \/>\n<meta name=\"twitter:label1\" content=\"Est. reading time\" \/>\n\t<meta name=\"twitter:data1\" content=\"3 minutes\" \/>\n<script type=\"application\/ld+json\" class=\"yoast-schema-graph\">{\"@context\":\"https:\\\/\\\/schema.org\",\"@graph\":[{\"@type\":\"WebPage\",\"@id\":\"https:\\\/\\\/tajkertesz.com\\\/termek\\\/actinidia-chinensis-tomuri-porzos-kivi\\\/\",\"url\":\"https:\\\/\\\/tajkertesz.com\\\/termek\\\/actinidia-chinensis-tomuri-porzos-kivi\\\/\",\"name\":\"Actinidia chinensis 'Tomuri' \u2013 Porz\u00f3s kivi - T\u00e1jkert\u00e9sz\",\"isPartOf\":{\"@id\":\"https:\\\/\\\/tajkertesz.com\\\/#website\"},\"primaryImageOfPage\":{\"@id\":\"https:\\\/\\\/tajkertesz.com\\\/termek\\\/actinidia-chinensis-tomuri-porzos-kivi\\\/#primaryimage\"},\"image\":{\"@id\":\"https:\\\/\\\/tajkertesz.com\\\/termek\\\/actinidia-chinensis-tomuri-porzos-kivi\\\/#primaryimage\"},\"thumbnailUrl\":\"https:\\\/\\\/tajkertesz.com\\\/wp-content\\\/uploads\\\/2025\\\/12\\\/Actinidia.jpg\",\"datePublished\":\"2025-12-12T10:03:52+00:00\",\"dateModified\":\"2026-02-21T09:57:30+00:00\",\"description\":\"Actinidia chinensis 'Tomuri' \u2013 Porz\u00f3s kivi , amely n\u00e9lk\u00fcl\u00f6zhetetlen a n\u0151ivar\u00fa kivi fajt\u00e1k beporz\u00e1s\u00e1hoz. Er\u0151teljes, gyors n\u00f6veked\u00e9s\u0171 k\u00fasz\u00f3n\u00f6v\u00e9ny.\",\"breadcrumb\":{\"@id\":\"https:\\\/\\\/tajkertesz.com\\\/termek\\\/actinidia-chinensis-tomuri-porzos-kivi\\\/#breadcrumb\"},\"inLanguage\":\"en-US\",\"potentialAction\":[{\"@type\":\"ReadAction\",\"target\":[\"https:\\\/\\\/tajkertesz.com\\\/termek\\\/actinidia-chinensis-tomuri-porzos-kivi\\\/\"]}]},{\"@type\":\"ImageObject\",\"inLanguage\":\"en-US\",\"@id\":\"https:\\\/\\\/tajkertesz.com\\\/termek\\\/actinidia-chinensis-tomuri-porzos-kivi\\\/#primaryimage\",\"url\":\"https:\\\/\\\/tajkertesz.com\\\/wp-content\\\/uploads\\\/2025\\\/12\\\/Actinidia.jpg\",\"contentUrl\":\"https:\\\/\\\/tajkertesz.com\\\/wp-content\\\/uploads\\\/2025\\\/12\\\/Actinidia.jpg\",\"width\":1863,\"height\":2560,\"caption\":\"Actinidia chinensis 'Tomuri' \u2013 Porz\u00f3s kivi\"},{\"@type\":\"BreadcrumbList\",\"@id\":\"https:\\\/\\\/tajkertesz.com\\\/termek\\\/actinidia-chinensis-tomuri-porzos-kivi\\\/#breadcrumb\",\"itemListElement\":[{\"@type\":\"ListItem\",\"position\":1,\"name\":\"Home\",\"item\":\"https:\\\/\\\/tajkertesz.com\\\/\"},{\"@type\":\"ListItem\",\"position\":2,\"name\":\"Kezd\u0151lap\",\"item\":\"https:\\\/\\\/tajkertesz.com\\\/\"},{\"@type\":\"ListItem\",\"position\":3,\"name\":\"Actinidia chinensis &#8216;Tomuri&#8217; \u2013 Porz\u00f3s kivi\"}]},{\"@type\":\"WebSite\",\"@id\":\"https:\\\/\\\/tajkertesz.com\\\/#website\",\"url\":\"https:\\\/\\\/tajkertesz.com\\\/\",\"name\":\"T\u00e1j-Kert\u00e9sz 84 Kft.\",\"description\":\"Kert\u00e9szeti kis- \u00e9s nagykeresked\u00e9s, D\u00edszn\u00f6v\u00e9ny web\u00e1ruh\u00e1z orsz\u00e1gos h\u00e1zhozsz\u00e1ll\u00edt\u00e1ssal!\",\"publisher\":{\"@id\":\"https:\\\/\\\/tajkertesz.com\\\/#organization\"},\"potentialAction\":[{\"@type\":\"SearchAction\",\"target\":{\"@type\":\"EntryPoint\",\"urlTemplate\":\"https:\\\/\\\/tajkertesz.com\\\/?s={search_term_string}\"},\"query-input\":{\"@type\":\"PropertyValueSpecification\",\"valueRequired\":true,\"valueName\":\"search_term_string\"}}],\"inLanguage\":\"en-US\"},{\"@type\":\"Organization\",\"@id\":\"https:\\\/\\\/tajkertesz.com\\\/#organization\",\"name\":\"T\u00e1j-Kert\u00e9sz 84 Kft.\",\"url\":\"https:\\\/\\\/tajkertesz.com\\\/\",\"logo\":{\"@type\":\"ImageObject\",\"inLanguage\":\"en-US\",\"@id\":\"https:\\\/\\\/tajkertesz.com\\\/#\\\/schema\\\/logo\\\/image\\\/\",\"url\":\"https:\\\/\\\/tajkertesz.com\\\/wp-content\\\/uploads\\\/2018\\\/02\\\/logo-2-e1518678052539.png\",\"contentUrl\":\"https:\\\/\\\/tajkertesz.com\\\/wp-content\\\/uploads\\\/2018\\\/02\\\/logo-2-e1518678052539.png\",\"width\":81,\"height\":140,\"caption\":\"T\u00e1j-Kert\u00e9sz 84 Kft.\"},\"image\":{\"@id\":\"https:\\\/\\\/tajkertesz.com\\\/#\\\/schema\\\/logo\\\/image\\\/\"},\"sameAs\":[\"https:\\\/\\\/www.facebook.com\\\/Tajkertesz\\\/\"]}]}<\/script>\n<!-- \/ Yoast SEO plugin. -->","yoast_head_json":{"title":"Actinidia chinensis 'Tomuri' \u2013 Porz\u00f3s kivi - T\u00e1jkert\u00e9sz","description":"Actinidia chinensis 'Tomuri' \u2013 Porz\u00f3s kivi , amely n\u00e9lk\u00fcl\u00f6zhetetlen a n\u0151ivar\u00fa kivi fajt\u00e1k beporz\u00e1s\u00e1hoz. Er\u0151teljes, gyors n\u00f6veked\u00e9s\u0171 k\u00fasz\u00f3n\u00f6v\u00e9ny.","robots":{"index":"index","follow":"follow","max-snippet":"max-snippet:-1","max-image-preview":"max-image-preview:large","max-video-preview":"max-video-preview:-1"},"canonical":"https:\/\/tajkertesz.com\/en_US\/product\/actinidia-chinensis-tomuri-porzos-kivi\/","og_locale":"en_US","og_type":"article","og_title":"Actinidia chinensis 'Tomuri' \u2013 Porz\u00f3s kivi - T\u00e1jkert\u00e9sz","og_description":"Actinidia chinensis 'Tomuri' \u2013 Porz\u00f3s kivi , amely n\u00e9lk\u00fcl\u00f6zhetetlen a n\u0151ivar\u00fa kivi fajt\u00e1k beporz\u00e1s\u00e1hoz. Er\u0151teljes, gyors n\u00f6veked\u00e9s\u0171 k\u00fasz\u00f3n\u00f6v\u00e9ny.","og_url":"https:\/\/tajkertesz.com\/en_US\/product\/actinidia-chinensis-tomuri-porzos-kivi\/","og_site_name":"T\u00e1jkert\u00e9sz","article_publisher":"https:\/\/www.facebook.com\/Tajkertesz\/","article_modified_time":"2026-02-21T09:57:30+00:00","og_image":[{"width":1863,"height":2560,"url":"https:\/\/tajkertesz.com\/wp-content\/uploads\/2025\/12\/Actinidia.jpg","type":"image\/jpeg"}],"twitter_card":"summary_large_image","twitter_misc":{"Est. reading time":"3 minutes"},"schema":{"@context":"https:\/\/schema.org","@graph":[{"@type":"WebPage","@id":"https:\/\/tajkertesz.com\/termek\/actinidia-chinensis-tomuri-porzos-kivi\/","url":"https:\/\/tajkertesz.com\/termek\/actinidia-chinensis-tomuri-porzos-kivi\/","name":"Actinidia chinensis 'Tomuri' \u2013 Porz\u00f3s kivi - T\u00e1jkert\u00e9sz","isPartOf":{"@id":"https:\/\/tajkertesz.com\/#website"},"primaryImageOfPage":{"@id":"https:\/\/tajkertesz.com\/termek\/actinidia-chinensis-tomuri-porzos-kivi\/#primaryimage"},"image":{"@id":"https:\/\/tajkertesz.com\/termek\/actinidia-chinensis-tomuri-porzos-kivi\/#primaryimage"},"thumbnailUrl":"https:\/\/tajkertesz.com\/wp-content\/uploads\/2025\/12\/Actinidia.jpg","datePublished":"2025-12-12T10:03:52+00:00","dateModified":"2026-02-21T09:57:30+00:00","description":"Actinidia chinensis 'Tomuri' \u2013 Porz\u00f3s kivi , amely n\u00e9lk\u00fcl\u00f6zhetetlen a n\u0151ivar\u00fa kivi fajt\u00e1k beporz\u00e1s\u00e1hoz. Er\u0151teljes, gyors n\u00f6veked\u00e9s\u0171 k\u00fasz\u00f3n\u00f6v\u00e9ny.","breadcrumb":{"@id":"https:\/\/tajkertesz.com\/termek\/actinidia-chinensis-tomuri-porzos-kivi\/#breadcrumb"},"inLanguage":"en-US","potentialAction":[{"@type":"ReadAction","target":["https:\/\/tajkertesz.com\/termek\/actinidia-chinensis-tomuri-porzos-kivi\/"]}]},{"@type":"ImageObject","inLanguage":"en-US","@id":"https:\/\/tajkertesz.com\/termek\/actinidia-chinensis-tomuri-porzos-kivi\/#primaryimage","url":"https:\/\/tajkertesz.com\/wp-content\/uploads\/2025\/12\/Actinidia.jpg","contentUrl":"https:\/\/tajkertesz.com\/wp-content\/uploads\/2025\/12\/Actinidia.jpg","width":1863,"height":2560,"caption":"Actinidia chinensis 'Tomuri' \u2013 Porz\u00f3s kivi"},{"@type":"BreadcrumbList","@id":"https:\/\/tajkertesz.com\/termek\/actinidia-chinensis-tomuri-porzos-kivi\/#breadcrumb","itemListElement":[{"@type":"ListItem","position":1,"name":"Home","item":"https:\/\/tajkertesz.com\/"},{"@type":"ListItem","position":2,"name":"Kezd\u0151lap","item":"https:\/\/tajkertesz.com\/"},{"@type":"ListItem","position":3,"name":"Actinidia chinensis &#8216;Tomuri&#8217; \u2013 Porz\u00f3s kivi"}]},{"@type":"WebSite","@id":"https:\/\/tajkertesz.com\/#website","url":"https:\/\/tajkertesz.com\/","name":"T\u00e1j-Kert\u00e9sz 84 Kft.","description":"Kert\u00e9szeti kis- \u00e9s nagykeresked\u00e9s, D\u00edszn\u00f6v\u00e9ny web\u00e1ruh\u00e1z orsz\u00e1gos h\u00e1zhozsz\u00e1ll\u00edt\u00e1ssal!","publisher":{"@id":"https:\/\/tajkertesz.com\/#organization"},"potentialAction":[{"@type":"SearchAction","target":{"@type":"EntryPoint","urlTemplate":"https:\/\/tajkertesz.com\/?s={search_term_string}"},"query-input":{"@type":"PropertyValueSpecification","valueRequired":true,"valueName":"search_term_string"}}],"inLanguage":"en-US"},{"@type":"Organization","@id":"https:\/\/tajkertesz.com\/#organization","name":"T\u00e1j-Kert\u00e9sz 84 Kft.","url":"https:\/\/tajkertesz.com\/","logo":{"@type":"ImageObject","inLanguage":"en-US","@id":"https:\/\/tajkertesz.com\/#\/schema\/logo\/image\/","url":"https:\/\/tajkertesz.com\/wp-content\/uploads\/2018\/02\/logo-2-e1518678052539.png","contentUrl":"https:\/\/tajkertesz.com\/wp-content\/uploads\/2018\/02\/logo-2-e1518678052539.png","width":81,"height":140,"caption":"T\u00e1j-Kert\u00e9sz 84 Kft."},"image":{"@id":"https:\/\/tajkertesz.com\/#\/schema\/logo\/image\/"},"sameAs":["https:\/\/www.facebook.com\/Tajkertesz\/"]}]}},"_links":{"self":[{"href":"https:\/\/tajkertesz.com\/en_US\/wp-json\/wp\/v2\/product\/25649","targetHints":{"allow":["GET"]}}],"collection":[{"href":"https:\/\/tajkertesz.com\/en_US\/wp-json\/wp\/v2\/product"}],"about":[{"href":"https:\/\/tajkertesz.com\/en_US\/wp-json\/wp\/v2\/types\/product"}],"wp:featuredmedia":[{"embeddable":true,"href":"https:\/\/tajkertesz.com\/en_US\/wp-json\/wp\/v2\/media\/25650"}],"wp:attachment":[{"href":"https:\/\/tajkertesz.com\/en_US\/wp-json\/wp\/v2\/media?parent=25649"}],"wp:term":[{"taxonomy":"product_brand","embeddable":true,"href":"https:\/\/tajkertesz.com\/en_US\/wp-json\/wp\/v2\/product_brand?post=25649"},{"taxonomy":"product_cat","embeddable":true,"href":"https:\/\/tajkertesz.com\/en_US\/wp-json\/wp\/v2\/product_cat?post=25649"},{"taxonomy":"product_tag","embeddable":true,"href":"https:\/\/tajkertesz.com\/en_US\/wp-json\/wp\/v2\/product_tag?post=25649"}],"curies":[{"name":"wp","href":"https:\/\/api.w.org\/{rel}","templated":true}]}}