{"id":2565,"date":"2020-11-06T08:03:00","date_gmt":"2020-11-06T08:03:00","guid":{"rendered":"https:\/\/tajkertesz.com\/?post_type=product&#038;p=2565"},"modified":"2026-02-25T09:00:43","modified_gmt":"2026-02-25T09:00:43","slug":"photinia-fraseri-red-robin-korallberkenye-magastorzson","status":"publish","type":"product","link":"https:\/\/tajkertesz.com\/en_US\/product\/photinia-fraseri-red-robin-korallberkenye-magastorzson\/","title":{"rendered":"Photinia\u00a0 fraseri &#8216;Red Robin&#8217; , Korallberkenye magast\u00f6rzs\u00f6n\u00a0"},"content":{"rendered":"<h2>Photinia\u00a0 fraseri &#8216;Red Robin&#8217; , Korallberkenye magast\u00f6rzs\u00f6n<\/h2>\n<p>Photinia\u00a0 fraseri &#8216;Red Robin&#8217; , Korallberkenye magast\u00f6rzs\u00f6n<\/p>\n<p>T\u00f6rzsmagass\u00e1ga 80\/100cm<\/p>\n<p>A ny\u00edr\u00e1st \u00e9s az alak\u00edt\u00e1st j\u00f3l t\u0171ri. Szoliter n\u00f6v\u00e9nynek \u00fcltess\u00fck el\u0151kertbe , cserjecsoportba , de ak\u00e1r kasp\u00f3ban is tarthat\u00f3.<\/p>\n<p>A korallberkenye \u00f6r\u00f6kz\u00f6ld cserje. Fel\u00e1ll\u00f3 habitus \u00e9s s\u0171r\u0171 lombozat jellemzi. F\u00e9nyes z\u00f6ld levelei fiatalon \u00e9l\u00e9nk v\u00f6r\u00f6sek \u00e1rnyalat\u00faak.\u00a0 \u00c1prilis &#8211; m\u00e1jus id\u0151szak\u00e1ban hozza feh\u00e9r bugavir\u00e1gzatait. Napos, f\u00e9l\u00e1rny\u00e9kos helyeken \u00e9rzi igaz\u00e1n j\u00f3l mag\u00e1t.<\/p>\n<p>A magast\u00f6rzs\u00f6n nevelt korallberkeny\u00e9t c\u00e9lszer\u0171 \u00e9vente t\u00f6bbsz\u00f6r ny\u00edrni , mivel\u00a0 a fiatal hajt\u00e1sok gy\u00f6ny\u00f6r\u0171 sz\u00edn\u0171ek, \u00e9s \u00edgy tarthat\u00f3 csak meg a sz\u00e9p g\u00f6mb form\u00e1ja.<\/p>\n<p>Ak\u00e1r kertbe , ak\u00e1r kasp\u00f3ba \u00fcltetj\u00fck ne feledkezz\u00fcnk meg a t\u00e1panyag ut\u00e1np\u00f3tl\u00e1sr\u00f3l .<\/p>\n<p>Kertbe \u00fcltet\u00e9skor javasoljuk a marhatr\u00e1gya haszn\u00e1lat\u00e1t az \u00fcltet\u0151 g\u00f6d\u00f6rbe , k\u00e9s\u0151bb pedig az Agrecol term\u00e9kcsal\u00e1d \u00f6r\u00f6kz\u00f6ldekhez kapcsol\u00f3d\u00f3 term\u00e9keit.<\/p>\n<p>Photinia fraseri &#8216;Red Robin&#8217;- Korallberkenye t\u00f6rzses kb. 80 cm t\u00f6rzsmagass\u00e1ggal \u00e9s kb. 130 cm teljes magass\u00e1ggal + kont\u00e9ner<\/p>\n<p>K\u00fcl\u00f6nlegess\u00e9g\u00e9t a n\u00e9h\u00e1ny h\u00e9tig v\u00f6r\u00f6ses vagy bronzos sz\u00edn\u0171 levelek jelentik. \u00c1lland\u00f3 lev\u00e9lzete kerekded, f\u00e9nyes fel\u00fclet\u0171 levelekb\u0151l \u00e1ll. Magass\u00e1ga kifejlett \u00e1llapotban 2,5-3 m, de l\u00e9teznek t\u00f6rpe v\u00e1ltozatai is.<\/p>\n<p>\u00dcltethetj\u00fck napos \u00e9s \u00e1rny\u00e9kos helyre is, mivel minden f\u00e9nyviszonyt j\u00f3l b\u00edr, viszont fontos megeml\u00edteni, hogy \u00e1rny\u00e9kos helyen kevesebb vir\u00e1got hoz. A talaj t\u00edpus\u00e1ra nem k\u00e9nyes, de fontos, hogy a talaj ne legyen t\u00fal k\u00f6t\u00f6tt.<\/p>\n<p>Az id\u0151sebb n\u00f6v\u00e9nyek jobban t\u0171rik a sz\u00e1razs\u00e1got, de az\u00e9rt tart\u00f3san sz\u00e1raz id\u0151szakokban megh\u00e1l\u00e1lj\u00e1k, ha id\u0151nk\u00e9nt \u00f6nt\u00f6zz\u00fck \u0151ket.<\/p>\n<p>Tavasszal, mikor a n\u00f6v\u00e9ny \u00faj hajt\u00e1sai kezdik elveszteni piros sz\u00edn\u00e9t, ezeket v\u00e1gjuk vissza, hogy \u00fajabb piros leveleket hozzon a n\u00f6v\u00e9ny. Ny\u00e1ron \u00e9s \u0151sszel szapor\u00edthatjuk dugv\u00e1nyoz\u00e1ssal.<\/p>\n<p style=\"line-height: 18.0pt; background: white; margin: 0cm 0cm 15.0pt 0cm;\"><b><span style=\"font-family: 'Ubuntu',sans-serif; color: black;\">K\u00e9szlet\u00fcnk napi szinten v\u00e1ltozik, ez\u00e9rt k\u00e9rj\u00fck, \u00e9rdekl\u0151dj\u00f6n szem\u00e9lyesen, telefonon vagy email-en.<br \/>\nA v\u00e1ltoztat\u00e1s jog\u00e1t fenntartjuk!\u00a0<\/span><\/b><\/p>\n<p><a href=\"https:\/\/tajkertesz.com\/\">https:\/\/tajkertesz.com\/<\/a><\/p>\n<p><a href=\"https:\/\/www.facebook.com\/tajkertesz\/\">https:\/\/www.facebook.com\/tajkertesz\/<\/a><\/p>\n<p>Kisz\u00e1ll\u00edt\u00e1s: 200cm-ig \u00e9s 40 kg-ig a sz\u00e1ll\u00edt\u00e1s fut\u00e1rszolg\u00e1lattal t\u00f6rt\u00e9nik.<\/p>\n<p>Szem\u00e9lyes \u00e1tv\u00e9tel nyitvatart\u00e1si id\u0151ben a 17. ker\u00fclet Bakancsos utca 7. sz\u00e1m alatti Kert\u00e9szeti \u00e1rud\u00e1nkban.<\/p>\n<p><b><u>Kert\u00e9p\u00edt\u0151k \u00e9s viszontelad\u00f3k regisztr\u00e1l\u00e1s ut\u00e1n egyedi kedvezm\u00e9nnyel v\u00e1s\u00e1rolhatnak kert\u00e9szeti kis-\u00e9s nagykeresked\u00e9s\u00fcnkben.<\/u><\/b><\/p>\n<p>A logisztikai c\u00e9ggel t\u00f6rt\u00e9n\u0151 sz\u00e1ll\u00edt\u00e1s eset\u00e9n a partnereink\u00a0esetleges a\u00a0cs\u00fasz\u00e1sai\u00e9rt nem v\u00e1llalunk felel\u0151ss\u00e9get!<\/p>\n<p><strong>Az \u00e1rak egy darab term\u00e9kre vonatkoznak.<\/strong><\/p>\n<p><strong>J\u00f3 tudni!<\/strong><\/p>\n<h3>K\u00e9pek-elt\u00e9r\u00e9sek:<\/h3>\n<p>A n\u00f6v\u00e9nyekr\u0151l felt\u00f6lt\u00f6tt k\u00e9pek illusztr\u00e1ci\u00f3k. N\u00f6v\u00e9nyekn\u00e9l el\u0151fordulhatnak minim\u00e1lis elt\u00e9r\u00e9sek a k\u00e9peken szerepl\u0151 n\u00f6v\u00e9nyek \u00e9s az \u00e1tvett n\u00f6v\u00e9nyek k\u00f6z\u00f6tt, mivel minden n\u00f6v\u00e9ny egyedi.<\/p>\n<h4>N\u00f6v\u00e9nyek sz\u00e1ll\u00edt\u00e1sa:<\/h4>\n<p>A megrendelt n\u00f6v\u00e9nyeket igyeksz\u00fcnk a lehet\u0151 legbiztons\u00e1gosabban egyes\u00e9vel csomagolni, azonban a sz\u00e1ll\u00edt\u00e1s sor\u00e1n m\u00e9g ennek ellen\u00e9re is\u00a0bek\u00f6vetkezhetnek apr\u00f3bb s\u00e9r\u00fcl\u00e9sek (lev\u00e9l- vagy vir\u00e1ghull\u00e1s).<br \/>\nN\u00f6v\u00e9ny rendel\u00e9s eset\u00e9n k\u00e9rj\u00fck a k\u00e9zbes\u00edt\u00e9st k\u00f6vet\u0151en a lehet\u0151 leghamarabb bonts\u00e1k ki a csomagot.<\/p>\n<p>Abban az esetben, ha a megrendelt n\u00f6v\u00e9ny\u00a0a sz\u00e1ll\u00edt\u00e1st k\u00f6vet\u0151en\u00a0nem megfelel\u0151 gondoz\u00e1sban r\u00e9szes\u00fcl \u00e9s ebb\u0151l kifoly\u00f3lag\u00a0k\u00e1rosodik,\u00a0elpusztul, felel\u0151ss\u00e9get sajnos nem tudunk v\u00e1llalni.<\/p>\n<p>V\u00e1s\u00e1rl\u00e1st\u00f3l val\u00f3 el\u00e1ll\u00e1s \u00e9l\u0151 n\u00f6v\u00e9ny v\u00e1s\u00e1rl\u00e1sa eset\u00e9n:<\/p>\n<p>Az \u00e1ltal\u00e1nos 14 napos el\u00e1ll\u00e1s lehet\u0151s\u00e9ge \u00e9l\u0151 n\u00f6v\u00e9nyekre nem vonatkozik. V\u00e1s\u00e1rl\u00e1st\u00f3l val\u00f3 el\u00e1ll\u00e1sra, visszak\u00fcld\u00e9sre nincs lehet\u0151s\u00e9g.\u00a0(17\/1999. (II. 5.) Korm. rendelet 5c pontja)<\/p>\n<p><strong>K\u00e9rj\u00fck fentiek figyelembev\u00e9tel\u00e9t n\u00f6v\u00e9ny rendel\u00e9se sor\u00e1n!<\/strong><\/p>\n<p>&nbsp;<\/p>","protected":false},"excerpt":{"rendered":"<h2>Photinia\u00a0 fraseri &#8216;Red Robin&#8217;<\/h2>\n<p>T\u00f6rzsmagass\u00e1ga 80cm.<\/p>\n<p>A Photinia\u00a0 fraseri &#8216;Red Robin&#8217; , Korallberkenye magast\u00f6rzs\u00f6n\u00a0 a fiatal hajt\u00e1sok \u00e9s a fels\u0151 levelek kihajt\u00e1skor \u00e9l\u00e9nk v\u00f6r\u00f6sek, \u00e9rdekes sz\u00ednfoltot adva kert\u00fcnknek.<\/p>\n<p>A ny\u00edr\u00e1st \u00e9s az alak\u00edt\u00e1st j\u00f3l t\u0171ri. Szoliter n\u00f6v\u00e9nynek \u00fcltess\u00fck el\u0151kertbe , cserjecsoportba , de ak\u00e1r kasp\u00f3ban is tarthat\u00f3.<\/p>\n<p>A korallberkenye \u00f6r\u00f6kz\u00f6ld cserje. Fel\u00e1ll\u00f3 habitus \u00e9s s\u0171r\u0171 lombozat jellemzi. F\u00e9nyes z\u00f6ld levelei fiatalon \u00e9l\u00e9nk v\u00f6r\u00f6sek \u00e1rnyalat\u00faak.\u00a0 \u00c1prilis &#8211; m\u00e1jus id\u0151szak\u00e1ban hozza feh\u00e9r bugavir\u00e1gzatait. Napos, f\u00e9l\u00e1rny\u00e9kos helyeken \u00e9rzi igaz\u00e1n j\u00f3l mag\u00e1t.<\/p>\n<p>A magast\u00f6rzs\u00f6n nevelt korallberkeny\u00e9t c\u00e9lszer\u0171 \u00e9vente t\u00f6bbsz\u00f6r ny\u00edrni , mivel\u00a0 a fiatal hajt\u00e1sok gy\u00f6ny\u00f6r\u0171 sz\u00edn\u0171ek, \u00e9s \u00edgy tarthat\u00f3 csak meg a sz\u00e9p g\u00f6mb form\u00e1ja.<\/p>","protected":false},"featured_media":9394,"template":"","meta":{"_et_pb_use_builder":"","_et_pb_old_content":"","_et_gb_content_width":""},"product_brand":[],"product_cat":[32],"product_tag":[907,908,906,682,909],"class_list":{"0":"post-2565","1":"product","2":"type-product","3":"status-publish","4":"has-post-thumbnail","6":"product_cat-formanovenyek-alakfak","7":"product_tag-korallberkenye","8":"product_tag-magastorzsu","9":"product_tag-photinia","10":"product_tag-pom-pom","11":"product_tag-torzses","13":"first","14":"instock","15":"shipping-taxable","16":"purchasable","17":"product-type-simple"},"yoast_head":"<!-- This site is optimized with the Yoast SEO plugin v27.3 - https:\/\/yoast.com\/product\/yoast-seo-wordpress\/ -->\n<title>Photinia\u00a0 fraseri &#039;Red Robin&#039; , Korallberkenye magast\u00f6rzs\u00f6n\u00a0 - T\u00e1jkert\u00e9sz<\/title>\n<meta name=\"description\" content=\"A Photinia\u00a0 fraseri &#039;Red Robin&#039; , Korallberkenye magast\u00f6rzs\u00f6n\u00a0 a fels\u0151 levelek kihajt\u00e1skor \u00e9l\u00e9nk v\u00f6r\u00f6sek, \u00e9rdekes sz\u00ednfoltot adva kert\u00fcnknek.\u00a0\" \/>\n<meta name=\"robots\" content=\"index, follow, max-snippet:-1, max-image-preview:large, max-video-preview:-1\" \/>\n<link rel=\"canonical\" href=\"https:\/\/tajkertesz.com\/en_US\/product\/photinia-fraseri-red-robin-korallberkenye-magastorzson\/\" \/>\n<meta property=\"og:locale\" content=\"en_US\" \/>\n<meta property=\"og:type\" content=\"article\" \/>\n<meta property=\"og:title\" content=\"Photinia\u00a0 fraseri &#039;Red Robin&#039; , Korallberkenye magast\u00f6rzs\u00f6n\u00a0 - T\u00e1jkert\u00e9sz\" \/>\n<meta property=\"og:description\" content=\"A Photinia\u00a0 fraseri &#039;Red Robin&#039; , Korallberkenye magast\u00f6rzs\u00f6n\u00a0 a fels\u0151 levelek kihajt\u00e1skor \u00e9l\u00e9nk v\u00f6r\u00f6sek, \u00e9rdekes sz\u00ednfoltot adva kert\u00fcnknek.\u00a0\" \/>\n<meta property=\"og:url\" content=\"https:\/\/tajkertesz.com\/en_US\/product\/photinia-fraseri-red-robin-korallberkenye-magastorzson\/\" \/>\n<meta property=\"og:site_name\" content=\"T\u00e1jkert\u00e9sz\" \/>\n<meta property=\"article:publisher\" content=\"https:\/\/www.facebook.com\/Tajkertesz\/\" \/>\n<meta property=\"article:modified_time\" content=\"2026-02-25T09:00:43+00:00\" \/>\n<meta property=\"og:image\" content=\"https:\/\/tajkertesz.com\/wp-content\/uploads\/2020\/11\/IMG_20210921_084900-scaled.jpg\" \/>\n\t<meta property=\"og:image:width\" content=\"1935\" \/>\n\t<meta property=\"og:image:height\" content=\"2560\" \/>\n\t<meta property=\"og:image:type\" content=\"image\/jpeg\" \/>\n<meta name=\"twitter:card\" content=\"summary_large_image\" \/>\n<meta name=\"twitter:label1\" content=\"Est. reading time\" \/>\n\t<meta name=\"twitter:data1\" content=\"3 minutes\" \/>\n<script type=\"application\/ld+json\" class=\"yoast-schema-graph\">{\"@context\":\"https:\\\/\\\/schema.org\",\"@graph\":[{\"@type\":\"WebPage\",\"@id\":\"https:\\\/\\\/tajkertesz.com\\\/termek\\\/photinia-fraseri-red-robin-korallberkenye-magastorzson\\\/\",\"url\":\"https:\\\/\\\/tajkertesz.com\\\/termek\\\/photinia-fraseri-red-robin-korallberkenye-magastorzson\\\/\",\"name\":\"Photinia\u00a0 fraseri 'Red Robin' , Korallberkenye magast\u00f6rzs\u00f6n\u00a0 - T\u00e1jkert\u00e9sz\",\"isPartOf\":{\"@id\":\"https:\\\/\\\/tajkertesz.com\\\/#website\"},\"primaryImageOfPage\":{\"@id\":\"https:\\\/\\\/tajkertesz.com\\\/termek\\\/photinia-fraseri-red-robin-korallberkenye-magastorzson\\\/#primaryimage\"},\"image\":{\"@id\":\"https:\\\/\\\/tajkertesz.com\\\/termek\\\/photinia-fraseri-red-robin-korallberkenye-magastorzson\\\/#primaryimage\"},\"thumbnailUrl\":\"https:\\\/\\\/tajkertesz.com\\\/wp-content\\\/uploads\\\/2020\\\/11\\\/IMG_20210921_084900-scaled.jpg\",\"datePublished\":\"2020-11-06T08:03:00+00:00\",\"dateModified\":\"2026-02-25T09:00:43+00:00\",\"description\":\"A Photinia\u00a0 fraseri 'Red Robin' , Korallberkenye magast\u00f6rzs\u00f6n\u00a0 a fels\u0151 levelek kihajt\u00e1skor \u00e9l\u00e9nk v\u00f6r\u00f6sek, \u00e9rdekes sz\u00ednfoltot adva kert\u00fcnknek.\u00a0\",\"breadcrumb\":{\"@id\":\"https:\\\/\\\/tajkertesz.com\\\/termek\\\/photinia-fraseri-red-robin-korallberkenye-magastorzson\\\/#breadcrumb\"},\"inLanguage\":\"en-US\",\"potentialAction\":[{\"@type\":\"ReadAction\",\"target\":[\"https:\\\/\\\/tajkertesz.com\\\/termek\\\/photinia-fraseri-red-robin-korallberkenye-magastorzson\\\/\"]}]},{\"@type\":\"ImageObject\",\"inLanguage\":\"en-US\",\"@id\":\"https:\\\/\\\/tajkertesz.com\\\/termek\\\/photinia-fraseri-red-robin-korallberkenye-magastorzson\\\/#primaryimage\",\"url\":\"https:\\\/\\\/tajkertesz.com\\\/wp-content\\\/uploads\\\/2020\\\/11\\\/IMG_20210921_084900-scaled.jpg\",\"contentUrl\":\"https:\\\/\\\/tajkertesz.com\\\/wp-content\\\/uploads\\\/2020\\\/11\\\/IMG_20210921_084900-scaled.jpg\",\"width\":1935,\"height\":2560,\"caption\":\"Photinia\u00a0 fraseri 'Red Robin' , Korallberkenye magast\u00f6rzs\u00f6n\u00a0\"},{\"@type\":\"BreadcrumbList\",\"@id\":\"https:\\\/\\\/tajkertesz.com\\\/termek\\\/photinia-fraseri-red-robin-korallberkenye-magastorzson\\\/#breadcrumb\",\"itemListElement\":[{\"@type\":\"ListItem\",\"position\":1,\"name\":\"Home\",\"item\":\"https:\\\/\\\/tajkertesz.com\\\/\"},{\"@type\":\"ListItem\",\"position\":2,\"name\":\"Kezd\u0151lap\",\"item\":\"https:\\\/\\\/tajkertesz.com\\\/\"},{\"@type\":\"ListItem\",\"position\":3,\"name\":\"Photinia\u00a0 fraseri &#8216;Red Robin&#8217; , Korallberkenye magast\u00f6rzs\u00f6n\u00a0\"}]},{\"@type\":\"WebSite\",\"@id\":\"https:\\\/\\\/tajkertesz.com\\\/#website\",\"url\":\"https:\\\/\\\/tajkertesz.com\\\/\",\"name\":\"T\u00e1j-Kert\u00e9sz 84 Kft.\",\"description\":\"Kert\u00e9szeti kis- \u00e9s nagykeresked\u00e9s, D\u00edszn\u00f6v\u00e9ny web\u00e1ruh\u00e1z orsz\u00e1gos h\u00e1zhozsz\u00e1ll\u00edt\u00e1ssal!\",\"publisher\":{\"@id\":\"https:\\\/\\\/tajkertesz.com\\\/#organization\"},\"potentialAction\":[{\"@type\":\"SearchAction\",\"target\":{\"@type\":\"EntryPoint\",\"urlTemplate\":\"https:\\\/\\\/tajkertesz.com\\\/?s={search_term_string}\"},\"query-input\":{\"@type\":\"PropertyValueSpecification\",\"valueRequired\":true,\"valueName\":\"search_term_string\"}}],\"inLanguage\":\"en-US\"},{\"@type\":\"Organization\",\"@id\":\"https:\\\/\\\/tajkertesz.com\\\/#organization\",\"name\":\"T\u00e1j-Kert\u00e9sz 84 Kft.\",\"url\":\"https:\\\/\\\/tajkertesz.com\\\/\",\"logo\":{\"@type\":\"ImageObject\",\"inLanguage\":\"en-US\",\"@id\":\"https:\\\/\\\/tajkertesz.com\\\/#\\\/schema\\\/logo\\\/image\\\/\",\"url\":\"https:\\\/\\\/tajkertesz.com\\\/wp-content\\\/uploads\\\/2018\\\/02\\\/logo-2-e1518678052539.png\",\"contentUrl\":\"https:\\\/\\\/tajkertesz.com\\\/wp-content\\\/uploads\\\/2018\\\/02\\\/logo-2-e1518678052539.png\",\"width\":81,\"height\":140,\"caption\":\"T\u00e1j-Kert\u00e9sz 84 Kft.\"},\"image\":{\"@id\":\"https:\\\/\\\/tajkertesz.com\\\/#\\\/schema\\\/logo\\\/image\\\/\"},\"sameAs\":[\"https:\\\/\\\/www.facebook.com\\\/Tajkertesz\\\/\"]}]}<\/script>\n<!-- \/ Yoast SEO plugin. -->","yoast_head_json":{"title":"Photinia\u00a0 fraseri 'Red Robin' , Korallberkenye magast\u00f6rzs\u00f6n\u00a0 - T\u00e1jkert\u00e9sz","description":"A Photinia\u00a0 fraseri 'Red Robin' , Korallberkenye magast\u00f6rzs\u00f6n\u00a0 a fels\u0151 levelek kihajt\u00e1skor \u00e9l\u00e9nk v\u00f6r\u00f6sek, \u00e9rdekes sz\u00ednfoltot adva kert\u00fcnknek.\u00a0","robots":{"index":"index","follow":"follow","max-snippet":"max-snippet:-1","max-image-preview":"max-image-preview:large","max-video-preview":"max-video-preview:-1"},"canonical":"https:\/\/tajkertesz.com\/en_US\/product\/photinia-fraseri-red-robin-korallberkenye-magastorzson\/","og_locale":"en_US","og_type":"article","og_title":"Photinia\u00a0 fraseri 'Red Robin' , Korallberkenye magast\u00f6rzs\u00f6n\u00a0 - T\u00e1jkert\u00e9sz","og_description":"A Photinia\u00a0 fraseri 'Red Robin' , Korallberkenye magast\u00f6rzs\u00f6n\u00a0 a fels\u0151 levelek kihajt\u00e1skor \u00e9l\u00e9nk v\u00f6r\u00f6sek, \u00e9rdekes sz\u00ednfoltot adva kert\u00fcnknek.\u00a0","og_url":"https:\/\/tajkertesz.com\/en_US\/product\/photinia-fraseri-red-robin-korallberkenye-magastorzson\/","og_site_name":"T\u00e1jkert\u00e9sz","article_publisher":"https:\/\/www.facebook.com\/Tajkertesz\/","article_modified_time":"2026-02-25T09:00:43+00:00","og_image":[{"width":1935,"height":2560,"url":"https:\/\/tajkertesz.com\/wp-content\/uploads\/2020\/11\/IMG_20210921_084900-scaled.jpg","type":"image\/jpeg"}],"twitter_card":"summary_large_image","twitter_misc":{"Est. reading time":"3 minutes"},"schema":{"@context":"https:\/\/schema.org","@graph":[{"@type":"WebPage","@id":"https:\/\/tajkertesz.com\/termek\/photinia-fraseri-red-robin-korallberkenye-magastorzson\/","url":"https:\/\/tajkertesz.com\/termek\/photinia-fraseri-red-robin-korallberkenye-magastorzson\/","name":"Photinia\u00a0 fraseri 'Red Robin' , Korallberkenye magast\u00f6rzs\u00f6n\u00a0 - T\u00e1jkert\u00e9sz","isPartOf":{"@id":"https:\/\/tajkertesz.com\/#website"},"primaryImageOfPage":{"@id":"https:\/\/tajkertesz.com\/termek\/photinia-fraseri-red-robin-korallberkenye-magastorzson\/#primaryimage"},"image":{"@id":"https:\/\/tajkertesz.com\/termek\/photinia-fraseri-red-robin-korallberkenye-magastorzson\/#primaryimage"},"thumbnailUrl":"https:\/\/tajkertesz.com\/wp-content\/uploads\/2020\/11\/IMG_20210921_084900-scaled.jpg","datePublished":"2020-11-06T08:03:00+00:00","dateModified":"2026-02-25T09:00:43+00:00","description":"A Photinia\u00a0 fraseri 'Red Robin' , Korallberkenye magast\u00f6rzs\u00f6n\u00a0 a fels\u0151 levelek kihajt\u00e1skor \u00e9l\u00e9nk v\u00f6r\u00f6sek, \u00e9rdekes sz\u00ednfoltot adva kert\u00fcnknek.\u00a0","breadcrumb":{"@id":"https:\/\/tajkertesz.com\/termek\/photinia-fraseri-red-robin-korallberkenye-magastorzson\/#breadcrumb"},"inLanguage":"en-US","potentialAction":[{"@type":"ReadAction","target":["https:\/\/tajkertesz.com\/termek\/photinia-fraseri-red-robin-korallberkenye-magastorzson\/"]}]},{"@type":"ImageObject","inLanguage":"en-US","@id":"https:\/\/tajkertesz.com\/termek\/photinia-fraseri-red-robin-korallberkenye-magastorzson\/#primaryimage","url":"https:\/\/tajkertesz.com\/wp-content\/uploads\/2020\/11\/IMG_20210921_084900-scaled.jpg","contentUrl":"https:\/\/tajkertesz.com\/wp-content\/uploads\/2020\/11\/IMG_20210921_084900-scaled.jpg","width":1935,"height":2560,"caption":"Photinia\u00a0 fraseri 'Red Robin' , Korallberkenye magast\u00f6rzs\u00f6n\u00a0"},{"@type":"BreadcrumbList","@id":"https:\/\/tajkertesz.com\/termek\/photinia-fraseri-red-robin-korallberkenye-magastorzson\/#breadcrumb","itemListElement":[{"@type":"ListItem","position":1,"name":"Home","item":"https:\/\/tajkertesz.com\/"},{"@type":"ListItem","position":2,"name":"Kezd\u0151lap","item":"https:\/\/tajkertesz.com\/"},{"@type":"ListItem","position":3,"name":"Photinia\u00a0 fraseri &#8216;Red Robin&#8217; , Korallberkenye magast\u00f6rzs\u00f6n\u00a0"}]},{"@type":"WebSite","@id":"https:\/\/tajkertesz.com\/#website","url":"https:\/\/tajkertesz.com\/","name":"T\u00e1j-Kert\u00e9sz 84 Kft.","description":"Kert\u00e9szeti kis- \u00e9s nagykeresked\u00e9s, D\u00edszn\u00f6v\u00e9ny web\u00e1ruh\u00e1z orsz\u00e1gos h\u00e1zhozsz\u00e1ll\u00edt\u00e1ssal!","publisher":{"@id":"https:\/\/tajkertesz.com\/#organization"},"potentialAction":[{"@type":"SearchAction","target":{"@type":"EntryPoint","urlTemplate":"https:\/\/tajkertesz.com\/?s={search_term_string}"},"query-input":{"@type":"PropertyValueSpecification","valueRequired":true,"valueName":"search_term_string"}}],"inLanguage":"en-US"},{"@type":"Organization","@id":"https:\/\/tajkertesz.com\/#organization","name":"T\u00e1j-Kert\u00e9sz 84 Kft.","url":"https:\/\/tajkertesz.com\/","logo":{"@type":"ImageObject","inLanguage":"en-US","@id":"https:\/\/tajkertesz.com\/#\/schema\/logo\/image\/","url":"https:\/\/tajkertesz.com\/wp-content\/uploads\/2018\/02\/logo-2-e1518678052539.png","contentUrl":"https:\/\/tajkertesz.com\/wp-content\/uploads\/2018\/02\/logo-2-e1518678052539.png","width":81,"height":140,"caption":"T\u00e1j-Kert\u00e9sz 84 Kft."},"image":{"@id":"https:\/\/tajkertesz.com\/#\/schema\/logo\/image\/"},"sameAs":["https:\/\/www.facebook.com\/Tajkertesz\/"]}]}},"_links":{"self":[{"href":"https:\/\/tajkertesz.com\/en_US\/wp-json\/wp\/v2\/product\/2565","targetHints":{"allow":["GET"]}}],"collection":[{"href":"https:\/\/tajkertesz.com\/en_US\/wp-json\/wp\/v2\/product"}],"about":[{"href":"https:\/\/tajkertesz.com\/en_US\/wp-json\/wp\/v2\/types\/product"}],"wp:featuredmedia":[{"embeddable":true,"href":"https:\/\/tajkertesz.com\/en_US\/wp-json\/wp\/v2\/media\/9394"}],"wp:attachment":[{"href":"https:\/\/tajkertesz.com\/en_US\/wp-json\/wp\/v2\/media?parent=2565"}],"wp:term":[{"taxonomy":"product_brand","embeddable":true,"href":"https:\/\/tajkertesz.com\/en_US\/wp-json\/wp\/v2\/product_brand?post=2565"},{"taxonomy":"product_cat","embeddable":true,"href":"https:\/\/tajkertesz.com\/en_US\/wp-json\/wp\/v2\/product_cat?post=2565"},{"taxonomy":"product_tag","embeddable":true,"href":"https:\/\/tajkertesz.com\/en_US\/wp-json\/wp\/v2\/product_tag?post=2565"}],"curies":[{"name":"wp","href":"https:\/\/api.w.org\/{rel}","templated":true}]}}