{"id":25655,"date":"2025-12-12T11:00:09","date_gmt":"2025-12-12T11:00:09","guid":{"rendered":"https:\/\/tajkertesz.com\/?post_type=product&#038;p=25655"},"modified":"2026-02-21T14:11:33","modified_gmt":"2026-02-21T14:11:33","slug":"vaccinium-macrocarpon-early-black-tozegafonya","status":"publish","type":"product","link":"https:\/\/tajkertesz.com\/en_US\/product\/vaccinium-macrocarpon-early-black-tozegafonya\/","title":{"rendered":"Vaccinium macrocarpon &#8216;Early Black&#8217; \u2013 T\u0151zeg\u00e1fonya"},"content":{"rendered":"<h1>Vaccinium macrocarpon &#8216;Early Black&#8217; \u2013 T\u0151zeg\u00e1fonya<\/h1>\n<p data-start=\"537\" data-end=\"874\">A Vaccinium macrocarpon &#8216;Early Black&#8217; \u2013 T\u0151zeg\u00e1fonya \u00a0egy kiv\u00e1l\u00f3an term\u0151, eg\u00e9szs\u00e9ges \u00e9s dekorat\u00edv bogy\u00f3s gy\u00fcm\u00f6lcs. A fajta kompakt n\u00f6veked\u00e9s\u0171, apr\u00f3 levelekkel \u00e9s s\u00f6t\u00e9tpiros bogy\u00f3kkal d\u00edsz\u00edt. A \u2018Early Black\u2019 k\u00fcl\u00f6n\u00f6sen \u00e9rt\u00e9kes, mert m\u00e1r a szezon elej\u00e9n \u00e9rik, \u00e9s megb\u00edzhat\u00f3an hoz nagy mennyis\u00e9g\u0171 term\u00e9st.<\/p>\n<p data-start=\"876\" data-end=\"1078\">Bogy\u00f3i frissen is fogyaszthat\u00f3k, de legink\u00e1bb lekv\u00e1r, sz\u00f6rp, hidegen sajtolt gy\u00fcm\u00f6lcsl\u00e9 vagy sz\u00e1r\u00edtott gy\u00fcm\u00f6lcs form\u00e1j\u00e1ban kedveltek. Rendk\u00edv\u00fcl magas antioxid\u00e1ns-, C-vitamin- \u00e9s t\u00e1panyagtartalommal b\u00edr.<\/p>\n<h3 data-start=\"1080\" data-end=\"1105\">\ud83c\udf31<strong data-start=\"1087\" data-end=\"1105\"> Vaccinium macrocarpon &#8216;Early Black&#8217; jellemz\u0151k<\/strong><\/h3>\n<ul data-start=\"1106\" data-end=\"1513\">\n<li data-start=\"1106\" data-end=\"1189\">\n<p data-start=\"1108\" data-end=\"1189\"><strong data-start=\"1108\" data-end=\"1126\">N\u00f6v\u00e9ny t\u00edpusa:<\/strong> \u00f6r\u00f6kz\u00f6ld\/szemihajt\u00e1sos bogy\u00f3s gy\u00fcm\u00f6lcs (talajtakar\u00f3 jelleg\u0171)<\/p>\n<\/li>\n<li data-start=\"1190\" data-end=\"1216\">\n<p data-start=\"1192\" data-end=\"1216\"><strong data-start=\"1192\" data-end=\"1205\">Magass\u00e1g:<\/strong> 10\u201320 cm<\/p>\n<\/li>\n<li data-start=\"1217\" data-end=\"1260\">\n<p data-start=\"1219\" data-end=\"1260\"><strong data-start=\"1219\" data-end=\"1231\">Ter\u00fcl\u00e9s:<\/strong> sz\u00e9lesen ter\u00fcl\u0151, 50\u2013100 cm<\/p>\n<\/li>\n<li data-start=\"1261\" data-end=\"1300\">\n<p data-start=\"1263\" data-end=\"1300\"><strong data-start=\"1263\" data-end=\"1274\">Term\u00e9s:<\/strong> apr\u00f3, s\u00f6t\u00e9tpiros bogy\u00f3k<\/p>\n<\/li>\n<li data-start=\"1301\" data-end=\"1347\">\n<p data-start=\"1303\" data-end=\"1347\"><strong data-start=\"1303\" data-end=\"1312\">\u00c9r\u00e9s:<\/strong> korai \u2013 ny\u00e1r v\u00e9g\u00e9t\u0151l \u0151sz elej\u00e9ig<\/p>\n<\/li>\n<li data-start=\"1348\" data-end=\"1386\">\n<p data-start=\"1350\" data-end=\"1386\"><strong data-start=\"1350\" data-end=\"1357\">\u00cdz:<\/strong> enyh\u00e9n savanyk\u00e1s, friss\u00edt\u0151<\/p>\n<\/li>\n<li data-start=\"1387\" data-end=\"1423\">\n<p data-start=\"1389\" data-end=\"1423\"><strong data-start=\"1389\" data-end=\"1398\">F\u00e9ny:<\/strong> napos\u2013f\u00e9l\u00e1rny\u00e9kos hely<\/p>\n<\/li>\n<li data-start=\"1424\" data-end=\"1486\">\n<p data-start=\"1426\" data-end=\"1486\"><strong data-start=\"1426\" data-end=\"1436\">Talaj:<\/strong> savany\u00fa (pH 4\u20135), t\u0151zeges, j\u00f3 v\u00edzmegtart\u00f3 talaj<\/p>\n<\/li>\n<li data-start=\"1487\" data-end=\"1513\">\n<p data-start=\"1489\" data-end=\"1513\"><strong data-start=\"1489\" data-end=\"1504\">T\u00e9l\u00e1ll\u00f3s\u00e1g:<\/strong> kiv\u00e1l\u00f3<\/p>\n<\/li>\n<\/ul>\n<h3 data-start=\"1515\" data-end=\"1561\">\ud83c\udf52 <strong data-start=\"1522\" data-end=\"1561\">Mi\u00e9rt j\u00f3 v\u00e1laszt\u00e1s a &#8216;Early Black&#8217;?<\/strong><\/h3>\n<ul data-start=\"1562\" data-end=\"1799\">\n<li data-start=\"1562\" data-end=\"1606\">\n<p data-start=\"1564\" data-end=\"1606\">Korai \u00e9r\u00e9s\u0171 fajta, biztos term\u00e9shozammal<\/p>\n<\/li>\n<li data-start=\"1607\" data-end=\"1661\">\n<p data-start=\"1609\" data-end=\"1661\">K\u00fcl\u00f6n\u00f6sen eg\u00e9szs\u00e9ges, antioxid\u00e1nsban gazdag bogy\u00f3k<\/p>\n<\/li>\n<li data-start=\"1662\" data-end=\"1702\">\n<p data-start=\"1664\" data-end=\"1702\">Talajtakar\u00f3k\u00e9nt is rendk\u00edv\u00fcl mutat\u00f3s<\/p>\n<\/li>\n<li data-start=\"1703\" data-end=\"1763\">\n<p data-start=\"1705\" data-end=\"1763\">D\u00e9zs\u00e1ban, magas\u00e1gy\u00e1sban \u00e9s savany\u00fa \u00e1gy\u00e1sban is nevelhet\u0151<\/p>\n<\/li>\n<li data-start=\"1764\" data-end=\"1799\">\n<p data-start=\"1766\" data-end=\"1799\">Hossz\u00fa \u00e9let\u0171, ig\u00e9nytelen n\u00f6v\u00e9ny<\/p>\n<\/li>\n<\/ul>\n<h3 data-start=\"1801\" data-end=\"1831\">\ud83c\udf3fT\u0151zeg\u00e1fonya \u00fc<strong data-start=\"1808\" data-end=\"1831\">ltet\u00e9se \u00e9s gondoz\u00e1sa<\/strong><\/h3>\n<ul data-start=\"1832\" data-end=\"2122\">\n<li data-start=\"1832\" data-end=\"1897\">\n<p data-start=\"1834\" data-end=\"1897\"><strong data-start=\"1834\" data-end=\"1844\">Talaj:<\/strong> t\u0151zeges, feny\u0151mulccsal takart, folyamatosan nedves<\/p>\n<\/li>\n<li data-start=\"1898\" data-end=\"1957\">\n<p data-start=\"1900\" data-end=\"1957\"><strong data-start=\"1900\" data-end=\"1912\">\u00d6nt\u00f6z\u00e9s:<\/strong> v\u00edzkedvel\u0151, egyenletes nedvess\u00e9get ig\u00e9nyel<\/p>\n<\/li>\n<li data-start=\"1958\" data-end=\"2007\">\n<p data-start=\"1960\" data-end=\"2007\"><strong data-start=\"1960\" data-end=\"1969\">F\u00e9ny:<\/strong> napos helyen adja a legjobb term\u00e9st<\/p>\n<\/li>\n<li data-start=\"2008\" data-end=\"2073\">\n<p data-start=\"2010\" data-end=\"2073\"><strong data-start=\"2010\" data-end=\"2023\">T\u00e1panyag:<\/strong> savany\u00fa talajhoz val\u00f3 t\u00e1p \u00e9vente 1\u20132 alkalommal<\/p>\n<\/li>\n<li data-start=\"2074\" data-end=\"2122\">\n<p data-start=\"2076\" data-end=\"2122\"><strong data-start=\"2076\" data-end=\"2088\">Metsz\u00e9s:<\/strong> minim\u00e1lis, csak alak\u00edt\u00f3 jelleggel<\/p>\n<\/li>\n<\/ul>\n<h4 data-start=\"2124\" data-end=\"2147\">\ud83c\udfe1 <strong data-start=\"2131\" data-end=\"2147\">Felhaszn\u00e1l\u00e1s<\/strong><\/h4>\n<ul data-start=\"2148\" data-end=\"2318\">\n<li data-start=\"2148\" data-end=\"2171\">\n<p data-start=\"2150\" data-end=\"2171\">Bogy\u00f3s gy\u00fcm\u00f6lcs\u00f6sbe<\/p>\n<\/li>\n<li data-start=\"2172\" data-end=\"2200\">\n<p data-start=\"2174\" data-end=\"2200\">Savany\u00fa talaj\u00fa \u00e1gy\u00e1sokba<\/p>\n<\/li>\n<li data-start=\"2201\" data-end=\"2226\">\n<p data-start=\"2203\" data-end=\"2226\">Magas\u00e1gy\u00e1sba, d\u00e9zs\u00e1ba<\/p>\n<\/li>\n<li data-start=\"2227\" data-end=\"2268\">\n<p data-start=\"2229\" data-end=\"2268\">Talajtakar\u00f3nak (sz\u00e9pen ter\u00fcl\u0151 n\u00f6v\u00e9ny)<\/p>\n<\/li>\n<li data-start=\"2269\" data-end=\"2318\">\n<p data-start=\"2271\" data-end=\"2318\">Eg\u00e9szs\u00e9gtudatos kertekbe, gy\u00fcm\u00f6lcstermeszt\u0151knek<\/p>\n<\/li>\n<\/ul>\n<h4><strong>\ud83d\udd04 K\u00e9szletinform\u00e1ci\u00f3<\/strong><\/h4>\n<p><strong>K\u00e9szlet\u00fcnk napi szinten v\u00e1ltozik, \u00edgy a webshopban szerepl<\/strong><strong>\u0151<\/strong><strong>\u00a0term\u00e9kek el\u00e9rhet<\/strong><strong>\u0151<\/strong><strong>s\u00e9ge nem garant\u00e1lt.<br \/>\n\ud83d\udcde A megrendel\u00e9s el<\/strong><strong>\u0151<\/strong><strong>tt k\u00e9rj\u00fck, \u00e9rdekl<\/strong><strong>\u0151<\/strong><strong>dj\u00f6n szem\u00e9lyesen, telefonon vagy e-mailben!<\/strong><\/p>\n<h4><strong>\u27a1\ufe0f Kapcsolat:<\/strong><\/h4>\n<ul>\n<li><strong>Weboldal:\u00a0<\/strong><a href=\"https:\/\/tajkertesz.com\/\"><strong>tajkertesz.com<\/strong><\/a><\/li>\n<li><strong>Facebook:\u00a0<\/strong><a href=\"https:\/\/www.facebook.com\/tajkertesz\/\"><strong>facebook.com\/tajkertesz<\/strong><\/a><\/li>\n<li><strong>Telefonsz\u00e1m, e-mail: +36\/20-319-3770\u00a0<\/strong><a href=\"mailto:tajkerteszaruda@gmail.com\"><strong>tajkerteszaruda@gmail.com<\/strong><\/a><\/li>\n<\/ul>\n<h4><strong>\ud83d\ude9a Sz\u00e1ll\u00edt\u00e1si inform\u00e1ci\u00f3k<\/strong><\/h4>\n<p><strong>A megrendelt n\u00f6v\u00e9nyek kisz\u00e1ll\u00edt\u00e1sa az al\u00e1bbi felt\u00e9telek mellett t\u00f6rt\u00e9nik:<\/strong><\/p>\n<h4><strong>\ud83d\udce6 Fut\u00e1rszolg\u00e1latos sz\u00e1ll\u00edt\u00e1s<\/strong><\/h4>\n<ul>\n<li><strong>Maxim\u00e1lis m\u00e9ret: 200 cm (hossz\u00fas\u00e1g)<\/strong><\/li>\n<li><strong>Maxim\u00e1lis s\u00faly: 40 kg<\/strong><\/li>\n<li><strong>Az enn\u00e9l kisebb \u00e9s k\u00f6nnyebb csomagokat fut\u00e1rszolg\u00e1lattal k\u00e9zbes\u00edtj\u00fck a lehet<\/strong><strong>\u0151<\/strong><strong>\u00a0legbiztons\u00e1gosabb csomagol\u00e1sban.<\/strong><\/li>\n<\/ul>\n<h4><strong>\ud83d\udefb Szem\u00e9lyes \u00e1tv\u00e9tel<\/strong><\/h4>\n<ul>\n<li><strong>1173 Budapest, Bakancsos utca 7. sz\u00e1m alatt nyitvatart\u00e1si id<\/strong><strong>\u0151<\/strong><strong>ben szem\u00e9lyesen \u00e1tvehet<\/strong><strong>\u0151<\/strong><strong>\u00a0kert\u00e9szeti \u00e1rud\u00e1nkban.<\/strong><\/li>\n<li><strong>K\u00f6lts\u00e9ghat\u00e9kony megold\u00e1s nagyobb, t\u00f6r\u00e9kenyebb vagy t\u00falm\u00e9retes n\u00f6v\u00e9nyek eset\u00e9n.<\/strong><\/li>\n<\/ul>\n<h4><strong>\ud83d\udcde Nagy m\u00e9ret<\/strong><strong>\u0171<\/strong><strong>\u00a0vagy s\u00faly\u00fa n\u00f6v\u00e9nyek eset\u00e9n<\/strong><\/h4>\n<p><strong>Ha a term\u00e9k:<\/strong><\/p>\n<ul>\n<li><strong>meghaladja a 200 cm hossz\u00fas\u00e1got vagy<\/strong><\/li>\n<li><strong>meghaladja a 40 kg s\u00falyt,<\/strong><\/li>\n<\/ul>\n<p><strong>akkor szem\u00e9lyes \u00e1tv\u00e9tellel vagy egyedi, el<\/strong><strong>\u0151<\/strong><strong>re egyeztetett sz\u00e1ll\u00edt\u00e1si felt\u00e9telek mellett t\u00f6rt\u00e9nik.<br \/>\nK\u00e9rj\u00fck, ilyen esetben rendel\u00e9s el<\/strong><strong>\u0151<\/strong><strong>tt vegye fel vel\u00fcnk a kapcsolatot, hogy a lehet<\/strong><strong>\u0151<\/strong><strong>\u00a0legmegfelel<\/strong><strong>\u0151<\/strong><strong>bb sz\u00e1ll\u00edt\u00e1si megold\u00e1st k\u00edn\u00e1lhassuk.<\/strong><\/p>\n<p><strong>\ud83d\udd14 Fontos: A n\u00f6v\u00e9nyeket minden esetben igyeksz\u00fcnk gondosan, egyes\u00e9vel csomagolni, azonban a sz\u00e1ll\u00edt\u00e1s sor\u00e1n kisebb eszt\u00e9tikai s\u00e9r\u00fcl\u00e9sek el<\/strong><strong>\u0151<\/strong><strong>fordulhatnak (pl. lev\u00e9lhull\u00e1s). Ez nem min<\/strong><strong>\u0151<\/strong><strong>s\u00fcl hib\u00e1s teljes\u00edt\u00e9snek.<\/strong><\/p>\n<h4><strong>\ud83d\udcf7 Fontos tudni a k\u00e9pekr<\/strong><strong>\u0151<\/strong><strong>l<\/strong><\/h4>\n<p><strong>A webshopban szerepl<\/strong><strong>\u0151<\/strong><strong>\u00a0k\u00e9pek illusztr\u00e1ci\u00f3k, a n\u00f6v\u00e9nyek term\u00e9szet\u00fckn\u00e9l fogva egyediek, \u00edgy m\u00e9retben, alakban \u00e9s sz\u00ednben minim\u00e1lis elt\u00e9r\u00e9sek el<\/strong><strong>\u0151<\/strong><strong>fordulhatnak a k\u00e9pen l\u00e1that\u00f3 \u00e9s a val\u00f3s p\u00e9ld\u00e1nyok k\u00f6z\u00f6tt.<\/strong><\/p>\n<h4><strong>\ud83e\uddfe \u00c1rak \u00e9s el\u00e1ll\u00e1si jog<\/strong><\/h4>\n<ul>\n<li><strong>Az \u00e1rak egy darab\u00a0n\u00f6v\u00e9nyre vonatkoznak.<\/strong><\/li>\n<li><strong>\u00c9l<\/strong><strong>\u0151<\/strong><strong>\u00a0n\u00f6v\u00e9nyek rendel\u00e9se eset\u00e9n a 14 napos el\u00e1ll\u00e1s joga nem \u00e9rv\u00e9nyes\u00edthet<\/strong><strong>\u0151<\/strong><strong>, mivel azok romland\u00f3, biol\u00f3giailag \u00e9l<\/strong><strong>\u0151<\/strong><strong>\u00a0term\u00e9keknek min<\/strong><strong>\u0151<\/strong><strong>s\u00fclnek.<br \/>\n\ud83d\udd12 (17\/1999. (II. 5.) Korm. rendelet 5. \u00a7 c) pontja alapj\u00e1n)<\/strong><\/li>\n<\/ul>\n<h4><strong>\ud83d\udce6 K\u00e9zbes\u00edt\u00e9s ut\u00e1ni teend<\/strong><strong>\u0151<\/strong><strong>k<\/strong><\/h4>\n<p><strong>A k\u00e9zbes\u00edt\u00e9st k\u00f6vet<\/strong><strong>\u0151<\/strong><strong>en a csomagot azonnal bontsuk ki, \u00e9s a n\u00f6v\u00e9nyt helyezz\u00fck el megfelel<\/strong><strong>\u0151<\/strong><strong>\u00a0k\u00f6rnyezetben.<br \/>\nFontos: ha a n\u00f6v\u00e9ny nem r\u00e9szes\u00fcl megfelel<\/strong><strong>\u0151<\/strong><strong>\u00a0gondoz\u00e1sban \u00e9s ennek k\u00f6vetkezt\u00e9ben k\u00e1rosodik vagy elpusztul, felel<\/strong><strong>\u0151<\/strong><strong>ss\u00e9get nem tudunk v\u00e1llalni.<\/strong><\/p>\n<p><strong>\u00a0<\/strong><\/p>","protected":false},"excerpt":{"rendered":"<p>A Vaccinium macrocarpon &#8216;Early Black&#8217; korai \u00e9r\u00e9s\u0171 t\u0151zeg\u00e1fonya fajta, amely apr\u00f3, s\u00f6t\u00e9tpiros bogy\u00f3kat terem magas antioxid\u00e1ns-tartalommal. Alacsony n\u00f6veked\u00e9s\u0171, talajtakar\u00f3 jelleg\u0171 n\u00f6v\u00e9ny, savany\u00fa talajon k\u00fcl\u00f6n\u00f6sen j\u00f3l fejl\u0151dik.<\/p>\n<p>M\u00e9rete: 40\/50 cm, 2 literes kont\u00e9nerben.<\/p>","protected":false},"featured_media":25656,"template":"","meta":{"_et_pb_use_builder":"","_et_pb_old_content":"","_et_gb_content_width":""},"product_brand":[],"product_cat":[7058],"product_tag":[7706,7701,7704,7055,7705,7702,6519,7703,7700,7699],"class_list":{"0":"post-25655","1":"product","2":"type-product","3":"status-publish","4":"has-post-thumbnail","6":"product_cat-afonya","7":"product_tag-afonya-noveny","8":"product_tag-amerikai-tozegafonya","9":"product_tag-antioxidansban-gazdag-gyumolcs","10":"product_tag-bogyos-gyumolcs","11":"product_tag-egeszseges-bogyos-noveny","12":"product_tag-korai-eresu-afonya","13":"product_tag-savanyu-talajt-kedvelo-noveny","14":"product_tag-talajtakaro-afonya","15":"product_tag-tozegafonya","16":"product_tag-vaccinium-macrocarpon-early-black","18":"first","19":"instock","20":"shipping-taxable","21":"purchasable","22":"product-type-simple"},"yoast_head":"<!-- This site is optimized with the Yoast SEO plugin v27.5 - https:\/\/yoast.com\/product\/yoast-seo-wordpress\/ -->\n<title>Vaccinium macrocarpon &#039;Early Black&#039; \u2013 T\u0151zeg\u00e1fonya - T\u00e1jkert\u00e9sz<\/title>\n<meta name=\"description\" content=\"Vaccinium macrocarpon &#039;Early Black&#039; \u2013 T\u0151zeg\u00e1fonya korai \u00e9r\u00e9s\u0171, s\u00f6t\u00e9tpiros, antioxid\u00e1nsban gazdag bogy\u00f3kkal. Savany\u00fa talajon b\u0151term\u0151, talajtakar\u00f3 fajta.\" \/>\n<meta name=\"robots\" content=\"index, follow, max-snippet:-1, max-image-preview:large, max-video-preview:-1\" \/>\n<link rel=\"canonical\" href=\"https:\/\/tajkertesz.com\/en_US\/product\/vaccinium-macrocarpon-early-black-tozegafonya\/\" \/>\n<meta property=\"og:locale\" content=\"en_US\" \/>\n<meta property=\"og:type\" content=\"article\" \/>\n<meta property=\"og:title\" content=\"Vaccinium macrocarpon &#039;Early Black&#039; \u2013 T\u0151zeg\u00e1fonya - T\u00e1jkert\u00e9sz\" \/>\n<meta property=\"og:description\" content=\"Vaccinium macrocarpon &#039;Early Black&#039; \u2013 T\u0151zeg\u00e1fonya korai \u00e9r\u00e9s\u0171, s\u00f6t\u00e9tpiros, antioxid\u00e1nsban gazdag bogy\u00f3kkal. Savany\u00fa talajon b\u0151term\u0151, talajtakar\u00f3 fajta.\" \/>\n<meta property=\"og:url\" content=\"https:\/\/tajkertesz.com\/en_US\/product\/vaccinium-macrocarpon-early-black-tozegafonya\/\" \/>\n<meta property=\"og:site_name\" content=\"T\u00e1jkert\u00e9sz\" \/>\n<meta property=\"article:publisher\" content=\"https:\/\/www.facebook.com\/Tajkertesz\/\" \/>\n<meta property=\"article:modified_time\" content=\"2026-02-21T14:11:33+00:00\" \/>\n<meta property=\"og:image\" content=\"https:\/\/tajkertesz.com\/wp-content\/uploads\/2025\/12\/R-4-1.jpg\" \/>\n\t<meta property=\"og:image:width\" content=\"667\" \/>\n\t<meta property=\"og:image:height\" content=\"561\" \/>\n\t<meta property=\"og:image:type\" content=\"image\/jpeg\" \/>\n<meta name=\"twitter:card\" content=\"summary_large_image\" \/>\n<meta name=\"twitter:label1\" content=\"Est. reading time\" \/>\n\t<meta name=\"twitter:data1\" content=\"4 minutes\" \/>\n<script type=\"application\/ld+json\" class=\"yoast-schema-graph\">{\"@context\":\"https:\\\/\\\/schema.org\",\"@graph\":[{\"@type\":\"WebPage\",\"@id\":\"https:\\\/\\\/tajkertesz.com\\\/termek\\\/vaccinium-macrocarpon-early-black-tozegafonya\\\/\",\"url\":\"https:\\\/\\\/tajkertesz.com\\\/termek\\\/vaccinium-macrocarpon-early-black-tozegafonya\\\/\",\"name\":\"Vaccinium macrocarpon 'Early Black' \u2013 T\u0151zeg\u00e1fonya - T\u00e1jkert\u00e9sz\",\"isPartOf\":{\"@id\":\"https:\\\/\\\/tajkertesz.com\\\/#website\"},\"primaryImageOfPage\":{\"@id\":\"https:\\\/\\\/tajkertesz.com\\\/termek\\\/vaccinium-macrocarpon-early-black-tozegafonya\\\/#primaryimage\"},\"image\":{\"@id\":\"https:\\\/\\\/tajkertesz.com\\\/termek\\\/vaccinium-macrocarpon-early-black-tozegafonya\\\/#primaryimage\"},\"thumbnailUrl\":\"https:\\\/\\\/tajkertesz.com\\\/wp-content\\\/uploads\\\/2025\\\/12\\\/R-4-1.jpg\",\"datePublished\":\"2025-12-12T11:00:09+00:00\",\"dateModified\":\"2026-02-21T14:11:33+00:00\",\"description\":\"Vaccinium macrocarpon 'Early Black' \u2013 T\u0151zeg\u00e1fonya korai \u00e9r\u00e9s\u0171, s\u00f6t\u00e9tpiros, antioxid\u00e1nsban gazdag bogy\u00f3kkal. Savany\u00fa talajon b\u0151term\u0151, talajtakar\u00f3 fajta.\",\"breadcrumb\":{\"@id\":\"https:\\\/\\\/tajkertesz.com\\\/termek\\\/vaccinium-macrocarpon-early-black-tozegafonya\\\/#breadcrumb\"},\"inLanguage\":\"en-US\",\"potentialAction\":[{\"@type\":\"ReadAction\",\"target\":[\"https:\\\/\\\/tajkertesz.com\\\/termek\\\/vaccinium-macrocarpon-early-black-tozegafonya\\\/\"]}]},{\"@type\":\"ImageObject\",\"inLanguage\":\"en-US\",\"@id\":\"https:\\\/\\\/tajkertesz.com\\\/termek\\\/vaccinium-macrocarpon-early-black-tozegafonya\\\/#primaryimage\",\"url\":\"https:\\\/\\\/tajkertesz.com\\\/wp-content\\\/uploads\\\/2025\\\/12\\\/R-4-1.jpg\",\"contentUrl\":\"https:\\\/\\\/tajkertesz.com\\\/wp-content\\\/uploads\\\/2025\\\/12\\\/R-4-1.jpg\",\"width\":667,\"height\":561,\"caption\":\"Vaccinium macrocarpon 'Early Black' \u2013 T\u0151zeg\u00e1fonya\"},{\"@type\":\"BreadcrumbList\",\"@id\":\"https:\\\/\\\/tajkertesz.com\\\/termek\\\/vaccinium-macrocarpon-early-black-tozegafonya\\\/#breadcrumb\",\"itemListElement\":[{\"@type\":\"ListItem\",\"position\":1,\"name\":\"Home\",\"item\":\"https:\\\/\\\/tajkertesz.com\\\/\"},{\"@type\":\"ListItem\",\"position\":2,\"name\":\"Kezd\u0151lap\",\"item\":\"https:\\\/\\\/tajkertesz.com\\\/\"},{\"@type\":\"ListItem\",\"position\":3,\"name\":\"Vaccinium macrocarpon &#8216;Early Black&#8217; \u2013 T\u0151zeg\u00e1fonya\"}]},{\"@type\":\"WebSite\",\"@id\":\"https:\\\/\\\/tajkertesz.com\\\/#website\",\"url\":\"https:\\\/\\\/tajkertesz.com\\\/\",\"name\":\"T\u00e1j-Kert\u00e9sz 84 Kft.\",\"description\":\"Kert\u00e9szeti kis- \u00e9s nagykeresked\u00e9s, D\u00edszn\u00f6v\u00e9ny web\u00e1ruh\u00e1z orsz\u00e1gos h\u00e1zhozsz\u00e1ll\u00edt\u00e1ssal!\",\"publisher\":{\"@id\":\"https:\\\/\\\/tajkertesz.com\\\/#organization\"},\"potentialAction\":[{\"@type\":\"SearchAction\",\"target\":{\"@type\":\"EntryPoint\",\"urlTemplate\":\"https:\\\/\\\/tajkertesz.com\\\/?s={search_term_string}\"},\"query-input\":{\"@type\":\"PropertyValueSpecification\",\"valueRequired\":true,\"valueName\":\"search_term_string\"}}],\"inLanguage\":\"en-US\"},{\"@type\":\"Organization\",\"@id\":\"https:\\\/\\\/tajkertesz.com\\\/#organization\",\"name\":\"T\u00e1j-Kert\u00e9sz 84 Kft.\",\"url\":\"https:\\\/\\\/tajkertesz.com\\\/\",\"logo\":{\"@type\":\"ImageObject\",\"inLanguage\":\"en-US\",\"@id\":\"https:\\\/\\\/tajkertesz.com\\\/#\\\/schema\\\/logo\\\/image\\\/\",\"url\":\"https:\\\/\\\/tajkertesz.com\\\/wp-content\\\/uploads\\\/2018\\\/02\\\/logo-2-e1518678052539.png\",\"contentUrl\":\"https:\\\/\\\/tajkertesz.com\\\/wp-content\\\/uploads\\\/2018\\\/02\\\/logo-2-e1518678052539.png\",\"width\":81,\"height\":140,\"caption\":\"T\u00e1j-Kert\u00e9sz 84 Kft.\"},\"image\":{\"@id\":\"https:\\\/\\\/tajkertesz.com\\\/#\\\/schema\\\/logo\\\/image\\\/\"},\"sameAs\":[\"https:\\\/\\\/www.facebook.com\\\/Tajkertesz\\\/\"]}]}<\/script>\n<!-- \/ Yoast SEO plugin. -->","yoast_head_json":{"title":"Vaccinium macrocarpon 'Early Black' \u2013 T\u0151zeg\u00e1fonya - T\u00e1jkert\u00e9sz","description":"Vaccinium macrocarpon 'Early Black' \u2013 T\u0151zeg\u00e1fonya korai \u00e9r\u00e9s\u0171, s\u00f6t\u00e9tpiros, antioxid\u00e1nsban gazdag bogy\u00f3kkal. Savany\u00fa talajon b\u0151term\u0151, talajtakar\u00f3 fajta.","robots":{"index":"index","follow":"follow","max-snippet":"max-snippet:-1","max-image-preview":"max-image-preview:large","max-video-preview":"max-video-preview:-1"},"canonical":"https:\/\/tajkertesz.com\/en_US\/product\/vaccinium-macrocarpon-early-black-tozegafonya\/","og_locale":"en_US","og_type":"article","og_title":"Vaccinium macrocarpon 'Early Black' \u2013 T\u0151zeg\u00e1fonya - T\u00e1jkert\u00e9sz","og_description":"Vaccinium macrocarpon 'Early Black' \u2013 T\u0151zeg\u00e1fonya korai \u00e9r\u00e9s\u0171, s\u00f6t\u00e9tpiros, antioxid\u00e1nsban gazdag bogy\u00f3kkal. Savany\u00fa talajon b\u0151term\u0151, talajtakar\u00f3 fajta.","og_url":"https:\/\/tajkertesz.com\/en_US\/product\/vaccinium-macrocarpon-early-black-tozegafonya\/","og_site_name":"T\u00e1jkert\u00e9sz","article_publisher":"https:\/\/www.facebook.com\/Tajkertesz\/","article_modified_time":"2026-02-21T14:11:33+00:00","og_image":[{"width":667,"height":561,"url":"https:\/\/tajkertesz.com\/wp-content\/uploads\/2025\/12\/R-4-1.jpg","type":"image\/jpeg"}],"twitter_card":"summary_large_image","twitter_misc":{"Est. reading time":"4 minutes"},"schema":{"@context":"https:\/\/schema.org","@graph":[{"@type":"WebPage","@id":"https:\/\/tajkertesz.com\/termek\/vaccinium-macrocarpon-early-black-tozegafonya\/","url":"https:\/\/tajkertesz.com\/termek\/vaccinium-macrocarpon-early-black-tozegafonya\/","name":"Vaccinium macrocarpon 'Early Black' \u2013 T\u0151zeg\u00e1fonya - T\u00e1jkert\u00e9sz","isPartOf":{"@id":"https:\/\/tajkertesz.com\/#website"},"primaryImageOfPage":{"@id":"https:\/\/tajkertesz.com\/termek\/vaccinium-macrocarpon-early-black-tozegafonya\/#primaryimage"},"image":{"@id":"https:\/\/tajkertesz.com\/termek\/vaccinium-macrocarpon-early-black-tozegafonya\/#primaryimage"},"thumbnailUrl":"https:\/\/tajkertesz.com\/wp-content\/uploads\/2025\/12\/R-4-1.jpg","datePublished":"2025-12-12T11:00:09+00:00","dateModified":"2026-02-21T14:11:33+00:00","description":"Vaccinium macrocarpon 'Early Black' \u2013 T\u0151zeg\u00e1fonya korai \u00e9r\u00e9s\u0171, s\u00f6t\u00e9tpiros, antioxid\u00e1nsban gazdag bogy\u00f3kkal. Savany\u00fa talajon b\u0151term\u0151, talajtakar\u00f3 fajta.","breadcrumb":{"@id":"https:\/\/tajkertesz.com\/termek\/vaccinium-macrocarpon-early-black-tozegafonya\/#breadcrumb"},"inLanguage":"en-US","potentialAction":[{"@type":"ReadAction","target":["https:\/\/tajkertesz.com\/termek\/vaccinium-macrocarpon-early-black-tozegafonya\/"]}]},{"@type":"ImageObject","inLanguage":"en-US","@id":"https:\/\/tajkertesz.com\/termek\/vaccinium-macrocarpon-early-black-tozegafonya\/#primaryimage","url":"https:\/\/tajkertesz.com\/wp-content\/uploads\/2025\/12\/R-4-1.jpg","contentUrl":"https:\/\/tajkertesz.com\/wp-content\/uploads\/2025\/12\/R-4-1.jpg","width":667,"height":561,"caption":"Vaccinium macrocarpon 'Early Black' \u2013 T\u0151zeg\u00e1fonya"},{"@type":"BreadcrumbList","@id":"https:\/\/tajkertesz.com\/termek\/vaccinium-macrocarpon-early-black-tozegafonya\/#breadcrumb","itemListElement":[{"@type":"ListItem","position":1,"name":"Home","item":"https:\/\/tajkertesz.com\/"},{"@type":"ListItem","position":2,"name":"Kezd\u0151lap","item":"https:\/\/tajkertesz.com\/"},{"@type":"ListItem","position":3,"name":"Vaccinium macrocarpon &#8216;Early Black&#8217; \u2013 T\u0151zeg\u00e1fonya"}]},{"@type":"WebSite","@id":"https:\/\/tajkertesz.com\/#website","url":"https:\/\/tajkertesz.com\/","name":"T\u00e1j-Kert\u00e9sz 84 Kft.","description":"Kert\u00e9szeti kis- \u00e9s nagykeresked\u00e9s, D\u00edszn\u00f6v\u00e9ny web\u00e1ruh\u00e1z orsz\u00e1gos h\u00e1zhozsz\u00e1ll\u00edt\u00e1ssal!","publisher":{"@id":"https:\/\/tajkertesz.com\/#organization"},"potentialAction":[{"@type":"SearchAction","target":{"@type":"EntryPoint","urlTemplate":"https:\/\/tajkertesz.com\/?s={search_term_string}"},"query-input":{"@type":"PropertyValueSpecification","valueRequired":true,"valueName":"search_term_string"}}],"inLanguage":"en-US"},{"@type":"Organization","@id":"https:\/\/tajkertesz.com\/#organization","name":"T\u00e1j-Kert\u00e9sz 84 Kft.","url":"https:\/\/tajkertesz.com\/","logo":{"@type":"ImageObject","inLanguage":"en-US","@id":"https:\/\/tajkertesz.com\/#\/schema\/logo\/image\/","url":"https:\/\/tajkertesz.com\/wp-content\/uploads\/2018\/02\/logo-2-e1518678052539.png","contentUrl":"https:\/\/tajkertesz.com\/wp-content\/uploads\/2018\/02\/logo-2-e1518678052539.png","width":81,"height":140,"caption":"T\u00e1j-Kert\u00e9sz 84 Kft."},"image":{"@id":"https:\/\/tajkertesz.com\/#\/schema\/logo\/image\/"},"sameAs":["https:\/\/www.facebook.com\/Tajkertesz\/"]}]}},"_links":{"self":[{"href":"https:\/\/tajkertesz.com\/en_US\/wp-json\/wp\/v2\/product\/25655","targetHints":{"allow":["GET"]}}],"collection":[{"href":"https:\/\/tajkertesz.com\/en_US\/wp-json\/wp\/v2\/product"}],"about":[{"href":"https:\/\/tajkertesz.com\/en_US\/wp-json\/wp\/v2\/types\/product"}],"wp:featuredmedia":[{"embeddable":true,"href":"https:\/\/tajkertesz.com\/en_US\/wp-json\/wp\/v2\/media\/25656"}],"wp:attachment":[{"href":"https:\/\/tajkertesz.com\/en_US\/wp-json\/wp\/v2\/media?parent=25655"}],"wp:term":[{"taxonomy":"product_brand","embeddable":true,"href":"https:\/\/tajkertesz.com\/en_US\/wp-json\/wp\/v2\/product_brand?post=25655"},{"taxonomy":"product_cat","embeddable":true,"href":"https:\/\/tajkertesz.com\/en_US\/wp-json\/wp\/v2\/product_cat?post=25655"},{"taxonomy":"product_tag","embeddable":true,"href":"https:\/\/tajkertesz.com\/en_US\/wp-json\/wp\/v2\/product_tag?post=25655"}],"curies":[{"name":"wp","href":"https:\/\/api.w.org\/{rel}","templated":true}]}}