{"id":25664,"date":"2025-12-12T11:17:48","date_gmt":"2025-12-12T11:17:48","guid":{"rendered":"https:\/\/tajkertesz.com\/?post_type=product&#038;p=25664"},"modified":"2025-12-12T15:18:21","modified_gmt":"2025-12-12T15:18:21","slug":"all-in-totalis-gyomirto-1l","status":"publish","type":"product","link":"https:\/\/tajkertesz.com\/en_US\/product\/all-in-totalis-gyomirto-1l\/","title":{"rendered":"All-In tot\u00e1lis gyomirt\u00f3 1l"},"content":{"rendered":"<h1>All-In tot\u00e1lis gyomirt\u00f3 1l<\/h1>\n<p>All-In tot\u00e1lis gyomirt\u00f3 1l<\/p>\n<p>&nbsp;<\/p>\n<p><strong>\ud83d\udd04 K\u00e9szletinform\u00e1ci\u00f3<\/strong><\/p>\n<p><strong>K\u00e9szlet\u00fcnk napi szinten v\u00e1ltozik, \u00edgy a webshopban szerepl<\/strong><strong>\u0151<\/strong><strong>\u00a0term\u00e9kek el\u00e9rhet<\/strong><strong>\u0151<\/strong><strong>s\u00e9ge nem garant\u00e1lt.<br \/>\n\ud83d\udcde A megrendel\u00e9s el<\/strong><strong>\u0151<\/strong><strong>tt k\u00e9rj\u00fck, \u00e9rdekl<\/strong><strong>\u0151<\/strong><strong>dj\u00f6n szem\u00e9lyesen, telefonon vagy e-mailben!<\/strong><\/p>\n<p><strong>\u27a1\ufe0f Kapcsolat:<\/strong><\/p>\n<ul>\n<li><strong>Weboldal:\u00a0<\/strong><a href=\"https:\/\/tajkertesz.com\/\"><strong>tajkertesz.com<\/strong><\/a><\/li>\n<li><strong>Facebook:\u00a0<\/strong><a href=\"https:\/\/www.facebook.com\/tajkertesz\/\"><strong>facebook.com\/tajkertesz<\/strong><\/a><\/li>\n<li><strong>Telefonsz\u00e1m, e-mail: +36\/20-319-3770\u00a0<\/strong><a href=\"mailto:tajkerteszaruda@gmail.com\"><strong>tajkerteszaruda@gmail.com<\/strong><\/a><\/li>\n<\/ul>\n<p><strong>\ud83d\ude9a Sz\u00e1ll\u00edt\u00e1si inform\u00e1ci\u00f3k<\/strong><\/p>\n<p><strong>A megrendelt n\u00f6v\u00e9nyek kisz\u00e1ll\u00edt\u00e1sa az al\u00e1bbi felt\u00e9telek mellett t\u00f6rt\u00e9nik:<\/strong><\/p>\n<p><strong>\ud83d\udce6 Fut\u00e1rszolg\u00e1latos sz\u00e1ll\u00edt\u00e1s<\/strong><\/p>\n<ul>\n<li><strong>Maxim\u00e1lis m\u00e9ret: 200 cm (hossz\u00fas\u00e1g)<\/strong><\/li>\n<li><strong>Maxim\u00e1lis s\u00faly: 40 kg<\/strong><\/li>\n<li><strong>Az enn\u00e9l kisebb \u00e9s k\u00f6nnyebb csomagokat fut\u00e1rszolg\u00e1lattal k\u00e9zbes\u00edtj\u00fck a lehet<\/strong><strong>\u0151<\/strong><strong>\u00a0legbiztons\u00e1gosabb csomagol\u00e1sban.<\/strong><\/li>\n<\/ul>\n<p><strong>\ud83d\udefb Szem\u00e9lyes \u00e1tv\u00e9tel<\/strong><\/p>\n<ul>\n<li><strong>1173 Budapest, Bakancsos utca 7. sz\u00e1m alatt nyitvatart\u00e1si id<\/strong><strong>\u0151<\/strong><strong>ben szem\u00e9lyesen \u00e1tvehet<\/strong><strong>\u0151<\/strong><strong>\u00a0kert\u00e9szeti \u00e1rud\u00e1nkban.<\/strong><\/li>\n<li><strong>K\u00f6lts\u00e9ghat\u00e9kony megold\u00e1s nagyobb, t\u00f6r\u00e9kenyebb vagy t\u00falm\u00e9retes n\u00f6v\u00e9nyek eset\u00e9n.<\/strong><\/li>\n<\/ul>\n<p><strong>\ud83d\udcde Nagy m\u00e9ret<\/strong><strong>\u0171<\/strong><strong>\u00a0vagy s\u00faly\u00fa n\u00f6v\u00e9nyek eset\u00e9n<\/strong><\/p>\n<p><strong>Ha a term\u00e9k:<\/strong><\/p>\n<ul>\n<li><strong>meghaladja a 200 cm hossz\u00fas\u00e1got vagy<\/strong><\/li>\n<li><strong>meghaladja a 40 kg s\u00falyt,<\/strong><\/li>\n<\/ul>\n<p><strong>akkor szem\u00e9lyes \u00e1tv\u00e9tellel vagy egyedi, el<\/strong><strong>\u0151<\/strong><strong>re egyeztetett sz\u00e1ll\u00edt\u00e1si felt\u00e9telek mellett t\u00f6rt\u00e9nik.<br \/>\nK\u00e9rj\u00fck, ilyen esetben rendel\u00e9s el<\/strong><strong>\u0151<\/strong><strong>tt vegye fel vel\u00fcnk a kapcsolatot, hogy a lehet<\/strong><strong>\u0151<\/strong><strong>\u00a0legmegfelel<\/strong><strong>\u0151<\/strong><strong>bb sz\u00e1ll\u00edt\u00e1si megold\u00e1st k\u00edn\u00e1lhassuk.<\/strong><\/p>\n<p><strong>\ud83d\udd14 Fontos: A n\u00f6v\u00e9nyeket minden esetben igyeksz\u00fcnk gondosan, egyes\u00e9vel csomagolni, azonban a sz\u00e1ll\u00edt\u00e1s sor\u00e1n kisebb eszt\u00e9tikai s\u00e9r\u00fcl\u00e9sek el<\/strong><strong>\u0151<\/strong><strong>fordulhatnak (pl. lev\u00e9lhull\u00e1s). Ez nem min<\/strong><strong>\u0151<\/strong><strong>s\u00fcl hib\u00e1s teljes\u00edt\u00e9snek.<\/strong><\/p>\n<p><strong>\ud83d\udcf7 Fontos tudni a k\u00e9pekr<\/strong><strong>\u0151<\/strong><strong>l<\/strong><\/p>\n<p><strong>A webshopban szerepl<\/strong><strong>\u0151<\/strong><strong>\u00a0k\u00e9pek illusztr\u00e1ci\u00f3k, a n\u00f6v\u00e9nyek term\u00e9szet\u00fckn\u00e9l fogva egyediek, \u00edgy m\u00e9retben, alakban \u00e9s sz\u00ednben minim\u00e1lis elt\u00e9r\u00e9sek el<\/strong><strong>\u0151<\/strong><strong>fordulhatnak a k\u00e9pen l\u00e1that\u00f3 \u00e9s a val\u00f3s p\u00e9ld\u00e1nyok k\u00f6z\u00f6tt.<\/strong><\/p>\n<p><strong>\ud83e\uddfe \u00c1rak \u00e9s el\u00e1ll\u00e1si jog<\/strong><\/p>\n<ul>\n<li><strong>Az \u00e1rak egy darab\u00a0n\u00f6v\u00e9nyre vonatkoznak.<\/strong><\/li>\n<li><strong>\u00c9l<\/strong><strong>\u0151<\/strong><strong>\u00a0n\u00f6v\u00e9nyek rendel\u00e9se eset\u00e9n a 14 napos el\u00e1ll\u00e1s joga nem \u00e9rv\u00e9nyes\u00edthet<\/strong><strong>\u0151<\/strong><strong>, mivel azok romland\u00f3, biol\u00f3giailag \u00e9l<\/strong><strong>\u0151<\/strong><strong>\u00a0term\u00e9keknek min<\/strong><strong>\u0151<\/strong><strong>s\u00fclnek.<br \/>\n\ud83d\udd12 (17\/1999. (II. 5.) Korm. rendelet 5. \u00a7 c) pontja alapj\u00e1n)<\/strong><\/li>\n<\/ul>\n<p><strong>\ud83d\udce6 K\u00e9zbes\u00edt\u00e9s ut\u00e1ni teend<\/strong><strong>\u0151<\/strong><strong>k<\/strong><\/p>\n<p><strong>A k\u00e9zbes\u00edt\u00e9st k\u00f6vet<\/strong><strong>\u0151<\/strong><strong>en a csomagot azonnal bontsuk ki, \u00e9s a n\u00f6v\u00e9nyt helyezz\u00fck el megfelel<\/strong><strong>\u0151<\/strong><strong>\u00a0k\u00f6rnyezetben.<br \/>\nFontos: ha a n\u00f6v\u00e9ny nem r\u00e9szes\u00fcl megfelel<\/strong><strong>\u0151<\/strong><strong>\u00a0gondoz\u00e1sban \u00e9s ennek k\u00f6vetkezt\u00e9ben k\u00e1rosodik vagy elpusztul, felel<\/strong><strong>\u0151<\/strong><strong>ss\u00e9get nem tudunk v\u00e1llalni.<\/strong><\/p>","protected":false},"excerpt":{"rendered":"<p>All In tot\u00e1lis gyomirt\u00f3 1l:<\/p>\n<p>Kiemelked\u0151 hat\u00e9konys\u00e1g\u00fa tot\u00e1lis gyomirt\u00f3 permetez\u0151szer. A lakott \u00a0ter\u00fcletek rendben tart\u00e1s\u00e1n\u00e1l seg\u00edt a k\u00f6rnyezetet\u00a0elcs\u00faf\u00edt\u00f3 \u00e9s a kertek m\u0171vel\u00e9s\u00e9t akad\u00e1lyoz\u00f3 gyomok elleni k\u00fczdelemben. Foly\u00e9kony v\u00edzoldhat\u00f3 koncentr\u00e1tum.\u00a0<strong>A kezel\u00e9st\u0151l sz\u00e1m\u00edtott 10-14 napon bel\u00fcl a n\u00f6v\u00e9ny elsz\u00e1rad.\u00a0<\/strong><\/p>\n<p><u><strong>Hat\u00e1sm\u00f3d:<\/strong><\/u>\u00a0gy\u00f6kerest\u00fcl irtja a gyomokat. K\u00fcl\u00f6nleges seg\u00e9danyag\u00e1nak k\u00f6sz\u00f6nhet\u0151en hat\u00f3anyaga a n\u00f6v\u00e9ny nedvkering\u00e9s\u00e9be ker\u00fclve elpuszt\u00edtja a gy\u00f6kereket. Z\u00f6ld fel\u00fcleten kereszt\u00fcl sz\u00edv\u00f3dik be a n\u00f6v\u00e9nybe.<\/p>\n<p><u><strong>Hat\u00f3anyaga<\/strong><\/u>: glifoz\u00e1t 360g\/l<\/p>\n<p><u><strong><span class=\"autohelp\" tabindex=\"0\" role=\"button\">Adagol\u00e1sa<\/span>:<\/strong><\/u><br \/>\n1-3,5 %-os\u00a0koncentr\u00e1ci\u00f3ban\u00a0(1%-os oldat =1dl szer 10l v\u00edzbe) kijuttatva.<br \/>\n2-3 liter permetl\u00e9 \/ 100m<sup>2<\/sup>-re<\/p>\n<p><u><strong>Nem m\u0171velt ter\u00fcletek<\/strong><\/u>: utak, \u00fatpadk\u00e1k, ker\u00edt\u00e9saljak, lakott ter\u00fcletek, kiskertek, temet\u0151k (ahol ezt a helyi rendelet nem tiltja), tot\u00e1lis gyomirt\u00e1s\u00e1ra alkalmazhat\u00f3.<br \/>\n<u><strong>Gyeptelep\u00edt\u00e9s:<\/strong><\/u>\u00a0a gyeptelep\u00edt\u00e9st megel\u0151z\u0151en gyommentes\u00edt\u00e9sre, a n\u00f6v\u00e9nyzet elpuszt\u00edt\u00e1s\u00e1ra haszn\u00e1lhat\u00f3.<br \/>\n<u><\/u><u><strong>Sz\u0151l\u0151, gy\u00fcm\u00f6lcs\u00f6s:<\/strong><\/u>\u00a03 \u00e9vn\u00e9l id\u0151sebb sz\u0151l\u0151 \u00e9s gy\u00fcm\u00f6lcsf\u00e1k k\u00f6r\u00fcl alkalmazhat\u00f3.<br \/>\n<u><strong>Fa\u00fcltet\u00e9s, feny\u0151 gyomirt\u00e1s:<\/strong><\/u>\u00a0fa\u00fcltet\u00e9s el\u0151tt 1-2 h\u00e9ttel haszn\u00e1lhat\u00f3 gyom- \u00e9s cserjeirt\u00e1sra. K\u00e9t \u00e9vn\u00e9l id\u0151sebb \u00fcltetv\u00e9nyekben javasoljuk.<\/p>","protected":false},"featured_media":25659,"template":"","meta":{"_et_pb_use_builder":"","_et_pb_old_content":"","_et_gb_content_width":""},"product_brand":[],"product_cat":[3422,3389],"product_tag":[4736,5126,4735,1517],"class_list":{"0":"post-25664","1":"product","2":"type-product","3":"status-publish","4":"has-post-thumbnail","6":"product_cat-gyomirto-szer","7":"product_cat-novenyvedo-szerek","8":"product_tag-glifozat","9":"product_tag-gyom","10":"product_tag-gyomirto","11":"product_tag-permetezo","13":"first","14":"instock","15":"shipping-taxable","16":"purchasable","17":"product-type-simple"},"yoast_head":"<!-- This site is optimized with the Yoast SEO plugin v27.5 - https:\/\/yoast.com\/product\/yoast-seo-wordpress\/ -->\n<title>All-In tot\u00e1lis gyomirt\u00f3 1l - T\u00e1jkert\u00e9sz<\/title>\n<meta name=\"robots\" content=\"index, follow, max-snippet:-1, max-image-preview:large, max-video-preview:-1\" \/>\n<link rel=\"canonical\" href=\"https:\/\/tajkertesz.com\/en_US\/product\/all-in-totalis-gyomirto-1l\/\" \/>\n<meta property=\"og:locale\" content=\"en_US\" \/>\n<meta property=\"og:type\" content=\"article\" \/>\n<meta property=\"og:title\" content=\"All-In tot\u00e1lis gyomirt\u00f3 1l - T\u00e1jkert\u00e9sz\" \/>\n<meta property=\"og:description\" content=\"All In tot\u00e1lis gyomirt\u00f3 1l:  Kiemelked\u0151 hat\u00e9konys\u00e1g\u00fa tot\u00e1lis gyomirt\u00f3 permetez\u0151szer. A lakott \u00a0ter\u00fcletek rendben tart\u00e1s\u00e1n\u00e1l seg\u00edt a k\u00f6rnyezetet\u00a0elcs\u00faf\u00edt\u00f3 \u00e9s a kertek m\u0171vel\u00e9s\u00e9t akad\u00e1lyoz\u00f3 gyomok elleni k\u00fczdelemben. Foly\u00e9kony v\u00edzoldhat\u00f3 koncentr\u00e1tum.\u00a0A kezel\u00e9st\u0151l sz\u00e1m\u00edtott 10-14 napon bel\u00fcl a n\u00f6v\u00e9ny elsz\u00e1rad.\u00a0  Hat\u00e1sm\u00f3d:\u00a0gy\u00f6kerest\u00fcl irtja a gyomokat. K\u00fcl\u00f6nleges seg\u00e9danyag\u00e1nak k\u00f6sz\u00f6nhet\u0151en hat\u00f3anyaga a n\u00f6v\u00e9ny nedvkering\u00e9s\u00e9be ker\u00fclve elpuszt\u00edtja a gy\u00f6kereket. Z\u00f6ld fel\u00fcleten kereszt\u00fcl sz\u00edv\u00f3dik be a n\u00f6v\u00e9nybe.  Hat\u00f3anyaga: glifoz\u00e1t 360g\/l  Adagol\u00e1sa: 1-3,5 %-os\u00a0koncentr\u00e1ci\u00f3ban\u00a0(1%-os oldat =1dl szer 10l v\u00edzbe) kijuttatva. 2-3 liter permetl\u00e9 \/ 100m2-re  Nem m\u0171velt ter\u00fcletek: utak, \u00fatpadk\u00e1k, ker\u00edt\u00e9saljak, lakott ter\u00fcletek, kiskertek, temet\u0151k (ahol ezt a helyi rendelet nem tiltja), tot\u00e1lis gyomirt\u00e1s\u00e1ra alkalmazhat\u00f3. Gyeptelep\u00edt\u00e9s:\u00a0a gyeptelep\u00edt\u00e9st megel\u0151z\u0151en gyommentes\u00edt\u00e9sre, a n\u00f6v\u00e9nyzet elpuszt\u00edt\u00e1s\u00e1ra haszn\u00e1lhat\u00f3. Sz\u0151l\u0151, gy\u00fcm\u00f6lcs\u00f6s:\u00a03 \u00e9vn\u00e9l id\u0151sebb sz\u0151l\u0151 \u00e9s gy\u00fcm\u00f6lcsf\u00e1k k\u00f6r\u00fcl alkalmazhat\u00f3. Fa\u00fcltet\u00e9s, feny\u0151 gyomirt\u00e1s:\u00a0fa\u00fcltet\u00e9s el\u0151tt 1-2 h\u00e9ttel haszn\u00e1lhat\u00f3 gyom- \u00e9s cserjeirt\u00e1sra. K\u00e9t \u00e9vn\u00e9l id\u0151sebb \u00fcltetv\u00e9nyekben javasoljuk.\" \/>\n<meta property=\"og:url\" content=\"https:\/\/tajkertesz.com\/en_US\/product\/all-in-totalis-gyomirto-1l\/\" \/>\n<meta property=\"og:site_name\" content=\"T\u00e1jkert\u00e9sz\" \/>\n<meta property=\"article:publisher\" content=\"https:\/\/www.facebook.com\/Tajkertesz\/\" \/>\n<meta property=\"article:modified_time\" content=\"2025-12-12T15:18:21+00:00\" \/>\n<meta property=\"og:image\" content=\"https:\/\/tajkertesz.com\/wp-content\/uploads\/2025\/12\/All-in-totalis-gyomirto-200ml.png.webp\" \/>\n\t<meta property=\"og:image:width\" content=\"210\" \/>\n\t<meta property=\"og:image:height\" content=\"210\" \/>\n\t<meta property=\"og:image:type\" content=\"image\/webp\" \/>\n<meta name=\"twitter:card\" content=\"summary_large_image\" \/>\n<meta name=\"twitter:label1\" content=\"Est. reading time\" \/>\n\t<meta name=\"twitter:data1\" content=\"2 minutes\" \/>\n<script type=\"application\/ld+json\" class=\"yoast-schema-graph\">{\"@context\":\"https:\\\/\\\/schema.org\",\"@graph\":[{\"@type\":\"WebPage\",\"@id\":\"https:\\\/\\\/tajkertesz.com\\\/termek\\\/all-in-totalis-gyomirto-1l\\\/\",\"url\":\"https:\\\/\\\/tajkertesz.com\\\/termek\\\/all-in-totalis-gyomirto-1l\\\/\",\"name\":\"All-In tot\u00e1lis gyomirt\u00f3 1l - T\u00e1jkert\u00e9sz\",\"isPartOf\":{\"@id\":\"https:\\\/\\\/tajkertesz.com\\\/#website\"},\"primaryImageOfPage\":{\"@id\":\"https:\\\/\\\/tajkertesz.com\\\/termek\\\/all-in-totalis-gyomirto-1l\\\/#primaryimage\"},\"image\":{\"@id\":\"https:\\\/\\\/tajkertesz.com\\\/termek\\\/all-in-totalis-gyomirto-1l\\\/#primaryimage\"},\"thumbnailUrl\":\"https:\\\/\\\/tajkertesz.com\\\/wp-content\\\/uploads\\\/2025\\\/12\\\/All-in-totalis-gyomirto-200ml.png.webp\",\"datePublished\":\"2025-12-12T11:17:48+00:00\",\"dateModified\":\"2025-12-12T15:18:21+00:00\",\"breadcrumb\":{\"@id\":\"https:\\\/\\\/tajkertesz.com\\\/termek\\\/all-in-totalis-gyomirto-1l\\\/#breadcrumb\"},\"inLanguage\":\"en-US\",\"potentialAction\":[{\"@type\":\"ReadAction\",\"target\":[\"https:\\\/\\\/tajkertesz.com\\\/termek\\\/all-in-totalis-gyomirto-1l\\\/\"]}]},{\"@type\":\"ImageObject\",\"inLanguage\":\"en-US\",\"@id\":\"https:\\\/\\\/tajkertesz.com\\\/termek\\\/all-in-totalis-gyomirto-1l\\\/#primaryimage\",\"url\":\"https:\\\/\\\/tajkertesz.com\\\/wp-content\\\/uploads\\\/2025\\\/12\\\/All-in-totalis-gyomirto-200ml.png.webp\",\"contentUrl\":\"https:\\\/\\\/tajkertesz.com\\\/wp-content\\\/uploads\\\/2025\\\/12\\\/All-in-totalis-gyomirto-200ml.png.webp\",\"width\":210,\"height\":210},{\"@type\":\"BreadcrumbList\",\"@id\":\"https:\\\/\\\/tajkertesz.com\\\/termek\\\/all-in-totalis-gyomirto-1l\\\/#breadcrumb\",\"itemListElement\":[{\"@type\":\"ListItem\",\"position\":1,\"name\":\"Home\",\"item\":\"https:\\\/\\\/tajkertesz.com\\\/\"},{\"@type\":\"ListItem\",\"position\":2,\"name\":\"Kezd\u0151lap\",\"item\":\"https:\\\/\\\/tajkertesz.com\\\/\"},{\"@type\":\"ListItem\",\"position\":3,\"name\":\"All-In tot\u00e1lis gyomirt\u00f3 1l\"}]},{\"@type\":\"WebSite\",\"@id\":\"https:\\\/\\\/tajkertesz.com\\\/#website\",\"url\":\"https:\\\/\\\/tajkertesz.com\\\/\",\"name\":\"T\u00e1j-Kert\u00e9sz 84 Kft.\",\"description\":\"Kert\u00e9szeti kis- \u00e9s nagykeresked\u00e9s, D\u00edszn\u00f6v\u00e9ny web\u00e1ruh\u00e1z orsz\u00e1gos h\u00e1zhozsz\u00e1ll\u00edt\u00e1ssal!\",\"publisher\":{\"@id\":\"https:\\\/\\\/tajkertesz.com\\\/#organization\"},\"potentialAction\":[{\"@type\":\"SearchAction\",\"target\":{\"@type\":\"EntryPoint\",\"urlTemplate\":\"https:\\\/\\\/tajkertesz.com\\\/?s={search_term_string}\"},\"query-input\":{\"@type\":\"PropertyValueSpecification\",\"valueRequired\":true,\"valueName\":\"search_term_string\"}}],\"inLanguage\":\"en-US\"},{\"@type\":\"Organization\",\"@id\":\"https:\\\/\\\/tajkertesz.com\\\/#organization\",\"name\":\"T\u00e1j-Kert\u00e9sz 84 Kft.\",\"url\":\"https:\\\/\\\/tajkertesz.com\\\/\",\"logo\":{\"@type\":\"ImageObject\",\"inLanguage\":\"en-US\",\"@id\":\"https:\\\/\\\/tajkertesz.com\\\/#\\\/schema\\\/logo\\\/image\\\/\",\"url\":\"https:\\\/\\\/tajkertesz.com\\\/wp-content\\\/uploads\\\/2018\\\/02\\\/logo-2-e1518678052539.png\",\"contentUrl\":\"https:\\\/\\\/tajkertesz.com\\\/wp-content\\\/uploads\\\/2018\\\/02\\\/logo-2-e1518678052539.png\",\"width\":81,\"height\":140,\"caption\":\"T\u00e1j-Kert\u00e9sz 84 Kft.\"},\"image\":{\"@id\":\"https:\\\/\\\/tajkertesz.com\\\/#\\\/schema\\\/logo\\\/image\\\/\"},\"sameAs\":[\"https:\\\/\\\/www.facebook.com\\\/Tajkertesz\\\/\"]}]}<\/script>\n<!-- \/ Yoast SEO plugin. -->","yoast_head_json":{"title":"All-In tot\u00e1lis gyomirt\u00f3 1l - T\u00e1jkert\u00e9sz","robots":{"index":"index","follow":"follow","max-snippet":"max-snippet:-1","max-image-preview":"max-image-preview:large","max-video-preview":"max-video-preview:-1"},"canonical":"https:\/\/tajkertesz.com\/en_US\/product\/all-in-totalis-gyomirto-1l\/","og_locale":"en_US","og_type":"article","og_title":"All-In tot\u00e1lis gyomirt\u00f3 1l - T\u00e1jkert\u00e9sz","og_description":"All In tot\u00e1lis gyomirt\u00f3 1l:  Kiemelked\u0151 hat\u00e9konys\u00e1g\u00fa tot\u00e1lis gyomirt\u00f3 permetez\u0151szer. A lakott \u00a0ter\u00fcletek rendben tart\u00e1s\u00e1n\u00e1l seg\u00edt a k\u00f6rnyezetet\u00a0elcs\u00faf\u00edt\u00f3 \u00e9s a kertek m\u0171vel\u00e9s\u00e9t akad\u00e1lyoz\u00f3 gyomok elleni k\u00fczdelemben. Foly\u00e9kony v\u00edzoldhat\u00f3 koncentr\u00e1tum.\u00a0A kezel\u00e9st\u0151l sz\u00e1m\u00edtott 10-14 napon bel\u00fcl a n\u00f6v\u00e9ny elsz\u00e1rad.\u00a0  Hat\u00e1sm\u00f3d:\u00a0gy\u00f6kerest\u00fcl irtja a gyomokat. K\u00fcl\u00f6nleges seg\u00e9danyag\u00e1nak k\u00f6sz\u00f6nhet\u0151en hat\u00f3anyaga a n\u00f6v\u00e9ny nedvkering\u00e9s\u00e9be ker\u00fclve elpuszt\u00edtja a gy\u00f6kereket. Z\u00f6ld fel\u00fcleten kereszt\u00fcl sz\u00edv\u00f3dik be a n\u00f6v\u00e9nybe.  Hat\u00f3anyaga: glifoz\u00e1t 360g\/l  Adagol\u00e1sa: 1-3,5 %-os\u00a0koncentr\u00e1ci\u00f3ban\u00a0(1%-os oldat =1dl szer 10l v\u00edzbe) kijuttatva. 2-3 liter permetl\u00e9 \/ 100m2-re  Nem m\u0171velt ter\u00fcletek: utak, \u00fatpadk\u00e1k, ker\u00edt\u00e9saljak, lakott ter\u00fcletek, kiskertek, temet\u0151k (ahol ezt a helyi rendelet nem tiltja), tot\u00e1lis gyomirt\u00e1s\u00e1ra alkalmazhat\u00f3. Gyeptelep\u00edt\u00e9s:\u00a0a gyeptelep\u00edt\u00e9st megel\u0151z\u0151en gyommentes\u00edt\u00e9sre, a n\u00f6v\u00e9nyzet elpuszt\u00edt\u00e1s\u00e1ra haszn\u00e1lhat\u00f3. Sz\u0151l\u0151, gy\u00fcm\u00f6lcs\u00f6s:\u00a03 \u00e9vn\u00e9l id\u0151sebb sz\u0151l\u0151 \u00e9s gy\u00fcm\u00f6lcsf\u00e1k k\u00f6r\u00fcl alkalmazhat\u00f3. Fa\u00fcltet\u00e9s, feny\u0151 gyomirt\u00e1s:\u00a0fa\u00fcltet\u00e9s el\u0151tt 1-2 h\u00e9ttel haszn\u00e1lhat\u00f3 gyom- \u00e9s cserjeirt\u00e1sra. K\u00e9t \u00e9vn\u00e9l id\u0151sebb \u00fcltetv\u00e9nyekben javasoljuk.","og_url":"https:\/\/tajkertesz.com\/en_US\/product\/all-in-totalis-gyomirto-1l\/","og_site_name":"T\u00e1jkert\u00e9sz","article_publisher":"https:\/\/www.facebook.com\/Tajkertesz\/","article_modified_time":"2025-12-12T15:18:21+00:00","og_image":[{"width":210,"height":210,"url":"https:\/\/tajkertesz.com\/wp-content\/uploads\/2025\/12\/All-in-totalis-gyomirto-200ml.png.webp","type":"image\/webp"}],"twitter_card":"summary_large_image","twitter_misc":{"Est. reading time":"2 minutes"},"schema":{"@context":"https:\/\/schema.org","@graph":[{"@type":"WebPage","@id":"https:\/\/tajkertesz.com\/termek\/all-in-totalis-gyomirto-1l\/","url":"https:\/\/tajkertesz.com\/termek\/all-in-totalis-gyomirto-1l\/","name":"All-In tot\u00e1lis gyomirt\u00f3 1l - T\u00e1jkert\u00e9sz","isPartOf":{"@id":"https:\/\/tajkertesz.com\/#website"},"primaryImageOfPage":{"@id":"https:\/\/tajkertesz.com\/termek\/all-in-totalis-gyomirto-1l\/#primaryimage"},"image":{"@id":"https:\/\/tajkertesz.com\/termek\/all-in-totalis-gyomirto-1l\/#primaryimage"},"thumbnailUrl":"https:\/\/tajkertesz.com\/wp-content\/uploads\/2025\/12\/All-in-totalis-gyomirto-200ml.png.webp","datePublished":"2025-12-12T11:17:48+00:00","dateModified":"2025-12-12T15:18:21+00:00","breadcrumb":{"@id":"https:\/\/tajkertesz.com\/termek\/all-in-totalis-gyomirto-1l\/#breadcrumb"},"inLanguage":"en-US","potentialAction":[{"@type":"ReadAction","target":["https:\/\/tajkertesz.com\/termek\/all-in-totalis-gyomirto-1l\/"]}]},{"@type":"ImageObject","inLanguage":"en-US","@id":"https:\/\/tajkertesz.com\/termek\/all-in-totalis-gyomirto-1l\/#primaryimage","url":"https:\/\/tajkertesz.com\/wp-content\/uploads\/2025\/12\/All-in-totalis-gyomirto-200ml.png.webp","contentUrl":"https:\/\/tajkertesz.com\/wp-content\/uploads\/2025\/12\/All-in-totalis-gyomirto-200ml.png.webp","width":210,"height":210},{"@type":"BreadcrumbList","@id":"https:\/\/tajkertesz.com\/termek\/all-in-totalis-gyomirto-1l\/#breadcrumb","itemListElement":[{"@type":"ListItem","position":1,"name":"Home","item":"https:\/\/tajkertesz.com\/"},{"@type":"ListItem","position":2,"name":"Kezd\u0151lap","item":"https:\/\/tajkertesz.com\/"},{"@type":"ListItem","position":3,"name":"All-In tot\u00e1lis gyomirt\u00f3 1l"}]},{"@type":"WebSite","@id":"https:\/\/tajkertesz.com\/#website","url":"https:\/\/tajkertesz.com\/","name":"T\u00e1j-Kert\u00e9sz 84 Kft.","description":"Kert\u00e9szeti kis- \u00e9s nagykeresked\u00e9s, D\u00edszn\u00f6v\u00e9ny web\u00e1ruh\u00e1z orsz\u00e1gos h\u00e1zhozsz\u00e1ll\u00edt\u00e1ssal!","publisher":{"@id":"https:\/\/tajkertesz.com\/#organization"},"potentialAction":[{"@type":"SearchAction","target":{"@type":"EntryPoint","urlTemplate":"https:\/\/tajkertesz.com\/?s={search_term_string}"},"query-input":{"@type":"PropertyValueSpecification","valueRequired":true,"valueName":"search_term_string"}}],"inLanguage":"en-US"},{"@type":"Organization","@id":"https:\/\/tajkertesz.com\/#organization","name":"T\u00e1j-Kert\u00e9sz 84 Kft.","url":"https:\/\/tajkertesz.com\/","logo":{"@type":"ImageObject","inLanguage":"en-US","@id":"https:\/\/tajkertesz.com\/#\/schema\/logo\/image\/","url":"https:\/\/tajkertesz.com\/wp-content\/uploads\/2018\/02\/logo-2-e1518678052539.png","contentUrl":"https:\/\/tajkertesz.com\/wp-content\/uploads\/2018\/02\/logo-2-e1518678052539.png","width":81,"height":140,"caption":"T\u00e1j-Kert\u00e9sz 84 Kft."},"image":{"@id":"https:\/\/tajkertesz.com\/#\/schema\/logo\/image\/"},"sameAs":["https:\/\/www.facebook.com\/Tajkertesz\/"]}]}},"_links":{"self":[{"href":"https:\/\/tajkertesz.com\/en_US\/wp-json\/wp\/v2\/product\/25664","targetHints":{"allow":["GET"]}}],"collection":[{"href":"https:\/\/tajkertesz.com\/en_US\/wp-json\/wp\/v2\/product"}],"about":[{"href":"https:\/\/tajkertesz.com\/en_US\/wp-json\/wp\/v2\/types\/product"}],"wp:featuredmedia":[{"embeddable":true,"href":"https:\/\/tajkertesz.com\/en_US\/wp-json\/wp\/v2\/media\/25659"}],"wp:attachment":[{"href":"https:\/\/tajkertesz.com\/en_US\/wp-json\/wp\/v2\/media?parent=25664"}],"wp:term":[{"taxonomy":"product_brand","embeddable":true,"href":"https:\/\/tajkertesz.com\/en_US\/wp-json\/wp\/v2\/product_brand?post=25664"},{"taxonomy":"product_cat","embeddable":true,"href":"https:\/\/tajkertesz.com\/en_US\/wp-json\/wp\/v2\/product_cat?post=25664"},{"taxonomy":"product_tag","embeddable":true,"href":"https:\/\/tajkertesz.com\/en_US\/wp-json\/wp\/v2\/product_tag?post=25664"}],"curies":[{"name":"wp","href":"https:\/\/api.w.org\/{rel}","templated":true}]}}