{"id":2572,"date":"2020-11-06T08:09:04","date_gmt":"2020-11-06T08:09:04","guid":{"rendered":"https:\/\/tajkertesz.com\/?post_type=product&#038;p=2572"},"modified":"2026-02-25T09:00:01","modified_gmt":"2026-02-25T09:00:01","slug":"photinia-fraseri-vulcano-torzses-korallberkenye","status":"publish","type":"product","link":"https:\/\/tajkertesz.com\/en_US\/product\/photinia-fraseri-vulcano-torzses-korallberkenye\/","title":{"rendered":"Photinia fraseri &#8216;Vulcano&#8217; &#8211; T\u00f6rzses korallberkenye"},"content":{"rendered":"<h1>Photinia fraseri &#8216;Vulcano&#8217; &#8211; T\u00f6rzses korallberkenye<\/h1>\n<p>A Photinia fraseri &#8216;Vulcano&#8217; &#8211; T\u00f6rzses korallberkenye a fiatal hajt\u00e1sok \u00e9s a fels\u0151 levelek kihajt\u00e1skor \u00e9l\u00e9nk v\u00f6r\u00f6sek, \u00e9rdekes sz\u00ednfoltot adva kert\u00fcnknek.<\/p>\n<p>A ny\u00edr\u00e1st \u00e9s az alak\u00edt\u00e1st j\u00f3l t\u0171ri. Szoliter n\u00f6v\u00e9nynek \u00fcltess\u00fck el\u0151kertbe, de ak\u00e1r kasp\u00f3ban is tarthat\u00f3.<\/p>\n<p>A korallberkenye \u00f6r\u00f6kz\u00f6ld cserje. Fel\u00e1ll\u00f3 habitus \u00e9s s\u0171r\u0171 lombozat jellemzi. F\u00e9nyes z\u00f6ld levelei fiatalon \u00e9l\u00e9nk v\u00f6r\u00f6sek \u00e1rnyalat\u00faak.\u00a0 \u00c1prilis &#8211; m\u00e1jus id\u0151szak\u00e1ban hozza feh\u00e9r bugavir\u00e1gzatait. Napos, f\u00e9l\u00e1rny\u00e9kos helyeken \u00e9rzi igaz\u00e1n j\u00f3l mag\u00e1t.<\/p>\n<p>A magast\u00f6rzs\u00f6n nevelt korallberkeny\u00e9t c\u00e9lszer\u0171 \u00e9vente t\u00f6bbsz\u00f6r ny\u00edrni , mivel\u00a0 a fiatal hajt\u00e1sok gy\u00f6ny\u00f6r\u0171 sz\u00edn\u0171ek, \u00e9s \u00edgy tarthat\u00f3 csak meg a sz\u00e9p g\u00f6mb form\u00e1ja.<\/p>\n<p>Ak\u00e1r kertbe , ak\u00e1r kasp\u00f3ba \u00fcltetj\u00fck ne feledkezz\u00fcnk meg a t\u00e1panyag ut\u00e1np\u00f3tl\u00e1sr\u00f3l .<\/p>\n<p>Kertbe \u00fcltet\u00e9skor javasoljuk a marhatr\u00e1gya haszn\u00e1lat\u00e1t az \u00fcltet\u0151 g\u00f6d\u00f6rbe , k\u00e9s\u0151bb pedig az Agrecol term\u00e9kcsal\u00e1d \u00f6r\u00f6kz\u00f6ldekhez kapcsol\u00f3d\u00f3 term\u00e9keit.<\/p>\n<p>-Photinia fraseri &#8216;Red Robin&#8217;- Korallberkenye t\u00f6rzses 55 cm t\u00f6rzsmagass\u00e1g \u00e9s kb. 80\/100 cm teljes magass\u00e1g, 7 literes kont\u00e9nerben.<\/p>\n<p><b>K\u00e9szlet\u00fcnk napi szinten v\u00e1ltozik, ez\u00e9rt k\u00e9rj\u00fck, \u00e9rdekl\u0151dj\u00f6n szem\u00e9lyesen, telefonon vagy email-en.<br \/>\nA v\u00e1ltoztat\u00e1s jog\u00e1t fenntartjuk!<\/b><b>\u00a0<\/b><\/p>\n<p><a href=\"https:\/\/tajkertesz.com\/\">https:\/\/tajkertesz.com\/<\/a><\/p>\n<p><a href=\"https:\/\/www.facebook.com\/tajkertesz\/\">https:\/\/www.facebook.com\/tajkertesz\/<\/a><\/p>\n<p>Kisz\u00e1ll\u00edt\u00e1s: 200cm-ig \u00e9s 40 kg-ig a sz\u00e1ll\u00edt\u00e1s fut\u00e1rszolg\u00e1lattal t\u00f6rt\u00e9nik.<\/p>\n<p>Szem\u00e9lyes \u00e1tv\u00e9tel nyitvatart\u00e1si id\u0151ben a 17. ker\u00fclet Bakancsos utca 7. sz\u00e1m alatti Kert\u00e9szeti \u00e1rud\u00e1nkban.<\/p>\n<p>Kert\u00e9p\u00edt\u0151k \u00e9s viszontelad\u00f3k regisztr\u00e1l\u00e1s ut\u00e1n egyedi kedvezm\u00e9nnyel v\u00e1s\u00e1rolhatnak kert\u00e9szeti kis-\u00e9s nagykeresked\u00e9s\u00fcnkben.<\/p>\n<p><strong>Az \u00e1rak egy darab term\u00e9kre vonatkoznak.<\/strong><\/p>\n<p><strong>J\u00f3 tudni!<\/strong><\/p>\n<p>K\u00e9pek-elt\u00e9r\u00e9sek:<\/p>\n<p>A n\u00f6v\u00e9nyekr\u0151l felt\u00f6lt\u00f6tt k\u00e9pek illusztr\u00e1ci\u00f3k. N\u00f6v\u00e9nyekn\u00e9l el\u0151fordulhatnak minim\u00e1lis elt\u00e9r\u00e9sek a k\u00e9peken szerepl\u0151 n\u00f6v\u00e9nyek \u00e9s az \u00e1tvett n\u00f6v\u00e9nyek k\u00f6z\u00f6tt, mivel minden n\u00f6v\u00e9ny egyedi.<\/p>\n<h4>N\u00f6v\u00e9nyek sz\u00e1ll\u00edt\u00e1sa:<\/h4>\n<p>A megrendelt n\u00f6v\u00e9nyeket igyeksz\u00fcnk a lehet\u0151 legbiztons\u00e1gosabban egyes\u00e9vel csomagolni, azonban a sz\u00e1ll\u00edt\u00e1s sor\u00e1n m\u00e9g ennek ellen\u00e9re is\u00a0bek\u00f6vetkezhetnek apr\u00f3bb s\u00e9r\u00fcl\u00e9sek (lev\u00e9l- vagy vir\u00e1ghull\u00e1s).<br \/>\nN\u00f6v\u00e9ny rendel\u00e9s eset\u00e9n k\u00e9rj\u00fck a k\u00e9zbes\u00edt\u00e9st k\u00f6vet\u0151en a lehet\u0151 leghamarabb bonts\u00e1k ki a csomagot.<\/p>\n<p>Abban az esetben, ha a megrendelt n\u00f6v\u00e9ny\u00a0a sz\u00e1ll\u00edt\u00e1st k\u00f6vet\u0151en\u00a0nem megfelel\u0151 gondoz\u00e1sban r\u00e9szes\u00fcl \u00e9s ebb\u0151l kifoly\u00f3lag\u00a0k\u00e1rosodik,\u00a0elpusztul, felel\u0151ss\u00e9get sajnos nem tudunk v\u00e1llalni.<\/p>\n<p>V\u00e1s\u00e1rl\u00e1st\u00f3l val\u00f3 el\u00e1ll\u00e1s \u00e9l\u0151 n\u00f6v\u00e9ny v\u00e1s\u00e1rl\u00e1sa eset\u00e9n:<\/p>\n<p>Az \u00e1ltal\u00e1nos 14 napos el\u00e1ll\u00e1s lehet\u0151s\u00e9ge \u00e9l\u0151 n\u00f6v\u00e9nyekre nem vonatkozik. V\u00e1s\u00e1rl\u00e1st\u00f3l val\u00f3 el\u00e1ll\u00e1sra, visszak\u00fcld\u00e9sre nincs lehet\u0151s\u00e9g.\u00a0(17\/1999. (II. 5.) Korm. rendelet 5c pontja)<\/p>\n<p><strong>K\u00e9rj\u00fck fentiek figyelembev\u00e9tel\u00e9t n\u00f6v\u00e9ny rendel\u00e9se sor\u00e1n!<\/strong><\/p>\n<p>&nbsp;<\/p>","protected":false},"excerpt":{"rendered":"<p>A Photinia fraseri &#8216;Vulcano&#8217; &#8211; T\u00f6rzses korallberkenye \u00a0a fiatal hajt\u00e1sok \u00e9s a fels\u0151 levelek kihajt\u00e1skor \u00e9l\u00e9nk v\u00f6r\u00f6sek, \u00e9rdekes sz\u00ednfoltot adva kert\u00fcnknek.<\/p>\n<p>A ny\u00edr\u00e1st \u00e9s az alak\u00edt\u00e1st j\u00f3l t\u0171ri. Szoliter n\u00f6v\u00e9nynek \u00fcltess\u00fck el\u0151kertbe , cserjecsoportba , de ak\u00e1r kasp\u00f3ban is tarthat\u00f3.<\/p>\n<p>A korallberkenye \u00f6r\u00f6kz\u00f6ld cserje. Fel\u00e1ll\u00f3 habitus \u00e9s s\u0171r\u0171 lombozat jellemzi. F\u00e9nyes z\u00f6ld levelei fiatalon \u00e9l\u00e9nk v\u00f6r\u00f6sek \u00e1rnyalat\u00faak.\u00a0 \u00c1prilis &#8211; m\u00e1jus id\u0151szak\u00e1ban hozza feh\u00e9r bugavir\u00e1gzatait. Napos, f\u00e9l\u00e1rny\u00e9kos helyeken \u00e9rzi igaz\u00e1n j\u00f3l mag\u00e1t.<\/p>\n<p>A magast\u00f6rzs\u00f6n nevelt korallberkeny\u00e9t c\u00e9lszer\u0171 \u00e9vente t\u00f6bbsz\u00f6r ny\u00edrni , mivel\u00a0 a fiatal hajt\u00e1sok gy\u00f6ny\u00f6r\u0171 sz\u00edn\u0171ek, \u00e9s \u00edgy tarthat\u00f3 csak meg a sz\u00e9p g\u00f6mb form\u00e1ja.<\/p>","protected":false},"featured_media":22846,"template":"","meta":{"_et_pb_use_builder":"","_et_pb_old_content":"","_et_gb_content_width":""},"product_brand":[],"product_cat":[32],"product_tag":[907,908,906,682,909,4199],"class_list":{"0":"post-2572","1":"product","2":"type-product","3":"status-publish","4":"has-post-thumbnail","6":"product_cat-formanovenyek-alakfak","7":"product_tag-korallberkenye","8":"product_tag-magastorzsu","9":"product_tag-photinia","10":"product_tag-pom-pom","11":"product_tag-torzses","12":"product_tag-vulcano","14":"first","15":"instock","16":"shipping-taxable","17":"purchasable","18":"product-type-simple"},"yoast_head":"<!-- This site is optimized with the Yoast SEO plugin v27.3 - https:\/\/yoast.com\/product\/yoast-seo-wordpress\/ -->\n<title>Photinia fraseri &#039;Vulcano&#039; - T\u00f6rzses korallberkenye - T\u00e1jkert\u00e9sz<\/title>\n<meta name=\"description\" content=\"A Photinia fraseri &#039;Vulcano&#039; - T\u00f6rzses korallberkenye a fels\u0151 levelek kihajt\u00e1skor \u00e9l\u00e9nk v\u00f6r\u00f6sek, \u00e9rdekes sz\u00ednfoltot adva kert\u00fcnknek.\u00a0\" \/>\n<meta name=\"robots\" content=\"index, follow, max-snippet:-1, max-image-preview:large, max-video-preview:-1\" \/>\n<link rel=\"canonical\" href=\"https:\/\/tajkertesz.com\/en_US\/product\/photinia-fraseri-vulcano-torzses-korallberkenye\/\" \/>\n<meta property=\"og:locale\" content=\"en_US\" \/>\n<meta property=\"og:type\" content=\"article\" \/>\n<meta property=\"og:title\" content=\"Photinia fraseri &#039;Vulcano&#039; - T\u00f6rzses korallberkenye - T\u00e1jkert\u00e9sz\" \/>\n<meta property=\"og:description\" content=\"A Photinia fraseri &#039;Vulcano&#039; - T\u00f6rzses korallberkenye a fels\u0151 levelek kihajt\u00e1skor \u00e9l\u00e9nk v\u00f6r\u00f6sek, \u00e9rdekes sz\u00ednfoltot adva kert\u00fcnknek.\u00a0\" \/>\n<meta property=\"og:url\" content=\"https:\/\/tajkertesz.com\/en_US\/product\/photinia-fraseri-vulcano-torzses-korallberkenye\/\" \/>\n<meta property=\"og:site_name\" content=\"T\u00e1jkert\u00e9sz\" \/>\n<meta property=\"article:publisher\" content=\"https:\/\/www.facebook.com\/Tajkertesz\/\" \/>\n<meta property=\"article:modified_time\" content=\"2026-02-25T09:00:01+00:00\" \/>\n<meta property=\"og:image\" content=\"https:\/\/tajkertesz.com\/wp-content\/uploads\/2020\/11\/20250318_102150-1-scaled.jpg\" \/>\n\t<meta property=\"og:image:width\" content=\"2560\" \/>\n\t<meta property=\"og:image:height\" content=\"2560\" \/>\n\t<meta property=\"og:image:type\" content=\"image\/jpeg\" \/>\n<meta name=\"twitter:card\" content=\"summary_large_image\" \/>\n<meta name=\"twitter:label1\" content=\"Est. reading time\" \/>\n\t<meta name=\"twitter:data1\" content=\"2 minutes\" \/>\n<script type=\"application\/ld+json\" class=\"yoast-schema-graph\">{\"@context\":\"https:\\\/\\\/schema.org\",\"@graph\":[{\"@type\":\"WebPage\",\"@id\":\"https:\\\/\\\/tajkertesz.com\\\/termek\\\/photinia-fraseri-vulcano-torzses-korallberkenye\\\/\",\"url\":\"https:\\\/\\\/tajkertesz.com\\\/termek\\\/photinia-fraseri-vulcano-torzses-korallberkenye\\\/\",\"name\":\"Photinia fraseri 'Vulcano' - T\u00f6rzses korallberkenye - T\u00e1jkert\u00e9sz\",\"isPartOf\":{\"@id\":\"https:\\\/\\\/tajkertesz.com\\\/#website\"},\"primaryImageOfPage\":{\"@id\":\"https:\\\/\\\/tajkertesz.com\\\/termek\\\/photinia-fraseri-vulcano-torzses-korallberkenye\\\/#primaryimage\"},\"image\":{\"@id\":\"https:\\\/\\\/tajkertesz.com\\\/termek\\\/photinia-fraseri-vulcano-torzses-korallberkenye\\\/#primaryimage\"},\"thumbnailUrl\":\"https:\\\/\\\/tajkertesz.com\\\/wp-content\\\/uploads\\\/2020\\\/11\\\/20250318_102150-1-scaled.jpg\",\"datePublished\":\"2020-11-06T08:09:04+00:00\",\"dateModified\":\"2026-02-25T09:00:01+00:00\",\"description\":\"A Photinia fraseri 'Vulcano' - T\u00f6rzses korallberkenye a fels\u0151 levelek kihajt\u00e1skor \u00e9l\u00e9nk v\u00f6r\u00f6sek, \u00e9rdekes sz\u00ednfoltot adva kert\u00fcnknek.\u00a0\",\"breadcrumb\":{\"@id\":\"https:\\\/\\\/tajkertesz.com\\\/termek\\\/photinia-fraseri-vulcano-torzses-korallberkenye\\\/#breadcrumb\"},\"inLanguage\":\"en-US\",\"potentialAction\":[{\"@type\":\"ReadAction\",\"target\":[\"https:\\\/\\\/tajkertesz.com\\\/termek\\\/photinia-fraseri-vulcano-torzses-korallberkenye\\\/\"]}]},{\"@type\":\"ImageObject\",\"inLanguage\":\"en-US\",\"@id\":\"https:\\\/\\\/tajkertesz.com\\\/termek\\\/photinia-fraseri-vulcano-torzses-korallberkenye\\\/#primaryimage\",\"url\":\"https:\\\/\\\/tajkertesz.com\\\/wp-content\\\/uploads\\\/2020\\\/11\\\/20250318_102150-1-scaled.jpg\",\"contentUrl\":\"https:\\\/\\\/tajkertesz.com\\\/wp-content\\\/uploads\\\/2020\\\/11\\\/20250318_102150-1-scaled.jpg\",\"width\":2560,\"height\":2560,\"caption\":\"Photinia fraseri 'Vulcano' - T\u00f6rzses korallberkenye\"},{\"@type\":\"BreadcrumbList\",\"@id\":\"https:\\\/\\\/tajkertesz.com\\\/termek\\\/photinia-fraseri-vulcano-torzses-korallberkenye\\\/#breadcrumb\",\"itemListElement\":[{\"@type\":\"ListItem\",\"position\":1,\"name\":\"Home\",\"item\":\"https:\\\/\\\/tajkertesz.com\\\/\"},{\"@type\":\"ListItem\",\"position\":2,\"name\":\"Kezd\u0151lap\",\"item\":\"https:\\\/\\\/tajkertesz.com\\\/\"},{\"@type\":\"ListItem\",\"position\":3,\"name\":\"Photinia fraseri &#8216;Vulcano&#8217; &#8211; T\u00f6rzses korallberkenye\"}]},{\"@type\":\"WebSite\",\"@id\":\"https:\\\/\\\/tajkertesz.com\\\/#website\",\"url\":\"https:\\\/\\\/tajkertesz.com\\\/\",\"name\":\"T\u00e1j-Kert\u00e9sz 84 Kft.\",\"description\":\"Kert\u00e9szeti kis- \u00e9s nagykeresked\u00e9s, D\u00edszn\u00f6v\u00e9ny web\u00e1ruh\u00e1z orsz\u00e1gos h\u00e1zhozsz\u00e1ll\u00edt\u00e1ssal!\",\"publisher\":{\"@id\":\"https:\\\/\\\/tajkertesz.com\\\/#organization\"},\"potentialAction\":[{\"@type\":\"SearchAction\",\"target\":{\"@type\":\"EntryPoint\",\"urlTemplate\":\"https:\\\/\\\/tajkertesz.com\\\/?s={search_term_string}\"},\"query-input\":{\"@type\":\"PropertyValueSpecification\",\"valueRequired\":true,\"valueName\":\"search_term_string\"}}],\"inLanguage\":\"en-US\"},{\"@type\":\"Organization\",\"@id\":\"https:\\\/\\\/tajkertesz.com\\\/#organization\",\"name\":\"T\u00e1j-Kert\u00e9sz 84 Kft.\",\"url\":\"https:\\\/\\\/tajkertesz.com\\\/\",\"logo\":{\"@type\":\"ImageObject\",\"inLanguage\":\"en-US\",\"@id\":\"https:\\\/\\\/tajkertesz.com\\\/#\\\/schema\\\/logo\\\/image\\\/\",\"url\":\"https:\\\/\\\/tajkertesz.com\\\/wp-content\\\/uploads\\\/2018\\\/02\\\/logo-2-e1518678052539.png\",\"contentUrl\":\"https:\\\/\\\/tajkertesz.com\\\/wp-content\\\/uploads\\\/2018\\\/02\\\/logo-2-e1518678052539.png\",\"width\":81,\"height\":140,\"caption\":\"T\u00e1j-Kert\u00e9sz 84 Kft.\"},\"image\":{\"@id\":\"https:\\\/\\\/tajkertesz.com\\\/#\\\/schema\\\/logo\\\/image\\\/\"},\"sameAs\":[\"https:\\\/\\\/www.facebook.com\\\/Tajkertesz\\\/\"]}]}<\/script>\n<!-- \/ Yoast SEO plugin. -->","yoast_head_json":{"title":"Photinia fraseri 'Vulcano' - T\u00f6rzses korallberkenye - T\u00e1jkert\u00e9sz","description":"A Photinia fraseri 'Vulcano' - T\u00f6rzses korallberkenye a fels\u0151 levelek kihajt\u00e1skor \u00e9l\u00e9nk v\u00f6r\u00f6sek, \u00e9rdekes sz\u00ednfoltot adva kert\u00fcnknek.\u00a0","robots":{"index":"index","follow":"follow","max-snippet":"max-snippet:-1","max-image-preview":"max-image-preview:large","max-video-preview":"max-video-preview:-1"},"canonical":"https:\/\/tajkertesz.com\/en_US\/product\/photinia-fraseri-vulcano-torzses-korallberkenye\/","og_locale":"en_US","og_type":"article","og_title":"Photinia fraseri 'Vulcano' - T\u00f6rzses korallberkenye - T\u00e1jkert\u00e9sz","og_description":"A Photinia fraseri 'Vulcano' - T\u00f6rzses korallberkenye a fels\u0151 levelek kihajt\u00e1skor \u00e9l\u00e9nk v\u00f6r\u00f6sek, \u00e9rdekes sz\u00ednfoltot adva kert\u00fcnknek.\u00a0","og_url":"https:\/\/tajkertesz.com\/en_US\/product\/photinia-fraseri-vulcano-torzses-korallberkenye\/","og_site_name":"T\u00e1jkert\u00e9sz","article_publisher":"https:\/\/www.facebook.com\/Tajkertesz\/","article_modified_time":"2026-02-25T09:00:01+00:00","og_image":[{"width":2560,"height":2560,"url":"https:\/\/tajkertesz.com\/wp-content\/uploads\/2020\/11\/20250318_102150-1-scaled.jpg","type":"image\/jpeg"}],"twitter_card":"summary_large_image","twitter_misc":{"Est. reading time":"2 minutes"},"schema":{"@context":"https:\/\/schema.org","@graph":[{"@type":"WebPage","@id":"https:\/\/tajkertesz.com\/termek\/photinia-fraseri-vulcano-torzses-korallberkenye\/","url":"https:\/\/tajkertesz.com\/termek\/photinia-fraseri-vulcano-torzses-korallberkenye\/","name":"Photinia fraseri 'Vulcano' - T\u00f6rzses korallberkenye - T\u00e1jkert\u00e9sz","isPartOf":{"@id":"https:\/\/tajkertesz.com\/#website"},"primaryImageOfPage":{"@id":"https:\/\/tajkertesz.com\/termek\/photinia-fraseri-vulcano-torzses-korallberkenye\/#primaryimage"},"image":{"@id":"https:\/\/tajkertesz.com\/termek\/photinia-fraseri-vulcano-torzses-korallberkenye\/#primaryimage"},"thumbnailUrl":"https:\/\/tajkertesz.com\/wp-content\/uploads\/2020\/11\/20250318_102150-1-scaled.jpg","datePublished":"2020-11-06T08:09:04+00:00","dateModified":"2026-02-25T09:00:01+00:00","description":"A Photinia fraseri 'Vulcano' - T\u00f6rzses korallberkenye a fels\u0151 levelek kihajt\u00e1skor \u00e9l\u00e9nk v\u00f6r\u00f6sek, \u00e9rdekes sz\u00ednfoltot adva kert\u00fcnknek.\u00a0","breadcrumb":{"@id":"https:\/\/tajkertesz.com\/termek\/photinia-fraseri-vulcano-torzses-korallberkenye\/#breadcrumb"},"inLanguage":"en-US","potentialAction":[{"@type":"ReadAction","target":["https:\/\/tajkertesz.com\/termek\/photinia-fraseri-vulcano-torzses-korallberkenye\/"]}]},{"@type":"ImageObject","inLanguage":"en-US","@id":"https:\/\/tajkertesz.com\/termek\/photinia-fraseri-vulcano-torzses-korallberkenye\/#primaryimage","url":"https:\/\/tajkertesz.com\/wp-content\/uploads\/2020\/11\/20250318_102150-1-scaled.jpg","contentUrl":"https:\/\/tajkertesz.com\/wp-content\/uploads\/2020\/11\/20250318_102150-1-scaled.jpg","width":2560,"height":2560,"caption":"Photinia fraseri 'Vulcano' - T\u00f6rzses korallberkenye"},{"@type":"BreadcrumbList","@id":"https:\/\/tajkertesz.com\/termek\/photinia-fraseri-vulcano-torzses-korallberkenye\/#breadcrumb","itemListElement":[{"@type":"ListItem","position":1,"name":"Home","item":"https:\/\/tajkertesz.com\/"},{"@type":"ListItem","position":2,"name":"Kezd\u0151lap","item":"https:\/\/tajkertesz.com\/"},{"@type":"ListItem","position":3,"name":"Photinia fraseri &#8216;Vulcano&#8217; &#8211; T\u00f6rzses korallberkenye"}]},{"@type":"WebSite","@id":"https:\/\/tajkertesz.com\/#website","url":"https:\/\/tajkertesz.com\/","name":"T\u00e1j-Kert\u00e9sz 84 Kft.","description":"Kert\u00e9szeti kis- \u00e9s nagykeresked\u00e9s, D\u00edszn\u00f6v\u00e9ny web\u00e1ruh\u00e1z orsz\u00e1gos h\u00e1zhozsz\u00e1ll\u00edt\u00e1ssal!","publisher":{"@id":"https:\/\/tajkertesz.com\/#organization"},"potentialAction":[{"@type":"SearchAction","target":{"@type":"EntryPoint","urlTemplate":"https:\/\/tajkertesz.com\/?s={search_term_string}"},"query-input":{"@type":"PropertyValueSpecification","valueRequired":true,"valueName":"search_term_string"}}],"inLanguage":"en-US"},{"@type":"Organization","@id":"https:\/\/tajkertesz.com\/#organization","name":"T\u00e1j-Kert\u00e9sz 84 Kft.","url":"https:\/\/tajkertesz.com\/","logo":{"@type":"ImageObject","inLanguage":"en-US","@id":"https:\/\/tajkertesz.com\/#\/schema\/logo\/image\/","url":"https:\/\/tajkertesz.com\/wp-content\/uploads\/2018\/02\/logo-2-e1518678052539.png","contentUrl":"https:\/\/tajkertesz.com\/wp-content\/uploads\/2018\/02\/logo-2-e1518678052539.png","width":81,"height":140,"caption":"T\u00e1j-Kert\u00e9sz 84 Kft."},"image":{"@id":"https:\/\/tajkertesz.com\/#\/schema\/logo\/image\/"},"sameAs":["https:\/\/www.facebook.com\/Tajkertesz\/"]}]}},"_links":{"self":[{"href":"https:\/\/tajkertesz.com\/en_US\/wp-json\/wp\/v2\/product\/2572","targetHints":{"allow":["GET"]}}],"collection":[{"href":"https:\/\/tajkertesz.com\/en_US\/wp-json\/wp\/v2\/product"}],"about":[{"href":"https:\/\/tajkertesz.com\/en_US\/wp-json\/wp\/v2\/types\/product"}],"wp:featuredmedia":[{"embeddable":true,"href":"https:\/\/tajkertesz.com\/en_US\/wp-json\/wp\/v2\/media\/22846"}],"wp:attachment":[{"href":"https:\/\/tajkertesz.com\/en_US\/wp-json\/wp\/v2\/media?parent=2572"}],"wp:term":[{"taxonomy":"product_brand","embeddable":true,"href":"https:\/\/tajkertesz.com\/en_US\/wp-json\/wp\/v2\/product_brand?post=2572"},{"taxonomy":"product_cat","embeddable":true,"href":"https:\/\/tajkertesz.com\/en_US\/wp-json\/wp\/v2\/product_cat?post=2572"},{"taxonomy":"product_tag","embeddable":true,"href":"https:\/\/tajkertesz.com\/en_US\/wp-json\/wp\/v2\/product_tag?post=2572"}],"curies":[{"name":"wp","href":"https:\/\/api.w.org\/{rel}","templated":true}]}}