{"id":25797,"date":"2025-12-18T09:21:43","date_gmt":"2025-12-18T09:21:43","guid":{"rendered":"https:\/\/tajkertesz.com\/?post_type=product&#038;p=25797"},"modified":"2026-02-24T15:01:42","modified_gmt":"2026-02-24T15:01:42","slug":"portalhomero-100","status":"publish","type":"product","link":"https:\/\/tajkertesz.com\/en_US\/product\/portalhomero-100\/","title":{"rendered":"Port\u00e1lh\u0151m\u00e9r\u0151 100."},"content":{"rendered":"<h1>Port\u00e1lh\u0151m\u00e9r\u0151 100.<\/h1>\n<p>Port\u00e1lh\u0151m\u00e9r\u0151 100.<\/p>\n<ul>\n<li>Portah\u0151m\u00e9r\u0151 100 t\u00edpus<br \/>\nFeh\u00e9r sz\u00ednben<br \/>\nM\u00e9r\u00e9si tartom\u00e1ny:-30\u00b0\u2026+50\u00b0C<br \/>\nOszt\u00e1sk\u00f6z:1\u00b0C, borszesz t\u00f6lt\u00e9ssel<br \/>\nM\u00e9ret: 75 mm x 290 mm<\/li>\n<li>Gy\u00e1rt\u00f3 \u00e9s sz\u00e1rmaz\u00e1si hely: Magyarorsz\u00e1g<\/li>\n<li>Anyaga: f\u00e9m \u00e9s \u00fcveg<\/li>\n<\/ul>\n<p><strong>A portah\u0151m\u00e9r\u0151 egy hagyom\u00e1nyos, \u00fcveg vagy f\u00e9mh\u00e1zas h\u0151m\u00e9r\u0151, amelyet f\u0151k\u00e9nt k\u00fclt\u00e9ri h\u0151m\u00e9rs\u00e9klet m\u00e9r\u00e9s\u00e9re haszn\u00e1lnak.<\/strong> \u00c1ltal\u00e1ban az \u00e9p\u00fcletek bej\u00e1rat\u00e1n\u00e1l, verand\u00e1n, kertben vagy udvaron helyezik el, hogy k\u00f6nnyen leolvashat\u00f3 legyen az aktu\u00e1lis kinti h\u0151m\u00e9rs\u00e9klet.<\/p>\n<h2>\ud83c\udf21\ufe0f Mire val\u00f3 pontosan?<\/h2>\n<ul>\n<li><strong>K\u00fclt\u00e9ri h\u0151m\u00e9rs\u00e9klet m\u00e9r\u00e9se<\/strong>: A portah\u0151m\u00e9r\u0151 -50 \u00b0C \u00e9s +50 \u00b0C k\u00f6z\u00f6tti tartom\u00e1nyban k\u00e9pes m\u00e9rni, \u00edgy eg\u00e9sz \u00e9vben haszn\u00e1lhat\u00f3.<\/li>\n<li><strong>Id\u0151j\u00e1r\u00e1s ellen\u0151rz\u00e9se<\/strong>: Seg\u00edt gyorsan megtudni, mennyire hideg vagy meleg van kint, miel\u0151tt elinduln\u00e1l otthonr\u00f3l.<\/li>\n<li><strong>Kert\u00e9szked\u00e9shez<\/strong>: A n\u00f6v\u00e9nyek h\u0151m\u00e9rs\u00e9kleti ig\u00e9nyei miatt hasznos, p\u00e9ld\u00e1ul fagyvesz\u00e9ly idej\u00e9n.<\/li>\n<li><strong>Egyszer\u0171, tart\u00f3s eszk\u00f6z<\/strong>: \u00dcvegb\u0151l \u00e9s alum\u00edniumb\u00f3l k\u00e9sz\u00fcl, ellen\u00e1ll a k\u00fclt\u00e9ri korr\u00f3zi\u00f3nak, \u00edgy hossz\u00fa \u00e9lettartam\u00fa.<\/li>\n<\/ul>\n<p>&nbsp;<\/p>\n<h3><strong>\ud83d\udd04 K\u00e9szletinform\u00e1ci\u00f3<\/strong><\/h3>\n<p><strong>K\u00e9szlet\u00fcnk napi szinten v\u00e1ltozik, \u00edgy a webshopban szerepl<\/strong><strong>\u0151<\/strong><strong>\u00a0term\u00e9kek el\u00e9rhet<\/strong><strong>\u0151<\/strong><strong>s\u00e9ge nem garant\u00e1lt.<br \/>\n\ud83d\udcde A megrendel\u00e9s el<\/strong><strong>\u0151<\/strong><strong>tt k\u00e9rj\u00fck, \u00e9rdekl<\/strong><strong>\u0151<\/strong><strong>dj\u00f6n szem\u00e9lyesen, telefonon vagy e-mailben!<\/strong><\/p>\n<p><strong>\u27a1\ufe0f Kapcsolat:<\/strong><\/p>\n<ul>\n<li><strong>Weboldal:\u00a0<\/strong><a href=\"https:\/\/tajkertesz.com\/\"><strong>tajkertesz.com<\/strong><\/a><\/li>\n<li><strong>Facebook:\u00a0<\/strong><a href=\"https:\/\/www.facebook.com\/tajkertesz\/\"><strong>facebook.com\/tajkertesz<\/strong><\/a><\/li>\n<li><strong>Telefonsz\u00e1m, e-mail: +36\/20-319-3770\u00a0<\/strong><a href=\"mailto:info@tajkertesz.hu\"><strong>info@tajkertesz.hu<\/strong><\/a><\/li>\n<\/ul>\n<p><strong>\ud83d\ude9a Sz\u00e1ll\u00edt\u00e1si inform\u00e1ci\u00f3k<\/strong><\/p>\n<p><strong>A megrendelt n\u00f6v\u00e9nyek kisz\u00e1ll\u00edt\u00e1sa az al\u00e1bbi felt\u00e9telek mellett t\u00f6rt\u00e9nik:<\/strong><\/p>\n<p><strong>\ud83d\udce6 Fut\u00e1rszolg\u00e1latos sz\u00e1ll\u00edt\u00e1s<\/strong><\/p>\n<ul>\n<li><strong>Maxim\u00e1lis m\u00e9ret: 200 cm (hossz\u00fas\u00e1g)<\/strong><\/li>\n<li><strong>Maxim\u00e1lis s\u00faly: 40 kg<\/strong><\/li>\n<li><strong>Az enn\u00e9l kisebb \u00e9s k\u00f6nnyebb csomagokat fut\u00e1rszolg\u00e1lattal k\u00e9zbes\u00edtj\u00fck a lehet<\/strong><strong>\u0151<\/strong><strong>\u00a0legbiztons\u00e1gosabb csomagol\u00e1sban.<\/strong><\/li>\n<\/ul>\n<p><strong>\ud83d\udefb Szem\u00e9lyes \u00e1tv\u00e9tel<\/strong><\/p>\n<ul>\n<li><strong>1173 Budapest, Bakancsos utca 7. sz\u00e1m alatt nyitvatart\u00e1si id<\/strong><strong>\u0151<\/strong><strong>ben szem\u00e9lyesen \u00e1tvehet<\/strong><strong>\u0151<\/strong><strong>\u00a0kert\u00e9szeti \u00e1rud\u00e1nkban.<\/strong><\/li>\n<li><strong>K\u00f6lts\u00e9ghat\u00e9kony megold\u00e1s nagyobb, t\u00f6r\u00e9kenyebb vagy t\u00falm\u00e9retes n\u00f6v\u00e9nyek eset\u00e9n.<\/strong><\/li>\n<\/ul>\n<p><strong>\ud83d\udcde Nagy m\u00e9ret<\/strong><strong>\u0171<\/strong><strong>\u00a0vagy s\u00faly\u00fa n\u00f6v\u00e9nyek eset\u00e9n<\/strong><\/p>\n<p><strong>Ha a term\u00e9k:<\/strong><\/p>\n<ul>\n<li><strong>meghaladja a 200 cm hossz\u00fas\u00e1got vagy<\/strong><\/li>\n<li><strong>meghaladja a 40 kg s\u00falyt,<\/strong><\/li>\n<\/ul>\n<p><strong>akkor szem\u00e9lyes \u00e1tv\u00e9tellel vagy egyedi, el<\/strong><strong>\u0151<\/strong><strong>re egyeztetett sz\u00e1ll\u00edt\u00e1si felt\u00e9telek mellett t\u00f6rt\u00e9nik.<br \/>\nK\u00e9rj\u00fck, ilyen esetben rendel\u00e9s el<\/strong><strong>\u0151<\/strong><strong>tt vegye fel vel\u00fcnk a kapcsolatot, hogy a lehet<\/strong><strong>\u0151<\/strong><strong>\u00a0legmegfelel<\/strong><strong>\u0151<\/strong><strong>bb sz\u00e1ll\u00edt\u00e1si megold\u00e1st k\u00edn\u00e1lhassuk.<\/strong><\/p>\n<p><strong>\ud83d\udd14 Fontos: A n\u00f6v\u00e9nyeket minden esetben igyeksz\u00fcnk gondosan, egyes\u00e9vel csomagolni, azonban a sz\u00e1ll\u00edt\u00e1s sor\u00e1n kisebb eszt\u00e9tikai s\u00e9r\u00fcl\u00e9sek el<\/strong><strong>\u0151<\/strong><strong>fordulhatnak (pl. lev\u00e9lhull\u00e1s). Ez nem min<\/strong><strong>\u0151<\/strong><strong>s\u00fcl hib\u00e1s teljes\u00edt\u00e9snek.<\/strong><\/p>\n<p><strong>\ud83d\udcf7 Fontos tudni a k\u00e9pekr<\/strong><strong>\u0151<\/strong><strong>l<\/strong><\/p>\n<p><strong>A webshopban szerepl<\/strong><strong>\u0151<\/strong><strong>\u00a0k\u00e9pek illusztr\u00e1ci\u00f3k, a n\u00f6v\u00e9nyek term\u00e9szet\u00fckn\u00e9l fogva egyediek, \u00edgy m\u00e9retben, alakban \u00e9s sz\u00ednben minim\u00e1lis elt\u00e9r\u00e9sek el<\/strong><strong>\u0151<\/strong><strong>fordulhatnak a k\u00e9pen l\u00e1that\u00f3 \u00e9s a val\u00f3s p\u00e9ld\u00e1nyok k\u00f6z\u00f6tt.<\/strong><\/p>\n<p><strong>\ud83e\uddfe \u00c1rak \u00e9s el\u00e1ll\u00e1si jog<\/strong><\/p>\n<ul>\n<li><strong>Az \u00e1rak egy darab\u00a0n\u00f6v\u00e9nyre vonatkoznak.<\/strong><\/li>\n<li><strong>\u00c9l<\/strong><strong>\u0151<\/strong><strong>\u00a0n\u00f6v\u00e9nyek rendel\u00e9se eset\u00e9n a 14 napos el\u00e1ll\u00e1s joga nem \u00e9rv\u00e9nyes\u00edthet<\/strong><strong>\u0151<\/strong><strong>, mivel azok romland\u00f3, biol\u00f3giailag \u00e9l<\/strong><strong>\u0151<\/strong><strong>\u00a0term\u00e9keknek min<\/strong><strong>\u0151<\/strong><strong>s\u00fclnek.<br \/>\n\ud83d\udd12 (17\/1999. (II. 5.) Korm. rendelet 5. \u00a7 c) pontja alapj\u00e1n)<\/strong><\/li>\n<\/ul>","protected":false},"excerpt":{"rendered":"<p><strong>\ud83d\udd04 K\u00e9szletinform\u00e1ci\u00f3<\/strong><\/p>\n<p><strong>K\u00e9szlet\u00fcnk napi szinten v\u00e1ltozik, \u00edgy a webshopban szerepl<\/strong><strong>\u0151<\/strong><strong>\u00a0term\u00e9kek el\u00e9rhet<\/strong><strong>\u0151<\/strong><strong>s\u00e9ge nem garant\u00e1lt.<br \/>\n\ud83d\udcde A megrendel\u00e9s el<\/strong><strong>\u0151<\/strong><strong>tt k\u00e9rj\u00fck, \u00e9rdekl<\/strong><strong>\u0151<\/strong><strong>dj\u00f6n szem\u00e9lyesen, telefonon vagy e-mailben!<\/strong><\/p>\n<p><strong>\u27a1\ufe0f Kapcsolat:<\/strong><\/p>\n<ul>\n<li><strong>Weboldal:\u00a0<\/strong><a href=\"https:\/\/tajkertesz.com\/\"><strong>tajkertesz.com<\/strong><\/a><\/li>\n<li><strong>Facebook:\u00a0<\/strong><a href=\"https:\/\/www.facebook.com\/tajkertesz\/\"><strong>facebook.com\/tajkertesz<\/strong><\/a><\/li>\n<li><strong>Telefonsz\u00e1m, e-mail: +36\/20-319-3770\u00a0<\/strong><a href=\"mailto:info@tajkertesz.hu\"><strong>info@tajkertesz.hu<\/strong><\/a><\/li>\n<\/ul>","protected":false},"featured_media":25799,"template":"","meta":{"_et_pb_use_builder":"","_et_pb_old_content":"","_et_gb_content_width":""},"product_brand":[],"product_cat":[1539],"product_tag":[1362,7871],"class_list":{"0":"post-25797","1":"product","2":"type-product","3":"status-publish","4":"has-post-thumbnail","6":"product_cat-kellekek","7":"product_tag-homero","8":"product_tag-portahomero","10":"first","11":"instock","12":"shipping-taxable","13":"purchasable","14":"product-type-simple"},"yoast_head":"<!-- This site is optimized with the Yoast SEO plugin v27.5 - https:\/\/yoast.com\/product\/yoast-seo-wordpress\/ -->\n<title>Port\u00e1lh\u0151m\u00e9r\u0151 100. - T\u00e1jkert\u00e9sz<\/title>\n<meta name=\"description\" content=\"Port\u00e1lh\u0151m\u00e9r\u0151 100. A portah\u0151m\u00e9r\u0151 egy hagyom\u00e1nyos, \u00fcveg vagy f\u00e9mh\u00e1zas h\u0151m\u00e9r\u0151, amelyet f\u0151k\u00e9nt k\u00fclt\u00e9ri h\u0151m\u00e9rs\u00e9klet m\u00e9r\u00e9s\u00e9re haszn\u00e1lnak.\" \/>\n<meta name=\"robots\" content=\"index, follow, max-snippet:-1, max-image-preview:large, max-video-preview:-1\" \/>\n<link rel=\"canonical\" href=\"https:\/\/tajkertesz.com\/en_US\/product\/portalhomero-100\/\" \/>\n<meta property=\"og:locale\" content=\"en_US\" \/>\n<meta property=\"og:type\" content=\"article\" \/>\n<meta property=\"og:title\" content=\"Port\u00e1lh\u0151m\u00e9r\u0151 100. - T\u00e1jkert\u00e9sz\" \/>\n<meta property=\"og:description\" content=\"Port\u00e1lh\u0151m\u00e9r\u0151 100. A portah\u0151m\u00e9r\u0151 egy hagyom\u00e1nyos, \u00fcveg vagy f\u00e9mh\u00e1zas h\u0151m\u00e9r\u0151, amelyet f\u0151k\u00e9nt k\u00fclt\u00e9ri h\u0151m\u00e9rs\u00e9klet m\u00e9r\u00e9s\u00e9re haszn\u00e1lnak.\" \/>\n<meta property=\"og:url\" content=\"https:\/\/tajkertesz.com\/en_US\/product\/portalhomero-100\/\" \/>\n<meta property=\"og:site_name\" content=\"T\u00e1jkert\u00e9sz\" \/>\n<meta property=\"article:publisher\" content=\"https:\/\/www.facebook.com\/Tajkertesz\/\" \/>\n<meta property=\"article:modified_time\" content=\"2026-02-24T15:01:42+00:00\" \/>\n<meta property=\"og:image\" content=\"https:\/\/tajkertesz.com\/wp-content\/uploads\/2025\/12\/20251218_100550-1-scaled.jpg\" \/>\n\t<meta property=\"og:image:width\" content=\"674\" \/>\n\t<meta property=\"og:image:height\" content=\"2560\" \/>\n\t<meta property=\"og:image:type\" content=\"image\/jpeg\" \/>\n<meta name=\"twitter:card\" content=\"summary_large_image\" \/>\n<meta name=\"twitter:label1\" content=\"Est. reading time\" \/>\n\t<meta name=\"twitter:data1\" content=\"3 minutes\" \/>\n<script type=\"application\/ld+json\" class=\"yoast-schema-graph\">{\"@context\":\"https:\\\/\\\/schema.org\",\"@graph\":[{\"@type\":\"WebPage\",\"@id\":\"https:\\\/\\\/tajkertesz.com\\\/termek\\\/portalhomero-100\\\/\",\"url\":\"https:\\\/\\\/tajkertesz.com\\\/termek\\\/portalhomero-100\\\/\",\"name\":\"Port\u00e1lh\u0151m\u00e9r\u0151 100. - T\u00e1jkert\u00e9sz\",\"isPartOf\":{\"@id\":\"https:\\\/\\\/tajkertesz.com\\\/#website\"},\"primaryImageOfPage\":{\"@id\":\"https:\\\/\\\/tajkertesz.com\\\/termek\\\/portalhomero-100\\\/#primaryimage\"},\"image\":{\"@id\":\"https:\\\/\\\/tajkertesz.com\\\/termek\\\/portalhomero-100\\\/#primaryimage\"},\"thumbnailUrl\":\"https:\\\/\\\/tajkertesz.com\\\/wp-content\\\/uploads\\\/2025\\\/12\\\/20251218_100550-1-scaled.jpg\",\"datePublished\":\"2025-12-18T09:21:43+00:00\",\"dateModified\":\"2026-02-24T15:01:42+00:00\",\"description\":\"Port\u00e1lh\u0151m\u00e9r\u0151 100. A portah\u0151m\u00e9r\u0151 egy hagyom\u00e1nyos, \u00fcveg vagy f\u00e9mh\u00e1zas h\u0151m\u00e9r\u0151, amelyet f\u0151k\u00e9nt k\u00fclt\u00e9ri h\u0151m\u00e9rs\u00e9klet m\u00e9r\u00e9s\u00e9re haszn\u00e1lnak.\",\"breadcrumb\":{\"@id\":\"https:\\\/\\\/tajkertesz.com\\\/termek\\\/portalhomero-100\\\/#breadcrumb\"},\"inLanguage\":\"en-US\",\"potentialAction\":[{\"@type\":\"ReadAction\",\"target\":[\"https:\\\/\\\/tajkertesz.com\\\/termek\\\/portalhomero-100\\\/\"]}]},{\"@type\":\"ImageObject\",\"inLanguage\":\"en-US\",\"@id\":\"https:\\\/\\\/tajkertesz.com\\\/termek\\\/portalhomero-100\\\/#primaryimage\",\"url\":\"https:\\\/\\\/tajkertesz.com\\\/wp-content\\\/uploads\\\/2025\\\/12\\\/20251218_100550-1-scaled.jpg\",\"contentUrl\":\"https:\\\/\\\/tajkertesz.com\\\/wp-content\\\/uploads\\\/2025\\\/12\\\/20251218_100550-1-scaled.jpg\",\"width\":674,\"height\":2560,\"caption\":\"Port\u00e1lh\u0151m\u00e9r\u0151 100.\"},{\"@type\":\"BreadcrumbList\",\"@id\":\"https:\\\/\\\/tajkertesz.com\\\/termek\\\/portalhomero-100\\\/#breadcrumb\",\"itemListElement\":[{\"@type\":\"ListItem\",\"position\":1,\"name\":\"Home\",\"item\":\"https:\\\/\\\/tajkertesz.com\\\/\"},{\"@type\":\"ListItem\",\"position\":2,\"name\":\"Kezd\u0151lap\",\"item\":\"https:\\\/\\\/tajkertesz.com\\\/\"},{\"@type\":\"ListItem\",\"position\":3,\"name\":\"Port\u00e1lh\u0151m\u00e9r\u0151 100.\"}]},{\"@type\":\"WebSite\",\"@id\":\"https:\\\/\\\/tajkertesz.com\\\/#website\",\"url\":\"https:\\\/\\\/tajkertesz.com\\\/\",\"name\":\"T\u00e1j-Kert\u00e9sz 84 Kft.\",\"description\":\"Kert\u00e9szeti kis- \u00e9s nagykeresked\u00e9s, D\u00edszn\u00f6v\u00e9ny web\u00e1ruh\u00e1z orsz\u00e1gos h\u00e1zhozsz\u00e1ll\u00edt\u00e1ssal!\",\"publisher\":{\"@id\":\"https:\\\/\\\/tajkertesz.com\\\/#organization\"},\"potentialAction\":[{\"@type\":\"SearchAction\",\"target\":{\"@type\":\"EntryPoint\",\"urlTemplate\":\"https:\\\/\\\/tajkertesz.com\\\/?s={search_term_string}\"},\"query-input\":{\"@type\":\"PropertyValueSpecification\",\"valueRequired\":true,\"valueName\":\"search_term_string\"}}],\"inLanguage\":\"en-US\"},{\"@type\":\"Organization\",\"@id\":\"https:\\\/\\\/tajkertesz.com\\\/#organization\",\"name\":\"T\u00e1j-Kert\u00e9sz 84 Kft.\",\"url\":\"https:\\\/\\\/tajkertesz.com\\\/\",\"logo\":{\"@type\":\"ImageObject\",\"inLanguage\":\"en-US\",\"@id\":\"https:\\\/\\\/tajkertesz.com\\\/#\\\/schema\\\/logo\\\/image\\\/\",\"url\":\"https:\\\/\\\/tajkertesz.com\\\/wp-content\\\/uploads\\\/2018\\\/02\\\/logo-2-e1518678052539.png\",\"contentUrl\":\"https:\\\/\\\/tajkertesz.com\\\/wp-content\\\/uploads\\\/2018\\\/02\\\/logo-2-e1518678052539.png\",\"width\":81,\"height\":140,\"caption\":\"T\u00e1j-Kert\u00e9sz 84 Kft.\"},\"image\":{\"@id\":\"https:\\\/\\\/tajkertesz.com\\\/#\\\/schema\\\/logo\\\/image\\\/\"},\"sameAs\":[\"https:\\\/\\\/www.facebook.com\\\/Tajkertesz\\\/\"]}]}<\/script>\n<!-- \/ Yoast SEO plugin. -->","yoast_head_json":{"title":"Port\u00e1lh\u0151m\u00e9r\u0151 100. - T\u00e1jkert\u00e9sz","description":"Port\u00e1lh\u0151m\u00e9r\u0151 100. A portah\u0151m\u00e9r\u0151 egy hagyom\u00e1nyos, \u00fcveg vagy f\u00e9mh\u00e1zas h\u0151m\u00e9r\u0151, amelyet f\u0151k\u00e9nt k\u00fclt\u00e9ri h\u0151m\u00e9rs\u00e9klet m\u00e9r\u00e9s\u00e9re haszn\u00e1lnak.","robots":{"index":"index","follow":"follow","max-snippet":"max-snippet:-1","max-image-preview":"max-image-preview:large","max-video-preview":"max-video-preview:-1"},"canonical":"https:\/\/tajkertesz.com\/en_US\/product\/portalhomero-100\/","og_locale":"en_US","og_type":"article","og_title":"Port\u00e1lh\u0151m\u00e9r\u0151 100. - T\u00e1jkert\u00e9sz","og_description":"Port\u00e1lh\u0151m\u00e9r\u0151 100. A portah\u0151m\u00e9r\u0151 egy hagyom\u00e1nyos, \u00fcveg vagy f\u00e9mh\u00e1zas h\u0151m\u00e9r\u0151, amelyet f\u0151k\u00e9nt k\u00fclt\u00e9ri h\u0151m\u00e9rs\u00e9klet m\u00e9r\u00e9s\u00e9re haszn\u00e1lnak.","og_url":"https:\/\/tajkertesz.com\/en_US\/product\/portalhomero-100\/","og_site_name":"T\u00e1jkert\u00e9sz","article_publisher":"https:\/\/www.facebook.com\/Tajkertesz\/","article_modified_time":"2026-02-24T15:01:42+00:00","og_image":[{"width":674,"height":2560,"url":"https:\/\/tajkertesz.com\/wp-content\/uploads\/2025\/12\/20251218_100550-1-scaled.jpg","type":"image\/jpeg"}],"twitter_card":"summary_large_image","twitter_misc":{"Est. reading time":"3 minutes"},"schema":{"@context":"https:\/\/schema.org","@graph":[{"@type":"WebPage","@id":"https:\/\/tajkertesz.com\/termek\/portalhomero-100\/","url":"https:\/\/tajkertesz.com\/termek\/portalhomero-100\/","name":"Port\u00e1lh\u0151m\u00e9r\u0151 100. - T\u00e1jkert\u00e9sz","isPartOf":{"@id":"https:\/\/tajkertesz.com\/#website"},"primaryImageOfPage":{"@id":"https:\/\/tajkertesz.com\/termek\/portalhomero-100\/#primaryimage"},"image":{"@id":"https:\/\/tajkertesz.com\/termek\/portalhomero-100\/#primaryimage"},"thumbnailUrl":"https:\/\/tajkertesz.com\/wp-content\/uploads\/2025\/12\/20251218_100550-1-scaled.jpg","datePublished":"2025-12-18T09:21:43+00:00","dateModified":"2026-02-24T15:01:42+00:00","description":"Port\u00e1lh\u0151m\u00e9r\u0151 100. A portah\u0151m\u00e9r\u0151 egy hagyom\u00e1nyos, \u00fcveg vagy f\u00e9mh\u00e1zas h\u0151m\u00e9r\u0151, amelyet f\u0151k\u00e9nt k\u00fclt\u00e9ri h\u0151m\u00e9rs\u00e9klet m\u00e9r\u00e9s\u00e9re haszn\u00e1lnak.","breadcrumb":{"@id":"https:\/\/tajkertesz.com\/termek\/portalhomero-100\/#breadcrumb"},"inLanguage":"en-US","potentialAction":[{"@type":"ReadAction","target":["https:\/\/tajkertesz.com\/termek\/portalhomero-100\/"]}]},{"@type":"ImageObject","inLanguage":"en-US","@id":"https:\/\/tajkertesz.com\/termek\/portalhomero-100\/#primaryimage","url":"https:\/\/tajkertesz.com\/wp-content\/uploads\/2025\/12\/20251218_100550-1-scaled.jpg","contentUrl":"https:\/\/tajkertesz.com\/wp-content\/uploads\/2025\/12\/20251218_100550-1-scaled.jpg","width":674,"height":2560,"caption":"Port\u00e1lh\u0151m\u00e9r\u0151 100."},{"@type":"BreadcrumbList","@id":"https:\/\/tajkertesz.com\/termek\/portalhomero-100\/#breadcrumb","itemListElement":[{"@type":"ListItem","position":1,"name":"Home","item":"https:\/\/tajkertesz.com\/"},{"@type":"ListItem","position":2,"name":"Kezd\u0151lap","item":"https:\/\/tajkertesz.com\/"},{"@type":"ListItem","position":3,"name":"Port\u00e1lh\u0151m\u00e9r\u0151 100."}]},{"@type":"WebSite","@id":"https:\/\/tajkertesz.com\/#website","url":"https:\/\/tajkertesz.com\/","name":"T\u00e1j-Kert\u00e9sz 84 Kft.","description":"Kert\u00e9szeti kis- \u00e9s nagykeresked\u00e9s, D\u00edszn\u00f6v\u00e9ny web\u00e1ruh\u00e1z orsz\u00e1gos h\u00e1zhozsz\u00e1ll\u00edt\u00e1ssal!","publisher":{"@id":"https:\/\/tajkertesz.com\/#organization"},"potentialAction":[{"@type":"SearchAction","target":{"@type":"EntryPoint","urlTemplate":"https:\/\/tajkertesz.com\/?s={search_term_string}"},"query-input":{"@type":"PropertyValueSpecification","valueRequired":true,"valueName":"search_term_string"}}],"inLanguage":"en-US"},{"@type":"Organization","@id":"https:\/\/tajkertesz.com\/#organization","name":"T\u00e1j-Kert\u00e9sz 84 Kft.","url":"https:\/\/tajkertesz.com\/","logo":{"@type":"ImageObject","inLanguage":"en-US","@id":"https:\/\/tajkertesz.com\/#\/schema\/logo\/image\/","url":"https:\/\/tajkertesz.com\/wp-content\/uploads\/2018\/02\/logo-2-e1518678052539.png","contentUrl":"https:\/\/tajkertesz.com\/wp-content\/uploads\/2018\/02\/logo-2-e1518678052539.png","width":81,"height":140,"caption":"T\u00e1j-Kert\u00e9sz 84 Kft."},"image":{"@id":"https:\/\/tajkertesz.com\/#\/schema\/logo\/image\/"},"sameAs":["https:\/\/www.facebook.com\/Tajkertesz\/"]}]}},"_links":{"self":[{"href":"https:\/\/tajkertesz.com\/en_US\/wp-json\/wp\/v2\/product\/25797","targetHints":{"allow":["GET"]}}],"collection":[{"href":"https:\/\/tajkertesz.com\/en_US\/wp-json\/wp\/v2\/product"}],"about":[{"href":"https:\/\/tajkertesz.com\/en_US\/wp-json\/wp\/v2\/types\/product"}],"wp:featuredmedia":[{"embeddable":true,"href":"https:\/\/tajkertesz.com\/en_US\/wp-json\/wp\/v2\/media\/25799"}],"wp:attachment":[{"href":"https:\/\/tajkertesz.com\/en_US\/wp-json\/wp\/v2\/media?parent=25797"}],"wp:term":[{"taxonomy":"product_brand","embeddable":true,"href":"https:\/\/tajkertesz.com\/en_US\/wp-json\/wp\/v2\/product_brand?post=25797"},{"taxonomy":"product_cat","embeddable":true,"href":"https:\/\/tajkertesz.com\/en_US\/wp-json\/wp\/v2\/product_cat?post=25797"},{"taxonomy":"product_tag","embeddable":true,"href":"https:\/\/tajkertesz.com\/en_US\/wp-json\/wp\/v2\/product_tag?post=25797"}],"curies":[{"name":"wp","href":"https:\/\/api.w.org\/{rel}","templated":true}]}}