{"id":25823,"date":"2025-12-23T08:43:07","date_gmt":"2025-12-23T08:43:07","guid":{"rendered":"https:\/\/tajkertesz.com\/?post_type=product&#038;p=25823"},"modified":"2025-12-23T08:43:29","modified_gmt":"2025-12-23T08:43:29","slug":"ubbink-elimax-1000","status":"publish","type":"product","link":"https:\/\/tajkertesz.com\/en_US\/product\/ubbink-elimax-1000\/","title":{"rendered":"Ubbink Elimax 1000"},"content":{"rendered":"<h1>Ubbink Elimax 1000<\/h1>\n<p>Ubbink Elimax 1000:<\/p>\n<p>&nbsp;<\/p>\n<table class=\"lentinfo\">\n<tbody>\n<tr>\n<td>Az ELIMAX szivatty\u00fa k\u00fcl\u00f6nleges tulajdons\u00e1gai:<\/p>\n<ul>\n<li>Flexibilis \u00e1raml\u00e1si rendszer (FFS), a nagyobb kimen\u0151 teljes\u00edtm\u00e9ny\u00e9rt.<\/li>\n<li>Epoxigyant\u00e1s ki\u00f6nt\u00e9ssel v\u00e9dett rendszer (EPS), a megfelel\u0151 biztons\u00e1g\u00e9rt.<\/li>\n<li>&#8222;Nincs sz\u00fcks\u00e9g szivacsra&#8221; rendszer (NSS), az alacsony karbantart\u00e1si ig\u00e9ny \u00e9rdek\u00e9ben.<\/li>\n<li>Ker\u00e1mia tengely csap\u00e1gy (CSB), a megn\u00f6velt, leadott teljes\u00edtm\u00e9ny biztos\u00edt\u00e1s\u00e1\u00e9rt.<\/li>\n<li>H\u0151v\u00e9delmi rendszerrel ell\u00e1tott (TPS), a t\u00falmeleged\u00e9s ellen.<\/li>\n<li>Speci\u00e1lis m\u00e1gnes rendszerrel (SMS) rendelkezik, ez az igen er\u0151s motor ritka f\u00e9mb\u0151l k\u00e9sz\u00fclt.<\/li>\n<li>A szivatty\u00fakat &#8222;szinkron technol\u00f3gia&#8221; felhaszn\u00e1l\u00e1s\u00e1val fejlesztett\u00e9k ki, ahol az elektromos r\u00e9sz teljes m\u00e9rt\u00e9kben \u00e9s biztons\u00e1gosan epoxigyant\u00e1val van ki\u00f6ntve.<\/li>\n<li>Az \u00e1ll\u00edthat\u00f3 l\u00e1bbal a szivatty\u00fat szil\u00e1rdan \u00e9s biztons\u00e1gosan \u00e1ll\u00edthatjuk fel.<\/li>\n<li><strong>A szivatty\u00fahoz tartoz\u00f3 csatlakoz\u00f3 darab ig\u00e9nybe v\u00e9tel\u00e9vel p\u00e9ld\u00e1ul m\u0171k\u00f6dtethetj\u00fck egyidej\u0171leg sz\u00f6k\u0151k\u00fatk\u00e9nt \u00e9s haszn\u00e1lhatjuk sz\u0171r\u00e9sre is.<\/strong><\/li>\n<li>Haszn\u00e1lhat\u00f3ak v\u00edzen k\u00edv\u00fcl a v\u00edzszintn\u00e9l alacsonyabban \u00e9s s\u00f3s v\u00edzben is.<\/li>\n<\/ul>\n<\/td>\n<\/tr>\n<\/tbody>\n<\/table>\n<ul>\n<li>\n<h4><strong>\ud83d\udd04 K\u00e9szletinform\u00e1ci\u00f3<\/strong><\/h4>\n<p><strong>K\u00e9szlet\u00fcnk napi szinten v\u00e1ltozik, \u00edgy a webshopban szerepl<\/strong><strong>\u0151<\/strong><strong>\u00a0term\u00e9kek el\u00e9rhet<\/strong><strong>\u0151<\/strong><strong>s\u00e9ge nem garant\u00e1lt.<br \/>\n\ud83d\udcde A megrendel\u00e9s el<\/strong><strong>\u0151<\/strong><strong>tt k\u00e9rj\u00fck, \u00e9rdekl<\/strong><strong>\u0151<\/strong><strong>dj\u00f6n szem\u00e9lyesen, telefonon vagy e-mailben!<\/strong><\/p>\n<h4><strong>\u27a1\ufe0f Kapcsolat:<\/strong><\/h4>\n<ul>\n<li><strong>Weboldal:\u00a0<\/strong><a href=\"https:\/\/tajkertesz.com\/\"><strong>tajkertesz.com<\/strong><\/a><\/li>\n<li><strong>Facebook:\u00a0<\/strong><a href=\"https:\/\/www.facebook.com\/tajkertesz\/\"><strong>facebook.com\/tajkertesz<\/strong><\/a><\/li>\n<li><strong>Telefonsz\u00e1m, e-mail: +36\/20-319-3770\u00a0<\/strong><a href=\"mailto:tajkerteszaruda@gmail.com\"><strong>tajkerteszaruda@gmail.com<\/strong><\/a><\/li>\n<\/ul>\n<h4><strong>\ud83d\ude9a Sz\u00e1ll\u00edt\u00e1si inform\u00e1ci\u00f3k<\/strong><\/h4>\n<p><strong>A megrendelt n\u00f6v\u00e9nyek kisz\u00e1ll\u00edt\u00e1sa az al\u00e1bbi felt\u00e9telek mellett t\u00f6rt\u00e9nik:<\/strong><\/p>\n<h4><strong>\ud83d\udce6 Fut\u00e1rszolg\u00e1latos sz\u00e1ll\u00edt\u00e1s<\/strong><\/h4>\n<ul>\n<li><strong>Maxim\u00e1lis m\u00e9ret: 200 cm (hossz\u00fas\u00e1g)<\/strong><\/li>\n<li><strong>Maxim\u00e1lis s\u00faly: 40 kg<\/strong><\/li>\n<li><strong>Az enn\u00e9l kisebb \u00e9s k\u00f6nnyebb csomagokat fut\u00e1rszolg\u00e1lattal k\u00e9zbes\u00edtj\u00fck a lehet<\/strong><strong>\u0151<\/strong><strong>\u00a0legbiztons\u00e1gosabb csomagol\u00e1sban.<\/strong><\/li>\n<\/ul>\n<h4><strong>\ud83d\udefb Szem\u00e9lyes \u00e1tv\u00e9tel<\/strong><\/h4>\n<ul>\n<li><strong>1173 Budapest, Bakancsos utca 7. sz\u00e1m alatt nyitvatart\u00e1si id<\/strong><strong>\u0151<\/strong><strong>ben szem\u00e9lyesen \u00e1tvehet<\/strong><strong>\u0151<\/strong><strong>\u00a0kert\u00e9szeti \u00e1rud\u00e1nkban.<\/strong><\/li>\n<li><strong>K\u00f6lts\u00e9ghat\u00e9kony megold\u00e1s nagyobb, t\u00f6r\u00e9kenyebb vagy t\u00falm\u00e9retes n\u00f6v\u00e9nyek eset\u00e9n.<\/strong><\/li>\n<\/ul>\n<h4><strong>\ud83d\udcde Nagy m\u00e9ret<\/strong><strong>\u0171<\/strong><strong>\u00a0vagy s\u00faly\u00fa n\u00f6v\u00e9nyek eset\u00e9n<\/strong><\/h4>\n<p><strong>Ha a term\u00e9k:<\/strong><\/p>\n<ul>\n<li><strong>meghaladja a 200 cm hossz\u00fas\u00e1got vagy<\/strong><\/li>\n<li><strong>meghaladja a 40 kg s\u00falyt,<\/strong><\/li>\n<\/ul>\n<p><strong>akkor szem\u00e9lyes \u00e1tv\u00e9tellel vagy egyedi, el<\/strong><strong>\u0151<\/strong><strong>re egyeztetett sz\u00e1ll\u00edt\u00e1si felt\u00e9telek mellett t\u00f6rt\u00e9nik.<br \/>\nK\u00e9rj\u00fck, ilyen esetben rendel\u00e9s el<\/strong><strong>\u0151<\/strong><strong>tt vegye fel vel\u00fcnk a kapcsolatot, hogy a lehet<\/strong><strong>\u0151<\/strong><strong>\u00a0legmegfelel<\/strong><strong>\u0151<\/strong><strong>bb sz\u00e1ll\u00edt\u00e1si megold\u00e1st k\u00edn\u00e1lhassuk.<\/strong><\/p>\n<p><strong>\ud83d\udd14 Fontos: A n\u00f6v\u00e9nyeket minden esetben igyeksz\u00fcnk gondosan, egyes\u00e9vel csomagolni, azonban a sz\u00e1ll\u00edt\u00e1s sor\u00e1n kisebb eszt\u00e9tikai s\u00e9r\u00fcl\u00e9sek el<\/strong><strong>\u0151<\/strong><strong>fordulhatnak (pl. lev\u00e9lhull\u00e1s). Ez nem min<\/strong><strong>\u0151<\/strong><strong>s\u00fcl hib\u00e1s teljes\u00edt\u00e9snek.<\/strong><\/p>\n<h4><strong>\ud83d\udcf7 Fontos tudni a k\u00e9pekr<\/strong><strong>\u0151<\/strong><strong>l<\/strong><\/h4>\n<p><strong>A webshopban szerepl<\/strong><strong>\u0151<\/strong><strong>\u00a0k\u00e9pek illusztr\u00e1ci\u00f3k, a n\u00f6v\u00e9nyek term\u00e9szet\u00fckn\u00e9l fogva egyediek, \u00edgy m\u00e9retben, alakban \u00e9s sz\u00ednben minim\u00e1lis elt\u00e9r\u00e9sek el<\/strong><strong>\u0151<\/strong><strong>fordulhatnak a k\u00e9pen l\u00e1that\u00f3 \u00e9s a val\u00f3s p\u00e9ld\u00e1nyok k\u00f6z\u00f6tt.<\/strong><\/p>\n<h4><strong>\ud83e\uddfe \u00c1rak \u00e9s el\u00e1ll\u00e1si jog<\/strong><\/h4>\n<ul>\n<li><strong>Az \u00e1rak egy darab\u00a0n\u00f6v\u00e9nyre vonatkoznak.<\/strong><\/li>\n<li><strong>\u00c9l<\/strong><strong>\u0151<\/strong><strong>\u00a0n\u00f6v\u00e9nyek rendel\u00e9se eset\u00e9n a 14 napos el\u00e1ll\u00e1s joga nem \u00e9rv\u00e9nyes\u00edthet<\/strong><strong>\u0151<\/strong><strong>, mivel azok romland\u00f3, biol\u00f3giailag \u00e9l<\/strong><strong>\u0151<\/strong><strong>\u00a0term\u00e9keknek min<\/strong><strong>\u0151<\/strong><strong>s\u00fclnek.<br \/>\n\ud83d\udd12 (17\/1999. (II. 5.) Korm. rendelet 5. \u00a7 c) pontja alapj\u00e1n)<\/strong><\/li>\n<\/ul>\n<h4><strong>\ud83d\udce6 K\u00e9zbes\u00edt\u00e9s ut\u00e1ni teend<\/strong><strong>\u0151<\/strong><strong>k<\/strong><\/h4>\n<p><strong>A k\u00e9zbes\u00edt\u00e9st k\u00f6vet<\/strong><strong>\u0151<\/strong><strong>en a csomagot azonnal bontsuk ki, \u00e9s a n\u00f6v\u00e9nyt helyezz\u00fck el megfelel<\/strong><strong>\u0151<\/strong><strong>\u00a0k\u00f6rnyezetben.<br \/>\nFontos: ha a n\u00f6v\u00e9ny nem r\u00e9szes\u00fcl megfelel<\/strong><strong>\u0151<\/strong><strong>\u00a0gondoz\u00e1sban \u00e9s ennek k\u00f6vetkezt\u00e9ben k\u00e1rosodik vagy elpusztul, felel<\/strong><strong>\u0151<\/strong><strong>ss\u00e9get nem tudunk v\u00e1llalni.<\/strong><\/li>\n<\/ul>","protected":false},"excerpt":{"rendered":"<table class=\"lentinfo\">\n<tbody>\n<tr>\n<td><strong>Tartoz\u00e9kok:<\/strong><\/p>\n<ul>\n<li>2 db Sz\u00f3r\u00f3fej (Vulk\u00e1n + L\u00e1va)<\/li>\n<li>teleszk\u00f3posan kih\u00fazhat\u00f3 cs\u0151 (1\/2&#8243;)<\/li>\n<li>elz\u00e1r\u00f3 szelep \u00e9s csatlakoz\u00f3 (1\/2&#8243;)<\/li>\n<li>3 db t\u00f6ml\u0151 csatlakoz\u00f3 (9 mm, 1\/2&#8243;, 3\/4&#8243;)<\/li>\n<\/ul>\n<ul>\n<li>Az\u00a0<strong>ELIMAX<\/strong>\u00a0kerti tavi szivatty\u00fak kiv\u00e1l\u00f3 min\u0151s\u00e9g\u0171 term\u00e9kek, amelyeket a szivatty\u00fatechnol\u00f3gia-fejleszt\u00e9s legutols\u00f3 \u00e1ll\u00e1s\u00e1nak megfelel\u0151en lettek kialak\u00edtva.<\/li>\n<li>Az ELIMAX szivatty\u00fak alkalmasak sz\u00f6k\u0151k\u00fat m\u0171k\u00f6det\u00e9s\u00e9hez, sz\u0171r\u0151 ell\u00e1t\u00e1s\u00e1hoz, patak \u00e9s csobog\u00f3 t\u00e1pl\u00e1l\u00e1s\u00e1ra.<\/li>\n<li>A szivatty\u00fakat &#8222;szinkron technol\u00f3gia&#8221; felhaszn\u00e1l\u00e1s\u00e1val fejlesztett\u00e9k ki, ahol az elektromos r\u00e9sz teljes m\u00e9rt\u00e9kben \u00e9s biztons\u00e1gosan epoxigyant\u00e1val van ki\u00f6ntve.<\/li>\n<li>A szivatty\u00fa j\u00f3 hat\u00e1sfok\u00fa, igen er\u0151s \u00e9s kimagasl\u00f3an megb\u00edzhat\u00f3 motorja van.<\/li>\n<li>A szivatty\u00fahoz tartoz\u00f3 csatlakoz\u00f3 darab ig\u00e9nybe v\u00e9tel\u00e9vel p\u00e9ld\u00e1ul m\u0171k\u00f6dtethetj\u00fck egyidej\u0171leg sz\u00f6k\u0151k\u00fatk\u00e9nt \u00e9s haszn\u00e1lhatjuk sz\u0171r\u00e9sre is.<\/li>\n<li>A mell\u00e9kelt szor\u00edt\u00f3 csatlakoz\u00f3val felszerelhetj\u00fck a sz\u00f3r\u00f3fejjel ell\u00e1tott kih\u00fazhat\u00f3 cs\u00f6vet pontosan f\u00fcgg\u0151leges \u00e1ll\u00e1sba.<\/li>\n<li>Az \u00e1ll\u00edthat\u00f3 l\u00e1bbal a szivatty\u00fat szil\u00e1rdan \u00e9s biztons\u00e1gosan \u00e1ll\u00edthatjuk fel.<\/li>\n<li><strong>Vigy\u00e1zzunk, hogy a szivatty\u00fat ne hagyjuk &#8222;sz\u00e1razon futni&#8221;!<\/strong><\/li>\n<\/ul>\n<\/td>\n<\/tr>\n<\/tbody>\n<\/table>","protected":false},"featured_media":25824,"template":"","meta":{"_et_pb_use_builder":"","_et_pb_old_content":"","_et_gb_content_width":""},"product_brand":[7797],"product_cat":[4341,4328],"product_tag":[7802,7881,7814,7799],"class_list":{"0":"post-25823","1":"product","2":"type-product","3":"status-publish","4":"has-post-thumbnail","6":"product_brand-ubbink","7":"product_cat-szivattyuk","8":"product_cat-totechnika","9":"product_tag-szivattyu","10":"product_tag-tavi-noveny","11":"product_tag-tavi-szivattyu","12":"product_tag-totechnika","14":"first","15":"instock","16":"shipping-taxable","17":"purchasable","18":"product-type-simple"},"yoast_head":"<!-- This site is optimized with the Yoast SEO plugin v27.4 - https:\/\/yoast.com\/product\/yoast-seo-wordpress\/ -->\n<title>Ubbink Elimax 1000 - T\u00e1jkert\u00e9sz<\/title>\n<meta name=\"description\" content=\"Ubbink Elimax 1000.......................................................................................................\" \/>\n<meta name=\"robots\" content=\"index, follow, max-snippet:-1, max-image-preview:large, max-video-preview:-1\" \/>\n<link rel=\"canonical\" href=\"https:\/\/tajkertesz.com\/en_US\/product\/ubbink-elimax-1000\/\" \/>\n<meta property=\"og:locale\" content=\"en_US\" \/>\n<meta property=\"og:type\" content=\"article\" \/>\n<meta property=\"og:title\" content=\"Ubbink Elimax 1000 - T\u00e1jkert\u00e9sz\" \/>\n<meta property=\"og:description\" content=\"Ubbink Elimax 1000.......................................................................................................\" \/>\n<meta property=\"og:url\" content=\"https:\/\/tajkertesz.com\/en_US\/product\/ubbink-elimax-1000\/\" \/>\n<meta property=\"og:site_name\" content=\"T\u00e1jkert\u00e9sz\" \/>\n<meta property=\"article:publisher\" content=\"https:\/\/www.facebook.com\/Tajkertesz\/\" \/>\n<meta property=\"article:modified_time\" content=\"2025-12-23T08:43:29+00:00\" \/>\n<meta name=\"twitter:card\" content=\"summary_large_image\" \/>\n<meta name=\"twitter:label1\" content=\"Est. reading time\" \/>\n\t<meta name=\"twitter:data1\" content=\"3 minutes\" \/>\n<script type=\"application\/ld+json\" class=\"yoast-schema-graph\">{\"@context\":\"https:\\\/\\\/schema.org\",\"@graph\":[{\"@type\":\"WebPage\",\"@id\":\"https:\\\/\\\/tajkertesz.com\\\/termek\\\/ubbink-elimax-1000\\\/\",\"url\":\"https:\\\/\\\/tajkertesz.com\\\/termek\\\/ubbink-elimax-1000\\\/\",\"name\":\"Ubbink Elimax 1000 - T\u00e1jkert\u00e9sz\",\"isPartOf\":{\"@id\":\"https:\\\/\\\/tajkertesz.com\\\/#website\"},\"primaryImageOfPage\":{\"@id\":\"https:\\\/\\\/tajkertesz.com\\\/termek\\\/ubbink-elimax-1000\\\/#primaryimage\"},\"image\":{\"@id\":\"https:\\\/\\\/tajkertesz.com\\\/termek\\\/ubbink-elimax-1000\\\/#primaryimage\"},\"thumbnailUrl\":\"https:\\\/\\\/tajkertesz.com\\\/wp-content\\\/uploads\\\/2025\\\/12\\\/00640122.8711465513012.22905.40067567.avif\",\"datePublished\":\"2025-12-23T08:43:07+00:00\",\"dateModified\":\"2025-12-23T08:43:29+00:00\",\"description\":\"Ubbink Elimax 1000.......................................................................................................\",\"breadcrumb\":{\"@id\":\"https:\\\/\\\/tajkertesz.com\\\/termek\\\/ubbink-elimax-1000\\\/#breadcrumb\"},\"inLanguage\":\"en-US\",\"potentialAction\":[{\"@type\":\"ReadAction\",\"target\":[\"https:\\\/\\\/tajkertesz.com\\\/termek\\\/ubbink-elimax-1000\\\/\"]}]},{\"@type\":\"ImageObject\",\"inLanguage\":\"en-US\",\"@id\":\"https:\\\/\\\/tajkertesz.com\\\/termek\\\/ubbink-elimax-1000\\\/#primaryimage\",\"url\":\"https:\\\/\\\/tajkertesz.com\\\/wp-content\\\/uploads\\\/2025\\\/12\\\/00640122.8711465513012.22905.40067567.avif\",\"contentUrl\":\"https:\\\/\\\/tajkertesz.com\\\/wp-content\\\/uploads\\\/2025\\\/12\\\/00640122.8711465513012.22905.40067567.avif\",\"width\":554,\"height\":554},{\"@type\":\"BreadcrumbList\",\"@id\":\"https:\\\/\\\/tajkertesz.com\\\/termek\\\/ubbink-elimax-1000\\\/#breadcrumb\",\"itemListElement\":[{\"@type\":\"ListItem\",\"position\":1,\"name\":\"Home\",\"item\":\"https:\\\/\\\/tajkertesz.com\\\/\"},{\"@type\":\"ListItem\",\"position\":2,\"name\":\"Kezd\u0151lap\",\"item\":\"https:\\\/\\\/tajkertesz.com\\\/\"},{\"@type\":\"ListItem\",\"position\":3,\"name\":\"Ubbink Elimax 1000\"}]},{\"@type\":\"WebSite\",\"@id\":\"https:\\\/\\\/tajkertesz.com\\\/#website\",\"url\":\"https:\\\/\\\/tajkertesz.com\\\/\",\"name\":\"T\u00e1j-Kert\u00e9sz 84 Kft.\",\"description\":\"Kert\u00e9szeti kis- \u00e9s nagykeresked\u00e9s, D\u00edszn\u00f6v\u00e9ny web\u00e1ruh\u00e1z orsz\u00e1gos h\u00e1zhozsz\u00e1ll\u00edt\u00e1ssal!\",\"publisher\":{\"@id\":\"https:\\\/\\\/tajkertesz.com\\\/#organization\"},\"potentialAction\":[{\"@type\":\"SearchAction\",\"target\":{\"@type\":\"EntryPoint\",\"urlTemplate\":\"https:\\\/\\\/tajkertesz.com\\\/?s={search_term_string}\"},\"query-input\":{\"@type\":\"PropertyValueSpecification\",\"valueRequired\":true,\"valueName\":\"search_term_string\"}}],\"inLanguage\":\"en-US\"},{\"@type\":\"Organization\",\"@id\":\"https:\\\/\\\/tajkertesz.com\\\/#organization\",\"name\":\"T\u00e1j-Kert\u00e9sz 84 Kft.\",\"url\":\"https:\\\/\\\/tajkertesz.com\\\/\",\"logo\":{\"@type\":\"ImageObject\",\"inLanguage\":\"en-US\",\"@id\":\"https:\\\/\\\/tajkertesz.com\\\/#\\\/schema\\\/logo\\\/image\\\/\",\"url\":\"https:\\\/\\\/tajkertesz.com\\\/wp-content\\\/uploads\\\/2018\\\/02\\\/logo-2-e1518678052539.png\",\"contentUrl\":\"https:\\\/\\\/tajkertesz.com\\\/wp-content\\\/uploads\\\/2018\\\/02\\\/logo-2-e1518678052539.png\",\"width\":81,\"height\":140,\"caption\":\"T\u00e1j-Kert\u00e9sz 84 Kft.\"},\"image\":{\"@id\":\"https:\\\/\\\/tajkertesz.com\\\/#\\\/schema\\\/logo\\\/image\\\/\"},\"sameAs\":[\"https:\\\/\\\/www.facebook.com\\\/Tajkertesz\\\/\"]}]}<\/script>\n<!-- \/ Yoast SEO plugin. -->","yoast_head_json":{"title":"Ubbink Elimax 1000 - T\u00e1jkert\u00e9sz","description":"Ubbink Elimax 1000.......................................................................................................","robots":{"index":"index","follow":"follow","max-snippet":"max-snippet:-1","max-image-preview":"max-image-preview:large","max-video-preview":"max-video-preview:-1"},"canonical":"https:\/\/tajkertesz.com\/en_US\/product\/ubbink-elimax-1000\/","og_locale":"en_US","og_type":"article","og_title":"Ubbink Elimax 1000 - T\u00e1jkert\u00e9sz","og_description":"Ubbink Elimax 1000.......................................................................................................","og_url":"https:\/\/tajkertesz.com\/en_US\/product\/ubbink-elimax-1000\/","og_site_name":"T\u00e1jkert\u00e9sz","article_publisher":"https:\/\/www.facebook.com\/Tajkertesz\/","article_modified_time":"2025-12-23T08:43:29+00:00","twitter_card":"summary_large_image","twitter_misc":{"Est. reading time":"3 minutes"},"schema":{"@context":"https:\/\/schema.org","@graph":[{"@type":"WebPage","@id":"https:\/\/tajkertesz.com\/termek\/ubbink-elimax-1000\/","url":"https:\/\/tajkertesz.com\/termek\/ubbink-elimax-1000\/","name":"Ubbink Elimax 1000 - T\u00e1jkert\u00e9sz","isPartOf":{"@id":"https:\/\/tajkertesz.com\/#website"},"primaryImageOfPage":{"@id":"https:\/\/tajkertesz.com\/termek\/ubbink-elimax-1000\/#primaryimage"},"image":{"@id":"https:\/\/tajkertesz.com\/termek\/ubbink-elimax-1000\/#primaryimage"},"thumbnailUrl":"https:\/\/tajkertesz.com\/wp-content\/uploads\/2025\/12\/00640122.8711465513012.22905.40067567.avif","datePublished":"2025-12-23T08:43:07+00:00","dateModified":"2025-12-23T08:43:29+00:00","description":"Ubbink Elimax 1000.......................................................................................................","breadcrumb":{"@id":"https:\/\/tajkertesz.com\/termek\/ubbink-elimax-1000\/#breadcrumb"},"inLanguage":"en-US","potentialAction":[{"@type":"ReadAction","target":["https:\/\/tajkertesz.com\/termek\/ubbink-elimax-1000\/"]}]},{"@type":"ImageObject","inLanguage":"en-US","@id":"https:\/\/tajkertesz.com\/termek\/ubbink-elimax-1000\/#primaryimage","url":"https:\/\/tajkertesz.com\/wp-content\/uploads\/2025\/12\/00640122.8711465513012.22905.40067567.avif","contentUrl":"https:\/\/tajkertesz.com\/wp-content\/uploads\/2025\/12\/00640122.8711465513012.22905.40067567.avif","width":554,"height":554},{"@type":"BreadcrumbList","@id":"https:\/\/tajkertesz.com\/termek\/ubbink-elimax-1000\/#breadcrumb","itemListElement":[{"@type":"ListItem","position":1,"name":"Home","item":"https:\/\/tajkertesz.com\/"},{"@type":"ListItem","position":2,"name":"Kezd\u0151lap","item":"https:\/\/tajkertesz.com\/"},{"@type":"ListItem","position":3,"name":"Ubbink Elimax 1000"}]},{"@type":"WebSite","@id":"https:\/\/tajkertesz.com\/#website","url":"https:\/\/tajkertesz.com\/","name":"T\u00e1j-Kert\u00e9sz 84 Kft.","description":"Kert\u00e9szeti kis- \u00e9s nagykeresked\u00e9s, D\u00edszn\u00f6v\u00e9ny web\u00e1ruh\u00e1z orsz\u00e1gos h\u00e1zhozsz\u00e1ll\u00edt\u00e1ssal!","publisher":{"@id":"https:\/\/tajkertesz.com\/#organization"},"potentialAction":[{"@type":"SearchAction","target":{"@type":"EntryPoint","urlTemplate":"https:\/\/tajkertesz.com\/?s={search_term_string}"},"query-input":{"@type":"PropertyValueSpecification","valueRequired":true,"valueName":"search_term_string"}}],"inLanguage":"en-US"},{"@type":"Organization","@id":"https:\/\/tajkertesz.com\/#organization","name":"T\u00e1j-Kert\u00e9sz 84 Kft.","url":"https:\/\/tajkertesz.com\/","logo":{"@type":"ImageObject","inLanguage":"en-US","@id":"https:\/\/tajkertesz.com\/#\/schema\/logo\/image\/","url":"https:\/\/tajkertesz.com\/wp-content\/uploads\/2018\/02\/logo-2-e1518678052539.png","contentUrl":"https:\/\/tajkertesz.com\/wp-content\/uploads\/2018\/02\/logo-2-e1518678052539.png","width":81,"height":140,"caption":"T\u00e1j-Kert\u00e9sz 84 Kft."},"image":{"@id":"https:\/\/tajkertesz.com\/#\/schema\/logo\/image\/"},"sameAs":["https:\/\/www.facebook.com\/Tajkertesz\/"]}]}},"_links":{"self":[{"href":"https:\/\/tajkertesz.com\/en_US\/wp-json\/wp\/v2\/product\/25823","targetHints":{"allow":["GET"]}}],"collection":[{"href":"https:\/\/tajkertesz.com\/en_US\/wp-json\/wp\/v2\/product"}],"about":[{"href":"https:\/\/tajkertesz.com\/en_US\/wp-json\/wp\/v2\/types\/product"}],"wp:featuredmedia":[{"embeddable":true,"href":"https:\/\/tajkertesz.com\/en_US\/wp-json\/wp\/v2\/media\/25824"}],"wp:attachment":[{"href":"https:\/\/tajkertesz.com\/en_US\/wp-json\/wp\/v2\/media?parent=25823"}],"wp:term":[{"taxonomy":"product_brand","embeddable":true,"href":"https:\/\/tajkertesz.com\/en_US\/wp-json\/wp\/v2\/product_brand?post=25823"},{"taxonomy":"product_cat","embeddable":true,"href":"https:\/\/tajkertesz.com\/en_US\/wp-json\/wp\/v2\/product_cat?post=25823"},{"taxonomy":"product_tag","embeddable":true,"href":"https:\/\/tajkertesz.com\/en_US\/wp-json\/wp\/v2\/product_tag?post=25823"}],"curies":[{"name":"wp","href":"https:\/\/api.w.org\/{rel}","templated":true}]}}