{"id":2585,"date":"2020-11-06T12:55:57","date_gmt":"2020-11-06T12:55:57","guid":{"rendered":"https:\/\/tajkertesz.com\/?post_type=product&#038;p=2585"},"modified":"2026-02-24T11:40:25","modified_gmt":"2026-02-24T11:40:25","slug":"cupressocyparis-leylandii-castlewellan-gold-sarga-leylandi-spiral","status":"publish","type":"product","link":"https:\/\/tajkertesz.com\/en_US\/product\/cupressocyparis-leylandii-castlewellan-gold-sarga-leylandi-spiral\/","title":{"rendered":"Cupressocyparis leylandii Castlewellan Gold , S\u00e1rga leylandi spir\u00e1l"},"content":{"rendered":"<p><img loading=\"lazy\" decoding=\"async\" class=\"size-medium wp-image-13972 alignleft\" src=\"https:\/\/tajkertesz.com\/wp-content\/uploads\/2020\/11\/20221025_112140-135x300.jpg\" alt=\"\" width=\"135\" height=\"300\" srcset=\"https:\/\/tajkertesz.com\/wp-content\/uploads\/2020\/11\/20221025_112140-135x300.jpg 135w, https:\/\/tajkertesz.com\/wp-content\/uploads\/2020\/11\/20221025_112140-461x1024.jpg 461w, https:\/\/tajkertesz.com\/wp-content\/uploads\/2020\/11\/20221025_112140-768x1707.jpg 768w, https:\/\/tajkertesz.com\/wp-content\/uploads\/2020\/11\/20221025_112140-691x1536.jpg 691w, https:\/\/tajkertesz.com\/wp-content\/uploads\/2020\/11\/20221025_112140-922x2048.jpg 922w, https:\/\/tajkertesz.com\/wp-content\/uploads\/2020\/11\/20221025_112140-5x12.jpg 5w, https:\/\/tajkertesz.com\/wp-content\/uploads\/2020\/11\/20221025_112140-600x1333.jpg 600w, https:\/\/tajkertesz.com\/wp-content\/uploads\/2020\/11\/20221025_112140-64x142.jpg 64w, https:\/\/tajkertesz.com\/wp-content\/uploads\/2020\/11\/20221025_112140-scaled.jpg 1152w\" sizes=\"(max-width: 135px) 100vw, 135px\" \/>Cupressocyparis leylandii Castlewellan Gold , S\u00e1rga leylandi spir\u00e1l<\/p>\n<p>A Cupressocyparis leylandii Castlewellan Gold , S\u00e1rga leylandi spir\u00e1l\u00a0 gyors n\u00f6veked\u00e9s\u0171, ellen\u00e1ll\u00f3 \u00f6r\u00f6kz\u00f6ld. Lombja fakad\u00e1skor z\u00f6ldes k\u00e9s\u0151bb aranys\u00e1rga.<\/p>\n<p>A Leylandii Castlewellan Gold spir\u00e1l form\u00e1ra ny\u00edrt v\u00e1ltozata.<\/p>\n<p>A forma fenntart\u00e1sa folyamatos\u00a0 ny\u00edr\u00e1ssal val\u00f3s\u00edthat\u00f3 meg.<\/p>\n<p>Teljesen ellen\u00e1ll\u00f3 , \u00f6r\u00f6kz\u00f6ld fajta.<\/p>\n<p>Szoliter n\u00f6v\u00e9nyk\u00e9nt kert\u00fcnk csod\u00e1s d\u00edsze lehet.<\/p>\n<p>Ed\u00e9nyes n\u00f6v\u00e9nyk\u00e9nt is tarthat\u00f3 de akkor \u00fcgyelni kell a locsol\u00e1s mennyis\u00e9g\u00e9re.<\/p>\n<p>Nagyon j\u00f3 sz\u00e1razs\u00e1gt\u0171r\u0151 , de sz\u00e9p sz\u00edn\u00e9t t\u00e1poz\u00e1ssal is el\u0151seg\u00edthetj\u00fck.<\/p>\n<p>Ak\u00e1r kertbe , ak\u00e1r kasp\u00f3ba \u00fcltetj\u00fck ne feledkezz\u00fcnk meg a t\u00e1panyag ut\u00e1np\u00f3tl\u00e1sr\u00f3l .<\/p>\n<p>Kertbe \u00fcltet\u00e9skor javasoljuk a marhatr\u00e1gya haszn\u00e1lat\u00e1t az \u00fcltet\u0151 g\u00f6d\u00f6rbe , k\u00e9s\u0151bb pedig az Agrecol term\u00e9kcsal\u00e1d \u00f6r\u00f6kz\u00f6ldekhez kapcsol\u00f3d\u00f3 term\u00e9keit.<\/p>\n<p>Jelen term\u00e9k\u00fcnk 10 literes kont\u00e9nerben kaphat\u00f3 \u00e9s kb:80\/100 cm magas.<\/p>\n<p style=\"line-height: 18.0pt; background: white; margin: 0cm 0cm 15.0pt 0cm;\"><span style=\"font-family: 'Ubuntu',serif; color: black;\">El\u00e9rhet\u0151 t\u00f6bbf\u00e9le m\u00e9retben \u00e9s \u00e1rban.<\/span><\/p>\n<p style=\"line-height: 18.0pt; background: white; margin: 0cm 0cm 15.0pt 0cm;\"><b><span style=\"font-family: 'Ubuntu',serif; color: black;\">K\u00e9szlet\u00fcnk napi szinten v\u00e1ltozik, ez\u00e9rt k\u00e9rj\u00fck, \u00e9rdekl\u0151dj\u00f6n szem\u00e9lyesen, telefonon vagy email-en.<br \/>\nA v\u00e1ltoztat\u00e1s jog\u00e1t fenntartjuk!\u00a0<\/span><\/b><\/p>\n<p><a href=\"https:\/\/tajkertesz.com\/\">https:\/\/tajkertesz.com\/<\/a><\/p>\n<p><a href=\"https:\/\/commons.wikimedia.org\/wiki\/File:Cupressocyparis_leylandii_%27Castlewellan_Gold%27_gold_leafs.jpg\">https:\/\/commons.wikimedia.org\/wiki\/File:Cupressocyparis_leylandii_%27Castlewellan_Gold%27_gold_leafs.jpg,<\/a><\/p>\n<p>A Cupressocyparis leylandii Castlewellan Gold , S\u00e1rga leylandi spir\u00e1l\u00a0 gyors n\u00f6veked\u00e9s\u0171, ellen\u00e1ll\u00f3 \u00f6r\u00f6kz\u00f6ld. Lombja fakad\u00e1skor z\u00f6ldes k\u00e9s\u0151bb aranys\u00e1rga.<\/p>\n<p>A Leylandii Castlewellan Gold spir\u00e1l form\u00e1ra ny\u00edrt v\u00e1ltozata.<\/p>\n<p>A forma fenntart\u00e1sa folyamatos\u00a0 ny\u00edr\u00e1ssal val\u00f3s\u00edthat\u00f3 meg.<\/p>\n<p>Teljesen ellen\u00e1ll\u00f3 , \u00f6r\u00f6kz\u00f6ld fajta.<\/p>\n<p>Szoliter n\u00f6v\u00e9nyk\u00e9nt kert\u00fcnk csod\u00e1s d\u00edsze lehet.<\/p>\n<p>Ed\u00e9nyes n\u00f6v\u00e9nyk\u00e9nt is tarthat\u00f3 de akkor \u00fcgyelni kell a locsol\u00e1s mennyis\u00e9g\u00e9re.<\/p>\n<p>Nagyon j\u00f3 sz\u00e1razs\u00e1gt\u0171r\u0151 , de sz\u00e9p sz\u00edn\u00e9t t\u00e1poz\u00e1ssal is el\u0151seg\u00edthetj\u00fck.<\/p>\n<p>Ak\u00e1r kertbe , ak\u00e1r kasp\u00f3ba \u00fcltetj\u00fck ne feledkezz\u00fcnk meg a t\u00e1panyag ut\u00e1np\u00f3tl\u00e1sr\u00f3l .<\/p>\n<p>Kertbe \u00fcltet\u00e9skor javasoljuk a marhatr\u00e1gya haszn\u00e1lat\u00e1t az \u00fcltet\u0151 g\u00f6d\u00f6rbe , k\u00e9s\u0151bb pedig az Agrecol term\u00e9kcsal\u00e1d \u00f6r\u00f6kz\u00f6ldekhez kapcsol\u00f3d\u00f3 term\u00e9keit.<\/p>\n<p>Gyorsan n\u00f6veked\u0151, t\u00f6m\u00f6r, d\u00fas lomb\u00fa ellen\u00e1ll\u00f3 \u00f6r\u00f6kz\u00f6ld. Kiss\u00e9 sz\u00far\u00f3s level\u0171, k\u00fap form\u00e1j\u00fa, fakad\u00e1skor z\u00f6ldes k\u00e9s\u0151bb aranys\u00e1rga sz\u00edn\u0171 a lombja. Napos helyre \u00fcltess\u00fck, s\u00f6v\u00e9nynek a legalkalmasabb. Szoliter n\u00f6v\u00e9nynek is mutat\u00f3s \u00e9s forman\u00f6v\u00e9nyt is kialak\u00edthatunk bel\u0151le. \u00c9rdemes \u00e9vente 2-3 alkalommal visszav\u00e1gni. B\u00e1rmilyen talajban j\u00f3l fejl\u0151dik, b\u00edrja a sz\u00e1razabb k\u00f6r\u00fclm\u00e9nyeket de igaz\u00e1n sz\u00e9pen akkor fejl\u0151dik ha megfelel\u0151en \u00f6nt\u00f6zz\u00fck \u00e9s id\u0151nk\u00e9nt kap egy kis t\u00e1panyagot.<\/p>","protected":false},"excerpt":{"rendered":"<p>A Cupressocyparis leylandii Castlewellan Gold , S\u00e1rga leylandi spir\u00e1l\u00a0 gyors n\u00f6veked\u00e9s\u0171, ellen\u00e1ll\u00f3 \u00f6r\u00f6kz\u00f6ld. Lombja fakad\u00e1skor z\u00f6ldes k\u00e9s\u0151bb aranys\u00e1rga.<\/p>\n<p>A Leylandii Castlewellan Gold pom pom form\u00e1ra ny\u00edrt v\u00e1ltozata.<\/p>\n<p>A forma fenntart\u00e1sa folyamatos\u00a0 ny\u00edr\u00e1ssal val\u00f3s\u00edthat\u00f3 meg.<\/p>\n<p>Teljesen ellen\u00e1ll\u00f3 , \u00f6r\u00f6kz\u00f6ld fajta.<\/p>\n<p>Szoliter n\u00f6v\u00e9nyk\u00e9nt kert\u00fcnk csod\u00e1s d\u00edsze lehet.<\/p>\n<p>Ed\u00e9nyes n\u00f6v\u00e9nyk\u00e9nt is tarthat\u00f3 de akkor \u00fcgyelni kell a locsol\u00e1s mennyis\u00e9g\u00e9re.<\/p>\n<p>Nagyon j\u00f3 sz\u00e1razs\u00e1gt\u0171r\u0151 , de sz\u00e9p sz\u00edn\u00e9t t\u00e1poz\u00e1ssal is el\u0151seg\u00edthetj\u00fck.<\/p>\n<p>Ak\u00e1r kertbe , ak\u00e1r kasp\u00f3ba \u00fcltetj\u00fck ne feledkezz\u00fcnk meg a t\u00e1panyag ut\u00e1np\u00f3tl\u00e1sr\u00f3l .<\/p>\n<p>Kertbe \u00fcltet\u00e9skor javasoljuk a marhatr\u00e1gya haszn\u00e1lat\u00e1t az \u00fcltet\u0151 g\u00f6d\u00f6rbe , k\u00e9s\u0151bb pedig az Agrecol term\u00e9kcsal\u00e1d \u00f6r\u00f6kz\u00f6ldekhez kapcsol\u00f3d\u00f3 term\u00e9keit.<\/p>","protected":false},"featured_media":13971,"template":"","meta":{"_et_pb_use_builder":"","_et_pb_old_content":"","_et_gb_content_width":""},"product_brand":[],"product_cat":[32],"product_tag":[913,911,912,168,914],"class_list":{"0":"post-2585","1":"product","2":"type-product","3":"status-publish","4":"has-post-thumbnail","6":"product_cat-formanovenyek-alakfak","7":"product_tag-castlewellan-gold","8":"product_tag-cupressocyparis-leylandii-castlewellan-gold","9":"product_tag-leylandi","10":"product_tag-sarga","11":"product_tag-spiral","13":"first","14":"outofstock","15":"shipping-taxable","16":"product-type-simple"},"yoast_head":"<!-- This site is optimized with the Yoast SEO plugin v27.3 - https:\/\/yoast.com\/product\/yoast-seo-wordpress\/ -->\n<title>Cupressocyparis leylandii Castlewellan Gold , S\u00e1rga leylandi spir\u00e1l - T\u00e1jkert\u00e9sz<\/title>\n<meta name=\"description\" content=\"A Cupressocyparis leylandii Castlewellan Gold , S\u00e1rga leylandi spir\u00e1l\u00a0\u00a0gyors n\u00f6veked\u00e9s\u0171 \u00f6r\u00f6kz\u00f6ld. Lombja fakad\u00e1skor z\u00f6ldes k\u00e9s\u0151bb aranys\u00e1rga.\" \/>\n<meta name=\"robots\" content=\"index, follow, max-snippet:-1, max-image-preview:large, max-video-preview:-1\" \/>\n<link rel=\"canonical\" href=\"https:\/\/tajkertesz.com\/en_US\/product\/cupressocyparis-leylandii-castlewellan-gold-sarga-leylandi-spiral\/\" \/>\n<meta property=\"og:locale\" content=\"en_US\" \/>\n<meta property=\"og:type\" content=\"article\" \/>\n<meta property=\"og:title\" content=\"Cupressocyparis leylandii Castlewellan Gold , S\u00e1rga leylandi spir\u00e1l - T\u00e1jkert\u00e9sz\" \/>\n<meta property=\"og:description\" content=\"A Cupressocyparis leylandii Castlewellan Gold , S\u00e1rga leylandi spir\u00e1l\u00a0\u00a0gyors n\u00f6veked\u00e9s\u0171 \u00f6r\u00f6kz\u00f6ld. Lombja fakad\u00e1skor z\u00f6ldes k\u00e9s\u0151bb aranys\u00e1rga.\" \/>\n<meta property=\"og:url\" content=\"https:\/\/tajkertesz.com\/en_US\/product\/cupressocyparis-leylandii-castlewellan-gold-sarga-leylandi-spiral\/\" \/>\n<meta property=\"og:site_name\" content=\"T\u00e1jkert\u00e9sz\" \/>\n<meta property=\"article:publisher\" content=\"https:\/\/www.facebook.com\/Tajkertesz\/\" \/>\n<meta property=\"article:modified_time\" content=\"2026-02-24T11:40:25+00:00\" \/>\n<meta property=\"og:image\" content=\"https:\/\/tajkertesz.com\/wp-content\/uploads\/2020\/11\/20221025_112132-scaled.jpg\" \/>\n\t<meta property=\"og:image:width\" content=\"2400\" \/>\n\t<meta property=\"og:image:height\" content=\"1080\" \/>\n\t<meta property=\"og:image:type\" content=\"image\/jpeg\" \/>\n<meta name=\"twitter:card\" content=\"summary_large_image\" \/>\n<meta name=\"twitter:label1\" content=\"Est. reading time\" \/>\n\t<meta name=\"twitter:data1\" content=\"2 minutes\" \/>\n<script type=\"application\/ld+json\" class=\"yoast-schema-graph\">{\"@context\":\"https:\\\/\\\/schema.org\",\"@graph\":[{\"@type\":\"WebPage\",\"@id\":\"https:\\\/\\\/tajkertesz.com\\\/termek\\\/cupressocyparis-leylandii-castlewellan-gold-sarga-leylandi-spiral\\\/\",\"url\":\"https:\\\/\\\/tajkertesz.com\\\/termek\\\/cupressocyparis-leylandii-castlewellan-gold-sarga-leylandi-spiral\\\/\",\"name\":\"Cupressocyparis leylandii Castlewellan Gold , S\u00e1rga leylandi spir\u00e1l - T\u00e1jkert\u00e9sz\",\"isPartOf\":{\"@id\":\"https:\\\/\\\/tajkertesz.com\\\/#website\"},\"primaryImageOfPage\":{\"@id\":\"https:\\\/\\\/tajkertesz.com\\\/termek\\\/cupressocyparis-leylandii-castlewellan-gold-sarga-leylandi-spiral\\\/#primaryimage\"},\"image\":{\"@id\":\"https:\\\/\\\/tajkertesz.com\\\/termek\\\/cupressocyparis-leylandii-castlewellan-gold-sarga-leylandi-spiral\\\/#primaryimage\"},\"thumbnailUrl\":\"https:\\\/\\\/tajkertesz.com\\\/wp-content\\\/uploads\\\/2020\\\/11\\\/20221025_112132-scaled.jpg\",\"datePublished\":\"2020-11-06T12:55:57+00:00\",\"dateModified\":\"2026-02-24T11:40:25+00:00\",\"description\":\"A Cupressocyparis leylandii Castlewellan Gold , S\u00e1rga leylandi spir\u00e1l\u00a0\u00a0gyors n\u00f6veked\u00e9s\u0171 \u00f6r\u00f6kz\u00f6ld. Lombja fakad\u00e1skor z\u00f6ldes k\u00e9s\u0151bb aranys\u00e1rga.\",\"breadcrumb\":{\"@id\":\"https:\\\/\\\/tajkertesz.com\\\/termek\\\/cupressocyparis-leylandii-castlewellan-gold-sarga-leylandi-spiral\\\/#breadcrumb\"},\"inLanguage\":\"en-US\",\"potentialAction\":[{\"@type\":\"ReadAction\",\"target\":[\"https:\\\/\\\/tajkertesz.com\\\/termek\\\/cupressocyparis-leylandii-castlewellan-gold-sarga-leylandi-spiral\\\/\"]}]},{\"@type\":\"ImageObject\",\"inLanguage\":\"en-US\",\"@id\":\"https:\\\/\\\/tajkertesz.com\\\/termek\\\/cupressocyparis-leylandii-castlewellan-gold-sarga-leylandi-spiral\\\/#primaryimage\",\"url\":\"https:\\\/\\\/tajkertesz.com\\\/wp-content\\\/uploads\\\/2020\\\/11\\\/20221025_112132-scaled.jpg\",\"contentUrl\":\"https:\\\/\\\/tajkertesz.com\\\/wp-content\\\/uploads\\\/2020\\\/11\\\/20221025_112132-scaled.jpg\",\"width\":2400,\"height\":1080},{\"@type\":\"BreadcrumbList\",\"@id\":\"https:\\\/\\\/tajkertesz.com\\\/termek\\\/cupressocyparis-leylandii-castlewellan-gold-sarga-leylandi-spiral\\\/#breadcrumb\",\"itemListElement\":[{\"@type\":\"ListItem\",\"position\":1,\"name\":\"Home\",\"item\":\"https:\\\/\\\/tajkertesz.com\\\/\"},{\"@type\":\"ListItem\",\"position\":2,\"name\":\"Kezd\u0151lap\",\"item\":\"https:\\\/\\\/tajkertesz.com\\\/\"},{\"@type\":\"ListItem\",\"position\":3,\"name\":\"Cupressocyparis leylandii Castlewellan Gold , S\u00e1rga leylandi spir\u00e1l\"}]},{\"@type\":\"WebSite\",\"@id\":\"https:\\\/\\\/tajkertesz.com\\\/#website\",\"url\":\"https:\\\/\\\/tajkertesz.com\\\/\",\"name\":\"T\u00e1j-Kert\u00e9sz 84 Kft.\",\"description\":\"Kert\u00e9szeti kis- \u00e9s nagykeresked\u00e9s, D\u00edszn\u00f6v\u00e9ny web\u00e1ruh\u00e1z orsz\u00e1gos h\u00e1zhozsz\u00e1ll\u00edt\u00e1ssal!\",\"publisher\":{\"@id\":\"https:\\\/\\\/tajkertesz.com\\\/#organization\"},\"potentialAction\":[{\"@type\":\"SearchAction\",\"target\":{\"@type\":\"EntryPoint\",\"urlTemplate\":\"https:\\\/\\\/tajkertesz.com\\\/?s={search_term_string}\"},\"query-input\":{\"@type\":\"PropertyValueSpecification\",\"valueRequired\":true,\"valueName\":\"search_term_string\"}}],\"inLanguage\":\"en-US\"},{\"@type\":\"Organization\",\"@id\":\"https:\\\/\\\/tajkertesz.com\\\/#organization\",\"name\":\"T\u00e1j-Kert\u00e9sz 84 Kft.\",\"url\":\"https:\\\/\\\/tajkertesz.com\\\/\",\"logo\":{\"@type\":\"ImageObject\",\"inLanguage\":\"en-US\",\"@id\":\"https:\\\/\\\/tajkertesz.com\\\/#\\\/schema\\\/logo\\\/image\\\/\",\"url\":\"https:\\\/\\\/tajkertesz.com\\\/wp-content\\\/uploads\\\/2018\\\/02\\\/logo-2-e1518678052539.png\",\"contentUrl\":\"https:\\\/\\\/tajkertesz.com\\\/wp-content\\\/uploads\\\/2018\\\/02\\\/logo-2-e1518678052539.png\",\"width\":81,\"height\":140,\"caption\":\"T\u00e1j-Kert\u00e9sz 84 Kft.\"},\"image\":{\"@id\":\"https:\\\/\\\/tajkertesz.com\\\/#\\\/schema\\\/logo\\\/image\\\/\"},\"sameAs\":[\"https:\\\/\\\/www.facebook.com\\\/Tajkertesz\\\/\"]}]}<\/script>\n<!-- \/ Yoast SEO plugin. -->","yoast_head_json":{"title":"Cupressocyparis leylandii Castlewellan Gold , S\u00e1rga leylandi spir\u00e1l - T\u00e1jkert\u00e9sz","description":"A Cupressocyparis leylandii Castlewellan Gold , S\u00e1rga leylandi spir\u00e1l\u00a0\u00a0gyors n\u00f6veked\u00e9s\u0171 \u00f6r\u00f6kz\u00f6ld. Lombja fakad\u00e1skor z\u00f6ldes k\u00e9s\u0151bb aranys\u00e1rga.","robots":{"index":"index","follow":"follow","max-snippet":"max-snippet:-1","max-image-preview":"max-image-preview:large","max-video-preview":"max-video-preview:-1"},"canonical":"https:\/\/tajkertesz.com\/en_US\/product\/cupressocyparis-leylandii-castlewellan-gold-sarga-leylandi-spiral\/","og_locale":"en_US","og_type":"article","og_title":"Cupressocyparis leylandii Castlewellan Gold , S\u00e1rga leylandi spir\u00e1l - T\u00e1jkert\u00e9sz","og_description":"A Cupressocyparis leylandii Castlewellan Gold , S\u00e1rga leylandi spir\u00e1l\u00a0\u00a0gyors n\u00f6veked\u00e9s\u0171 \u00f6r\u00f6kz\u00f6ld. Lombja fakad\u00e1skor z\u00f6ldes k\u00e9s\u0151bb aranys\u00e1rga.","og_url":"https:\/\/tajkertesz.com\/en_US\/product\/cupressocyparis-leylandii-castlewellan-gold-sarga-leylandi-spiral\/","og_site_name":"T\u00e1jkert\u00e9sz","article_publisher":"https:\/\/www.facebook.com\/Tajkertesz\/","article_modified_time":"2026-02-24T11:40:25+00:00","og_image":[{"width":2400,"height":1080,"url":"https:\/\/tajkertesz.com\/wp-content\/uploads\/2020\/11\/20221025_112132-scaled.jpg","type":"image\/jpeg"}],"twitter_card":"summary_large_image","twitter_misc":{"Est. reading time":"2 minutes"},"schema":{"@context":"https:\/\/schema.org","@graph":[{"@type":"WebPage","@id":"https:\/\/tajkertesz.com\/termek\/cupressocyparis-leylandii-castlewellan-gold-sarga-leylandi-spiral\/","url":"https:\/\/tajkertesz.com\/termek\/cupressocyparis-leylandii-castlewellan-gold-sarga-leylandi-spiral\/","name":"Cupressocyparis leylandii Castlewellan Gold , S\u00e1rga leylandi spir\u00e1l - T\u00e1jkert\u00e9sz","isPartOf":{"@id":"https:\/\/tajkertesz.com\/#website"},"primaryImageOfPage":{"@id":"https:\/\/tajkertesz.com\/termek\/cupressocyparis-leylandii-castlewellan-gold-sarga-leylandi-spiral\/#primaryimage"},"image":{"@id":"https:\/\/tajkertesz.com\/termek\/cupressocyparis-leylandii-castlewellan-gold-sarga-leylandi-spiral\/#primaryimage"},"thumbnailUrl":"https:\/\/tajkertesz.com\/wp-content\/uploads\/2020\/11\/20221025_112132-scaled.jpg","datePublished":"2020-11-06T12:55:57+00:00","dateModified":"2026-02-24T11:40:25+00:00","description":"A Cupressocyparis leylandii Castlewellan Gold , S\u00e1rga leylandi spir\u00e1l\u00a0\u00a0gyors n\u00f6veked\u00e9s\u0171 \u00f6r\u00f6kz\u00f6ld. Lombja fakad\u00e1skor z\u00f6ldes k\u00e9s\u0151bb aranys\u00e1rga.","breadcrumb":{"@id":"https:\/\/tajkertesz.com\/termek\/cupressocyparis-leylandii-castlewellan-gold-sarga-leylandi-spiral\/#breadcrumb"},"inLanguage":"en-US","potentialAction":[{"@type":"ReadAction","target":["https:\/\/tajkertesz.com\/termek\/cupressocyparis-leylandii-castlewellan-gold-sarga-leylandi-spiral\/"]}]},{"@type":"ImageObject","inLanguage":"en-US","@id":"https:\/\/tajkertesz.com\/termek\/cupressocyparis-leylandii-castlewellan-gold-sarga-leylandi-spiral\/#primaryimage","url":"https:\/\/tajkertesz.com\/wp-content\/uploads\/2020\/11\/20221025_112132-scaled.jpg","contentUrl":"https:\/\/tajkertesz.com\/wp-content\/uploads\/2020\/11\/20221025_112132-scaled.jpg","width":2400,"height":1080},{"@type":"BreadcrumbList","@id":"https:\/\/tajkertesz.com\/termek\/cupressocyparis-leylandii-castlewellan-gold-sarga-leylandi-spiral\/#breadcrumb","itemListElement":[{"@type":"ListItem","position":1,"name":"Home","item":"https:\/\/tajkertesz.com\/"},{"@type":"ListItem","position":2,"name":"Kezd\u0151lap","item":"https:\/\/tajkertesz.com\/"},{"@type":"ListItem","position":3,"name":"Cupressocyparis leylandii Castlewellan Gold , S\u00e1rga leylandi spir\u00e1l"}]},{"@type":"WebSite","@id":"https:\/\/tajkertesz.com\/#website","url":"https:\/\/tajkertesz.com\/","name":"T\u00e1j-Kert\u00e9sz 84 Kft.","description":"Kert\u00e9szeti kis- \u00e9s nagykeresked\u00e9s, D\u00edszn\u00f6v\u00e9ny web\u00e1ruh\u00e1z orsz\u00e1gos h\u00e1zhozsz\u00e1ll\u00edt\u00e1ssal!","publisher":{"@id":"https:\/\/tajkertesz.com\/#organization"},"potentialAction":[{"@type":"SearchAction","target":{"@type":"EntryPoint","urlTemplate":"https:\/\/tajkertesz.com\/?s={search_term_string}"},"query-input":{"@type":"PropertyValueSpecification","valueRequired":true,"valueName":"search_term_string"}}],"inLanguage":"en-US"},{"@type":"Organization","@id":"https:\/\/tajkertesz.com\/#organization","name":"T\u00e1j-Kert\u00e9sz 84 Kft.","url":"https:\/\/tajkertesz.com\/","logo":{"@type":"ImageObject","inLanguage":"en-US","@id":"https:\/\/tajkertesz.com\/#\/schema\/logo\/image\/","url":"https:\/\/tajkertesz.com\/wp-content\/uploads\/2018\/02\/logo-2-e1518678052539.png","contentUrl":"https:\/\/tajkertesz.com\/wp-content\/uploads\/2018\/02\/logo-2-e1518678052539.png","width":81,"height":140,"caption":"T\u00e1j-Kert\u00e9sz 84 Kft."},"image":{"@id":"https:\/\/tajkertesz.com\/#\/schema\/logo\/image\/"},"sameAs":["https:\/\/www.facebook.com\/Tajkertesz\/"]}]}},"_links":{"self":[{"href":"https:\/\/tajkertesz.com\/en_US\/wp-json\/wp\/v2\/product\/2585","targetHints":{"allow":["GET"]}}],"collection":[{"href":"https:\/\/tajkertesz.com\/en_US\/wp-json\/wp\/v2\/product"}],"about":[{"href":"https:\/\/tajkertesz.com\/en_US\/wp-json\/wp\/v2\/types\/product"}],"wp:featuredmedia":[{"embeddable":true,"href":"https:\/\/tajkertesz.com\/en_US\/wp-json\/wp\/v2\/media\/13971"}],"wp:attachment":[{"href":"https:\/\/tajkertesz.com\/en_US\/wp-json\/wp\/v2\/media?parent=2585"}],"wp:term":[{"taxonomy":"product_brand","embeddable":true,"href":"https:\/\/tajkertesz.com\/en_US\/wp-json\/wp\/v2\/product_brand?post=2585"},{"taxonomy":"product_cat","embeddable":true,"href":"https:\/\/tajkertesz.com\/en_US\/wp-json\/wp\/v2\/product_cat?post=2585"},{"taxonomy":"product_tag","embeddable":true,"href":"https:\/\/tajkertesz.com\/en_US\/wp-json\/wp\/v2\/product_tag?post=2585"}],"curies":[{"name":"wp","href":"https:\/\/api.w.org\/{rel}","templated":true}]}}