{"id":25852,"date":"2026-01-06T11:16:25","date_gmt":"2026-01-06T11:16:25","guid":{"rendered":"https:\/\/tajkertesz.com\/?post_type=product&#038;p=25852"},"modified":"2026-02-02T07:55:54","modified_gmt":"2026-02-02T07:55:54","slug":"sikostop-kalcinit-10-kg","status":"publish","type":"product","link":"https:\/\/tajkertesz.com\/en_US\/product\/sikostop-kalcinit-10-kg\/","title":{"rendered":"SikoSTOP Kalcinit 10 kg"},"content":{"rendered":"<h1 class=\"product_title entry-title\">SikoSTOP Kalcinit 10 kg<\/h1>\n<p>A <strong data-start=\"730\" data-end=\"751\">SikoSTOP Kalcinit<\/strong> 10 kg egy megb\u00edzhat\u00f3, granul\u00e1lt j\u00e9gold\u00f3 anyag, amely gyorsan feloldja a jeget \u00e9s havat alacsony h\u0151m\u00e9rs\u00e9kleten is.\u00a0Napjainkban egyre nagyobb szerepet kap a k\u00f6zvetlen k\u00f6rnyezetv\u00e9delmen t\u00fal a k\u00f6zvetett megold\u00e1sokra val\u00f3 \u00e9rz\u00e9kenys\u00e9g is. Eleinte csak az okozott probl\u00e9m\u00e1t, ha direkt m\u00f3don t\u00f6rt\u00e9nt k\u00f6rnyezetszennyez\u00e9s, m\u00edg napjainkban a k\u00f6zvetett k\u00f6rnyezetv\u00e9delem is kiemelked\u0151 jelent\u0151s\u00e9ggel b\u00edr. A t\u00e9li, jeges fel\u00fcletek s\u00edkoss\u00e1gmentes\u00edt\u00e9s\u00e9re r\u00e9gen s\u00f3t, majd s\u00f3-homok kever\u00e9ket haszn\u00e1ltak. A s\u00f3 \u2013 felolvad\u00e1st k\u00f6vet\u0151en \u2013 a talajon kereszt\u00fcl a f\u00e1k, a vir\u00e1gok \u00e9s az egy\u00e9b n\u00f6v\u00e9nyek gy\u00f6ker\u00e9hez jutva a n\u00f6v\u00e9ny pusztul\u00e1s\u00e1t eredm\u00e9nyezheti.<\/p>\n<p><strong>A SikoSTOP KALCINIT k\u00f6rnyezetbar\u00e1t, kedvez\u0151 \u00e1rral<\/strong>, \u00e9s dinamikus j\u00e9golvaszt\u00f3 hat\u00e1ssal b\u00edr, ugyanakkor az\u00a0<strong>\u00fatsz\u00f3r\u00f3 s\u00f3val ellent\u00e9tben nem tartalmaz kloridot, nem k\u00e1ros a n\u00f6v\u00e9nyzetre, a kiskedvencek talp\u00e1t nem irrit\u00e1lja<\/strong>.<\/p>\n<p>A term\u00e9k\u00a0<strong>kalcium tartalma seg\u00edti a n\u00f6v\u00e9ny sejtfalk\u00e9pz\u0151d\u00e9s\u00e9t, nitrog\u00e9ntartalma a n\u00f6v\u00e9ny sz\u00e1m\u00e1ra k\u00f6zvetlen\u00fcl felvehet\u0151.<\/strong>\u00a0Szemcsem\u00e9ret\u00e9nek k\u00f6sz\u00f6nhet\u0151en\u00a0<strong>k\u00f6nnyen kijuttathat\u00f3, nincs sz\u00e1ll\u00f3por<\/strong>.<\/p>\n<p>Felhaszn\u00e1l\u00e1sa javasolt\u00a0<strong>kertekben, parkokban, z\u00f6ld fel\u00fcletek k\u00f6zel\u00e9ben<\/strong>, illetve ott, ahol fontos a n\u00f6v\u00e9nyek kalcium- \u00e9s nitrog\u00e9nut\u00e1np\u00f3tl\u00e1sa. A term\u00e9k legkiemelked\u0151bb tulajdons\u00e1ga a\u00a0<strong>megfelel\u0151 \u00e1r\/\u00e9rt\u00e9k<\/strong>\u00a0ar\u00e1ny.<\/p>\n<p>Mindezek mellett kihangs\u00falyozand\u00f3, hogy a zeolit nyomelemtartalma kifejezetten el\u0151ny\u00f6s a talajba sziv\u00e1rogva, ugyanis jav\u00edtja a n\u00f6v\u00e9ny nyomelemekkel val\u00f3 ell\u00e1t\u00e1s\u00e1t.<\/p>\n<h4><strong>\ud83d\udd04 K\u00e9szletinform\u00e1ci\u00f3<\/strong><\/h4>\n<p><strong>K\u00e9szlet\u00fcnk napi szinten v\u00e1ltozik, \u00edgy a webshopban szerepl<\/strong><strong>\u0151<\/strong><strong> term\u00e9kek el\u00e9rhet<\/strong><strong>\u0151<\/strong><strong>s\u00e9ge nem garant\u00e1lt.<br \/>\n\ud83d\udcde A megrendel\u00e9s el<\/strong><strong>\u0151<\/strong><strong>tt k\u00e9rj\u00fck, \u00e9rdekl<\/strong><strong>\u0151<\/strong><strong>dj\u00f6n szem\u00e9lyesen, telefonon vagy e-mailben!<\/strong><\/p>\n<h4><strong>\u27a1\ufe0f Kapcsolat:<\/strong><\/h4>\n<ul>\n<li><strong>Weboldal: <\/strong><a href=\"https:\/\/tajkertesz.com\"><strong>tajkertesz.com<\/strong><\/a><\/li>\n<li><strong>Facebook: <\/strong><a href=\"https:\/\/www.facebook.com\/tajkertesz\/\"><strong>facebook.com\/tajkertesz<\/strong><\/a><\/li>\n<li><strong>Telefonsz\u00e1m, e-mail: +36\/20-319-3770 <\/strong><a href=\"mailto:info@tajkertesz.hu\"><strong>info@tajkertesz.hu<\/strong><\/a><\/li>\n<\/ul>\n<h4><strong>\ud83d\ude9a Sz\u00e1ll\u00edt\u00e1si inform\u00e1ci\u00f3k<\/strong><\/h4>\n<p><strong>A megrendelt n\u00f6v\u00e9nyek kisz\u00e1ll\u00edt\u00e1sa az al\u00e1bbi felt\u00e9telek mellett t\u00f6rt\u00e9nik:<\/strong><\/p>\n<h4><strong>\ud83d\udce6 Fut\u00e1rszolg\u00e1latos sz\u00e1ll\u00edt\u00e1s<\/strong><\/h4>\n<ul>\n<li><strong>Maxim\u00e1lis m\u00e9ret: 200 cm (hossz\u00fas\u00e1g)<\/strong><\/li>\n<li><strong>Maxim\u00e1lis s\u00faly: 40 kg<\/strong><\/li>\n<li><strong>Az enn\u00e9l kisebb \u00e9s k\u00f6nnyebb csomagokat fut\u00e1rszolg\u00e1lattal k\u00e9zbes\u00edtj\u00fck a lehet<\/strong><strong>\u0151<\/strong><strong> legbiztons\u00e1gosabb csomagol\u00e1sban.<\/strong><\/li>\n<\/ul>\n<h4><strong>\ud83d\udefb Szem\u00e9lyes \u00e1tv\u00e9tel<\/strong><\/h4>\n<ul>\n<li><strong>1173 Budapest, Bakancsos utca 7. sz\u00e1m alatt nyitvatart\u00e1si id<\/strong><strong>\u0151<\/strong><strong>ben szem\u00e9lyesen \u00e1tvehet<\/strong><strong>\u0151<\/strong><strong> kert\u00e9szeti \u00e1rud\u00e1nkban.<\/strong><\/li>\n<li><strong>K\u00f6lts\u00e9ghat\u00e9kony megold\u00e1s nagyobb, t\u00f6r\u00e9kenyebb vagy t\u00falm\u00e9retes n\u00f6v\u00e9nyek eset\u00e9n.<\/strong><\/li>\n<\/ul>\n<h4><strong>\ud83d\udcde Nagy m\u00e9ret<\/strong><strong>\u0171<\/strong><strong> vagy s\u00faly\u00fa n\u00f6v\u00e9nyek eset\u00e9n<\/strong><\/h4>\n<p><strong>Ha a term\u00e9k:<\/strong><\/p>\n<ul>\n<li><strong>meghaladja a 200 cm hossz\u00fas\u00e1got vagy<\/strong><\/li>\n<li><strong>meghaladja a 40 kg s\u00falyt,<\/strong><\/li>\n<\/ul>\n<p><strong>akkor szem\u00e9lyes \u00e1tv\u00e9tellel vagy egyedi, el<\/strong><strong>\u0151<\/strong><strong>re egyeztetett sz\u00e1ll\u00edt\u00e1si felt\u00e9telek mellett t\u00f6rt\u00e9nik.<br \/>\nK\u00e9rj\u00fck, ilyen esetben rendel\u00e9s el<\/strong><strong>\u0151<\/strong><strong>tt vegye fel vel\u00fcnk a kapcsolatot, hogy a lehet<\/strong><strong>\u0151<\/strong><strong> legmegfelel<\/strong><strong>\u0151<\/strong><strong>bb sz\u00e1ll\u00edt\u00e1si megold\u00e1st k\u00edn\u00e1lhassuk.<\/strong><\/p>\n<p><strong>\ud83d\udd14 Fontos: A n\u00f6v\u00e9nyeket minden esetben igyeksz\u00fcnk gondosan, egyes\u00e9vel csomagolni, azonban a sz\u00e1ll\u00edt\u00e1s sor\u00e1n kisebb eszt\u00e9tikai s\u00e9r\u00fcl\u00e9sek el<\/strong><strong>\u0151<\/strong><strong>fordulhatnak (pl. lev\u00e9lhull\u00e1s). Ez nem min<\/strong><strong>\u0151<\/strong><strong>s\u00fcl hib\u00e1s teljes\u00edt\u00e9snek.<\/strong><\/p>\n<h4><strong>\ud83d\udcf7 Fontos tudni a k\u00e9pekr<\/strong><strong>\u0151<\/strong><strong>l<\/strong><\/h4>\n<p><strong>A webshopban szerepl<\/strong><strong>\u0151<\/strong><strong> k\u00e9pek illusztr\u00e1ci\u00f3k, a n\u00f6v\u00e9nyek term\u00e9szet\u00fckn\u00e9l fogva egyediek, \u00edgy m\u00e9retben, alakban \u00e9s sz\u00ednben minim\u00e1lis elt\u00e9r\u00e9sek el<\/strong><strong>\u0151<\/strong><strong>fordulhatnak a k\u00e9pen l\u00e1that\u00f3 \u00e9s a val\u00f3s p\u00e9ld\u00e1nyok k\u00f6z\u00f6tt.<\/strong><\/p>\n<h4><strong>\ud83e\uddfe \u00c1rak \u00e9s el\u00e1ll\u00e1si jog<\/strong><\/h4>\n<ul>\n<li><strong>Az \u00e1rak egy darab\u00a0n\u00f6v\u00e9nyre vonatkoznak.<\/strong><\/li>\n<li><strong>\u00c9l<\/strong><strong>\u0151<\/strong><strong> n\u00f6v\u00e9nyek rendel\u00e9se eset\u00e9n a 14 napos el\u00e1ll\u00e1s joga nem \u00e9rv\u00e9nyes\u00edthet<\/strong><strong>\u0151<\/strong><strong>, mivel azok romland\u00f3, biol\u00f3giailag \u00e9l<\/strong><strong>\u0151<\/strong><strong> term\u00e9keknek min<\/strong><strong>\u0151<\/strong><strong>s\u00fclnek.<br \/>\n\ud83d\udd12 (17\/1999. (II. 5.) Korm. rendelet 5. \u00a7 c) pontja alapj\u00e1n)<\/strong><\/li>\n<\/ul>\n<h4><strong>\ud83d\udce6 K\u00e9zbes\u00edt\u00e9s ut\u00e1ni teend<\/strong><strong>\u0151<\/strong><strong>k<\/strong><\/h4>\n<p><strong>A k\u00e9zbes\u00edt\u00e9st k\u00f6vet<\/strong><strong>\u0151<\/strong><strong>en a csomagot azonnal bontsuk ki, \u00e9s a n\u00f6v\u00e9nyt helyezz\u00fck el megfelel<\/strong><strong>\u0151<\/strong><strong> k\u00f6rnyezetben.<br \/>\nFontos: ha a n\u00f6v\u00e9ny nem r\u00e9szes\u00fcl megfelel<\/strong><strong>\u0151<\/strong><strong> gondoz\u00e1sban \u00e9s ennek k\u00f6vetkezt\u00e9ben k\u00e1rosodik vagy elpusztul, felel<\/strong><strong>\u0151<\/strong><strong>ss\u00e9get nem tudunk v\u00e1llalni.<\/strong><\/p>","protected":false},"excerpt":{"rendered":"<p><strong>A SikoSTOP KALCINIT k\u00f6rnyezetbar\u00e1t, kedvez\u0151 \u00e1rral<\/strong>, \u00e9s dinamikus j\u00e9golvaszt\u00f3 hat\u00e1ssal b\u00edr, ugyanakkor az\u00a0<strong>\u00fatsz\u00f3r\u00f3 s\u00f3val ellent\u00e9tben nem tartalmaz kloridot, nem k\u00e1ros a n\u00f6v\u00e9nyzetre, a kiskedvencek talp\u00e1t nem irrit\u00e1lja<\/strong>.<\/p>","protected":false},"featured_media":25853,"template":"","meta":{"_et_pb_use_builder":"","_et_pb_old_content":"","_et_gb_content_width":""},"product_brand":[],"product_cat":[948],"product_tag":[4674,7885,4451,7887,7886,4668,7884],"class_list":{"0":"post-25852","1":"product","2":"type-product","3":"status-publish","4":"has-post-thumbnail","6":"product_cat-csuszasmentesites","7":"product_tag-csuszasmentesito","8":"product_tag-jarda-jegoldas","9":"product_tag-jegoldo","10":"product_tag-kalcinit","11":"product_tag-parkolo-jegoldo","12":"product_tag-sikostop","13":"product_tag-teli-sikossagmentesites","15":"first","16":"instock","17":"shipping-taxable","18":"purchasable","19":"product-type-simple"},"yoast_head":"<!-- This site is optimized with the Yoast SEO plugin v27.4 - https:\/\/yoast.com\/product\/yoast-seo-wordpress\/ -->\n<title>SikoSTOP Kalcinit 10 kg - T\u00e1jkert\u00e9sz<\/title>\n<meta name=\"description\" content=\"SikoSTOP Kalcinit 10 kg kiszerel\u00e9sben. Gyors \u00e9s hat\u00e9kony megold\u00e1s jeges fel\u00fcletek cs\u00fasz\u00e1smentes\u00edt\u00e9s\u00e9re t\u00e9len. Hat\u00e9kony s\u00edkoss\u00e1gmentes\u00edt\u00e9s\" \/>\n<meta name=\"robots\" content=\"index, follow, max-snippet:-1, max-image-preview:large, max-video-preview:-1\" \/>\n<link rel=\"canonical\" href=\"https:\/\/tajkertesz.com\/en_US\/product\/sikostop-kalcinit-10-kg\/\" \/>\n<meta property=\"og:locale\" content=\"en_US\" \/>\n<meta property=\"og:type\" content=\"article\" \/>\n<meta property=\"og:title\" content=\"SikoSTOP Kalcinit 10 kg - T\u00e1jkert\u00e9sz\" \/>\n<meta property=\"og:description\" content=\"SikoSTOP Kalcinit 10 kg kiszerel\u00e9sben. Gyors \u00e9s hat\u00e9kony megold\u00e1s jeges fel\u00fcletek cs\u00fasz\u00e1smentes\u00edt\u00e9s\u00e9re t\u00e9len. Hat\u00e9kony s\u00edkoss\u00e1gmentes\u00edt\u00e9s\" \/>\n<meta property=\"og:url\" content=\"https:\/\/tajkertesz.com\/en_US\/product\/sikostop-kalcinit-10-kg\/\" \/>\n<meta property=\"og:site_name\" content=\"T\u00e1jkert\u00e9sz\" \/>\n<meta property=\"article:publisher\" content=\"https:\/\/www.facebook.com\/Tajkertesz\/\" \/>\n<meta property=\"article:modified_time\" content=\"2026-02-02T07:55:54+00:00\" \/>\n<meta property=\"og:image\" content=\"https:\/\/tajkertesz.com\/wp-content\/uploads\/2026\/01\/Sipocz-SikoStop-Kalcinit-mockup_front.jpg\" \/>\n\t<meta property=\"og:image:width\" content=\"1920\" \/>\n\t<meta property=\"og:image:height\" content=\"1920\" \/>\n\t<meta property=\"og:image:type\" content=\"image\/jpeg\" \/>\n<meta name=\"twitter:card\" content=\"summary_large_image\" \/>\n<meta name=\"twitter:label1\" content=\"Est. reading time\" \/>\n\t<meta name=\"twitter:data1\" content=\"3 minutes\" \/>\n<script type=\"application\/ld+json\" class=\"yoast-schema-graph\">{\"@context\":\"https:\\\/\\\/schema.org\",\"@graph\":[{\"@type\":\"WebPage\",\"@id\":\"https:\\\/\\\/tajkertesz.com\\\/termek\\\/sikostop-kalcinit-10-kg\\\/\",\"url\":\"https:\\\/\\\/tajkertesz.com\\\/termek\\\/sikostop-kalcinit-10-kg\\\/\",\"name\":\"SikoSTOP Kalcinit 10 kg - T\u00e1jkert\u00e9sz\",\"isPartOf\":{\"@id\":\"https:\\\/\\\/tajkertesz.com\\\/#website\"},\"primaryImageOfPage\":{\"@id\":\"https:\\\/\\\/tajkertesz.com\\\/termek\\\/sikostop-kalcinit-10-kg\\\/#primaryimage\"},\"image\":{\"@id\":\"https:\\\/\\\/tajkertesz.com\\\/termek\\\/sikostop-kalcinit-10-kg\\\/#primaryimage\"},\"thumbnailUrl\":\"https:\\\/\\\/tajkertesz.com\\\/wp-content\\\/uploads\\\/2026\\\/01\\\/Sipocz-SikoStop-Kalcinit-mockup_front.jpg\",\"datePublished\":\"2026-01-06T11:16:25+00:00\",\"dateModified\":\"2026-02-02T07:55:54+00:00\",\"description\":\"SikoSTOP Kalcinit 10 kg kiszerel\u00e9sben. Gyors \u00e9s hat\u00e9kony megold\u00e1s jeges fel\u00fcletek cs\u00fasz\u00e1smentes\u00edt\u00e9s\u00e9re t\u00e9len. Hat\u00e9kony s\u00edkoss\u00e1gmentes\u00edt\u00e9s\",\"breadcrumb\":{\"@id\":\"https:\\\/\\\/tajkertesz.com\\\/termek\\\/sikostop-kalcinit-10-kg\\\/#breadcrumb\"},\"inLanguage\":\"en-US\",\"potentialAction\":[{\"@type\":\"ReadAction\",\"target\":[\"https:\\\/\\\/tajkertesz.com\\\/termek\\\/sikostop-kalcinit-10-kg\\\/\"]}]},{\"@type\":\"ImageObject\",\"inLanguage\":\"en-US\",\"@id\":\"https:\\\/\\\/tajkertesz.com\\\/termek\\\/sikostop-kalcinit-10-kg\\\/#primaryimage\",\"url\":\"https:\\\/\\\/tajkertesz.com\\\/wp-content\\\/uploads\\\/2026\\\/01\\\/Sipocz-SikoStop-Kalcinit-mockup_front.jpg\",\"contentUrl\":\"https:\\\/\\\/tajkertesz.com\\\/wp-content\\\/uploads\\\/2026\\\/01\\\/Sipocz-SikoStop-Kalcinit-mockup_front.jpg\",\"width\":1920,\"height\":1920,\"caption\":\"SikoSTOP Kalcinit 10 kg\"},{\"@type\":\"BreadcrumbList\",\"@id\":\"https:\\\/\\\/tajkertesz.com\\\/termek\\\/sikostop-kalcinit-10-kg\\\/#breadcrumb\",\"itemListElement\":[{\"@type\":\"ListItem\",\"position\":1,\"name\":\"Home\",\"item\":\"https:\\\/\\\/tajkertesz.com\\\/\"},{\"@type\":\"ListItem\",\"position\":2,\"name\":\"Kezd\u0151lap\",\"item\":\"https:\\\/\\\/tajkertesz.com\\\/\"},{\"@type\":\"ListItem\",\"position\":3,\"name\":\"SikoSTOP Kalcinit 10 kg\"}]},{\"@type\":\"WebSite\",\"@id\":\"https:\\\/\\\/tajkertesz.com\\\/#website\",\"url\":\"https:\\\/\\\/tajkertesz.com\\\/\",\"name\":\"T\u00e1j-Kert\u00e9sz 84 Kft.\",\"description\":\"Kert\u00e9szeti kis- \u00e9s nagykeresked\u00e9s, D\u00edszn\u00f6v\u00e9ny web\u00e1ruh\u00e1z orsz\u00e1gos h\u00e1zhozsz\u00e1ll\u00edt\u00e1ssal!\",\"publisher\":{\"@id\":\"https:\\\/\\\/tajkertesz.com\\\/#organization\"},\"potentialAction\":[{\"@type\":\"SearchAction\",\"target\":{\"@type\":\"EntryPoint\",\"urlTemplate\":\"https:\\\/\\\/tajkertesz.com\\\/?s={search_term_string}\"},\"query-input\":{\"@type\":\"PropertyValueSpecification\",\"valueRequired\":true,\"valueName\":\"search_term_string\"}}],\"inLanguage\":\"en-US\"},{\"@type\":\"Organization\",\"@id\":\"https:\\\/\\\/tajkertesz.com\\\/#organization\",\"name\":\"T\u00e1j-Kert\u00e9sz 84 Kft.\",\"url\":\"https:\\\/\\\/tajkertesz.com\\\/\",\"logo\":{\"@type\":\"ImageObject\",\"inLanguage\":\"en-US\",\"@id\":\"https:\\\/\\\/tajkertesz.com\\\/#\\\/schema\\\/logo\\\/image\\\/\",\"url\":\"https:\\\/\\\/tajkertesz.com\\\/wp-content\\\/uploads\\\/2018\\\/02\\\/logo-2-e1518678052539.png\",\"contentUrl\":\"https:\\\/\\\/tajkertesz.com\\\/wp-content\\\/uploads\\\/2018\\\/02\\\/logo-2-e1518678052539.png\",\"width\":81,\"height\":140,\"caption\":\"T\u00e1j-Kert\u00e9sz 84 Kft.\"},\"image\":{\"@id\":\"https:\\\/\\\/tajkertesz.com\\\/#\\\/schema\\\/logo\\\/image\\\/\"},\"sameAs\":[\"https:\\\/\\\/www.facebook.com\\\/Tajkertesz\\\/\"]}]}<\/script>\n<!-- \/ Yoast SEO plugin. -->","yoast_head_json":{"title":"SikoSTOP Kalcinit 10 kg - T\u00e1jkert\u00e9sz","description":"SikoSTOP Kalcinit 10 kg kiszerel\u00e9sben. Gyors \u00e9s hat\u00e9kony megold\u00e1s jeges fel\u00fcletek cs\u00fasz\u00e1smentes\u00edt\u00e9s\u00e9re t\u00e9len. Hat\u00e9kony s\u00edkoss\u00e1gmentes\u00edt\u00e9s","robots":{"index":"index","follow":"follow","max-snippet":"max-snippet:-1","max-image-preview":"max-image-preview:large","max-video-preview":"max-video-preview:-1"},"canonical":"https:\/\/tajkertesz.com\/en_US\/product\/sikostop-kalcinit-10-kg\/","og_locale":"en_US","og_type":"article","og_title":"SikoSTOP Kalcinit 10 kg - T\u00e1jkert\u00e9sz","og_description":"SikoSTOP Kalcinit 10 kg kiszerel\u00e9sben. Gyors \u00e9s hat\u00e9kony megold\u00e1s jeges fel\u00fcletek cs\u00fasz\u00e1smentes\u00edt\u00e9s\u00e9re t\u00e9len. Hat\u00e9kony s\u00edkoss\u00e1gmentes\u00edt\u00e9s","og_url":"https:\/\/tajkertesz.com\/en_US\/product\/sikostop-kalcinit-10-kg\/","og_site_name":"T\u00e1jkert\u00e9sz","article_publisher":"https:\/\/www.facebook.com\/Tajkertesz\/","article_modified_time":"2026-02-02T07:55:54+00:00","og_image":[{"width":1920,"height":1920,"url":"https:\/\/tajkertesz.com\/wp-content\/uploads\/2026\/01\/Sipocz-SikoStop-Kalcinit-mockup_front.jpg","type":"image\/jpeg"}],"twitter_card":"summary_large_image","twitter_misc":{"Est. reading time":"3 minutes"},"schema":{"@context":"https:\/\/schema.org","@graph":[{"@type":"WebPage","@id":"https:\/\/tajkertesz.com\/termek\/sikostop-kalcinit-10-kg\/","url":"https:\/\/tajkertesz.com\/termek\/sikostop-kalcinit-10-kg\/","name":"SikoSTOP Kalcinit 10 kg - T\u00e1jkert\u00e9sz","isPartOf":{"@id":"https:\/\/tajkertesz.com\/#website"},"primaryImageOfPage":{"@id":"https:\/\/tajkertesz.com\/termek\/sikostop-kalcinit-10-kg\/#primaryimage"},"image":{"@id":"https:\/\/tajkertesz.com\/termek\/sikostop-kalcinit-10-kg\/#primaryimage"},"thumbnailUrl":"https:\/\/tajkertesz.com\/wp-content\/uploads\/2026\/01\/Sipocz-SikoStop-Kalcinit-mockup_front.jpg","datePublished":"2026-01-06T11:16:25+00:00","dateModified":"2026-02-02T07:55:54+00:00","description":"SikoSTOP Kalcinit 10 kg kiszerel\u00e9sben. Gyors \u00e9s hat\u00e9kony megold\u00e1s jeges fel\u00fcletek cs\u00fasz\u00e1smentes\u00edt\u00e9s\u00e9re t\u00e9len. Hat\u00e9kony s\u00edkoss\u00e1gmentes\u00edt\u00e9s","breadcrumb":{"@id":"https:\/\/tajkertesz.com\/termek\/sikostop-kalcinit-10-kg\/#breadcrumb"},"inLanguage":"en-US","potentialAction":[{"@type":"ReadAction","target":["https:\/\/tajkertesz.com\/termek\/sikostop-kalcinit-10-kg\/"]}]},{"@type":"ImageObject","inLanguage":"en-US","@id":"https:\/\/tajkertesz.com\/termek\/sikostop-kalcinit-10-kg\/#primaryimage","url":"https:\/\/tajkertesz.com\/wp-content\/uploads\/2026\/01\/Sipocz-SikoStop-Kalcinit-mockup_front.jpg","contentUrl":"https:\/\/tajkertesz.com\/wp-content\/uploads\/2026\/01\/Sipocz-SikoStop-Kalcinit-mockup_front.jpg","width":1920,"height":1920,"caption":"SikoSTOP Kalcinit 10 kg"},{"@type":"BreadcrumbList","@id":"https:\/\/tajkertesz.com\/termek\/sikostop-kalcinit-10-kg\/#breadcrumb","itemListElement":[{"@type":"ListItem","position":1,"name":"Home","item":"https:\/\/tajkertesz.com\/"},{"@type":"ListItem","position":2,"name":"Kezd\u0151lap","item":"https:\/\/tajkertesz.com\/"},{"@type":"ListItem","position":3,"name":"SikoSTOP Kalcinit 10 kg"}]},{"@type":"WebSite","@id":"https:\/\/tajkertesz.com\/#website","url":"https:\/\/tajkertesz.com\/","name":"T\u00e1j-Kert\u00e9sz 84 Kft.","description":"Kert\u00e9szeti kis- \u00e9s nagykeresked\u00e9s, D\u00edszn\u00f6v\u00e9ny web\u00e1ruh\u00e1z orsz\u00e1gos h\u00e1zhozsz\u00e1ll\u00edt\u00e1ssal!","publisher":{"@id":"https:\/\/tajkertesz.com\/#organization"},"potentialAction":[{"@type":"SearchAction","target":{"@type":"EntryPoint","urlTemplate":"https:\/\/tajkertesz.com\/?s={search_term_string}"},"query-input":{"@type":"PropertyValueSpecification","valueRequired":true,"valueName":"search_term_string"}}],"inLanguage":"en-US"},{"@type":"Organization","@id":"https:\/\/tajkertesz.com\/#organization","name":"T\u00e1j-Kert\u00e9sz 84 Kft.","url":"https:\/\/tajkertesz.com\/","logo":{"@type":"ImageObject","inLanguage":"en-US","@id":"https:\/\/tajkertesz.com\/#\/schema\/logo\/image\/","url":"https:\/\/tajkertesz.com\/wp-content\/uploads\/2018\/02\/logo-2-e1518678052539.png","contentUrl":"https:\/\/tajkertesz.com\/wp-content\/uploads\/2018\/02\/logo-2-e1518678052539.png","width":81,"height":140,"caption":"T\u00e1j-Kert\u00e9sz 84 Kft."},"image":{"@id":"https:\/\/tajkertesz.com\/#\/schema\/logo\/image\/"},"sameAs":["https:\/\/www.facebook.com\/Tajkertesz\/"]}]}},"_links":{"self":[{"href":"https:\/\/tajkertesz.com\/en_US\/wp-json\/wp\/v2\/product\/25852","targetHints":{"allow":["GET"]}}],"collection":[{"href":"https:\/\/tajkertesz.com\/en_US\/wp-json\/wp\/v2\/product"}],"about":[{"href":"https:\/\/tajkertesz.com\/en_US\/wp-json\/wp\/v2\/types\/product"}],"wp:featuredmedia":[{"embeddable":true,"href":"https:\/\/tajkertesz.com\/en_US\/wp-json\/wp\/v2\/media\/25853"}],"wp:attachment":[{"href":"https:\/\/tajkertesz.com\/en_US\/wp-json\/wp\/v2\/media?parent=25852"}],"wp:term":[{"taxonomy":"product_brand","embeddable":true,"href":"https:\/\/tajkertesz.com\/en_US\/wp-json\/wp\/v2\/product_brand?post=25852"},{"taxonomy":"product_cat","embeddable":true,"href":"https:\/\/tajkertesz.com\/en_US\/wp-json\/wp\/v2\/product_cat?post=25852"},{"taxonomy":"product_tag","embeddable":true,"href":"https:\/\/tajkertesz.com\/en_US\/wp-json\/wp\/v2\/product_tag?post=25852"}],"curies":[{"name":"wp","href":"https:\/\/api.w.org\/{rel}","templated":true}]}}