{"id":2591,"date":"2020-11-06T15:24:15","date_gmt":"2020-11-06T15:24:15","guid":{"rendered":"https:\/\/tajkertesz.com\/?post_type=product&#038;p=2591"},"modified":"2023-08-14T12:04:53","modified_gmt":"2023-08-14T12:04:53","slug":"cupressus-macrocarpa-goldcrest-arany-monterey-ciprus","status":"publish","type":"product","link":"https:\/\/tajkertesz.com\/en_US\/product\/cupressus-macrocarpa-goldcrest-arany-monterey-ciprus\/","title":{"rendered":"Cupressus macrocarpa &#8216;Goldcrest&#8217; , Arany monterey-ciprus"},"content":{"rendered":"<p>Cupressus macrocarpa &#8216;Goldcrest&#8217; &#8211; Arany monterey-ciprus<\/p>\n<p>A Cupressus macrocarpa &#8216;Goldcrest&#8217; &#8211; Arany monterey-ciprus \u00e9rdekess\u00e9ge, hogy a pikkelylevelei nem sz\u00farnak, arany sz\u00edn\u0171ek, citrom illat\u00faak.<\/p>\n<p>Koron\u00e1ja t\u00f6m\u00f6tt lomb\u00fa, s\u0171r\u0171 oszlop. \u00c1gai, hajt\u00e1sai felfel\u00e9 t\u00f6rekv\u0151ek. Kifejlett magass\u00e1ga 8-12 m\u00e9tert is el\u00e9rheti.<\/p>\n<p>K\u00f6zepes n\u00f6veked\u00e9s\u0171 \u00f6r\u00f6kz\u00f6ld.<\/p>\n<p>Napos, meleg, v\u00e9dett helyet kedvel. J\u00f3 sz\u00e1razs\u00e1gt\u0171r\u0151, nagy m<span style=\"color: #333333;\">eleg eset\u00e9n \u00f6nt\u00f6z\u00e9st ig\u00e9nyel. J\u00f3 v\u00edz elvezet\u00e9s\u0171 talajt kedvel.\u00a0<\/span><\/p>\n<p><span style=\"color: #333333;\">Haz\u00e1nk kl\u00edm\u00e1j\u00e1n az id\u0151sebb p\u00e9ld\u00e1nyok ak\u00e1r -15C -ig t\u00e9l\u00e1ll\u00f3k.\u00a0<\/span><\/p>\n<p><span style=\"color: #333333;\">\u00a0Nagyobb kertek szoliter \u00f6r\u00f6kz\u00f6ld n\u00f6v\u00e9nye.<\/span><\/p>\n<p>Az alapfaj Kaliforni\u00e1ban \u0151shonos. Sz\u00e9p alak\u00fa, k\u00f6z\u00e9p-nagy fa.<\/p>\n<p>A forma fenntart\u00e1sa folyamatos ny\u00edr\u00e1ssal val\u00f3s\u00edthat\u00f3 meg.<\/p>\n<p>Teljesen ellen\u00e1ll\u00f3 , \u00f6r\u00f6kz\u00f6ld fajta.<\/p>\n<p>Szoliter n\u00f6v\u00e9nyk\u00e9nt kert\u00fcnk csod\u00e1s d\u00edsze lehet.<\/p>\n<p>Ed\u00e9nyes n\u00f6v\u00e9nyk\u00e9nt is tarthat\u00f3, ebben az esetben rendszeres \u00f6nt\u00f6z\u00e9st ig\u00e9nyel.<\/p>\n<p>Nagyon j\u00f3 sz\u00e1razs\u00e1gt\u0171r\u0151, de sz\u00e9p sz\u00edn\u00e9t t\u00e1panyag ut\u00e1np\u00f3tl\u00e1ssal \u00e9s rendszeres \u00f6nt\u00f6z\u00e9ssel is el\u0151seg\u00edthetj\u00fck.<\/p>\n<p>Ak\u00e1r kertbe, ak\u00e1r kasp\u00f3ba \u00fcltetj\u00fck, ne feledkezz\u00fcnk meg a t\u00e1panyag ut\u00e1np\u00f3tl\u00e1sr\u00f3l .<\/p>\n<p>Kertbe \u00fcltet\u00e9skor javasoljuk a marhatr\u00e1gya haszn\u00e1lat\u00e1t az \u00fcltet\u0151 g\u00f6d\u00f6rbe, k\u00e9s\u0151bb pedig az Agrecol term\u00e9kcsal\u00e1d \u00f6r\u00f6kz\u00f6ldekhez kapcsol\u00f3d\u00f3 term\u00e9keit.<\/p>\n<p>Egzotikus sz\u00e9ps\u00e9g\u00e9vel b\u0151s\u00e9gesen megh\u00e1l\u00e1lja gondoskod\u00e1sunkat.<\/p>\n<p><strong>Jelen term\u00e9k\u00fcnk 18 literes kont\u00e9nerben kaphat\u00f3 120cm magas, egy hengerre \u00e9s egy pon-ponra ny\u00edrva.<\/strong><\/p>\n<p><a href=\"https:\/\/tajkertesz.com\/\">https:\/\/tajkertesz.com\/<\/a><\/p>\n<p><a href=\"https:\/\/hu.wikipedia.org\/wiki\/Monterey-ciprus\">https:\/\/hu.wikipedia.org\/wiki\/Monterey-ciprus<\/a><\/p>\n<h6><span style=\"color: #333333;\"><span id=\"Sz\u00e1rmaz\u00e1sa,_elterjed\u00e9se\" class=\"mw-headline\">Sz\u00e1rmaz\u00e1sa, elterjed\u00e9se<\/span><\/span><\/h6>\n<h6><span style=\"color: #333333;\"><a style=\"color: #333333;\" title=\"Kalifornia\" href=\"https:\/\/hu.wikipedia.org\/wiki\/Kalifornia\">Kalifornia<\/a>\u00a0partvid\u00e9ki \u00f6r\u00f6kz\u00f6ld erdeiben honos. Term\u00e9szetes \u00e1llom\u00e1nya csak\u00a0<a class=\"new\" style=\"color: #333333;\" title=\"Monterey (a lap nem l\u00e9tezik)\" href=\"https:\/\/hu.wikipedia.org\/w\/index.php?title=Monterey&amp;action=edit&amp;redlink=1\">Monterey<\/a>\u00a0k\u00f6rny\u00e9k\u00e9n van.<\/span><\/h6>\n<h6><span style=\"color: #333333;\"><span id=\"Megjelen.C3.A9se.2C_fel.C3.A9p.C3.ADt.C3.A9se\"><\/span><span id=\"Megjelen\u00e9se,_fel\u00e9p\u00edt\u00e9se\" class=\"mw-headline\">Megjelen\u00e9se, fel\u00e9p\u00edt\u00e9se<\/span><\/span><\/h6>\n<h6><span style=\"color: #333333;\">25 m\u00e9ter magasra n\u0151v\u0151 \u00f6r\u00f6kz\u00f6ld fa. Koron\u00e1ja eleinte k\u00fapos, az id\u0151sebb p\u00e9ld\u00e1nyok\u00e9 tereb\u00e9lyes. A k\u00e9rge v\u00f6r\u00f6sbarna, finoman bord\u00e1zott.<\/span><\/h6>\n<h6><span style=\"color: #333333;\">\u00c9l\u00e9nkz\u00f6ld, apr\u00f3 pikkelylevelei kihegyesednek, szorosan a hajt\u00e1shoz simulnak. Az \u00e1gacsk\u00e1k szab\u00e1lytalanok, illatosak.<\/span><\/h6>\n<h6><span style=\"color: #333333;\">A s\u00e1rga porz\u00f3s \u00e9s a z\u00f6ld term\u0151s tobozok kis hajt\u00e1sv\u00e9gi csom\u00f3kban tavasszal vagy ny\u00e1r elej\u00e9n ny\u00edlnak.\u00a0 Toboza g\u00f6mb alak\u00fa, el\u00e9rheti az 5 cm-t, \u00e9retten megbarnul.\u00a0 Pikkelyein r\u00f6vid, tompa ny\u00falv\u00e1ny van.<\/span><\/h6>\n<h6><span style=\"color: #333333;\"><span id=\".C3.89letm.C3.B3dja.2C_term.C5.91helye\"><\/span><span id=\"\u00c9letm\u00f3dja,_term\u0151helye\" class=\"mw-headline\">\u00c9letm\u00f3dja, term\u0151helye<\/span><\/span><\/h6>\n<h6><span style=\"color: #333333;\">A meleg, p\u00e1r\u00e1s helyeket kedveli. Fagy\u00e9rz\u00e9keny; Magyarorsz\u00e1gon biztons\u00e1gosan csak hidegh\u00e1zban teleltethet\u0151 (J\u00f3zsa).<\/span><\/h6>\n<h6><span style=\"color: #333333;\"><span id=\"Kert.C3.A9szeti_v.C3.A1ltozatok\"><\/span><span id=\"Kert\u00e9szeti_v\u00e1ltozatok\" class=\"mw-headline\">Kert\u00e9szeti v\u00e1ltozatok<\/span><\/span><\/h6>\n<h6><span style=\"color: #333333;\">Sok v\u00e1ltozat\u00e1t nemes\u00edtett\u00e9k\u2013szelekt\u00e1lt\u00e1k ki.<\/span><\/h6>\n<h6><span style=\"color: #333333;\"><i>Goldcrest<\/i>\u00a0\u2014 felt\u0171n\u0151, \u00e9l\u00e9nk aranys\u00e1rga lomb\u00fa.<\/span><\/h6>\n<p>&nbsp;<\/p>\n<p>&nbsp;<\/p>","protected":false},"excerpt":{"rendered":"<p>A Cupressus macrocarpa &#8216;Goldcrest&#8217; , Arany monterey-ciprus \u00e9rdekess\u00e9ge hogy a pikkelylevelei nem sz\u00farnak,\u00a0arany sz\u00edn\u0171ek, citrom\u00a0illat\u00faak.<\/p>\n<p>Koron\u00e1ja t\u00f6m\u00f6tt lomb\u00fa, s\u0171r\u0171 oszlop. \u00c1gai, hajt\u00e1sai felfel\u00e9 t\u00f6rekv\u0151ek.<\/p>\n<p>Kifejlett magass\u00e1ga 8-12m.<\/p>\n<p>Pikkelylevelei nem sz\u00farnak, arany sz\u00edn\u0171ek, citrom illat\u00faak.<\/p>\n<p>K\u00f6zepes n\u00f6veked\u00e9s\u0171.<\/p>\n<p>Napos, meleg, v\u00e9dett helyet kedvel. J\u00f3 sz\u00e1razs\u00e1gt\u0171r\u0151, nagy m<span style=\"color: #333333;\">eleg eset\u00e9n \u00f6nt\u00f6z\u00e9st ig\u00e9nyel. J\u00f3 v\u00edzelvezet\u00e9s\u0171 talajt ig\u00e9nyel.\u00a0<\/span><\/p>\n<p><span style=\"color: #333333;\">Haz\u00e1nk kl\u00edm\u00e1j\u00e1n az id\u0151sebb p\u00e9ld\u00e1nyok -15C -ig t\u00e9l\u00e1ll\u00f3k.\u00a0<\/span><\/p>\n<p><span style=\"color: #333333;\">\u00a0Nagyobb kertek szoliter \u00f6r\u00f6kz\u00f6ld n\u00f6v\u00e9nye.<\/span><\/p>\n<p>Az alapfaj Kaliforni\u00e1ban honos, sz\u00e9p alak\u00fa, k\u00f6z\u00e9p-nagy fa, amely haz\u00e1nkban.<\/p>\n<p>Egzotikus sz\u00e9ps\u00e9g\u00e9vel b\u0151s\u00e9gesen megh\u00e1l\u00e1lja gondoskod\u00e1sunkat.<\/p>","protected":false},"featured_media":2592,"template":"","meta":{"_et_pb_use_builder":"","_et_pb_old_content":"","_et_gb_content_width":""},"product_brand":[],"product_cat":[32],"product_tag":[916,917,915],"class_list":{"0":"post-2591","1":"product","2":"type-product","3":"status-publish","4":"has-post-thumbnail","6":"product_cat-formanovenyek-alakfak","7":"product_tag-arany-monterey-ciprus","8":"product_tag-ciprus","9":"product_tag-cupressus-macrocarpa-goldcrest","11":"first","12":"outofstock","13":"shipping-taxable","14":"purchasable","15":"product-type-simple"},"yoast_head":"<!-- This site is optimized with the Yoast SEO plugin v27.5 - https:\/\/yoast.com\/product\/yoast-seo-wordpress\/ -->\n<title>Cupressus macrocarpa &#039;Goldcrest&#039; , Arany monterey-ciprus - T\u00e1jkert\u00e9sz<\/title>\n<meta name=\"description\" content=\"A Cupressus macrocarpa &#039;Goldcrest&#039; , Arany monterey-ciprus \u00e9rdekess\u00e9ge hogy a pikkelylevelei nem sz\u00farnak,\u00a0arany sz\u00edn\u0171ek, citrom\u00a0illat\u00faak.\u00a0\" \/>\n<meta name=\"robots\" content=\"index, follow, max-snippet:-1, max-image-preview:large, max-video-preview:-1\" \/>\n<link rel=\"canonical\" href=\"https:\/\/tajkertesz.com\/en_US\/product\/cupressus-macrocarpa-goldcrest-arany-monterey-ciprus\/\" \/>\n<meta property=\"og:locale\" content=\"en_US\" \/>\n<meta property=\"og:type\" content=\"article\" \/>\n<meta property=\"og:title\" content=\"Cupressus macrocarpa &#039;Goldcrest&#039; , Arany monterey-ciprus - T\u00e1jkert\u00e9sz\" \/>\n<meta property=\"og:description\" content=\"A Cupressus macrocarpa &#039;Goldcrest&#039; , Arany monterey-ciprus \u00e9rdekess\u00e9ge hogy a pikkelylevelei nem sz\u00farnak,\u00a0arany sz\u00edn\u0171ek, citrom\u00a0illat\u00faak.\u00a0\" \/>\n<meta property=\"og:url\" content=\"https:\/\/tajkertesz.com\/en_US\/product\/cupressus-macrocarpa-goldcrest-arany-monterey-ciprus\/\" \/>\n<meta property=\"og:site_name\" content=\"T\u00e1jkert\u00e9sz\" \/>\n<meta property=\"article:publisher\" content=\"https:\/\/www.facebook.com\/Tajkertesz\/\" \/>\n<meta property=\"article:modified_time\" content=\"2023-08-14T12:04:53+00:00\" \/>\n<meta property=\"og:image\" content=\"https:\/\/tajkertesz.com\/wp-content\/uploads\/2020\/11\/Cupressocyparis-Goldcrest.jpg\" \/>\n\t<meta property=\"og:image:width\" content=\"422\" \/>\n\t<meta property=\"og:image:height\" content=\"937\" \/>\n\t<meta property=\"og:image:type\" content=\"image\/jpeg\" \/>\n<meta name=\"twitter:card\" content=\"summary_large_image\" \/>\n<meta name=\"twitter:label1\" content=\"Est. reading time\" \/>\n\t<meta name=\"twitter:data1\" content=\"2 minutes\" \/>\n<script type=\"application\/ld+json\" class=\"yoast-schema-graph\">{\"@context\":\"https:\\\/\\\/schema.org\",\"@graph\":[{\"@type\":\"WebPage\",\"@id\":\"https:\\\/\\\/tajkertesz.com\\\/termek\\\/cupressus-macrocarpa-goldcrest-arany-monterey-ciprus\\\/\",\"url\":\"https:\\\/\\\/tajkertesz.com\\\/termek\\\/cupressus-macrocarpa-goldcrest-arany-monterey-ciprus\\\/\",\"name\":\"Cupressus macrocarpa 'Goldcrest' , Arany monterey-ciprus - T\u00e1jkert\u00e9sz\",\"isPartOf\":{\"@id\":\"https:\\\/\\\/tajkertesz.com\\\/#website\"},\"primaryImageOfPage\":{\"@id\":\"https:\\\/\\\/tajkertesz.com\\\/termek\\\/cupressus-macrocarpa-goldcrest-arany-monterey-ciprus\\\/#primaryimage\"},\"image\":{\"@id\":\"https:\\\/\\\/tajkertesz.com\\\/termek\\\/cupressus-macrocarpa-goldcrest-arany-monterey-ciprus\\\/#primaryimage\"},\"thumbnailUrl\":\"https:\\\/\\\/tajkertesz.com\\\/wp-content\\\/uploads\\\/2020\\\/11\\\/Cupressocyparis-Goldcrest.jpg\",\"datePublished\":\"2020-11-06T15:24:15+00:00\",\"dateModified\":\"2023-08-14T12:04:53+00:00\",\"description\":\"A Cupressus macrocarpa 'Goldcrest' , Arany monterey-ciprus \u00e9rdekess\u00e9ge hogy a pikkelylevelei nem sz\u00farnak,\u00a0arany sz\u00edn\u0171ek, citrom\u00a0illat\u00faak.\u00a0\",\"breadcrumb\":{\"@id\":\"https:\\\/\\\/tajkertesz.com\\\/termek\\\/cupressus-macrocarpa-goldcrest-arany-monterey-ciprus\\\/#breadcrumb\"},\"inLanguage\":\"en-US\",\"potentialAction\":[{\"@type\":\"ReadAction\",\"target\":[\"https:\\\/\\\/tajkertesz.com\\\/termek\\\/cupressus-macrocarpa-goldcrest-arany-monterey-ciprus\\\/\"]}]},{\"@type\":\"ImageObject\",\"inLanguage\":\"en-US\",\"@id\":\"https:\\\/\\\/tajkertesz.com\\\/termek\\\/cupressus-macrocarpa-goldcrest-arany-monterey-ciprus\\\/#primaryimage\",\"url\":\"https:\\\/\\\/tajkertesz.com\\\/wp-content\\\/uploads\\\/2020\\\/11\\\/Cupressocyparis-Goldcrest.jpg\",\"contentUrl\":\"https:\\\/\\\/tajkertesz.com\\\/wp-content\\\/uploads\\\/2020\\\/11\\\/Cupressocyparis-Goldcrest.jpg\",\"width\":422,\"height\":937},{\"@type\":\"BreadcrumbList\",\"@id\":\"https:\\\/\\\/tajkertesz.com\\\/termek\\\/cupressus-macrocarpa-goldcrest-arany-monterey-ciprus\\\/#breadcrumb\",\"itemListElement\":[{\"@type\":\"ListItem\",\"position\":1,\"name\":\"Home\",\"item\":\"https:\\\/\\\/tajkertesz.com\\\/\"},{\"@type\":\"ListItem\",\"position\":2,\"name\":\"Kezd\u0151lap\",\"item\":\"https:\\\/\\\/tajkertesz.com\\\/\"},{\"@type\":\"ListItem\",\"position\":3,\"name\":\"Cupressus macrocarpa &#8216;Goldcrest&#8217; , Arany monterey-ciprus\"}]},{\"@type\":\"WebSite\",\"@id\":\"https:\\\/\\\/tajkertesz.com\\\/#website\",\"url\":\"https:\\\/\\\/tajkertesz.com\\\/\",\"name\":\"T\u00e1j-Kert\u00e9sz 84 Kft.\",\"description\":\"Kert\u00e9szeti kis- \u00e9s nagykeresked\u00e9s, D\u00edszn\u00f6v\u00e9ny web\u00e1ruh\u00e1z orsz\u00e1gos h\u00e1zhozsz\u00e1ll\u00edt\u00e1ssal!\",\"publisher\":{\"@id\":\"https:\\\/\\\/tajkertesz.com\\\/#organization\"},\"potentialAction\":[{\"@type\":\"SearchAction\",\"target\":{\"@type\":\"EntryPoint\",\"urlTemplate\":\"https:\\\/\\\/tajkertesz.com\\\/?s={search_term_string}\"},\"query-input\":{\"@type\":\"PropertyValueSpecification\",\"valueRequired\":true,\"valueName\":\"search_term_string\"}}],\"inLanguage\":\"en-US\"},{\"@type\":\"Organization\",\"@id\":\"https:\\\/\\\/tajkertesz.com\\\/#organization\",\"name\":\"T\u00e1j-Kert\u00e9sz 84 Kft.\",\"url\":\"https:\\\/\\\/tajkertesz.com\\\/\",\"logo\":{\"@type\":\"ImageObject\",\"inLanguage\":\"en-US\",\"@id\":\"https:\\\/\\\/tajkertesz.com\\\/#\\\/schema\\\/logo\\\/image\\\/\",\"url\":\"https:\\\/\\\/tajkertesz.com\\\/wp-content\\\/uploads\\\/2018\\\/02\\\/logo-2-e1518678052539.png\",\"contentUrl\":\"https:\\\/\\\/tajkertesz.com\\\/wp-content\\\/uploads\\\/2018\\\/02\\\/logo-2-e1518678052539.png\",\"width\":81,\"height\":140,\"caption\":\"T\u00e1j-Kert\u00e9sz 84 Kft.\"},\"image\":{\"@id\":\"https:\\\/\\\/tajkertesz.com\\\/#\\\/schema\\\/logo\\\/image\\\/\"},\"sameAs\":[\"https:\\\/\\\/www.facebook.com\\\/Tajkertesz\\\/\"]}]}<\/script>\n<!-- \/ Yoast SEO plugin. -->","yoast_head_json":{"title":"Cupressus macrocarpa 'Goldcrest' , Arany monterey-ciprus - T\u00e1jkert\u00e9sz","description":"A Cupressus macrocarpa 'Goldcrest' , Arany monterey-ciprus \u00e9rdekess\u00e9ge hogy a pikkelylevelei nem sz\u00farnak,\u00a0arany sz\u00edn\u0171ek, citrom\u00a0illat\u00faak.\u00a0","robots":{"index":"index","follow":"follow","max-snippet":"max-snippet:-1","max-image-preview":"max-image-preview:large","max-video-preview":"max-video-preview:-1"},"canonical":"https:\/\/tajkertesz.com\/en_US\/product\/cupressus-macrocarpa-goldcrest-arany-monterey-ciprus\/","og_locale":"en_US","og_type":"article","og_title":"Cupressus macrocarpa 'Goldcrest' , Arany monterey-ciprus - T\u00e1jkert\u00e9sz","og_description":"A Cupressus macrocarpa 'Goldcrest' , Arany monterey-ciprus \u00e9rdekess\u00e9ge hogy a pikkelylevelei nem sz\u00farnak,\u00a0arany sz\u00edn\u0171ek, citrom\u00a0illat\u00faak.\u00a0","og_url":"https:\/\/tajkertesz.com\/en_US\/product\/cupressus-macrocarpa-goldcrest-arany-monterey-ciprus\/","og_site_name":"T\u00e1jkert\u00e9sz","article_publisher":"https:\/\/www.facebook.com\/Tajkertesz\/","article_modified_time":"2023-08-14T12:04:53+00:00","og_image":[{"width":422,"height":937,"url":"https:\/\/tajkertesz.com\/wp-content\/uploads\/2020\/11\/Cupressocyparis-Goldcrest.jpg","type":"image\/jpeg"}],"twitter_card":"summary_large_image","twitter_misc":{"Est. reading time":"2 minutes"},"schema":{"@context":"https:\/\/schema.org","@graph":[{"@type":"WebPage","@id":"https:\/\/tajkertesz.com\/termek\/cupressus-macrocarpa-goldcrest-arany-monterey-ciprus\/","url":"https:\/\/tajkertesz.com\/termek\/cupressus-macrocarpa-goldcrest-arany-monterey-ciprus\/","name":"Cupressus macrocarpa 'Goldcrest' , Arany monterey-ciprus - T\u00e1jkert\u00e9sz","isPartOf":{"@id":"https:\/\/tajkertesz.com\/#website"},"primaryImageOfPage":{"@id":"https:\/\/tajkertesz.com\/termek\/cupressus-macrocarpa-goldcrest-arany-monterey-ciprus\/#primaryimage"},"image":{"@id":"https:\/\/tajkertesz.com\/termek\/cupressus-macrocarpa-goldcrest-arany-monterey-ciprus\/#primaryimage"},"thumbnailUrl":"https:\/\/tajkertesz.com\/wp-content\/uploads\/2020\/11\/Cupressocyparis-Goldcrest.jpg","datePublished":"2020-11-06T15:24:15+00:00","dateModified":"2023-08-14T12:04:53+00:00","description":"A Cupressus macrocarpa 'Goldcrest' , Arany monterey-ciprus \u00e9rdekess\u00e9ge hogy a pikkelylevelei nem sz\u00farnak,\u00a0arany sz\u00edn\u0171ek, citrom\u00a0illat\u00faak.\u00a0","breadcrumb":{"@id":"https:\/\/tajkertesz.com\/termek\/cupressus-macrocarpa-goldcrest-arany-monterey-ciprus\/#breadcrumb"},"inLanguage":"en-US","potentialAction":[{"@type":"ReadAction","target":["https:\/\/tajkertesz.com\/termek\/cupressus-macrocarpa-goldcrest-arany-monterey-ciprus\/"]}]},{"@type":"ImageObject","inLanguage":"en-US","@id":"https:\/\/tajkertesz.com\/termek\/cupressus-macrocarpa-goldcrest-arany-monterey-ciprus\/#primaryimage","url":"https:\/\/tajkertesz.com\/wp-content\/uploads\/2020\/11\/Cupressocyparis-Goldcrest.jpg","contentUrl":"https:\/\/tajkertesz.com\/wp-content\/uploads\/2020\/11\/Cupressocyparis-Goldcrest.jpg","width":422,"height":937},{"@type":"BreadcrumbList","@id":"https:\/\/tajkertesz.com\/termek\/cupressus-macrocarpa-goldcrest-arany-monterey-ciprus\/#breadcrumb","itemListElement":[{"@type":"ListItem","position":1,"name":"Home","item":"https:\/\/tajkertesz.com\/"},{"@type":"ListItem","position":2,"name":"Kezd\u0151lap","item":"https:\/\/tajkertesz.com\/"},{"@type":"ListItem","position":3,"name":"Cupressus macrocarpa &#8216;Goldcrest&#8217; , Arany monterey-ciprus"}]},{"@type":"WebSite","@id":"https:\/\/tajkertesz.com\/#website","url":"https:\/\/tajkertesz.com\/","name":"T\u00e1j-Kert\u00e9sz 84 Kft.","description":"Kert\u00e9szeti kis- \u00e9s nagykeresked\u00e9s, D\u00edszn\u00f6v\u00e9ny web\u00e1ruh\u00e1z orsz\u00e1gos h\u00e1zhozsz\u00e1ll\u00edt\u00e1ssal!","publisher":{"@id":"https:\/\/tajkertesz.com\/#organization"},"potentialAction":[{"@type":"SearchAction","target":{"@type":"EntryPoint","urlTemplate":"https:\/\/tajkertesz.com\/?s={search_term_string}"},"query-input":{"@type":"PropertyValueSpecification","valueRequired":true,"valueName":"search_term_string"}}],"inLanguage":"en-US"},{"@type":"Organization","@id":"https:\/\/tajkertesz.com\/#organization","name":"T\u00e1j-Kert\u00e9sz 84 Kft.","url":"https:\/\/tajkertesz.com\/","logo":{"@type":"ImageObject","inLanguage":"en-US","@id":"https:\/\/tajkertesz.com\/#\/schema\/logo\/image\/","url":"https:\/\/tajkertesz.com\/wp-content\/uploads\/2018\/02\/logo-2-e1518678052539.png","contentUrl":"https:\/\/tajkertesz.com\/wp-content\/uploads\/2018\/02\/logo-2-e1518678052539.png","width":81,"height":140,"caption":"T\u00e1j-Kert\u00e9sz 84 Kft."},"image":{"@id":"https:\/\/tajkertesz.com\/#\/schema\/logo\/image\/"},"sameAs":["https:\/\/www.facebook.com\/Tajkertesz\/"]}]}},"_links":{"self":[{"href":"https:\/\/tajkertesz.com\/en_US\/wp-json\/wp\/v2\/product\/2591","targetHints":{"allow":["GET"]}}],"collection":[{"href":"https:\/\/tajkertesz.com\/en_US\/wp-json\/wp\/v2\/product"}],"about":[{"href":"https:\/\/tajkertesz.com\/en_US\/wp-json\/wp\/v2\/types\/product"}],"wp:featuredmedia":[{"embeddable":true,"href":"https:\/\/tajkertesz.com\/en_US\/wp-json\/wp\/v2\/media\/2592"}],"wp:attachment":[{"href":"https:\/\/tajkertesz.com\/en_US\/wp-json\/wp\/v2\/media?parent=2591"}],"wp:term":[{"taxonomy":"product_brand","embeddable":true,"href":"https:\/\/tajkertesz.com\/en_US\/wp-json\/wp\/v2\/product_brand?post=2591"},{"taxonomy":"product_cat","embeddable":true,"href":"https:\/\/tajkertesz.com\/en_US\/wp-json\/wp\/v2\/product_cat?post=2591"},{"taxonomy":"product_tag","embeddable":true,"href":"https:\/\/tajkertesz.com\/en_US\/wp-json\/wp\/v2\/product_tag?post=2591"}],"curies":[{"name":"wp","href":"https:\/\/api.w.org\/{rel}","templated":true}]}}