{"id":25914,"date":"2026-01-19T10:09:33","date_gmt":"2026-01-19T10:09:33","guid":{"rendered":"https:\/\/tajkertesz.com\/?post_type=product&#038;p=25914"},"modified":"2026-01-19T10:09:40","modified_gmt":"2026-01-19T10:09:40","slug":"danuba-vitanova-lombtragya-02l","status":"publish","type":"product","link":"https:\/\/tajkertesz.com\/en_US\/product\/danuba-vitanova-lombtragya-02l\/","title":{"rendered":"Danuba VitaNova lombtr\u00e1gya 0,2L."},"content":{"rendered":"<h1>Danuba VitaNova lombtr\u00e1gya 0,2L.<\/h1>\n<p>Danuba VitaNova lombtr\u00e1gya 0,2L.<\/p>\n<p><b>Mire j\u00f3 a VitaNova?\u00a0<\/b><strong>Mik is ezek a fontos mikroelemek?<\/strong><\/p>\n<ul>\n<li><strong>Vas:<\/strong>\u00a0hi\u00e1ny\u00e1ban kis\u00e1rgulnak a levelek, klor\u00f3zis alakul ki. K\u00f6zponti eleme a klorofillnak, ami a f\u00e9nyt k\u00f6ti meg a fotoszint\u00e9zis sor\u00e1n. Ekkor \u00e1ll\u00edt el\u0151 a n\u00f6v\u00e9ny v\u00edzb\u0151l \u00e9s sz\u00e9ndioxidb\u00f3l cukrot. L\u00fagos, 7 feletti pH felett a n\u00f6v\u00e9ny nem tudja felvenni a talajb\u00f3l, \u00edgy azt lev\u00e9len kell p\u00f3tolni. K\u00fcl\u00f6n\u00f6sen \u00e9rz\u00e9keny a vas hi\u00e1nyra az \u00e1fonya f\u00e9l\u00e9k, rhododendron, hortenzia, sz\u0151l\u0151, paprika \u00e9s paradicsom.<\/li>\n<li><strong>R\u00e9z:<\/strong>\u00a0hi\u00e1ny\u00e1ban a lev\u00e9lcs\u00facsok kifeh\u00e9rednek. Fontos szerepe van az enzimatikus \u00e9s hormon\u00e1lis folyamatokban.<\/li>\n<li><strong>Cink<\/strong>: hi\u00e1ny\u00e1ban a levelek kifeh\u00e9rednek \u00e9s kicsik maradnak. Fontos szerepe van a feh\u00e9rje \u00e9s sz\u00e9nhidr\u00e1t anyagcser\u00e9ben..<\/li>\n<li><strong>Mang\u00e1n<\/strong>: hi\u00e1ny\u00e1ban gyeng\u00e9n fejlett lesz a n\u00f6v\u00e9ny. Fontos szerepe van pl. a fotoszint\u00e9zisben \u00e9s az auxin n\u00f6v\u00e9nyi hormon kialakul\u00e1s\u00e1ban.<\/li>\n<li><strong>Molibd\u00e9n<\/strong>: hi\u00e1nya eset\u00e9n a levelek s\u00e1rgulnak \u00e9s t\u00f6rpe lehet a n\u00f6veked\u00e9s. Kulcsszerepe van a nitrog\u00e9n t\u00e1pelem feldolgoz\u00e1s\u00e1ban. K\u00fcl\u00f6n\u00f6sen pillang\u00f3s n\u00f6v\u00e9nyek pl. bab, bors\u00f3 \u00e9s a k\u00e1posztaf\u00e9l\u00e9k eset\u00e9n lehet v\u00e9gzetes a hi\u00e1nya.<\/li>\n<li><strong>B\u00f3r<\/strong>: hi\u00e1nya eset\u00e9n torz lesz a n\u00f6v\u00e9ny n\u00f6veked\u00e9se. Rendk\u00edv\u00fcl fontos szerepe van a sejtfal fel\u00e9p\u00edt\u00e9s\u00e9ben \u00e9s a vir\u00e1gz\u00e1sban.<\/li>\n<\/ul>\n<p><strong>\ud83d\udd04 K\u00e9szletinform\u00e1ci\u00f3<\/strong><\/p>\n<p><strong>K\u00e9szlet\u00fcnk napi szinten v\u00e1ltozik, \u00edgy a webshopban szerepl<\/strong><strong>\u0151<\/strong><strong> term\u00e9kek el\u00e9rhet<\/strong><strong>\u0151<\/strong><strong>s\u00e9ge nem garant\u00e1lt.<br \/>\n\ud83d\udcde A megrendel\u00e9s el<\/strong><strong>\u0151<\/strong><strong>tt k\u00e9rj\u00fck, \u00e9rdekl<\/strong><strong>\u0151<\/strong><strong>dj\u00f6n szem\u00e9lyesen, telefonon vagy e-mailben!<\/strong><\/p>\n<p><strong>\u27a1\ufe0f Kapcsolat:<\/strong><\/p>\n<ul>\n<li><strong>Weboldal: <\/strong><a href=\"https:\/\/tajkertesz.com\"><strong>tajkertesz.com<\/strong><\/a><\/li>\n<li><strong>Facebook: <\/strong><a href=\"https:\/\/www.facebook.com\/tajkertesz\/\"><strong>facebook.com\/tajkertesz<\/strong><\/a><\/li>\n<li><strong>Telefonsz\u00e1m, e-mail: +36\/20-319-3770 <\/strong><a href=\"mailto:info@tajkertesz.hu\"><strong>info@tajkertesz.hu<\/strong><\/a><\/li>\n<\/ul>\n<p><strong>\ud83d\ude9a Sz\u00e1ll\u00edt\u00e1si inform\u00e1ci\u00f3k<\/strong><\/p>\n<p><strong>A megrendelt n\u00f6v\u00e9nyek kisz\u00e1ll\u00edt\u00e1sa az al\u00e1bbi felt\u00e9telek mellett t\u00f6rt\u00e9nik:<\/strong><\/p>\n<p><strong>\ud83d\udce6 Fut\u00e1rszolg\u00e1latos sz\u00e1ll\u00edt\u00e1s<\/strong><\/p>\n<ul>\n<li><strong>Maxim\u00e1lis m\u00e9ret: 200 cm (hossz\u00fas\u00e1g)<\/strong><\/li>\n<li><strong>Maxim\u00e1lis s\u00faly: 40 kg<\/strong><\/li>\n<li><strong>Az enn\u00e9l kisebb \u00e9s k\u00f6nnyebb csomagokat fut\u00e1rszolg\u00e1lattal k\u00e9zbes\u00edtj\u00fck a lehet<\/strong><strong>\u0151<\/strong><strong> legbiztons\u00e1gosabb csomagol\u00e1sban.<\/strong><\/li>\n<\/ul>\n<p><strong>\ud83d\udefb Szem\u00e9lyes \u00e1tv\u00e9tel<\/strong><\/p>\n<ul>\n<li><strong>1173 Budapest, Bakancsos utca 7. sz\u00e1m alatt nyitvatart\u00e1si id<\/strong><strong>\u0151<\/strong><strong>ben szem\u00e9lyesen \u00e1tvehet<\/strong><strong>\u0151<\/strong><strong> kert\u00e9szeti \u00e1rud\u00e1nkban.<\/strong><\/li>\n<li><strong>K\u00f6lts\u00e9ghat\u00e9kony megold\u00e1s nagyobb, t\u00f6r\u00e9kenyebb vagy t\u00falm\u00e9retes n\u00f6v\u00e9nyek eset\u00e9n.<\/strong><\/li>\n<\/ul>\n<p><strong>\ud83d\udcde Nagy m\u00e9ret<\/strong><strong>\u0171<\/strong><strong> vagy s\u00faly\u00fa n\u00f6v\u00e9nyek eset\u00e9n<\/strong><\/p>\n<p><strong>Ha a term\u00e9k:<\/strong><\/p>\n<ul>\n<li><strong>meghaladja a 200 cm hossz\u00fas\u00e1got vagy<\/strong><\/li>\n<li><strong>meghaladja a 40 kg s\u00falyt,<\/strong><\/li>\n<\/ul>\n<p><strong>akkor szem\u00e9lyes \u00e1tv\u00e9tellel vagy egyedi, el<\/strong><strong>\u0151<\/strong><strong>re egyeztetett sz\u00e1ll\u00edt\u00e1si felt\u00e9telek mellett t\u00f6rt\u00e9nik.<br \/>\nK\u00e9rj\u00fck, ilyen esetben rendel\u00e9s el<\/strong><strong>\u0151<\/strong><strong>tt vegye fel vel\u00fcnk a kapcsolatot, hogy a lehet<\/strong><strong>\u0151<\/strong><strong> legmegfelel<\/strong><strong>\u0151<\/strong><strong>bb sz\u00e1ll\u00edt\u00e1si megold\u00e1st k\u00edn\u00e1lhassuk.<\/strong><\/p>\n<p>&nbsp;<\/p>","protected":false},"excerpt":{"rendered":"<div class=\"page\" title=\"Page 5\">\n<div class=\"section\">\n<div class=\"layoutArea\">\n<div class=\"column\">\n<p><strong>D\u00f3zis<\/strong><\/p>\n<p>Lombtr\u00e1gyak\u00e9nt, 0,5-1 dl\/ 10 liter v\u00edz<\/p>\n<p>\u00d6sszet\u00e9tele:<\/p>\n<p><img decoding=\"async\" src=\"https:\/\/danubagarden.hu\/wp-content\/uploads\/VitaNova-osszetetel.png\" alt=\"VitaNova-\u00f6sszet\u00e9tel\" \/><\/p>\n<p>pH: 4,0-5,5 (enyh\u00e9n savas)<br \/>\ns\u0171r\u0171s\u00e9ge: 1,28 kg\/liter<\/p>\n<div class=\"elementor-element elementor-element-857caab elementor-widget elementor-widget-heading\" data-id=\"857caab\" data-element_type=\"widget\" data-widget_type=\"heading.default\">\n<div class=\"elementor-widget-container\">\n<h3 class=\"elementor-heading-title elementor-size-default\">Mi\u00e9rt ezt v\u00e1lasszam?<\/h3>\n<\/div>\n<\/div>\n<div class=\"elementor-element elementor-element-94ccfe8 elementor-widget elementor-widget-jet-listing-dynamic-field\" data-id=\"94ccfe8\" data-element_type=\"widget\" data-widget_type=\"jet-listing-dynamic-field.default\">\n<div class=\"elementor-widget-container\">\n<div class=\"jet-listing jet-listing-dynamic-field display-inline\">\n<div class=\"jet-listing-dynamic-field__inline-wrap\">\n<div class=\"jet-listing-dynamic-field__content\">\n<ol>\n<li>A term\u00e9k bio, organikus n\u00f6v\u00e9nytermeszt\u00e9sben is felhaszn\u00e1lhat\u00f3<\/li>\n<li>A benne l\u00e9v\u0151 f\u00e9mes mikroelemek egy speci\u00e1lis cukor kel\u00e1ttal (hepta-gl\u00fckon sav) vannak megalkotva, \u00edgy azok jobban felvehet\u0151ek a n\u00f6v\u00e9ny sz\u00e1m\u00e1ra<\/li>\n<li>Mind a 6 f\u00e9le fontos mikroelemet emelt d\u00f3zisban tartalmazza<\/li>\n<\/ol>\n<\/div>\n<\/div>\n<\/div>\n<\/div>\n<\/div>\n<p><a href=\"https:\/\/danubagarden.hu\/wp-content\/uploads\/Biztonsagi-adatlap-Optima-Organic-Mikro.pdf\">BIZTONS\u00c1GI ADATLAP<\/a><\/p>\n<\/div>\n<\/div>\n<\/div>\n<\/div>\n<p>&nbsp;<\/p>","protected":false},"featured_media":25915,"template":"","meta":{"_et_pb_use_builder":"","_et_pb_old_content":"","_et_gb_content_width":""},"product_brand":[7218],"product_cat":[5639],"product_tag":[1486,5640,4344,7889],"class_list":{"0":"post-25914","1":"product","2":"type-product","3":"status-publish","4":"has-post-thumbnail","6":"product_brand-danuba","7":"product_cat-danuba-garden-termekek","8":"product_tag-bio","9":"product_tag-danuba","10":"product_tag-lombtragya","11":"product_tag-vitanova","13":"first","14":"instock","15":"shipping-taxable","16":"purchasable","17":"product-type-simple"},"yoast_head":"<!-- This site is optimized with the Yoast SEO plugin v27.5 - https:\/\/yoast.com\/product\/yoast-seo-wordpress\/ -->\n<title>Danuba VitaNova lombtr\u00e1gya 0,2L. - T\u00e1jkert\u00e9sz<\/title>\n<meta name=\"description\" content=\"Danuba VitaNova lombtr\u00e1gya 0,2L.\" \/>\n<meta name=\"robots\" content=\"index, follow, max-snippet:-1, max-image-preview:large, max-video-preview:-1\" \/>\n<link rel=\"canonical\" href=\"https:\/\/tajkertesz.com\/en_US\/product\/danuba-vitanova-lombtragya-02l\/\" \/>\n<meta property=\"og:locale\" content=\"en_US\" \/>\n<meta property=\"og:type\" content=\"article\" \/>\n<meta property=\"og:title\" content=\"Danuba VitaNova lombtr\u00e1gya 0,2L. - T\u00e1jkert\u00e9sz\" \/>\n<meta property=\"og:description\" content=\"Danuba VitaNova lombtr\u00e1gya 0,2L.\" \/>\n<meta property=\"og:url\" content=\"https:\/\/tajkertesz.com\/en_US\/product\/danuba-vitanova-lombtragya-02l\/\" \/>\n<meta property=\"og:site_name\" content=\"T\u00e1jkert\u00e9sz\" \/>\n<meta property=\"article:publisher\" content=\"https:\/\/www.facebook.com\/Tajkertesz\/\" \/>\n<meta property=\"article:modified_time\" content=\"2026-01-19T10:09:40+00:00\" \/>\n<meta property=\"og:image\" content=\"https:\/\/tajkertesz.com\/wp-content\/uploads\/2026\/01\/IMG_6668.png\" \/>\n\t<meta property=\"og:image:width\" content=\"279\" \/>\n\t<meta property=\"og:image:height\" content=\"773\" \/>\n\t<meta property=\"og:image:type\" content=\"image\/png\" \/>\n<meta name=\"twitter:card\" content=\"summary_large_image\" \/>\n<meta name=\"twitter:label1\" content=\"Est. reading time\" \/>\n\t<meta name=\"twitter:data1\" content=\"3 minutes\" \/>\n<script type=\"application\/ld+json\" class=\"yoast-schema-graph\">{\"@context\":\"https:\\\/\\\/schema.org\",\"@graph\":[{\"@type\":\"WebPage\",\"@id\":\"https:\\\/\\\/tajkertesz.com\\\/termek\\\/danuba-vitanova-lombtragya-02l\\\/\",\"url\":\"https:\\\/\\\/tajkertesz.com\\\/termek\\\/danuba-vitanova-lombtragya-02l\\\/\",\"name\":\"Danuba VitaNova lombtr\u00e1gya 0,2L. - T\u00e1jkert\u00e9sz\",\"isPartOf\":{\"@id\":\"https:\\\/\\\/tajkertesz.com\\\/#website\"},\"primaryImageOfPage\":{\"@id\":\"https:\\\/\\\/tajkertesz.com\\\/termek\\\/danuba-vitanova-lombtragya-02l\\\/#primaryimage\"},\"image\":{\"@id\":\"https:\\\/\\\/tajkertesz.com\\\/termek\\\/danuba-vitanova-lombtragya-02l\\\/#primaryimage\"},\"thumbnailUrl\":\"https:\\\/\\\/tajkertesz.com\\\/wp-content\\\/uploads\\\/2026\\\/01\\\/IMG_6668.png\",\"datePublished\":\"2026-01-19T10:09:33+00:00\",\"dateModified\":\"2026-01-19T10:09:40+00:00\",\"description\":\"Danuba VitaNova lombtr\u00e1gya 0,2L.\",\"breadcrumb\":{\"@id\":\"https:\\\/\\\/tajkertesz.com\\\/termek\\\/danuba-vitanova-lombtragya-02l\\\/#breadcrumb\"},\"inLanguage\":\"en-US\",\"potentialAction\":[{\"@type\":\"ReadAction\",\"target\":[\"https:\\\/\\\/tajkertesz.com\\\/termek\\\/danuba-vitanova-lombtragya-02l\\\/\"]}]},{\"@type\":\"ImageObject\",\"inLanguage\":\"en-US\",\"@id\":\"https:\\\/\\\/tajkertesz.com\\\/termek\\\/danuba-vitanova-lombtragya-02l\\\/#primaryimage\",\"url\":\"https:\\\/\\\/tajkertesz.com\\\/wp-content\\\/uploads\\\/2026\\\/01\\\/IMG_6668.png\",\"contentUrl\":\"https:\\\/\\\/tajkertesz.com\\\/wp-content\\\/uploads\\\/2026\\\/01\\\/IMG_6668.png\",\"width\":279,\"height\":773,\"caption\":\"Danuba VitaNova lombtr\u00e1gya 0,2L.\"},{\"@type\":\"BreadcrumbList\",\"@id\":\"https:\\\/\\\/tajkertesz.com\\\/termek\\\/danuba-vitanova-lombtragya-02l\\\/#breadcrumb\",\"itemListElement\":[{\"@type\":\"ListItem\",\"position\":1,\"name\":\"Home\",\"item\":\"https:\\\/\\\/tajkertesz.com\\\/\"},{\"@type\":\"ListItem\",\"position\":2,\"name\":\"Kezd\u0151lap\",\"item\":\"https:\\\/\\\/tajkertesz.com\\\/\"},{\"@type\":\"ListItem\",\"position\":3,\"name\":\"Danuba VitaNova lombtr\u00e1gya 0,2L.\"}]},{\"@type\":\"WebSite\",\"@id\":\"https:\\\/\\\/tajkertesz.com\\\/#website\",\"url\":\"https:\\\/\\\/tajkertesz.com\\\/\",\"name\":\"T\u00e1j-Kert\u00e9sz 84 Kft.\",\"description\":\"Kert\u00e9szeti kis- \u00e9s nagykeresked\u00e9s, D\u00edszn\u00f6v\u00e9ny web\u00e1ruh\u00e1z orsz\u00e1gos h\u00e1zhozsz\u00e1ll\u00edt\u00e1ssal!\",\"publisher\":{\"@id\":\"https:\\\/\\\/tajkertesz.com\\\/#organization\"},\"potentialAction\":[{\"@type\":\"SearchAction\",\"target\":{\"@type\":\"EntryPoint\",\"urlTemplate\":\"https:\\\/\\\/tajkertesz.com\\\/?s={search_term_string}\"},\"query-input\":{\"@type\":\"PropertyValueSpecification\",\"valueRequired\":true,\"valueName\":\"search_term_string\"}}],\"inLanguage\":\"en-US\"},{\"@type\":\"Organization\",\"@id\":\"https:\\\/\\\/tajkertesz.com\\\/#organization\",\"name\":\"T\u00e1j-Kert\u00e9sz 84 Kft.\",\"url\":\"https:\\\/\\\/tajkertesz.com\\\/\",\"logo\":{\"@type\":\"ImageObject\",\"inLanguage\":\"en-US\",\"@id\":\"https:\\\/\\\/tajkertesz.com\\\/#\\\/schema\\\/logo\\\/image\\\/\",\"url\":\"https:\\\/\\\/tajkertesz.com\\\/wp-content\\\/uploads\\\/2018\\\/02\\\/logo-2-e1518678052539.png\",\"contentUrl\":\"https:\\\/\\\/tajkertesz.com\\\/wp-content\\\/uploads\\\/2018\\\/02\\\/logo-2-e1518678052539.png\",\"width\":81,\"height\":140,\"caption\":\"T\u00e1j-Kert\u00e9sz 84 Kft.\"},\"image\":{\"@id\":\"https:\\\/\\\/tajkertesz.com\\\/#\\\/schema\\\/logo\\\/image\\\/\"},\"sameAs\":[\"https:\\\/\\\/www.facebook.com\\\/Tajkertesz\\\/\"]}]}<\/script>\n<!-- \/ Yoast SEO plugin. -->","yoast_head_json":{"title":"Danuba VitaNova lombtr\u00e1gya 0,2L. - T\u00e1jkert\u00e9sz","description":"Danuba VitaNova lombtr\u00e1gya 0,2L.","robots":{"index":"index","follow":"follow","max-snippet":"max-snippet:-1","max-image-preview":"max-image-preview:large","max-video-preview":"max-video-preview:-1"},"canonical":"https:\/\/tajkertesz.com\/en_US\/product\/danuba-vitanova-lombtragya-02l\/","og_locale":"en_US","og_type":"article","og_title":"Danuba VitaNova lombtr\u00e1gya 0,2L. - T\u00e1jkert\u00e9sz","og_description":"Danuba VitaNova lombtr\u00e1gya 0,2L.","og_url":"https:\/\/tajkertesz.com\/en_US\/product\/danuba-vitanova-lombtragya-02l\/","og_site_name":"T\u00e1jkert\u00e9sz","article_publisher":"https:\/\/www.facebook.com\/Tajkertesz\/","article_modified_time":"2026-01-19T10:09:40+00:00","og_image":[{"width":279,"height":773,"url":"https:\/\/tajkertesz.com\/wp-content\/uploads\/2026\/01\/IMG_6668.png","type":"image\/png"}],"twitter_card":"summary_large_image","twitter_misc":{"Est. reading time":"3 minutes"},"schema":{"@context":"https:\/\/schema.org","@graph":[{"@type":"WebPage","@id":"https:\/\/tajkertesz.com\/termek\/danuba-vitanova-lombtragya-02l\/","url":"https:\/\/tajkertesz.com\/termek\/danuba-vitanova-lombtragya-02l\/","name":"Danuba VitaNova lombtr\u00e1gya 0,2L. - T\u00e1jkert\u00e9sz","isPartOf":{"@id":"https:\/\/tajkertesz.com\/#website"},"primaryImageOfPage":{"@id":"https:\/\/tajkertesz.com\/termek\/danuba-vitanova-lombtragya-02l\/#primaryimage"},"image":{"@id":"https:\/\/tajkertesz.com\/termek\/danuba-vitanova-lombtragya-02l\/#primaryimage"},"thumbnailUrl":"https:\/\/tajkertesz.com\/wp-content\/uploads\/2026\/01\/IMG_6668.png","datePublished":"2026-01-19T10:09:33+00:00","dateModified":"2026-01-19T10:09:40+00:00","description":"Danuba VitaNova lombtr\u00e1gya 0,2L.","breadcrumb":{"@id":"https:\/\/tajkertesz.com\/termek\/danuba-vitanova-lombtragya-02l\/#breadcrumb"},"inLanguage":"en-US","potentialAction":[{"@type":"ReadAction","target":["https:\/\/tajkertesz.com\/termek\/danuba-vitanova-lombtragya-02l\/"]}]},{"@type":"ImageObject","inLanguage":"en-US","@id":"https:\/\/tajkertesz.com\/termek\/danuba-vitanova-lombtragya-02l\/#primaryimage","url":"https:\/\/tajkertesz.com\/wp-content\/uploads\/2026\/01\/IMG_6668.png","contentUrl":"https:\/\/tajkertesz.com\/wp-content\/uploads\/2026\/01\/IMG_6668.png","width":279,"height":773,"caption":"Danuba VitaNova lombtr\u00e1gya 0,2L."},{"@type":"BreadcrumbList","@id":"https:\/\/tajkertesz.com\/termek\/danuba-vitanova-lombtragya-02l\/#breadcrumb","itemListElement":[{"@type":"ListItem","position":1,"name":"Home","item":"https:\/\/tajkertesz.com\/"},{"@type":"ListItem","position":2,"name":"Kezd\u0151lap","item":"https:\/\/tajkertesz.com\/"},{"@type":"ListItem","position":3,"name":"Danuba VitaNova lombtr\u00e1gya 0,2L."}]},{"@type":"WebSite","@id":"https:\/\/tajkertesz.com\/#website","url":"https:\/\/tajkertesz.com\/","name":"T\u00e1j-Kert\u00e9sz 84 Kft.","description":"Kert\u00e9szeti kis- \u00e9s nagykeresked\u00e9s, D\u00edszn\u00f6v\u00e9ny web\u00e1ruh\u00e1z orsz\u00e1gos h\u00e1zhozsz\u00e1ll\u00edt\u00e1ssal!","publisher":{"@id":"https:\/\/tajkertesz.com\/#organization"},"potentialAction":[{"@type":"SearchAction","target":{"@type":"EntryPoint","urlTemplate":"https:\/\/tajkertesz.com\/?s={search_term_string}"},"query-input":{"@type":"PropertyValueSpecification","valueRequired":true,"valueName":"search_term_string"}}],"inLanguage":"en-US"},{"@type":"Organization","@id":"https:\/\/tajkertesz.com\/#organization","name":"T\u00e1j-Kert\u00e9sz 84 Kft.","url":"https:\/\/tajkertesz.com\/","logo":{"@type":"ImageObject","inLanguage":"en-US","@id":"https:\/\/tajkertesz.com\/#\/schema\/logo\/image\/","url":"https:\/\/tajkertesz.com\/wp-content\/uploads\/2018\/02\/logo-2-e1518678052539.png","contentUrl":"https:\/\/tajkertesz.com\/wp-content\/uploads\/2018\/02\/logo-2-e1518678052539.png","width":81,"height":140,"caption":"T\u00e1j-Kert\u00e9sz 84 Kft."},"image":{"@id":"https:\/\/tajkertesz.com\/#\/schema\/logo\/image\/"},"sameAs":["https:\/\/www.facebook.com\/Tajkertesz\/"]}]}},"_links":{"self":[{"href":"https:\/\/tajkertesz.com\/en_US\/wp-json\/wp\/v2\/product\/25914","targetHints":{"allow":["GET"]}}],"collection":[{"href":"https:\/\/tajkertesz.com\/en_US\/wp-json\/wp\/v2\/product"}],"about":[{"href":"https:\/\/tajkertesz.com\/en_US\/wp-json\/wp\/v2\/types\/product"}],"wp:featuredmedia":[{"embeddable":true,"href":"https:\/\/tajkertesz.com\/en_US\/wp-json\/wp\/v2\/media\/25915"}],"wp:attachment":[{"href":"https:\/\/tajkertesz.com\/en_US\/wp-json\/wp\/v2\/media?parent=25914"}],"wp:term":[{"taxonomy":"product_brand","embeddable":true,"href":"https:\/\/tajkertesz.com\/en_US\/wp-json\/wp\/v2\/product_brand?post=25914"},{"taxonomy":"product_cat","embeddable":true,"href":"https:\/\/tajkertesz.com\/en_US\/wp-json\/wp\/v2\/product_cat?post=25914"},{"taxonomy":"product_tag","embeddable":true,"href":"https:\/\/tajkertesz.com\/en_US\/wp-json\/wp\/v2\/product_tag?post=25914"}],"curies":[{"name":"wp","href":"https:\/\/api.w.org\/{rel}","templated":true}]}}