{"id":25949,"date":"2026-01-20T13:42:00","date_gmt":"2026-01-20T13:42:00","guid":{"rendered":"https:\/\/tajkertesz.com\/?post_type=product&#038;p=25949"},"modified":"2026-01-20T13:42:03","modified_gmt":"2026-01-20T13:42:03","slug":"substral-naturen-bio-paradicsom-es-fuszernoveny-tapoldat-1l","status":"publish","type":"product","link":"https:\/\/tajkertesz.com\/en_US\/product\/substral-naturen-bio-paradicsom-es-fuszernoveny-tapoldat-1l\/","title":{"rendered":"Substral Naturen Bio paradicsom \u00e9s f\u0171szern\u00f6v\u00e9ny t\u00e1poldat 1l."},"content":{"rendered":"<h1>Substral Naturen Bio paradicsom \u00e9s f\u0171szern\u00f6v\u00e9ny t\u00e1poldat 1l.<\/h1>\n<p>Substral Naturen Bio paradicsom \u00e9s f\u0171szern\u00f6v\u00e9ny t\u00e1poldat 1l.<\/p>\n<p>Felhaszn\u00e1lhat\u00f3:<\/p>\n<p><strong>Paradicsom, chili paprika \u00e9s paprika t\u00e1poldatoz\u00e1s\u00e1ra<\/strong>\u00a01 kupak (28 ml)\/2 liter v\u00edz t\u00f6m\u00e9nys\u00e9gben az \u00f6nt\u00f6z\u0151v\u00edzhez keverve, a m\u00e1rcius-szeptember k\u00f6z\u00f6tti id\u0151szakban, heti egy alkalommal,<\/p>\n<p><strong>F\u0171szern\u00f6v\u00e9nyek t\u00e1poldatoz\u00e1s\u00e1ra<\/strong>\u00a01 kupak (28 ml)\/4 liter v\u00edz t\u00f6m\u00e9nys\u00e9gben az \u00f6nt\u00f6z\u0151v\u00edzhez keverve, k\u00e9thetente egy alkalommal, kiv\u00e9ve:<\/p>\n<p>-kakukkf\u0171, rozmaring, borsikaf\u0171 eset\u00e9ben n\u00e9gyhetente egy alkalommal,<\/p>\n<p>-bazsalikom, citromf\u0171, menta eset\u00e9ben hetente egy alkalommal.<\/p>\n<p><strong>T\u00e1rol\u00e1s:<\/strong>\u00a0sz\u00e1raz, h\u0171v\u00f6s, napf\u00e9nyt\u0151l v\u00e9dett, fedett helyen.<\/p>\n<p><strong>Eltarhat\u00f3s\u00e1gi ideje:<\/strong>\u00a0eredeti, z\u00e1rt csomagol\u00e1sban 5 \u00e9vig.<\/p>\n<p><strong>\u27a1\ufe0f Kapcsolat:<\/strong><\/p>\n<ul>\n<li><strong>Weboldal: <\/strong><a href=\"https:\/\/tajkertesz.com\"><strong>tajkertesz.com<\/strong><\/a><\/li>\n<li><strong>Facebook: <\/strong><a href=\"https:\/\/www.facebook.com\/tajkertesz\/\"><strong>facebook.com\/tajkertesz<\/strong><\/a><\/li>\n<li><strong>Telefonsz\u00e1m, e-mail: +36\/20-319-3770 <\/strong><a href=\"mailto:info@tajkertesz.hu\"><strong>info@tajkertesz.hu<\/strong><\/a><\/li>\n<\/ul>\n<p><strong>\ud83d\ude9a Sz\u00e1ll\u00edt\u00e1si inform\u00e1ci\u00f3k<\/strong><\/p>\n<p><strong>A megrendelt n\u00f6v\u00e9nyek kisz\u00e1ll\u00edt\u00e1sa az al\u00e1bbi felt\u00e9telek mellett t\u00f6rt\u00e9nik:<\/strong><\/p>\n<p><strong>\ud83d\udce6 Fut\u00e1rszolg\u00e1latos sz\u00e1ll\u00edt\u00e1s<\/strong><\/p>\n<ul>\n<li><strong>Maxim\u00e1lis m\u00e9ret: 200 cm (hossz\u00fas\u00e1g)<\/strong><\/li>\n<li><strong>Maxim\u00e1lis s\u00faly: 40 kg<\/strong><\/li>\n<li><strong>Az enn\u00e9l kisebb \u00e9s k\u00f6nnyebb csomagokat fut\u00e1rszolg\u00e1lattal k\u00e9zbes\u00edtj\u00fck a lehet<\/strong><strong>\u0151<\/strong><strong> legbiztons\u00e1gosabb csomagol\u00e1sban.<\/strong><\/li>\n<\/ul>\n<p><strong>\ud83d\udefb Szem\u00e9lyes \u00e1tv\u00e9tel<\/strong><\/p>\n<ul>\n<li><strong>1173 Budapest, Bakancsos utca 7. sz\u00e1m alatt nyitvatart\u00e1si id<\/strong><strong>\u0151<\/strong><strong>ben szem\u00e9lyesen \u00e1tvehet<\/strong><strong>\u0151<\/strong><strong> kert\u00e9szeti \u00e1rud\u00e1nkban.<\/strong><\/li>\n<li><strong>K\u00f6lts\u00e9ghat\u00e9kony megold\u00e1s nagyobb, t\u00f6r\u00e9kenyebb vagy t\u00falm\u00e9retes n\u00f6v\u00e9nyek eset\u00e9n.<\/strong><\/li>\n<\/ul>\n<p><strong>\ud83d\udcde Nagy m\u00e9ret<\/strong><strong>\u0171<\/strong><strong> vagy s\u00faly\u00fa n\u00f6v\u00e9nyek eset\u00e9n<\/strong><\/p>\n<p><strong>Ha a term\u00e9k:<\/strong><\/p>\n<ul>\n<li><strong>meghaladja a 200 cm hossz\u00fas\u00e1got vagy<\/strong><\/li>\n<li><strong>meghaladja a 40 kg s\u00falyt,<\/strong><\/li>\n<\/ul>\n<p><strong>akkor szem\u00e9lyes \u00e1tv\u00e9tellel vagy egyedi, el<\/strong><strong>\u0151<\/strong><strong>re egyeztetett sz\u00e1ll\u00edt\u00e1si felt\u00e9telek mellett t\u00f6rt\u00e9nik.<br \/>\nK\u00e9rj\u00fck, ilyen esetben rendel\u00e9s el<\/strong><strong>\u0151<\/strong><strong>tt vegye fel vel\u00fcnk a kapcsolatot, hogy a lehet<\/strong><strong>\u0151<\/strong><strong> legmegfelel<\/strong><strong>\u0151<\/strong><strong>bb sz\u00e1ll\u00edt\u00e1si megold\u00e1st k\u00edn\u00e1lhassuk.<\/strong><\/p>\n<p><strong>\ud83d\udd14 Fontos: A n\u00f6v\u00e9nyeket minden esetben igyeksz\u00fcnk gondosan, egyes\u00e9vel csomagolni, azonban a sz\u00e1ll\u00edt\u00e1s sor\u00e1n kisebb eszt\u00e9tikai s\u00e9r\u00fcl\u00e9sek el<\/strong><strong>\u0151<\/strong><strong>fordulhatnak (pl. lev\u00e9lhull\u00e1s). Ez nem min<\/strong><strong>\u0151<\/strong><strong>s\u00fcl hib\u00e1s teljes\u00edt\u00e9snek.<\/strong><\/p>\n<p><strong>\ud83d\udcf7 Fontos tudni a k\u00e9pekr<\/strong><strong>\u0151<\/strong><strong>l<\/strong><\/p>\n<p><strong>A webshopban szerepl<\/strong><strong>\u0151<\/strong><strong> k\u00e9pek illusztr\u00e1ci\u00f3k, a n\u00f6v\u00e9nyek term\u00e9szet\u00fckn\u00e9l fogva egyediek, \u00edgy m\u00e9retben, alakban \u00e9s sz\u00ednben minim\u00e1lis elt\u00e9r\u00e9sek el<\/strong><strong>\u0151<\/strong><strong>fordulhatnak a k\u00e9pen l\u00e1that\u00f3 \u00e9s a val\u00f3s p\u00e9ld\u00e1nyok k\u00f6z\u00f6tt.<\/strong><\/p>\n<p>&nbsp;<\/p>\n<p>&nbsp;<\/p>","protected":false},"excerpt":{"rendered":"<p>Magas k\u00e1lium-tartalom a zamatos paradicsomok\u00e9rt \u00e9s \u00edzletes f\u0171szern\u00f6v\u00e9nyek\u00e9rt.<\/p>\n<p>NPK 3-2-4,5, alacsony kl\u00f3rtartalom<\/p>\n<p><strong>Alkalmazhat\u00f3:<\/strong>\u00a0m\u00e1rciust\u00f3l okt\u00f3berig<\/p>\n<p>Term\u00e9szetes \u00f6sszetev\u0151kb\u0151l \u00e9s nyomelemekb\u0151l \u00e1ll\u00f3, kiegyens\u00falyozott t\u00e1panyag \u00f6sszet\u00e9tel\u0171 foly\u00e9kony tr\u00e1gya valamennyi paradicsom-, f\u0171szer- \u00e9s chili-n\u00f6v\u00e9ny sz\u00e1m\u00e1ra.<\/p>\n<p>\u00d6kol\u00f3giai gazd\u00e1lkod\u00e1sokban is haszn\u00e1lhat\u00f3.<\/p>\n<p>Szerves- \u00e1sv\u00e1nyi t\u00e1poldat<\/p>\n<p><strong>\ud83d\udd04 K\u00e9szletinform\u00e1ci\u00f3<\/strong><\/p>\n<p><strong>K\u00e9szlet\u00fcnk napi szinten v\u00e1ltozik, \u00edgy a webshopban szerepl<\/strong><strong>\u0151<\/strong><strong> term\u00e9kek el\u00e9rhet<\/strong><strong>\u0151<\/strong><strong>s\u00e9ge nem garant\u00e1lt.<br \/>\n\ud83d\udcde A megrendel\u00e9s el<\/strong><strong>\u0151<\/strong><strong>tt k\u00e9rj\u00fck, \u00e9rdekl<\/strong><strong>\u0151<\/strong><strong>dj\u00f6n szem\u00e9lyesen, telefonon vagy e-mailben!<\/strong><\/p>","protected":false},"featured_media":25950,"template":"","meta":{"_et_pb_use_builder":"","_et_pb_old_content":"","_et_gb_content_width":""},"product_brand":[6046],"product_cat":[1455],"product_tag":[7890,1431,1476,1450],"class_list":{"0":"post-25949","1":"product","2":"type-product","3":"status-publish","4":"has-post-thumbnail","6":"product_brand-substral","7":"product_cat-substral-mutragyak-tapoldatok","8":"product_tag-fuszernoveny","9":"product_tag-paradicsom","10":"product_tag-substral","11":"product_tag-tapoldat","13":"first","14":"instock","15":"shipping-taxable","16":"purchasable","17":"product-type-simple"},"yoast_head":"<!-- This site is optimized with the Yoast SEO plugin v27.5 - https:\/\/yoast.com\/product\/yoast-seo-wordpress\/ -->\n<title>Substral Naturen Bio paradicsom \u00e9s f\u0171szern\u00f6v\u00e9ny t\u00e1poldat 1l. - T\u00e1jkert\u00e9sz<\/title>\n<meta name=\"description\" content=\"Substral Naturen Bio paradicsom \u00e9s f\u0171szern\u00f6v\u00e9ny t\u00e1poldat 1l. F\u0171szern\u00f6v\u00e9nyek t\u00e1poldatoz\u00e1s\u00e1ra\u00a01 kupak, Paradicsom, chili paprika \u00e9s paprika t\u00e1poldatoz\u00e1s\u00e1ra\" \/>\n<meta name=\"robots\" content=\"index, follow, max-snippet:-1, max-image-preview:large, max-video-preview:-1\" \/>\n<link rel=\"canonical\" href=\"https:\/\/tajkertesz.com\/en_US\/product\/substral-naturen-bio-paradicsom-es-fuszernoveny-tapoldat-1l\/\" \/>\n<meta property=\"og:locale\" content=\"en_US\" \/>\n<meta property=\"og:type\" content=\"article\" \/>\n<meta property=\"og:title\" content=\"Substral Naturen Bio paradicsom \u00e9s f\u0171szern\u00f6v\u00e9ny t\u00e1poldat 1l. - T\u00e1jkert\u00e9sz\" \/>\n<meta property=\"og:description\" content=\"Substral Naturen Bio paradicsom \u00e9s f\u0171szern\u00f6v\u00e9ny t\u00e1poldat 1l. F\u0171szern\u00f6v\u00e9nyek t\u00e1poldatoz\u00e1s\u00e1ra\u00a01 kupak, Paradicsom, chili paprika \u00e9s paprika t\u00e1poldatoz\u00e1s\u00e1ra\" \/>\n<meta property=\"og:url\" content=\"https:\/\/tajkertesz.com\/en_US\/product\/substral-naturen-bio-paradicsom-es-fuszernoveny-tapoldat-1l\/\" \/>\n<meta property=\"og:site_name\" content=\"T\u00e1jkert\u00e9sz\" \/>\n<meta property=\"article:publisher\" content=\"https:\/\/www.facebook.com\/Tajkertesz\/\" \/>\n<meta property=\"article:modified_time\" content=\"2026-01-20T13:42:03+00:00\" \/>\n<meta property=\"og:image\" content=\"https:\/\/tajkertesz.com\/wp-content\/uploads\/2026\/01\/979412.jpg\" \/>\n\t<meta property=\"og:image:width\" content=\"338\" \/>\n\t<meta property=\"og:image:height\" content=\"738\" \/>\n\t<meta property=\"og:image:type\" content=\"image\/jpeg\" \/>\n<meta name=\"twitter:card\" content=\"summary_large_image\" \/>\n<meta name=\"twitter:label1\" content=\"Est. reading time\" \/>\n\t<meta name=\"twitter:data1\" content=\"2 minutes\" \/>\n<script type=\"application\/ld+json\" class=\"yoast-schema-graph\">{\"@context\":\"https:\\\/\\\/schema.org\",\"@graph\":[{\"@type\":\"WebPage\",\"@id\":\"https:\\\/\\\/tajkertesz.com\\\/termek\\\/substral-naturen-bio-paradicsom-es-fuszernoveny-tapoldat-1l\\\/\",\"url\":\"https:\\\/\\\/tajkertesz.com\\\/termek\\\/substral-naturen-bio-paradicsom-es-fuszernoveny-tapoldat-1l\\\/\",\"name\":\"Substral Naturen Bio paradicsom \u00e9s f\u0171szern\u00f6v\u00e9ny t\u00e1poldat 1l. - T\u00e1jkert\u00e9sz\",\"isPartOf\":{\"@id\":\"https:\\\/\\\/tajkertesz.com\\\/#website\"},\"primaryImageOfPage\":{\"@id\":\"https:\\\/\\\/tajkertesz.com\\\/termek\\\/substral-naturen-bio-paradicsom-es-fuszernoveny-tapoldat-1l\\\/#primaryimage\"},\"image\":{\"@id\":\"https:\\\/\\\/tajkertesz.com\\\/termek\\\/substral-naturen-bio-paradicsom-es-fuszernoveny-tapoldat-1l\\\/#primaryimage\"},\"thumbnailUrl\":\"https:\\\/\\\/tajkertesz.com\\\/wp-content\\\/uploads\\\/2026\\\/01\\\/979412.jpg\",\"datePublished\":\"2026-01-20T13:42:00+00:00\",\"dateModified\":\"2026-01-20T13:42:03+00:00\",\"description\":\"Substral Naturen Bio paradicsom \u00e9s f\u0171szern\u00f6v\u00e9ny t\u00e1poldat 1l. F\u0171szern\u00f6v\u00e9nyek t\u00e1poldatoz\u00e1s\u00e1ra\u00a01 kupak, Paradicsom, chili paprika \u00e9s paprika t\u00e1poldatoz\u00e1s\u00e1ra\",\"breadcrumb\":{\"@id\":\"https:\\\/\\\/tajkertesz.com\\\/termek\\\/substral-naturen-bio-paradicsom-es-fuszernoveny-tapoldat-1l\\\/#breadcrumb\"},\"inLanguage\":\"en-US\",\"potentialAction\":[{\"@type\":\"ReadAction\",\"target\":[\"https:\\\/\\\/tajkertesz.com\\\/termek\\\/substral-naturen-bio-paradicsom-es-fuszernoveny-tapoldat-1l\\\/\"]}]},{\"@type\":\"ImageObject\",\"inLanguage\":\"en-US\",\"@id\":\"https:\\\/\\\/tajkertesz.com\\\/termek\\\/substral-naturen-bio-paradicsom-es-fuszernoveny-tapoldat-1l\\\/#primaryimage\",\"url\":\"https:\\\/\\\/tajkertesz.com\\\/wp-content\\\/uploads\\\/2026\\\/01\\\/979412.jpg\",\"contentUrl\":\"https:\\\/\\\/tajkertesz.com\\\/wp-content\\\/uploads\\\/2026\\\/01\\\/979412.jpg\",\"width\":338,\"height\":738,\"caption\":\"Substral Naturen Bio paradicsom \u00e9s f\u0171szern\u00f6v\u00e9ny t\u00e1poldat 1l.\"},{\"@type\":\"BreadcrumbList\",\"@id\":\"https:\\\/\\\/tajkertesz.com\\\/termek\\\/substral-naturen-bio-paradicsom-es-fuszernoveny-tapoldat-1l\\\/#breadcrumb\",\"itemListElement\":[{\"@type\":\"ListItem\",\"position\":1,\"name\":\"Home\",\"item\":\"https:\\\/\\\/tajkertesz.com\\\/\"},{\"@type\":\"ListItem\",\"position\":2,\"name\":\"Kezd\u0151lap\",\"item\":\"https:\\\/\\\/tajkertesz.com\\\/\"},{\"@type\":\"ListItem\",\"position\":3,\"name\":\"Substral Naturen Bio paradicsom \u00e9s f\u0171szern\u00f6v\u00e9ny t\u00e1poldat 1l.\"}]},{\"@type\":\"WebSite\",\"@id\":\"https:\\\/\\\/tajkertesz.com\\\/#website\",\"url\":\"https:\\\/\\\/tajkertesz.com\\\/\",\"name\":\"T\u00e1j-Kert\u00e9sz 84 Kft.\",\"description\":\"Kert\u00e9szeti kis- \u00e9s nagykeresked\u00e9s, D\u00edszn\u00f6v\u00e9ny web\u00e1ruh\u00e1z orsz\u00e1gos h\u00e1zhozsz\u00e1ll\u00edt\u00e1ssal!\",\"publisher\":{\"@id\":\"https:\\\/\\\/tajkertesz.com\\\/#organization\"},\"potentialAction\":[{\"@type\":\"SearchAction\",\"target\":{\"@type\":\"EntryPoint\",\"urlTemplate\":\"https:\\\/\\\/tajkertesz.com\\\/?s={search_term_string}\"},\"query-input\":{\"@type\":\"PropertyValueSpecification\",\"valueRequired\":true,\"valueName\":\"search_term_string\"}}],\"inLanguage\":\"en-US\"},{\"@type\":\"Organization\",\"@id\":\"https:\\\/\\\/tajkertesz.com\\\/#organization\",\"name\":\"T\u00e1j-Kert\u00e9sz 84 Kft.\",\"url\":\"https:\\\/\\\/tajkertesz.com\\\/\",\"logo\":{\"@type\":\"ImageObject\",\"inLanguage\":\"en-US\",\"@id\":\"https:\\\/\\\/tajkertesz.com\\\/#\\\/schema\\\/logo\\\/image\\\/\",\"url\":\"https:\\\/\\\/tajkertesz.com\\\/wp-content\\\/uploads\\\/2018\\\/02\\\/logo-2-e1518678052539.png\",\"contentUrl\":\"https:\\\/\\\/tajkertesz.com\\\/wp-content\\\/uploads\\\/2018\\\/02\\\/logo-2-e1518678052539.png\",\"width\":81,\"height\":140,\"caption\":\"T\u00e1j-Kert\u00e9sz 84 Kft.\"},\"image\":{\"@id\":\"https:\\\/\\\/tajkertesz.com\\\/#\\\/schema\\\/logo\\\/image\\\/\"},\"sameAs\":[\"https:\\\/\\\/www.facebook.com\\\/Tajkertesz\\\/\"]}]}<\/script>\n<!-- \/ Yoast SEO plugin. -->","yoast_head_json":{"title":"Substral Naturen Bio paradicsom \u00e9s f\u0171szern\u00f6v\u00e9ny t\u00e1poldat 1l. - T\u00e1jkert\u00e9sz","description":"Substral Naturen Bio paradicsom \u00e9s f\u0171szern\u00f6v\u00e9ny t\u00e1poldat 1l. F\u0171szern\u00f6v\u00e9nyek t\u00e1poldatoz\u00e1s\u00e1ra\u00a01 kupak, Paradicsom, chili paprika \u00e9s paprika t\u00e1poldatoz\u00e1s\u00e1ra","robots":{"index":"index","follow":"follow","max-snippet":"max-snippet:-1","max-image-preview":"max-image-preview:large","max-video-preview":"max-video-preview:-1"},"canonical":"https:\/\/tajkertesz.com\/en_US\/product\/substral-naturen-bio-paradicsom-es-fuszernoveny-tapoldat-1l\/","og_locale":"en_US","og_type":"article","og_title":"Substral Naturen Bio paradicsom \u00e9s f\u0171szern\u00f6v\u00e9ny t\u00e1poldat 1l. - T\u00e1jkert\u00e9sz","og_description":"Substral Naturen Bio paradicsom \u00e9s f\u0171szern\u00f6v\u00e9ny t\u00e1poldat 1l. F\u0171szern\u00f6v\u00e9nyek t\u00e1poldatoz\u00e1s\u00e1ra\u00a01 kupak, Paradicsom, chili paprika \u00e9s paprika t\u00e1poldatoz\u00e1s\u00e1ra","og_url":"https:\/\/tajkertesz.com\/en_US\/product\/substral-naturen-bio-paradicsom-es-fuszernoveny-tapoldat-1l\/","og_site_name":"T\u00e1jkert\u00e9sz","article_publisher":"https:\/\/www.facebook.com\/Tajkertesz\/","article_modified_time":"2026-01-20T13:42:03+00:00","og_image":[{"width":338,"height":738,"url":"https:\/\/tajkertesz.com\/wp-content\/uploads\/2026\/01\/979412.jpg","type":"image\/jpeg"}],"twitter_card":"summary_large_image","twitter_misc":{"Est. reading time":"2 minutes"},"schema":{"@context":"https:\/\/schema.org","@graph":[{"@type":"WebPage","@id":"https:\/\/tajkertesz.com\/termek\/substral-naturen-bio-paradicsom-es-fuszernoveny-tapoldat-1l\/","url":"https:\/\/tajkertesz.com\/termek\/substral-naturen-bio-paradicsom-es-fuszernoveny-tapoldat-1l\/","name":"Substral Naturen Bio paradicsom \u00e9s f\u0171szern\u00f6v\u00e9ny t\u00e1poldat 1l. - T\u00e1jkert\u00e9sz","isPartOf":{"@id":"https:\/\/tajkertesz.com\/#website"},"primaryImageOfPage":{"@id":"https:\/\/tajkertesz.com\/termek\/substral-naturen-bio-paradicsom-es-fuszernoveny-tapoldat-1l\/#primaryimage"},"image":{"@id":"https:\/\/tajkertesz.com\/termek\/substral-naturen-bio-paradicsom-es-fuszernoveny-tapoldat-1l\/#primaryimage"},"thumbnailUrl":"https:\/\/tajkertesz.com\/wp-content\/uploads\/2026\/01\/979412.jpg","datePublished":"2026-01-20T13:42:00+00:00","dateModified":"2026-01-20T13:42:03+00:00","description":"Substral Naturen Bio paradicsom \u00e9s f\u0171szern\u00f6v\u00e9ny t\u00e1poldat 1l. F\u0171szern\u00f6v\u00e9nyek t\u00e1poldatoz\u00e1s\u00e1ra\u00a01 kupak, Paradicsom, chili paprika \u00e9s paprika t\u00e1poldatoz\u00e1s\u00e1ra","breadcrumb":{"@id":"https:\/\/tajkertesz.com\/termek\/substral-naturen-bio-paradicsom-es-fuszernoveny-tapoldat-1l\/#breadcrumb"},"inLanguage":"en-US","potentialAction":[{"@type":"ReadAction","target":["https:\/\/tajkertesz.com\/termek\/substral-naturen-bio-paradicsom-es-fuszernoveny-tapoldat-1l\/"]}]},{"@type":"ImageObject","inLanguage":"en-US","@id":"https:\/\/tajkertesz.com\/termek\/substral-naturen-bio-paradicsom-es-fuszernoveny-tapoldat-1l\/#primaryimage","url":"https:\/\/tajkertesz.com\/wp-content\/uploads\/2026\/01\/979412.jpg","contentUrl":"https:\/\/tajkertesz.com\/wp-content\/uploads\/2026\/01\/979412.jpg","width":338,"height":738,"caption":"Substral Naturen Bio paradicsom \u00e9s f\u0171szern\u00f6v\u00e9ny t\u00e1poldat 1l."},{"@type":"BreadcrumbList","@id":"https:\/\/tajkertesz.com\/termek\/substral-naturen-bio-paradicsom-es-fuszernoveny-tapoldat-1l\/#breadcrumb","itemListElement":[{"@type":"ListItem","position":1,"name":"Home","item":"https:\/\/tajkertesz.com\/"},{"@type":"ListItem","position":2,"name":"Kezd\u0151lap","item":"https:\/\/tajkertesz.com\/"},{"@type":"ListItem","position":3,"name":"Substral Naturen Bio paradicsom \u00e9s f\u0171szern\u00f6v\u00e9ny t\u00e1poldat 1l."}]},{"@type":"WebSite","@id":"https:\/\/tajkertesz.com\/#website","url":"https:\/\/tajkertesz.com\/","name":"T\u00e1j-Kert\u00e9sz 84 Kft.","description":"Kert\u00e9szeti kis- \u00e9s nagykeresked\u00e9s, D\u00edszn\u00f6v\u00e9ny web\u00e1ruh\u00e1z orsz\u00e1gos h\u00e1zhozsz\u00e1ll\u00edt\u00e1ssal!","publisher":{"@id":"https:\/\/tajkertesz.com\/#organization"},"potentialAction":[{"@type":"SearchAction","target":{"@type":"EntryPoint","urlTemplate":"https:\/\/tajkertesz.com\/?s={search_term_string}"},"query-input":{"@type":"PropertyValueSpecification","valueRequired":true,"valueName":"search_term_string"}}],"inLanguage":"en-US"},{"@type":"Organization","@id":"https:\/\/tajkertesz.com\/#organization","name":"T\u00e1j-Kert\u00e9sz 84 Kft.","url":"https:\/\/tajkertesz.com\/","logo":{"@type":"ImageObject","inLanguage":"en-US","@id":"https:\/\/tajkertesz.com\/#\/schema\/logo\/image\/","url":"https:\/\/tajkertesz.com\/wp-content\/uploads\/2018\/02\/logo-2-e1518678052539.png","contentUrl":"https:\/\/tajkertesz.com\/wp-content\/uploads\/2018\/02\/logo-2-e1518678052539.png","width":81,"height":140,"caption":"T\u00e1j-Kert\u00e9sz 84 Kft."},"image":{"@id":"https:\/\/tajkertesz.com\/#\/schema\/logo\/image\/"},"sameAs":["https:\/\/www.facebook.com\/Tajkertesz\/"]}]}},"_links":{"self":[{"href":"https:\/\/tajkertesz.com\/en_US\/wp-json\/wp\/v2\/product\/25949","targetHints":{"allow":["GET"]}}],"collection":[{"href":"https:\/\/tajkertesz.com\/en_US\/wp-json\/wp\/v2\/product"}],"about":[{"href":"https:\/\/tajkertesz.com\/en_US\/wp-json\/wp\/v2\/types\/product"}],"wp:featuredmedia":[{"embeddable":true,"href":"https:\/\/tajkertesz.com\/en_US\/wp-json\/wp\/v2\/media\/25950"}],"wp:attachment":[{"href":"https:\/\/tajkertesz.com\/en_US\/wp-json\/wp\/v2\/media?parent=25949"}],"wp:term":[{"taxonomy":"product_brand","embeddable":true,"href":"https:\/\/tajkertesz.com\/en_US\/wp-json\/wp\/v2\/product_brand?post=25949"},{"taxonomy":"product_cat","embeddable":true,"href":"https:\/\/tajkertesz.com\/en_US\/wp-json\/wp\/v2\/product_cat?post=25949"},{"taxonomy":"product_tag","embeddable":true,"href":"https:\/\/tajkertesz.com\/en_US\/wp-json\/wp\/v2\/product_tag?post=25949"}],"curies":[{"name":"wp","href":"https:\/\/api.w.org\/{rel}","templated":true}]}}