{"id":25953,"date":"2026-01-20T13:53:39","date_gmt":"2026-01-20T13:53:39","guid":{"rendered":"https:\/\/tajkertesz.com\/?post_type=product&#038;p=25953"},"modified":"2026-01-20T13:53:40","modified_gmt":"2026-01-20T13:53:40","slug":"substral-tapoldat-zold-novenyekhez-es-pafranyokhoz-05l","status":"publish","type":"product","link":"https:\/\/tajkertesz.com\/en_US\/product\/substral-tapoldat-zold-novenyekhez-es-pafranyokhoz-05l\/","title":{"rendered":"Substral t\u00e1poldat z\u00f6ld n\u00f6v\u00e9nyekhez \u00e9s p\u00e1fr\u00e1nyokhoz 0,5L."},"content":{"rendered":"<h1>Substral t\u00e1poldat z\u00f6ld n\u00f6v\u00e9nyekhez \u00e9s p\u00e1fr\u00e1nyokhoz 0,5L.<\/h1>\n<p>Substral t\u00e1poldat z\u00f6ld n\u00f6v\u00e9nyekhez \u00e9s p\u00e1fr\u00e1nyokhoz 0,5L.<\/p>\n<p>Nagy z\u00f6ld fel\u00fclettel rendelkez\u0151 szoba- \u00e9s terasz n\u00f6v\u00e9nyekhez. P\u00e1fr\u00e1nyokhoz kiv\u00e1l\u00f3.<\/p>\n<p><strong>\ud83d\udd04 K\u00e9szletinform\u00e1ci\u00f3<\/strong><\/p>\n<p><strong>K\u00e9szlet\u00fcnk napi szinten v\u00e1ltozik, \u00edgy a webshopban szerepl<\/strong><strong>\u0151<\/strong><strong> term\u00e9kek el\u00e9rhet<\/strong><strong>\u0151<\/strong><strong>s\u00e9ge nem garant\u00e1lt.<br \/>\n\ud83d\udcde A megrendel\u00e9s el<\/strong><strong>\u0151<\/strong><strong>tt k\u00e9rj\u00fck, \u00e9rdekl<\/strong><strong>\u0151<\/strong><strong>dj\u00f6n szem\u00e9lyesen, telefonon vagy e-mailben!<\/strong><\/p>\n<p><strong>\u27a1\ufe0f Kapcsolat:<\/strong><\/p>\n<ul>\n<li><strong>Weboldal: <\/strong><a href=\"https:\/\/tajkertesz.com\"><strong>tajkertesz.com<\/strong><\/a><\/li>\n<li><strong>Facebook: <\/strong><a href=\"https:\/\/www.facebook.com\/tajkertesz\/\"><strong>facebook.com\/tajkertesz<\/strong><\/a><\/li>\n<li><strong>Telefonsz\u00e1m, e-mail: +36\/20-319-3770 <\/strong><a href=\"mailto:info@tajkertesz.hu\"><strong>info@tajkertesz.hu<\/strong><\/a><\/li>\n<\/ul>\n<p><strong>\ud83d\ude9a Sz\u00e1ll\u00edt\u00e1si inform\u00e1ci\u00f3k<\/strong><\/p>\n<p><strong>A megrendelt n\u00f6v\u00e9nyek kisz\u00e1ll\u00edt\u00e1sa az al\u00e1bbi felt\u00e9telek mellett t\u00f6rt\u00e9nik:<\/strong><\/p>\n<p><strong>\ud83d\udce6 Fut\u00e1rszolg\u00e1latos sz\u00e1ll\u00edt\u00e1s<\/strong><\/p>\n<ul>\n<li><strong>Maxim\u00e1lis m\u00e9ret: 200 cm (hossz\u00fas\u00e1g)<\/strong><\/li>\n<li><strong>Maxim\u00e1lis s\u00faly: 40 kg<\/strong><\/li>\n<li><strong>Az enn\u00e9l kisebb \u00e9s k\u00f6nnyebb csomagokat fut\u00e1rszolg\u00e1lattal k\u00e9zbes\u00edtj\u00fck a lehet<\/strong><strong>\u0151<\/strong><strong> legbiztons\u00e1gosabb csomagol\u00e1sban.<\/strong><\/li>\n<\/ul>\n<p><strong>\ud83d\udefb Szem\u00e9lyes \u00e1tv\u00e9tel<\/strong><\/p>\n<ul>\n<li><strong>1173 Budapest, Bakancsos utca 7. sz\u00e1m alatt nyitvatart\u00e1si id<\/strong><strong>\u0151<\/strong><strong>ben szem\u00e9lyesen \u00e1tvehet<\/strong><strong>\u0151<\/strong><strong> kert\u00e9szeti \u00e1rud\u00e1nkban.<\/strong><\/li>\n<li><strong>K\u00f6lts\u00e9ghat\u00e9kony megold\u00e1s nagyobb, t\u00f6r\u00e9kenyebb vagy t\u00falm\u00e9retes n\u00f6v\u00e9nyek eset\u00e9n.<\/strong><\/li>\n<\/ul>\n<p><strong>\ud83d\udcde Nagy m\u00e9ret<\/strong><strong>\u0171<\/strong><strong> vagy s\u00faly\u00fa n\u00f6v\u00e9nyek eset\u00e9n<\/strong><\/p>\n<p><strong>Ha a term\u00e9k:<\/strong><\/p>\n<ul>\n<li><strong>meghaladja a 200 cm hossz\u00fas\u00e1got vagy<\/strong><\/li>\n<li><strong>meghaladja a 40 kg s\u00falyt,<\/strong><\/li>\n<\/ul>\n<p><strong>akkor szem\u00e9lyes \u00e1tv\u00e9tellel vagy egyedi, el<\/strong><strong>\u0151<\/strong><strong>re egyeztetett sz\u00e1ll\u00edt\u00e1si felt\u00e9telek mellett t\u00f6rt\u00e9nik.<br \/>\nK\u00e9rj\u00fck, ilyen esetben rendel\u00e9s el<\/strong><strong>\u0151<\/strong><strong>tt vegye fel vel\u00fcnk a kapcsolatot, hogy a lehet<\/strong><strong>\u0151<\/strong><strong> legmegfelel<\/strong><strong>\u0151<\/strong><strong>bb sz\u00e1ll\u00edt\u00e1si megold\u00e1st k\u00edn\u00e1lhassuk.<\/strong><\/p>\n<p><strong>\ud83d\udd14 Fontos: A n\u00f6v\u00e9nyeket minden esetben igyeksz\u00fcnk gondosan, egyes\u00e9vel csomagolni, azonban a sz\u00e1ll\u00edt\u00e1s sor\u00e1n kisebb eszt\u00e9tikai s\u00e9r\u00fcl\u00e9sek el<\/strong><strong>\u0151<\/strong><strong>fordulhatnak (pl. lev\u00e9lhull\u00e1s). Ez nem min<\/strong><strong>\u0151<\/strong><strong>s\u00fcl hib\u00e1s teljes\u00edt\u00e9snek.<\/strong><\/p>","protected":false},"excerpt":{"rendered":"<p><strong>Szerves tr\u00e1gy\u00e1val d\u00fas\u00edtott m\u0171tr\u00e1gya<\/strong><\/p>\n<p><strong>NPK 7-3-5 + mikroelemek<\/strong>: vas (Fe), mang\u00e1n (Mn), r\u00e9z (Cu), cink (Zn), molibd\u00e9n (Mo)<\/p>\n<p>Substral Vital-Akt\u00edv formul\u00e1val \u00e9s plusz vassal &#8211; er\u0151s, \u00e9l\u00e9nk z\u00f6ld levelek<\/p>\n<p><strong>Alkalmazhat\u00f3:\u00a0<\/strong>janu\u00e1rt\u00f3l decemberig<\/p>\n<p><strong>Javasolt adagol\u00e1s:<\/strong>\u00a0hetente egyszer (7 ml t\u00e1poldat 1 liter v\u00edzhez)<\/p>\n<p><strong>T\u00e1rol\u00e1s:<\/strong>\u00a0eredeti z\u00e1rt csomagol\u00e1sban, napf\u00e9nyt\u0151l v\u00e9dett, h\u0171v\u00f6s, sz\u00e1raz, fedett helyen.<\/p>\n<p><strong>Eltarthat\u00f3s\u00e1g:<\/strong>\u00a0el\u0151\u00edr\u00e1s szerint t\u00e1rolva 5 \u00e9v<\/p>","protected":false},"featured_media":25954,"template":"","meta":{"_et_pb_use_builder":"","_et_pb_old_content":"","_et_gb_content_width":""},"product_brand":[6046],"product_cat":[1455],"product_tag":[4934,1476,1450,1469],"class_list":{"0":"post-25953","1":"product","2":"type-product","3":"status-publish","4":"has-post-thumbnail","6":"product_brand-substral","7":"product_cat-substral-mutragyak-tapoldatok","8":"product_tag-pafrany","9":"product_tag-substral","10":"product_tag-tapoldat","11":"product_tag-zoldnoveny","13":"first","14":"instock","15":"shipping-taxable","16":"purchasable","17":"product-type-simple"},"yoast_head":"<!-- This site is optimized with the Yoast SEO plugin v27.5 - https:\/\/yoast.com\/product\/yoast-seo-wordpress\/ -->\n<title>Substral t\u00e1poldat z\u00f6ld n\u00f6v\u00e9nyekhez \u00e9s p\u00e1fr\u00e1nyokhoz 0,5L. - T\u00e1jkert\u00e9sz<\/title>\n<meta name=\"description\" content=\"Substral t\u00e1poldat z\u00f6ld n\u00f6v\u00e9nyekhez \u00e9s p\u00e1fr\u00e1nyokhoz 0,5L. Nagy z\u00f6ld fel\u00fclettel rendelkez\u0151 szoba- \u00e9s terasz n\u00f6v\u00e9nyekhez. P\u00e1fr\u00e1nyokhoz kiv\u00e1l\u00f3.\" \/>\n<meta name=\"robots\" content=\"index, follow, max-snippet:-1, max-image-preview:large, max-video-preview:-1\" \/>\n<link rel=\"canonical\" href=\"https:\/\/tajkertesz.com\/en_US\/product\/substral-tapoldat-zold-novenyekhez-es-pafranyokhoz-05l\/\" \/>\n<meta property=\"og:locale\" content=\"en_US\" \/>\n<meta property=\"og:type\" content=\"article\" \/>\n<meta property=\"og:title\" content=\"Substral t\u00e1poldat z\u00f6ld n\u00f6v\u00e9nyekhez \u00e9s p\u00e1fr\u00e1nyokhoz 0,5L. - T\u00e1jkert\u00e9sz\" \/>\n<meta property=\"og:description\" content=\"Substral t\u00e1poldat z\u00f6ld n\u00f6v\u00e9nyekhez \u00e9s p\u00e1fr\u00e1nyokhoz 0,5L. Nagy z\u00f6ld fel\u00fclettel rendelkez\u0151 szoba- \u00e9s terasz n\u00f6v\u00e9nyekhez. P\u00e1fr\u00e1nyokhoz kiv\u00e1l\u00f3.\" \/>\n<meta property=\"og:url\" content=\"https:\/\/tajkertesz.com\/en_US\/product\/substral-tapoldat-zold-novenyekhez-es-pafranyokhoz-05l\/\" \/>\n<meta property=\"og:site_name\" content=\"T\u00e1jkert\u00e9sz\" \/>\n<meta property=\"article:publisher\" content=\"https:\/\/www.facebook.com\/Tajkertesz\/\" \/>\n<meta property=\"article:modified_time\" content=\"2026-01-20T13:53:40+00:00\" \/>\n<meta property=\"og:image\" content=\"https:\/\/tajkertesz.com\/wp-content\/uploads\/2026\/01\/60a4de5a0c3459267.jpeg\" \/>\n\t<meta property=\"og:image:width\" content=\"562\" \/>\n\t<meta property=\"og:image:height\" content=\"1080\" \/>\n\t<meta property=\"og:image:type\" content=\"image\/jpeg\" \/>\n<meta name=\"twitter:card\" content=\"summary_large_image\" \/>\n<meta name=\"twitter:label1\" content=\"Est. reading time\" \/>\n\t<meta name=\"twitter:data1\" content=\"2 minutes\" \/>\n<script type=\"application\/ld+json\" class=\"yoast-schema-graph\">{\"@context\":\"https:\\\/\\\/schema.org\",\"@graph\":[{\"@type\":\"WebPage\",\"@id\":\"https:\\\/\\\/tajkertesz.com\\\/termek\\\/substral-tapoldat-zold-novenyekhez-es-pafranyokhoz-05l\\\/\",\"url\":\"https:\\\/\\\/tajkertesz.com\\\/termek\\\/substral-tapoldat-zold-novenyekhez-es-pafranyokhoz-05l\\\/\",\"name\":\"Substral t\u00e1poldat z\u00f6ld n\u00f6v\u00e9nyekhez \u00e9s p\u00e1fr\u00e1nyokhoz 0,5L. - T\u00e1jkert\u00e9sz\",\"isPartOf\":{\"@id\":\"https:\\\/\\\/tajkertesz.com\\\/#website\"},\"primaryImageOfPage\":{\"@id\":\"https:\\\/\\\/tajkertesz.com\\\/termek\\\/substral-tapoldat-zold-novenyekhez-es-pafranyokhoz-05l\\\/#primaryimage\"},\"image\":{\"@id\":\"https:\\\/\\\/tajkertesz.com\\\/termek\\\/substral-tapoldat-zold-novenyekhez-es-pafranyokhoz-05l\\\/#primaryimage\"},\"thumbnailUrl\":\"https:\\\/\\\/tajkertesz.com\\\/wp-content\\\/uploads\\\/2026\\\/01\\\/60a4de5a0c3459267.jpeg\",\"datePublished\":\"2026-01-20T13:53:39+00:00\",\"dateModified\":\"2026-01-20T13:53:40+00:00\",\"description\":\"Substral t\u00e1poldat z\u00f6ld n\u00f6v\u00e9nyekhez \u00e9s p\u00e1fr\u00e1nyokhoz 0,5L. Nagy z\u00f6ld fel\u00fclettel rendelkez\u0151 szoba- \u00e9s terasz n\u00f6v\u00e9nyekhez. P\u00e1fr\u00e1nyokhoz kiv\u00e1l\u00f3.\",\"breadcrumb\":{\"@id\":\"https:\\\/\\\/tajkertesz.com\\\/termek\\\/substral-tapoldat-zold-novenyekhez-es-pafranyokhoz-05l\\\/#breadcrumb\"},\"inLanguage\":\"en-US\",\"potentialAction\":[{\"@type\":\"ReadAction\",\"target\":[\"https:\\\/\\\/tajkertesz.com\\\/termek\\\/substral-tapoldat-zold-novenyekhez-es-pafranyokhoz-05l\\\/\"]}]},{\"@type\":\"ImageObject\",\"inLanguage\":\"en-US\",\"@id\":\"https:\\\/\\\/tajkertesz.com\\\/termek\\\/substral-tapoldat-zold-novenyekhez-es-pafranyokhoz-05l\\\/#primaryimage\",\"url\":\"https:\\\/\\\/tajkertesz.com\\\/wp-content\\\/uploads\\\/2026\\\/01\\\/60a4de5a0c3459267.jpeg\",\"contentUrl\":\"https:\\\/\\\/tajkertesz.com\\\/wp-content\\\/uploads\\\/2026\\\/01\\\/60a4de5a0c3459267.jpeg\",\"width\":562,\"height\":1080,\"caption\":\"Substral t\u00e1poldat z\u00f6ld n\u00f6v\u00e9nyekhez \u00e9s p\u00e1fr\u00e1nyokhoz 0,5L.\"},{\"@type\":\"BreadcrumbList\",\"@id\":\"https:\\\/\\\/tajkertesz.com\\\/termek\\\/substral-tapoldat-zold-novenyekhez-es-pafranyokhoz-05l\\\/#breadcrumb\",\"itemListElement\":[{\"@type\":\"ListItem\",\"position\":1,\"name\":\"Home\",\"item\":\"https:\\\/\\\/tajkertesz.com\\\/\"},{\"@type\":\"ListItem\",\"position\":2,\"name\":\"Kezd\u0151lap\",\"item\":\"https:\\\/\\\/tajkertesz.com\\\/\"},{\"@type\":\"ListItem\",\"position\":3,\"name\":\"Substral t\u00e1poldat z\u00f6ld n\u00f6v\u00e9nyekhez \u00e9s p\u00e1fr\u00e1nyokhoz 0,5L.\"}]},{\"@type\":\"WebSite\",\"@id\":\"https:\\\/\\\/tajkertesz.com\\\/#website\",\"url\":\"https:\\\/\\\/tajkertesz.com\\\/\",\"name\":\"T\u00e1j-Kert\u00e9sz 84 Kft.\",\"description\":\"Kert\u00e9szeti kis- \u00e9s nagykeresked\u00e9s, D\u00edszn\u00f6v\u00e9ny web\u00e1ruh\u00e1z orsz\u00e1gos h\u00e1zhozsz\u00e1ll\u00edt\u00e1ssal!\",\"publisher\":{\"@id\":\"https:\\\/\\\/tajkertesz.com\\\/#organization\"},\"potentialAction\":[{\"@type\":\"SearchAction\",\"target\":{\"@type\":\"EntryPoint\",\"urlTemplate\":\"https:\\\/\\\/tajkertesz.com\\\/?s={search_term_string}\"},\"query-input\":{\"@type\":\"PropertyValueSpecification\",\"valueRequired\":true,\"valueName\":\"search_term_string\"}}],\"inLanguage\":\"en-US\"},{\"@type\":\"Organization\",\"@id\":\"https:\\\/\\\/tajkertesz.com\\\/#organization\",\"name\":\"T\u00e1j-Kert\u00e9sz 84 Kft.\",\"url\":\"https:\\\/\\\/tajkertesz.com\\\/\",\"logo\":{\"@type\":\"ImageObject\",\"inLanguage\":\"en-US\",\"@id\":\"https:\\\/\\\/tajkertesz.com\\\/#\\\/schema\\\/logo\\\/image\\\/\",\"url\":\"https:\\\/\\\/tajkertesz.com\\\/wp-content\\\/uploads\\\/2018\\\/02\\\/logo-2-e1518678052539.png\",\"contentUrl\":\"https:\\\/\\\/tajkertesz.com\\\/wp-content\\\/uploads\\\/2018\\\/02\\\/logo-2-e1518678052539.png\",\"width\":81,\"height\":140,\"caption\":\"T\u00e1j-Kert\u00e9sz 84 Kft.\"},\"image\":{\"@id\":\"https:\\\/\\\/tajkertesz.com\\\/#\\\/schema\\\/logo\\\/image\\\/\"},\"sameAs\":[\"https:\\\/\\\/www.facebook.com\\\/Tajkertesz\\\/\"]}]}<\/script>\n<!-- \/ Yoast SEO plugin. -->","yoast_head_json":{"title":"Substral t\u00e1poldat z\u00f6ld n\u00f6v\u00e9nyekhez \u00e9s p\u00e1fr\u00e1nyokhoz 0,5L. - T\u00e1jkert\u00e9sz","description":"Substral t\u00e1poldat z\u00f6ld n\u00f6v\u00e9nyekhez \u00e9s p\u00e1fr\u00e1nyokhoz 0,5L. Nagy z\u00f6ld fel\u00fclettel rendelkez\u0151 szoba- \u00e9s terasz n\u00f6v\u00e9nyekhez. P\u00e1fr\u00e1nyokhoz kiv\u00e1l\u00f3.","robots":{"index":"index","follow":"follow","max-snippet":"max-snippet:-1","max-image-preview":"max-image-preview:large","max-video-preview":"max-video-preview:-1"},"canonical":"https:\/\/tajkertesz.com\/en_US\/product\/substral-tapoldat-zold-novenyekhez-es-pafranyokhoz-05l\/","og_locale":"en_US","og_type":"article","og_title":"Substral t\u00e1poldat z\u00f6ld n\u00f6v\u00e9nyekhez \u00e9s p\u00e1fr\u00e1nyokhoz 0,5L. - T\u00e1jkert\u00e9sz","og_description":"Substral t\u00e1poldat z\u00f6ld n\u00f6v\u00e9nyekhez \u00e9s p\u00e1fr\u00e1nyokhoz 0,5L. Nagy z\u00f6ld fel\u00fclettel rendelkez\u0151 szoba- \u00e9s terasz n\u00f6v\u00e9nyekhez. P\u00e1fr\u00e1nyokhoz kiv\u00e1l\u00f3.","og_url":"https:\/\/tajkertesz.com\/en_US\/product\/substral-tapoldat-zold-novenyekhez-es-pafranyokhoz-05l\/","og_site_name":"T\u00e1jkert\u00e9sz","article_publisher":"https:\/\/www.facebook.com\/Tajkertesz\/","article_modified_time":"2026-01-20T13:53:40+00:00","og_image":[{"width":562,"height":1080,"url":"https:\/\/tajkertesz.com\/wp-content\/uploads\/2026\/01\/60a4de5a0c3459267.jpeg","type":"image\/jpeg"}],"twitter_card":"summary_large_image","twitter_misc":{"Est. reading time":"2 minutes"},"schema":{"@context":"https:\/\/schema.org","@graph":[{"@type":"WebPage","@id":"https:\/\/tajkertesz.com\/termek\/substral-tapoldat-zold-novenyekhez-es-pafranyokhoz-05l\/","url":"https:\/\/tajkertesz.com\/termek\/substral-tapoldat-zold-novenyekhez-es-pafranyokhoz-05l\/","name":"Substral t\u00e1poldat z\u00f6ld n\u00f6v\u00e9nyekhez \u00e9s p\u00e1fr\u00e1nyokhoz 0,5L. - T\u00e1jkert\u00e9sz","isPartOf":{"@id":"https:\/\/tajkertesz.com\/#website"},"primaryImageOfPage":{"@id":"https:\/\/tajkertesz.com\/termek\/substral-tapoldat-zold-novenyekhez-es-pafranyokhoz-05l\/#primaryimage"},"image":{"@id":"https:\/\/tajkertesz.com\/termek\/substral-tapoldat-zold-novenyekhez-es-pafranyokhoz-05l\/#primaryimage"},"thumbnailUrl":"https:\/\/tajkertesz.com\/wp-content\/uploads\/2026\/01\/60a4de5a0c3459267.jpeg","datePublished":"2026-01-20T13:53:39+00:00","dateModified":"2026-01-20T13:53:40+00:00","description":"Substral t\u00e1poldat z\u00f6ld n\u00f6v\u00e9nyekhez \u00e9s p\u00e1fr\u00e1nyokhoz 0,5L. Nagy z\u00f6ld fel\u00fclettel rendelkez\u0151 szoba- \u00e9s terasz n\u00f6v\u00e9nyekhez. P\u00e1fr\u00e1nyokhoz kiv\u00e1l\u00f3.","breadcrumb":{"@id":"https:\/\/tajkertesz.com\/termek\/substral-tapoldat-zold-novenyekhez-es-pafranyokhoz-05l\/#breadcrumb"},"inLanguage":"en-US","potentialAction":[{"@type":"ReadAction","target":["https:\/\/tajkertesz.com\/termek\/substral-tapoldat-zold-novenyekhez-es-pafranyokhoz-05l\/"]}]},{"@type":"ImageObject","inLanguage":"en-US","@id":"https:\/\/tajkertesz.com\/termek\/substral-tapoldat-zold-novenyekhez-es-pafranyokhoz-05l\/#primaryimage","url":"https:\/\/tajkertesz.com\/wp-content\/uploads\/2026\/01\/60a4de5a0c3459267.jpeg","contentUrl":"https:\/\/tajkertesz.com\/wp-content\/uploads\/2026\/01\/60a4de5a0c3459267.jpeg","width":562,"height":1080,"caption":"Substral t\u00e1poldat z\u00f6ld n\u00f6v\u00e9nyekhez \u00e9s p\u00e1fr\u00e1nyokhoz 0,5L."},{"@type":"BreadcrumbList","@id":"https:\/\/tajkertesz.com\/termek\/substral-tapoldat-zold-novenyekhez-es-pafranyokhoz-05l\/#breadcrumb","itemListElement":[{"@type":"ListItem","position":1,"name":"Home","item":"https:\/\/tajkertesz.com\/"},{"@type":"ListItem","position":2,"name":"Kezd\u0151lap","item":"https:\/\/tajkertesz.com\/"},{"@type":"ListItem","position":3,"name":"Substral t\u00e1poldat z\u00f6ld n\u00f6v\u00e9nyekhez \u00e9s p\u00e1fr\u00e1nyokhoz 0,5L."}]},{"@type":"WebSite","@id":"https:\/\/tajkertesz.com\/#website","url":"https:\/\/tajkertesz.com\/","name":"T\u00e1j-Kert\u00e9sz 84 Kft.","description":"Kert\u00e9szeti kis- \u00e9s nagykeresked\u00e9s, D\u00edszn\u00f6v\u00e9ny web\u00e1ruh\u00e1z orsz\u00e1gos h\u00e1zhozsz\u00e1ll\u00edt\u00e1ssal!","publisher":{"@id":"https:\/\/tajkertesz.com\/#organization"},"potentialAction":[{"@type":"SearchAction","target":{"@type":"EntryPoint","urlTemplate":"https:\/\/tajkertesz.com\/?s={search_term_string}"},"query-input":{"@type":"PropertyValueSpecification","valueRequired":true,"valueName":"search_term_string"}}],"inLanguage":"en-US"},{"@type":"Organization","@id":"https:\/\/tajkertesz.com\/#organization","name":"T\u00e1j-Kert\u00e9sz 84 Kft.","url":"https:\/\/tajkertesz.com\/","logo":{"@type":"ImageObject","inLanguage":"en-US","@id":"https:\/\/tajkertesz.com\/#\/schema\/logo\/image\/","url":"https:\/\/tajkertesz.com\/wp-content\/uploads\/2018\/02\/logo-2-e1518678052539.png","contentUrl":"https:\/\/tajkertesz.com\/wp-content\/uploads\/2018\/02\/logo-2-e1518678052539.png","width":81,"height":140,"caption":"T\u00e1j-Kert\u00e9sz 84 Kft."},"image":{"@id":"https:\/\/tajkertesz.com\/#\/schema\/logo\/image\/"},"sameAs":["https:\/\/www.facebook.com\/Tajkertesz\/"]}]}},"_links":{"self":[{"href":"https:\/\/tajkertesz.com\/en_US\/wp-json\/wp\/v2\/product\/25953","targetHints":{"allow":["GET"]}}],"collection":[{"href":"https:\/\/tajkertesz.com\/en_US\/wp-json\/wp\/v2\/product"}],"about":[{"href":"https:\/\/tajkertesz.com\/en_US\/wp-json\/wp\/v2\/types\/product"}],"wp:featuredmedia":[{"embeddable":true,"href":"https:\/\/tajkertesz.com\/en_US\/wp-json\/wp\/v2\/media\/25954"}],"wp:attachment":[{"href":"https:\/\/tajkertesz.com\/en_US\/wp-json\/wp\/v2\/media?parent=25953"}],"wp:term":[{"taxonomy":"product_brand","embeddable":true,"href":"https:\/\/tajkertesz.com\/en_US\/wp-json\/wp\/v2\/product_brand?post=25953"},{"taxonomy":"product_cat","embeddable":true,"href":"https:\/\/tajkertesz.com\/en_US\/wp-json\/wp\/v2\/product_cat?post=25953"},{"taxonomy":"product_tag","embeddable":true,"href":"https:\/\/tajkertesz.com\/en_US\/wp-json\/wp\/v2\/product_tag?post=25953"}],"curies":[{"name":"wp","href":"https:\/\/api.w.org\/{rel}","templated":true}]}}