{"id":25965,"date":"2026-01-20T14:56:24","date_gmt":"2026-01-20T14:56:24","guid":{"rendered":"https:\/\/tajkertesz.com\/?post_type=product&#038;p=25965"},"modified":"2026-01-20T14:56:26","modified_gmt":"2026-01-20T14:56:26","slug":"substral-osmocote-hosszu-hatastartamu-mutragya-rozsaknak-es-viragzo-novenyeknek-15kg","status":"publish","type":"product","link":"https:\/\/tajkertesz.com\/en_US\/product\/substral-osmocote-hosszu-hatastartamu-mutragya-rozsaknak-es-viragzo-novenyeknek-15kg\/","title":{"rendered":"Substral Osmocote hossz\u00fa hat\u00e1startam\u00fa m\u0171tr\u00e1gya r\u00f3zs\u00e1knak \u00e9s vir\u00e1gz\u00f3 n\u00f6v\u00e9nyeknek 1,5kg."},"content":{"rendered":"<h1>Substral Osmocote hossz\u00fa hat\u00e1startam\u00fa m\u0171tr\u00e1gya r\u00f3zs\u00e1knak \u00e9s vir\u00e1gz\u00f3 n\u00f6v\u00e9nyeknek 1,5kg.<\/h1>\n<p>Substral Osmocote hossz\u00fa hat\u00e1startam\u00fa m\u0171tr\u00e1gya r\u00f3zs\u00e1knak \u00e9s vir\u00e1gz\u00f3 n\u00f6v\u00e9nyeknek 1,5kg.<\/p>\n<p><strong>\ud83d\udd04 K\u00e9szletinform\u00e1ci\u00f3<\/strong><\/p>\n<p><strong>K\u00e9szlet\u00fcnk napi szinten v\u00e1ltozik, \u00edgy a webshopban szerepl<\/strong><strong>\u0151<\/strong><strong> term\u00e9kek el\u00e9rhet<\/strong><strong>\u0151<\/strong><strong>s\u00e9ge nem garant\u00e1lt.<br \/>\n\ud83d\udcde A megrendel\u00e9s el<\/strong><strong>\u0151<\/strong><strong>tt k\u00e9rj\u00fck, \u00e9rdekl<\/strong><strong>\u0151<\/strong><strong>dj\u00f6n szem\u00e9lyesen, telefonon vagy e-mailben!<\/strong><\/p>\n<p><strong>\u27a1\ufe0f Kapcsolat:<\/strong><\/p>\n<ul>\n<li><strong>Weboldal: <\/strong><a href=\"https:\/\/tajkertesz.com\"><strong>tajkertesz.com<\/strong><\/a><\/li>\n<li><strong>Facebook: <\/strong><a href=\"https:\/\/www.facebook.com\/tajkertesz\/\"><strong>facebook.com\/tajkertesz<\/strong><\/a><\/li>\n<li><strong>Telefonsz\u00e1m, e-mail: +36\/20-319-3770 <\/strong><a href=\"mailto:info@tajkertesz.hu\"><strong>info@tajkertesz.hu<\/strong><\/a><\/li>\n<\/ul>\n<p><strong>\ud83d\ude9a Sz\u00e1ll\u00edt\u00e1si inform\u00e1ci\u00f3k<\/strong><\/p>\n<p><strong>A megrendelt term\u00e9kek kisz\u00e1ll\u00edt\u00e1sa az al\u00e1bbi felt\u00e9telek mellett t\u00f6rt\u00e9nik:<\/strong><\/p>\n<p><strong>\ud83d\udce6 Fut\u00e1rszolg\u00e1latos sz\u00e1ll\u00edt\u00e1s<\/strong><\/p>\n<ul>\n<li><strong>Maxim\u00e1lis m\u00e9ret: 200 cm (hossz\u00fas\u00e1g)<\/strong><\/li>\n<li><strong>Maxim\u00e1lis s\u00faly: 40 kg<\/strong><\/li>\n<li><strong>Az enn\u00e9l kisebb \u00e9s k\u00f6nnyebb csomagokat fut\u00e1rszolg\u00e1lattal k\u00e9zbes\u00edtj\u00fck a lehet<\/strong><strong>\u0151<\/strong><strong> legbiztons\u00e1gosabb csomagol\u00e1sban.<\/strong><\/li>\n<\/ul>\n<p><strong>\ud83d\udefb Szem\u00e9lyes \u00e1tv\u00e9tel<\/strong><\/p>\n<ul>\n<li><strong>1173 Budapest, Bakancsos utca 7. sz\u00e1m alatt nyitvatart\u00e1si id<\/strong><strong>\u0151<\/strong><strong>ben szem\u00e9lyesen \u00e1tvehet<\/strong><strong>\u0151<\/strong><strong> kert\u00e9szeti \u00e1rud\u00e1nkban.<\/strong><\/li>\n<li><strong>K\u00f6lts\u00e9ghat\u00e9kony megold\u00e1s nagyobb, t\u00f6r\u00e9kenyebb vagy t\u00falm\u00e9retes n\u00f6v\u00e9nyek eset\u00e9n.<\/strong><\/li>\n<\/ul>\n<p><strong>\ud83d\udcde Nagy m\u00e9ret<\/strong><strong>\u0171<\/strong><strong> vagy s\u00faly\u00fa n\u00f6v\u00e9nyek\/term\u00e9kek eset\u00e9n<\/strong><\/p>\n<p><strong>Ha a term\u00e9k:<\/strong><\/p>\n<ul>\n<li><strong>meghaladja a 200 cm hossz\u00fas\u00e1got vagy<\/strong><\/li>\n<li><strong>meghaladja a 40 kg s\u00falyt,<\/strong><\/li>\n<\/ul>\n<p><strong>akkor szem\u00e9lyes \u00e1tv\u00e9tellel vagy egyedi, el<\/strong><strong>\u0151<\/strong><strong>re egyeztetett sz\u00e1ll\u00edt\u00e1si felt\u00e9telek mellett t\u00f6rt\u00e9nik.<br \/>\nK\u00e9rj\u00fck, ilyen esetben rendel\u00e9s el<\/strong><strong>\u0151<\/strong><strong>tt vegye fel vel\u00fcnk a kapcsolatot, hogy a lehet<\/strong><strong>\u0151<\/strong><strong> legmegfelel<\/strong><strong>\u0151<\/strong><strong>bb sz\u00e1ll\u00edt\u00e1si megold\u00e1st k\u00edn\u00e1lhassuk.<\/strong><\/p>\n<p><strong>\ud83d\udd14 Fontos: A n\u00f6v\u00e9nyeket minden esetben igyeksz\u00fcnk gondosan, egyes\u00e9vel csomagolni, azonban a sz\u00e1ll\u00edt\u00e1s sor\u00e1n kisebb eszt\u00e9tikai s\u00e9r\u00fcl\u00e9sek el<\/strong><strong>\u0151<\/strong><strong>fordulhatnak (pl. lev\u00e9lhull\u00e1s). Ez nem min<\/strong><strong>\u0151<\/strong><strong>s\u00fcl hib\u00e1s teljes\u00edt\u00e9snek.<\/strong><\/p>\n<p><strong>\ud83d\udcf7 Fontos tudni a k\u00e9pekr<\/strong><strong>\u0151<\/strong><strong>l<\/strong><\/p>\n<p><strong>A webshopban szerepl<\/strong><strong>\u0151<\/strong><strong> k\u00e9pek illusztr\u00e1ci\u00f3k, a n\u00f6v\u00e9nyek term\u00e9szet\u00fckn\u00e9l fogva egyediek, \u00edgy m\u00e9retben, alakban \u00e9s sz\u00ednben minim\u00e1lis elt\u00e9r\u00e9sek el<\/strong><strong>\u0151<\/strong><strong>fordulhatnak a k\u00e9pen l\u00e1that\u00f3 \u00e9s a val\u00f3s p\u00e9ld\u00e1nyok k\u00f6z\u00f6tt.<\/strong><\/p>","protected":false},"excerpt":{"rendered":"<p>Professzion\u00e1lis technol\u00f3gia az eredeti Osmocote<sup>\u00ae<\/sup>\u00a0lass\u00fa felsz\u00edv\u00f3d\u00e1s\u00fa m\u0171tr\u00e1gy\u00e1val.<\/p>\n<p>Optim\u00e1lis t\u00e1panyagell\u00e1t\u00e1s magn\u00e9ziummal \u00e9s nyomelemekkel a gazdag \u00e9s tart\u00f3s vir\u00e1gz\u00e1s\u00e9rt.<\/p>\n<p>\u00c9vente csak egyszer kell alkalmazni a t\u00e1panyag ell\u00e1t\u00e1s \u00e9rdek\u00e9ben a teljes szezonban. Kett\u0151s hat\u00e1sa van: azonnali \u00e9s 6 h\u00f3napos hossz\u00fa t\u00e1v\u00fa hat\u00e1s. A t\u00e1panyagok a h\u0151m\u00e9rs\u00e9klett\u0151l \u00e9s a v\u00edzell\u00e1t\u00e1st\u00f3l f\u00fcgg\u0151en szabadulnak fel<\/p>\n<p><strong>El\u0151ny\u00f6k a hagyom\u00e1nyos m\u0171tr\u00e1gy\u00e1khoz k\u00e9pest:<\/strong><\/p>\n<p>1. az \u00f6sszetev\u0151k egy burokba vannak z\u00e1rva, ily m\u00f3don nem \u00e9rintkeznek k\u00f6zvetlen\u00fcl a gy\u00f6k\u00e9rzettel &#8211; a perzsel\u0151d\u00e9s vesz\u00e9lye kiz\u00e1rva!<\/p>\n<p>2. amint a f\u00f6ld felmelegszik, az \u00f6sszetev\u0151k a n\u00f6v\u00e9ny ig\u00e9ny\u00e9nek megfelel\u0151 temp\u00f3ban t\u00e1rodnak fel. &#8211; Nincs t\u00fal- vagy alultr\u00e1gy\u00e1z\u00e1s<\/p>\n<p>3.\u00a0 egyetlen alkalmaz\u00e1s elegend\u0151 szezononk\u00e9nt &#8211; egyszer\u0171 \u00e9s k\u00f6rnyezetbar\u00e1t &#8211; a hagyom\u00e1nyos m\u0171tr\u00e1gy\u00e1kat \u00e1ltal\u00e1ban legal\u00e1bb k\u00e9tszer kell haszn\u00e1lni!<\/p>\n<p>&nbsp;<\/p>\n<p>&nbsp;<\/p>\n<p>\u00c1sv\u00e1nyi tr\u00e1gya<\/p>\n<p><strong>NPK(Mg) m\u0171tr\u00e1gya 22-7-14(+2,5) mikroelemekkel<\/strong>, R\u00e9z (Cu), Vas (Fe), Mang\u00e1n (Mn), Cink (Zn) tartalommal.<\/p>\n<p>Alacsony kadmiumtartalom. alacsony kl\u00f3rtartalom.<\/p>\n<p><strong>Adagol\u00e1si tipp:<\/strong><\/p>\n<p>&nbsp;<\/p>\n<table border=\"1\" cellspacing=\"0\" cellpadding=\"0\">\n<tbody>\n<tr>\n<td valign=\"top\" width=\"299\">\n<p align=\"center\"><strong>\u00daj telep\u00edt\u00e9s, \u00fcltet\u00e9s:<\/strong>\u00a0r\u00f3zs\u00e1k, vir\u00e1gz\u00f3 cserj\u00e9k<\/p>\n<\/td>\n<td valign=\"top\" width=\"299\">\n<p align=\"center\">20 g\/n\u00f6v\u00e9ny<\/p>\n<\/td>\n<\/tr>\n<tr>\n<td valign=\"top\" width=\"299\">\n<p align=\"center\"><strong>R\u00e9gebbi telep\u00edt\u00e9s:<\/strong><\/p>\n<p align=\"center\">r\u00f3zs\u00e1k<\/p>\n<p align=\"center\">vir\u00e1gz\u00f3 cserj\u00e9k<\/p>\n<\/td>\n<td valign=\"top\" width=\"299\">\n<p align=\"center\">\n<p align=\"center\">60 g\/m<sup>2<\/sup><\/p>\n<p align=\"center\">40 g\/m<sup>2<\/sup><\/p>\n<\/td>\n<\/tr>\n<tr>\n<td valign=\"top\" width=\"299\">\n<p align=\"center\"><strong>Cserepes n\u00f6v\u00e9nyek:<\/strong><\/p>\n<p align=\"center\">r\u00f3zs\u00e1k, vir\u00e1gz\u00f3 cserj\u00e9k<\/p>\n<p align=\"center\">ny\u00e1ri vir\u00e1gok, \u00e9vel\u0151 n\u00f6v\u00e9nyek<\/p>\n<p align=\"center\">vir\u00e1gf\u00f6ldbe keverve<\/p>\n<\/td>\n<td valign=\"top\" width=\"299\">\n<p align=\"center\">\n<p align=\"center\">20-40 g\/n\u00f6v\u00e9ny<\/p>\n<p align=\"center\">3-4 g\/n\u00f6v\u00e9ny<\/p>\n<p align=\"center\">20-40 g\/10 liter<\/p>\n<\/td>\n<\/tr>\n<tr>\n<td valign=\"top\" width=\"299\">\n<p align=\"center\"><strong>\u00c9vel\u0151 n\u00f6v\u00e9nyek:<\/strong><\/p>\n<p align=\"center\">alacsony n\u00f6v\u00e9s\u0171<\/p>\n<p align=\"center\">magas n\u00f6v\u00e9s\u0171<\/p>\n<\/td>\n<td valign=\"top\" width=\"299\">\n<p align=\"center\">\n<p align=\"center\">30-40 g\/m<sup>2<\/sup><\/p>\n<p align=\"center\">60 g\/m<sup>2<\/sup><\/p>\n<\/td>\n<\/tr>\n<\/tbody>\n<\/table>\n<p>&nbsp;<\/p>\n<p>Adagol\u00e1si tipp: 1 te\u00e1skan\u00e1l=5 g, 1 ev\u0151kan\u00e1l=15 g<\/p>\n<p>N\u00f6v\u00e9nyegyedenk\u00e9nt vagy a f\u00f6ld mennyis\u00e9g\u00e9t\u0151l f\u00fcgg\u0151en a f\u00f6ldbe keverni.<\/p>\n<p><strong>Alkalmaz\u00e1s:<\/strong><strong>\u00a0<\/strong><strong>javasolt alkalmazni \u00fcltet\u00e9skor, illetve m\u00e1r be\u00fcltetett t\u00f6vek eset\u00e9n a tavaszi enyh\u00fcl\u00e9skor<\/strong><\/p>\n<p><strong>T\u00e1rol\u00e1s:<\/strong>\u00a0h\u0171v\u00f6s, sz\u00e1raz helyen eredeti csomagol\u00e1sban. A kinyitott csomagol\u00e1st j\u00f3l z\u00e1rja le. A tasak visszaz\u00e1rhat\u00f3 a hossz\u00fa eltarthat\u00f3s\u00e1g \u00e9rdek\u00e9ben.<\/p>\n<p><strong>Fenntarthat\u00f3 csomagol\u00e1s:<\/strong>\u00a0doboz 100 %-ban \u00fajrahasznos\u00edtott pap\u00edrb\u00f3l.<\/p>\n<p><strong>Eltarthat\u00f3s\u00e1gi id\u0151:<\/strong>\u00a0min\u0151s\u00e9g\u00e9t korl\u00e1tlan ideig meg\u0151rzi.<\/p>","protected":false},"featured_media":25967,"template":"","meta":{"_et_pb_use_builder":"","_et_pb_old_content":"","_et_gb_content_width":""},"product_brand":[6046],"product_cat":[1455],"product_tag":[705,1477,483,1476,4104,4357],"class_list":{"0":"post-25965","1":"product","2":"type-product","3":"status-publish","4":"has-post-thumbnail","6":"product_brand-substral","7":"product_cat-substral-mutragyak-tapoldatok","8":"product_tag-mutragya","9":"product_tag-osmocote","10":"product_tag-rozsa","11":"product_tag-substral","12":"product_tag-tapanyag","13":"product_tag-virag","15":"first","16":"instock","17":"shipping-taxable","18":"purchasable","19":"product-type-simple"},"yoast_head":"<!-- This site is optimized with the Yoast SEO plugin v27.5 - https:\/\/yoast.com\/product\/yoast-seo-wordpress\/ -->\n<title>Substral Osmocote hossz\u00fa hat\u00e1startam\u00fa m\u0171tr\u00e1gya r\u00f3zs\u00e1knak \u00e9s vir\u00e1gz\u00f3 n\u00f6v\u00e9nyeknek 1,5kg. - T\u00e1jkert\u00e9sz<\/title>\n<meta name=\"description\" content=\"Substral Osmocote hossz\u00fa hat\u00e1startam\u00fa m\u0171tr\u00e1gya r\u00f3zs\u00e1knak \u00e9s vir\u00e1gz\u00f3 n\u00f6v\u00e9nyeknek 1,5kg. Optim\u00e1lis t\u00e1panyagell\u00e1t\u00e1s magn\u00e9ziummal \u00e9s nyomelemekkel a gazdag\" \/>\n<meta name=\"robots\" content=\"index, follow, max-snippet:-1, max-image-preview:large, max-video-preview:-1\" \/>\n<link rel=\"canonical\" href=\"https:\/\/tajkertesz.com\/en_US\/product\/substral-osmocote-hosszu-hatastartamu-mutragya-rozsaknak-es-viragzo-novenyeknek-15kg\/\" \/>\n<meta property=\"og:locale\" content=\"en_US\" \/>\n<meta property=\"og:type\" content=\"article\" \/>\n<meta property=\"og:title\" content=\"Substral Osmocote hossz\u00fa hat\u00e1startam\u00fa m\u0171tr\u00e1gya r\u00f3zs\u00e1knak \u00e9s vir\u00e1gz\u00f3 n\u00f6v\u00e9nyeknek 1,5kg. - T\u00e1jkert\u00e9sz\" \/>\n<meta property=\"og:description\" content=\"Substral Osmocote hossz\u00fa hat\u00e1startam\u00fa m\u0171tr\u00e1gya r\u00f3zs\u00e1knak \u00e9s vir\u00e1gz\u00f3 n\u00f6v\u00e9nyeknek 1,5kg. Optim\u00e1lis t\u00e1panyagell\u00e1t\u00e1s magn\u00e9ziummal \u00e9s nyomelemekkel a gazdag\" \/>\n<meta property=\"og:url\" content=\"https:\/\/tajkertesz.com\/en_US\/product\/substral-osmocote-hosszu-hatastartamu-mutragya-rozsaknak-es-viragzo-novenyeknek-15kg\/\" \/>\n<meta property=\"og:site_name\" content=\"T\u00e1jkert\u00e9sz\" \/>\n<meta property=\"article:publisher\" content=\"https:\/\/www.facebook.com\/Tajkertesz\/\" \/>\n<meta property=\"article:modified_time\" content=\"2026-01-20T14:56:26+00:00\" \/>\n<meta property=\"og:image\" content=\"https:\/\/tajkertesz.com\/wp-content\/uploads\/2026\/01\/6304c47f5f6584143.jpeg\" \/>\n\t<meta property=\"og:image:width\" content=\"726\" \/>\n\t<meta property=\"og:image:height\" content=\"1080\" \/>\n\t<meta property=\"og:image:type\" content=\"image\/jpeg\" \/>\n<meta name=\"twitter:card\" content=\"summary_large_image\" \/>\n<meta name=\"twitter:label1\" content=\"Est. reading time\" \/>\n\t<meta name=\"twitter:data1\" content=\"2 minutes\" \/>\n<script type=\"application\/ld+json\" class=\"yoast-schema-graph\">{\"@context\":\"https:\\\/\\\/schema.org\",\"@graph\":[{\"@type\":\"WebPage\",\"@id\":\"https:\\\/\\\/tajkertesz.com\\\/termek\\\/substral-osmocote-hosszu-hatastartamu-mutragya-rozsaknak-es-viragzo-novenyeknek-15kg\\\/\",\"url\":\"https:\\\/\\\/tajkertesz.com\\\/termek\\\/substral-osmocote-hosszu-hatastartamu-mutragya-rozsaknak-es-viragzo-novenyeknek-15kg\\\/\",\"name\":\"Substral Osmocote hossz\u00fa hat\u00e1startam\u00fa m\u0171tr\u00e1gya r\u00f3zs\u00e1knak \u00e9s vir\u00e1gz\u00f3 n\u00f6v\u00e9nyeknek 1,5kg. - T\u00e1jkert\u00e9sz\",\"isPartOf\":{\"@id\":\"https:\\\/\\\/tajkertesz.com\\\/#website\"},\"primaryImageOfPage\":{\"@id\":\"https:\\\/\\\/tajkertesz.com\\\/termek\\\/substral-osmocote-hosszu-hatastartamu-mutragya-rozsaknak-es-viragzo-novenyeknek-15kg\\\/#primaryimage\"},\"image\":{\"@id\":\"https:\\\/\\\/tajkertesz.com\\\/termek\\\/substral-osmocote-hosszu-hatastartamu-mutragya-rozsaknak-es-viragzo-novenyeknek-15kg\\\/#primaryimage\"},\"thumbnailUrl\":\"https:\\\/\\\/tajkertesz.com\\\/wp-content\\\/uploads\\\/2026\\\/01\\\/6304c47f5f6584143.jpeg\",\"datePublished\":\"2026-01-20T14:56:24+00:00\",\"dateModified\":\"2026-01-20T14:56:26+00:00\",\"description\":\"Substral Osmocote hossz\u00fa hat\u00e1startam\u00fa m\u0171tr\u00e1gya r\u00f3zs\u00e1knak \u00e9s vir\u00e1gz\u00f3 n\u00f6v\u00e9nyeknek 1,5kg. Optim\u00e1lis t\u00e1panyagell\u00e1t\u00e1s magn\u00e9ziummal \u00e9s nyomelemekkel a gazdag\",\"breadcrumb\":{\"@id\":\"https:\\\/\\\/tajkertesz.com\\\/termek\\\/substral-osmocote-hosszu-hatastartamu-mutragya-rozsaknak-es-viragzo-novenyeknek-15kg\\\/#breadcrumb\"},\"inLanguage\":\"en-US\",\"potentialAction\":[{\"@type\":\"ReadAction\",\"target\":[\"https:\\\/\\\/tajkertesz.com\\\/termek\\\/substral-osmocote-hosszu-hatastartamu-mutragya-rozsaknak-es-viragzo-novenyeknek-15kg\\\/\"]}]},{\"@type\":\"ImageObject\",\"inLanguage\":\"en-US\",\"@id\":\"https:\\\/\\\/tajkertesz.com\\\/termek\\\/substral-osmocote-hosszu-hatastartamu-mutragya-rozsaknak-es-viragzo-novenyeknek-15kg\\\/#primaryimage\",\"url\":\"https:\\\/\\\/tajkertesz.com\\\/wp-content\\\/uploads\\\/2026\\\/01\\\/6304c47f5f6584143.jpeg\",\"contentUrl\":\"https:\\\/\\\/tajkertesz.com\\\/wp-content\\\/uploads\\\/2026\\\/01\\\/6304c47f5f6584143.jpeg\",\"width\":726,\"height\":1080,\"caption\":\"Substral Osmocote hossz\u00fa hat\u00e1startam\u00fa m\u0171tr\u00e1gya r\u00f3zs\u00e1knak \u00e9s vir\u00e1gz\u00f3 n\u00f6v\u00e9nyeknek 1,5kg.\"},{\"@type\":\"BreadcrumbList\",\"@id\":\"https:\\\/\\\/tajkertesz.com\\\/termek\\\/substral-osmocote-hosszu-hatastartamu-mutragya-rozsaknak-es-viragzo-novenyeknek-15kg\\\/#breadcrumb\",\"itemListElement\":[{\"@type\":\"ListItem\",\"position\":1,\"name\":\"Home\",\"item\":\"https:\\\/\\\/tajkertesz.com\\\/\"},{\"@type\":\"ListItem\",\"position\":2,\"name\":\"Kezd\u0151lap\",\"item\":\"https:\\\/\\\/tajkertesz.com\\\/\"},{\"@type\":\"ListItem\",\"position\":3,\"name\":\"Substral Osmocote hossz\u00fa hat\u00e1startam\u00fa m\u0171tr\u00e1gya r\u00f3zs\u00e1knak \u00e9s vir\u00e1gz\u00f3 n\u00f6v\u00e9nyeknek 1,5kg.\"}]},{\"@type\":\"WebSite\",\"@id\":\"https:\\\/\\\/tajkertesz.com\\\/#website\",\"url\":\"https:\\\/\\\/tajkertesz.com\\\/\",\"name\":\"T\u00e1j-Kert\u00e9sz 84 Kft.\",\"description\":\"Kert\u00e9szeti kis- \u00e9s nagykeresked\u00e9s, D\u00edszn\u00f6v\u00e9ny web\u00e1ruh\u00e1z orsz\u00e1gos h\u00e1zhozsz\u00e1ll\u00edt\u00e1ssal!\",\"publisher\":{\"@id\":\"https:\\\/\\\/tajkertesz.com\\\/#organization\"},\"potentialAction\":[{\"@type\":\"SearchAction\",\"target\":{\"@type\":\"EntryPoint\",\"urlTemplate\":\"https:\\\/\\\/tajkertesz.com\\\/?s={search_term_string}\"},\"query-input\":{\"@type\":\"PropertyValueSpecification\",\"valueRequired\":true,\"valueName\":\"search_term_string\"}}],\"inLanguage\":\"en-US\"},{\"@type\":\"Organization\",\"@id\":\"https:\\\/\\\/tajkertesz.com\\\/#organization\",\"name\":\"T\u00e1j-Kert\u00e9sz 84 Kft.\",\"url\":\"https:\\\/\\\/tajkertesz.com\\\/\",\"logo\":{\"@type\":\"ImageObject\",\"inLanguage\":\"en-US\",\"@id\":\"https:\\\/\\\/tajkertesz.com\\\/#\\\/schema\\\/logo\\\/image\\\/\",\"url\":\"https:\\\/\\\/tajkertesz.com\\\/wp-content\\\/uploads\\\/2018\\\/02\\\/logo-2-e1518678052539.png\",\"contentUrl\":\"https:\\\/\\\/tajkertesz.com\\\/wp-content\\\/uploads\\\/2018\\\/02\\\/logo-2-e1518678052539.png\",\"width\":81,\"height\":140,\"caption\":\"T\u00e1j-Kert\u00e9sz 84 Kft.\"},\"image\":{\"@id\":\"https:\\\/\\\/tajkertesz.com\\\/#\\\/schema\\\/logo\\\/image\\\/\"},\"sameAs\":[\"https:\\\/\\\/www.facebook.com\\\/Tajkertesz\\\/\"]}]}<\/script>\n<!-- \/ Yoast SEO plugin. -->","yoast_head_json":{"title":"Substral Osmocote hossz\u00fa hat\u00e1startam\u00fa m\u0171tr\u00e1gya r\u00f3zs\u00e1knak \u00e9s vir\u00e1gz\u00f3 n\u00f6v\u00e9nyeknek 1,5kg. - T\u00e1jkert\u00e9sz","description":"Substral Osmocote hossz\u00fa hat\u00e1startam\u00fa m\u0171tr\u00e1gya r\u00f3zs\u00e1knak \u00e9s vir\u00e1gz\u00f3 n\u00f6v\u00e9nyeknek 1,5kg. Optim\u00e1lis t\u00e1panyagell\u00e1t\u00e1s magn\u00e9ziummal \u00e9s nyomelemekkel a gazdag","robots":{"index":"index","follow":"follow","max-snippet":"max-snippet:-1","max-image-preview":"max-image-preview:large","max-video-preview":"max-video-preview:-1"},"canonical":"https:\/\/tajkertesz.com\/en_US\/product\/substral-osmocote-hosszu-hatastartamu-mutragya-rozsaknak-es-viragzo-novenyeknek-15kg\/","og_locale":"en_US","og_type":"article","og_title":"Substral Osmocote hossz\u00fa hat\u00e1startam\u00fa m\u0171tr\u00e1gya r\u00f3zs\u00e1knak \u00e9s vir\u00e1gz\u00f3 n\u00f6v\u00e9nyeknek 1,5kg. - T\u00e1jkert\u00e9sz","og_description":"Substral Osmocote hossz\u00fa hat\u00e1startam\u00fa m\u0171tr\u00e1gya r\u00f3zs\u00e1knak \u00e9s vir\u00e1gz\u00f3 n\u00f6v\u00e9nyeknek 1,5kg. Optim\u00e1lis t\u00e1panyagell\u00e1t\u00e1s magn\u00e9ziummal \u00e9s nyomelemekkel a gazdag","og_url":"https:\/\/tajkertesz.com\/en_US\/product\/substral-osmocote-hosszu-hatastartamu-mutragya-rozsaknak-es-viragzo-novenyeknek-15kg\/","og_site_name":"T\u00e1jkert\u00e9sz","article_publisher":"https:\/\/www.facebook.com\/Tajkertesz\/","article_modified_time":"2026-01-20T14:56:26+00:00","og_image":[{"width":726,"height":1080,"url":"https:\/\/tajkertesz.com\/wp-content\/uploads\/2026\/01\/6304c47f5f6584143.jpeg","type":"image\/jpeg"}],"twitter_card":"summary_large_image","twitter_misc":{"Est. reading time":"2 minutes"},"schema":{"@context":"https:\/\/schema.org","@graph":[{"@type":"WebPage","@id":"https:\/\/tajkertesz.com\/termek\/substral-osmocote-hosszu-hatastartamu-mutragya-rozsaknak-es-viragzo-novenyeknek-15kg\/","url":"https:\/\/tajkertesz.com\/termek\/substral-osmocote-hosszu-hatastartamu-mutragya-rozsaknak-es-viragzo-novenyeknek-15kg\/","name":"Substral Osmocote hossz\u00fa hat\u00e1startam\u00fa m\u0171tr\u00e1gya r\u00f3zs\u00e1knak \u00e9s vir\u00e1gz\u00f3 n\u00f6v\u00e9nyeknek 1,5kg. - T\u00e1jkert\u00e9sz","isPartOf":{"@id":"https:\/\/tajkertesz.com\/#website"},"primaryImageOfPage":{"@id":"https:\/\/tajkertesz.com\/termek\/substral-osmocote-hosszu-hatastartamu-mutragya-rozsaknak-es-viragzo-novenyeknek-15kg\/#primaryimage"},"image":{"@id":"https:\/\/tajkertesz.com\/termek\/substral-osmocote-hosszu-hatastartamu-mutragya-rozsaknak-es-viragzo-novenyeknek-15kg\/#primaryimage"},"thumbnailUrl":"https:\/\/tajkertesz.com\/wp-content\/uploads\/2026\/01\/6304c47f5f6584143.jpeg","datePublished":"2026-01-20T14:56:24+00:00","dateModified":"2026-01-20T14:56:26+00:00","description":"Substral Osmocote hossz\u00fa hat\u00e1startam\u00fa m\u0171tr\u00e1gya r\u00f3zs\u00e1knak \u00e9s vir\u00e1gz\u00f3 n\u00f6v\u00e9nyeknek 1,5kg. Optim\u00e1lis t\u00e1panyagell\u00e1t\u00e1s magn\u00e9ziummal \u00e9s nyomelemekkel a gazdag","breadcrumb":{"@id":"https:\/\/tajkertesz.com\/termek\/substral-osmocote-hosszu-hatastartamu-mutragya-rozsaknak-es-viragzo-novenyeknek-15kg\/#breadcrumb"},"inLanguage":"en-US","potentialAction":[{"@type":"ReadAction","target":["https:\/\/tajkertesz.com\/termek\/substral-osmocote-hosszu-hatastartamu-mutragya-rozsaknak-es-viragzo-novenyeknek-15kg\/"]}]},{"@type":"ImageObject","inLanguage":"en-US","@id":"https:\/\/tajkertesz.com\/termek\/substral-osmocote-hosszu-hatastartamu-mutragya-rozsaknak-es-viragzo-novenyeknek-15kg\/#primaryimage","url":"https:\/\/tajkertesz.com\/wp-content\/uploads\/2026\/01\/6304c47f5f6584143.jpeg","contentUrl":"https:\/\/tajkertesz.com\/wp-content\/uploads\/2026\/01\/6304c47f5f6584143.jpeg","width":726,"height":1080,"caption":"Substral Osmocote hossz\u00fa hat\u00e1startam\u00fa m\u0171tr\u00e1gya r\u00f3zs\u00e1knak \u00e9s vir\u00e1gz\u00f3 n\u00f6v\u00e9nyeknek 1,5kg."},{"@type":"BreadcrumbList","@id":"https:\/\/tajkertesz.com\/termek\/substral-osmocote-hosszu-hatastartamu-mutragya-rozsaknak-es-viragzo-novenyeknek-15kg\/#breadcrumb","itemListElement":[{"@type":"ListItem","position":1,"name":"Home","item":"https:\/\/tajkertesz.com\/"},{"@type":"ListItem","position":2,"name":"Kezd\u0151lap","item":"https:\/\/tajkertesz.com\/"},{"@type":"ListItem","position":3,"name":"Substral Osmocote hossz\u00fa hat\u00e1startam\u00fa m\u0171tr\u00e1gya r\u00f3zs\u00e1knak \u00e9s vir\u00e1gz\u00f3 n\u00f6v\u00e9nyeknek 1,5kg."}]},{"@type":"WebSite","@id":"https:\/\/tajkertesz.com\/#website","url":"https:\/\/tajkertesz.com\/","name":"T\u00e1j-Kert\u00e9sz 84 Kft.","description":"Kert\u00e9szeti kis- \u00e9s nagykeresked\u00e9s, D\u00edszn\u00f6v\u00e9ny web\u00e1ruh\u00e1z orsz\u00e1gos h\u00e1zhozsz\u00e1ll\u00edt\u00e1ssal!","publisher":{"@id":"https:\/\/tajkertesz.com\/#organization"},"potentialAction":[{"@type":"SearchAction","target":{"@type":"EntryPoint","urlTemplate":"https:\/\/tajkertesz.com\/?s={search_term_string}"},"query-input":{"@type":"PropertyValueSpecification","valueRequired":true,"valueName":"search_term_string"}}],"inLanguage":"en-US"},{"@type":"Organization","@id":"https:\/\/tajkertesz.com\/#organization","name":"T\u00e1j-Kert\u00e9sz 84 Kft.","url":"https:\/\/tajkertesz.com\/","logo":{"@type":"ImageObject","inLanguage":"en-US","@id":"https:\/\/tajkertesz.com\/#\/schema\/logo\/image\/","url":"https:\/\/tajkertesz.com\/wp-content\/uploads\/2018\/02\/logo-2-e1518678052539.png","contentUrl":"https:\/\/tajkertesz.com\/wp-content\/uploads\/2018\/02\/logo-2-e1518678052539.png","width":81,"height":140,"caption":"T\u00e1j-Kert\u00e9sz 84 Kft."},"image":{"@id":"https:\/\/tajkertesz.com\/#\/schema\/logo\/image\/"},"sameAs":["https:\/\/www.facebook.com\/Tajkertesz\/"]}]}},"_links":{"self":[{"href":"https:\/\/tajkertesz.com\/en_US\/wp-json\/wp\/v2\/product\/25965","targetHints":{"allow":["GET"]}}],"collection":[{"href":"https:\/\/tajkertesz.com\/en_US\/wp-json\/wp\/v2\/product"}],"about":[{"href":"https:\/\/tajkertesz.com\/en_US\/wp-json\/wp\/v2\/types\/product"}],"wp:featuredmedia":[{"embeddable":true,"href":"https:\/\/tajkertesz.com\/en_US\/wp-json\/wp\/v2\/media\/25967"}],"wp:attachment":[{"href":"https:\/\/tajkertesz.com\/en_US\/wp-json\/wp\/v2\/media?parent=25965"}],"wp:term":[{"taxonomy":"product_brand","embeddable":true,"href":"https:\/\/tajkertesz.com\/en_US\/wp-json\/wp\/v2\/product_brand?post=25965"},{"taxonomy":"product_cat","embeddable":true,"href":"https:\/\/tajkertesz.com\/en_US\/wp-json\/wp\/v2\/product_cat?post=25965"},{"taxonomy":"product_tag","embeddable":true,"href":"https:\/\/tajkertesz.com\/en_US\/wp-json\/wp\/v2\/product_tag?post=25965"}],"curies":[{"name":"wp","href":"https:\/\/api.w.org\/{rel}","templated":true}]}}