{"id":25975,"date":"2026-01-21T06:40:39","date_gmt":"2026-01-21T06:40:39","guid":{"rendered":"https:\/\/tajkertesz.com\/?post_type=product&#038;p=25975"},"modified":"2026-01-21T06:41:34","modified_gmt":"2026-01-21T06:41:34","slug":"substral-osmocote-hosszu-hatastartamu-tragya-citrusfelek-es-mediterran-novenyek-szamara-075kg","status":"publish","type":"product","link":"https:\/\/tajkertesz.com\/en_US\/product\/substral-osmocote-hosszu-hatastartamu-tragya-citrusfelek-es-mediterran-novenyek-szamara-075kg\/","title":{"rendered":"Substral Osmocote hossz\u00fa hat\u00e1startam\u00fa tr\u00e1gya citrusf\u00e9l\u00e9k \u00e9s mediterr\u00e1n n\u00f6v\u00e9nyek sz\u00e1m\u00e1ra 0,75kg."},"content":{"rendered":"<h1>Substral Osmocote hossz\u00fa hat\u00e1startam\u00fa tr\u00e1gya citrusf\u00e9l\u00e9k \u00e9s mediterr\u00e1n n\u00f6v\u00e9nyek sz\u00e1m\u00e1ra 0,75kg.<\/h1>\n<p>Substral Osmocote hossz\u00fa hat\u00e1startam\u00fa tr\u00e1gya citrusf\u00e9l\u00e9k \u00e9s mediterr\u00e1n n\u00f6v\u00e9nyek sz\u00e1m\u00e1ra 0,75kg.<\/p>\n<p><strong>\ud83d\udd04 K\u00e9szletinform\u00e1ci\u00f3<\/strong><\/p>\n<p><strong>K\u00e9szlet\u00fcnk napi szinten v\u00e1ltozik, \u00edgy a webshopban szerepl<\/strong><strong>\u0151<\/strong><strong> term\u00e9kek el\u00e9rhet<\/strong><strong>\u0151<\/strong><strong>s\u00e9ge nem garant\u00e1lt.<br \/>\n\ud83d\udcde A megrendel\u00e9s el<\/strong><strong>\u0151<\/strong><strong>tt k\u00e9rj\u00fck, \u00e9rdekl<\/strong><strong>\u0151<\/strong><strong>dj\u00f6n szem\u00e9lyesen, telefonon vagy e-mailben!<\/strong><\/p>\n<p><strong>\u27a1\ufe0f Kapcsolat:<\/strong><\/p>\n<ul>\n<li><strong>Weboldal: <\/strong><a href=\"https:\/\/tajkertesz.com\"><strong>tajkertesz.com<\/strong><\/a><\/li>\n<li><strong>Facebook: <\/strong><a href=\"https:\/\/www.facebook.com\/tajkertesz\/\"><strong>facebook.com\/tajkertesz<\/strong><\/a><\/li>\n<li><strong>Telefonsz\u00e1m, e-mail: +36\/20-319-3770 <\/strong><a href=\"mailto:info@tajkertesz.hu\"><strong>info@tajkertesz.hu<\/strong><\/a><\/li>\n<\/ul>\n<p><strong>\ud83d\ude9a Sz\u00e1ll\u00edt\u00e1si inform\u00e1ci\u00f3k<\/strong><\/p>\n<p><strong>A megrendelt term\u00e9kek kisz\u00e1ll\u00edt\u00e1sa az al\u00e1bbi felt\u00e9telek mellett t\u00f6rt\u00e9nik:<\/strong><\/p>\n<p><strong>\ud83d\udce6 Fut\u00e1rszolg\u00e1latos sz\u00e1ll\u00edt\u00e1s<\/strong><\/p>\n<ul>\n<li><strong>Maxim\u00e1lis m\u00e9ret: 200 cm (hossz\u00fas\u00e1g)<\/strong><\/li>\n<li><strong>Maxim\u00e1lis s\u00faly: 40 kg<\/strong><\/li>\n<li><strong>Az enn\u00e9l kisebb \u00e9s k\u00f6nnyebb csomagokat fut\u00e1rszolg\u00e1lattal k\u00e9zbes\u00edtj\u00fck a lehet<\/strong><strong>\u0151<\/strong><strong> legbiztons\u00e1gosabb csomagol\u00e1sban.<\/strong><\/li>\n<\/ul>\n<p><strong>\ud83d\udefb Szem\u00e9lyes \u00e1tv\u00e9tel<\/strong><\/p>\n<ul>\n<li><strong>1173 Budapest, Bakancsos utca 7. sz\u00e1m alatt nyitvatart\u00e1si id<\/strong><strong>\u0151<\/strong><strong>ben szem\u00e9lyesen \u00e1tvehet<\/strong><strong>\u0151<\/strong><strong> kert\u00e9szeti \u00e1rud\u00e1nkban.<\/strong><\/li>\n<li><strong>K\u00f6lts\u00e9ghat\u00e9kony megold\u00e1s nagyobb, t\u00f6r\u00e9kenyebb vagy t\u00falm\u00e9retes n\u00f6v\u00e9nyek eset\u00e9n.<\/strong><\/li>\n<\/ul>\n<p><strong>\ud83d\udcde Nagy m\u00e9ret<\/strong><strong>\u0171<\/strong><strong> vagy s\u00faly\u00fa n\u00f6v\u00e9nyek\/term\u00e9kek eset\u00e9n<\/strong><\/p>\n<p><strong>Ha a term\u00e9k:<\/strong><\/p>\n<ul>\n<li><strong>meghaladja a 200 cm hossz\u00fas\u00e1got vagy<\/strong><\/li>\n<li><strong>meghaladja a 40 kg s\u00falyt,<\/strong><\/li>\n<\/ul>\n<p><strong>akkor szem\u00e9lyes \u00e1tv\u00e9tellel vagy egyedi, el<\/strong><strong>\u0151<\/strong><strong>re egyeztetett sz\u00e1ll\u00edt\u00e1si felt\u00e9telek mellett t\u00f6rt\u00e9nik.<br \/>\nK\u00e9rj\u00fck, ilyen esetben rendel\u00e9s el<\/strong><strong>\u0151<\/strong><strong>tt vegye fel vel\u00fcnk a kapcsolatot, hogy a lehet<\/strong><strong>\u0151<\/strong><strong> legmegfelel<\/strong><strong>\u0151<\/strong><strong>bb sz\u00e1ll\u00edt\u00e1si megold\u00e1st k\u00edn\u00e1lhassuk.<\/strong><\/p>","protected":false},"excerpt":{"rendered":"<p>Professzion\u00e1lis technol\u00f3gia eredeti Osmocote<sup>\u00ae\u00a0<\/sup>lass\u00fa felszabadul\u00e1s\u00fa m\u0171tr\u00e1gy\u00e1val, extra magn\u00e9zium tartalommal \u00e9s mikroelemekkel.<\/p>\n<p>Kett\u0151s hat\u00e1sa van: azonnali \u00e9s 6 h\u00f3napos hossz\u00fa t\u00e1v\u00fa hat\u00e1s &#8211; \u00e9vente csak egyszer kell alkalmazni. A burkolt m\u0171tr\u00e1gya szemcs\u00e9k f\u00e9l \u00e9ven kereszt\u00fcle ell\u00e1tj\u00e1k a n\u00f6v\u00e9nyt a sz\u00fcks\u00e9ges t\u00e1panyagokkal &#8211; csak \u00f6nt\u00f6zni kell.\u00a0 Egyszer\u0171 \u00e9s k\u00f6rnyezetbar\u00e1t.<\/p>\n<p><strong>El\u0151ny\u00f6k a hagyom\u00e1nyos m\u0171tr\u00e1gy\u00e1khoz k\u00e9pest:<\/strong><\/p>\n<p>1. az \u00f6sszetev\u0151k egy burokba vannak z\u00e1rva, ily m\u00f3don nem \u00e9rintkeznek k\u00f6zvetlen\u00fcl a gy\u00f6k\u00e9rzettel &#8211; a perzsel\u0151d\u00e9s vesz\u00e9lye kiz\u00e1rva!<\/p>\n<p>2. amint a f\u00f6ld felmelegszik, az \u00f6sszetev\u0151k a n\u00f6v\u00e9ny ig\u00e9ny\u00e9nek megfelel\u0151 temp\u00f3ban t\u00e1rodnak fel. &#8211; Nincs t\u00fal- vagy alultr\u00e1gy\u00e1z\u00e1s<\/p>\n<p>3. egyetlen alkalmaz\u00e1s elegend\u0151 szezononk\u00e9nt &#8211; egyszer\u0171 \u00e9s k\u00f6rnyezetbar\u00e1t &#8211; a hagyom\u00e1nyos m\u0171tr\u00e1gy\u00e1kat \u00e1ltal\u00e1ban legal\u00e1bb k\u00e9tszer kell haszn\u00e1lni!<\/p>\n<p>&nbsp;<\/p>\n<p>&nbsp;<\/p>\n<p>&nbsp;<\/p>\n<p>\u00c1sv\u00e1nyi tr\u00e1gya<\/p>\n<p><strong>NPK (Mg)<\/strong>\u00a0m\u0171tr\u00e1gya<strong>\u00a020 &#8211; 7 &#8211; 16 (+2,5)<\/strong>\u00a0mikroelemekkel. r\u00e9z (Cu), vas (Fe), mang\u00e1n (Mn), cink (Zn)<\/p>\n<p>Alacsony kl\u00f3rtartalom. Alacsony kadmiumtartalom.<\/p>\n<p><strong>Adagol\u00e1si tipp:<\/strong>\u00a01 te\u00e1skan\u00e1l=5 g, 1 ev\u0151kan\u00e1l=15 g<\/p>\n<p>A vir\u00e1g fajt\u00e1ja \u00e9s a vir\u00e1gf\u00f6ld mennyis\u00e9g\u00e9nek f\u00fcggv\u00e9ny\u00e9ben kell a vir\u00e1gf\u00f6ldh\u00f6z keverni.<\/p>\n<p>&nbsp;<\/p>\n<table border=\"1\" cellspacing=\"0\" cellpadding=\"0\">\n<tbody>\n<tr>\n<td valign=\"top\" width=\"299\">\n<p align=\"center\">S\u00e9t\u00e1nyr\u00f3zsa, J\u00e1zmin, Bougainville, levendula<\/p>\n<\/td>\n<td valign=\"top\" width=\"299\">\n<p align=\"center\">10-20 g\/n\u00f6v\u00e9ny<\/p>\n<\/td>\n<\/tr>\n<tr>\n<td valign=\"top\" width=\"299\">\n<p align=\"center\">Citrus-, mediterr\u00e1n n\u00f6v\u00e9nyek<\/p>\n<\/td>\n<td valign=\"top\" width=\"299\">\n<p align=\"center\">20-40 g\/n\u00f6v\u00e9ny<\/p>\n<\/td>\n<\/tr>\n<tr>\n<td valign=\"top\" width=\"299\">\n<p align=\"center\">Olajbogy\u00f3, Leander, P\u00e1lma, F\u00fcge, Mediterr\u00e1n ciprus<\/p>\n<\/td>\n<td valign=\"top\" width=\"299\">\n<p align=\"center\">30-45 g\/n\u00f6v\u00e9ny<\/p>\n<\/td>\n<\/tr>\n<\/tbody>\n<\/table>\n<p>&nbsp;<\/p>\n<p><strong>Alkalmaz\u00e1si id\u0151:\u00a0<\/strong><strong>ide\u00e1lis kijuttat\u00e1s tavasszal, legk\u00e9s\u0151bb j\u00faniusig.<\/strong><\/p>\n<p><strong>T\u00e1rol\u00e1s:<\/strong>\u00a0h\u0171v\u00f6s, sz\u00e1raz helyen eredeti csomagol\u00e1sban. A fel nem haszn\u00e1lt term\u00e9ket t\u00e1rolja j\u00f3l lez\u00e1rt csomagol\u00e1sban. A tasak visszaz\u00e1rhat\u00f3 a hossz\u00fa eltarthat\u00f3s\u00e1g \u00e9rdek\u00e9ben.<\/p>\n<p><strong>Fenntarthat\u00f3 csomagol\u00e1s:<\/strong>\u00a0doboz 100 %-ban \u00fajrahasznos\u00edtott pap\u00edrb\u00f3l.<\/p>\n<p><strong>Eltarthat\u00f3s\u00e1g:<\/strong>\u00a0min\u0151s\u00e9g\u00e9t korl\u00e1tlan ideig meg\u0151rzi.<\/p>","protected":false},"featured_media":25976,"template":"","meta":{"_et_pb_use_builder":"","_et_pb_old_content":"","_et_gb_content_width":""},"product_brand":[6046],"product_cat":[1455],"product_tag":[1442,7895,1463,705,1477,1476,4104],"class_list":{"0":"post-25975","1":"product","2":"type-product","3":"status-publish","4":"has-post-thumbnail","6":"product_brand-substral","7":"product_cat-substral-mutragyak-tapoldatok","8":"product_tag-citrus","9":"product_tag-hosszuhatas","10":"product_tag-mediterran","11":"product_tag-mutragya","12":"product_tag-osmocote","13":"product_tag-substral","14":"product_tag-tapanyag","16":"first","17":"instock","18":"shipping-taxable","19":"purchasable","20":"product-type-simple"},"yoast_head":"<!-- This site is optimized with the Yoast SEO plugin v27.5 - https:\/\/yoast.com\/product\/yoast-seo-wordpress\/ -->\n<title>Substral Osmocote hossz\u00fa hat\u00e1startam\u00fa tr\u00e1gya citrusf\u00e9l\u00e9k \u00e9s mediterr\u00e1n n\u00f6v\u00e9nyek sz\u00e1m\u00e1ra 0,75kg. - T\u00e1jkert\u00e9sz<\/title>\n<meta name=\"description\" content=\"Substral Osmocote hossz\u00fa hat\u00e1startam\u00fa tr\u00e1gya citrusf\u00e9l\u00e9k \u00e9s mediterr\u00e1n n\u00f6v\u00e9nyek sz\u00e1m\u00e1ra 0,75kg. Lass\u00fa felszabadul\u00e1s\u00fa m\u0171tr\u00e1gy\u00e1val, extra magn\u00e9zium tartalo\" \/>\n<meta name=\"robots\" content=\"index, follow, max-snippet:-1, max-image-preview:large, max-video-preview:-1\" \/>\n<link rel=\"canonical\" href=\"https:\/\/tajkertesz.com\/en_US\/product\/substral-osmocote-hosszu-hatastartamu-tragya-citrusfelek-es-mediterran-novenyek-szamara-075kg\/\" \/>\n<meta property=\"og:locale\" content=\"en_US\" \/>\n<meta property=\"og:type\" content=\"article\" \/>\n<meta property=\"og:title\" content=\"Substral Osmocote hossz\u00fa hat\u00e1startam\u00fa tr\u00e1gya citrusf\u00e9l\u00e9k \u00e9s mediterr\u00e1n n\u00f6v\u00e9nyek sz\u00e1m\u00e1ra 0,75kg. - T\u00e1jkert\u00e9sz\" \/>\n<meta property=\"og:description\" content=\"Substral Osmocote hossz\u00fa hat\u00e1startam\u00fa tr\u00e1gya citrusf\u00e9l\u00e9k \u00e9s mediterr\u00e1n n\u00f6v\u00e9nyek sz\u00e1m\u00e1ra 0,75kg. Lass\u00fa felszabadul\u00e1s\u00fa m\u0171tr\u00e1gy\u00e1val, extra magn\u00e9zium tartalo\" \/>\n<meta property=\"og:url\" content=\"https:\/\/tajkertesz.com\/en_US\/product\/substral-osmocote-hosszu-hatastartamu-tragya-citrusfelek-es-mediterran-novenyek-szamara-075kg\/\" \/>\n<meta property=\"og:site_name\" content=\"T\u00e1jkert\u00e9sz\" \/>\n<meta property=\"article:publisher\" content=\"https:\/\/www.facebook.com\/Tajkertesz\/\" \/>\n<meta property=\"article:modified_time\" content=\"2026-01-21T06:41:34+00:00\" \/>\n<meta property=\"og:image\" content=\"https:\/\/tajkertesz.com\/wp-content\/uploads\/2026\/01\/6303842800e842813.jpeg\" \/>\n\t<meta property=\"og:image:width\" content=\"726\" \/>\n\t<meta property=\"og:image:height\" content=\"1080\" \/>\n\t<meta property=\"og:image:type\" content=\"image\/jpeg\" \/>\n<meta name=\"twitter:card\" content=\"summary_large_image\" \/>\n<meta name=\"twitter:label1\" content=\"Est. reading time\" \/>\n\t<meta name=\"twitter:data1\" content=\"2 minutes\" \/>\n<script type=\"application\/ld+json\" class=\"yoast-schema-graph\">{\"@context\":\"https:\\\/\\\/schema.org\",\"@graph\":[{\"@type\":\"WebPage\",\"@id\":\"https:\\\/\\\/tajkertesz.com\\\/termek\\\/substral-osmocote-hosszu-hatastartamu-tragya-citrusfelek-es-mediterran-novenyek-szamara-075kg\\\/\",\"url\":\"https:\\\/\\\/tajkertesz.com\\\/termek\\\/substral-osmocote-hosszu-hatastartamu-tragya-citrusfelek-es-mediterran-novenyek-szamara-075kg\\\/\",\"name\":\"Substral Osmocote hossz\u00fa hat\u00e1startam\u00fa tr\u00e1gya citrusf\u00e9l\u00e9k \u00e9s mediterr\u00e1n n\u00f6v\u00e9nyek sz\u00e1m\u00e1ra 0,75kg. - T\u00e1jkert\u00e9sz\",\"isPartOf\":{\"@id\":\"https:\\\/\\\/tajkertesz.com\\\/#website\"},\"primaryImageOfPage\":{\"@id\":\"https:\\\/\\\/tajkertesz.com\\\/termek\\\/substral-osmocote-hosszu-hatastartamu-tragya-citrusfelek-es-mediterran-novenyek-szamara-075kg\\\/#primaryimage\"},\"image\":{\"@id\":\"https:\\\/\\\/tajkertesz.com\\\/termek\\\/substral-osmocote-hosszu-hatastartamu-tragya-citrusfelek-es-mediterran-novenyek-szamara-075kg\\\/#primaryimage\"},\"thumbnailUrl\":\"https:\\\/\\\/tajkertesz.com\\\/wp-content\\\/uploads\\\/2026\\\/01\\\/6303842800e842813.jpeg\",\"datePublished\":\"2026-01-21T06:40:39+00:00\",\"dateModified\":\"2026-01-21T06:41:34+00:00\",\"description\":\"Substral Osmocote hossz\u00fa hat\u00e1startam\u00fa tr\u00e1gya citrusf\u00e9l\u00e9k \u00e9s mediterr\u00e1n n\u00f6v\u00e9nyek sz\u00e1m\u00e1ra 0,75kg. Lass\u00fa felszabadul\u00e1s\u00fa m\u0171tr\u00e1gy\u00e1val, extra magn\u00e9zium tartalo\",\"breadcrumb\":{\"@id\":\"https:\\\/\\\/tajkertesz.com\\\/termek\\\/substral-osmocote-hosszu-hatastartamu-tragya-citrusfelek-es-mediterran-novenyek-szamara-075kg\\\/#breadcrumb\"},\"inLanguage\":\"en-US\",\"potentialAction\":[{\"@type\":\"ReadAction\",\"target\":[\"https:\\\/\\\/tajkertesz.com\\\/termek\\\/substral-osmocote-hosszu-hatastartamu-tragya-citrusfelek-es-mediterran-novenyek-szamara-075kg\\\/\"]}]},{\"@type\":\"ImageObject\",\"inLanguage\":\"en-US\",\"@id\":\"https:\\\/\\\/tajkertesz.com\\\/termek\\\/substral-osmocote-hosszu-hatastartamu-tragya-citrusfelek-es-mediterran-novenyek-szamara-075kg\\\/#primaryimage\",\"url\":\"https:\\\/\\\/tajkertesz.com\\\/wp-content\\\/uploads\\\/2026\\\/01\\\/6303842800e842813.jpeg\",\"contentUrl\":\"https:\\\/\\\/tajkertesz.com\\\/wp-content\\\/uploads\\\/2026\\\/01\\\/6303842800e842813.jpeg\",\"width\":726,\"height\":1080,\"caption\":\"Substral Osmocote hossz\u00fa hat\u00e1startam\u00fa tr\u00e1gya citrusf\u00e9l\u00e9k \u00e9s mediterr\u00e1n n\u00f6v\u00e9nyek sz\u00e1m\u00e1ra 0,75kg.\"},{\"@type\":\"BreadcrumbList\",\"@id\":\"https:\\\/\\\/tajkertesz.com\\\/termek\\\/substral-osmocote-hosszu-hatastartamu-tragya-citrusfelek-es-mediterran-novenyek-szamara-075kg\\\/#breadcrumb\",\"itemListElement\":[{\"@type\":\"ListItem\",\"position\":1,\"name\":\"Home\",\"item\":\"https:\\\/\\\/tajkertesz.com\\\/\"},{\"@type\":\"ListItem\",\"position\":2,\"name\":\"Kezd\u0151lap\",\"item\":\"https:\\\/\\\/tajkertesz.com\\\/\"},{\"@type\":\"ListItem\",\"position\":3,\"name\":\"Substral Osmocote hossz\u00fa hat\u00e1startam\u00fa tr\u00e1gya citrusf\u00e9l\u00e9k \u00e9s mediterr\u00e1n n\u00f6v\u00e9nyek sz\u00e1m\u00e1ra 0,75kg.\"}]},{\"@type\":\"WebSite\",\"@id\":\"https:\\\/\\\/tajkertesz.com\\\/#website\",\"url\":\"https:\\\/\\\/tajkertesz.com\\\/\",\"name\":\"T\u00e1j-Kert\u00e9sz 84 Kft.\",\"description\":\"Kert\u00e9szeti kis- \u00e9s nagykeresked\u00e9s, D\u00edszn\u00f6v\u00e9ny web\u00e1ruh\u00e1z orsz\u00e1gos h\u00e1zhozsz\u00e1ll\u00edt\u00e1ssal!\",\"publisher\":{\"@id\":\"https:\\\/\\\/tajkertesz.com\\\/#organization\"},\"potentialAction\":[{\"@type\":\"SearchAction\",\"target\":{\"@type\":\"EntryPoint\",\"urlTemplate\":\"https:\\\/\\\/tajkertesz.com\\\/?s={search_term_string}\"},\"query-input\":{\"@type\":\"PropertyValueSpecification\",\"valueRequired\":true,\"valueName\":\"search_term_string\"}}],\"inLanguage\":\"en-US\"},{\"@type\":\"Organization\",\"@id\":\"https:\\\/\\\/tajkertesz.com\\\/#organization\",\"name\":\"T\u00e1j-Kert\u00e9sz 84 Kft.\",\"url\":\"https:\\\/\\\/tajkertesz.com\\\/\",\"logo\":{\"@type\":\"ImageObject\",\"inLanguage\":\"en-US\",\"@id\":\"https:\\\/\\\/tajkertesz.com\\\/#\\\/schema\\\/logo\\\/image\\\/\",\"url\":\"https:\\\/\\\/tajkertesz.com\\\/wp-content\\\/uploads\\\/2018\\\/02\\\/logo-2-e1518678052539.png\",\"contentUrl\":\"https:\\\/\\\/tajkertesz.com\\\/wp-content\\\/uploads\\\/2018\\\/02\\\/logo-2-e1518678052539.png\",\"width\":81,\"height\":140,\"caption\":\"T\u00e1j-Kert\u00e9sz 84 Kft.\"},\"image\":{\"@id\":\"https:\\\/\\\/tajkertesz.com\\\/#\\\/schema\\\/logo\\\/image\\\/\"},\"sameAs\":[\"https:\\\/\\\/www.facebook.com\\\/Tajkertesz\\\/\"]}]}<\/script>\n<!-- \/ Yoast SEO plugin. -->","yoast_head_json":{"title":"Substral Osmocote hossz\u00fa hat\u00e1startam\u00fa tr\u00e1gya citrusf\u00e9l\u00e9k \u00e9s mediterr\u00e1n n\u00f6v\u00e9nyek sz\u00e1m\u00e1ra 0,75kg. - T\u00e1jkert\u00e9sz","description":"Substral Osmocote hossz\u00fa hat\u00e1startam\u00fa tr\u00e1gya citrusf\u00e9l\u00e9k \u00e9s mediterr\u00e1n n\u00f6v\u00e9nyek sz\u00e1m\u00e1ra 0,75kg. Lass\u00fa felszabadul\u00e1s\u00fa m\u0171tr\u00e1gy\u00e1val, extra magn\u00e9zium tartalo","robots":{"index":"index","follow":"follow","max-snippet":"max-snippet:-1","max-image-preview":"max-image-preview:large","max-video-preview":"max-video-preview:-1"},"canonical":"https:\/\/tajkertesz.com\/en_US\/product\/substral-osmocote-hosszu-hatastartamu-tragya-citrusfelek-es-mediterran-novenyek-szamara-075kg\/","og_locale":"en_US","og_type":"article","og_title":"Substral Osmocote hossz\u00fa hat\u00e1startam\u00fa tr\u00e1gya citrusf\u00e9l\u00e9k \u00e9s mediterr\u00e1n n\u00f6v\u00e9nyek sz\u00e1m\u00e1ra 0,75kg. - T\u00e1jkert\u00e9sz","og_description":"Substral Osmocote hossz\u00fa hat\u00e1startam\u00fa tr\u00e1gya citrusf\u00e9l\u00e9k \u00e9s mediterr\u00e1n n\u00f6v\u00e9nyek sz\u00e1m\u00e1ra 0,75kg. Lass\u00fa felszabadul\u00e1s\u00fa m\u0171tr\u00e1gy\u00e1val, extra magn\u00e9zium tartalo","og_url":"https:\/\/tajkertesz.com\/en_US\/product\/substral-osmocote-hosszu-hatastartamu-tragya-citrusfelek-es-mediterran-novenyek-szamara-075kg\/","og_site_name":"T\u00e1jkert\u00e9sz","article_publisher":"https:\/\/www.facebook.com\/Tajkertesz\/","article_modified_time":"2026-01-21T06:41:34+00:00","og_image":[{"width":726,"height":1080,"url":"https:\/\/tajkertesz.com\/wp-content\/uploads\/2026\/01\/6303842800e842813.jpeg","type":"image\/jpeg"}],"twitter_card":"summary_large_image","twitter_misc":{"Est. reading time":"2 minutes"},"schema":{"@context":"https:\/\/schema.org","@graph":[{"@type":"WebPage","@id":"https:\/\/tajkertesz.com\/termek\/substral-osmocote-hosszu-hatastartamu-tragya-citrusfelek-es-mediterran-novenyek-szamara-075kg\/","url":"https:\/\/tajkertesz.com\/termek\/substral-osmocote-hosszu-hatastartamu-tragya-citrusfelek-es-mediterran-novenyek-szamara-075kg\/","name":"Substral Osmocote hossz\u00fa hat\u00e1startam\u00fa tr\u00e1gya citrusf\u00e9l\u00e9k \u00e9s mediterr\u00e1n n\u00f6v\u00e9nyek sz\u00e1m\u00e1ra 0,75kg. - T\u00e1jkert\u00e9sz","isPartOf":{"@id":"https:\/\/tajkertesz.com\/#website"},"primaryImageOfPage":{"@id":"https:\/\/tajkertesz.com\/termek\/substral-osmocote-hosszu-hatastartamu-tragya-citrusfelek-es-mediterran-novenyek-szamara-075kg\/#primaryimage"},"image":{"@id":"https:\/\/tajkertesz.com\/termek\/substral-osmocote-hosszu-hatastartamu-tragya-citrusfelek-es-mediterran-novenyek-szamara-075kg\/#primaryimage"},"thumbnailUrl":"https:\/\/tajkertesz.com\/wp-content\/uploads\/2026\/01\/6303842800e842813.jpeg","datePublished":"2026-01-21T06:40:39+00:00","dateModified":"2026-01-21T06:41:34+00:00","description":"Substral Osmocote hossz\u00fa hat\u00e1startam\u00fa tr\u00e1gya citrusf\u00e9l\u00e9k \u00e9s mediterr\u00e1n n\u00f6v\u00e9nyek sz\u00e1m\u00e1ra 0,75kg. Lass\u00fa felszabadul\u00e1s\u00fa m\u0171tr\u00e1gy\u00e1val, extra magn\u00e9zium tartalo","breadcrumb":{"@id":"https:\/\/tajkertesz.com\/termek\/substral-osmocote-hosszu-hatastartamu-tragya-citrusfelek-es-mediterran-novenyek-szamara-075kg\/#breadcrumb"},"inLanguage":"en-US","potentialAction":[{"@type":"ReadAction","target":["https:\/\/tajkertesz.com\/termek\/substral-osmocote-hosszu-hatastartamu-tragya-citrusfelek-es-mediterran-novenyek-szamara-075kg\/"]}]},{"@type":"ImageObject","inLanguage":"en-US","@id":"https:\/\/tajkertesz.com\/termek\/substral-osmocote-hosszu-hatastartamu-tragya-citrusfelek-es-mediterran-novenyek-szamara-075kg\/#primaryimage","url":"https:\/\/tajkertesz.com\/wp-content\/uploads\/2026\/01\/6303842800e842813.jpeg","contentUrl":"https:\/\/tajkertesz.com\/wp-content\/uploads\/2026\/01\/6303842800e842813.jpeg","width":726,"height":1080,"caption":"Substral Osmocote hossz\u00fa hat\u00e1startam\u00fa tr\u00e1gya citrusf\u00e9l\u00e9k \u00e9s mediterr\u00e1n n\u00f6v\u00e9nyek sz\u00e1m\u00e1ra 0,75kg."},{"@type":"BreadcrumbList","@id":"https:\/\/tajkertesz.com\/termek\/substral-osmocote-hosszu-hatastartamu-tragya-citrusfelek-es-mediterran-novenyek-szamara-075kg\/#breadcrumb","itemListElement":[{"@type":"ListItem","position":1,"name":"Home","item":"https:\/\/tajkertesz.com\/"},{"@type":"ListItem","position":2,"name":"Kezd\u0151lap","item":"https:\/\/tajkertesz.com\/"},{"@type":"ListItem","position":3,"name":"Substral Osmocote hossz\u00fa hat\u00e1startam\u00fa tr\u00e1gya citrusf\u00e9l\u00e9k \u00e9s mediterr\u00e1n n\u00f6v\u00e9nyek sz\u00e1m\u00e1ra 0,75kg."}]},{"@type":"WebSite","@id":"https:\/\/tajkertesz.com\/#website","url":"https:\/\/tajkertesz.com\/","name":"T\u00e1j-Kert\u00e9sz 84 Kft.","description":"Kert\u00e9szeti kis- \u00e9s nagykeresked\u00e9s, D\u00edszn\u00f6v\u00e9ny web\u00e1ruh\u00e1z orsz\u00e1gos h\u00e1zhozsz\u00e1ll\u00edt\u00e1ssal!","publisher":{"@id":"https:\/\/tajkertesz.com\/#organization"},"potentialAction":[{"@type":"SearchAction","target":{"@type":"EntryPoint","urlTemplate":"https:\/\/tajkertesz.com\/?s={search_term_string}"},"query-input":{"@type":"PropertyValueSpecification","valueRequired":true,"valueName":"search_term_string"}}],"inLanguage":"en-US"},{"@type":"Organization","@id":"https:\/\/tajkertesz.com\/#organization","name":"T\u00e1j-Kert\u00e9sz 84 Kft.","url":"https:\/\/tajkertesz.com\/","logo":{"@type":"ImageObject","inLanguage":"en-US","@id":"https:\/\/tajkertesz.com\/#\/schema\/logo\/image\/","url":"https:\/\/tajkertesz.com\/wp-content\/uploads\/2018\/02\/logo-2-e1518678052539.png","contentUrl":"https:\/\/tajkertesz.com\/wp-content\/uploads\/2018\/02\/logo-2-e1518678052539.png","width":81,"height":140,"caption":"T\u00e1j-Kert\u00e9sz 84 Kft."},"image":{"@id":"https:\/\/tajkertesz.com\/#\/schema\/logo\/image\/"},"sameAs":["https:\/\/www.facebook.com\/Tajkertesz\/"]}]}},"_links":{"self":[{"href":"https:\/\/tajkertesz.com\/en_US\/wp-json\/wp\/v2\/product\/25975","targetHints":{"allow":["GET"]}}],"collection":[{"href":"https:\/\/tajkertesz.com\/en_US\/wp-json\/wp\/v2\/product"}],"about":[{"href":"https:\/\/tajkertesz.com\/en_US\/wp-json\/wp\/v2\/types\/product"}],"wp:featuredmedia":[{"embeddable":true,"href":"https:\/\/tajkertesz.com\/en_US\/wp-json\/wp\/v2\/media\/25976"}],"wp:attachment":[{"href":"https:\/\/tajkertesz.com\/en_US\/wp-json\/wp\/v2\/media?parent=25975"}],"wp:term":[{"taxonomy":"product_brand","embeddable":true,"href":"https:\/\/tajkertesz.com\/en_US\/wp-json\/wp\/v2\/product_brand?post=25975"},{"taxonomy":"product_cat","embeddable":true,"href":"https:\/\/tajkertesz.com\/en_US\/wp-json\/wp\/v2\/product_cat?post=25975"},{"taxonomy":"product_tag","embeddable":true,"href":"https:\/\/tajkertesz.com\/en_US\/wp-json\/wp\/v2\/product_tag?post=25975"}],"curies":[{"name":"wp","href":"https:\/\/api.w.org\/{rel}","templated":true}]}}