{"id":26018,"date":"2026-01-30T07:49:08","date_gmt":"2026-01-30T07:49:08","guid":{"rendered":"https:\/\/tajkertesz.com\/?post_type=product&#038;p=26018"},"modified":"2026-01-30T07:56:55","modified_gmt":"2026-01-30T07:56:55","slug":"kroton-csodacserje-codiaeum-variegatum","status":"publish","type":"product","link":"https:\/\/tajkertesz.com\/en_US\/product\/kroton-csodacserje-codiaeum-variegatum\/","title":{"rendered":"Kroton-csodacserje CODIAEUM VARIEGATUM"},"content":{"rendered":"<h1 class=\"page-head-title product-page-head-title position-relative\"><span class=\"product-page-product-name\">Kroton-csodacserje CODIAEUM VARIEGATUM<\/span><\/h1>\n<p class=\"page-head-title product-page-head-title position-relative\"><span class=\"product-page-product-name\">Kroton-csodacserje CODIAEUM VARIEGATUM<\/span><\/p>\n<p>A\u00a0<strong class=\"Yjhzub\" data-complete=\"true\" data-processed=\"true\">kroton<\/strong>\u00a0(latin neve:\u00a0<em class=\"eujQNb\" data-complete=\"true\" data-processed=\"true\">Codiaeum variegatum<\/em>), m\u00e1s n\u00e9ven\u00a0<strong class=\"Yjhzub\" data-complete=\"true\" data-processed=\"true\">csodacserje<\/strong>\u00a0vagy\u00a0<strong class=\"Yjhzub\" data-complete=\"true\" data-processed=\"true\">tarka csodacserje<\/strong>, egy n\u00e9pszer\u0171, sz\u00ednpomp\u00e1s lev\u00e9ld\u00edszn\u00f6v\u00e9ny, amely a kutyatejf\u00e9l\u00e9k csal\u00e1dj\u00e1ba tartozik. \u00c9l\u00e9nk, v\u00e1ltozatos sz\u00edn\u0171 (z\u00f6ld, s\u00e1rga, narancss\u00e1rga, v\u00f6r\u00f6s, r\u00f3zsasz\u00edn) levelei miatt kedvelik.<\/p>\n<div class=\"otQkpb\" role=\"heading\" aria-level=\"3\" data-animation-nesting=\"\" data-sfc-cp=\"\" data-complete=\"true\" data-processed=\"true\" data-sae=\"\">Gondoz\u00e1s<\/div>\n<div class=\"Y3BBE\" data-sfc-cp=\"\" data-hveid=\"CAYQAA\" data-complete=\"true\" data-processed=\"true\">A kroton tr\u00f3pusi n\u00f6v\u00e9ny, ez\u00e9rt a gondoz\u00e1sa az \u00e1tlagos szoban\u00f6v\u00e9nyek\u00e9n\u00e9l t\u00f6bb figyelmet ig\u00e9nyel.<span class=\"uJ19be notranslate\" data-wiz-uids=\"SKRy5_1p,SKRy5_1q\" data-complete=\"true\" data-processed=\"true\"><span class=\"vKEkVd\" data-animation-atomic=\"\" data-wiz-attrbind=\"class=SKRy5_1o\/TKHnVd\" data-sae=\"\">\u00a0<\/span><\/span><\/div>\n<ul class=\"KsbFXc U6u95\" data-complete=\"true\" data-processed=\"true\">\n<li data-hveid=\"CAcQAA\" data-complete=\"true\" data-sae=\"\"><span class=\"T286Pc\" data-sfc-cp=\"\" data-complete=\"true\"><strong class=\"Yjhzub\" data-complete=\"true\">F\u00e9nyig\u00e9ny<\/strong>: F\u00e9nyig\u00e9nyes n\u00f6v\u00e9ny; min\u00e9l t\u00f6bb sz\u00f3rt f\u00e9nyt kap, ann\u00e1l gazdagabb \u00e9s \u00e9l\u00e9nkebb lesz a levelek sz\u00ednvil\u00e1ga. Ker\u00fclni kell a t\u0171z\u0151, k\u00f6zvetlen napf\u00e9nyt.<\/span><\/li>\n<li data-hveid=\"CAcQAQ\" data-complete=\"true\" data-sae=\"\"><span class=\"T286Pc\" data-sfc-cp=\"\" data-complete=\"true\"><strong class=\"Yjhzub\" data-complete=\"true\">H\u0151m\u00e9rs\u00e9klet<\/strong>: Melegig\u00e9nyes, az ide\u00e1lis h\u0151m\u00e9rs\u00e9klet sz\u00e1m\u00e1ra 18-22\u00b0C k\u00f6z\u00f6tt van. Nem b\u00edrja a huzatot \u00e9s a hirtelen h\u0151m\u00e9rs\u00e9kletv\u00e1ltoz\u00e1st.<\/span><\/li>\n<li data-hveid=\"CAcQAg\" data-complete=\"true\" data-sae=\"\"><span class=\"T286Pc\" data-sfc-cp=\"\" data-complete=\"true\"><strong class=\"Yjhzub\" data-complete=\"true\">V\u00edzig\u00e9ny<\/strong>: K\u00f6zepes v\u00edzig\u00e9ny\u0171, a f\u00f6ldje mindig legyen nedves, de nem t\u00fal\u00f6nt\u00f6z\u00f6tt. L\u00e1gy vizet kedvel, \u00e9s \u00e9rz\u00e9keny a hideg \u00f6nt\u00f6z\u0151v\u00edzre.<\/span><\/li>\n<li data-hveid=\"CAcQAw\" data-complete=\"true\" data-sae=\"\"><span class=\"T286Pc\" data-sfc-cp=\"\" data-complete=\"true\"><strong class=\"Yjhzub\" data-complete=\"true\">P\u00e1ratartalom<\/strong>: Magas p\u00e1ratartalmat ig\u00e9nyel, amit rendszeres permetez\u00e9ssel vagy kavics\u00e1gyra \u00e1ll\u00edtva lehet biztos\u00edtani.<\/span><span class=\"uJ19be notranslate\" data-wiz-uids=\"SKRy5_27,SKRy5_28\" data-complete=\"true\"><span class=\"vKEkVd\" data-animation-atomic=\"\" data-wiz-attrbind=\"class=SKRy5_26\/TKHnVd\" data-sae=\"\" aria-owns=\"action-menu-toolbar\">\u00a0<\/span><\/span><\/li>\n<\/ul>\n<p><strong>\u27a1\ufe0f Kapcsolat:<\/strong><\/p>\n<ul>\n<li><strong>Weboldal: <\/strong><a href=\"https:\/\/tajkertesz.com\"><strong>tajkertesz.com<\/strong><\/a><\/li>\n<li><strong>Facebook: <\/strong><a href=\"https:\/\/www.facebook.com\/tajkertesz\/\"><strong>facebook.com\/tajkertesz<\/strong><\/a><\/li>\n<li><strong>Telefonsz\u00e1m, e-mail: +36\/20-319-3770 <\/strong><a href=\"mailto:info@tajkertesz.hu\"><strong>info@tajkertesz.hu<\/strong><\/a><\/li>\n<\/ul>\n<p><strong>\ud83d\ude9a Sz\u00e1ll\u00edt\u00e1si inform\u00e1ci\u00f3k<\/strong><\/p>\n<p><strong>A megrendelt term\u00e9kek kisz\u00e1ll\u00edt\u00e1sa az al\u00e1bbi felt\u00e9telek mellett t\u00f6rt\u00e9nik:<\/strong><\/p>\n<p><strong>\ud83d\udce6 Fut\u00e1rszolg\u00e1latos sz\u00e1ll\u00edt\u00e1s<\/strong><\/p>\n<ul>\n<li><strong>Maxim\u00e1lis m\u00e9ret: 200 cm (hossz\u00fas\u00e1g)<\/strong><\/li>\n<li><strong>Maxim\u00e1lis s\u00faly: 40 kg<\/strong><\/li>\n<li><strong>Az enn\u00e9l kisebb \u00e9s k\u00f6nnyebb csomagokat fut\u00e1rszolg\u00e1lattal k\u00e9zbes\u00edtj\u00fck a lehet<\/strong><strong>\u0151<\/strong><strong> legbiztons\u00e1gosabb csomagol\u00e1sban.<\/strong><\/li>\n<\/ul>\n<p><strong>\ud83d\udefb Szem\u00e9lyes \u00e1tv\u00e9tel<\/strong><\/p>\n<ul>\n<li><strong>1173 Budapest, Bakancsos utca 7. sz\u00e1m alatt nyitvatart\u00e1si id<\/strong><strong>\u0151<\/strong><strong>ben szem\u00e9lyesen \u00e1tvehet<\/strong><strong>\u0151<\/strong><strong> kert\u00e9szeti \u00e1rud\u00e1nkban.<\/strong><\/li>\n<li><strong>K\u00f6lts\u00e9ghat\u00e9kony megold\u00e1s nagyobb, t\u00f6r\u00e9kenyebb vagy t\u00falm\u00e9retes n\u00f6v\u00e9nyek eset\u00e9n.<\/strong><\/li>\n<\/ul>\n<p><strong>\ud83d\udcde Nagy m\u00e9ret<\/strong><strong>\u0171<\/strong><strong> vagy s\u00faly\u00fa n\u00f6v\u00e9nyek\/term\u00e9kek eset\u00e9n<\/strong><\/p>\n<p><strong>Ha a term\u00e9k:<\/strong><\/p>\n<ul>\n<li><strong>meghaladja a 200 cm hossz\u00fas\u00e1got vagy<\/strong><\/li>\n<li><strong>meghaladja a 40 kg s\u00falyt,<\/strong><\/li>\n<\/ul>\n<p><strong>akkor szem\u00e9lyes \u00e1tv\u00e9tellel vagy egyedi, el<\/strong><strong>\u0151<\/strong><strong>re egyeztetett sz\u00e1ll\u00edt\u00e1si felt\u00e9telek mellett t\u00f6rt\u00e9nik.<br \/>\nK\u00e9rj\u00fck, ilyen esetben rendel\u00e9s el<\/strong><strong>\u0151<\/strong><strong>tt vegye fel vel\u00fcnk a kapcsolatot, hogy a lehet<\/strong><strong>\u0151<\/strong><strong> legmegfelel<\/strong><strong>\u0151<\/strong><strong>bb sz\u00e1ll\u00edt\u00e1si megold\u00e1st k\u00edn\u00e1lhassuk.<\/strong><\/p>\n<p><strong>\ud83d\udd14 Fontos: A n\u00f6v\u00e9nyeket minden esetben igyeksz\u00fcnk gondosan, egyes\u00e9vel csomagolni, azonban a sz\u00e1ll\u00edt\u00e1s sor\u00e1n kisebb eszt\u00e9tikai s\u00e9r\u00fcl\u00e9sek el<\/strong><strong>\u0151<\/strong><strong>fordulhatnak (pl. lev\u00e9lhull\u00e1s). Ez nem min<\/strong><strong>\u0151<\/strong><strong>s\u00fcl hib\u00e1s teljes\u00edt\u00e9snek.<\/strong><\/p>\n<p>&nbsp;<\/p>\n<p><strong>\u00a0<\/strong><\/p>","protected":false},"excerpt":{"rendered":"<p>K\u00f6zepes v\u00edzig\u00e9ny\u0171, \u00e1lland\u00f3 h\u0151m\u00e9rs\u00e9kletet kedvel\u0151, huzatot nem t\u0171r\u0151 szoban\u00f6v\u00e9ny. Min\u00e9l t\u00f6bb f\u00e9nyt kap, ann\u00e1l gazdagabb lesz n\u00f6v\u00e9ny\u00fcnk sz\u00ednvil\u00e1ga.<\/p>\n<p>N\u00f6v\u00e9ny magass\u00e1ga 40\/50cm<\/p>\n<p><strong>\ud83d\udd04 K\u00e9szletinform\u00e1ci\u00f3<\/strong><\/p>\n<p><strong>K\u00e9szlet\u00fcnk napi szinten v\u00e1ltozik, \u00edgy a webshopban szerepl<\/strong><strong>\u0151<\/strong><strong> term\u00e9kek el\u00e9rhet<\/strong><strong>\u0151<\/strong><strong>s\u00e9ge nem garant\u00e1lt.<br \/>\n\ud83d\udcde A megrendel\u00e9s el<\/strong><strong>\u0151<\/strong><strong>tt k\u00e9rj\u00fck, \u00e9rdekl<\/strong><strong>\u0151<\/strong><strong>dj\u00f6n szem\u00e9lyesen, telefonon vagy e-mailben!<\/strong><\/p>\n<p><strong>\ud83d\udcf7 Fontos tudni a k\u00e9pekr<\/strong><strong>\u0151<\/strong><strong>l<\/strong><\/p>\n<p><strong>A webshopban szerepl<\/strong><strong>\u0151<\/strong><strong> k\u00e9pek illusztr\u00e1ci\u00f3k, a n\u00f6v\u00e9nyek term\u00e9szet\u00fckn\u00e9l fogva egyediek, \u00edgy m\u00e9retben, alakban \u00e9s sz\u00ednben minim\u00e1lis elt\u00e9r\u00e9sek el<\/strong><strong>\u0151<\/strong><strong>fordulhatnak a k\u00e9pen l\u00e1that\u00f3 \u00e9s a val\u00f3s p\u00e9ld\u00e1nyok k\u00f6z\u00f6tt.<\/strong><\/p>\n<p><strong>\ud83e\uddfe \u00c1rak \u00e9s el\u00e1ll\u00e1si jog<\/strong><\/p>\n<ul>\n<li><strong>Az \u00e1rak egy darab\u00a0n\u00f6v\u00e9nyre vonatkoznak.<\/strong><\/li>\n<li><strong>\u00c9l<\/strong><strong>\u0151<\/strong><strong> n\u00f6v\u00e9nyek rendel\u00e9se eset\u00e9n a 14 napos el\u00e1ll\u00e1s joga nem \u00e9rv\u00e9nyes\u00edthet<\/strong><strong>\u0151<\/strong><strong>, mivel azok romland\u00f3, biol\u00f3giailag \u00e9l<\/strong><strong>\u0151<\/strong><strong> term\u00e9keknek min<\/strong><strong>\u0151<\/strong><strong>s\u00fclnek.<br \/>\n\ud83d\udd12 (17\/1999. (II. 5.) Korm. rendelet 5. \u00a7 c) pontja alapj\u00e1n)<\/strong><\/li>\n<\/ul>\n<p><strong>\ud83d\udce6 K\u00e9zbes\u00edt\u00e9s ut\u00e1ni teend<\/strong><strong>\u0151<\/strong><strong>k<\/strong><\/p>\n<p><strong>A k\u00e9zbes\u00edt\u00e9st k\u00f6vet<\/strong><strong>\u0151<\/strong><strong>en a csomagot azonnal bontsuk ki, \u00e9s a n\u00f6v\u00e9nyt helyezz\u00fck el megfelel<\/strong><strong>\u0151<\/strong><strong> k\u00f6rnyezetben.<br \/>\nFontos: ha a n\u00f6v\u00e9ny nem r\u00e9szes\u00fcl megfelel<\/strong><strong>\u0151<\/strong><strong> gondoz\u00e1sban \u00e9s ennek k\u00f6vetkezt\u00e9ben k\u00e1rosodik vagy elpusztul, felel<\/strong><strong>\u0151<\/strong><strong>ss\u00e9get nem tudunk v\u00e1llalni.<\/strong><\/p>","protected":false},"featured_media":26019,"template":"","meta":{"_et_pb_use_builder":"","_et_pb_old_content":"","_et_gb_content_width":""},"product_brand":[],"product_cat":[2523],"product_tag":[7899,54,7898,4417],"class_list":{"0":"post-26018","1":"product","2":"type-product","3":"status-publish","4":"has-post-thumbnail","6":"product_cat-szobanovenyek","7":"product_tag-csodacserje","8":"product_tag-disznoveny","9":"product_tag-kroton","10":"product_tag-szobanoveny","12":"first","13":"instock","14":"shipping-taxable","15":"purchasable","16":"product-type-simple"},"yoast_head":"<!-- This site is optimized with the Yoast SEO plugin v27.5 - https:\/\/yoast.com\/product\/yoast-seo-wordpress\/ -->\n<title>Kroton-csodacserje CODIAEUM VARIEGATUM - T\u00e1jkert\u00e9sz<\/title>\n<meta name=\"description\" content=\"Kroton-csodacserje CODIAEUM VARIEGATUM. \u00c9l\u00e9nk, v\u00e1ltozatos sz\u00edn\u0171 (z\u00f6ld, s\u00e1rga, narancss\u00e1rga, v\u00f6r\u00f6s, r\u00f3zsasz\u00edn) levelei miatt kedvelik.\" \/>\n<meta name=\"robots\" content=\"index, follow, max-snippet:-1, max-image-preview:large, max-video-preview:-1\" \/>\n<link rel=\"canonical\" href=\"https:\/\/tajkertesz.com\/en_US\/product\/kroton-csodacserje-codiaeum-variegatum\/\" \/>\n<meta property=\"og:locale\" content=\"en_US\" \/>\n<meta property=\"og:type\" content=\"article\" \/>\n<meta property=\"og:title\" content=\"Kroton-csodacserje CODIAEUM VARIEGATUM - T\u00e1jkert\u00e9sz\" \/>\n<meta property=\"og:description\" content=\"Kroton-csodacserje CODIAEUM VARIEGATUM. \u00c9l\u00e9nk, v\u00e1ltozatos sz\u00edn\u0171 (z\u00f6ld, s\u00e1rga, narancss\u00e1rga, v\u00f6r\u00f6s, r\u00f3zsasz\u00edn) levelei miatt kedvelik.\" \/>\n<meta property=\"og:url\" content=\"https:\/\/tajkertesz.com\/en_US\/product\/kroton-csodacserje-codiaeum-variegatum\/\" \/>\n<meta property=\"og:site_name\" content=\"T\u00e1jkert\u00e9sz\" \/>\n<meta property=\"article:publisher\" content=\"https:\/\/www.facebook.com\/Tajkertesz\/\" \/>\n<meta property=\"article:modified_time\" content=\"2026-01-30T07:56:55+00:00\" \/>\n<meta property=\"og:image\" content=\"https:\/\/tajkertesz.com\/wp-content\/uploads\/2026\/01\/623364754_1328063866003351_7869323838202456285_n-1.jpg\" \/>\n\t<meta property=\"og:image:width\" content=\"1153\" \/>\n\t<meta property=\"og:image:height\" content=\"2048\" \/>\n\t<meta property=\"og:image:type\" content=\"image\/jpeg\" \/>\n<meta name=\"twitter:card\" content=\"summary_large_image\" \/>\n<meta name=\"twitter:label1\" content=\"Est. reading time\" \/>\n\t<meta name=\"twitter:data1\" content=\"2 minutes\" \/>\n<script type=\"application\/ld+json\" class=\"yoast-schema-graph\">{\"@context\":\"https:\\\/\\\/schema.org\",\"@graph\":[{\"@type\":\"WebPage\",\"@id\":\"https:\\\/\\\/tajkertesz.com\\\/termek\\\/kroton-csodacserje-codiaeum-variegatum\\\/\",\"url\":\"https:\\\/\\\/tajkertesz.com\\\/termek\\\/kroton-csodacserje-codiaeum-variegatum\\\/\",\"name\":\"Kroton-csodacserje CODIAEUM VARIEGATUM - T\u00e1jkert\u00e9sz\",\"isPartOf\":{\"@id\":\"https:\\\/\\\/tajkertesz.com\\\/#website\"},\"primaryImageOfPage\":{\"@id\":\"https:\\\/\\\/tajkertesz.com\\\/termek\\\/kroton-csodacserje-codiaeum-variegatum\\\/#primaryimage\"},\"image\":{\"@id\":\"https:\\\/\\\/tajkertesz.com\\\/termek\\\/kroton-csodacserje-codiaeum-variegatum\\\/#primaryimage\"},\"thumbnailUrl\":\"https:\\\/\\\/tajkertesz.com\\\/wp-content\\\/uploads\\\/2026\\\/01\\\/623364754_1328063866003351_7869323838202456285_n-1.jpg\",\"datePublished\":\"2026-01-30T07:49:08+00:00\",\"dateModified\":\"2026-01-30T07:56:55+00:00\",\"description\":\"Kroton-csodacserje CODIAEUM VARIEGATUM. \u00c9l\u00e9nk, v\u00e1ltozatos sz\u00edn\u0171 (z\u00f6ld, s\u00e1rga, narancss\u00e1rga, v\u00f6r\u00f6s, r\u00f3zsasz\u00edn) levelei miatt kedvelik.\",\"breadcrumb\":{\"@id\":\"https:\\\/\\\/tajkertesz.com\\\/termek\\\/kroton-csodacserje-codiaeum-variegatum\\\/#breadcrumb\"},\"inLanguage\":\"en-US\",\"potentialAction\":[{\"@type\":\"ReadAction\",\"target\":[\"https:\\\/\\\/tajkertesz.com\\\/termek\\\/kroton-csodacserje-codiaeum-variegatum\\\/\"]}]},{\"@type\":\"ImageObject\",\"inLanguage\":\"en-US\",\"@id\":\"https:\\\/\\\/tajkertesz.com\\\/termek\\\/kroton-csodacserje-codiaeum-variegatum\\\/#primaryimage\",\"url\":\"https:\\\/\\\/tajkertesz.com\\\/wp-content\\\/uploads\\\/2026\\\/01\\\/623364754_1328063866003351_7869323838202456285_n-1.jpg\",\"contentUrl\":\"https:\\\/\\\/tajkertesz.com\\\/wp-content\\\/uploads\\\/2026\\\/01\\\/623364754_1328063866003351_7869323838202456285_n-1.jpg\",\"width\":1153,\"height\":2048,\"caption\":\"Kroton-csodacserje CODIAEUM VARIEGATUM\"},{\"@type\":\"BreadcrumbList\",\"@id\":\"https:\\\/\\\/tajkertesz.com\\\/termek\\\/kroton-csodacserje-codiaeum-variegatum\\\/#breadcrumb\",\"itemListElement\":[{\"@type\":\"ListItem\",\"position\":1,\"name\":\"Home\",\"item\":\"https:\\\/\\\/tajkertesz.com\\\/\"},{\"@type\":\"ListItem\",\"position\":2,\"name\":\"Kezd\u0151lap\",\"item\":\"https:\\\/\\\/tajkertesz.com\\\/\"},{\"@type\":\"ListItem\",\"position\":3,\"name\":\"Kroton-csodacserje CODIAEUM VARIEGATUM\"}]},{\"@type\":\"WebSite\",\"@id\":\"https:\\\/\\\/tajkertesz.com\\\/#website\",\"url\":\"https:\\\/\\\/tajkertesz.com\\\/\",\"name\":\"T\u00e1j-Kert\u00e9sz 84 Kft.\",\"description\":\"Kert\u00e9szeti kis- \u00e9s nagykeresked\u00e9s, D\u00edszn\u00f6v\u00e9ny web\u00e1ruh\u00e1z orsz\u00e1gos h\u00e1zhozsz\u00e1ll\u00edt\u00e1ssal!\",\"publisher\":{\"@id\":\"https:\\\/\\\/tajkertesz.com\\\/#organization\"},\"potentialAction\":[{\"@type\":\"SearchAction\",\"target\":{\"@type\":\"EntryPoint\",\"urlTemplate\":\"https:\\\/\\\/tajkertesz.com\\\/?s={search_term_string}\"},\"query-input\":{\"@type\":\"PropertyValueSpecification\",\"valueRequired\":true,\"valueName\":\"search_term_string\"}}],\"inLanguage\":\"en-US\"},{\"@type\":\"Organization\",\"@id\":\"https:\\\/\\\/tajkertesz.com\\\/#organization\",\"name\":\"T\u00e1j-Kert\u00e9sz 84 Kft.\",\"url\":\"https:\\\/\\\/tajkertesz.com\\\/\",\"logo\":{\"@type\":\"ImageObject\",\"inLanguage\":\"en-US\",\"@id\":\"https:\\\/\\\/tajkertesz.com\\\/#\\\/schema\\\/logo\\\/image\\\/\",\"url\":\"https:\\\/\\\/tajkertesz.com\\\/wp-content\\\/uploads\\\/2018\\\/02\\\/logo-2-e1518678052539.png\",\"contentUrl\":\"https:\\\/\\\/tajkertesz.com\\\/wp-content\\\/uploads\\\/2018\\\/02\\\/logo-2-e1518678052539.png\",\"width\":81,\"height\":140,\"caption\":\"T\u00e1j-Kert\u00e9sz 84 Kft.\"},\"image\":{\"@id\":\"https:\\\/\\\/tajkertesz.com\\\/#\\\/schema\\\/logo\\\/image\\\/\"},\"sameAs\":[\"https:\\\/\\\/www.facebook.com\\\/Tajkertesz\\\/\"]}]}<\/script>\n<!-- \/ Yoast SEO plugin. -->","yoast_head_json":{"title":"Kroton-csodacserje CODIAEUM VARIEGATUM - T\u00e1jkert\u00e9sz","description":"Kroton-csodacserje CODIAEUM VARIEGATUM. \u00c9l\u00e9nk, v\u00e1ltozatos sz\u00edn\u0171 (z\u00f6ld, s\u00e1rga, narancss\u00e1rga, v\u00f6r\u00f6s, r\u00f3zsasz\u00edn) levelei miatt kedvelik.","robots":{"index":"index","follow":"follow","max-snippet":"max-snippet:-1","max-image-preview":"max-image-preview:large","max-video-preview":"max-video-preview:-1"},"canonical":"https:\/\/tajkertesz.com\/en_US\/product\/kroton-csodacserje-codiaeum-variegatum\/","og_locale":"en_US","og_type":"article","og_title":"Kroton-csodacserje CODIAEUM VARIEGATUM - T\u00e1jkert\u00e9sz","og_description":"Kroton-csodacserje CODIAEUM VARIEGATUM. \u00c9l\u00e9nk, v\u00e1ltozatos sz\u00edn\u0171 (z\u00f6ld, s\u00e1rga, narancss\u00e1rga, v\u00f6r\u00f6s, r\u00f3zsasz\u00edn) levelei miatt kedvelik.","og_url":"https:\/\/tajkertesz.com\/en_US\/product\/kroton-csodacserje-codiaeum-variegatum\/","og_site_name":"T\u00e1jkert\u00e9sz","article_publisher":"https:\/\/www.facebook.com\/Tajkertesz\/","article_modified_time":"2026-01-30T07:56:55+00:00","og_image":[{"width":1153,"height":2048,"url":"https:\/\/tajkertesz.com\/wp-content\/uploads\/2026\/01\/623364754_1328063866003351_7869323838202456285_n-1.jpg","type":"image\/jpeg"}],"twitter_card":"summary_large_image","twitter_misc":{"Est. reading time":"2 minutes"},"schema":{"@context":"https:\/\/schema.org","@graph":[{"@type":"WebPage","@id":"https:\/\/tajkertesz.com\/termek\/kroton-csodacserje-codiaeum-variegatum\/","url":"https:\/\/tajkertesz.com\/termek\/kroton-csodacserje-codiaeum-variegatum\/","name":"Kroton-csodacserje CODIAEUM VARIEGATUM - T\u00e1jkert\u00e9sz","isPartOf":{"@id":"https:\/\/tajkertesz.com\/#website"},"primaryImageOfPage":{"@id":"https:\/\/tajkertesz.com\/termek\/kroton-csodacserje-codiaeum-variegatum\/#primaryimage"},"image":{"@id":"https:\/\/tajkertesz.com\/termek\/kroton-csodacserje-codiaeum-variegatum\/#primaryimage"},"thumbnailUrl":"https:\/\/tajkertesz.com\/wp-content\/uploads\/2026\/01\/623364754_1328063866003351_7869323838202456285_n-1.jpg","datePublished":"2026-01-30T07:49:08+00:00","dateModified":"2026-01-30T07:56:55+00:00","description":"Kroton-csodacserje CODIAEUM VARIEGATUM. \u00c9l\u00e9nk, v\u00e1ltozatos sz\u00edn\u0171 (z\u00f6ld, s\u00e1rga, narancss\u00e1rga, v\u00f6r\u00f6s, r\u00f3zsasz\u00edn) levelei miatt kedvelik.","breadcrumb":{"@id":"https:\/\/tajkertesz.com\/termek\/kroton-csodacserje-codiaeum-variegatum\/#breadcrumb"},"inLanguage":"en-US","potentialAction":[{"@type":"ReadAction","target":["https:\/\/tajkertesz.com\/termek\/kroton-csodacserje-codiaeum-variegatum\/"]}]},{"@type":"ImageObject","inLanguage":"en-US","@id":"https:\/\/tajkertesz.com\/termek\/kroton-csodacserje-codiaeum-variegatum\/#primaryimage","url":"https:\/\/tajkertesz.com\/wp-content\/uploads\/2026\/01\/623364754_1328063866003351_7869323838202456285_n-1.jpg","contentUrl":"https:\/\/tajkertesz.com\/wp-content\/uploads\/2026\/01\/623364754_1328063866003351_7869323838202456285_n-1.jpg","width":1153,"height":2048,"caption":"Kroton-csodacserje CODIAEUM VARIEGATUM"},{"@type":"BreadcrumbList","@id":"https:\/\/tajkertesz.com\/termek\/kroton-csodacserje-codiaeum-variegatum\/#breadcrumb","itemListElement":[{"@type":"ListItem","position":1,"name":"Home","item":"https:\/\/tajkertesz.com\/"},{"@type":"ListItem","position":2,"name":"Kezd\u0151lap","item":"https:\/\/tajkertesz.com\/"},{"@type":"ListItem","position":3,"name":"Kroton-csodacserje CODIAEUM VARIEGATUM"}]},{"@type":"WebSite","@id":"https:\/\/tajkertesz.com\/#website","url":"https:\/\/tajkertesz.com\/","name":"T\u00e1j-Kert\u00e9sz 84 Kft.","description":"Kert\u00e9szeti kis- \u00e9s nagykeresked\u00e9s, D\u00edszn\u00f6v\u00e9ny web\u00e1ruh\u00e1z orsz\u00e1gos h\u00e1zhozsz\u00e1ll\u00edt\u00e1ssal!","publisher":{"@id":"https:\/\/tajkertesz.com\/#organization"},"potentialAction":[{"@type":"SearchAction","target":{"@type":"EntryPoint","urlTemplate":"https:\/\/tajkertesz.com\/?s={search_term_string}"},"query-input":{"@type":"PropertyValueSpecification","valueRequired":true,"valueName":"search_term_string"}}],"inLanguage":"en-US"},{"@type":"Organization","@id":"https:\/\/tajkertesz.com\/#organization","name":"T\u00e1j-Kert\u00e9sz 84 Kft.","url":"https:\/\/tajkertesz.com\/","logo":{"@type":"ImageObject","inLanguage":"en-US","@id":"https:\/\/tajkertesz.com\/#\/schema\/logo\/image\/","url":"https:\/\/tajkertesz.com\/wp-content\/uploads\/2018\/02\/logo-2-e1518678052539.png","contentUrl":"https:\/\/tajkertesz.com\/wp-content\/uploads\/2018\/02\/logo-2-e1518678052539.png","width":81,"height":140,"caption":"T\u00e1j-Kert\u00e9sz 84 Kft."},"image":{"@id":"https:\/\/tajkertesz.com\/#\/schema\/logo\/image\/"},"sameAs":["https:\/\/www.facebook.com\/Tajkertesz\/"]}]}},"_links":{"self":[{"href":"https:\/\/tajkertesz.com\/en_US\/wp-json\/wp\/v2\/product\/26018","targetHints":{"allow":["GET"]}}],"collection":[{"href":"https:\/\/tajkertesz.com\/en_US\/wp-json\/wp\/v2\/product"}],"about":[{"href":"https:\/\/tajkertesz.com\/en_US\/wp-json\/wp\/v2\/types\/product"}],"wp:featuredmedia":[{"embeddable":true,"href":"https:\/\/tajkertesz.com\/en_US\/wp-json\/wp\/v2\/media\/26019"}],"wp:attachment":[{"href":"https:\/\/tajkertesz.com\/en_US\/wp-json\/wp\/v2\/media?parent=26018"}],"wp:term":[{"taxonomy":"product_brand","embeddable":true,"href":"https:\/\/tajkertesz.com\/en_US\/wp-json\/wp\/v2\/product_brand?post=26018"},{"taxonomy":"product_cat","embeddable":true,"href":"https:\/\/tajkertesz.com\/en_US\/wp-json\/wp\/v2\/product_cat?post=26018"},{"taxonomy":"product_tag","embeddable":true,"href":"https:\/\/tajkertesz.com\/en_US\/wp-json\/wp\/v2\/product_tag?post=26018"}],"curies":[{"name":"wp","href":"https:\/\/api.w.org\/{rel}","templated":true}]}}